{"id":1474830,"date":"2025-11-11T12:32:58","date_gmt":"2025-11-11T12:32:58","guid":{"rendered":"https:\/\/talkpal.ai\/arnavutca-dilbilgisi-alistirmalari\/"},"modified":"2025-12-30T15:38:33","modified_gmt":"2025-12-30T15:38:33","slug":"arnavutca-dilbilgisi-alistirmalari","status":"publish","type":"page","link":"https:\/\/talkpal.ai\/tr\/arnavutca-dilbilgisi-alistirmalari\/","title":{"rendered":"Arnavut\u00e7a Dilbilgisi Al\u0131\u015ft\u0131rmalar\u0131"},"content":{"rendered":"\r\n\r\n\r\n<section class=\"languageChallengeSection\">\r\n    <div class=\"languageInfoWrapper\">\r\n        \r\n        <h1>Arnavut\u00e7a Dilbilgisi Al\u0131\u015ft\u0131rmalar\u0131<\/h1>\r\n        <p>Arnavut\u00e7a dilbilgisine dalmaya haz\u0131r m\u0131s\u0131n\u0131z? Birka\u00e7 temel pratik yapmak, bu e\u015fsiz ve g\u00fczel dile al\u0131\u015fman\u0131za yard\u0131mc\u0131 olacakt\u0131r. Kendinize g\u00fcveninizi art\u0131rmak ve bu arada biraz e\u011flenmek i\u00e7in bu egzersizleri deneyin!<\/p>\r\n\r\n                            <a class=\"getStartedHidden\" href=\"https:\/\/app.talkpal.ai\/tr\/signup?lng=\">Hadi ba\u015fla<\/a>\r\n        \r\n    <\/div>\r\n\r\n    <figure>\r\n    <img decoding=\"async\" width=\"768\" height=\"768\" src=\"https:\/\/talkpal.ai\/wp-content\/uploads\/2023\/06\/welsh-768x768.png\" class=\"languageImage no-lazy\" alt=\"Language learning for better cognitive abilities\" fetchpriority=\"high\" sizes=\"(max-width: 768px) 150px, 768px\" srcset=\"https:\/\/talkpal.ai\/wp-content\/uploads\/2023\/06\/welsh-768x768.png 768w, https:\/\/talkpal.ai\/wp-content\/uploads\/2023\/06\/welsh-300x300.png 300w\" \/>\r\n    \r\n\r\n    <\/figure>\r\n\r\n            <a class=\"getStartedVisible\" href=\"https:\/\/app.talkpal.ai\/tr\/signup?lng=\">Hadi ba\u015fla<\/a>\r\n    \r\n<\/section><section class=\"promotionalBanner\">\r\n    <p class=\"promotionalText\">Dil \u00f6\u011frenmenin en etkili yolu<\/p>\r\n    <a class=\"promotionalLink\" href=\"https:\/\/app.talkpal.ai\/tr\/signup?lng=\">Talkpal \u00fccretsiz deneyin<\/a>\r\n<\/section>\n<div class=\"wp-block-group pageContainerStyle\"><div class=\"wp-block-group__inner-container is-layout-constrained wp-block-group-is-layout-constrained\">\n<h2 class=\"wp-block-heading\" id=\"h-albanian-grammar-topics\">Arnavut\u00e7a Dilbilgisi Konular\u0131<\/h2>\n\n\n\n<p><a href=\"https:\/\/talkpal.ai\/tr\/yeni-bir-dil-ogrenirken-kacinilmasi-gereken-en-buyuk-hatalar\/\">Yeni bir dil \u00f6\u011frenmek<\/a> zorlu <a href=\"https:\/\/talkpal.ai\/locations\/language-courses-in-ama\/\">ama<\/a> \u00f6d\u00fcllendirici bir \u00e7aba olabilir. Esas olarak Arnavutluk&#8217;ta konu\u015fulan bir Hint-Avrupa dili olan Arnavut\u00e7a da bir istisna de\u011fildir. E\u015fsiz \u00f6zellikleri ve yap\u0131lar\u0131yla Arnavut\u00e7a <a href=\"https:\/\/talkpal.ai\/tr\/egitim-icin-talkpal\/\">\u00f6\u011frenmek<\/a> , zengin dilbilgisini anlamak i\u00e7in sistematik bir yakla\u015f\u0131m gerektirir. Bu k\u0131lavuz, <a href=\"https:\/\/talkpal.ai\/tr\/arnavutca-dilbilgisi\/\">Arnavut\u00e7a dilbilgisinin<\/a> temel alanlar\u0131n\u0131, isimler ve artikeller gibi temel bilgilerden ba\u015flayarak ve zamanlar ve c\u00fcmle yap\u0131s\u0131 gibi daha karma\u015f\u0131k alanlara do\u011fru ilerleyerek <a href=\"https:\/\/talkpal.ai\/tr\/dil-ogrenimi-icin-yapay-zeka-chatbotu\/\">dil \u00f6\u011frenimi<\/a> i\u00e7in mant\u0131ksal bir s\u0131rayla \u00f6zetlemektedir.<\/p>\n\n\n\n<h3 class=\"wp-block-heading\" id=\"h-1-nouns\">1. \u0130simler:<\/h3>\n\n\n\n<p>Arnavut\u00e7a dil yolculu\u011funuza isimleri \u00f6\u011frenerek ba\u015flay\u0131n. Bu, cinsiyet ve say\u0131y\u0131, ortak ve \u00f6zel isimleri ve bunlar\u0131n \u00e7o\u011ful bi\u00e7imlerini anlamay\u0131 i\u00e7erir. Arnavut\u00e7a isimler de durum i\u00e7in \u00e7ekimlidir ve hem belirsiz hem de belirli bi\u00e7imlere sahiptir, kesinlik genellikle isme eklenen bir son ekle i\u015faretlenir.<\/p>\n\n\n\n<h3 class=\"wp-block-heading\" id=\"h-2-articles\">2. Makaleler:<\/h3>\n\n\n\n<p>Arnavut\u00e7a makaleler <a href=\"https:\/\/talkpal.ai\/ai-english-speaking-practice\/\">\u0130ngilizce&#8217;den<\/a> farkl\u0131 \u00e7al\u0131\u015f\u0131r. Belirli artikel tipik olarak isme eklenen bir son ektir, belirsiz artikel ise tekil olarak ayr\u0131 bir kelime olan nj\u00eb&#8217;dir. Arnavut\u00e7a ayr\u0131ca s\u0131fatlardan \u00f6nce ve baz\u0131 tamlama yap\u0131lar\u0131nda cinsiyet ve say\u0131 a\u00e7\u0131s\u0131ndan uyumlu olan bir ba\u011flant\u0131 artikeli kullan\u0131r.<\/p>\n\n\n\n<h3 class=\"wp-block-heading\" id=\"h-3-adjectives\">3. S\u0131fatlar:<\/h3>\n\n\n\n<p>Arnavut\u00e7a&#8217;da s\u0131fatlar genellikle isimlerinden sonra gelir. Uyum, s\u0131fat\u0131n \u00f6n\u00fcne yerle\u015ftirilen, ismin cinsiyetini, say\u0131s\u0131n\u0131 ve durumunu yans\u0131tan ba\u011flant\u0131 makalesi arac\u0131l\u0131\u011f\u0131yla g\u00f6sterilir. Kar\u015f\u0131la\u015ft\u0131rmal\u0131 ve \u00fcst\u00fcnl\u00fck ifadeleri nas\u0131l olu\u015fturaca\u011f\u0131n\u0131z\u0131 \u00f6\u011frenin, genellikle kar\u015f\u0131la\u015ft\u0131rmal\u0131 i\u00e7in m\u00eb ve \u00fcst\u00fcnl\u00fck i\u00e7in belirli bi\u00e7im.<\/p>\n\n\n\n<h3 class=\"wp-block-heading\" id=\"h-4-pronouns-determiners\">4. Zamirler\/Belirleyiciler:<\/h3>\n\n\n\n<p>Arnavut\u00e7a&#8217;da zamirler ve belirleyiciler \u00f6nemlidir; \u0130simlerin yerini al\u0131rlar ve ki\u015fi, sahiplik, miktar ve daha fazlas\u0131 hakk\u0131nda bilgi sa\u011flarlar. Genellikle fiilden \u00f6nce g\u00f6r\u00fcnen klitik nesne zamirlerine ve de\u011fi\u015ftirdikleri isimle ayn\u0131 fikirde olan iyelik belirleyicilerine \u00f6zellikle dikkat edin.<\/p>\n\n\n\n<h3 class=\"wp-block-heading\" id=\"h-5-verbs\">5. Fiiller:<\/h3>\n\n\n\n<p>Arnavut\u00e7a fiiller ki\u015fi ve say\u0131 i\u00e7in bi\u00e7im de\u011fi\u015ftirir ve g\u00f6sterge, dilek kipi, emir kipi, ko\u015fullu ve takdire \u015fayan gibi \u00e7e\u015fitli ruh hallerinde kullan\u0131l\u0131r. \u015eimdiki zaman ve yayg\u0131n ge\u00e7mi\u015f formlarla ba\u015flay\u0131n, ard\u0131ndan pasif olu\u015fumlar da dahil olmak \u00fczere di\u011fer ruh hallerine ve seslere do\u011fru geni\u015fletin.<\/p>\n\n\n\n<h3 class=\"wp-block-heading\" id=\"h-6-tenses\">6. Zamanlar:<\/h3>\n\n\n\n<p>Fiil formlar\u0131nda ustala\u015ft\u0131ktan sonra Arnavut\u00e7a zamanlar\u0131n derinliklerine inin. Anahtar zamanlar \u015fimdiki zaman, kusurlu, aorist, \u015fimdiki m\u00fckemmel, \u00e7o\u011ful ve gelecek bi\u00e7imlerini i\u00e7erir. Tamamlanan eylemleri, devam eden ge\u00e7mi\u015f eylemleri ve gelecekteki olaylar\u0131 ifade etmek i\u00e7in her zaman\u0131n ba\u011flam i\u00e7inde nas\u0131l kullan\u0131ld\u0131\u011f\u0131n\u0131 \u00f6\u011frenin.<\/p>\n\n\n\n<h3 class=\"wp-block-heading\" id=\"h-7-tense-comparison\">7. Gergin Kar\u015f\u0131la\u015ft\u0131rma:<\/h3>\n\n\n\n<p>Arnavut\u00e7a&#8217;daki zamanlar\u0131 kar\u015f\u0131la\u015ft\u0131rmak, olaylar\u0131n s\u0131ras\u0131n\u0131 ve y\u00f6n\u00fcn\u00fc anlamaya yard\u0131mc\u0131 olur. Arnavut\u00e7a&#8217;n\u0131n tamamlanm\u0131\u015f tek eylemleri, devam eden ge\u00e7mi\u015f eylemleri ve \u015fimdiki alaka d\u00fczeyini nas\u0131l ay\u0131rt etti\u011fini g\u00f6rmek i\u00e7in aorist&#8217;i \u015fimdiki m\u00fckemmelle ve kusurluyu aorist ile kar\u015f\u0131la\u015ft\u0131r\u0131n.<\/p>\n\n\n\n<h3 class=\"wp-block-heading\" id=\"h-8-progressive\">8. \u0130lerici:<\/h3>\n\n\n\n<p>Arnavut\u00e7a&#8217;da ilerici y\u00f6n genellikle sonlu fiilden \u00f6nce po par\u00e7ac\u0131\u011f\u0131yla veya jam duke yap\u0131s\u0131yla ve ard\u0131ndan fiil ismi veya ortac\u0131yla ifade edilir. Bunlar\u0131 \u015fu anda veya ge\u00e7mi\u015fte devam eden eylemleri ifade etmek i\u00e7in kullan\u0131n.<\/p>\n\n\n\n<h3 class=\"wp-block-heading\" id=\"h-9-perfect-progressive\">9. M\u00fckemmel \u0130lerici:<\/h3>\n\n\n\n<p>Bu y\u00f6n, belirli bir noktaya kadar devam eden eylemleri ifade etmek i\u00e7in kullan\u0131l\u0131r. Arnavut\u00e7a&#8217;da, kam qen\u00eb d\u00fck\u00fc ve ard\u0131ndan \u015fimdiki m\u00fckemmel ilerici i\u00e7in orta\u00e7 ve ge\u00e7mi\u015f m\u00fckemmel ilerici i\u00e7in kisha qen\u00eb d\u00fck\u00fc ile olu\u015fturulur.<\/p>\n\n\n\n<h3 class=\"wp-block-heading\" id=\"h-10-conditionals\">10. Ko\u015fullar:<\/h3>\n\n\n\n<p>Ko\u015fullar, varsay\u0131msal durumlar\u0131 ve olas\u0131 sonu\u00e7lar\u0131n\u0131 ifade eder. Arnavut\u00e7a, potansiyel veya ger\u00e7ek d\u0131\u015f\u0131 durumlar i\u00e7in do t\u00eb art\u0131 uygun fiil formu i\u00e7eren formlar\u0131 ve n\u00ebse veya po t\u00eb taraf\u0131ndan tan\u0131t\u0131lan if c\u00fcmleciklerini kullan\u0131r. Bunlarda ustala\u015fmak dil becerilerinize n\u00fcans katacakt\u0131r.<\/p>\n\n\n\n<h3 class=\"wp-block-heading\" id=\"h-11-adverbs\">11. Zarflar:<\/h3>\n\n\n\n<p>Arnavut\u00e7a&#8217;daki zarflar fiilleri, s\u0131fatlar\u0131 veya di\u011fer zarflar\u0131 de\u011fi\u015ftirir. Genellikle s\u0131fatlarla ayn\u0131 formlar\u0131 veya tani, dje, k\u00ebtu ve atje gibi sabit zarf s\u00f6zc\u00fcklerini kullanarak tarz, yer, zaman, derece ve daha fazlas\u0131 hakk\u0131nda bilgi sa\u011flarlar.<\/p>\n\n\n\n<h3 class=\"wp-block-heading\" id=\"h-12-prepositions\">12. Edatlar:<\/h3>\n\n\n\n<p>Edatlar kelimeleri ve c\u00fcmleleri birbirine ba\u011flar. n\u00eb, te, tek, me, pa, p\u00ebr, nga, mbi, n\u00ebn, para ve pas gibi ortak \u00f6\u011feleri kullanarak zaman, yer, y\u00f6n ve daha fazlas\u0131n\u0131 ifade ederler. \u0130sim tamlamalar\u0131nda durumlar ve ba\u011flant\u0131 makalesi ile nas\u0131l birle\u015ftiklerini \u00f6\u011frenin.<\/p>\n\n\n\n<h3 class=\"wp-block-heading\" id=\"h-13-sentences\">13. C\u00fcmleler:<\/h3>\n\n\n\n<p>Son olarak, c\u00fcmle kurma al\u0131\u015ft\u0131rmas\u0131 yap\u0131n. Arnavut\u00e7a tipik olarak ortak bir SVO kal\u0131b\u0131na sahip esnek kelime s\u0131ras\u0131na sahiptir, fiilden \u00f6nce klitik zamirler kullan\u0131r, nuk ile olumsuzlar ve tonlama veya a ile sorular olu\u015fturur. Daha \u00f6nce \u00f6\u011frenilen t\u00fcm gramer konular\u0131n\u0131 ba\u011flam i\u00e7inde kullanmak, Arnavut dilinin kapsaml\u0131 bir \u015fekilde anla\u015f\u0131lmas\u0131n\u0131 sa\u011flayacakt\u0131r.<\/p>\n<\/div><\/div>\n\r\n<section class=\"learnNavigationSection\">\r\n            \r\n        <a href=\"https:\/\/talkpal.ai\/tr\/arnavutca-ogren\/\">\r\n            <div class=\"learnNavigationWrapper\">\r\n                <div class=\"learnNavigationContent\">\r\n                    <img decoding=\"async\" src=\"https:\/\/talkpal.ai\/wp-content\/uploads\/2025\/11\/Albanian.png\" alt=\"Albanian Flag\">\r\n                    <div>\r\n                        <h4>Arnavut\u00e7a \u00d6\u011frenme Hakk\u0131nda<\/h4>\r\n                        <p>Arnavut\u00e7a Dilbilgisi hakk\u0131nda her \u015feyi \u00f6\u011frenin.<\/p>\r\n                    <\/div>\r\n                <\/div>\r\n            <\/div>\r\n        <\/a>\r\n\r\n        \r\n        <a href=\"https:\/\/talkpal.ai\/tr\/arnavutca-dilbilgisi\/\">\r\n            <div class=\"learnNavigationWrapper\">\r\n                <div class=\"learnNavigationContent\">\r\n                    <img decoding=\"async\" src=\"https:\/\/talkpal.ai\/wp-content\/uploads\/2025\/11\/Albanian.png\" alt=\"Albanian Flag\">\r\n                    <div>\r\n                        <h4>Arnavut\u00e7a Dilbilgisi Dersleri<\/h4>\r\n                        <p>Arnavut\u00e7a dilbilgisi prati\u011fi yap\u0131n.<\/p>\r\n                    <\/div>\r\n                <\/div>\r\n            <\/div>\r\n        <\/a>\r\n\r\n            <\/section>","protected":false},"excerpt":{"rendered":"<p>Arnavut\u00e7a Dilbilgisi Konular\u0131 Yeni bir dil \u00f6\u011frenmek zorlu ama \u00f6d\u00fcllendirici bir \u00e7aba olabilir. Esas olarak Arnavutluk&#8217;ta konu\u015fulan bir Hint-Avrupa dili olan Arnavut\u00e7a da bir istisna de\u011fildir. E\u015fsiz \u00f6zellikleri ve yap\u0131lar\u0131yla Arnavut\u00e7a \u00f6\u011frenmek , zengin dilbilgisini anlamak i\u00e7in sistematik bir yakla\u015f\u0131m gerektirir. Bu k\u0131lavuz, Arnavut\u00e7a dilbilgisinin temel alanlar\u0131n\u0131, isimler ve artikeller gibi temel bilgilerden ba\u015flayarak ve [&hellip;]<\/p>\n","protected":false},"author":20,"featured_media":0,"parent":0,"menu_order":0,"comment_status":"closed","ping_status":"closed","template":"LearningContentPage.php","meta":{"_acf_changed":false,"footnotes":""},"class_list":["post-1474830","page","type-page","status-publish","hentry"],"acf":[],"yoast_head":"<!-- This site is optimized with the Yoast SEO Premium plugin v27.2 (Yoast SEO v27.2) - https:\/\/yoast.com\/product\/yoast-seo-premium-wordpress\/ -->\n<title>Arnavut\u00e7a Dilbilgisi Al\u0131\u015ft\u0131rmalar\u0131 - Talkpal<\/title>\n<meta name=\"description\" content=\"Talkpal&#039;\u0131n isimler, fiiller, zamanlar ve c\u00fcmle yap\u0131lar\u0131n\u0131 kapsayan interaktif dil bilgisi al\u0131\u015ft\u0131rmalar\u0131yla Arnavut\u00e7an\u0131z\u0131 geli\u015ftirin.\" \/>\n<meta name=\"robots\" content=\"index, follow, max-snippet:-1, max-image-preview:large, max-video-preview:-1\" \/>\n<link rel=\"canonical\" href=\"https:\/\/talkpal.ai\/tr\/arnavutca-dilbilgisi-alistirmalari\/\" \/>\n<meta property=\"og:locale\" content=\"tr_TR\" \/>\n<meta property=\"og:type\" content=\"article\" \/>\n<meta property=\"og:title\" content=\"Arnavut\u00e7a Dilbilgisi Al\u0131\u015ft\u0131rmalar\u0131\" \/>\n<meta property=\"og:description\" content=\"Arnavut\u00e7a Dilbilgisi Konular\u0131 Yeni bir dil \u00f6\u011frenmek zorlu ama \u00f6d\u00fcllendirici bir \u00e7aba olabilir. Esas olarak Arnavutluk&#039;ta konu\u015fulan bir Hint-Avrupa dili\" \/>\n<meta property=\"og:url\" content=\"https:\/\/talkpal.ai\/tr\/arnavutca-dilbilgisi-alistirmalari\/\" \/>\n<meta property=\"og:site_name\" content=\"Talkpal\" \/>\n<meta property=\"article:publisher\" content=\"https:\/\/www.facebook.com\/profile.php?id=100090733639311\" \/>\n<meta property=\"article:modified_time\" content=\"2025-12-30T15:38:33+00:00\" \/>\n<meta property=\"og:image\" content=\"https:\/\/talkpal.ai\/wp-content\/uploads\/2025\/02\/Progress-tab-16_9.png\" \/>\n\t<meta property=\"og:image:width\" content=\"2880\" \/>\n\t<meta property=\"og:image:height\" content=\"1620\" \/>\n\t<meta property=\"og:image:type\" content=\"image\/png\" \/>\n<meta name=\"twitter:card\" content=\"summary_large_image\" \/>\n<meta name=\"twitter:site\" content=\"@talkpalai\" \/>\n<meta name=\"twitter:label1\" content=\"Tahmini okuma s\u00fcresi\" \/>\n\t<meta name=\"twitter:data1\" content=\"4 dakika\" \/>\n<script type=\"application\/ld+json\" class=\"yoast-schema-graph\">{\"@context\":\"https:\/\/schema.org\",\"@graph\":[{\"@type\":\"WebPage\",\"@id\":\"https:\/\/talkpal.ai\/tr\/arnavutca-dilbilgisi-alistirmalari\/\",\"url\":\"https:\/\/talkpal.ai\/tr\/arnavutca-dilbilgisi-alistirmalari\/\",\"name\":\"Arnavut\u00e7a Dilbilgisi Al\u0131\u015ft\u0131rmalar\u0131 - Talkpal\",\"isPartOf\":{\"@id\":\"https:\/\/talkpal.ai\/tr\/#website\"},\"datePublished\":\"2025-11-11T12:32:58+00:00\",\"dateModified\":\"2025-12-30T15:38:33+00:00\",\"description\":\"Talkpal'\u0131n isimler, fiiller, zamanlar ve c\u00fcmle yap\u0131lar\u0131n\u0131 kapsayan interaktif dil bilgisi al\u0131\u015ft\u0131rmalar\u0131yla Arnavut\u00e7an\u0131z\u0131 geli\u015ftirin.\",\"breadcrumb\":{\"@id\":\"https:\/\/talkpal.ai\/tr\/arnavutca-dilbilgisi-alistirmalari\/#breadcrumb\"},\"inLanguage\":\"tr\",\"potentialAction\":[{\"@type\":\"ReadAction\",\"target\":[\"https:\/\/talkpal.ai\/tr\/arnavutca-dilbilgisi-alistirmalari\/\"]}]},{\"@type\":\"BreadcrumbList\",\"@id\":\"https:\/\/talkpal.ai\/tr\/arnavutca-dilbilgisi-alistirmalari\/#breadcrumb\",\"itemListElement\":[{\"@type\":\"ListItem\",\"position\":1,\"name\":\"Homepage\",\"item\":\"https:\/\/talkpal.ai\/tr\/\"},{\"@type\":\"ListItem\",\"position\":2,\"name\":\"Arnavut\u00e7a Dilbilgisi Al\u0131\u015ft\u0131rmalar\u0131\"}]},{\"@type\":\"WebSite\",\"@id\":\"https:\/\/talkpal.ai\/tr\/#website\",\"url\":\"https:\/\/talkpal.ai\/tr\/\",\"name\":\"Talkpal\",\"description\":\"AI Language Learning\",\"publisher\":{\"@id\":\"https:\/\/talkpal.ai\/tr\/#organization\"},\"alternateName\":\"Talkpal AI\",\"potentialAction\":[{\"@type\":\"SearchAction\",\"target\":{\"@type\":\"EntryPoint\",\"urlTemplate\":\"https:\/\/talkpal.ai\/tr\/?s={search_term_string}\"},\"query-input\":{\"@type\":\"PropertyValueSpecification\",\"valueRequired\":true,\"valueName\":\"search_term_string\"}}],\"inLanguage\":\"tr\"},{\"@type\":\"Organization\",\"@id\":\"https:\/\/talkpal.ai\/tr\/#organization\",\"name\":\"Talkpal, Inc.\",\"alternateName\":\"Talkpal AI\",\"url\":\"https:\/\/talkpal.ai\/tr\/\",\"logo\":{\"@type\":\"ImageObject\",\"inLanguage\":\"tr\",\"@id\":\"https:\/\/talkpal.ai\/tr\/#\/schema\/logo\/image\/\",\"url\":\"https:\/\/talkpal.ai\/wp-content\/uploads\/2024\/03\/Talkpal-Logo-Icon.png\",\"contentUrl\":\"https:\/\/talkpal.ai\/wp-content\/uploads\/2024\/03\/Talkpal-Logo-Icon.png\",\"width\":2880,\"height\":2880,\"caption\":\"Talkpal, Inc.\"},\"image\":{\"@id\":\"https:\/\/talkpal.ai\/tr\/#\/schema\/logo\/image\/\"},\"sameAs\":[\"https:\/\/www.facebook.com\/profile.php?id=100090733639311\",\"https:\/\/x.com\/talkpalai\",\"https:\/\/www.linkedin.com\/company\/talkpal\/\",\"https:\/\/www.youtube.com\/@TalkPal\/\",\"https:\/\/www.tiktok.com\/@talkpal\",\"https:\/\/www.instagram.com\/talkpal_ai\/\",\"https:\/\/www.crunchbase.com\/organization\/talkpal-9cde\",\"https:\/\/www.g2.com\/products\/talkpal-for-business\/\",\"https:\/\/www.trustpilot.com\/review\/talkpal.ai\",\"https:\/\/www.capterra.com\/p\/10006800\/TalkPal\/\"],\"description\":\"Talkpal is a language learning web and mobile education app, powered by the latest AI technologies, that provides engaging experiences to its customers in many different languages to help them improve their language skills. Users can chat about unlimited amount of topics with the app and use other modes to practice their language learning.\",\"email\":\"support@talkpal.ai\",\"legalName\":\"Talkpal, Inc.\",\"foundingDate\":\"2023-04-03\",\"duns\":\"118989042\",\"numberOfEmployees\":{\"@type\":\"QuantitativeValue\",\"minValue\":\"11\",\"maxValue\":\"50\"},\"publishingPrinciples\":\"https:\/\/talkpal.ai\/publishing-principles\/\",\"actionableFeedbackPolicy\":\"https:\/\/talkpal.ai\/actionable-feedback-policy\/\",\"correctionsPolicy\":\"https:\/\/talkpal.ai\/corrections-policy\/\",\"ethicsPolicy\":\"https:\/\/talkpal.ai\/ethics-policy\/\",\"diversityPolicy\":\"https:\/\/talkpal.ai\/diversity-policy\/\",\"diversityStaffingReport\":\"https:\/\/talkpal.ai\/diversity-policy\/\"}]}<\/script>\n<!-- \/ Yoast SEO Premium plugin. -->","yoast_head_json":{"title":"Arnavut\u00e7a Dilbilgisi Al\u0131\u015ft\u0131rmalar\u0131 - Talkpal","description":"Talkpal'\u0131n isimler, fiiller, zamanlar ve c\u00fcmle yap\u0131lar\u0131n\u0131 kapsayan interaktif dil bilgisi al\u0131\u015ft\u0131rmalar\u0131yla Arnavut\u00e7an\u0131z\u0131 geli\u015ftirin.","robots":{"index":"index","follow":"follow","max-snippet":"max-snippet:-1","max-image-preview":"max-image-preview:large","max-video-preview":"max-video-preview:-1"},"canonical":"https:\/\/talkpal.ai\/tr\/arnavutca-dilbilgisi-alistirmalari\/","og_locale":"tr_TR","og_type":"article","og_title":"Arnavut\u00e7a Dilbilgisi Al\u0131\u015ft\u0131rmalar\u0131","og_description":"Arnavut\u00e7a Dilbilgisi Konular\u0131 Yeni bir dil \u00f6\u011frenmek zorlu ama \u00f6d\u00fcllendirici bir \u00e7aba olabilir. Esas olarak Arnavutluk'ta konu\u015fulan bir Hint-Avrupa dili","og_url":"https:\/\/talkpal.ai\/tr\/arnavutca-dilbilgisi-alistirmalari\/","og_site_name":"Talkpal","article_publisher":"https:\/\/www.facebook.com\/profile.php?id=100090733639311","article_modified_time":"2025-12-30T15:38:33+00:00","og_image":[{"width":2880,"height":1620,"url":"https:\/\/talkpal.ai\/wp-content\/uploads\/2025\/02\/Progress-tab-16_9.png","type":"image\/png"}],"twitter_card":"summary_large_image","twitter_site":"@talkpalai","twitter_misc":{"Tahmini okuma s\u00fcresi":"4 dakika"},"schema":{"@context":"https:\/\/schema.org","@graph":[{"@type":"WebPage","@id":"https:\/\/talkpal.ai\/tr\/arnavutca-dilbilgisi-alistirmalari\/","url":"https:\/\/talkpal.ai\/tr\/arnavutca-dilbilgisi-alistirmalari\/","name":"Arnavut\u00e7a Dilbilgisi Al\u0131\u015ft\u0131rmalar\u0131 - Talkpal","isPartOf":{"@id":"https:\/\/talkpal.ai\/tr\/#website"},"datePublished":"2025-11-11T12:32:58+00:00","dateModified":"2025-12-30T15:38:33+00:00","description":"Talkpal'\u0131n isimler, fiiller, zamanlar ve c\u00fcmle yap\u0131lar\u0131n\u0131 kapsayan interaktif dil bilgisi al\u0131\u015ft\u0131rmalar\u0131yla Arnavut\u00e7an\u0131z\u0131 geli\u015ftirin.","breadcrumb":{"@id":"https:\/\/talkpal.ai\/tr\/arnavutca-dilbilgisi-alistirmalari\/#breadcrumb"},"inLanguage":"tr","potentialAction":[{"@type":"ReadAction","target":["https:\/\/talkpal.ai\/tr\/arnavutca-dilbilgisi-alistirmalari\/"]}]},{"@type":"BreadcrumbList","@id":"https:\/\/talkpal.ai\/tr\/arnavutca-dilbilgisi-alistirmalari\/#breadcrumb","itemListElement":[{"@type":"ListItem","position":1,"name":"Homepage","item":"https:\/\/talkpal.ai\/tr\/"},{"@type":"ListItem","position":2,"name":"Arnavut\u00e7a Dilbilgisi Al\u0131\u015ft\u0131rmalar\u0131"}]},{"@type":"WebSite","@id":"https:\/\/talkpal.ai\/tr\/#website","url":"https:\/\/talkpal.ai\/tr\/","name":"Talkpal","description":"AI Language Learning","publisher":{"@id":"https:\/\/talkpal.ai\/tr\/#organization"},"alternateName":"Talkpal AI","potentialAction":[{"@type":"SearchAction","target":{"@type":"EntryPoint","urlTemplate":"https:\/\/talkpal.ai\/tr\/?s={search_term_string}"},"query-input":{"@type":"PropertyValueSpecification","valueRequired":true,"valueName":"search_term_string"}}],"inLanguage":"tr"},{"@type":"Organization","@id":"https:\/\/talkpal.ai\/tr\/#organization","name":"Talkpal, Inc.","alternateName":"Talkpal AI","url":"https:\/\/talkpal.ai\/tr\/","logo":{"@type":"ImageObject","inLanguage":"tr","@id":"https:\/\/talkpal.ai\/tr\/#\/schema\/logo\/image\/","url":"https:\/\/talkpal.ai\/wp-content\/uploads\/2024\/03\/Talkpal-Logo-Icon.png","contentUrl":"https:\/\/talkpal.ai\/wp-content\/uploads\/2024\/03\/Talkpal-Logo-Icon.png","width":2880,"height":2880,"caption":"Talkpal, Inc."},"image":{"@id":"https:\/\/talkpal.ai\/tr\/#\/schema\/logo\/image\/"},"sameAs":["https:\/\/www.facebook.com\/profile.php?id=100090733639311","https:\/\/x.com\/talkpalai","https:\/\/www.linkedin.com\/company\/talkpal\/","https:\/\/www.youtube.com\/@TalkPal\/","https:\/\/www.tiktok.com\/@talkpal","https:\/\/www.instagram.com\/talkpal_ai\/","https:\/\/www.crunchbase.com\/organization\/talkpal-9cde","https:\/\/www.g2.com\/products\/talkpal-for-business\/","https:\/\/www.trustpilot.com\/review\/talkpal.ai","https:\/\/www.capterra.com\/p\/10006800\/TalkPal\/"],"description":"Talkpal is a language learning web and mobile education app, powered by the latest AI technologies, that provides engaging experiences to its customers in many different languages to help them improve their language skills. Users can chat about unlimited amount of topics with the app and use other modes to practice their language learning.","email":"support@talkpal.ai","legalName":"Talkpal, Inc.","foundingDate":"2023-04-03","duns":"118989042","numberOfEmployees":{"@type":"QuantitativeValue","minValue":"11","maxValue":"50"},"publishingPrinciples":"https:\/\/talkpal.ai\/publishing-principles\/","actionableFeedbackPolicy":"https:\/\/talkpal.ai\/actionable-feedback-policy\/","correctionsPolicy":"https:\/\/talkpal.ai\/corrections-policy\/","ethicsPolicy":"https:\/\/talkpal.ai\/ethics-policy\/","diversityPolicy":"https:\/\/talkpal.ai\/diversity-policy\/","diversityStaffingReport":"https:\/\/talkpal.ai\/diversity-policy\/"}]}},"_links":{"self":[{"href":"https:\/\/talkpal.ai\/tr\/wp-json\/wp\/v2\/pages\/1474830","targetHints":{"allow":["GET"]}}],"collection":[{"href":"https:\/\/talkpal.ai\/tr\/wp-json\/wp\/v2\/pages"}],"about":[{"href":"https:\/\/talkpal.ai\/tr\/wp-json\/wp\/v2\/types\/page"}],"author":[{"embeddable":true,"href":"https:\/\/talkpal.ai\/tr\/wp-json\/wp\/v2\/users\/20"}],"replies":[{"embeddable":true,"href":"https:\/\/talkpal.ai\/tr\/wp-json\/wp\/v2\/comments?post=1474830"}],"version-history":[{"count":0,"href":"https:\/\/talkpal.ai\/tr\/wp-json\/wp\/v2\/pages\/1474830\/revisions"}],"wp:attachment":[{"href":"https:\/\/talkpal.ai\/tr\/wp-json\/wp\/v2\/media?parent=1474830"}],"curies":[{"name":"wp","href":"https:\/\/api.w.org\/{rel}","templated":true}]}}