{"id":1474824,"date":"2025-11-11T12:01:19","date_gmt":"2025-11-11T12:01:19","guid":{"rendered":"https:\/\/talkpal.ai\/arnavutca-dilbilgisi\/"},"modified":"2025-12-30T15:33:47","modified_gmt":"2025-12-30T15:33:47","slug":"arnavutca-dilbilgisi","status":"publish","type":"page","link":"https:\/\/talkpal.ai\/tr\/arnavutca-dilbilgisi\/","title":{"rendered":"Arnavut\u00e7a Dilbilgisi"},"content":{"rendered":"\r\n\r\n\r\n<section class=\"languageChallengeSection\">\r\n    <div class=\"languageInfoWrapper\">\r\n        \r\n        <h1>Arnavut\u00e7a Dilbilgisi<\/h1>\r\n        <p>Arnavut\u00e7a dilbilgisi ilk ba\u015fta zor g\u00f6r\u00fcnebilir, ancak benzersiz \u00f6zellikleri dili \u00f6\u011frenmeyi \u00f6d\u00fcllendirici bir deneyim haline getirir. Alfabesini, mutasyonlar\u0131n\u0131 ve dilbilgisi kurallar\u0131n\u0131 ke\u015ffederek zengin bir dil gelene\u011fi hakk\u0131nda fikir sahibi olacaks\u0131n\u0131z. Yolculu\u011funuza ba\u015flay\u0131n ve Arnavut\u00e7a&#039;n\u0131n g\u00fczelli\u011fini ke\u015ffedin!<\/p>\r\n\r\n                            <a class=\"getStartedHidden\" href=\"https:\/\/app.talkpal.ai\/tr\/signup?lng=\">Hadi ba\u015fla<\/a>\r\n        \r\n    <\/div>\r\n\r\n    <figure>\r\n    <img decoding=\"async\" width=\"768\" height=\"768\" src=\"https:\/\/talkpal.ai\/wp-content\/uploads\/2023\/06\/welsh-768x768.png\" class=\"languageImage no-lazy\" alt=\"Language learning for better cognitive abilities\" fetchpriority=\"high\" sizes=\"(max-width: 768px) 150px, 768px\" srcset=\"https:\/\/talkpal.ai\/wp-content\/uploads\/2023\/06\/welsh-768x768.png 768w, https:\/\/talkpal.ai\/wp-content\/uploads\/2023\/06\/welsh-300x300.png 300w\" \/>\r\n    \r\n\r\n    <\/figure>\r\n\r\n            <a class=\"getStartedVisible\" href=\"https:\/\/app.talkpal.ai\/tr\/signup?lng=\">Hadi ba\u015fla<\/a>\r\n    \r\n<\/section><section class=\"promotionalBanner\">\r\n    <p class=\"promotionalText\">Dil \u00f6\u011frenmenin en etkili yolu<\/p>\r\n    <a class=\"promotionalLink\" href=\"https:\/\/app.talkpal.ai\/tr\/signup?lng=\">Talkpal \u00fccretsiz deneyin<\/a>\r\n<\/section>\n<div class=\"wp-block-group pageContainerStyle\"><div class=\"wp-block-group__inner-container is-layout-constrained wp-block-group-is-layout-constrained\">\n<h2 class=\"wp-block-heading\" id=\"h-navigating-the-intricacies-of-albanian-grammar\">Arnavut\u00e7a Dilbilgisinin \u0130nceliklerinde Gezinmek<\/h2>\n\n\n\n<p>Farkl\u0131 bir dal\u0131 ve derin k\u00fclt\u00fcrel k\u00f6kleri olan bir Hint Avrupa dili olan <a href=\"https:\/\/talkpal.ai\/tr\/arnavutca-ogren\/\">Arnavut\u00e7a<\/a>, benzersiz grameri ve ses sistemine ilgi duyan \u00f6\u011frenciler i\u00e7in \u00f6d\u00fcllendirici bir yolculuk sunuyor. Arnavut\u00e7a&#8217;y\u0131 ke\u015ffederken, Arnavutluk k\u00fclt\u00fcr\u00fcyle ve daha geni\u015f Arnavut\u00e7a konu\u015fulan d\u00fcnyayla ba\u011flant\u0131 kurarken dil ara\u00e7 setinizi geni\u015fleteceksiniz. Arnavut\u00e7a dilbilgisi ilk ba\u015fta karma\u015f\u0131k g\u00f6r\u00fcnebilir, ancak onu temel par\u00e7alara ay\u0131rmak ilerlemeyi kolayla\u015ft\u0131r\u0131r. A\u015fa\u011f\u0131da, temel konularda uzmanla\u015fman\u0131za yard\u0131mc\u0131 olacak ipu\u00e7lar\u0131 i\u00e7eren, temel konulara odaklanm\u0131\u015f bir k\u0131lavuz bulunmaktad\u0131r.<\/p>\n\n\n\n<h3 class=\"wp-block-heading\" id=\"h-1-albanian-alphabet-and-phonetics\">1. Arnavut alfabesi ve foneti\u011fi<\/h3>\n\n\n\n<p>Arnavut alfabesinde, digraf olarak yaz\u0131lan ancak dh, gj, ll, nj, rr, sh, th, xh, zh gibi tek harf olarak say\u0131lan birka\u00e7 harf de dahil olmak \u00fczere 36 harf vard\u0131r. Ayr\u0131ca \u00e7 ve \u00eb kullan\u0131r ve y sesli harfi yak\u0131n \u00f6n yuvarlak bir sesi temsil eder. r ve rr aras\u0131ndaki kar\u015f\u0131tl\u0131k anlaml\u0131d\u0131r ve q ve gj, k ve g&#8217;den farkl\u0131 damak duraklar\u0131d\u0131r. Y\u00fcksek sesle okuma ve dinleme prati\u011fi yoluyla bu seslere ve harflere al\u0131\u015fmak \u00f6nemli bir ilk ad\u0131md\u0131r.<\/p>\n\n\n\n<h3 class=\"wp-block-heading\" id=\"h-2-definite-articles-and-linkers-a-distinctive-albanian-feature\">2. Belirli Artikeller ve Ba\u011flay\u0131c\u0131lar: Arnavutluk&#8217;un Ay\u0131rt Edici Bir \u00d6zelli\u011fi<\/h3>\n\n\n\n<p>Arnavut\u00e7a&#8217;n\u0131n ay\u0131rt edici \u00f6zelli\u011fi, isimlere eklenen ve cinsiyete ve say\u0131ya g\u00f6re de\u011fi\u015fen belirli artikelin son ekidir. Dikkate de\u011fer bir di\u011fer \u00f6zellik, s\u0131fatlardan ve baz\u0131 de\u011fi\u015ftiricilerden \u00f6nce kullan\u0131lan, isim tamlamas\u0131ndaki ba\u011flant\u0131 par\u00e7ac\u0131\u011f\u0131, tipik olarak belirsiz ve belirsiz ba\u011flamlarda i veya e ve belirli ve durum ba\u011flamlar\u0131nda t\u00eb veya s\u00eb&#8217;dir. Kesinli\u011fin ve ba\u011flay\u0131c\u0131n\u0131n ne zaman ve nas\u0131l ortaya \u00e7\u0131kt\u0131\u011f\u0131n\u0131 anlamak, Arnavut\u00e7a&#8217;da do\u011fru ileti\u015fim i\u00e7in hayati \u00f6neme sahiptir.<\/p>\n\n\n\n<h3 class=\"wp-block-heading\" id=\"h-3-nouns-and-pronouns-gender-and-cases\">3. \u0130simler ve Zamirler: Cinsiyet ve Durumlar<\/h3>\n\n\n\n<p>Arnavut\u00e7a isimlerin gramer cinsiyeti (eril veya di\u015fil) vard\u0131r ve farkl\u0131 \u00e7o\u011ful olu\u015fum kal\u0131plar\u0131n\u0131 takip ederler. Dil, standart dilde geleneksel olarak be\u015f durum olmak \u00fczere isim tamlamas\u0131ndaki durum ili\u015fkilerini i\u015faretler. Zamirler ki\u015fisel, iyelik, d\u00f6n\u00fc\u015fl\u00fc, g\u00f6sterici ve soru formlar\u0131n\u0131n yan\u0131 s\u0131ra fiile ba\u011flanan nesne klitiklerini i\u00e7erir. Bu zamirlere ve yerle\u015fimlerine a\u015fina olmak, Arnavut\u00e7a dilbilgisi kavray\u0131\u015f\u0131n\u0131z\u0131 \u00f6nemli \u00f6l\u00e7\u00fcde art\u0131racakt\u0131r.<\/p>\n\n\n\n<h3 class=\"wp-block-heading\" id=\"h-4-verbs-structure-and-conjugation\">4. Fiiller: Yap\u0131 ve \u00c7ekim<\/h3>\n\n\n\n<p>Arnavut\u00e7a fiiller zamana, ruh haline ve ki\u015fiye ba\u011fl\u0131 olarak farkl\u0131 bir yap\u0131 ve \u00e7ekim modelini takip eder. Temel zamanlar, \u015fimdiki zaman, basit ge\u00e7mi\u015f, kusurlu ve bile\u015fik m\u00fckemmelin yan\u0131 s\u0131ra do t\u00eb art\u0131 dilek kipi ile olu\u015fturulan gelece\u011fi i\u00e7erir. Arnavut\u00e7a ayr\u0131ca dilek kipini de kapsaml\u0131 bir \u015fekilde kullan\u0131r ve ko\u015fullu ve emir kiplerini i\u00e7erir. Yayg\u0131n fiillerin \u00e7ekim kurallar\u0131n\u0131 \u00f6\u011frenmek, Arnavut\u00e7a&#8217;da etkili ileti\u015fim kurma yetene\u011finizi geli\u015ftirecektir.<\/p>\n\n\n\n<h3 class=\"wp-block-heading\" id=\"h-5-adjectives-agreement-and-placement\">5. S\u0131fatlar: Anla\u015fma ve Yerle\u015ftirme<\/h3>\n\n\n\n<p>Arnavut\u00e7a dilbilgisinde s\u0131fatlar genellikle de\u011fi\u015ftirdikleri ismi takip eder ve cinsiyet ve say\u0131y\u0131 g\u00f6steren bir ba\u011flant\u0131 par\u00e7ac\u0131\u011f\u0131 arac\u0131l\u0131\u011f\u0131yla anla\u015f\u0131rlar. Baz\u0131 s\u0131fatlar\u0131n d\u00fczensiz kar\u015f\u0131la\u015ft\u0131rmal\u0131 ve \u00fcst\u00fcnl\u00fck kal\u0131plar\u0131 vard\u0131r ve kar\u015f\u0131la\u015ft\u0131rmalar genellikle m\u00eb art\u0131 s\u0131fat\u0131 kullan\u0131rken, \u00fcst\u00fcnl\u00fckler ayn\u0131 fikirde olan artikeli ekler. Mastering anla\u015fmas\u0131 ve yerle\u015ftirme, do\u011fal g\u00f6r\u00fcnmenize yard\u0131mc\u0131 olur.<\/p>\n\n\n\n<p><strong>\u00d6rnekler:<\/strong><\/p>\n\n\n\n<p><strong>\u2013 Dashuri e Madhe (B\u00fcy\u00fck A\u015fk)<\/strong><\/p>\n\n\n\n<p><strong>\u2013 f\u00ebmij\u00eb t\u00eb vegj\u00ebl (k\u00fc\u00e7\u00fck \u00e7ocuklar)<\/strong><\/p>\n\n\n\n<h3 class=\"wp-block-heading\" id=\"h-6-engaging-with-the-language\">6. Dil ile \u0130lgi Kurmak<\/h3>\n\n\n\n<p>Arnavut\u00e7a dilbilgisini tam olarak anlaman\u0131n ve i\u00e7selle\u015ftirmenin en etkili yolu, dille tutarl\u0131 bir \u015fekilde ilgilenmektir. Arnavut edebiyat\u0131n\u0131 okuyarak, Arnavut filmleri veya televizyon dizileri izleyerek, haberleri ve podcast&#8217;leri takip ederek ve anadili \u0130ngilizce olan ki\u015filerle aktif olarak ileti\u015fim kurarak, kelime da\u011farc\u0131\u011f\u0131n\u0131z\u0131 geni\u015fletirken gramer anlay\u0131\u015f\u0131n\u0131z\u0131 da g\u00fc\u00e7lendireceksiniz.<\/p>\n\n\n\n<h3 class=\"wp-block-heading\" id=\"h-conclusion\">Sonu\u00e7<\/h3>\n\n\n\n<p>Arnavut\u00e7a dilbilgisi karma\u015f\u0131k g\u00f6r\u00fcnse de, \u00f6zveri, pratik ve co\u015fkuyla bu g\u00fczel dilde yetkin hale gelebilirsiniz. Temel kurallara odaklanarak ve farkl\u0131 ba\u011flamlarda dille etkile\u015fime ge\u00e7erek, Arnavut\u00e7a <a href=\"https:\/\/talkpal.ai\/tr\/dilbilgisi\/\">dilbilgisi becerilerinizi<\/a> h\u0131zla geli\u015ftireceksiniz. Arnavut\u00e7a dil yolculu\u011funuzla Suksese yap\u0131n ve Arnavut\u00e7a dilbilgisinin etkileyici ve b\u00fcy\u00fcleyici d\u00fcnyas\u0131n\u0131 \u00e7\u00f6zmenin tad\u0131n\u0131 \u00e7\u0131kar\u0131n.<\/p>\n<\/div><\/div>\n\r\n<section class=\"learnNavigationSection\">\r\n            \r\n        <a href=\"https:\/\/talkpal.ai\/tr\/arnavutca-ogren\/\">\r\n            <div class=\"learnNavigationWrapper\">\r\n                <div class=\"learnNavigationContent\">\r\n                    <img decoding=\"async\" src=\"https:\/\/talkpal.ai\/wp-content\/uploads\/2025\/11\/Albanian.png\" alt=\"Albanian Flag\">\r\n                    <div>\r\n                        <h4>Arnavut\u00e7a \u00d6\u011frenme Hakk\u0131nda<\/h4>\r\n                        <p>Arnavut\u00e7a Dilbilgisi hakk\u0131nda her \u015feyi \u00f6\u011frenin.<\/p>\r\n                    <\/div>\r\n                <\/div>\r\n            <\/div>\r\n        <\/a>\r\n\r\n        \r\n        <a href=\"https:\/\/talkpal.ai\/tr\/arnavutca-dilbilgisi-alistirmalari\/\">\r\n            <div class=\"learnNavigationWrapper\">\r\n                <div class=\"learnNavigationContent\">\r\n                    <img decoding=\"async\" src=\"https:\/\/talkpal.ai\/wp-content\/uploads\/2025\/11\/Albanian.png\" alt=\"Albanian Flag\">\r\n                    <div>\r\n                        <h4>Arnavut\u00e7a Dilbilgisi Al\u0131\u015ft\u0131rmas\u0131<\/h4>\r\n                        <p>Arnavut\u00e7a dilbilgisi prati\u011fi yap\u0131n.<\/p>\r\n                    <\/div>\r\n                <\/div>\r\n            <\/div>\r\n        <\/a>\r\n\r\n            <\/section>","protected":false},"excerpt":{"rendered":"<p>Arnavut\u00e7a Dilbilgisinin \u0130nceliklerinde Gezinmek Farkl\u0131 bir dal\u0131 ve derin k\u00fclt\u00fcrel k\u00f6kleri olan bir Hint Avrupa dili olan Arnavut\u00e7a, benzersiz grameri ve ses sistemine ilgi duyan \u00f6\u011frenciler i\u00e7in \u00f6d\u00fcllendirici bir yolculuk sunuyor. Arnavut\u00e7a&#8217;y\u0131 ke\u015ffederken, Arnavutluk k\u00fclt\u00fcr\u00fcyle ve daha geni\u015f Arnavut\u00e7a konu\u015fulan d\u00fcnyayla ba\u011flant\u0131 kurarken dil ara\u00e7 setinizi geni\u015fleteceksiniz. Arnavut\u00e7a dilbilgisi ilk ba\u015fta karma\u015f\u0131k g\u00f6r\u00fcnebilir, ancak onu [&hellip;]<\/p>\n","protected":false},"author":20,"featured_media":0,"parent":0,"menu_order":0,"comment_status":"closed","ping_status":"closed","template":"LearningContentPage.php","meta":{"_acf_changed":false,"footnotes":""},"class_list":["post-1474824","page","type-page","status-publish","hentry"],"acf":[],"yoast_head":"<!-- This site is optimized with the Yoast SEO Premium plugin v27.2 (Yoast SEO v27.2) - https:\/\/yoast.com\/product\/yoast-seo-premium-wordpress\/ -->\n<title>Arnavut\u00e7a Dilbilgisi - Talkpal<\/title>\n<meta name=\"description\" content=\"Talkpal&#039;\u0131n interaktif yapay zeka dil \u00f6\u011frenme rehberiyle haller ve fiiller dahil olmak \u00fczere Arnavut\u00e7a dil bilgisi temellerini \u00f6\u011frenin.\" \/>\n<meta name=\"robots\" content=\"index, follow, max-snippet:-1, max-image-preview:large, max-video-preview:-1\" \/>\n<link rel=\"canonical\" href=\"https:\/\/talkpal.ai\/tr\/arnavutca-dilbilgisi\/\" \/>\n<meta property=\"og:locale\" content=\"tr_TR\" \/>\n<meta property=\"og:type\" content=\"article\" \/>\n<meta property=\"og:title\" content=\"Arnavut\u00e7a Dilbilgisi\" \/>\n<meta property=\"og:description\" content=\"Arnavut\u00e7a Dilbilgisinin \u0130nceliklerinde Gezinmek Farkl\u0131 bir dal\u0131 ve derin k\u00fclt\u00fcrel k\u00f6kleri olan bir Hint Avrupa dili olan Arnavut\u00e7a, benzersiz grameri ve\" \/>\n<meta property=\"og:url\" content=\"https:\/\/talkpal.ai\/tr\/arnavutca-dilbilgisi\/\" \/>\n<meta property=\"og:site_name\" content=\"Talkpal\" \/>\n<meta property=\"article:publisher\" content=\"https:\/\/www.facebook.com\/profile.php?id=100090733639311\" \/>\n<meta property=\"article:modified_time\" content=\"2025-12-30T15:33:47+00:00\" \/>\n<meta property=\"og:image\" content=\"https:\/\/talkpal.ai\/wp-content\/uploads\/2025\/02\/Progress-tab-16_9.png\" \/>\n\t<meta property=\"og:image:width\" content=\"2880\" \/>\n\t<meta property=\"og:image:height\" content=\"1620\" \/>\n\t<meta property=\"og:image:type\" content=\"image\/png\" \/>\n<meta name=\"twitter:card\" content=\"summary_large_image\" \/>\n<meta name=\"twitter:site\" content=\"@talkpalai\" \/>\n<meta name=\"twitter:label1\" content=\"Tahmini okuma s\u00fcresi\" \/>\n\t<meta name=\"twitter:data1\" content=\"4 dakika\" \/>\n<script type=\"application\/ld+json\" class=\"yoast-schema-graph\">{\"@context\":\"https:\/\/schema.org\",\"@graph\":[{\"@type\":\"WebPage\",\"@id\":\"https:\/\/talkpal.ai\/tr\/arnavutca-dilbilgisi\/\",\"url\":\"https:\/\/talkpal.ai\/tr\/arnavutca-dilbilgisi\/\",\"name\":\"Arnavut\u00e7a Dilbilgisi - Talkpal\",\"isPartOf\":{\"@id\":\"https:\/\/talkpal.ai\/tr\/#website\"},\"datePublished\":\"2025-11-11T12:01:19+00:00\",\"dateModified\":\"2025-12-30T15:33:47+00:00\",\"description\":\"Talkpal'\u0131n interaktif yapay zeka dil \u00f6\u011frenme rehberiyle haller ve fiiller dahil olmak \u00fczere Arnavut\u00e7a dil bilgisi temellerini \u00f6\u011frenin.\",\"breadcrumb\":{\"@id\":\"https:\/\/talkpal.ai\/tr\/arnavutca-dilbilgisi\/#breadcrumb\"},\"inLanguage\":\"tr\",\"potentialAction\":[{\"@type\":\"ReadAction\",\"target\":[\"https:\/\/talkpal.ai\/tr\/arnavutca-dilbilgisi\/\"]}]},{\"@type\":\"BreadcrumbList\",\"@id\":\"https:\/\/talkpal.ai\/tr\/arnavutca-dilbilgisi\/#breadcrumb\",\"itemListElement\":[{\"@type\":\"ListItem\",\"position\":1,\"name\":\"Homepage\",\"item\":\"https:\/\/talkpal.ai\/tr\/\"},{\"@type\":\"ListItem\",\"position\":2,\"name\":\"Arnavut\u00e7a Dilbilgisi\"}]},{\"@type\":\"WebSite\",\"@id\":\"https:\/\/talkpal.ai\/tr\/#website\",\"url\":\"https:\/\/talkpal.ai\/tr\/\",\"name\":\"Talkpal\",\"description\":\"AI Language Learning\",\"publisher\":{\"@id\":\"https:\/\/talkpal.ai\/tr\/#organization\"},\"alternateName\":\"Talkpal AI\",\"potentialAction\":[{\"@type\":\"SearchAction\",\"target\":{\"@type\":\"EntryPoint\",\"urlTemplate\":\"https:\/\/talkpal.ai\/tr\/?s={search_term_string}\"},\"query-input\":{\"@type\":\"PropertyValueSpecification\",\"valueRequired\":true,\"valueName\":\"search_term_string\"}}],\"inLanguage\":\"tr\"},{\"@type\":\"Organization\",\"@id\":\"https:\/\/talkpal.ai\/tr\/#organization\",\"name\":\"Talkpal, Inc.\",\"alternateName\":\"Talkpal AI\",\"url\":\"https:\/\/talkpal.ai\/tr\/\",\"logo\":{\"@type\":\"ImageObject\",\"inLanguage\":\"tr\",\"@id\":\"https:\/\/talkpal.ai\/tr\/#\/schema\/logo\/image\/\",\"url\":\"https:\/\/talkpal.ai\/wp-content\/uploads\/2024\/03\/Talkpal-Logo-Icon.png\",\"contentUrl\":\"https:\/\/talkpal.ai\/wp-content\/uploads\/2024\/03\/Talkpal-Logo-Icon.png\",\"width\":2880,\"height\":2880,\"caption\":\"Talkpal, Inc.\"},\"image\":{\"@id\":\"https:\/\/talkpal.ai\/tr\/#\/schema\/logo\/image\/\"},\"sameAs\":[\"https:\/\/www.facebook.com\/profile.php?id=100090733639311\",\"https:\/\/x.com\/talkpalai\",\"https:\/\/www.linkedin.com\/company\/talkpal\/\",\"https:\/\/www.youtube.com\/@TalkPal\/\",\"https:\/\/www.tiktok.com\/@talkpal\",\"https:\/\/www.instagram.com\/talkpal_ai\/\",\"https:\/\/www.crunchbase.com\/organization\/talkpal-9cde\",\"https:\/\/www.g2.com\/products\/talkpal-for-business\/\",\"https:\/\/www.trustpilot.com\/review\/talkpal.ai\",\"https:\/\/www.capterra.com\/p\/10006800\/TalkPal\/\"],\"description\":\"Talkpal is a language learning web and mobile education app, powered by the latest AI technologies, that provides engaging experiences to its customers in many different languages to help them improve their language skills. Users can chat about unlimited amount of topics with the app and use other modes to practice their language learning.\",\"email\":\"support@talkpal.ai\",\"legalName\":\"Talkpal, Inc.\",\"foundingDate\":\"2023-04-03\",\"duns\":\"118989042\",\"numberOfEmployees\":{\"@type\":\"QuantitativeValue\",\"minValue\":\"11\",\"maxValue\":\"50\"},\"publishingPrinciples\":\"https:\/\/talkpal.ai\/publishing-principles\/\",\"actionableFeedbackPolicy\":\"https:\/\/talkpal.ai\/actionable-feedback-policy\/\",\"correctionsPolicy\":\"https:\/\/talkpal.ai\/corrections-policy\/\",\"ethicsPolicy\":\"https:\/\/talkpal.ai\/ethics-policy\/\",\"diversityPolicy\":\"https:\/\/talkpal.ai\/diversity-policy\/\",\"diversityStaffingReport\":\"https:\/\/talkpal.ai\/diversity-policy\/\"}]}<\/script>\n<!-- \/ Yoast SEO Premium plugin. -->","yoast_head_json":{"title":"Arnavut\u00e7a Dilbilgisi - Talkpal","description":"Talkpal'\u0131n interaktif yapay zeka dil \u00f6\u011frenme rehberiyle haller ve fiiller dahil olmak \u00fczere Arnavut\u00e7a dil bilgisi temellerini \u00f6\u011frenin.","robots":{"index":"index","follow":"follow","max-snippet":"max-snippet:-1","max-image-preview":"max-image-preview:large","max-video-preview":"max-video-preview:-1"},"canonical":"https:\/\/talkpal.ai\/tr\/arnavutca-dilbilgisi\/","og_locale":"tr_TR","og_type":"article","og_title":"Arnavut\u00e7a Dilbilgisi","og_description":"Arnavut\u00e7a Dilbilgisinin \u0130nceliklerinde Gezinmek Farkl\u0131 bir dal\u0131 ve derin k\u00fclt\u00fcrel k\u00f6kleri olan bir Hint Avrupa dili olan Arnavut\u00e7a, benzersiz grameri ve","og_url":"https:\/\/talkpal.ai\/tr\/arnavutca-dilbilgisi\/","og_site_name":"Talkpal","article_publisher":"https:\/\/www.facebook.com\/profile.php?id=100090733639311","article_modified_time":"2025-12-30T15:33:47+00:00","og_image":[{"width":2880,"height":1620,"url":"https:\/\/talkpal.ai\/wp-content\/uploads\/2025\/02\/Progress-tab-16_9.png","type":"image\/png"}],"twitter_card":"summary_large_image","twitter_site":"@talkpalai","twitter_misc":{"Tahmini okuma s\u00fcresi":"4 dakika"},"schema":{"@context":"https:\/\/schema.org","@graph":[{"@type":"WebPage","@id":"https:\/\/talkpal.ai\/tr\/arnavutca-dilbilgisi\/","url":"https:\/\/talkpal.ai\/tr\/arnavutca-dilbilgisi\/","name":"Arnavut\u00e7a Dilbilgisi - Talkpal","isPartOf":{"@id":"https:\/\/talkpal.ai\/tr\/#website"},"datePublished":"2025-11-11T12:01:19+00:00","dateModified":"2025-12-30T15:33:47+00:00","description":"Talkpal'\u0131n interaktif yapay zeka dil \u00f6\u011frenme rehberiyle haller ve fiiller dahil olmak \u00fczere Arnavut\u00e7a dil bilgisi temellerini \u00f6\u011frenin.","breadcrumb":{"@id":"https:\/\/talkpal.ai\/tr\/arnavutca-dilbilgisi\/#breadcrumb"},"inLanguage":"tr","potentialAction":[{"@type":"ReadAction","target":["https:\/\/talkpal.ai\/tr\/arnavutca-dilbilgisi\/"]}]},{"@type":"BreadcrumbList","@id":"https:\/\/talkpal.ai\/tr\/arnavutca-dilbilgisi\/#breadcrumb","itemListElement":[{"@type":"ListItem","position":1,"name":"Homepage","item":"https:\/\/talkpal.ai\/tr\/"},{"@type":"ListItem","position":2,"name":"Arnavut\u00e7a Dilbilgisi"}]},{"@type":"WebSite","@id":"https:\/\/talkpal.ai\/tr\/#website","url":"https:\/\/talkpal.ai\/tr\/","name":"Talkpal","description":"AI Language Learning","publisher":{"@id":"https:\/\/talkpal.ai\/tr\/#organization"},"alternateName":"Talkpal AI","potentialAction":[{"@type":"SearchAction","target":{"@type":"EntryPoint","urlTemplate":"https:\/\/talkpal.ai\/tr\/?s={search_term_string}"},"query-input":{"@type":"PropertyValueSpecification","valueRequired":true,"valueName":"search_term_string"}}],"inLanguage":"tr"},{"@type":"Organization","@id":"https:\/\/talkpal.ai\/tr\/#organization","name":"Talkpal, Inc.","alternateName":"Talkpal AI","url":"https:\/\/talkpal.ai\/tr\/","logo":{"@type":"ImageObject","inLanguage":"tr","@id":"https:\/\/talkpal.ai\/tr\/#\/schema\/logo\/image\/","url":"https:\/\/talkpal.ai\/wp-content\/uploads\/2024\/03\/Talkpal-Logo-Icon.png","contentUrl":"https:\/\/talkpal.ai\/wp-content\/uploads\/2024\/03\/Talkpal-Logo-Icon.png","width":2880,"height":2880,"caption":"Talkpal, Inc."},"image":{"@id":"https:\/\/talkpal.ai\/tr\/#\/schema\/logo\/image\/"},"sameAs":["https:\/\/www.facebook.com\/profile.php?id=100090733639311","https:\/\/x.com\/talkpalai","https:\/\/www.linkedin.com\/company\/talkpal\/","https:\/\/www.youtube.com\/@TalkPal\/","https:\/\/www.tiktok.com\/@talkpal","https:\/\/www.instagram.com\/talkpal_ai\/","https:\/\/www.crunchbase.com\/organization\/talkpal-9cde","https:\/\/www.g2.com\/products\/talkpal-for-business\/","https:\/\/www.trustpilot.com\/review\/talkpal.ai","https:\/\/www.capterra.com\/p\/10006800\/TalkPal\/"],"description":"Talkpal is a language learning web and mobile education app, powered by the latest AI technologies, that provides engaging experiences to its customers in many different languages to help them improve their language skills. Users can chat about unlimited amount of topics with the app and use other modes to practice their language learning.","email":"support@talkpal.ai","legalName":"Talkpal, Inc.","foundingDate":"2023-04-03","duns":"118989042","numberOfEmployees":{"@type":"QuantitativeValue","minValue":"11","maxValue":"50"},"publishingPrinciples":"https:\/\/talkpal.ai\/publishing-principles\/","actionableFeedbackPolicy":"https:\/\/talkpal.ai\/actionable-feedback-policy\/","correctionsPolicy":"https:\/\/talkpal.ai\/corrections-policy\/","ethicsPolicy":"https:\/\/talkpal.ai\/ethics-policy\/","diversityPolicy":"https:\/\/talkpal.ai\/diversity-policy\/","diversityStaffingReport":"https:\/\/talkpal.ai\/diversity-policy\/"}]}},"_links":{"self":[{"href":"https:\/\/talkpal.ai\/tr\/wp-json\/wp\/v2\/pages\/1474824","targetHints":{"allow":["GET"]}}],"collection":[{"href":"https:\/\/talkpal.ai\/tr\/wp-json\/wp\/v2\/pages"}],"about":[{"href":"https:\/\/talkpal.ai\/tr\/wp-json\/wp\/v2\/types\/page"}],"author":[{"embeddable":true,"href":"https:\/\/talkpal.ai\/tr\/wp-json\/wp\/v2\/users\/20"}],"replies":[{"embeddable":true,"href":"https:\/\/talkpal.ai\/tr\/wp-json\/wp\/v2\/comments?post=1474824"}],"version-history":[{"count":0,"href":"https:\/\/talkpal.ai\/tr\/wp-json\/wp\/v2\/pages\/1474824\/revisions"}],"wp:attachment":[{"href":"https:\/\/talkpal.ai\/tr\/wp-json\/wp\/v2\/media?parent=1474824"}],"curies":[{"name":"wp","href":"https:\/\/api.w.org\/{rel}","templated":true}]}}