{"id":147427,"date":"2023-05-14T14:12:07","date_gmt":"2023-05-14T14:12:07","guid":{"rendered":"http:\/\/talkpal.ai\/marathi-dilbilgisi\/"},"modified":"2025-12-12T10:36:42","modified_gmt":"2025-12-12T10:36:42","slug":"marathi-dilbilgisi","status":"publish","type":"page","link":"https:\/\/talkpal.ai\/tr\/marathi-dilbilgisi\/","title":{"rendered":"Marathi Dilbilgisi"},"content":{"rendered":"\r\n\r\n\r\n<section class=\"languageChallengeSection\">\r\n    <div class=\"languageInfoWrapper\">\r\n        \r\n        <h1>Marathi Dilbilgisi<\/h1>\r\n        <p><a href=\"https:\/\/talkpal.ai\/learn-marathi\/\">Marathi<\/a> dilini mi merak ediyorsunuz? Cinsiyetlendirilmi\u015f isimlerin, esnek c\u00fcmle yap\u0131s\u0131n\u0131n ve etkileyici fiil \u00e7ekimlerinin canl\u0131 ve dinamik bir dil yaratt\u0131\u011f\u0131 Marathi gramerine ad\u0131m at\u0131n. \u00d6\u011frenme yolculu\u011funuza bug\u00fcn ba\u015flay\u0131n &#8211; Marathi dilbilgisinde ustala\u015fmak, g\u00fcvenle ileti\u015fim kurman\u0131za ve Maharashtra&#039;n\u0131n zengin gelenekleri ve k\u00fclt\u00fcr\u00fcyle ba\u011flant\u0131 kurman\u0131za yard\u0131mc\u0131 olacakt\u0131r!<\/p>\r\n\r\n                            <a class=\"getStartedHidden\" href=\"https:\/\/app.talkpal.ai\/tr\/signup?lng=\">Hadi ba\u015fla<\/a>\r\n        \r\n    <\/div>\r\n\r\n    <figure>\r\n    <img decoding=\"async\" width=\"768\" height=\"768\" src=\"https:\/\/talkpal.ai\/wp-content\/uploads\/2023\/06\/marathi-768x768.png\" class=\"languageImage no-lazy\" alt=\"Fun ways to make language learning interesting\" fetchpriority=\"high\" sizes=\"(max-width: 768px) 150px, 768px\" srcset=\"https:\/\/talkpal.ai\/wp-content\/uploads\/2023\/06\/marathi-768x768.png 768w, https:\/\/talkpal.ai\/wp-content\/uploads\/2023\/06\/marathi-300x300.png 300w\" \/>\r\n    \r\n\r\n    <\/figure>\r\n\r\n            <a class=\"getStartedVisible\" href=\"https:\/\/app.talkpal.ai\/tr\/signup?lng=\">Hadi ba\u015fla<\/a>\r\n    \r\n<\/section>\r\n<section class=\"promotionalBanner\">\r\n    <p class=\"promotionalText\">Dil \u00f6\u011frenmenin en etkili yolu<\/p>\r\n    <a class=\"promotionalLink\" href=\"https:\/\/app.talkpal.ai\/tr\/signup?lng=\">Talkpal \u00fccretsiz deneyin<\/a>\r\n<\/section>\n<div class=\"wp-block-group pageContainerStyle\"><div class=\"wp-block-group__inner-container is-layout-constrained wp-block-group-is-layout-constrained\">\n<h2 class=\"wp-block-heading\" id=\"h-the-allure-of-marathi-grammar-unfolding-its-mysteries-and-intricacies\">Marathi Dilbilgisinin Cazibesi: Gizemlerini ve Karma\u015f\u0131kl\u0131klar\u0131n\u0131 Ortaya \u00c7\u0131karmak<\/h2>\n\n\n\n<p>Karma\u015f\u0131k kurallar, istisnalar ve karma\u015f\u0131k terminoloji ile dolu \u0130ngilizce dilbilgisi \u00f6\u011frenmenin kafa kar\u0131\u015ft\u0131r\u0131c\u0131 yolculu\u011funu hat\u0131rl\u0131yor musunuz? E\u011fer \u015fimdi Marathi dilini \u00f6\u011frenmeyi d\u00fc\u015f\u00fcn\u00fcyorsan\u0131z, kendinizi Marathi dilbilgisinin ayn\u0131 derecede s\u00fcr\u00fckleyici bir ke\u015ffine haz\u0131rlay\u0131n.<\/p>\n\n\n\n<p>A\u011f\u0131rl\u0131kl\u0131 olarak Hindistan&#8217;\u0131n Maharashtra eyaletinde konu\u015fulan bir Hint-Aryan dili olan Marathi, zengin bir gelene\u011fe ve benzersiz dil \u00f6zelliklerine sahiptir. Marathi dilbilgisinin gizemine dalarken, alfabelerinin, karma\u015f\u0131k kurallar\u0131n\u0131n ve b\u00fcy\u00fcleyici foneti\u011finin b\u00fcy\u00fcleyici etkile\u015fimini ortaya \u00e7\u0131karacaks\u0131n\u0131z. \u00d6yleyse, Marathi dilbilgisinin cazibesini birlikte \u00e7\u00f6zelim, her seferinde k\u00fc\u00e7\u00fck bir kural.<\/p>\n\n\n\n<p><strong>Marathi dilbilgisinin<\/strong> en \u00e7arp\u0131c\u0131 \u00f6zelliklerinden biri, isim \u00e7ekimlerinin kapsaml\u0131 kullan\u0131m\u0131d\u0131r. Bu \u00e7ekimler genellikle say\u0131, cinsiyet ve b\u00fcy\u00fck\/k\u00fc\u00e7\u00fck harf gibi \u00f6nemli gramer \u00f6\u011felerinin aktar\u0131lmas\u0131na yard\u0131mc\u0131 olur. Marathi&#8217;nin erkeksi, di\u015fil ve n\u00f6tr olmak \u00fczere \u00fc\u00e7 cinsiyeti vard\u0131r ve her cinsiyetin kendine \u00f6zg\u00fc \u00e7ekim kal\u0131plar\u0131 vard\u0131r. Ayr\u0131ca, dilin bir ismin miktar\u0131n\u0131 ifade etmeye yard\u0131mc\u0131 olan tekil ve \u00e7o\u011ful olmak \u00fczere iki say\u0131s\u0131 vard\u0131r.<\/p>\n\n\n\n<p><strong>Marathi dilbilgisinin bir ba\u015fka benzersiz \u00f6zelli\u011fi<\/strong>, fiillerin zamana ba\u011fl\u0131 olarak \u00e7ekimlenme \u015feklidir. Marathi dilinde fiil \u00e7ekimi yaparken sadece fiilin zaman\u0131n\u0131 de\u011fil, \u00f6znenin cinsiyetini ve say\u0131s\u0131n\u0131 da g\u00f6z \u00f6n\u00fcnde bulundurmal\u0131s\u0131n\u0131z. Marathi fiil formlar\u0131, emir kipleri ve s\u00fcbjektiflerin yan\u0131 s\u0131ra \u015fimdiki zaman, ge\u00e7mi\u015f zaman ve gelecek zaman\u0131 i\u00e7erir. Bu kapsaml\u0131 \u00e7ekimler Marathi&#8217;ye derinlik ve dinamizm katarak onu ke\u015ffetmek i\u00e7in ger\u00e7ekten b\u00fcy\u00fcleyici bir dil haline getiriyor.<\/p>\n\n\n\n<p>Marathi dili, <strong>zamir \u00e7e\u015fitlili\u011fi<\/strong> ile de tan\u0131n\u0131r. Marathi&#8217;nin \u00e7ok say\u0131da ki\u015fisel, g\u00f6sterici, sorgulay\u0131c\u0131 ve d\u00f6n\u00fc\u015fl\u00fc zamiri vard\u0131r ve her biri kendi \u00e7ekim kal\u0131plar\u0131yla birlikte gelir. Bu ilk ba\u015fta g\u00f6z korkutucu g\u00f6r\u00fcnebilir, ancak dilin derinliklerine indik\u00e7e, Marathi dilbilgisinin sundu\u011fu benzersiz hassasiyeti takdir edeceksiniz.<\/p>\n\n\n\n<p>Marathi dilbilgisinin bir ba\u015fka ilgi \u00e7ekici y\u00f6n\u00fc, <strong>kelimelerin bir c\u00fcmle i\u00e7inde d\u00fczenlenmesinde<\/strong> yatmaktad\u0131r. Marathi&#8217;deki kelime s\u0131ras\u0131, di\u011fer Hint-Aryan dillerine benzer \u015fekilde genellikle \u00f6zne-nesne-fiil (SOV) yap\u0131s\u0131n\u0131 takip eder. Bu yap\u0131 tipik olarak fiili c\u00fcmlenin sonuna yerle\u015ftirir, bu da ba\u015flang\u0131\u00e7ta \u0130ngilizce konu\u015fanlar i\u00e7in zorlay\u0131c\u0131 olabilir.<\/p>\n\n\n\n<p><strong>Marathi foneti\u011fine<\/strong> dald\u0131\u011f\u0131n\u0131zda, 16 sesli harf (swar) ve 36 \u00fcns\u00fcz (vyanjan) ile telaffuz edilen b\u00fcy\u00fcleyici ses yelpazesiyle kar\u015f\u0131la\u015facaks\u0131n\u0131z. Marathi&#8217;nin kulland\u0131\u011f\u0131 Devanagari yaz\u0131s\u0131, zaten b\u00fcy\u00fcleyici olan bu dile ayr\u0131 bir \u00e7ekicilik kat\u0131yor.  <\/p>\n\n\n\n<p>Say\u0131s\u0131z kural\u0131 ve karma\u015f\u0131kl\u0131\u011f\u0131 ile Marathi dilbilgisini \u00f6\u011frenmek, \u015f\u00fcphesiz ilk ba\u015fta g\u00f6z korkutucu bir g\u00f6rev olabilir. Bununla birlikte, bu zorluk ayn\u0131 zamanda onu son derece te\u015fvik edici ve tatmin edici k\u0131lan \u015feydir. Kendinizi Marathi dilbilgisinin b\u00fcy\u00fcleyici d\u00fcnyas\u0131na kapt\u0131r\u0131rken, yaln\u0131zca dilin i\u015fleyi\u015fini ortaya \u00e7\u0131karmakla kalmayacak, ayn\u0131 zamanda i\u00e7erdi\u011fi k\u00fclt\u00fcr, tarih ve bilgelik hakk\u0131nda daha derin bir anlay\u0131\u015f kazanacaks\u0131n\u0131z.<\/p>\n\n\n\n<p>\u00d6yleyse neden Marathi dilbilgisinin \u00e7ekici derinliklerini ke\u015ffetmek ve ustala\u015fmay\u0131 bekleyen say\u0131s\u0131z gizemini ve n\u00fcans\u0131n\u0131 ortaya \u00e7\u0131karmak i\u00e7in bu dilsel maceraya at\u0131lm\u0131yorsunuz? \u00d6\u011frenmenin sevinci ve Marathi dilbilgisinin inceliklerini anlaman\u0131n zevki sadece birka\u00e7 dakika uza\u011f\u0131n\u0131zda!<\/p>\n<\/div><\/div>\n\r\n<section class=\"learnNavigationSection\">\r\n            \r\n        <a href=\"https:\/\/talkpal.ai\/tr\/marathi-ogren\/\">\r\n            <div class=\"learnNavigationWrapper\">\r\n                <div class=\"learnNavigationContent\">\r\n                    <img decoding=\"async\" src=\"https:\/\/talkpal.ai\/wp-content\/uploads\/2023\/05\/Marathi-india.png\" alt=\"TalkPal Marathi Flag\">\r\n                    <div>\r\n                        <h4>Marathi Learning Hakk\u0131nda<\/h4>\r\n                        <p>Marathi dilbilgisi hakk\u0131nda her \u015feyi \u00f6\u011frenin .<\/p>\r\n                    <\/div>\r\n                <\/div>\r\n            <\/div>\r\n        <\/a>\r\n\r\n        \r\n        <a href=\"https:\/\/talkpal.ai\/tr\/marathi-dilbilgisi-alistirmalari\/\">\r\n            <div class=\"learnNavigationWrapper\">\r\n                <div class=\"learnNavigationContent\">\r\n                    <img decoding=\"async\" src=\"https:\/\/talkpal.ai\/wp-content\/uploads\/2023\/05\/Marathi-india.png\" alt=\"TalkPal Marathi Flag\">\r\n                    <div>\r\n                        <h4>Marathi Dilbilgisi Al\u0131\u015ft\u0131rmas\u0131<\/h4>\r\n                        <p>Marathi dilbilgisi al\u0131\u015ft\u0131rmas\u0131 yap\u0131n .<\/p>\r\n                    <\/div>\r\n                <\/div>\r\n            <\/div>\r\n        <\/a>\r\n\r\n        \r\n        <a href=\"https:\/\/talkpal.ai\/vocabulary_language\/marathi\/\">\r\n            <div class=\"learnNavigationWrapper\">\r\n                <div class=\"learnNavigationContent\">\r\n                    <img decoding=\"async\" src=\"https:\/\/talkpal.ai\/wp-content\/uploads\/2023\/05\/Marathi-india.png\" alt=\"TalkPal Marathi Flag\">\r\n                    <div>\r\n                        <h4>Marathi S\u00f6zc\u00fck Da\u011farc\u0131\u011f\u0131<\/h4>\r\n                        <p>Marathi kelime da\u011farc\u0131\u011f\u0131n\u0131z\u0131 geni\u015fletin.<\/p>\r\n                    <\/div>\r\n                <\/div>\r\n            <\/div>\r\n        <\/a>\r\n\r\n            <\/section>","protected":false},"excerpt":{"rendered":"<p>Marathi Dilbilgisinin Cazibesi: Gizemlerini ve Karma\u015f\u0131kl\u0131klar\u0131n\u0131 Ortaya \u00c7\u0131karmak Karma\u015f\u0131k kurallar, istisnalar ve karma\u015f\u0131k terminoloji ile dolu \u0130ngilizce dilbilgisi \u00f6\u011frenmenin kafa kar\u0131\u015ft\u0131r\u0131c\u0131 yolculu\u011funu hat\u0131rl\u0131yor musunuz? E\u011fer \u015fimdi Marathi dilini \u00f6\u011frenmeyi d\u00fc\u015f\u00fcn\u00fcyorsan\u0131z, kendinizi Marathi dilbilgisinin ayn\u0131 derecede s\u00fcr\u00fckleyici bir ke\u015ffine haz\u0131rlay\u0131n. A\u011f\u0131rl\u0131kl\u0131 olarak Hindistan&#8217;\u0131n Maharashtra eyaletinde konu\u015fulan bir Hint-Aryan dili olan Marathi, zengin bir gelene\u011fe ve benzersiz [&hellip;]<\/p>\n","protected":false},"author":1,"featured_media":116346,"parent":0,"menu_order":0,"comment_status":"closed","ping_status":"closed","template":"LearningContentPage.php","meta":{"_acf_changed":false,"footnotes":""},"class_list":["post-147427","page","type-page","status-publish","has-post-thumbnail","hentry"],"acf":[],"yoast_head":"<!-- This site is optimized with the Yoast SEO Premium plugin v27.2 (Yoast SEO v27.2) - https:\/\/yoast.com\/product\/yoast-seo-premium-wordpress\/ -->\n<title>Marathi Dilbilgisi - Talkpal<\/title>\n<meta name=\"description\" content=\"Marathi dilbilgisinin b\u00fcy\u00fcleyici d\u00fcnyas\u0131n\u0131 ke\u015ffedin ve dili \u00f6\u011frenirken benzersiz kurallar\u0131n\u0131, fonetiklerini ve \u00e7ekimlerini ke\u015ffedin.\" \/>\n<meta name=\"robots\" content=\"index, follow, max-snippet:-1, max-image-preview:large, max-video-preview:-1\" \/>\n<link rel=\"canonical\" href=\"https:\/\/talkpal.ai\/tr\/marathi-dilbilgisi\/\" \/>\n<meta property=\"og:locale\" content=\"tr_TR\" \/>\n<meta property=\"og:type\" content=\"article\" \/>\n<meta property=\"og:title\" content=\"Marathi Dilbilgisi\" \/>\n<meta property=\"og:description\" content=\"Marathi Dilbilgisinin Cazibesi: Gizemlerini ve Karma\u015f\u0131kl\u0131klar\u0131n\u0131 Ortaya \u00c7\u0131karmak Karma\u015f\u0131k kurallar, istisnalar ve karma\u015f\u0131k terminoloji ile dolu \u0130ngilizce\" \/>\n<meta property=\"og:url\" content=\"https:\/\/talkpal.ai\/tr\/marathi-dilbilgisi\/\" \/>\n<meta property=\"og:site_name\" content=\"Talkpal\" \/>\n<meta property=\"article:publisher\" content=\"https:\/\/www.facebook.com\/profile.php?id=100090733639311\" \/>\n<meta property=\"article:modified_time\" content=\"2025-12-12T10:36:42+00:00\" \/>\n<meta property=\"og:image\" content=\"https:\/\/talkpal.ai\/wp-content\/uploads\/2023\/05\/Marathi-india.png\" \/>\n\t<meta property=\"og:image:width\" content=\"512\" \/>\n\t<meta property=\"og:image:height\" content=\"512\" \/>\n\t<meta property=\"og:image:type\" content=\"image\/png\" \/>\n<meta name=\"twitter:card\" content=\"summary_large_image\" \/>\n<meta name=\"twitter:site\" content=\"@talkpalai\" \/>\n<meta name=\"twitter:label1\" content=\"Tahmini okuma s\u00fcresi\" \/>\n\t<meta name=\"twitter:data1\" content=\"3 dakika\" \/>\n<script type=\"application\/ld+json\" class=\"yoast-schema-graph\">{\"@context\":\"https:\/\/schema.org\",\"@graph\":[{\"@type\":\"WebPage\",\"@id\":\"https:\/\/talkpal.ai\/tr\/marathi-dilbilgisi\/\",\"url\":\"https:\/\/talkpal.ai\/tr\/marathi-dilbilgisi\/\",\"name\":\"Marathi Dilbilgisi - Talkpal\",\"isPartOf\":{\"@id\":\"https:\/\/talkpal.ai\/tr\/#website\"},\"primaryImageOfPage\":{\"@id\":\"https:\/\/talkpal.ai\/tr\/marathi-dilbilgisi\/#primaryimage\"},\"image\":{\"@id\":\"https:\/\/talkpal.ai\/tr\/marathi-dilbilgisi\/#primaryimage\"},\"thumbnailUrl\":\"https:\/\/talkpal.ai\/wp-content\/uploads\/2023\/05\/Marathi-india.png\",\"datePublished\":\"2023-05-14T14:12:07+00:00\",\"dateModified\":\"2025-12-12T10:36:42+00:00\",\"description\":\"Marathi dilbilgisinin b\u00fcy\u00fcleyici d\u00fcnyas\u0131n\u0131 ke\u015ffedin ve dili \u00f6\u011frenirken benzersiz kurallar\u0131n\u0131, fonetiklerini ve \u00e7ekimlerini ke\u015ffedin.\",\"breadcrumb\":{\"@id\":\"https:\/\/talkpal.ai\/tr\/marathi-dilbilgisi\/#breadcrumb\"},\"inLanguage\":\"tr\",\"potentialAction\":[{\"@type\":\"ReadAction\",\"target\":[\"https:\/\/talkpal.ai\/tr\/marathi-dilbilgisi\/\"]}]},{\"@type\":\"ImageObject\",\"inLanguage\":\"tr\",\"@id\":\"https:\/\/talkpal.ai\/tr\/marathi-dilbilgisi\/#primaryimage\",\"url\":\"https:\/\/talkpal.ai\/wp-content\/uploads\/2023\/05\/Marathi-india.png\",\"contentUrl\":\"https:\/\/talkpal.ai\/wp-content\/uploads\/2023\/05\/Marathi-india.png\",\"width\":512,\"height\":512},{\"@type\":\"BreadcrumbList\",\"@id\":\"https:\/\/talkpal.ai\/tr\/marathi-dilbilgisi\/#breadcrumb\",\"itemListElement\":[{\"@type\":\"ListItem\",\"position\":1,\"name\":\"Homepage\",\"item\":\"https:\/\/talkpal.ai\/tr\/\"},{\"@type\":\"ListItem\",\"position\":2,\"name\":\"Marathi Dilbilgisi\"}]},{\"@type\":\"WebSite\",\"@id\":\"https:\/\/talkpal.ai\/tr\/#website\",\"url\":\"https:\/\/talkpal.ai\/tr\/\",\"name\":\"Talkpal\",\"description\":\"AI Language Learning\",\"publisher\":{\"@id\":\"https:\/\/talkpal.ai\/tr\/#organization\"},\"alternateName\":\"Talkpal AI\",\"potentialAction\":[{\"@type\":\"SearchAction\",\"target\":{\"@type\":\"EntryPoint\",\"urlTemplate\":\"https:\/\/talkpal.ai\/tr\/?s={search_term_string}\"},\"query-input\":{\"@type\":\"PropertyValueSpecification\",\"valueRequired\":true,\"valueName\":\"search_term_string\"}}],\"inLanguage\":\"tr\"},{\"@type\":\"Organization\",\"@id\":\"https:\/\/talkpal.ai\/tr\/#organization\",\"name\":\"Talkpal, Inc.\",\"alternateName\":\"Talkpal AI\",\"url\":\"https:\/\/talkpal.ai\/tr\/\",\"logo\":{\"@type\":\"ImageObject\",\"inLanguage\":\"tr\",\"@id\":\"https:\/\/talkpal.ai\/tr\/#\/schema\/logo\/image\/\",\"url\":\"https:\/\/talkpal.ai\/wp-content\/uploads\/2024\/03\/Talkpal-Logo-Icon.png\",\"contentUrl\":\"https:\/\/talkpal.ai\/wp-content\/uploads\/2024\/03\/Talkpal-Logo-Icon.png\",\"width\":2880,\"height\":2880,\"caption\":\"Talkpal, Inc.\"},\"image\":{\"@id\":\"https:\/\/talkpal.ai\/tr\/#\/schema\/logo\/image\/\"},\"sameAs\":[\"https:\/\/www.facebook.com\/profile.php?id=100090733639311\",\"https:\/\/x.com\/talkpalai\",\"https:\/\/www.linkedin.com\/company\/talkpal\/\",\"https:\/\/www.youtube.com\/@TalkPal\/\",\"https:\/\/www.tiktok.com\/@talkpal\",\"https:\/\/www.instagram.com\/talkpal_ai\/\",\"https:\/\/www.crunchbase.com\/organization\/talkpal-9cde\",\"https:\/\/www.g2.com\/products\/talkpal-for-business\/\",\"https:\/\/www.trustpilot.com\/review\/talkpal.ai\",\"https:\/\/www.capterra.com\/p\/10006800\/TalkPal\/\"],\"description\":\"Talkpal is a language learning web and mobile education app, powered by the latest AI technologies, that provides engaging experiences to its customers in many different languages to help them improve their language skills. Users can chat about unlimited amount of topics with the app and use other modes to practice their language learning.\",\"email\":\"support@talkpal.ai\",\"legalName\":\"Talkpal, Inc.\",\"foundingDate\":\"2023-04-03\",\"duns\":\"118989042\",\"numberOfEmployees\":{\"@type\":\"QuantitativeValue\",\"minValue\":\"11\",\"maxValue\":\"50\"},\"publishingPrinciples\":\"https:\/\/talkpal.ai\/publishing-principles\/\",\"actionableFeedbackPolicy\":\"https:\/\/talkpal.ai\/actionable-feedback-policy\/\",\"correctionsPolicy\":\"https:\/\/talkpal.ai\/corrections-policy\/\",\"ethicsPolicy\":\"https:\/\/talkpal.ai\/ethics-policy\/\",\"diversityPolicy\":\"https:\/\/talkpal.ai\/diversity-policy\/\",\"diversityStaffingReport\":\"https:\/\/talkpal.ai\/diversity-policy\/\"}]}<\/script>\n<!-- \/ Yoast SEO Premium plugin. -->","yoast_head_json":{"title":"Marathi Dilbilgisi - Talkpal","description":"Marathi dilbilgisinin b\u00fcy\u00fcleyici d\u00fcnyas\u0131n\u0131 ke\u015ffedin ve dili \u00f6\u011frenirken benzersiz kurallar\u0131n\u0131, fonetiklerini ve \u00e7ekimlerini ke\u015ffedin.","robots":{"index":"index","follow":"follow","max-snippet":"max-snippet:-1","max-image-preview":"max-image-preview:large","max-video-preview":"max-video-preview:-1"},"canonical":"https:\/\/talkpal.ai\/tr\/marathi-dilbilgisi\/","og_locale":"tr_TR","og_type":"article","og_title":"Marathi Dilbilgisi","og_description":"Marathi Dilbilgisinin Cazibesi: Gizemlerini ve Karma\u015f\u0131kl\u0131klar\u0131n\u0131 Ortaya \u00c7\u0131karmak Karma\u015f\u0131k kurallar, istisnalar ve karma\u015f\u0131k terminoloji ile dolu \u0130ngilizce","og_url":"https:\/\/talkpal.ai\/tr\/marathi-dilbilgisi\/","og_site_name":"Talkpal","article_publisher":"https:\/\/www.facebook.com\/profile.php?id=100090733639311","article_modified_time":"2025-12-12T10:36:42+00:00","og_image":[{"width":512,"height":512,"url":"https:\/\/talkpal.ai\/wp-content\/uploads\/2023\/05\/Marathi-india.png","type":"image\/png"}],"twitter_card":"summary_large_image","twitter_site":"@talkpalai","twitter_misc":{"Tahmini okuma s\u00fcresi":"3 dakika"},"schema":{"@context":"https:\/\/schema.org","@graph":[{"@type":"WebPage","@id":"https:\/\/talkpal.ai\/tr\/marathi-dilbilgisi\/","url":"https:\/\/talkpal.ai\/tr\/marathi-dilbilgisi\/","name":"Marathi Dilbilgisi - Talkpal","isPartOf":{"@id":"https:\/\/talkpal.ai\/tr\/#website"},"primaryImageOfPage":{"@id":"https:\/\/talkpal.ai\/tr\/marathi-dilbilgisi\/#primaryimage"},"image":{"@id":"https:\/\/talkpal.ai\/tr\/marathi-dilbilgisi\/#primaryimage"},"thumbnailUrl":"https:\/\/talkpal.ai\/wp-content\/uploads\/2023\/05\/Marathi-india.png","datePublished":"2023-05-14T14:12:07+00:00","dateModified":"2025-12-12T10:36:42+00:00","description":"Marathi dilbilgisinin b\u00fcy\u00fcleyici d\u00fcnyas\u0131n\u0131 ke\u015ffedin ve dili \u00f6\u011frenirken benzersiz kurallar\u0131n\u0131, fonetiklerini ve \u00e7ekimlerini ke\u015ffedin.","breadcrumb":{"@id":"https:\/\/talkpal.ai\/tr\/marathi-dilbilgisi\/#breadcrumb"},"inLanguage":"tr","potentialAction":[{"@type":"ReadAction","target":["https:\/\/talkpal.ai\/tr\/marathi-dilbilgisi\/"]}]},{"@type":"ImageObject","inLanguage":"tr","@id":"https:\/\/talkpal.ai\/tr\/marathi-dilbilgisi\/#primaryimage","url":"https:\/\/talkpal.ai\/wp-content\/uploads\/2023\/05\/Marathi-india.png","contentUrl":"https:\/\/talkpal.ai\/wp-content\/uploads\/2023\/05\/Marathi-india.png","width":512,"height":512},{"@type":"BreadcrumbList","@id":"https:\/\/talkpal.ai\/tr\/marathi-dilbilgisi\/#breadcrumb","itemListElement":[{"@type":"ListItem","position":1,"name":"Homepage","item":"https:\/\/talkpal.ai\/tr\/"},{"@type":"ListItem","position":2,"name":"Marathi Dilbilgisi"}]},{"@type":"WebSite","@id":"https:\/\/talkpal.ai\/tr\/#website","url":"https:\/\/talkpal.ai\/tr\/","name":"Talkpal","description":"AI Language Learning","publisher":{"@id":"https:\/\/talkpal.ai\/tr\/#organization"},"alternateName":"Talkpal AI","potentialAction":[{"@type":"SearchAction","target":{"@type":"EntryPoint","urlTemplate":"https:\/\/talkpal.ai\/tr\/?s={search_term_string}"},"query-input":{"@type":"PropertyValueSpecification","valueRequired":true,"valueName":"search_term_string"}}],"inLanguage":"tr"},{"@type":"Organization","@id":"https:\/\/talkpal.ai\/tr\/#organization","name":"Talkpal, Inc.","alternateName":"Talkpal AI","url":"https:\/\/talkpal.ai\/tr\/","logo":{"@type":"ImageObject","inLanguage":"tr","@id":"https:\/\/talkpal.ai\/tr\/#\/schema\/logo\/image\/","url":"https:\/\/talkpal.ai\/wp-content\/uploads\/2024\/03\/Talkpal-Logo-Icon.png","contentUrl":"https:\/\/talkpal.ai\/wp-content\/uploads\/2024\/03\/Talkpal-Logo-Icon.png","width":2880,"height":2880,"caption":"Talkpal, Inc."},"image":{"@id":"https:\/\/talkpal.ai\/tr\/#\/schema\/logo\/image\/"},"sameAs":["https:\/\/www.facebook.com\/profile.php?id=100090733639311","https:\/\/x.com\/talkpalai","https:\/\/www.linkedin.com\/company\/talkpal\/","https:\/\/www.youtube.com\/@TalkPal\/","https:\/\/www.tiktok.com\/@talkpal","https:\/\/www.instagram.com\/talkpal_ai\/","https:\/\/www.crunchbase.com\/organization\/talkpal-9cde","https:\/\/www.g2.com\/products\/talkpal-for-business\/","https:\/\/www.trustpilot.com\/review\/talkpal.ai","https:\/\/www.capterra.com\/p\/10006800\/TalkPal\/"],"description":"Talkpal is a language learning web and mobile education app, powered by the latest AI technologies, that provides engaging experiences to its customers in many different languages to help them improve their language skills. Users can chat about unlimited amount of topics with the app and use other modes to practice their language learning.","email":"support@talkpal.ai","legalName":"Talkpal, Inc.","foundingDate":"2023-04-03","duns":"118989042","numberOfEmployees":{"@type":"QuantitativeValue","minValue":"11","maxValue":"50"},"publishingPrinciples":"https:\/\/talkpal.ai\/publishing-principles\/","actionableFeedbackPolicy":"https:\/\/talkpal.ai\/actionable-feedback-policy\/","correctionsPolicy":"https:\/\/talkpal.ai\/corrections-policy\/","ethicsPolicy":"https:\/\/talkpal.ai\/ethics-policy\/","diversityPolicy":"https:\/\/talkpal.ai\/diversity-policy\/","diversityStaffingReport":"https:\/\/talkpal.ai\/diversity-policy\/"}]}},"_links":{"self":[{"href":"https:\/\/talkpal.ai\/tr\/wp-json\/wp\/v2\/pages\/147427","targetHints":{"allow":["GET"]}}],"collection":[{"href":"https:\/\/talkpal.ai\/tr\/wp-json\/wp\/v2\/pages"}],"about":[{"href":"https:\/\/talkpal.ai\/tr\/wp-json\/wp\/v2\/types\/page"}],"author":[{"embeddable":true,"href":"https:\/\/talkpal.ai\/tr\/wp-json\/wp\/v2\/users\/1"}],"replies":[{"embeddable":true,"href":"https:\/\/talkpal.ai\/tr\/wp-json\/wp\/v2\/comments?post=147427"}],"version-history":[{"count":0,"href":"https:\/\/talkpal.ai\/tr\/wp-json\/wp\/v2\/pages\/147427\/revisions"}],"wp:featuredmedia":[{"embeddable":true,"href":"https:\/\/talkpal.ai\/tr\/wp-json\/wp\/v2\/media\/116346"}],"wp:attachment":[{"href":"https:\/\/talkpal.ai\/tr\/wp-json\/wp\/v2\/media?parent=147427"}],"curies":[{"name":"wp","href":"https:\/\/api.w.org\/{rel}","templated":true}]}}