{"id":147077,"date":"2023-05-14T14:11:47","date_gmt":"2023-05-14T14:11:47","guid":{"rendered":"http:\/\/talkpal.ai\/malay-dili-bilgisi\/"},"modified":"2025-12-17T16:40:08","modified_gmt":"2025-12-17T16:40:08","slug":"malay-dili-bilgisi","status":"publish","type":"page","link":"https:\/\/talkpal.ai\/tr\/malay-dili-bilgisi\/","title":{"rendered":"Malay Dili Bilgisi"},"content":{"rendered":"\r\n\r\n\r\n<section class=\"languageChallengeSection\">\r\n    <div class=\"languageInfoWrapper\">\r\n        \r\n        <h1>Malay Dili Bilgisi<\/h1>\r\n        <p>Malayca \u00f6\u011frenmeyi merak m\u0131 ediyorsunuz? Basit kurallar\u0131, fiil \u00e7ekiminin olmamas\u0131 ve anlam yaratmak i\u00e7in eklerin kullan\u0131lmas\u0131yla bilinen <a href=\"https:\/\/talkpal.ai\/learn-malay\/\">Malay<\/a> dilbilgisine dal\u0131n. Bug\u00fcn ba\u015flay\u0131n &#8211; Malayca dilbilgisinde ustala\u015fmak size kolayca ileti\u015fim kurman\u0131z i\u00e7in g\u00fcven verecek ve G\u00fcneydo\u011fu Asya&#039;n\u0131n \u00e7e\u015fitli ve dinamik k\u00fclt\u00fcrlerine kap\u0131lar a\u00e7acakt\u0131r!<\/p>\r\n\r\n                            <a class=\"getStartedHidden\" href=\"https:\/\/app.talkpal.ai\/tr\/signup?lng=\">Hadi ba\u015fla<\/a>\r\n        \r\n    <\/div>\r\n\r\n    <figure>\r\n    <img decoding=\"async\" width=\"768\" height=\"768\" src=\"https:\/\/talkpal.ai\/wp-content\/uploads\/2023\/06\/malay-768x768.png\" class=\"languageImage no-lazy\" alt=\"Language learning for personal accomplishments\" fetchpriority=\"high\" sizes=\"(max-width: 768px) 150px, 768px\" srcset=\"https:\/\/talkpal.ai\/wp-content\/uploads\/2023\/06\/malay-768x768.png 768w, https:\/\/talkpal.ai\/wp-content\/uploads\/2023\/06\/malay-300x300.png 300w\" \/>\r\n    \r\n\r\n    <\/figure>\r\n\r\n            <a class=\"getStartedVisible\" href=\"https:\/\/app.talkpal.ai\/tr\/signup?lng=\">Hadi ba\u015fla<\/a>\r\n    \r\n<\/section>\r\n<section class=\"promotionalBanner\">\r\n    <p class=\"promotionalText\">Dil \u00f6\u011frenmenin en etkili yolu<\/p>\r\n    <a class=\"promotionalLink\" href=\"https:\/\/app.talkpal.ai\/tr\/signup?lng=\">Talkpal \u00fccretsiz deneyin<\/a>\r\n<\/section>\n<div class=\"wp-block-group pageContainerStyle\"><div class=\"wp-block-group__inner-container is-layout-constrained wp-block-group-is-layout-constrained\">\n<h2 class=\"wp-block-heading\" id=\"h-malay-grammar-exploring-the-richness-of-bahasa-melayu\">Malay Dilbilgisi: Bahasa Melayu&#8217;nun Zenginli\u011fini Ke\u015ffetmek<\/h2>\n\n\n\n<p>Malay dili veya <a href=\"https:\/\/talkpal.ai\/ms\/belajar-bahasa-melayu\/\">Bahasa Melayu<\/a>, Malezya, Endonezya, Brunei ve Singapur&#8217;un farkl\u0131 halklar\u0131n\u0131 birle\u015ftirerek d\u00fcnyan\u0131n en \u00e7ok konu\u015fulan dilleri aras\u0131nda yer almaktad\u0131r. Malayca \u00f6\u011frenmeye ba\u015flad\u0131\u011f\u0131n\u0131zda, dilbilgisinin g\u00fczelli\u011fini ve geli\u015fmekte olan dil manzaras\u0131n\u0131 h\u0131zla ke\u015ffedeceksiniz. Bu makale, bu \u00e7ok y\u00f6nl\u00fc dili daha iyi anlaman\u0131z ve takdir etmeniz i\u00e7in size rehberlik ederek Malay dilbilgisinin temel ilkelerini tan\u0131tmay\u0131 ama\u00e7lamaktad\u0131r.<\/p>\n\n\n\n<h3 class=\"wp-block-heading\" id=\"h-1-nouns-simplicity-rules\">1. \u0130simler \u2013 Basitlik Kurallar\u0131<\/h3>\n\n\n\n<p>Di\u011fer dillerin aksine, Malay dilbilgisinde isimler i\u00e7in \u00e7ekimler ya da cinsiyet s\u0131n\u0131fland\u0131rmalar\u0131 bulunmaz. Bunun yerine, isim kullan\u0131m\u0131 sadeli\u011fe g\u00fc\u00e7l\u00fc bir vurgu yapar. \u0130simlerin \u00e7o\u011ful bi\u00e7imleri sadece kopyalanarak olu\u015fturulur. Kula\u011fa kolay geliyor, de\u011fil mi? \u00d6rne\u011fin, &#8220;elma&#8221; &#8220;buah epal &#8220;dir, dolay\u0131s\u0131yla &#8220;elmalar&#8221; &#8220;buah-buah epal&#8221; olur. Gayri resmi konu\u015fmada \u00e7o\u011faltmay\u0131 b\u0131rakabilirsiniz.<\/p>\n\n\n\n<h3 class=\"wp-block-heading\" id=\"h-2-adjectives-straightforward-descriptions\">2. S\u0131fatlar \u2013 Basit A\u00e7\u0131klamalar<\/h3>\n\n\n\n<p>Malayca s\u0131fatlar, tan\u0131mlad\u0131klar\u0131 isim ne olursa olsun de\u011fi\u015fmeden kal\u0131r, bu da onlar\u0131 inan\u0131lmaz derecede kolay kullan\u0131l\u0131r hale getirir &#8211; dilin sadeli\u011finin bir ba\u015fka kan\u0131t\u0131. S\u0131fat yerle\u015fimi isimden sonra gelerek c\u00fcmlelerde ho\u015f bir ak\u0131\u015f olu\u015fturur. \u00d6rne\u011fin, &#8220;b\u00fcy\u00fck bir ev&#8221; &#8220;rumah besar &#8220;d\u0131r; &#8220;rumah&#8221; &#8220;ev&#8221;, &#8220;besar&#8221; ise &#8220;b\u00fcy\u00fck&#8221; anlam\u0131na gelir.<\/p>\n\n\n\n<h3 class=\"wp-block-heading\" id=\"h-3-verbs-the-magic-of-prefixes-and-suffixes\">3. Fiiller \u2013 \u00d6neklerin ve Soneklerin B\u00fcy\u00fcs\u00fc<\/h3>\n\n\n\n<p>Malayca fiiller hem heyecan verici hem de anla\u015f\u0131l\u0131r bir \u00e7ok y\u00f6nl\u00fcl\u00fc\u011fe sahiptir. Bahasa Melayu&#8217;da zamanlar fiil formlar\u0131 arac\u0131l\u0131\u011f\u0131yla a\u00e7\u0131k\u00e7a aktar\u0131lmaz; bunun yerine ba\u011flam veya zaman i\u015faretleri arac\u0131l\u0131\u011f\u0131yla belirtilirler. Ek olarak, Malayca, farkl\u0131 fiil y\u00f6nlerini ifade etmek i\u00e7in \u00f6nek ve sonekleri kapsaml\u0131 bir \u015fekilde kullan\u0131r.<\/p>\n\n\n\n<p>\u00dc\u00e7 temel \u00f6n ek vard\u0131r: &#8220;meN-&#8220;, &#8220;ber-&#8221; ve &#8220;ter-&#8220;. &#8220;meN-&#8221; \u00f6n eki, aktif fiiller olu\u015fturmak ve nedensel eylemleri belirtmek de dahil olmak \u00fczere geni\u015f bir kullan\u0131m alan\u0131na sahiptir. Bu arada, &#8220;ber-&#8221; ge\u00e7i\u015fsiz eylemleri, &#8220;ter-&#8221; ise tesad\u00fcfi olu\u015fumlar\u0131 veya pasif eylemleri belirtir. Her bir \u00f6n ekin temel fiilde k\u00fc\u00e7\u00fck yaz\u0131m de\u011fi\u015fikliklerini tetikleyebilece\u011fini unutmamak \u00f6nemlidir.<\/p>\n\n\n\n<p>&#8220;-kan&#8221; ve &#8220;-i&#8221; gibi son ekler daha fazla \u00f6zg\u00fcll\u00fck sa\u011flamaya yard\u0131mc\u0131 olurken, &#8220;-el-&#8221; eki temel fiile yo\u011funluk katar.<\/p>\n\n\n\n<h3 class=\"wp-block-heading\" id=\"h-4-prepositions-amp-particles-adding-flavor-to-sentences\">4. Edatlar ve Par\u00e7ac\u0131klar \u2013 C\u00fcmlelere Lezzet Katmak<\/h3>\n\n\n\n<p>Edatlar ve par\u00e7ac\u0131klar Malay dilbilgisinde hayati bir rol oynar, dilsel yap\u0131\u015ft\u0131r\u0131c\u0131 g\u00f6revi g\u00f6r\u00fcr ve temel ba\u011flam\u0131 sa\u011flar. &#8220;di&#8221; (at), &#8220;ke&#8221; (to) ve &#8220;dari&#8221; (from) gibi edatlar kelimeler aras\u0131nda ili\u015fki kurulmas\u0131na yard\u0131mc\u0131 olur. \u00d6te yandan, &#8220;lah&#8221;, &#8220;kah&#8221; ve &#8220;pun&#8221; gibi par\u00e7ac\u0131klar c\u00fcmlelere vurgu, duygu ve soru i\u015fareti eklemek i\u00e7in kullan\u0131l\u0131r.<\/p>\n\n\n\n<p>\u00d6rne\u011fin, &#8220;Kamu pergi sana,&#8221; yani &#8220;Sen oraya gidiyorsun,&#8221; c\u00fcmlesi, sonuna &#8220;lah&#8221; eklerseniz daha vurgulu hale gelir: &#8220;Kamu pergi sana lah.&#8221; Art\u0131k &#8220;Oraya git (hemen \u015fimdi)&#8221; anlam\u0131na geliyor.<\/p>\n\n\n\n<h3 class=\"wp-block-heading\" id=\"h-5-embracing-the-journey\">5. Yolculu\u011fu Kucaklamak<\/h3>\n\n\n\n<p>Malayca <a href=\"https:\/\/talkpal.ai\/grammar\/\">dilbilgisi<\/a> di\u011fer dillere k\u0131yasla basit g\u00f6r\u00fcnse de, g\u00fczelli\u011fi basit kurallarla elde edilen ifadelerin zenginli\u011fi ve \u00e7e\u015fitlili\u011finde yatmaktad\u0131r. Malayca dilbilgisi \u00f6\u011frenmenin kolayl\u0131\u011f\u0131, \u00e7e\u015fitli Malayca konu\u015fulan d\u00fcnyayla daha etkili bir \u015fekilde etkile\u015fim kurman\u0131za ve kendinizi e\u015fsiz k\u00fclt\u00fcr\u00fcne kapt\u0131rman\u0131za olanak tan\u0131r.<\/p>\n\n\n\n<p>Bahasa Melayu d\u00fcnyas\u0131na kafa kafaya dalmadan \u00f6nce, yolculu\u011fun her zaman sorunsuz olmayabilece\u011fini unutmay\u0131n. A\u00e7\u0131k fikirli olun, anadili \u0130ngilizce olan ki\u015filerle ileti\u015fim kurun ve en \u00f6nemlisi, bu g\u00fczel dilin i\u00e7indeki n\u00fcanslar\u0131 ke\u015ffetme deneyiminin tad\u0131n\u0131 \u00e7\u0131kar\u0131n. Selamat belajar \u2013 mutlu \u00f6\u011frenme!<\/p>\n<\/div><\/div>\n\r\n<section class=\"learnNavigationSection\">\r\n            \r\n        <a href=\"https:\/\/talkpal.ai\/tr\/malayca-ogren\/\">\r\n            <div class=\"learnNavigationWrapper\">\r\n                <div class=\"learnNavigationContent\">\r\n                    <img decoding=\"async\" src=\"https:\/\/talkpal.ai\/wp-content\/uploads\/2024\/08\/Malay.jpg\" alt=\"Malaysian Flag\">\r\n                    <div>\r\n                        <h4>Malay Learning Hakk\u0131nda<\/h4>\r\n                        <p>Malay dilbilgisi hakk\u0131nda her \u015feyi \u00f6\u011frenin .<\/p>\r\n                    <\/div>\r\n                <\/div>\r\n            <\/div>\r\n        <\/a>\r\n\r\n        \r\n        <a href=\"https:\/\/talkpal.ai\/tr\/malayca-dilbilgisi-alistirmalari\/\">\r\n            <div class=\"learnNavigationWrapper\">\r\n                <div class=\"learnNavigationContent\">\r\n                    <img decoding=\"async\" src=\"https:\/\/talkpal.ai\/wp-content\/uploads\/2024\/08\/Malay.jpg\" alt=\"Malaysian Flag\">\r\n                    <div>\r\n                        <h4>Malayca Dilbilgisi Al\u0131\u015ft\u0131rmas\u0131<\/h4>\r\n                        <p>Malayca dilbilgisi prati\u011fi yap\u0131n<\/p>\r\n                    <\/div>\r\n                <\/div>\r\n            <\/div>\r\n        <\/a>\r\n\r\n        \r\n        <a href=\"https:\/\/talkpal.ai\/vocabulary_language\/malay\/\">\r\n            <div class=\"learnNavigationWrapper\">\r\n                <div class=\"learnNavigationContent\">\r\n                    <img decoding=\"async\" src=\"https:\/\/talkpal.ai\/wp-content\/uploads\/2024\/08\/Malay.jpg\" alt=\"Malaysian Flag\">\r\n                    <div>\r\n                        <h4>Malayca Kelime Bilgisi<\/h4>\r\n                        <p>Malayca kelime da\u011farc\u0131\u011f\u0131n\u0131z\u0131 geni\u015fletin.<\/p>\r\n                    <\/div>\r\n                <\/div>\r\n            <\/div>\r\n        <\/a>\r\n\r\n            <\/section>","protected":false},"excerpt":{"rendered":"<p>Malay Dilbilgisi: Bahasa Melayu&#8217;nun Zenginli\u011fini Ke\u015ffetmek Malay dili veya Bahasa Melayu, Malezya, Endonezya, Brunei ve Singapur&#8217;un farkl\u0131 halklar\u0131n\u0131 birle\u015ftirerek d\u00fcnyan\u0131n en \u00e7ok konu\u015fulan dilleri aras\u0131nda yer almaktad\u0131r. Malayca \u00f6\u011frenmeye ba\u015flad\u0131\u011f\u0131n\u0131zda, dilbilgisinin g\u00fczelli\u011fini ve geli\u015fmekte olan dil manzaras\u0131n\u0131 h\u0131zla ke\u015ffedeceksiniz. Bu makale, bu \u00e7ok y\u00f6nl\u00fc dili daha iyi anlaman\u0131z ve takdir etmeniz i\u00e7in size rehberlik ederek [&hellip;]<\/p>\n","protected":false},"author":1,"featured_media":115721,"parent":0,"menu_order":0,"comment_status":"closed","ping_status":"closed","template":"LearningContentPage.php","meta":{"_acf_changed":false,"footnotes":""},"class_list":["post-147077","page","type-page","status-publish","has-post-thumbnail","hentry"],"acf":[],"yoast_head":"<!-- This site is optimized with the Yoast SEO Premium plugin v27.2 (Yoast SEO v27.2) - https:\/\/yoast.com\/product\/yoast-seo-premium-wordpress\/ -->\n<title>Malay Dili Bilgisi - Talkpal<\/title>\n<meta name=\"description\" content=\"Malay dilbilgisini ke\u015ffedin ve basitli\u011finin Malay dili anlay\u0131\u015f\u0131n\u0131z\u0131 nas\u0131l geli\u015ftirebilece\u011fini \u00f6\u011frenin.\" \/>\n<meta name=\"robots\" content=\"index, follow, max-snippet:-1, max-image-preview:large, max-video-preview:-1\" \/>\n<link rel=\"canonical\" href=\"https:\/\/talkpal.ai\/tr\/malay-dili-bilgisi\/\" \/>\n<meta property=\"og:locale\" content=\"tr_TR\" \/>\n<meta property=\"og:type\" content=\"article\" \/>\n<meta property=\"og:title\" content=\"Malay Dili Bilgisi\" \/>\n<meta property=\"og:description\" content=\"Malay Dilbilgisi: Bahasa Melayu&#039;nun Zenginli\u011fini Ke\u015ffetmek Malay dili veya Bahasa Melayu, Malezya, Endonezya, Brunei ve Singapur&#039;un farkl\u0131 halklar\u0131n\u0131\" \/>\n<meta property=\"og:url\" content=\"https:\/\/talkpal.ai\/tr\/malay-dili-bilgisi\/\" \/>\n<meta property=\"og:site_name\" content=\"Talkpal\" \/>\n<meta property=\"article:publisher\" content=\"https:\/\/www.facebook.com\/profile.php?id=100090733639311\" \/>\n<meta property=\"article:modified_time\" content=\"2025-12-17T16:40:08+00:00\" \/>\n<meta property=\"og:image\" content=\"https:\/\/talkpal.ai\/wp-content\/uploads\/2023\/05\/malaysia.png\" \/>\n\t<meta property=\"og:image:width\" content=\"512\" \/>\n\t<meta property=\"og:image:height\" content=\"512\" \/>\n\t<meta property=\"og:image:type\" content=\"image\/png\" \/>\n<meta name=\"twitter:card\" content=\"summary_large_image\" \/>\n<meta name=\"twitter:site\" content=\"@talkpalai\" \/>\n<meta name=\"twitter:label1\" content=\"Tahmini okuma s\u00fcresi\" \/>\n\t<meta name=\"twitter:data1\" content=\"3 dakika\" \/>\n<script type=\"application\/ld+json\" class=\"yoast-schema-graph\">{\"@context\":\"https:\/\/schema.org\",\"@graph\":[{\"@type\":\"WebPage\",\"@id\":\"https:\/\/talkpal.ai\/tr\/malay-dili-bilgisi\/\",\"url\":\"https:\/\/talkpal.ai\/tr\/malay-dili-bilgisi\/\",\"name\":\"Malay Dili Bilgisi - Talkpal\",\"isPartOf\":{\"@id\":\"https:\/\/talkpal.ai\/tr\/#website\"},\"primaryImageOfPage\":{\"@id\":\"https:\/\/talkpal.ai\/tr\/malay-dili-bilgisi\/#primaryimage\"},\"image\":{\"@id\":\"https:\/\/talkpal.ai\/tr\/malay-dili-bilgisi\/#primaryimage\"},\"thumbnailUrl\":\"https:\/\/talkpal.ai\/wp-content\/uploads\/2023\/05\/malaysia.png\",\"datePublished\":\"2023-05-14T14:11:47+00:00\",\"dateModified\":\"2025-12-17T16:40:08+00:00\",\"description\":\"Malay dilbilgisini ke\u015ffedin ve basitli\u011finin Malay dili anlay\u0131\u015f\u0131n\u0131z\u0131 nas\u0131l geli\u015ftirebilece\u011fini \u00f6\u011frenin.\",\"breadcrumb\":{\"@id\":\"https:\/\/talkpal.ai\/tr\/malay-dili-bilgisi\/#breadcrumb\"},\"inLanguage\":\"tr\",\"potentialAction\":[{\"@type\":\"ReadAction\",\"target\":[\"https:\/\/talkpal.ai\/tr\/malay-dili-bilgisi\/\"]}]},{\"@type\":\"ImageObject\",\"inLanguage\":\"tr\",\"@id\":\"https:\/\/talkpal.ai\/tr\/malay-dili-bilgisi\/#primaryimage\",\"url\":\"https:\/\/talkpal.ai\/wp-content\/uploads\/2023\/05\/malaysia.png\",\"contentUrl\":\"https:\/\/talkpal.ai\/wp-content\/uploads\/2023\/05\/malaysia.png\",\"width\":512,\"height\":512},{\"@type\":\"BreadcrumbList\",\"@id\":\"https:\/\/talkpal.ai\/tr\/malay-dili-bilgisi\/#breadcrumb\",\"itemListElement\":[{\"@type\":\"ListItem\",\"position\":1,\"name\":\"Homepage\",\"item\":\"https:\/\/talkpal.ai\/tr\/\"},{\"@type\":\"ListItem\",\"position\":2,\"name\":\"Malay Dili Bilgisi\"}]},{\"@type\":\"WebSite\",\"@id\":\"https:\/\/talkpal.ai\/tr\/#website\",\"url\":\"https:\/\/talkpal.ai\/tr\/\",\"name\":\"Talkpal\",\"description\":\"AI Language Learning\",\"publisher\":{\"@id\":\"https:\/\/talkpal.ai\/tr\/#organization\"},\"alternateName\":\"Talkpal AI\",\"potentialAction\":[{\"@type\":\"SearchAction\",\"target\":{\"@type\":\"EntryPoint\",\"urlTemplate\":\"https:\/\/talkpal.ai\/tr\/?s={search_term_string}\"},\"query-input\":{\"@type\":\"PropertyValueSpecification\",\"valueRequired\":true,\"valueName\":\"search_term_string\"}}],\"inLanguage\":\"tr\"},{\"@type\":\"Organization\",\"@id\":\"https:\/\/talkpal.ai\/tr\/#organization\",\"name\":\"Talkpal, Inc.\",\"alternateName\":\"Talkpal AI\",\"url\":\"https:\/\/talkpal.ai\/tr\/\",\"logo\":{\"@type\":\"ImageObject\",\"inLanguage\":\"tr\",\"@id\":\"https:\/\/talkpal.ai\/tr\/#\/schema\/logo\/image\/\",\"url\":\"https:\/\/talkpal.ai\/wp-content\/uploads\/2024\/03\/Talkpal-Logo-Icon.png\",\"contentUrl\":\"https:\/\/talkpal.ai\/wp-content\/uploads\/2024\/03\/Talkpal-Logo-Icon.png\",\"width\":2880,\"height\":2880,\"caption\":\"Talkpal, Inc.\"},\"image\":{\"@id\":\"https:\/\/talkpal.ai\/tr\/#\/schema\/logo\/image\/\"},\"sameAs\":[\"https:\/\/www.facebook.com\/profile.php?id=100090733639311\",\"https:\/\/x.com\/talkpalai\",\"https:\/\/www.linkedin.com\/company\/talkpal\/\",\"https:\/\/www.youtube.com\/@TalkPal\/\",\"https:\/\/www.tiktok.com\/@talkpal\",\"https:\/\/www.instagram.com\/talkpal_ai\/\",\"https:\/\/www.crunchbase.com\/organization\/talkpal-9cde\",\"https:\/\/www.g2.com\/products\/talkpal-for-business\/\",\"https:\/\/www.trustpilot.com\/review\/talkpal.ai\",\"https:\/\/www.capterra.com\/p\/10006800\/TalkPal\/\"],\"description\":\"Talkpal is a language learning web and mobile education app, powered by the latest AI technologies, that provides engaging experiences to its customers in many different languages to help them improve their language skills. Users can chat about unlimited amount of topics with the app and use other modes to practice their language learning.\",\"email\":\"support@talkpal.ai\",\"legalName\":\"Talkpal, Inc.\",\"foundingDate\":\"2023-04-03\",\"duns\":\"118989042\",\"numberOfEmployees\":{\"@type\":\"QuantitativeValue\",\"minValue\":\"11\",\"maxValue\":\"50\"},\"publishingPrinciples\":\"https:\/\/talkpal.ai\/publishing-principles\/\",\"actionableFeedbackPolicy\":\"https:\/\/talkpal.ai\/actionable-feedback-policy\/\",\"correctionsPolicy\":\"https:\/\/talkpal.ai\/corrections-policy\/\",\"ethicsPolicy\":\"https:\/\/talkpal.ai\/ethics-policy\/\",\"diversityPolicy\":\"https:\/\/talkpal.ai\/diversity-policy\/\",\"diversityStaffingReport\":\"https:\/\/talkpal.ai\/diversity-policy\/\"}]}<\/script>\n<!-- \/ Yoast SEO Premium plugin. -->","yoast_head_json":{"title":"Malay Dili Bilgisi - Talkpal","description":"Malay dilbilgisini ke\u015ffedin ve basitli\u011finin Malay dili anlay\u0131\u015f\u0131n\u0131z\u0131 nas\u0131l geli\u015ftirebilece\u011fini \u00f6\u011frenin.","robots":{"index":"index","follow":"follow","max-snippet":"max-snippet:-1","max-image-preview":"max-image-preview:large","max-video-preview":"max-video-preview:-1"},"canonical":"https:\/\/talkpal.ai\/tr\/malay-dili-bilgisi\/","og_locale":"tr_TR","og_type":"article","og_title":"Malay Dili Bilgisi","og_description":"Malay Dilbilgisi: Bahasa Melayu'nun Zenginli\u011fini Ke\u015ffetmek Malay dili veya Bahasa Melayu, Malezya, Endonezya, Brunei ve Singapur'un farkl\u0131 halklar\u0131n\u0131","og_url":"https:\/\/talkpal.ai\/tr\/malay-dili-bilgisi\/","og_site_name":"Talkpal","article_publisher":"https:\/\/www.facebook.com\/profile.php?id=100090733639311","article_modified_time":"2025-12-17T16:40:08+00:00","og_image":[{"width":512,"height":512,"url":"https:\/\/talkpal.ai\/wp-content\/uploads\/2023\/05\/malaysia.png","type":"image\/png"}],"twitter_card":"summary_large_image","twitter_site":"@talkpalai","twitter_misc":{"Tahmini okuma s\u00fcresi":"3 dakika"},"schema":{"@context":"https:\/\/schema.org","@graph":[{"@type":"WebPage","@id":"https:\/\/talkpal.ai\/tr\/malay-dili-bilgisi\/","url":"https:\/\/talkpal.ai\/tr\/malay-dili-bilgisi\/","name":"Malay Dili Bilgisi - Talkpal","isPartOf":{"@id":"https:\/\/talkpal.ai\/tr\/#website"},"primaryImageOfPage":{"@id":"https:\/\/talkpal.ai\/tr\/malay-dili-bilgisi\/#primaryimage"},"image":{"@id":"https:\/\/talkpal.ai\/tr\/malay-dili-bilgisi\/#primaryimage"},"thumbnailUrl":"https:\/\/talkpal.ai\/wp-content\/uploads\/2023\/05\/malaysia.png","datePublished":"2023-05-14T14:11:47+00:00","dateModified":"2025-12-17T16:40:08+00:00","description":"Malay dilbilgisini ke\u015ffedin ve basitli\u011finin Malay dili anlay\u0131\u015f\u0131n\u0131z\u0131 nas\u0131l geli\u015ftirebilece\u011fini \u00f6\u011frenin.","breadcrumb":{"@id":"https:\/\/talkpal.ai\/tr\/malay-dili-bilgisi\/#breadcrumb"},"inLanguage":"tr","potentialAction":[{"@type":"ReadAction","target":["https:\/\/talkpal.ai\/tr\/malay-dili-bilgisi\/"]}]},{"@type":"ImageObject","inLanguage":"tr","@id":"https:\/\/talkpal.ai\/tr\/malay-dili-bilgisi\/#primaryimage","url":"https:\/\/talkpal.ai\/wp-content\/uploads\/2023\/05\/malaysia.png","contentUrl":"https:\/\/talkpal.ai\/wp-content\/uploads\/2023\/05\/malaysia.png","width":512,"height":512},{"@type":"BreadcrumbList","@id":"https:\/\/talkpal.ai\/tr\/malay-dili-bilgisi\/#breadcrumb","itemListElement":[{"@type":"ListItem","position":1,"name":"Homepage","item":"https:\/\/talkpal.ai\/tr\/"},{"@type":"ListItem","position":2,"name":"Malay Dili Bilgisi"}]},{"@type":"WebSite","@id":"https:\/\/talkpal.ai\/tr\/#website","url":"https:\/\/talkpal.ai\/tr\/","name":"Talkpal","description":"AI Language Learning","publisher":{"@id":"https:\/\/talkpal.ai\/tr\/#organization"},"alternateName":"Talkpal AI","potentialAction":[{"@type":"SearchAction","target":{"@type":"EntryPoint","urlTemplate":"https:\/\/talkpal.ai\/tr\/?s={search_term_string}"},"query-input":{"@type":"PropertyValueSpecification","valueRequired":true,"valueName":"search_term_string"}}],"inLanguage":"tr"},{"@type":"Organization","@id":"https:\/\/talkpal.ai\/tr\/#organization","name":"Talkpal, Inc.","alternateName":"Talkpal AI","url":"https:\/\/talkpal.ai\/tr\/","logo":{"@type":"ImageObject","inLanguage":"tr","@id":"https:\/\/talkpal.ai\/tr\/#\/schema\/logo\/image\/","url":"https:\/\/talkpal.ai\/wp-content\/uploads\/2024\/03\/Talkpal-Logo-Icon.png","contentUrl":"https:\/\/talkpal.ai\/wp-content\/uploads\/2024\/03\/Talkpal-Logo-Icon.png","width":2880,"height":2880,"caption":"Talkpal, Inc."},"image":{"@id":"https:\/\/talkpal.ai\/tr\/#\/schema\/logo\/image\/"},"sameAs":["https:\/\/www.facebook.com\/profile.php?id=100090733639311","https:\/\/x.com\/talkpalai","https:\/\/www.linkedin.com\/company\/talkpal\/","https:\/\/www.youtube.com\/@TalkPal\/","https:\/\/www.tiktok.com\/@talkpal","https:\/\/www.instagram.com\/talkpal_ai\/","https:\/\/www.crunchbase.com\/organization\/talkpal-9cde","https:\/\/www.g2.com\/products\/talkpal-for-business\/","https:\/\/www.trustpilot.com\/review\/talkpal.ai","https:\/\/www.capterra.com\/p\/10006800\/TalkPal\/"],"description":"Talkpal is a language learning web and mobile education app, powered by the latest AI technologies, that provides engaging experiences to its customers in many different languages to help them improve their language skills. Users can chat about unlimited amount of topics with the app and use other modes to practice their language learning.","email":"support@talkpal.ai","legalName":"Talkpal, Inc.","foundingDate":"2023-04-03","duns":"118989042","numberOfEmployees":{"@type":"QuantitativeValue","minValue":"11","maxValue":"50"},"publishingPrinciples":"https:\/\/talkpal.ai\/publishing-principles\/","actionableFeedbackPolicy":"https:\/\/talkpal.ai\/actionable-feedback-policy\/","correctionsPolicy":"https:\/\/talkpal.ai\/corrections-policy\/","ethicsPolicy":"https:\/\/talkpal.ai\/ethics-policy\/","diversityPolicy":"https:\/\/talkpal.ai\/diversity-policy\/","diversityStaffingReport":"https:\/\/talkpal.ai\/diversity-policy\/"}]}},"_links":{"self":[{"href":"https:\/\/talkpal.ai\/tr\/wp-json\/wp\/v2\/pages\/147077","targetHints":{"allow":["GET"]}}],"collection":[{"href":"https:\/\/talkpal.ai\/tr\/wp-json\/wp\/v2\/pages"}],"about":[{"href":"https:\/\/talkpal.ai\/tr\/wp-json\/wp\/v2\/types\/page"}],"author":[{"embeddable":true,"href":"https:\/\/talkpal.ai\/tr\/wp-json\/wp\/v2\/users\/1"}],"replies":[{"embeddable":true,"href":"https:\/\/talkpal.ai\/tr\/wp-json\/wp\/v2\/comments?post=147077"}],"version-history":[{"count":0,"href":"https:\/\/talkpal.ai\/tr\/wp-json\/wp\/v2\/pages\/147077\/revisions"}],"wp:featuredmedia":[{"embeddable":true,"href":"https:\/\/talkpal.ai\/tr\/wp-json\/wp\/v2\/media\/115721"}],"wp:attachment":[{"href":"https:\/\/talkpal.ai\/tr\/wp-json\/wp\/v2\/media?parent=147077"}],"curies":[{"name":"wp","href":"https:\/\/api.w.org\/{rel}","templated":true}]}}