{"id":146745,"date":"2023-05-14T14:11:28","date_gmt":"2023-05-14T14:11:28","guid":{"rendered":"http:\/\/talkpal.ai\/makedonca-dilbilgisi\/"},"modified":"2025-12-17T16:35:15","modified_gmt":"2025-12-17T16:35:15","slug":"makedonca-dilbilgisi","status":"publish","type":"page","link":"https:\/\/talkpal.ai\/tr\/makedonca-dilbilgisi\/","title":{"rendered":"Makedonca Dilbilgisi"},"content":{"rendered":"\r\n\r\n\r\n<section class=\"languageChallengeSection\">\r\n    <div class=\"languageInfoWrapper\">\r\n        \r\n        <h1>Makedonca Dilbilgisi<\/h1>\r\n        <p>Makedonca gramerinin b\u00fcy\u00fcleyici d\u00fcnyas\u0131na dal\u0131n ve bu e\u015fsiz G\u00fcney Slav dilinin arkas\u0131ndaki yap\u0131y\u0131 ortaya \u00e7\u0131kar\u0131n. Makedonca dilbilgisinin temellerini \u00f6\u011frenmek, daha g\u00fcvenli bir \u015fekilde ileti\u015fim kurman\u0131z\u0131 ve Kuzey Makedonya&#039;n\u0131n zengin k\u00fclt\u00fcr\u00fcn\u00fc ke\u015ffetmenizi sa\u011flayacakt\u0131r. Bug\u00fcn ba\u015flay\u0131n ve Makedonca&#039;da ustala\u015fmak i\u00e7in ilk ad\u0131m\u0131n\u0131z\u0131 at\u0131n!<\/p>\r\n\r\n                            <a class=\"getStartedHidden\" href=\"https:\/\/app.talkpal.ai\/tr\/signup?lng=\">Hadi ba\u015fla<\/a>\r\n        \r\n    <\/div>\r\n\r\n    <figure>\r\n    <img decoding=\"async\" width=\"768\" height=\"768\" src=\"https:\/\/talkpal.ai\/wp-content\/uploads\/2023\/06\/macedonian-768x768.png\" class=\"languageImage no-lazy\" alt=\"Language learning through conversational practice\" fetchpriority=\"high\" sizes=\"(max-width: 768px) 150px, 768px\" srcset=\"https:\/\/talkpal.ai\/wp-content\/uploads\/2023\/06\/macedonian-768x768.png 768w, https:\/\/talkpal.ai\/wp-content\/uploads\/2023\/06\/macedonian-300x300.png 300w\" \/>\r\n    \r\n\r\n    <\/figure>\r\n\r\n            <a class=\"getStartedVisible\" href=\"https:\/\/app.talkpal.ai\/tr\/signup?lng=\">Hadi ba\u015fla<\/a>\r\n    \r\n<\/section>\r\n<section class=\"promotionalBanner\">\r\n    <p class=\"promotionalText\">Dil \u00f6\u011frenmenin en etkili yolu<\/p>\r\n    <a class=\"promotionalLink\" href=\"https:\/\/app.talkpal.ai\/tr\/signup?lng=\">Talkpal \u00fccretsiz deneyin<\/a>\r\n<\/section>\n<div class=\"wp-block-group pageContainerStyle\"><div class=\"wp-block-group__inner-container is-layout-constrained wp-block-group-is-layout-constrained\">\n<h2 class=\"wp-block-heading\" id=\"h-unraveling-the-mysteries-of-macedonian-grammar\">Makedonca Dilbilgisinin Gizemlerini \u00c7\u00f6zmek<\/h2>\n\n\n\n<p><a href=\"https:\/\/talkpal.ai\/tr\/kolay-ve-hizli-makedonca-ogrenmek-icin-en-iyi-yontemler\/\">Makedonca dilbilgisi<\/a> &#8211; karma\u015f\u0131k <a href=\"https:\/\/talkpal.ai\/locations\/language-courses-in-ama\/\">ama<\/a> ula\u015f\u0131labilir, b\u00fcy\u00fcleyici ama zarif, karma\u015f\u0131k ama ilgi \u00e7ekici. <a href=\"https:\/\/talkpal.ai\/learn-macedonian\/\">Makedon<\/a> dili d\u00fcnyas\u0131na yolculu\u011funuza ba\u015flad\u0131\u011f\u0131n\u0131zda, gramer muammalar\u0131n\u0131 de\u015fifre etmek s\u00f6z konusu oldu\u011funda heyecan ve g\u00f6zda\u011f\u0131 kar\u0131\u015f\u0131m\u0131 hissedebilirsiniz. Korkmay\u0131n, ate\u015fli dil merakl\u0131s\u0131! Bu dil maceras\u0131nda size destek olmak i\u00e7in buraday\u0131z!<\/p>\n\n\n\n<p>Bu ilgi \u00e7ekici makalede, Makedonca dilbilgisinin temel y\u00f6nlerine \u0131\u015f\u0131k tutacak, i\u00e7g\u00f6r\u00fcler, a\u00e7\u0131klamalar ve pratik \u00f6rnekler sunaca\u011f\u0131z. Bu b\u00fcy\u00fcleyici Balkan dilinin sand\u0131\u011f\u0131n\u0131zdan daha eri\u015filebilir oldu\u011funu g\u00f6sterece\u011fiz! Kemerlerinizi ba\u011flay\u0131n ve Makedonca dilbilgisini sizin i\u00e7in basitle\u015ftirmemize ve gizemini \u00e7\u00f6zmemize izin verin.<\/p>\n\n\n\n<h3 class=\"wp-block-heading\" id=\"h-1-delightful-declensions-noun-cases-made-easy\">1. Keyifli \u00c7ekimler: \u0130sim Durumlar\u0131 Kolayla\u015ft\u0131r\u0131ld\u0131<\/h3>\n\n\n\n<p>Di\u011fer Slav dilleri gibi, Makedonca da \u00fc\u00e7 durumdan olu\u015fan karma\u015f\u0131k bir isim durum sistemine sahiptir: nominatif, su\u00e7lay\u0131c\u0131 ve dative. Daha fazla vakaya sahip dillerden daha az g\u00f6z korkutucu olsa da, ak\u0131c\u0131l\u0131k elde etmek i\u00e7in bu n\u00fcanslara hakim olmak \u00e7ok \u00f6nemlidir. Bu durumlar bir c\u00fcmledeki isimlere, zamirlere ve s\u0131fatlara farkl\u0131 roller atar. \u0130\u015fte k\u0131sa bir genel bak\u0131\u015f:<\/p>\n\n\n\n<p><strong>&#8211; Nominatif: C\u00fcmlenin \u00f6znesi<\/strong><\/p>\n\n\n\n<p><strong>&#8211; Su\u00e7lay\u0131c\u0131: Bir eylemin do\u011frudan nesnesi veya hedefi<\/strong><\/p>\n\n\n\n<p><strong>&#8211; Datif: Dolayl\u0131 nesne veya bir eylemin y\u00f6n\u00fcn\u00fc g\u00f6steren nesne<\/strong><\/p>\n\n\n\n<p>Bu vakalara al\u0131\u015fmak i\u00e7in pratik yapmak anahtard\u0131r. Zamanla ve dile maruz kald\u0131k\u00e7a, bu ayr\u0131mlar ikinci do\u011fa haline gelecektir.<\/p>\n\n\n\n<h3 class=\"wp-block-heading\" id=\"h-2-amiable-adjectives-agreement-is-everything\">2. Sevimli s\u0131fatlar: anla\u015fma her \u015feydir<\/h3>\n\n\n\n<p>Makedon dilbilgisindeki s\u0131fatlar do\u011fu\u015ftan konformistlerdir. Tan\u0131mlad\u0131klar\u0131 isimlerin cinsiyeti, say\u0131s\u0131 ve durumu konusunda hemfikirdirler. Bu, her s\u0131fat\u0131n bi\u00e7imini ismin \u00f6zellikleriyle uyumlu olacak \u015fekilde ayarlaman\u0131z gerekti\u011fi anlam\u0131na gelir.<\/p>\n\n\n\n<p>Bu s\u00fcreci daha sorunsuz hale getirmek i\u00e7in, temel s\u0131fat bi\u00e7imlerini \u00f6\u011frenmeye odaklan\u0131n \u2013 eril, di\u015fil ve n\u00f6tr. D\u00fczenli uygulama ile, s\u0131fat anla\u015fmas\u0131 s\u00fcreci yak\u0131nda sezgisel hale gelecektir.<\/p>\n\n\n\n<h3 class=\"wp-block-heading\" id=\"h-3-vigorous-verbs-conjugation-and-aspect-mastery\">3. G\u00fc\u00e7l\u00fc Fiiller: \u00c7ekim ve G\u00f6r\u00fcn\u00fc\u015f Ustal\u0131\u011f\u0131<\/h3>\n\n\n\n<p>Di\u011fer Slav dillerinde oldu\u011fu gibi, Makedonca fiiller de \u00f6nemli farkl\u0131l\u0131klar g\u00f6sterir. Konjugasyon zamana, ruh haline, ki\u015fiye, say\u0131ya ve en \u00f6nemlisi y\u00f6n\u00fcne ba\u011fl\u0131d\u0131r.<\/p>\n\n\n\n<p>Makedonca fiillerin iki y\u00f6n\u00fc vard\u0131r: m\u00fckemmel ve kusurlu. M\u00fckemmel fiiller tam bir eylemi ifade ederken, kusurlu fiiller devam eden veya tekrarlayan bir eylemi ifade eder. Bu kavram\u0131 anlamak, gramer uzmanl\u0131\u011f\u0131n\u0131z\u0131 geli\u015ftirmek i\u00e7in \u00e7ok \u00f6nemlidir.<\/p>\n\n\n\n<h3 class=\"wp-block-heading\" id=\"h-4-pitch-perfect-particles-mastering-stress-and-intonation\">4. M\u00fckemmel Par\u00e7ac\u0131klar: Vurgu ve Tonlamada Ustala\u015fma<\/h3>\n\n\n\n<p>Dil \u00f6\u011frenenler i\u00e7in benzersiz bir Makedonca zorluk, hecelere vurgu ve tonlama atayan ay\u0131rt edici perde vurgu sisteminde ustala\u015fmakt\u0131r. Bu sistem anlam\u0131 ve anlay\u0131\u015f\u0131 do\u011frudan etkileyebilir.<\/p>\n\n\n\n<p>Telaffuzda do\u011fruluk ve ileti\u015fimde netlik elde etmek i\u00e7in, anadili Makedonca olan konu\u015fmac\u0131lar\u0131n konu\u015fmalar\u0131ndaki tonlama kal\u0131plar\u0131na \u00e7ok dikkat edin. Yeni ba\u015flayan biri olarak zorlanabilirsiniz, ancak uygulaman\u0131n g\u00fcven ve ustal\u0131\u011f\u0131 besledi\u011fini unutmay\u0131n.<\/p>\n\n\n\n<h3 class=\"wp-block-heading\" id=\"h-5-embrace-the-intricacies-persevere-and-prosper\">5. Karma\u015f\u0131kl\u0131klar\u0131 Kucaklay\u0131n: Sebat Edin ve Geli\u015fin<\/h3>\n\n\n\n<p>Makedonca dilbilgisi ilk bak\u0131\u015fta karma\u015f\u0131k g\u00f6r\u00fcnebilir, ancak ba\u015far\u0131n\u0131n s\u0131rr\u0131n\u0131n sab\u0131r, pratik ve azim oldu\u011funu unutmay\u0131n. Okuma, yazma, dinleme ve konu\u015fma yoluyla dille etkile\u015fim kurun. Zorluklar\u0131 kucaklay\u0131n ve ilerlemenin memnuniyeti ile kendinizi \u00f6d\u00fcllendirin.<\/p>\n\n\n\n<p>Peki, Makedonca dilbilgisinin b\u00fcy\u00fcleyici d\u00fcnyas\u0131na dalmaya haz\u0131r m\u0131s\u0131n\u0131z? Tuhafl\u0131klar\u0131n\u0131 ve karma\u015f\u0131kl\u0131klar\u0131n\u0131 kucaklay\u0131n, inceliklerinin tad\u0131n\u0131 \u00e7\u0131kar\u0131n ve \u00f6zveri ve co\u015fkuyla Makedon dilinin ger\u00e7ek g\u00fczelli\u011fini ortaya \u00e7\u0131karabilece\u011finizi unutmay\u0131n. \u0421\u043e \u0441\u0440\u0435\u045c\u0430! (\u0130yi \u015fanslar!)<\/p>\n<\/div><\/div>\n\r\n<section class=\"learnNavigationSection\">\r\n            \r\n        <a href=\"https:\/\/talkpal.ai\/tr\/makedonca-ogren\/\">\r\n            <div class=\"learnNavigationWrapper\">\r\n                <div class=\"learnNavigationContent\">\r\n                    <img decoding=\"async\" src=\"https:\/\/talkpal.ai\/wp-content\/uploads\/2024\/08\/Macedonian.jpg\" alt=\"Macedonian Flag\">\r\n                    <div>\r\n                        <h4>Makedonca \u00d6\u011frenimi Hakk\u0131nda<\/h4>\r\n                        <p>Makedonca dilbilgisi hakk\u0131nda her \u015feyi \u00f6\u011frenin .<\/p>\r\n                    <\/div>\r\n                <\/div>\r\n            <\/div>\r\n        <\/a>\r\n\r\n        \r\n        <a href=\"https:\/\/talkpal.ai\/tr\/makedonca-dilbilgisi-alistirmalari\/\">\r\n            <div class=\"learnNavigationWrapper\">\r\n                <div class=\"learnNavigationContent\">\r\n                    <img decoding=\"async\" src=\"https:\/\/talkpal.ai\/wp-content\/uploads\/2024\/08\/Macedonian.jpg\" alt=\"Macedonian Flag\">\r\n                    <div>\r\n                        <h4>Makedonca Dilbilgisi Al\u0131\u015ft\u0131rmas\u0131<\/h4>\r\n                        <p>Makedonca dilbilgisi al\u0131\u015ft\u0131rmas\u0131 yap\u0131n .<\/p>\r\n                    <\/div>\r\n                <\/div>\r\n            <\/div>\r\n        <\/a>\r\n\r\n        \r\n        <a href=\"https:\/\/talkpal.ai\/vocabulary_language\/macedonian\/\">\r\n            <div class=\"learnNavigationWrapper\">\r\n                <div class=\"learnNavigationContent\">\r\n                    <img decoding=\"async\" src=\"https:\/\/talkpal.ai\/wp-content\/uploads\/2024\/08\/Macedonian.jpg\" alt=\"Macedonian Flag\">\r\n                    <div>\r\n                        <h4>Makedonca Kelime Bilgisi<\/h4>\r\n                        <p>Makedonca kelime da\u011farc\u0131\u011f\u0131n\u0131z\u0131 geni\u015fletin.<\/p>\r\n                    <\/div>\r\n                <\/div>\r\n            <\/div>\r\n        <\/a>\r\n\r\n            <\/section>","protected":false},"excerpt":{"rendered":"<p>Makedonca Dilbilgisinin Gizemlerini \u00c7\u00f6zmek Makedonca dilbilgisi &#8211; karma\u015f\u0131k ama ula\u015f\u0131labilir, b\u00fcy\u00fcleyici ama zarif, karma\u015f\u0131k ama ilgi \u00e7ekici. Makedon dili d\u00fcnyas\u0131na yolculu\u011funuza ba\u015flad\u0131\u011f\u0131n\u0131zda, gramer muammalar\u0131n\u0131 de\u015fifre etmek s\u00f6z konusu oldu\u011funda heyecan ve g\u00f6zda\u011f\u0131 kar\u0131\u015f\u0131m\u0131 hissedebilirsiniz. Korkmay\u0131n, ate\u015fli dil merakl\u0131s\u0131! Bu dil maceras\u0131nda size destek olmak i\u00e7in buraday\u0131z! Bu ilgi \u00e7ekici makalede, Makedonca dilbilgisinin temel y\u00f6nlerine \u0131\u015f\u0131k [&hellip;]<\/p>\n","protected":false},"author":1,"featured_media":115561,"parent":0,"menu_order":0,"comment_status":"closed","ping_status":"closed","template":"LearningContentPage.php","meta":{"_acf_changed":false,"footnotes":""},"class_list":["post-146745","page","type-page","status-publish","has-post-thumbnail","hentry"],"acf":[],"yoast_head":"<!-- This site is optimized with the Yoast SEO Premium plugin v27.2 (Yoast SEO v27.2) - https:\/\/yoast.com\/product\/yoast-seo-premium-wordpress\/ -->\n<title>Makedonca Dilbilgisi - Talkpal<\/title>\n<meta name=\"description\" content=\"Makedonca dilbilgisinde zahmetsizce ustala\u015f\u0131n TalkpalYapay zeka destekli dil \u00f6\u011fretmeniniz. Makedonca dilbilgisi becerilerinizi geli\u015ftirin!\" \/>\n<meta name=\"robots\" content=\"index, follow, max-snippet:-1, max-image-preview:large, max-video-preview:-1\" \/>\n<link rel=\"canonical\" href=\"https:\/\/talkpal.ai\/tr\/makedonca-dilbilgisi\/\" \/>\n<meta property=\"og:locale\" content=\"tr_TR\" \/>\n<meta property=\"og:type\" content=\"article\" \/>\n<meta property=\"og:title\" content=\"Makedonca Dilbilgisi\" \/>\n<meta property=\"og:description\" content=\"Makedonca Dilbilgisinin Gizemlerini \u00c7\u00f6zmek Makedonca dilbilgisi - karma\u015f\u0131k ama ula\u015f\u0131labilir, b\u00fcy\u00fcleyici ama zarif, karma\u015f\u0131k ama ilgi \u00e7ekici. Makedon dili\" \/>\n<meta property=\"og:url\" content=\"https:\/\/talkpal.ai\/tr\/makedonca-dilbilgisi\/\" \/>\n<meta property=\"og:site_name\" content=\"Talkpal\" \/>\n<meta property=\"article:publisher\" content=\"https:\/\/www.facebook.com\/profile.php?id=100090733639311\" \/>\n<meta property=\"article:modified_time\" content=\"2025-12-17T16:35:15+00:00\" \/>\n<meta property=\"og:image\" content=\"https:\/\/talkpal.ai\/wp-content\/uploads\/2023\/05\/republic-of-macedonia.png\" \/>\n\t<meta property=\"og:image:width\" content=\"512\" \/>\n\t<meta property=\"og:image:height\" content=\"512\" \/>\n\t<meta property=\"og:image:type\" content=\"image\/png\" \/>\n<meta name=\"twitter:card\" content=\"summary_large_image\" \/>\n<meta name=\"twitter:site\" content=\"@talkpalai\" \/>\n<meta name=\"twitter:label1\" content=\"Tahmini okuma s\u00fcresi\" \/>\n\t<meta name=\"twitter:data1\" content=\"3 dakika\" \/>\n<script type=\"application\/ld+json\" class=\"yoast-schema-graph\">{\"@context\":\"https:\/\/schema.org\",\"@graph\":[{\"@type\":\"WebPage\",\"@id\":\"https:\/\/talkpal.ai\/tr\/makedonca-dilbilgisi\/\",\"url\":\"https:\/\/talkpal.ai\/tr\/makedonca-dilbilgisi\/\",\"name\":\"Makedonca Dilbilgisi - Talkpal\",\"isPartOf\":{\"@id\":\"https:\/\/talkpal.ai\/tr\/#website\"},\"primaryImageOfPage\":{\"@id\":\"https:\/\/talkpal.ai\/tr\/makedonca-dilbilgisi\/#primaryimage\"},\"image\":{\"@id\":\"https:\/\/talkpal.ai\/tr\/makedonca-dilbilgisi\/#primaryimage\"},\"thumbnailUrl\":\"https:\/\/talkpal.ai\/wp-content\/uploads\/2023\/05\/republic-of-macedonia.png\",\"datePublished\":\"2023-05-14T14:11:28+00:00\",\"dateModified\":\"2025-12-17T16:35:15+00:00\",\"description\":\"Makedonca dilbilgisinde zahmetsizce ustala\u015f\u0131n TalkpalYapay zeka destekli dil \u00f6\u011fretmeniniz. Makedonca dilbilgisi becerilerinizi geli\u015ftirin!\",\"breadcrumb\":{\"@id\":\"https:\/\/talkpal.ai\/tr\/makedonca-dilbilgisi\/#breadcrumb\"},\"inLanguage\":\"tr\",\"potentialAction\":[{\"@type\":\"ReadAction\",\"target\":[\"https:\/\/talkpal.ai\/tr\/makedonca-dilbilgisi\/\"]}]},{\"@type\":\"ImageObject\",\"inLanguage\":\"tr\",\"@id\":\"https:\/\/talkpal.ai\/tr\/makedonca-dilbilgisi\/#primaryimage\",\"url\":\"https:\/\/talkpal.ai\/wp-content\/uploads\/2023\/05\/republic-of-macedonia.png\",\"contentUrl\":\"https:\/\/talkpal.ai\/wp-content\/uploads\/2023\/05\/republic-of-macedonia.png\",\"width\":512,\"height\":512},{\"@type\":\"BreadcrumbList\",\"@id\":\"https:\/\/talkpal.ai\/tr\/makedonca-dilbilgisi\/#breadcrumb\",\"itemListElement\":[{\"@type\":\"ListItem\",\"position\":1,\"name\":\"Homepage\",\"item\":\"https:\/\/talkpal.ai\/tr\/\"},{\"@type\":\"ListItem\",\"position\":2,\"name\":\"Makedonca Dilbilgisi\"}]},{\"@type\":\"WebSite\",\"@id\":\"https:\/\/talkpal.ai\/tr\/#website\",\"url\":\"https:\/\/talkpal.ai\/tr\/\",\"name\":\"Talkpal\",\"description\":\"AI Language Learning\",\"publisher\":{\"@id\":\"https:\/\/talkpal.ai\/tr\/#organization\"},\"alternateName\":\"Talkpal AI\",\"potentialAction\":[{\"@type\":\"SearchAction\",\"target\":{\"@type\":\"EntryPoint\",\"urlTemplate\":\"https:\/\/talkpal.ai\/tr\/?s={search_term_string}\"},\"query-input\":{\"@type\":\"PropertyValueSpecification\",\"valueRequired\":true,\"valueName\":\"search_term_string\"}}],\"inLanguage\":\"tr\"},{\"@type\":\"Organization\",\"@id\":\"https:\/\/talkpal.ai\/tr\/#organization\",\"name\":\"Talkpal, Inc.\",\"alternateName\":\"Talkpal AI\",\"url\":\"https:\/\/talkpal.ai\/tr\/\",\"logo\":{\"@type\":\"ImageObject\",\"inLanguage\":\"tr\",\"@id\":\"https:\/\/talkpal.ai\/tr\/#\/schema\/logo\/image\/\",\"url\":\"https:\/\/talkpal.ai\/wp-content\/uploads\/2024\/03\/Talkpal-Logo-Icon.png\",\"contentUrl\":\"https:\/\/talkpal.ai\/wp-content\/uploads\/2024\/03\/Talkpal-Logo-Icon.png\",\"width\":2880,\"height\":2880,\"caption\":\"Talkpal, Inc.\"},\"image\":{\"@id\":\"https:\/\/talkpal.ai\/tr\/#\/schema\/logo\/image\/\"},\"sameAs\":[\"https:\/\/www.facebook.com\/profile.php?id=100090733639311\",\"https:\/\/x.com\/talkpalai\",\"https:\/\/www.linkedin.com\/company\/talkpal\/\",\"https:\/\/www.youtube.com\/@TalkPal\/\",\"https:\/\/www.tiktok.com\/@talkpal\",\"https:\/\/www.instagram.com\/talkpal_ai\/\",\"https:\/\/www.crunchbase.com\/organization\/talkpal-9cde\",\"https:\/\/www.g2.com\/products\/talkpal-for-business\/\",\"https:\/\/www.trustpilot.com\/review\/talkpal.ai\",\"https:\/\/www.capterra.com\/p\/10006800\/TalkPal\/\"],\"description\":\"Talkpal is a language learning web and mobile education app, powered by the latest AI technologies, that provides engaging experiences to its customers in many different languages to help them improve their language skills. Users can chat about unlimited amount of topics with the app and use other modes to practice their language learning.\",\"email\":\"support@talkpal.ai\",\"legalName\":\"Talkpal, Inc.\",\"foundingDate\":\"2023-04-03\",\"duns\":\"118989042\",\"numberOfEmployees\":{\"@type\":\"QuantitativeValue\",\"minValue\":\"11\",\"maxValue\":\"50\"},\"publishingPrinciples\":\"https:\/\/talkpal.ai\/publishing-principles\/\",\"actionableFeedbackPolicy\":\"https:\/\/talkpal.ai\/actionable-feedback-policy\/\",\"correctionsPolicy\":\"https:\/\/talkpal.ai\/corrections-policy\/\",\"ethicsPolicy\":\"https:\/\/talkpal.ai\/ethics-policy\/\",\"diversityPolicy\":\"https:\/\/talkpal.ai\/diversity-policy\/\",\"diversityStaffingReport\":\"https:\/\/talkpal.ai\/diversity-policy\/\"}]}<\/script>\n<!-- \/ Yoast SEO Premium plugin. -->","yoast_head_json":{"title":"Makedonca Dilbilgisi - Talkpal","description":"Makedonca dilbilgisinde zahmetsizce ustala\u015f\u0131n TalkpalYapay zeka destekli dil \u00f6\u011fretmeniniz. Makedonca dilbilgisi becerilerinizi geli\u015ftirin!","robots":{"index":"index","follow":"follow","max-snippet":"max-snippet:-1","max-image-preview":"max-image-preview:large","max-video-preview":"max-video-preview:-1"},"canonical":"https:\/\/talkpal.ai\/tr\/makedonca-dilbilgisi\/","og_locale":"tr_TR","og_type":"article","og_title":"Makedonca Dilbilgisi","og_description":"Makedonca Dilbilgisinin Gizemlerini \u00c7\u00f6zmek Makedonca dilbilgisi - karma\u015f\u0131k ama ula\u015f\u0131labilir, b\u00fcy\u00fcleyici ama zarif, karma\u015f\u0131k ama ilgi \u00e7ekici. Makedon dili","og_url":"https:\/\/talkpal.ai\/tr\/makedonca-dilbilgisi\/","og_site_name":"Talkpal","article_publisher":"https:\/\/www.facebook.com\/profile.php?id=100090733639311","article_modified_time":"2025-12-17T16:35:15+00:00","og_image":[{"width":512,"height":512,"url":"https:\/\/talkpal.ai\/wp-content\/uploads\/2023\/05\/republic-of-macedonia.png","type":"image\/png"}],"twitter_card":"summary_large_image","twitter_site":"@talkpalai","twitter_misc":{"Tahmini okuma s\u00fcresi":"3 dakika"},"schema":{"@context":"https:\/\/schema.org","@graph":[{"@type":"WebPage","@id":"https:\/\/talkpal.ai\/tr\/makedonca-dilbilgisi\/","url":"https:\/\/talkpal.ai\/tr\/makedonca-dilbilgisi\/","name":"Makedonca Dilbilgisi - Talkpal","isPartOf":{"@id":"https:\/\/talkpal.ai\/tr\/#website"},"primaryImageOfPage":{"@id":"https:\/\/talkpal.ai\/tr\/makedonca-dilbilgisi\/#primaryimage"},"image":{"@id":"https:\/\/talkpal.ai\/tr\/makedonca-dilbilgisi\/#primaryimage"},"thumbnailUrl":"https:\/\/talkpal.ai\/wp-content\/uploads\/2023\/05\/republic-of-macedonia.png","datePublished":"2023-05-14T14:11:28+00:00","dateModified":"2025-12-17T16:35:15+00:00","description":"Makedonca dilbilgisinde zahmetsizce ustala\u015f\u0131n TalkpalYapay zeka destekli dil \u00f6\u011fretmeniniz. Makedonca dilbilgisi becerilerinizi geli\u015ftirin!","breadcrumb":{"@id":"https:\/\/talkpal.ai\/tr\/makedonca-dilbilgisi\/#breadcrumb"},"inLanguage":"tr","potentialAction":[{"@type":"ReadAction","target":["https:\/\/talkpal.ai\/tr\/makedonca-dilbilgisi\/"]}]},{"@type":"ImageObject","inLanguage":"tr","@id":"https:\/\/talkpal.ai\/tr\/makedonca-dilbilgisi\/#primaryimage","url":"https:\/\/talkpal.ai\/wp-content\/uploads\/2023\/05\/republic-of-macedonia.png","contentUrl":"https:\/\/talkpal.ai\/wp-content\/uploads\/2023\/05\/republic-of-macedonia.png","width":512,"height":512},{"@type":"BreadcrumbList","@id":"https:\/\/talkpal.ai\/tr\/makedonca-dilbilgisi\/#breadcrumb","itemListElement":[{"@type":"ListItem","position":1,"name":"Homepage","item":"https:\/\/talkpal.ai\/tr\/"},{"@type":"ListItem","position":2,"name":"Makedonca Dilbilgisi"}]},{"@type":"WebSite","@id":"https:\/\/talkpal.ai\/tr\/#website","url":"https:\/\/talkpal.ai\/tr\/","name":"Talkpal","description":"AI Language Learning","publisher":{"@id":"https:\/\/talkpal.ai\/tr\/#organization"},"alternateName":"Talkpal AI","potentialAction":[{"@type":"SearchAction","target":{"@type":"EntryPoint","urlTemplate":"https:\/\/talkpal.ai\/tr\/?s={search_term_string}"},"query-input":{"@type":"PropertyValueSpecification","valueRequired":true,"valueName":"search_term_string"}}],"inLanguage":"tr"},{"@type":"Organization","@id":"https:\/\/talkpal.ai\/tr\/#organization","name":"Talkpal, Inc.","alternateName":"Talkpal AI","url":"https:\/\/talkpal.ai\/tr\/","logo":{"@type":"ImageObject","inLanguage":"tr","@id":"https:\/\/talkpal.ai\/tr\/#\/schema\/logo\/image\/","url":"https:\/\/talkpal.ai\/wp-content\/uploads\/2024\/03\/Talkpal-Logo-Icon.png","contentUrl":"https:\/\/talkpal.ai\/wp-content\/uploads\/2024\/03\/Talkpal-Logo-Icon.png","width":2880,"height":2880,"caption":"Talkpal, Inc."},"image":{"@id":"https:\/\/talkpal.ai\/tr\/#\/schema\/logo\/image\/"},"sameAs":["https:\/\/www.facebook.com\/profile.php?id=100090733639311","https:\/\/x.com\/talkpalai","https:\/\/www.linkedin.com\/company\/talkpal\/","https:\/\/www.youtube.com\/@TalkPal\/","https:\/\/www.tiktok.com\/@talkpal","https:\/\/www.instagram.com\/talkpal_ai\/","https:\/\/www.crunchbase.com\/organization\/talkpal-9cde","https:\/\/www.g2.com\/products\/talkpal-for-business\/","https:\/\/www.trustpilot.com\/review\/talkpal.ai","https:\/\/www.capterra.com\/p\/10006800\/TalkPal\/"],"description":"Talkpal is a language learning web and mobile education app, powered by the latest AI technologies, that provides engaging experiences to its customers in many different languages to help them improve their language skills. Users can chat about unlimited amount of topics with the app and use other modes to practice their language learning.","email":"support@talkpal.ai","legalName":"Talkpal, Inc.","foundingDate":"2023-04-03","duns":"118989042","numberOfEmployees":{"@type":"QuantitativeValue","minValue":"11","maxValue":"50"},"publishingPrinciples":"https:\/\/talkpal.ai\/publishing-principles\/","actionableFeedbackPolicy":"https:\/\/talkpal.ai\/actionable-feedback-policy\/","correctionsPolicy":"https:\/\/talkpal.ai\/corrections-policy\/","ethicsPolicy":"https:\/\/talkpal.ai\/ethics-policy\/","diversityPolicy":"https:\/\/talkpal.ai\/diversity-policy\/","diversityStaffingReport":"https:\/\/talkpal.ai\/diversity-policy\/"}]}},"_links":{"self":[{"href":"https:\/\/talkpal.ai\/tr\/wp-json\/wp\/v2\/pages\/146745","targetHints":{"allow":["GET"]}}],"collection":[{"href":"https:\/\/talkpal.ai\/tr\/wp-json\/wp\/v2\/pages"}],"about":[{"href":"https:\/\/talkpal.ai\/tr\/wp-json\/wp\/v2\/types\/page"}],"author":[{"embeddable":true,"href":"https:\/\/talkpal.ai\/tr\/wp-json\/wp\/v2\/users\/1"}],"replies":[{"embeddable":true,"href":"https:\/\/talkpal.ai\/tr\/wp-json\/wp\/v2\/comments?post=146745"}],"version-history":[{"count":0,"href":"https:\/\/talkpal.ai\/tr\/wp-json\/wp\/v2\/pages\/146745\/revisions"}],"wp:featuredmedia":[{"embeddable":true,"href":"https:\/\/talkpal.ai\/tr\/wp-json\/wp\/v2\/media\/115561"}],"wp:attachment":[{"href":"https:\/\/talkpal.ai\/tr\/wp-json\/wp\/v2\/media?parent=146745"}],"curies":[{"name":"wp","href":"https:\/\/api.w.org\/{rel}","templated":true}]}}