{"id":1465715,"date":"2025-11-12T15:41:46","date_gmt":"2025-11-12T15:41:46","guid":{"rendered":"https:\/\/talkpal.ai\/maltaca-dilbilgisi-alistirmalari\/"},"modified":"2025-12-30T13:39:44","modified_gmt":"2025-12-30T13:39:44","slug":"maltaca-dilbilgisi-alistirmalari","status":"publish","type":"page","link":"https:\/\/talkpal.ai\/tr\/maltaca-dilbilgisi-alistirmalari\/","title":{"rendered":"Maltaca Dilbilgisi Al\u0131\u015ft\u0131rmalar\u0131"},"content":{"rendered":"\r\n\r\n\r\n<section class=\"languageChallengeSection\">\r\n    <div class=\"languageInfoWrapper\">\r\n        \r\n        <h1>Maltaca Dilbilgisi Al\u0131\u015ft\u0131rmalar\u0131<\/h1>\r\n        <p>Maltaca dilbilgisine dalmaya haz\u0131r m\u0131s\u0131n\u0131z? Birka\u00e7 temel pratik yapmak, bu e\u015fsiz ve g\u00fczel dile al\u0131\u015fman\u0131za yard\u0131mc\u0131 olacakt\u0131r. Kendinize g\u00fcveninizi art\u0131rmak ve bu arada biraz e\u011flenmek i\u00e7in bu egzersizleri deneyin!<\/p>\r\n\r\n                            <a class=\"getStartedHidden\" href=\"https:\/\/app.talkpal.ai\/tr\/signup?lng=\">Hadi ba\u015fla<\/a>\r\n        \r\n    <\/div>\r\n\r\n    <figure>\r\n    <img decoding=\"async\" width=\"768\" height=\"768\" src=\"https:\/\/talkpal.ai\/wp-content\/uploads\/2023\/06\/welsh-768x768.png\" class=\"languageImage no-lazy\" alt=\"Language learning for better cognitive abilities\" fetchpriority=\"high\" sizes=\"(max-width: 768px) 150px, 768px\" srcset=\"https:\/\/talkpal.ai\/wp-content\/uploads\/2023\/06\/welsh-768x768.png 768w, https:\/\/talkpal.ai\/wp-content\/uploads\/2023\/06\/welsh-300x300.png 300w\" \/>\r\n    \r\n\r\n    <\/figure>\r\n\r\n            <a class=\"getStartedVisible\" href=\"https:\/\/app.talkpal.ai\/tr\/signup?lng=\">Hadi ba\u015fla<\/a>\r\n    \r\n<\/section><section class=\"promotionalBanner\">\r\n    <p class=\"promotionalText\">Dil \u00f6\u011frenmenin en etkili yolu<\/p>\r\n    <a class=\"promotionalLink\" href=\"https:\/\/app.talkpal.ai\/tr\/signup?lng=\">Talkpal \u00fccretsiz deneyin<\/a>\r\n<\/section>\n<div class=\"wp-block-group pageContainerStyle\"><div class=\"wp-block-group__inner-container is-layout-constrained wp-block-group-is-layout-constrained\">\n<h2 class=\"wp-block-heading\" id=\"h-maltese-grammar-topics\">Maltaca Dilbilgisi Konular\u0131<\/h2>\n\n\n\n<p><a href=\"https:\/\/talkpal.ai\/tr\/yeni-bir-dil-ogrenirken-kacinilmasi-gereken-en-buyuk-hatalar\/\">Yeni bir dil \u00f6\u011frenmek<\/a> zorlu <a href=\"https:\/\/talkpal.ai\/locations\/language-courses-in-ama\/\">ama<\/a> \u00f6d\u00fcllendirici bir \u00e7aba olabilir. A\u011f\u0131rl\u0131kl\u0131 olarak Malta&#8217;da konu\u015fulan, g\u00fc\u00e7l\u00fc <a href=\"https:\/\/talkpal.ai\/locations\/language-courses-in-roman\/\">Roman<\/a> ve \u0130ngilizce etkisine sahip bir Sami dili olan Maltaca da bir istisna de\u011fildir. E\u015fsiz \u00f6zellikleri ve yap\u0131lar\u0131 ile Maltaca <a href=\"https:\/\/talkpal.ai\/tr\/egitim-icin-talkpal\/\">\u00f6\u011frenmek<\/a> , dilbilgisini anlamak i\u00e7in sistematik bir yakla\u015f\u0131m gerektirir. Bu k\u0131lavuz, <a href=\"https:\/\/talkpal.ai\/tr\/maltaca-dilbilgisi\/\">Maltaca dilbilgisinin<\/a> temel alanlar\u0131n\u0131, isimler ve artikeller gibi temel bilgilerden ba\u015flayarak ve zamanlar ve c\u00fcmle yap\u0131s\u0131 gibi daha karma\u015f\u0131k alanlara do\u011fru ilerleyerek <a href=\"https:\/\/talkpal.ai\/tr\/egitim-icin-talkpal\/\">dil \u00f6\u011frenimi<\/a> i\u00e7in mant\u0131ksal bir s\u0131rayla \u00f6zetlemektedir.<\/p>\n\n\n\n<h3 class=\"wp-block-heading\" id=\"h-1-nouns\">1. \u0130simler:<\/h3>\n\n\n\n<p>Maltaca dil yolculu\u011funuza isimleri \u00f6\u011frenerek ba\u015flay\u0131n. Bu, ortak ve \u00f6zel isimler gibi farkl\u0131 isim kategorilerinin yan\u0131 s\u0131ra \u00e7o\u011ful formlar\u0131n\u0131 anlamay\u0131 i\u00e7erir.<\/p>\n\n\n\n<h3 class=\"wp-block-heading\" id=\"h-2-articles\">2. Makaleler:<\/h3>\n\n\n\n<p><a href=\"https:\/\/talkpal.ai\/learn-maltese\/\">Malta<\/a> dilindeki makaleler <a href=\"https:\/\/talkpal.ai\/ai-english-speaking-practice\/\">\u0130ngilizce&#8217;den<\/a> farkl\u0131 kullan\u0131l\u0131r. Belirli il artikelinin nas\u0131l do\u011fru kullan\u0131laca\u011f\u0131n\u0131, \u00f6z\u00fcmsenmesi ve belirsiz artikel olmamas\u0131 da dahil olmak \u00fczere anlamak, c\u00fcmle kurmada \u00e7ok \u00f6nemlidir.<\/p>\n\n\n\n<h3 class=\"wp-block-heading\" id=\"h-3-adjectives\">3. S\u0131fatlar:<\/h3>\n\n\n\n<p>Maltaca&#8217;daki s\u0131fatlar, \u0130ngilizce&#8217;den farkl\u0131 olarak isimlerini takip eder. Ayr\u0131ca anla\u015fma kal\u0131plar\u0131n\u0131 ve aktar veya iktar ve a\u0127jar gibi sabit formlarla kar\u015f\u0131la\u015ft\u0131rmal\u0131 ve \u00fcst\u00fcnl\u00fck ifadelerinin nas\u0131l olu\u015fturulaca\u011f\u0131n\u0131 da \u00f6\u011frenmeniz gerekecektir.<\/p>\n\n\n\n<h3 class=\"wp-block-heading\" id=\"h-4-pronouns-determiners\">4. Zamirler\/Belirleyiciler:<\/h3>\n\n\n\n<p>Maltaca&#8217;da zamirler ve belirleyiciler \u00f6nemlidir; \u0130simlerin yerini al\u0131rlar ve miktar, sahiplik ve daha fazlas\u0131 hakk\u0131nda bilgi sa\u011flarlar. Do\u011fru kullan\u0131mlar\u0131 ba\u011f\u0131ms\u0131z formlar\u0131, nesne klitiklerini, ta&#8217;ya dayal\u0131 iyelikleri ve edatlardaki pronominal sonlar\u0131 i\u00e7erir.<\/p>\n\n\n\n<h3 class=\"wp-block-heading\" id=\"h-5-verbs\">5. Fiiller:<\/h3>\n\n\n\n<p>Maltaca fiillerin zamana, g\u00f6r\u00fcn\u00fc\u015fe, ruh haline ve sese ba\u011fl\u0131 olarak farkl\u0131 bi\u00e7imleri vard\u0131r. \u015eimdiki anlam i\u00e7in kusurlu ve gelecek belirteci se ile ba\u015flay\u0131n, ard\u0131ndan ge\u00e7mi\u015f ve zorunluluk i\u00e7in m\u00fckemmel olan\u0131 ke\u015ffedin.<\/p>\n\n\n\n<h3 class=\"wp-block-heading\" id=\"h-6-tenses\">6. Zamanlar:<\/h3>\n\n\n\n<p>Fiil formlar\u0131nda ustala\u015ft\u0131ktan sonra Malta zamanlar\u0131n\u0131 ve y\u00f6nlerini daha derinlemesine inceleyin. Bu, m\u00fckemmel ve kusurlu aras\u0131ndaki farklar\u0131, gelece\u011fin nas\u0131l i\u015faretlendi\u011fini ve bunlar\u0131n farkl\u0131 ba\u011flamlarda nas\u0131l kullan\u0131ld\u0131\u011f\u0131n\u0131 anlamay\u0131 i\u00e7erir.<\/p>\n\n\n\n<h3 class=\"wp-block-heading\" id=\"h-7-tense-comparison\">7. Gergin Kar\u015f\u0131la\u015ft\u0131rma:<\/h3>\n\n\n\n<p>Maltaca&#8217;daki zamanlar\u0131 kar\u015f\u0131la\u015ft\u0131rmak, olaylar\u0131n s\u0131ras\u0131n\u0131 anlamaya yard\u0131mc\u0131 olur. Ayn\u0131 fiili m\u00fckemmel, kusurlu ve gelecek ile kar\u015f\u0131la\u015ft\u0131rmak Malta dilinin daha iyi anla\u015f\u0131lmas\u0131n\u0131 sa\u011flayacakt\u0131r.<\/p>\n\n\n\n<h3 class=\"wp-block-heading\" id=\"h-8-progressive\">8. \u0130lerici:<\/h3>\n\n\n\n<p>Maltaca&#8217;da ilerici, devam eden eylemleri ifade etmek i\u00e7in kullan\u0131l\u0131r. Qed ve ard\u0131ndan kusurlu kullan\u0131larak olu\u015fturulur.<\/p>\n\n\n\n<h3 class=\"wp-block-heading\" id=\"h-9-perfect-progressive\">9. M\u00fckemmel \u0130lerici:<\/h3>\n\n\n\n<p>Bu zaman, belirli bir noktaya kadar devam eden eylemleri ifade etmek i\u00e7in kullan\u0131l\u0131r. Maltaca&#8217;da genellikle ilni veya ilna art\u0131 bir s\u00fcre ve kusurlu ile qed ile ifade edilir.<\/p>\n\n\n\n<h3 class=\"wp-block-heading\" id=\"h-10-conditionals\">10. Ko\u015fullar:<\/h3>\n\n\n\n<p>Ko\u015fullar, varsay\u0131msal durumlar\u0131 ve olas\u0131 sonu\u00e7lar\u0131n\u0131 ifade eder. Malta dilbilgisinin \u00f6nemli bir par\u00e7as\u0131d\u0131rlar ve genellikle if i\u00e7in jekk ve kar\u015f\u0131 olgular i\u00e7in kieku kullan\u0131rlar.<\/p>\n\n\n\n<h3 class=\"wp-block-heading\" id=\"h-11-adverbs\">11. Zarflar:<\/h3>\n\n\n\n<p>Maltaca&#8217;daki zarflar fiilleri, s\u0131fatlar\u0131 veya di\u011fer zarflar\u0131 de\u011fi\u015ftirir. Tarz, yer, zaman, derece ve daha fazlas\u0131 hakk\u0131nda bilgi sa\u011flarlar.<\/p>\n\n\n\n<h3 class=\"wp-block-heading\" id=\"h-12-prepositions\">12. Edatlar:<\/h3>\n\n\n\n<p>Edatlar kelimeleri ve c\u00fcmleleri birbirine ba\u011flar. Zaman, yer, y\u00f6n ve daha fazlas\u0131n\u0131n ili\u015fkilerini ifade ederler ve Maltaca&#8217;da pronominal sonlar al\u0131rlar ve genellikle belirli artikel ile daral\u0131rlar.<\/p>\n\n\n\n<h3 class=\"wp-block-heading\" id=\"h-13-sentences\">13. C\u00fcmleler:<\/h3>\n\n\n\n<p>Son olarak, c\u00fcmle kurma al\u0131\u015ft\u0131rmas\u0131 yap\u0131n. Bu, daha \u00f6nce \u00f6\u011frenilen t\u00fcm dilbilgisi konular\u0131n\u0131n ba\u011flam i\u00e7inde kullan\u0131lmas\u0131n\u0131 ve b\u00f6ylece Malta dilinin kapsaml\u0131 bir \u015fekilde anla\u015f\u0131lmas\u0131n\u0131 sa\u011flamay\u0131 i\u00e7erecektir.<\/p>\n<\/div><\/div>\n\r\n<section class=\"learnNavigationSection\">\r\n            \r\n        <a href=\"https:\/\/talkpal.ai\/tr\/maltaca-ogren\/\">\r\n            <div class=\"learnNavigationWrapper\">\r\n                <div class=\"learnNavigationContent\">\r\n                    <img decoding=\"async\" src=\"https:\/\/talkpal.ai\/wp-content\/uploads\/2025\/11\/Maltese.png\" alt=\"Maltese Flag\">\r\n                    <div>\r\n                        <h4>Maltaca \u00d6\u011frenme Hakk\u0131nda<\/h4>\r\n                        <p>Maltaca Dilbilgisi hakk\u0131nda her \u015feyi \u00f6\u011frenin.<\/p>\r\n                    <\/div>\r\n                <\/div>\r\n            <\/div>\r\n        <\/a>\r\n\r\n        \r\n        <a href=\"https:\/\/talkpal.ai\/tr\/maltaca-dilbilgisi\/\">\r\n            <div class=\"learnNavigationWrapper\">\r\n                <div class=\"learnNavigationContent\">\r\n                    <img decoding=\"async\" src=\"https:\/\/talkpal.ai\/wp-content\/uploads\/2025\/11\/Maltese.png\" alt=\"Maltese Flag\">\r\n                    <div>\r\n                        <h4>Maltaca Dilbilgisi Dersleri<\/h4>\r\n                        <p>Maltaca dilbilgisi prati\u011fi yap\u0131n.<\/p>\r\n                    <\/div>\r\n                <\/div>\r\n            <\/div>\r\n        <\/a>\r\n\r\n            <\/section>","protected":false},"excerpt":{"rendered":"<p>Maltaca Dilbilgisi Konular\u0131 Yeni bir dil \u00f6\u011frenmek zorlu ama \u00f6d\u00fcllendirici bir \u00e7aba olabilir. A\u011f\u0131rl\u0131kl\u0131 olarak Malta&#8217;da konu\u015fulan, g\u00fc\u00e7l\u00fc Roman ve \u0130ngilizce etkisine sahip bir Sami dili olan Maltaca da bir istisna de\u011fildir. E\u015fsiz \u00f6zellikleri ve yap\u0131lar\u0131 ile Maltaca \u00f6\u011frenmek , dilbilgisini anlamak i\u00e7in sistematik bir yakla\u015f\u0131m gerektirir. Bu k\u0131lavuz, Maltaca dilbilgisinin temel alanlar\u0131n\u0131, isimler ve [&hellip;]<\/p>\n","protected":false},"author":20,"featured_media":0,"parent":0,"menu_order":0,"comment_status":"closed","ping_status":"closed","template":"LearningContentPage.php","meta":{"_acf_changed":false,"footnotes":""},"class_list":["post-1465715","page","type-page","status-publish","hentry"],"acf":[],"yoast_head":"<!-- This site is optimized with the Yoast SEO Premium plugin v27.2 (Yoast SEO v27.2) - https:\/\/yoast.com\/product\/yoast-seo-premium-wordpress\/ -->\n<title>Maltaca Dilbilgisi Al\u0131\u015ft\u0131rmalar\u0131 - Talkpal<\/title>\n<meta name=\"description\" content=\"Kendinize g\u00fcveninizi ve ak\u0131c\u0131l\u0131\u011f\u0131n\u0131z\u0131 geli\u015ftirmek i\u00e7in isimler, fiiller ve zamanlar\u0131 kapsayan yap\u0131land\u0131r\u0131lm\u0131\u015f al\u0131\u015ft\u0131rmalarla Malta dilbilgisinde ustala\u015f\u0131n.\" \/>\n<meta name=\"robots\" content=\"index, follow, max-snippet:-1, max-image-preview:large, max-video-preview:-1\" \/>\n<link rel=\"canonical\" href=\"https:\/\/talkpal.ai\/tr\/maltaca-dilbilgisi-alistirmalari\/\" \/>\n<meta property=\"og:locale\" content=\"tr_TR\" \/>\n<meta property=\"og:type\" content=\"article\" \/>\n<meta property=\"og:title\" content=\"Maltaca Dilbilgisi Al\u0131\u015ft\u0131rmalar\u0131\" \/>\n<meta property=\"og:description\" content=\"Maltaca Dilbilgisi Konular\u0131 Yeni bir dil \u00f6\u011frenmek zorlu ama \u00f6d\u00fcllendirici bir \u00e7aba olabilir. A\u011f\u0131rl\u0131kl\u0131 olarak Malta&#039;da konu\u015fulan, g\u00fc\u00e7l\u00fc Roman ve \u0130ngilizce\" \/>\n<meta property=\"og:url\" content=\"https:\/\/talkpal.ai\/tr\/maltaca-dilbilgisi-alistirmalari\/\" \/>\n<meta property=\"og:site_name\" content=\"Talkpal\" \/>\n<meta property=\"article:publisher\" content=\"https:\/\/www.facebook.com\/profile.php?id=100090733639311\" \/>\n<meta property=\"article:modified_time\" content=\"2025-12-30T13:39:44+00:00\" \/>\n<meta property=\"og:image\" content=\"https:\/\/talkpal.ai\/wp-content\/uploads\/2025\/02\/Progress-tab-16_9.png\" \/>\n\t<meta property=\"og:image:width\" content=\"2880\" \/>\n\t<meta property=\"og:image:height\" content=\"1620\" \/>\n\t<meta property=\"og:image:type\" content=\"image\/png\" \/>\n<meta name=\"twitter:card\" content=\"summary_large_image\" \/>\n<meta name=\"twitter:site\" content=\"@talkpalai\" \/>\n<meta name=\"twitter:label1\" content=\"Tahmini okuma s\u00fcresi\" \/>\n\t<meta name=\"twitter:data1\" content=\"3 dakika\" \/>\n<script type=\"application\/ld+json\" class=\"yoast-schema-graph\">{\"@context\":\"https:\/\/schema.org\",\"@graph\":[{\"@type\":\"WebPage\",\"@id\":\"https:\/\/talkpal.ai\/tr\/maltaca-dilbilgisi-alistirmalari\/\",\"url\":\"https:\/\/talkpal.ai\/tr\/maltaca-dilbilgisi-alistirmalari\/\",\"name\":\"Maltaca Dilbilgisi Al\u0131\u015ft\u0131rmalar\u0131 - Talkpal\",\"isPartOf\":{\"@id\":\"https:\/\/talkpal.ai\/tr\/#website\"},\"datePublished\":\"2025-11-12T15:41:46+00:00\",\"dateModified\":\"2025-12-30T13:39:44+00:00\",\"description\":\"Kendinize g\u00fcveninizi ve ak\u0131c\u0131l\u0131\u011f\u0131n\u0131z\u0131 geli\u015ftirmek i\u00e7in isimler, fiiller ve zamanlar\u0131 kapsayan yap\u0131land\u0131r\u0131lm\u0131\u015f al\u0131\u015ft\u0131rmalarla Malta dilbilgisinde ustala\u015f\u0131n.\",\"breadcrumb\":{\"@id\":\"https:\/\/talkpal.ai\/tr\/maltaca-dilbilgisi-alistirmalari\/#breadcrumb\"},\"inLanguage\":\"tr\",\"potentialAction\":[{\"@type\":\"ReadAction\",\"target\":[\"https:\/\/talkpal.ai\/tr\/maltaca-dilbilgisi-alistirmalari\/\"]}]},{\"@type\":\"BreadcrumbList\",\"@id\":\"https:\/\/talkpal.ai\/tr\/maltaca-dilbilgisi-alistirmalari\/#breadcrumb\",\"itemListElement\":[{\"@type\":\"ListItem\",\"position\":1,\"name\":\"Homepage\",\"item\":\"https:\/\/talkpal.ai\/tr\/\"},{\"@type\":\"ListItem\",\"position\":2,\"name\":\"Maltaca Dilbilgisi Al\u0131\u015ft\u0131rmalar\u0131\"}]},{\"@type\":\"WebSite\",\"@id\":\"https:\/\/talkpal.ai\/tr\/#website\",\"url\":\"https:\/\/talkpal.ai\/tr\/\",\"name\":\"Talkpal\",\"description\":\"AI Language Learning\",\"publisher\":{\"@id\":\"https:\/\/talkpal.ai\/tr\/#organization\"},\"alternateName\":\"Talkpal AI\",\"potentialAction\":[{\"@type\":\"SearchAction\",\"target\":{\"@type\":\"EntryPoint\",\"urlTemplate\":\"https:\/\/talkpal.ai\/tr\/?s={search_term_string}\"},\"query-input\":{\"@type\":\"PropertyValueSpecification\",\"valueRequired\":true,\"valueName\":\"search_term_string\"}}],\"inLanguage\":\"tr\"},{\"@type\":\"Organization\",\"@id\":\"https:\/\/talkpal.ai\/tr\/#organization\",\"name\":\"Talkpal, Inc.\",\"alternateName\":\"Talkpal AI\",\"url\":\"https:\/\/talkpal.ai\/tr\/\",\"logo\":{\"@type\":\"ImageObject\",\"inLanguage\":\"tr\",\"@id\":\"https:\/\/talkpal.ai\/tr\/#\/schema\/logo\/image\/\",\"url\":\"https:\/\/talkpal.ai\/wp-content\/uploads\/2024\/03\/Talkpal-Logo-Icon.png\",\"contentUrl\":\"https:\/\/talkpal.ai\/wp-content\/uploads\/2024\/03\/Talkpal-Logo-Icon.png\",\"width\":2880,\"height\":2880,\"caption\":\"Talkpal, Inc.\"},\"image\":{\"@id\":\"https:\/\/talkpal.ai\/tr\/#\/schema\/logo\/image\/\"},\"sameAs\":[\"https:\/\/www.facebook.com\/profile.php?id=100090733639311\",\"https:\/\/x.com\/talkpalai\",\"https:\/\/www.linkedin.com\/company\/talkpal\/\",\"https:\/\/www.youtube.com\/@TalkPal\/\",\"https:\/\/www.tiktok.com\/@talkpal\",\"https:\/\/www.instagram.com\/talkpal_ai\/\",\"https:\/\/www.crunchbase.com\/organization\/talkpal-9cde\",\"https:\/\/www.g2.com\/products\/talkpal-for-business\/\",\"https:\/\/www.trustpilot.com\/review\/talkpal.ai\",\"https:\/\/www.capterra.com\/p\/10006800\/TalkPal\/\"],\"description\":\"Talkpal is a language learning web and mobile education app, powered by the latest AI technologies, that provides engaging experiences to its customers in many different languages to help them improve their language skills. Users can chat about unlimited amount of topics with the app and use other modes to practice their language learning.\",\"email\":\"support@talkpal.ai\",\"legalName\":\"Talkpal, Inc.\",\"foundingDate\":\"2023-04-03\",\"duns\":\"118989042\",\"numberOfEmployees\":{\"@type\":\"QuantitativeValue\",\"minValue\":\"11\",\"maxValue\":\"50\"},\"publishingPrinciples\":\"https:\/\/talkpal.ai\/publishing-principles\/\",\"actionableFeedbackPolicy\":\"https:\/\/talkpal.ai\/actionable-feedback-policy\/\",\"correctionsPolicy\":\"https:\/\/talkpal.ai\/corrections-policy\/\",\"ethicsPolicy\":\"https:\/\/talkpal.ai\/ethics-policy\/\",\"diversityPolicy\":\"https:\/\/talkpal.ai\/diversity-policy\/\",\"diversityStaffingReport\":\"https:\/\/talkpal.ai\/diversity-policy\/\"}]}<\/script>\n<!-- \/ Yoast SEO Premium plugin. -->","yoast_head_json":{"title":"Maltaca Dilbilgisi Al\u0131\u015ft\u0131rmalar\u0131 - Talkpal","description":"Kendinize g\u00fcveninizi ve ak\u0131c\u0131l\u0131\u011f\u0131n\u0131z\u0131 geli\u015ftirmek i\u00e7in isimler, fiiller ve zamanlar\u0131 kapsayan yap\u0131land\u0131r\u0131lm\u0131\u015f al\u0131\u015ft\u0131rmalarla Malta dilbilgisinde ustala\u015f\u0131n.","robots":{"index":"index","follow":"follow","max-snippet":"max-snippet:-1","max-image-preview":"max-image-preview:large","max-video-preview":"max-video-preview:-1"},"canonical":"https:\/\/talkpal.ai\/tr\/maltaca-dilbilgisi-alistirmalari\/","og_locale":"tr_TR","og_type":"article","og_title":"Maltaca Dilbilgisi Al\u0131\u015ft\u0131rmalar\u0131","og_description":"Maltaca Dilbilgisi Konular\u0131 Yeni bir dil \u00f6\u011frenmek zorlu ama \u00f6d\u00fcllendirici bir \u00e7aba olabilir. A\u011f\u0131rl\u0131kl\u0131 olarak Malta'da konu\u015fulan, g\u00fc\u00e7l\u00fc Roman ve \u0130ngilizce","og_url":"https:\/\/talkpal.ai\/tr\/maltaca-dilbilgisi-alistirmalari\/","og_site_name":"Talkpal","article_publisher":"https:\/\/www.facebook.com\/profile.php?id=100090733639311","article_modified_time":"2025-12-30T13:39:44+00:00","og_image":[{"width":2880,"height":1620,"url":"https:\/\/talkpal.ai\/wp-content\/uploads\/2025\/02\/Progress-tab-16_9.png","type":"image\/png"}],"twitter_card":"summary_large_image","twitter_site":"@talkpalai","twitter_misc":{"Tahmini okuma s\u00fcresi":"3 dakika"},"schema":{"@context":"https:\/\/schema.org","@graph":[{"@type":"WebPage","@id":"https:\/\/talkpal.ai\/tr\/maltaca-dilbilgisi-alistirmalari\/","url":"https:\/\/talkpal.ai\/tr\/maltaca-dilbilgisi-alistirmalari\/","name":"Maltaca Dilbilgisi Al\u0131\u015ft\u0131rmalar\u0131 - Talkpal","isPartOf":{"@id":"https:\/\/talkpal.ai\/tr\/#website"},"datePublished":"2025-11-12T15:41:46+00:00","dateModified":"2025-12-30T13:39:44+00:00","description":"Kendinize g\u00fcveninizi ve ak\u0131c\u0131l\u0131\u011f\u0131n\u0131z\u0131 geli\u015ftirmek i\u00e7in isimler, fiiller ve zamanlar\u0131 kapsayan yap\u0131land\u0131r\u0131lm\u0131\u015f al\u0131\u015ft\u0131rmalarla Malta dilbilgisinde ustala\u015f\u0131n.","breadcrumb":{"@id":"https:\/\/talkpal.ai\/tr\/maltaca-dilbilgisi-alistirmalari\/#breadcrumb"},"inLanguage":"tr","potentialAction":[{"@type":"ReadAction","target":["https:\/\/talkpal.ai\/tr\/maltaca-dilbilgisi-alistirmalari\/"]}]},{"@type":"BreadcrumbList","@id":"https:\/\/talkpal.ai\/tr\/maltaca-dilbilgisi-alistirmalari\/#breadcrumb","itemListElement":[{"@type":"ListItem","position":1,"name":"Homepage","item":"https:\/\/talkpal.ai\/tr\/"},{"@type":"ListItem","position":2,"name":"Maltaca Dilbilgisi Al\u0131\u015ft\u0131rmalar\u0131"}]},{"@type":"WebSite","@id":"https:\/\/talkpal.ai\/tr\/#website","url":"https:\/\/talkpal.ai\/tr\/","name":"Talkpal","description":"AI Language Learning","publisher":{"@id":"https:\/\/talkpal.ai\/tr\/#organization"},"alternateName":"Talkpal AI","potentialAction":[{"@type":"SearchAction","target":{"@type":"EntryPoint","urlTemplate":"https:\/\/talkpal.ai\/tr\/?s={search_term_string}"},"query-input":{"@type":"PropertyValueSpecification","valueRequired":true,"valueName":"search_term_string"}}],"inLanguage":"tr"},{"@type":"Organization","@id":"https:\/\/talkpal.ai\/tr\/#organization","name":"Talkpal, Inc.","alternateName":"Talkpal AI","url":"https:\/\/talkpal.ai\/tr\/","logo":{"@type":"ImageObject","inLanguage":"tr","@id":"https:\/\/talkpal.ai\/tr\/#\/schema\/logo\/image\/","url":"https:\/\/talkpal.ai\/wp-content\/uploads\/2024\/03\/Talkpal-Logo-Icon.png","contentUrl":"https:\/\/talkpal.ai\/wp-content\/uploads\/2024\/03\/Talkpal-Logo-Icon.png","width":2880,"height":2880,"caption":"Talkpal, Inc."},"image":{"@id":"https:\/\/talkpal.ai\/tr\/#\/schema\/logo\/image\/"},"sameAs":["https:\/\/www.facebook.com\/profile.php?id=100090733639311","https:\/\/x.com\/talkpalai","https:\/\/www.linkedin.com\/company\/talkpal\/","https:\/\/www.youtube.com\/@TalkPal\/","https:\/\/www.tiktok.com\/@talkpal","https:\/\/www.instagram.com\/talkpal_ai\/","https:\/\/www.crunchbase.com\/organization\/talkpal-9cde","https:\/\/www.g2.com\/products\/talkpal-for-business\/","https:\/\/www.trustpilot.com\/review\/talkpal.ai","https:\/\/www.capterra.com\/p\/10006800\/TalkPal\/"],"description":"Talkpal is a language learning web and mobile education app, powered by the latest AI technologies, that provides engaging experiences to its customers in many different languages to help them improve their language skills. Users can chat about unlimited amount of topics with the app and use other modes to practice their language learning.","email":"support@talkpal.ai","legalName":"Talkpal, Inc.","foundingDate":"2023-04-03","duns":"118989042","numberOfEmployees":{"@type":"QuantitativeValue","minValue":"11","maxValue":"50"},"publishingPrinciples":"https:\/\/talkpal.ai\/publishing-principles\/","actionableFeedbackPolicy":"https:\/\/talkpal.ai\/actionable-feedback-policy\/","correctionsPolicy":"https:\/\/talkpal.ai\/corrections-policy\/","ethicsPolicy":"https:\/\/talkpal.ai\/ethics-policy\/","diversityPolicy":"https:\/\/talkpal.ai\/diversity-policy\/","diversityStaffingReport":"https:\/\/talkpal.ai\/diversity-policy\/"}]}},"_links":{"self":[{"href":"https:\/\/talkpal.ai\/tr\/wp-json\/wp\/v2\/pages\/1465715","targetHints":{"allow":["GET"]}}],"collection":[{"href":"https:\/\/talkpal.ai\/tr\/wp-json\/wp\/v2\/pages"}],"about":[{"href":"https:\/\/talkpal.ai\/tr\/wp-json\/wp\/v2\/types\/page"}],"author":[{"embeddable":true,"href":"https:\/\/talkpal.ai\/tr\/wp-json\/wp\/v2\/users\/20"}],"replies":[{"embeddable":true,"href":"https:\/\/talkpal.ai\/tr\/wp-json\/wp\/v2\/comments?post=1465715"}],"version-history":[{"count":0,"href":"https:\/\/talkpal.ai\/tr\/wp-json\/wp\/v2\/pages\/1465715\/revisions"}],"wp:attachment":[{"href":"https:\/\/talkpal.ai\/tr\/wp-json\/wp\/v2\/media?parent=1465715"}],"curies":[{"name":"wp","href":"https:\/\/api.w.org\/{rel}","templated":true}]}}