{"id":1465558,"date":"2025-11-12T16:20:16","date_gmt":"2025-11-12T16:20:16","guid":{"rendered":"https:\/\/talkpal.ai\/pestuca-dilbilgisi\/"},"modified":"2025-12-30T11:42:23","modified_gmt":"2025-12-30T11:42:23","slug":"pestuca-dilbilgisi","status":"publish","type":"page","link":"https:\/\/talkpal.ai\/tr\/pestuca-dilbilgisi\/","title":{"rendered":"Pe\u015ftuca Dilbilgisi"},"content":{"rendered":"\r\n\r\n\r\n<section class=\"languageChallengeSection\">\r\n    <div class=\"languageInfoWrapper\">\r\n        \r\n        <h1>Pe\u015ftuca Dilbilgisi<\/h1>\r\n        <p><a href=\"https:\/\/talkpal.ai\/learn-pashto\/\">Pe\u015ftuca<\/a> dilbilgisi ilk ba\u015fta zor g\u00f6r\u00fcnebilir, ancak benzersiz \u00f6zellikleri dili \u00f6\u011frenmeyi \u00f6d\u00fcllendirici bir deneyim haline getirir. Alfabesini, mutasyonlar\u0131n\u0131 ve dilbilgisi kurallar\u0131n\u0131 ke\u015ffederek zengin bir dil gelene\u011fi hakk\u0131nda fikir sahibi olacaks\u0131n\u0131z. Yolculu\u011funuza ba\u015flay\u0131n ve Pe\u015ftuca&#039;n\u0131n g\u00fczelli\u011fini ke\u015ffedin!<\/p>\r\n\r\n                            <a class=\"getStartedHidden\" href=\"https:\/\/app.talkpal.ai\/tr\/signup?lng=\">Hadi ba\u015fla<\/a>\r\n        \r\n    <\/div>\r\n\r\n    <figure>\r\n    <img decoding=\"async\" width=\"768\" height=\"768\" src=\"https:\/\/talkpal.ai\/wp-content\/uploads\/2023\/06\/welsh-768x768.png\" class=\"languageImage no-lazy\" alt=\"Language learning for better cognitive abilities\" fetchpriority=\"high\" sizes=\"(max-width: 768px) 150px, 768px\" srcset=\"https:\/\/talkpal.ai\/wp-content\/uploads\/2023\/06\/welsh-768x768.png 768w, https:\/\/talkpal.ai\/wp-content\/uploads\/2023\/06\/welsh-300x300.png 300w\" \/>\r\n    \r\n\r\n    <\/figure>\r\n\r\n            <a class=\"getStartedVisible\" href=\"https:\/\/app.talkpal.ai\/tr\/signup?lng=\">Hadi ba\u015fla<\/a>\r\n    \r\n<\/section><section class=\"promotionalBanner\">\r\n    <p class=\"promotionalText\">Dil \u00f6\u011frenmenin en etkili yolu<\/p>\r\n    <a class=\"promotionalLink\" href=\"https:\/\/app.talkpal.ai\/tr\/signup?lng=\">Talkpal \u00fccretsiz deneyin<\/a>\r\n<\/section>\n<div class=\"wp-block-group pageContainerStyle\"><div class=\"wp-block-group__inner-container is-layout-constrained wp-block-group-is-layout-constrained\">\n<h2 class=\"wp-block-heading\" id=\"h-navigating-the-intricacies-of-pashto-grammar\">Pe\u015ftuca Dilbilgisinin \u0130nceliklerinde Gezinmek<\/h2>\n\n\n\n<p>Afganistan ve Pakistan&#8217;da zengin bir tarihe ve k\u00fclt\u00fcrel \u00f6neme sahip bir Do\u011fu \u0130ran dili olan <a href=\"https:\/\/talkpal.ai\/tr\/pestuca-ogrenin\/\">Pe\u015ftuca<\/a>, benzersiz gramer sistemini ke\u015ffetmeye istekli olanlar i\u00e7in heyecan verici bir dil deneyimi sunuyor. Pe\u015ftuca diyar\u0131na ad\u0131m att\u0131\u011f\u0131n\u0131zda, yaln\u0131zca dil repertuar\u0131n\u0131z\u0131 zenginle\u015ftirmekle kalmayacak, ayn\u0131 zamanda b\u00fcy\u00fcleyici bir k\u00fclt\u00fcrel yolculu\u011fu da kucaklayacaks\u0131n\u0131z. Pe\u015ftuca dilbilgisi ilk ba\u015fta karma\u015f\u0131k g\u00f6r\u00fcnse de, onu temel bile\u015fenlere ay\u0131rmak, dili \u00f6\u011frenmeyi daha ula\u015f\u0131labilir hale getirir. Bu yaz\u0131da, Pe\u015ftuca dilbilgisinin b\u00fcy\u00fcleyici d\u00fcnyas\u0131n\u0131 ke\u015ffedece\u011fiz ve karma\u015f\u0131kl\u0131klar\u0131nda nas\u0131l ustala\u015f\u0131laca\u011f\u0131na dair ipu\u00e7lar\u0131 verece\u011fiz.<\/p>\n\n\n\n<h3 class=\"wp-block-heading\" id=\"h-1-pashto-alphabet-and-phonetics\">1. Pe\u015ftuca Alfabesi ve Fonetik<\/h3>\n\n\n\n<p>Pe\u015ftuca yaz\u0131 sistemi Fars\u00e7a-Arap alfabesine dayanmaktad\u0131r ve \u067c, \u0689, \u0693, \u06bc, \u0685, \u0681, \u069a, \u0696 ve \u06ab gibi Pe\u015ftuca&#8217;ya \u00f6zg\u00fc ek harfler i\u00e7erir. Pe\u015ftuca dilbilgisini \u00f6\u011frenmek i\u00e7in, bu ay\u0131rt edici yaz\u0131ya ve Pe\u015ftuca&#8217;n\u0131n retrofleks ve aspire edilmi\u015f \u00fcns\u00fczlerin yan\u0131 s\u0131ra karakteristik sesli harf kontrastlar\u0131 i\u00e7eren ses sistemine a\u015fina olmak \u00e7ok \u00f6nemlidir.<\/p>\n\n\n\n<h3 class=\"wp-block-heading\" id=\"h-2-split-ergativity-a-peculiar-pashto-feature\">2. B\u00f6l\u00fcnm\u00fc\u015f Ergatiflik: Tuhaf Bir Pe\u015ftuca \u00d6zelli\u011fi<\/h3>\n\n\n\n<p>Pe\u015ftuca dilbilgisinin en \u00e7arp\u0131c\u0131 y\u00f6nlerinden biri, bir\u00e7ok ge\u00e7mi\u015f zaman ge\u00e7i\u015fli c\u00fcmledeki b\u00f6l\u00fcnm\u00fc\u015f olumsuzlu\u011fudur. Bu ba\u011flamlarda, fail e\u011fik durumda g\u00f6r\u00fcn\u00fcr ve fiil, failden ziyade cinsiyet ve say\u0131 olarak do\u011frudan nesneyle ayn\u0131 fikirde olma e\u011filimindedir. Bu uyum modelinin ne zaman ge\u00e7erli oldu\u011funu ve anla\u015fman\u0131n nas\u0131l \u00e7al\u0131\u015ft\u0131\u011f\u0131n\u0131 anlamak, Pe\u015ftuca&#8217;da do\u011fru ileti\u015fim i\u00e7in hayati \u00f6neme sahiptir.<\/p>\n\n\n\n<h3 class=\"wp-block-heading\" id=\"h-3-nouns-and-pronouns-gender-and-cases\">3. \u0130simler ve Zamirler: Cinsiyet ve Durumlar<\/h3>\n\n\n\n<p>Pe\u015ftuca isimlerin gramer cinsiyeti (eril veya di\u015fil) vard\u0131r ve isim s\u0131n\u0131f\u0131na g\u00f6re de\u011fi\u015fen birka\u00e7 \u00e7o\u011ful olu\u015fum modelini takip eder. Pe\u015ftuca ayr\u0131ca isimlerin ve zamirlerin edatlarla ve belirli fiil yap\u0131lar\u0131nda nas\u0131l davrand\u0131\u011f\u0131n\u0131 etkileyen do\u011frudan ve e\u011fik durumlar aras\u0131nda ayr\u0131m yapar. Pe\u015ftuca&#8217;daki zamirler, hem ba\u011f\u0131ms\u0131z hem de enklitik varyantlar\u0131 olan ki\u015fisel, iyelik, d\u00f6n\u00fc\u015fl\u00fc, g\u00f6sterici ve soru bi\u00e7imlerini i\u00e7erir. Bu formlara ve durum ayr\u0131mlar\u0131na a\u015fina olmak, Pe\u015ftuca dilbilgisi kavray\u0131\u015f\u0131n\u0131z\u0131 \u00f6nemli \u00f6l\u00e7\u00fcde art\u0131racakt\u0131r.<\/p>\n\n\n\n<h3 class=\"wp-block-heading\" id=\"h-4-verbs-structure-and-conjugation\">4. Fiiller: Yap\u0131 ve \u00c7ekim<\/h3>\n\n\n\n<p>Pe\u015ftuca fiiller, ki\u015fi ve say\u0131 uyumu ile g\u00f6r\u00fcn\u00fc\u015f ve zaman etraf\u0131nda d\u00fczenlenmi\u015f farkl\u0131 bir sistemi takip eder. \u00c7ekirdek zamanlar \u015fimdiki zaman\u0131, ge\u00e7mi\u015fi ve gelece\u011fi i\u00e7erir ve gelecek genellikle ba par\u00e7ac\u0131\u011f\u0131 kullan\u0131larak i\u015faretlenir. Pe\u015ftuca ayr\u0131ca ko\u015fullu, dilek kipi ve emir kipi gibi kipleri g\u00fc\u00e7l\u00fc bir \u015fekilde kullan\u0131r ve ifadeler ve komutlar aras\u0131nda farkl\u0131l\u0131k g\u00f6steren olumsuzlama par\u00e7ac\u0131klar\u0131 kullan\u0131r. M\u00fckemmel ve kusurlu g\u00f6vdeler de dahil olmak \u00fczere \u00e7ekim kal\u0131plar\u0131n\u0131 \u00f6\u011frenmek, Pe\u015ftuca&#8217;da etkili ileti\u015fim kurma yetene\u011finizi geli\u015ftirecektir.<\/p>\n\n\n\n<h3 class=\"wp-block-heading\" id=\"h-5-adjectives-agreement-and-placement\">5. S\u0131fatlar: Anla\u015fma ve Yerle\u015ftirme<\/h3>\n\n\n\n<p>Pe\u015ftuca dilbilgisinde, s\u0131fatlar tipik olarak de\u011fi\u015ftirdikleri isimden \u00f6nce gelir ve bir\u00e7ok s\u0131fat cinsiyet veya say\u0131 i\u00e7in bi\u00e7im de\u011fi\u015ftirmez. Baz\u0131 s\u0131fatlar, daha do\u011fal bir \u015fekilde ileti\u015fim kurmay\u0131 \u00f6\u011frenmek i\u00e7in gerekli olan d\u00fczensiz veya k\u00fcmelenmi\u015f ifadeler yoluyla kar\u015f\u0131la\u015ft\u0131rmal\u0131 ve \u00fcst\u00fcn anlamlar olu\u015fturur.<\/p>\n\n\n\n<p><strong>\u00d6rnekler:<\/strong><\/p>\n\n\n\n<p><strong>\u2013 Loy Kor (B\u00fcy\u00fck Ev)<\/strong><\/p>\n\n\n\n<p><strong>\u2013 Kuchni Mashuman (k\u00fc\u00e7\u00fck \u00e7ocuklar)<\/strong><\/p>\n\n\n\n<h3 class=\"wp-block-heading\" id=\"h-6-engaging-with-the-language\">6. Dil ile \u0130lgi Kurmak<\/h3>\n\n\n\n<p>Pe\u015ftuca dilbilgisini tam olarak anlaman\u0131n ve i\u00e7selle\u015ftirmenin en etkili yolu, dille tutarl\u0131 bir \u015fekilde etkile\u015fim kurmakt\u0131r. Pe\u015ftuca edebiyat\u0131 okuyarak, Pe\u015ftuca filmler veya televizyon dizileri izleyerek, radyo ve m\u00fczik dinleyerek ve anadili \u0130ngilizce olan ki\u015filerle aktif olarak ileti\u015fim kurarak, kelime da\u011farc\u0131\u011f\u0131n\u0131z\u0131 geni\u015fletirken gramer anlay\u0131\u015f\u0131n\u0131z\u0131 g\u00fc\u00e7lendireceksiniz.<\/p>\n\n\n\n<h3 class=\"wp-block-heading\" id=\"h-conclusion\">Sonu\u00e7<\/h3>\n\n\n\n<p>Pe\u015ftuca dilbilgisi karma\u015f\u0131k g\u00f6r\u00fcnse de, \u00f6zveri, pratik ve co\u015fku ile bu g\u00fczel dilde yetkin hale gelebilirsiniz. Temel kurallara odaklanarak ve farkl\u0131 ba\u011flamlarda dille etkile\u015fim kurarak, Pe\u015ftuca <a href=\"https:\/\/talkpal.ai\/tr\/dilbilgisi\/\">dilbilgisi becerilerinizi<\/a> h\u0131zla geli\u015ftireceksiniz. Pe\u015ftuca dil yolculu\u011funuzda Kha bakht (iyi \u015fanslar) ve Pe\u015ftuca dilbilgisinin esrarengiz ama b\u00fcy\u00fcleyici d\u00fcnyas\u0131n\u0131 \u00e7\u00f6zmenin tad\u0131n\u0131 \u00e7\u0131kar\u0131n!<\/p>\n<\/div><\/div>\n\r\n<section class=\"learnNavigationSection\">\r\n            \r\n        <a href=\"https:\/\/talkpal.ai\/tr\/pestuca-ogrenin\/\">\r\n            <div class=\"learnNavigationWrapper\">\r\n                <div class=\"learnNavigationContent\">\r\n                    <img decoding=\"async\" src=\"https:\/\/talkpal.ai\/wp-content\/uploads\/2025\/11\/Pashto.png\" alt=\"Afghan Flag\">\r\n                    <div>\r\n                        <h4>Pe\u015ftuca \u00d6\u011frenme Hakk\u0131nda<\/h4>\r\n                        <p>Pe\u015ftuca Dilbilgisi hakk\u0131nda her \u015feyi \u00f6\u011frenin.<\/p>\r\n                    <\/div>\r\n                <\/div>\r\n            <\/div>\r\n        <\/a>\r\n\r\n        \r\n        <a href=\"https:\/\/talkpal.ai\/tr\/pestuca-dilbilgisi-alistirmalari\/\">\r\n            <div class=\"learnNavigationWrapper\">\r\n                <div class=\"learnNavigationContent\">\r\n                    <img decoding=\"async\" src=\"https:\/\/talkpal.ai\/wp-content\/uploads\/2025\/11\/Pashto.png\" alt=\"Afghan Flag\">\r\n                    <div>\r\n                        <h4>Pe\u015ftuca Dilbilgisi Al\u0131\u015ft\u0131rmas\u0131<\/h4>\r\n                        <p>Pe\u015ftuca pratik yap\u0131n.<\/p>\r\n                    <\/div>\r\n                <\/div>\r\n            <\/div>\r\n        <\/a>\r\n\r\n            <\/section>","protected":false},"excerpt":{"rendered":"<p>Pe\u015ftuca Dilbilgisinin \u0130nceliklerinde Gezinmek Afganistan ve Pakistan&#8217;da zengin bir tarihe ve k\u00fclt\u00fcrel \u00f6neme sahip bir Do\u011fu \u0130ran dili olan Pe\u015ftuca, benzersiz gramer sistemini ke\u015ffetmeye istekli olanlar i\u00e7in heyecan verici bir dil deneyimi sunuyor. Pe\u015ftuca diyar\u0131na ad\u0131m att\u0131\u011f\u0131n\u0131zda, yaln\u0131zca dil repertuar\u0131n\u0131z\u0131 zenginle\u015ftirmekle kalmayacak, ayn\u0131 zamanda b\u00fcy\u00fcleyici bir k\u00fclt\u00fcrel yolculu\u011fu da kucaklayacaks\u0131n\u0131z. Pe\u015ftuca dilbilgisi ilk ba\u015fta karma\u015f\u0131k [&hellip;]<\/p>\n","protected":false},"author":20,"featured_media":0,"parent":0,"menu_order":0,"comment_status":"closed","ping_status":"closed","template":"LearningContentPage.php","meta":{"_acf_changed":false,"footnotes":""},"class_list":["post-1465558","page","type-page","status-publish","hentry"],"acf":[],"yoast_head":"<!-- This site is optimized with the Yoast SEO Premium plugin v27.2 (Yoast SEO v27.2) - https:\/\/yoast.com\/product\/yoast-seo-premium-wordpress\/ -->\n<title>Pe\u015ftuca Dilbilgisi - Talkpal<\/title>\n<meta name=\"description\" content=\"Alfabe, fonetik, b\u00f6l\u00fcnm\u00fc\u015f ergativite, isimler, zamirler, fiiller ve s\u0131fatlar\u0131 kapsayan bu kapsaml\u0131 k\u0131lavuzla Pe\u015ftuca dilbilgisinde ustala\u015f\u0131n.\" \/>\n<meta name=\"robots\" content=\"index, follow, max-snippet:-1, max-image-preview:large, max-video-preview:-1\" \/>\n<link rel=\"canonical\" href=\"https:\/\/talkpal.ai\/tr\/pestuca-dilbilgisi\/\" \/>\n<meta property=\"og:locale\" content=\"tr_TR\" \/>\n<meta property=\"og:type\" content=\"article\" \/>\n<meta property=\"og:title\" content=\"Pe\u015ftuca Dilbilgisi\" \/>\n<meta property=\"og:description\" content=\"Pe\u015ftuca Dilbilgisinin \u0130nceliklerinde Gezinmek Afganistan ve Pakistan&#039;da zengin bir tarihe ve k\u00fclt\u00fcrel \u00f6neme sahip bir Do\u011fu \u0130ran dili olan Pe\u015ftuca,\" \/>\n<meta property=\"og:url\" content=\"https:\/\/talkpal.ai\/tr\/pestuca-dilbilgisi\/\" \/>\n<meta property=\"og:site_name\" content=\"Talkpal\" \/>\n<meta property=\"article:publisher\" content=\"https:\/\/www.facebook.com\/profile.php?id=100090733639311\" \/>\n<meta property=\"article:modified_time\" content=\"2025-12-30T11:42:23+00:00\" \/>\n<meta property=\"og:image\" content=\"https:\/\/talkpal.ai\/wp-content\/uploads\/2025\/02\/Progress-tab-16_9.png\" \/>\n\t<meta property=\"og:image:width\" content=\"2880\" \/>\n\t<meta property=\"og:image:height\" content=\"1620\" \/>\n\t<meta property=\"og:image:type\" content=\"image\/png\" \/>\n<meta name=\"twitter:card\" content=\"summary_large_image\" \/>\n<meta name=\"twitter:site\" content=\"@talkpalai\" \/>\n<meta name=\"twitter:label1\" content=\"Tahmini okuma s\u00fcresi\" \/>\n\t<meta name=\"twitter:data1\" content=\"4 dakika\" \/>\n<script type=\"application\/ld+json\" class=\"yoast-schema-graph\">{\"@context\":\"https:\/\/schema.org\",\"@graph\":[{\"@type\":\"WebPage\",\"@id\":\"https:\/\/talkpal.ai\/tr\/pestuca-dilbilgisi\/\",\"url\":\"https:\/\/talkpal.ai\/tr\/pestuca-dilbilgisi\/\",\"name\":\"Pe\u015ftuca Dilbilgisi - Talkpal\",\"isPartOf\":{\"@id\":\"https:\/\/talkpal.ai\/tr\/#website\"},\"datePublished\":\"2025-11-12T16:20:16+00:00\",\"dateModified\":\"2025-12-30T11:42:23+00:00\",\"description\":\"Alfabe, fonetik, b\u00f6l\u00fcnm\u00fc\u015f ergativite, isimler, zamirler, fiiller ve s\u0131fatlar\u0131 kapsayan bu kapsaml\u0131 k\u0131lavuzla Pe\u015ftuca dilbilgisinde ustala\u015f\u0131n.\",\"breadcrumb\":{\"@id\":\"https:\/\/talkpal.ai\/tr\/pestuca-dilbilgisi\/#breadcrumb\"},\"inLanguage\":\"tr\",\"potentialAction\":[{\"@type\":\"ReadAction\",\"target\":[\"https:\/\/talkpal.ai\/tr\/pestuca-dilbilgisi\/\"]}]},{\"@type\":\"BreadcrumbList\",\"@id\":\"https:\/\/talkpal.ai\/tr\/pestuca-dilbilgisi\/#breadcrumb\",\"itemListElement\":[{\"@type\":\"ListItem\",\"position\":1,\"name\":\"Homepage\",\"item\":\"https:\/\/talkpal.ai\/tr\/\"},{\"@type\":\"ListItem\",\"position\":2,\"name\":\"Pe\u015ftuca Dilbilgisi\"}]},{\"@type\":\"WebSite\",\"@id\":\"https:\/\/talkpal.ai\/tr\/#website\",\"url\":\"https:\/\/talkpal.ai\/tr\/\",\"name\":\"Talkpal\",\"description\":\"AI Language Learning\",\"publisher\":{\"@id\":\"https:\/\/talkpal.ai\/tr\/#organization\"},\"alternateName\":\"Talkpal AI\",\"potentialAction\":[{\"@type\":\"SearchAction\",\"target\":{\"@type\":\"EntryPoint\",\"urlTemplate\":\"https:\/\/talkpal.ai\/tr\/?s={search_term_string}\"},\"query-input\":{\"@type\":\"PropertyValueSpecification\",\"valueRequired\":true,\"valueName\":\"search_term_string\"}}],\"inLanguage\":\"tr\"},{\"@type\":\"Organization\",\"@id\":\"https:\/\/talkpal.ai\/tr\/#organization\",\"name\":\"Talkpal, Inc.\",\"alternateName\":\"Talkpal AI\",\"url\":\"https:\/\/talkpal.ai\/tr\/\",\"logo\":{\"@type\":\"ImageObject\",\"inLanguage\":\"tr\",\"@id\":\"https:\/\/talkpal.ai\/tr\/#\/schema\/logo\/image\/\",\"url\":\"https:\/\/talkpal.ai\/wp-content\/uploads\/2024\/03\/Talkpal-Logo-Icon.png\",\"contentUrl\":\"https:\/\/talkpal.ai\/wp-content\/uploads\/2024\/03\/Talkpal-Logo-Icon.png\",\"width\":2880,\"height\":2880,\"caption\":\"Talkpal, Inc.\"},\"image\":{\"@id\":\"https:\/\/talkpal.ai\/tr\/#\/schema\/logo\/image\/\"},\"sameAs\":[\"https:\/\/www.facebook.com\/profile.php?id=100090733639311\",\"https:\/\/x.com\/talkpalai\",\"https:\/\/www.linkedin.com\/company\/talkpal\/\",\"https:\/\/www.youtube.com\/@TalkPal\/\",\"https:\/\/www.tiktok.com\/@talkpal\",\"https:\/\/www.instagram.com\/talkpal_ai\/\",\"https:\/\/www.crunchbase.com\/organization\/talkpal-9cde\",\"https:\/\/www.g2.com\/products\/talkpal-for-business\/\",\"https:\/\/www.trustpilot.com\/review\/talkpal.ai\",\"https:\/\/www.capterra.com\/p\/10006800\/TalkPal\/\"],\"description\":\"Talkpal is a language learning web and mobile education app, powered by the latest AI technologies, that provides engaging experiences to its customers in many different languages to help them improve their language skills. Users can chat about unlimited amount of topics with the app and use other modes to practice their language learning.\",\"email\":\"support@talkpal.ai\",\"legalName\":\"Talkpal, Inc.\",\"foundingDate\":\"2023-04-03\",\"duns\":\"118989042\",\"numberOfEmployees\":{\"@type\":\"QuantitativeValue\",\"minValue\":\"11\",\"maxValue\":\"50\"},\"publishingPrinciples\":\"https:\/\/talkpal.ai\/publishing-principles\/\",\"actionableFeedbackPolicy\":\"https:\/\/talkpal.ai\/actionable-feedback-policy\/\",\"correctionsPolicy\":\"https:\/\/talkpal.ai\/corrections-policy\/\",\"ethicsPolicy\":\"https:\/\/talkpal.ai\/ethics-policy\/\",\"diversityPolicy\":\"https:\/\/talkpal.ai\/diversity-policy\/\",\"diversityStaffingReport\":\"https:\/\/talkpal.ai\/diversity-policy\/\"}]}<\/script>\n<!-- \/ Yoast SEO Premium plugin. -->","yoast_head_json":{"title":"Pe\u015ftuca Dilbilgisi - Talkpal","description":"Alfabe, fonetik, b\u00f6l\u00fcnm\u00fc\u015f ergativite, isimler, zamirler, fiiller ve s\u0131fatlar\u0131 kapsayan bu kapsaml\u0131 k\u0131lavuzla Pe\u015ftuca dilbilgisinde ustala\u015f\u0131n.","robots":{"index":"index","follow":"follow","max-snippet":"max-snippet:-1","max-image-preview":"max-image-preview:large","max-video-preview":"max-video-preview:-1"},"canonical":"https:\/\/talkpal.ai\/tr\/pestuca-dilbilgisi\/","og_locale":"tr_TR","og_type":"article","og_title":"Pe\u015ftuca Dilbilgisi","og_description":"Pe\u015ftuca Dilbilgisinin \u0130nceliklerinde Gezinmek Afganistan ve Pakistan'da zengin bir tarihe ve k\u00fclt\u00fcrel \u00f6neme sahip bir Do\u011fu \u0130ran dili olan Pe\u015ftuca,","og_url":"https:\/\/talkpal.ai\/tr\/pestuca-dilbilgisi\/","og_site_name":"Talkpal","article_publisher":"https:\/\/www.facebook.com\/profile.php?id=100090733639311","article_modified_time":"2025-12-30T11:42:23+00:00","og_image":[{"width":2880,"height":1620,"url":"https:\/\/talkpal.ai\/wp-content\/uploads\/2025\/02\/Progress-tab-16_9.png","type":"image\/png"}],"twitter_card":"summary_large_image","twitter_site":"@talkpalai","twitter_misc":{"Tahmini okuma s\u00fcresi":"4 dakika"},"schema":{"@context":"https:\/\/schema.org","@graph":[{"@type":"WebPage","@id":"https:\/\/talkpal.ai\/tr\/pestuca-dilbilgisi\/","url":"https:\/\/talkpal.ai\/tr\/pestuca-dilbilgisi\/","name":"Pe\u015ftuca Dilbilgisi - Talkpal","isPartOf":{"@id":"https:\/\/talkpal.ai\/tr\/#website"},"datePublished":"2025-11-12T16:20:16+00:00","dateModified":"2025-12-30T11:42:23+00:00","description":"Alfabe, fonetik, b\u00f6l\u00fcnm\u00fc\u015f ergativite, isimler, zamirler, fiiller ve s\u0131fatlar\u0131 kapsayan bu kapsaml\u0131 k\u0131lavuzla Pe\u015ftuca dilbilgisinde ustala\u015f\u0131n.","breadcrumb":{"@id":"https:\/\/talkpal.ai\/tr\/pestuca-dilbilgisi\/#breadcrumb"},"inLanguage":"tr","potentialAction":[{"@type":"ReadAction","target":["https:\/\/talkpal.ai\/tr\/pestuca-dilbilgisi\/"]}]},{"@type":"BreadcrumbList","@id":"https:\/\/talkpal.ai\/tr\/pestuca-dilbilgisi\/#breadcrumb","itemListElement":[{"@type":"ListItem","position":1,"name":"Homepage","item":"https:\/\/talkpal.ai\/tr\/"},{"@type":"ListItem","position":2,"name":"Pe\u015ftuca Dilbilgisi"}]},{"@type":"WebSite","@id":"https:\/\/talkpal.ai\/tr\/#website","url":"https:\/\/talkpal.ai\/tr\/","name":"Talkpal","description":"AI Language Learning","publisher":{"@id":"https:\/\/talkpal.ai\/tr\/#organization"},"alternateName":"Talkpal AI","potentialAction":[{"@type":"SearchAction","target":{"@type":"EntryPoint","urlTemplate":"https:\/\/talkpal.ai\/tr\/?s={search_term_string}"},"query-input":{"@type":"PropertyValueSpecification","valueRequired":true,"valueName":"search_term_string"}}],"inLanguage":"tr"},{"@type":"Organization","@id":"https:\/\/talkpal.ai\/tr\/#organization","name":"Talkpal, Inc.","alternateName":"Talkpal AI","url":"https:\/\/talkpal.ai\/tr\/","logo":{"@type":"ImageObject","inLanguage":"tr","@id":"https:\/\/talkpal.ai\/tr\/#\/schema\/logo\/image\/","url":"https:\/\/talkpal.ai\/wp-content\/uploads\/2024\/03\/Talkpal-Logo-Icon.png","contentUrl":"https:\/\/talkpal.ai\/wp-content\/uploads\/2024\/03\/Talkpal-Logo-Icon.png","width":2880,"height":2880,"caption":"Talkpal, Inc."},"image":{"@id":"https:\/\/talkpal.ai\/tr\/#\/schema\/logo\/image\/"},"sameAs":["https:\/\/www.facebook.com\/profile.php?id=100090733639311","https:\/\/x.com\/talkpalai","https:\/\/www.linkedin.com\/company\/talkpal\/","https:\/\/www.youtube.com\/@TalkPal\/","https:\/\/www.tiktok.com\/@talkpal","https:\/\/www.instagram.com\/talkpal_ai\/","https:\/\/www.crunchbase.com\/organization\/talkpal-9cde","https:\/\/www.g2.com\/products\/talkpal-for-business\/","https:\/\/www.trustpilot.com\/review\/talkpal.ai","https:\/\/www.capterra.com\/p\/10006800\/TalkPal\/"],"description":"Talkpal is a language learning web and mobile education app, powered by the latest AI technologies, that provides engaging experiences to its customers in many different languages to help them improve their language skills. Users can chat about unlimited amount of topics with the app and use other modes to practice their language learning.","email":"support@talkpal.ai","legalName":"Talkpal, Inc.","foundingDate":"2023-04-03","duns":"118989042","numberOfEmployees":{"@type":"QuantitativeValue","minValue":"11","maxValue":"50"},"publishingPrinciples":"https:\/\/talkpal.ai\/publishing-principles\/","actionableFeedbackPolicy":"https:\/\/talkpal.ai\/actionable-feedback-policy\/","correctionsPolicy":"https:\/\/talkpal.ai\/corrections-policy\/","ethicsPolicy":"https:\/\/talkpal.ai\/ethics-policy\/","diversityPolicy":"https:\/\/talkpal.ai\/diversity-policy\/","diversityStaffingReport":"https:\/\/talkpal.ai\/diversity-policy\/"}]}},"_links":{"self":[{"href":"https:\/\/talkpal.ai\/tr\/wp-json\/wp\/v2\/pages\/1465558","targetHints":{"allow":["GET"]}}],"collection":[{"href":"https:\/\/talkpal.ai\/tr\/wp-json\/wp\/v2\/pages"}],"about":[{"href":"https:\/\/talkpal.ai\/tr\/wp-json\/wp\/v2\/types\/page"}],"author":[{"embeddable":true,"href":"https:\/\/talkpal.ai\/tr\/wp-json\/wp\/v2\/users\/20"}],"replies":[{"embeddable":true,"href":"https:\/\/talkpal.ai\/tr\/wp-json\/wp\/v2\/comments?post=1465558"}],"version-history":[{"count":0,"href":"https:\/\/talkpal.ai\/tr\/wp-json\/wp\/v2\/pages\/1465558\/revisions"}],"wp:attachment":[{"href":"https:\/\/talkpal.ai\/tr\/wp-json\/wp\/v2\/media?parent=1465558"}],"curies":[{"name":"wp","href":"https:\/\/api.w.org\/{rel}","templated":true}]}}