{"id":1465527,"date":"2025-11-12T16:09:11","date_gmt":"2025-11-12T16:09:11","guid":{"rendered":"https:\/\/talkpal.ai\/oriya-dilbilgisi-alistirmalari\/"},"modified":"2025-12-30T11:51:36","modified_gmt":"2025-12-30T11:51:36","slug":"oriya-dilbilgisi-alistirmalari","status":"publish","type":"page","link":"https:\/\/talkpal.ai\/tr\/oriya-dilbilgisi-alistirmalari\/","title":{"rendered":"Odia Gramer Egzersizleri"},"content":{"rendered":"\r\n\r\n\r\n<section class=\"languageChallengeSection\">\r\n    <div class=\"languageInfoWrapper\">\r\n        \r\n        <h1>Odia Gramer Egzersizleri<\/h1>\r\n        <p><a href=\"https:\/\/talkpal.ai\/learn-odia\/\">Odia<\/a> dilbilgisine dalmaya haz\u0131r m\u0131s\u0131n\u0131z? Birka\u00e7 temel pratik yapmak, bu e\u015fsiz ve g\u00fczel dile al\u0131\u015fman\u0131za yard\u0131mc\u0131 olacakt\u0131r. Kendinize g\u00fcveninizi art\u0131rmak ve bu arada biraz e\u011flenmek i\u00e7in bu egzersizleri deneyin!<\/p>\r\n\r\n                            <a class=\"getStartedHidden\" href=\"https:\/\/app.talkpal.ai\/tr\/signup?lng=\">Hadi ba\u015fla<\/a>\r\n        \r\n    <\/div>\r\n\r\n    <figure>\r\n    <img decoding=\"async\" width=\"768\" height=\"768\" src=\"https:\/\/talkpal.ai\/wp-content\/uploads\/2023\/06\/welsh-768x768.png\" class=\"languageImage no-lazy\" alt=\"Language learning for better cognitive abilities\" fetchpriority=\"high\" sizes=\"(max-width: 768px) 150px, 768px\" srcset=\"https:\/\/talkpal.ai\/wp-content\/uploads\/2023\/06\/welsh-768x768.png 768w, https:\/\/talkpal.ai\/wp-content\/uploads\/2023\/06\/welsh-300x300.png 300w\" \/>\r\n    \r\n\r\n    <\/figure>\r\n\r\n            <a class=\"getStartedVisible\" href=\"https:\/\/app.talkpal.ai\/tr\/signup?lng=\">Hadi ba\u015fla<\/a>\r\n    \r\n<\/section><section class=\"promotionalBanner\">\r\n    <p class=\"promotionalText\">Dil \u00f6\u011frenmenin en etkili yolu<\/p>\r\n    <a class=\"promotionalLink\" href=\"https:\/\/app.talkpal.ai\/tr\/signup?lng=\">Talkpal \u00fccretsiz deneyin<\/a>\r\n<\/section>\n<div class=\"wp-block-group pageContainerStyle\"><div class=\"wp-block-group__inner-container is-layout-constrained wp-block-group-is-layout-constrained\">\n<h2 class=\"wp-block-heading\" id=\"h-odia-grammar-topics\">Odia Dilbilgisi Konular\u0131<\/h2>\n\n\n\n<p><a href=\"https:\/\/talkpal.ai\/tr\/yeni-bir-dil-ogrenirken-kacinilmasi-gereken-en-buyuk-hatalar\/\">Yeni bir dil \u00f6\u011frenmek<\/a> zorlu <a href=\"https:\/\/talkpal.ai\/locations\/language-courses-in-ama\/\">ama<\/a> \u00f6d\u00fcllendirici bir \u00e7aba olabilir. Odia, a\u011f\u0131rl\u0131kl\u0131 olarak Hindistan&#8217;\u0131n Odisha eyaletinde konu\u015fulan Hint-Aryan dili olarak istisna de\u011fildir. Kendi \u00f6zellikleri ve yap\u0131lar\u0131yla <a href=\"https:\/\/talkpal.ai\/tr\/egitim-icin-talkpal\/\">Odia&#8217;y\u0131 \u00f6\u011frenmek<\/a> , dilbilgisini anlamak i\u00e7in sistematik bir yakla\u015f\u0131m gerektirir. Bu rehber, <a href=\"https:\/\/talkpal.ai\/tr\/dinlemeyi-gelistirin\/\">dil \u00f6\u011frenimi<\/a> i\u00e7in <a href=\"https:\/\/talkpal.ai\/oriya-grammar\/\">Odia dilbilgisinin<\/a> temel alanlar\u0131n\u0131 mant\u0131kl\u0131 bir diziyle <a href=\"https:\/\/talkpal.ai\/tr\/egitim-icin-talkpal\/\">\u00f6zetler;<\/a> temel bilgilerden (isimler ve makaleler) ba\u015flay\u0131p zamanlar ve c\u00fcmle yap\u0131s\u0131 gibi daha karma\u015f\u0131k alanlara kadar ilerler.<\/p>\n\n\n\n<h3 class=\"wp-block-heading\" id=\"h-1-nouns\">1. \u0130simler:<\/h3>\n\n\n\n<p>Odia dil yolculu\u011funuza isimleri \u00f6\u011frenerek ba\u015flay\u0131n. Bu, ortak ve \u00f6zel isimler gibi farkl\u0131 isim kategorilerinin yan\u0131 s\u0131ra bunlar\u0131n \u00e7o\u011ful bi\u00e7imlerini anlamay\u0131 da i\u00e7erir. Odia&#8217;n\u0131n genellikle dilbilgisel cinsiyetten yoksundur ve \u00e7o\u011ful i\u015faretleri kullan\u0131r; \u00f6rne\u011fin insanlar i\u00e7in -mane, nesneler i\u00e7in -gudika.<\/p>\n\n\n\n<h3 class=\"wp-block-heading\" id=\"h-2-articles\">2. Makaleler:<\/h3>\n\n\n\n<p>Odia, <a href=\"https:\/\/talkpal.ai\/ai-english-speaking-practice\/\">\u0130ngilizce<\/a> gibi belirli veya belirsiz artikl kullanmaz. Kesinlik genellikle ba\u011flam veya \u015fu ve bu gibi g\u00f6stericiler arac\u0131l\u0131\u011f\u0131yla ifade edilir ve belirsizlik gerekti\u011finde rakamla aktar\u0131labilir.<\/p>\n\n\n\n<h3 class=\"wp-block-heading\" id=\"h-3-adjectives\">3. S\u0131fatlar:<\/h3>\n\n\n\n<p>Odia&#8217;daki s\u0131fatlar genellikle de\u011fi\u015ftirdikleri isimlerden \u00f6nce gelir. Genellikle say\u0131 veya cinsiyet i\u00e7in form de\u011fi\u015ftirmezler. Genellikle daha fazlas\u0131 i\u00e7in adhika, \u00e7o\u011fu i\u00e7in sabuthu ve than i\u00e7in tharu i\u015faret\u00e7isi gibi kelimeleri kullanarak kar\u015f\u0131la\u015ft\u0131rmal\u0131 ve \u00fcst\u00fcnl\u00fck ifadeleri olu\u015fturmay\u0131 \u00f6\u011frenin.<\/p>\n\n\n\n<h3 class=\"wp-block-heading\" id=\"h-4-pronouns-determiners\">4. Zamirler\/Belirleyiciler:<\/h3>\n\n\n\n<p>Odia&#8217;da zamirler ve belirleyiciler esast\u0131r; \u0130simlerin yerini al\u0131r ve miktar, sahiplik ve daha fazlas\u0131 hakk\u0131nda bilgi sa\u011flar. Odia&#8217;da ikinci \u015fah\u0131s zamirlerinde nezaket seviyeleri vard\u0131r ve sahiplik genellikle -ra genitif par\u00e7ac\u0131\u011f\u0131 ile i\u015faretlenir. G\u00f6stericiler ve niceleyiciler yayg\u0131n olarak kullan\u0131lmaktad\u0131r.<\/p>\n\n\n\n<h3 class=\"wp-block-heading\" id=\"h-5-verbs\">5. Fiiller:<\/h3>\n\n\n\n<p>Odia fiillerinin zaman, y\u00f6n, ruh hali ve bazen onur seviyesine ba\u011fl\u0131 olarak farkl\u0131 bi\u00e7imleri vard\u0131r. Al\u0131\u015f\u0131lm\u0131\u015f ve ilerici dahil olmak \u00fczere mevcut formlarla ba\u015flay\u0131n, ard\u0131ndan ge\u00e7mi\u015fi ve gelece\u011fi ke\u015ffedin. -iba veya -ba&#8217;daki mastar veya fiil isim bi\u00e7imlerini \u00f6\u011frenin.<\/p>\n\n\n\n<h3 class=\"wp-block-heading\" id=\"h-6-tenses\">6. Zamanlar:<\/h3>\n\n\n\n<p>Fiil formlar\u0131n\u0131 ustala\u015ft\u0131ktan sonra, Odia zamanlar\u0131na ve aspektlerine daha derinlemesine dal\u0131n. \u015eimdiki al\u0131\u015f\u0131lm\u0131\u015f, \u015fimdiki ilerici, ge\u00e7mi\u015f m\u00fckemmel, ge\u00e7mi\u015f ilerici ve gelecek aras\u0131ndaki farklar\u0131 ve bunlar\u0131n farkl\u0131 ba\u011flamlarda nas\u0131l kullan\u0131ld\u0131\u011f\u0131n\u0131 anlay\u0131n.<\/p>\n\n\n\n<h3 class=\"wp-block-heading\" id=\"h-7-tense-comparison\">7. Gergin Kar\u015f\u0131la\u015ft\u0131rma:<\/h3>\n\n\n\n<p>Odia&#8217;da zamanlar\u0131 kar\u015f\u0131la\u015ft\u0131rmak, olaylar\u0131n s\u0131ras\u0131n\u0131 ve y\u00f6n\u00fcn\u00fc anlamaya yard\u0131mc\u0131 olur. Ayn\u0131 fiili al\u0131\u015f\u0131lm\u0131\u015f, ilerleyici, m\u00fckemmelle\u015ftirici ve gelecekteki kullan\u0131mlar aras\u0131nda kar\u015f\u0131la\u015ft\u0131rmak, dilin daha iyi anla\u015f\u0131lmas\u0131n\u0131 sa\u011flayacakt\u0131r.<\/p>\n\n\n\n<h3 class=\"wp-block-heading\" id=\"h-8-progressive\">8. \u0130lerici:<\/h3>\n\n\n\n<p>Odia&#8217;daki ilerici y\u00f6n, devam eden eylemleri ifade etmek i\u00e7in kullan\u0131l\u0131r. Genellikle fiil k\u00f6k\u00fc ve ilgili yard\u0131mc\u0131 formlar \u00fczerine in\u015fa edilmi\u015f \u015fimdiki zaman i\u00e7in -uchhi, ge\u00e7mi\u015f i\u00e7in -uthila ve gelecek i\u00e7in -uthiba son ekiyle i\u015faretlenir.<\/p>\n\n\n\n<h3 class=\"wp-block-heading\" id=\"h-9-perfect-progressive\">9. M\u00fckemmel \u0130lerici:<\/h3>\n\n\n\n<p>Bu, belirli bir noktaya kadar devam eden eylemleri ifade etmek i\u00e7in kullan\u0131l\u0131r. Odia&#8217;da ise, genellikle ilerleyici yap\u0131 ile birlikte dhari veya tharu gibi zaman ifadeleriyle birlikte s\u00fcreyi belirtmek i\u00e7in aktar\u0131l\u0131r, \u00f6zel m\u00fckemmel-ilerici yard\u0131mc\u0131 kombinasyon yerine kullan\u0131l\u0131r.<\/p>\n\n\n\n<h3 class=\"wp-block-heading\" id=\"h-10-conditionals\">10. Ko\u015fullar:<\/h3>\n\n\n\n<p>Ko\u015fullar, varsay\u0131msal durumlar\u0131 ve olas\u0131 sonu\u00e7lar\u0131n\u0131 ifade eder. Odia, bu ili\u015fkileri ifade etmek i\u00e7in ko\u015fullu i\u015faretleyiciler ve jadi veya yadi gibi kelimeler kullan\u0131r; -le i\u00e7indeki s\u00f6zl\u00fc ko\u015fullu formlar da bu ili\u015fkileri ifade eder.<\/p>\n\n\n\n<h3 class=\"wp-block-heading\" id=\"h-11-adverbs\">11. Zarflar:<\/h3>\n\n\n\n<p>Odia&#8217;daki zarflar fiilleri, s\u0131fatlar\u0131 veya di\u011fer zarflar\u0131 de\u011fi\u015ftirir. Tarz, yer, zaman, derece ve daha fazlas\u0131 hakk\u0131nda bilgi sa\u011flarlar ve vurgu ve c\u00fcmle ak\u0131\u015f\u0131na g\u00f6re konumland\u0131r\u0131l\u0131rlar.<\/p>\n\n\n\n<h3 class=\"wp-block-heading\" id=\"h-12-prepositions\">12. Edatlar:<\/h3>\n\n\n\n<p>Odia esas olarak ili\u015fki kurduklar\u0131 isimleri takip eden postpozisyonlar\u0131 kullan\u0131r. Kelimeleri ve c\u00fcmleleri birbirine ba\u011flarlar ve -re in veya at, -ku to, -ru from ve pain for gibi zaman, yer, y\u00f6n, kaynak ve ama\u00e7 ili\u015fkilerini ifade ederler.<\/p>\n\n\n\n<h3 class=\"wp-block-heading\" id=\"h-13-sentences\">13. C\u00fcmleler:<\/h3>\n\n\n\n<p>Son olarak, c\u00fcmle kurma al\u0131\u015ft\u0131rmas\u0131 yap\u0131n. Odia genellikle \u00f6zne nesne fiil s\u0131ras\u0131n\u0131 takip eder. Bu, daha \u00f6nce \u00f6\u011frenilen t\u00fcm dilbilgisi noktalar\u0131n\u0131n, uyum kal\u0131plar\u0131 ve yayg\u0131n olumsuzluk formlar\u0131 dahil ba\u011flamda kullanmay\u0131 i\u00e7erecek ve b\u00f6ylece Odia dilinin kapsaml\u0131 bir anla\u015f\u0131lmas\u0131n\u0131 sa\u011flayacakt\u0131r.<\/p>\n<\/div><\/div>\n\r\n<section class=\"learnNavigationSection\">\r\n            \r\n        <a href=\"https:\/\/talkpal.ai\/tr\/oriyayi-ogrenin\/\">\r\n            <div class=\"learnNavigationWrapper\">\r\n                <div class=\"learnNavigationContent\">\r\n                    <img decoding=\"async\" src=\"https:\/\/talkpal.ai\/wp-content\/uploads\/2025\/11\/Oriya.png\" alt=\"Indian Simplified Flag\">\r\n                    <div>\r\n                        <h4>Odia Learning Hakk\u0131nda<\/h4>\r\n                        <p>Odia Grammar hakk\u0131nda her \u015feyi \u00f6\u011frenin.<\/p>\r\n                    <\/div>\r\n                <\/div>\r\n            <\/div>\r\n        <\/a>\r\n\r\n        \r\n        <a href=\"https:\/\/talkpal.ai\/tr\/oriya-dilbilgisi\/\">\r\n            <div class=\"learnNavigationWrapper\">\r\n                <div class=\"learnNavigationContent\">\r\n                    <img decoding=\"async\" src=\"https:\/\/talkpal.ai\/wp-content\/uploads\/2025\/11\/Oriya.png\" alt=\"Indian Simplified Flag\">\r\n                    <div>\r\n                        <h4>Odia Dilbilgisi Dersleri<\/h4>\r\n                        <p>Odia dilbilgisi prati\u011fi yap\u0131n.<\/p>\r\n                    <\/div>\r\n                <\/div>\r\n            <\/div>\r\n        <\/a>\r\n\r\n            <\/section>","protected":false},"excerpt":{"rendered":"<p>Odia Dilbilgisi Konular\u0131 Yeni bir dil \u00f6\u011frenmek zorlu ama \u00f6d\u00fcllendirici bir \u00e7aba olabilir. Odia, a\u011f\u0131rl\u0131kl\u0131 olarak Hindistan&#8217;\u0131n Odisha eyaletinde konu\u015fulan Hint-Aryan dili olarak istisna de\u011fildir. Kendi \u00f6zellikleri ve yap\u0131lar\u0131yla Odia&#8217;y\u0131 \u00f6\u011frenmek , dilbilgisini anlamak i\u00e7in sistematik bir yakla\u015f\u0131m gerektirir. Bu rehber, dil \u00f6\u011frenimi i\u00e7in Odia dilbilgisinin temel alanlar\u0131n\u0131 mant\u0131kl\u0131 bir diziyle \u00f6zetler; temel bilgilerden (isimler [&hellip;]<\/p>\n","protected":false},"author":20,"featured_media":0,"parent":0,"menu_order":0,"comment_status":"closed","ping_status":"closed","template":"LearningContentPage.php","meta":{"_acf_changed":false,"footnotes":""},"class_list":["post-1465527","page","type-page","status-publish","hentry"],"acf":[],"yoast_head":"<!-- This site is optimized with the Yoast SEO Premium plugin v27.2 (Yoast SEO v27.2) - https:\/\/yoast.com\/product\/yoast-seo-premium-wordpress\/ -->\n<title>Odia Gramer Egzersizleri - Talkpal<\/title>\n<meta name=\"description\" content=\"Dil becerilerinizi ve ak\u0131c\u0131l\u0131\u011f\u0131n\u0131z\u0131 etkili bir \u015fekilde geli\u015ftirmenize yard\u0131mc\u0131 olmak i\u00e7in tasarlanm\u0131\u015f etkile\u015fimli al\u0131\u015ft\u0131rmalarla Odia dilbilgisinde ustala\u015f\u0131n.\" \/>\n<meta name=\"robots\" content=\"index, follow, max-snippet:-1, max-image-preview:large, max-video-preview:-1\" \/>\n<link rel=\"canonical\" href=\"https:\/\/talkpal.ai\/tr\/oriya-dilbilgisi-alistirmalari\/\" \/>\n<meta property=\"og:locale\" content=\"tr_TR\" \/>\n<meta property=\"og:type\" content=\"article\" \/>\n<meta property=\"og:title\" content=\"Odia Gramer Egzersizleri\" \/>\n<meta property=\"og:description\" content=\"Odia Dilbilgisi Konular\u0131 Yeni bir dil \u00f6\u011frenmek zorlu ama \u00f6d\u00fcllendirici bir \u00e7aba olabilir. Odia, a\u011f\u0131rl\u0131kl\u0131 olarak Hindistan&#039;\u0131n Odisha eyaletinde konu\u015fulan\" \/>\n<meta property=\"og:url\" content=\"https:\/\/talkpal.ai\/tr\/oriya-dilbilgisi-alistirmalari\/\" \/>\n<meta property=\"og:site_name\" content=\"Talkpal\" \/>\n<meta property=\"article:publisher\" content=\"https:\/\/www.facebook.com\/profile.php?id=100090733639311\" \/>\n<meta property=\"article:modified_time\" content=\"2025-12-30T11:51:36+00:00\" \/>\n<meta property=\"og:image\" content=\"https:\/\/talkpal.ai\/wp-content\/uploads\/2025\/02\/Progress-tab-16_9.png\" \/>\n\t<meta property=\"og:image:width\" content=\"2880\" \/>\n\t<meta property=\"og:image:height\" content=\"1620\" \/>\n\t<meta property=\"og:image:type\" content=\"image\/png\" \/>\n<meta name=\"twitter:card\" content=\"summary_large_image\" \/>\n<meta name=\"twitter:site\" content=\"@talkpalai\" \/>\n<meta name=\"twitter:label1\" content=\"Tahmini okuma s\u00fcresi\" \/>\n\t<meta name=\"twitter:data1\" content=\"4 dakika\" \/>\n<script type=\"application\/ld+json\" class=\"yoast-schema-graph\">{\"@context\":\"https:\/\/schema.org\",\"@graph\":[{\"@type\":\"WebPage\",\"@id\":\"https:\/\/talkpal.ai\/tr\/oriya-dilbilgisi-alistirmalari\/\",\"url\":\"https:\/\/talkpal.ai\/tr\/oriya-dilbilgisi-alistirmalari\/\",\"name\":\"Odia Gramer Egzersizleri - Talkpal\",\"isPartOf\":{\"@id\":\"https:\/\/talkpal.ai\/tr\/#website\"},\"datePublished\":\"2025-11-12T16:09:11+00:00\",\"dateModified\":\"2025-12-30T11:51:36+00:00\",\"description\":\"Dil becerilerinizi ve ak\u0131c\u0131l\u0131\u011f\u0131n\u0131z\u0131 etkili bir \u015fekilde geli\u015ftirmenize yard\u0131mc\u0131 olmak i\u00e7in tasarlanm\u0131\u015f etkile\u015fimli al\u0131\u015ft\u0131rmalarla Odia dilbilgisinde ustala\u015f\u0131n.\",\"breadcrumb\":{\"@id\":\"https:\/\/talkpal.ai\/tr\/oriya-dilbilgisi-alistirmalari\/#breadcrumb\"},\"inLanguage\":\"tr\",\"potentialAction\":[{\"@type\":\"ReadAction\",\"target\":[\"https:\/\/talkpal.ai\/tr\/oriya-dilbilgisi-alistirmalari\/\"]}]},{\"@type\":\"BreadcrumbList\",\"@id\":\"https:\/\/talkpal.ai\/tr\/oriya-dilbilgisi-alistirmalari\/#breadcrumb\",\"itemListElement\":[{\"@type\":\"ListItem\",\"position\":1,\"name\":\"Homepage\",\"item\":\"https:\/\/talkpal.ai\/tr\/\"},{\"@type\":\"ListItem\",\"position\":2,\"name\":\"Odia Gramer Egzersizleri\"}]},{\"@type\":\"WebSite\",\"@id\":\"https:\/\/talkpal.ai\/tr\/#website\",\"url\":\"https:\/\/talkpal.ai\/tr\/\",\"name\":\"Talkpal\",\"description\":\"AI Language Learning\",\"publisher\":{\"@id\":\"https:\/\/talkpal.ai\/tr\/#organization\"},\"alternateName\":\"Talkpal AI\",\"potentialAction\":[{\"@type\":\"SearchAction\",\"target\":{\"@type\":\"EntryPoint\",\"urlTemplate\":\"https:\/\/talkpal.ai\/tr\/?s={search_term_string}\"},\"query-input\":{\"@type\":\"PropertyValueSpecification\",\"valueRequired\":true,\"valueName\":\"search_term_string\"}}],\"inLanguage\":\"tr\"},{\"@type\":\"Organization\",\"@id\":\"https:\/\/talkpal.ai\/tr\/#organization\",\"name\":\"Talkpal, Inc.\",\"alternateName\":\"Talkpal AI\",\"url\":\"https:\/\/talkpal.ai\/tr\/\",\"logo\":{\"@type\":\"ImageObject\",\"inLanguage\":\"tr\",\"@id\":\"https:\/\/talkpal.ai\/tr\/#\/schema\/logo\/image\/\",\"url\":\"https:\/\/talkpal.ai\/wp-content\/uploads\/2024\/03\/Talkpal-Logo-Icon.png\",\"contentUrl\":\"https:\/\/talkpal.ai\/wp-content\/uploads\/2024\/03\/Talkpal-Logo-Icon.png\",\"width\":2880,\"height\":2880,\"caption\":\"Talkpal, Inc.\"},\"image\":{\"@id\":\"https:\/\/talkpal.ai\/tr\/#\/schema\/logo\/image\/\"},\"sameAs\":[\"https:\/\/www.facebook.com\/profile.php?id=100090733639311\",\"https:\/\/x.com\/talkpalai\",\"https:\/\/www.linkedin.com\/company\/talkpal\/\",\"https:\/\/www.youtube.com\/@TalkPal\/\",\"https:\/\/www.tiktok.com\/@talkpal\",\"https:\/\/www.instagram.com\/talkpal_ai\/\",\"https:\/\/www.crunchbase.com\/organization\/talkpal-9cde\",\"https:\/\/www.g2.com\/products\/talkpal-for-business\/\",\"https:\/\/www.trustpilot.com\/review\/talkpal.ai\",\"https:\/\/www.capterra.com\/p\/10006800\/TalkPal\/\"],\"description\":\"Talkpal is a language learning web and mobile education app, powered by the latest AI technologies, that provides engaging experiences to its customers in many different languages to help them improve their language skills. Users can chat about unlimited amount of topics with the app and use other modes to practice their language learning.\",\"email\":\"support@talkpal.ai\",\"legalName\":\"Talkpal, Inc.\",\"foundingDate\":\"2023-04-03\",\"duns\":\"118989042\",\"numberOfEmployees\":{\"@type\":\"QuantitativeValue\",\"minValue\":\"11\",\"maxValue\":\"50\"},\"publishingPrinciples\":\"https:\/\/talkpal.ai\/publishing-principles\/\",\"actionableFeedbackPolicy\":\"https:\/\/talkpal.ai\/actionable-feedback-policy\/\",\"correctionsPolicy\":\"https:\/\/talkpal.ai\/corrections-policy\/\",\"ethicsPolicy\":\"https:\/\/talkpal.ai\/ethics-policy\/\",\"diversityPolicy\":\"https:\/\/talkpal.ai\/diversity-policy\/\",\"diversityStaffingReport\":\"https:\/\/talkpal.ai\/diversity-policy\/\"}]}<\/script>\n<!-- \/ Yoast SEO Premium plugin. -->","yoast_head_json":{"title":"Odia Gramer Egzersizleri - Talkpal","description":"Dil becerilerinizi ve ak\u0131c\u0131l\u0131\u011f\u0131n\u0131z\u0131 etkili bir \u015fekilde geli\u015ftirmenize yard\u0131mc\u0131 olmak i\u00e7in tasarlanm\u0131\u015f etkile\u015fimli al\u0131\u015ft\u0131rmalarla Odia dilbilgisinde ustala\u015f\u0131n.","robots":{"index":"index","follow":"follow","max-snippet":"max-snippet:-1","max-image-preview":"max-image-preview:large","max-video-preview":"max-video-preview:-1"},"canonical":"https:\/\/talkpal.ai\/tr\/oriya-dilbilgisi-alistirmalari\/","og_locale":"tr_TR","og_type":"article","og_title":"Odia Gramer Egzersizleri","og_description":"Odia Dilbilgisi Konular\u0131 Yeni bir dil \u00f6\u011frenmek zorlu ama \u00f6d\u00fcllendirici bir \u00e7aba olabilir. Odia, a\u011f\u0131rl\u0131kl\u0131 olarak Hindistan'\u0131n Odisha eyaletinde konu\u015fulan","og_url":"https:\/\/talkpal.ai\/tr\/oriya-dilbilgisi-alistirmalari\/","og_site_name":"Talkpal","article_publisher":"https:\/\/www.facebook.com\/profile.php?id=100090733639311","article_modified_time":"2025-12-30T11:51:36+00:00","og_image":[{"width":2880,"height":1620,"url":"https:\/\/talkpal.ai\/wp-content\/uploads\/2025\/02\/Progress-tab-16_9.png","type":"image\/png"}],"twitter_card":"summary_large_image","twitter_site":"@talkpalai","twitter_misc":{"Tahmini okuma s\u00fcresi":"4 dakika"},"schema":{"@context":"https:\/\/schema.org","@graph":[{"@type":"WebPage","@id":"https:\/\/talkpal.ai\/tr\/oriya-dilbilgisi-alistirmalari\/","url":"https:\/\/talkpal.ai\/tr\/oriya-dilbilgisi-alistirmalari\/","name":"Odia Gramer Egzersizleri - Talkpal","isPartOf":{"@id":"https:\/\/talkpal.ai\/tr\/#website"},"datePublished":"2025-11-12T16:09:11+00:00","dateModified":"2025-12-30T11:51:36+00:00","description":"Dil becerilerinizi ve ak\u0131c\u0131l\u0131\u011f\u0131n\u0131z\u0131 etkili bir \u015fekilde geli\u015ftirmenize yard\u0131mc\u0131 olmak i\u00e7in tasarlanm\u0131\u015f etkile\u015fimli al\u0131\u015ft\u0131rmalarla Odia dilbilgisinde ustala\u015f\u0131n.","breadcrumb":{"@id":"https:\/\/talkpal.ai\/tr\/oriya-dilbilgisi-alistirmalari\/#breadcrumb"},"inLanguage":"tr","potentialAction":[{"@type":"ReadAction","target":["https:\/\/talkpal.ai\/tr\/oriya-dilbilgisi-alistirmalari\/"]}]},{"@type":"BreadcrumbList","@id":"https:\/\/talkpal.ai\/tr\/oriya-dilbilgisi-alistirmalari\/#breadcrumb","itemListElement":[{"@type":"ListItem","position":1,"name":"Homepage","item":"https:\/\/talkpal.ai\/tr\/"},{"@type":"ListItem","position":2,"name":"Odia Gramer Egzersizleri"}]},{"@type":"WebSite","@id":"https:\/\/talkpal.ai\/tr\/#website","url":"https:\/\/talkpal.ai\/tr\/","name":"Talkpal","description":"AI Language Learning","publisher":{"@id":"https:\/\/talkpal.ai\/tr\/#organization"},"alternateName":"Talkpal AI","potentialAction":[{"@type":"SearchAction","target":{"@type":"EntryPoint","urlTemplate":"https:\/\/talkpal.ai\/tr\/?s={search_term_string}"},"query-input":{"@type":"PropertyValueSpecification","valueRequired":true,"valueName":"search_term_string"}}],"inLanguage":"tr"},{"@type":"Organization","@id":"https:\/\/talkpal.ai\/tr\/#organization","name":"Talkpal, Inc.","alternateName":"Talkpal AI","url":"https:\/\/talkpal.ai\/tr\/","logo":{"@type":"ImageObject","inLanguage":"tr","@id":"https:\/\/talkpal.ai\/tr\/#\/schema\/logo\/image\/","url":"https:\/\/talkpal.ai\/wp-content\/uploads\/2024\/03\/Talkpal-Logo-Icon.png","contentUrl":"https:\/\/talkpal.ai\/wp-content\/uploads\/2024\/03\/Talkpal-Logo-Icon.png","width":2880,"height":2880,"caption":"Talkpal, Inc."},"image":{"@id":"https:\/\/talkpal.ai\/tr\/#\/schema\/logo\/image\/"},"sameAs":["https:\/\/www.facebook.com\/profile.php?id=100090733639311","https:\/\/x.com\/talkpalai","https:\/\/www.linkedin.com\/company\/talkpal\/","https:\/\/www.youtube.com\/@TalkPal\/","https:\/\/www.tiktok.com\/@talkpal","https:\/\/www.instagram.com\/talkpal_ai\/","https:\/\/www.crunchbase.com\/organization\/talkpal-9cde","https:\/\/www.g2.com\/products\/talkpal-for-business\/","https:\/\/www.trustpilot.com\/review\/talkpal.ai","https:\/\/www.capterra.com\/p\/10006800\/TalkPal\/"],"description":"Talkpal is a language learning web and mobile education app, powered by the latest AI technologies, that provides engaging experiences to its customers in many different languages to help them improve their language skills. Users can chat about unlimited amount of topics with the app and use other modes to practice their language learning.","email":"support@talkpal.ai","legalName":"Talkpal, Inc.","foundingDate":"2023-04-03","duns":"118989042","numberOfEmployees":{"@type":"QuantitativeValue","minValue":"11","maxValue":"50"},"publishingPrinciples":"https:\/\/talkpal.ai\/publishing-principles\/","actionableFeedbackPolicy":"https:\/\/talkpal.ai\/actionable-feedback-policy\/","correctionsPolicy":"https:\/\/talkpal.ai\/corrections-policy\/","ethicsPolicy":"https:\/\/talkpal.ai\/ethics-policy\/","diversityPolicy":"https:\/\/talkpal.ai\/diversity-policy\/","diversityStaffingReport":"https:\/\/talkpal.ai\/diversity-policy\/"}]}},"_links":{"self":[{"href":"https:\/\/talkpal.ai\/tr\/wp-json\/wp\/v2\/pages\/1465527","targetHints":{"allow":["GET"]}}],"collection":[{"href":"https:\/\/talkpal.ai\/tr\/wp-json\/wp\/v2\/pages"}],"about":[{"href":"https:\/\/talkpal.ai\/tr\/wp-json\/wp\/v2\/types\/page"}],"author":[{"embeddable":true,"href":"https:\/\/talkpal.ai\/tr\/wp-json\/wp\/v2\/users\/20"}],"replies":[{"embeddable":true,"href":"https:\/\/talkpal.ai\/tr\/wp-json\/wp\/v2\/comments?post=1465527"}],"version-history":[{"count":0,"href":"https:\/\/talkpal.ai\/tr\/wp-json\/wp\/v2\/pages\/1465527\/revisions"}],"wp:attachment":[{"href":"https:\/\/talkpal.ai\/tr\/wp-json\/wp\/v2\/media?parent=1465527"}],"curies":[{"name":"wp","href":"https:\/\/api.w.org\/{rel}","templated":true}]}}