{"id":1465510,"date":"2025-11-12T16:07:26","date_gmt":"2025-11-12T16:07:26","guid":{"rendered":"https:\/\/talkpal.ai\/oriya-dilbilgisi\/"},"modified":"2025-12-30T12:44:19","modified_gmt":"2025-12-30T12:44:19","slug":"oriya-dilbilgisi","status":"publish","type":"page","link":"https:\/\/talkpal.ai\/tr\/oriya-dilbilgisi\/","title":{"rendered":"Odia Grameri"},"content":{"rendered":"\r\n\r\n\r\n<section class=\"languageChallengeSection\">\r\n    <div class=\"languageInfoWrapper\">\r\n        \r\n        <h1>Odia Grameri<\/h1>\r\n        <p><a href=\"https:\/\/talkpal.ai\/learn-odia\/\">Odia<\/a> dilbilgisi ba\u015fta zor g\u00f6r\u00fcnebilir, ancak benzersiz \u00f6zellikleri dili \u00f6\u011frenmeyi tatmin edici bir deneyim haline getiriyor. Alfabesini, mutasyonlar\u0131n\u0131 ve dilbilgisi kurallar\u0131n\u0131 ke\u015ffederek zengin bir dil gelene\u011fi hakk\u0131nda fikir sahibi olacaks\u0131n\u0131z. Yolculu\u011funa ba\u015flay\u0131n ve Odia&#039;n\u0131n g\u00fczelli\u011fini ke\u015ffedin!<\/p>\r\n\r\n                            <a class=\"getStartedHidden\" href=\"https:\/\/app.talkpal.ai\/tr\/signup?lng=\">Hadi ba\u015fla<\/a>\r\n        \r\n    <\/div>\r\n\r\n    <figure>\r\n    <img decoding=\"async\" width=\"768\" height=\"768\" src=\"https:\/\/talkpal.ai\/wp-content\/uploads\/2023\/06\/welsh-768x768.png\" class=\"languageImage no-lazy\" alt=\"Language learning for better cognitive abilities\" fetchpriority=\"high\" sizes=\"(max-width: 768px) 150px, 768px\" srcset=\"https:\/\/talkpal.ai\/wp-content\/uploads\/2023\/06\/welsh-768x768.png 768w, https:\/\/talkpal.ai\/wp-content\/uploads\/2023\/06\/welsh-300x300.png 300w\" \/>\r\n    \r\n\r\n    <\/figure>\r\n\r\n            <a class=\"getStartedVisible\" href=\"https:\/\/app.talkpal.ai\/tr\/signup?lng=\">Hadi ba\u015fla<\/a>\r\n    \r\n<\/section><section class=\"promotionalBanner\">\r\n    <p class=\"promotionalText\">Dil \u00f6\u011frenmenin en etkili yolu<\/p>\r\n    <a class=\"promotionalLink\" href=\"https:\/\/app.talkpal.ai\/tr\/signup?lng=\">Talkpal \u00fccretsiz deneyin<\/a>\r\n<\/section>\n<div class=\"wp-block-group pageContainerStyle\"><div class=\"wp-block-group__inner-container is-layout-constrained wp-block-group-is-layout-constrained\">\n<h2 class=\"wp-block-heading\" id=\"h-navigating-the-intricacies-of-odia-grammar\">Odia Grameri&#8217;nin Karma\u015f\u0131kl\u0131klar\u0131nda Gezinmek<\/h2>\n\n\n\n<p><a href=\"https:\/\/talkpal.ai\/learn-oriya\/\">Odia<\/a>, di\u011fer ad\u0131yla Odia, zengin bir edebi gelene\u011fe ve do\u011fu Hindistan&#8217;da derin k\u00fclt\u00fcrel k\u00f6klere sahip bir Hint-Aryan dilidir. Kendine \u00f6zg\u00fc gramer sistemini ke\u015ffetmeye istekli <a href=\"https:\/\/talkpal.ai\/talkpal-discount-for-students\/\">\u00f6\u011frenciler<\/a> i\u00e7in heyecan verici bir dil deneyimi sunar. Odia diyar\u0131na ad\u0131m att\u0131k\u00e7a, sadece dil repertuar\u0131n\u0131z\u0131 zenginle\u015ftirmekle kalmaz, ayn\u0131 zamanda b\u00fcy\u00fcleyici bir k\u00fclt\u00fcrel yolculu\u011fu da kucaklars\u0131n\u0131z. <a href=\"https:\/\/talkpal.ai\/odia-grammar\/\">Odia dilbilgisi<\/a> ba\u015fta karma\u015f\u0131k g\u00f6r\u00fcnse de, temel bile\u015fenlere ayr\u0131lmas\u0131 dili \u00f6\u011frenmeyi daha eri\u015filebilir k\u0131lar. Bu makalede, Odia dilbilgisinin b\u00fcy\u00fcleyici d\u00fcnyas\u0131n\u0131 ke\u015ffedecek ve karma\u015f\u0131kl\u0131klar\u0131n\u0131 nas\u0131l y\u00f6netebilece\u011fimiz konusunda ipu\u00e7lar\u0131 verece\u011fiz.<\/p>\n\n\n\n<h3 class=\"wp-block-heading\" id=\"h-1-odia-alphabet-and-phonetics\">1. Odia Alfabesi ve Foneti\u011fi<\/h3>\n\n\n\n<p>Odia alfabesi, 11 \u00fcnl\u00fcden olu\u015fan bir abugida&#8217;d\u0131r; yakla\u015f\u0131k 35 \u00fcns\u00fcz ile diyakritik \u00fcns\u00fczler ve birle\u015fik \u00fcns\u00fczler bulunur. Hint-Aryan dillerinin karakteristi\u011fi olan retrofleks ve aspire edilmi\u015f sesleri i\u00e7erir. Yaz\u0131ya, sesli harflere ve birle\u015fik k\u00fcmelere a\u015fina olmak, telaffuz ve okumada uzmanla\u015fmak i\u00e7in \u00e7ok \u00f6nemlidir. Odia&#8217;da okuma ve yazma yaparak ses-sembol uyumunu i\u00e7selle\u015ftirerek pratik yap\u0131n.<\/p>\n\n\n\n<h3 class=\"wp-block-heading\" id=\"h-2-case-markers-and-postpositions-a-distinctive-odia-feature\">2. K\u0131l\u0131f \u0130\u015fabercileri ve Postpozisyonlar: Odia&#8217;n\u0131n Ay\u0131rt Edici Bir \u00d6zelli\u011fi<\/h3>\n\n\n\n<p>Odia dilbilgisinin dikkat \u00e7ekici bir y\u00f6n\u00fc, dadat yerine durum i\u015faretleri ve d\u00f6l\u00fcp noktalar\u0131n\u0131n kullan\u0131lmas\u0131d\u0131r. Yayg\u0131n belirte\u00e7ler aras\u0131nda su\u00e7lay\u0131c\u0131 ve datif roller i\u00e7in ku, tamlama i\u00e7in ra, lokatif i\u00e7in re, ablatif i\u00e7in ru, komitatif i\u00e7in saha, ara\u00e7sal veya etken i\u00e7in dwara ve ama\u00e7 i\u00e7in pain bulunur. Bu i\u015faretlerin isim ve zamirlere nas\u0131l ba\u011fland\u0131\u011f\u0131n\u0131 anlamak, Odia&#8217;da do\u011fru ileti\u015fim i\u00e7in hayati \u00f6neme sahiptir.<\/p>\n\n\n\n<h3 class=\"wp-block-heading\" id=\"h-3-nouns-and-pronouns-gender-and-cases\">3. \u0130simler ve Zamirler: Cinsiyet ve Durumlar<\/h3>\n\n\n\n<p>Odia isimlerinin dilbilgisi cinsiyeti yoktur ve \u00e7o\u011fulma isim t\u00fcr\u00fc ve ba\u011flama g\u00f6re de\u011fi\u015fir. \u0130nsan ve canl\u0131 isimler genellikle \u00e7o\u011ful -mane son ekini al\u0131rken, cans\u0131z isimler -gudika kullanabilir veya \u00e7o\u011fulluk ba\u011flamdan a\u00e7\u0131k oldu\u011funda i\u015faretsiz kalabilir. Zamirler, onursal ayr\u0131mlarla birlikte ki\u015fisel, iyelik, d\u00f6n\u00fc\u015fl\u00fc, g\u00f6sterici ve soru k\u00fcmelerini i\u00e7erir: mu I, tume you informal, apana you kibar, se he or she, semane they. \u0130yelik ekleri aras\u0131nda mora <a href=\"https:\/\/talkpal.ai\/locations\/language-courses-in-mora\/\">my,<\/a> tora ur, apanangkara your kibar, tara his veya her bulunur. Bu formlar\u0131 ve onlar\u0131n harf i\u015faretli varyantlar\u0131n\u0131 \u00f6\u011frenmek, Odia dilbilgisini anlaman\u0131z\u0131 \u00f6nemli \u00f6l\u00e7\u00fcde geli\u015ftirecektir.<\/p>\n\n\n\n<h3 class=\"wp-block-heading\" id=\"h-4-verbs-structure-and-conjugation\">4. Fiiller: Yap\u0131 ve \u00c7ekim<\/h3>\n\n\n\n<p>Odia fiilleri zaman, y\u00f6n, ruh hali ve anla\u015fma i\u00e7in \u00e7ekimlenirken, fiil bi\u00e7imlerini onursal seviyeler etkiler. \u00c7ekirdek zaman g\u00f6r\u00fcn\u00fc\u015f\u00fc olu\u015fumlar\u0131, bile\u015fik yap\u0131lar ve yard\u0131mc\u0131lar\u0131n yan\u0131 s\u0131ra -uchi&#8217;de \u015fimdiki ilerici, -ila&#8217;da basit ge\u00e7mi\u015f ve -iba&#8217;da gelece\u011fi i\u00e7erir. Ko\u015fullu ve zorunlu ruh halleri aktif olarak kullan\u0131lmaktad\u0131r. \u00c7ekim kal\u0131plar\u0131n\u0131 ve bunlar\u0131n ki\u015fi ile nezaketle nas\u0131l etkile\u015fime girdi\u011fini \u00f6\u011frenmek, Odia&#8217;da etkili ileti\u015fim kurma yetene\u011finizi geli\u015ftirecektir.<\/p>\n\n\n\n<h3 class=\"wp-block-heading\" id=\"h-5-adjectives-agreement-and-placement\">5. S\u0131fatlar: Anla\u015fma ve Yerle\u015ftirme<\/h3>\n\n\n\n<p>Odia dilbilgisinde, s\u0131fatlar genellikle de\u011fi\u015ftirdikleri isimden \u00f6nce gelir ve genellikle say\u0131 veya cinsiyet nedeniyle de\u011fi\u015fmezler. Kar\u015f\u0131la\u015ft\u0131rmalar ve \u00fcst\u00fcnl\u00fckler genellikle adhika more ve sabutharu most gibi zarflarla olu\u015fturulur, ancak tatsama formlar\u0131 resmi kay\u0131tlarda son ekler de kullanabilir. Bu kal\u0131plara hakim olmak, konu\u015fman\u0131n do\u011fal ve deyimsel g\u00f6r\u00fcnmesine yard\u0131mc\u0131 olur.<\/p>\n\n\n\n<p><strong>\u00d6rnekler:<\/strong><\/p>\n\n\n\n<p><strong>\u2013 Bada Prema (B\u00fcy\u00fck A\u015fk)  <\/strong><\/p>\n\n\n\n<p><strong>\u2013 Chhota Pilamane (k\u00fc\u00e7\u00fck \u00e7ocuklar)<\/strong><\/p>\n\n\n\n<h3 class=\"wp-block-heading\" id=\"h-6-engaging-with-the-language\">6. Dil ile \u0130lgi Kurmak<\/h3>\n\n\n\n<p>Odia dilbilgisini tam anlam\u0131yla anlaman\u0131n ve i\u00e7selle\u015ftirmenin en etkili yolu, dille s\u00fcrekli etkile\u015fimde bulunmakt\u0131r. Odia edebiyat\u0131n\u0131 okuyarak, Odia filmleri veya televizyon dizileri izleyerek, Odia haberlerini takip ederek ve ana dili olanlarla aktif ileti\u015fim kurarak, dilbilgisi anlay\u0131\u015f\u0131n\u0131z\u0131 peki\u015ftirirken kelime da\u011farc\u0131\u011f\u0131n\u0131z\u0131 geni\u015fletirsiniz.<\/p>\n\n\n\n<h3 class=\"wp-block-heading\" id=\"h-conclusion\">Sonu\u00e7<\/h3>\n\n\n\n<p>Odia dilbilgisi karma\u015f\u0131k g\u00f6r\u00fcnse de, bu g\u00fczel dili adanm\u0131\u015fl\u0131k, pratik ve co\u015fkuyla \u00f6\u011frenebilirsiniz. Temel kurallara odaklanarak ve farkl\u0131 ba\u011flamlarda dille etkile\u015fim kurarak, Odia <a href=\"https:\/\/talkpal.ai\/tr\/dilbilgisi\/\">dilbilgisi becerilerinizi<\/a> h\u0131zla geli\u015ftireceksiniz. Odia dil yolculu\u011funuzda Subha kamana (bol \u015fans) ve Odia dilbilgisinin zarif ama b\u00fcy\u00fcleyici d\u00fcnyas\u0131n\u0131 ke\u015ffetmenin tad\u0131n\u0131 \u00e7\u0131kar\u0131n!<\/p>\n<\/div><\/div>\n\r\n<section class=\"learnNavigationSection\">\r\n            \r\n        <a href=\"https:\/\/talkpal.ai\/tr\/oriyayi-ogrenin\/\">\r\n            <div class=\"learnNavigationWrapper\">\r\n                <div class=\"learnNavigationContent\">\r\n                    <img decoding=\"async\" src=\"https:\/\/talkpal.ai\/wp-content\/uploads\/2025\/11\/Oriya.png\" alt=\"Indian Simplified Flag\">\r\n                    <div>\r\n                        <h4>Odia Learning Hakk\u0131nda<\/h4>\r\n                        <p>Odia Grammar hakk\u0131nda her \u015feyi \u00f6\u011frenin.<\/p>\r\n                    <\/div>\r\n                <\/div>\r\n            <\/div>\r\n        <\/a>\r\n\r\n        \r\n        <a href=\"https:\/\/talkpal.ai\/tr\/oriya-dilbilgisi-alistirmalari\/\">\r\n            <div class=\"learnNavigationWrapper\">\r\n                <div class=\"learnNavigationContent\">\r\n                    <img decoding=\"async\" src=\"https:\/\/talkpal.ai\/wp-content\/uploads\/2025\/11\/Oriya.png\" alt=\"Indian Simplified Flag\">\r\n                    <div>\r\n                        <h4>Odia Gramer Egzersizi<\/h4>\r\n                        <p>Odia dilbilgisi prati\u011fi yap\u0131n.<\/p>\r\n                    <\/div>\r\n                <\/div>\r\n            <\/div>\r\n        <\/a>\r\n\r\n            <\/section>","protected":false},"excerpt":{"rendered":"<p>Odia Grameri&#8217;nin Karma\u015f\u0131kl\u0131klar\u0131nda Gezinmek Odia, di\u011fer ad\u0131yla Odia, zengin bir edebi gelene\u011fe ve do\u011fu Hindistan&#8217;da derin k\u00fclt\u00fcrel k\u00f6klere sahip bir Hint-Aryan dilidir. Kendine \u00f6zg\u00fc gramer sistemini ke\u015ffetmeye istekli \u00f6\u011frenciler i\u00e7in heyecan verici bir dil deneyimi sunar. Odia diyar\u0131na ad\u0131m att\u0131k\u00e7a, sadece dil repertuar\u0131n\u0131z\u0131 zenginle\u015ftirmekle kalmaz, ayn\u0131 zamanda b\u00fcy\u00fcleyici bir k\u00fclt\u00fcrel yolculu\u011fu da kucaklars\u0131n\u0131z. Odia dilbilgisi [&hellip;]<\/p>\n","protected":false},"author":20,"featured_media":0,"parent":0,"menu_order":0,"comment_status":"closed","ping_status":"closed","template":"LearningContentPage.php","meta":{"_acf_changed":false,"footnotes":""},"class_list":["post-1465510","page","type-page","status-publish","hentry"],"acf":[],"yoast_head":"<!-- This site is optimized with the Yoast SEO Premium plugin v27.2 (Yoast SEO v27.2) - https:\/\/yoast.com\/product\/yoast-seo-premium-wordpress\/ -->\n<title>Odia Grameri - Talkpal<\/title>\n<meta name=\"description\" content=\"Kapsaml\u0131 dil \u00f6\u011frenme k\u0131lavuzumuzla alfabe, durum belirte\u00e7leri ve fiiller dahil olmak \u00fczere Odia dilbilgisi temellerinde ustala\u015f\u0131n.\" \/>\n<meta name=\"robots\" content=\"index, follow, max-snippet:-1, max-image-preview:large, max-video-preview:-1\" \/>\n<link rel=\"canonical\" href=\"https:\/\/talkpal.ai\/tr\/oriya-dilbilgisi\/\" \/>\n<meta property=\"og:locale\" content=\"tr_TR\" \/>\n<meta property=\"og:type\" content=\"article\" \/>\n<meta property=\"og:title\" content=\"Odia Grameri\" \/>\n<meta property=\"og:description\" content=\"Odia Grameri&#039;nin Karma\u015f\u0131kl\u0131klar\u0131nda Gezinmek Odia, di\u011fer ad\u0131yla Odia, zengin bir edebi gelene\u011fe ve do\u011fu Hindistan&#039;da derin k\u00fclt\u00fcrel k\u00f6klere sahip bir\" \/>\n<meta property=\"og:url\" content=\"https:\/\/talkpal.ai\/tr\/oriya-dilbilgisi\/\" \/>\n<meta property=\"og:site_name\" content=\"Talkpal\" \/>\n<meta property=\"article:publisher\" content=\"https:\/\/www.facebook.com\/profile.php?id=100090733639311\" \/>\n<meta property=\"article:modified_time\" content=\"2025-12-30T12:44:19+00:00\" \/>\n<meta property=\"og:image\" content=\"https:\/\/talkpal.ai\/wp-content\/uploads\/2025\/02\/Progress-tab-16_9.png\" \/>\n\t<meta property=\"og:image:width\" content=\"2880\" \/>\n\t<meta property=\"og:image:height\" content=\"1620\" \/>\n\t<meta property=\"og:image:type\" content=\"image\/png\" \/>\n<meta name=\"twitter:card\" content=\"summary_large_image\" \/>\n<meta name=\"twitter:site\" content=\"@talkpalai\" \/>\n<meta name=\"twitter:label1\" content=\"Tahmini okuma s\u00fcresi\" \/>\n\t<meta name=\"twitter:data1\" content=\"4 dakika\" \/>\n<script type=\"application\/ld+json\" class=\"yoast-schema-graph\">{\"@context\":\"https:\/\/schema.org\",\"@graph\":[{\"@type\":\"WebPage\",\"@id\":\"https:\/\/talkpal.ai\/tr\/oriya-dilbilgisi\/\",\"url\":\"https:\/\/talkpal.ai\/tr\/oriya-dilbilgisi\/\",\"name\":\"Odia Grameri - Talkpal\",\"isPartOf\":{\"@id\":\"https:\/\/talkpal.ai\/tr\/#website\"},\"datePublished\":\"2025-11-12T16:07:26+00:00\",\"dateModified\":\"2025-12-30T12:44:19+00:00\",\"description\":\"Kapsaml\u0131 dil \u00f6\u011frenme k\u0131lavuzumuzla alfabe, durum belirte\u00e7leri ve fiiller dahil olmak \u00fczere Odia dilbilgisi temellerinde ustala\u015f\u0131n.\",\"breadcrumb\":{\"@id\":\"https:\/\/talkpal.ai\/tr\/oriya-dilbilgisi\/#breadcrumb\"},\"inLanguage\":\"tr\",\"potentialAction\":[{\"@type\":\"ReadAction\",\"target\":[\"https:\/\/talkpal.ai\/tr\/oriya-dilbilgisi\/\"]}]},{\"@type\":\"BreadcrumbList\",\"@id\":\"https:\/\/talkpal.ai\/tr\/oriya-dilbilgisi\/#breadcrumb\",\"itemListElement\":[{\"@type\":\"ListItem\",\"position\":1,\"name\":\"Homepage\",\"item\":\"https:\/\/talkpal.ai\/tr\/\"},{\"@type\":\"ListItem\",\"position\":2,\"name\":\"Odia Grameri\"}]},{\"@type\":\"WebSite\",\"@id\":\"https:\/\/talkpal.ai\/tr\/#website\",\"url\":\"https:\/\/talkpal.ai\/tr\/\",\"name\":\"Talkpal\",\"description\":\"AI Language Learning\",\"publisher\":{\"@id\":\"https:\/\/talkpal.ai\/tr\/#organization\"},\"alternateName\":\"Talkpal AI\",\"potentialAction\":[{\"@type\":\"SearchAction\",\"target\":{\"@type\":\"EntryPoint\",\"urlTemplate\":\"https:\/\/talkpal.ai\/tr\/?s={search_term_string}\"},\"query-input\":{\"@type\":\"PropertyValueSpecification\",\"valueRequired\":true,\"valueName\":\"search_term_string\"}}],\"inLanguage\":\"tr\"},{\"@type\":\"Organization\",\"@id\":\"https:\/\/talkpal.ai\/tr\/#organization\",\"name\":\"Talkpal, Inc.\",\"alternateName\":\"Talkpal AI\",\"url\":\"https:\/\/talkpal.ai\/tr\/\",\"logo\":{\"@type\":\"ImageObject\",\"inLanguage\":\"tr\",\"@id\":\"https:\/\/talkpal.ai\/tr\/#\/schema\/logo\/image\/\",\"url\":\"https:\/\/talkpal.ai\/wp-content\/uploads\/2024\/03\/Talkpal-Logo-Icon.png\",\"contentUrl\":\"https:\/\/talkpal.ai\/wp-content\/uploads\/2024\/03\/Talkpal-Logo-Icon.png\",\"width\":2880,\"height\":2880,\"caption\":\"Talkpal, Inc.\"},\"image\":{\"@id\":\"https:\/\/talkpal.ai\/tr\/#\/schema\/logo\/image\/\"},\"sameAs\":[\"https:\/\/www.facebook.com\/profile.php?id=100090733639311\",\"https:\/\/x.com\/talkpalai\",\"https:\/\/www.linkedin.com\/company\/talkpal\/\",\"https:\/\/www.youtube.com\/@TalkPal\/\",\"https:\/\/www.tiktok.com\/@talkpal\",\"https:\/\/www.instagram.com\/talkpal_ai\/\",\"https:\/\/www.crunchbase.com\/organization\/talkpal-9cde\",\"https:\/\/www.g2.com\/products\/talkpal-for-business\/\",\"https:\/\/www.trustpilot.com\/review\/talkpal.ai\",\"https:\/\/www.capterra.com\/p\/10006800\/TalkPal\/\"],\"description\":\"Talkpal is a language learning web and mobile education app, powered by the latest AI technologies, that provides engaging experiences to its customers in many different languages to help them improve their language skills. Users can chat about unlimited amount of topics with the app and use other modes to practice their language learning.\",\"email\":\"support@talkpal.ai\",\"legalName\":\"Talkpal, Inc.\",\"foundingDate\":\"2023-04-03\",\"duns\":\"118989042\",\"numberOfEmployees\":{\"@type\":\"QuantitativeValue\",\"minValue\":\"11\",\"maxValue\":\"50\"},\"publishingPrinciples\":\"https:\/\/talkpal.ai\/publishing-principles\/\",\"actionableFeedbackPolicy\":\"https:\/\/talkpal.ai\/actionable-feedback-policy\/\",\"correctionsPolicy\":\"https:\/\/talkpal.ai\/corrections-policy\/\",\"ethicsPolicy\":\"https:\/\/talkpal.ai\/ethics-policy\/\",\"diversityPolicy\":\"https:\/\/talkpal.ai\/diversity-policy\/\",\"diversityStaffingReport\":\"https:\/\/talkpal.ai\/diversity-policy\/\"}]}<\/script>\n<!-- \/ Yoast SEO Premium plugin. -->","yoast_head_json":{"title":"Odia Grameri - Talkpal","description":"Kapsaml\u0131 dil \u00f6\u011frenme k\u0131lavuzumuzla alfabe, durum belirte\u00e7leri ve fiiller dahil olmak \u00fczere Odia dilbilgisi temellerinde ustala\u015f\u0131n.","robots":{"index":"index","follow":"follow","max-snippet":"max-snippet:-1","max-image-preview":"max-image-preview:large","max-video-preview":"max-video-preview:-1"},"canonical":"https:\/\/talkpal.ai\/tr\/oriya-dilbilgisi\/","og_locale":"tr_TR","og_type":"article","og_title":"Odia Grameri","og_description":"Odia Grameri'nin Karma\u015f\u0131kl\u0131klar\u0131nda Gezinmek Odia, di\u011fer ad\u0131yla Odia, zengin bir edebi gelene\u011fe ve do\u011fu Hindistan'da derin k\u00fclt\u00fcrel k\u00f6klere sahip bir","og_url":"https:\/\/talkpal.ai\/tr\/oriya-dilbilgisi\/","og_site_name":"Talkpal","article_publisher":"https:\/\/www.facebook.com\/profile.php?id=100090733639311","article_modified_time":"2025-12-30T12:44:19+00:00","og_image":[{"width":2880,"height":1620,"url":"https:\/\/talkpal.ai\/wp-content\/uploads\/2025\/02\/Progress-tab-16_9.png","type":"image\/png"}],"twitter_card":"summary_large_image","twitter_site":"@talkpalai","twitter_misc":{"Tahmini okuma s\u00fcresi":"4 dakika"},"schema":{"@context":"https:\/\/schema.org","@graph":[{"@type":"WebPage","@id":"https:\/\/talkpal.ai\/tr\/oriya-dilbilgisi\/","url":"https:\/\/talkpal.ai\/tr\/oriya-dilbilgisi\/","name":"Odia Grameri - Talkpal","isPartOf":{"@id":"https:\/\/talkpal.ai\/tr\/#website"},"datePublished":"2025-11-12T16:07:26+00:00","dateModified":"2025-12-30T12:44:19+00:00","description":"Kapsaml\u0131 dil \u00f6\u011frenme k\u0131lavuzumuzla alfabe, durum belirte\u00e7leri ve fiiller dahil olmak \u00fczere Odia dilbilgisi temellerinde ustala\u015f\u0131n.","breadcrumb":{"@id":"https:\/\/talkpal.ai\/tr\/oriya-dilbilgisi\/#breadcrumb"},"inLanguage":"tr","potentialAction":[{"@type":"ReadAction","target":["https:\/\/talkpal.ai\/tr\/oriya-dilbilgisi\/"]}]},{"@type":"BreadcrumbList","@id":"https:\/\/talkpal.ai\/tr\/oriya-dilbilgisi\/#breadcrumb","itemListElement":[{"@type":"ListItem","position":1,"name":"Homepage","item":"https:\/\/talkpal.ai\/tr\/"},{"@type":"ListItem","position":2,"name":"Odia Grameri"}]},{"@type":"WebSite","@id":"https:\/\/talkpal.ai\/tr\/#website","url":"https:\/\/talkpal.ai\/tr\/","name":"Talkpal","description":"AI Language Learning","publisher":{"@id":"https:\/\/talkpal.ai\/tr\/#organization"},"alternateName":"Talkpal AI","potentialAction":[{"@type":"SearchAction","target":{"@type":"EntryPoint","urlTemplate":"https:\/\/talkpal.ai\/tr\/?s={search_term_string}"},"query-input":{"@type":"PropertyValueSpecification","valueRequired":true,"valueName":"search_term_string"}}],"inLanguage":"tr"},{"@type":"Organization","@id":"https:\/\/talkpal.ai\/tr\/#organization","name":"Talkpal, Inc.","alternateName":"Talkpal AI","url":"https:\/\/talkpal.ai\/tr\/","logo":{"@type":"ImageObject","inLanguage":"tr","@id":"https:\/\/talkpal.ai\/tr\/#\/schema\/logo\/image\/","url":"https:\/\/talkpal.ai\/wp-content\/uploads\/2024\/03\/Talkpal-Logo-Icon.png","contentUrl":"https:\/\/talkpal.ai\/wp-content\/uploads\/2024\/03\/Talkpal-Logo-Icon.png","width":2880,"height":2880,"caption":"Talkpal, Inc."},"image":{"@id":"https:\/\/talkpal.ai\/tr\/#\/schema\/logo\/image\/"},"sameAs":["https:\/\/www.facebook.com\/profile.php?id=100090733639311","https:\/\/x.com\/talkpalai","https:\/\/www.linkedin.com\/company\/talkpal\/","https:\/\/www.youtube.com\/@TalkPal\/","https:\/\/www.tiktok.com\/@talkpal","https:\/\/www.instagram.com\/talkpal_ai\/","https:\/\/www.crunchbase.com\/organization\/talkpal-9cde","https:\/\/www.g2.com\/products\/talkpal-for-business\/","https:\/\/www.trustpilot.com\/review\/talkpal.ai","https:\/\/www.capterra.com\/p\/10006800\/TalkPal\/"],"description":"Talkpal is a language learning web and mobile education app, powered by the latest AI technologies, that provides engaging experiences to its customers in many different languages to help them improve their language skills. Users can chat about unlimited amount of topics with the app and use other modes to practice their language learning.","email":"support@talkpal.ai","legalName":"Talkpal, Inc.","foundingDate":"2023-04-03","duns":"118989042","numberOfEmployees":{"@type":"QuantitativeValue","minValue":"11","maxValue":"50"},"publishingPrinciples":"https:\/\/talkpal.ai\/publishing-principles\/","actionableFeedbackPolicy":"https:\/\/talkpal.ai\/actionable-feedback-policy\/","correctionsPolicy":"https:\/\/talkpal.ai\/corrections-policy\/","ethicsPolicy":"https:\/\/talkpal.ai\/ethics-policy\/","diversityPolicy":"https:\/\/talkpal.ai\/diversity-policy\/","diversityStaffingReport":"https:\/\/talkpal.ai\/diversity-policy\/"}]}},"_links":{"self":[{"href":"https:\/\/talkpal.ai\/tr\/wp-json\/wp\/v2\/pages\/1465510","targetHints":{"allow":["GET"]}}],"collection":[{"href":"https:\/\/talkpal.ai\/tr\/wp-json\/wp\/v2\/pages"}],"about":[{"href":"https:\/\/talkpal.ai\/tr\/wp-json\/wp\/v2\/types\/page"}],"author":[{"embeddable":true,"href":"https:\/\/talkpal.ai\/tr\/wp-json\/wp\/v2\/users\/20"}],"replies":[{"embeddable":true,"href":"https:\/\/talkpal.ai\/tr\/wp-json\/wp\/v2\/comments?post=1465510"}],"version-history":[{"count":0,"href":"https:\/\/talkpal.ai\/tr\/wp-json\/wp\/v2\/pages\/1465510\/revisions"}],"wp:attachment":[{"href":"https:\/\/talkpal.ai\/tr\/wp-json\/wp\/v2\/media?parent=1465510"}],"curies":[{"name":"wp","href":"https:\/\/api.w.org\/{rel}","templated":true}]}}