{"id":1465478,"date":"2025-11-12T15:57:33","date_gmt":"2025-11-12T15:57:33","guid":{"rendered":"https:\/\/talkpal.ai\/mogolca-dilbilgisi-alistirmalari\/"},"modified":"2025-12-30T12:39:40","modified_gmt":"2025-12-30T12:39:40","slug":"mogolca-dilbilgisi-alistirmalari","status":"publish","type":"page","link":"https:\/\/talkpal.ai\/tr\/mogolca-dilbilgisi-alistirmalari\/","title":{"rendered":"Mo\u011folca Dilbilgisi Al\u0131\u015ft\u0131rmalar\u0131"},"content":{"rendered":"\r\n\r\n\r\n<section class=\"languageChallengeSection\">\r\n    <div class=\"languageInfoWrapper\">\r\n        \r\n        <h1>Mo\u011folca Dilbilgisi Al\u0131\u015ft\u0131rmalar\u0131<\/h1>\r\n        <p><a href=\"https:\/\/talkpal.ai\/learn-mongolian\/\">Mo\u011folca<\/a> dilbilgisine dalmaya haz\u0131r m\u0131s\u0131n\u0131z? Birka\u00e7 temel pratik yapmak, bu e\u015fsiz ve g\u00fczel dile al\u0131\u015fman\u0131za yard\u0131mc\u0131 olacakt\u0131r. Kendinize g\u00fcveninizi art\u0131rmak ve bu arada biraz e\u011flenmek i\u00e7in bu egzersizleri deneyin!<\/p>\r\n\r\n                            <a class=\"getStartedHidden\" href=\"https:\/\/app.talkpal.ai\/tr\/signup?lng=\">Hadi ba\u015fla<\/a>\r\n        \r\n    <\/div>\r\n\r\n    <figure>\r\n    <img decoding=\"async\" width=\"768\" height=\"768\" src=\"https:\/\/talkpal.ai\/wp-content\/uploads\/2023\/06\/welsh-768x768.png\" class=\"languageImage no-lazy\" alt=\"Language learning for better cognitive abilities\" fetchpriority=\"high\" sizes=\"(max-width: 768px) 150px, 768px\" srcset=\"https:\/\/talkpal.ai\/wp-content\/uploads\/2023\/06\/welsh-768x768.png 768w, https:\/\/talkpal.ai\/wp-content\/uploads\/2023\/06\/welsh-300x300.png 300w\" \/>\r\n    \r\n\r\n    <\/figure>\r\n\r\n            <a class=\"getStartedVisible\" href=\"https:\/\/app.talkpal.ai\/tr\/signup?lng=\">Hadi ba\u015fla<\/a>\r\n    \r\n<\/section><section class=\"promotionalBanner\">\r\n    <p class=\"promotionalText\">Dil \u00f6\u011frenmenin en etkili yolu<\/p>\r\n    <a class=\"promotionalLink\" href=\"https:\/\/app.talkpal.ai\/tr\/signup?lng=\">Talkpal \u00fccretsiz deneyin<\/a>\r\n<\/section>\n<div class=\"wp-block-group pageContainerStyle\"><div class=\"wp-block-group__inner-container is-layout-constrained wp-block-group-is-layout-constrained\">\n<h2 class=\"wp-block-heading\" id=\"h-mongolian-grammar-topics\">Mo\u011folca Dilbilgisi Konular\u0131<\/h2>\n\n\n\n<p><a href=\"https:\/\/talkpal.ai\/tr\/yeni-bir-dil-ogrenirken-kacinilmasi-gereken-en-buyuk-hatalar\/\">Yeni bir dil \u00f6\u011frenmek<\/a> zorlu <a href=\"https:\/\/talkpal.ai\/locations\/language-courses-in-ama\/\">ama<\/a> \u00f6d\u00fcllendirici bir \u00e7aba olabilir. Esas olarak Mo\u011folistan&#8217;da ve kuzey \u00c7in&#8217;in baz\u0131 b\u00f6lgelerinde konu\u015fulan bir Mo\u011fol dili olan Mo\u011folca da bir istisna de\u011fildir. Sesli harf uyumu, eklemeli morfoloji, zengin b\u00fcy\u00fck\/k\u00fc\u00e7\u00fck harf i\u015faretleme ve edatlar gibi benzersiz \u00f6zellikleri ve yap\u0131lar\u0131 ile Mo\u011folca <a href=\"https:\/\/talkpal.ai\/tr\/egitim-icin-talkpal\/\">\u00f6\u011frenmek<\/a> , dilbilgisini anlamak i\u00e7in sistematik bir yakla\u015f\u0131m gerektirir. Bu k\u0131lavuz, <a href=\"https:\/\/talkpal.ai\/tr\/mogolca-dilbilgisi\/\">Mo\u011folca dilbilgisinin<\/a> temel alanlar\u0131n\u0131, isimler ve artikeller gibi temel bilgilerden ba\u015flayarak ve zamanlar ve c\u00fcmle yap\u0131s\u0131 gibi daha karma\u015f\u0131k alanlara do\u011fru ilerleyerek <a href=\"https:\/\/talkpal.ai\/tr\/egitim-icin-talkpal\/\">dil \u00f6\u011frenimi<\/a> i\u00e7in mant\u0131ksal bir s\u0131rayla \u00f6zetlemektedir.<\/p>\n\n\n\n<h3 class=\"wp-block-heading\" id=\"h-1-nouns\">1. \u0130simler:<\/h3>\n\n\n\n<p>Mo\u011folca dil yolculu\u011funuza isimleri \u00f6\u011frenerek ba\u015flay\u0131n. Bu, ortak ve \u00f6zel isimler gibi farkl\u0131 isim kategorilerinin yan\u0131 s\u0131ra \u00e7o\u011ful formlar\u0131n\u0131 anlamay\u0131 i\u00e7erir. Ayr\u0131ca \u00f6zne, nesne, konum ve y\u00f6n gibi gramer rollerini i\u015faretleyen durum sonlar\u0131yla da kar\u015f\u0131la\u015facaks\u0131n\u0131z.<\/p>\n\n\n\n<h3 class=\"wp-block-heading\" id=\"h-2-articles\">2. Makaleler:<\/h3>\n\n\n\n<p>Mo\u011folca makaleler <a href=\"https:\/\/talkpal.ai\/ai-english-speaking-practice\/\">\u0130ngilizce&#8217;deki<\/a> gibi kullan\u0131lmaz. Mo\u011folca&#8217;n\u0131n belirli veya belirsiz artikeller yoktur. Bunun yerine, kesinlik ba\u011flam, kelime s\u0131ras\u0131, \u015fu ve bu gibi g\u00f6stericiler ve bazen belirli do\u011frudan nesneler i\u00e7in su\u00e7lay\u0131c\u0131 gibi durum i\u015faretlemesi yoluyla ifade edilir.<\/p>\n\n\n\n<h3 class=\"wp-block-heading\" id=\"h-3-adjectives\">3. S\u0131fatlar:<\/h3>\n\n\n\n<p>Mo\u011folca&#8217;daki s\u0131fatlar genellikle isimlerinden \u00f6nce gelir ve bu, baz\u0131 \u00f6\u011frenciler i\u00e7in \u0130ngilizce&#8217;den farkl\u0131d\u0131r. Cinsiyet ve say\u0131 konusunda anla\u015fam\u0131yorlar. Ayr\u0131ca, genellikle more ve most gibi kelimelerle veya than kullanarak kar\u015f\u0131la\u015ft\u0131rmal\u0131 yap\u0131larla kar\u015f\u0131la\u015ft\u0131rmal\u0131 ve \u00fcst\u00fcnl\u00fck ifadelerini nas\u0131l olu\u015fturaca\u011f\u0131n\u0131z\u0131 da \u00f6\u011frenmeniz gerekecektir.<\/p>\n\n\n\n<h3 class=\"wp-block-heading\" id=\"h-4-pronouns-determiners\">4. Zamirler\/Belirleyiciler:<\/h3>\n\n\n\n<p>Mo\u011folca&#8217;da zamirler ve belirleyiciler \u00f6nemlidir; \u0130simlerin yerini al\u0131rlar ve miktar, sahiplik ve daha fazlas\u0131 hakk\u0131nda bilgi sa\u011flarlar. Sahiplik genellikle tamlama bi\u00e7imleri ve iyelik zamirleri ile g\u00f6sterilir ve ba\u011flamdan anla\u015f\u0131ld\u0131\u011f\u0131nda \u00f6zne zamirleri \u00e7\u0131kar\u0131labilir. Bunun gibi g\u00f6stericiler, say\u0131lar ve niceleyiciler, ustala\u015fmak i\u00e7in temel belirleyicilerdir.<\/p>\n\n\n\n<h3 class=\"wp-block-heading\" id=\"h-5-verbs\">5. Fiiller:<\/h3>\n\n\n\n<p>Mo\u011folca fiillerin zaman, g\u00f6r\u00fcn\u00fc\u015f ve ruh haline ba\u011fl\u0131 olarak farkl\u0131 bi\u00e7imleri vard\u0131r ve genellikle son ekler ve yard\u0131mc\u0131 eklerle olu\u015fturulur. Ki\u015fi anla\u015fmas\u0131 s\u0131n\u0131rl\u0131d\u0131r ve konular a\u00e7\u0131ksa s\u0131kl\u0131kla atlan\u0131r. Temel ge\u00e7mi\u015f olmayan ve ge\u00e7mi\u015f formlarla ba\u015flay\u0131n, ard\u0131ndan al\u0131\u015f\u0131lm\u0131\u015f, gelece\u011fe y\u00f6nelik ve modal kullan\u0131mlar\u0131 ke\u015ffedin.<\/p>\n\n\n\n<h3 class=\"wp-block-heading\" id=\"h-6-tenses\">6. Zamanlar:<\/h3>\n\n\n\n<p>Fiil k\u00f6klerine ve temel formlara hakim olduktan sonra Mo\u011fol zaman ve g\u00f6r\u00fcn\u00fc\u015f\u00fcn\u00fc daha derinlemesine inceleyin. Bu, al\u0131\u015f\u0131lm\u0131\u015f \u015fimdiki zaman, ilerici \u015fimdiki zaman, basit ge\u00e7mi\u015f, ge\u00e7mi\u015f m\u00fckemmeli ve ge\u00e7mi\u015f olmayan veya gelecekteki okumalar aras\u0131ndaki farklar\u0131 ve bunlar\u0131n farkl\u0131 ba\u011flamlarda nas\u0131l kullan\u0131ld\u0131\u011f\u0131n\u0131 anlamay\u0131 i\u00e7erir.<\/p>\n\n\n\n<h3 class=\"wp-block-heading\" id=\"h-7-tense-comparison\">7. Gergin Kar\u015f\u0131la\u015ft\u0131rma:<\/h3>\n\n\n\n<p>Mo\u011folca&#8217;daki zamanlar\u0131 kar\u015f\u0131la\u015ft\u0131rmak, eylemlerin s\u0131ras\u0131n\u0131 ve n\u00fcans\u0131n\u0131 anlamaya yard\u0131mc\u0131 olur. Ayn\u0131 fiilin al\u0131\u015f\u0131lm\u0131\u015f, ilerleyici, ge\u00e7mi\u015f ve ge\u00e7mi\u015f olmayan formlar\u0131n\u0131n kar\u015f\u0131la\u015ft\u0131r\u0131lmas\u0131, anlam farkl\u0131l\u0131klar\u0131n\u0131n ve kullan\u0131m\u0131n\u0131n daha iyi anla\u015f\u0131lmas\u0131n\u0131 sa\u011flayacakt\u0131r.<\/p>\n\n\n\n<h3 class=\"wp-block-heading\" id=\"h-8-progressive\">8. \u0130lerici:<\/h3>\n\n\n\n<p>Mo\u011folca&#8217;da ilerici, devam eden eylemleri ifade etmek i\u00e7in kullan\u0131l\u0131r. Fiil k\u00f6k\u00fcn\u00fcn zarf eki ve yard\u0131mc\u0131 to be ile birlikte kullan\u0131lmas\u0131yla olu\u015fturulur ve genellikle be be ile e\u015fde\u011fer bir formla ifade edilir.<\/p>\n\n\n\n<h3 class=\"wp-block-heading\" id=\"h-9-perfect-progressive\">9. M\u00fckemmel \u0130lerici:<\/h3>\n\n\n\n<p>Bu anlam, belirli bir noktaya kadar devam eden eylemleri ifade etmek i\u00e7in kullan\u0131l\u0131r. Mo\u011folca&#8217;da, \u015fimdiye kadar veya ge\u00e7mi\u015f bir referans noktas\u0131na kadar devaml\u0131l\u0131\u011f\u0131 ifade eden bir zarf art\u0131 gelmi\u015f veya olmu\u015f olmak gibi yard\u0131mc\u0131 eklerle ifade edilir.<\/p>\n\n\n\n<h3 class=\"wp-block-heading\" id=\"h-10-conditionals\">10. Ko\u015fullar:<\/h3>\n\n\n\n<p>Ko\u015fullar, varsay\u0131msal durumlar\u0131 ve olas\u0131 sonu\u00e7lar\u0131n\u0131 ifade eder. Mo\u011folca dilbilgisinin \u00f6nemli bir par\u00e7as\u0131d\u0131rlar ve tipik olarak if&#8217;e e\u015fde\u011fer ko\u015fullu son eklerin yan\u0131 s\u0131ra ger\u00e7ek, potansiyel veya kar\u015f\u0131 olgusal durumlar\u0131 ifade eden yap\u0131larla olu\u015fturulurlar.<\/p>\n\n\n\n<h3 class=\"wp-block-heading\" id=\"h-11-adverbs\">11. Zarflar:<\/h3>\n\n\n\n<p>Mo\u011folca&#8217;daki zarflar fiilleri, s\u0131fatlar\u0131 veya di\u011fer zarflar\u0131 de\u011fi\u015ftirir. Tarz, yer, zaman, derece ve daha fazlas\u0131 hakk\u0131nda bilgi sa\u011flarlar. Bir\u00e7ok \u015fekilde zarf, zarf eklerine sahip s\u0131fatlardan t\u00fcretilir ve zaman ve s\u0131kl\u0131k i\u00e7in bir\u00e7ok yayg\u0131n zarf vard\u0131r.<\/p>\n\n\n\n<h3 class=\"wp-block-heading\" id=\"h-12-prepositions\">12. Edatlar:<\/h3>\n\n\n\n<p>Mo\u011folca&#8217;da edatlar \u00f6ncelikle edatlar ve durum sonlar\u0131 olarak ger\u00e7ekle\u015ftirilir. Kelimeleri ve c\u00fcmleleri birbirine ba\u011flarlar ve zaman, yer, y\u00f6n, ama\u00e7, neden ve daha fazlas\u0131n\u0131n ili\u015fkilerini ifade ederler. Yayg\u0131n edatlar\u0131 ve vaka sisteminin i\u015flevlerini \u00f6\u011frenmek \u00e7ok \u00f6nemlidir.<\/p>\n\n\n\n<h3 class=\"wp-block-heading\" id=\"h-13-sentences\">13. C\u00fcmleler:<\/h3>\n\n\n\n<p>Son olarak, c\u00fcmle kurma al\u0131\u015ft\u0131rmas\u0131 yap\u0131n. Mo\u011folca tipik olarak bir \u00f6zne nesnesi fiil kelime s\u0131ras\u0131n\u0131 takip eder, par\u00e7ac\u0131klarla konu vurgulamay\u0131 kullan\u0131r ve soru par\u00e7ac\u0131klar\u0131 ve tonlama ile sorular olu\u015fturur. Bu, daha \u00f6nce \u00f6\u011frenilen t\u00fcm dilbilgisi noktalar\u0131n\u0131n ba\u011flam i\u00e7inde kullan\u0131lmas\u0131n\u0131 ve b\u00f6ylece Mo\u011fol dilinin kapsaml\u0131 bir \u015fekilde anla\u015f\u0131lmas\u0131n\u0131 sa\u011flamay\u0131 i\u00e7erecektir.<\/p>\n<\/div><\/div>\n\r\n<section class=\"learnNavigationSection\">\r\n            \r\n        <a href=\"https:\/\/talkpal.ai\/tr\/mogolca-ogren\/\">\r\n            <div class=\"learnNavigationWrapper\">\r\n                <div class=\"learnNavigationContent\">\r\n                    <img decoding=\"async\" src=\"https:\/\/talkpal.ai\/wp-content\/uploads\/2025\/11\/Mongolian.png\" alt=\"Mongolian Flag\">\r\n                    <div>\r\n                        <h4>Mo\u011folca \u00d6\u011frenme Hakk\u0131nda<\/h4>\r\n                        <p>Mo\u011folca Dilbilgisi hakk\u0131nda her \u015feyi \u00f6\u011frenin.<\/p>\r\n                    <\/div>\r\n                <\/div>\r\n            <\/div>\r\n        <\/a>\r\n\r\n        \r\n        <a href=\"https:\/\/talkpal.ai\/tr\/mogolca-dilbilgisi\/\">\r\n            <div class=\"learnNavigationWrapper\">\r\n                <div class=\"learnNavigationContent\">\r\n                    <img decoding=\"async\" src=\"https:\/\/talkpal.ai\/wp-content\/uploads\/2025\/11\/Mongolian.png\" alt=\"Mongolian Flag\">\r\n                    <div>\r\n                        <h4>Mo\u011folca Dilbilgisi Dersleri<\/h4>\r\n                        <p>Mo\u011folca dilbilgisi prati\u011fi yap\u0131n.<\/p>\r\n                    <\/div>\r\n                <\/div>\r\n            <\/div>\r\n        <\/a>\r\n\r\n            <\/section>","protected":false},"excerpt":{"rendered":"<p>Mo\u011folca Dilbilgisi Konular\u0131 Yeni bir dil \u00f6\u011frenmek zorlu ama \u00f6d\u00fcllendirici bir \u00e7aba olabilir. Esas olarak Mo\u011folistan&#8217;da ve kuzey \u00c7in&#8217;in baz\u0131 b\u00f6lgelerinde konu\u015fulan bir Mo\u011fol dili olan Mo\u011folca da bir istisna de\u011fildir. Sesli harf uyumu, eklemeli morfoloji, zengin b\u00fcy\u00fck\/k\u00fc\u00e7\u00fck harf i\u015faretleme ve edatlar gibi benzersiz \u00f6zellikleri ve yap\u0131lar\u0131 ile Mo\u011folca \u00f6\u011frenmek , dilbilgisini anlamak i\u00e7in sistematik [&hellip;]<\/p>\n","protected":false},"author":20,"featured_media":0,"parent":0,"menu_order":0,"comment_status":"closed","ping_status":"closed","template":"LearningContentPage.php","meta":{"_acf_changed":false,"footnotes":""},"class_list":["post-1465478","page","type-page","status-publish","hentry"],"acf":[],"yoast_head":"<!-- This site is optimized with the Yoast SEO Premium plugin v27.2 (Yoast SEO v27.2) - https:\/\/yoast.com\/product\/yoast-seo-premium-wordpress\/ -->\n<title>Mo\u011folca Dilbilgisi Al\u0131\u015ft\u0131rmalar\u0131 - Talkpal<\/title>\n<meta name=\"description\" content=\"Ak\u0131c\u0131l\u0131\u011f\u0131n\u0131z\u0131 ve dili anlaman\u0131z\u0131 art\u0131rmak i\u00e7in tasarlanm\u0131\u015f etkile\u015fimli al\u0131\u015ft\u0131rmalar ve yapay zeka destekli derslerle Mo\u011folca dilbilgisinde ustala\u015f\u0131n.\" \/>\n<meta name=\"robots\" content=\"index, follow, max-snippet:-1, max-image-preview:large, max-video-preview:-1\" \/>\n<link rel=\"canonical\" href=\"https:\/\/talkpal.ai\/tr\/mogolca-dilbilgisi-alistirmalari\/\" \/>\n<meta property=\"og:locale\" content=\"tr_TR\" \/>\n<meta property=\"og:type\" content=\"article\" \/>\n<meta property=\"og:title\" content=\"Mo\u011folca Dilbilgisi Al\u0131\u015ft\u0131rmalar\u0131\" \/>\n<meta property=\"og:description\" content=\"Mo\u011folca Dilbilgisi Konular\u0131 Yeni bir dil \u00f6\u011frenmek zorlu ama \u00f6d\u00fcllendirici bir \u00e7aba olabilir. Esas olarak Mo\u011folistan&#039;da ve kuzey \u00c7in&#039;in baz\u0131 b\u00f6lgelerinde\" \/>\n<meta property=\"og:url\" content=\"https:\/\/talkpal.ai\/tr\/mogolca-dilbilgisi-alistirmalari\/\" \/>\n<meta property=\"og:site_name\" content=\"Talkpal\" \/>\n<meta property=\"article:publisher\" content=\"https:\/\/www.facebook.com\/profile.php?id=100090733639311\" \/>\n<meta property=\"article:modified_time\" content=\"2025-12-30T12:39:40+00:00\" \/>\n<meta property=\"og:image\" content=\"https:\/\/talkpal.ai\/wp-content\/uploads\/2025\/02\/Progress-tab-16_9.png\" \/>\n\t<meta property=\"og:image:width\" content=\"2880\" \/>\n\t<meta property=\"og:image:height\" content=\"1620\" \/>\n\t<meta property=\"og:image:type\" content=\"image\/png\" \/>\n<meta name=\"twitter:card\" content=\"summary_large_image\" \/>\n<meta name=\"twitter:site\" content=\"@talkpalai\" \/>\n<meta name=\"twitter:label1\" content=\"Tahmini okuma s\u00fcresi\" \/>\n\t<meta name=\"twitter:data1\" content=\"4 dakika\" \/>\n<script type=\"application\/ld+json\" class=\"yoast-schema-graph\">{\"@context\":\"https:\/\/schema.org\",\"@graph\":[{\"@type\":\"WebPage\",\"@id\":\"https:\/\/talkpal.ai\/tr\/mogolca-dilbilgisi-alistirmalari\/\",\"url\":\"https:\/\/talkpal.ai\/tr\/mogolca-dilbilgisi-alistirmalari\/\",\"name\":\"Mo\u011folca Dilbilgisi Al\u0131\u015ft\u0131rmalar\u0131 - Talkpal\",\"isPartOf\":{\"@id\":\"https:\/\/talkpal.ai\/tr\/#website\"},\"datePublished\":\"2025-11-12T15:57:33+00:00\",\"dateModified\":\"2025-12-30T12:39:40+00:00\",\"description\":\"Ak\u0131c\u0131l\u0131\u011f\u0131n\u0131z\u0131 ve dili anlaman\u0131z\u0131 art\u0131rmak i\u00e7in tasarlanm\u0131\u015f etkile\u015fimli al\u0131\u015ft\u0131rmalar ve yapay zeka destekli derslerle Mo\u011folca dilbilgisinde ustala\u015f\u0131n.\",\"breadcrumb\":{\"@id\":\"https:\/\/talkpal.ai\/tr\/mogolca-dilbilgisi-alistirmalari\/#breadcrumb\"},\"inLanguage\":\"tr\",\"potentialAction\":[{\"@type\":\"ReadAction\",\"target\":[\"https:\/\/talkpal.ai\/tr\/mogolca-dilbilgisi-alistirmalari\/\"]}]},{\"@type\":\"BreadcrumbList\",\"@id\":\"https:\/\/talkpal.ai\/tr\/mogolca-dilbilgisi-alistirmalari\/#breadcrumb\",\"itemListElement\":[{\"@type\":\"ListItem\",\"position\":1,\"name\":\"Homepage\",\"item\":\"https:\/\/talkpal.ai\/tr\/\"},{\"@type\":\"ListItem\",\"position\":2,\"name\":\"Mo\u011folca Dilbilgisi Al\u0131\u015ft\u0131rmalar\u0131\"}]},{\"@type\":\"WebSite\",\"@id\":\"https:\/\/talkpal.ai\/tr\/#website\",\"url\":\"https:\/\/talkpal.ai\/tr\/\",\"name\":\"Talkpal\",\"description\":\"AI Language Learning\",\"publisher\":{\"@id\":\"https:\/\/talkpal.ai\/tr\/#organization\"},\"alternateName\":\"Talkpal AI\",\"potentialAction\":[{\"@type\":\"SearchAction\",\"target\":{\"@type\":\"EntryPoint\",\"urlTemplate\":\"https:\/\/talkpal.ai\/tr\/?s={search_term_string}\"},\"query-input\":{\"@type\":\"PropertyValueSpecification\",\"valueRequired\":true,\"valueName\":\"search_term_string\"}}],\"inLanguage\":\"tr\"},{\"@type\":\"Organization\",\"@id\":\"https:\/\/talkpal.ai\/tr\/#organization\",\"name\":\"Talkpal, Inc.\",\"alternateName\":\"Talkpal AI\",\"url\":\"https:\/\/talkpal.ai\/tr\/\",\"logo\":{\"@type\":\"ImageObject\",\"inLanguage\":\"tr\",\"@id\":\"https:\/\/talkpal.ai\/tr\/#\/schema\/logo\/image\/\",\"url\":\"https:\/\/talkpal.ai\/wp-content\/uploads\/2024\/03\/Talkpal-Logo-Icon.png\",\"contentUrl\":\"https:\/\/talkpal.ai\/wp-content\/uploads\/2024\/03\/Talkpal-Logo-Icon.png\",\"width\":2880,\"height\":2880,\"caption\":\"Talkpal, Inc.\"},\"image\":{\"@id\":\"https:\/\/talkpal.ai\/tr\/#\/schema\/logo\/image\/\"},\"sameAs\":[\"https:\/\/www.facebook.com\/profile.php?id=100090733639311\",\"https:\/\/x.com\/talkpalai\",\"https:\/\/www.linkedin.com\/company\/talkpal\/\",\"https:\/\/www.youtube.com\/@TalkPal\/\",\"https:\/\/www.tiktok.com\/@talkpal\",\"https:\/\/www.instagram.com\/talkpal_ai\/\",\"https:\/\/www.crunchbase.com\/organization\/talkpal-9cde\",\"https:\/\/www.g2.com\/products\/talkpal-for-business\/\",\"https:\/\/www.trustpilot.com\/review\/talkpal.ai\",\"https:\/\/www.capterra.com\/p\/10006800\/TalkPal\/\"],\"description\":\"Talkpal is a language learning web and mobile education app, powered by the latest AI technologies, that provides engaging experiences to its customers in many different languages to help them improve their language skills. Users can chat about unlimited amount of topics with the app and use other modes to practice their language learning.\",\"email\":\"support@talkpal.ai\",\"legalName\":\"Talkpal, Inc.\",\"foundingDate\":\"2023-04-03\",\"duns\":\"118989042\",\"numberOfEmployees\":{\"@type\":\"QuantitativeValue\",\"minValue\":\"11\",\"maxValue\":\"50\"},\"publishingPrinciples\":\"https:\/\/talkpal.ai\/publishing-principles\/\",\"actionableFeedbackPolicy\":\"https:\/\/talkpal.ai\/actionable-feedback-policy\/\",\"correctionsPolicy\":\"https:\/\/talkpal.ai\/corrections-policy\/\",\"ethicsPolicy\":\"https:\/\/talkpal.ai\/ethics-policy\/\",\"diversityPolicy\":\"https:\/\/talkpal.ai\/diversity-policy\/\",\"diversityStaffingReport\":\"https:\/\/talkpal.ai\/diversity-policy\/\"}]}<\/script>\n<!-- \/ Yoast SEO Premium plugin. -->","yoast_head_json":{"title":"Mo\u011folca Dilbilgisi Al\u0131\u015ft\u0131rmalar\u0131 - Talkpal","description":"Ak\u0131c\u0131l\u0131\u011f\u0131n\u0131z\u0131 ve dili anlaman\u0131z\u0131 art\u0131rmak i\u00e7in tasarlanm\u0131\u015f etkile\u015fimli al\u0131\u015ft\u0131rmalar ve yapay zeka destekli derslerle Mo\u011folca dilbilgisinde ustala\u015f\u0131n.","robots":{"index":"index","follow":"follow","max-snippet":"max-snippet:-1","max-image-preview":"max-image-preview:large","max-video-preview":"max-video-preview:-1"},"canonical":"https:\/\/talkpal.ai\/tr\/mogolca-dilbilgisi-alistirmalari\/","og_locale":"tr_TR","og_type":"article","og_title":"Mo\u011folca Dilbilgisi Al\u0131\u015ft\u0131rmalar\u0131","og_description":"Mo\u011folca Dilbilgisi Konular\u0131 Yeni bir dil \u00f6\u011frenmek zorlu ama \u00f6d\u00fcllendirici bir \u00e7aba olabilir. Esas olarak Mo\u011folistan'da ve kuzey \u00c7in'in baz\u0131 b\u00f6lgelerinde","og_url":"https:\/\/talkpal.ai\/tr\/mogolca-dilbilgisi-alistirmalari\/","og_site_name":"Talkpal","article_publisher":"https:\/\/www.facebook.com\/profile.php?id=100090733639311","article_modified_time":"2025-12-30T12:39:40+00:00","og_image":[{"width":2880,"height":1620,"url":"https:\/\/talkpal.ai\/wp-content\/uploads\/2025\/02\/Progress-tab-16_9.png","type":"image\/png"}],"twitter_card":"summary_large_image","twitter_site":"@talkpalai","twitter_misc":{"Tahmini okuma s\u00fcresi":"4 dakika"},"schema":{"@context":"https:\/\/schema.org","@graph":[{"@type":"WebPage","@id":"https:\/\/talkpal.ai\/tr\/mogolca-dilbilgisi-alistirmalari\/","url":"https:\/\/talkpal.ai\/tr\/mogolca-dilbilgisi-alistirmalari\/","name":"Mo\u011folca Dilbilgisi Al\u0131\u015ft\u0131rmalar\u0131 - Talkpal","isPartOf":{"@id":"https:\/\/talkpal.ai\/tr\/#website"},"datePublished":"2025-11-12T15:57:33+00:00","dateModified":"2025-12-30T12:39:40+00:00","description":"Ak\u0131c\u0131l\u0131\u011f\u0131n\u0131z\u0131 ve dili anlaman\u0131z\u0131 art\u0131rmak i\u00e7in tasarlanm\u0131\u015f etkile\u015fimli al\u0131\u015ft\u0131rmalar ve yapay zeka destekli derslerle Mo\u011folca dilbilgisinde ustala\u015f\u0131n.","breadcrumb":{"@id":"https:\/\/talkpal.ai\/tr\/mogolca-dilbilgisi-alistirmalari\/#breadcrumb"},"inLanguage":"tr","potentialAction":[{"@type":"ReadAction","target":["https:\/\/talkpal.ai\/tr\/mogolca-dilbilgisi-alistirmalari\/"]}]},{"@type":"BreadcrumbList","@id":"https:\/\/talkpal.ai\/tr\/mogolca-dilbilgisi-alistirmalari\/#breadcrumb","itemListElement":[{"@type":"ListItem","position":1,"name":"Homepage","item":"https:\/\/talkpal.ai\/tr\/"},{"@type":"ListItem","position":2,"name":"Mo\u011folca Dilbilgisi Al\u0131\u015ft\u0131rmalar\u0131"}]},{"@type":"WebSite","@id":"https:\/\/talkpal.ai\/tr\/#website","url":"https:\/\/talkpal.ai\/tr\/","name":"Talkpal","description":"AI Language Learning","publisher":{"@id":"https:\/\/talkpal.ai\/tr\/#organization"},"alternateName":"Talkpal AI","potentialAction":[{"@type":"SearchAction","target":{"@type":"EntryPoint","urlTemplate":"https:\/\/talkpal.ai\/tr\/?s={search_term_string}"},"query-input":{"@type":"PropertyValueSpecification","valueRequired":true,"valueName":"search_term_string"}}],"inLanguage":"tr"},{"@type":"Organization","@id":"https:\/\/talkpal.ai\/tr\/#organization","name":"Talkpal, Inc.","alternateName":"Talkpal AI","url":"https:\/\/talkpal.ai\/tr\/","logo":{"@type":"ImageObject","inLanguage":"tr","@id":"https:\/\/talkpal.ai\/tr\/#\/schema\/logo\/image\/","url":"https:\/\/talkpal.ai\/wp-content\/uploads\/2024\/03\/Talkpal-Logo-Icon.png","contentUrl":"https:\/\/talkpal.ai\/wp-content\/uploads\/2024\/03\/Talkpal-Logo-Icon.png","width":2880,"height":2880,"caption":"Talkpal, Inc."},"image":{"@id":"https:\/\/talkpal.ai\/tr\/#\/schema\/logo\/image\/"},"sameAs":["https:\/\/www.facebook.com\/profile.php?id=100090733639311","https:\/\/x.com\/talkpalai","https:\/\/www.linkedin.com\/company\/talkpal\/","https:\/\/www.youtube.com\/@TalkPal\/","https:\/\/www.tiktok.com\/@talkpal","https:\/\/www.instagram.com\/talkpal_ai\/","https:\/\/www.crunchbase.com\/organization\/talkpal-9cde","https:\/\/www.g2.com\/products\/talkpal-for-business\/","https:\/\/www.trustpilot.com\/review\/talkpal.ai","https:\/\/www.capterra.com\/p\/10006800\/TalkPal\/"],"description":"Talkpal is a language learning web and mobile education app, powered by the latest AI technologies, that provides engaging experiences to its customers in many different languages to help them improve their language skills. Users can chat about unlimited amount of topics with the app and use other modes to practice their language learning.","email":"support@talkpal.ai","legalName":"Talkpal, Inc.","foundingDate":"2023-04-03","duns":"118989042","numberOfEmployees":{"@type":"QuantitativeValue","minValue":"11","maxValue":"50"},"publishingPrinciples":"https:\/\/talkpal.ai\/publishing-principles\/","actionableFeedbackPolicy":"https:\/\/talkpal.ai\/actionable-feedback-policy\/","correctionsPolicy":"https:\/\/talkpal.ai\/corrections-policy\/","ethicsPolicy":"https:\/\/talkpal.ai\/ethics-policy\/","diversityPolicy":"https:\/\/talkpal.ai\/diversity-policy\/","diversityStaffingReport":"https:\/\/talkpal.ai\/diversity-policy\/"}]}},"_links":{"self":[{"href":"https:\/\/talkpal.ai\/tr\/wp-json\/wp\/v2\/pages\/1465478","targetHints":{"allow":["GET"]}}],"collection":[{"href":"https:\/\/talkpal.ai\/tr\/wp-json\/wp\/v2\/pages"}],"about":[{"href":"https:\/\/talkpal.ai\/tr\/wp-json\/wp\/v2\/types\/page"}],"author":[{"embeddable":true,"href":"https:\/\/talkpal.ai\/tr\/wp-json\/wp\/v2\/users\/20"}],"replies":[{"embeddable":true,"href":"https:\/\/talkpal.ai\/tr\/wp-json\/wp\/v2\/comments?post=1465478"}],"version-history":[{"count":0,"href":"https:\/\/talkpal.ai\/tr\/wp-json\/wp\/v2\/pages\/1465478\/revisions"}],"wp:attachment":[{"href":"https:\/\/talkpal.ai\/tr\/wp-json\/wp\/v2\/media?parent=1465478"}],"curies":[{"name":"wp","href":"https:\/\/api.w.org\/{rel}","templated":true}]}}