{"id":1465340,"date":"2025-11-12T12:14:52","date_gmt":"2025-11-12T12:14:52","guid":{"rendered":"https:\/\/talkpal.ai\/lao-dilbilgisi\/"},"modified":"2025-12-30T14:14:24","modified_gmt":"2025-12-30T14:14:24","slug":"lao-dilbilgisi","status":"publish","type":"page","link":"https:\/\/talkpal.ai\/tr\/lao-dilbilgisi\/","title":{"rendered":"Lao Dilbilgisi"},"content":{"rendered":"\r\n\r\n\r\n<section class=\"languageChallengeSection\">\r\n    <div class=\"languageInfoWrapper\">\r\n        \r\n        <h1>Lao Dilbilgisi<\/h1>\r\n        <p><a href=\"https:\/\/talkpal.ai\/learn-lao\/\">Lao<\/a> dilbilgisi ilk ba\u015fta zor g\u00f6r\u00fcnebilir, ancak benzersiz \u00f6zellikleri dili \u00f6\u011frenmeyi \u00f6d\u00fcllendirici bir deneyim haline getirir. Alfabesini, mutasyonlar\u0131n\u0131 ve dilbilgisi kurallar\u0131n\u0131 ke\u015ffederek zengin bir dil gelene\u011fi hakk\u0131nda fikir sahibi olacaks\u0131n\u0131z. Yolculu\u011funuza ba\u015flay\u0131n ve Lao&#039;nun g\u00fczelli\u011fini ke\u015ffedin!<\/p>\r\n\r\n                            <a class=\"getStartedHidden\" href=\"https:\/\/app.talkpal.ai\/tr\/signup?lng=\">Hadi ba\u015fla<\/a>\r\n        \r\n    <\/div>\r\n\r\n    <figure>\r\n    <img decoding=\"async\" width=\"768\" height=\"768\" src=\"https:\/\/talkpal.ai\/wp-content\/uploads\/2023\/06\/welsh-768x768.png\" class=\"languageImage no-lazy\" alt=\"Language learning for better cognitive abilities\" fetchpriority=\"high\" sizes=\"(max-width: 768px) 150px, 768px\" srcset=\"https:\/\/talkpal.ai\/wp-content\/uploads\/2023\/06\/welsh-768x768.png 768w, https:\/\/talkpal.ai\/wp-content\/uploads\/2023\/06\/welsh-300x300.png 300w\" \/>\r\n    \r\n\r\n    <\/figure>\r\n\r\n            <a class=\"getStartedVisible\" href=\"https:\/\/app.talkpal.ai\/tr\/signup?lng=\">Hadi ba\u015fla<\/a>\r\n    \r\n<\/section><section class=\"promotionalBanner\">\r\n    <p class=\"promotionalText\">Dil \u00f6\u011frenmenin en etkili yolu<\/p>\r\n    <a class=\"promotionalLink\" href=\"https:\/\/app.talkpal.ai\/tr\/signup?lng=\">Talkpal \u00fccretsiz deneyin<\/a>\r\n<\/section>\n<div class=\"wp-block-group pageContainerStyle\"><div class=\"wp-block-group__inner-container is-layout-constrained wp-block-group-is-layout-constrained\">\n<h2 class=\"wp-block-heading\" id=\"h-navigating-the-intricacies-of-lao-grammar\">Lao Dilbilgisinin \u0130nceliklerinde Gezinmek<\/h2>\n\n\n\n<p>Zengin bir tarihe ve k\u00fclt\u00fcrel \u00f6neme sahip bir Tai-Kadai dili olan <a href=\"https:\/\/talkpal.ai\/tr\/laoyu-ogrenin\/\">Lao<\/a>, benzersiz gramer sistemini ke\u015ffetmeye istekli olanlar i\u00e7in heyecan verici bir dil deneyimi sunuyor. Lao diyar\u0131na girdi\u011finizde yaln\u0131zca dil repertuar\u0131n\u0131z\u0131 zenginle\u015ftirmekle kalmayacak, ayn\u0131 zamanda b\u00fcy\u00fcleyici bir k\u00fclt\u00fcrel yolculu\u011fu da kucaklayacaks\u0131n\u0131z. Lao dilbilgisi ilk ba\u015fta yabanc\u0131 g\u00f6r\u00fcnse de, onu temel bile\u015fenlere ay\u0131rmak, dili \u00f6\u011frenmeyi daha ula\u015f\u0131labilir hale getirir. Bu yaz\u0131da, Lao dilbilgisinin b\u00fcy\u00fcleyici d\u00fcnyas\u0131n\u0131 ke\u015ffedece\u011fiz ve karma\u015f\u0131kl\u0131klar\u0131nda nas\u0131l ustala\u015faca\u011f\u0131n\u0131za dair ipu\u00e7lar\u0131 verece\u011fiz.<\/p>\n\n\n\n<h3 class=\"wp-block-heading\" id=\"h-1-lao-alphabet-and-phonetics\">1. Lao Alfabesi ve Fonetik<\/h3>\n\n\n\n<p>Lao alfabesi 27 \u00fcns\u00fcz harf, \u00e7ok say\u0131da sesli harf i\u015fareti ve d\u00f6rt ton i\u015fareti kullan\u0131r. Lao, standart Vientiane leh\u00e7esinde be\u015f tonlu tonald\u0131r. Lao dilbilgisini \u00f6\u011frenmek i\u00e7in, Lao dilinde okuma ve yazma prati\u011fi yaparak bu farkl\u0131 yaz\u0131 sistemine a\u015fina olmak \u00e7ok \u00f6nemlidir.<\/p>\n\n\n\n<h3 class=\"wp-block-heading\" id=\"h-2-tone-system-a-defining-lao-feature\">2. Ton Sistemi: Tan\u0131mlay\u0131c\u0131 Bir Lao \u00d6zelli\u011fi<\/h3>\n\n\n\n<p>Lao dilbilgisinin en \u00e7arp\u0131c\u0131 y\u00f6nlerinden biri ton sistemidir. \u00dcns\u00fczler, tonu belirlemek i\u00e7in ton i\u015faretleri, sesli harf uzunlu\u011fu ve hece t\u00fcr\u00fc ile etkile\u015fime giren y\u00fcksek, orta ve d\u00fc\u015f\u00fck s\u0131n\u0131flara ayr\u0131l\u0131r. \u00dcns\u00fcz s\u0131n\u0131flar\u0131n\u0131n ve ton i\u015faretlerinin telaffuzu nas\u0131l \u015fekillendirdi\u011fini anlamak, Lao&#8217;da do\u011fru ileti\u015fim i\u00e7in hayati \u00f6neme sahiptir.<\/p>\n\n\n\n<h3 class=\"wp-block-heading\" id=\"h-3-nouns-and-pronouns-classifiers-and-politeness\">3. \u0130simler ve Zamirler: S\u0131n\u0131fland\u0131r\u0131c\u0131lar ve Nezaket<\/h3>\n\n\n\n<p>Lao isimlerinin dilbilgisel cinsiyeti veya durumu yoktur ve \u00e7o\u011fullar genellikle &#8220;\u00e7ok&#8221; gibi kelimelerle veya \u00e7ekim yerine s\u0131n\u0131fland\u0131r\u0131c\u0131larla ifade edilir. Lao&#8217;daki zamirler ki\u015fisel, iyelik, d\u00f6n\u00fc\u015fl\u00fc, g\u00f6sterici ve soru bi\u00e7imlerini i\u00e7erir ve bir\u00e7ok se\u00e7enek ya\u015f, stat\u00fc ve nezakete g\u00f6re \u015fekillenir. Bu zamirlere, s\u0131n\u0131fland\u0131r\u0131c\u0131lara ve iyelik i\u015fareti &#8220;khong&#8221;a a\u015fina olmak, Lao dilbilgisi kavray\u0131\u015f\u0131n\u0131z\u0131 \u00f6nemli \u00f6l\u00e7\u00fcde art\u0131racakt\u0131r.<\/p>\n\n\n\n<h3 class=\"wp-block-heading\" id=\"h-4-verbs-structure-and-conjugation\">4. Fiiller: Yap\u0131 ve \u00c7ekim<\/h3>\n\n\n\n<p>Lao fiilleri zaman, ruh hali veya ki\u015fi i\u00e7in \u00e7ekimlenmez. Zaman ve g\u00f6r\u00fcn\u00fc\u015f, ilerici i\u00e7in &#8220;kamlang&#8221;, tamamlanm\u0131\u015f eylemler i\u00e7in &#8220;laew&#8221; ve gelecek i\u00e7in &#8220;si&#8221; gibi par\u00e7ac\u0131klarla ifade edilir. Ko\u015fullu ve zorunlu anlamlar par\u00e7ac\u0131klar ve ba\u011flamla olu\u015fturulur. Lao&#8217;nun kimlik i\u00e7in &#8220;pen&#8221; ve konum i\u00e7in &#8220;yu&#8221; gibi par\u00e7ac\u0131klar\u0131, seri fiilleri ve kopulalar\u0131 nas\u0131l kulland\u0131\u011f\u0131n\u0131 \u00f6\u011frenmek, Lao&#8217;da etkili ileti\u015fim kurma yetene\u011finizi geli\u015ftirecektir.<\/p>\n\n\n\n<h3 class=\"wp-block-heading\" id=\"h-5-adjectives-agreement-and-placement\">5. S\u0131fatlar: Anla\u015fma ve Yerle\u015ftirme<\/h3>\n\n\n\n<p>Lao dilbilgisinde, s\u0131fatlar tipik olarak de\u011fi\u015ftirdikleri ismi takip eder ve cinsiyet veya say\u0131 bak\u0131m\u0131ndan uyu\u015fmaz. Kar\u015f\u0131la\u015ft\u0131rmalar ve \u00fcst\u00fcnl\u00fck ifadeleri, daha do\u011fal bir \u015fekilde ileti\u015fim kurmay\u0131 \u00f6\u011frenmek i\u00e7in gerekli olan &#8220;daha fazla&#8221; i\u00e7in &#8220;kwaa&#8221; ve &#8220;en \u00e7ok&#8221; i\u00e7in &#8220;thi sut&#8221; gibi par\u00e7ac\u0131klarla olu\u015fturulmu\u015ftur.<\/p>\n\n\n\n<p><strong>\u00d6rnekler:<\/strong><\/p>\n\n\n\n<p><strong>\u2013 Khw\u0101m Hak Nyai (B\u00fcy\u00fck A\u015fk)<\/strong><\/p>\n\n\n\n<p><strong>\u2013 dek n\u00f2i (k\u00fc\u00e7\u00fck \u00e7ocuklar)<\/strong><\/p>\n\n\n\n<h3 class=\"wp-block-heading\" id=\"h-6-engaging-with-the-language\">6. Dil ile \u0130lgi Kurmak<\/h3>\n\n\n\n<p>Lao dilbilgisini tam olarak anlaman\u0131n ve i\u00e7selle\u015ftirmenin en etkili yolu, dille tutarl\u0131 bir \u015fekilde etkile\u015fim kurmakt\u0131r. Lao edebiyat\u0131 okuyarak, Lao filmleri veya televizyon dizileri izleyerek ve anadili Lao olan ki\u015filerle aktif olarak ileti\u015fim kurarak, kelime da\u011farc\u0131\u011f\u0131n\u0131z\u0131 geni\u015fletirken dilbilgisi anlay\u0131\u015f\u0131n\u0131z\u0131 g\u00fc\u00e7lendireceksiniz.<\/p>\n\n\n\n<h3 class=\"wp-block-heading\" id=\"h-conclusion\">Sonu\u00e7<\/h3>\n\n\n\n<p>Lao dilbilgisi karma\u015f\u0131k g\u00f6r\u00fcnse de, \u00f6zveri, pratik ve co\u015fku ile bu g\u00fczel dilde yetkin hale gelebilirsiniz. Temel kurallara odaklanarak ve farkl\u0131 ba\u011flamlarda dille etkile\u015fim kurarak, Lao <a href=\"https:\/\/talkpal.ai\/tr\/dilbilgisi\/\">dilbilgisi becerilerinizi<\/a> h\u0131zla geli\u015ftireceksiniz. Lao dili yolculu\u011funuzda Sok dii (iyi \u015fanslar) ve Lao dilbilgisinin esrarengiz ama b\u00fcy\u00fcleyici d\u00fcnyas\u0131n\u0131 \u00e7\u00f6zmenin tad\u0131n\u0131 \u00e7\u0131kar\u0131n!<\/p>\n<\/div><\/div>\n\r\n<section class=\"learnNavigationSection\">\r\n            \r\n        <a href=\"https:\/\/talkpal.ai\/tr\/laoyu-ogrenin\/\">\r\n            <div class=\"learnNavigationWrapper\">\r\n                <div class=\"learnNavigationContent\">\r\n                    <img decoding=\"async\" src=\"https:\/\/talkpal.ai\/wp-content\/uploads\/2025\/11\/Lao-1.png\" alt=\"Laotian Flag\">\r\n                    <div>\r\n                        <h4>Lao \u00d6\u011frenme Hakk\u0131nda<\/h4>\r\n                        <p>Lao Dilbilgisi hakk\u0131nda her \u015feyi \u00f6\u011frenin.<\/p>\r\n                    <\/div>\r\n                <\/div>\r\n            <\/div>\r\n        <\/a>\r\n\r\n        \r\n        <a href=\"https:\/\/talkpal.ai\/tr\/lao-dilbilgisi-alistirmalari\/\">\r\n            <div class=\"learnNavigationWrapper\">\r\n                <div class=\"learnNavigationContent\">\r\n                    <img decoding=\"async\" src=\"https:\/\/talkpal.ai\/wp-content\/uploads\/2025\/11\/Lao-1.png\" alt=\"Laotian Flag\">\r\n                    <div>\r\n                        <h4>Lao Dilbilgisi Al\u0131\u015ft\u0131rmas\u0131<\/h4>\r\n                        <p>Lao dilbilgisi prati\u011fi yap\u0131n.<\/p>\r\n                    <\/div>\r\n                <\/div>\r\n            <\/div>\r\n        <\/a>\r\n\r\n            <\/section>","protected":false},"excerpt":{"rendered":"<p>Lao Dilbilgisinin \u0130nceliklerinde Gezinmek Zengin bir tarihe ve k\u00fclt\u00fcrel \u00f6neme sahip bir Tai-Kadai dili olan Lao, benzersiz gramer sistemini ke\u015ffetmeye istekli olanlar i\u00e7in heyecan verici bir dil deneyimi sunuyor. Lao diyar\u0131na girdi\u011finizde yaln\u0131zca dil repertuar\u0131n\u0131z\u0131 zenginle\u015ftirmekle kalmayacak, ayn\u0131 zamanda b\u00fcy\u00fcleyici bir k\u00fclt\u00fcrel yolculu\u011fu da kucaklayacaks\u0131n\u0131z. Lao dilbilgisi ilk ba\u015fta yabanc\u0131 g\u00f6r\u00fcnse de, onu temel bile\u015fenlere [&hellip;]<\/p>\n","protected":false},"author":20,"featured_media":0,"parent":0,"menu_order":0,"comment_status":"closed","ping_status":"closed","template":"LearningContentPage.php","meta":{"_acf_changed":false,"footnotes":""},"class_list":["post-1465340","page","type-page","status-publish","hentry"],"acf":[],"yoast_head":"<!-- This site is optimized with the Yoast SEO Premium plugin v27.2 (Yoast SEO v27.2) - https:\/\/yoast.com\/product\/yoast-seo-premium-wordpress\/ -->\n<title>Lao Dilbilgisi - Talkpal<\/title>\n<meta name=\"description\" content=\"Talkpal ile dil yeterlili\u011finizi geli\u015ftirmek i\u00e7in ton sistemi ve c\u00fcmle yap\u0131s\u0131 dahil olmak \u00fczere Lao dilbilgisi temellerinde ustala\u015f\u0131n.\" \/>\n<meta name=\"robots\" content=\"index, follow, max-snippet:-1, max-image-preview:large, max-video-preview:-1\" \/>\n<link rel=\"canonical\" href=\"https:\/\/talkpal.ai\/tr\/lao-dilbilgisi\/\" \/>\n<meta property=\"og:locale\" content=\"tr_TR\" \/>\n<meta property=\"og:type\" content=\"article\" \/>\n<meta property=\"og:title\" content=\"Lao Dilbilgisi\" \/>\n<meta property=\"og:description\" content=\"Lao Dilbilgisinin \u0130nceliklerinde Gezinmek Zengin bir tarihe ve k\u00fclt\u00fcrel \u00f6neme sahip bir Tai-Kadai dili olan Lao, benzersiz gramer sistemini ke\u015ffetmeye\" \/>\n<meta property=\"og:url\" content=\"https:\/\/talkpal.ai\/tr\/lao-dilbilgisi\/\" \/>\n<meta property=\"og:site_name\" content=\"Talkpal\" \/>\n<meta property=\"article:publisher\" content=\"https:\/\/www.facebook.com\/profile.php?id=100090733639311\" \/>\n<meta property=\"article:modified_time\" content=\"2025-12-30T14:14:24+00:00\" \/>\n<meta property=\"og:image\" content=\"https:\/\/talkpal.ai\/wp-content\/uploads\/2025\/02\/Progress-tab-16_9.png\" \/>\n\t<meta property=\"og:image:width\" content=\"2880\" \/>\n\t<meta property=\"og:image:height\" content=\"1620\" \/>\n\t<meta property=\"og:image:type\" content=\"image\/png\" \/>\n<meta name=\"twitter:card\" content=\"summary_large_image\" \/>\n<meta name=\"twitter:site\" content=\"@talkpalai\" \/>\n<meta name=\"twitter:label1\" content=\"Tahmini okuma s\u00fcresi\" \/>\n\t<meta name=\"twitter:data1\" content=\"3 dakika\" \/>\n<script type=\"application\/ld+json\" class=\"yoast-schema-graph\">{\"@context\":\"https:\/\/schema.org\",\"@graph\":[{\"@type\":\"WebPage\",\"@id\":\"https:\/\/talkpal.ai\/tr\/lao-dilbilgisi\/\",\"url\":\"https:\/\/talkpal.ai\/tr\/lao-dilbilgisi\/\",\"name\":\"Lao Dilbilgisi - Talkpal\",\"isPartOf\":{\"@id\":\"https:\/\/talkpal.ai\/tr\/#website\"},\"datePublished\":\"2025-11-12T12:14:52+00:00\",\"dateModified\":\"2025-12-30T14:14:24+00:00\",\"description\":\"Talkpal ile dil yeterlili\u011finizi geli\u015ftirmek i\u00e7in ton sistemi ve c\u00fcmle yap\u0131s\u0131 dahil olmak \u00fczere Lao dilbilgisi temellerinde ustala\u015f\u0131n.\",\"breadcrumb\":{\"@id\":\"https:\/\/talkpal.ai\/tr\/lao-dilbilgisi\/#breadcrumb\"},\"inLanguage\":\"tr\",\"potentialAction\":[{\"@type\":\"ReadAction\",\"target\":[\"https:\/\/talkpal.ai\/tr\/lao-dilbilgisi\/\"]}]},{\"@type\":\"BreadcrumbList\",\"@id\":\"https:\/\/talkpal.ai\/tr\/lao-dilbilgisi\/#breadcrumb\",\"itemListElement\":[{\"@type\":\"ListItem\",\"position\":1,\"name\":\"Homepage\",\"item\":\"https:\/\/talkpal.ai\/tr\/\"},{\"@type\":\"ListItem\",\"position\":2,\"name\":\"Lao Dilbilgisi\"}]},{\"@type\":\"WebSite\",\"@id\":\"https:\/\/talkpal.ai\/tr\/#website\",\"url\":\"https:\/\/talkpal.ai\/tr\/\",\"name\":\"Talkpal\",\"description\":\"AI Language Learning\",\"publisher\":{\"@id\":\"https:\/\/talkpal.ai\/tr\/#organization\"},\"alternateName\":\"Talkpal AI\",\"potentialAction\":[{\"@type\":\"SearchAction\",\"target\":{\"@type\":\"EntryPoint\",\"urlTemplate\":\"https:\/\/talkpal.ai\/tr\/?s={search_term_string}\"},\"query-input\":{\"@type\":\"PropertyValueSpecification\",\"valueRequired\":true,\"valueName\":\"search_term_string\"}}],\"inLanguage\":\"tr\"},{\"@type\":\"Organization\",\"@id\":\"https:\/\/talkpal.ai\/tr\/#organization\",\"name\":\"Talkpal, Inc.\",\"alternateName\":\"Talkpal AI\",\"url\":\"https:\/\/talkpal.ai\/tr\/\",\"logo\":{\"@type\":\"ImageObject\",\"inLanguage\":\"tr\",\"@id\":\"https:\/\/talkpal.ai\/tr\/#\/schema\/logo\/image\/\",\"url\":\"https:\/\/talkpal.ai\/wp-content\/uploads\/2024\/03\/Talkpal-Logo-Icon.png\",\"contentUrl\":\"https:\/\/talkpal.ai\/wp-content\/uploads\/2024\/03\/Talkpal-Logo-Icon.png\",\"width\":2880,\"height\":2880,\"caption\":\"Talkpal, Inc.\"},\"image\":{\"@id\":\"https:\/\/talkpal.ai\/tr\/#\/schema\/logo\/image\/\"},\"sameAs\":[\"https:\/\/www.facebook.com\/profile.php?id=100090733639311\",\"https:\/\/x.com\/talkpalai\",\"https:\/\/www.linkedin.com\/company\/talkpal\/\",\"https:\/\/www.youtube.com\/@TalkPal\/\",\"https:\/\/www.tiktok.com\/@talkpal\",\"https:\/\/www.instagram.com\/talkpal_ai\/\",\"https:\/\/www.crunchbase.com\/organization\/talkpal-9cde\",\"https:\/\/www.g2.com\/products\/talkpal-for-business\/\",\"https:\/\/www.trustpilot.com\/review\/talkpal.ai\",\"https:\/\/www.capterra.com\/p\/10006800\/TalkPal\/\"],\"description\":\"Talkpal is a language learning web and mobile education app, powered by the latest AI technologies, that provides engaging experiences to its customers in many different languages to help them improve their language skills. Users can chat about unlimited amount of topics with the app and use other modes to practice their language learning.\",\"email\":\"support@talkpal.ai\",\"legalName\":\"Talkpal, Inc.\",\"foundingDate\":\"2023-04-03\",\"duns\":\"118989042\",\"numberOfEmployees\":{\"@type\":\"QuantitativeValue\",\"minValue\":\"11\",\"maxValue\":\"50\"},\"publishingPrinciples\":\"https:\/\/talkpal.ai\/publishing-principles\/\",\"actionableFeedbackPolicy\":\"https:\/\/talkpal.ai\/actionable-feedback-policy\/\",\"correctionsPolicy\":\"https:\/\/talkpal.ai\/corrections-policy\/\",\"ethicsPolicy\":\"https:\/\/talkpal.ai\/ethics-policy\/\",\"diversityPolicy\":\"https:\/\/talkpal.ai\/diversity-policy\/\",\"diversityStaffingReport\":\"https:\/\/talkpal.ai\/diversity-policy\/\"}]}<\/script>\n<!-- \/ Yoast SEO Premium plugin. -->","yoast_head_json":{"title":"Lao Dilbilgisi - Talkpal","description":"Talkpal ile dil yeterlili\u011finizi geli\u015ftirmek i\u00e7in ton sistemi ve c\u00fcmle yap\u0131s\u0131 dahil olmak \u00fczere Lao dilbilgisi temellerinde ustala\u015f\u0131n.","robots":{"index":"index","follow":"follow","max-snippet":"max-snippet:-1","max-image-preview":"max-image-preview:large","max-video-preview":"max-video-preview:-1"},"canonical":"https:\/\/talkpal.ai\/tr\/lao-dilbilgisi\/","og_locale":"tr_TR","og_type":"article","og_title":"Lao Dilbilgisi","og_description":"Lao Dilbilgisinin \u0130nceliklerinde Gezinmek Zengin bir tarihe ve k\u00fclt\u00fcrel \u00f6neme sahip bir Tai-Kadai dili olan Lao, benzersiz gramer sistemini ke\u015ffetmeye","og_url":"https:\/\/talkpal.ai\/tr\/lao-dilbilgisi\/","og_site_name":"Talkpal","article_publisher":"https:\/\/www.facebook.com\/profile.php?id=100090733639311","article_modified_time":"2025-12-30T14:14:24+00:00","og_image":[{"width":2880,"height":1620,"url":"https:\/\/talkpal.ai\/wp-content\/uploads\/2025\/02\/Progress-tab-16_9.png","type":"image\/png"}],"twitter_card":"summary_large_image","twitter_site":"@talkpalai","twitter_misc":{"Tahmini okuma s\u00fcresi":"3 dakika"},"schema":{"@context":"https:\/\/schema.org","@graph":[{"@type":"WebPage","@id":"https:\/\/talkpal.ai\/tr\/lao-dilbilgisi\/","url":"https:\/\/talkpal.ai\/tr\/lao-dilbilgisi\/","name":"Lao Dilbilgisi - Talkpal","isPartOf":{"@id":"https:\/\/talkpal.ai\/tr\/#website"},"datePublished":"2025-11-12T12:14:52+00:00","dateModified":"2025-12-30T14:14:24+00:00","description":"Talkpal ile dil yeterlili\u011finizi geli\u015ftirmek i\u00e7in ton sistemi ve c\u00fcmle yap\u0131s\u0131 dahil olmak \u00fczere Lao dilbilgisi temellerinde ustala\u015f\u0131n.","breadcrumb":{"@id":"https:\/\/talkpal.ai\/tr\/lao-dilbilgisi\/#breadcrumb"},"inLanguage":"tr","potentialAction":[{"@type":"ReadAction","target":["https:\/\/talkpal.ai\/tr\/lao-dilbilgisi\/"]}]},{"@type":"BreadcrumbList","@id":"https:\/\/talkpal.ai\/tr\/lao-dilbilgisi\/#breadcrumb","itemListElement":[{"@type":"ListItem","position":1,"name":"Homepage","item":"https:\/\/talkpal.ai\/tr\/"},{"@type":"ListItem","position":2,"name":"Lao Dilbilgisi"}]},{"@type":"WebSite","@id":"https:\/\/talkpal.ai\/tr\/#website","url":"https:\/\/talkpal.ai\/tr\/","name":"Talkpal","description":"AI Language Learning","publisher":{"@id":"https:\/\/talkpal.ai\/tr\/#organization"},"alternateName":"Talkpal AI","potentialAction":[{"@type":"SearchAction","target":{"@type":"EntryPoint","urlTemplate":"https:\/\/talkpal.ai\/tr\/?s={search_term_string}"},"query-input":{"@type":"PropertyValueSpecification","valueRequired":true,"valueName":"search_term_string"}}],"inLanguage":"tr"},{"@type":"Organization","@id":"https:\/\/talkpal.ai\/tr\/#organization","name":"Talkpal, Inc.","alternateName":"Talkpal AI","url":"https:\/\/talkpal.ai\/tr\/","logo":{"@type":"ImageObject","inLanguage":"tr","@id":"https:\/\/talkpal.ai\/tr\/#\/schema\/logo\/image\/","url":"https:\/\/talkpal.ai\/wp-content\/uploads\/2024\/03\/Talkpal-Logo-Icon.png","contentUrl":"https:\/\/talkpal.ai\/wp-content\/uploads\/2024\/03\/Talkpal-Logo-Icon.png","width":2880,"height":2880,"caption":"Talkpal, Inc."},"image":{"@id":"https:\/\/talkpal.ai\/tr\/#\/schema\/logo\/image\/"},"sameAs":["https:\/\/www.facebook.com\/profile.php?id=100090733639311","https:\/\/x.com\/talkpalai","https:\/\/www.linkedin.com\/company\/talkpal\/","https:\/\/www.youtube.com\/@TalkPal\/","https:\/\/www.tiktok.com\/@talkpal","https:\/\/www.instagram.com\/talkpal_ai\/","https:\/\/www.crunchbase.com\/organization\/talkpal-9cde","https:\/\/www.g2.com\/products\/talkpal-for-business\/","https:\/\/www.trustpilot.com\/review\/talkpal.ai","https:\/\/www.capterra.com\/p\/10006800\/TalkPal\/"],"description":"Talkpal is a language learning web and mobile education app, powered by the latest AI technologies, that provides engaging experiences to its customers in many different languages to help them improve their language skills. Users can chat about unlimited amount of topics with the app and use other modes to practice their language learning.","email":"support@talkpal.ai","legalName":"Talkpal, Inc.","foundingDate":"2023-04-03","duns":"118989042","numberOfEmployees":{"@type":"QuantitativeValue","minValue":"11","maxValue":"50"},"publishingPrinciples":"https:\/\/talkpal.ai\/publishing-principles\/","actionableFeedbackPolicy":"https:\/\/talkpal.ai\/actionable-feedback-policy\/","correctionsPolicy":"https:\/\/talkpal.ai\/corrections-policy\/","ethicsPolicy":"https:\/\/talkpal.ai\/ethics-policy\/","diversityPolicy":"https:\/\/talkpal.ai\/diversity-policy\/","diversityStaffingReport":"https:\/\/talkpal.ai\/diversity-policy\/"}]}},"_links":{"self":[{"href":"https:\/\/talkpal.ai\/tr\/wp-json\/wp\/v2\/pages\/1465340","targetHints":{"allow":["GET"]}}],"collection":[{"href":"https:\/\/talkpal.ai\/tr\/wp-json\/wp\/v2\/pages"}],"about":[{"href":"https:\/\/talkpal.ai\/tr\/wp-json\/wp\/v2\/types\/page"}],"author":[{"embeddable":true,"href":"https:\/\/talkpal.ai\/tr\/wp-json\/wp\/v2\/users\/20"}],"replies":[{"embeddable":true,"href":"https:\/\/talkpal.ai\/tr\/wp-json\/wp\/v2\/comments?post=1465340"}],"version-history":[{"count":0,"href":"https:\/\/talkpal.ai\/tr\/wp-json\/wp\/v2\/pages\/1465340\/revisions"}],"wp:attachment":[{"href":"https:\/\/talkpal.ai\/tr\/wp-json\/wp\/v2\/media?parent=1465340"}],"curies":[{"name":"wp","href":"https:\/\/api.w.org\/{rel}","templated":true}]}}