{"id":1465308,"date":"2025-11-12T11:25:18","date_gmt":"2025-11-12T11:25:18","guid":{"rendered":"https:\/\/talkpal.ai\/khmer-dilbilgisi-alistirmalari\/"},"modified":"2025-12-30T14:42:58","modified_gmt":"2025-12-30T14:42:58","slug":"khmer-dilbilgisi-alistirmalari","status":"publish","type":"page","link":"https:\/\/talkpal.ai\/tr\/khmer-dilbilgisi-alistirmalari\/","title":{"rendered":"Khmer Dilbilgisi Al\u0131\u015ft\u0131rmalar\u0131"},"content":{"rendered":"\r\n\r\n\r\n<section class=\"languageChallengeSection\">\r\n    <div class=\"languageInfoWrapper\">\r\n        \r\n        <h1>Khmer Dilbilgisi Al\u0131\u015ft\u0131rmalar\u0131<\/h1>\r\n        <p><a href=\"https:\/\/talkpal.ai\/learn-khmer\/\">Khmer<\/a> dilbilgisine dalmaya haz\u0131r m\u0131s\u0131n\u0131z? Birka\u00e7 temel pratik yapmak, bu e\u015fsiz ve g\u00fczel dile al\u0131\u015fman\u0131za yard\u0131mc\u0131 olacakt\u0131r. Kendinize g\u00fcveninizi art\u0131rmak ve bu arada biraz e\u011flenmek i\u00e7in bu egzersizleri deneyin!<\/p>\r\n\r\n                            <a class=\"getStartedHidden\" href=\"https:\/\/app.talkpal.ai\/tr\/signup?lng=\">Hadi ba\u015fla<\/a>\r\n        \r\n    <\/div>\r\n\r\n    <figure>\r\n    <img decoding=\"async\" width=\"768\" height=\"768\" src=\"https:\/\/talkpal.ai\/wp-content\/uploads\/2023\/06\/welsh-768x768.png\" class=\"languageImage no-lazy\" alt=\"Language learning for better cognitive abilities\" fetchpriority=\"high\" sizes=\"(max-width: 768px) 150px, 768px\" srcset=\"https:\/\/talkpal.ai\/wp-content\/uploads\/2023\/06\/welsh-768x768.png 768w, https:\/\/talkpal.ai\/wp-content\/uploads\/2023\/06\/welsh-300x300.png 300w\" \/>\r\n    \r\n\r\n    <\/figure>\r\n\r\n            <a class=\"getStartedVisible\" href=\"https:\/\/app.talkpal.ai\/tr\/signup?lng=\">Hadi ba\u015fla<\/a>\r\n    \r\n<\/section><section class=\"promotionalBanner\">\r\n    <p class=\"promotionalText\">Dil \u00f6\u011frenmenin en etkili yolu<\/p>\r\n    <a class=\"promotionalLink\" href=\"https:\/\/app.talkpal.ai\/tr\/signup?lng=\">Talkpal \u00fccretsiz deneyin<\/a>\r\n<\/section>\n<div class=\"wp-block-group pageContainerStyle\"><div class=\"wp-block-group__inner-container is-layout-constrained wp-block-group-is-layout-constrained\">\n<h2 class=\"wp-block-heading\" id=\"h-khmer-grammar-topics\">Khmer Dilbilgisi Konular\u0131<\/h2>\n\n\n\n<p><a href=\"https:\/\/talkpal.ai\/tr\/yeni-bir-dil-ogrenirken-kacinilmasi-gereken-en-buyuk-hatalar\/\">Yeni bir dil \u00f6\u011frenmek<\/a> zorlu <a href=\"https:\/\/talkpal.ai\/locations\/language-courses-in-ama\/\">ama<\/a> \u00f6d\u00fcllendirici bir \u00e7aba olabilir. Esas olarak Kambo\u00e7ya&#8217;da konu\u015fulan bir Avustralasya dili olan Khmer de bir istisna de\u011fildir. Analitik yap\u0131s\u0131 ve kendine \u00f6zg\u00fc par\u00e7ac\u0131klar\u0131yla Khmerce <a href=\"https:\/\/talkpal.ai\/tr\/egitim-icin-talkpal\/\">\u00f6\u011frenmek<\/a> , anlam\u0131n \u00e7ekim olmadan nas\u0131l in\u015fa edildi\u011fini anlamak i\u00e7in sistematik bir yakla\u015f\u0131m gerektirir. Bu k\u0131lavuz, <a href=\"https:\/\/talkpal.ai\/tr\/khmer-dilbilgisi\/\">Khmer dilbilgisinin<\/a> temel alanlar\u0131n\u0131, isimler ve artikeller gibi temel bilgilerden ba\u015flayarak ve zamanlar ve c\u00fcmle yap\u0131s\u0131 gibi daha karma\u015f\u0131k alanlara do\u011fru ilerleyerek <a href=\"https:\/\/talkpal.ai\/tr\/dil-ogrenimi-icin-yapay-zeka-chatbotu\/\">dil \u00f6\u011frenimi<\/a> i\u00e7in mant\u0131ksal bir s\u0131rayla \u00f6zetlemektedir.<\/p>\n\n\n\n<h3 class=\"wp-block-heading\" id=\"h-1-nouns\">1. \u0130simler:<\/h3>\n\n\n\n<p>\u0130simleri \u00f6\u011frenerek Khmer dili yolculu\u011funuza ba\u015flay\u0131n. Bu, ortak ve \u00f6zel isimleri anlamay\u0131, \u00e7o\u011fullu\u011fun genellikle niceleyiciler, s\u0131n\u0131fland\u0131r\u0131c\u0131lar veya \u00e7ekim yerine ikileme ile nas\u0131l g\u00f6sterildi\u011fini ve dilbilgisel cinsiyet veya durumun yoklu\u011funu i\u00e7erir.<\/p>\n\n\n\n<h3 class=\"wp-block-heading\" id=\"h-2-articles\">2. Makaleler:<\/h3>\n\n\n\n<p>Khmerce, <a href=\"https:\/\/talkpal.ai\/ai-english-speaking-practice\/\">\u0130ngilizce&#8217;de<\/a> oldu\u011fu gibi belirli veya belirsiz artikeller kullanmaz. Kesinlik, \u1793\u17c1\u17c7 bu ve \u1793\u17c4\u17c7 bu gibi ba\u011flam veya g\u00f6stericiler arac\u0131l\u0131\u011f\u0131yla ifade edilirken, belirsizlik \u1798\u17bd\u1799 bir rakam\u0131yla veya \u1798\u17bd\u1799\u1785\u17c6\u1793\u17bd\u1793 gibi kelimelerle g\u00f6sterilebilir.<\/p>\n\n\n\n<h3 class=\"wp-block-heading\" id=\"h-3-adjectives\">3. S\u0131fatlar:<\/h3>\n\n\n\n<p>Khmer dilinde s\u0131fatlar genellikle isimlerini takip eder ve y\u00fcklemlerde dura\u011fan fiiller olarak i\u015flev g\u00f6rebilir. Kar\u015f\u0131la\u015ft\u0131rma i\u00e7in \u178e\u17b6\u179f\u17cb, kar\u015f\u0131la\u015ft\u0131rma i\u00e7in \u1787\u17b6\u1784 ve \u00fcst\u00fcnl\u00fck i\u00e7in \u1787\u17b6\u1784\u1782\u17c1 gibi derece belirte\u00e7lerini ve kar\u015f\u0131la\u015ft\u0131rmay\u0131 ve ayr\u0131ca vurgu i\u00e7in ikilemeyi \u00f6\u011frenin.<\/p>\n\n\n\n<h3 class=\"wp-block-heading\" id=\"h-4-pronouns-determiners\">4. Zamirler\/Belirleyiciler:<\/h3>\n\n\n\n<p>Zamirler ve belirleyiciler Khmerce&#8217;de \u00f6nemlidir ve formalite ve sosyal ili\u015fki d\u00fczeylerini yans\u0131t\u0131r. A\u00e7\u0131k ve uygun ileti\u015fim i\u00e7in \u179a\u1794\u179f\u17cb veya isim-isim dizilerini kullanarak \u015fah\u0131s zamirleri, g\u00f6stericiler, niceleyiciler, s\u0131n\u0131fland\u0131r\u0131c\u0131l\u0131 say\u0131lar ve sahiplik konusunda ustala\u015f\u0131n.<\/p>\n\n\n\n<h3 class=\"wp-block-heading\" id=\"h-5-verbs\">5. Fiiller:<\/h3>\n\n\n\n<p>Khmer fiilleri ki\u015fi veya zaman i\u00e7in \u00e7ekimlenmez. G\u00f6r\u00fcn\u00fc\u015f, zaman ve ruh hali, \u1780\u17c6\u1796\u17bb\u1784 ilerici, \u1794\u17b6\u1793 tamamlanm\u0131\u015f veya ge\u00e7mi\u015f, \u1793\u17b9\u1784 gelecek veya niyet, \u1791\u17be\u1794 adil ve \u178f\u17c2\u1784 al\u0131\u015f\u0131lm\u0131\u015f gibi par\u00e7ac\u0131klar ve zarflarla birlikte seri fiil yap\u0131lar\u0131 ve s\u0131n\u0131fland\u0131rma i\u00e7in \u1787\u17b6 ve konum i\u00e7in \u1793\u17c5 gibi kopulalar\u0131n s\u0131n\u0131rl\u0131 kullan\u0131m\u0131 ile g\u00f6sterilir.<\/p>\n\n\n\n<h3 class=\"wp-block-heading\" id=\"h-6-tenses\">6. Zamanlar:<\/h3>\n\n\n\n<p>Fiil kullan\u0131m\u0131nda ustala\u015ft\u0131ktan sonra Khmerce&#8217;nin \u00e7ekim zamanlar\u0131 olmadan zaman\u0131 nas\u0131l ifade etti\u011fini ke\u015ffedin. \u015eimdiki zaman genellikle i\u015faretlenmez, ge\u00e7mi\u015f genellikle \u1794\u17b6\u1793 veya zaman ifadeleriyle g\u00f6sterilir ve gelecek veya niyet \u1793\u17b9\u1784 veya ba\u011flamla g\u00f6sterilir ve tamamlay\u0131c\u0131 n\u00fcans genellikle zaten \u17a0\u17be\u1799 ile i\u015faretlenir.<\/p>\n\n\n\n<h3 class=\"wp-block-heading\" id=\"h-7-tense-comparison\">7. Gergin Kar\u015f\u0131la\u015ft\u0131rma:<\/h3>\n\n\n\n<p>Khmer dilinde zaman ve g\u00f6r\u00fcn\u00fc\u015f kar\u015f\u0131la\u015ft\u0131rmas\u0131, fiil de\u011fi\u015fikliklerinden ziyade par\u00e7ac\u0131klara ve zarflara odaklan\u0131r. Ayn\u0131 fiili \u1794\u17b6\u1793, \u1793\u17b9\u1784 ve \u1780\u17c6\u1796\u17bb\u1784 gibi par\u00e7ac\u0131klarla \u00e7e\u015fitli ba\u011flamlarda kullanmak, olay dizilerinin nas\u0131l ifade edildi\u011fini a\u00e7\u0131kl\u0131\u011fa kavu\u015fturacakt\u0131r.<\/p>\n\n\n\n<h3 class=\"wp-block-heading\" id=\"h-8-progressive\">8. \u0130lerici:<\/h3>\n\n\n\n<p>Khmer dilinde ilerici, devam eden eylemleri ifade etmek i\u00e7in kullan\u0131l\u0131r. Ana fiilden \u00f6nce \u1780\u17c6\u1796\u17bb\u1784 yerle\u015ftirilerek, vurgu i\u00e7in iste\u011fe ba\u011fl\u0131 \u178f\u17c2 ile olu\u015fturulur ve netlik i\u00e7in zaman ifadeleriyle birle\u015ftirilebilir.<\/p>\n\n\n\n<h3 class=\"wp-block-heading\" id=\"h-9-perfect-progressive\">9. M\u00fckemmel \u0130lerici:<\/h3>\n\n\n\n<p>Bu, belirli bir noktaya kadar devam eden eylemleri ifade etmek i\u00e7in kullan\u0131l\u0131r. Khmerce&#8217;de \u015fimdiye kadarki s\u00fcreklilik \u1780\u17c6\u1796\u17bb\u1784 &#8230; \u1798\u1780 veya \u1794\u17b6\u1793 + fiil + \u1798\u1780, ba\u011flama ve vurguya ba\u011fl\u0131 olarak s\u00fcre ifadeleriyle birlikte.<\/p>\n\n\n\n<h3 class=\"wp-block-heading\" id=\"h-10-conditionals\">10. Ko\u015fullar:<\/h3>\n\n\n\n<p>Ko\u015fullu ifadeler varsay\u0131msal durumlar\u0131 ve sonu\u00e7lar\u0131 ifade eder. Khmer, ko\u015ful c\u00fcmlesinde if i\u00e7in genellikle \u1794\u17be veya \u1794\u17d2\u179a\u179f\u17b7\u1793\u1794\u17be kullan\u0131r ve sonu\u00e7 genellikle \u1793\u17c4\u17c7 gibi par\u00e7ac\u0131klarla veya n\u00fcans i\u00e7in uygun kiplerle i\u015faretlenir.<\/p>\n\n\n\n<h3 class=\"wp-block-heading\" id=\"h-11-adverbs\">11. Zarflar:<\/h3>\n\n\n\n<p>Khmerce&#8217;deki zarflar fiilleri, s\u0131fatlar\u0131 veya di\u011fer zarflar\u0131 de\u011fi\u015ftirir ve tarz, yer, zaman ve dereceyi i\u00e7erir. Konum esnektir, zaman zarflar\u0131 genellikle ba\u015fta, tav\u0131r s\u0131kl\u0131kla fiilden sonra ve \u178e\u17b6\u179f\u17cb ve \u1794\u1793\u17d2\u178f\u17b7\u1785 gibi derece s\u00f6zc\u00fckleri yo\u011funlu\u011fu \u015fekillendirir.<\/p>\n\n\n\n<h3 class=\"wp-block-heading\" id=\"h-12-prepositions\">12. Edatlar:<\/h3>\n\n\n\n<p>Edatlar, zaman, yer ve y\u00f6n ili\u015fkilerini g\u00f6stermek i\u00e7in kelimeleri ve c\u00fcmleleri birbirine ba\u011flar. Khmerce, \u1793\u17c5 at veya in, \u1791\u17c5 to, \u1796\u17b8 from gibi \u00f6\u011feleri ve \u1781\u17b6\u1784\u1780\u17d2\u179a\u17c4\u1799 behind ve \u179b\u17be on gibi ili\u015fkisel bi\u00e7imleri genellikle yer isimleriyle birlikte kullan\u0131r.<\/p>\n\n\n\n<h3 class=\"wp-block-heading\" id=\"h-13-sentences\">13. C\u00fcmleler:<\/h3>\n\n\n\n<p>Son olarak, c\u00fcmle kurma al\u0131\u015ft\u0131rmas\u0131 yap\u0131n. Khmer, s\u0131k konu-yorum yap\u0131lar\u0131yla SVO d\u00fczenine y\u00f6nelir. \u1798\u17b7\u1793 ile ana olumsuzlama &#8230; \u1791\u17c1 standart kullan\u0131mda ve yayg\u0131n konu\u015fma dilinde, \u179f\u17bc\u1798 gibi par\u00e7ac\u0131klarla zorunluluklar ve daha \u00f6nce \u00f6\u011frenilen t\u00fcm <a href=\"https:\/\/talkpal.ai\/grammar\/\">dilbilgisi<\/a> noktalar\u0131n\u0131n ba\u011flam i\u00e7inde entegrasyonu.<\/p>\n<\/div><\/div>\n\r\n<section class=\"learnNavigationSection\">\r\n            \r\n        <a href=\"https:\/\/talkpal.ai\/tr\/galce-ogren\/\">\r\n            <div class=\"learnNavigationWrapper\">\r\n                <div class=\"learnNavigationContent\">\r\n                    <img decoding=\"async\" src=\"https:\/\/talkpal.ai\/wp-content\/uploads\/2025\/11\/Khmer.png\" alt=\"Cambodian Flag\">\r\n                    <div>\r\n                        <h4>Khmer \u00d6\u011frenimi Hakk\u0131nda<\/h4>\r\n                        <p>Khmer Dilbilgisi hakk\u0131nda her \u015feyi \u00f6\u011frenin.<\/p>\r\n                    <\/div>\r\n                <\/div>\r\n            <\/div>\r\n        <\/a>\r\n\r\n        \r\n        <a href=\"https:\/\/talkpal.ai\/tr\/khmer-dilbilgisi\/\">\r\n            <div class=\"learnNavigationWrapper\">\r\n                <div class=\"learnNavigationContent\">\r\n                    <img decoding=\"async\" src=\"https:\/\/talkpal.ai\/wp-content\/uploads\/2025\/11\/Khmer.png\" alt=\"Cambodian Flag\">\r\n                    <div>\r\n                        <h4>Khmer Dilbilgisi Dersleri<\/h4>\r\n                        <p>Khmer dilbilgisi prati\u011fi yap\u0131n.<\/p>\r\n                    <\/div>\r\n                <\/div>\r\n            <\/div>\r\n        <\/a>\r\n\r\n            <\/section>","protected":false},"excerpt":{"rendered":"<p>Khmer Dilbilgisi Konular\u0131 Yeni bir dil \u00f6\u011frenmek zorlu ama \u00f6d\u00fcllendirici bir \u00e7aba olabilir. Esas olarak Kambo\u00e7ya&#8217;da konu\u015fulan bir Avustralasya dili olan Khmer de bir istisna de\u011fildir. Analitik yap\u0131s\u0131 ve kendine \u00f6zg\u00fc par\u00e7ac\u0131klar\u0131yla Khmerce \u00f6\u011frenmek , anlam\u0131n \u00e7ekim olmadan nas\u0131l in\u015fa edildi\u011fini anlamak i\u00e7in sistematik bir yakla\u015f\u0131m gerektirir. Bu k\u0131lavuz, Khmer dilbilgisinin temel alanlar\u0131n\u0131, isimler ve [&hellip;]<\/p>\n","protected":false},"author":20,"featured_media":0,"parent":0,"menu_order":0,"comment_status":"closed","ping_status":"closed","template":"LearningContentPage.php","meta":{"_acf_changed":false,"footnotes":""},"class_list":["post-1465308","page","type-page","status-publish","hentry"],"acf":[],"yoast_head":"<!-- This site is optimized with the Yoast SEO Premium plugin v27.2 (Yoast SEO v27.2) - https:\/\/yoast.com\/product\/yoast-seo-premium-wordpress\/ -->\n<title>Khmer Dilbilgisi Al\u0131\u015ft\u0131rmalar\u0131 - Talkpal<\/title>\n<meta name=\"description\" content=\"Kendinize g\u00fcvenerek konu\u015fman\u0131za ve yazman\u0131za yard\u0131mc\u0131 olmak i\u00e7in tasarlanm\u0131\u015f interaktif Khmer dilbilgisi al\u0131\u015ft\u0131rmalar\u0131yla yeterlili\u011finizi geli\u015ftirin.\" \/>\n<meta name=\"robots\" content=\"index, follow, max-snippet:-1, max-image-preview:large, max-video-preview:-1\" \/>\n<link rel=\"canonical\" href=\"https:\/\/talkpal.ai\/tr\/khmer-dilbilgisi-alistirmalari\/\" \/>\n<meta property=\"og:locale\" content=\"tr_TR\" \/>\n<meta property=\"og:type\" content=\"article\" \/>\n<meta property=\"og:title\" content=\"Khmer Dilbilgisi Al\u0131\u015ft\u0131rmalar\u0131\" \/>\n<meta property=\"og:description\" content=\"Khmer Dilbilgisi Konular\u0131 Yeni bir dil \u00f6\u011frenmek zorlu ama \u00f6d\u00fcllendirici bir \u00e7aba olabilir. Esas olarak Kambo\u00e7ya&#039;da konu\u015fulan bir Avustralasya dili olan\" \/>\n<meta property=\"og:url\" content=\"https:\/\/talkpal.ai\/tr\/khmer-dilbilgisi-alistirmalari\/\" \/>\n<meta property=\"og:site_name\" content=\"Talkpal\" \/>\n<meta property=\"article:publisher\" content=\"https:\/\/www.facebook.com\/profile.php?id=100090733639311\" \/>\n<meta property=\"article:modified_time\" content=\"2025-12-30T14:42:58+00:00\" \/>\n<meta property=\"og:image\" content=\"https:\/\/talkpal.ai\/wp-content\/uploads\/2025\/02\/Progress-tab-16_9.png\" \/>\n\t<meta property=\"og:image:width\" content=\"2880\" \/>\n\t<meta property=\"og:image:height\" content=\"1620\" \/>\n\t<meta property=\"og:image:type\" content=\"image\/png\" \/>\n<meta name=\"twitter:card\" content=\"summary_large_image\" \/>\n<meta name=\"twitter:site\" content=\"@talkpalai\" \/>\n<meta name=\"twitter:label1\" content=\"Tahmini okuma s\u00fcresi\" \/>\n\t<meta name=\"twitter:data1\" content=\"4 dakika\" \/>\n<script type=\"application\/ld+json\" class=\"yoast-schema-graph\">{\"@context\":\"https:\/\/schema.org\",\"@graph\":[{\"@type\":\"WebPage\",\"@id\":\"https:\/\/talkpal.ai\/tr\/khmer-dilbilgisi-alistirmalari\/\",\"url\":\"https:\/\/talkpal.ai\/tr\/khmer-dilbilgisi-alistirmalari\/\",\"name\":\"Khmer Dilbilgisi Al\u0131\u015ft\u0131rmalar\u0131 - Talkpal\",\"isPartOf\":{\"@id\":\"https:\/\/talkpal.ai\/tr\/#website\"},\"datePublished\":\"2025-11-12T11:25:18+00:00\",\"dateModified\":\"2025-12-30T14:42:58+00:00\",\"description\":\"Kendinize g\u00fcvenerek konu\u015fman\u0131za ve yazman\u0131za yard\u0131mc\u0131 olmak i\u00e7in tasarlanm\u0131\u015f interaktif Khmer dilbilgisi al\u0131\u015ft\u0131rmalar\u0131yla yeterlili\u011finizi geli\u015ftirin.\",\"breadcrumb\":{\"@id\":\"https:\/\/talkpal.ai\/tr\/khmer-dilbilgisi-alistirmalari\/#breadcrumb\"},\"inLanguage\":\"tr\",\"potentialAction\":[{\"@type\":\"ReadAction\",\"target\":[\"https:\/\/talkpal.ai\/tr\/khmer-dilbilgisi-alistirmalari\/\"]}]},{\"@type\":\"BreadcrumbList\",\"@id\":\"https:\/\/talkpal.ai\/tr\/khmer-dilbilgisi-alistirmalari\/#breadcrumb\",\"itemListElement\":[{\"@type\":\"ListItem\",\"position\":1,\"name\":\"Homepage\",\"item\":\"https:\/\/talkpal.ai\/tr\/\"},{\"@type\":\"ListItem\",\"position\":2,\"name\":\"Khmer Dilbilgisi Al\u0131\u015ft\u0131rmalar\u0131\"}]},{\"@type\":\"WebSite\",\"@id\":\"https:\/\/talkpal.ai\/tr\/#website\",\"url\":\"https:\/\/talkpal.ai\/tr\/\",\"name\":\"Talkpal\",\"description\":\"AI Language Learning\",\"publisher\":{\"@id\":\"https:\/\/talkpal.ai\/tr\/#organization\"},\"alternateName\":\"Talkpal AI\",\"potentialAction\":[{\"@type\":\"SearchAction\",\"target\":{\"@type\":\"EntryPoint\",\"urlTemplate\":\"https:\/\/talkpal.ai\/tr\/?s={search_term_string}\"},\"query-input\":{\"@type\":\"PropertyValueSpecification\",\"valueRequired\":true,\"valueName\":\"search_term_string\"}}],\"inLanguage\":\"tr\"},{\"@type\":\"Organization\",\"@id\":\"https:\/\/talkpal.ai\/tr\/#organization\",\"name\":\"Talkpal, Inc.\",\"alternateName\":\"Talkpal AI\",\"url\":\"https:\/\/talkpal.ai\/tr\/\",\"logo\":{\"@type\":\"ImageObject\",\"inLanguage\":\"tr\",\"@id\":\"https:\/\/talkpal.ai\/tr\/#\/schema\/logo\/image\/\",\"url\":\"https:\/\/talkpal.ai\/wp-content\/uploads\/2024\/03\/Talkpal-Logo-Icon.png\",\"contentUrl\":\"https:\/\/talkpal.ai\/wp-content\/uploads\/2024\/03\/Talkpal-Logo-Icon.png\",\"width\":2880,\"height\":2880,\"caption\":\"Talkpal, Inc.\"},\"image\":{\"@id\":\"https:\/\/talkpal.ai\/tr\/#\/schema\/logo\/image\/\"},\"sameAs\":[\"https:\/\/www.facebook.com\/profile.php?id=100090733639311\",\"https:\/\/x.com\/talkpalai\",\"https:\/\/www.linkedin.com\/company\/talkpal\/\",\"https:\/\/www.youtube.com\/@TalkPal\/\",\"https:\/\/www.tiktok.com\/@talkpal\",\"https:\/\/www.instagram.com\/talkpal_ai\/\",\"https:\/\/www.crunchbase.com\/organization\/talkpal-9cde\",\"https:\/\/www.g2.com\/products\/talkpal-for-business\/\",\"https:\/\/www.trustpilot.com\/review\/talkpal.ai\",\"https:\/\/www.capterra.com\/p\/10006800\/TalkPal\/\"],\"description\":\"Talkpal is a language learning web and mobile education app, powered by the latest AI technologies, that provides engaging experiences to its customers in many different languages to help them improve their language skills. Users can chat about unlimited amount of topics with the app and use other modes to practice their language learning.\",\"email\":\"support@talkpal.ai\",\"legalName\":\"Talkpal, Inc.\",\"foundingDate\":\"2023-04-03\",\"duns\":\"118989042\",\"numberOfEmployees\":{\"@type\":\"QuantitativeValue\",\"minValue\":\"11\",\"maxValue\":\"50\"},\"publishingPrinciples\":\"https:\/\/talkpal.ai\/publishing-principles\/\",\"actionableFeedbackPolicy\":\"https:\/\/talkpal.ai\/actionable-feedback-policy\/\",\"correctionsPolicy\":\"https:\/\/talkpal.ai\/corrections-policy\/\",\"ethicsPolicy\":\"https:\/\/talkpal.ai\/ethics-policy\/\",\"diversityPolicy\":\"https:\/\/talkpal.ai\/diversity-policy\/\",\"diversityStaffingReport\":\"https:\/\/talkpal.ai\/diversity-policy\/\"}]}<\/script>\n<!-- \/ Yoast SEO Premium plugin. -->","yoast_head_json":{"title":"Khmer Dilbilgisi Al\u0131\u015ft\u0131rmalar\u0131 - Talkpal","description":"Kendinize g\u00fcvenerek konu\u015fman\u0131za ve yazman\u0131za yard\u0131mc\u0131 olmak i\u00e7in tasarlanm\u0131\u015f interaktif Khmer dilbilgisi al\u0131\u015ft\u0131rmalar\u0131yla yeterlili\u011finizi geli\u015ftirin.","robots":{"index":"index","follow":"follow","max-snippet":"max-snippet:-1","max-image-preview":"max-image-preview:large","max-video-preview":"max-video-preview:-1"},"canonical":"https:\/\/talkpal.ai\/tr\/khmer-dilbilgisi-alistirmalari\/","og_locale":"tr_TR","og_type":"article","og_title":"Khmer Dilbilgisi Al\u0131\u015ft\u0131rmalar\u0131","og_description":"Khmer Dilbilgisi Konular\u0131 Yeni bir dil \u00f6\u011frenmek zorlu ama \u00f6d\u00fcllendirici bir \u00e7aba olabilir. Esas olarak Kambo\u00e7ya'da konu\u015fulan bir Avustralasya dili olan","og_url":"https:\/\/talkpal.ai\/tr\/khmer-dilbilgisi-alistirmalari\/","og_site_name":"Talkpal","article_publisher":"https:\/\/www.facebook.com\/profile.php?id=100090733639311","article_modified_time":"2025-12-30T14:42:58+00:00","og_image":[{"width":2880,"height":1620,"url":"https:\/\/talkpal.ai\/wp-content\/uploads\/2025\/02\/Progress-tab-16_9.png","type":"image\/png"}],"twitter_card":"summary_large_image","twitter_site":"@talkpalai","twitter_misc":{"Tahmini okuma s\u00fcresi":"4 dakika"},"schema":{"@context":"https:\/\/schema.org","@graph":[{"@type":"WebPage","@id":"https:\/\/talkpal.ai\/tr\/khmer-dilbilgisi-alistirmalari\/","url":"https:\/\/talkpal.ai\/tr\/khmer-dilbilgisi-alistirmalari\/","name":"Khmer Dilbilgisi Al\u0131\u015ft\u0131rmalar\u0131 - Talkpal","isPartOf":{"@id":"https:\/\/talkpal.ai\/tr\/#website"},"datePublished":"2025-11-12T11:25:18+00:00","dateModified":"2025-12-30T14:42:58+00:00","description":"Kendinize g\u00fcvenerek konu\u015fman\u0131za ve yazman\u0131za yard\u0131mc\u0131 olmak i\u00e7in tasarlanm\u0131\u015f interaktif Khmer dilbilgisi al\u0131\u015ft\u0131rmalar\u0131yla yeterlili\u011finizi geli\u015ftirin.","breadcrumb":{"@id":"https:\/\/talkpal.ai\/tr\/khmer-dilbilgisi-alistirmalari\/#breadcrumb"},"inLanguage":"tr","potentialAction":[{"@type":"ReadAction","target":["https:\/\/talkpal.ai\/tr\/khmer-dilbilgisi-alistirmalari\/"]}]},{"@type":"BreadcrumbList","@id":"https:\/\/talkpal.ai\/tr\/khmer-dilbilgisi-alistirmalari\/#breadcrumb","itemListElement":[{"@type":"ListItem","position":1,"name":"Homepage","item":"https:\/\/talkpal.ai\/tr\/"},{"@type":"ListItem","position":2,"name":"Khmer Dilbilgisi Al\u0131\u015ft\u0131rmalar\u0131"}]},{"@type":"WebSite","@id":"https:\/\/talkpal.ai\/tr\/#website","url":"https:\/\/talkpal.ai\/tr\/","name":"Talkpal","description":"AI Language Learning","publisher":{"@id":"https:\/\/talkpal.ai\/tr\/#organization"},"alternateName":"Talkpal AI","potentialAction":[{"@type":"SearchAction","target":{"@type":"EntryPoint","urlTemplate":"https:\/\/talkpal.ai\/tr\/?s={search_term_string}"},"query-input":{"@type":"PropertyValueSpecification","valueRequired":true,"valueName":"search_term_string"}}],"inLanguage":"tr"},{"@type":"Organization","@id":"https:\/\/talkpal.ai\/tr\/#organization","name":"Talkpal, Inc.","alternateName":"Talkpal AI","url":"https:\/\/talkpal.ai\/tr\/","logo":{"@type":"ImageObject","inLanguage":"tr","@id":"https:\/\/talkpal.ai\/tr\/#\/schema\/logo\/image\/","url":"https:\/\/talkpal.ai\/wp-content\/uploads\/2024\/03\/Talkpal-Logo-Icon.png","contentUrl":"https:\/\/talkpal.ai\/wp-content\/uploads\/2024\/03\/Talkpal-Logo-Icon.png","width":2880,"height":2880,"caption":"Talkpal, Inc."},"image":{"@id":"https:\/\/talkpal.ai\/tr\/#\/schema\/logo\/image\/"},"sameAs":["https:\/\/www.facebook.com\/profile.php?id=100090733639311","https:\/\/x.com\/talkpalai","https:\/\/www.linkedin.com\/company\/talkpal\/","https:\/\/www.youtube.com\/@TalkPal\/","https:\/\/www.tiktok.com\/@talkpal","https:\/\/www.instagram.com\/talkpal_ai\/","https:\/\/www.crunchbase.com\/organization\/talkpal-9cde","https:\/\/www.g2.com\/products\/talkpal-for-business\/","https:\/\/www.trustpilot.com\/review\/talkpal.ai","https:\/\/www.capterra.com\/p\/10006800\/TalkPal\/"],"description":"Talkpal is a language learning web and mobile education app, powered by the latest AI technologies, that provides engaging experiences to its customers in many different languages to help them improve their language skills. Users can chat about unlimited amount of topics with the app and use other modes to practice their language learning.","email":"support@talkpal.ai","legalName":"Talkpal, Inc.","foundingDate":"2023-04-03","duns":"118989042","numberOfEmployees":{"@type":"QuantitativeValue","minValue":"11","maxValue":"50"},"publishingPrinciples":"https:\/\/talkpal.ai\/publishing-principles\/","actionableFeedbackPolicy":"https:\/\/talkpal.ai\/actionable-feedback-policy\/","correctionsPolicy":"https:\/\/talkpal.ai\/corrections-policy\/","ethicsPolicy":"https:\/\/talkpal.ai\/ethics-policy\/","diversityPolicy":"https:\/\/talkpal.ai\/diversity-policy\/","diversityStaffingReport":"https:\/\/talkpal.ai\/diversity-policy\/"}]}},"_links":{"self":[{"href":"https:\/\/talkpal.ai\/tr\/wp-json\/wp\/v2\/pages\/1465308","targetHints":{"allow":["GET"]}}],"collection":[{"href":"https:\/\/talkpal.ai\/tr\/wp-json\/wp\/v2\/pages"}],"about":[{"href":"https:\/\/talkpal.ai\/tr\/wp-json\/wp\/v2\/types\/page"}],"author":[{"embeddable":true,"href":"https:\/\/talkpal.ai\/tr\/wp-json\/wp\/v2\/users\/20"}],"replies":[{"embeddable":true,"href":"https:\/\/talkpal.ai\/tr\/wp-json\/wp\/v2\/comments?post=1465308"}],"version-history":[{"count":0,"href":"https:\/\/talkpal.ai\/tr\/wp-json\/wp\/v2\/pages\/1465308\/revisions"}],"wp:attachment":[{"href":"https:\/\/talkpal.ai\/tr\/wp-json\/wp\/v2\/media?parent=1465308"}],"curies":[{"name":"wp","href":"https:\/\/api.w.org\/{rel}","templated":true}]}}