{"id":1465292,"date":"2025-11-12T11:25:16","date_gmt":"2025-11-12T11:25:16","guid":{"rendered":"https:\/\/talkpal.ai\/khmer-dilbilgisi\/"},"modified":"2025-12-30T14:40:32","modified_gmt":"2025-12-30T14:40:32","slug":"khmer-dilbilgisi","status":"publish","type":"page","link":"https:\/\/talkpal.ai\/tr\/khmer-dilbilgisi\/","title":{"rendered":"Khmer Dilbilgisi"},"content":{"rendered":"\r\n\r\n\r\n<section class=\"languageChallengeSection\">\r\n    <div class=\"languageInfoWrapper\">\r\n        \r\n        <h1>Khmer Dilbilgisi<\/h1>\r\n        <p><a href=\"https:\/\/talkpal.ai\/learn-khmer\/\">Khmer<\/a> dilbilgisi ilk ba\u015fta zor g\u00f6r\u00fcnebilir, ancak benzersiz \u00f6zellikleri dili \u00f6\u011frenmeyi \u00f6d\u00fcllendirici bir deneyim haline getirir. Alfabesini, mutasyonlar\u0131n\u0131 ve dilbilgisi kurallar\u0131n\u0131 ke\u015ffederek zengin bir dil gelene\u011fi hakk\u0131nda fikir sahibi olacaks\u0131n\u0131z. Yolculu\u011funuza ba\u015flay\u0131n ve Khmer&#039;in g\u00fczelli\u011fini ke\u015ffedin!<\/p>\r\n\r\n                            <a class=\"getStartedHidden\" href=\"https:\/\/app.talkpal.ai\/tr\/signup?lng=\">Hadi ba\u015fla<\/a>\r\n        \r\n    <\/div>\r\n\r\n    <figure>\r\n    <img decoding=\"async\" width=\"768\" height=\"768\" src=\"https:\/\/talkpal.ai\/wp-content\/uploads\/2023\/06\/welsh-768x768.png\" class=\"languageImage no-lazy\" alt=\"Language learning for better cognitive abilities\" fetchpriority=\"high\" sizes=\"(max-width: 768px) 150px, 768px\" srcset=\"https:\/\/talkpal.ai\/wp-content\/uploads\/2023\/06\/welsh-768x768.png 768w, https:\/\/talkpal.ai\/wp-content\/uploads\/2023\/06\/welsh-300x300.png 300w\" \/>\r\n    \r\n\r\n    <\/figure>\r\n\r\n            <a class=\"getStartedVisible\" href=\"https:\/\/app.talkpal.ai\/tr\/signup?lng=\">Hadi ba\u015fla<\/a>\r\n    \r\n<\/section><section class=\"promotionalBanner\">\r\n    <p class=\"promotionalText\">Dil \u00f6\u011frenmenin en etkili yolu<\/p>\r\n    <a class=\"promotionalLink\" href=\"https:\/\/app.talkpal.ai\/tr\/signup?lng=\">Talkpal \u00fccretsiz deneyin<\/a>\r\n<\/section>\n<div class=\"wp-block-group pageContainerStyle\"><div class=\"wp-block-group__inner-container is-layout-constrained wp-block-group-is-layout-constrained\">\n<h2 class=\"wp-block-heading\" id=\"h-navigating-the-intricacies-of-khmer-grammar\">Khmer Dilbilgisinin \u0130nceliklerinde Gezinmek<\/h2>\n\n\n\n<p>Kambo\u00e7ya&#8217;n\u0131n ulusal dili ve derin bir edebi gelene\u011fe sahip \u00f6nemli bir Avustralasya dili olan <a href=\"https:\/\/talkpal.ai\/tr\/khmer-ogrenin\/\">Khmer<\/a>, benzersiz gramer sistemini ke\u015ffetmeye istekli olanlar i\u00e7in heyecan verici bir dil deneyimi sunuyor. Khmer diyar\u0131na ad\u0131m att\u0131\u011f\u0131n\u0131zda, yaln\u0131zca dil repertuar\u0131n\u0131z\u0131 zenginle\u015ftirmekle kalmayacak, ayn\u0131 zamanda b\u00fcy\u00fcleyici bir k\u00fclt\u00fcrel yolculu\u011fu da kucaklayacaks\u0131n\u0131z. Khmer dilbilgisi ilk ba\u015fta yabanc\u0131 g\u00f6r\u00fcnse de, onu temel bile\u015fenlere ay\u0131rmak, dili \u00f6\u011frenmeyi daha ula\u015f\u0131labilir hale getirir. Bu yaz\u0131da, Khmer dilbilgisinin b\u00fcy\u00fcleyici d\u00fcnyas\u0131n\u0131 ke\u015ffedece\u011fiz ve karma\u015f\u0131kl\u0131klar\u0131nda nas\u0131l ustala\u015faca\u011f\u0131n\u0131za dair ipu\u00e7lar\u0131 verece\u011fiz.<\/p>\n\n\n\n<h3 class=\"wp-block-heading\" id=\"h-1-khmer-alphabet-and-phonetics\">1. Khmer Alfabesi ve Fonetik<\/h3>\n\n\n\n<p>Khmer yaz\u0131 sistemi 33 \u00fcns\u00fcz, 23 ba\u011f\u0131ml\u0131 sesli harf ve 12 ba\u011f\u0131ms\u0131z sesli harften olu\u015fan bir abugida&#8217;d\u0131r. \u00dcns\u00fczler, sesli harf kalitesini etkileyen iki seri halinde gelir ve sesli harfler, \u00fcns\u00fcz serisine ba\u011fl\u0131 olarak telaffuzlar\u0131n\u0131 de\u011fi\u015ftirir. Khmer dilbilgisini \u00f6\u011frenmek i\u00e7in, Khmer dilinde okuma ve yazma prati\u011fi yaparak bu ay\u0131rt edici yaz\u0131ya a\u015fina olmak \u00e7ok \u00f6nemlidir.<\/p>\n\n\n\n<h3 class=\"wp-block-heading\" id=\"h-2-consonant-series-a-peculiar-khmer-feature\">2. \u00dcns\u00fcz Serisi: Tuhaf Bir Khmer \u00d6zelli\u011fi<\/h3>\n\n\n\n<p>Khmerce&#8217;nin en \u00e7arp\u0131c\u0131 y\u00f6nlerinden biri, ba\u011f\u0131ml\u0131 sesli harflerin telaffuzunu etkileyen, genellikle kay\u0131t ad\u0131 verilen iki \u00fcns\u00fcz dizisidir. A serisi ve O serisi \u00fcns\u00fczler ayn\u0131 sesli harf sembol\u00fcn\u00fcn farkl\u0131 okunmas\u0131na neden olur. Bu dizilerin yayg\u0131n aksan i\u015faretleriyle birlikte nas\u0131l \u00e7al\u0131\u015ft\u0131\u011f\u0131n\u0131 anlamak, Khmerce&#8217;de do\u011fru telaffuz ve yazma i\u00e7in hayati \u00f6nem ta\u015f\u0131r.<\/p>\n\n\n\n<h3 class=\"wp-block-heading\" id=\"h-3-nouns-and-pronouns-gender-and-cases\">3. \u0130simler ve Zamirler: Cinsiyet ve Durumlar<\/h3>\n\n\n\n<p>Khmer isimlerinin gramer cinsiyeti yoktur ve durum i\u00e7in \u00e7ekim yapmazlar. \u00c7o\u011fulluk genellikle ba\u011flam, ikileme veya \u1785\u17d2\u179a\u17be\u1793 gibi kelimelerle belirtilir. Khmerce&#8217;deki zamirler ki\u015fisel, iyelik, d\u00f6n\u00fc\u015fl\u00fc, g\u00f6sterici ve soru bi\u00e7imlerini i\u00e7erir ve nezaket ve sosyal ba\u011flama g\u00f6re de\u011fi\u015fir. Bu zamirlere ve sahip olmak i\u00e7in \u179a\u1794\u179f\u17cb gibi par\u00e7ac\u0131klara a\u015fina olmak, Khmer dilbilgisini kavraman\u0131z\u0131 \u00f6nemli \u00f6l\u00e7\u00fcde art\u0131racakt\u0131r.<\/p>\n\n\n\n<h3 class=\"wp-block-heading\" id=\"h-4-verbs-structure-and-conjugation\">4. Fiiller: Yap\u0131 ve \u00c7ekim<\/h3>\n\n\n\n<p>Khmer fiilleri zaman, ki\u015fi veya say\u0131 i\u00e7in \u00e7ekimlenmez. Bunun yerine zaman ve g\u00f6r\u00fcn\u00fc\u015f, ilerici i\u00e7in \u1780\u17c6\u1796\u17bb\u1784, tamamlanm\u0131\u015f ge\u00e7mi\u015f i\u00e7in \u1794\u17b6\u1793 ve gelecek i\u00e7in \u1793\u17b9\u1784 gibi par\u00e7ac\u0131klar ve zarflarla ifade edilir. Ruh hali, kibar emirler i\u00e7in \u179f\u17bc\u1798 veya \u1785\u17bc\u179a ve yasaklar i\u00e7in \u1780\u17bb\u17c6 gibi kelimelerle belirtilebilir. Bu par\u00e7ac\u0131klar\u0131 ve yayg\u0131n seri fiil yap\u0131lar\u0131n\u0131 \u00f6\u011frenmek, Khmerce&#8217;de etkili ileti\u015fim kurma yetene\u011finizi geli\u015ftirecektir.<\/p>\n\n\n\n<h3 class=\"wp-block-heading\" id=\"h-5-adjectives-agreement-and-placement\">5. S\u0131fatlar: Anla\u015fma ve Yerle\u015ftirme<\/h3>\n\n\n\n<p>Khmer dilbilgisinde, s\u0131fatlar tipik olarak de\u011fi\u015ftirdikleri ismi takip eder ve say\u0131 veya cinsiyet a\u00e7\u0131s\u0131ndan uyu\u015fmazlar. Kar\u015f\u0131la\u015ft\u0131rmalar ve \u00fcst\u00fcnl\u00fckler analitik olarak olu\u015fturulur, genellikle kar\u015f\u0131la\u015ft\u0131rma i\u00e7in \u1787\u17b6\u1784 ve \u00fcst\u00fcnl\u00fckler i\u00e7in \u1787\u17b6\u1784\u1782\u17c1 veya \u1794\u17c6\u1795\u17bb\u178f kullan\u0131l\u0131r.<\/p>\n\n\n\n<p><strong>\u00d6rnekler:<\/strong><\/p>\n\n\n\n<p><strong>\u2013 \u179f\u17c1\u1785\u1780\u17d2\u178f\u17b8\u179f\u17d2\u179a\u17a1\u17b6\u1789\u17cb \u1792\u17c6 (b\u00fcy\u00fck a\u015fk)<\/strong><\/p>\n\n\n\n<p><strong>\u2013 \u1780\u17bc\u1793\u1780\u17d2\u1798\u17c1\u1784 \u178f\u17bc\u1785(k\u00fc\u00e7\u00fck \u00e7ocuklar)<\/strong><\/p>\n\n\n\n<h3 class=\"wp-block-heading\" id=\"h-6-engaging-with-the-language\">6. Dil ile \u0130lgi Kurmak<\/h3>\n\n\n\n<p>Khmer dilbilgisini tam olarak anlaman\u0131n ve i\u00e7selle\u015ftirmenin en etkili yolu, dille tutarl\u0131 bir \u015fekilde etkile\u015fim kurmakt\u0131r. Khmer edebiyat\u0131 okuyarak, Khmer filmleri veya televizyon dizileri izleyerek, Khmer m\u00fczi\u011fi dinleyerek ve anadili \u0130ngilizce olan ki\u015filerle aktif olarak ileti\u015fim kurarak, kelime da\u011farc\u0131\u011f\u0131n\u0131z\u0131 geni\u015fletirken gramer anlay\u0131\u015f\u0131n\u0131z\u0131 g\u00fc\u00e7lendireceksiniz.<\/p>\n\n\n\n<h3 class=\"wp-block-heading\" id=\"h-conclusion\">Sonu\u00e7<\/h3>\n\n\n\n<p>Khmer dilbilgisi karma\u015f\u0131k g\u00f6r\u00fcnse de, \u00f6zveri, pratik ve co\u015fku ile bu g\u00fczel dilde yetkin hale gelebilirsiniz. Temel kurallara odaklanarak ve farkl\u0131 ba\u011flamlarda dille etkile\u015fime ge\u00e7erek, Khmerce <a href=\"https:\/\/talkpal.ai\/tr\/dilbilgisi\/\">dilbilgisi becerilerinizi<\/a> h\u0131zla geli\u015ftireceksiniz. Khmer dili yolculu\u011funuzda Somnang laor (iyi \u015fanslar) ve Khmer dilbilgisinin esrarengiz ama b\u00fcy\u00fcleyici d\u00fcnyas\u0131n\u0131 \u00e7\u00f6zmenin tad\u0131n\u0131 \u00e7\u0131kar\u0131n!<\/p>\n<\/div><\/div>\n\r\n<section class=\"learnNavigationSection\">\r\n            \r\n        <a href=\"https:\/\/talkpal.ai\/tr\/khmer-ogrenin\/\">\r\n            <div class=\"learnNavigationWrapper\">\r\n                <div class=\"learnNavigationContent\">\r\n                    <img decoding=\"async\" src=\"https:\/\/talkpal.ai\/wp-content\/uploads\/2025\/11\/Khmer.png\" alt=\"Cambodian Flag\">\r\n                    <div>\r\n                        <h4>Khmer \u00d6\u011frenimi Hakk\u0131nda<\/h4>\r\n                        <p>Khmer Dilbilgisi hakk\u0131nda her \u015feyi \u00f6\u011frenin.<\/p>\r\n                    <\/div>\r\n                <\/div>\r\n            <\/div>\r\n        <\/a>\r\n\r\n        \r\n        <a href=\"https:\/\/talkpal.ai\/tr\/khmer-dilbilgisi-alistirmalari\/\">\r\n            <div class=\"learnNavigationWrapper\">\r\n                <div class=\"learnNavigationContent\">\r\n                    <img decoding=\"async\" src=\"https:\/\/talkpal.ai\/wp-content\/uploads\/2025\/11\/Khmer.png\" alt=\"Cambodian Flag\">\r\n                    <div>\r\n                        <h4>Khmer Dilbilgisi Al\u0131\u015ft\u0131rmas\u0131<\/h4>\r\n                        <p>Khmer dilbilgisi prati\u011fi yap\u0131n.<\/p>\r\n                    <\/div>\r\n                <\/div>\r\n            <\/div>\r\n        <\/a>\r\n\r\n            <\/section>","protected":false},"excerpt":{"rendered":"<p>Khmer Dilbilgisinin \u0130nceliklerinde Gezinmek Kambo\u00e7ya&#8217;n\u0131n ulusal dili ve derin bir edebi gelene\u011fe sahip \u00f6nemli bir Avustralasya dili olan Khmer, benzersiz gramer sistemini ke\u015ffetmeye istekli olanlar i\u00e7in heyecan verici bir dil deneyimi sunuyor. Khmer diyar\u0131na ad\u0131m att\u0131\u011f\u0131n\u0131zda, yaln\u0131zca dil repertuar\u0131n\u0131z\u0131 zenginle\u015ftirmekle kalmayacak, ayn\u0131 zamanda b\u00fcy\u00fcleyici bir k\u00fclt\u00fcrel yolculu\u011fu da kucaklayacaks\u0131n\u0131z. Khmer dilbilgisi ilk ba\u015fta yabanc\u0131 g\u00f6r\u00fcnse [&hellip;]<\/p>\n","protected":false},"author":20,"featured_media":0,"parent":0,"menu_order":0,"comment_status":"closed","ping_status":"closed","template":"LearningContentPage.php","meta":{"_acf_changed":false,"footnotes":""},"class_list":["post-1465292","page","type-page","status-publish","hentry"],"acf":[],"yoast_head":"<!-- This site is optimized with the Yoast SEO Premium plugin v27.2 (Yoast SEO v27.2) - https:\/\/yoast.com\/product\/yoast-seo-premium-wordpress\/ -->\n<title>Khmer Dilbilgisi - Talkpal<\/title>\n<meta name=\"description\" content=\"Kapsaml\u0131 dil \u00f6\u011frenme k\u0131lavuzumuzla alfabe, fonetik ve c\u00fcmle yap\u0131s\u0131 dahil olmak \u00fczere Khmer dilbilgisi temellerinde ustala\u015f\u0131n.\" \/>\n<meta name=\"robots\" content=\"index, follow, max-snippet:-1, max-image-preview:large, max-video-preview:-1\" \/>\n<link rel=\"canonical\" href=\"https:\/\/talkpal.ai\/tr\/khmer-dilbilgisi\/\" \/>\n<meta property=\"og:locale\" content=\"tr_TR\" \/>\n<meta property=\"og:type\" content=\"article\" \/>\n<meta property=\"og:title\" content=\"Khmer Dilbilgisi\" \/>\n<meta property=\"og:description\" content=\"Khmer Dilbilgisinin \u0130nceliklerinde Gezinmek Kambo\u00e7ya&#039;n\u0131n ulusal dili ve derin bir edebi gelene\u011fe sahip \u00f6nemli bir Avustralasya dili olan Khmer, benzersiz\" \/>\n<meta property=\"og:url\" content=\"https:\/\/talkpal.ai\/tr\/khmer-dilbilgisi\/\" \/>\n<meta property=\"og:site_name\" content=\"Talkpal\" \/>\n<meta property=\"article:publisher\" content=\"https:\/\/www.facebook.com\/profile.php?id=100090733639311\" \/>\n<meta property=\"article:modified_time\" content=\"2025-12-30T14:40:32+00:00\" \/>\n<meta property=\"og:image\" content=\"https:\/\/talkpal.ai\/wp-content\/uploads\/2025\/02\/Progress-tab-16_9.png\" \/>\n\t<meta property=\"og:image:width\" content=\"2880\" \/>\n\t<meta property=\"og:image:height\" content=\"1620\" \/>\n\t<meta property=\"og:image:type\" content=\"image\/png\" \/>\n<meta name=\"twitter:card\" content=\"summary_large_image\" \/>\n<meta name=\"twitter:site\" content=\"@talkpalai\" \/>\n<meta name=\"twitter:label1\" content=\"Tahmini okuma s\u00fcresi\" \/>\n\t<meta name=\"twitter:data1\" content=\"3 dakika\" \/>\n<script type=\"application\/ld+json\" class=\"yoast-schema-graph\">{\"@context\":\"https:\/\/schema.org\",\"@graph\":[{\"@type\":\"WebPage\",\"@id\":\"https:\/\/talkpal.ai\/tr\/khmer-dilbilgisi\/\",\"url\":\"https:\/\/talkpal.ai\/tr\/khmer-dilbilgisi\/\",\"name\":\"Khmer Dilbilgisi - Talkpal\",\"isPartOf\":{\"@id\":\"https:\/\/talkpal.ai\/tr\/#website\"},\"datePublished\":\"2025-11-12T11:25:16+00:00\",\"dateModified\":\"2025-12-30T14:40:32+00:00\",\"description\":\"Kapsaml\u0131 dil \u00f6\u011frenme k\u0131lavuzumuzla alfabe, fonetik ve c\u00fcmle yap\u0131s\u0131 dahil olmak \u00fczere Khmer dilbilgisi temellerinde ustala\u015f\u0131n.\",\"breadcrumb\":{\"@id\":\"https:\/\/talkpal.ai\/tr\/khmer-dilbilgisi\/#breadcrumb\"},\"inLanguage\":\"tr\",\"potentialAction\":[{\"@type\":\"ReadAction\",\"target\":[\"https:\/\/talkpal.ai\/tr\/khmer-dilbilgisi\/\"]}]},{\"@type\":\"BreadcrumbList\",\"@id\":\"https:\/\/talkpal.ai\/tr\/khmer-dilbilgisi\/#breadcrumb\",\"itemListElement\":[{\"@type\":\"ListItem\",\"position\":1,\"name\":\"Homepage\",\"item\":\"https:\/\/talkpal.ai\/tr\/\"},{\"@type\":\"ListItem\",\"position\":2,\"name\":\"Khmer Dilbilgisi\"}]},{\"@type\":\"WebSite\",\"@id\":\"https:\/\/talkpal.ai\/tr\/#website\",\"url\":\"https:\/\/talkpal.ai\/tr\/\",\"name\":\"Talkpal\",\"description\":\"AI Language Learning\",\"publisher\":{\"@id\":\"https:\/\/talkpal.ai\/tr\/#organization\"},\"alternateName\":\"Talkpal AI\",\"potentialAction\":[{\"@type\":\"SearchAction\",\"target\":{\"@type\":\"EntryPoint\",\"urlTemplate\":\"https:\/\/talkpal.ai\/tr\/?s={search_term_string}\"},\"query-input\":{\"@type\":\"PropertyValueSpecification\",\"valueRequired\":true,\"valueName\":\"search_term_string\"}}],\"inLanguage\":\"tr\"},{\"@type\":\"Organization\",\"@id\":\"https:\/\/talkpal.ai\/tr\/#organization\",\"name\":\"Talkpal, Inc.\",\"alternateName\":\"Talkpal AI\",\"url\":\"https:\/\/talkpal.ai\/tr\/\",\"logo\":{\"@type\":\"ImageObject\",\"inLanguage\":\"tr\",\"@id\":\"https:\/\/talkpal.ai\/tr\/#\/schema\/logo\/image\/\",\"url\":\"https:\/\/talkpal.ai\/wp-content\/uploads\/2024\/03\/Talkpal-Logo-Icon.png\",\"contentUrl\":\"https:\/\/talkpal.ai\/wp-content\/uploads\/2024\/03\/Talkpal-Logo-Icon.png\",\"width\":2880,\"height\":2880,\"caption\":\"Talkpal, Inc.\"},\"image\":{\"@id\":\"https:\/\/talkpal.ai\/tr\/#\/schema\/logo\/image\/\"},\"sameAs\":[\"https:\/\/www.facebook.com\/profile.php?id=100090733639311\",\"https:\/\/x.com\/talkpalai\",\"https:\/\/www.linkedin.com\/company\/talkpal\/\",\"https:\/\/www.youtube.com\/@TalkPal\/\",\"https:\/\/www.tiktok.com\/@talkpal\",\"https:\/\/www.instagram.com\/talkpal_ai\/\",\"https:\/\/www.crunchbase.com\/organization\/talkpal-9cde\",\"https:\/\/www.g2.com\/products\/talkpal-for-business\/\",\"https:\/\/www.trustpilot.com\/review\/talkpal.ai\",\"https:\/\/www.capterra.com\/p\/10006800\/TalkPal\/\"],\"description\":\"Talkpal is a language learning web and mobile education app, powered by the latest AI technologies, that provides engaging experiences to its customers in many different languages to help them improve their language skills. Users can chat about unlimited amount of topics with the app and use other modes to practice their language learning.\",\"email\":\"support@talkpal.ai\",\"legalName\":\"Talkpal, Inc.\",\"foundingDate\":\"2023-04-03\",\"duns\":\"118989042\",\"numberOfEmployees\":{\"@type\":\"QuantitativeValue\",\"minValue\":\"11\",\"maxValue\":\"50\"},\"publishingPrinciples\":\"https:\/\/talkpal.ai\/publishing-principles\/\",\"actionableFeedbackPolicy\":\"https:\/\/talkpal.ai\/actionable-feedback-policy\/\",\"correctionsPolicy\":\"https:\/\/talkpal.ai\/corrections-policy\/\",\"ethicsPolicy\":\"https:\/\/talkpal.ai\/ethics-policy\/\",\"diversityPolicy\":\"https:\/\/talkpal.ai\/diversity-policy\/\",\"diversityStaffingReport\":\"https:\/\/talkpal.ai\/diversity-policy\/\"}]}<\/script>\n<!-- \/ Yoast SEO Premium plugin. -->","yoast_head_json":{"title":"Khmer Dilbilgisi - Talkpal","description":"Kapsaml\u0131 dil \u00f6\u011frenme k\u0131lavuzumuzla alfabe, fonetik ve c\u00fcmle yap\u0131s\u0131 dahil olmak \u00fczere Khmer dilbilgisi temellerinde ustala\u015f\u0131n.","robots":{"index":"index","follow":"follow","max-snippet":"max-snippet:-1","max-image-preview":"max-image-preview:large","max-video-preview":"max-video-preview:-1"},"canonical":"https:\/\/talkpal.ai\/tr\/khmer-dilbilgisi\/","og_locale":"tr_TR","og_type":"article","og_title":"Khmer Dilbilgisi","og_description":"Khmer Dilbilgisinin \u0130nceliklerinde Gezinmek Kambo\u00e7ya'n\u0131n ulusal dili ve derin bir edebi gelene\u011fe sahip \u00f6nemli bir Avustralasya dili olan Khmer, benzersiz","og_url":"https:\/\/talkpal.ai\/tr\/khmer-dilbilgisi\/","og_site_name":"Talkpal","article_publisher":"https:\/\/www.facebook.com\/profile.php?id=100090733639311","article_modified_time":"2025-12-30T14:40:32+00:00","og_image":[{"width":2880,"height":1620,"url":"https:\/\/talkpal.ai\/wp-content\/uploads\/2025\/02\/Progress-tab-16_9.png","type":"image\/png"}],"twitter_card":"summary_large_image","twitter_site":"@talkpalai","twitter_misc":{"Tahmini okuma s\u00fcresi":"3 dakika"},"schema":{"@context":"https:\/\/schema.org","@graph":[{"@type":"WebPage","@id":"https:\/\/talkpal.ai\/tr\/khmer-dilbilgisi\/","url":"https:\/\/talkpal.ai\/tr\/khmer-dilbilgisi\/","name":"Khmer Dilbilgisi - Talkpal","isPartOf":{"@id":"https:\/\/talkpal.ai\/tr\/#website"},"datePublished":"2025-11-12T11:25:16+00:00","dateModified":"2025-12-30T14:40:32+00:00","description":"Kapsaml\u0131 dil \u00f6\u011frenme k\u0131lavuzumuzla alfabe, fonetik ve c\u00fcmle yap\u0131s\u0131 dahil olmak \u00fczere Khmer dilbilgisi temellerinde ustala\u015f\u0131n.","breadcrumb":{"@id":"https:\/\/talkpal.ai\/tr\/khmer-dilbilgisi\/#breadcrumb"},"inLanguage":"tr","potentialAction":[{"@type":"ReadAction","target":["https:\/\/talkpal.ai\/tr\/khmer-dilbilgisi\/"]}]},{"@type":"BreadcrumbList","@id":"https:\/\/talkpal.ai\/tr\/khmer-dilbilgisi\/#breadcrumb","itemListElement":[{"@type":"ListItem","position":1,"name":"Homepage","item":"https:\/\/talkpal.ai\/tr\/"},{"@type":"ListItem","position":2,"name":"Khmer Dilbilgisi"}]},{"@type":"WebSite","@id":"https:\/\/talkpal.ai\/tr\/#website","url":"https:\/\/talkpal.ai\/tr\/","name":"Talkpal","description":"AI Language Learning","publisher":{"@id":"https:\/\/talkpal.ai\/tr\/#organization"},"alternateName":"Talkpal AI","potentialAction":[{"@type":"SearchAction","target":{"@type":"EntryPoint","urlTemplate":"https:\/\/talkpal.ai\/tr\/?s={search_term_string}"},"query-input":{"@type":"PropertyValueSpecification","valueRequired":true,"valueName":"search_term_string"}}],"inLanguage":"tr"},{"@type":"Organization","@id":"https:\/\/talkpal.ai\/tr\/#organization","name":"Talkpal, Inc.","alternateName":"Talkpal AI","url":"https:\/\/talkpal.ai\/tr\/","logo":{"@type":"ImageObject","inLanguage":"tr","@id":"https:\/\/talkpal.ai\/tr\/#\/schema\/logo\/image\/","url":"https:\/\/talkpal.ai\/wp-content\/uploads\/2024\/03\/Talkpal-Logo-Icon.png","contentUrl":"https:\/\/talkpal.ai\/wp-content\/uploads\/2024\/03\/Talkpal-Logo-Icon.png","width":2880,"height":2880,"caption":"Talkpal, Inc."},"image":{"@id":"https:\/\/talkpal.ai\/tr\/#\/schema\/logo\/image\/"},"sameAs":["https:\/\/www.facebook.com\/profile.php?id=100090733639311","https:\/\/x.com\/talkpalai","https:\/\/www.linkedin.com\/company\/talkpal\/","https:\/\/www.youtube.com\/@TalkPal\/","https:\/\/www.tiktok.com\/@talkpal","https:\/\/www.instagram.com\/talkpal_ai\/","https:\/\/www.crunchbase.com\/organization\/talkpal-9cde","https:\/\/www.g2.com\/products\/talkpal-for-business\/","https:\/\/www.trustpilot.com\/review\/talkpal.ai","https:\/\/www.capterra.com\/p\/10006800\/TalkPal\/"],"description":"Talkpal is a language learning web and mobile education app, powered by the latest AI technologies, that provides engaging experiences to its customers in many different languages to help them improve their language skills. Users can chat about unlimited amount of topics with the app and use other modes to practice their language learning.","email":"support@talkpal.ai","legalName":"Talkpal, Inc.","foundingDate":"2023-04-03","duns":"118989042","numberOfEmployees":{"@type":"QuantitativeValue","minValue":"11","maxValue":"50"},"publishingPrinciples":"https:\/\/talkpal.ai\/publishing-principles\/","actionableFeedbackPolicy":"https:\/\/talkpal.ai\/actionable-feedback-policy\/","correctionsPolicy":"https:\/\/talkpal.ai\/corrections-policy\/","ethicsPolicy":"https:\/\/talkpal.ai\/ethics-policy\/","diversityPolicy":"https:\/\/talkpal.ai\/diversity-policy\/","diversityStaffingReport":"https:\/\/talkpal.ai\/diversity-policy\/"}]}},"_links":{"self":[{"href":"https:\/\/talkpal.ai\/tr\/wp-json\/wp\/v2\/pages\/1465292","targetHints":{"allow":["GET"]}}],"collection":[{"href":"https:\/\/talkpal.ai\/tr\/wp-json\/wp\/v2\/pages"}],"about":[{"href":"https:\/\/talkpal.ai\/tr\/wp-json\/wp\/v2\/types\/page"}],"author":[{"embeddable":true,"href":"https:\/\/talkpal.ai\/tr\/wp-json\/wp\/v2\/users\/20"}],"replies":[{"embeddable":true,"href":"https:\/\/talkpal.ai\/tr\/wp-json\/wp\/v2\/comments?post=1465292"}],"version-history":[{"count":0,"href":"https:\/\/talkpal.ai\/tr\/wp-json\/wp\/v2\/pages\/1465292\/revisions"}],"wp:attachment":[{"href":"https:\/\/talkpal.ai\/tr\/wp-json\/wp\/v2\/media?parent=1465292"}],"curies":[{"name":"wp","href":"https:\/\/api.w.org\/{rel}","templated":true}]}}