{"id":1465073,"date":"2025-11-12T17:11:45","date_gmt":"2025-11-12T17:11:45","guid":{"rendered":"https:\/\/talkpal.ai\/telugu-dilbilgisi\/"},"modified":"2025-12-30T11:55:19","modified_gmt":"2025-12-30T11:55:19","slug":"telugu-dilbilgisi","status":"publish","type":"page","link":"https:\/\/talkpal.ai\/tr\/telugu-dilbilgisi\/","title":{"rendered":"Telugu Dilbilgisi"},"content":{"rendered":"\r\n\r\n\r\n<section class=\"languageChallengeSection\">\r\n    <div class=\"languageInfoWrapper\">\r\n        \r\n        <h1>Telugu Dilbilgisi<\/h1>\r\n        <p><a href=\"https:\/\/talkpal.ai\/learn-telugu\/\">Telugu<\/a> dilbilgisi ilk ba\u015fta zor g\u00f6r\u00fcnebilir, ancak benzersiz \u00f6zellikleri dili \u00f6\u011frenmeyi \u00f6d\u00fcllendirici bir deneyim haline getirir. Alfabesini, mutasyonlar\u0131n\u0131 ve dilbilgisi kurallar\u0131n\u0131 ke\u015ffederek zengin bir dil gelene\u011fi hakk\u0131nda fikir sahibi olacaks\u0131n\u0131z. Yolculu\u011funuza ba\u015flay\u0131n ve Telugu&#039;nun g\u00fczelli\u011fini ke\u015ffedin!<\/p>\r\n\r\n                            <a class=\"getStartedHidden\" href=\"https:\/\/app.talkpal.ai\/tr\/signup?lng=\">Hadi ba\u015fla<\/a>\r\n        \r\n    <\/div>\r\n\r\n    <figure>\r\n    <img decoding=\"async\" width=\"768\" height=\"768\" src=\"https:\/\/talkpal.ai\/wp-content\/uploads\/2023\/06\/welsh-768x768.png\" class=\"languageImage no-lazy\" alt=\"Language learning for better cognitive abilities\" fetchpriority=\"high\" sizes=\"(max-width: 768px) 150px, 768px\" srcset=\"https:\/\/talkpal.ai\/wp-content\/uploads\/2023\/06\/welsh-768x768.png 768w, https:\/\/talkpal.ai\/wp-content\/uploads\/2023\/06\/welsh-300x300.png 300w\" \/>\r\n    \r\n\r\n    <\/figure>\r\n\r\n            <a class=\"getStartedVisible\" href=\"https:\/\/app.talkpal.ai\/tr\/signup?lng=\">Hadi ba\u015fla<\/a>\r\n    \r\n<\/section><section class=\"promotionalBanner\">\r\n    <p class=\"promotionalText\">Dil \u00f6\u011frenmenin en etkili yolu<\/p>\r\n    <a class=\"promotionalLink\" href=\"https:\/\/app.talkpal.ai\/tr\/signup?lng=\">Talkpal \u00fccretsiz deneyin<\/a>\r\n<\/section>\n<div class=\"wp-block-group pageContainerStyle\"><div class=\"wp-block-group__inner-container is-layout-constrained wp-block-group-is-layout-constrained\">\n<h2 class=\"wp-block-heading\" id=\"h-navigating-the-intricacies-of-telugu-grammar\">Telugu Dilbilgisinin \u0130nceliklerinde Gezinmek<\/h2>\n\n\n\n<p>Andhra Pradesh ve Telangana&#8217;da canl\u0131 bir edebi gelene\u011fe ve k\u00fclt\u00fcrel \u00f6neme sahip bir Dravid dili olan <a href=\"https:\/\/talkpal.ai\/tr\/telugu-ogrenin\/\">Telugu<\/a>, benzersiz gramer sistemini ke\u015ffetmeye istekli olanlar i\u00e7in heyecan verici bir dil deneyimi sunuyor. Telugu diyar\u0131na ad\u0131m att\u0131\u011f\u0131n\u0131zda, yaln\u0131zca dil repertuar\u0131n\u0131z\u0131 zenginle\u015ftirmekle kalmayacak, ayn\u0131 zamanda b\u00fcy\u00fcleyici bir k\u00fclt\u00fcrel yolculu\u011fu da kucaklayacaks\u0131n\u0131z. Telugu dilbilgisi ilk ba\u015fta karma\u015f\u0131k g\u00f6r\u00fcnse de, onu temel bile\u015fenlere ay\u0131rmak, dili \u00f6\u011frenmeyi daha ula\u015f\u0131labilir hale getirir. Bu yaz\u0131da, Telugu dilbilgisinin b\u00fcy\u00fcleyici d\u00fcnyas\u0131n\u0131 ke\u015ffedece\u011fiz ve karma\u015f\u0131kl\u0131klar\u0131nda nas\u0131l ustala\u015f\u0131laca\u011f\u0131na dair ipu\u00e7lar\u0131 verece\u011fiz.<\/p>\n\n\n\n<h3 class=\"wp-block-heading\" id=\"h-1-telugu-alphabet-and-phonetics\">1. Telugu Alfabesi ve Fonetik<\/h3>\n\n\n\n<p>Telugu alfabesinde 16 sesli harf ve 36 \u00fcns\u00fcz\u00fcn yan\u0131 s\u0131ra anusvara ve visarga gibi i\u015faretler bulunur. \u00dcns\u00fcz sembollerin, gunintalu ad\u0131 verilen sesli harf aksanlar\u0131 taraf\u0131ndan de\u011fi\u015ftirilebilen do\u011fal bir sesli harf ta\u015f\u0131d\u0131\u011f\u0131 bir abugida&#8217;d\u0131r. Telugu foneti\u011fi, net uzun-k\u0131sa sesli harf kontrastlar\u0131 ve bir dizi retrofleks \u00fcns\u00fcz i\u00e7erir. Telugu dilbilgisini \u00f6\u011frenmek i\u00e7in, Telugu dilinde okuma ve yazma prati\u011fi yaparak bu ay\u0131rt edici yaz\u0131 sistemine a\u015fina olmak \u00e7ok \u00f6nemlidir.<\/p>\n\n\n\n<h3 class=\"wp-block-heading\" id=\"h-2-sandhi-and-assimilation-a-notable-telugu-feature\">2. Sandhi ve Asimilasyon: \u00d6nemli Bir Telugu \u00d6zelli\u011fi<\/h3>\n\n\n\n<p>Telugu dilbilgisinin en \u00e7arp\u0131c\u0131 y\u00f6nlerinden biri, seslerin kelime ve morfem s\u0131n\u0131rlar\u0131nda de\u011fi\u015fmesine neden olan sandhi ve fonolojik asimilasyonun kullan\u0131lmas\u0131d\u0131r. \u00dcnl\u00fcler birle\u015febilir veya uzayabilir ve \u00fcns\u00fczler asimile olabilir veya ikizler olabilir. Hem konu\u015fma hem de yaz\u0131mda bu de\u011fi\u015fikliklerin ne zaman ve nas\u0131l meydana geldi\u011fini anlamak, Telugu dilinde do\u011fru ileti\u015fim i\u00e7in hayati \u00f6neme sahiptir.<\/p>\n\n\n\n<h3 class=\"wp-block-heading\" id=\"h-3-nouns-and-pronouns-gender-and-cases\">3. \u0130simler ve Zamirler: Cinsiyet ve Durumlar<\/h3>\n\n\n\n<p>Telugu isimleri, baz\u0131 Hint-Avrupa dillerinde oldu\u011fu gibi gramer cinsiyeti i\u00e7in i\u015faretlenmemi\u015ftir, ancak uyum, eril, di\u015fil ve n\u00f6tr\u00fc \u00fc\u00e7\u00fcnc\u00fc \u015fah\u0131sta ay\u0131ran fiillere ve zamirlere yans\u0131r. \u00c7o\u011fullar genellikle -lu son ekiyle olu\u015fturulur, ancak kal\u0131plar isim s\u0131n\u0131f\u0131na g\u00f6re de\u011fi\u015fir. Telugu, akuzatif -ni, datif -ki veya -ku, tamlayan -di veya -yokka, enstr\u00fcmantal -to, yer belirleyici -lo ve ablatif -nundi gibi ili\u015fkileri i\u015faretlemek i\u00e7in durum son eklerini kullan\u0131r. Zamirler aras\u0131nda ki\u015fisel (nenu, nuvvu, meeru, atanu, ame, adi), iyelik (naa, nee, maa, me), d\u00f6n\u00fc\u015fl\u00fc (\u00e7e\u015fitli i\u015flevlerde tanu), g\u00f6sterici (idi, adi, ivvi, avi) ve soru (emi, evaru, \u0113di) bulunur. Bu formlara a\u015fina olmak, Telugu dilbilgisi kavray\u0131\u015f\u0131n\u0131z\u0131 \u00f6nemli \u00f6l\u00e7\u00fcde art\u0131racakt\u0131r.<\/p>\n\n\n\n<h3 class=\"wp-block-heading\" id=\"h-4-verbs-structure-and-conjugation\">4. Fiiller: Yap\u0131 ve \u00c7ekim<\/h3>\n\n\n\n<p>Telugu fiilleri sondan eklemeli ve ki\u015fi, say\u0131 ve genellikle cinsiyet i\u00e7in \u00e7ekimlidir ve zaman, g\u00f6r\u00fcn\u00fc\u015f, ruh hali ve nezaket i\u00e7in ek i\u015faretler i\u00e7erir. Ortak zamanlar ve y\u00f6nler aras\u0131nda ge\u00e7mi\u015f, gelecek ve yayg\u0131n olarak kullan\u0131lan \u015fimdiki zaman ilerici -tunn- bi\u00e7imlerinde yer al\u0131r. Ruh hali emir ve ko\u015fullu formlarla ifade edilir ve nezaket seviyeleri -andi gibi sayg\u0131l\u0131 sonlarla i\u015faretlenir. Fiil k\u00f6klerini ve \u00e7ekim kal\u0131plar\u0131n\u0131 \u00f6\u011frenmek, Telugu dilinde etkili ileti\u015fim kurma yetene\u011finizi geli\u015ftirecektir.<\/p>\n\n\n\n<h3 class=\"wp-block-heading\" id=\"h-5-adjectives-agreement-and-placement\">5. S\u0131fatlar: Anla\u015fma ve Yerle\u015ftirme<\/h3>\n\n\n\n<p>Telugu dilbilgisinde, s\u0131fatlar tipik olarak de\u011fi\u015ftirdikleri isimden \u00f6nce gelir ve genellikle say\u0131 veya cinsiyet i\u00e7in bi\u00e7im de\u011fi\u015ftirmezler. Kat\u0131l\u0131mc\u0131 s\u0131fatlar ve \u00f6d\u00fcn\u00e7 al\u0131nan belirli formlar ek morfoloji g\u00f6sterebilir ve kar\u015f\u0131la\u015ft\u0131rma genellikle daha fazlas\u0131 i\u00e7in inka ve \u00e7o\u011fu i\u00e7in atyantha veya ch\u0101la gibi kelimeler kullan\u0131larak analitik olarak ifade edilir ve kanna i\u015faretleme kar\u015f\u0131la\u015ft\u0131rmas\u0131 yap\u0131l\u0131r. Bu kal\u0131plar, daha do\u011fal ileti\u015fim kurmay\u0131 \u00f6\u011frenmek i\u00e7in gereklidir.<\/p>\n\n\n\n<p><strong>\u00d6rnekler:<\/strong><\/p>\n\n\n\n<p><strong>\u2013 Pedda Prema (B\u00fcy\u00fck A\u015fk)<\/strong><\/p>\n\n\n\n<p><strong>\u2013 Chinna pillalu (k\u00fc\u00e7\u00fck \u00e7ocuklar)<\/strong><\/p>\n\n\n\n<h3 class=\"wp-block-heading\" id=\"h-6-engaging-with-the-language\">6. Dil ile \u0130lgi Kurmak<\/h3>\n\n\n\n<p>Telugu dilbilgisini tam olarak anlaman\u0131n ve i\u00e7selle\u015ftirmenin en etkili yolu, dille tutarl\u0131 bir \u015fekilde etkile\u015fim kurmakt\u0131r. Telugu edebiyat\u0131 okuyarak, Telugu filmleri veya televizyon dizileri izleyerek ve anadili \u0130ngilizce olan ki\u015filerle aktif olarak ileti\u015fim kurarak, kelime da\u011farc\u0131\u011f\u0131n\u0131z\u0131 geni\u015fletirken dilbilgisi anlay\u0131\u015f\u0131n\u0131z\u0131 g\u00fc\u00e7lendireceksiniz.<\/p>\n\n\n\n<h3 class=\"wp-block-heading\" id=\"h-conclusion\">Sonu\u00e7<\/h3>\n\n\n\n<p>Telugu dilbilgisi karma\u015f\u0131k g\u00f6r\u00fcnse de, \u00f6zveri, pratik ve co\u015fku ile bu g\u00fczel dilde yetkin hale gelebilirsiniz. Temel kurallara odaklanarak ve farkl\u0131 ba\u011flamlarda dille etkile\u015fim kurarak, Telugu <a href=\"https:\/\/talkpal.ai\/tr\/dilbilgisi\/\">dilbilgisi becerilerinizi<\/a> h\u0131zla geli\u015ftireceksiniz. Telugu dili yolculu\u011funuzla Shubhakankshalu (en iyi dileklerimle) ve Telugu dilbilgisinin zengin ve b\u00fcy\u00fcleyici d\u00fcnyas\u0131n\u0131 \u00e7\u00f6zmenin tad\u0131n\u0131 \u00e7\u0131kar\u0131n!<\/p>\n<\/div><\/div>\n\r\n<section class=\"learnNavigationSection\">\r\n            \r\n        <a href=\"https:\/\/talkpal.ai\/tr\/telugu-ogrenin\/\">\r\n            <div class=\"learnNavigationWrapper\">\r\n                <div class=\"learnNavigationContent\">\r\n                    <img decoding=\"async\" src=\"https:\/\/talkpal.ai\/wp-content\/uploads\/2025\/11\/Telugu.png\" alt=\"Indian Simplified Flag\">\r\n                    <div>\r\n                        <h4>Telugu \u00d6\u011frenme Hakk\u0131nda<\/h4>\r\n                        <p>Telugu Dilbilgisi hakk\u0131nda her \u015feyi \u00f6\u011frenin.<\/p>\r\n                    <\/div>\r\n                <\/div>\r\n            <\/div>\r\n        <\/a>\r\n\r\n        \r\n        <a href=\"https:\/\/talkpal.ai\/tr\/telugu-dilbilgisi-alistirmalari\/\">\r\n            <div class=\"learnNavigationWrapper\">\r\n                <div class=\"learnNavigationContent\">\r\n                    <img decoding=\"async\" src=\"https:\/\/talkpal.ai\/wp-content\/uploads\/2025\/11\/Telugu.png\" alt=\"Indian Simplified Flag\">\r\n                    <div>\r\n                        <h4>Telugu Dilbilgisi Al\u0131\u015ft\u0131rmas\u0131<\/h4>\r\n                        <p>Telugu dilbilgisi prati\u011fi yap\u0131n.<\/p>\r\n                    <\/div>\r\n                <\/div>\r\n            <\/div>\r\n        <\/a>\r\n\r\n            <\/section>","protected":false},"excerpt":{"rendered":"<p>Telugu Dilbilgisinin \u0130nceliklerinde Gezinmek Andhra Pradesh ve Telangana&#8217;da canl\u0131 bir edebi gelene\u011fe ve k\u00fclt\u00fcrel \u00f6neme sahip bir Dravid dili olan Telugu, benzersiz gramer sistemini ke\u015ffetmeye istekli olanlar i\u00e7in heyecan verici bir dil deneyimi sunuyor. Telugu diyar\u0131na ad\u0131m att\u0131\u011f\u0131n\u0131zda, yaln\u0131zca dil repertuar\u0131n\u0131z\u0131 zenginle\u015ftirmekle kalmayacak, ayn\u0131 zamanda b\u00fcy\u00fcleyici bir k\u00fclt\u00fcrel yolculu\u011fu da kucaklayacaks\u0131n\u0131z. Telugu dilbilgisi ilk ba\u015fta [&hellip;]<\/p>\n","protected":false},"author":20,"featured_media":0,"parent":0,"menu_order":0,"comment_status":"closed","ping_status":"closed","template":"LearningContentPage.php","meta":{"_acf_changed":false,"footnotes":""},"class_list":["post-1465073","page","type-page","status-publish","hentry"],"acf":[],"yoast_head":"<!-- This site is optimized with the Yoast SEO Premium plugin v27.2 (Yoast SEO v27.2) - https:\/\/yoast.com\/product\/yoast-seo-premium-wordpress\/ -->\n<title>Telugu Dilbilgisi - Talkpal<\/title>\n<meta name=\"description\" content=\"Kapsaml\u0131 rehberimiz ve interaktif al\u0131\u015ft\u0131rmalar\u0131m\u0131zla sandhi, haller ve fiil \u00e7ekimleri dahil olmak \u00fczere Telugu dilbilgisi kurallar\u0131nda ustala\u015f\u0131n.\" \/>\n<meta name=\"robots\" content=\"index, follow, max-snippet:-1, max-image-preview:large, max-video-preview:-1\" \/>\n<link rel=\"canonical\" href=\"https:\/\/talkpal.ai\/tr\/telugu-dilbilgisi\/\" \/>\n<meta property=\"og:locale\" content=\"tr_TR\" \/>\n<meta property=\"og:type\" content=\"article\" \/>\n<meta property=\"og:title\" content=\"Telugu Dilbilgisi\" \/>\n<meta property=\"og:description\" content=\"Telugu Dilbilgisinin \u0130nceliklerinde Gezinmek Andhra Pradesh ve Telangana&#039;da canl\u0131 bir edebi gelene\u011fe ve k\u00fclt\u00fcrel \u00f6neme sahip bir Dravid dili olan Telugu,\" \/>\n<meta property=\"og:url\" content=\"https:\/\/talkpal.ai\/tr\/telugu-dilbilgisi\/\" \/>\n<meta property=\"og:site_name\" content=\"Talkpal\" \/>\n<meta property=\"article:publisher\" content=\"https:\/\/www.facebook.com\/profile.php?id=100090733639311\" \/>\n<meta property=\"article:modified_time\" content=\"2025-12-30T11:55:19+00:00\" \/>\n<meta property=\"og:image\" content=\"https:\/\/talkpal.ai\/wp-content\/uploads\/2025\/02\/Progress-tab-16_9.png\" \/>\n\t<meta property=\"og:image:width\" content=\"2880\" \/>\n\t<meta property=\"og:image:height\" content=\"1620\" \/>\n\t<meta property=\"og:image:type\" content=\"image\/png\" \/>\n<meta name=\"twitter:card\" content=\"summary_large_image\" \/>\n<meta name=\"twitter:site\" content=\"@talkpalai\" \/>\n<meta name=\"twitter:label1\" content=\"Tahmini okuma s\u00fcresi\" \/>\n\t<meta name=\"twitter:data1\" content=\"4 dakika\" \/>\n<script type=\"application\/ld+json\" class=\"yoast-schema-graph\">{\"@context\":\"https:\/\/schema.org\",\"@graph\":[{\"@type\":\"WebPage\",\"@id\":\"https:\/\/talkpal.ai\/tr\/telugu-dilbilgisi\/\",\"url\":\"https:\/\/talkpal.ai\/tr\/telugu-dilbilgisi\/\",\"name\":\"Telugu Dilbilgisi - Talkpal\",\"isPartOf\":{\"@id\":\"https:\/\/talkpal.ai\/tr\/#website\"},\"datePublished\":\"2025-11-12T17:11:45+00:00\",\"dateModified\":\"2025-12-30T11:55:19+00:00\",\"description\":\"Kapsaml\u0131 rehberimiz ve interaktif al\u0131\u015ft\u0131rmalar\u0131m\u0131zla sandhi, haller ve fiil \u00e7ekimleri dahil olmak \u00fczere Telugu dilbilgisi kurallar\u0131nda ustala\u015f\u0131n.\",\"breadcrumb\":{\"@id\":\"https:\/\/talkpal.ai\/tr\/telugu-dilbilgisi\/#breadcrumb\"},\"inLanguage\":\"tr\",\"potentialAction\":[{\"@type\":\"ReadAction\",\"target\":[\"https:\/\/talkpal.ai\/tr\/telugu-dilbilgisi\/\"]}]},{\"@type\":\"BreadcrumbList\",\"@id\":\"https:\/\/talkpal.ai\/tr\/telugu-dilbilgisi\/#breadcrumb\",\"itemListElement\":[{\"@type\":\"ListItem\",\"position\":1,\"name\":\"Homepage\",\"item\":\"https:\/\/talkpal.ai\/tr\/\"},{\"@type\":\"ListItem\",\"position\":2,\"name\":\"Telugu Dilbilgisi\"}]},{\"@type\":\"WebSite\",\"@id\":\"https:\/\/talkpal.ai\/tr\/#website\",\"url\":\"https:\/\/talkpal.ai\/tr\/\",\"name\":\"Talkpal\",\"description\":\"AI Language Learning\",\"publisher\":{\"@id\":\"https:\/\/talkpal.ai\/tr\/#organization\"},\"alternateName\":\"Talkpal AI\",\"potentialAction\":[{\"@type\":\"SearchAction\",\"target\":{\"@type\":\"EntryPoint\",\"urlTemplate\":\"https:\/\/talkpal.ai\/tr\/?s={search_term_string}\"},\"query-input\":{\"@type\":\"PropertyValueSpecification\",\"valueRequired\":true,\"valueName\":\"search_term_string\"}}],\"inLanguage\":\"tr\"},{\"@type\":\"Organization\",\"@id\":\"https:\/\/talkpal.ai\/tr\/#organization\",\"name\":\"Talkpal, Inc.\",\"alternateName\":\"Talkpal AI\",\"url\":\"https:\/\/talkpal.ai\/tr\/\",\"logo\":{\"@type\":\"ImageObject\",\"inLanguage\":\"tr\",\"@id\":\"https:\/\/talkpal.ai\/tr\/#\/schema\/logo\/image\/\",\"url\":\"https:\/\/talkpal.ai\/wp-content\/uploads\/2024\/03\/Talkpal-Logo-Icon.png\",\"contentUrl\":\"https:\/\/talkpal.ai\/wp-content\/uploads\/2024\/03\/Talkpal-Logo-Icon.png\",\"width\":2880,\"height\":2880,\"caption\":\"Talkpal, Inc.\"},\"image\":{\"@id\":\"https:\/\/talkpal.ai\/tr\/#\/schema\/logo\/image\/\"},\"sameAs\":[\"https:\/\/www.facebook.com\/profile.php?id=100090733639311\",\"https:\/\/x.com\/talkpalai\",\"https:\/\/www.linkedin.com\/company\/talkpal\/\",\"https:\/\/www.youtube.com\/@TalkPal\/\",\"https:\/\/www.tiktok.com\/@talkpal\",\"https:\/\/www.instagram.com\/talkpal_ai\/\",\"https:\/\/www.crunchbase.com\/organization\/talkpal-9cde\",\"https:\/\/www.g2.com\/products\/talkpal-for-business\/\",\"https:\/\/www.trustpilot.com\/review\/talkpal.ai\",\"https:\/\/www.capterra.com\/p\/10006800\/TalkPal\/\"],\"description\":\"Talkpal is a language learning web and mobile education app, powered by the latest AI technologies, that provides engaging experiences to its customers in many different languages to help them improve their language skills. Users can chat about unlimited amount of topics with the app and use other modes to practice their language learning.\",\"email\":\"support@talkpal.ai\",\"legalName\":\"Talkpal, Inc.\",\"foundingDate\":\"2023-04-03\",\"duns\":\"118989042\",\"numberOfEmployees\":{\"@type\":\"QuantitativeValue\",\"minValue\":\"11\",\"maxValue\":\"50\"},\"publishingPrinciples\":\"https:\/\/talkpal.ai\/publishing-principles\/\",\"actionableFeedbackPolicy\":\"https:\/\/talkpal.ai\/actionable-feedback-policy\/\",\"correctionsPolicy\":\"https:\/\/talkpal.ai\/corrections-policy\/\",\"ethicsPolicy\":\"https:\/\/talkpal.ai\/ethics-policy\/\",\"diversityPolicy\":\"https:\/\/talkpal.ai\/diversity-policy\/\",\"diversityStaffingReport\":\"https:\/\/talkpal.ai\/diversity-policy\/\"}]}<\/script>\n<!-- \/ Yoast SEO Premium plugin. -->","yoast_head_json":{"title":"Telugu Dilbilgisi - Talkpal","description":"Kapsaml\u0131 rehberimiz ve interaktif al\u0131\u015ft\u0131rmalar\u0131m\u0131zla sandhi, haller ve fiil \u00e7ekimleri dahil olmak \u00fczere Telugu dilbilgisi kurallar\u0131nda ustala\u015f\u0131n.","robots":{"index":"index","follow":"follow","max-snippet":"max-snippet:-1","max-image-preview":"max-image-preview:large","max-video-preview":"max-video-preview:-1"},"canonical":"https:\/\/talkpal.ai\/tr\/telugu-dilbilgisi\/","og_locale":"tr_TR","og_type":"article","og_title":"Telugu Dilbilgisi","og_description":"Telugu Dilbilgisinin \u0130nceliklerinde Gezinmek Andhra Pradesh ve Telangana'da canl\u0131 bir edebi gelene\u011fe ve k\u00fclt\u00fcrel \u00f6neme sahip bir Dravid dili olan Telugu,","og_url":"https:\/\/talkpal.ai\/tr\/telugu-dilbilgisi\/","og_site_name":"Talkpal","article_publisher":"https:\/\/www.facebook.com\/profile.php?id=100090733639311","article_modified_time":"2025-12-30T11:55:19+00:00","og_image":[{"width":2880,"height":1620,"url":"https:\/\/talkpal.ai\/wp-content\/uploads\/2025\/02\/Progress-tab-16_9.png","type":"image\/png"}],"twitter_card":"summary_large_image","twitter_site":"@talkpalai","twitter_misc":{"Tahmini okuma s\u00fcresi":"4 dakika"},"schema":{"@context":"https:\/\/schema.org","@graph":[{"@type":"WebPage","@id":"https:\/\/talkpal.ai\/tr\/telugu-dilbilgisi\/","url":"https:\/\/talkpal.ai\/tr\/telugu-dilbilgisi\/","name":"Telugu Dilbilgisi - Talkpal","isPartOf":{"@id":"https:\/\/talkpal.ai\/tr\/#website"},"datePublished":"2025-11-12T17:11:45+00:00","dateModified":"2025-12-30T11:55:19+00:00","description":"Kapsaml\u0131 rehberimiz ve interaktif al\u0131\u015ft\u0131rmalar\u0131m\u0131zla sandhi, haller ve fiil \u00e7ekimleri dahil olmak \u00fczere Telugu dilbilgisi kurallar\u0131nda ustala\u015f\u0131n.","breadcrumb":{"@id":"https:\/\/talkpal.ai\/tr\/telugu-dilbilgisi\/#breadcrumb"},"inLanguage":"tr","potentialAction":[{"@type":"ReadAction","target":["https:\/\/talkpal.ai\/tr\/telugu-dilbilgisi\/"]}]},{"@type":"BreadcrumbList","@id":"https:\/\/talkpal.ai\/tr\/telugu-dilbilgisi\/#breadcrumb","itemListElement":[{"@type":"ListItem","position":1,"name":"Homepage","item":"https:\/\/talkpal.ai\/tr\/"},{"@type":"ListItem","position":2,"name":"Telugu Dilbilgisi"}]},{"@type":"WebSite","@id":"https:\/\/talkpal.ai\/tr\/#website","url":"https:\/\/talkpal.ai\/tr\/","name":"Talkpal","description":"AI Language Learning","publisher":{"@id":"https:\/\/talkpal.ai\/tr\/#organization"},"alternateName":"Talkpal AI","potentialAction":[{"@type":"SearchAction","target":{"@type":"EntryPoint","urlTemplate":"https:\/\/talkpal.ai\/tr\/?s={search_term_string}"},"query-input":{"@type":"PropertyValueSpecification","valueRequired":true,"valueName":"search_term_string"}}],"inLanguage":"tr"},{"@type":"Organization","@id":"https:\/\/talkpal.ai\/tr\/#organization","name":"Talkpal, Inc.","alternateName":"Talkpal AI","url":"https:\/\/talkpal.ai\/tr\/","logo":{"@type":"ImageObject","inLanguage":"tr","@id":"https:\/\/talkpal.ai\/tr\/#\/schema\/logo\/image\/","url":"https:\/\/talkpal.ai\/wp-content\/uploads\/2024\/03\/Talkpal-Logo-Icon.png","contentUrl":"https:\/\/talkpal.ai\/wp-content\/uploads\/2024\/03\/Talkpal-Logo-Icon.png","width":2880,"height":2880,"caption":"Talkpal, Inc."},"image":{"@id":"https:\/\/talkpal.ai\/tr\/#\/schema\/logo\/image\/"},"sameAs":["https:\/\/www.facebook.com\/profile.php?id=100090733639311","https:\/\/x.com\/talkpalai","https:\/\/www.linkedin.com\/company\/talkpal\/","https:\/\/www.youtube.com\/@TalkPal\/","https:\/\/www.tiktok.com\/@talkpal","https:\/\/www.instagram.com\/talkpal_ai\/","https:\/\/www.crunchbase.com\/organization\/talkpal-9cde","https:\/\/www.g2.com\/products\/talkpal-for-business\/","https:\/\/www.trustpilot.com\/review\/talkpal.ai","https:\/\/www.capterra.com\/p\/10006800\/TalkPal\/"],"description":"Talkpal is a language learning web and mobile education app, powered by the latest AI technologies, that provides engaging experiences to its customers in many different languages to help them improve their language skills. Users can chat about unlimited amount of topics with the app and use other modes to practice their language learning.","email":"support@talkpal.ai","legalName":"Talkpal, Inc.","foundingDate":"2023-04-03","duns":"118989042","numberOfEmployees":{"@type":"QuantitativeValue","minValue":"11","maxValue":"50"},"publishingPrinciples":"https:\/\/talkpal.ai\/publishing-principles\/","actionableFeedbackPolicy":"https:\/\/talkpal.ai\/actionable-feedback-policy\/","correctionsPolicy":"https:\/\/talkpal.ai\/corrections-policy\/","ethicsPolicy":"https:\/\/talkpal.ai\/ethics-policy\/","diversityPolicy":"https:\/\/talkpal.ai\/diversity-policy\/","diversityStaffingReport":"https:\/\/talkpal.ai\/diversity-policy\/"}]}},"_links":{"self":[{"href":"https:\/\/talkpal.ai\/tr\/wp-json\/wp\/v2\/pages\/1465073","targetHints":{"allow":["GET"]}}],"collection":[{"href":"https:\/\/talkpal.ai\/tr\/wp-json\/wp\/v2\/pages"}],"about":[{"href":"https:\/\/talkpal.ai\/tr\/wp-json\/wp\/v2\/types\/page"}],"author":[{"embeddable":true,"href":"https:\/\/talkpal.ai\/tr\/wp-json\/wp\/v2\/users\/20"}],"replies":[{"embeddable":true,"href":"https:\/\/talkpal.ai\/tr\/wp-json\/wp\/v2\/comments?post=1465073"}],"version-history":[{"count":0,"href":"https:\/\/talkpal.ai\/tr\/wp-json\/wp\/v2\/pages\/1465073\/revisions"}],"wp:attachment":[{"href":"https:\/\/talkpal.ai\/tr\/wp-json\/wp\/v2\/media?parent=1465073"}],"curies":[{"name":"wp","href":"https:\/\/api.w.org\/{rel}","templated":true}]}}