{"id":1465046,"date":"2025-11-12T17:00:53","date_gmt":"2025-11-12T17:00:53","guid":{"rendered":"https:\/\/talkpal.ai\/somalice-dilbilgisi-alistirmalari\/"},"modified":"2025-12-30T11:13:57","modified_gmt":"2025-12-30T11:13:57","slug":"somalice-dilbilgisi-alistirmalari","status":"publish","type":"page","link":"https:\/\/talkpal.ai\/tr\/somalice-dilbilgisi-alistirmalari\/","title":{"rendered":"Somalice Dilbilgisi Al\u0131\u015ft\u0131rmalar\u0131"},"content":{"rendered":"\r\n\r\n\r\n<section class=\"languageChallengeSection\">\r\n    <div class=\"languageInfoWrapper\">\r\n        \r\n        <h1>Somalice Dilbilgisi Al\u0131\u015ft\u0131rmalar\u0131<\/h1>\r\n        <p>Somalice dilbilgisine dalmaya haz\u0131r m\u0131s\u0131n\u0131z? Birka\u00e7 temel pratik yapmak, bu e\u015fsiz ve g\u00fczel dile al\u0131\u015fman\u0131za yard\u0131mc\u0131 olacakt\u0131r. Kendinize g\u00fcveninizi art\u0131rmak ve bu arada biraz e\u011flenmek i\u00e7in bu egzersizleri deneyin!<\/p>\r\n\r\n                            <a class=\"getStartedHidden\" href=\"https:\/\/app.talkpal.ai\/tr\/signup?lng=\">Hadi ba\u015fla<\/a>\r\n        \r\n    <\/div>\r\n\r\n    <figure>\r\n    <img decoding=\"async\" width=\"768\" height=\"768\" src=\"https:\/\/talkpal.ai\/wp-content\/uploads\/2023\/06\/welsh-768x768.png\" class=\"languageImage no-lazy\" alt=\"Language learning for better cognitive abilities\" fetchpriority=\"high\" sizes=\"(max-width: 768px) 150px, 768px\" srcset=\"https:\/\/talkpal.ai\/wp-content\/uploads\/2023\/06\/welsh-768x768.png 768w, https:\/\/talkpal.ai\/wp-content\/uploads\/2023\/06\/welsh-300x300.png 300w\" \/>\r\n    \r\n\r\n    <\/figure>\r\n\r\n            <a class=\"getStartedVisible\" href=\"https:\/\/app.talkpal.ai\/tr\/signup?lng=\">Hadi ba\u015fla<\/a>\r\n    \r\n<\/section><section class=\"promotionalBanner\">\r\n    <p class=\"promotionalText\">Dil \u00f6\u011frenmenin en etkili yolu<\/p>\r\n    <a class=\"promotionalLink\" href=\"https:\/\/app.talkpal.ai\/tr\/signup?lng=\">Talkpal \u00fccretsiz deneyin<\/a>\r\n<\/section>\n<div class=\"wp-block-group pageContainerStyle\"><div class=\"wp-block-group__inner-container is-layout-constrained wp-block-group-is-layout-constrained\">\n<h2 class=\"wp-block-heading\" id=\"h-somali-grammar-topics\">Somalice Dilbilgisi Konular\u0131<\/h2>\n\n\n\n<p><a href=\"https:\/\/talkpal.ai\/tr\/yeni-bir-dil-ogrenirken-kacinilmasi-gereken-en-buyuk-hatalar\/\">Yeni bir dil \u00f6\u011frenmek<\/a> zorlu <a href=\"https:\/\/talkpal.ai\/locations\/language-courses-in-ama\/\">ama<\/a> \u00f6d\u00fcllendirici bir \u00e7aba olabilir. Esas olarak Somali&#8217;de ve Afrika Boynuzu ile diasporada konu\u015fulan bir Cushitic dili olan <a href=\"https:\/\/talkpal.ai\/learn-somali\/\">Somali<\/a> de bir istisna de\u011fildir. E\u015fsiz \u00f6zellikleri ve yap\u0131lar\u0131 ile Somalice <a href=\"https:\/\/talkpal.ai\/tr\/egitim-icin-talkpal\/\">\u00f6\u011frenmek<\/a> , dilbilgisini anlamak i\u00e7in sistematik bir yakla\u015f\u0131m gerektirir. Bu k\u0131lavuz,<a href=\"https:\/\/talkpal.ai\/tr\/somalice-dilbilgisi\/\"> Somalice dilbilgisinin<\/a> temel alanlar\u0131n\u0131, isimler ve artikeller gibi temel bilgilerden ba\u015flayarak ve zamanlar ve c\u00fcmle yap\u0131s\u0131 gibi daha karma\u015f\u0131k alanlara ilerleyerek <a href=\"https:\/\/talkpal.ai\/tr\/egitim-icin-talkpal\/\">dil \u00f6\u011frenimi<\/a> i\u00e7in mant\u0131ksal bir s\u0131rayla \u00f6zetlemektedir.<\/p>\n\n\n\n<h3 class=\"wp-block-heading\" id=\"h-1-nouns\">1. \u0130simler:<\/h3>\n\n\n\n<p>Somali dili yolculu\u011funuza isimleri \u00f6\u011frenerek ba\u015flay\u0131n. Bu, ortak ve \u00f6zel isimler gibi farkl\u0131 isim kategorilerini, gramer cinsiyetlerini ve ortak son ekler ve d\u00fczensiz kal\u0131plarla \u00e7o\u011ful bi\u00e7imlerini anlamay\u0131 i\u00e7erir.<\/p>\n\n\n\n<h3 class=\"wp-block-heading\" id=\"h-2-articles\">2. Makaleler:<\/h3>\n\n\n\n<p>Somali dilindeki makaleler <a href=\"https:\/\/talkpal.ai\/ai-english-speaking-practice\/\">\u0130ngilizce&#8217;den<\/a> farkl\u0131 kullan\u0131l\u0131r. Somalice belirli bir artikel, tipik olarak -ka veya -ta ve -ga veya -da gibi belirli bir artikel kullan\u0131rken, bir isim tamlamas\u0131ndaki son kelimeye eklenirken, belirsizlik genellikle \u00e7\u0131plak isim veya mid veya hal gibi kelimelerle ifade edilir.<\/p>\n\n\n\n<h3 class=\"wp-block-heading\" id=\"h-3-adjectives\">3. S\u0131fatlar:<\/h3>\n\n\n\n<p>Somali&#8217;deki s\u0131fatlar, \u0130ngilizce&#8217;den farkl\u0131 olarak isimlerini takip eder. Cinsiyet ve say\u0131 bak\u0131m\u0131ndan hemfikirdirler ve isim tamlamas\u0131 kesin oldu\u011funda genellikle belirli eki ta\u015f\u0131rlar; KA ile kar\u015f\u0131la\u015ft\u0131rmal\u0131 ve \u00fcst\u00fcnl\u00fck ifadeleri olu\u015fturmay\u0131 \u00f6\u011frenin &#8230; badan ve ugu &#8230; Baran.<\/p>\n\n\n\n<h3 class=\"wp-block-heading\" id=\"h-4-pronouns-determiners\">4. Zamirler\/Belirleyiciler:<\/h3>\n\n\n\n<p>Somali&#8217;de zamirler ve belirleyiciler \u00f6nemlidir; \u0130simlerin yerini al\u0131rlar ve miktar, sahiplik ve daha fazlas\u0131 hakk\u0131nda bilgi sa\u011flarlar. Ba\u011f\u0131ms\u0131z zamirleri, kan, tan, kuwaas gibi g\u00f6stericileri, qaar ve badan gibi niceleyicileri ve belirli isimlere eklenen -kayga ve -tayda gibi iyelik eklerini \u00f6\u011frenin.<\/p>\n\n\n\n<h3 class=\"wp-block-heading\" id=\"h-5-verbs\">5. Fiiller:<\/h3>\n\n\n\n<p>Somalice fiillerin zamana, g\u00f6r\u00fcn\u00fc\u015fe ve ruh haline ba\u011fl\u0131 olarak farkl\u0131 bi\u00e7imleri vard\u0131r. Al\u0131\u015f\u0131lm\u0131\u015f -aa ve a\u015famal\u0131 -ayaa gibi mevcut formlarla ba\u015flay\u0131n, ard\u0131ndan ortak konu belirte\u00e7leri ve ma ile olumsuzlama ile birlikte ge\u00e7mi\u015f formlar\u0131 ve gelece\u011fi ifade etmenin yollar\u0131n\u0131 ke\u015ffedin.<\/p>\n\n\n\n<h3 class=\"wp-block-heading\" id=\"h-6-tenses\">6. Zamanlar:<\/h3>\n\n\n\n<p>Fiil formlar\u0131nda ustala\u015ft\u0131ktan sonra, Somalice zamanlar\u0131 ve y\u00f6nleri daha derinlemesine inceleyin. Bu, \u015fimdiki al\u0131\u015f\u0131lm\u0131\u015f, \u015fimdiki ilerici, ge\u00e7mi\u015f basit, ge\u00e7mi\u015f ilerici ve gelecek zaman\u0131 doon ve zaman zarflar\u0131yla ifade etmenin yollar\u0131n\u0131n yan\u0131 s\u0131ra waa, baa ve ayaa gibi par\u00e7ac\u0131klar\u0131n rollerini anlamay\u0131 i\u00e7erir.<\/p>\n\n\n\n<h3 class=\"wp-block-heading\" id=\"h-7-tense-comparison\">7. Gergin Kar\u015f\u0131la\u015ft\u0131rma:<\/h3>\n\n\n\n<p>Somali&#8217;deki zamanlar\u0131 kar\u015f\u0131la\u015ft\u0131rmak, olaylar\u0131n s\u0131ras\u0131n\u0131 anlamaya yard\u0131mc\u0131 olur. Ayn\u0131 fiili al\u0131\u015f\u0131lm\u0131\u015f, ilerleyici, ge\u00e7mi\u015f ve gelecekteki bi\u00e7imler aras\u0131nda kar\u015f\u0131la\u015ft\u0131rmak, eklerin ve par\u00e7ac\u0131klar\u0131n ba\u011flam i\u00e7inde anlam\u0131 nas\u0131l de\u011fi\u015ftirdi\u011finin daha iyi anla\u015f\u0131lmas\u0131n\u0131 sa\u011flayacakt\u0131r.<\/p>\n\n\n\n<h3 class=\"wp-block-heading\" id=\"h-8-progressive\">8. \u0130lerici:<\/h3>\n\n\n\n<p>Somali&#8217;de ilerici zaman, devam eden eylemleri ifade etmek i\u00e7in kullan\u0131l\u0131r. Fiil k\u00f6k\u00fc art\u0131 -ayaa ve uygun konu belirte\u00e7leri ile olu\u015fturulur, \u00f6rne\u011fin okuyorum i\u00e7in waan akhriyayaa.<\/p>\n\n\n\n<h3 class=\"wp-block-heading\" id=\"h-9-perfect-progressive\">9. M\u00fckemmel \u0130lerici:<\/h3>\n\n\n\n<p>Bu zaman, belirli bir noktaya kadar devam eden eylemleri ifade etmek i\u00e7in kullan\u0131l\u0131r. Somali&#8217;de tipik olarak ge\u00e7mi\u015f a\u015famal\u0131 -ayay ile birlikte tan iyo ve ilaa gibi zaman ifadeleriyle veya ku jiray gibi yap\u0131lar art\u0131 fiil bir isimle ifade edilir.<\/p>\n\n\n\n<h3 class=\"wp-block-heading\" id=\"h-10-conditionals\">10. Ko\u015fullar:<\/h3>\n\n\n\n<p>Ko\u015fullar, varsay\u0131msal durumlar\u0131 ve olas\u0131 sonu\u00e7lar\u0131n\u0131 ifade eder. Genellikle haddii ba\u011flac\u0131n\u0131 dilek kipi fiil formuyla kullan\u0131rlar ve olumsuzlama, uygun oldu\u011fu \u015fekilde uusan veya aadan gibi formlarla g\u00f6r\u00fcn\u00fcr.<\/p>\n\n\n\n<h3 class=\"wp-block-heading\" id=\"h-11-adverbs\">11. Zarflar:<\/h3>\n\n\n\n<p>Somali&#8217;deki zarflar fiilleri, s\u0131fatlar\u0131 veya di\u011fer zarflar\u0131 de\u011fi\u015ftirir. Tarz, yer, zaman, derece ve daha fazlas\u0131 hakk\u0131nda bilgi sa\u011flarlar, genellikle si for manner ile olu\u015fturulur ve hadda, berri, halkaa ve aad gibi ortak \u00f6\u011feleri i\u00e7erirler.<\/p>\n\n\n\n<h3 class=\"wp-block-heading\" id=\"h-12-prepositions\">12. Edatlar:<\/h3>\n\n\n\n<p>Edatlar kelimeleri ve c\u00fcmleleri birbirine ba\u011flar. Somali, igu, kaa ve ugu gibi pronominal son eklerle birle\u015fen ku in veya at, ka from, u to or for, la with ve dhex between gibi \u00f6\u011feleri kullan\u0131r.<\/p>\n\n\n\n<h3 class=\"wp-block-heading\" id=\"h-13-sentences\">13. C\u00fcmleler:<\/h3>\n\n\n\n<p>Son olarak, c\u00fcmle kurma al\u0131\u015ft\u0131rmas\u0131 yap\u0131n. Bu, Somali&#8217;nin fiil-son s\u0131ras\u0131na y\u00f6neldi\u011fini ve waa, baa ve ayaa gibi odak ve konu i\u015faretleyicilerini ma ile i\u015faretlenmi\u015f olumsuzlukla kulland\u0131\u011f\u0131n\u0131 belirterek, daha \u00f6nce \u00f6\u011frenilen t\u00fcm <a href=\"https:\/\/talkpal.ai\/grammar\/\">dilbilgisi<\/a> noktalar\u0131n\u0131 ba\u011flam i\u00e7inde kullanmay\u0131 i\u00e7erecektir.<\/p>\n<\/div><\/div>\n\r\n<section class=\"learnNavigationSection\">\r\n            \r\n        <a href=\"https:\/\/talkpal.ai\/tr\/somalice-ogrenin\/\">\r\n            <div class=\"learnNavigationWrapper\">\r\n                <div class=\"learnNavigationContent\">\r\n                    <img decoding=\"async\" src=\"https:\/\/talkpal.ai\/wp-content\/uploads\/2025\/11\/Somali.png\" alt=\"Somalian Flag\">\r\n                    <div>\r\n                        <h4>Somalice \u00d6\u011frenme Hakk\u0131nda<\/h4>\r\n                        <p>Somalice Dilbilgisi hakk\u0131nda her \u015feyi \u00f6\u011frenin.<\/p>\r\n                    <\/div>\r\n                <\/div>\r\n            <\/div>\r\n        <\/a>\r\n\r\n        \r\n        <a href=\"https:\/\/talkpal.ai\/tr\/somalice-dilbilgisi\/\">\r\n            <div class=\"learnNavigationWrapper\">\r\n                <div class=\"learnNavigationContent\">\r\n                    <img decoding=\"async\" src=\"https:\/\/talkpal.ai\/wp-content\/uploads\/2025\/11\/Somali.png\" alt=\"Somalian Flag\">\r\n                    <div>\r\n                        <h4>Somalice Dilbilgisi Dersleri<\/h4>\r\n                        <p>Somalice dilbilgisi prati\u011fi yap\u0131n.<\/p>\r\n                    <\/div>\r\n                <\/div>\r\n            <\/div>\r\n        <\/a>\r\n\r\n            <\/section>","protected":false},"excerpt":{"rendered":"<p>Somalice Dilbilgisi Konular\u0131 Yeni bir dil \u00f6\u011frenmek zorlu ama \u00f6d\u00fcllendirici bir \u00e7aba olabilir. Esas olarak Somali&#8217;de ve Afrika Boynuzu ile diasporada konu\u015fulan bir Cushitic dili olan Somali de bir istisna de\u011fildir. E\u015fsiz \u00f6zellikleri ve yap\u0131lar\u0131 ile Somalice \u00f6\u011frenmek , dilbilgisini anlamak i\u00e7in sistematik bir yakla\u015f\u0131m gerektirir. Bu k\u0131lavuz, Somalice dilbilgisinin temel alanlar\u0131n\u0131, isimler ve artikeller [&hellip;]<\/p>\n","protected":false},"author":20,"featured_media":0,"parent":0,"menu_order":0,"comment_status":"closed","ping_status":"closed","template":"LearningContentPage.php","meta":{"_acf_changed":false,"footnotes":""},"class_list":["post-1465046","page","type-page","status-publish","hentry"],"acf":[],"yoast_head":"<!-- This site is optimized with the Yoast SEO Premium plugin v27.2 (Yoast SEO v27.2) - https:\/\/yoast.com\/product\/yoast-seo-premium-wordpress\/ -->\n<title>Somalice Dilbilgisi Al\u0131\u015ft\u0131rmalar\u0131 - Talkpal<\/title>\n<meta name=\"description\" content=\"Etkili dil \u00f6\u011frenimi i\u00e7in isimler, fiiller ve zamanlar\u0131 kapsayan kapsaml\u0131 al\u0131\u015ft\u0131rmalar\u0131m\u0131zla Somalice dilbilgisinde ustala\u015f\u0131n.\" \/>\n<meta name=\"robots\" content=\"index, follow, max-snippet:-1, max-image-preview:large, max-video-preview:-1\" \/>\n<link rel=\"canonical\" href=\"https:\/\/talkpal.ai\/tr\/somalice-dilbilgisi-alistirmalari\/\" \/>\n<meta property=\"og:locale\" content=\"tr_TR\" \/>\n<meta property=\"og:type\" content=\"article\" \/>\n<meta property=\"og:title\" content=\"Somalice Dilbilgisi Al\u0131\u015ft\u0131rmalar\u0131\" \/>\n<meta property=\"og:description\" content=\"Somalice Dilbilgisi Konular\u0131 Yeni bir dil \u00f6\u011frenmek zorlu ama \u00f6d\u00fcllendirici bir \u00e7aba olabilir. Esas olarak Somali&#039;de ve Afrika Boynuzu ile diasporada\" \/>\n<meta property=\"og:url\" content=\"https:\/\/talkpal.ai\/tr\/somalice-dilbilgisi-alistirmalari\/\" \/>\n<meta property=\"og:site_name\" content=\"Talkpal\" \/>\n<meta property=\"article:publisher\" content=\"https:\/\/www.facebook.com\/profile.php?id=100090733639311\" \/>\n<meta property=\"article:modified_time\" content=\"2025-12-30T11:13:57+00:00\" \/>\n<meta property=\"og:image\" content=\"https:\/\/talkpal.ai\/wp-content\/uploads\/2025\/02\/Progress-tab-16_9.png\" \/>\n\t<meta property=\"og:image:width\" content=\"2880\" \/>\n\t<meta property=\"og:image:height\" content=\"1620\" \/>\n\t<meta property=\"og:image:type\" content=\"image\/png\" \/>\n<meta name=\"twitter:card\" content=\"summary_large_image\" \/>\n<meta name=\"twitter:site\" content=\"@talkpalai\" \/>\n<meta name=\"twitter:label1\" content=\"Tahmini okuma s\u00fcresi\" \/>\n\t<meta name=\"twitter:data1\" content=\"4 dakika\" \/>\n<script type=\"application\/ld+json\" class=\"yoast-schema-graph\">{\"@context\":\"https:\/\/schema.org\",\"@graph\":[{\"@type\":\"WebPage\",\"@id\":\"https:\/\/talkpal.ai\/tr\/somalice-dilbilgisi-alistirmalari\/\",\"url\":\"https:\/\/talkpal.ai\/tr\/somalice-dilbilgisi-alistirmalari\/\",\"name\":\"Somalice Dilbilgisi Al\u0131\u015ft\u0131rmalar\u0131 - Talkpal\",\"isPartOf\":{\"@id\":\"https:\/\/talkpal.ai\/tr\/#website\"},\"datePublished\":\"2025-11-12T17:00:53+00:00\",\"dateModified\":\"2025-12-30T11:13:57+00:00\",\"description\":\"Etkili dil \u00f6\u011frenimi i\u00e7in isimler, fiiller ve zamanlar\u0131 kapsayan kapsaml\u0131 al\u0131\u015ft\u0131rmalar\u0131m\u0131zla Somalice dilbilgisinde ustala\u015f\u0131n.\",\"breadcrumb\":{\"@id\":\"https:\/\/talkpal.ai\/tr\/somalice-dilbilgisi-alistirmalari\/#breadcrumb\"},\"inLanguage\":\"tr\",\"potentialAction\":[{\"@type\":\"ReadAction\",\"target\":[\"https:\/\/talkpal.ai\/tr\/somalice-dilbilgisi-alistirmalari\/\"]}]},{\"@type\":\"BreadcrumbList\",\"@id\":\"https:\/\/talkpal.ai\/tr\/somalice-dilbilgisi-alistirmalari\/#breadcrumb\",\"itemListElement\":[{\"@type\":\"ListItem\",\"position\":1,\"name\":\"Homepage\",\"item\":\"https:\/\/talkpal.ai\/tr\/\"},{\"@type\":\"ListItem\",\"position\":2,\"name\":\"Somalice Dilbilgisi Al\u0131\u015ft\u0131rmalar\u0131\"}]},{\"@type\":\"WebSite\",\"@id\":\"https:\/\/talkpal.ai\/tr\/#website\",\"url\":\"https:\/\/talkpal.ai\/tr\/\",\"name\":\"Talkpal\",\"description\":\"AI Language Learning\",\"publisher\":{\"@id\":\"https:\/\/talkpal.ai\/tr\/#organization\"},\"alternateName\":\"Talkpal AI\",\"potentialAction\":[{\"@type\":\"SearchAction\",\"target\":{\"@type\":\"EntryPoint\",\"urlTemplate\":\"https:\/\/talkpal.ai\/tr\/?s={search_term_string}\"},\"query-input\":{\"@type\":\"PropertyValueSpecification\",\"valueRequired\":true,\"valueName\":\"search_term_string\"}}],\"inLanguage\":\"tr\"},{\"@type\":\"Organization\",\"@id\":\"https:\/\/talkpal.ai\/tr\/#organization\",\"name\":\"Talkpal, Inc.\",\"alternateName\":\"Talkpal AI\",\"url\":\"https:\/\/talkpal.ai\/tr\/\",\"logo\":{\"@type\":\"ImageObject\",\"inLanguage\":\"tr\",\"@id\":\"https:\/\/talkpal.ai\/tr\/#\/schema\/logo\/image\/\",\"url\":\"https:\/\/talkpal.ai\/wp-content\/uploads\/2024\/03\/Talkpal-Logo-Icon.png\",\"contentUrl\":\"https:\/\/talkpal.ai\/wp-content\/uploads\/2024\/03\/Talkpal-Logo-Icon.png\",\"width\":2880,\"height\":2880,\"caption\":\"Talkpal, Inc.\"},\"image\":{\"@id\":\"https:\/\/talkpal.ai\/tr\/#\/schema\/logo\/image\/\"},\"sameAs\":[\"https:\/\/www.facebook.com\/profile.php?id=100090733639311\",\"https:\/\/x.com\/talkpalai\",\"https:\/\/www.linkedin.com\/company\/talkpal\/\",\"https:\/\/www.youtube.com\/@TalkPal\/\",\"https:\/\/www.tiktok.com\/@talkpal\",\"https:\/\/www.instagram.com\/talkpal_ai\/\",\"https:\/\/www.crunchbase.com\/organization\/talkpal-9cde\",\"https:\/\/www.g2.com\/products\/talkpal-for-business\/\",\"https:\/\/www.trustpilot.com\/review\/talkpal.ai\",\"https:\/\/www.capterra.com\/p\/10006800\/TalkPal\/\"],\"description\":\"Talkpal is a language learning web and mobile education app, powered by the latest AI technologies, that provides engaging experiences to its customers in many different languages to help them improve their language skills. Users can chat about unlimited amount of topics with the app and use other modes to practice their language learning.\",\"email\":\"support@talkpal.ai\",\"legalName\":\"Talkpal, Inc.\",\"foundingDate\":\"2023-04-03\",\"duns\":\"118989042\",\"numberOfEmployees\":{\"@type\":\"QuantitativeValue\",\"minValue\":\"11\",\"maxValue\":\"50\"},\"publishingPrinciples\":\"https:\/\/talkpal.ai\/publishing-principles\/\",\"actionableFeedbackPolicy\":\"https:\/\/talkpal.ai\/actionable-feedback-policy\/\",\"correctionsPolicy\":\"https:\/\/talkpal.ai\/corrections-policy\/\",\"ethicsPolicy\":\"https:\/\/talkpal.ai\/ethics-policy\/\",\"diversityPolicy\":\"https:\/\/talkpal.ai\/diversity-policy\/\",\"diversityStaffingReport\":\"https:\/\/talkpal.ai\/diversity-policy\/\"}]}<\/script>\n<!-- \/ Yoast SEO Premium plugin. -->","yoast_head_json":{"title":"Somalice Dilbilgisi Al\u0131\u015ft\u0131rmalar\u0131 - Talkpal","description":"Etkili dil \u00f6\u011frenimi i\u00e7in isimler, fiiller ve zamanlar\u0131 kapsayan kapsaml\u0131 al\u0131\u015ft\u0131rmalar\u0131m\u0131zla Somalice dilbilgisinde ustala\u015f\u0131n.","robots":{"index":"index","follow":"follow","max-snippet":"max-snippet:-1","max-image-preview":"max-image-preview:large","max-video-preview":"max-video-preview:-1"},"canonical":"https:\/\/talkpal.ai\/tr\/somalice-dilbilgisi-alistirmalari\/","og_locale":"tr_TR","og_type":"article","og_title":"Somalice Dilbilgisi Al\u0131\u015ft\u0131rmalar\u0131","og_description":"Somalice Dilbilgisi Konular\u0131 Yeni bir dil \u00f6\u011frenmek zorlu ama \u00f6d\u00fcllendirici bir \u00e7aba olabilir. Esas olarak Somali'de ve Afrika Boynuzu ile diasporada","og_url":"https:\/\/talkpal.ai\/tr\/somalice-dilbilgisi-alistirmalari\/","og_site_name":"Talkpal","article_publisher":"https:\/\/www.facebook.com\/profile.php?id=100090733639311","article_modified_time":"2025-12-30T11:13:57+00:00","og_image":[{"width":2880,"height":1620,"url":"https:\/\/talkpal.ai\/wp-content\/uploads\/2025\/02\/Progress-tab-16_9.png","type":"image\/png"}],"twitter_card":"summary_large_image","twitter_site":"@talkpalai","twitter_misc":{"Tahmini okuma s\u00fcresi":"4 dakika"},"schema":{"@context":"https:\/\/schema.org","@graph":[{"@type":"WebPage","@id":"https:\/\/talkpal.ai\/tr\/somalice-dilbilgisi-alistirmalari\/","url":"https:\/\/talkpal.ai\/tr\/somalice-dilbilgisi-alistirmalari\/","name":"Somalice Dilbilgisi Al\u0131\u015ft\u0131rmalar\u0131 - Talkpal","isPartOf":{"@id":"https:\/\/talkpal.ai\/tr\/#website"},"datePublished":"2025-11-12T17:00:53+00:00","dateModified":"2025-12-30T11:13:57+00:00","description":"Etkili dil \u00f6\u011frenimi i\u00e7in isimler, fiiller ve zamanlar\u0131 kapsayan kapsaml\u0131 al\u0131\u015ft\u0131rmalar\u0131m\u0131zla Somalice dilbilgisinde ustala\u015f\u0131n.","breadcrumb":{"@id":"https:\/\/talkpal.ai\/tr\/somalice-dilbilgisi-alistirmalari\/#breadcrumb"},"inLanguage":"tr","potentialAction":[{"@type":"ReadAction","target":["https:\/\/talkpal.ai\/tr\/somalice-dilbilgisi-alistirmalari\/"]}]},{"@type":"BreadcrumbList","@id":"https:\/\/talkpal.ai\/tr\/somalice-dilbilgisi-alistirmalari\/#breadcrumb","itemListElement":[{"@type":"ListItem","position":1,"name":"Homepage","item":"https:\/\/talkpal.ai\/tr\/"},{"@type":"ListItem","position":2,"name":"Somalice Dilbilgisi Al\u0131\u015ft\u0131rmalar\u0131"}]},{"@type":"WebSite","@id":"https:\/\/talkpal.ai\/tr\/#website","url":"https:\/\/talkpal.ai\/tr\/","name":"Talkpal","description":"AI Language Learning","publisher":{"@id":"https:\/\/talkpal.ai\/tr\/#organization"},"alternateName":"Talkpal AI","potentialAction":[{"@type":"SearchAction","target":{"@type":"EntryPoint","urlTemplate":"https:\/\/talkpal.ai\/tr\/?s={search_term_string}"},"query-input":{"@type":"PropertyValueSpecification","valueRequired":true,"valueName":"search_term_string"}}],"inLanguage":"tr"},{"@type":"Organization","@id":"https:\/\/talkpal.ai\/tr\/#organization","name":"Talkpal, Inc.","alternateName":"Talkpal AI","url":"https:\/\/talkpal.ai\/tr\/","logo":{"@type":"ImageObject","inLanguage":"tr","@id":"https:\/\/talkpal.ai\/tr\/#\/schema\/logo\/image\/","url":"https:\/\/talkpal.ai\/wp-content\/uploads\/2024\/03\/Talkpal-Logo-Icon.png","contentUrl":"https:\/\/talkpal.ai\/wp-content\/uploads\/2024\/03\/Talkpal-Logo-Icon.png","width":2880,"height":2880,"caption":"Talkpal, Inc."},"image":{"@id":"https:\/\/talkpal.ai\/tr\/#\/schema\/logo\/image\/"},"sameAs":["https:\/\/www.facebook.com\/profile.php?id=100090733639311","https:\/\/x.com\/talkpalai","https:\/\/www.linkedin.com\/company\/talkpal\/","https:\/\/www.youtube.com\/@TalkPal\/","https:\/\/www.tiktok.com\/@talkpal","https:\/\/www.instagram.com\/talkpal_ai\/","https:\/\/www.crunchbase.com\/organization\/talkpal-9cde","https:\/\/www.g2.com\/products\/talkpal-for-business\/","https:\/\/www.trustpilot.com\/review\/talkpal.ai","https:\/\/www.capterra.com\/p\/10006800\/TalkPal\/"],"description":"Talkpal is a language learning web and mobile education app, powered by the latest AI technologies, that provides engaging experiences to its customers in many different languages to help them improve their language skills. Users can chat about unlimited amount of topics with the app and use other modes to practice their language learning.","email":"support@talkpal.ai","legalName":"Talkpal, Inc.","foundingDate":"2023-04-03","duns":"118989042","numberOfEmployees":{"@type":"QuantitativeValue","minValue":"11","maxValue":"50"},"publishingPrinciples":"https:\/\/talkpal.ai\/publishing-principles\/","actionableFeedbackPolicy":"https:\/\/talkpal.ai\/actionable-feedback-policy\/","correctionsPolicy":"https:\/\/talkpal.ai\/corrections-policy\/","ethicsPolicy":"https:\/\/talkpal.ai\/ethics-policy\/","diversityPolicy":"https:\/\/talkpal.ai\/diversity-policy\/","diversityStaffingReport":"https:\/\/talkpal.ai\/diversity-policy\/"}]}},"_links":{"self":[{"href":"https:\/\/talkpal.ai\/tr\/wp-json\/wp\/v2\/pages\/1465046","targetHints":{"allow":["GET"]}}],"collection":[{"href":"https:\/\/talkpal.ai\/tr\/wp-json\/wp\/v2\/pages"}],"about":[{"href":"https:\/\/talkpal.ai\/tr\/wp-json\/wp\/v2\/types\/page"}],"author":[{"embeddable":true,"href":"https:\/\/talkpal.ai\/tr\/wp-json\/wp\/v2\/users\/20"}],"replies":[{"embeddable":true,"href":"https:\/\/talkpal.ai\/tr\/wp-json\/wp\/v2\/comments?post=1465046"}],"version-history":[{"count":0,"href":"https:\/\/talkpal.ai\/tr\/wp-json\/wp\/v2\/pages\/1465046\/revisions"}],"wp:attachment":[{"href":"https:\/\/talkpal.ai\/tr\/wp-json\/wp\/v2\/media?parent=1465046"}],"curies":[{"name":"wp","href":"https:\/\/api.w.org\/{rel}","templated":true}]}}