{"id":1464924,"date":"2025-11-12T09:38:09","date_gmt":"2025-11-12T09:38:09","guid":{"rendered":"https:\/\/talkpal.ai\/gujarati-dilbilgisi\/"},"modified":"2025-12-30T15:10:27","modified_gmt":"2025-12-30T15:10:27","slug":"gujarati-dilbilgisi","status":"publish","type":"page","link":"https:\/\/talkpal.ai\/tr\/gujarati-dilbilgisi\/","title":{"rendered":"Gujarati Dilbilgisi"},"content":{"rendered":"\r\n\r\n\r\n<section class=\"languageChallengeSection\">\r\n    <div class=\"languageInfoWrapper\">\r\n        \r\n        <h1>Gujarati Dilbilgisi<\/h1>\r\n        <p><a href=\"https:\/\/talkpal.ai\/learn-gujarati\/\">Gujarati<\/a> dilbilgisi ilk ba\u015fta zor g\u00f6r\u00fcnebilir, ancak benzersiz \u00f6zellikleri dili \u00f6\u011frenmeyi \u00f6d\u00fcllendirici bir deneyim haline getirir. Alfabesini, mutasyonlar\u0131n\u0131 ve dilbilgisi kurallar\u0131n\u0131 ke\u015ffederek zengin bir dil gelene\u011fi hakk\u0131nda fikir sahibi olacaks\u0131n\u0131z. Yolculu\u011funuza ba\u015flay\u0131n ve Gujarati&#039;nin g\u00fczelli\u011fini ke\u015ffedin!<\/p>\r\n\r\n                            <a class=\"getStartedHidden\" href=\"https:\/\/app.talkpal.ai\/tr\/signup?lng=\">Hadi ba\u015fla<\/a>\r\n        \r\n    <\/div>\r\n\r\n    <figure>\r\n    <img decoding=\"async\" width=\"768\" height=\"768\" src=\"https:\/\/talkpal.ai\/wp-content\/uploads\/2023\/06\/welsh-768x768.png\" class=\"languageImage no-lazy\" alt=\"Language learning for better cognitive abilities\" fetchpriority=\"high\" sizes=\"(max-width: 768px) 150px, 768px\" srcset=\"https:\/\/talkpal.ai\/wp-content\/uploads\/2023\/06\/welsh-768x768.png 768w, https:\/\/talkpal.ai\/wp-content\/uploads\/2023\/06\/welsh-300x300.png 300w\" \/>\r\n    \r\n\r\n    <\/figure>\r\n\r\n            <a class=\"getStartedVisible\" href=\"https:\/\/app.talkpal.ai\/tr\/signup?lng=\">Hadi ba\u015fla<\/a>\r\n    \r\n<\/section><section class=\"promotionalBanner\">\r\n    <p class=\"promotionalText\">Dil \u00f6\u011frenmenin en etkili yolu<\/p>\r\n    <a class=\"promotionalLink\" href=\"https:\/\/app.talkpal.ai\/tr\/signup?lng=\">Talkpal \u00fccretsiz deneyin<\/a>\r\n<\/section>\n<div class=\"wp-block-group pageContainerStyle\"><div class=\"wp-block-group__inner-container is-layout-constrained wp-block-group-is-layout-constrained\">\n<h2 class=\"wp-block-heading\" id=\"h-navigating-the-intricacies-of-gujarati-grammar\">Gujarati Dilbilgisinin \u0130nceliklerinde Gezinmek<\/h2>\n\n\n\n<p>Zengin bir tarihe ve k\u00fclt\u00fcrel \u00f6neme sahip bir Hint-Aryan dili olan <a href=\"https:\/\/talkpal.ai\/tr\/gujarati-ogrenin\/\">Gujarati<\/a>, benzersiz gramer sistemini ke\u015ffetmeye istekli olanlar i\u00e7in heyecan verici bir dil deneyimi sunuyor. Gujarati diyar\u0131na ad\u0131m att\u0131\u011f\u0131n\u0131zda, yaln\u0131zca dil repertuar\u0131n\u0131z\u0131 zenginle\u015ftirmekle kalmayacak, ayn\u0131 zamanda b\u00fcy\u00fcleyici bir k\u00fclt\u00fcrel yolculu\u011fu da kucaklayacaks\u0131n\u0131z. Gujarati dilbilgisi ilk ba\u015fta karma\u015f\u0131k g\u00f6r\u00fcnse de, onu temel bile\u015fenlere ay\u0131rmak, dili \u00f6\u011frenmeyi daha ula\u015f\u0131labilir hale getirir. Bu yaz\u0131da, Gujarati dilbilgisinin b\u00fcy\u00fcleyici d\u00fcnyas\u0131n\u0131 ke\u015ffedece\u011fiz ve karma\u015f\u0131kl\u0131klar\u0131nda nas\u0131l ustala\u015f\u0131laca\u011f\u0131na dair ipu\u00e7lar\u0131 verece\u011fiz.<\/p>\n\n\n\n<h3 class=\"wp-block-heading\" id=\"h-1-gujarati-alphabet-and-phonetics\">1. Gujarati Alfabesi ve Fonetik<\/h3>\n\n\n\n<p>Gujarati yaz\u0131s\u0131, matras ad\u0131 verilen aksan i\u015faretlerine sahip bir dizi \u00fcns\u00fcz ve sesli harf kullanan bir abugida&#8217;d\u0131r ve ba\u011flam i\u00e7inde de\u011fi\u015ftirilmi\u015f veya bast\u0131r\u0131lm\u0131\u015f do\u011fal bir sesli harf i\u00e7erir. Gujarati dilbilgisini \u00f6\u011frenmek i\u00e7in, Gujarati dilinde okuma ve yazma prati\u011fi yaparak bu farkl\u0131 yaz\u0131 sistemine a\u015fina olmak \u00e7ok \u00f6nemlidir.<\/p>\n\n\n\n<h3 class=\"wp-block-heading\" id=\"h-2-postpositions-and-case-markers-a-peculiar-gujarati-feature\">2. Edatlar ve B\u00fcy\u00fck\/K\u00fc\u00e7\u00fck Harf \u0130\u015faretleyicileri: Tuhaf Bir Gujarati \u00d6zelli\u011fi<\/h3>\n\n\n\n<p>Gujarati dilbilgisinin en \u00e7arp\u0131c\u0131 y\u00f6nlerinden biri, dilbilgisi ili\u015fkilerini belirtmek i\u00e7in isimleri takip eden edatlar\u0131n ve durum i\u015faretlerinin kullan\u0131lmas\u0131d\u0131r. Yayg\u0131n belirte\u00e7ler aras\u0131nda datif -ne, sahip olunan isimle uyumlu olan tamlayan -no\/-ni\/-nu, enstr\u00fcmantal -thi, yer tespiti -ma ve ge\u00e7mi\u015f bir\u00e7ok ge\u00e7i\u015fli c\u00fcmlede ergatif -e bulunur. Bu belirte\u00e7lerin ne zaman ve nas\u0131l ortaya \u00e7\u0131kt\u0131\u011f\u0131n\u0131 anlamak, Gujarati&#8217;de do\u011fru ileti\u015fim i\u00e7in hayati \u00f6neme sahiptir.<\/p>\n\n\n\n<h3 class=\"wp-block-heading\" id=\"h-3-nouns-and-pronouns-gender-and-cases\">3. \u0130simler ve Zamirler: Cinsiyet ve Durumlar<\/h3>\n\n\n\n<p>Gujarati isimlerinin dilbilgisel cinsiyeti (eril, di\u015fil veya n\u00f6tr) vard\u0131r ve cinsiyetlerine ve say\u0131lar\u0131na g\u00f6re farkl\u0131 \u00e7o\u011ful olu\u015fum ve anla\u015fma kal\u0131plar\u0131n\u0131 takip ederler. Gujarati&#8217;deki zamirler ki\u015fisel, iyelik, d\u00f6n\u00fc\u015fl\u00fc, i\u015faret ve soru zamirlerini i\u00e7erir. Bu zamirlere ve bi\u00e7imlerine a\u015fina olmak, Gujarati dilbilgisi kavray\u0131\u015f\u0131n\u0131z\u0131 \u00f6nemli \u00f6l\u00e7\u00fcde art\u0131racakt\u0131r.<\/p>\n\n\n\n<h3 class=\"wp-block-heading\" id=\"h-4-verbs-structure-and-conjugation\">4. Fiiller: Yap\u0131 ve \u00c7ekim<\/h3>\n\n\n\n<p>Gujarati fiilleri, baz\u0131 ba\u011flamlarda cinsiyete ve say\u0131ya g\u00f6re de\u011fi\u015febilen anla\u015fma kal\u0131plar\u0131yla, zamana, g\u00f6r\u00fcn\u00fc\u015fe, ruh haline ve ki\u015fiye ba\u011fl\u0131 olarak farkl\u0131 bir yap\u0131 ve \u00e7ekim modeli izler. Gujarati&#8217;deki temel zamanlar, al\u0131\u015f\u0131lm\u0131\u015f, ilerici, m\u00fckemmelle\u015ftirici y\u00f6nler ve ko\u015fullu ve zorunlu ruh halleri gibi ek unsurlarla birlikte \u015fimdiki zaman, ge\u00e7mi\u015f ve gelecektir. Fiil \u00e7ekimi kurallar\u0131n\u0131 \u00f6\u011frenmek, Gujarati&#8217;de etkili ileti\u015fim kurma yetene\u011finizi geli\u015ftirecektir.<\/p>\n\n\n\n<h3 class=\"wp-block-heading\" id=\"h-5-adjectives-agreement-and-placement\">5. S\u0131fatlar: Anla\u015fma ve Yerle\u015ftirme<\/h3>\n\n\n\n<p>Gujarati dilbilgisinde, s\u0131fatlar tipik olarak de\u011fi\u015ftirdikleri isimden \u00f6nce gelir ve reddedilebilir s\u0131fatlar isimle cinsiyet ve say\u0131 bak\u0131m\u0131ndan uyumludur. Pek \u00e7ok s\u0131fat de\u011fi\u015fmezdir ve kar\u015f\u0131la\u015ft\u0131rmal\u0131 ve \u00fcst\u00fcn anlamlar genellikle daha do\u011fal ileti\u015fim kurmay\u0131 \u00f6\u011frenmek i\u00e7in gerekli olan vadhaare (daha fazla) ve savthi (\u00e7o\u011fu) zarflar\u0131yla olu\u015fturulur.<\/p>\n\n\n\n<p><strong>\u00d6rnekler:<\/strong><\/p>\n\n\n\n<p><strong>\u2013 \u0aae\u0acb\u0a9f\u0acb \u0aaa\u0acd\u0ab0\u0ac7\u0aae (b\u00fcy\u00fck a\u015fk)<\/strong><\/p>\n\n\n\n<p><strong>\u2013 \u0aa8\u0abe\u0aa8\u0abe \u0aac\u0abe\u0ab3\u0a95\u0acb (k\u00fc\u00e7\u00fck \u00e7ocuklar)<\/strong><\/p>\n\n\n\n<h3 class=\"wp-block-heading\" id=\"h-6-engaging-with-the-language\">6. Dil ile \u0130lgi Kurmak<\/h3>\n\n\n\n<p>Gujarati dilbilgisini tam olarak anlaman\u0131n ve i\u00e7selle\u015ftirmenin en etkili yolu, dille tutarl\u0131 bir \u015fekilde etkile\u015fim kurmakt\u0131r. Gujarati edebiyat\u0131 okuyarak, Gujarati filmleri veya televizyon dizileri izleyerek ve anadili \u0130ngilizce olan ki\u015filerle aktif olarak ileti\u015fim kurarak, kelime da\u011farc\u0131\u011f\u0131n\u0131z\u0131 geni\u015fletirken gramer anlay\u0131\u015f\u0131n\u0131z\u0131 g\u00fc\u00e7lendireceksiniz.<\/p>\n\n\n\n<h3 class=\"wp-block-heading\" id=\"h-conclusion\">Sonu\u00e7<\/h3>\n\n\n\n<p>Gujarati dilbilgisi karma\u015f\u0131k g\u00f6r\u00fcnse de, \u00f6zveri, pratik ve co\u015fku ile bu g\u00fczel dilde yetkin hale gelebilirsiniz. Temel kurallara odaklanarak ve farkl\u0131 ba\u011flamlarda dille etkile\u015fim kurarak, Gujarati <a href=\"https:\/\/talkpal.ai\/tr\/dilbilgisi\/\">dilbilgisi becerilerinizi<\/a> h\u0131zla geli\u015ftireceksiniz. Gujarati dil yolculu\u011funuzla Shubhkamnao (iyi dilekler) ve Gujarati dilbilgisinin esrarengiz ama b\u00fcy\u00fcleyici d\u00fcnyas\u0131n\u0131 \u00e7\u00f6zmenin tad\u0131n\u0131 \u00e7\u0131kar\u0131n!<\/p>\n<\/div><\/div>\n\r\n<section class=\"learnNavigationSection\">\r\n            \r\n        <a href=\"https:\/\/talkpal.ai\/tr\/gujarati-ogrenin\/\">\r\n            <div class=\"learnNavigationWrapper\">\r\n                <div class=\"learnNavigationContent\">\r\n                    <img decoding=\"async\" src=\"https:\/\/talkpal.ai\/wp-content\/uploads\/2025\/11\/Gujarati.png\" alt=\"Indian Simplified Flag\">\r\n                    <div>\r\n                        <h4>Gujarati \u00d6\u011frenme Hakk\u0131nda<\/h4>\r\n                        <p>Gujarati Dilbilgisi hakk\u0131nda her \u015feyi \u00f6\u011frenin.<\/p>\r\n                    <\/div>\r\n                <\/div>\r\n            <\/div>\r\n        <\/a>\r\n\r\n        \r\n        <a href=\"https:\/\/talkpal.ai\/tr\/gujarati-dilbilgisi-alistirmalari\/\">\r\n            <div class=\"learnNavigationWrapper\">\r\n                <div class=\"learnNavigationContent\">\r\n                    <img decoding=\"async\" src=\"https:\/\/talkpal.ai\/wp-content\/uploads\/2025\/11\/Gujarati.png\" alt=\"Indian Simplified Flag\">\r\n                    <div>\r\n                        <h4>Gujarati Dilbilgisi Al\u0131\u015ft\u0131rmas\u0131<\/h4>\r\n                        <p>Gujarati dilbilgisi prati\u011fi yap\u0131n.<\/p>\r\n                    <\/div>\r\n                <\/div>\r\n            <\/div>\r\n        <\/a>\r\n\r\n            <\/section>","protected":false},"excerpt":{"rendered":"<p>Gujarati Dilbilgisinin \u0130nceliklerinde Gezinmek Zengin bir tarihe ve k\u00fclt\u00fcrel \u00f6neme sahip bir Hint-Aryan dili olan Gujarati, benzersiz gramer sistemini ke\u015ffetmeye istekli olanlar i\u00e7in heyecan verici bir dil deneyimi sunuyor. Gujarati diyar\u0131na ad\u0131m att\u0131\u011f\u0131n\u0131zda, yaln\u0131zca dil repertuar\u0131n\u0131z\u0131 zenginle\u015ftirmekle kalmayacak, ayn\u0131 zamanda b\u00fcy\u00fcleyici bir k\u00fclt\u00fcrel yolculu\u011fu da kucaklayacaks\u0131n\u0131z. Gujarati dilbilgisi ilk ba\u015fta karma\u015f\u0131k g\u00f6r\u00fcnse de, onu temel [&hellip;]<\/p>\n","protected":false},"author":20,"featured_media":0,"parent":0,"menu_order":0,"comment_status":"closed","ping_status":"closed","template":"LearningContentPage.php","meta":{"_acf_changed":false,"footnotes":""},"class_list":["post-1464924","page","type-page","status-publish","hentry"],"acf":[],"yoast_head":"<!-- This site is optimized with the Yoast SEO Premium plugin v27.2 (Yoast SEO v27.2) - https:\/\/yoast.com\/product\/yoast-seo-premium-wordpress\/ -->\n<title>Gujarati Dilbilgisi - Talkpal<\/title>\n<meta name=\"description\" content=\"Dil \u00f6\u011frenme yeterlili\u011finizi \u00f6nemli \u00f6l\u00e7\u00fcde art\u0131rmak i\u00e7in fiiller ve isimler de dahil olmak \u00fczere Gujarati dilbilgisinin temellerine hakim olun.\" \/>\n<meta name=\"robots\" content=\"index, follow, max-snippet:-1, max-image-preview:large, max-video-preview:-1\" \/>\n<link rel=\"canonical\" href=\"https:\/\/talkpal.ai\/tr\/gujarati-dilbilgisi\/\" \/>\n<meta property=\"og:locale\" content=\"tr_TR\" \/>\n<meta property=\"og:type\" content=\"article\" \/>\n<meta property=\"og:title\" content=\"Gujarati Dilbilgisi\" \/>\n<meta property=\"og:description\" content=\"Gujarati Dilbilgisinin \u0130nceliklerinde Gezinmek Zengin bir tarihe ve k\u00fclt\u00fcrel \u00f6neme sahip bir Hint-Aryan dili olan Gujarati, benzersiz gramer sistemini\" \/>\n<meta property=\"og:url\" content=\"https:\/\/talkpal.ai\/tr\/gujarati-dilbilgisi\/\" \/>\n<meta property=\"og:site_name\" content=\"Talkpal\" \/>\n<meta property=\"article:publisher\" content=\"https:\/\/www.facebook.com\/profile.php?id=100090733639311\" \/>\n<meta property=\"article:modified_time\" content=\"2025-12-30T15:10:27+00:00\" \/>\n<meta property=\"og:image\" content=\"https:\/\/talkpal.ai\/wp-content\/uploads\/2025\/02\/Progress-tab-16_9.png\" \/>\n\t<meta property=\"og:image:width\" content=\"2880\" \/>\n\t<meta property=\"og:image:height\" content=\"1620\" \/>\n\t<meta property=\"og:image:type\" content=\"image\/png\" \/>\n<meta name=\"twitter:card\" content=\"summary_large_image\" \/>\n<meta name=\"twitter:site\" content=\"@talkpalai\" \/>\n<meta name=\"twitter:label1\" content=\"Tahmini okuma s\u00fcresi\" \/>\n\t<meta name=\"twitter:data1\" content=\"3 dakika\" \/>\n<script type=\"application\/ld+json\" class=\"yoast-schema-graph\">{\"@context\":\"https:\/\/schema.org\",\"@graph\":[{\"@type\":\"WebPage\",\"@id\":\"https:\/\/talkpal.ai\/tr\/gujarati-dilbilgisi\/\",\"url\":\"https:\/\/talkpal.ai\/tr\/gujarati-dilbilgisi\/\",\"name\":\"Gujarati Dilbilgisi - Talkpal\",\"isPartOf\":{\"@id\":\"https:\/\/talkpal.ai\/tr\/#website\"},\"datePublished\":\"2025-11-12T09:38:09+00:00\",\"dateModified\":\"2025-12-30T15:10:27+00:00\",\"description\":\"Dil \u00f6\u011frenme yeterlili\u011finizi \u00f6nemli \u00f6l\u00e7\u00fcde art\u0131rmak i\u00e7in fiiller ve isimler de dahil olmak \u00fczere Gujarati dilbilgisinin temellerine hakim olun.\",\"breadcrumb\":{\"@id\":\"https:\/\/talkpal.ai\/tr\/gujarati-dilbilgisi\/#breadcrumb\"},\"inLanguage\":\"tr\",\"potentialAction\":[{\"@type\":\"ReadAction\",\"target\":[\"https:\/\/talkpal.ai\/tr\/gujarati-dilbilgisi\/\"]}]},{\"@type\":\"BreadcrumbList\",\"@id\":\"https:\/\/talkpal.ai\/tr\/gujarati-dilbilgisi\/#breadcrumb\",\"itemListElement\":[{\"@type\":\"ListItem\",\"position\":1,\"name\":\"Homepage\",\"item\":\"https:\/\/talkpal.ai\/tr\/\"},{\"@type\":\"ListItem\",\"position\":2,\"name\":\"Gujarati Dilbilgisi\"}]},{\"@type\":\"WebSite\",\"@id\":\"https:\/\/talkpal.ai\/tr\/#website\",\"url\":\"https:\/\/talkpal.ai\/tr\/\",\"name\":\"Talkpal\",\"description\":\"AI Language Learning\",\"publisher\":{\"@id\":\"https:\/\/talkpal.ai\/tr\/#organization\"},\"alternateName\":\"Talkpal AI\",\"potentialAction\":[{\"@type\":\"SearchAction\",\"target\":{\"@type\":\"EntryPoint\",\"urlTemplate\":\"https:\/\/talkpal.ai\/tr\/?s={search_term_string}\"},\"query-input\":{\"@type\":\"PropertyValueSpecification\",\"valueRequired\":true,\"valueName\":\"search_term_string\"}}],\"inLanguage\":\"tr\"},{\"@type\":\"Organization\",\"@id\":\"https:\/\/talkpal.ai\/tr\/#organization\",\"name\":\"Talkpal, Inc.\",\"alternateName\":\"Talkpal AI\",\"url\":\"https:\/\/talkpal.ai\/tr\/\",\"logo\":{\"@type\":\"ImageObject\",\"inLanguage\":\"tr\",\"@id\":\"https:\/\/talkpal.ai\/tr\/#\/schema\/logo\/image\/\",\"url\":\"https:\/\/talkpal.ai\/wp-content\/uploads\/2024\/03\/Talkpal-Logo-Icon.png\",\"contentUrl\":\"https:\/\/talkpal.ai\/wp-content\/uploads\/2024\/03\/Talkpal-Logo-Icon.png\",\"width\":2880,\"height\":2880,\"caption\":\"Talkpal, Inc.\"},\"image\":{\"@id\":\"https:\/\/talkpal.ai\/tr\/#\/schema\/logo\/image\/\"},\"sameAs\":[\"https:\/\/www.facebook.com\/profile.php?id=100090733639311\",\"https:\/\/x.com\/talkpalai\",\"https:\/\/www.linkedin.com\/company\/talkpal\/\",\"https:\/\/www.youtube.com\/@TalkPal\/\",\"https:\/\/www.tiktok.com\/@talkpal\",\"https:\/\/www.instagram.com\/talkpal_ai\/\",\"https:\/\/www.crunchbase.com\/organization\/talkpal-9cde\",\"https:\/\/www.g2.com\/products\/talkpal-for-business\/\",\"https:\/\/www.trustpilot.com\/review\/talkpal.ai\",\"https:\/\/www.capterra.com\/p\/10006800\/TalkPal\/\"],\"description\":\"Talkpal is a language learning web and mobile education app, powered by the latest AI technologies, that provides engaging experiences to its customers in many different languages to help them improve their language skills. Users can chat about unlimited amount of topics with the app and use other modes to practice their language learning.\",\"email\":\"support@talkpal.ai\",\"legalName\":\"Talkpal, Inc.\",\"foundingDate\":\"2023-04-03\",\"duns\":\"118989042\",\"numberOfEmployees\":{\"@type\":\"QuantitativeValue\",\"minValue\":\"11\",\"maxValue\":\"50\"},\"publishingPrinciples\":\"https:\/\/talkpal.ai\/publishing-principles\/\",\"actionableFeedbackPolicy\":\"https:\/\/talkpal.ai\/actionable-feedback-policy\/\",\"correctionsPolicy\":\"https:\/\/talkpal.ai\/corrections-policy\/\",\"ethicsPolicy\":\"https:\/\/talkpal.ai\/ethics-policy\/\",\"diversityPolicy\":\"https:\/\/talkpal.ai\/diversity-policy\/\",\"diversityStaffingReport\":\"https:\/\/talkpal.ai\/diversity-policy\/\"}]}<\/script>\n<!-- \/ Yoast SEO Premium plugin. -->","yoast_head_json":{"title":"Gujarati Dilbilgisi - Talkpal","description":"Dil \u00f6\u011frenme yeterlili\u011finizi \u00f6nemli \u00f6l\u00e7\u00fcde art\u0131rmak i\u00e7in fiiller ve isimler de dahil olmak \u00fczere Gujarati dilbilgisinin temellerine hakim olun.","robots":{"index":"index","follow":"follow","max-snippet":"max-snippet:-1","max-image-preview":"max-image-preview:large","max-video-preview":"max-video-preview:-1"},"canonical":"https:\/\/talkpal.ai\/tr\/gujarati-dilbilgisi\/","og_locale":"tr_TR","og_type":"article","og_title":"Gujarati Dilbilgisi","og_description":"Gujarati Dilbilgisinin \u0130nceliklerinde Gezinmek Zengin bir tarihe ve k\u00fclt\u00fcrel \u00f6neme sahip bir Hint-Aryan dili olan Gujarati, benzersiz gramer sistemini","og_url":"https:\/\/talkpal.ai\/tr\/gujarati-dilbilgisi\/","og_site_name":"Talkpal","article_publisher":"https:\/\/www.facebook.com\/profile.php?id=100090733639311","article_modified_time":"2025-12-30T15:10:27+00:00","og_image":[{"width":2880,"height":1620,"url":"https:\/\/talkpal.ai\/wp-content\/uploads\/2025\/02\/Progress-tab-16_9.png","type":"image\/png"}],"twitter_card":"summary_large_image","twitter_site":"@talkpalai","twitter_misc":{"Tahmini okuma s\u00fcresi":"3 dakika"},"schema":{"@context":"https:\/\/schema.org","@graph":[{"@type":"WebPage","@id":"https:\/\/talkpal.ai\/tr\/gujarati-dilbilgisi\/","url":"https:\/\/talkpal.ai\/tr\/gujarati-dilbilgisi\/","name":"Gujarati Dilbilgisi - Talkpal","isPartOf":{"@id":"https:\/\/talkpal.ai\/tr\/#website"},"datePublished":"2025-11-12T09:38:09+00:00","dateModified":"2025-12-30T15:10:27+00:00","description":"Dil \u00f6\u011frenme yeterlili\u011finizi \u00f6nemli \u00f6l\u00e7\u00fcde art\u0131rmak i\u00e7in fiiller ve isimler de dahil olmak \u00fczere Gujarati dilbilgisinin temellerine hakim olun.","breadcrumb":{"@id":"https:\/\/talkpal.ai\/tr\/gujarati-dilbilgisi\/#breadcrumb"},"inLanguage":"tr","potentialAction":[{"@type":"ReadAction","target":["https:\/\/talkpal.ai\/tr\/gujarati-dilbilgisi\/"]}]},{"@type":"BreadcrumbList","@id":"https:\/\/talkpal.ai\/tr\/gujarati-dilbilgisi\/#breadcrumb","itemListElement":[{"@type":"ListItem","position":1,"name":"Homepage","item":"https:\/\/talkpal.ai\/tr\/"},{"@type":"ListItem","position":2,"name":"Gujarati Dilbilgisi"}]},{"@type":"WebSite","@id":"https:\/\/talkpal.ai\/tr\/#website","url":"https:\/\/talkpal.ai\/tr\/","name":"Talkpal","description":"AI Language Learning","publisher":{"@id":"https:\/\/talkpal.ai\/tr\/#organization"},"alternateName":"Talkpal AI","potentialAction":[{"@type":"SearchAction","target":{"@type":"EntryPoint","urlTemplate":"https:\/\/talkpal.ai\/tr\/?s={search_term_string}"},"query-input":{"@type":"PropertyValueSpecification","valueRequired":true,"valueName":"search_term_string"}}],"inLanguage":"tr"},{"@type":"Organization","@id":"https:\/\/talkpal.ai\/tr\/#organization","name":"Talkpal, Inc.","alternateName":"Talkpal AI","url":"https:\/\/talkpal.ai\/tr\/","logo":{"@type":"ImageObject","inLanguage":"tr","@id":"https:\/\/talkpal.ai\/tr\/#\/schema\/logo\/image\/","url":"https:\/\/talkpal.ai\/wp-content\/uploads\/2024\/03\/Talkpal-Logo-Icon.png","contentUrl":"https:\/\/talkpal.ai\/wp-content\/uploads\/2024\/03\/Talkpal-Logo-Icon.png","width":2880,"height":2880,"caption":"Talkpal, Inc."},"image":{"@id":"https:\/\/talkpal.ai\/tr\/#\/schema\/logo\/image\/"},"sameAs":["https:\/\/www.facebook.com\/profile.php?id=100090733639311","https:\/\/x.com\/talkpalai","https:\/\/www.linkedin.com\/company\/talkpal\/","https:\/\/www.youtube.com\/@TalkPal\/","https:\/\/www.tiktok.com\/@talkpal","https:\/\/www.instagram.com\/talkpal_ai\/","https:\/\/www.crunchbase.com\/organization\/talkpal-9cde","https:\/\/www.g2.com\/products\/talkpal-for-business\/","https:\/\/www.trustpilot.com\/review\/talkpal.ai","https:\/\/www.capterra.com\/p\/10006800\/TalkPal\/"],"description":"Talkpal is a language learning web and mobile education app, powered by the latest AI technologies, that provides engaging experiences to its customers in many different languages to help them improve their language skills. Users can chat about unlimited amount of topics with the app and use other modes to practice their language learning.","email":"support@talkpal.ai","legalName":"Talkpal, Inc.","foundingDate":"2023-04-03","duns":"118989042","numberOfEmployees":{"@type":"QuantitativeValue","minValue":"11","maxValue":"50"},"publishingPrinciples":"https:\/\/talkpal.ai\/publishing-principles\/","actionableFeedbackPolicy":"https:\/\/talkpal.ai\/actionable-feedback-policy\/","correctionsPolicy":"https:\/\/talkpal.ai\/corrections-policy\/","ethicsPolicy":"https:\/\/talkpal.ai\/ethics-policy\/","diversityPolicy":"https:\/\/talkpal.ai\/diversity-policy\/","diversityStaffingReport":"https:\/\/talkpal.ai\/diversity-policy\/"}]}},"_links":{"self":[{"href":"https:\/\/talkpal.ai\/tr\/wp-json\/wp\/v2\/pages\/1464924","targetHints":{"allow":["GET"]}}],"collection":[{"href":"https:\/\/talkpal.ai\/tr\/wp-json\/wp\/v2\/pages"}],"about":[{"href":"https:\/\/talkpal.ai\/tr\/wp-json\/wp\/v2\/types\/page"}],"author":[{"embeddable":true,"href":"https:\/\/talkpal.ai\/tr\/wp-json\/wp\/v2\/users\/20"}],"replies":[{"embeddable":true,"href":"https:\/\/talkpal.ai\/tr\/wp-json\/wp\/v2\/comments?post=1464924"}],"version-history":[{"count":0,"href":"https:\/\/talkpal.ai\/tr\/wp-json\/wp\/v2\/pages\/1464924\/revisions"}],"wp:attachment":[{"href":"https:\/\/talkpal.ai\/tr\/wp-json\/wp\/v2\/media?parent=1464924"}],"curies":[{"name":"wp","href":"https:\/\/api.w.org\/{rel}","templated":true}]}}