{"id":1464855,"date":"2025-11-11T17:01:24","date_gmt":"2025-11-11T17:01:24","guid":{"rendered":"https:\/\/talkpal.ai\/gurcuce-dilbilgisi-alistirmalari\/"},"modified":"2025-12-30T14:54:22","modified_gmt":"2025-12-30T14:54:22","slug":"gurcuce-dilbilgisi-alistirmalari","status":"publish","type":"page","link":"https:\/\/talkpal.ai\/tr\/gurcuce-dilbilgisi-alistirmalari\/","title":{"rendered":"G\u00fcrc\u00fcce Dilbilgisi Al\u0131\u015ft\u0131rmalar\u0131"},"content":{"rendered":"\r\n\r\n\r\n<section class=\"languageChallengeSection\">\r\n    <div class=\"languageInfoWrapper\">\r\n        \r\n        <h1>G\u00fcrc\u00fcce Dilbilgisi Al\u0131\u015ft\u0131rmalar\u0131<\/h1>\r\n        <p>G\u00fcrc\u00fcce dilbilgisine dalmaya haz\u0131r m\u0131s\u0131n\u0131z? Birka\u00e7 temel pratik yapmak, bu e\u015fsiz ve g\u00fczel dile al\u0131\u015fman\u0131za yard\u0131mc\u0131 olacakt\u0131r. Kendinize g\u00fcveninizi art\u0131rmak ve bu arada biraz e\u011flenmek i\u00e7in bu egzersizleri deneyin!<\/p>\r\n\r\n                            <a class=\"getStartedHidden\" href=\"https:\/\/app.talkpal.ai\/tr\/signup?lng=\">Hadi ba\u015fla<\/a>\r\n        \r\n    <\/div>\r\n\r\n    <figure>\r\n    <img decoding=\"async\" width=\"768\" height=\"768\" src=\"https:\/\/talkpal.ai\/wp-content\/uploads\/2023\/06\/welsh-768x768.png\" class=\"languageImage no-lazy\" alt=\"Language learning for better cognitive abilities\" fetchpriority=\"high\" sizes=\"(max-width: 768px) 150px, 768px\" srcset=\"https:\/\/talkpal.ai\/wp-content\/uploads\/2023\/06\/welsh-768x768.png 768w, https:\/\/talkpal.ai\/wp-content\/uploads\/2023\/06\/welsh-300x300.png 300w\" \/>\r\n    \r\n\r\n    <\/figure>\r\n\r\n            <a class=\"getStartedVisible\" href=\"https:\/\/app.talkpal.ai\/tr\/signup?lng=\">Hadi ba\u015fla<\/a>\r\n    \r\n<\/section><section class=\"promotionalBanner\">\r\n    <p class=\"promotionalText\">Dil \u00f6\u011frenmenin en etkili yolu<\/p>\r\n    <a class=\"promotionalLink\" href=\"https:\/\/app.talkpal.ai\/tr\/signup?lng=\">Talkpal \u00fccretsiz deneyin<\/a>\r\n<\/section>\n<div class=\"wp-block-group pageContainerStyle\"><div class=\"wp-block-group__inner-container is-layout-constrained wp-block-group-is-layout-constrained\">\n<h2 class=\"wp-block-heading\" id=\"h-georgian-grammar-topics\">G\u00fcrc\u00fcce Dilbilgisi Konular\u0131<\/h2>\n\n\n\n<p><a href=\"https:\/\/talkpal.ai\/tr\/yeni-bir-dil-ogrenirken-kacinilmasi-gereken-en-buyuk-hatalar\/\">Yeni bir dil \u00f6\u011frenmek<\/a> zorlu <a href=\"https:\/\/talkpal.ai\/locations\/language-courses-in-ama\/\">ama<\/a> \u00f6d\u00fcllendirici bir \u00e7aba olabilir. Esas olarak G\u00fcrcistan&#8217;da konu\u015fulan bir Kartvel dili olan G\u00fcrc\u00fcce de bir istisna de\u011fildir. Kendine \u00f6zg\u00fc \u00f6zellikleri ve yap\u0131lar\u0131 ile G\u00fcrc\u00fcce <a href=\"https:\/\/talkpal.ai\/tr\/egitim-icin-talkpal\/\">\u00f6\u011frenmek<\/a> , karma\u015f\u0131k dilbilgisini anlamak i\u00e7in sistematik bir yakla\u015f\u0131m gerektirir. Bu k\u0131lavuz, <a href=\"https:\/\/talkpal.ai\/tr\/gurcuce-dilbilgisi\/\">G\u00fcrc\u00fcce dilbilgisinin<\/a> temel alanlar\u0131n\u0131, isimler ve artikeller gibi temel bilgilerden ba\u015flayarak ve zamanlar ve c\u00fcmle yap\u0131s\u0131 gibi daha karma\u015f\u0131k alanlara do\u011fru ilerleyerek <a href=\"https:\/\/talkpal.ai\/tr\/dil-ogrenimi-icin-yapay-zeka-chatbotu\/\">dil \u00f6\u011frenimi<\/a> i\u00e7in mant\u0131ksal bir s\u0131rayla \u00f6zetlemektedir.<\/p>\n\n\n\n<h3 class=\"wp-block-heading\" id=\"h-1-nouns\">1. \u0130simler:<\/h3>\n\n\n\n<p>G\u00fcrc\u00fcce dil yolculu\u011funuza isimleri \u00f6\u011frenerek ba\u015flay\u0131n. Bu, ortak ve \u00f6zel isimler, bunlar\u0131n \u00e7o\u011ful bi\u00e7imleri ve gramer ili\u015fkilerini i\u015faretlemek i\u00e7in kullan\u0131lan durum sistemi gibi farkl\u0131 isim kategorilerini anlamay\u0131 i\u00e7erir.<\/p>\n\n\n\n<h3 class=\"wp-block-heading\" id=\"h-2-articles\">2. Makaleler:<\/h3>\n\n\n\n<p>G\u00fcrc\u00fcce&#8217;de belirli veya belirsiz artikeller yoktur. Kesinlik ve belirsizli\u011fin ba\u011flam veya g\u00f6stericiler arac\u0131l\u0131\u011f\u0131yla nas\u0131l ifade edildi\u011fini anlamak c\u00fcmle kurmada \u00e7ok \u00f6nemlidir.<\/p>\n\n\n\n<h3 class=\"wp-block-heading\" id=\"h-3-adjectives\">3. S\u0131fatlar:<\/h3>\n\n\n\n<p>G\u00fcrc\u00fcce&#8217;deki s\u0131fatlar genellikle isimlerinden \u00f6nce gelir ve durumda onlarla ayn\u0131 fikirdedir. Daha fazlas\u0131 i\u00e7in &#8216;upro&#8217; ve \u00e7o\u011fu i\u00e7in &#8216;qvelaze&#8217; gibi kelimeleri kullanarak kar\u015f\u0131la\u015ft\u0131rmal\u0131 ve \u00fcst\u00fcnl\u00fck ifadeleri olu\u015fturmay\u0131 \u00f6\u011frenin.<\/p>\n\n\n\n<h3 class=\"wp-block-heading\" id=\"h-4-pronouns-determiners\">4. Zamirler\/Belirleyiciler:<\/h3>\n\n\n\n<p>G\u00fcrc\u00fcce&#8217;de zamirler ve belirleyiciler \u00f6nemlidir; Ba\u011flam a\u00e7\u0131k oldu\u011funda zamirler genellikle b\u0131rak\u0131l\u0131r ve &#8216;chemi&#8217;, &#8216;sheni&#8217; ve &#8216;misi&#8217; gibi iyelik bi\u00e7imleri isimleri de\u011fi\u015ftirir. &#8216;Es&#8217;, &#8216;is&#8217; ve &#8216;igi&#8217; gibi g\u00f6stericiler, say\u0131lar ve niceleyiciler belirleyici olarak i\u015flev g\u00f6r\u00fcr.<\/p>\n\n\n\n<h3 class=\"wp-block-heading\" id=\"h-5-verbs\">5. Fiiller:<\/h3>\n\n\n\n<p>G\u00fcrc\u00fcce fiiller morfoloji a\u00e7\u0131s\u0131ndan zengindir, \u00f6znelerle ve bazen de nesnelerle uyum g\u00f6sterir. Mevcut seriyle ba\u015flay\u0131n, ard\u0131ndan \u00f6ns\u00f6zlerle geleceklerin nas\u0131l olu\u015ftu\u011funu ke\u015ffedin ve aorist ve kusurlu gibi ge\u00e7mi\u015f formlara ge\u00e7in.<\/p>\n\n\n\n<h3 class=\"wp-block-heading\" id=\"h-6-tenses\">6. Zamanlar:<\/h3>\n\n\n\n<p>Temel fiil formlar\u0131nda ustala\u015ft\u0131ktan sonra G\u00fcrc\u00fc zaman ve g\u00f6r\u00fcn\u00fc\u015f\u00fcn\u00fc daha derinlemesine inceleyin. \u015eimdiki zaman, ge\u00e7mi\u015f ve gelecek zaman\u0131n \u00fc\u00e7 ana seride nas\u0131l ifade edildi\u011fini ve kusurlu, aorist ve m\u00fckemmel formlar\u0131n farkl\u0131 ba\u011flamlarda ne zaman kullan\u0131laca\u011f\u0131n\u0131 \u00f6\u011frenin.<\/p>\n\n\n\n<h3 class=\"wp-block-heading\" id=\"h-7-tense-comparison\">7. Gergin Kar\u015f\u0131la\u015ft\u0131rma:<\/h3>\n\n\n\n<p>Formlar\u0131 seriler aras\u0131nda kar\u015f\u0131la\u015ft\u0131rmak zaman\u0131, y\u00f6n\u00fc ve hizalamay\u0131 anlamaya yard\u0131mc\u0131 olur. Ayn\u0131 fiile \u00e7e\u015fitli \u00e7\u0131\u011fl\u0131klarda bakmak, olaylar\u0131n s\u0131ras\u0131n\u0131 ve b\u00fcy\u00fck\/k\u00fc\u00e7\u00fck harf i\u015faretleme kal\u0131plar\u0131n\u0131 netle\u015ftirir.<\/p>\n\n\n\n<h3 class=\"wp-block-heading\" id=\"h-8-progressive\">8. \u0130lerici:<\/h3>\n\n\n\n<p>G\u00fcrc\u00fcce&#8217;nin \u00f6zel bir ilerici zaman\u0131 yoktur. Devam eden eylemler, \u015fimdiki zaman veya kusurlu ile ifade edilir ve genellikle \u015fimdilik veya ba\u011flam i\u00e7in &#8216;akhla&#8217; gibi zaman ifadeleriyle desteklenir.<\/p>\n\n\n\n<h3 class=\"wp-block-heading\" id=\"h-9-perfect-progressive\">9. M\u00fckemmel \u0130lerici:<\/h3>\n\n\n\n<p>Belirgin bir m\u00fckemmel ilerici yoktur. Bir noktaya kadar devam eden eylemler, sonu\u00e7sal anlam i\u00e7in m\u00fckemmel seriler arac\u0131l\u0131\u011f\u0131yla veya kusurlu art\u0131 ba\u011flamsal ipu\u00e7lar\u0131yla aktar\u0131l\u0131r.<\/p>\n\n\n\n<h3 class=\"wp-block-heading\" id=\"h-10-conditionals\">10. Ko\u015fullar:<\/h3>\n\n\n\n<p>Ko\u015fullar, varsay\u0131msal durumlar\u0131 ve olas\u0131 sonu\u00e7lar\u0131n\u0131 ifade eder. G\u00fcrc\u00fcce&#8217;de tipik olarak dilek kipi ve iste\u011fe ba\u011fl\u0131 formlarla olu\u015fturulurlar, genellikle &#8216;sheidzleba&#8217; gibi modal ifadeler kullanmak i\u00e7in &#8216;tu&#8217; ile tan\u0131t\u0131l\u0131rlar ve bu m\u00fcmk\u00fcnd\u00fcr.<\/p>\n\n\n\n<h3 class=\"wp-block-heading\" id=\"h-11-adverbs\">11. Zarflar:<\/h3>\n\n\n\n<p>G\u00fcrc\u00fcce&#8217;deki zarflar fiilleri, s\u0131fatlar\u0131 veya di\u011fer zarflar\u0131 de\u011fi\u015ftirir. Pek \u00e7ok terim zarf\u0131 &#8216;-ad&#8217; son ekiyle olu\u015fturulur ve yayg\u0131n derece s\u00f6zc\u00fckleri aras\u0131nda \u00e7ok i\u00e7in &#8216;dzalian&#8217; ve daha fazlas\u0131 i\u00e7in &#8216;upro&#8217; bulunur.<\/p>\n\n\n\n<h3 class=\"wp-block-heading\" id=\"h-12-prepositions\">12. Edatlar:<\/h3>\n\n\n\n<p>G\u00fcrc\u00fcce edatlar yerine edatlar kullan\u0131r. Bunlar ismi takip eder ve belirli durumlarla etkile\u015fime girer ve bir\u00e7ok ili\u015fkisel anlam do\u011frudan durum sonlar\u0131yla ifade edilir.<\/p>\n\n\n\n<h3 class=\"wp-block-heading\" id=\"h-13-sentences\">13. C\u00fcmleler:<\/h3>\n\n\n\n<p>Son olarak, c\u00fcmle kurma al\u0131\u015ft\u0131rmas\u0131 yap\u0131n. Bu, daha \u00f6nce \u00f6\u011frenilen t\u00fcm dilbilgisi noktalar\u0131n\u0131 ba\u011flam i\u00e7inde kullanmay\u0131, SOV e\u011filimi ile esnek kelime s\u0131ras\u0131n\u0131 y\u00f6netmeyi, b\u00fcy\u00fck\/k\u00fc\u00e7\u00fck harf i\u015faretlemeyi ve uygun fiil bi\u00e7imlerini i\u00e7erecektir.<\/p>\n<\/div><\/div>\n\r\n<section class=\"learnNavigationSection\">\r\n            \r\n        <a href=\"https:\/\/talkpal.ai\/tr\/galce-ogren\/\">\r\n            <div class=\"learnNavigationWrapper\">\r\n                <div class=\"learnNavigationContent\">\r\n                    <img decoding=\"async\" src=\"https:\/\/talkpal.ai\/wp-content\/uploads\/2025\/11\/Georgian.png\" alt=\"Georgian Flag\">\r\n                    <div>\r\n                        <h4>G\u00fcrc\u00fcce \u00d6\u011frenme Hakk\u0131nda<\/h4>\r\n                        <p>G\u00fcrc\u00fcce Dilbilgisi hakk\u0131nda her \u015feyi \u00f6\u011frenin.<\/p>\r\n                    <\/div>\r\n                <\/div>\r\n            <\/div>\r\n        <\/a>\r\n\r\n        \r\n        <a href=\"https:\/\/talkpal.ai\/tr\/galce-dilbilgisi\/\">\r\n            <div class=\"learnNavigationWrapper\">\r\n                <div class=\"learnNavigationContent\">\r\n                    <img decoding=\"async\" src=\"https:\/\/talkpal.ai\/wp-content\/uploads\/2025\/11\/Georgian.png\" alt=\"Georgian Flag\">\r\n                    <div>\r\n                        <h4>G\u00fcrc\u00fcce Dilbilgisi Dersleri<\/h4>\r\n                        <p>G\u00fcrc\u00fcce dilbilgisi prati\u011fi yap\u0131n.<\/p>\r\n                    <\/div>\r\n                <\/div>\r\n            <\/div>\r\n        <\/a>\r\n\r\n            <\/section>","protected":false},"excerpt":{"rendered":"<p>G\u00fcrc\u00fcce Dilbilgisi Konular\u0131 Yeni bir dil \u00f6\u011frenmek zorlu ama \u00f6d\u00fcllendirici bir \u00e7aba olabilir. Esas olarak G\u00fcrcistan&#8217;da konu\u015fulan bir Kartvel dili olan G\u00fcrc\u00fcce de bir istisna de\u011fildir. Kendine \u00f6zg\u00fc \u00f6zellikleri ve yap\u0131lar\u0131 ile G\u00fcrc\u00fcce \u00f6\u011frenmek , karma\u015f\u0131k dilbilgisini anlamak i\u00e7in sistematik bir yakla\u015f\u0131m gerektirir. Bu k\u0131lavuz, G\u00fcrc\u00fcce dilbilgisinin temel alanlar\u0131n\u0131, isimler ve artikeller gibi temel bilgilerden [&hellip;]<\/p>\n","protected":false},"author":20,"featured_media":0,"parent":0,"menu_order":0,"comment_status":"closed","ping_status":"closed","template":"LearningContentPage.php","meta":{"_acf_changed":false,"footnotes":""},"class_list":["post-1464855","page","type-page","status-publish","hentry"],"acf":[],"yoast_head":"<!-- This site is optimized with the Yoast SEO Premium plugin v27.2 (Yoast SEO v27.2) - https:\/\/yoast.com\/product\/yoast-seo-premium-wordpress\/ -->\n<title>G\u00fcrc\u00fcce Dilbilgisi Al\u0131\u015ft\u0131rmalar\u0131 - Talkpal<\/title>\n<meta name=\"description\" content=\"Dilde ak\u0131c\u0131l\u0131k ve \u00f6zg\u00fcven olu\u015fturman\u0131za yard\u0131mc\u0131 olmak i\u00e7in tasarlanm\u0131\u015f interaktif al\u0131\u015ft\u0131rmalarla G\u00fcrc\u00fcce dilbilgisinde ustala\u015f\u0131n.\" \/>\n<meta name=\"robots\" content=\"index, follow, max-snippet:-1, max-image-preview:large, max-video-preview:-1\" \/>\n<link rel=\"canonical\" href=\"https:\/\/talkpal.ai\/tr\/gurcuce-dilbilgisi-alistirmalari\/\" \/>\n<meta property=\"og:locale\" content=\"tr_TR\" \/>\n<meta property=\"og:type\" content=\"article\" \/>\n<meta property=\"og:title\" content=\"G\u00fcrc\u00fcce Dilbilgisi Al\u0131\u015ft\u0131rmalar\u0131\" \/>\n<meta property=\"og:description\" content=\"G\u00fcrc\u00fcce Dilbilgisi Konular\u0131 Yeni bir dil \u00f6\u011frenmek zorlu ama \u00f6d\u00fcllendirici bir \u00e7aba olabilir. Esas olarak G\u00fcrcistan&#039;da konu\u015fulan bir Kartvel dili olan\" \/>\n<meta property=\"og:url\" content=\"https:\/\/talkpal.ai\/tr\/gurcuce-dilbilgisi-alistirmalari\/\" \/>\n<meta property=\"og:site_name\" content=\"Talkpal\" \/>\n<meta property=\"article:publisher\" content=\"https:\/\/www.facebook.com\/profile.php?id=100090733639311\" \/>\n<meta property=\"article:modified_time\" content=\"2025-12-30T14:54:22+00:00\" \/>\n<meta property=\"og:image\" content=\"https:\/\/talkpal.ai\/wp-content\/uploads\/2025\/02\/Progress-tab-16_9.png\" \/>\n\t<meta property=\"og:image:width\" content=\"2880\" \/>\n\t<meta property=\"og:image:height\" content=\"1620\" \/>\n\t<meta property=\"og:image:type\" content=\"image\/png\" \/>\n<meta name=\"twitter:card\" content=\"summary_large_image\" \/>\n<meta name=\"twitter:site\" content=\"@talkpalai\" \/>\n<meta name=\"twitter:label1\" content=\"Tahmini okuma s\u00fcresi\" \/>\n\t<meta name=\"twitter:data1\" content=\"3 dakika\" \/>\n<script type=\"application\/ld+json\" class=\"yoast-schema-graph\">{\"@context\":\"https:\/\/schema.org\",\"@graph\":[{\"@type\":\"WebPage\",\"@id\":\"https:\/\/talkpal.ai\/tr\/gurcuce-dilbilgisi-alistirmalari\/\",\"url\":\"https:\/\/talkpal.ai\/tr\/gurcuce-dilbilgisi-alistirmalari\/\",\"name\":\"G\u00fcrc\u00fcce Dilbilgisi Al\u0131\u015ft\u0131rmalar\u0131 - Talkpal\",\"isPartOf\":{\"@id\":\"https:\/\/talkpal.ai\/tr\/#website\"},\"datePublished\":\"2025-11-11T17:01:24+00:00\",\"dateModified\":\"2025-12-30T14:54:22+00:00\",\"description\":\"Dilde ak\u0131c\u0131l\u0131k ve \u00f6zg\u00fcven olu\u015fturman\u0131za yard\u0131mc\u0131 olmak i\u00e7in tasarlanm\u0131\u015f interaktif al\u0131\u015ft\u0131rmalarla G\u00fcrc\u00fcce dilbilgisinde ustala\u015f\u0131n.\",\"breadcrumb\":{\"@id\":\"https:\/\/talkpal.ai\/tr\/gurcuce-dilbilgisi-alistirmalari\/#breadcrumb\"},\"inLanguage\":\"tr\",\"potentialAction\":[{\"@type\":\"ReadAction\",\"target\":[\"https:\/\/talkpal.ai\/tr\/gurcuce-dilbilgisi-alistirmalari\/\"]}]},{\"@type\":\"BreadcrumbList\",\"@id\":\"https:\/\/talkpal.ai\/tr\/gurcuce-dilbilgisi-alistirmalari\/#breadcrumb\",\"itemListElement\":[{\"@type\":\"ListItem\",\"position\":1,\"name\":\"Homepage\",\"item\":\"https:\/\/talkpal.ai\/tr\/\"},{\"@type\":\"ListItem\",\"position\":2,\"name\":\"G\u00fcrc\u00fcce Dilbilgisi Al\u0131\u015ft\u0131rmalar\u0131\"}]},{\"@type\":\"WebSite\",\"@id\":\"https:\/\/talkpal.ai\/tr\/#website\",\"url\":\"https:\/\/talkpal.ai\/tr\/\",\"name\":\"Talkpal\",\"description\":\"AI Language Learning\",\"publisher\":{\"@id\":\"https:\/\/talkpal.ai\/tr\/#organization\"},\"alternateName\":\"Talkpal AI\",\"potentialAction\":[{\"@type\":\"SearchAction\",\"target\":{\"@type\":\"EntryPoint\",\"urlTemplate\":\"https:\/\/talkpal.ai\/tr\/?s={search_term_string}\"},\"query-input\":{\"@type\":\"PropertyValueSpecification\",\"valueRequired\":true,\"valueName\":\"search_term_string\"}}],\"inLanguage\":\"tr\"},{\"@type\":\"Organization\",\"@id\":\"https:\/\/talkpal.ai\/tr\/#organization\",\"name\":\"Talkpal, Inc.\",\"alternateName\":\"Talkpal AI\",\"url\":\"https:\/\/talkpal.ai\/tr\/\",\"logo\":{\"@type\":\"ImageObject\",\"inLanguage\":\"tr\",\"@id\":\"https:\/\/talkpal.ai\/tr\/#\/schema\/logo\/image\/\",\"url\":\"https:\/\/talkpal.ai\/wp-content\/uploads\/2024\/03\/Talkpal-Logo-Icon.png\",\"contentUrl\":\"https:\/\/talkpal.ai\/wp-content\/uploads\/2024\/03\/Talkpal-Logo-Icon.png\",\"width\":2880,\"height\":2880,\"caption\":\"Talkpal, Inc.\"},\"image\":{\"@id\":\"https:\/\/talkpal.ai\/tr\/#\/schema\/logo\/image\/\"},\"sameAs\":[\"https:\/\/www.facebook.com\/profile.php?id=100090733639311\",\"https:\/\/x.com\/talkpalai\",\"https:\/\/www.linkedin.com\/company\/talkpal\/\",\"https:\/\/www.youtube.com\/@TalkPal\/\",\"https:\/\/www.tiktok.com\/@talkpal\",\"https:\/\/www.instagram.com\/talkpal_ai\/\",\"https:\/\/www.crunchbase.com\/organization\/talkpal-9cde\",\"https:\/\/www.g2.com\/products\/talkpal-for-business\/\",\"https:\/\/www.trustpilot.com\/review\/talkpal.ai\",\"https:\/\/www.capterra.com\/p\/10006800\/TalkPal\/\"],\"description\":\"Talkpal is a language learning web and mobile education app, powered by the latest AI technologies, that provides engaging experiences to its customers in many different languages to help them improve their language skills. Users can chat about unlimited amount of topics with the app and use other modes to practice their language learning.\",\"email\":\"support@talkpal.ai\",\"legalName\":\"Talkpal, Inc.\",\"foundingDate\":\"2023-04-03\",\"duns\":\"118989042\",\"numberOfEmployees\":{\"@type\":\"QuantitativeValue\",\"minValue\":\"11\",\"maxValue\":\"50\"},\"publishingPrinciples\":\"https:\/\/talkpal.ai\/publishing-principles\/\",\"actionableFeedbackPolicy\":\"https:\/\/talkpal.ai\/actionable-feedback-policy\/\",\"correctionsPolicy\":\"https:\/\/talkpal.ai\/corrections-policy\/\",\"ethicsPolicy\":\"https:\/\/talkpal.ai\/ethics-policy\/\",\"diversityPolicy\":\"https:\/\/talkpal.ai\/diversity-policy\/\",\"diversityStaffingReport\":\"https:\/\/talkpal.ai\/diversity-policy\/\"}]}<\/script>\n<!-- \/ Yoast SEO Premium plugin. -->","yoast_head_json":{"title":"G\u00fcrc\u00fcce Dilbilgisi Al\u0131\u015ft\u0131rmalar\u0131 - Talkpal","description":"Dilde ak\u0131c\u0131l\u0131k ve \u00f6zg\u00fcven olu\u015fturman\u0131za yard\u0131mc\u0131 olmak i\u00e7in tasarlanm\u0131\u015f interaktif al\u0131\u015ft\u0131rmalarla G\u00fcrc\u00fcce dilbilgisinde ustala\u015f\u0131n.","robots":{"index":"index","follow":"follow","max-snippet":"max-snippet:-1","max-image-preview":"max-image-preview:large","max-video-preview":"max-video-preview:-1"},"canonical":"https:\/\/talkpal.ai\/tr\/gurcuce-dilbilgisi-alistirmalari\/","og_locale":"tr_TR","og_type":"article","og_title":"G\u00fcrc\u00fcce Dilbilgisi Al\u0131\u015ft\u0131rmalar\u0131","og_description":"G\u00fcrc\u00fcce Dilbilgisi Konular\u0131 Yeni bir dil \u00f6\u011frenmek zorlu ama \u00f6d\u00fcllendirici bir \u00e7aba olabilir. Esas olarak G\u00fcrcistan'da konu\u015fulan bir Kartvel dili olan","og_url":"https:\/\/talkpal.ai\/tr\/gurcuce-dilbilgisi-alistirmalari\/","og_site_name":"Talkpal","article_publisher":"https:\/\/www.facebook.com\/profile.php?id=100090733639311","article_modified_time":"2025-12-30T14:54:22+00:00","og_image":[{"width":2880,"height":1620,"url":"https:\/\/talkpal.ai\/wp-content\/uploads\/2025\/02\/Progress-tab-16_9.png","type":"image\/png"}],"twitter_card":"summary_large_image","twitter_site":"@talkpalai","twitter_misc":{"Tahmini okuma s\u00fcresi":"3 dakika"},"schema":{"@context":"https:\/\/schema.org","@graph":[{"@type":"WebPage","@id":"https:\/\/talkpal.ai\/tr\/gurcuce-dilbilgisi-alistirmalari\/","url":"https:\/\/talkpal.ai\/tr\/gurcuce-dilbilgisi-alistirmalari\/","name":"G\u00fcrc\u00fcce Dilbilgisi Al\u0131\u015ft\u0131rmalar\u0131 - Talkpal","isPartOf":{"@id":"https:\/\/talkpal.ai\/tr\/#website"},"datePublished":"2025-11-11T17:01:24+00:00","dateModified":"2025-12-30T14:54:22+00:00","description":"Dilde ak\u0131c\u0131l\u0131k ve \u00f6zg\u00fcven olu\u015fturman\u0131za yard\u0131mc\u0131 olmak i\u00e7in tasarlanm\u0131\u015f interaktif al\u0131\u015ft\u0131rmalarla G\u00fcrc\u00fcce dilbilgisinde ustala\u015f\u0131n.","breadcrumb":{"@id":"https:\/\/talkpal.ai\/tr\/gurcuce-dilbilgisi-alistirmalari\/#breadcrumb"},"inLanguage":"tr","potentialAction":[{"@type":"ReadAction","target":["https:\/\/talkpal.ai\/tr\/gurcuce-dilbilgisi-alistirmalari\/"]}]},{"@type":"BreadcrumbList","@id":"https:\/\/talkpal.ai\/tr\/gurcuce-dilbilgisi-alistirmalari\/#breadcrumb","itemListElement":[{"@type":"ListItem","position":1,"name":"Homepage","item":"https:\/\/talkpal.ai\/tr\/"},{"@type":"ListItem","position":2,"name":"G\u00fcrc\u00fcce Dilbilgisi Al\u0131\u015ft\u0131rmalar\u0131"}]},{"@type":"WebSite","@id":"https:\/\/talkpal.ai\/tr\/#website","url":"https:\/\/talkpal.ai\/tr\/","name":"Talkpal","description":"AI Language Learning","publisher":{"@id":"https:\/\/talkpal.ai\/tr\/#organization"},"alternateName":"Talkpal AI","potentialAction":[{"@type":"SearchAction","target":{"@type":"EntryPoint","urlTemplate":"https:\/\/talkpal.ai\/tr\/?s={search_term_string}"},"query-input":{"@type":"PropertyValueSpecification","valueRequired":true,"valueName":"search_term_string"}}],"inLanguage":"tr"},{"@type":"Organization","@id":"https:\/\/talkpal.ai\/tr\/#organization","name":"Talkpal, Inc.","alternateName":"Talkpal AI","url":"https:\/\/talkpal.ai\/tr\/","logo":{"@type":"ImageObject","inLanguage":"tr","@id":"https:\/\/talkpal.ai\/tr\/#\/schema\/logo\/image\/","url":"https:\/\/talkpal.ai\/wp-content\/uploads\/2024\/03\/Talkpal-Logo-Icon.png","contentUrl":"https:\/\/talkpal.ai\/wp-content\/uploads\/2024\/03\/Talkpal-Logo-Icon.png","width":2880,"height":2880,"caption":"Talkpal, Inc."},"image":{"@id":"https:\/\/talkpal.ai\/tr\/#\/schema\/logo\/image\/"},"sameAs":["https:\/\/www.facebook.com\/profile.php?id=100090733639311","https:\/\/x.com\/talkpalai","https:\/\/www.linkedin.com\/company\/talkpal\/","https:\/\/www.youtube.com\/@TalkPal\/","https:\/\/www.tiktok.com\/@talkpal","https:\/\/www.instagram.com\/talkpal_ai\/","https:\/\/www.crunchbase.com\/organization\/talkpal-9cde","https:\/\/www.g2.com\/products\/talkpal-for-business\/","https:\/\/www.trustpilot.com\/review\/talkpal.ai","https:\/\/www.capterra.com\/p\/10006800\/TalkPal\/"],"description":"Talkpal is a language learning web and mobile education app, powered by the latest AI technologies, that provides engaging experiences to its customers in many different languages to help them improve their language skills. Users can chat about unlimited amount of topics with the app and use other modes to practice their language learning.","email":"support@talkpal.ai","legalName":"Talkpal, Inc.","foundingDate":"2023-04-03","duns":"118989042","numberOfEmployees":{"@type":"QuantitativeValue","minValue":"11","maxValue":"50"},"publishingPrinciples":"https:\/\/talkpal.ai\/publishing-principles\/","actionableFeedbackPolicy":"https:\/\/talkpal.ai\/actionable-feedback-policy\/","correctionsPolicy":"https:\/\/talkpal.ai\/corrections-policy\/","ethicsPolicy":"https:\/\/talkpal.ai\/ethics-policy\/","diversityPolicy":"https:\/\/talkpal.ai\/diversity-policy\/","diversityStaffingReport":"https:\/\/talkpal.ai\/diversity-policy\/"}]}},"_links":{"self":[{"href":"https:\/\/talkpal.ai\/tr\/wp-json\/wp\/v2\/pages\/1464855","targetHints":{"allow":["GET"]}}],"collection":[{"href":"https:\/\/talkpal.ai\/tr\/wp-json\/wp\/v2\/pages"}],"about":[{"href":"https:\/\/talkpal.ai\/tr\/wp-json\/wp\/v2\/types\/page"}],"author":[{"embeddable":true,"href":"https:\/\/talkpal.ai\/tr\/wp-json\/wp\/v2\/users\/20"}],"replies":[{"embeddable":true,"href":"https:\/\/talkpal.ai\/tr\/wp-json\/wp\/v2\/comments?post=1464855"}],"version-history":[{"count":0,"href":"https:\/\/talkpal.ai\/tr\/wp-json\/wp\/v2\/pages\/1464855\/revisions"}],"wp:attachment":[{"href":"https:\/\/talkpal.ai\/tr\/wp-json\/wp\/v2\/media?parent=1464855"}],"curies":[{"name":"wp","href":"https:\/\/api.w.org\/{rel}","templated":true}]}}