{"id":146457,"date":"2023-05-14T14:11:00","date_gmt":"2023-05-14T14:11:00","guid":{"rendered":"http:\/\/talkpal.ai\/kazakca-dilbilgisi\/"},"modified":"2025-12-17T17:17:50","modified_gmt":"2025-12-17T17:17:50","slug":"kazakca-dilbilgisi","status":"publish","type":"page","link":"https:\/\/talkpal.ai\/tr\/kazakca-dilbilgisi\/","title":{"rendered":"Kazak\u00e7a Dilbilgisi"},"content":{"rendered":"\r\n\r\n\r\n<section class=\"languageChallengeSection\">\r\n    <div class=\"languageInfoWrapper\">\r\n        \r\n        <h1>Kazak\u00e7a Dilbilgisi<\/h1>\r\n        <p>Kazak\u00e7a \u00f6\u011frenmek, tarih ve k\u00fclt\u00fcr a\u00e7\u0131s\u0131ndan zengin bir dilin kap\u0131s\u0131n\u0131 a\u00e7ar ve kalbinde b\u00fcy\u00fcleyici bir gramer sistemi yatar. <a href=\"https:\/\/talkpal.ai\/kazakh-grammar\/\">Kazak\u00e7a dilbilgisi<\/a> ilk ba\u015fta karma\u015f\u0131k g\u00f6r\u00fcnse de, \u00fcnl\u00fc uyumu, isim durumlar\u0131 ve fiil zamanlar\u0131 gibi temel \u00f6zelliklerini anlamak, dilde ustala\u015fmay\u0131 hem ula\u015f\u0131labilir hem de \u00f6d\u00fcllendirici hale getirir. Dal\u0131\u015f yap\u0131n ve Kazak\u00e7ay\u0131 benzersiz k\u0131lan \u015feyleri ke\u015ffedin!<\/p>\r\n\r\n                            <a class=\"getStartedHidden\" href=\"https:\/\/app.talkpal.ai\/tr\/signup?lng=\">Hadi ba\u015fla<\/a>\r\n        \r\n    <\/div>\r\n\r\n    <figure>\r\n    <img decoding=\"async\" width=\"768\" height=\"768\" src=\"https:\/\/talkpal.ai\/wp-content\/uploads\/2023\/06\/Khazak-768x768.png\" class=\"languageImage no-lazy\" alt=\"Language learning for increased negotiation skills\" fetchpriority=\"high\" sizes=\"(max-width: 768px) 150px, 768px\" srcset=\"https:\/\/talkpal.ai\/wp-content\/uploads\/2023\/06\/Khazak-768x768.png 768w, https:\/\/talkpal.ai\/wp-content\/uploads\/2023\/06\/Khazak-300x300.png 300w\" \/>\r\n    \r\n\r\n    <\/figure>\r\n\r\n            <a class=\"getStartedVisible\" href=\"https:\/\/app.talkpal.ai\/tr\/signup?lng=\">Hadi ba\u015fla<\/a>\r\n    \r\n<\/section>\r\n<section class=\"promotionalBanner\">\r\n    <p class=\"promotionalText\">Dil \u00f6\u011frenmenin en etkili yolu<\/p>\r\n    <a class=\"promotionalLink\" href=\"https:\/\/app.talkpal.ai\/tr\/signup?lng=\">Talkpal \u00fccretsiz deneyin<\/a>\r\n<\/section>\n<div class=\"wp-block-group pageContainerStyle\"><div class=\"wp-block-group__inner-container is-layout-constrained wp-block-group-is-layout-constrained\">\n<h2 class=\"wp-block-heading\" id=\"h-kazakh-grammar-unlocking-the-secrets-of-the-kazakh-language\">Kazak\u00e7a Dilbilgisi: Kazak Dilinin S\u0131rlar\u0131n\u0131 \u00c7\u00f6zmek<\/h2>\n\n\n\n<p><a href=\"https:\/\/talkpal.ai\/learn-kazakh\/\">Kazak<\/a> dilini \u00f6\u011frenmek s\u00f6z konusu oldu\u011funda, Kazak\u00e7a dilbilgisinin temellerini anlamak, s\u0131rlar\u0131n\u0131 \u00e7\u00f6zmek i\u00e7in \u00e7ok \u00f6nemlidir. \u0130lk ba\u015fta korkutucu g\u00f6r\u00fcnse de, dilbilgisi sistemi dili b\u00fcy\u00fcleyici k\u0131lan benzersiz \u00f6zelliklere sahiptir. Bu makale, Kazak\u00e7a dilbilgisinin temel y\u00f6nlerine \u0131\u015f\u0131k tutmay\u0131 ve dilin zengin yap\u0131s\u0131na konu\u015fma dilinde ve gayri resmi bir giri\u015f sa\u011flamay\u0131 ama\u00e7lamaktad\u0131r.<\/p>\n\n\n\n<h3 class=\"wp-block-heading\" id=\"h-1-nouns-harmony-in-cases-and-declensions\">1. \u0130simler \u2013 Durumlarda ve \u00c7ekimlerde Uyum<\/h3>\n\n\n\n<p>Kazak\u00e7a dilbilgisinde dikkate al\u0131nmas\u0131 gereken ilk \u015feylerden biri ismin yap\u0131s\u0131d\u0131r. Dil, \u00fcnl\u00fclerin \u00f6nde veya arkada oldu\u011fu ve uyumlu kombinasyonlar\u0131n tercih edildi\u011fi bir \u00fcnl\u00fc uyum sistemi kullan\u0131r. Bu sistem, ilk ismin armonik grubuyla e\u015fle\u015fen \u00e7e\u015fitli eklerle olu\u015fturulan isim \u00e7o\u011fullar\u0131yla ba\u011flant\u0131l\u0131d\u0131r.<\/p>\n\n\n\n<p>Kazak\u00e7a isimler yedi duruma uyar: nominatif, genitive, dative, accusative, locative, ablative ve instrumental. \u0130lk ba\u015fta \u00fcrk\u00fct\u00fcc\u00fc olsa da, bu vakalara hakim olmak, do\u011fru c\u00fcmle yap\u0131lar\u0131 olu\u015fturmada \u00e7ok \u00f6nemlidir. Durumlar, kelimeler aras\u0131ndaki ili\u015fkileri belirleyerek, anlam\u0131 kaybetmeden kelime s\u0131ralamas\u0131nda esneklik sa\u011flar.<\/p>\n\n\n\n<h3 class=\"wp-block-heading\" id=\"h-2-adjectives-agreement-and-comparison\">2. S\u0131fatlar \u2013 Anla\u015fma ve Kar\u015f\u0131la\u015ft\u0131rma<\/h3>\n\n\n\n<p>Kazak\u00e7a s\u0131fatlar, isimleri tan\u0131mlamak ve isimler hakk\u0131nda daha fazla bilgi sa\u011flamak i\u00e7in kullan\u0131l\u0131r. De\u011fi\u015ftirdikleri isimle durum ve say\u0131 a\u00e7\u0131s\u0131ndan hemfikir olmal\u0131d\u0131rlar. Ek olarak, s\u0131fatlar, farkl\u0131 vurgu d\u00fczeylerini iletmek i\u00e7in kar\u015f\u0131l\u0131k gelen eklerin eklenmesiyle elde edilen kar\u015f\u0131la\u015ft\u0131rmal\u0131 ve \u00fcst\u00fcn dereceler kullan\u0131larak kar\u015f\u0131la\u015ft\u0131r\u0131labilir.<\/p>\n\n\n\n<p>\u00d6rne\u011fin, Kazak\u00e7ada &#8220;g\u00fczel&#8221; kelimesinin kar\u015f\u0131l\u0131\u011f\u0131 &#8220;\u0441\u044b\u04a3\u0448\u044b &#8220;dir. G\u00fczel bir bah\u00e7eyi (\u0431\u0430\u049b) tarif ederken, ifade &#8220;\u0441\u044b\u04a3\u0448\u044b \u0431\u0430\u049b&#8221; olacakt\u0131r. &#8220;Daha g\u00fczel&#8221; demek i\u00e7in &#8220;\u0441\u044b\u04a3\u0448\u044b\u0440\u0430\u049b&#8221; kullan\u0131l\u0131r, &#8220;en g\u00fczel&#8221; ise &#8220;\u0441\u044b\u04a3\u0448\u044b&#8221; kullan\u0131larak olu\u015fturulur. &#8220;En g\u00fczel bah\u00e7e&#8221; demek i\u00e7in &#8220;\u0441\u044b\u04a3\u0448\u044b \u0431\u0430\u049b&#8221; kullan\u0131rs\u0131n\u0131z.<\/p>\n\n\n\n<h3 class=\"wp-block-heading\" id=\"h-3-verbs-tense-mood-and-aspect\">3. Fiiller \u2013 Zaman, Ruh Hali ve Y\u00f6n<\/h3>\n\n\n\n<p>Kazak\u00e7a&#8217;daki fiiller zaman, ruh hali ve y\u00f6n\u00fc tasvir eder. Dil \u00fc\u00e7 ana zaman i\u00e7erir: ge\u00e7mi\u015f, \u015fimdiki zaman ve gelecek. Her zaman\u0131n \u00f6zne zamirine, ruh haline (emir kipi veya ko\u015fullu gibi) ve y\u00f6n\u00fcne (eylemin tamamlanm\u0131\u015f bir eylemi yans\u0131tan m\u00fckemmel veya kusurlu olup olmad\u0131\u011f\u0131na) ba\u011fl\u0131 olarak farkl\u0131 bi\u00e7imleri vard\u0131r.<\/p>\n\n\n\n<h3 class=\"wp-block-heading\" id=\"h-4-pronouns-personal-and-demonstrative\">4. Zamirler \u2013 Ki\u015fisel ve \u0130\u015faret<\/h3>\n\n\n\n<p>Kazak\u00e7a dilbilgisindeki zamirler ki\u015fisel, iyelik, g\u00f6sterici, soru ve g\u00f6receli \u00e7e\u015fitleri i\u00e7erir. Referans ald\u0131klar\u0131 veya de\u011fi\u015ftirdikleri isimle durum ve say\u0131 olarak hemfikir olmal\u0131d\u0131rlar. \u00d6rne\u011fin, i\u015faret zamirlerinin \u00fc\u00e7 bi\u00e7imi vard\u0131r: konu\u015fmac\u0131ya olan mesafeye ba\u011fl\u0131 olarak proksimal (\u0431\u04b1\u043b), medial (\u043e\u0441\u044b) ve distal (\u0430\u043d\u0430\u0443).<\/p>\n\n\n\n<h3 class=\"wp-block-heading\" id=\"h-5-embracing-the-uniqueness-of-kazakh-grammar\">5. Kazak Dilbilgisinin Benzersizli\u011fini Benimsemek<\/h3>\n\n\n\n<p>Kazak\u00e7a dil yolculu\u011funuza ba\u015flarken, bunun n\u00fcanslara bir kerede hakim olmakla ilgili olmad\u0131\u011f\u0131n\u0131 unutmay\u0131n. Kazak\u00e7a&#8217;y\u0131 di\u011ferlerinden ay\u0131ran benzersiz dilbilgisi sistemini ke\u015ffetmenin ve bunalm\u0131\u015f hissetmeden anlamak i\u00e7in zaman ay\u0131rman\u0131n keyfini \u00e7\u0131kar\u0131n.<\/p>\n\n\n\n<p>Kazak\u00e7a dilbilgisinin \u00f6zelliklerini takdir ederek ve ke\u015ffederek, dilin g\u00fczelli\u011fini ger\u00e7ekten ortaya \u00e7\u0131karabilir ve i\u00e7erdi\u011fi zengin k\u00fclt\u00fcrel mirasa daha fazla eri\u015fim sa\u011flayabilirsiniz. \u0421\u04d9\u0442\u0442\u0456 \u043e\u049b\u0443 \u2013 Mutlu \u00f6\u011frenme!<\/p>\n<\/div><\/div>\n\r\n<section class=\"learnNavigationSection\">\r\n            \r\n        <a href=\"https:\/\/talkpal.ai\/tr\/kazakca-ogren\/\">\r\n            <div class=\"learnNavigationWrapper\">\r\n                <div class=\"learnNavigationContent\">\r\n                    <img decoding=\"async\" src=\"https:\/\/talkpal.ai\/wp-content\/uploads\/2024\/08\/Kazakh.jpg\" alt=\"Kazakh Flag\">\r\n                    <div>\r\n                        <h4>Kazak\u00e7a \u00d6\u011frenimi Hakk\u0131nda<\/h4>\r\n                        <p>Kazak\u00e7a dilbilgisi hakk\u0131nda her \u015feyi \u00f6\u011frenin .<\/p>\r\n                    <\/div>\r\n                <\/div>\r\n            <\/div>\r\n        <\/a>\r\n\r\n        \r\n        <a href=\"https:\/\/talkpal.ai\/tr\/kazakca-dilbilgisi-alistirmalari\/\">\r\n            <div class=\"learnNavigationWrapper\">\r\n                <div class=\"learnNavigationContent\">\r\n                    <img decoding=\"async\" src=\"https:\/\/talkpal.ai\/wp-content\/uploads\/2024\/08\/Kazakh.jpg\" alt=\"Kazakh Flag\">\r\n                    <div>\r\n                        <h4>Kazak\u00e7a Dilbilgisi Al\u0131\u015ft\u0131rmas\u0131<\/h4>\r\n                        <p>Kazak\u00e7a dilbilgisi al\u0131\u015ft\u0131rmas\u0131 yap\u0131n .<\/p>\r\n                    <\/div>\r\n                <\/div>\r\n            <\/div>\r\n        <\/a>\r\n\r\n        \r\n        <a href=\"https:\/\/talkpal.ai\/vocabulary_language\/kazakh\/\">\r\n            <div class=\"learnNavigationWrapper\">\r\n                <div class=\"learnNavigationContent\">\r\n                    <img decoding=\"async\" src=\"https:\/\/talkpal.ai\/wp-content\/uploads\/2024\/08\/Kazakh.jpg\" alt=\"Kazakh Flag\">\r\n                    <div>\r\n                        <h4>Kazak\u00e7a Kelime Bilgisi<\/h4>\r\n                        <p>Kazak\u00e7a kelime da\u011farc\u0131\u011f\u0131n\u0131z\u0131 geni\u015fletin.<\/p>\r\n                    <\/div>\r\n                <\/div>\r\n            <\/div>\r\n        <\/a>\r\n\r\n            <\/section>","protected":false},"excerpt":{"rendered":"<p>Kazak\u00e7a Dilbilgisi: Kazak Dilinin S\u0131rlar\u0131n\u0131 \u00c7\u00f6zmek Kazak dilini \u00f6\u011frenmek s\u00f6z konusu oldu\u011funda, Kazak\u00e7a dilbilgisinin temellerini anlamak, s\u0131rlar\u0131n\u0131 \u00e7\u00f6zmek i\u00e7in \u00e7ok \u00f6nemlidir. \u0130lk ba\u015fta korkutucu g\u00f6r\u00fcnse de, dilbilgisi sistemi dili b\u00fcy\u00fcleyici k\u0131lan benzersiz \u00f6zelliklere sahiptir. Bu makale, Kazak\u00e7a dilbilgisinin temel y\u00f6nlerine \u0131\u015f\u0131k tutmay\u0131 ve dilin zengin yap\u0131s\u0131na konu\u015fma dilinde ve gayri resmi bir giri\u015f sa\u011flamay\u0131 ama\u00e7lamaktad\u0131r. [&hellip;]<\/p>\n","protected":false},"author":1,"featured_media":114184,"parent":0,"menu_order":0,"comment_status":"closed","ping_status":"closed","template":"LearningContentPage.php","meta":{"_acf_changed":false,"footnotes":""},"class_list":["post-146457","page","type-page","status-publish","has-post-thumbnail","hentry"],"acf":[],"yoast_head":"<!-- This site is optimized with the Yoast SEO Premium plugin v27.2 (Yoast SEO v27.2) - https:\/\/yoast.com\/product\/yoast-seo-premium-wordpress\/ -->\n<title>Kazak\u00e7a Dilbilgisi - Talkpal<\/title>\n<meta name=\"description\" content=\"Kazak\u00e7a dilbilgisinde zahmetsizce ustala\u015f\u0131n - temel kurallar\u0131 \u00f6\u011frenin, c\u00fcmle yap\u0131s\u0131n\u0131 uygulay\u0131n ve ak\u0131c\u0131l\u0131\u011f\u0131n\u0131z\u0131 h\u0131zla geli\u015ftirin\" \/>\n<meta name=\"robots\" content=\"index, follow, max-snippet:-1, max-image-preview:large, max-video-preview:-1\" \/>\n<link rel=\"canonical\" href=\"https:\/\/talkpal.ai\/tr\/kazakca-dilbilgisi\/\" \/>\n<meta property=\"og:locale\" content=\"tr_TR\" \/>\n<meta property=\"og:type\" content=\"article\" \/>\n<meta property=\"og:title\" content=\"Kazak\u00e7a Dilbilgisi\" \/>\n<meta property=\"og:description\" content=\"Kazak\u00e7a Dilbilgisi: Kazak Dilinin S\u0131rlar\u0131n\u0131 \u00c7\u00f6zmek Kazak dilini \u00f6\u011frenmek s\u00f6z konusu oldu\u011funda, Kazak\u00e7a dilbilgisinin temellerini anlamak, s\u0131rlar\u0131n\u0131 \u00e7\u00f6zmek\" \/>\n<meta property=\"og:url\" content=\"https:\/\/talkpal.ai\/tr\/kazakca-dilbilgisi\/\" \/>\n<meta property=\"og:site_name\" content=\"Talkpal\" \/>\n<meta property=\"article:publisher\" content=\"https:\/\/www.facebook.com\/profile.php?id=100090733639311\" \/>\n<meta property=\"article:modified_time\" content=\"2025-12-17T17:17:50+00:00\" \/>\n<meta property=\"og:image\" content=\"https:\/\/talkpal.ai\/wp-content\/uploads\/2023\/05\/kazakhstan.png\" \/>\n\t<meta property=\"og:image:width\" content=\"512\" \/>\n\t<meta property=\"og:image:height\" content=\"512\" \/>\n\t<meta property=\"og:image:type\" content=\"image\/png\" \/>\n<meta name=\"twitter:card\" content=\"summary_large_image\" \/>\n<meta name=\"twitter:site\" content=\"@talkpalai\" \/>\n<meta name=\"twitter:label1\" content=\"Tahmini okuma s\u00fcresi\" \/>\n\t<meta name=\"twitter:data1\" content=\"3 dakika\" \/>\n<script type=\"application\/ld+json\" class=\"yoast-schema-graph\">{\"@context\":\"https:\/\/schema.org\",\"@graph\":[{\"@type\":\"WebPage\",\"@id\":\"https:\/\/talkpal.ai\/tr\/kazakca-dilbilgisi\/\",\"url\":\"https:\/\/talkpal.ai\/tr\/kazakca-dilbilgisi\/\",\"name\":\"Kazak\u00e7a Dilbilgisi - Talkpal\",\"isPartOf\":{\"@id\":\"https:\/\/talkpal.ai\/tr\/#website\"},\"primaryImageOfPage\":{\"@id\":\"https:\/\/talkpal.ai\/tr\/kazakca-dilbilgisi\/#primaryimage\"},\"image\":{\"@id\":\"https:\/\/talkpal.ai\/tr\/kazakca-dilbilgisi\/#primaryimage\"},\"thumbnailUrl\":\"https:\/\/talkpal.ai\/wp-content\/uploads\/2023\/05\/kazakhstan.png\",\"datePublished\":\"2023-05-14T14:11:00+00:00\",\"dateModified\":\"2025-12-17T17:17:50+00:00\",\"description\":\"Kazak\u00e7a dilbilgisinde zahmetsizce ustala\u015f\u0131n - temel kurallar\u0131 \u00f6\u011frenin, c\u00fcmle yap\u0131s\u0131n\u0131 uygulay\u0131n ve ak\u0131c\u0131l\u0131\u011f\u0131n\u0131z\u0131 h\u0131zla geli\u015ftirin\",\"breadcrumb\":{\"@id\":\"https:\/\/talkpal.ai\/tr\/kazakca-dilbilgisi\/#breadcrumb\"},\"inLanguage\":\"tr\",\"potentialAction\":[{\"@type\":\"ReadAction\",\"target\":[\"https:\/\/talkpal.ai\/tr\/kazakca-dilbilgisi\/\"]}]},{\"@type\":\"ImageObject\",\"inLanguage\":\"tr\",\"@id\":\"https:\/\/talkpal.ai\/tr\/kazakca-dilbilgisi\/#primaryimage\",\"url\":\"https:\/\/talkpal.ai\/wp-content\/uploads\/2023\/05\/kazakhstan.png\",\"contentUrl\":\"https:\/\/talkpal.ai\/wp-content\/uploads\/2023\/05\/kazakhstan.png\",\"width\":512,\"height\":512},{\"@type\":\"BreadcrumbList\",\"@id\":\"https:\/\/talkpal.ai\/tr\/kazakca-dilbilgisi\/#breadcrumb\",\"itemListElement\":[{\"@type\":\"ListItem\",\"position\":1,\"name\":\"Homepage\",\"item\":\"https:\/\/talkpal.ai\/tr\/\"},{\"@type\":\"ListItem\",\"position\":2,\"name\":\"Kazak\u00e7a Dilbilgisi\"}]},{\"@type\":\"WebSite\",\"@id\":\"https:\/\/talkpal.ai\/tr\/#website\",\"url\":\"https:\/\/talkpal.ai\/tr\/\",\"name\":\"Talkpal\",\"description\":\"AI Language Learning\",\"publisher\":{\"@id\":\"https:\/\/talkpal.ai\/tr\/#organization\"},\"alternateName\":\"Talkpal AI\",\"potentialAction\":[{\"@type\":\"SearchAction\",\"target\":{\"@type\":\"EntryPoint\",\"urlTemplate\":\"https:\/\/talkpal.ai\/tr\/?s={search_term_string}\"},\"query-input\":{\"@type\":\"PropertyValueSpecification\",\"valueRequired\":true,\"valueName\":\"search_term_string\"}}],\"inLanguage\":\"tr\"},{\"@type\":\"Organization\",\"@id\":\"https:\/\/talkpal.ai\/tr\/#organization\",\"name\":\"Talkpal, Inc.\",\"alternateName\":\"Talkpal AI\",\"url\":\"https:\/\/talkpal.ai\/tr\/\",\"logo\":{\"@type\":\"ImageObject\",\"inLanguage\":\"tr\",\"@id\":\"https:\/\/talkpal.ai\/tr\/#\/schema\/logo\/image\/\",\"url\":\"https:\/\/talkpal.ai\/wp-content\/uploads\/2024\/03\/Talkpal-Logo-Icon.png\",\"contentUrl\":\"https:\/\/talkpal.ai\/wp-content\/uploads\/2024\/03\/Talkpal-Logo-Icon.png\",\"width\":2880,\"height\":2880,\"caption\":\"Talkpal, Inc.\"},\"image\":{\"@id\":\"https:\/\/talkpal.ai\/tr\/#\/schema\/logo\/image\/\"},\"sameAs\":[\"https:\/\/www.facebook.com\/profile.php?id=100090733639311\",\"https:\/\/x.com\/talkpalai\",\"https:\/\/www.linkedin.com\/company\/talkpal\/\",\"https:\/\/www.youtube.com\/@TalkPal\/\",\"https:\/\/www.tiktok.com\/@talkpal\",\"https:\/\/www.instagram.com\/talkpal_ai\/\",\"https:\/\/www.crunchbase.com\/organization\/talkpal-9cde\",\"https:\/\/www.g2.com\/products\/talkpal-for-business\/\",\"https:\/\/www.trustpilot.com\/review\/talkpal.ai\",\"https:\/\/www.capterra.com\/p\/10006800\/TalkPal\/\"],\"description\":\"Talkpal is a language learning web and mobile education app, powered by the latest AI technologies, that provides engaging experiences to its customers in many different languages to help them improve their language skills. Users can chat about unlimited amount of topics with the app and use other modes to practice their language learning.\",\"email\":\"support@talkpal.ai\",\"legalName\":\"Talkpal, Inc.\",\"foundingDate\":\"2023-04-03\",\"duns\":\"118989042\",\"numberOfEmployees\":{\"@type\":\"QuantitativeValue\",\"minValue\":\"11\",\"maxValue\":\"50\"},\"publishingPrinciples\":\"https:\/\/talkpal.ai\/publishing-principles\/\",\"actionableFeedbackPolicy\":\"https:\/\/talkpal.ai\/actionable-feedback-policy\/\",\"correctionsPolicy\":\"https:\/\/talkpal.ai\/corrections-policy\/\",\"ethicsPolicy\":\"https:\/\/talkpal.ai\/ethics-policy\/\",\"diversityPolicy\":\"https:\/\/talkpal.ai\/diversity-policy\/\",\"diversityStaffingReport\":\"https:\/\/talkpal.ai\/diversity-policy\/\"}]}<\/script>\n<!-- \/ Yoast SEO Premium plugin. -->","yoast_head_json":{"title":"Kazak\u00e7a Dilbilgisi - Talkpal","description":"Kazak\u00e7a dilbilgisinde zahmetsizce ustala\u015f\u0131n - temel kurallar\u0131 \u00f6\u011frenin, c\u00fcmle yap\u0131s\u0131n\u0131 uygulay\u0131n ve ak\u0131c\u0131l\u0131\u011f\u0131n\u0131z\u0131 h\u0131zla geli\u015ftirin","robots":{"index":"index","follow":"follow","max-snippet":"max-snippet:-1","max-image-preview":"max-image-preview:large","max-video-preview":"max-video-preview:-1"},"canonical":"https:\/\/talkpal.ai\/tr\/kazakca-dilbilgisi\/","og_locale":"tr_TR","og_type":"article","og_title":"Kazak\u00e7a Dilbilgisi","og_description":"Kazak\u00e7a Dilbilgisi: Kazak Dilinin S\u0131rlar\u0131n\u0131 \u00c7\u00f6zmek Kazak dilini \u00f6\u011frenmek s\u00f6z konusu oldu\u011funda, Kazak\u00e7a dilbilgisinin temellerini anlamak, s\u0131rlar\u0131n\u0131 \u00e7\u00f6zmek","og_url":"https:\/\/talkpal.ai\/tr\/kazakca-dilbilgisi\/","og_site_name":"Talkpal","article_publisher":"https:\/\/www.facebook.com\/profile.php?id=100090733639311","article_modified_time":"2025-12-17T17:17:50+00:00","og_image":[{"width":512,"height":512,"url":"https:\/\/talkpal.ai\/wp-content\/uploads\/2023\/05\/kazakhstan.png","type":"image\/png"}],"twitter_card":"summary_large_image","twitter_site":"@talkpalai","twitter_misc":{"Tahmini okuma s\u00fcresi":"3 dakika"},"schema":{"@context":"https:\/\/schema.org","@graph":[{"@type":"WebPage","@id":"https:\/\/talkpal.ai\/tr\/kazakca-dilbilgisi\/","url":"https:\/\/talkpal.ai\/tr\/kazakca-dilbilgisi\/","name":"Kazak\u00e7a Dilbilgisi - Talkpal","isPartOf":{"@id":"https:\/\/talkpal.ai\/tr\/#website"},"primaryImageOfPage":{"@id":"https:\/\/talkpal.ai\/tr\/kazakca-dilbilgisi\/#primaryimage"},"image":{"@id":"https:\/\/talkpal.ai\/tr\/kazakca-dilbilgisi\/#primaryimage"},"thumbnailUrl":"https:\/\/talkpal.ai\/wp-content\/uploads\/2023\/05\/kazakhstan.png","datePublished":"2023-05-14T14:11:00+00:00","dateModified":"2025-12-17T17:17:50+00:00","description":"Kazak\u00e7a dilbilgisinde zahmetsizce ustala\u015f\u0131n - temel kurallar\u0131 \u00f6\u011frenin, c\u00fcmle yap\u0131s\u0131n\u0131 uygulay\u0131n ve ak\u0131c\u0131l\u0131\u011f\u0131n\u0131z\u0131 h\u0131zla geli\u015ftirin","breadcrumb":{"@id":"https:\/\/talkpal.ai\/tr\/kazakca-dilbilgisi\/#breadcrumb"},"inLanguage":"tr","potentialAction":[{"@type":"ReadAction","target":["https:\/\/talkpal.ai\/tr\/kazakca-dilbilgisi\/"]}]},{"@type":"ImageObject","inLanguage":"tr","@id":"https:\/\/talkpal.ai\/tr\/kazakca-dilbilgisi\/#primaryimage","url":"https:\/\/talkpal.ai\/wp-content\/uploads\/2023\/05\/kazakhstan.png","contentUrl":"https:\/\/talkpal.ai\/wp-content\/uploads\/2023\/05\/kazakhstan.png","width":512,"height":512},{"@type":"BreadcrumbList","@id":"https:\/\/talkpal.ai\/tr\/kazakca-dilbilgisi\/#breadcrumb","itemListElement":[{"@type":"ListItem","position":1,"name":"Homepage","item":"https:\/\/talkpal.ai\/tr\/"},{"@type":"ListItem","position":2,"name":"Kazak\u00e7a Dilbilgisi"}]},{"@type":"WebSite","@id":"https:\/\/talkpal.ai\/tr\/#website","url":"https:\/\/talkpal.ai\/tr\/","name":"Talkpal","description":"AI Language Learning","publisher":{"@id":"https:\/\/talkpal.ai\/tr\/#organization"},"alternateName":"Talkpal AI","potentialAction":[{"@type":"SearchAction","target":{"@type":"EntryPoint","urlTemplate":"https:\/\/talkpal.ai\/tr\/?s={search_term_string}"},"query-input":{"@type":"PropertyValueSpecification","valueRequired":true,"valueName":"search_term_string"}}],"inLanguage":"tr"},{"@type":"Organization","@id":"https:\/\/talkpal.ai\/tr\/#organization","name":"Talkpal, Inc.","alternateName":"Talkpal AI","url":"https:\/\/talkpal.ai\/tr\/","logo":{"@type":"ImageObject","inLanguage":"tr","@id":"https:\/\/talkpal.ai\/tr\/#\/schema\/logo\/image\/","url":"https:\/\/talkpal.ai\/wp-content\/uploads\/2024\/03\/Talkpal-Logo-Icon.png","contentUrl":"https:\/\/talkpal.ai\/wp-content\/uploads\/2024\/03\/Talkpal-Logo-Icon.png","width":2880,"height":2880,"caption":"Talkpal, Inc."},"image":{"@id":"https:\/\/talkpal.ai\/tr\/#\/schema\/logo\/image\/"},"sameAs":["https:\/\/www.facebook.com\/profile.php?id=100090733639311","https:\/\/x.com\/talkpalai","https:\/\/www.linkedin.com\/company\/talkpal\/","https:\/\/www.youtube.com\/@TalkPal\/","https:\/\/www.tiktok.com\/@talkpal","https:\/\/www.instagram.com\/talkpal_ai\/","https:\/\/www.crunchbase.com\/organization\/talkpal-9cde","https:\/\/www.g2.com\/products\/talkpal-for-business\/","https:\/\/www.trustpilot.com\/review\/talkpal.ai","https:\/\/www.capterra.com\/p\/10006800\/TalkPal\/"],"description":"Talkpal is a language learning web and mobile education app, powered by the latest AI technologies, that provides engaging experiences to its customers in many different languages to help them improve their language skills. Users can chat about unlimited amount of topics with the app and use other modes to practice their language learning.","email":"support@talkpal.ai","legalName":"Talkpal, Inc.","foundingDate":"2023-04-03","duns":"118989042","numberOfEmployees":{"@type":"QuantitativeValue","minValue":"11","maxValue":"50"},"publishingPrinciples":"https:\/\/talkpal.ai\/publishing-principles\/","actionableFeedbackPolicy":"https:\/\/talkpal.ai\/actionable-feedback-policy\/","correctionsPolicy":"https:\/\/talkpal.ai\/corrections-policy\/","ethicsPolicy":"https:\/\/talkpal.ai\/ethics-policy\/","diversityPolicy":"https:\/\/talkpal.ai\/diversity-policy\/","diversityStaffingReport":"https:\/\/talkpal.ai\/diversity-policy\/"}]}},"_links":{"self":[{"href":"https:\/\/talkpal.ai\/tr\/wp-json\/wp\/v2\/pages\/146457","targetHints":{"allow":["GET"]}}],"collection":[{"href":"https:\/\/talkpal.ai\/tr\/wp-json\/wp\/v2\/pages"}],"about":[{"href":"https:\/\/talkpal.ai\/tr\/wp-json\/wp\/v2\/types\/page"}],"author":[{"embeddable":true,"href":"https:\/\/talkpal.ai\/tr\/wp-json\/wp\/v2\/users\/1"}],"replies":[{"embeddable":true,"href":"https:\/\/talkpal.ai\/tr\/wp-json\/wp\/v2\/comments?post=146457"}],"version-history":[{"count":0,"href":"https:\/\/talkpal.ai\/tr\/wp-json\/wp\/v2\/pages\/146457\/revisions"}],"wp:featuredmedia":[{"embeddable":true,"href":"https:\/\/talkpal.ai\/tr\/wp-json\/wp\/v2\/media\/114184"}],"wp:attachment":[{"href":"https:\/\/talkpal.ai\/tr\/wp-json\/wp\/v2\/media?parent=146457"}],"curies":[{"name":"wp","href":"https:\/\/api.w.org\/{rel}","templated":true}]}}