{"id":146396,"date":"2023-05-14T14:10:42","date_gmt":"2023-05-14T14:10:42","guid":{"rendered":"http:\/\/talkpal.ai\/litvanca-dilbilgisi\/"},"modified":"2025-12-12T10:52:17","modified_gmt":"2025-12-12T10:52:17","slug":"litvanca-dilbilgisi","status":"publish","type":"page","link":"https:\/\/talkpal.ai\/tr\/litvanca-dilbilgisi\/","title":{"rendered":"Litvanca Dilbilgisi"},"content":{"rendered":"\r\n\r\n\r\n<section class=\"languageChallengeSection\">\r\n    <div class=\"languageInfoWrapper\">\r\n        \r\n        <h1>Litvanca Dilbilgisi<\/h1>\r\n        <p><a href=\"https:\/\/talkpal.ai\/learn-lithuanian\/\">Litvanca<\/a> gramer yolculu\u011funuza ba\u015flay\u0131n ve Avrupa&#039;n\u0131n en eski ve en b\u00fcy\u00fcleyici dillerinden birini ke\u015ffedin. G\u00fc\u00e7l\u00fc bir dil temeli olu\u015fturmak i\u00e7in temel kurallar\u0131 ve kal\u0131plar\u0131 \u00f6\u011frenin. Hemen ba\u015flay\u0131n ve bug\u00fcn Litvanca \u00f6\u011frenmeye ba\u015flay\u0131n!<\/p>\r\n\r\n                            <a class=\"getStartedHidden\" href=\"https:\/\/app.talkpal.ai\/tr\/signup?lng=\">Hadi ba\u015fla<\/a>\r\n        \r\n    <\/div>\r\n\r\n    <figure>\r\n    <img decoding=\"async\" width=\"768\" height=\"768\" src=\"https:\/\/talkpal.ai\/wp-content\/uploads\/2023\/06\/lithuenian-768x768.png\" class=\"languageImage no-lazy\" alt=\"Language learning for boosting creativity\" fetchpriority=\"high\" sizes=\"(max-width: 768px) 150px, 768px\" srcset=\"https:\/\/talkpal.ai\/wp-content\/uploads\/2023\/06\/lithuenian-768x768.png 768w, https:\/\/talkpal.ai\/wp-content\/uploads\/2023\/06\/lithuenian-300x300.png 300w\" \/>\r\n    \r\n\r\n    <\/figure>\r\n\r\n            <a class=\"getStartedVisible\" href=\"https:\/\/app.talkpal.ai\/tr\/signup?lng=\">Hadi ba\u015fla<\/a>\r\n    \r\n<\/section>\r\n<section class=\"promotionalBanner\">\r\n    <p class=\"promotionalText\">Dil \u00f6\u011frenmenin en etkili yolu<\/p>\r\n    <a class=\"promotionalLink\" href=\"https:\/\/app.talkpal.ai\/tr\/signup?lng=\">Talkpal \u00fccretsiz deneyin<\/a>\r\n<\/section>\n<div class=\"wp-block-group pageContainerStyle\"><div class=\"wp-block-group__inner-container is-layout-constrained wp-block-group-is-layout-constrained\">\n<h2 class=\"wp-block-heading\" id=\"h-lithuanian-grammar-a-fascinating-journey-through-language\">Litvanca Dilbilgisi: Dil Boyunca B\u00fcy\u00fcleyici Bir Yolculuk<\/h2>\n\n\n\n<p>Hi\u00e7 Litvanca \u00f6\u011frenmeyi d\u00fc\u015f\u00fcnd\u00fcn\u00fcz m\u00fc ya da benzersiz <a href=\"https:\/\/talkpal.ai\/grammar\/\">dilbilgisi<\/a> ilginizi \u00e7ekti mi? Pekala, sizi bir ziyafet bekliyor! <a href=\"https:\/\/talkpal.ai\/lithuanian-grammar\/\">Litvanca dilbilgisi<\/a> ilk ba\u015fta tuhaf g\u00f6r\u00fcnebilir, ancak hata yapmay\u0131n &#8211; m\u00fckemmel bir dilsel mant\u0131k sergiliyor. Bu yaz\u0131da, Litvanca dilbilgisinin \u00e7e\u015fitli y\u00f6nlerini ortaya \u00e7\u0131karaca\u011f\u0131z ve cazibesini takdir etmenizi sa\u011flayaca\u011f\u0131z.<\/p>\n\n\n\n<p>\u0130lk olarak, k\u0131sa bir arka plan: Litvanca, \u00f6ncelikle Litvanya&#8217;da konu\u015fulan, ancak kom\u015fu \u00fclkelerde de kar\u015f\u0131la\u015f\u0131lan bir Balt\u0131k dilidir. Ya\u015fayan en eski Hint-Avrupa dillerinden biri olarak, dil ailesi i\u00e7indeki di\u011fer dillerin geli\u015fimi hakk\u0131nda fikir veren arkaik \u00f6zellikleri korur. Bu tarihi \u00f6nem, Litvanca&#8217;y\u0131 \u00f6zellikle dil severler i\u00e7in b\u00fcy\u00fcleyici k\u0131lmaktad\u0131r.<\/p>\n\n\n\n<p>\u015eimdi Litvanca dilbilgisinin baz\u0131 \u00f6nemli y\u00f6nlerini inceleyelim.<\/p>\n\n\n\n<h3 class=\"wp-block-heading\" id=\"h-1-nouns-cases-and-declensions\">1. \u0130simler, durumlar ve \u00e7ekimler<\/h3>\n\n\n\n<p>Litvanca dilbilgisinin en belirgin \u00f6zelliklerinden biri karma\u015f\u0131k durum sistemidir. \u0130simler, bir c\u00fcmledeki i\u015flevlerine ve bir eylemin \u00f6znesini, nesnesini veya al\u0131c\u0131s\u0131n\u0131 yans\u0131t\u0131p yans\u0131tmad\u0131klar\u0131na ba\u011fl\u0131 olarak farkl\u0131 bi\u00e7imler al\u0131rlar. Litvanca&#8217;n\u0131n yedi vakas\u0131 vard\u0131r: nominatif, genitive, dative, accusative, instrumental, locative ve vocative.<\/p>\n\n\n\n<p>\u00d6rnek olarak &#8220;vaikas&#8221; (\u00e7ocuk) ismini ele alal\u0131m. C\u00fcmle i\u00e7inde oynad\u0131\u011f\u0131 role g\u00f6re &#8220;vaiko&#8221;, &#8220;vaikui&#8221;, &#8220;vaik\u0105&#8221; ve benzerlerine d\u00f6n\u00fc\u015febilir. Ek olarak, sonlar ismin cinsiyetinden (eril veya di\u015fil) etkilenir ve ayr\u0131ca \u00e7ekime b\u00f6l\u00fcnerek dili daha da \u00e7ok y\u00f6nl\u00fc hale getirir.<\/p>\n\n\n\n<h3 class=\"wp-block-heading\" id=\"h-2-verb-conjugation-and-tenses\">2. Fiil \u00e7ekimi ve zamanlar\u0131<\/h3>\n\n\n\n<p>Litvanca fiiller, konunun ki\u015fisine ve say\u0131s\u0131na (tekil veya \u00e7o\u011ful) ba\u011fl\u0131 olarak sonlar\u0131n\u0131 de\u011fi\u015ftirir. \u00d6rne\u011fin, &#8220;eiti&#8221; (gitmek) fiili &#8220;einu&#8221; (ben giderim), &#8220;einate&#8221; (sen -\u00e7o\u011ful- gidersin), &#8220;eina&#8221; (onlar gider) ve di\u011fer bi\u00e7imlere d\u00f6n\u00fc\u015febilir.<\/p>\n\n\n\n<p>Litvanca&#8217;n\u0131n d\u00f6rt ana zaman\u0131 vard\u0131r: \u015fimdiki, ge\u00e7mi\u015f, yinelemeli ge\u00e7mi\u015f ve gelecek. \u0130lgin\u00e7 bir \u015fekilde, dil ayn\u0131 zamanda en boy i\u015faretlerine de sahiptir: m\u00fckemmel ve kusurlu. Bu i\u015faret\u00e7iler, bir eylemin tamamlan\u0131p tamamlanmad\u0131\u011f\u0131 veya devam edip etmedi\u011fi hakk\u0131nda ek bilgi sa\u011flar. \u00d6rne\u011fin, &#8220;ne\u0161ti&#8221; (ta\u015f\u0131mak &#8211; kusurlu) ile &#8220;nat&#8221; (ta\u015f\u0131m\u0131\u015f olmak &#8211; kusursuz).<\/p>\n\n\n\n<h3 class=\"wp-block-heading\" id=\"h-3-sentence-structure-and-word-order\">3. C\u00fcmle yap\u0131s\u0131 ve kelime s\u0131ras\u0131<\/h3>\n\n\n\n<p>Litvanca genellikle SVO (\u00f6zne-fiil-nesne) kelime s\u0131ras\u0131n\u0131 takip etse de, durum sistemi \u00f6nemli \u00f6l\u00e7\u00fcde esneklik sa\u011flar. Kelime s\u0131ralamas\u0131n\u0131n genellikle c\u00fcmlenin anlam\u0131n\u0131 belirledi\u011fi \u0130ngilizce&#8217;nin aksine, Litvanca&#8217;da kelimelerin yerini de\u011fi\u015ftirmek anlam\u0131 de\u011fi\u015ftirmez. \u00d6rne\u011fin, &#8220;kat\u0117 valgo \u017euv\u012f&#8221; (kedi bal\u0131\u011f\u0131 yer), anlam\u0131n\u0131 kaybetmeden veya de\u011fi\u015ftirmeden &#8220;\u017euv\u012f valgo kat\u0117&#8221; de olabilir.<\/p>\n\n\n\n<p>Bu esneklik, c\u00fcmle yap\u0131s\u0131yla oynaman\u0131za, belirli \u00f6\u011feleri vurgulaman\u0131za veya dilde daha yetkin hale geldik\u00e7e n\u00fcanslar olu\u015fturman\u0131za olanak tan\u0131r.<\/p>\n\n\n\n<h3 class=\"wp-block-heading\" id=\"h-4-adjectives-adverbs-and-agreement-rules\">4. S\u0131fatlar, zarflar ve anla\u015fma kurallar\u0131<\/h3>\n\n\n\n<p>Bir\u00e7ok dilde oldu\u011fu gibi, Litvanca&#8217;daki s\u0131fatlar ve zarflar isimleri ve fiilleri tan\u0131mlar, ancak ayn\u0131 zamanda belirli anla\u015fma kurallar\u0131na da uyarlar. \u00d6zellikle, s\u0131fatlar durum, cinsiyet ve say\u0131 olarak de\u011fi\u015ftirdikleri isimle ayn\u0131 fikirde olmal\u0131d\u0131r. \u0130sim durumlar\u0131n\u0131 ve fiil \u00e7ekimlerini kavrad\u0131ktan sonra, bu kurallar daha do\u011fal olarak gelecektir.<\/p>\n\n\n\n<p>Peki, Litvanca dilbilgisine dalmaya haz\u0131r m\u0131s\u0131n\u0131z? Sebat, \u00f6zveri ve uygun kaynaklarla, tarih ve k\u00fclt\u00fcrel miras a\u00e7\u0131s\u0131ndan zengin Litvanca \u00f6\u011frenmek son derece \u00f6d\u00fcllendirici bir deneyimdir. Dili ad\u0131m ad\u0131m ele al\u0131n, tutarl\u0131 bir \u015fekilde pratik yap\u0131n ve hatalar\u0131n\u0131zdan ders almaya a\u00e7\u0131k olun. S\u0117km\u0117s! (\u0130yi \u015fanslar!)<\/p>\n<\/div><\/div>\n\r\n<section class=\"learnNavigationSection\">\r\n            \r\n        <a href=\"https:\/\/talkpal.ai\/tr\/ogren-litvanca\/\">\r\n            <div class=\"learnNavigationWrapper\">\r\n                <div class=\"learnNavigationContent\">\r\n                    <img decoding=\"async\" src=\"https:\/\/talkpal.ai\/wp-content\/uploads\/2024\/08\/Lithuanian.jpg\" alt=\"Lithuanian Flag\">\r\n                    <div>\r\n                        <h4>Litvanca \u00d6\u011frenimi Hakk\u0131nda<\/h4>\r\n                        <p>Litvanca dilbilgisi hakk\u0131nda her \u015feyi \u00f6\u011frenin .<\/p>\r\n                    <\/div>\r\n                <\/div>\r\n            <\/div>\r\n        <\/a>\r\n\r\n        \r\n        <a href=\"https:\/\/talkpal.ai\/tr\/litvanca-dilbilgisi-alistirmalari\/\">\r\n            <div class=\"learnNavigationWrapper\">\r\n                <div class=\"learnNavigationContent\">\r\n                    <img decoding=\"async\" src=\"https:\/\/talkpal.ai\/wp-content\/uploads\/2024\/08\/Lithuanian.jpg\" alt=\"Lithuanian Flag\">\r\n                    <div>\r\n                        <h4>Litvanca Dilbilgisi Al\u0131\u015ft\u0131rmas\u0131<\/h4>\r\n                        <p>Litvanca dilbilgisi al\u0131\u015ft\u0131rmas\u0131 yap\u0131n .<\/p>\r\n                    <\/div>\r\n                <\/div>\r\n            <\/div>\r\n        <\/a>\r\n\r\n        \r\n        <a href=\"https:\/\/talkpal.ai\/vocabulary_language\/lithuanian\/\">\r\n            <div class=\"learnNavigationWrapper\">\r\n                <div class=\"learnNavigationContent\">\r\n                    <img decoding=\"async\" src=\"https:\/\/talkpal.ai\/wp-content\/uploads\/2024\/08\/Lithuanian.jpg\" alt=\"Lithuanian Flag\">\r\n                    <div>\r\n                        <h4>Litvanca Kelime Bilgisi<\/h4>\r\n                        <p>Litvanca kelime da\u011farc\u0131\u011f\u0131n\u0131z\u0131 geni\u015fletin.<\/p>\r\n                    <\/div>\r\n                <\/div>\r\n            <\/div>\r\n        <\/a>\r\n\r\n            <\/section>","protected":false},"excerpt":{"rendered":"<p>Litvanca Dilbilgisi: Dil Boyunca B\u00fcy\u00fcleyici Bir Yolculuk Hi\u00e7 Litvanca \u00f6\u011frenmeyi d\u00fc\u015f\u00fcnd\u00fcn\u00fcz m\u00fc ya da benzersiz dilbilgisi ilginizi \u00e7ekti mi? Pekala, sizi bir ziyafet bekliyor! Litvanca dilbilgisi ilk ba\u015fta tuhaf g\u00f6r\u00fcnebilir, ancak hata yapmay\u0131n &#8211; m\u00fckemmel bir dilsel mant\u0131k sergiliyor. Bu yaz\u0131da, Litvanca dilbilgisinin \u00e7e\u015fitli y\u00f6nlerini ortaya \u00e7\u0131karaca\u011f\u0131z ve cazibesini takdir etmenizi sa\u011flayaca\u011f\u0131z. \u0130lk olarak, k\u0131sa [&hellip;]<\/p>\n","protected":false},"author":1,"featured_media":115218,"parent":0,"menu_order":0,"comment_status":"closed","ping_status":"closed","template":"LearningContentPage.php","meta":{"_acf_changed":false,"footnotes":""},"class_list":["post-146396","page","type-page","status-publish","has-post-thumbnail","hentry"],"acf":[],"yoast_head":"<!-- This site is optimized with the Yoast SEO Premium plugin v27.2 (Yoast SEO v27.2) - https:\/\/yoast.com\/product\/yoast-seo-premium-wordpress\/ -->\n<title>Litvanca Dilbilgisi - Talkpal<\/title>\n<meta name=\"description\" content=\"Litvanca dilbilgisinin tarihsel zenginli\u011fi ve mant\u0131\u011f\u0131 nas\u0131l yans\u0131tt\u0131\u011f\u0131n\u0131 ke\u015ffedin, bu da onu dil severler i\u00e7in m\u00fckemmel bir \u00e7al\u0131\u015fma haline getiriyor.\" \/>\n<meta name=\"robots\" content=\"index, follow, max-snippet:-1, max-image-preview:large, max-video-preview:-1\" \/>\n<link rel=\"canonical\" href=\"https:\/\/talkpal.ai\/tr\/litvanca-dilbilgisi\/\" \/>\n<meta property=\"og:locale\" content=\"tr_TR\" \/>\n<meta property=\"og:type\" content=\"article\" \/>\n<meta property=\"og:title\" content=\"Litvanca Dilbilgisi\" \/>\n<meta property=\"og:description\" content=\"Litvanca Dilbilgisi: Dil Boyunca B\u00fcy\u00fcleyici Bir Yolculuk Hi\u00e7 Litvanca \u00f6\u011frenmeyi d\u00fc\u015f\u00fcnd\u00fcn\u00fcz m\u00fc ya da benzersiz dilbilgisi ilginizi \u00e7ekti mi? Pekala, sizi\" \/>\n<meta property=\"og:url\" content=\"https:\/\/talkpal.ai\/tr\/litvanca-dilbilgisi\/\" \/>\n<meta property=\"og:site_name\" content=\"Talkpal\" \/>\n<meta property=\"article:publisher\" content=\"https:\/\/www.facebook.com\/profile.php?id=100090733639311\" \/>\n<meta property=\"article:modified_time\" content=\"2025-12-12T10:52:17+00:00\" \/>\n<meta property=\"og:image\" content=\"https:\/\/talkpal.ai\/wp-content\/uploads\/2023\/05\/Lithuanian.png\" \/>\n\t<meta property=\"og:image:width\" content=\"512\" \/>\n\t<meta property=\"og:image:height\" content=\"512\" \/>\n\t<meta property=\"og:image:type\" content=\"image\/png\" \/>\n<meta name=\"twitter:card\" content=\"summary_large_image\" \/>\n<meta name=\"twitter:site\" content=\"@talkpalai\" \/>\n<meta name=\"twitter:label1\" content=\"Tahmini okuma s\u00fcresi\" \/>\n\t<meta name=\"twitter:data1\" content=\"3 dakika\" \/>\n<script type=\"application\/ld+json\" class=\"yoast-schema-graph\">{\"@context\":\"https:\/\/schema.org\",\"@graph\":[{\"@type\":\"WebPage\",\"@id\":\"https:\/\/talkpal.ai\/tr\/litvanca-dilbilgisi\/\",\"url\":\"https:\/\/talkpal.ai\/tr\/litvanca-dilbilgisi\/\",\"name\":\"Litvanca Dilbilgisi - Talkpal\",\"isPartOf\":{\"@id\":\"https:\/\/talkpal.ai\/tr\/#website\"},\"primaryImageOfPage\":{\"@id\":\"https:\/\/talkpal.ai\/tr\/litvanca-dilbilgisi\/#primaryimage\"},\"image\":{\"@id\":\"https:\/\/talkpal.ai\/tr\/litvanca-dilbilgisi\/#primaryimage\"},\"thumbnailUrl\":\"https:\/\/talkpal.ai\/wp-content\/uploads\/2023\/05\/Lithuanian.png\",\"datePublished\":\"2023-05-14T14:10:42+00:00\",\"dateModified\":\"2025-12-12T10:52:17+00:00\",\"description\":\"Litvanca dilbilgisinin tarihsel zenginli\u011fi ve mant\u0131\u011f\u0131 nas\u0131l yans\u0131tt\u0131\u011f\u0131n\u0131 ke\u015ffedin, bu da onu dil severler i\u00e7in m\u00fckemmel bir \u00e7al\u0131\u015fma haline getiriyor.\",\"breadcrumb\":{\"@id\":\"https:\/\/talkpal.ai\/tr\/litvanca-dilbilgisi\/#breadcrumb\"},\"inLanguage\":\"tr\",\"potentialAction\":[{\"@type\":\"ReadAction\",\"target\":[\"https:\/\/talkpal.ai\/tr\/litvanca-dilbilgisi\/\"]}]},{\"@type\":\"ImageObject\",\"inLanguage\":\"tr\",\"@id\":\"https:\/\/talkpal.ai\/tr\/litvanca-dilbilgisi\/#primaryimage\",\"url\":\"https:\/\/talkpal.ai\/wp-content\/uploads\/2023\/05\/Lithuanian.png\",\"contentUrl\":\"https:\/\/talkpal.ai\/wp-content\/uploads\/2023\/05\/Lithuanian.png\",\"width\":512,\"height\":512},{\"@type\":\"BreadcrumbList\",\"@id\":\"https:\/\/talkpal.ai\/tr\/litvanca-dilbilgisi\/#breadcrumb\",\"itemListElement\":[{\"@type\":\"ListItem\",\"position\":1,\"name\":\"Homepage\",\"item\":\"https:\/\/talkpal.ai\/tr\/\"},{\"@type\":\"ListItem\",\"position\":2,\"name\":\"Litvanca Dilbilgisi\"}]},{\"@type\":\"WebSite\",\"@id\":\"https:\/\/talkpal.ai\/tr\/#website\",\"url\":\"https:\/\/talkpal.ai\/tr\/\",\"name\":\"Talkpal\",\"description\":\"AI Language Learning\",\"publisher\":{\"@id\":\"https:\/\/talkpal.ai\/tr\/#organization\"},\"alternateName\":\"Talkpal AI\",\"potentialAction\":[{\"@type\":\"SearchAction\",\"target\":{\"@type\":\"EntryPoint\",\"urlTemplate\":\"https:\/\/talkpal.ai\/tr\/?s={search_term_string}\"},\"query-input\":{\"@type\":\"PropertyValueSpecification\",\"valueRequired\":true,\"valueName\":\"search_term_string\"}}],\"inLanguage\":\"tr\"},{\"@type\":\"Organization\",\"@id\":\"https:\/\/talkpal.ai\/tr\/#organization\",\"name\":\"Talkpal, Inc.\",\"alternateName\":\"Talkpal AI\",\"url\":\"https:\/\/talkpal.ai\/tr\/\",\"logo\":{\"@type\":\"ImageObject\",\"inLanguage\":\"tr\",\"@id\":\"https:\/\/talkpal.ai\/tr\/#\/schema\/logo\/image\/\",\"url\":\"https:\/\/talkpal.ai\/wp-content\/uploads\/2024\/03\/Talkpal-Logo-Icon.png\",\"contentUrl\":\"https:\/\/talkpal.ai\/wp-content\/uploads\/2024\/03\/Talkpal-Logo-Icon.png\",\"width\":2880,\"height\":2880,\"caption\":\"Talkpal, Inc.\"},\"image\":{\"@id\":\"https:\/\/talkpal.ai\/tr\/#\/schema\/logo\/image\/\"},\"sameAs\":[\"https:\/\/www.facebook.com\/profile.php?id=100090733639311\",\"https:\/\/x.com\/talkpalai\",\"https:\/\/www.linkedin.com\/company\/talkpal\/\",\"https:\/\/www.youtube.com\/@TalkPal\/\",\"https:\/\/www.tiktok.com\/@talkpal\",\"https:\/\/www.instagram.com\/talkpal_ai\/\",\"https:\/\/www.crunchbase.com\/organization\/talkpal-9cde\",\"https:\/\/www.g2.com\/products\/talkpal-for-business\/\",\"https:\/\/www.trustpilot.com\/review\/talkpal.ai\",\"https:\/\/www.capterra.com\/p\/10006800\/TalkPal\/\"],\"description\":\"Talkpal is a language learning web and mobile education app, powered by the latest AI technologies, that provides engaging experiences to its customers in many different languages to help them improve their language skills. Users can chat about unlimited amount of topics with the app and use other modes to practice their language learning.\",\"email\":\"support@talkpal.ai\",\"legalName\":\"Talkpal, Inc.\",\"foundingDate\":\"2023-04-03\",\"duns\":\"118989042\",\"numberOfEmployees\":{\"@type\":\"QuantitativeValue\",\"minValue\":\"11\",\"maxValue\":\"50\"},\"publishingPrinciples\":\"https:\/\/talkpal.ai\/publishing-principles\/\",\"actionableFeedbackPolicy\":\"https:\/\/talkpal.ai\/actionable-feedback-policy\/\",\"correctionsPolicy\":\"https:\/\/talkpal.ai\/corrections-policy\/\",\"ethicsPolicy\":\"https:\/\/talkpal.ai\/ethics-policy\/\",\"diversityPolicy\":\"https:\/\/talkpal.ai\/diversity-policy\/\",\"diversityStaffingReport\":\"https:\/\/talkpal.ai\/diversity-policy\/\"}]}<\/script>\n<!-- \/ Yoast SEO Premium plugin. -->","yoast_head_json":{"title":"Litvanca Dilbilgisi - Talkpal","description":"Litvanca dilbilgisinin tarihsel zenginli\u011fi ve mant\u0131\u011f\u0131 nas\u0131l yans\u0131tt\u0131\u011f\u0131n\u0131 ke\u015ffedin, bu da onu dil severler i\u00e7in m\u00fckemmel bir \u00e7al\u0131\u015fma haline getiriyor.","robots":{"index":"index","follow":"follow","max-snippet":"max-snippet:-1","max-image-preview":"max-image-preview:large","max-video-preview":"max-video-preview:-1"},"canonical":"https:\/\/talkpal.ai\/tr\/litvanca-dilbilgisi\/","og_locale":"tr_TR","og_type":"article","og_title":"Litvanca Dilbilgisi","og_description":"Litvanca Dilbilgisi: Dil Boyunca B\u00fcy\u00fcleyici Bir Yolculuk Hi\u00e7 Litvanca \u00f6\u011frenmeyi d\u00fc\u015f\u00fcnd\u00fcn\u00fcz m\u00fc ya da benzersiz dilbilgisi ilginizi \u00e7ekti mi? Pekala, sizi","og_url":"https:\/\/talkpal.ai\/tr\/litvanca-dilbilgisi\/","og_site_name":"Talkpal","article_publisher":"https:\/\/www.facebook.com\/profile.php?id=100090733639311","article_modified_time":"2025-12-12T10:52:17+00:00","og_image":[{"width":512,"height":512,"url":"https:\/\/talkpal.ai\/wp-content\/uploads\/2023\/05\/Lithuanian.png","type":"image\/png"}],"twitter_card":"summary_large_image","twitter_site":"@talkpalai","twitter_misc":{"Tahmini okuma s\u00fcresi":"3 dakika"},"schema":{"@context":"https:\/\/schema.org","@graph":[{"@type":"WebPage","@id":"https:\/\/talkpal.ai\/tr\/litvanca-dilbilgisi\/","url":"https:\/\/talkpal.ai\/tr\/litvanca-dilbilgisi\/","name":"Litvanca Dilbilgisi - Talkpal","isPartOf":{"@id":"https:\/\/talkpal.ai\/tr\/#website"},"primaryImageOfPage":{"@id":"https:\/\/talkpal.ai\/tr\/litvanca-dilbilgisi\/#primaryimage"},"image":{"@id":"https:\/\/talkpal.ai\/tr\/litvanca-dilbilgisi\/#primaryimage"},"thumbnailUrl":"https:\/\/talkpal.ai\/wp-content\/uploads\/2023\/05\/Lithuanian.png","datePublished":"2023-05-14T14:10:42+00:00","dateModified":"2025-12-12T10:52:17+00:00","description":"Litvanca dilbilgisinin tarihsel zenginli\u011fi ve mant\u0131\u011f\u0131 nas\u0131l yans\u0131tt\u0131\u011f\u0131n\u0131 ke\u015ffedin, bu da onu dil severler i\u00e7in m\u00fckemmel bir \u00e7al\u0131\u015fma haline getiriyor.","breadcrumb":{"@id":"https:\/\/talkpal.ai\/tr\/litvanca-dilbilgisi\/#breadcrumb"},"inLanguage":"tr","potentialAction":[{"@type":"ReadAction","target":["https:\/\/talkpal.ai\/tr\/litvanca-dilbilgisi\/"]}]},{"@type":"ImageObject","inLanguage":"tr","@id":"https:\/\/talkpal.ai\/tr\/litvanca-dilbilgisi\/#primaryimage","url":"https:\/\/talkpal.ai\/wp-content\/uploads\/2023\/05\/Lithuanian.png","contentUrl":"https:\/\/talkpal.ai\/wp-content\/uploads\/2023\/05\/Lithuanian.png","width":512,"height":512},{"@type":"BreadcrumbList","@id":"https:\/\/talkpal.ai\/tr\/litvanca-dilbilgisi\/#breadcrumb","itemListElement":[{"@type":"ListItem","position":1,"name":"Homepage","item":"https:\/\/talkpal.ai\/tr\/"},{"@type":"ListItem","position":2,"name":"Litvanca Dilbilgisi"}]},{"@type":"WebSite","@id":"https:\/\/talkpal.ai\/tr\/#website","url":"https:\/\/talkpal.ai\/tr\/","name":"Talkpal","description":"AI Language Learning","publisher":{"@id":"https:\/\/talkpal.ai\/tr\/#organization"},"alternateName":"Talkpal AI","potentialAction":[{"@type":"SearchAction","target":{"@type":"EntryPoint","urlTemplate":"https:\/\/talkpal.ai\/tr\/?s={search_term_string}"},"query-input":{"@type":"PropertyValueSpecification","valueRequired":true,"valueName":"search_term_string"}}],"inLanguage":"tr"},{"@type":"Organization","@id":"https:\/\/talkpal.ai\/tr\/#organization","name":"Talkpal, Inc.","alternateName":"Talkpal AI","url":"https:\/\/talkpal.ai\/tr\/","logo":{"@type":"ImageObject","inLanguage":"tr","@id":"https:\/\/talkpal.ai\/tr\/#\/schema\/logo\/image\/","url":"https:\/\/talkpal.ai\/wp-content\/uploads\/2024\/03\/Talkpal-Logo-Icon.png","contentUrl":"https:\/\/talkpal.ai\/wp-content\/uploads\/2024\/03\/Talkpal-Logo-Icon.png","width":2880,"height":2880,"caption":"Talkpal, Inc."},"image":{"@id":"https:\/\/talkpal.ai\/tr\/#\/schema\/logo\/image\/"},"sameAs":["https:\/\/www.facebook.com\/profile.php?id=100090733639311","https:\/\/x.com\/talkpalai","https:\/\/www.linkedin.com\/company\/talkpal\/","https:\/\/www.youtube.com\/@TalkPal\/","https:\/\/www.tiktok.com\/@talkpal","https:\/\/www.instagram.com\/talkpal_ai\/","https:\/\/www.crunchbase.com\/organization\/talkpal-9cde","https:\/\/www.g2.com\/products\/talkpal-for-business\/","https:\/\/www.trustpilot.com\/review\/talkpal.ai","https:\/\/www.capterra.com\/p\/10006800\/TalkPal\/"],"description":"Talkpal is a language learning web and mobile education app, powered by the latest AI technologies, that provides engaging experiences to its customers in many different languages to help them improve their language skills. Users can chat about unlimited amount of topics with the app and use other modes to practice their language learning.","email":"support@talkpal.ai","legalName":"Talkpal, Inc.","foundingDate":"2023-04-03","duns":"118989042","numberOfEmployees":{"@type":"QuantitativeValue","minValue":"11","maxValue":"50"},"publishingPrinciples":"https:\/\/talkpal.ai\/publishing-principles\/","actionableFeedbackPolicy":"https:\/\/talkpal.ai\/actionable-feedback-policy\/","correctionsPolicy":"https:\/\/talkpal.ai\/corrections-policy\/","ethicsPolicy":"https:\/\/talkpal.ai\/ethics-policy\/","diversityPolicy":"https:\/\/talkpal.ai\/diversity-policy\/","diversityStaffingReport":"https:\/\/talkpal.ai\/diversity-policy\/"}]}},"_links":{"self":[{"href":"https:\/\/talkpal.ai\/tr\/wp-json\/wp\/v2\/pages\/146396","targetHints":{"allow":["GET"]}}],"collection":[{"href":"https:\/\/talkpal.ai\/tr\/wp-json\/wp\/v2\/pages"}],"about":[{"href":"https:\/\/talkpal.ai\/tr\/wp-json\/wp\/v2\/types\/page"}],"author":[{"embeddable":true,"href":"https:\/\/talkpal.ai\/tr\/wp-json\/wp\/v2\/users\/1"}],"replies":[{"embeddable":true,"href":"https:\/\/talkpal.ai\/tr\/wp-json\/wp\/v2\/comments?post=146396"}],"version-history":[{"count":0,"href":"https:\/\/talkpal.ai\/tr\/wp-json\/wp\/v2\/pages\/146396\/revisions"}],"wp:featuredmedia":[{"embeddable":true,"href":"https:\/\/talkpal.ai\/tr\/wp-json\/wp\/v2\/media\/115218"}],"wp:attachment":[{"href":"https:\/\/talkpal.ai\/tr\/wp-json\/wp\/v2\/media?parent=146396"}],"curies":[{"name":"wp","href":"https:\/\/api.w.org\/{rel}","templated":true}]}}