{"id":1462170,"date":"2025-10-22T12:21:47","date_gmt":"2025-10-22T12:21:47","guid":{"rendered":"https:\/\/talkpal.ai\/ogrenciler-icin-talkpal-indirimi\/"},"modified":"2026-01-22T14:59:09","modified_gmt":"2026-01-22T14:59:09","slug":"ogrenciler-icin-talkpal-indirimi","status":"publish","type":"page","link":"https:\/\/talkpal.ai\/tr\/ogrenciler-icin-talkpal-indirimi\/","title":{"rendered":"\u00d6\u011frenciler i\u00e7in Talkpal indirimi"},"content":{"rendered":"<section class=\"languageChallengeSection\">\r\n    <div class=\"languageInfoWrapper\">\r\n        \r\n        <h1>\u00d6\u011frenciler i\u00e7in Talkpal indirimi<\/h1>\r\n        <p>Dil becerilerinizi geli\u015ftirmek isteyen bir \u00f6\u011frenci misiniz? Talkpal, daha h\u0131zl\u0131 ve ak\u0131ll\u0131 \u00f6\u011frenmenizi sa\u011flamak i\u00e7in \u00f6zel %79 \u00f6\u011frenci indirimi sunuyor. T\u00fcm premium \u00f6zelliklere eri\u015fin, yapay zeka ile ger\u00e7ek konu\u015fmalar yap\u0131n ve yar\u0131 fiyat\u0131na ak\u0131c\u0131l\u0131k elde edin.<\/p>\r\n\r\n                    <a class=\"getStartedHidden\" href=\"https:\/\/app.talkpal.ai\/signup?discount=50\">\r\n                \u0130ndirim al\u0131n            <\/a>\r\n            <\/div>\r\n\r\n            <figure>\r\n            <img decoding=\"async\" class=\"no-lazy\" src=\"https:\/\/talkpal.ai\/wp-content\/uploads\/2026\/01\/group-with-phone-in-circle.webp\" alt=\"\" fetchpriority=\"high\" \/>\r\n        <\/figure>\r\n        \r\n                    <a class=\"getStartedVisible\" href=\"https:\/\/app.talkpal.ai\/signup?discount=50\">\r\n                \u0130ndirim al\u0131n            <\/a>\r\n        <\/section><section class=\"featureSection\">\r\n    <div class=\"featureIntroduce\">\r\n        <a class=\"introduceLink\" href=\"https:\/\/app.talkpal.ai\/tr\/signup?lng=\">\r\n            <img decoding=\"async\" src=\"https:\/\/talkpal.ai\/wp-content\/themes\/talkpal\/assets\/img\/Sparkle.svg\" alt=\"\" \/>En geli\u015fmi\u015f\n  AI<\/a>\r\n        <h3 class=\"featureTitle\">Talkpal fark\u0131<\/h3>\r\n    <\/div>\r\n            <div class=\"introduceWrapper\">\r\n                            <a class=\"introducCard\" href=\"https:\/\/app.talkpal.ai\/tr\/signup?lng=\">\r\n\r\n                    \r\n                                                <img decoding=\"async\" src=\"https:\/\/talkpal.ai\/wp-content\/uploads\/2025\/05\/Immersive_conversations.png\" alt=\"Immersive Conversation Screenshot\" \/>\r\n                        <h4 class=\"introduceTitle\">Ki\u015fiselle\u015ftirilmi\u015f E\u011fitim<\/h4>\r\n                        <p class=\"cardText\">Her \u00f6\u011frenci farkl\u0131 \u015fekilde \u00f6\u011frenir ve yeni bir dilde ustala\u015fma yolculuklar\u0131 da \u00f6yle. Talkpal&#039;da, milyonlarca \u00f6\u011frencinin her g\u00fcn nas\u0131l dil \u00f6\u011frendi\u011fini anlamak i\u00e7in geli\u015fmi\u015f yapay zeka teknolojisini kullan\u0131yoruz. Bu, sizin gibi \u00f6\u011frenciler i\u00e7in \u00f6zel olarak tasarlanm\u0131\u015f ki\u015fiselle\u015ftirilmi\u015f, verimli ve ilgi \u00e7ekici \u00f6\u011frenme deneyimleri olu\u015fturmam\u0131za yard\u0131mc\u0131 olur.<\/p>\r\n                    \r\n                <\/a>\r\n                            <a class=\"introducCard\" href=\"https:\/\/app.talkpal.ai\/tr\/signup?lng=\">\r\n\r\n                    \r\n                                                <img decoding=\"async\" src=\"https:\/\/talkpal.ai\/wp-content\/uploads\/2025\/05\/Realtime_feedback.png\" alt=\"Feedback Screenshot\" \/>\r\n                        <h4 class=\"introduceTitle\">Son Teknoloji<\/h4>\r\n                        <p class=\"cardText\">Misyonumuz, yapay zekadaki en son yenilikleri kan\u0131tlanm\u0131\u015f e\u011fitim y\u00f6ntemleriyle birle\u015ftirerek ki\u015fiselle\u015ftirilmi\u015f dil \u00f6\u011frenimini t\u00fcm \u00f6\u011frenciler i\u00e7in eri\u015filebilir k\u0131lmakt\u0131r. Talkpal ile sadece ders almazs\u0131n\u0131z, h\u0131z\u0131n\u0131za, tarz\u0131n\u0131za ve hedeflerinize uyum sa\u011flayan \u00f6zel bir yolculuk ya\u015fars\u0131n\u0131z.<\/p>\r\n                    \r\n                <\/a>\r\n                            <a class=\"introducCard\" href=\"https:\/\/app.talkpal.ai\/tr\/signup?lng=\">\r\n\r\n                    \r\n                                                <img decoding=\"async\" src=\"https:\/\/talkpal.ai\/wp-content\/uploads\/2025\/05\/Personalization.png\" alt=\"Personalization Screenshot\" \/>\r\n                        <h4 class=\"introduceTitle\">\u00d6\u011frenmeyi E\u011flenceli Hale Getirmek<\/h4>\r\n                        <p class=\"cardText\">Dil \u00f6\u011frenmenin e\u011flenceli ve motive edici olmas\u0131 gerekti\u011fine inan\u0131yoruz. Bu nedenle Talkpal, \u00f6\u011frencilerin ilgisini \u00e7ekmek ve ilham almak i\u00e7in tasarlanm\u0131\u015ft\u0131r &#8211; \u00f6\u011frenmeyi ders \u00e7al\u0131\u015fmaktan \u00e7ok heyecan verici bir macera gibi hissettirir. D\u00fcnyan\u0131n d\u00f6rt bir yan\u0131ndaki binlerce \u00f6\u011frenciye kat\u0131l\u0131n ve Talkpal ile bir sonraki dilinizde ustala\u015fmaya ba\u015flay\u0131n!<\/p>\r\n                    \r\n                <\/a>\r\n                            <\/div>\r\n                     <a class=\"featureSectionLink\" href=\"https:\/\/app.talkpal.ai\/signup?discount=50\">\r\n                \u0130ndirim al\u0131n            <\/a>\r\n                \r\n<\/section>\r\n\r\n\r\n<section class=\"smartFunSection\">\r\n            \r\n            <div class=\"smartFunCard\">\r\n                <div class=\"smartFunWrapper\"><img decoding=\"async\" src=\"https:\/\/talkpal.ai\/wp-content\/uploads\/2025\/05\/1.png\" alt=\"Learning Stats Screenshot\"><\/div>\r\n                <h3>Size \u00f6zel<\/h3>\r\n                <p>Talkpal, her \u00f6\u011frencinin seviyesine ve h\u0131z\u0131na g\u00f6re uyarlanm\u0131\u015f ki\u015fiselle\u015ftirilmi\u015f dil \u00f6\u011frenme oturumlar\u0131 sa\u011flamak i\u00e7in yapay zeka odakl\u0131 teknolojiyi kullan\u0131r. Her ders, bireysel \u00f6\u011frenme ihtiya\u00e7lar\u0131n\u0131z\u0131 kar\u015f\u0131lamak ve istikrarl\u0131 bir ilerleme kaydetmenize yard\u0131mc\u0131 olmak i\u00e7in tasarlanm\u0131\u015ft\u0131r.<\/p>\r\n            <\/div>\r\n\r\n        \r\n            <div class=\"smartFunCard\">\r\n                <div class=\"smartFunWrapper\"><img decoding=\"async\" src=\"https:\/\/talkpal.ai\/wp-content\/uploads\/2025\/05\/2.png\" alt=\"Pronunciation Score Screenshot\"><\/div>\r\n                <h3>Etkili ve Verimli<\/h3>\r\n                <p>Talkpal ile okuma, dinleme ve konu\u015fma becerilerinizi verimli bir \u015fekilde geli\u015ftirin. Yenilik\u00e7i \u00f6\u011frenme ara\u00e7lar\u0131m\u0131z, dil \u00f6\u011frenimini her k\u00f6kenden \u00f6\u011frenciler i\u00e7in hem etkili hem de e\u011flenceli hale getirmek \u00fczere tasarlanm\u0131\u015ft\u0131r.<\/p>\r\n            <\/div>\r\n\r\n        \r\n            <div class=\"smartFunCard\">\r\n                <div class=\"smartFunWrapper\"><img decoding=\"async\" src=\"https:\/\/talkpal.ai\/wp-content\/uploads\/2025\/05\/3.png\" alt=\"Chat Topics Screenshot\"><\/div>\r\n                <h3>Ba\u011fl\u0131l\u0131\u011f\u0131n\u0131z\u0131 Koruyun<\/h3>\r\n                <p>Platform, \u00f6\u011frencileri motive ve tutarl\u0131 tutmak i\u00e7in oyunla\u015ft\u0131r\u0131lm\u0131\u015f unsurlar\u0131, ilgi \u00e7ekici zorluklar\u0131 ve d\u00fc\u015f\u00fcnd\u00fcr\u00fcc\u00fc sorular\u0131 birle\u015ftirir. Talkpal ile dil \u00f6\u011frenmek bir g\u00f6rev de\u011fil, e\u011flenceli bir g\u00fcnl\u00fck al\u0131\u015fkanl\u0131k haline gelir.<\/p>\r\n            <\/div>\r\n\r\n        \r\n            <div class=\"smartFunCard\">\r\n                <div class=\"smartFunWrapper\"><img decoding=\"async\" src=\"https:\/\/talkpal.ai\/wp-content\/uploads\/2025\/05\/4.png\" alt=\"Dashboard Screenshot\"><\/div>\r\n                <h3>\u00d6\u011frenmenin tad\u0131n\u0131 \u00e7\u0131kar\u0131n<\/h3>\r\n                <p>Yeni bir dile hakim olmak s\u0131k\u0131c\u0131 olmak zorunda de\u011fil. Talkpal, \u00f6\u011frenmeyi her \u00f6\u011frencinin g\u00fcn\u00fcn\u00fcn keyifli ve ilham verici bir par\u00e7as\u0131 haline getirmek i\u00e7in etkile\u015fimli al\u0131\u015ft\u0131rmalar, canl\u0131 karakterler ve hatta esprili yapay zeka konu\u015fmalar\u0131 sunar.<\/p>\r\n            <\/div>\r\n\r\n            \r\n<\/section>\r\n\r\n<section class=\"promotionalBanner\">\r\n    <p class=\"promotionalText\">\u00d6\u011frenciler i\u00e7in Talkpal &#8211; \u0130ndirimli fiyatla \u00f6\u011frenmeye ba\u015flay\u0131n<\/p>\r\n                <a class=\"promotionalLink\" href=\"https:\/\/app.talkpal.ai\/signup?discount=50\">\r\n                \u0130ndirim al\u0131n            <\/a>\r\n            \r\n<\/section>","protected":false},"excerpt":{"rendered":"","protected":false},"author":10,"featured_media":0,"parent":0,"menu_order":0,"comment_status":"closed","ping_status":"closed","template":"LearningContentPage.php","meta":{"_acf_changed":false,"footnotes":""},"class_list":["post-1462170","page","type-page","status-publish","hentry"],"acf":[],"yoast_head":"<!-- This site is optimized with the Yoast SEO Premium plugin v27.2 (Yoast SEO v27.2) - https:\/\/yoast.com\/product\/yoast-seo-premium-wordpress\/ -->\n<title>\u00d6\u011frenciler i\u00e7in Talkpal indirimi - Talkpal<\/title>\n<meta name=\"description\" content=\"Ki\u015fiye \u00f6zel yapay zeka konu\u015fma prati\u011fi ile dilleri daha h\u0131zl\u0131 \u00f6\u011frenmek i\u00e7in Talkpal&#039;da \u00f6zel \u00f6\u011frenci indirimi elde edin.\" \/>\n<meta name=\"robots\" content=\"index, follow, max-snippet:-1, max-image-preview:large, max-video-preview:-1\" \/>\n<link rel=\"canonical\" href=\"https:\/\/talkpal.ai\/tr\/ogrenciler-icin-talkpal-indirimi\/\" \/>\n<meta property=\"og:locale\" content=\"tr_TR\" \/>\n<meta property=\"og:type\" content=\"article\" \/>\n<meta property=\"og:title\" content=\"\u00d6\u011frenciler i\u00e7in Talkpal indirimi\" \/>\n<meta property=\"og:url\" content=\"https:\/\/talkpal.ai\/tr\/ogrenciler-icin-talkpal-indirimi\/\" \/>\n<meta property=\"og:site_name\" content=\"Talkpal\" \/>\n<meta property=\"article:publisher\" content=\"https:\/\/www.facebook.com\/profile.php?id=100090733639311\" \/>\n<meta property=\"article:modified_time\" content=\"2026-01-22T14:59:09+00:00\" \/>\n<meta property=\"og:image\" content=\"https:\/\/talkpal.ai\/wp-content\/uploads\/2025\/02\/Progress-tab-16_9.png\" \/>\n\t<meta property=\"og:image:width\" content=\"2880\" \/>\n\t<meta property=\"og:image:height\" content=\"1620\" \/>\n\t<meta property=\"og:image:type\" content=\"image\/png\" \/>\n<meta name=\"twitter:card\" content=\"summary_large_image\" \/>\n<meta name=\"twitter:site\" content=\"@talkpalai\" \/>\n<script type=\"application\/ld+json\" class=\"yoast-schema-graph\">{\"@context\":\"https:\/\/schema.org\",\"@graph\":[{\"@type\":\"WebPage\",\"@id\":\"https:\/\/talkpal.ai\/tr\/ogrenciler-icin-talkpal-indirimi\/\",\"url\":\"https:\/\/talkpal.ai\/tr\/ogrenciler-icin-talkpal-indirimi\/\",\"name\":\"\u00d6\u011frenciler i\u00e7in Talkpal indirimi - Talkpal\",\"isPartOf\":{\"@id\":\"https:\/\/talkpal.ai\/tr\/#website\"},\"datePublished\":\"2025-10-22T12:21:47+00:00\",\"dateModified\":\"2026-01-22T14:59:09+00:00\",\"description\":\"Ki\u015fiye \u00f6zel yapay zeka konu\u015fma prati\u011fi ile dilleri daha h\u0131zl\u0131 \u00f6\u011frenmek i\u00e7in Talkpal'da \u00f6zel \u00f6\u011frenci indirimi elde edin.\",\"breadcrumb\":{\"@id\":\"https:\/\/talkpal.ai\/tr\/ogrenciler-icin-talkpal-indirimi\/#breadcrumb\"},\"inLanguage\":\"tr\",\"potentialAction\":[{\"@type\":\"ReadAction\",\"target\":[\"https:\/\/talkpal.ai\/tr\/ogrenciler-icin-talkpal-indirimi\/\"]}]},{\"@type\":\"BreadcrumbList\",\"@id\":\"https:\/\/talkpal.ai\/tr\/ogrenciler-icin-talkpal-indirimi\/#breadcrumb\",\"itemListElement\":[{\"@type\":\"ListItem\",\"position\":1,\"name\":\"Homepage\",\"item\":\"https:\/\/talkpal.ai\/tr\/\"},{\"@type\":\"ListItem\",\"position\":2,\"name\":\"\u00d6\u011frenciler i\u00e7in Talkpal indirimi\"}]},{\"@type\":\"WebSite\",\"@id\":\"https:\/\/talkpal.ai\/tr\/#website\",\"url\":\"https:\/\/talkpal.ai\/tr\/\",\"name\":\"Talkpal\",\"description\":\"AI Language Learning\",\"publisher\":{\"@id\":\"https:\/\/talkpal.ai\/tr\/#organization\"},\"alternateName\":\"Talkpal AI\",\"potentialAction\":[{\"@type\":\"SearchAction\",\"target\":{\"@type\":\"EntryPoint\",\"urlTemplate\":\"https:\/\/talkpal.ai\/tr\/?s={search_term_string}\"},\"query-input\":{\"@type\":\"PropertyValueSpecification\",\"valueRequired\":true,\"valueName\":\"search_term_string\"}}],\"inLanguage\":\"tr\"},{\"@type\":\"Organization\",\"@id\":\"https:\/\/talkpal.ai\/tr\/#organization\",\"name\":\"Talkpal, Inc.\",\"alternateName\":\"Talkpal AI\",\"url\":\"https:\/\/talkpal.ai\/tr\/\",\"logo\":{\"@type\":\"ImageObject\",\"inLanguage\":\"tr\",\"@id\":\"https:\/\/talkpal.ai\/tr\/#\/schema\/logo\/image\/\",\"url\":\"https:\/\/talkpal.ai\/wp-content\/uploads\/2024\/03\/Talkpal-Logo-Icon.png\",\"contentUrl\":\"https:\/\/talkpal.ai\/wp-content\/uploads\/2024\/03\/Talkpal-Logo-Icon.png\",\"width\":2880,\"height\":2880,\"caption\":\"Talkpal, Inc.\"},\"image\":{\"@id\":\"https:\/\/talkpal.ai\/tr\/#\/schema\/logo\/image\/\"},\"sameAs\":[\"https:\/\/www.facebook.com\/profile.php?id=100090733639311\",\"https:\/\/x.com\/talkpalai\",\"https:\/\/www.linkedin.com\/company\/talkpal\/\",\"https:\/\/www.youtube.com\/@TalkPal\/\",\"https:\/\/www.tiktok.com\/@talkpal\",\"https:\/\/www.instagram.com\/talkpal_ai\/\",\"https:\/\/www.crunchbase.com\/organization\/talkpal-9cde\",\"https:\/\/www.g2.com\/products\/talkpal-for-business\/\",\"https:\/\/www.trustpilot.com\/review\/talkpal.ai\",\"https:\/\/www.capterra.com\/p\/10006800\/TalkPal\/\"],\"description\":\"Talkpal is a language learning web and mobile education app, powered by the latest AI technologies, that provides engaging experiences to its customers in many different languages to help them improve their language skills. Users can chat about unlimited amount of topics with the app and use other modes to practice their language learning.\",\"email\":\"support@talkpal.ai\",\"legalName\":\"Talkpal, Inc.\",\"foundingDate\":\"2023-04-03\",\"duns\":\"118989042\",\"numberOfEmployees\":{\"@type\":\"QuantitativeValue\",\"minValue\":\"11\",\"maxValue\":\"50\"},\"publishingPrinciples\":\"https:\/\/talkpal.ai\/publishing-principles\/\",\"actionableFeedbackPolicy\":\"https:\/\/talkpal.ai\/actionable-feedback-policy\/\",\"correctionsPolicy\":\"https:\/\/talkpal.ai\/corrections-policy\/\",\"ethicsPolicy\":\"https:\/\/talkpal.ai\/ethics-policy\/\",\"diversityPolicy\":\"https:\/\/talkpal.ai\/diversity-policy\/\",\"diversityStaffingReport\":\"https:\/\/talkpal.ai\/diversity-policy\/\"}]}<\/script>\n<!-- \/ Yoast SEO Premium plugin. -->","yoast_head_json":{"title":"\u00d6\u011frenciler i\u00e7in Talkpal indirimi - Talkpal","description":"Ki\u015fiye \u00f6zel yapay zeka konu\u015fma prati\u011fi ile dilleri daha h\u0131zl\u0131 \u00f6\u011frenmek i\u00e7in Talkpal'da \u00f6zel \u00f6\u011frenci indirimi elde edin.","robots":{"index":"index","follow":"follow","max-snippet":"max-snippet:-1","max-image-preview":"max-image-preview:large","max-video-preview":"max-video-preview:-1"},"canonical":"https:\/\/talkpal.ai\/tr\/ogrenciler-icin-talkpal-indirimi\/","og_locale":"tr_TR","og_type":"article","og_title":"\u00d6\u011frenciler i\u00e7in Talkpal indirimi","og_url":"https:\/\/talkpal.ai\/tr\/ogrenciler-icin-talkpal-indirimi\/","og_site_name":"Talkpal","article_publisher":"https:\/\/www.facebook.com\/profile.php?id=100090733639311","article_modified_time":"2026-01-22T14:59:09+00:00","og_image":[{"width":2880,"height":1620,"url":"https:\/\/talkpal.ai\/wp-content\/uploads\/2025\/02\/Progress-tab-16_9.png","type":"image\/png"}],"twitter_card":"summary_large_image","twitter_site":"@talkpalai","schema":{"@context":"https:\/\/schema.org","@graph":[{"@type":"WebPage","@id":"https:\/\/talkpal.ai\/tr\/ogrenciler-icin-talkpal-indirimi\/","url":"https:\/\/talkpal.ai\/tr\/ogrenciler-icin-talkpal-indirimi\/","name":"\u00d6\u011frenciler i\u00e7in Talkpal indirimi - Talkpal","isPartOf":{"@id":"https:\/\/talkpal.ai\/tr\/#website"},"datePublished":"2025-10-22T12:21:47+00:00","dateModified":"2026-01-22T14:59:09+00:00","description":"Ki\u015fiye \u00f6zel yapay zeka konu\u015fma prati\u011fi ile dilleri daha h\u0131zl\u0131 \u00f6\u011frenmek i\u00e7in Talkpal'da \u00f6zel \u00f6\u011frenci indirimi elde edin.","breadcrumb":{"@id":"https:\/\/talkpal.ai\/tr\/ogrenciler-icin-talkpal-indirimi\/#breadcrumb"},"inLanguage":"tr","potentialAction":[{"@type":"ReadAction","target":["https:\/\/talkpal.ai\/tr\/ogrenciler-icin-talkpal-indirimi\/"]}]},{"@type":"BreadcrumbList","@id":"https:\/\/talkpal.ai\/tr\/ogrenciler-icin-talkpal-indirimi\/#breadcrumb","itemListElement":[{"@type":"ListItem","position":1,"name":"Homepage","item":"https:\/\/talkpal.ai\/tr\/"},{"@type":"ListItem","position":2,"name":"\u00d6\u011frenciler i\u00e7in Talkpal indirimi"}]},{"@type":"WebSite","@id":"https:\/\/talkpal.ai\/tr\/#website","url":"https:\/\/talkpal.ai\/tr\/","name":"Talkpal","description":"AI Language Learning","publisher":{"@id":"https:\/\/talkpal.ai\/tr\/#organization"},"alternateName":"Talkpal AI","potentialAction":[{"@type":"SearchAction","target":{"@type":"EntryPoint","urlTemplate":"https:\/\/talkpal.ai\/tr\/?s={search_term_string}"},"query-input":{"@type":"PropertyValueSpecification","valueRequired":true,"valueName":"search_term_string"}}],"inLanguage":"tr"},{"@type":"Organization","@id":"https:\/\/talkpal.ai\/tr\/#organization","name":"Talkpal, Inc.","alternateName":"Talkpal AI","url":"https:\/\/talkpal.ai\/tr\/","logo":{"@type":"ImageObject","inLanguage":"tr","@id":"https:\/\/talkpal.ai\/tr\/#\/schema\/logo\/image\/","url":"https:\/\/talkpal.ai\/wp-content\/uploads\/2024\/03\/Talkpal-Logo-Icon.png","contentUrl":"https:\/\/talkpal.ai\/wp-content\/uploads\/2024\/03\/Talkpal-Logo-Icon.png","width":2880,"height":2880,"caption":"Talkpal, Inc."},"image":{"@id":"https:\/\/talkpal.ai\/tr\/#\/schema\/logo\/image\/"},"sameAs":["https:\/\/www.facebook.com\/profile.php?id=100090733639311","https:\/\/x.com\/talkpalai","https:\/\/www.linkedin.com\/company\/talkpal\/","https:\/\/www.youtube.com\/@TalkPal\/","https:\/\/www.tiktok.com\/@talkpal","https:\/\/www.instagram.com\/talkpal_ai\/","https:\/\/www.crunchbase.com\/organization\/talkpal-9cde","https:\/\/www.g2.com\/products\/talkpal-for-business\/","https:\/\/www.trustpilot.com\/review\/talkpal.ai","https:\/\/www.capterra.com\/p\/10006800\/TalkPal\/"],"description":"Talkpal is a language learning web and mobile education app, powered by the latest AI technologies, that provides engaging experiences to its customers in many different languages to help them improve their language skills. Users can chat about unlimited amount of topics with the app and use other modes to practice their language learning.","email":"support@talkpal.ai","legalName":"Talkpal, Inc.","foundingDate":"2023-04-03","duns":"118989042","numberOfEmployees":{"@type":"QuantitativeValue","minValue":"11","maxValue":"50"},"publishingPrinciples":"https:\/\/talkpal.ai\/publishing-principles\/","actionableFeedbackPolicy":"https:\/\/talkpal.ai\/actionable-feedback-policy\/","correctionsPolicy":"https:\/\/talkpal.ai\/corrections-policy\/","ethicsPolicy":"https:\/\/talkpal.ai\/ethics-policy\/","diversityPolicy":"https:\/\/talkpal.ai\/diversity-policy\/","diversityStaffingReport":"https:\/\/talkpal.ai\/diversity-policy\/"}]}},"_links":{"self":[{"href":"https:\/\/talkpal.ai\/tr\/wp-json\/wp\/v2\/pages\/1462170","targetHints":{"allow":["GET"]}}],"collection":[{"href":"https:\/\/talkpal.ai\/tr\/wp-json\/wp\/v2\/pages"}],"about":[{"href":"https:\/\/talkpal.ai\/tr\/wp-json\/wp\/v2\/types\/page"}],"author":[{"embeddable":true,"href":"https:\/\/talkpal.ai\/tr\/wp-json\/wp\/v2\/users\/10"}],"replies":[{"embeddable":true,"href":"https:\/\/talkpal.ai\/tr\/wp-json\/wp\/v2\/comments?post=1462170"}],"version-history":[{"count":0,"href":"https:\/\/talkpal.ai\/tr\/wp-json\/wp\/v2\/pages\/1462170\/revisions"}],"wp:attachment":[{"href":"https:\/\/talkpal.ai\/tr\/wp-json\/wp\/v2\/media?parent=1462170"}],"curies":[{"name":"wp","href":"https:\/\/api.w.org\/{rel}","templated":true}]}}