{"id":145804,"date":"2023-05-14T14:10:24","date_gmt":"2023-05-14T14:10:24","guid":{"rendered":"http:\/\/talkpal.ai\/letonca-dilbilgisi\/"},"modified":"2025-12-17T17:10:28","modified_gmt":"2025-12-17T17:10:28","slug":"letonca-dilbilgisi","status":"publish","type":"page","link":"https:\/\/talkpal.ai\/tr\/letonca-dilbilgisi\/","title":{"rendered":"Letonca Dilbilgisi"},"content":{"rendered":"\r\n\r\n\r\n<section class=\"languageChallengeSection\">\r\n    <div class=\"languageInfoWrapper\">\r\n        \r\n        <h1>Letonca Dilbilgisi<\/h1>\r\n        <p>Letonca gramerinin e\u015fsiz d\u00fcnyas\u0131n\u0131 ke\u015ffedin ve Balt\u0131k b\u00f6lgesinin en canl\u0131 dillerinden birinin g\u00fczelli\u011fini ortaya \u00e7\u0131kar\u0131n. Yap\u0131s\u0131n\u0131 ve kurallar\u0131n\u0131 anlayarak kendinize olan g\u00fcveninizi ve ileti\u015fim becerilerinizi art\u0131racaks\u0131n\u0131z. <a href=\"https:\/\/talkpal.ai\/latvian-grammar\/\">Letonca dilbilgisi<\/a> \u00f6\u011frenmeye bug\u00fcn ba\u015flay\u0131n ve ak\u0131c\u0131 \u015fekilde konu\u015fmaya do\u011fru ilk ad\u0131m\u0131n\u0131z\u0131 at\u0131n!\n\n<\/p>\r\n\r\n                            <a class=\"getStartedHidden\" href=\"https:\/\/app.talkpal.ai\/tr\/signup?lng=\">Hadi ba\u015fla<\/a>\r\n        \r\n    <\/div>\r\n\r\n    <figure>\r\n    <img decoding=\"async\" width=\"768\" height=\"768\" src=\"https:\/\/talkpal.ai\/wp-content\/uploads\/2023\/06\/latvian-768x768.png\" class=\"languageImage no-lazy\" alt=\"Language learning to access more cultures\" fetchpriority=\"high\" sizes=\"(max-width: 768px) 150px, 768px\" srcset=\"https:\/\/talkpal.ai\/wp-content\/uploads\/2023\/06\/latvian-768x768.png 768w, https:\/\/talkpal.ai\/wp-content\/uploads\/2023\/06\/latvian-300x300.png 300w\" \/>\r\n    \r\n\r\n    <\/figure>\r\n\r\n            <a class=\"getStartedVisible\" href=\"https:\/\/app.talkpal.ai\/tr\/signup?lng=\">Hadi ba\u015fla<\/a>\r\n    \r\n<\/section>\r\n<section class=\"promotionalBanner\">\r\n    <p class=\"promotionalText\">Dil \u00f6\u011frenmenin en etkili yolu<\/p>\r\n    <a class=\"promotionalLink\" href=\"https:\/\/app.talkpal.ai\/tr\/signup?lng=\">Talkpal \u00fccretsiz deneyin<\/a>\r\n<\/section>\n<div class=\"wp-block-group pageContainerStyle\"><div class=\"wp-block-group__inner-container is-layout-constrained wp-block-group-is-layout-constrained\">\n<h2 class=\"wp-block-heading\" id=\"h-the-ultimate-guide-to-latvian-grammar-navigating-the-intricacies-of-a-unique-language\">Letonca Dilbilgisi i\u00e7in En \u0130yi K\u0131lavuz: E\u015fsiz Bir Dilin Karma\u015f\u0131kl\u0131klar\u0131nda Gezinmek<\/h2>\n\n\n\n<p>Letonca dilbilgisi, dilin kendisi gibi, dilsel unsurlar\u0131n zengin ve b\u00fcy\u00fcleyici bir duvar hal\u0131s\u0131n\u0131 sunar. Bir Balt\u0131k dili olan Letonca, \u00e7e\u015fitli \u00f6zellikleriyle \u00f6\u011frencileri b\u00fcy\u00fcl\u00fcyor ve en yetkin konu\u015fmac\u0131lar\u0131 bile zorluyor. Bu k\u0131lavuzda, Letonca dilbilgisinin temel ilkelerini ke\u015ffedecek, karma\u015f\u0131kl\u0131klar\u0131n\u0131 a\u00e7\u0131klayacak ve bu b\u00fcy\u00fcleyici dilde ak\u0131c\u0131 olma yolculu\u011funuzda size destek olaca\u011f\u0131z. Hadi ba\u015flayal\u0131m!<\/p>\n\n\n\n<h3 class=\"wp-block-heading\" id=\"h-the-nuts-and-bolts-latvian-sentence-structure\">Somunlar ve C\u0131vatalar: Letonca C\u00fcmle Yap\u0131s\u0131<\/h3>\n\n\n\n<p>\u00d6z\u00fcnde, Letonca dilbilgisi olduk\u00e7a basittir. Dil genellikle \u0130ngilizce ve di\u011fer bir\u00e7ok dile benzer \u015fekilde \u00d6zne-Fiil-Nesne (SVO) c\u00fcmle yap\u0131s\u0131n\u0131 takip eder. \u00d6rne\u011fin, &#8220;Bir elma yiyorum&#8221; c\u00fcmlesi &#8220;Es \u0113du \u0101bolu&#8221; (Es \u0113du \u0101bolu) olarak \u00e7evrilir. Basit, de\u011fil mi? Ancak, daha derine indik\u00e7e, Letonca dilbilgisinin baz\u0131 ilgin\u00e7 ve ay\u0131rt edici \u00f6zellikleriyle kar\u015f\u0131la\u015facaks\u0131n\u0131z.<\/p>\n\n\n\n<h3 class=\"wp-block-heading\" id=\"h-meet-the-family-latvian-nouns-and-their-cases\">Aileyle Tan\u0131\u015f\u0131n: Letonca \u0130simler ve Durumlar\u0131<\/h3>\n\n\n\n<p>\u0130ngilizce konu\u015fanlar i\u00e7in Letonca dilbilgisinin en kafa kar\u0131\u015ft\u0131r\u0131c\u0131 \u00f6zelliklerinden biri, dilbilgisel durumlar kavram\u0131d\u0131r. Letonca&#8217;da yedi durum vard\u0131r: nominatif, genitive, dative, accusative, locative, instrumental ve vocative. Her durumun kendi i\u015flevi vard\u0131r ve isimlerin, s\u0131fatlar\u0131n, zamirlerin ve hatta bazen fiillerin bi\u00e7imini etkiler.<\/p>\n\n\n\n<p>\u00d6rne\u011fin, &#8220;elma&#8221; anlam\u0131na gelen &#8220;\u0101bols&#8221; (\u0101bols) kelimesini ele alal\u0131m:<\/p>\n\n\n\n<p><strong>&#8211; Nominatif durum (\u00f6zneler i\u00e7in kullan\u0131l\u0131r): \u0101bols<\/strong><\/p>\n\n\n\n<p><strong>&#8211; Genitif durum (sahiplik i\u00e7in kullan\u0131l\u0131r): \u0101bola<\/strong><\/p>\n\n\n\n<p><strong>&#8211; Datif durum (dolayl\u0131 nesneler i\u00e7in kullan\u0131l\u0131r): \u0101bolam<\/strong><\/p>\n\n\n\n<p><strong>&#8211; Akuzatif durum (do\u011frudan nesneler i\u00e7in kullan\u0131l\u0131r): \u0101bolu<\/strong><\/p>\n\n\n\n<p><strong>&#8211; Lokatif durum (konum i\u00e7in kullan\u0131l\u0131r): \u0101bol\u0101<\/strong><\/p>\n\n\n\n<p><strong>&#8211; Ara\u00e7sal durum (bir eylemin ger\u00e7ekle\u015ftirildi\u011fi ara\u00e7lar i\u00e7in kullan\u0131l\u0131r): \u0101bolu\/-iem<\/strong><\/p>\n\n\n\n<p><strong>&#8211; Vokatif durum (birine veya bir \u015feye hitap etmek i\u00e7in kullan\u0131l\u0131r): \u0101bol<\/strong><\/p>\n\n\n\n<p>C\u00fcmlelerinizin anlam\u0131n\u0131 \u00f6nemli \u00f6l\u00e7\u00fcde de\u011fi\u015ftirebildikleri i\u00e7in bu durumlara a\u015fina olman\u0131z \u00f6nemlidir.<\/p>\n\n\n\n<h3 class=\"wp-block-heading\" id=\"h-playing-with-numbers-latvian-plurals-and-genders\">Say\u0131larla Oynamak: Letonca \u00c7o\u011fullar ve Cinsiyetler<\/h3>\n\n\n\n<p>Letonca&#8217;da \u00e7o\u011fullar\u0131 olu\u015ftururken, ismin cinsiyetini ak\u0131lda tutmak \u00e7ok \u00f6nemlidir. Letonca&#8217;da isimlerin iki cinsiyeti vard\u0131r \u2013 eril ve di\u015fil. Cinsiyet, isimlerin, s\u0131fatlar\u0131n, rakamlar\u0131n ve belirli fiil bi\u00e7imlerinin sonlar\u0131n\u0131 etkiler.<\/p>\n\n\n\n<p>Genel olarak, \u00e7o\u011ful aday durumdaki eril isimler -i ile biterken, di\u015fil isimler -as ile biter. \u00d6rne\u011fin, &#8220;zirgs&#8221; (zirgs, &#8220;at&#8221; anlam\u0131na gelen eril bir isim) &#8220;zirgi&#8221; (zirgi, atlar) olur ve &#8220;sieviete&#8221; (sieviete, &#8220;kad\u0131n&#8221; anlam\u0131na gelen di\u015fil bir isim) &#8220;sievietes&#8221; (sievietes, kad\u0131nlar) olur.<\/p>\n\n\n\n<p>Elbette baz\u0131 istisnalar mevcuttur, bu nedenle isimleri cinsiyetleriyle birlikte \u00f6\u011frenmek ve d\u00fczensiz \u00e7o\u011fullar\u0131n fark\u0131nda olmak \u00e7ok \u00f6nemlidir.<\/p>\n\n\n\n<h3 class=\"wp-block-heading\" id=\"h-the-art-of-conjugation-latvian-verbs\">\u00c7ekim Sanat\u0131: Letonca Fiiller<\/h3>\n\n\n\n<p>Letonca fiiller, \u00e7ok say\u0131da zamanlar\u0131, ruh halleri ve \u00e7ekimleri nedeniyle ba\u015flang\u0131\u00e7ta g\u00f6z korkutucu g\u00f6r\u00fcnebilir. Bununla birlikte, onlar\u0131 anlaman\u0131n anahtar\u0131, ortak kal\u0131plar\u0131 tan\u0131mak ve d\u00fczenli olarak pratik yapmakt\u0131r.<\/p>\n\n\n\n<p>Letonca&#8217;da fiiller mastar sonlar\u0131na g\u00f6re \u00fc\u00e7 gruba ayr\u0131l\u0131r, -t, -ties ve -ties\/-t. Her grubun kendine \u00f6zg\u00fc \u00e7ekim kurallar\u0131 vard\u0131r. \u00d6rnek olarak &#8220;las\u012bt&#8221; (las\u012bt, &#8220;okumak&#8221;) fiilini ele alal\u0131m:<\/p>\n\n\n\n<p><strong>\u015eimdiki zaman: Es lasu (Es lasu, &#8220;Okudum&#8221;)<\/strong><\/p>\n\n\n\n<p><strong>Ge\u00e7mi\u015f zaman: Es las\u012bju (Es las\u012bju, &#8220;Okudum&#8221;)<\/strong><\/p>\n\n\n\n<p><strong>Gelecek zaman: Es las\u012b\u0161u (Es las\u012b\u0161u, &#8220;Okuyaca\u011f\u0131m&#8221;)<\/strong><\/p>\n\n\n\n<p>G\u00f6rd\u00fc\u011f\u00fcn\u00fcz gibi, sonlar zamana g\u00f6re de\u011fi\u015fiyor. Ve bu Letonca fiil \u00e7ekimlerinin y\u00fczeyini bile \u00e7izmiyor! Ancak, bunun cesaretinizi k\u0131rmas\u0131na izin vermeyin. Pratik ve sab\u0131rla, kal\u0131plar\u0131 tan\u0131maya ba\u015flayacak ve bu zorlu\u011fun \u00fcstesinden geleceksiniz.<\/p>\n\n\n\n<h3 class=\"wp-block-heading\" id=\"h-the-finishing-touches-latvian-adjectives-adverbs-and-more\">Son R\u00f6tu\u015flar: Letonca S\u0131fatlar, Zarflar ve Daha Fazlas\u0131<\/h3>\n\n\n\n<p>Letonca s\u0131fatlar ve zarflar s\u00f6z konusu oldu\u011funda, konu\u015fman\u0131za derinlik ve karma\u015f\u0131kl\u0131k katmada kritik bir rol oynarlar. S\u0131fatlar, cinsiyet ve durum a\u00e7\u0131s\u0131ndan de\u011fi\u015ftirdikleri isimlerle ayn\u0131 fikirde olmal\u0131 ve sonlar buna g\u00f6re de\u011fi\u015fmelidir.<\/p>\n\n\n\n<p>\u00d6rne\u011fin, &#8220;gar\u0161\u012bgs&#8221; (gar\u0161\u012bgs) &#8220;lezzetli&#8221; anlam\u0131na gelir ve eril ve di\u015fil isimler i\u00e7in farkl\u0131 sonlarla &#8220;gar\u0161\u012bgs \u0101bols&#8221; (gar\u0161\u012bgs \u0101bols, &#8220;lezzetli elma&#8221;) veya &#8220;gar\u0161\u012bga zupa&#8221; (gar\u0161\u012bga zupa, &#8220;lezzetli \u00e7orba&#8221;) olarak g\u00f6rebilirsiniz.<\/p>\n\n\n\n<p>Zarflar genellikle s\u0131fatlardan t\u00fcretilen benzer kal\u0131plar\u0131 takip eder. Letonca&#8217;da zarflar\u0131n \u00e7o\u011fu, s\u0131fatlar i\u00e7in eril tekil su\u00e7lama ile ayn\u0131 bi\u00e7im olan -i ile biter.<\/p>\n\n\n\n<p>Sonu\u00e7 olarak, Letonca dilbilgisinin karma\u015f\u0131kl\u0131\u011f\u0131 ve kendine has \u00f6zellikleri, her ne kadar zorlay\u0131c\u0131 olsa da, dile b\u00fcy\u00fcleyici bir g\u00fczellik ve karakter kazand\u0131rmaktad\u0131r. Israr, merak ve pratik uygulaman\u0131n bir kombinasyonuyla, yak\u0131nda Letonca dilbilgisinde kolayl\u0131kla ve g\u00fcvenle gezineceksiniz. Mutlu \u00f6\u011frenme!<\/p>\n<\/div><\/div>\n\r\n<section class=\"learnNavigationSection\">\r\n            \r\n        <a href=\"https:\/\/talkpal.ai\/tr\/letonca-ogren\/\">\r\n            <div class=\"learnNavigationWrapper\">\r\n                <div class=\"learnNavigationContent\">\r\n                    <img decoding=\"async\" src=\"https:\/\/talkpal.ai\/wp-content\/uploads\/2024\/08\/Latvian.jpg\" alt=\"Latvian Flag\">\r\n                    <div>\r\n                        <h4>Letonca \u00d6\u011frenimi Hakk\u0131nda<\/h4>\r\n                        <p>Letonca dilbilgisi hakk\u0131nda her \u015feyi \u00f6\u011frenin .<\/p>\r\n                    <\/div>\r\n                <\/div>\r\n            <\/div>\r\n        <\/a>\r\n\r\n        \r\n        <a href=\"https:\/\/talkpal.ai\/tr\/letonca-dilbilgisi-alistirmalari\/\">\r\n            <div class=\"learnNavigationWrapper\">\r\n                <div class=\"learnNavigationContent\">\r\n                    <img decoding=\"async\" src=\"https:\/\/talkpal.ai\/wp-content\/uploads\/2024\/08\/Latvian.jpg\" alt=\"Latvian Flag\">\r\n                    <div>\r\n                        <h4>Letonca Dilbilgisi Al\u0131\u015ft\u0131rmas\u0131<\/h4>\r\n                        <p>Letonca dilbilgisi al\u0131\u015ft\u0131rmas\u0131 yap\u0131n .<\/p>\r\n                    <\/div>\r\n                <\/div>\r\n            <\/div>\r\n        <\/a>\r\n\r\n        \r\n        <a href=\"https:\/\/talkpal.ai\/vocabulary_language\/latvian\/\">\r\n            <div class=\"learnNavigationWrapper\">\r\n                <div class=\"learnNavigationContent\">\r\n                    <img decoding=\"async\" src=\"https:\/\/talkpal.ai\/wp-content\/uploads\/2024\/08\/Latvian.jpg\" alt=\"Latvian Flag\">\r\n                    <div>\r\n                        <h4>Letonca Kelime Bilgisi<\/h4>\r\n                        <p>Letonca kelime da\u011farc\u0131\u011f\u0131n\u0131z\u0131 geni\u015fletin.<\/p>\r\n                    <\/div>\r\n                <\/div>\r\n            <\/div>\r\n        <\/a>\r\n\r\n            <\/section>","protected":false},"excerpt":{"rendered":"<p>Letonca Dilbilgisi i\u00e7in En \u0130yi K\u0131lavuz: E\u015fsiz Bir Dilin Karma\u015f\u0131kl\u0131klar\u0131nda Gezinmek Letonca dilbilgisi, dilin kendisi gibi, dilsel unsurlar\u0131n zengin ve b\u00fcy\u00fcleyici bir duvar hal\u0131s\u0131n\u0131 sunar. Bir Balt\u0131k dili olan Letonca, \u00e7e\u015fitli \u00f6zellikleriyle \u00f6\u011frencileri b\u00fcy\u00fcl\u00fcyor ve en yetkin konu\u015fmac\u0131lar\u0131 bile zorluyor. Bu k\u0131lavuzda, Letonca dilbilgisinin temel ilkelerini ke\u015ffedecek, karma\u015f\u0131kl\u0131klar\u0131n\u0131 a\u00e7\u0131klayacak ve bu b\u00fcy\u00fcleyici dilde ak\u0131c\u0131 olma [&hellip;]<\/p>\n","protected":false},"author":1,"featured_media":114480,"parent":0,"menu_order":0,"comment_status":"closed","ping_status":"closed","template":"LearningContentPage.php","meta":{"_acf_changed":false,"footnotes":""},"class_list":["post-145804","page","type-page","status-publish","has-post-thumbnail","hentry"],"acf":[],"yoast_head":"<!-- This site is optimized with the Yoast SEO Premium plugin v27.2 (Yoast SEO v27.2) - https:\/\/yoast.com\/product\/yoast-seo-premium-wordpress\/ -->\n<title>Letonca Dilbilgisi - Talkpal<\/title>\n<meta name=\"description\" content=\"Letonca dilbilgisinde g\u00fcvenle ustala\u015f\u0131n - kurallar\u0131 \u00f6\u011frenin, kullan\u0131m prati\u011fi yap\u0131n ve dil do\u011frulu\u011funu kolayca art\u0131r\u0131n Talkpal&#039;in ki\u015fiselle\u015ftirilmi\u015f yapay zeka rehberli\u011fi.\" \/>\n<meta name=\"robots\" content=\"index, follow, max-snippet:-1, max-image-preview:large, max-video-preview:-1\" \/>\n<link rel=\"canonical\" href=\"https:\/\/talkpal.ai\/tr\/letonca-dilbilgisi\/\" \/>\n<meta property=\"og:locale\" content=\"tr_TR\" \/>\n<meta property=\"og:type\" content=\"article\" \/>\n<meta property=\"og:title\" content=\"Letonca Dilbilgisi\" \/>\n<meta property=\"og:description\" content=\"Letonca Dilbilgisi i\u00e7in En \u0130yi K\u0131lavuz: E\u015fsiz Bir Dilin Karma\u015f\u0131kl\u0131klar\u0131nda Gezinmek Letonca dilbilgisi, dilin kendisi gibi, dilsel unsurlar\u0131n zengin ve\" \/>\n<meta property=\"og:url\" content=\"https:\/\/talkpal.ai\/tr\/letonca-dilbilgisi\/\" \/>\n<meta property=\"og:site_name\" content=\"Talkpal\" \/>\n<meta property=\"article:publisher\" content=\"https:\/\/www.facebook.com\/profile.php?id=100090733639311\" \/>\n<meta property=\"article:modified_time\" content=\"2025-12-17T17:10:28+00:00\" \/>\n<meta property=\"og:image\" content=\"https:\/\/talkpal.ai\/wp-content\/uploads\/2023\/05\/latvia.png\" \/>\n\t<meta property=\"og:image:width\" content=\"512\" \/>\n\t<meta property=\"og:image:height\" content=\"512\" \/>\n\t<meta property=\"og:image:type\" content=\"image\/png\" \/>\n<meta name=\"twitter:card\" content=\"summary_large_image\" \/>\n<meta name=\"twitter:site\" content=\"@talkpalai\" \/>\n<meta name=\"twitter:label1\" content=\"Tahmini okuma s\u00fcresi\" \/>\n\t<meta name=\"twitter:data1\" content=\"4 dakika\" \/>\n<script type=\"application\/ld+json\" class=\"yoast-schema-graph\">{\"@context\":\"https:\/\/schema.org\",\"@graph\":[{\"@type\":\"WebPage\",\"@id\":\"https:\/\/talkpal.ai\/tr\/letonca-dilbilgisi\/\",\"url\":\"https:\/\/talkpal.ai\/tr\/letonca-dilbilgisi\/\",\"name\":\"Letonca Dilbilgisi - Talkpal\",\"isPartOf\":{\"@id\":\"https:\/\/talkpal.ai\/tr\/#website\"},\"primaryImageOfPage\":{\"@id\":\"https:\/\/talkpal.ai\/tr\/letonca-dilbilgisi\/#primaryimage\"},\"image\":{\"@id\":\"https:\/\/talkpal.ai\/tr\/letonca-dilbilgisi\/#primaryimage\"},\"thumbnailUrl\":\"https:\/\/talkpal.ai\/wp-content\/uploads\/2023\/05\/latvia.png\",\"datePublished\":\"2023-05-14T14:10:24+00:00\",\"dateModified\":\"2025-12-17T17:10:28+00:00\",\"description\":\"Letonca dilbilgisinde g\u00fcvenle ustala\u015f\u0131n - kurallar\u0131 \u00f6\u011frenin, kullan\u0131m prati\u011fi yap\u0131n ve dil do\u011frulu\u011funu kolayca art\u0131r\u0131n Talkpal'in ki\u015fiselle\u015ftirilmi\u015f yapay zeka rehberli\u011fi.\",\"breadcrumb\":{\"@id\":\"https:\/\/talkpal.ai\/tr\/letonca-dilbilgisi\/#breadcrumb\"},\"inLanguage\":\"tr\",\"potentialAction\":[{\"@type\":\"ReadAction\",\"target\":[\"https:\/\/talkpal.ai\/tr\/letonca-dilbilgisi\/\"]}]},{\"@type\":\"ImageObject\",\"inLanguage\":\"tr\",\"@id\":\"https:\/\/talkpal.ai\/tr\/letonca-dilbilgisi\/#primaryimage\",\"url\":\"https:\/\/talkpal.ai\/wp-content\/uploads\/2023\/05\/latvia.png\",\"contentUrl\":\"https:\/\/talkpal.ai\/wp-content\/uploads\/2023\/05\/latvia.png\",\"width\":512,\"height\":512},{\"@type\":\"BreadcrumbList\",\"@id\":\"https:\/\/talkpal.ai\/tr\/letonca-dilbilgisi\/#breadcrumb\",\"itemListElement\":[{\"@type\":\"ListItem\",\"position\":1,\"name\":\"Homepage\",\"item\":\"https:\/\/talkpal.ai\/tr\/\"},{\"@type\":\"ListItem\",\"position\":2,\"name\":\"Letonca Dilbilgisi\"}]},{\"@type\":\"WebSite\",\"@id\":\"https:\/\/talkpal.ai\/tr\/#website\",\"url\":\"https:\/\/talkpal.ai\/tr\/\",\"name\":\"Talkpal\",\"description\":\"AI Language Learning\",\"publisher\":{\"@id\":\"https:\/\/talkpal.ai\/tr\/#organization\"},\"alternateName\":\"Talkpal AI\",\"potentialAction\":[{\"@type\":\"SearchAction\",\"target\":{\"@type\":\"EntryPoint\",\"urlTemplate\":\"https:\/\/talkpal.ai\/tr\/?s={search_term_string}\"},\"query-input\":{\"@type\":\"PropertyValueSpecification\",\"valueRequired\":true,\"valueName\":\"search_term_string\"}}],\"inLanguage\":\"tr\"},{\"@type\":\"Organization\",\"@id\":\"https:\/\/talkpal.ai\/tr\/#organization\",\"name\":\"Talkpal, Inc.\",\"alternateName\":\"Talkpal AI\",\"url\":\"https:\/\/talkpal.ai\/tr\/\",\"logo\":{\"@type\":\"ImageObject\",\"inLanguage\":\"tr\",\"@id\":\"https:\/\/talkpal.ai\/tr\/#\/schema\/logo\/image\/\",\"url\":\"https:\/\/talkpal.ai\/wp-content\/uploads\/2024\/03\/Talkpal-Logo-Icon.png\",\"contentUrl\":\"https:\/\/talkpal.ai\/wp-content\/uploads\/2024\/03\/Talkpal-Logo-Icon.png\",\"width\":2880,\"height\":2880,\"caption\":\"Talkpal, Inc.\"},\"image\":{\"@id\":\"https:\/\/talkpal.ai\/tr\/#\/schema\/logo\/image\/\"},\"sameAs\":[\"https:\/\/www.facebook.com\/profile.php?id=100090733639311\",\"https:\/\/x.com\/talkpalai\",\"https:\/\/www.linkedin.com\/company\/talkpal\/\",\"https:\/\/www.youtube.com\/@TalkPal\/\",\"https:\/\/www.tiktok.com\/@talkpal\",\"https:\/\/www.instagram.com\/talkpal_ai\/\",\"https:\/\/www.crunchbase.com\/organization\/talkpal-9cde\",\"https:\/\/www.g2.com\/products\/talkpal-for-business\/\",\"https:\/\/www.trustpilot.com\/review\/talkpal.ai\",\"https:\/\/www.capterra.com\/p\/10006800\/TalkPal\/\"],\"description\":\"Talkpal is a language learning web and mobile education app, powered by the latest AI technologies, that provides engaging experiences to its customers in many different languages to help them improve their language skills. Users can chat about unlimited amount of topics with the app and use other modes to practice their language learning.\",\"email\":\"support@talkpal.ai\",\"legalName\":\"Talkpal, Inc.\",\"foundingDate\":\"2023-04-03\",\"duns\":\"118989042\",\"numberOfEmployees\":{\"@type\":\"QuantitativeValue\",\"minValue\":\"11\",\"maxValue\":\"50\"},\"publishingPrinciples\":\"https:\/\/talkpal.ai\/publishing-principles\/\",\"actionableFeedbackPolicy\":\"https:\/\/talkpal.ai\/actionable-feedback-policy\/\",\"correctionsPolicy\":\"https:\/\/talkpal.ai\/corrections-policy\/\",\"ethicsPolicy\":\"https:\/\/talkpal.ai\/ethics-policy\/\",\"diversityPolicy\":\"https:\/\/talkpal.ai\/diversity-policy\/\",\"diversityStaffingReport\":\"https:\/\/talkpal.ai\/diversity-policy\/\"}]}<\/script>\n<!-- \/ Yoast SEO Premium plugin. -->","yoast_head_json":{"title":"Letonca Dilbilgisi - Talkpal","description":"Letonca dilbilgisinde g\u00fcvenle ustala\u015f\u0131n - kurallar\u0131 \u00f6\u011frenin, kullan\u0131m prati\u011fi yap\u0131n ve dil do\u011frulu\u011funu kolayca art\u0131r\u0131n Talkpal'in ki\u015fiselle\u015ftirilmi\u015f yapay zeka rehberli\u011fi.","robots":{"index":"index","follow":"follow","max-snippet":"max-snippet:-1","max-image-preview":"max-image-preview:large","max-video-preview":"max-video-preview:-1"},"canonical":"https:\/\/talkpal.ai\/tr\/letonca-dilbilgisi\/","og_locale":"tr_TR","og_type":"article","og_title":"Letonca Dilbilgisi","og_description":"Letonca Dilbilgisi i\u00e7in En \u0130yi K\u0131lavuz: E\u015fsiz Bir Dilin Karma\u015f\u0131kl\u0131klar\u0131nda Gezinmek Letonca dilbilgisi, dilin kendisi gibi, dilsel unsurlar\u0131n zengin ve","og_url":"https:\/\/talkpal.ai\/tr\/letonca-dilbilgisi\/","og_site_name":"Talkpal","article_publisher":"https:\/\/www.facebook.com\/profile.php?id=100090733639311","article_modified_time":"2025-12-17T17:10:28+00:00","og_image":[{"width":512,"height":512,"url":"https:\/\/talkpal.ai\/wp-content\/uploads\/2023\/05\/latvia.png","type":"image\/png"}],"twitter_card":"summary_large_image","twitter_site":"@talkpalai","twitter_misc":{"Tahmini okuma s\u00fcresi":"4 dakika"},"schema":{"@context":"https:\/\/schema.org","@graph":[{"@type":"WebPage","@id":"https:\/\/talkpal.ai\/tr\/letonca-dilbilgisi\/","url":"https:\/\/talkpal.ai\/tr\/letonca-dilbilgisi\/","name":"Letonca Dilbilgisi - Talkpal","isPartOf":{"@id":"https:\/\/talkpal.ai\/tr\/#website"},"primaryImageOfPage":{"@id":"https:\/\/talkpal.ai\/tr\/letonca-dilbilgisi\/#primaryimage"},"image":{"@id":"https:\/\/talkpal.ai\/tr\/letonca-dilbilgisi\/#primaryimage"},"thumbnailUrl":"https:\/\/talkpal.ai\/wp-content\/uploads\/2023\/05\/latvia.png","datePublished":"2023-05-14T14:10:24+00:00","dateModified":"2025-12-17T17:10:28+00:00","description":"Letonca dilbilgisinde g\u00fcvenle ustala\u015f\u0131n - kurallar\u0131 \u00f6\u011frenin, kullan\u0131m prati\u011fi yap\u0131n ve dil do\u011frulu\u011funu kolayca art\u0131r\u0131n Talkpal'in ki\u015fiselle\u015ftirilmi\u015f yapay zeka rehberli\u011fi.","breadcrumb":{"@id":"https:\/\/talkpal.ai\/tr\/letonca-dilbilgisi\/#breadcrumb"},"inLanguage":"tr","potentialAction":[{"@type":"ReadAction","target":["https:\/\/talkpal.ai\/tr\/letonca-dilbilgisi\/"]}]},{"@type":"ImageObject","inLanguage":"tr","@id":"https:\/\/talkpal.ai\/tr\/letonca-dilbilgisi\/#primaryimage","url":"https:\/\/talkpal.ai\/wp-content\/uploads\/2023\/05\/latvia.png","contentUrl":"https:\/\/talkpal.ai\/wp-content\/uploads\/2023\/05\/latvia.png","width":512,"height":512},{"@type":"BreadcrumbList","@id":"https:\/\/talkpal.ai\/tr\/letonca-dilbilgisi\/#breadcrumb","itemListElement":[{"@type":"ListItem","position":1,"name":"Homepage","item":"https:\/\/talkpal.ai\/tr\/"},{"@type":"ListItem","position":2,"name":"Letonca Dilbilgisi"}]},{"@type":"WebSite","@id":"https:\/\/talkpal.ai\/tr\/#website","url":"https:\/\/talkpal.ai\/tr\/","name":"Talkpal","description":"AI Language Learning","publisher":{"@id":"https:\/\/talkpal.ai\/tr\/#organization"},"alternateName":"Talkpal AI","potentialAction":[{"@type":"SearchAction","target":{"@type":"EntryPoint","urlTemplate":"https:\/\/talkpal.ai\/tr\/?s={search_term_string}"},"query-input":{"@type":"PropertyValueSpecification","valueRequired":true,"valueName":"search_term_string"}}],"inLanguage":"tr"},{"@type":"Organization","@id":"https:\/\/talkpal.ai\/tr\/#organization","name":"Talkpal, Inc.","alternateName":"Talkpal AI","url":"https:\/\/talkpal.ai\/tr\/","logo":{"@type":"ImageObject","inLanguage":"tr","@id":"https:\/\/talkpal.ai\/tr\/#\/schema\/logo\/image\/","url":"https:\/\/talkpal.ai\/wp-content\/uploads\/2024\/03\/Talkpal-Logo-Icon.png","contentUrl":"https:\/\/talkpal.ai\/wp-content\/uploads\/2024\/03\/Talkpal-Logo-Icon.png","width":2880,"height":2880,"caption":"Talkpal, Inc."},"image":{"@id":"https:\/\/talkpal.ai\/tr\/#\/schema\/logo\/image\/"},"sameAs":["https:\/\/www.facebook.com\/profile.php?id=100090733639311","https:\/\/x.com\/talkpalai","https:\/\/www.linkedin.com\/company\/talkpal\/","https:\/\/www.youtube.com\/@TalkPal\/","https:\/\/www.tiktok.com\/@talkpal","https:\/\/www.instagram.com\/talkpal_ai\/","https:\/\/www.crunchbase.com\/organization\/talkpal-9cde","https:\/\/www.g2.com\/products\/talkpal-for-business\/","https:\/\/www.trustpilot.com\/review\/talkpal.ai","https:\/\/www.capterra.com\/p\/10006800\/TalkPal\/"],"description":"Talkpal is a language learning web and mobile education app, powered by the latest AI technologies, that provides engaging experiences to its customers in many different languages to help them improve their language skills. Users can chat about unlimited amount of topics with the app and use other modes to practice their language learning.","email":"support@talkpal.ai","legalName":"Talkpal, Inc.","foundingDate":"2023-04-03","duns":"118989042","numberOfEmployees":{"@type":"QuantitativeValue","minValue":"11","maxValue":"50"},"publishingPrinciples":"https:\/\/talkpal.ai\/publishing-principles\/","actionableFeedbackPolicy":"https:\/\/talkpal.ai\/actionable-feedback-policy\/","correctionsPolicy":"https:\/\/talkpal.ai\/corrections-policy\/","ethicsPolicy":"https:\/\/talkpal.ai\/ethics-policy\/","diversityPolicy":"https:\/\/talkpal.ai\/diversity-policy\/","diversityStaffingReport":"https:\/\/talkpal.ai\/diversity-policy\/"}]}},"_links":{"self":[{"href":"https:\/\/talkpal.ai\/tr\/wp-json\/wp\/v2\/pages\/145804","targetHints":{"allow":["GET"]}}],"collection":[{"href":"https:\/\/talkpal.ai\/tr\/wp-json\/wp\/v2\/pages"}],"about":[{"href":"https:\/\/talkpal.ai\/tr\/wp-json\/wp\/v2\/types\/page"}],"author":[{"embeddable":true,"href":"https:\/\/talkpal.ai\/tr\/wp-json\/wp\/v2\/users\/1"}],"replies":[{"embeddable":true,"href":"https:\/\/talkpal.ai\/tr\/wp-json\/wp\/v2\/comments?post=145804"}],"version-history":[{"count":0,"href":"https:\/\/talkpal.ai\/tr\/wp-json\/wp\/v2\/pages\/145804\/revisions"}],"wp:featuredmedia":[{"embeddable":true,"href":"https:\/\/talkpal.ai\/tr\/wp-json\/wp\/v2\/media\/114480"}],"wp:attachment":[{"href":"https:\/\/talkpal.ai\/tr\/wp-json\/wp\/v2\/media?parent=145804"}],"curies":[{"name":"wp","href":"https:\/\/api.w.org\/{rel}","templated":true}]}}