{"id":145458,"date":"2023-05-14T14:09:47","date_gmt":"2023-05-14T14:09:47","guid":{"rendered":"http:\/\/talkpal.ai\/kannada-dilbilgisi\/"},"modified":"2025-12-11T16:20:01","modified_gmt":"2025-12-11T16:20:01","slug":"kannada-dilbilgisi","status":"publish","type":"page","link":"https:\/\/talkpal.ai\/tr\/kannada-dilbilgisi\/","title":{"rendered":"Kannada Dilbilgisi"},"content":{"rendered":"\r\n\r\n\r\n<section class=\"languageChallengeSection\">\r\n    <div class=\"languageInfoWrapper\">\r\n        \r\n        <h1>Kannada Dilbilgisi<\/h1>\r\n        <p>Kannada&#039;y\u0131 ke\u015ffetmek i\u00e7in heyecanl\u0131 m\u0131s\u0131n\u0131z? Zengin fiil \u00e7ekimleri, cinsiyetlendirilmi\u015f isimler ve dili hayata ge\u00e7iren mant\u0131ksal bir durum sistemi i\u00e7eren <a href=\"https:\/\/talkpal.ai\/learn-kannada\/\">Kannada<\/a> dilbilgisine dal\u0131n. Bug\u00fcn \u00f6\u011frenmeye ba\u015flay\u0131n &#8211; Kannada dilbilgisinde ustala\u015fmak size Karnataka \u201cn\u0131n canl\u0131 k\u00fclt\u00fcr\u00fcyle derinlemesine ba\u011flant\u0131 kurman\u0131z ve G\u00fcney Hindistan\u201d \u0131n en etkileyici dillerinden birinde g\u00fcvenle ileti\u015fim kurman\u0131z i\u00e7in ara\u00e7lar sa\u011flayacakt\u0131r!<\/p>\r\n\r\n                            <a class=\"getStartedHidden\" href=\"https:\/\/app.talkpal.ai\/tr\/signup?lng=\">Hadi ba\u015fla<\/a>\r\n        \r\n    <\/div>\r\n\r\n    <figure>\r\n    <img decoding=\"async\" width=\"768\" height=\"768\" src=\"https:\/\/talkpal.ai\/wp-content\/uploads\/2023\/06\/Kannada-768x768.png\" class=\"languageImage no-lazy\" alt=\"Language learning for increased mental flexibility\" fetchpriority=\"high\" sizes=\"(max-width: 768px) 150px, 768px\" srcset=\"https:\/\/talkpal.ai\/wp-content\/uploads\/2023\/06\/Kannada-768x768.png 768w, https:\/\/talkpal.ai\/wp-content\/uploads\/2023\/06\/Kannada-300x300.png 300w\" \/>\r\n    \r\n\r\n    <\/figure>\r\n\r\n            <a class=\"getStartedVisible\" href=\"https:\/\/app.talkpal.ai\/tr\/signup?lng=\">Hadi ba\u015fla<\/a>\r\n    \r\n<\/section>\r\n<section class=\"promotionalBanner\">\r\n    <p class=\"promotionalText\">Dil \u00f6\u011frenmenin en etkili yolu<\/p>\r\n    <a class=\"promotionalLink\" href=\"https:\/\/app.talkpal.ai\/tr\/signup?lng=\">Talkpal \u00fccretsiz deneyin<\/a>\r\n<\/section>\n<div class=\"wp-block-group pageContainerStyle\"><div class=\"wp-block-group__inner-container is-layout-constrained wp-block-group-is-layout-constrained\">\n<h2 class=\"wp-block-heading\" id=\"h-kannada-grammar-an-insight-into-the-richness-of-the-dravidian-language\">Kannada Dilbilgisi: Dravid Dilinin Zenginli\u011fine Bir Bak\u0131\u015f<\/h2>\n\n\n\n<p>Hindistan&#8217;\u0131n dilsel \u00e7e\u015fitlili\u011fini hi\u00e7 merak ettiniz mi? Bir dil merakl\u0131s\u0131 veya merakl\u0131 bir \u00f6\u011frenci olarak, Hindistan&#8217;\u0131n klasik dillerinden biri olan Kannada&#8217;ya daha yak\u0131ndan bakmak ilginizi \u00e7ekebilir. Kannada, a\u011f\u0131rl\u0131kl\u0131 olarak g\u00fcneydeki Karnataka eyaletinde konu\u015fulan bir Dravid dilidir. Yakla\u015f\u0131k 44 milyon insan\u0131n ana dilidir ve bu da onu ba\u015fl\u0131ca Hint dillerinden biri yapar. Kannada gramerinin b\u00fcy\u00fcleyici d\u00fcnyas\u0131n\u0131n derinliklerine dalal\u0131m ve bu g\u00fczel dil hakk\u0131nda daha fazla bilgi edinelim.<\/p>\n\n\n\n<h3 class=\"wp-block-heading\" id=\"h-the-linguistic-alphabet-kannada-script\">Dil Alfabesi: Kannada Alfabesi<\/h3>\n\n\n\n<p>&#8220;\u0c95\u0ca8\u0ccd\u0ca8\u0ca1 \u0cb2\u0cbf\u0caa\u0cbf&#8221; (Kannada Lipi) olarak da bilinen Kannada yaz\u0131s\u0131, hece alfabeli bir yaz\u0131 sistemi olan bir abugida&#8217;d\u0131r. Her harf farkl\u0131 bir \u00fcns\u00fcz-\u00fcnl\u00fc kombinasyonunu temsil eder. Senaryo, 34 \u00fcns\u00fcz ve 13 sesli harf dahil olmak \u00fczere 49 karakterden olu\u015fmaktad\u0131r. G\u00f6rsel olarak farkl\u0131 bir g\u00f6r\u00fcn\u00fcme sahip olan Kannada yaz\u0131s\u0131, dilin seslerini ve anlamlar\u0131n\u0131 aktarman\u0131n harika ve benzersiz bir yoludur.<\/p>\n\n\n\n<h3 class=\"wp-block-heading\" id=\"h-nouns-pronouns-and-cases-more-than-meets-the-eye\">\u0130simler, Zamirler ve Durumlar \u2013 G\u00f6r\u00fcnd\u00fc\u011f\u00fcnden Daha Fazlas\u0131<\/h3>\n\n\n\n<p>Kannada isimleri, \u00e7ekim sistemleri nedeniyle benzersizdir &#8211; di\u011fer Dravid dillerine \u00e7ok benzeyen bir durum sistemini takip ederler. Kannada&#8217;da isim ile c\u00fcmledeki di\u011fer kelimeler aras\u0131ndaki ili\u015fkiyi tan\u0131mlamaya yard\u0131mc\u0131 olan sekiz durum vard\u0131r: nominatif, su\u00e7lay\u0131c\u0131, ara\u00e7sal, dative, ablatif, genitive, locative ve vocative. Kannada&#8217;daki isimler ayr\u0131ca cinsiyete (eril, di\u015fil ve n\u00f6tr) ve say\u0131ya (tekil, \u00e7o\u011ful ve ikili &#8211; Hint dilleri aras\u0131nda nadir bir \u00f6zellik) g\u00f6re s\u0131n\u0131fland\u0131r\u0131l\u0131r.<\/p>\n\n\n\n<p>Kannada&#8217;daki zamirler de b\u00fcy\u00fcleyici. Her ki\u015fi (birinci, ikinci ve \u00fc\u00e7\u00fcnc\u00fc), say\u0131 (tekil, \u00e7o\u011ful ve ikili) ve cinsiyet (eril, di\u015fil ve n\u00f6tr) i\u00e7in ayr\u0131mlar ta\u015f\u0131rlar. Buna ek olarak, Kannada dilinin sayg\u0131 ve nezaketle ilgili k\u00fclt\u00fcrel y\u00f6nlerini g\u00f6steren birka\u00e7 onursal hitap \u015fekli vard\u0131r.<\/p>\n\n\n\n<h3 class=\"wp-block-heading\" id=\"h-venturing-into-verbs-tenses-aspects-and-moods\">Fiillere Girmek: Zamanlar, Y\u00f6nler ve Ruh Halleri<\/h3>\n\n\n\n<p>Kannada fiilleri, zengin bir \u00e7ekim sistemi ile karakterizedir. Fiiller zamana (ge\u00e7mi\u015f, \u015fimdiki zaman ve gelecek), g\u00f6r\u00fcn\u00fc\u015fe (m\u00fckemmel veya kusurlu) ve ruh haline (g\u00f6sterge, emir kipi ve ko\u015fullu) g\u00f6re \u00e7ekimlenir. Nedensel fiillerin ve pasif ve aktif seslerin varl\u0131\u011f\u0131 ile daha fazla karma\u015f\u0131kl\u0131k eklenir. \u00c7ekim ki\u015fiye, say\u0131ya ve cinsiyete ba\u011fl\u0131d\u0131r, bu da Kannada fiil formlar\u0131n\u0131 olduk\u00e7a \u00e7ekimli ve karma\u015f\u0131k hale getirir.<\/p>\n\n\n\n<h3 class=\"wp-block-heading\" id=\"h-adjectives-adverbs-and-more\">S\u0131fatlar, Zarflar ve Daha Fazlas\u0131<\/h3>\n\n\n\n<p>Kannada s\u0131fatlar\u0131 ve rakamlar\u0131, cinsiyet, say\u0131 ve durum a\u00e7\u0131s\u0131ndan de\u011fi\u015ftirdikleri isimlerle uyumludur. S\u0131fatlar, isimlerle ayn\u0131 \u015fekilde \u00e7ekilebilir ve hatta zarflar olu\u015fturmak i\u00e7in birle\u015ftirilebilir. Dil ayr\u0131ca c\u00fcmleleri ve bile\u015fenlerini uyumlu ve etkileyici bir b\u00fct\u00fcn halinde bir araya getirmek i\u00e7in \u00e7e\u015fitli ba\u011fla\u00e7lar, par\u00e7ac\u0131klar ve edatlar kullan\u0131r.<\/p>\n\n\n\n<h3 class=\"wp-block-heading\" id=\"h-embracing-the-beauty-of-kannada-grammar\">Kannada Dilbilgisinin G\u00fczelli\u011fini Kucaklamak<\/h3>\n\n\n\n<p><a href=\"https:\/\/talkpal.ai\/kannada-grammar\/\">Kannada dilbilgisi<\/a> d\u00fcnyas\u0131 karma\u015f\u0131k oldu\u011fu kadar b\u00fcy\u00fcleyicidir. Karma\u015f\u0131k durum sistemi, benzersiz senaryo ve y\u00fcksek oranda \u00e7ekimli fiil bi\u00e7imleri Kannada&#8217;ya \u00e7ekicili\u011fini ve zenginli\u011fini verir. Bu enfes dilin alemlerini ara\u015ft\u0131rarak, Hindistan&#8217;\u0131n dilsel ve k\u00fclt\u00fcrel \u00e7e\u015fitlili\u011fi hakk\u0131nda daha derin bir anlay\u0131\u015f kazan\u0131rs\u0131n\u0131z.<\/p>\n\n\n\n<p>\u00d6yleyse neden Kannada&#8217;n\u0131n g\u00fczelli\u011fini daha fazla ke\u015ffetmiyorsunuz? Tutku ve merakla, k\u0131sa s\u00fcrede kendinizi bu g\u00f6rkemli dilde muhte\u015fem edebiyat\u0131n, sineman\u0131n ve m\u00fczi\u011fin tad\u0131n\u0131 \u00e7\u0131kar\u0131rken bulabilirsiniz. Mutlu \u00f6\u011frenme!<\/p>\n<\/div><\/div>\n\r\n<section class=\"learnNavigationSection\">\r\n            \r\n        <a href=\"https:\/\/talkpal.ai\/tr\/kannadayi-ogrenin\/\">\r\n            <div class=\"learnNavigationWrapper\">\r\n                <div class=\"learnNavigationContent\">\r\n                    <img decoding=\"async\" src=\"https:\/\/talkpal.ai\/wp-content\/uploads\/2024\/08\/Kannada.jpg\" alt=\"Indian Simplified Flag\">\r\n                    <div>\r\n                        <h4>Kannada Learning Hakk\u0131nda<\/h4>\r\n                        <p>Kannada dilbilgisi hakk\u0131nda her \u015feyi \u00f6\u011frenin .<\/p>\r\n                    <\/div>\r\n                <\/div>\r\n            <\/div>\r\n        <\/a>\r\n\r\n        \r\n        <a href=\"https:\/\/talkpal.ai\/tr\/kannada-dilbilgisi-alistirmalari\/\">\r\n            <div class=\"learnNavigationWrapper\">\r\n                <div class=\"learnNavigationContent\">\r\n                    <img decoding=\"async\" src=\"https:\/\/talkpal.ai\/wp-content\/uploads\/2024\/08\/Kannada.jpg\" alt=\"Indian Simplified Flag\">\r\n                    <div>\r\n                        <h4>Kannada Dilbilgisi Al\u0131\u015ft\u0131rmas\u0131<\/h4>\r\n                        <p>Kannada dilbilgisi al\u0131\u015ft\u0131rmas\u0131 yap\u0131n .<\/p>\r\n                    <\/div>\r\n                <\/div>\r\n            <\/div>\r\n        <\/a>\r\n\r\n        \r\n        <a href=\"https:\/\/talkpal.ai\/vocabulary_language\/kannada\/\">\r\n            <div class=\"learnNavigationWrapper\">\r\n                <div class=\"learnNavigationContent\">\r\n                    <img decoding=\"async\" src=\"https:\/\/talkpal.ai\/wp-content\/uploads\/2024\/08\/Kannada.jpg\" alt=\"Indian Simplified Flag\">\r\n                    <div>\r\n                        <h4>Kannada S\u00f6zc\u00fck Da\u011farc\u0131\u011f\u0131<\/h4>\r\n                        <p>Kannada kelime da\u011farc\u0131\u011f\u0131n\u0131z\u0131 geni\u015fletin.<\/p>\r\n                    <\/div>\r\n                <\/div>\r\n            <\/div>\r\n        <\/a>\r\n\r\n            <\/section>","protected":false},"excerpt":{"rendered":"<p>Kannada Dilbilgisi: Dravid Dilinin Zenginli\u011fine Bir Bak\u0131\u015f Hindistan&#8217;\u0131n dilsel \u00e7e\u015fitlili\u011fini hi\u00e7 merak ettiniz mi? Bir dil merakl\u0131s\u0131 veya merakl\u0131 bir \u00f6\u011frenci olarak, Hindistan&#8217;\u0131n klasik dillerinden biri olan Kannada&#8217;ya daha yak\u0131ndan bakmak ilginizi \u00e7ekebilir. Kannada, a\u011f\u0131rl\u0131kl\u0131 olarak g\u00fcneydeki Karnataka eyaletinde konu\u015fulan bir Dravid dilidir. Yakla\u015f\u0131k 44 milyon insan\u0131n ana dilidir ve bu da onu ba\u015fl\u0131ca Hint [&hellip;]<\/p>\n","protected":false},"author":1,"featured_media":113641,"parent":0,"menu_order":0,"comment_status":"closed","ping_status":"closed","template":"LearningContentPage.php","meta":{"_acf_changed":false,"footnotes":""},"class_list":["post-145458","page","type-page","status-publish","has-post-thumbnail","hentry"],"acf":[],"yoast_head":"<!-- This site is optimized with the Yoast SEO Premium plugin v27.2 (Yoast SEO v27.2) - https:\/\/yoast.com\/product\/yoast-seo-premium-wordpress\/ -->\n<title>Kannada Dilbilgisi - Talkpal<\/title>\n<meta name=\"description\" content=\"Kannada dilbilgisini g\u00fcvenle \u00f6\u011frenin - temel kurallar\u0131 anlay\u0131n, c\u00fcmle yap\u0131s\u0131n\u0131 keskinle\u015ftirin ve ak\u0131c\u0131l\u0131\u011f\u0131 art\u0131r\u0131n\" \/>\n<meta name=\"robots\" content=\"index, follow, max-snippet:-1, max-image-preview:large, max-video-preview:-1\" \/>\n<link rel=\"canonical\" href=\"https:\/\/talkpal.ai\/tr\/kannada-dilbilgisi\/\" \/>\n<meta property=\"og:locale\" content=\"tr_TR\" \/>\n<meta property=\"og:type\" content=\"article\" \/>\n<meta property=\"og:title\" content=\"Kannada Dilbilgisi\" \/>\n<meta property=\"og:description\" content=\"Kannada Dilbilgisi: Dravid Dilinin Zenginli\u011fine Bir Bak\u0131\u015f Hindistan&#039;\u0131n dilsel \u00e7e\u015fitlili\u011fini hi\u00e7 merak ettiniz mi? Bir dil merakl\u0131s\u0131 veya merakl\u0131 bir\" \/>\n<meta property=\"og:url\" content=\"https:\/\/talkpal.ai\/tr\/kannada-dilbilgisi\/\" \/>\n<meta property=\"og:site_name\" content=\"Talkpal\" \/>\n<meta property=\"article:publisher\" content=\"https:\/\/www.facebook.com\/profile.php?id=100090733639311\" \/>\n<meta property=\"article:modified_time\" content=\"2025-12-11T16:20:01+00:00\" \/>\n<meta property=\"og:image\" content=\"https:\/\/talkpal.ai\/wp-content\/uploads\/2023\/05\/Kannada-india.png\" \/>\n\t<meta property=\"og:image:width\" content=\"512\" \/>\n\t<meta property=\"og:image:height\" content=\"512\" \/>\n\t<meta property=\"og:image:type\" content=\"image\/png\" \/>\n<meta name=\"twitter:card\" content=\"summary_large_image\" \/>\n<meta name=\"twitter:site\" content=\"@talkpalai\" \/>\n<meta name=\"twitter:label1\" content=\"Tahmini okuma s\u00fcresi\" \/>\n\t<meta name=\"twitter:data1\" content=\"3 dakika\" \/>\n<script type=\"application\/ld+json\" class=\"yoast-schema-graph\">{\"@context\":\"https:\/\/schema.org\",\"@graph\":[{\"@type\":\"WebPage\",\"@id\":\"https:\/\/talkpal.ai\/tr\/kannada-dilbilgisi\/\",\"url\":\"https:\/\/talkpal.ai\/tr\/kannada-dilbilgisi\/\",\"name\":\"Kannada Dilbilgisi - Talkpal\",\"isPartOf\":{\"@id\":\"https:\/\/talkpal.ai\/tr\/#website\"},\"primaryImageOfPage\":{\"@id\":\"https:\/\/talkpal.ai\/tr\/kannada-dilbilgisi\/#primaryimage\"},\"image\":{\"@id\":\"https:\/\/talkpal.ai\/tr\/kannada-dilbilgisi\/#primaryimage\"},\"thumbnailUrl\":\"https:\/\/talkpal.ai\/wp-content\/uploads\/2023\/05\/Kannada-india.png\",\"datePublished\":\"2023-05-14T14:09:47+00:00\",\"dateModified\":\"2025-12-11T16:20:01+00:00\",\"description\":\"Kannada dilbilgisini g\u00fcvenle \u00f6\u011frenin - temel kurallar\u0131 anlay\u0131n, c\u00fcmle yap\u0131s\u0131n\u0131 keskinle\u015ftirin ve ak\u0131c\u0131l\u0131\u011f\u0131 art\u0131r\u0131n\",\"breadcrumb\":{\"@id\":\"https:\/\/talkpal.ai\/tr\/kannada-dilbilgisi\/#breadcrumb\"},\"inLanguage\":\"tr\",\"potentialAction\":[{\"@type\":\"ReadAction\",\"target\":[\"https:\/\/talkpal.ai\/tr\/kannada-dilbilgisi\/\"]}]},{\"@type\":\"ImageObject\",\"inLanguage\":\"tr\",\"@id\":\"https:\/\/talkpal.ai\/tr\/kannada-dilbilgisi\/#primaryimage\",\"url\":\"https:\/\/talkpal.ai\/wp-content\/uploads\/2023\/05\/Kannada-india.png\",\"contentUrl\":\"https:\/\/talkpal.ai\/wp-content\/uploads\/2023\/05\/Kannada-india.png\",\"width\":512,\"height\":512},{\"@type\":\"BreadcrumbList\",\"@id\":\"https:\/\/talkpal.ai\/tr\/kannada-dilbilgisi\/#breadcrumb\",\"itemListElement\":[{\"@type\":\"ListItem\",\"position\":1,\"name\":\"Homepage\",\"item\":\"https:\/\/talkpal.ai\/tr\/\"},{\"@type\":\"ListItem\",\"position\":2,\"name\":\"Kannada Dilbilgisi\"}]},{\"@type\":\"WebSite\",\"@id\":\"https:\/\/talkpal.ai\/tr\/#website\",\"url\":\"https:\/\/talkpal.ai\/tr\/\",\"name\":\"Talkpal\",\"description\":\"AI Language Learning\",\"publisher\":{\"@id\":\"https:\/\/talkpal.ai\/tr\/#organization\"},\"alternateName\":\"Talkpal AI\",\"potentialAction\":[{\"@type\":\"SearchAction\",\"target\":{\"@type\":\"EntryPoint\",\"urlTemplate\":\"https:\/\/talkpal.ai\/tr\/?s={search_term_string}\"},\"query-input\":{\"@type\":\"PropertyValueSpecification\",\"valueRequired\":true,\"valueName\":\"search_term_string\"}}],\"inLanguage\":\"tr\"},{\"@type\":\"Organization\",\"@id\":\"https:\/\/talkpal.ai\/tr\/#organization\",\"name\":\"Talkpal, Inc.\",\"alternateName\":\"Talkpal AI\",\"url\":\"https:\/\/talkpal.ai\/tr\/\",\"logo\":{\"@type\":\"ImageObject\",\"inLanguage\":\"tr\",\"@id\":\"https:\/\/talkpal.ai\/tr\/#\/schema\/logo\/image\/\",\"url\":\"https:\/\/talkpal.ai\/wp-content\/uploads\/2024\/03\/Talkpal-Logo-Icon.png\",\"contentUrl\":\"https:\/\/talkpal.ai\/wp-content\/uploads\/2024\/03\/Talkpal-Logo-Icon.png\",\"width\":2880,\"height\":2880,\"caption\":\"Talkpal, Inc.\"},\"image\":{\"@id\":\"https:\/\/talkpal.ai\/tr\/#\/schema\/logo\/image\/\"},\"sameAs\":[\"https:\/\/www.facebook.com\/profile.php?id=100090733639311\",\"https:\/\/x.com\/talkpalai\",\"https:\/\/www.linkedin.com\/company\/talkpal\/\",\"https:\/\/www.youtube.com\/@TalkPal\/\",\"https:\/\/www.tiktok.com\/@talkpal\",\"https:\/\/www.instagram.com\/talkpal_ai\/\",\"https:\/\/www.crunchbase.com\/organization\/talkpal-9cde\",\"https:\/\/www.g2.com\/products\/talkpal-for-business\/\",\"https:\/\/www.trustpilot.com\/review\/talkpal.ai\",\"https:\/\/www.capterra.com\/p\/10006800\/TalkPal\/\"],\"description\":\"Talkpal is a language learning web and mobile education app, powered by the latest AI technologies, that provides engaging experiences to its customers in many different languages to help them improve their language skills. Users can chat about unlimited amount of topics with the app and use other modes to practice their language learning.\",\"email\":\"support@talkpal.ai\",\"legalName\":\"Talkpal, Inc.\",\"foundingDate\":\"2023-04-03\",\"duns\":\"118989042\",\"numberOfEmployees\":{\"@type\":\"QuantitativeValue\",\"minValue\":\"11\",\"maxValue\":\"50\"},\"publishingPrinciples\":\"https:\/\/talkpal.ai\/publishing-principles\/\",\"actionableFeedbackPolicy\":\"https:\/\/talkpal.ai\/actionable-feedback-policy\/\",\"correctionsPolicy\":\"https:\/\/talkpal.ai\/corrections-policy\/\",\"ethicsPolicy\":\"https:\/\/talkpal.ai\/ethics-policy\/\",\"diversityPolicy\":\"https:\/\/talkpal.ai\/diversity-policy\/\",\"diversityStaffingReport\":\"https:\/\/talkpal.ai\/diversity-policy\/\"}]}<\/script>\n<!-- \/ Yoast SEO Premium plugin. -->","yoast_head_json":{"title":"Kannada Dilbilgisi - Talkpal","description":"Kannada dilbilgisini g\u00fcvenle \u00f6\u011frenin - temel kurallar\u0131 anlay\u0131n, c\u00fcmle yap\u0131s\u0131n\u0131 keskinle\u015ftirin ve ak\u0131c\u0131l\u0131\u011f\u0131 art\u0131r\u0131n","robots":{"index":"index","follow":"follow","max-snippet":"max-snippet:-1","max-image-preview":"max-image-preview:large","max-video-preview":"max-video-preview:-1"},"canonical":"https:\/\/talkpal.ai\/tr\/kannada-dilbilgisi\/","og_locale":"tr_TR","og_type":"article","og_title":"Kannada Dilbilgisi","og_description":"Kannada Dilbilgisi: Dravid Dilinin Zenginli\u011fine Bir Bak\u0131\u015f Hindistan'\u0131n dilsel \u00e7e\u015fitlili\u011fini hi\u00e7 merak ettiniz mi? Bir dil merakl\u0131s\u0131 veya merakl\u0131 bir","og_url":"https:\/\/talkpal.ai\/tr\/kannada-dilbilgisi\/","og_site_name":"Talkpal","article_publisher":"https:\/\/www.facebook.com\/profile.php?id=100090733639311","article_modified_time":"2025-12-11T16:20:01+00:00","og_image":[{"width":512,"height":512,"url":"https:\/\/talkpal.ai\/wp-content\/uploads\/2023\/05\/Kannada-india.png","type":"image\/png"}],"twitter_card":"summary_large_image","twitter_site":"@talkpalai","twitter_misc":{"Tahmini okuma s\u00fcresi":"3 dakika"},"schema":{"@context":"https:\/\/schema.org","@graph":[{"@type":"WebPage","@id":"https:\/\/talkpal.ai\/tr\/kannada-dilbilgisi\/","url":"https:\/\/talkpal.ai\/tr\/kannada-dilbilgisi\/","name":"Kannada Dilbilgisi - Talkpal","isPartOf":{"@id":"https:\/\/talkpal.ai\/tr\/#website"},"primaryImageOfPage":{"@id":"https:\/\/talkpal.ai\/tr\/kannada-dilbilgisi\/#primaryimage"},"image":{"@id":"https:\/\/talkpal.ai\/tr\/kannada-dilbilgisi\/#primaryimage"},"thumbnailUrl":"https:\/\/talkpal.ai\/wp-content\/uploads\/2023\/05\/Kannada-india.png","datePublished":"2023-05-14T14:09:47+00:00","dateModified":"2025-12-11T16:20:01+00:00","description":"Kannada dilbilgisini g\u00fcvenle \u00f6\u011frenin - temel kurallar\u0131 anlay\u0131n, c\u00fcmle yap\u0131s\u0131n\u0131 keskinle\u015ftirin ve ak\u0131c\u0131l\u0131\u011f\u0131 art\u0131r\u0131n","breadcrumb":{"@id":"https:\/\/talkpal.ai\/tr\/kannada-dilbilgisi\/#breadcrumb"},"inLanguage":"tr","potentialAction":[{"@type":"ReadAction","target":["https:\/\/talkpal.ai\/tr\/kannada-dilbilgisi\/"]}]},{"@type":"ImageObject","inLanguage":"tr","@id":"https:\/\/talkpal.ai\/tr\/kannada-dilbilgisi\/#primaryimage","url":"https:\/\/talkpal.ai\/wp-content\/uploads\/2023\/05\/Kannada-india.png","contentUrl":"https:\/\/talkpal.ai\/wp-content\/uploads\/2023\/05\/Kannada-india.png","width":512,"height":512},{"@type":"BreadcrumbList","@id":"https:\/\/talkpal.ai\/tr\/kannada-dilbilgisi\/#breadcrumb","itemListElement":[{"@type":"ListItem","position":1,"name":"Homepage","item":"https:\/\/talkpal.ai\/tr\/"},{"@type":"ListItem","position":2,"name":"Kannada Dilbilgisi"}]},{"@type":"WebSite","@id":"https:\/\/talkpal.ai\/tr\/#website","url":"https:\/\/talkpal.ai\/tr\/","name":"Talkpal","description":"AI Language Learning","publisher":{"@id":"https:\/\/talkpal.ai\/tr\/#organization"},"alternateName":"Talkpal AI","potentialAction":[{"@type":"SearchAction","target":{"@type":"EntryPoint","urlTemplate":"https:\/\/talkpal.ai\/tr\/?s={search_term_string}"},"query-input":{"@type":"PropertyValueSpecification","valueRequired":true,"valueName":"search_term_string"}}],"inLanguage":"tr"},{"@type":"Organization","@id":"https:\/\/talkpal.ai\/tr\/#organization","name":"Talkpal, Inc.","alternateName":"Talkpal AI","url":"https:\/\/talkpal.ai\/tr\/","logo":{"@type":"ImageObject","inLanguage":"tr","@id":"https:\/\/talkpal.ai\/tr\/#\/schema\/logo\/image\/","url":"https:\/\/talkpal.ai\/wp-content\/uploads\/2024\/03\/Talkpal-Logo-Icon.png","contentUrl":"https:\/\/talkpal.ai\/wp-content\/uploads\/2024\/03\/Talkpal-Logo-Icon.png","width":2880,"height":2880,"caption":"Talkpal, Inc."},"image":{"@id":"https:\/\/talkpal.ai\/tr\/#\/schema\/logo\/image\/"},"sameAs":["https:\/\/www.facebook.com\/profile.php?id=100090733639311","https:\/\/x.com\/talkpalai","https:\/\/www.linkedin.com\/company\/talkpal\/","https:\/\/www.youtube.com\/@TalkPal\/","https:\/\/www.tiktok.com\/@talkpal","https:\/\/www.instagram.com\/talkpal_ai\/","https:\/\/www.crunchbase.com\/organization\/talkpal-9cde","https:\/\/www.g2.com\/products\/talkpal-for-business\/","https:\/\/www.trustpilot.com\/review\/talkpal.ai","https:\/\/www.capterra.com\/p\/10006800\/TalkPal\/"],"description":"Talkpal is a language learning web and mobile education app, powered by the latest AI technologies, that provides engaging experiences to its customers in many different languages to help them improve their language skills. Users can chat about unlimited amount of topics with the app and use other modes to practice their language learning.","email":"support@talkpal.ai","legalName":"Talkpal, Inc.","foundingDate":"2023-04-03","duns":"118989042","numberOfEmployees":{"@type":"QuantitativeValue","minValue":"11","maxValue":"50"},"publishingPrinciples":"https:\/\/talkpal.ai\/publishing-principles\/","actionableFeedbackPolicy":"https:\/\/talkpal.ai\/actionable-feedback-policy\/","correctionsPolicy":"https:\/\/talkpal.ai\/corrections-policy\/","ethicsPolicy":"https:\/\/talkpal.ai\/ethics-policy\/","diversityPolicy":"https:\/\/talkpal.ai\/diversity-policy\/","diversityStaffingReport":"https:\/\/talkpal.ai\/diversity-policy\/"}]}},"_links":{"self":[{"href":"https:\/\/talkpal.ai\/tr\/wp-json\/wp\/v2\/pages\/145458","targetHints":{"allow":["GET"]}}],"collection":[{"href":"https:\/\/talkpal.ai\/tr\/wp-json\/wp\/v2\/pages"}],"about":[{"href":"https:\/\/talkpal.ai\/tr\/wp-json\/wp\/v2\/types\/page"}],"author":[{"embeddable":true,"href":"https:\/\/talkpal.ai\/tr\/wp-json\/wp\/v2\/users\/1"}],"replies":[{"embeddable":true,"href":"https:\/\/talkpal.ai\/tr\/wp-json\/wp\/v2\/comments?post=145458"}],"version-history":[{"count":0,"href":"https:\/\/talkpal.ai\/tr\/wp-json\/wp\/v2\/pages\/145458\/revisions"}],"wp:featuredmedia":[{"embeddable":true,"href":"https:\/\/talkpal.ai\/tr\/wp-json\/wp\/v2\/media\/113641"}],"wp:attachment":[{"href":"https:\/\/talkpal.ai\/tr\/wp-json\/wp\/v2\/media?parent=145458"}],"curies":[{"name":"wp","href":"https:\/\/api.w.org\/{rel}","templated":true}]}}