{"id":145098,"date":"2023-05-14T14:09:29","date_gmt":"2023-05-14T14:09:29","guid":{"rendered":"http:\/\/talkpal.ai\/endonezyaca-dilbilgisi\/"},"modified":"2025-12-13T15:41:22","modified_gmt":"2025-12-13T15:41:22","slug":"endonezyaca-dilbilgisi","status":"publish","type":"page","link":"https:\/\/talkpal.ai\/tr\/endonezyaca-dilbilgisi\/","title":{"rendered":"Endonezyaca Dilbilgisi"},"content":{"rendered":"\r\n\r\n\r\n<section class=\"languageChallengeSection\">\r\n    <div class=\"languageInfoWrapper\">\r\n        \r\n        <h1>Endonezyaca Dilbilgisi<\/h1>\r\n        <p>Endonezce \u00f6\u011frenmek ister misiniz? Basit dilbilgisi &#8211; fiil \u00e7ekimleri, isim cinsiyetleri ve basit c\u00fcmle yap\u0131s\u0131 &#8211; ile Endonezce en \u00f6\u011frenen dostu dillerden biridir. Yolculu\u011funuza bug\u00fcn ba\u015flay\u0131n ve Endonezce dilbilgisini anlaman\u0131n nas\u0131l h\u0131zl\u0131 bir \u015fekilde ileti\u015fim ve canl\u0131 k\u00fclt\u00fcrel deneyimler d\u00fcnyas\u0131n\u0131n kap\u0131lar\u0131n\u0131 a\u00e7abilece\u011fini g\u00f6r\u00fcn!<\/p>\r\n\r\n                            <a class=\"getStartedHidden\" href=\"https:\/\/app.talkpal.ai\/tr\/signup?lng=\">Hadi ba\u015fla<\/a>\r\n        \r\n    <\/div>\r\n\r\n    <figure>\r\n    <img decoding=\"async\" width=\"768\" height=\"768\" src=\"https:\/\/talkpal.ai\/wp-content\/uploads\/2023\/06\/indonesia-768x768.png\" class=\"languageImage no-lazy\" alt=\"Language learning for personal achievement\" fetchpriority=\"high\" sizes=\"(max-width: 768px) 150px, 768px\" srcset=\"https:\/\/talkpal.ai\/wp-content\/uploads\/2023\/06\/indonesia-768x768.png 768w, https:\/\/talkpal.ai\/wp-content\/uploads\/2023\/06\/indonesia-300x300.png 300w\" \/>\r\n    \r\n\r\n    <\/figure>\r\n\r\n            <a class=\"getStartedVisible\" href=\"https:\/\/app.talkpal.ai\/tr\/signup?lng=\">Hadi ba\u015fla<\/a>\r\n    \r\n<\/section>\r\n<section class=\"promotionalBanner\">\r\n    <p class=\"promotionalText\"><\/p>\r\n    <a class=\"promotionalLink\" href=\"https:\/\/app.talkpal.ai\/tr\/signup?lng=\"><\/a>\r\n<\/section>\n<div class=\"wp-block-group pageContainerStyle\"><div class=\"wp-block-group__inner-container is-layout-constrained wp-block-group-is-layout-constrained\">\n<h2 class=\"wp-block-heading\" id=\"h-the-wonders-of-indonesian-grammar-a-guide-for-language-learners\">Endonezyaca Dilbilgisinin Harikalar\u0131: Dil \u00d6\u011frenenler \u0130\u00e7in Bir K\u0131lavuz<\/h2>\n\n\n\n<p>Endonezce dilbilgisi &#8211; basit ama zarif, misafirperver ama ilgi \u00e7ekici, eri\u015filebilir ama b\u00fcy\u00fcleyici. Endonezya dilini \u00f6\u011frenme yolculu\u011funuza \u00e7\u0131karken, dilbilgisini benimsemenin keyifli bir deneyim olaca\u011f\u0131ndan emin olabilirsiniz. Bu makale ile size Endonezyaca dilbilgisinin temel y\u00f6nlerini anlaman\u0131z\u0131 sa\u011flamay\u0131 ve bu G\u00fcneydo\u011fu Asya dilinin g\u00fczelli\u011fini kucaklaman\u0131za yard\u0131mc\u0131 olmay\u0131 ama\u00e7l\u0131yoruz.<\/p>\n\n\n\n<p>Kurallar\u0131 ve kavramlar\u0131 keyifli bir \u015fekilde a\u00e7\u0131kl\u0131\u011fa kavu\u015fturan a\u00e7\u0131klamalar ve \u00f6rneklerle Endonezce dilbilgisinin temel unsurlar\u0131n\u0131 inceleyelim. Arkan\u0131za yaslan\u0131n, rahatlay\u0131n ve Endonezya dilbilgisinin b\u00fcy\u00fcleyici s\u0131rlar\u0131n\u0131 sizin i\u00e7in \u00e7\u00f6zmemize izin verin.<\/p>\n\n\n\n<h3 class=\"wp-block-heading\" id=\"h-1-nouns-no-genders-no-plurals-no-stress\">1. \u0130simler: Cinsiyet Yok, \u00c7o\u011ful Yok, Stres Yok!<\/h3>\n\n\n\n<p>Endonezya dilbilgisinin en canland\u0131r\u0131c\u0131 y\u00f6nlerinden biri, isim sisteminin basitli\u011fidir. Endonezya isimlerinin cinsiyet veya \u00e7o\u011ful bi\u00e7imleri yoktur. Bu, ister bir yavru k\u00f6pekten ister bir grup yeti\u015fkin k\u00f6pekten bahsediyor olun, &#8220;anjing&#8221; (k\u00f6pek) dedi\u011finiz anlam\u0131na gelir.<\/p>\n\n\n\n<p>\u00c7o\u011ful bir bi\u00e7im belirtmek i\u00e7in, ismi tekrarlayabilir (\u00f6rne\u011fin, &#8220;\u00e7ocuklar&#8221; i\u00e7in &#8220;anak-anak&#8221;) veya &#8220;banyak&#8221; (\u00e7ok) veya &#8220;beberapa&#8221; (baz\u0131) gibi bir miktar terimi kullanabilirsiniz. Bu kadar! Di\u011fer dillere k\u0131yasla bu yeni bir nefes de\u011fil mi?<\/p>\n\n\n\n<h3 class=\"wp-block-heading\" id=\"h-2-pronouns-staying-humble-and-respectful\">2. Zamirler: Al\u00e7akg\u00f6n\u00fcll\u00fc ve Sayg\u0131l\u0131 Kalmak<\/h3>\n\n\n\n<p>Endonezya dilbilgisi, de\u011fi\u015fen formalite seviyelerine dayal\u0131 olarak farkl\u0131 zamirleri kullan\u0131r. Birine hitap ederken uygun zamiri kullanmak, sayg\u0131 ve al\u00e7akg\u00f6n\u00fcll\u00fcl\u00fck g\u00f6stermek i\u00e7in \u00e7ok \u00f6nemlidir. \u00d6rne\u011fin, &#8220;aku&#8221; (ben\/ben) g\u00fcndelik ve samimi, &#8220;saya&#8221; kibar ve n\u00f6tr, &#8220;saya&#8221; ise resmi ve al\u00e7akg\u00f6n\u00fcll\u00fcd\u00fcr. Benzer \u015fekilde, &#8220;kamu&#8221; (siz) gayri resmi, &#8220;Anda&#8221; kibar ve &#8220;Bapak\/Ibu&#8221; (Beyefendi\/Bayan) son derece resmi durumlar i\u00e7in ayr\u0131lm\u0131\u015ft\u0131r.<\/p>\n\n\n\n<p>Unutmay\u0131n, yeni veya belirsiz durumlarda nezaketten yana olmak her zaman iyi bir fikirdir.<\/p>\n\n\n\n<h3 class=\"wp-block-heading\" id=\"h-3-verbs-no-conjugations-but-prefixes-and-suffixes-galore\">3. Fiiller: \u00c7ekim yok, ancak Bolca \u00d6nek ve Sonek!<\/h3>\n\n\n\n<p>Endonezyaca fiiller, zaman, ruh hali veya konudan ba\u011f\u0131ms\u0131z olarak de\u011fi\u015fmeden kal\u0131r ve bu da onlar\u0131 di\u011fer bir\u00e7ok dildeki fiillerden \u00e7ok daha basit hale getirir. Bununla birlikte, fiilin anlam\u0131n\u0131 de\u011fi\u015ftirmek i\u00e7in \u00f6neklerin ve soneklerin kullan\u0131m\u0131nda ustala\u015fman\u0131z gerekecektir.<\/p>\n\n\n\n<p>Baz\u0131 yayg\u0131n \u00f6n ekler aras\u0131nda &#8220;me-&#8221; (aktif fiiller), &#8220;di-&#8221; (pasif fiiller) ve &#8220;ber-&#8221; (statif fiiller) bulunur. Yayg\u0131n son ekler aras\u0131nda &#8220;-kan&#8221; (ettirgen fiiller) ve &#8220;-i&#8221; (ge\u00e7i\u015fli fiiller) bulunur. \u00d6rne\u011fin, &#8220;makan&#8221; &#8220;yemek&#8221;, &#8220;memakan&#8221; &#8220;t\u00fcketmek&#8221; ve &#8220;dimakan&#8221; &#8220;yenmek&#8221; anlam\u0131na gelir.<\/p>\n\n\n\n<h3 class=\"wp-block-heading\" id=\"h-4-word-order-subject-verb-object-simplicity\">4. Kelime S\u0131ras\u0131: \u00d6zne-Fiil-Nesne Sadeli\u011fi!<\/h3>\n\n\n\n<p>Endonezya dilbilgisi, \u0130ngilizce&#8217;ye benzer \u015fekilde basit bir \u00d6zne-Fiil-Nesne (SVO) kelime s\u0131ras\u0131n\u0131 takip eder. Bu, \u0130ngilizce konu\u015fanlar i\u00e7in c\u00fcmle kurmay\u0131 ve anlamay\u0131 \u00e7ok daha kolay hale getirir. \u00d6rne\u011fin, &#8220;Saya memakan pisang&#8221; do\u011frudan &#8220;Ben (\u00f6zne) muz (nesne) yerim (fiil)&#8221; anlam\u0131na gelir.<\/p>\n\n\n\n<h3 class=\"wp-block-heading\" id=\"h-5-immerse-yourself-in-indonesian-practice-makes-perfect\">5. Kendinizi Endonezyaca&#8217;ya B\u0131rak\u0131n: Pratik Yapmak M\u00fckemmelle\u015ftirir<\/h3>\n\n\n\n<p>Endonezyaca dilbilgisinin g\u00fczelli\u011fi sadeli\u011fi ve eri\u015filebilirli\u011finde yatmaktad\u0131r. Okuma, yazma, dinleme ve konu\u015fma yoluyla d\u00fczenli pratik yapmak, dilde ve dilbilgisinde ustala\u015fman\u0131za yard\u0131mc\u0131 olacakt\u0131r. Zorluklar\u0131 kucaklay\u0131n, karma\u015f\u0131kl\u0131klar\u0131n \u00fcstesinden gelin ve Endonezya dilinin ger\u00e7ek cazibesini ortaya \u00e7\u0131kar\u0131n.<\/p>\n\n\n\n<p>Peki, Endonezyaca dilbilgisinin harikalar\u0131n\u0131 ke\u015ffetmeye haz\u0131r m\u0131s\u0131n\u0131z? G\u00fcven ve merakla yakla\u015f\u0131n ve ba\u011fl\u0131l\u0131k ve heyecanla, yak\u0131nda etkili bir Endonezyaca konu\u015fmac\u0131 olabilirsiniz. Selamat belajar! (\u0130yi \u00e7al\u0131\u015fmalar!)<\/p>\n<\/div><\/div>\n\r\n<section class=\"learnNavigationSection\">\r\n            \r\n        <a href=\"https:\/\/talkpal.ai\/tr\/endonezce-ogren\/\">\r\n            <div class=\"learnNavigationWrapper\">\r\n                <div class=\"learnNavigationContent\">\r\n                    <img decoding=\"async\" src=\"https:\/\/talkpal.ai\/wp-content\/uploads\/2024\/08\/Indonesian.jpg\" alt=\"Indonesian Flag\">\r\n                    <div>\r\n                        <h4>Endonezce \u00d6\u011frenimi Hakk\u0131nda<\/h4>\r\n                        <p>Endonezce dilbilgisi hakk\u0131nda her \u015feyi \u00f6\u011frenin .<\/p>\r\n                    <\/div>\r\n                <\/div>\r\n            <\/div>\r\n        <\/a>\r\n\r\n        \r\n        <a href=\"https:\/\/talkpal.ai\/tr\/endonezyaca-dilbilgisi-alistirmalari\/\">\r\n            <div class=\"learnNavigationWrapper\">\r\n                <div class=\"learnNavigationContent\">\r\n                    <img decoding=\"async\" src=\"https:\/\/talkpal.ai\/wp-content\/uploads\/2024\/08\/Indonesian.jpg\" alt=\"Indonesian Flag\">\r\n                    <div>\r\n                        <h4>Endonezce Dilbilgisi Al\u0131\u015ft\u0131rmas\u0131<\/h4>\r\n                        <p>Endonezce dilbilgisi prati\u011fi yap\u0131n .<\/p>\r\n                    <\/div>\r\n                <\/div>\r\n            <\/div>\r\n        <\/a>\r\n\r\n        \r\n        <a href=\"https:\/\/talkpal.ai\/vocabulary_language\/indonesian\/\">\r\n            <div class=\"learnNavigationWrapper\">\r\n                <div class=\"learnNavigationContent\">\r\n                    <img decoding=\"async\" src=\"https:\/\/talkpal.ai\/wp-content\/uploads\/2024\/08\/Indonesian.jpg\" alt=\"Indonesian Flag\">\r\n                    <div>\r\n                        <h4>Endonezce Kelime Bilgisi<\/h4>\r\n                        <p>Endonezce kelime da\u011farc\u0131\u011f\u0131n\u0131z\u0131 geni\u015fletin.<\/p>\r\n                    <\/div>\r\n                <\/div>\r\n            <\/div>\r\n        <\/a>\r\n\r\n            <\/section>","protected":false},"excerpt":{"rendered":"<p>Endonezyaca Dilbilgisinin Harikalar\u0131: Dil \u00d6\u011frenenler \u0130\u00e7in Bir K\u0131lavuz Endonezce dilbilgisi &#8211; basit ama zarif, misafirperver ama ilgi \u00e7ekici, eri\u015filebilir ama b\u00fcy\u00fcleyici. Endonezya dilini \u00f6\u011frenme yolculu\u011funuza \u00e7\u0131karken, dilbilgisini benimsemenin keyifli bir deneyim olaca\u011f\u0131ndan emin olabilirsiniz. Bu makale ile size Endonezyaca dilbilgisinin temel y\u00f6nlerini anlaman\u0131z\u0131 sa\u011flamay\u0131 ve bu G\u00fcneydo\u011fu Asya dilinin g\u00fczelli\u011fini kucaklaman\u0131za yard\u0131mc\u0131 olmay\u0131 ama\u00e7l\u0131yoruz. Kurallar\u0131 [&hellip;]<\/p>\n","protected":false},"author":1,"featured_media":114050,"parent":0,"menu_order":0,"comment_status":"closed","ping_status":"closed","template":"LearningContentPage.php","meta":{"_acf_changed":false,"footnotes":""},"class_list":["post-145098","page","type-page","status-publish","has-post-thumbnail","hentry"],"acf":[],"yoast_head":"<!-- This site is optimized with the Yoast SEO Premium plugin v27.2 (Yoast SEO v27.2) - https:\/\/yoast.com\/product\/yoast-seo-premium-wordpress\/ -->\n<title>Endonezyaca Dilbilgisi - Talkpal<\/title>\n<meta name=\"description\" content=\"Talkpal&#039;un yapay zeka dil \u00f6\u011frenme uygulamas\u0131 ile Endonezce dilbilgisinde zahmetsizce ustala\u015f\u0131n. Kullanarak g\u00fcvenle ileti\u015fim kurun Talkpal&#039;in yapay zeka destekli rehberli\u011fi.\" \/>\n<meta name=\"robots\" content=\"index, follow, max-snippet:-1, max-image-preview:large, max-video-preview:-1\" \/>\n<link rel=\"canonical\" href=\"https:\/\/talkpal.ai\/tr\/endonezyaca-dilbilgisi\/\" \/>\n<meta property=\"og:locale\" content=\"tr_TR\" \/>\n<meta property=\"og:type\" content=\"article\" \/>\n<meta property=\"og:title\" content=\"Endonezyaca Dilbilgisi\" \/>\n<meta property=\"og:description\" content=\"Endonezyaca Dilbilgisinin Harikalar\u0131: Dil \u00d6\u011frenenler \u0130\u00e7in Bir K\u0131lavuz Endonezce dilbilgisi - basit ama zarif, misafirperver ama ilgi \u00e7ekici, eri\u015filebilir\" \/>\n<meta property=\"og:url\" content=\"https:\/\/talkpal.ai\/tr\/endonezyaca-dilbilgisi\/\" \/>\n<meta property=\"og:site_name\" content=\"Talkpal\" \/>\n<meta property=\"article:publisher\" content=\"https:\/\/www.facebook.com\/profile.php?id=100090733639311\" \/>\n<meta property=\"article:modified_time\" content=\"2025-12-13T15:41:22+00:00\" \/>\n<meta property=\"og:image\" content=\"https:\/\/talkpal.ai\/wp-content\/uploads\/2023\/05\/indonesia.png\" \/>\n\t<meta property=\"og:image:width\" content=\"512\" \/>\n\t<meta property=\"og:image:height\" content=\"512\" \/>\n\t<meta property=\"og:image:type\" content=\"image\/png\" \/>\n<meta name=\"twitter:card\" content=\"summary_large_image\" \/>\n<meta name=\"twitter:site\" content=\"@talkpalai\" \/>\n<meta name=\"twitter:label1\" content=\"Tahmini okuma s\u00fcresi\" \/>\n\t<meta name=\"twitter:data1\" content=\"3 dakika\" \/>\n<script type=\"application\/ld+json\" class=\"yoast-schema-graph\">{\"@context\":\"https:\/\/schema.org\",\"@graph\":[{\"@type\":\"WebPage\",\"@id\":\"https:\/\/talkpal.ai\/tr\/endonezyaca-dilbilgisi\/\",\"url\":\"https:\/\/talkpal.ai\/tr\/endonezyaca-dilbilgisi\/\",\"name\":\"Endonezyaca Dilbilgisi - Talkpal\",\"isPartOf\":{\"@id\":\"https:\/\/talkpal.ai\/tr\/#website\"},\"primaryImageOfPage\":{\"@id\":\"https:\/\/talkpal.ai\/tr\/endonezyaca-dilbilgisi\/#primaryimage\"},\"image\":{\"@id\":\"https:\/\/talkpal.ai\/tr\/endonezyaca-dilbilgisi\/#primaryimage\"},\"thumbnailUrl\":\"https:\/\/talkpal.ai\/wp-content\/uploads\/2023\/05\/indonesia.png\",\"datePublished\":\"2023-05-14T14:09:29+00:00\",\"dateModified\":\"2025-12-13T15:41:22+00:00\",\"description\":\"Talkpal'un yapay zeka dil \u00f6\u011frenme uygulamas\u0131 ile Endonezce dilbilgisinde zahmetsizce ustala\u015f\u0131n. Kullanarak g\u00fcvenle ileti\u015fim kurun Talkpal'in yapay zeka destekli rehberli\u011fi.\",\"breadcrumb\":{\"@id\":\"https:\/\/talkpal.ai\/tr\/endonezyaca-dilbilgisi\/#breadcrumb\"},\"inLanguage\":\"tr\",\"potentialAction\":[{\"@type\":\"ReadAction\",\"target\":[\"https:\/\/talkpal.ai\/tr\/endonezyaca-dilbilgisi\/\"]}]},{\"@type\":\"ImageObject\",\"inLanguage\":\"tr\",\"@id\":\"https:\/\/talkpal.ai\/tr\/endonezyaca-dilbilgisi\/#primaryimage\",\"url\":\"https:\/\/talkpal.ai\/wp-content\/uploads\/2023\/05\/indonesia.png\",\"contentUrl\":\"https:\/\/talkpal.ai\/wp-content\/uploads\/2023\/05\/indonesia.png\",\"width\":512,\"height\":512},{\"@type\":\"BreadcrumbList\",\"@id\":\"https:\/\/talkpal.ai\/tr\/endonezyaca-dilbilgisi\/#breadcrumb\",\"itemListElement\":[{\"@type\":\"ListItem\",\"position\":1,\"name\":\"Homepage\",\"item\":\"https:\/\/talkpal.ai\/tr\/\"},{\"@type\":\"ListItem\",\"position\":2,\"name\":\"Endonezyaca Dilbilgisi\"}]},{\"@type\":\"WebSite\",\"@id\":\"https:\/\/talkpal.ai\/tr\/#website\",\"url\":\"https:\/\/talkpal.ai\/tr\/\",\"name\":\"Talkpal\",\"description\":\"AI Language Learning\",\"publisher\":{\"@id\":\"https:\/\/talkpal.ai\/tr\/#organization\"},\"alternateName\":\"Talkpal AI\",\"potentialAction\":[{\"@type\":\"SearchAction\",\"target\":{\"@type\":\"EntryPoint\",\"urlTemplate\":\"https:\/\/talkpal.ai\/tr\/?s={search_term_string}\"},\"query-input\":{\"@type\":\"PropertyValueSpecification\",\"valueRequired\":true,\"valueName\":\"search_term_string\"}}],\"inLanguage\":\"tr\"},{\"@type\":\"Organization\",\"@id\":\"https:\/\/talkpal.ai\/tr\/#organization\",\"name\":\"Talkpal, Inc.\",\"alternateName\":\"Talkpal AI\",\"url\":\"https:\/\/talkpal.ai\/tr\/\",\"logo\":{\"@type\":\"ImageObject\",\"inLanguage\":\"tr\",\"@id\":\"https:\/\/talkpal.ai\/tr\/#\/schema\/logo\/image\/\",\"url\":\"https:\/\/talkpal.ai\/wp-content\/uploads\/2024\/03\/Talkpal-Logo-Icon.png\",\"contentUrl\":\"https:\/\/talkpal.ai\/wp-content\/uploads\/2024\/03\/Talkpal-Logo-Icon.png\",\"width\":2880,\"height\":2880,\"caption\":\"Talkpal, Inc.\"},\"image\":{\"@id\":\"https:\/\/talkpal.ai\/tr\/#\/schema\/logo\/image\/\"},\"sameAs\":[\"https:\/\/www.facebook.com\/profile.php?id=100090733639311\",\"https:\/\/x.com\/talkpalai\",\"https:\/\/www.linkedin.com\/company\/talkpal\/\",\"https:\/\/www.youtube.com\/@TalkPal\/\",\"https:\/\/www.tiktok.com\/@talkpal\",\"https:\/\/www.instagram.com\/talkpal_ai\/\",\"https:\/\/www.crunchbase.com\/organization\/talkpal-9cde\",\"https:\/\/www.g2.com\/products\/talkpal-for-business\/\",\"https:\/\/www.trustpilot.com\/review\/talkpal.ai\",\"https:\/\/www.capterra.com\/p\/10006800\/TalkPal\/\"],\"description\":\"Talkpal is a language learning web and mobile education app, powered by the latest AI technologies, that provides engaging experiences to its customers in many different languages to help them improve their language skills. Users can chat about unlimited amount of topics with the app and use other modes to practice their language learning.\",\"email\":\"support@talkpal.ai\",\"legalName\":\"Talkpal, Inc.\",\"foundingDate\":\"2023-04-03\",\"duns\":\"118989042\",\"numberOfEmployees\":{\"@type\":\"QuantitativeValue\",\"minValue\":\"11\",\"maxValue\":\"50\"},\"publishingPrinciples\":\"https:\/\/talkpal.ai\/publishing-principles\/\",\"actionableFeedbackPolicy\":\"https:\/\/talkpal.ai\/actionable-feedback-policy\/\",\"correctionsPolicy\":\"https:\/\/talkpal.ai\/corrections-policy\/\",\"ethicsPolicy\":\"https:\/\/talkpal.ai\/ethics-policy\/\",\"diversityPolicy\":\"https:\/\/talkpal.ai\/diversity-policy\/\",\"diversityStaffingReport\":\"https:\/\/talkpal.ai\/diversity-policy\/\"}]}<\/script>\n<!-- \/ Yoast SEO Premium plugin. -->","yoast_head_json":{"title":"Endonezyaca Dilbilgisi - Talkpal","description":"Talkpal'un yapay zeka dil \u00f6\u011frenme uygulamas\u0131 ile Endonezce dilbilgisinde zahmetsizce ustala\u015f\u0131n. Kullanarak g\u00fcvenle ileti\u015fim kurun Talkpal'in yapay zeka destekli rehberli\u011fi.","robots":{"index":"index","follow":"follow","max-snippet":"max-snippet:-1","max-image-preview":"max-image-preview:large","max-video-preview":"max-video-preview:-1"},"canonical":"https:\/\/talkpal.ai\/tr\/endonezyaca-dilbilgisi\/","og_locale":"tr_TR","og_type":"article","og_title":"Endonezyaca Dilbilgisi","og_description":"Endonezyaca Dilbilgisinin Harikalar\u0131: Dil \u00d6\u011frenenler \u0130\u00e7in Bir K\u0131lavuz Endonezce dilbilgisi - basit ama zarif, misafirperver ama ilgi \u00e7ekici, eri\u015filebilir","og_url":"https:\/\/talkpal.ai\/tr\/endonezyaca-dilbilgisi\/","og_site_name":"Talkpal","article_publisher":"https:\/\/www.facebook.com\/profile.php?id=100090733639311","article_modified_time":"2025-12-13T15:41:22+00:00","og_image":[{"width":512,"height":512,"url":"https:\/\/talkpal.ai\/wp-content\/uploads\/2023\/05\/indonesia.png","type":"image\/png"}],"twitter_card":"summary_large_image","twitter_site":"@talkpalai","twitter_misc":{"Tahmini okuma s\u00fcresi":"3 dakika"},"schema":{"@context":"https:\/\/schema.org","@graph":[{"@type":"WebPage","@id":"https:\/\/talkpal.ai\/tr\/endonezyaca-dilbilgisi\/","url":"https:\/\/talkpal.ai\/tr\/endonezyaca-dilbilgisi\/","name":"Endonezyaca Dilbilgisi - Talkpal","isPartOf":{"@id":"https:\/\/talkpal.ai\/tr\/#website"},"primaryImageOfPage":{"@id":"https:\/\/talkpal.ai\/tr\/endonezyaca-dilbilgisi\/#primaryimage"},"image":{"@id":"https:\/\/talkpal.ai\/tr\/endonezyaca-dilbilgisi\/#primaryimage"},"thumbnailUrl":"https:\/\/talkpal.ai\/wp-content\/uploads\/2023\/05\/indonesia.png","datePublished":"2023-05-14T14:09:29+00:00","dateModified":"2025-12-13T15:41:22+00:00","description":"Talkpal'un yapay zeka dil \u00f6\u011frenme uygulamas\u0131 ile Endonezce dilbilgisinde zahmetsizce ustala\u015f\u0131n. Kullanarak g\u00fcvenle ileti\u015fim kurun Talkpal'in yapay zeka destekli rehberli\u011fi.","breadcrumb":{"@id":"https:\/\/talkpal.ai\/tr\/endonezyaca-dilbilgisi\/#breadcrumb"},"inLanguage":"tr","potentialAction":[{"@type":"ReadAction","target":["https:\/\/talkpal.ai\/tr\/endonezyaca-dilbilgisi\/"]}]},{"@type":"ImageObject","inLanguage":"tr","@id":"https:\/\/talkpal.ai\/tr\/endonezyaca-dilbilgisi\/#primaryimage","url":"https:\/\/talkpal.ai\/wp-content\/uploads\/2023\/05\/indonesia.png","contentUrl":"https:\/\/talkpal.ai\/wp-content\/uploads\/2023\/05\/indonesia.png","width":512,"height":512},{"@type":"BreadcrumbList","@id":"https:\/\/talkpal.ai\/tr\/endonezyaca-dilbilgisi\/#breadcrumb","itemListElement":[{"@type":"ListItem","position":1,"name":"Homepage","item":"https:\/\/talkpal.ai\/tr\/"},{"@type":"ListItem","position":2,"name":"Endonezyaca Dilbilgisi"}]},{"@type":"WebSite","@id":"https:\/\/talkpal.ai\/tr\/#website","url":"https:\/\/talkpal.ai\/tr\/","name":"Talkpal","description":"AI Language Learning","publisher":{"@id":"https:\/\/talkpal.ai\/tr\/#organization"},"alternateName":"Talkpal AI","potentialAction":[{"@type":"SearchAction","target":{"@type":"EntryPoint","urlTemplate":"https:\/\/talkpal.ai\/tr\/?s={search_term_string}"},"query-input":{"@type":"PropertyValueSpecification","valueRequired":true,"valueName":"search_term_string"}}],"inLanguage":"tr"},{"@type":"Organization","@id":"https:\/\/talkpal.ai\/tr\/#organization","name":"Talkpal, Inc.","alternateName":"Talkpal AI","url":"https:\/\/talkpal.ai\/tr\/","logo":{"@type":"ImageObject","inLanguage":"tr","@id":"https:\/\/talkpal.ai\/tr\/#\/schema\/logo\/image\/","url":"https:\/\/talkpal.ai\/wp-content\/uploads\/2024\/03\/Talkpal-Logo-Icon.png","contentUrl":"https:\/\/talkpal.ai\/wp-content\/uploads\/2024\/03\/Talkpal-Logo-Icon.png","width":2880,"height":2880,"caption":"Talkpal, Inc."},"image":{"@id":"https:\/\/talkpal.ai\/tr\/#\/schema\/logo\/image\/"},"sameAs":["https:\/\/www.facebook.com\/profile.php?id=100090733639311","https:\/\/x.com\/talkpalai","https:\/\/www.linkedin.com\/company\/talkpal\/","https:\/\/www.youtube.com\/@TalkPal\/","https:\/\/www.tiktok.com\/@talkpal","https:\/\/www.instagram.com\/talkpal_ai\/","https:\/\/www.crunchbase.com\/organization\/talkpal-9cde","https:\/\/www.g2.com\/products\/talkpal-for-business\/","https:\/\/www.trustpilot.com\/review\/talkpal.ai","https:\/\/www.capterra.com\/p\/10006800\/TalkPal\/"],"description":"Talkpal is a language learning web and mobile education app, powered by the latest AI technologies, that provides engaging experiences to its customers in many different languages to help them improve their language skills. Users can chat about unlimited amount of topics with the app and use other modes to practice their language learning.","email":"support@talkpal.ai","legalName":"Talkpal, Inc.","foundingDate":"2023-04-03","duns":"118989042","numberOfEmployees":{"@type":"QuantitativeValue","minValue":"11","maxValue":"50"},"publishingPrinciples":"https:\/\/talkpal.ai\/publishing-principles\/","actionableFeedbackPolicy":"https:\/\/talkpal.ai\/actionable-feedback-policy\/","correctionsPolicy":"https:\/\/talkpal.ai\/corrections-policy\/","ethicsPolicy":"https:\/\/talkpal.ai\/ethics-policy\/","diversityPolicy":"https:\/\/talkpal.ai\/diversity-policy\/","diversityStaffingReport":"https:\/\/talkpal.ai\/diversity-policy\/"}]}},"_links":{"self":[{"href":"https:\/\/talkpal.ai\/tr\/wp-json\/wp\/v2\/pages\/145098","targetHints":{"allow":["GET"]}}],"collection":[{"href":"https:\/\/talkpal.ai\/tr\/wp-json\/wp\/v2\/pages"}],"about":[{"href":"https:\/\/talkpal.ai\/tr\/wp-json\/wp\/v2\/types\/page"}],"author":[{"embeddable":true,"href":"https:\/\/talkpal.ai\/tr\/wp-json\/wp\/v2\/users\/1"}],"replies":[{"embeddable":true,"href":"https:\/\/talkpal.ai\/tr\/wp-json\/wp\/v2\/comments?post=145098"}],"version-history":[{"count":0,"href":"https:\/\/talkpal.ai\/tr\/wp-json\/wp\/v2\/pages\/145098\/revisions"}],"wp:featuredmedia":[{"embeddable":true,"href":"https:\/\/talkpal.ai\/tr\/wp-json\/wp\/v2\/media\/114050"}],"wp:attachment":[{"href":"https:\/\/talkpal.ai\/tr\/wp-json\/wp\/v2\/media?parent=145098"}],"curies":[{"name":"wp","href":"https:\/\/api.w.org\/{rel}","templated":true}]}}