{"id":144796,"date":"2023-05-14T14:09:11","date_gmt":"2023-05-14T14:09:11","guid":{"rendered":"http:\/\/talkpal.ai\/izlandaca-dilbilgisi\/"},"modified":"2025-12-12T10:50:47","modified_gmt":"2025-12-12T10:50:47","slug":"izlandaca-dilbilgisi","status":"publish","type":"page","link":"https:\/\/talkpal.ai\/tr\/izlandaca-dilbilgisi\/","title":{"rendered":"\u0130zlandaca Dilbilgisi"},"content":{"rendered":"\r\n\r\n\r\n<section class=\"languageChallengeSection\">\r\n    <div class=\"languageInfoWrapper\">\r\n        \r\n        <h1>\u0130zlandaca Dilbilgisi<\/h1>\r\n        <p>Temel dilbilgisi kurallar\u0131n\u0131 \u00f6\u011frenerek \u0130zlandacan\u0131n b\u00fcy\u00fcleyici yap\u0131s\u0131n\u0131 ke\u015ffedin. \u0130zlandaca dilbilgisinde ustala\u015fmak, etkili bir \u015fekilde ileti\u015fim kurman\u0131za ve \u0130zlanda&#039;n\u0131n e\u015fsiz k\u00fclt\u00fcr\u00fc ve tarihiyle daha derin bir ba\u011f kurman\u0131za yard\u0131mc\u0131 olacakt\u0131r. \u0130zlandaca dilbilgisi \u00f6\u011frenmeye bug\u00fcn ba\u015flay\u0131n ve ak\u0131c\u0131 konu\u015fmaya do\u011fru ilk ad\u0131m\u0131n\u0131z\u0131 at\u0131n!<\/p>\r\n\r\n                            <a class=\"getStartedHidden\" href=\"https:\/\/app.talkpal.ai\/tr\/signup?lng=\">Hadi ba\u015fla<\/a>\r\n        \r\n    <\/div>\r\n\r\n    <figure>\r\n    <img decoding=\"async\" width=\"768\" height=\"768\" src=\"https:\/\/talkpal.ai\/wp-content\/uploads\/2023\/06\/Icelandic-768x768.png\" class=\"languageImage no-lazy\" alt=\"Language learning for better job opportunities\" fetchpriority=\"high\" sizes=\"(max-width: 768px) 150px, 768px\" srcset=\"https:\/\/talkpal.ai\/wp-content\/uploads\/2023\/06\/Icelandic-768x768.png 768w, https:\/\/talkpal.ai\/wp-content\/uploads\/2023\/06\/Icelandic-300x300.png 300w\" \/>\r\n    \r\n\r\n    <\/figure>\r\n\r\n            <a class=\"getStartedVisible\" href=\"https:\/\/app.talkpal.ai\/tr\/signup?lng=\">Hadi ba\u015fla<\/a>\r\n    \r\n<\/section>\r\n<section class=\"promotionalBanner\">\r\n    <p class=\"promotionalText\">Dil \u00f6\u011frenmenin en etkili yolu<\/p>\r\n    <a class=\"promotionalLink\" href=\"https:\/\/app.talkpal.ai\/tr\/signup?lng=\">Talkpal \u00fccretsiz deneyin<\/a>\r\n<\/section>\n<div class=\"wp-block-group pageContainerStyle\"><div class=\"wp-block-group__inner-container is-layout-constrained wp-block-group-is-layout-constrained\">\n<h2 class=\"wp-block-heading\" id=\"h-the-magic-of-icelandic-grammar-unlocking-the-secrets-of-the-viking-tongue\">\u0130zlandaca Dilbilgisinin B\u00fcy\u00fcs\u00fc: Viking Dilinin S\u0131rlar\u0131n\u0131 \u00c7\u00f6zmek<\/h2>\n\n\n\n<h3 class=\"wp-block-heading\" id=\"h-introduction-icelandic-the-land-of-fire-and-ice\">Giri\u015f: \u0130zlandaca, Ate\u015f ve Buz \u00dclkesi<\/h3>\n\n\n\n<p>\u00c7arp\u0131c\u0131 ada \u00fclkesi \u0130zlanda&#8217;n\u0131n halk\u0131 taraf\u0131ndan konu\u015fulan \u0130zlanda dili, zengin tarihi, b\u00fcy\u00fcleyici \u015fiir gelene\u011fi ve zamana uyum sa\u011flama ve geli\u015fme konusundaki ola\u011fan\u00fcst\u00fc yetene\u011fi ile \u00fcnl\u00fcd\u00fcr. Eski \u0130skandinav dilinden gelen \u0130zlandaca, dil severleri ve hevesli \u00e7ok dillileri b\u00fcy\u00fcleyen \u00f6zel bir \u00e7ekicili\u011fe sahiptir. \u00d6yleyse emniyet kemerlerinizi ba\u011flay\u0131n millet! \u0130zlanda gramerinin g\u00fczel ve karma\u015f\u0131k d\u00fcnyas\u0131na dalmak, gizemlerini \u00e7\u00f6zmek ve yol boyunca gizli hazinelerini ke\u015ffetmek \u00fczereyiz.<\/p>\n\n\n\n<h3 class=\"wp-block-heading\" id=\"h-1-runic-scripts-to-latin-alphabet-a-story-of-transformation\">1. Runik Yaz\u0131lardan Latin Alfabesine: Bir D\u00f6n\u00fc\u015f\u00fcm Hikayesi<\/h3>\n\n\n\n<p>\u0130zlanda alfabesi, \u00e7e\u015fitli tarihi k\u00f6klerden gelen 32 karakterden olu\u015fan ba\u015fl\u0131 ba\u015f\u0131na bir macerad\u0131r. Temel olarak Latin alfabesine dayanmakla birlikte, alfabe eski \u0130skandinav atalar\u0131n\u0131n runik yaz\u0131s\u0131ndan baz\u0131 ay\u0131rt edici karakterleri korur. Bu karakterlerde ustala\u015fmak dili \u00f6\u011frenmenin ilk engelidir, ancak pratik yaparak k\u0131sa s\u00fcrede bir usta olacaks\u0131n\u0131z!<\/p>\n\n\n\n<h3 class=\"wp-block-heading\" id=\"h-2-noun-mastery-getting-to-the-roots-of-icelandic-grammar\">2. \u0130sim Ustal\u0131\u011f\u0131: \u0130zlandaca Dilbilgisinin K\u00f6klerine Ula\u015fmak<\/h3>\n\n\n\n<p>\u0130zlandaca dilbilgisinin temel \u00f6zelliklerinden biri, isimlerin cinsiyet, say\u0131 ve duruma g\u00f6re \u00e7ekimidir. \u0130zlandaca isimler di\u015fil, erkeksi veya n\u00f6tr olabilir ve her cinsiyet, \u00e7ekim i\u00e7in kendine \u00f6zg\u00fc kurallar dizisiyle birlikte gelir. Bu, dilsel bir rollercoaster yolculu\u011fu gibi g\u00f6r\u00fcnse de, bu karma\u015f\u0131kl\u0131klar\u0131 anlamak, dili bir b\u00fct\u00fcn olarak kavramak i\u00e7in \u00e7ok \u00f6nemlidir. Edindi\u011finiz bilgiler, bir dizi ince ve karma\u015f\u0131k anlam\u0131 ifade etmek i\u00e7in bir olas\u0131l\u0131klar d\u00fcnyas\u0131n\u0131n kap\u0131lar\u0131n\u0131 a\u00e7acakt\u0131r &#8211; \u0130zlandaca dilbilgisinin ger\u00e7ek ihti\u015fam\u0131!<\/p>\n\n\n\n<h3 class=\"wp-block-heading\" id=\"h-3-the-mighty-verb-icelandic-s-unsung-hero\">3. G\u00fc\u00e7l\u00fc Fiil: \u0130zlandaca&#8217;n\u0131n \u0130simsiz Kahraman\u0131<\/h3>\n\n\n\n<p>\u0130simler gibi \u0130zlandaca fiiller de zaman, kip ve \u00f6znenin ki\u015fi ve say\u0131s\u0131na ba\u011fl\u0131 olarak kapsaml\u0131 bir d\u00f6n\u00fc\u015f\u00fcm ge\u00e7irir. Bu karma\u015f\u0131k sistem ilk ba\u015fta \u00fcrk\u00fct\u00fcc\u00fc olabilir ama bana katlan\u0131n! D\u00fczenli kal\u0131plar\u0131 ve d\u00fczensiz tuhafl\u0131klar\u0131 \u00f6\u011frendik\u00e7e, \u0130zlandaca fiil \u00e7ekiminin ne kadar zarif ve \u00e7ok y\u00f6nl\u00fc olabilece\u011fini g\u00f6rmeye ba\u015flayacaks\u0131n\u0131z. \u0130zlandaca fiilleri fethetmek, d\u00fc\u015f\u00fcnceleri, duygular\u0131 ve eylemleri hassasiyet ve yarat\u0131c\u0131l\u0131kla ifade etme g\u00fcc\u00fcn\u00fcn kilidini a\u00e7acakt\u0131r.<\/p>\n\n\n\n<h3 class=\"wp-block-heading\" id=\"h-4-word-order-icelandic-s-flexible-backbone\">4. Kelime S\u0131ras\u0131: \u0130zlandaca&#8217;n\u0131n Esnek Omurgas\u0131<\/h3>\n\n\n\n<p>\u0130zlandaca dilbilgisinin baz\u0131 unsurlar\u0131n\u0131n kat\u0131l\u0131\u011f\u0131n\u0131n aksine, dil kelime s\u0131ralamas\u0131nda esneklik sunar. Bu, cinsiyet, say\u0131, durum ve daha fazlas\u0131nda uyum sa\u011flad\u0131\u011f\u0131n\u0131z s\u00fcrece \u00f6zne, fiil ve nesneyi \u00e7e\u015fitli d\u00fczenlemelere koyabilece\u011finiz anlam\u0131na gelir &#8211; i\u00e7inizdeki sanat\u00e7\u0131y\u0131 serbest b\u0131rakacaks\u0131n\u0131z! C\u00fcmlelerinizi bu e\u011flenceli \u015fekilde uyarlamak, vurgu, n\u00fcans ve konu\u015fma tonu olu\u015fturman\u0131za yard\u0131mc\u0131 olarak konu\u015fman\u0131z\u0131 daha ilgi \u00e7ekici ve e\u011flenceli hale getirebilir.<\/p>\n\n\n\n<h3 class=\"wp-block-heading\" id=\"h-5-embrace-the-culture-discover-the-pulse-of-the-icelandic-language\">5. K\u00fclt\u00fcr\u00fc Kucaklay\u0131n: \u0130zlanda Dilinin Nabz\u0131n\u0131 Ke\u015ffedin<\/h3>\n\n\n\n<p>\u0130zlanda dili, destanlar, Edda&#8217;lar ve ulusun e\u015fsiz tarihi ve d\u00fcnya g\u00f6r\u00fc\u015f\u00fcyle olan g\u00fc\u00e7l\u00fc ba\u011flar\u0131yla k\u00fclt\u00fcrel k\u00f6klerinden ayr\u0131 tutulamaz. Kendinizi dile ger\u00e7ekten kapt\u0131rmak i\u00e7in, ba\u011flam\u0131n\u0131 t\u00fcm kalbinizle kucaklay\u0131n. Folkloruna dal\u0131n, edebi hazinelerini yiyip bitirin ve anadili \u0130ngilizce olan ki\u015filerle etkile\u015fim kurun. Bu yakla\u015f\u0131m, hem dil yeterlili\u011fi hem de \u0130zlanda halk\u0131 ve zengin k\u00fclt\u00fcrel miras\u0131 ile daha derin bir ba\u011flant\u0131 kurman\u0131n anahtar\u0131d\u0131r.<\/p>\n\n\n\n<h3 class=\"wp-block-heading\" id=\"h-conclusion-an-icelandic-grammar-journey-worth-taking\">Sonu\u00e7: Almaya De\u011fer Bir \u0130zlandaca Dilbilgisi Yolculu\u011fu<\/h3>\n\n\n\n<p>\u0130zlandaca dilbilgisi zorlu bir meydan <a href=\"https:\/\/talkpal.ai\/grammar\/\">okuma gibi<\/a> g\u00f6r\u00fcnse de, dalmaya ba\u015flayanlar i\u00e7in \u00f6d\u00fcller bol miktarda bulunur. Azim, k\u00fclt\u00fcre yo\u011fun bir ilgi ve bolca merakla kendinizi \u0130zlanda dilinin inceliklerinin b\u00fcy\u00fcs\u00fcne kap\u0131lm\u0131\u015f bulacaks\u0131n\u0131z. \u00d6yleyse, bu macerada bize kat\u0131l\u0131n ve her seferinde heyecan verici bir ad\u0131m olan \u0130zlandaca dilbilgisinin b\u00fcy\u00fcs\u00fcn\u00fc ortaya \u00e7\u0131kar\u0131n.<\/p>\n<\/div><\/div>\n\r\n<section class=\"learnNavigationSection\">\r\n            \r\n        <a href=\"https:\/\/talkpal.ai\/tr\/izlandaca-ogren\/\">\r\n            <div class=\"learnNavigationWrapper\">\r\n                <div class=\"learnNavigationContent\">\r\n                    <img decoding=\"async\" src=\"https:\/\/talkpal.ai\/wp-content\/uploads\/2024\/08\/Icelandic.jpg\" alt=\"Iceland Flag\">\r\n                    <div>\r\n                        <h4>Icelandic Learning Hakk\u0131nda<\/h4>\r\n                        <p>\u0130zlandaca dilbilgisi hakk\u0131nda her \u015feyi \u00f6\u011frenin .<\/p>\r\n                    <\/div>\r\n                <\/div>\r\n            <\/div>\r\n        <\/a>\r\n\r\n        \r\n        <a href=\"https:\/\/talkpal.ai\/tr\/izlandaca-dilbilgisi-alistirmalari\/\">\r\n            <div class=\"learnNavigationWrapper\">\r\n                <div class=\"learnNavigationContent\">\r\n                    <img decoding=\"async\" src=\"https:\/\/talkpal.ai\/wp-content\/uploads\/2024\/08\/Icelandic.jpg\" alt=\"Iceland Flag\">\r\n                    <div>\r\n                        <h4>\u0130zlandaca Dilbilgisi Al\u0131\u015ft\u0131rmas\u0131<\/h4>\r\n                        <p>\u0130zlandaca dilbilgisi prati\u011fi yap\u0131n .<\/p>\r\n                    <\/div>\r\n                <\/div>\r\n            <\/div>\r\n        <\/a>\r\n\r\n        \r\n        <a href=\"https:\/\/talkpal.ai\/vocabulary_language\/icelandic\/\">\r\n            <div class=\"learnNavigationWrapper\">\r\n                <div class=\"learnNavigationContent\">\r\n                    <img decoding=\"async\" src=\"https:\/\/talkpal.ai\/wp-content\/uploads\/2024\/08\/Icelandic.jpg\" alt=\"Iceland Flag\">\r\n                    <div>\r\n                        <h4>\u0130zlandaca S\u00f6zc\u00fck Da\u011farc\u0131\u011f\u0131<\/h4>\r\n                        <p>\u0130zlandaca kelime da\u011farc\u0131\u011f\u0131n\u0131z\u0131 geni\u015fletin.<\/p>\r\n                    <\/div>\r\n                <\/div>\r\n            <\/div>\r\n        <\/a>\r\n\r\n            <\/section>","protected":false},"excerpt":{"rendered":"<p>\u0130zlandaca Dilbilgisinin B\u00fcy\u00fcs\u00fc: Viking Dilinin S\u0131rlar\u0131n\u0131 \u00c7\u00f6zmek Giri\u015f: \u0130zlandaca, Ate\u015f ve Buz \u00dclkesi \u00c7arp\u0131c\u0131 ada \u00fclkesi \u0130zlanda&#8217;n\u0131n halk\u0131 taraf\u0131ndan konu\u015fulan \u0130zlanda dili, zengin tarihi, b\u00fcy\u00fcleyici \u015fiir gelene\u011fi ve zamana uyum sa\u011flama ve geli\u015fme konusundaki ola\u011fan\u00fcst\u00fc yetene\u011fi ile \u00fcnl\u00fcd\u00fcr. Eski \u0130skandinav dilinden gelen \u0130zlandaca, dil severleri ve hevesli \u00e7ok dillileri b\u00fcy\u00fcleyen \u00f6zel bir \u00e7ekicili\u011fe sahiptir. \u00d6yleyse [&hellip;]<\/p>\n","protected":false},"author":1,"featured_media":113517,"parent":0,"menu_order":0,"comment_status":"closed","ping_status":"closed","template":"LearningContentPage.php","meta":{"_acf_changed":false,"footnotes":""},"class_list":["post-144796","page","type-page","status-publish","has-post-thumbnail","hentry"],"acf":[],"yoast_head":"<!-- This site is optimized with the Yoast SEO Premium plugin v27.2 (Yoast SEO v27.2) - https:\/\/yoast.com\/product\/yoast-seo-premium-wordpress\/ -->\n<title>\u0130zlandaca Dilbilgisi - Talkpal<\/title>\n<meta name=\"description\" content=\"\u0130zlandaca dilbilgisini net bir \u015fekilde \u00f6\u011frenin - temel dilbilgisi kurallar\u0131n\u0131 anlay\u0131n, do\u011fru c\u00fcmleler kurun ve \u00f6zg\u00fcveninizi h\u0131zla art\u0131r\u0131n Talkpal&#039;in yapay zeka dersleri.\" \/>\n<meta name=\"robots\" content=\"index, follow, max-snippet:-1, max-image-preview:large, max-video-preview:-1\" \/>\n<link rel=\"canonical\" href=\"https:\/\/talkpal.ai\/tr\/izlandaca-dilbilgisi\/\" \/>\n<meta property=\"og:locale\" content=\"tr_TR\" \/>\n<meta property=\"og:type\" content=\"article\" \/>\n<meta property=\"og:title\" content=\"\u0130zlandaca Dilbilgisi\" \/>\n<meta property=\"og:description\" content=\"\u0130zlandaca Dilbilgisinin B\u00fcy\u00fcs\u00fc: Viking Dilinin S\u0131rlar\u0131n\u0131 \u00c7\u00f6zmek Giri\u015f: \u0130zlandaca, Ate\u015f ve Buz \u00dclkesi \u00c7arp\u0131c\u0131 ada \u00fclkesi \u0130zlanda&#039;n\u0131n halk\u0131 taraf\u0131ndan\" \/>\n<meta property=\"og:url\" content=\"https:\/\/talkpal.ai\/tr\/izlandaca-dilbilgisi\/\" \/>\n<meta property=\"og:site_name\" content=\"Talkpal\" \/>\n<meta property=\"article:publisher\" content=\"https:\/\/www.facebook.com\/profile.php?id=100090733639311\" \/>\n<meta property=\"article:modified_time\" content=\"2025-12-12T10:50:47+00:00\" \/>\n<meta property=\"og:image\" content=\"https:\/\/talkpal.ai\/wp-content\/uploads\/2023\/05\/iceland.png\" \/>\n\t<meta property=\"og:image:width\" content=\"512\" \/>\n\t<meta property=\"og:image:height\" content=\"512\" \/>\n\t<meta property=\"og:image:type\" content=\"image\/png\" \/>\n<meta name=\"twitter:card\" content=\"summary_large_image\" \/>\n<meta name=\"twitter:site\" content=\"@talkpalai\" \/>\n<meta name=\"twitter:label1\" content=\"Tahmini okuma s\u00fcresi\" \/>\n\t<meta name=\"twitter:data1\" content=\"3 dakika\" \/>\n<script type=\"application\/ld+json\" class=\"yoast-schema-graph\">{\"@context\":\"https:\/\/schema.org\",\"@graph\":[{\"@type\":\"WebPage\",\"@id\":\"https:\/\/talkpal.ai\/tr\/izlandaca-dilbilgisi\/\",\"url\":\"https:\/\/talkpal.ai\/tr\/izlandaca-dilbilgisi\/\",\"name\":\"\u0130zlandaca Dilbilgisi - Talkpal\",\"isPartOf\":{\"@id\":\"https:\/\/talkpal.ai\/tr\/#website\"},\"primaryImageOfPage\":{\"@id\":\"https:\/\/talkpal.ai\/tr\/izlandaca-dilbilgisi\/#primaryimage\"},\"image\":{\"@id\":\"https:\/\/talkpal.ai\/tr\/izlandaca-dilbilgisi\/#primaryimage\"},\"thumbnailUrl\":\"https:\/\/talkpal.ai\/wp-content\/uploads\/2023\/05\/iceland.png\",\"datePublished\":\"2023-05-14T14:09:11+00:00\",\"dateModified\":\"2025-12-12T10:50:47+00:00\",\"description\":\"\u0130zlandaca dilbilgisini net bir \u015fekilde \u00f6\u011frenin - temel dilbilgisi kurallar\u0131n\u0131 anlay\u0131n, do\u011fru c\u00fcmleler kurun ve \u00f6zg\u00fcveninizi h\u0131zla art\u0131r\u0131n Talkpal'in yapay zeka dersleri.\",\"breadcrumb\":{\"@id\":\"https:\/\/talkpal.ai\/tr\/izlandaca-dilbilgisi\/#breadcrumb\"},\"inLanguage\":\"tr\",\"potentialAction\":[{\"@type\":\"ReadAction\",\"target\":[\"https:\/\/talkpal.ai\/tr\/izlandaca-dilbilgisi\/\"]}]},{\"@type\":\"ImageObject\",\"inLanguage\":\"tr\",\"@id\":\"https:\/\/talkpal.ai\/tr\/izlandaca-dilbilgisi\/#primaryimage\",\"url\":\"https:\/\/talkpal.ai\/wp-content\/uploads\/2023\/05\/iceland.png\",\"contentUrl\":\"https:\/\/talkpal.ai\/wp-content\/uploads\/2023\/05\/iceland.png\",\"width\":512,\"height\":512},{\"@type\":\"BreadcrumbList\",\"@id\":\"https:\/\/talkpal.ai\/tr\/izlandaca-dilbilgisi\/#breadcrumb\",\"itemListElement\":[{\"@type\":\"ListItem\",\"position\":1,\"name\":\"Homepage\",\"item\":\"https:\/\/talkpal.ai\/tr\/\"},{\"@type\":\"ListItem\",\"position\":2,\"name\":\"\u0130zlandaca Dilbilgisi\"}]},{\"@type\":\"WebSite\",\"@id\":\"https:\/\/talkpal.ai\/tr\/#website\",\"url\":\"https:\/\/talkpal.ai\/tr\/\",\"name\":\"Talkpal\",\"description\":\"AI Language Learning\",\"publisher\":{\"@id\":\"https:\/\/talkpal.ai\/tr\/#organization\"},\"alternateName\":\"Talkpal AI\",\"potentialAction\":[{\"@type\":\"SearchAction\",\"target\":{\"@type\":\"EntryPoint\",\"urlTemplate\":\"https:\/\/talkpal.ai\/tr\/?s={search_term_string}\"},\"query-input\":{\"@type\":\"PropertyValueSpecification\",\"valueRequired\":true,\"valueName\":\"search_term_string\"}}],\"inLanguage\":\"tr\"},{\"@type\":\"Organization\",\"@id\":\"https:\/\/talkpal.ai\/tr\/#organization\",\"name\":\"Talkpal, Inc.\",\"alternateName\":\"Talkpal AI\",\"url\":\"https:\/\/talkpal.ai\/tr\/\",\"logo\":{\"@type\":\"ImageObject\",\"inLanguage\":\"tr\",\"@id\":\"https:\/\/talkpal.ai\/tr\/#\/schema\/logo\/image\/\",\"url\":\"https:\/\/talkpal.ai\/wp-content\/uploads\/2024\/03\/Talkpal-Logo-Icon.png\",\"contentUrl\":\"https:\/\/talkpal.ai\/wp-content\/uploads\/2024\/03\/Talkpal-Logo-Icon.png\",\"width\":2880,\"height\":2880,\"caption\":\"Talkpal, Inc.\"},\"image\":{\"@id\":\"https:\/\/talkpal.ai\/tr\/#\/schema\/logo\/image\/\"},\"sameAs\":[\"https:\/\/www.facebook.com\/profile.php?id=100090733639311\",\"https:\/\/x.com\/talkpalai\",\"https:\/\/www.linkedin.com\/company\/talkpal\/\",\"https:\/\/www.youtube.com\/@TalkPal\/\",\"https:\/\/www.tiktok.com\/@talkpal\",\"https:\/\/www.instagram.com\/talkpal_ai\/\",\"https:\/\/www.crunchbase.com\/organization\/talkpal-9cde\",\"https:\/\/www.g2.com\/products\/talkpal-for-business\/\",\"https:\/\/www.trustpilot.com\/review\/talkpal.ai\",\"https:\/\/www.capterra.com\/p\/10006800\/TalkPal\/\"],\"description\":\"Talkpal is a language learning web and mobile education app, powered by the latest AI technologies, that provides engaging experiences to its customers in many different languages to help them improve their language skills. Users can chat about unlimited amount of topics with the app and use other modes to practice their language learning.\",\"email\":\"support@talkpal.ai\",\"legalName\":\"Talkpal, Inc.\",\"foundingDate\":\"2023-04-03\",\"duns\":\"118989042\",\"numberOfEmployees\":{\"@type\":\"QuantitativeValue\",\"minValue\":\"11\",\"maxValue\":\"50\"},\"publishingPrinciples\":\"https:\/\/talkpal.ai\/publishing-principles\/\",\"actionableFeedbackPolicy\":\"https:\/\/talkpal.ai\/actionable-feedback-policy\/\",\"correctionsPolicy\":\"https:\/\/talkpal.ai\/corrections-policy\/\",\"ethicsPolicy\":\"https:\/\/talkpal.ai\/ethics-policy\/\",\"diversityPolicy\":\"https:\/\/talkpal.ai\/diversity-policy\/\",\"diversityStaffingReport\":\"https:\/\/talkpal.ai\/diversity-policy\/\"}]}<\/script>\n<!-- \/ Yoast SEO Premium plugin. -->","yoast_head_json":{"title":"\u0130zlandaca Dilbilgisi - Talkpal","description":"\u0130zlandaca dilbilgisini net bir \u015fekilde \u00f6\u011frenin - temel dilbilgisi kurallar\u0131n\u0131 anlay\u0131n, do\u011fru c\u00fcmleler kurun ve \u00f6zg\u00fcveninizi h\u0131zla art\u0131r\u0131n Talkpal'in yapay zeka dersleri.","robots":{"index":"index","follow":"follow","max-snippet":"max-snippet:-1","max-image-preview":"max-image-preview:large","max-video-preview":"max-video-preview:-1"},"canonical":"https:\/\/talkpal.ai\/tr\/izlandaca-dilbilgisi\/","og_locale":"tr_TR","og_type":"article","og_title":"\u0130zlandaca Dilbilgisi","og_description":"\u0130zlandaca Dilbilgisinin B\u00fcy\u00fcs\u00fc: Viking Dilinin S\u0131rlar\u0131n\u0131 \u00c7\u00f6zmek Giri\u015f: \u0130zlandaca, Ate\u015f ve Buz \u00dclkesi \u00c7arp\u0131c\u0131 ada \u00fclkesi \u0130zlanda'n\u0131n halk\u0131 taraf\u0131ndan","og_url":"https:\/\/talkpal.ai\/tr\/izlandaca-dilbilgisi\/","og_site_name":"Talkpal","article_publisher":"https:\/\/www.facebook.com\/profile.php?id=100090733639311","article_modified_time":"2025-12-12T10:50:47+00:00","og_image":[{"width":512,"height":512,"url":"https:\/\/talkpal.ai\/wp-content\/uploads\/2023\/05\/iceland.png","type":"image\/png"}],"twitter_card":"summary_large_image","twitter_site":"@talkpalai","twitter_misc":{"Tahmini okuma s\u00fcresi":"3 dakika"},"schema":{"@context":"https:\/\/schema.org","@graph":[{"@type":"WebPage","@id":"https:\/\/talkpal.ai\/tr\/izlandaca-dilbilgisi\/","url":"https:\/\/talkpal.ai\/tr\/izlandaca-dilbilgisi\/","name":"\u0130zlandaca Dilbilgisi - Talkpal","isPartOf":{"@id":"https:\/\/talkpal.ai\/tr\/#website"},"primaryImageOfPage":{"@id":"https:\/\/talkpal.ai\/tr\/izlandaca-dilbilgisi\/#primaryimage"},"image":{"@id":"https:\/\/talkpal.ai\/tr\/izlandaca-dilbilgisi\/#primaryimage"},"thumbnailUrl":"https:\/\/talkpal.ai\/wp-content\/uploads\/2023\/05\/iceland.png","datePublished":"2023-05-14T14:09:11+00:00","dateModified":"2025-12-12T10:50:47+00:00","description":"\u0130zlandaca dilbilgisini net bir \u015fekilde \u00f6\u011frenin - temel dilbilgisi kurallar\u0131n\u0131 anlay\u0131n, do\u011fru c\u00fcmleler kurun ve \u00f6zg\u00fcveninizi h\u0131zla art\u0131r\u0131n Talkpal'in yapay zeka dersleri.","breadcrumb":{"@id":"https:\/\/talkpal.ai\/tr\/izlandaca-dilbilgisi\/#breadcrumb"},"inLanguage":"tr","potentialAction":[{"@type":"ReadAction","target":["https:\/\/talkpal.ai\/tr\/izlandaca-dilbilgisi\/"]}]},{"@type":"ImageObject","inLanguage":"tr","@id":"https:\/\/talkpal.ai\/tr\/izlandaca-dilbilgisi\/#primaryimage","url":"https:\/\/talkpal.ai\/wp-content\/uploads\/2023\/05\/iceland.png","contentUrl":"https:\/\/talkpal.ai\/wp-content\/uploads\/2023\/05\/iceland.png","width":512,"height":512},{"@type":"BreadcrumbList","@id":"https:\/\/talkpal.ai\/tr\/izlandaca-dilbilgisi\/#breadcrumb","itemListElement":[{"@type":"ListItem","position":1,"name":"Homepage","item":"https:\/\/talkpal.ai\/tr\/"},{"@type":"ListItem","position":2,"name":"\u0130zlandaca Dilbilgisi"}]},{"@type":"WebSite","@id":"https:\/\/talkpal.ai\/tr\/#website","url":"https:\/\/talkpal.ai\/tr\/","name":"Talkpal","description":"AI Language Learning","publisher":{"@id":"https:\/\/talkpal.ai\/tr\/#organization"},"alternateName":"Talkpal AI","potentialAction":[{"@type":"SearchAction","target":{"@type":"EntryPoint","urlTemplate":"https:\/\/talkpal.ai\/tr\/?s={search_term_string}"},"query-input":{"@type":"PropertyValueSpecification","valueRequired":true,"valueName":"search_term_string"}}],"inLanguage":"tr"},{"@type":"Organization","@id":"https:\/\/talkpal.ai\/tr\/#organization","name":"Talkpal, Inc.","alternateName":"Talkpal AI","url":"https:\/\/talkpal.ai\/tr\/","logo":{"@type":"ImageObject","inLanguage":"tr","@id":"https:\/\/talkpal.ai\/tr\/#\/schema\/logo\/image\/","url":"https:\/\/talkpal.ai\/wp-content\/uploads\/2024\/03\/Talkpal-Logo-Icon.png","contentUrl":"https:\/\/talkpal.ai\/wp-content\/uploads\/2024\/03\/Talkpal-Logo-Icon.png","width":2880,"height":2880,"caption":"Talkpal, Inc."},"image":{"@id":"https:\/\/talkpal.ai\/tr\/#\/schema\/logo\/image\/"},"sameAs":["https:\/\/www.facebook.com\/profile.php?id=100090733639311","https:\/\/x.com\/talkpalai","https:\/\/www.linkedin.com\/company\/talkpal\/","https:\/\/www.youtube.com\/@TalkPal\/","https:\/\/www.tiktok.com\/@talkpal","https:\/\/www.instagram.com\/talkpal_ai\/","https:\/\/www.crunchbase.com\/organization\/talkpal-9cde","https:\/\/www.g2.com\/products\/talkpal-for-business\/","https:\/\/www.trustpilot.com\/review\/talkpal.ai","https:\/\/www.capterra.com\/p\/10006800\/TalkPal\/"],"description":"Talkpal is a language learning web and mobile education app, powered by the latest AI technologies, that provides engaging experiences to its customers in many different languages to help them improve their language skills. Users can chat about unlimited amount of topics with the app and use other modes to practice their language learning.","email":"support@talkpal.ai","legalName":"Talkpal, Inc.","foundingDate":"2023-04-03","duns":"118989042","numberOfEmployees":{"@type":"QuantitativeValue","minValue":"11","maxValue":"50"},"publishingPrinciples":"https:\/\/talkpal.ai\/publishing-principles\/","actionableFeedbackPolicy":"https:\/\/talkpal.ai\/actionable-feedback-policy\/","correctionsPolicy":"https:\/\/talkpal.ai\/corrections-policy\/","ethicsPolicy":"https:\/\/talkpal.ai\/ethics-policy\/","diversityPolicy":"https:\/\/talkpal.ai\/diversity-policy\/","diversityStaffingReport":"https:\/\/talkpal.ai\/diversity-policy\/"}]}},"_links":{"self":[{"href":"https:\/\/talkpal.ai\/tr\/wp-json\/wp\/v2\/pages\/144796","targetHints":{"allow":["GET"]}}],"collection":[{"href":"https:\/\/talkpal.ai\/tr\/wp-json\/wp\/v2\/pages"}],"about":[{"href":"https:\/\/talkpal.ai\/tr\/wp-json\/wp\/v2\/types\/page"}],"author":[{"embeddable":true,"href":"https:\/\/talkpal.ai\/tr\/wp-json\/wp\/v2\/users\/1"}],"replies":[{"embeddable":true,"href":"https:\/\/talkpal.ai\/tr\/wp-json\/wp\/v2\/comments?post=144796"}],"version-history":[{"count":0,"href":"https:\/\/talkpal.ai\/tr\/wp-json\/wp\/v2\/pages\/144796\/revisions"}],"wp:featuredmedia":[{"embeddable":true,"href":"https:\/\/talkpal.ai\/tr\/wp-json\/wp\/v2\/media\/113517"}],"wp:attachment":[{"href":"https:\/\/talkpal.ai\/tr\/wp-json\/wp\/v2\/media?parent=144796"}],"curies":[{"name":"wp","href":"https:\/\/api.w.org\/{rel}","templated":true}]}}