{"id":144497,"date":"2023-05-14T14:08:53","date_gmt":"2023-05-14T14:08:53","guid":{"rendered":"http:\/\/talkpal.ai\/macarca-dilbilgisi\/"},"modified":"2025-12-12T10:34:19","modified_gmt":"2025-12-12T10:34:19","slug":"macarca-dilbilgisi","status":"publish","type":"page","link":"https:\/\/talkpal.ai\/tr\/macarca-dilbilgisi\/","title":{"rendered":"Macarca Dilbilgisi"},"content":{"rendered":"\r\n\r\n\r\n<section class=\"languageChallengeSection\">\r\n    <div class=\"languageInfoWrapper\">\r\n        \r\n        <h1>Macarca Dilbilgisi<\/h1>\r\n        <p>Ger\u00e7ekten e\u015fsiz bir dil m\u00fccadelesine haz\u0131r m\u0131s\u0131n\u0131z? <a href=\"https:\/\/talkpal.ai\/learn-hungarian\/\">Macarca<\/a> dilbilgisine dal\u0131n ve dikkat \u00e7ekici \u00f6zelliklerini ortaya \u00e7\u0131kar\u0131n. Bug\u00fcn \u00f6\u011frenmeye ba\u015flay\u0131n ve Macarca dilbilgisinde ustala\u015fman\u0131n anlaml\u0131 sohbetlere ve Macaristan&#039;\u0131n zengin dil miras\u0131n\u0131n derin bir takdirine nas\u0131l kap\u0131 a\u00e7t\u0131\u011f\u0131n\u0131 ke\u015ffedin!<\/p>\r\n\r\n                            <a class=\"getStartedHidden\" href=\"https:\/\/app.talkpal.ai\/tr\/signup?lng=\">Hadi ba\u015fla<\/a>\r\n        \r\n    <\/div>\r\n\r\n    <figure>\r\n    <img decoding=\"async\" width=\"768\" height=\"768\" src=\"https:\/\/talkpal.ai\/wp-content\/uploads\/2023\/06\/hungarian-768x768.png\" class=\"languageImage no-lazy\" alt=\"Language learning strategies for advanced learners\" fetchpriority=\"high\" sizes=\"(max-width: 768px) 150px, 768px\" srcset=\"https:\/\/talkpal.ai\/wp-content\/uploads\/2023\/06\/hungarian-768x768.png 768w, https:\/\/talkpal.ai\/wp-content\/uploads\/2023\/06\/hungarian-300x300.png 300w\" \/>\r\n    \r\n\r\n    <\/figure>\r\n\r\n            <a class=\"getStartedVisible\" href=\"https:\/\/app.talkpal.ai\/tr\/signup?lng=\">Hadi ba\u015fla<\/a>\r\n    \r\n<\/section>\r\n<section class=\"promotionalBanner\">\r\n    <p class=\"promotionalText\">Dil \u00f6\u011frenmenin en etkili yolu<\/p>\r\n    <a class=\"promotionalLink\" href=\"https:\/\/app.talkpal.ai\/tr\/signup?lng=\">Talkpal \u00fccretsiz deneyin<\/a>\r\n<\/section>\n<div class=\"wp-block-group pageContainerStyle\"><div class=\"wp-block-group__inner-container is-layout-constrained wp-block-group-is-layout-constrained\">\n<h2 class=\"wp-block-heading\" id=\"h-title-unlocking-the-secrets-of-hungarian-grammar\">Ba\u015fl\u0131k: Macarca Dilbilgisinin S\u0131rlar\u0131n\u0131 \u00c7\u00f6zmek<\/h2>\n\n\n\n<p>Bir Fin-Ugor dili olan Macarca, benzersiz <a href=\"https:\/\/talkpal.ai\/grammar\/\">dilbilgisi<\/a> sistemiyle \u00f6ne \u00e7\u0131k\u0131yor ve bu da onu <a href=\"https:\/\/talkpal.ai\/talkpal-discount-for-language-enthusiasts\/\">dil merakl\u0131lar\u0131<\/a> i\u00e7in b\u00fcy\u00fcleyici bir meydan okuma haline getiriyor. Macarca \u00f6\u011frenmek sadece dil bilginizi geni\u015fletmekle kalmaz, ayn\u0131 zamanda Macaristan&#8217;\u0131n b\u00fcy\u00fcleyici k\u00fclt\u00fcr\u00fcn\u00fc ve tarihini ke\u015ffetmenize de olanak tan\u0131r. <a href=\"https:\/\/talkpal.ai\/tr\/hizli-ve-kolay-macarca-ogrenmenin-en-etkili-yollari\/\">Macarca dilbilgisi<\/a> ba\u015flang\u0131\u00e7ta korkutucu g\u00f6r\u00fcnse de, onu y\u00f6netilebilir bile\u015fenlere ay\u0131rmak, \u00f6\u011frenme s\u00fcrecini daha ula\u015f\u0131labilir hale getirir. Bu makalede, size Macarca dilbilgisinin ilgi \u00e7ekici d\u00fcnyas\u0131n\u0131 tan\u0131tacak ve karma\u015f\u0131kl\u0131klar\u0131nda ustala\u015fman\u0131z i\u00e7in rehberlik sunaca\u011f\u0131z.<\/p>\n\n\n\n<h3 class=\"wp-block-heading\" id=\"h-1-word-order-a-flexible-feature\">1. Kelime S\u0131ras\u0131: Esnek Bir \u00d6zellik<\/h3>\n\n\n\n<p>Di\u011fer bir\u00e7ok dilin aksine, Macarca nispeten esnek bir kelime s\u0131ras\u0131na sahiptir. Tipik Macarca c\u00fcmle \u00d6zne-Fiil-Nesne (SVO) kal\u0131b\u0131n\u0131 takip ederken, di\u011fer kelime s\u0131ralar\u0131 da yayg\u0131nd\u0131r ve c\u00fcmlenin farkl\u0131 b\u00f6l\u00fcmlerini vurgulamak i\u00e7in kullan\u0131l\u0131r. Bu varyasyonlara a\u015fina olmak, Macarca c\u00fcmleleri daha etkili bir \u015fekilde anlaman\u0131z\u0131 ve olu\u015fturman\u0131z\u0131 sa\u011flayacakt\u0131r.<\/p>\n\n\n\n<h3 class=\"wp-block-heading\" id=\"h-2-nouns-and-cases-the-role-of-suffixes\">2. \u0130simler ve Durumlar: Eklerin Rol\u00fc<\/h3>\n\n\n\n<p>Macarca isimlerin gramer cinsiyeti yoktur, bu da c\u00fcmle yap\u0131s\u0131n\u0131 basitle\u015ftirir. Bununla birlikte, Macarca dilbilgisinde isimler ve konu\u015fman\u0131n di\u011fer b\u00f6l\u00fcmleri, durumlar\u0131, m\u00fclkiyeti ve \u00e7o\u011fullu\u011fu belirtmek i\u00e7in \u00e7ok say\u0131da son ek kullan\u0131r. Bu ekleri ve kullan\u0131mlar\u0131n\u0131 \u00f6\u011frenmek, Macarca ileti\u015fim kurma yetene\u011finizi b\u00fcy\u00fck \u00f6l\u00e7\u00fcde geli\u015ftirecektir.<\/p>\n\n\n\n<p>\u00d6rnekler:<\/p>\n\n\n\n<p><strong>&#8211; h\u00e1z (ev) &#8211; h\u00e1zak (evler)<\/strong><\/p>\n\n\n\n<p><strong>&#8211; h\u00e1zban (evde) &#8211; h\u00e1zakban (evlerde)<\/strong><\/p>\n\n\n\n<h3 class=\"wp-block-heading\" id=\"h-3-verbs-conjugation-and-tense\">3. Fiiller: Fiil \u00c7ekimi ve Zaman<\/h3>\n\n\n\n<p>Macarca fiiller zaman, ruh hali, konu ve kesinli\u011fe g\u00f6re \u00e7ekimlenir. Macarcada \u00e7e\u015fitli zamanlar olsa da, \u00fc\u00e7 temel zaman\u0131 (\u015fimdiki zaman, ge\u00e7mi\u015f zaman ve gelecek zaman) \u00f6\u011frenmek iyi bir ba\u015flang\u0131\u00e7 noktas\u0131d\u0131r. D\u00fczenli fiil \u00e7ekim kal\u0131plar\u0131na a\u015fina olun ve s\u00f6zl\u00fc ileti\u015fim becerilerinizi geli\u015ftirmek i\u00e7in yayg\u0131n d\u00fczensiz fiilleri \u00f6\u011frenin.<\/p>\n\n\n\n<h3 class=\"wp-block-heading\" id=\"h-4-adjectives-agreement-and-placement\">4. S\u0131fatlar: Anla\u015fma ve Yerle\u015ftirme<\/h3>\n\n\n\n<p>Macarca dilbilgisinde s\u0131fatlar, say\u0131 (tekil veya \u00e7o\u011ful) a\u00e7\u0131s\u0131ndan de\u011fi\u015ftirdikleri isimle ayn\u0131 fikirde olmal\u0131d\u0131r. Bununla birlikte, s\u0131fatlar\u0131n gramer durumu i\u00e7in isimle e\u015fle\u015fmesi gerekmez. S\u0131fatlar genellikle isimden \u00f6nce gelir ve c\u00fcmle i\u00e7in a\u00e7\u0131klay\u0131c\u0131 ba\u011flam sa\u011flar.<\/p>\n\n\n\n<p>\u00d6rnekler:<\/p>\n\n\n\n<p><strong>&#8211; piros alma (k\u0131rm\u0131z\u0131 elma)<\/strong><\/p>\n\n\n\n<p><strong>&#8211; sz\u00e9p vir\u00e1gok (g\u00fczel \u00e7i\u00e7ekler)<\/strong><\/p>\n\n\n\n<h3 class=\"wp-block-heading\" id=\"h-5-vowel-harmony-a-unique-feature\">5. \u00dcnl\u00fc Uyumu: E\u015fsiz Bir \u00d6zellik<\/h3>\n\n\n\n<p>Macarca dilbilgisinin ay\u0131rt edici bir y\u00f6n\u00fc, sesli harflerin kelimeler i\u00e7inde uyu\u015fmas\u0131n\u0131 i\u00e7eren \u00fcnl\u00fc uyumudur. \u00dcnl\u00fc uyumu, eklerin olu\u015fma ve kelimelere ba\u011flanma \u015feklini etkiler. \u00dcnl\u00fc uyumunu anlamak ve uygulamak, yaz\u0131l\u0131 ve s\u00f6zl\u00fc Macarcan\u0131z\u0131 daha do\u011fru ve do\u011fal hale getirecektir.<\/p>\n\n\n\n<h3 class=\"wp-block-heading\" id=\"h-6-engaging-with-the-language\">6. Dil ile \u0130lgi Kurmak<\/h3>\n\n\n\n<p>Macarca dilbilgisini tam olarak kavraman\u0131n ve i\u00e7selle\u015ftirmenin en etkili yolu, dille tutarl\u0131 bir \u015fekilde etkile\u015fim kurmakt\u0131r. Macar edebiyat\u0131n\u0131 okuyarak, yerli filmler izleyerek veya anadili \u0130ngilizce olan ki\u015filerle aktif olarak sohbet ederek, kelime da\u011farc\u0131\u011f\u0131n\u0131z\u0131 ayn\u0131 anda geni\u015fletirken dilbilgisi anlay\u0131\u015f\u0131n\u0131z\u0131 peki\u015ftireceksiniz.<\/p>\n\n\n\n<h3 class=\"wp-block-heading\" id=\"h-conclusion\">Sonu\u00e7<\/h3>\n\n\n\n<p>Macarca dilbilgisi karma\u015f\u0131k g\u00f6r\u00fcnse de, ad\u0131m ad\u0131m yakla\u015fmak ve tutarl\u0131 bir \u015fekilde pratik yapmak, bu b\u00fcy\u00fcleyici dilde yetkin olman\u0131za yard\u0131mc\u0131 olacakt\u0131r. Macarca dil yolculu\u011funuza ba\u015flarken meydan okumay\u0131 kucaklay\u0131n ve yak\u0131nda kendinizi dilbilgisinin karma\u015f\u0131kl\u0131klar\u0131nda g\u00fcvenle gezinirken bulacaks\u0131n\u0131z. Mutlu \u00e7al\u0131\u015fmalar ve Macarca dilbilgisinin harikalar\u0131n\u0131 ke\u015ffetmenin tad\u0131n\u0131 \u00e7\u0131kar\u0131n!<\/p>\n<\/div><\/div>\n\r\n<section class=\"learnNavigationSection\">\r\n            \r\n        <a href=\"https:\/\/talkpal.ai\/tr\/macarca-ogren\/\">\r\n            <div class=\"learnNavigationWrapper\">\r\n                <div class=\"learnNavigationContent\">\r\n                    <img decoding=\"async\" src=\"https:\/\/talkpal.ai\/wp-content\/uploads\/2024\/08\/Hungarian.jpg\" alt=\"Hungarian Flag\">\r\n                    <div>\r\n                        <h4>Macarca \u00d6\u011frenimi Hakk\u0131nda<\/h4>\r\n                        <p>Macarca dilbilgisi hakk\u0131nda her \u015feyi \u00f6\u011frenin .<\/p>\r\n                    <\/div>\r\n                <\/div>\r\n            <\/div>\r\n        <\/a>\r\n\r\n        \r\n        <a href=\"https:\/\/talkpal.ai\/tr\/macarca-dilbilgisi-alistirmalari\/\">\r\n            <div class=\"learnNavigationWrapper\">\r\n                <div class=\"learnNavigationContent\">\r\n                    <img decoding=\"async\" src=\"https:\/\/talkpal.ai\/wp-content\/uploads\/2024\/08\/Hungarian.jpg\" alt=\"Hungarian Flag\">\r\n                    <div>\r\n                        <h4>Macarca Dilbilgisi Al\u0131\u015ft\u0131rmas\u0131<\/h4>\r\n                        <p>Macarca dilbilgisi al\u0131\u015ft\u0131rmas\u0131 yap\u0131n .<\/p>\r\n                    <\/div>\r\n                <\/div>\r\n            <\/div>\r\n        <\/a>\r\n\r\n        \r\n        <a href=\"https:\/\/talkpal.ai\/vocabulary_language\/hungarian\/\">\r\n            <div class=\"learnNavigationWrapper\">\r\n                <div class=\"learnNavigationContent\">\r\n                    <img decoding=\"async\" src=\"https:\/\/talkpal.ai\/wp-content\/uploads\/2024\/08\/Hungarian.jpg\" alt=\"Hungarian Flag\">\r\n                    <div>\r\n                        <h4>Macarca Kelime Bilgisi<\/h4>\r\n                        <p>Macarca kelime da\u011farc\u0131\u011f\u0131n\u0131z\u0131 geni\u015fletin.<\/p>\r\n                    <\/div>\r\n                <\/div>\r\n            <\/div>\r\n        <\/a>\r\n\r\n            <\/section>","protected":false},"excerpt":{"rendered":"<p>Ba\u015fl\u0131k: Macarca Dilbilgisinin S\u0131rlar\u0131n\u0131 \u00c7\u00f6zmek Bir Fin-Ugor dili olan Macarca, benzersiz dilbilgisi sistemiyle \u00f6ne \u00e7\u0131k\u0131yor ve bu da onu dil merakl\u0131lar\u0131 i\u00e7in b\u00fcy\u00fcleyici bir meydan okuma haline getiriyor. Macarca \u00f6\u011frenmek sadece dil bilginizi geni\u015fletmekle kalmaz, ayn\u0131 zamanda Macaristan&#8217;\u0131n b\u00fcy\u00fcleyici k\u00fclt\u00fcr\u00fcn\u00fc ve tarihini ke\u015ffetmenize de olanak tan\u0131r. Macarca dilbilgisi ba\u015flang\u0131\u00e7ta korkutucu g\u00f6r\u00fcnse de, onu y\u00f6netilebilir bile\u015fenlere [&hellip;]<\/p>\n","protected":false},"author":1,"featured_media":113297,"parent":0,"menu_order":0,"comment_status":"closed","ping_status":"closed","template":"LearningContentPage.php","meta":{"_acf_changed":false,"footnotes":""},"class_list":["post-144497","page","type-page","status-publish","has-post-thumbnail","hentry"],"acf":[],"yoast_head":"<!-- This site is optimized with the Yoast SEO Premium plugin v27.2 (Yoast SEO v27.2) - https:\/\/yoast.com\/product\/yoast-seo-premium-wordpress\/ -->\n<title>Macarca Dilbilgisi - Talkpal<\/title>\n<meta name=\"description\" content=\"Macarca dilbilgisinde ustala\u015f\u0131n - dilbilgisi kurallar\u0131n\u0131 \u00f6\u011frenin ve c\u00fcmle kurma prati\u011fi yap\u0131n. A\u015fa\u011f\u0131dakilerden yararl\u0131 rehberlik al\u0131n Talkpal AI.\" \/>\n<meta name=\"robots\" content=\"index, follow, max-snippet:-1, max-image-preview:large, max-video-preview:-1\" \/>\n<link rel=\"canonical\" href=\"https:\/\/talkpal.ai\/tr\/macarca-dilbilgisi\/\" \/>\n<meta property=\"og:locale\" content=\"tr_TR\" \/>\n<meta property=\"og:type\" content=\"article\" \/>\n<meta property=\"og:title\" content=\"Macarca Dilbilgisi\" \/>\n<meta property=\"og:description\" content=\"Ba\u015fl\u0131k: Macarca Dilbilgisinin S\u0131rlar\u0131n\u0131 \u00c7\u00f6zmek Bir Fin-Ugor dili olan Macarca, benzersiz dilbilgisi sistemiyle \u00f6ne \u00e7\u0131k\u0131yor ve bu da onu dil merakl\u0131lar\u0131\" \/>\n<meta property=\"og:url\" content=\"https:\/\/talkpal.ai\/tr\/macarca-dilbilgisi\/\" \/>\n<meta property=\"og:site_name\" content=\"Talkpal\" \/>\n<meta property=\"article:publisher\" content=\"https:\/\/www.facebook.com\/profile.php?id=100090733639311\" \/>\n<meta property=\"article:modified_time\" content=\"2025-12-12T10:34:19+00:00\" \/>\n<meta property=\"og:image\" content=\"https:\/\/talkpal.ai\/wp-content\/uploads\/2023\/05\/Hungarian.png\" \/>\n\t<meta property=\"og:image:width\" content=\"512\" \/>\n\t<meta property=\"og:image:height\" content=\"512\" \/>\n\t<meta property=\"og:image:type\" content=\"image\/png\" \/>\n<meta name=\"twitter:card\" content=\"summary_large_image\" \/>\n<meta name=\"twitter:site\" content=\"@talkpalai\" \/>\n<meta name=\"twitter:label1\" content=\"Tahmini okuma s\u00fcresi\" \/>\n\t<meta name=\"twitter:data1\" content=\"3 dakika\" \/>\n<script type=\"application\/ld+json\" class=\"yoast-schema-graph\">{\"@context\":\"https:\/\/schema.org\",\"@graph\":[{\"@type\":\"WebPage\",\"@id\":\"https:\/\/talkpal.ai\/tr\/macarca-dilbilgisi\/\",\"url\":\"https:\/\/talkpal.ai\/tr\/macarca-dilbilgisi\/\",\"name\":\"Macarca Dilbilgisi - Talkpal\",\"isPartOf\":{\"@id\":\"https:\/\/talkpal.ai\/tr\/#website\"},\"primaryImageOfPage\":{\"@id\":\"https:\/\/talkpal.ai\/tr\/macarca-dilbilgisi\/#primaryimage\"},\"image\":{\"@id\":\"https:\/\/talkpal.ai\/tr\/macarca-dilbilgisi\/#primaryimage\"},\"thumbnailUrl\":\"https:\/\/talkpal.ai\/wp-content\/uploads\/2023\/05\/Hungarian.png\",\"datePublished\":\"2023-05-14T14:08:53+00:00\",\"dateModified\":\"2025-12-12T10:34:19+00:00\",\"description\":\"Macarca dilbilgisinde ustala\u015f\u0131n - dilbilgisi kurallar\u0131n\u0131 \u00f6\u011frenin ve c\u00fcmle kurma prati\u011fi yap\u0131n. A\u015fa\u011f\u0131dakilerden yararl\u0131 rehberlik al\u0131n Talkpal AI.\",\"breadcrumb\":{\"@id\":\"https:\/\/talkpal.ai\/tr\/macarca-dilbilgisi\/#breadcrumb\"},\"inLanguage\":\"tr\",\"potentialAction\":[{\"@type\":\"ReadAction\",\"target\":[\"https:\/\/talkpal.ai\/tr\/macarca-dilbilgisi\/\"]}]},{\"@type\":\"ImageObject\",\"inLanguage\":\"tr\",\"@id\":\"https:\/\/talkpal.ai\/tr\/macarca-dilbilgisi\/#primaryimage\",\"url\":\"https:\/\/talkpal.ai\/wp-content\/uploads\/2023\/05\/Hungarian.png\",\"contentUrl\":\"https:\/\/talkpal.ai\/wp-content\/uploads\/2023\/05\/Hungarian.png\",\"width\":512,\"height\":512},{\"@type\":\"BreadcrumbList\",\"@id\":\"https:\/\/talkpal.ai\/tr\/macarca-dilbilgisi\/#breadcrumb\",\"itemListElement\":[{\"@type\":\"ListItem\",\"position\":1,\"name\":\"Homepage\",\"item\":\"https:\/\/talkpal.ai\/tr\/\"},{\"@type\":\"ListItem\",\"position\":2,\"name\":\"Macarca Dilbilgisi\"}]},{\"@type\":\"WebSite\",\"@id\":\"https:\/\/talkpal.ai\/tr\/#website\",\"url\":\"https:\/\/talkpal.ai\/tr\/\",\"name\":\"Talkpal\",\"description\":\"AI Language Learning\",\"publisher\":{\"@id\":\"https:\/\/talkpal.ai\/tr\/#organization\"},\"alternateName\":\"Talkpal AI\",\"potentialAction\":[{\"@type\":\"SearchAction\",\"target\":{\"@type\":\"EntryPoint\",\"urlTemplate\":\"https:\/\/talkpal.ai\/tr\/?s={search_term_string}\"},\"query-input\":{\"@type\":\"PropertyValueSpecification\",\"valueRequired\":true,\"valueName\":\"search_term_string\"}}],\"inLanguage\":\"tr\"},{\"@type\":\"Organization\",\"@id\":\"https:\/\/talkpal.ai\/tr\/#organization\",\"name\":\"Talkpal, Inc.\",\"alternateName\":\"Talkpal AI\",\"url\":\"https:\/\/talkpal.ai\/tr\/\",\"logo\":{\"@type\":\"ImageObject\",\"inLanguage\":\"tr\",\"@id\":\"https:\/\/talkpal.ai\/tr\/#\/schema\/logo\/image\/\",\"url\":\"https:\/\/talkpal.ai\/wp-content\/uploads\/2024\/03\/Talkpal-Logo-Icon.png\",\"contentUrl\":\"https:\/\/talkpal.ai\/wp-content\/uploads\/2024\/03\/Talkpal-Logo-Icon.png\",\"width\":2880,\"height\":2880,\"caption\":\"Talkpal, Inc.\"},\"image\":{\"@id\":\"https:\/\/talkpal.ai\/tr\/#\/schema\/logo\/image\/\"},\"sameAs\":[\"https:\/\/www.facebook.com\/profile.php?id=100090733639311\",\"https:\/\/x.com\/talkpalai\",\"https:\/\/www.linkedin.com\/company\/talkpal\/\",\"https:\/\/www.youtube.com\/@TalkPal\/\",\"https:\/\/www.tiktok.com\/@talkpal\",\"https:\/\/www.instagram.com\/talkpal_ai\/\",\"https:\/\/www.crunchbase.com\/organization\/talkpal-9cde\",\"https:\/\/www.g2.com\/products\/talkpal-for-business\/\",\"https:\/\/www.trustpilot.com\/review\/talkpal.ai\",\"https:\/\/www.capterra.com\/p\/10006800\/TalkPal\/\"],\"description\":\"Talkpal is a language learning web and mobile education app, powered by the latest AI technologies, that provides engaging experiences to its customers in many different languages to help them improve their language skills. Users can chat about unlimited amount of topics with the app and use other modes to practice their language learning.\",\"email\":\"support@talkpal.ai\",\"legalName\":\"Talkpal, Inc.\",\"foundingDate\":\"2023-04-03\",\"duns\":\"118989042\",\"numberOfEmployees\":{\"@type\":\"QuantitativeValue\",\"minValue\":\"11\",\"maxValue\":\"50\"},\"publishingPrinciples\":\"https:\/\/talkpal.ai\/publishing-principles\/\",\"actionableFeedbackPolicy\":\"https:\/\/talkpal.ai\/actionable-feedback-policy\/\",\"correctionsPolicy\":\"https:\/\/talkpal.ai\/corrections-policy\/\",\"ethicsPolicy\":\"https:\/\/talkpal.ai\/ethics-policy\/\",\"diversityPolicy\":\"https:\/\/talkpal.ai\/diversity-policy\/\",\"diversityStaffingReport\":\"https:\/\/talkpal.ai\/diversity-policy\/\"}]}<\/script>\n<!-- \/ Yoast SEO Premium plugin. -->","yoast_head_json":{"title":"Macarca Dilbilgisi - Talkpal","description":"Macarca dilbilgisinde ustala\u015f\u0131n - dilbilgisi kurallar\u0131n\u0131 \u00f6\u011frenin ve c\u00fcmle kurma prati\u011fi yap\u0131n. A\u015fa\u011f\u0131dakilerden yararl\u0131 rehberlik al\u0131n Talkpal AI.","robots":{"index":"index","follow":"follow","max-snippet":"max-snippet:-1","max-image-preview":"max-image-preview:large","max-video-preview":"max-video-preview:-1"},"canonical":"https:\/\/talkpal.ai\/tr\/macarca-dilbilgisi\/","og_locale":"tr_TR","og_type":"article","og_title":"Macarca Dilbilgisi","og_description":"Ba\u015fl\u0131k: Macarca Dilbilgisinin S\u0131rlar\u0131n\u0131 \u00c7\u00f6zmek Bir Fin-Ugor dili olan Macarca, benzersiz dilbilgisi sistemiyle \u00f6ne \u00e7\u0131k\u0131yor ve bu da onu dil merakl\u0131lar\u0131","og_url":"https:\/\/talkpal.ai\/tr\/macarca-dilbilgisi\/","og_site_name":"Talkpal","article_publisher":"https:\/\/www.facebook.com\/profile.php?id=100090733639311","article_modified_time":"2025-12-12T10:34:19+00:00","og_image":[{"width":512,"height":512,"url":"https:\/\/talkpal.ai\/wp-content\/uploads\/2023\/05\/Hungarian.png","type":"image\/png"}],"twitter_card":"summary_large_image","twitter_site":"@talkpalai","twitter_misc":{"Tahmini okuma s\u00fcresi":"3 dakika"},"schema":{"@context":"https:\/\/schema.org","@graph":[{"@type":"WebPage","@id":"https:\/\/talkpal.ai\/tr\/macarca-dilbilgisi\/","url":"https:\/\/talkpal.ai\/tr\/macarca-dilbilgisi\/","name":"Macarca Dilbilgisi - Talkpal","isPartOf":{"@id":"https:\/\/talkpal.ai\/tr\/#website"},"primaryImageOfPage":{"@id":"https:\/\/talkpal.ai\/tr\/macarca-dilbilgisi\/#primaryimage"},"image":{"@id":"https:\/\/talkpal.ai\/tr\/macarca-dilbilgisi\/#primaryimage"},"thumbnailUrl":"https:\/\/talkpal.ai\/wp-content\/uploads\/2023\/05\/Hungarian.png","datePublished":"2023-05-14T14:08:53+00:00","dateModified":"2025-12-12T10:34:19+00:00","description":"Macarca dilbilgisinde ustala\u015f\u0131n - dilbilgisi kurallar\u0131n\u0131 \u00f6\u011frenin ve c\u00fcmle kurma prati\u011fi yap\u0131n. A\u015fa\u011f\u0131dakilerden yararl\u0131 rehberlik al\u0131n Talkpal AI.","breadcrumb":{"@id":"https:\/\/talkpal.ai\/tr\/macarca-dilbilgisi\/#breadcrumb"},"inLanguage":"tr","potentialAction":[{"@type":"ReadAction","target":["https:\/\/talkpal.ai\/tr\/macarca-dilbilgisi\/"]}]},{"@type":"ImageObject","inLanguage":"tr","@id":"https:\/\/talkpal.ai\/tr\/macarca-dilbilgisi\/#primaryimage","url":"https:\/\/talkpal.ai\/wp-content\/uploads\/2023\/05\/Hungarian.png","contentUrl":"https:\/\/talkpal.ai\/wp-content\/uploads\/2023\/05\/Hungarian.png","width":512,"height":512},{"@type":"BreadcrumbList","@id":"https:\/\/talkpal.ai\/tr\/macarca-dilbilgisi\/#breadcrumb","itemListElement":[{"@type":"ListItem","position":1,"name":"Homepage","item":"https:\/\/talkpal.ai\/tr\/"},{"@type":"ListItem","position":2,"name":"Macarca Dilbilgisi"}]},{"@type":"WebSite","@id":"https:\/\/talkpal.ai\/tr\/#website","url":"https:\/\/talkpal.ai\/tr\/","name":"Talkpal","description":"AI Language Learning","publisher":{"@id":"https:\/\/talkpal.ai\/tr\/#organization"},"alternateName":"Talkpal AI","potentialAction":[{"@type":"SearchAction","target":{"@type":"EntryPoint","urlTemplate":"https:\/\/talkpal.ai\/tr\/?s={search_term_string}"},"query-input":{"@type":"PropertyValueSpecification","valueRequired":true,"valueName":"search_term_string"}}],"inLanguage":"tr"},{"@type":"Organization","@id":"https:\/\/talkpal.ai\/tr\/#organization","name":"Talkpal, Inc.","alternateName":"Talkpal AI","url":"https:\/\/talkpal.ai\/tr\/","logo":{"@type":"ImageObject","inLanguage":"tr","@id":"https:\/\/talkpal.ai\/tr\/#\/schema\/logo\/image\/","url":"https:\/\/talkpal.ai\/wp-content\/uploads\/2024\/03\/Talkpal-Logo-Icon.png","contentUrl":"https:\/\/talkpal.ai\/wp-content\/uploads\/2024\/03\/Talkpal-Logo-Icon.png","width":2880,"height":2880,"caption":"Talkpal, Inc."},"image":{"@id":"https:\/\/talkpal.ai\/tr\/#\/schema\/logo\/image\/"},"sameAs":["https:\/\/www.facebook.com\/profile.php?id=100090733639311","https:\/\/x.com\/talkpalai","https:\/\/www.linkedin.com\/company\/talkpal\/","https:\/\/www.youtube.com\/@TalkPal\/","https:\/\/www.tiktok.com\/@talkpal","https:\/\/www.instagram.com\/talkpal_ai\/","https:\/\/www.crunchbase.com\/organization\/talkpal-9cde","https:\/\/www.g2.com\/products\/talkpal-for-business\/","https:\/\/www.trustpilot.com\/review\/talkpal.ai","https:\/\/www.capterra.com\/p\/10006800\/TalkPal\/"],"description":"Talkpal is a language learning web and mobile education app, powered by the latest AI technologies, that provides engaging experiences to its customers in many different languages to help them improve their language skills. Users can chat about unlimited amount of topics with the app and use other modes to practice their language learning.","email":"support@talkpal.ai","legalName":"Talkpal, Inc.","foundingDate":"2023-04-03","duns":"118989042","numberOfEmployees":{"@type":"QuantitativeValue","minValue":"11","maxValue":"50"},"publishingPrinciples":"https:\/\/talkpal.ai\/publishing-principles\/","actionableFeedbackPolicy":"https:\/\/talkpal.ai\/actionable-feedback-policy\/","correctionsPolicy":"https:\/\/talkpal.ai\/corrections-policy\/","ethicsPolicy":"https:\/\/talkpal.ai\/ethics-policy\/","diversityPolicy":"https:\/\/talkpal.ai\/diversity-policy\/","diversityStaffingReport":"https:\/\/talkpal.ai\/diversity-policy\/"}]}},"_links":{"self":[{"href":"https:\/\/talkpal.ai\/tr\/wp-json\/wp\/v2\/pages\/144497","targetHints":{"allow":["GET"]}}],"collection":[{"href":"https:\/\/talkpal.ai\/tr\/wp-json\/wp\/v2\/pages"}],"about":[{"href":"https:\/\/talkpal.ai\/tr\/wp-json\/wp\/v2\/types\/page"}],"author":[{"embeddable":true,"href":"https:\/\/talkpal.ai\/tr\/wp-json\/wp\/v2\/users\/1"}],"replies":[{"embeddable":true,"href":"https:\/\/talkpal.ai\/tr\/wp-json\/wp\/v2\/comments?post=144497"}],"version-history":[{"count":0,"href":"https:\/\/talkpal.ai\/tr\/wp-json\/wp\/v2\/pages\/144497\/revisions"}],"wp:featuredmedia":[{"embeddable":true,"href":"https:\/\/talkpal.ai\/tr\/wp-json\/wp\/v2\/media\/113297"}],"wp:attachment":[{"href":"https:\/\/talkpal.ai\/tr\/wp-json\/wp\/v2\/media?parent=144497"}],"curies":[{"name":"wp","href":"https:\/\/api.w.org\/{rel}","templated":true}]}}