{"id":144190,"date":"2023-05-14T14:04:48","date_gmt":"2023-05-14T14:04:48","guid":{"rendered":"http:\/\/talkpal.ai\/ibranice-dilbilgisi\/"},"modified":"2025-12-13T15:37:16","modified_gmt":"2025-12-13T15:37:16","slug":"ibranice-dilbilgisi","status":"publish","type":"page","link":"https:\/\/talkpal.ai\/tr\/ibranice-dilbilgisi\/","title":{"rendered":"\u0130branice Dilbilgisi"},"content":{"rendered":"\r\n\r\n\r\n<section class=\"languageChallengeSection\">\r\n    <div class=\"languageInfoWrapper\">\r\n        \r\n        <h1>\u0130branice Dilbilgisi<\/h1>\r\n        <p>\u0130branice dilbilgisi \u00f6\u011frenin ve derin tarihi k\u00f6kleri ve modern ge\u00e7erlili\u011fi olan bir dilin s\u0131rlar\u0131n\u0131 \u00e7\u00f6z\u00fcn. Zorluklar\u0131 kucaklay\u0131n ve \u0130branice dilbilgisinin g\u00fczelli\u011fi arac\u0131l\u0131\u011f\u0131yla canl\u0131 bir k\u00fclt\u00fcrle ba\u011flant\u0131 kurun!<\/p>\r\n\r\n                            <a class=\"getStartedHidden\" href=\"https:\/\/app.talkpal.ai\/tr\/signup?lng=\">Hadi ba\u015fla<\/a>\r\n        \r\n    <\/div>\r\n\r\n    <figure>\r\n    <img decoding=\"async\" width=\"768\" height=\"768\" src=\"https:\/\/talkpal.ai\/wp-content\/uploads\/2023\/06\/hebrew-768x768.png\" class=\"languageImage no-lazy\" alt=\"Language learning for proficient communication\" fetchpriority=\"high\" sizes=\"(max-width: 768px) 150px, 768px\" srcset=\"https:\/\/talkpal.ai\/wp-content\/uploads\/2023\/06\/hebrew-768x768.png 768w, https:\/\/talkpal.ai\/wp-content\/uploads\/2023\/06\/hebrew-300x300.png 300w\" \/>\r\n    \r\n\r\n    <\/figure>\r\n\r\n            <a class=\"getStartedVisible\" href=\"https:\/\/app.talkpal.ai\/tr\/signup?lng=\">Hadi ba\u015fla<\/a>\r\n    \r\n<\/section>\r\n<section class=\"promotionalBanner\">\r\n    <p class=\"promotionalText\">Dil \u00f6\u011frenmenin en etkili yolu<\/p>\r\n    <a class=\"promotionalLink\" href=\"https:\/\/app.talkpal.ai\/tr\/signup?lng=\">Talkpal \u00fccretsiz deneyin<\/a>\r\n<\/section>\n<div class=\"wp-block-group pageContainerStyle\"><div class=\"wp-block-group__inner-container is-layout-constrained wp-block-group-is-layout-constrained\">\n<h2 class=\"wp-block-heading\" id=\"h-mastering-hebrew-grammar-your-ultimate-guide\">\u0130branice Dilbilgisinde Ustala\u015fmak: En \u0130yi Rehberiniz<\/h2>\n\n\n\n<p>\u015ealom, dil merakl\u0131lar\u0131! \u0130branice dilbilgisinin b\u00fcy\u00fcleyici d\u00fcnyas\u0131na dalmaya haz\u0131r m\u0131s\u0131n\u0131z? Do\u011fru yere geldiniz. Anla\u015f\u0131lmas\u0131 kolay bilgiler ve konu\u015fma tonuyla dolu bu makale, \u0130branice dilbilgisinin b\u00fcy\u00fcleyici d\u00fcnyas\u0131nda size rehberlik edecek. Yak\u0131nda, c\u00fcmleler kurabilecek ve anadili \u0130ngilizce olan ki\u015filerle anlaml\u0131 konu\u015fmalar yapabileceksiniz. \u00d6yleyse, \u0130branice dilbilgisinde ustala\u015fmaya do\u011fru yolculu\u011funuza ba\u015flayal\u0131m!<\/p>\n\n\n\n<p><strong>Ama \u00f6nce, neden \u0130branice dilbilgisi?<\/strong><\/p>\n\n\n\n<p>\u0130branice \u00f6\u011freniyorsan\u0131z, ak\u0131c\u0131 bir \u015fekilde konu\u015fmak, okumak ve yazmak i\u00e7in dilbilgisinde sa\u011flam bir temel \u015fartt\u0131r. \u0130branice dilbilgisi ba\u015flang\u0131\u00e7ta karma\u015f\u0131k g\u00f6r\u00fcnse de, daha k\u00fc\u00e7\u00fck, daha y\u00f6netilebilir par\u00e7alara b\u00f6l\u00fcnd\u00fc\u011f\u00fcnde daha ula\u015f\u0131labilir hale gelir. \u00d6yleyse, bu heyecan verici yolculu\u011fa \u00e7\u0131kal\u0131m!<\/p>\n\n\n\n<h3 class=\"wp-block-heading\" id=\"h-1-nouns-gender-and-number\">1. \u0130simler, cinsiyet ve say\u0131<\/h3>\n\n\n\n<p>\u0130branice isimlerin eril ve di\u015fil olmak \u00fczere iki cinsiyeti vard\u0131r ve tekil veya \u00e7o\u011ful olabilir. Bir ismin cinsiyetini belirlemek, fiiller ve s\u0131fatlar gibi konu\u015fman\u0131n di\u011fer b\u00f6l\u00fcmlerini etkiledi\u011fi i\u00e7in do\u011fru c\u00fcmle kurman\u0131n temelini olu\u015fturur.  <\/p>\n\n\n\n<p>Genel bir kural: e\u011fer bir isim &#8220;\u05d4&#8221; (hey) veya &#8220;\u05ea&#8221; (tav) ile bitiyorsa, genellikle di\u015fildir. Bununla birlikte, istisnalar vard\u0131r, bu nedenle kelime \u00f6\u011frenirken isim cinsiyetlerini ezberlemek \u00e7ok \u00f6nemlidir.<\/p>\n\n\n\n<p>Ek olarak, \u0130branice isimler say\u0131ya ba\u011fl\u0131 olarak farkl\u0131 bi\u00e7imler al\u0131r. \u00c7o\u011ful eril isimler tipik olarak &#8220;\u05d9\u05dd&#8221; (yim) ile biterken, \u00e7o\u011ful di\u015fil isimler &#8220;\u05d5\u05ea&#8221; (ot) ile biter.<\/p>\n\n\n\n<h3 class=\"wp-block-heading\" id=\"h-2-adjectives-agreement-and-definite-articles\">2. S\u0131fatlar, anla\u015fma ve belirli makaleler<\/h3>\n\n\n\n<p>\u0130branice&#8217;deki s\u0131fatlar, de\u011fi\u015ftirdikleri isimle cinsiyet ve say\u0131 bak\u0131m\u0131ndan ayn\u0131 fikirde olmal\u0131d\u0131r. Bir s\u0131fat\u0131 di\u015fil yapmak i\u00e7in, zaten yoksa sonuna bir &#8220;\u05d4&#8221; (hey) ekleyin. Bir s\u0131fat\u0131 \u00e7o\u011ful yapmak i\u00e7in isimlerle ayn\u0131 prensibi izleyin: eril i\u00e7in &#8220;\u05d9\u05dd&#8221; ve di\u015fil i\u00e7in &#8220;\u05d5\u05ea&#8221; ekleyin.<\/p>\n\n\n\n<p>\u0130branice&#8217;de &#8220;the&#8221; belirli artikeli &#8220;\u05d4&#8221; (hey) \u015feklindedir ve isme ya da s\u0131fata \u00f6n ek olarak eklenir. \u00d6rne\u011fin, &#8220;\u05d4\u05e1\u05e4\u05e8&#8221; (haSefer &#8211; kitap) veya &#8220;\u05d4\u05db\u05d3\u05d5\u05e8 \u05d4\u05d2\u05d3\u05d5\u05dc&#8221; (hakadur hagadol &#8211; b\u00fcy\u00fck top).<\/p>\n\n\n\n<h3 class=\"wp-block-heading\" id=\"h-3-verbs-tense-and-conjugation\">3. Fiiller, zaman ve \u00e7ekim<\/h3>\n\n\n\n<p>\u0130branice fiiller gramerde \u00f6nemli bir rol oynar ve &#8220;binyanim&#8221; ad\u0131 verilen yedi \u00e7ekim grubuna ayr\u0131l\u0131r. Her bir binyan fiilin anlam\u0131n\u0131 ve c\u00fcmledeki rol\u00fcn\u00fc etkiler.<\/p>\n\n\n\n<p>Size h\u0131zl\u0131 bir genel bak\u0131\u015f sa\u011flamak i\u00e7in, d\u00fczenli fiillerin \u015fimdiki zaman\u0131n\u0131 tart\u0131\u015fal\u0131m:<\/p>\n\n\n\n<p><strong>&#8211; \u05d0\u05e0\u05d9 \u05e7\u05d5\u05e8\u05d0\/\u05ea (ani kore\/et &#8211; Okuyorum, masc.\/fem.)<\/strong><\/p>\n\n\n\n<p><strong>&#8211; \u05d0\u05ea\/\u05d4 \u05e7\u05d5\u05e8\u05d0\/\u05ea (ata\/at kore\/et &#8211; okudunuz, masc.\/fem.)<\/strong><\/p>\n\n\n\n<p><strong>&#8211; \u05d4\u05d5\u05d0\/\u05d4\u05d9\u05d0 \u05e7\u05d5\u05e8\u05d0\/\u05ea (hu\/hi kore\/et &#8211; okur)<\/strong><\/p>\n\n\n\n<p>Unutmay\u0131n, bu sadece ba\u015flang\u0131\u00e7! \u0130lerledik\u00e7e di\u011fer bir\u00e7ok zaman, d\u00fczensiz fiil ve binyan karma\u015f\u0131kl\u0131\u011f\u0131 ortaya \u00e7\u0131kacakt\u0131r.<\/p>\n\n\n\n<h3 class=\"wp-block-heading\" id=\"h-4-pronouns-prepositions-and-more\">4. Zamirler, edatlar ve daha fazlas\u0131!<\/h3>\n\n\n\n<p>\u0130branice dilbilgisi zamirler (\u05d0\u05e0\u05d9, \u05d0\u05ea\u05d4, \u05d4\u05d5\u05d0, \u05d4\u05d9\u05d0, vb.), edatlar (\u05d1, \u05dc, \u05de, \u05e2\u05dc, vb.) ve deyimsel ifadeler gibi di\u011fer bile\u015fenleri de i\u00e7erir. Her bir unsurun \u00fcstesinden gelmek \u0130branicede kapsaml\u0131 bir ak\u0131c\u0131l\u0131k elde etmek i\u00e7in hayati \u00f6nem ta\u015f\u0131r, bu nedenle her seferinde bir ad\u0131m at\u0131n.<\/p>\n\n\n\n<p>Sonu\u00e7 olarak, \u0130branice dilbilgisinde ustala\u015fman\u0131n kestirme bir yolu yoktur. Sebat, pratik ve sab\u0131r gerektirir. Bununla birlikte, bir kez inceliklerini kavrad\u0131\u011f\u0131n\u0131zda, \u0130branice konu\u015fman\u0131n n\u00fcanslar\u0131n\u0131n tad\u0131n\u0131 \u00e7\u0131karacak, zengin k\u00fclt\u00fcr\u00fc ve tarihi ke\u015ffedecek ve dile olan takdirinizi derinle\u015ftireceksiniz. \u05d1\u05d4\u05e6\u05dc\u05d7\u05d4 (behatzlacha &#8211; iyi \u015fanslar)!<\/p>\n<\/div><\/div>\n\r\n<section class=\"learnNavigationSection\">\r\n            \r\n        <a href=\"https:\/\/talkpal.ai\/tr\/ibranice-ogren\/\">\r\n            <div class=\"learnNavigationWrapper\">\r\n                <div class=\"learnNavigationContent\">\r\n                    <img decoding=\"async\" src=\"https:\/\/talkpal.ai\/wp-content\/uploads\/2024\/08\/Hebrew.jpg\" alt=\"Israel Flag\">\r\n                    <div>\r\n                        <h4>\u0130branice \u00d6\u011frenimi Hakk\u0131nda<\/h4>\r\n                        <p>\u0130branice dilbilgisi hakk\u0131nda her \u015feyi \u00f6\u011frenin .<\/p>\r\n                    <\/div>\r\n                <\/div>\r\n            <\/div>\r\n        <\/a>\r\n\r\n        \r\n        <a href=\"https:\/\/talkpal.ai\/tr\/ibranice-dilbilgisi-alistirmalari\/\">\r\n            <div class=\"learnNavigationWrapper\">\r\n                <div class=\"learnNavigationContent\">\r\n                    <img decoding=\"async\" src=\"https:\/\/talkpal.ai\/wp-content\/uploads\/2024\/08\/Hebrew.jpg\" alt=\"Israel Flag\">\r\n                    <div>\r\n                        <h4>\u0130branice Dilbilgisi Al\u0131\u015ft\u0131rmas\u0131<\/h4>\r\n                        <p>\u0130branice dilbilgisi al\u0131\u015ft\u0131rmas\u0131 yap\u0131n .<\/p>\r\n                    <\/div>\r\n                <\/div>\r\n            <\/div>\r\n        <\/a>\r\n\r\n        \r\n        <a href=\"https:\/\/talkpal.ai\/vocabulary_language\/hebrew\/\">\r\n            <div class=\"learnNavigationWrapper\">\r\n                <div class=\"learnNavigationContent\">\r\n                    <img decoding=\"async\" src=\"https:\/\/talkpal.ai\/wp-content\/uploads\/2024\/08\/Hebrew.jpg\" alt=\"Israel Flag\">\r\n                    <div>\r\n                        <h4>\u0130branice Kelime Bilgisi<\/h4>\r\n                        <p>\u0130branice kelime da\u011farc\u0131\u011f\u0131n\u0131z\u0131 geni\u015fletin.<\/p>\r\n                    <\/div>\r\n                <\/div>\r\n            <\/div>\r\n        <\/a>\r\n\r\n            <\/section>","protected":false},"excerpt":{"rendered":"<p>\u0130branice Dilbilgisinde Ustala\u015fmak: En \u0130yi Rehberiniz \u015ealom, dil merakl\u0131lar\u0131! \u0130branice dilbilgisinin b\u00fcy\u00fcleyici d\u00fcnyas\u0131na dalmaya haz\u0131r m\u0131s\u0131n\u0131z? Do\u011fru yere geldiniz. Anla\u015f\u0131lmas\u0131 kolay bilgiler ve konu\u015fma tonuyla dolu bu makale, \u0130branice dilbilgisinin b\u00fcy\u00fcleyici d\u00fcnyas\u0131nda size rehberlik edecek. Yak\u0131nda, c\u00fcmleler kurabilecek ve anadili \u0130ngilizce olan ki\u015filerle anlaml\u0131 konu\u015fmalar yapabileceksiniz. \u00d6yleyse, \u0130branice dilbilgisinde ustala\u015fmaya do\u011fru yolculu\u011funuza ba\u015flayal\u0131m! Ama \u00f6nce, [&hellip;]<\/p>\n","protected":false},"author":1,"featured_media":113067,"parent":0,"menu_order":0,"comment_status":"closed","ping_status":"closed","template":"LearningContentPage.php","meta":{"_acf_changed":false,"footnotes":""},"class_list":["post-144190","page","type-page","status-publish","has-post-thumbnail","hentry"],"acf":[],"yoast_head":"<!-- This site is optimized with the Yoast SEO Premium plugin v27.2 (Yoast SEO v27.2) - https:\/\/yoast.com\/product\/yoast-seo-premium-wordpress\/ -->\n<title>\u0130branice Dilbilgisi - Talkpal<\/title>\n<meta name=\"description\" content=\"\u0130branice dilbilginizi g\u00fcvenle geli\u015ftirin - temel kurallar\u0131 \u00f6\u011frenin, do\u011fru c\u00fcmleler kurun ve a\u00e7\u0131k bir \u015fekilde ileti\u015fim kurun Talkpal&#039;in kolay yapay zeka dersleri.\" \/>\n<meta name=\"robots\" content=\"index, follow, max-snippet:-1, max-image-preview:large, max-video-preview:-1\" \/>\n<link rel=\"canonical\" href=\"https:\/\/talkpal.ai\/tr\/ibranice-dilbilgisi\/\" \/>\n<meta property=\"og:locale\" content=\"tr_TR\" \/>\n<meta property=\"og:type\" content=\"article\" \/>\n<meta property=\"og:title\" content=\"\u0130branice Dilbilgisi\" \/>\n<meta property=\"og:description\" content=\"\u0130branice Dilbilgisinde Ustala\u015fmak: En \u0130yi Rehberiniz \u015ealom, dil merakl\u0131lar\u0131! \u0130branice dilbilgisinin b\u00fcy\u00fcleyici d\u00fcnyas\u0131na dalmaya haz\u0131r m\u0131s\u0131n\u0131z? Do\u011fru yere\" \/>\n<meta property=\"og:url\" content=\"https:\/\/talkpal.ai\/tr\/ibranice-dilbilgisi\/\" \/>\n<meta property=\"og:site_name\" content=\"Talkpal\" \/>\n<meta property=\"article:publisher\" content=\"https:\/\/www.facebook.com\/profile.php?id=100090733639311\" \/>\n<meta property=\"article:modified_time\" content=\"2025-12-13T15:37:16+00:00\" \/>\n<meta property=\"og:image\" content=\"https:\/\/talkpal.ai\/wp-content\/uploads\/2023\/05\/israel.png\" \/>\n\t<meta property=\"og:image:width\" content=\"512\" \/>\n\t<meta property=\"og:image:height\" content=\"512\" \/>\n\t<meta property=\"og:image:type\" content=\"image\/png\" \/>\n<meta name=\"twitter:card\" content=\"summary_large_image\" \/>\n<meta name=\"twitter:site\" content=\"@talkpalai\" \/>\n<meta name=\"twitter:label1\" content=\"Tahmini okuma s\u00fcresi\" \/>\n\t<meta name=\"twitter:data1\" content=\"3 dakika\" \/>\n<script type=\"application\/ld+json\" class=\"yoast-schema-graph\">{\"@context\":\"https:\/\/schema.org\",\"@graph\":[{\"@type\":\"WebPage\",\"@id\":\"https:\/\/talkpal.ai\/tr\/ibranice-dilbilgisi\/\",\"url\":\"https:\/\/talkpal.ai\/tr\/ibranice-dilbilgisi\/\",\"name\":\"\u0130branice Dilbilgisi - Talkpal\",\"isPartOf\":{\"@id\":\"https:\/\/talkpal.ai\/tr\/#website\"},\"primaryImageOfPage\":{\"@id\":\"https:\/\/talkpal.ai\/tr\/ibranice-dilbilgisi\/#primaryimage\"},\"image\":{\"@id\":\"https:\/\/talkpal.ai\/tr\/ibranice-dilbilgisi\/#primaryimage\"},\"thumbnailUrl\":\"https:\/\/talkpal.ai\/wp-content\/uploads\/2023\/05\/israel.png\",\"datePublished\":\"2023-05-14T14:04:48+00:00\",\"dateModified\":\"2025-12-13T15:37:16+00:00\",\"description\":\"\u0130branice dilbilginizi g\u00fcvenle geli\u015ftirin - temel kurallar\u0131 \u00f6\u011frenin, do\u011fru c\u00fcmleler kurun ve a\u00e7\u0131k bir \u015fekilde ileti\u015fim kurun Talkpal'in kolay yapay zeka dersleri.\",\"breadcrumb\":{\"@id\":\"https:\/\/talkpal.ai\/tr\/ibranice-dilbilgisi\/#breadcrumb\"},\"inLanguage\":\"tr\",\"potentialAction\":[{\"@type\":\"ReadAction\",\"target\":[\"https:\/\/talkpal.ai\/tr\/ibranice-dilbilgisi\/\"]}]},{\"@type\":\"ImageObject\",\"inLanguage\":\"tr\",\"@id\":\"https:\/\/talkpal.ai\/tr\/ibranice-dilbilgisi\/#primaryimage\",\"url\":\"https:\/\/talkpal.ai\/wp-content\/uploads\/2023\/05\/israel.png\",\"contentUrl\":\"https:\/\/talkpal.ai\/wp-content\/uploads\/2023\/05\/israel.png\",\"width\":512,\"height\":512},{\"@type\":\"BreadcrumbList\",\"@id\":\"https:\/\/talkpal.ai\/tr\/ibranice-dilbilgisi\/#breadcrumb\",\"itemListElement\":[{\"@type\":\"ListItem\",\"position\":1,\"name\":\"Homepage\",\"item\":\"https:\/\/talkpal.ai\/tr\/\"},{\"@type\":\"ListItem\",\"position\":2,\"name\":\"\u0130branice Dilbilgisi\"}]},{\"@type\":\"WebSite\",\"@id\":\"https:\/\/talkpal.ai\/tr\/#website\",\"url\":\"https:\/\/talkpal.ai\/tr\/\",\"name\":\"Talkpal\",\"description\":\"AI Language Learning\",\"publisher\":{\"@id\":\"https:\/\/talkpal.ai\/tr\/#organization\"},\"alternateName\":\"Talkpal AI\",\"potentialAction\":[{\"@type\":\"SearchAction\",\"target\":{\"@type\":\"EntryPoint\",\"urlTemplate\":\"https:\/\/talkpal.ai\/tr\/?s={search_term_string}\"},\"query-input\":{\"@type\":\"PropertyValueSpecification\",\"valueRequired\":true,\"valueName\":\"search_term_string\"}}],\"inLanguage\":\"tr\"},{\"@type\":\"Organization\",\"@id\":\"https:\/\/talkpal.ai\/tr\/#organization\",\"name\":\"Talkpal, Inc.\",\"alternateName\":\"Talkpal AI\",\"url\":\"https:\/\/talkpal.ai\/tr\/\",\"logo\":{\"@type\":\"ImageObject\",\"inLanguage\":\"tr\",\"@id\":\"https:\/\/talkpal.ai\/tr\/#\/schema\/logo\/image\/\",\"url\":\"https:\/\/talkpal.ai\/wp-content\/uploads\/2024\/03\/Talkpal-Logo-Icon.png\",\"contentUrl\":\"https:\/\/talkpal.ai\/wp-content\/uploads\/2024\/03\/Talkpal-Logo-Icon.png\",\"width\":2880,\"height\":2880,\"caption\":\"Talkpal, Inc.\"},\"image\":{\"@id\":\"https:\/\/talkpal.ai\/tr\/#\/schema\/logo\/image\/\"},\"sameAs\":[\"https:\/\/www.facebook.com\/profile.php?id=100090733639311\",\"https:\/\/x.com\/talkpalai\",\"https:\/\/www.linkedin.com\/company\/talkpal\/\",\"https:\/\/www.youtube.com\/@TalkPal\/\",\"https:\/\/www.tiktok.com\/@talkpal\",\"https:\/\/www.instagram.com\/talkpal_ai\/\",\"https:\/\/www.crunchbase.com\/organization\/talkpal-9cde\",\"https:\/\/www.g2.com\/products\/talkpal-for-business\/\",\"https:\/\/www.trustpilot.com\/review\/talkpal.ai\",\"https:\/\/www.capterra.com\/p\/10006800\/TalkPal\/\"],\"description\":\"Talkpal is a language learning web and mobile education app, powered by the latest AI technologies, that provides engaging experiences to its customers in many different languages to help them improve their language skills. Users can chat about unlimited amount of topics with the app and use other modes to practice their language learning.\",\"email\":\"support@talkpal.ai\",\"legalName\":\"Talkpal, Inc.\",\"foundingDate\":\"2023-04-03\",\"duns\":\"118989042\",\"numberOfEmployees\":{\"@type\":\"QuantitativeValue\",\"minValue\":\"11\",\"maxValue\":\"50\"},\"publishingPrinciples\":\"https:\/\/talkpal.ai\/publishing-principles\/\",\"actionableFeedbackPolicy\":\"https:\/\/talkpal.ai\/actionable-feedback-policy\/\",\"correctionsPolicy\":\"https:\/\/talkpal.ai\/corrections-policy\/\",\"ethicsPolicy\":\"https:\/\/talkpal.ai\/ethics-policy\/\",\"diversityPolicy\":\"https:\/\/talkpal.ai\/diversity-policy\/\",\"diversityStaffingReport\":\"https:\/\/talkpal.ai\/diversity-policy\/\"}]}<\/script>\n<!-- \/ Yoast SEO Premium plugin. -->","yoast_head_json":{"title":"\u0130branice Dilbilgisi - Talkpal","description":"\u0130branice dilbilginizi g\u00fcvenle geli\u015ftirin - temel kurallar\u0131 \u00f6\u011frenin, do\u011fru c\u00fcmleler kurun ve a\u00e7\u0131k bir \u015fekilde ileti\u015fim kurun Talkpal'in kolay yapay zeka dersleri.","robots":{"index":"index","follow":"follow","max-snippet":"max-snippet:-1","max-image-preview":"max-image-preview:large","max-video-preview":"max-video-preview:-1"},"canonical":"https:\/\/talkpal.ai\/tr\/ibranice-dilbilgisi\/","og_locale":"tr_TR","og_type":"article","og_title":"\u0130branice Dilbilgisi","og_description":"\u0130branice Dilbilgisinde Ustala\u015fmak: En \u0130yi Rehberiniz \u015ealom, dil merakl\u0131lar\u0131! \u0130branice dilbilgisinin b\u00fcy\u00fcleyici d\u00fcnyas\u0131na dalmaya haz\u0131r m\u0131s\u0131n\u0131z? Do\u011fru yere","og_url":"https:\/\/talkpal.ai\/tr\/ibranice-dilbilgisi\/","og_site_name":"Talkpal","article_publisher":"https:\/\/www.facebook.com\/profile.php?id=100090733639311","article_modified_time":"2025-12-13T15:37:16+00:00","og_image":[{"width":512,"height":512,"url":"https:\/\/talkpal.ai\/wp-content\/uploads\/2023\/05\/israel.png","type":"image\/png"}],"twitter_card":"summary_large_image","twitter_site":"@talkpalai","twitter_misc":{"Tahmini okuma s\u00fcresi":"3 dakika"},"schema":{"@context":"https:\/\/schema.org","@graph":[{"@type":"WebPage","@id":"https:\/\/talkpal.ai\/tr\/ibranice-dilbilgisi\/","url":"https:\/\/talkpal.ai\/tr\/ibranice-dilbilgisi\/","name":"\u0130branice Dilbilgisi - Talkpal","isPartOf":{"@id":"https:\/\/talkpal.ai\/tr\/#website"},"primaryImageOfPage":{"@id":"https:\/\/talkpal.ai\/tr\/ibranice-dilbilgisi\/#primaryimage"},"image":{"@id":"https:\/\/talkpal.ai\/tr\/ibranice-dilbilgisi\/#primaryimage"},"thumbnailUrl":"https:\/\/talkpal.ai\/wp-content\/uploads\/2023\/05\/israel.png","datePublished":"2023-05-14T14:04:48+00:00","dateModified":"2025-12-13T15:37:16+00:00","description":"\u0130branice dilbilginizi g\u00fcvenle geli\u015ftirin - temel kurallar\u0131 \u00f6\u011frenin, do\u011fru c\u00fcmleler kurun ve a\u00e7\u0131k bir \u015fekilde ileti\u015fim kurun Talkpal'in kolay yapay zeka dersleri.","breadcrumb":{"@id":"https:\/\/talkpal.ai\/tr\/ibranice-dilbilgisi\/#breadcrumb"},"inLanguage":"tr","potentialAction":[{"@type":"ReadAction","target":["https:\/\/talkpal.ai\/tr\/ibranice-dilbilgisi\/"]}]},{"@type":"ImageObject","inLanguage":"tr","@id":"https:\/\/talkpal.ai\/tr\/ibranice-dilbilgisi\/#primaryimage","url":"https:\/\/talkpal.ai\/wp-content\/uploads\/2023\/05\/israel.png","contentUrl":"https:\/\/talkpal.ai\/wp-content\/uploads\/2023\/05\/israel.png","width":512,"height":512},{"@type":"BreadcrumbList","@id":"https:\/\/talkpal.ai\/tr\/ibranice-dilbilgisi\/#breadcrumb","itemListElement":[{"@type":"ListItem","position":1,"name":"Homepage","item":"https:\/\/talkpal.ai\/tr\/"},{"@type":"ListItem","position":2,"name":"\u0130branice Dilbilgisi"}]},{"@type":"WebSite","@id":"https:\/\/talkpal.ai\/tr\/#website","url":"https:\/\/talkpal.ai\/tr\/","name":"Talkpal","description":"AI Language Learning","publisher":{"@id":"https:\/\/talkpal.ai\/tr\/#organization"},"alternateName":"Talkpal AI","potentialAction":[{"@type":"SearchAction","target":{"@type":"EntryPoint","urlTemplate":"https:\/\/talkpal.ai\/tr\/?s={search_term_string}"},"query-input":{"@type":"PropertyValueSpecification","valueRequired":true,"valueName":"search_term_string"}}],"inLanguage":"tr"},{"@type":"Organization","@id":"https:\/\/talkpal.ai\/tr\/#organization","name":"Talkpal, Inc.","alternateName":"Talkpal AI","url":"https:\/\/talkpal.ai\/tr\/","logo":{"@type":"ImageObject","inLanguage":"tr","@id":"https:\/\/talkpal.ai\/tr\/#\/schema\/logo\/image\/","url":"https:\/\/talkpal.ai\/wp-content\/uploads\/2024\/03\/Talkpal-Logo-Icon.png","contentUrl":"https:\/\/talkpal.ai\/wp-content\/uploads\/2024\/03\/Talkpal-Logo-Icon.png","width":2880,"height":2880,"caption":"Talkpal, Inc."},"image":{"@id":"https:\/\/talkpal.ai\/tr\/#\/schema\/logo\/image\/"},"sameAs":["https:\/\/www.facebook.com\/profile.php?id=100090733639311","https:\/\/x.com\/talkpalai","https:\/\/www.linkedin.com\/company\/talkpal\/","https:\/\/www.youtube.com\/@TalkPal\/","https:\/\/www.tiktok.com\/@talkpal","https:\/\/www.instagram.com\/talkpal_ai\/","https:\/\/www.crunchbase.com\/organization\/talkpal-9cde","https:\/\/www.g2.com\/products\/talkpal-for-business\/","https:\/\/www.trustpilot.com\/review\/talkpal.ai","https:\/\/www.capterra.com\/p\/10006800\/TalkPal\/"],"description":"Talkpal is a language learning web and mobile education app, powered by the latest AI technologies, that provides engaging experiences to its customers in many different languages to help them improve their language skills. Users can chat about unlimited amount of topics with the app and use other modes to practice their language learning.","email":"support@talkpal.ai","legalName":"Talkpal, Inc.","foundingDate":"2023-04-03","duns":"118989042","numberOfEmployees":{"@type":"QuantitativeValue","minValue":"11","maxValue":"50"},"publishingPrinciples":"https:\/\/talkpal.ai\/publishing-principles\/","actionableFeedbackPolicy":"https:\/\/talkpal.ai\/actionable-feedback-policy\/","correctionsPolicy":"https:\/\/talkpal.ai\/corrections-policy\/","ethicsPolicy":"https:\/\/talkpal.ai\/ethics-policy\/","diversityPolicy":"https:\/\/talkpal.ai\/diversity-policy\/","diversityStaffingReport":"https:\/\/talkpal.ai\/diversity-policy\/"}]}},"_links":{"self":[{"href":"https:\/\/talkpal.ai\/tr\/wp-json\/wp\/v2\/pages\/144190","targetHints":{"allow":["GET"]}}],"collection":[{"href":"https:\/\/talkpal.ai\/tr\/wp-json\/wp\/v2\/pages"}],"about":[{"href":"https:\/\/talkpal.ai\/tr\/wp-json\/wp\/v2\/types\/page"}],"author":[{"embeddable":true,"href":"https:\/\/talkpal.ai\/tr\/wp-json\/wp\/v2\/users\/1"}],"replies":[{"embeddable":true,"href":"https:\/\/talkpal.ai\/tr\/wp-json\/wp\/v2\/comments?post=144190"}],"version-history":[{"count":0,"href":"https:\/\/talkpal.ai\/tr\/wp-json\/wp\/v2\/pages\/144190\/revisions"}],"wp:featuredmedia":[{"embeddable":true,"href":"https:\/\/talkpal.ai\/tr\/wp-json\/wp\/v2\/media\/113067"}],"wp:attachment":[{"href":"https:\/\/talkpal.ai\/tr\/wp-json\/wp\/v2\/media?parent=144190"}],"curies":[{"name":"wp","href":"https:\/\/api.w.org\/{rel}","templated":true}]}}