{"id":143891,"date":"2023-05-14T14:03:43","date_gmt":"2023-05-14T14:03:43","guid":{"rendered":"http:\/\/talkpal.ai\/galicyaca-dilbilgisi\/"},"modified":"2025-12-13T15:28:35","modified_gmt":"2025-12-13T15:28:35","slug":"galicyaca-dilbilgisi","status":"publish","type":"page","link":"https:\/\/talkpal.ai\/tr\/galicyaca-dilbilgisi\/","title":{"rendered":"Gali\u00e7yaca Dilbilgisi"},"content":{"rendered":"\r\n\r\n\r\n<section class=\"languageChallengeSection\">\r\n    <div class=\"languageInfoWrapper\">\r\n        \r\n        <h1>Gali\u00e7yaca Dilbilgisi<\/h1>\r\n        <p>Temel <a href=\"https:\/\/talkpal.ai\/grammar\/\">dilbilgisi<\/a> kurallar\u0131na hakim olarak Gali\u00e7ya dilinin cazibesini ke\u015ffedin. Gali\u00e7yaca dilbilgisini anlamak, anlaml\u0131 bir ileti\u015fimin kap\u0131lar\u0131n\u0131 a\u00e7acak ve Gali\u00e7ya&#039;n\u0131n canl\u0131 k\u00fclt\u00fcr\u00fcn\u00fc daha derinden takdir etmenizi sa\u011flayacakt\u0131r. Gali\u00e7yaca dilbilgisi \u00f6\u011frenmeye bug\u00fcn ba\u015flay\u0131n ve ak\u0131c\u0131 \u015fekilde konu\u015fmaya do\u011fru ilk ad\u0131m\u0131n\u0131z\u0131 at\u0131n!<\/p>\r\n\r\n                            <a class=\"getStartedHidden\" href=\"https:\/\/app.talkpal.ai\/tr\/signup?lng=\">Hadi ba\u015fla<\/a>\r\n        \r\n    <\/div>\r\n\r\n    <figure>\r\n    <img decoding=\"async\" width=\"768\" height=\"768\" src=\"https:\/\/talkpal.ai\/wp-content\/uploads\/2023\/06\/galician-768x768.png\" class=\"languageImage no-lazy\" alt=\"Language immersion powerful learning method\" fetchpriority=\"high\" sizes=\"(max-width: 768px) 150px, 768px\" srcset=\"https:\/\/talkpal.ai\/wp-content\/uploads\/2023\/06\/galician-768x768.png 768w, https:\/\/talkpal.ai\/wp-content\/uploads\/2023\/06\/galician-300x300.png 300w\" \/>\r\n    \r\n\r\n    <\/figure>\r\n\r\n            <a class=\"getStartedVisible\" href=\"https:\/\/app.talkpal.ai\/tr\/signup?lng=\">Hadi ba\u015fla<\/a>\r\n    \r\n<\/section>\r\n<section class=\"promotionalBanner\">\r\n    <p class=\"promotionalText\">Dil \u00f6\u011frenmenin en etkili yolu<\/p>\r\n    <a class=\"promotionalLink\" href=\"https:\/\/app.talkpal.ai\/tr\/signup?lng=\">Talkpal \u00fccretsiz deneyin<\/a>\r\n<\/section>\n<div class=\"wp-block-group pageContainerStyle\"><div class=\"wp-block-group__inner-container is-layout-constrained wp-block-group-is-layout-constrained\">\n<h2 class=\"wp-block-heading\" id=\"h-galician-grammar-unlocking-the-beauty-of-a-romance-language\">Gali\u00e7yaca Dilbilgisi: Bir Roman Dilinin G\u00fczelli\u011fini Ortaya \u00c7\u0131karmak<\/h2>\n\n\n\n<p>Kuzeybat\u0131 \u0130spanya&#8217;da iki milyondan fazla insan taraf\u0131ndan konu\u015fulan bir <a href=\"https:\/\/talkpal.ai\/locations\/language-courses-in-roman\/\">Roman<\/a> dili olan Gali\u00e7yaca, Portekizce ile benzerlikleri payla\u015fan benzersiz ve b\u00fcy\u00fcleyici bir leh\u00e7edir. Kendine \u00f6zg\u00fc bir fonolojiye, b\u00fcy\u00fcleyici bir tarihe ve canl\u0131 bir \u015fiirsel gelene\u011fe sahiptir. Bu b\u00fcy\u00fcleyici dile hakim olmak i\u00e7in gramerini anlamak \u00e7ok \u00f6nemlidir. Bu makalede, Gali\u00e7yaca dilbilgisinin temel y\u00f6nlerini ke\u015ffedecek ve bu dilsel yolculukta ba\u015far\u0131l\u0131 olman\u0131za yard\u0131mc\u0131 olacak ipu\u00e7lar\u0131 verece\u011fiz.<\/p>\n\n\n\n<h3 class=\"wp-block-heading\" id=\"h-key-components-of-galician-grammar\">Gali\u00e7yaca Dilbilgisinin Temel Bile\u015fenleri:<\/h3>\n\n\n\n<p>Gali\u00e7ya dilbilgisi, di\u011fer Roman dilleri gibi, do\u011fru kullan\u0131m\u0131n\u0131 tan\u0131mlayan \u00e7e\u015fitli kural ve yap\u0131lardan olu\u015fur. Gali\u00e7yaca dilbilgisinin a\u015fina olman\u0131z gereken baz\u0131 temel y\u00f6nleri \u015funlard\u0131r:<\/p>\n\n\n\n<p><strong>1. \u0130simler:<\/strong> Gali\u00e7yaca isimlerin iki gramer cinsiyeti (eril ve di\u015fil) vard\u0131r ve say\u0131 (tekil ve \u00e7o\u011ful) i\u00e7in \u00e7ekilir. Bir ismin cinsiyeti, ona e\u015flik eden makalelerin, s\u0131fatlar\u0131n ve zamirlerin bi\u00e7imini etkiler.<\/p>\n\n\n\n<p><strong>2. Makaleler:<\/strong> Gali\u00e7yaca&#8217;da belirli artikeller (o, os, a, as) ve belirsiz artikeller (un, uns, unha, unhas) vard\u0131r. Belirli artikeller belirli nesnelere veya ki\u015filere at\u0131fta bulunmak i\u00e7in kullan\u0131l\u0131rken, belirsiz artikeller genel veya spesifik olmayan referanslar i\u00e7in kullan\u0131l\u0131r.<\/p>\n\n\n\n<p><strong>3. S\u0131fatlar ve zarflar:<\/strong> Gali\u00e7yaca&#8217;daki s\u0131fatlar genellikle de\u011fi\u015ftirdikleri isimlerle cinsiyet ve say\u0131 bak\u0131m\u0131ndan hemfikirdir. Zarflar ise de\u011fi\u015fmezdir ve ismin cinsiyetine ya da say\u0131s\u0131na g\u00f6re de\u011fi\u015fmezler.<\/p>\n\n\n\n<p><strong>4. Fiiller:<\/strong> Gali\u00e7yaca fiiller \u00fc\u00e7 d\u00fczenli kal\u0131pta (ar, er, ir) ve \u00e7e\u015fitli d\u00fczensiz kal\u0131plarda \u00e7ekimlenir. Fiiller zamana (\u015fimdiki zaman, ge\u00e7mi\u015f, gelecek vb.), ruh haline (belirte\u00e7, s\u00fcbjektif, emir kipi), g\u00f6r\u00fcn\u00fc\u015fe (m\u00fckemmel, kusurlu) ve sese (aktif, pasif) g\u00f6re \u00e7ekilir. Fiil \u00e7ekiminde zamirler genellikle atlan\u0131r, \u00e7\u00fcnk\u00fc fiil formu genellikle \u00f6zneyi g\u00f6sterir.<\/p>\n\n\n\n<p><strong>5. C\u00fcmle yap\u0131s\u0131:<\/strong> Gali\u00e7yaca, vurgu ve ba\u011flama ba\u011fl\u0131 olarak tipik olarak \u00d6zne-Fiil-Nesne (SVO) veya Fiil-\u00d6zne-Nesne (VSO) kelime s\u0131ras\u0131n\u0131 kullan\u0131r. Ancak, bu kelime s\u0131ras\u0131 esnektir.<\/p>\n\n\n\n<h3 class=\"wp-block-heading\" id=\"h-tips-for-learning-galician-grammar\">Gali\u00e7yaca Dilbilgisi \u00d6\u011frenmek \u0130\u00e7in \u0130pu\u00e7lar\u0131:<\/h3>\n\n\n\n<p>Gali\u00e7yaca dilbilgisi \u00f6\u011frenme yolculu\u011funuzda ba\u015far\u0131l\u0131 olmak i\u00e7in \u015fu yararl\u0131 stratejileri g\u00f6z \u00f6n\u00fcnde bulundurun:<\/p>\n\n\n\n<p><strong>1. D\u00fczenli uygulama:<\/strong> Tutarl\u0131l\u0131k anahtard\u0131r. Gali\u00e7yaca dilbilgisi al\u0131\u015ft\u0131rmalar\u0131, okuma ve yazma prati\u011fi yapmak i\u00e7in her g\u00fcn veya haftada belirli zamanlar ay\u0131r\u0131n.<\/p>\n\n\n\n<p><strong>2. Yerel kaynaklar\u0131 kullan\u0131n:<\/strong> Kendinizi edebiyat, haber makaleleri ve filmler gibi otantik Gali\u00e7yaca materyallere b\u0131rak\u0131n. Bu sadece Gali\u00e7yaca dilbilgisini ba\u011flam i\u00e7inde g\u00f6rmenize yard\u0131mc\u0131 olmakla kalmaz, ayn\u0131 zamanda okuma ve dinleme becerilerinizi de geli\u015ftirir.<\/p>\n\n\n\n<p>3. \u0130sim cinsiyetlerini ve artikellerini \u00f6\u011frenin: Gali\u00e7yaca isim <strong>cinsiyetleri ve artikellerin<\/strong> do\u011fru kullan\u0131m\u0131 hakk\u0131nda bilgi edinin. Bu, do\u011fru ve tutarl\u0131 c\u00fcmleler kurmak i\u00e7in \u00e7ok \u00f6nemlidir.<\/p>\n\n\n\n<p><strong>4. Anadili \u0130ngilizce olan ki\u015filerle ba\u011flant\u0131 kurun:<\/strong> Dil de\u011fi\u015fim programlar\u0131, sosyal <a href=\"https:\/\/talkpal.ai\/culture\/how-do-you-talk-about-social-media-in-turkish\/\">medya veya<\/a> \u00e7evrimi\u00e7i forumlar arac\u0131l\u0131\u011f\u0131yla anadili Gali\u00e7yaca olan ki\u015filerle etkile\u015fim kurun. Bu, ger\u00e7ek hayattaki konu\u015fmalarda dilbilgisi prati\u011fi yapma ve de\u011ferli geri bildirimler alma f\u0131rsatlar\u0131 sa\u011flar.<\/p>\n\n\n\n<p><strong>5. Sab\u0131r ve sebat:<\/strong> Yeni bir dil \u00f6\u011frenmek zaman, kararl\u0131l\u0131k ve sab\u0131r gerektirir. Zorluklar\u0131 kucaklay\u0131n ve yol boyunca ilerlemenizi kutlay\u0131n.<\/p>\n\n\n\n<h2 class=\"wp-block-heading\" id=\"h-conclusion\">Son:<\/h2>\n\n\n\n<p>Gali\u00e7yaca dilbilgisi, benzersiz \u00f6zellikleri ve Roman dil ailesiyle ba\u011flant\u0131s\u0131 ile bu b\u00fcy\u00fcleyici leh\u00e7ede ustala\u015fman\u0131n anahtar\u0131n\u0131 elinde tutar. Temel bile\u015fenlerini anlayarak ve \u00f6\u011frenme stratejilerimizi takip ederek, dilsel yeterlili\u011fe giden yolda ilerleyeceksiniz. \u00d6yleyse, bu heyecan verici yolculu\u011fa \u00e7\u0131k\u0131n ve Gali\u00e7ya dilinin harikalar\u0131n\u0131 ortaya \u00e7\u0131kar\u0131n!<\/p>\n<\/div><\/div>\n\r\n<section class=\"learnNavigationSection\">\r\n            \r\n        <a href=\"https:\/\/talkpal.ai\/tr\/galicyaca-ogren\/\">\r\n            <div class=\"learnNavigationWrapper\">\r\n                <div class=\"learnNavigationContent\">\r\n                    <img decoding=\"async\" src=\"https:\/\/talkpal.ai\/wp-content\/uploads\/2024\/08\/Galician.jpg\" alt=\"Galicia Flag\">\r\n                    <div>\r\n                        <h4>Gali\u00e7yaca \u00d6\u011frenimi Hakk\u0131nda<\/h4>\r\n                        <p>Gali\u00e7yaca dilbilgisi hakk\u0131nda her \u015feyi \u00f6\u011frenin .<\/p>\r\n                    <\/div>\r\n                <\/div>\r\n            <\/div>\r\n        <\/a>\r\n\r\n        \r\n        <a href=\"https:\/\/talkpal.ai\/tr\/galicyaca-dilbilgisi-alistirmalari\/\">\r\n            <div class=\"learnNavigationWrapper\">\r\n                <div class=\"learnNavigationContent\">\r\n                    <img decoding=\"async\" src=\"https:\/\/talkpal.ai\/wp-content\/uploads\/2024\/08\/Galician.jpg\" alt=\"Galicia Flag\">\r\n                    <div>\r\n                        <h4>Gali\u00e7yaca Dilbilgisi Al\u0131\u015ft\u0131rmas\u0131<\/h4>\r\n                        <p>Gali\u00e7yaca dilbilgisi al\u0131\u015ft\u0131rmas\u0131 yap\u0131n .<\/p>\r\n                    <\/div>\r\n                <\/div>\r\n            <\/div>\r\n        <\/a>\r\n\r\n        \r\n        <a href=\"https:\/\/talkpal.ai\/vocabulary_language\/galician\/\">\r\n            <div class=\"learnNavigationWrapper\">\r\n                <div class=\"learnNavigationContent\">\r\n                    <img decoding=\"async\" src=\"https:\/\/talkpal.ai\/wp-content\/uploads\/2024\/08\/Galician.jpg\" alt=\"Galicia Flag\">\r\n                    <div>\r\n                        <h4>Gali\u00e7yaca Kelime Bilgisi<\/h4>\r\n                        <p>Gali\u00e7yaca kelime da\u011farc\u0131\u011f\u0131n\u0131z\u0131 geni\u015fletin.<\/p>\r\n                    <\/div>\r\n                <\/div>\r\n            <\/div>\r\n        <\/a>\r\n\r\n            <\/section>","protected":false},"excerpt":{"rendered":"<p>Gali\u00e7yaca Dilbilgisi: Bir Roman Dilinin G\u00fczelli\u011fini Ortaya \u00c7\u0131karmak Kuzeybat\u0131 \u0130spanya&#8217;da iki milyondan fazla insan taraf\u0131ndan konu\u015fulan bir Roman dili olan Gali\u00e7yaca, Portekizce ile benzerlikleri payla\u015fan benzersiz ve b\u00fcy\u00fcleyici bir leh\u00e7edir. Kendine \u00f6zg\u00fc bir fonolojiye, b\u00fcy\u00fcleyici bir tarihe ve canl\u0131 bir \u015fiirsel gelene\u011fe sahiptir. Bu b\u00fcy\u00fcleyici dile hakim olmak i\u00e7in gramerini anlamak \u00e7ok \u00f6nemlidir. Bu makalede, [&hellip;]<\/p>\n","protected":false},"author":1,"featured_media":112107,"parent":0,"menu_order":0,"comment_status":"closed","ping_status":"closed","template":"LearningContentPage.php","meta":{"_acf_changed":false,"footnotes":""},"class_list":["post-143891","page","type-page","status-publish","has-post-thumbnail","hentry"],"acf":[],"yoast_head":"<!-- This site is optimized with the Yoast SEO Premium plugin v27.2 (Yoast SEO v27.2) - https:\/\/yoast.com\/product\/yoast-seo-premium-wordpress\/ -->\n<title>Gali\u00e7yaca Dilbilgisi - Talkpal<\/title>\n<meta name=\"description\" content=\"Gali\u00e7yaca dilbilgisinde kolayca ustala\u015f\u0131n - kurallar\u0131 \u00f6\u011frenin, do\u011fru c\u00fcmleler kurun ve net ileti\u015fim kurun\" \/>\n<meta name=\"robots\" content=\"index, follow, max-snippet:-1, max-image-preview:large, max-video-preview:-1\" \/>\n<link rel=\"canonical\" href=\"https:\/\/talkpal.ai\/tr\/galicyaca-dilbilgisi\/\" \/>\n<meta property=\"og:locale\" content=\"tr_TR\" \/>\n<meta property=\"og:type\" content=\"article\" \/>\n<meta property=\"og:title\" content=\"Gali\u00e7yaca Dilbilgisi\" \/>\n<meta property=\"og:description\" content=\"Gali\u00e7yaca Dilbilgisi: Bir Roman Dilinin G\u00fczelli\u011fini Ortaya \u00c7\u0131karmak Kuzeybat\u0131 \u0130spanya&#039;da iki milyondan fazla insan taraf\u0131ndan konu\u015fulan bir Roman dili\" \/>\n<meta property=\"og:url\" content=\"https:\/\/talkpal.ai\/tr\/galicyaca-dilbilgisi\/\" \/>\n<meta property=\"og:site_name\" content=\"Talkpal\" \/>\n<meta property=\"article:publisher\" content=\"https:\/\/www.facebook.com\/profile.php?id=100090733639311\" \/>\n<meta property=\"article:modified_time\" content=\"2025-12-13T15:28:35+00:00\" \/>\n<meta property=\"og:image\" content=\"https:\/\/talkpal.ai\/wp-content\/uploads\/2023\/05\/Galician-spain.png\" \/>\n\t<meta property=\"og:image:width\" content=\"512\" \/>\n\t<meta property=\"og:image:height\" content=\"512\" \/>\n\t<meta property=\"og:image:type\" content=\"image\/png\" \/>\n<meta name=\"twitter:card\" content=\"summary_large_image\" \/>\n<meta name=\"twitter:site\" content=\"@talkpalai\" \/>\n<meta name=\"twitter:label1\" content=\"Tahmini okuma s\u00fcresi\" \/>\n\t<meta name=\"twitter:data1\" content=\"3 dakika\" \/>\n<script type=\"application\/ld+json\" class=\"yoast-schema-graph\">{\"@context\":\"https:\/\/schema.org\",\"@graph\":[{\"@type\":\"WebPage\",\"@id\":\"https:\/\/talkpal.ai\/tr\/galicyaca-dilbilgisi\/\",\"url\":\"https:\/\/talkpal.ai\/tr\/galicyaca-dilbilgisi\/\",\"name\":\"Gali\u00e7yaca Dilbilgisi - Talkpal\",\"isPartOf\":{\"@id\":\"https:\/\/talkpal.ai\/tr\/#website\"},\"primaryImageOfPage\":{\"@id\":\"https:\/\/talkpal.ai\/tr\/galicyaca-dilbilgisi\/#primaryimage\"},\"image\":{\"@id\":\"https:\/\/talkpal.ai\/tr\/galicyaca-dilbilgisi\/#primaryimage\"},\"thumbnailUrl\":\"https:\/\/talkpal.ai\/wp-content\/uploads\/2023\/05\/Galician-spain.png\",\"datePublished\":\"2023-05-14T14:03:43+00:00\",\"dateModified\":\"2025-12-13T15:28:35+00:00\",\"description\":\"Gali\u00e7yaca dilbilgisinde kolayca ustala\u015f\u0131n - kurallar\u0131 \u00f6\u011frenin, do\u011fru c\u00fcmleler kurun ve net ileti\u015fim kurun\",\"breadcrumb\":{\"@id\":\"https:\/\/talkpal.ai\/tr\/galicyaca-dilbilgisi\/#breadcrumb\"},\"inLanguage\":\"tr\",\"potentialAction\":[{\"@type\":\"ReadAction\",\"target\":[\"https:\/\/talkpal.ai\/tr\/galicyaca-dilbilgisi\/\"]}]},{\"@type\":\"ImageObject\",\"inLanguage\":\"tr\",\"@id\":\"https:\/\/talkpal.ai\/tr\/galicyaca-dilbilgisi\/#primaryimage\",\"url\":\"https:\/\/talkpal.ai\/wp-content\/uploads\/2023\/05\/Galician-spain.png\",\"contentUrl\":\"https:\/\/talkpal.ai\/wp-content\/uploads\/2023\/05\/Galician-spain.png\",\"width\":512,\"height\":512},{\"@type\":\"BreadcrumbList\",\"@id\":\"https:\/\/talkpal.ai\/tr\/galicyaca-dilbilgisi\/#breadcrumb\",\"itemListElement\":[{\"@type\":\"ListItem\",\"position\":1,\"name\":\"Homepage\",\"item\":\"https:\/\/talkpal.ai\/tr\/\"},{\"@type\":\"ListItem\",\"position\":2,\"name\":\"Gali\u00e7yaca Dilbilgisi\"}]},{\"@type\":\"WebSite\",\"@id\":\"https:\/\/talkpal.ai\/tr\/#website\",\"url\":\"https:\/\/talkpal.ai\/tr\/\",\"name\":\"Talkpal\",\"description\":\"AI Language Learning\",\"publisher\":{\"@id\":\"https:\/\/talkpal.ai\/tr\/#organization\"},\"alternateName\":\"Talkpal AI\",\"potentialAction\":[{\"@type\":\"SearchAction\",\"target\":{\"@type\":\"EntryPoint\",\"urlTemplate\":\"https:\/\/talkpal.ai\/tr\/?s={search_term_string}\"},\"query-input\":{\"@type\":\"PropertyValueSpecification\",\"valueRequired\":true,\"valueName\":\"search_term_string\"}}],\"inLanguage\":\"tr\"},{\"@type\":\"Organization\",\"@id\":\"https:\/\/talkpal.ai\/tr\/#organization\",\"name\":\"Talkpal, Inc.\",\"alternateName\":\"Talkpal AI\",\"url\":\"https:\/\/talkpal.ai\/tr\/\",\"logo\":{\"@type\":\"ImageObject\",\"inLanguage\":\"tr\",\"@id\":\"https:\/\/talkpal.ai\/tr\/#\/schema\/logo\/image\/\",\"url\":\"https:\/\/talkpal.ai\/wp-content\/uploads\/2024\/03\/Talkpal-Logo-Icon.png\",\"contentUrl\":\"https:\/\/talkpal.ai\/wp-content\/uploads\/2024\/03\/Talkpal-Logo-Icon.png\",\"width\":2880,\"height\":2880,\"caption\":\"Talkpal, Inc.\"},\"image\":{\"@id\":\"https:\/\/talkpal.ai\/tr\/#\/schema\/logo\/image\/\"},\"sameAs\":[\"https:\/\/www.facebook.com\/profile.php?id=100090733639311\",\"https:\/\/x.com\/talkpalai\",\"https:\/\/www.linkedin.com\/company\/talkpal\/\",\"https:\/\/www.youtube.com\/@TalkPal\/\",\"https:\/\/www.tiktok.com\/@talkpal\",\"https:\/\/www.instagram.com\/talkpal_ai\/\",\"https:\/\/www.crunchbase.com\/organization\/talkpal-9cde\",\"https:\/\/www.g2.com\/products\/talkpal-for-business\/\",\"https:\/\/www.trustpilot.com\/review\/talkpal.ai\",\"https:\/\/www.capterra.com\/p\/10006800\/TalkPal\/\"],\"description\":\"Talkpal is a language learning web and mobile education app, powered by the latest AI technologies, that provides engaging experiences to its customers in many different languages to help them improve their language skills. Users can chat about unlimited amount of topics with the app and use other modes to practice their language learning.\",\"email\":\"support@talkpal.ai\",\"legalName\":\"Talkpal, Inc.\",\"foundingDate\":\"2023-04-03\",\"duns\":\"118989042\",\"numberOfEmployees\":{\"@type\":\"QuantitativeValue\",\"minValue\":\"11\",\"maxValue\":\"50\"},\"publishingPrinciples\":\"https:\/\/talkpal.ai\/publishing-principles\/\",\"actionableFeedbackPolicy\":\"https:\/\/talkpal.ai\/actionable-feedback-policy\/\",\"correctionsPolicy\":\"https:\/\/talkpal.ai\/corrections-policy\/\",\"ethicsPolicy\":\"https:\/\/talkpal.ai\/ethics-policy\/\",\"diversityPolicy\":\"https:\/\/talkpal.ai\/diversity-policy\/\",\"diversityStaffingReport\":\"https:\/\/talkpal.ai\/diversity-policy\/\"}]}<\/script>\n<!-- \/ Yoast SEO Premium plugin. -->","yoast_head_json":{"title":"Gali\u00e7yaca Dilbilgisi - Talkpal","description":"Gali\u00e7yaca dilbilgisinde kolayca ustala\u015f\u0131n - kurallar\u0131 \u00f6\u011frenin, do\u011fru c\u00fcmleler kurun ve net ileti\u015fim kurun","robots":{"index":"index","follow":"follow","max-snippet":"max-snippet:-1","max-image-preview":"max-image-preview:large","max-video-preview":"max-video-preview:-1"},"canonical":"https:\/\/talkpal.ai\/tr\/galicyaca-dilbilgisi\/","og_locale":"tr_TR","og_type":"article","og_title":"Gali\u00e7yaca Dilbilgisi","og_description":"Gali\u00e7yaca Dilbilgisi: Bir Roman Dilinin G\u00fczelli\u011fini Ortaya \u00c7\u0131karmak Kuzeybat\u0131 \u0130spanya'da iki milyondan fazla insan taraf\u0131ndan konu\u015fulan bir Roman dili","og_url":"https:\/\/talkpal.ai\/tr\/galicyaca-dilbilgisi\/","og_site_name":"Talkpal","article_publisher":"https:\/\/www.facebook.com\/profile.php?id=100090733639311","article_modified_time":"2025-12-13T15:28:35+00:00","og_image":[{"width":512,"height":512,"url":"https:\/\/talkpal.ai\/wp-content\/uploads\/2023\/05\/Galician-spain.png","type":"image\/png"}],"twitter_card":"summary_large_image","twitter_site":"@talkpalai","twitter_misc":{"Tahmini okuma s\u00fcresi":"3 dakika"},"schema":{"@context":"https:\/\/schema.org","@graph":[{"@type":"WebPage","@id":"https:\/\/talkpal.ai\/tr\/galicyaca-dilbilgisi\/","url":"https:\/\/talkpal.ai\/tr\/galicyaca-dilbilgisi\/","name":"Gali\u00e7yaca Dilbilgisi - Talkpal","isPartOf":{"@id":"https:\/\/talkpal.ai\/tr\/#website"},"primaryImageOfPage":{"@id":"https:\/\/talkpal.ai\/tr\/galicyaca-dilbilgisi\/#primaryimage"},"image":{"@id":"https:\/\/talkpal.ai\/tr\/galicyaca-dilbilgisi\/#primaryimage"},"thumbnailUrl":"https:\/\/talkpal.ai\/wp-content\/uploads\/2023\/05\/Galician-spain.png","datePublished":"2023-05-14T14:03:43+00:00","dateModified":"2025-12-13T15:28:35+00:00","description":"Gali\u00e7yaca dilbilgisinde kolayca ustala\u015f\u0131n - kurallar\u0131 \u00f6\u011frenin, do\u011fru c\u00fcmleler kurun ve net ileti\u015fim kurun","breadcrumb":{"@id":"https:\/\/talkpal.ai\/tr\/galicyaca-dilbilgisi\/#breadcrumb"},"inLanguage":"tr","potentialAction":[{"@type":"ReadAction","target":["https:\/\/talkpal.ai\/tr\/galicyaca-dilbilgisi\/"]}]},{"@type":"ImageObject","inLanguage":"tr","@id":"https:\/\/talkpal.ai\/tr\/galicyaca-dilbilgisi\/#primaryimage","url":"https:\/\/talkpal.ai\/wp-content\/uploads\/2023\/05\/Galician-spain.png","contentUrl":"https:\/\/talkpal.ai\/wp-content\/uploads\/2023\/05\/Galician-spain.png","width":512,"height":512},{"@type":"BreadcrumbList","@id":"https:\/\/talkpal.ai\/tr\/galicyaca-dilbilgisi\/#breadcrumb","itemListElement":[{"@type":"ListItem","position":1,"name":"Homepage","item":"https:\/\/talkpal.ai\/tr\/"},{"@type":"ListItem","position":2,"name":"Gali\u00e7yaca Dilbilgisi"}]},{"@type":"WebSite","@id":"https:\/\/talkpal.ai\/tr\/#website","url":"https:\/\/talkpal.ai\/tr\/","name":"Talkpal","description":"AI Language Learning","publisher":{"@id":"https:\/\/talkpal.ai\/tr\/#organization"},"alternateName":"Talkpal AI","potentialAction":[{"@type":"SearchAction","target":{"@type":"EntryPoint","urlTemplate":"https:\/\/talkpal.ai\/tr\/?s={search_term_string}"},"query-input":{"@type":"PropertyValueSpecification","valueRequired":true,"valueName":"search_term_string"}}],"inLanguage":"tr"},{"@type":"Organization","@id":"https:\/\/talkpal.ai\/tr\/#organization","name":"Talkpal, Inc.","alternateName":"Talkpal AI","url":"https:\/\/talkpal.ai\/tr\/","logo":{"@type":"ImageObject","inLanguage":"tr","@id":"https:\/\/talkpal.ai\/tr\/#\/schema\/logo\/image\/","url":"https:\/\/talkpal.ai\/wp-content\/uploads\/2024\/03\/Talkpal-Logo-Icon.png","contentUrl":"https:\/\/talkpal.ai\/wp-content\/uploads\/2024\/03\/Talkpal-Logo-Icon.png","width":2880,"height":2880,"caption":"Talkpal, Inc."},"image":{"@id":"https:\/\/talkpal.ai\/tr\/#\/schema\/logo\/image\/"},"sameAs":["https:\/\/www.facebook.com\/profile.php?id=100090733639311","https:\/\/x.com\/talkpalai","https:\/\/www.linkedin.com\/company\/talkpal\/","https:\/\/www.youtube.com\/@TalkPal\/","https:\/\/www.tiktok.com\/@talkpal","https:\/\/www.instagram.com\/talkpal_ai\/","https:\/\/www.crunchbase.com\/organization\/talkpal-9cde","https:\/\/www.g2.com\/products\/talkpal-for-business\/","https:\/\/www.trustpilot.com\/review\/talkpal.ai","https:\/\/www.capterra.com\/p\/10006800\/TalkPal\/"],"description":"Talkpal is a language learning web and mobile education app, powered by the latest AI technologies, that provides engaging experiences to its customers in many different languages to help them improve their language skills. Users can chat about unlimited amount of topics with the app and use other modes to practice their language learning.","email":"support@talkpal.ai","legalName":"Talkpal, Inc.","foundingDate":"2023-04-03","duns":"118989042","numberOfEmployees":{"@type":"QuantitativeValue","minValue":"11","maxValue":"50"},"publishingPrinciples":"https:\/\/talkpal.ai\/publishing-principles\/","actionableFeedbackPolicy":"https:\/\/talkpal.ai\/actionable-feedback-policy\/","correctionsPolicy":"https:\/\/talkpal.ai\/corrections-policy\/","ethicsPolicy":"https:\/\/talkpal.ai\/ethics-policy\/","diversityPolicy":"https:\/\/talkpal.ai\/diversity-policy\/","diversityStaffingReport":"https:\/\/talkpal.ai\/diversity-policy\/"}]}},"_links":{"self":[{"href":"https:\/\/talkpal.ai\/tr\/wp-json\/wp\/v2\/pages\/143891","targetHints":{"allow":["GET"]}}],"collection":[{"href":"https:\/\/talkpal.ai\/tr\/wp-json\/wp\/v2\/pages"}],"about":[{"href":"https:\/\/talkpal.ai\/tr\/wp-json\/wp\/v2\/types\/page"}],"author":[{"embeddable":true,"href":"https:\/\/talkpal.ai\/tr\/wp-json\/wp\/v2\/users\/1"}],"replies":[{"embeddable":true,"href":"https:\/\/talkpal.ai\/tr\/wp-json\/wp\/v2\/comments?post=143891"}],"version-history":[{"count":0,"href":"https:\/\/talkpal.ai\/tr\/wp-json\/wp\/v2\/pages\/143891\/revisions"}],"wp:featuredmedia":[{"embeddable":true,"href":"https:\/\/talkpal.ai\/tr\/wp-json\/wp\/v2\/media\/112107"}],"wp:attachment":[{"href":"https:\/\/talkpal.ai\/tr\/wp-json\/wp\/v2\/media?parent=143891"}],"curies":[{"name":"wp","href":"https:\/\/api.w.org\/{rel}","templated":true}]}}