{"id":143550,"date":"2023-05-14T14:03:23","date_gmt":"2023-05-14T14:03:23","guid":{"rendered":"http:\/\/talkpal.ai\/danca-dilbilgisi\/"},"modified":"2025-12-13T15:24:47","modified_gmt":"2025-12-13T15:24:47","slug":"danca-dilbilgisi","status":"publish","type":"page","link":"https:\/\/talkpal.ai\/tr\/danca-dilbilgisi\/","title":{"rendered":"Danca Dilbilgisi"},"content":{"rendered":"\r\n\r\n\r\n<section class=\"languageChallengeSection\">\r\n    <div class=\"languageInfoWrapper\">\r\n        \r\n        <h1>Danca Dilbilgisi<\/h1>\r\n        <p>Danca dilbilgisinin temellerini \u00e7\u00f6z\u00fcn ve bu b\u00fcy\u00fcleyici \u0130skandinav dilinde kendinizden emin bir \u015fekilde ileti\u015fim kurmaya ba\u015flay\u0131n. Temel kurallara ve yap\u0131lara hakim olarak, Danca konu\u015fanlarla ba\u011flant\u0131 kurmak ve zengin k\u00fclt\u00fcrlerini ilk elden deneyimlemek i\u00e7in gereken becerileri kazanacaks\u0131n\u0131z. Bug\u00fcn Danca dilbilgisi \u00f6\u011frenmeye ba\u015flay\u0131n ve ak\u0131c\u0131 konu\u015fmaya do\u011fru ilk ad\u0131m\u0131n\u0131z\u0131 at\u0131n!\n\n<\/p>\r\n\r\n                            <a class=\"getStartedHidden\" href=\"https:\/\/app.talkpal.ai\/tr\/signup?lng=\">Hadi ba\u015fla<\/a>\r\n        \r\n    <\/div>\r\n\r\n    <figure>\r\n    <img decoding=\"async\" width=\"768\" height=\"768\" src=\"https:\/\/talkpal.ai\/wp-content\/uploads\/2023\/06\/danish-768x768.png\" class=\"languageImage no-lazy\" alt=\"Language learning for career enhancement\" fetchpriority=\"high\" sizes=\"(max-width: 768px) 150px, 768px\" srcset=\"https:\/\/talkpal.ai\/wp-content\/uploads\/2023\/06\/danish-768x768.png 768w, https:\/\/talkpal.ai\/wp-content\/uploads\/2023\/06\/danish-300x300.png 300w\" \/>\r\n    \r\n\r\n    <\/figure>\r\n\r\n            <a class=\"getStartedVisible\" href=\"https:\/\/app.talkpal.ai\/tr\/signup?lng=\">Hadi ba\u015fla<\/a>\r\n    \r\n<\/section>\r\n<section class=\"promotionalBanner\">\r\n    <p class=\"promotionalText\">Dil \u00f6\u011frenmenin en etkili yolu<\/p>\r\n    <a class=\"promotionalLink\" href=\"https:\/\/app.talkpal.ai\/tr\/signup?lng=\">Talkpal \u00fccretsiz deneyin<\/a>\r\n<\/section>\n<div class=\"wp-block-group pageContainerStyle\"><div class=\"wp-block-group__inner-container is-layout-constrained wp-block-group-is-layout-constrained\">\n<h2 class=\"wp-block-heading\" id=\"h-delving-into-the-depths-of-danish-grammar-unraveling-its-idiosyncrasies-and-charm\">Danca Dilbilgisinin Derinliklerine Girmek: Kendine Has \u00d6zelliklerini ve \u00c7ekicili\u011fini \u00c7\u00f6zmek<\/h2>\n\n\n\n<p>\u0130ngilizce gramer \u00f6\u011frenmenin \u00e7ok say\u0131da kural, istisna ve karma\u015f\u0131k terminoloji ile zorlu bir sava\u015f gibi g\u00f6r\u00fcnd\u00fc\u011f\u00fc zaman\u0131 hat\u0131rl\u0131yor musunuz? E\u011fer \u015fimdi g\u00f6z\u00fcn\u00fcz\u00fc Danca dilini \u00f6\u011frenmeye diktiyseniz, kendinizi Danca dilbilgisinin karma\u015f\u0131kl\u0131klar\u0131 ve zevkleri aras\u0131nda ba\u015fka bir b\u00fcy\u00fcleyici yolculu\u011fa haz\u0131rlay\u0131n.<\/p>\n\n\n\n<p>Bir Kuzey Cermen dili olan Danca, Norve\u00e7\u00e7e ve \u0130sve\u00e7\u00e7e gibi dillerle benzerlikler payla\u015f\u0131r. Bununla birlikte, onu derinlemesine ke\u015ffetmeye de\u011fer bir m\u00fccevher yapan kendine \u00f6zg\u00fc \u00f6zellikleri vard\u0131r. Her seferinde bir kural olmak \u00fczere, Danca dilbilgisinin harikalar\u0131n\u0131 \u00e7\u00f6zerek ba\u015flayal\u0131m.<\/p>\n\n\n\n<p><strong>Danca dilbilgisinin \u00e7arp\u0131c\u0131 bir \u00f6zelli\u011fi<\/strong> , kelime s\u0131ras\u0131 s\u00f6z konusu oldu\u011funda basitli\u011fidir. Danca, \u0130ngilizce gibi \u00f6zne-fiil-nesne (SVO) yap\u0131s\u0131n\u0131 takip eder ve \u0130ngilizce konu\u015fanlar\u0131n anlamas\u0131n\u0131 nispeten kolayla\u015ft\u0131r\u0131r. Bununla birlikte, bir b\u00fck\u00fclme var &#8211; ana c\u00fcmlelerde V2 kelime s\u0131ras\u0131n\u0131n kullan\u0131lmas\u0131, bu da fiilin her zaman ikinci unsur olmas\u0131 gerekti\u011fi anlam\u0131na gelir. Bu kural, Danimarka diline benzersiz bir dokunu\u015f katar.<\/p>\n\n\n\n<p>Danca dilbilgisinin bir ba\u015fka sevimli y\u00f6n\u00fc de <strong>iki cinsiyetli sistemidir<\/strong>. Frans\u0131zca veya \u0130spanyolca gibi baz\u0131 diller eril ve di\u015fil i\u00e7in ayr\u0131 cinsiyetlerden olu\u015furken, Danca bunu iki ana cinsiyet kullanarak basitle\u015ftirir: ortak ve n\u00f6tr. Danca&#8217;da isimlerin \u00e7o\u011fu &#8220;ortak&#8221; kategorisine girer, bu da s\u0131fatlar ve artikellerle cinsiyet uyumunu kavramay\u0131 nispeten kolayla\u015ft\u0131r\u0131r.<\/p>\n\n\n\n<p><strong>Fiil \u00e7ekimi<\/strong> alan\u0131na dal\u0131n ve Danca&#8217;n\u0131n basitlik a\u00e7\u0131s\u0131ndan di\u011fer dilleri g\u00f6lgede b\u0131rakt\u0131\u011f\u0131n\u0131 g\u00f6receksiniz. Danca fiiller konuya g\u00f6re de\u011fi\u015fmez, bu da farkl\u0131 bi\u00e7imleri ezberlemeyi ve anlamay\u0131 \u00e7ocuk oyunca\u011f\u0131 haline getirir. D\u00fczenli fiiller \u00f6ng\u00f6r\u00fclebilir kal\u0131plar\u0131 takip eder ve d\u00fczensiz fiiller bile d\u00fczensizlikleri \u00e7ok ince oldu\u011fu i\u00e7in \u00e7ok az zorluk \u00e7\u0131kar\u0131r.<\/p>\n\n\n\n<p>Danca dilbilgisi <strong>, belirsiz, artikel ve g\u00f6sterici kullan\u0131m\u0131yla<\/strong> benzersiz bir \u00f6zellik sunar. Belirsiz artikel \u0130ngilizce&#8217;de &#8220;a&#8221; veya &#8220;an&#8221; ile e\u015fde\u011ferdir ve Danca&#8217;da ortak cinsiyet i\u00e7in &#8220;en&#8221; veya n\u00f6tr isimler i\u00e7in &#8220;et&#8221; olabilir. Belirli artikel, \u0130ngilizcedeki &#8220;the&#8221; kelimesine benzer \u015fekilde, ismin sonuna eklenir ve birle\u015ferek tek bir kelime haline gelir. Belirli isimleri g\u00f6steren g\u00f6stericiler, ismin cinsiyetine g\u00f6re de de\u011fi\u015fir ve bir \u00f6zg\u00fcll\u00fck ve \u00e7ekicilik d\u00fczeyi ekler.<\/p>\n\n\n\n<p>Kendine \u00f6zg\u00fc sesli harfleri ve yumu\u015fat\u0131lm\u0131\u015f sessiz harfleriyle a\u015final\u0131k gerektiren <strong>Danca telaffuzunun<\/strong> g\u00fczelli\u011fini de unutmayal\u0131m. St\u00f8d (glottal durak) kullan\u0131m\u0131, onu di\u011fer Cermen dillerinden daha da ay\u0131rarak Danca&#8217;ya benzersiz sesini ve cazibesini verir.<\/p>\n\n\n\n<p>Kendinizi Danca gramerine kapt\u0131rarak sadece yeni bir dil \u00f6\u011frenmekle kalmayacak, ayn\u0131 zamanda Danimarka ve halk\u0131 hakk\u0131ndaki k\u00fclt\u00fcrel bilgi ve anlay\u0131\u015f\u0131n\u0131z\u0131 da zenginle\u015ftireceksiniz. Zaman zaman zorlay\u0131c\u0131 olsa da, Danca dilbilgisi, onu ke\u015ffedilmesi kar\u015f\u0131 konulmaz bir dil haline getiren say\u0131s\u0131z cazibe ve kendine \u00f6zg\u00fc \u00f6zelliklere kap\u0131 a\u00e7an benzersiz bir \u00f6\u011frenme deneyimi sunar. \u00d6yleyse, dil kitaplar\u0131n\u0131z\u0131 al\u0131n ve her f\u0131rsatta sizi b\u00fcy\u00fclemeyi ve ilham vermeyi vaat eden bir Danca dilbilgisi maceras\u0131na at\u0131l\u0131n!<\/p>\n<\/div><\/div>\n\r\n<section class=\"learnNavigationSection\">\r\n            \r\n        <a href=\"https:\/\/talkpal.ai\/tr\/danca-ogren\/\">\r\n            <div class=\"learnNavigationWrapper\">\r\n                <div class=\"learnNavigationContent\">\r\n                    <img decoding=\"async\" src=\"https:\/\/talkpal.ai\/wp-content\/uploads\/2024\/08\/Danish.jpg\" alt=\"Danish Flag\">\r\n                    <div>\r\n                        <h4>Danish Learning Hakk\u0131nda<\/h4>\r\n                        <p>Danca dilbilgisi hakk\u0131nda her \u015feyi \u00f6\u011frenin .<\/p>\r\n                    <\/div>\r\n                <\/div>\r\n            <\/div>\r\n        <\/a>\r\n\r\n        \r\n        <a href=\"https:\/\/talkpal.ai\/tr\/danca-dilbilgisi-alistirmalari\/\">\r\n            <div class=\"learnNavigationWrapper\">\r\n                <div class=\"learnNavigationContent\">\r\n                    <img decoding=\"async\" src=\"https:\/\/talkpal.ai\/wp-content\/uploads\/2024\/08\/Danish.jpg\" alt=\"Danish Flag\">\r\n                    <div>\r\n                        <h4>Danca Dilbilgisi Al\u0131\u015ft\u0131rmas\u0131<\/h4>\r\n                        <p>Danca dilbilgisi prati\u011fi yap\u0131n .<\/p>\r\n                    <\/div>\r\n                <\/div>\r\n            <\/div>\r\n        <\/a>\r\n\r\n        \r\n        <a href=\"https:\/\/talkpal.ai\/vocabulary_language\/danish\/\">\r\n            <div class=\"learnNavigationWrapper\">\r\n                <div class=\"learnNavigationContent\">\r\n                    <img decoding=\"async\" src=\"https:\/\/talkpal.ai\/wp-content\/uploads\/2024\/08\/Danish.jpg\" alt=\"Danish Flag\">\r\n                    <div>\r\n                        <h4>Danca S\u00f6zc\u00fck Da\u011farc\u0131\u011f\u0131<\/h4>\r\n                        <p>Danca kelime da\u011farc\u0131\u011f\u0131n\u0131z\u0131 geni\u015fletin.<\/p>\r\n                    <\/div>\r\n                <\/div>\r\n            <\/div>\r\n        <\/a>\r\n\r\n            <\/section>","protected":false},"excerpt":{"rendered":"<p>Danca Dilbilgisinin Derinliklerine Girmek: Kendine Has \u00d6zelliklerini ve \u00c7ekicili\u011fini \u00c7\u00f6zmek \u0130ngilizce gramer \u00f6\u011frenmenin \u00e7ok say\u0131da kural, istisna ve karma\u015f\u0131k terminoloji ile zorlu bir sava\u015f gibi g\u00f6r\u00fcnd\u00fc\u011f\u00fc zaman\u0131 hat\u0131rl\u0131yor musunuz? E\u011fer \u015fimdi g\u00f6z\u00fcn\u00fcz\u00fc Danca dilini \u00f6\u011frenmeye diktiyseniz, kendinizi Danca dilbilgisinin karma\u015f\u0131kl\u0131klar\u0131 ve zevkleri aras\u0131nda ba\u015fka bir b\u00fcy\u00fcleyici yolculu\u011fa haz\u0131rlay\u0131n. Bir Kuzey Cermen dili olan Danca, Norve\u00e7\u00e7e [&hellip;]<\/p>\n","protected":false},"author":1,"featured_media":111037,"parent":0,"menu_order":0,"comment_status":"closed","ping_status":"closed","template":"LearningContentPage.php","meta":{"_acf_changed":false,"footnotes":""},"class_list":["post-143550","page","type-page","status-publish","has-post-thumbnail","hentry"],"acf":[],"yoast_head":"<!-- This site is optimized with the Yoast SEO Premium plugin v27.2 (Yoast SEO v27.2) - https:\/\/yoast.com\/product\/yoast-seo-premium-wordpress\/ -->\n<title>Danca Dilbilgisi - Talkpal<\/title>\n<meta name=\"description\" content=\"Danca dilbilgisinin inceliklerini ke\u015ffedin ve kendine \u00f6zg\u00fc kurallar\u0131n\u0131 ve \u00f6zelliklerini ke\u015ffedin. Dilde zahmetsizce gezinmeyi \u00f6\u011frenin.\" \/>\n<meta name=\"robots\" content=\"index, follow, max-snippet:-1, max-image-preview:large, max-video-preview:-1\" \/>\n<link rel=\"canonical\" href=\"https:\/\/talkpal.ai\/tr\/danca-dilbilgisi\/\" \/>\n<meta property=\"og:locale\" content=\"tr_TR\" \/>\n<meta property=\"og:type\" content=\"article\" \/>\n<meta property=\"og:title\" content=\"Danca Dilbilgisi\" \/>\n<meta property=\"og:description\" content=\"Danca Dilbilgisinin Derinliklerine Girmek: Kendine Has \u00d6zelliklerini ve \u00c7ekicili\u011fini \u00c7\u00f6zmek \u0130ngilizce gramer \u00f6\u011frenmenin \u00e7ok say\u0131da kural, istisna ve\" \/>\n<meta property=\"og:url\" content=\"https:\/\/talkpal.ai\/tr\/danca-dilbilgisi\/\" \/>\n<meta property=\"og:site_name\" content=\"Talkpal\" \/>\n<meta property=\"article:publisher\" content=\"https:\/\/www.facebook.com\/profile.php?id=100090733639311\" \/>\n<meta property=\"article:modified_time\" content=\"2025-12-13T15:24:47+00:00\" \/>\n<meta property=\"og:image\" content=\"https:\/\/talkpal.ai\/wp-content\/uploads\/2023\/05\/denmark.png\" \/>\n\t<meta property=\"og:image:width\" content=\"512\" \/>\n\t<meta property=\"og:image:height\" content=\"512\" \/>\n\t<meta property=\"og:image:type\" content=\"image\/png\" \/>\n<meta name=\"twitter:card\" content=\"summary_large_image\" \/>\n<meta name=\"twitter:site\" content=\"@talkpalai\" \/>\n<meta name=\"twitter:label1\" content=\"Tahmini okuma s\u00fcresi\" \/>\n\t<meta name=\"twitter:data1\" content=\"3 dakika\" \/>\n<script type=\"application\/ld+json\" class=\"yoast-schema-graph\">{\"@context\":\"https:\/\/schema.org\",\"@graph\":[{\"@type\":\"WebPage\",\"@id\":\"https:\/\/talkpal.ai\/tr\/danca-dilbilgisi\/\",\"url\":\"https:\/\/talkpal.ai\/tr\/danca-dilbilgisi\/\",\"name\":\"Danca Dilbilgisi - Talkpal\",\"isPartOf\":{\"@id\":\"https:\/\/talkpal.ai\/tr\/#website\"},\"primaryImageOfPage\":{\"@id\":\"https:\/\/talkpal.ai\/tr\/danca-dilbilgisi\/#primaryimage\"},\"image\":{\"@id\":\"https:\/\/talkpal.ai\/tr\/danca-dilbilgisi\/#primaryimage\"},\"thumbnailUrl\":\"https:\/\/talkpal.ai\/wp-content\/uploads\/2023\/05\/denmark.png\",\"datePublished\":\"2023-05-14T14:03:23+00:00\",\"dateModified\":\"2025-12-13T15:24:47+00:00\",\"description\":\"Danca dilbilgisinin inceliklerini ke\u015ffedin ve kendine \u00f6zg\u00fc kurallar\u0131n\u0131 ve \u00f6zelliklerini ke\u015ffedin. Dilde zahmetsizce gezinmeyi \u00f6\u011frenin.\",\"breadcrumb\":{\"@id\":\"https:\/\/talkpal.ai\/tr\/danca-dilbilgisi\/#breadcrumb\"},\"inLanguage\":\"tr\",\"potentialAction\":[{\"@type\":\"ReadAction\",\"target\":[\"https:\/\/talkpal.ai\/tr\/danca-dilbilgisi\/\"]}]},{\"@type\":\"ImageObject\",\"inLanguage\":\"tr\",\"@id\":\"https:\/\/talkpal.ai\/tr\/danca-dilbilgisi\/#primaryimage\",\"url\":\"https:\/\/talkpal.ai\/wp-content\/uploads\/2023\/05\/denmark.png\",\"contentUrl\":\"https:\/\/talkpal.ai\/wp-content\/uploads\/2023\/05\/denmark.png\",\"width\":512,\"height\":512},{\"@type\":\"BreadcrumbList\",\"@id\":\"https:\/\/talkpal.ai\/tr\/danca-dilbilgisi\/#breadcrumb\",\"itemListElement\":[{\"@type\":\"ListItem\",\"position\":1,\"name\":\"Homepage\",\"item\":\"https:\/\/talkpal.ai\/tr\/\"},{\"@type\":\"ListItem\",\"position\":2,\"name\":\"Danca Dilbilgisi\"}]},{\"@type\":\"WebSite\",\"@id\":\"https:\/\/talkpal.ai\/tr\/#website\",\"url\":\"https:\/\/talkpal.ai\/tr\/\",\"name\":\"Talkpal\",\"description\":\"AI Language Learning\",\"publisher\":{\"@id\":\"https:\/\/talkpal.ai\/tr\/#organization\"},\"alternateName\":\"Talkpal AI\",\"potentialAction\":[{\"@type\":\"SearchAction\",\"target\":{\"@type\":\"EntryPoint\",\"urlTemplate\":\"https:\/\/talkpal.ai\/tr\/?s={search_term_string}\"},\"query-input\":{\"@type\":\"PropertyValueSpecification\",\"valueRequired\":true,\"valueName\":\"search_term_string\"}}],\"inLanguage\":\"tr\"},{\"@type\":\"Organization\",\"@id\":\"https:\/\/talkpal.ai\/tr\/#organization\",\"name\":\"Talkpal, Inc.\",\"alternateName\":\"Talkpal AI\",\"url\":\"https:\/\/talkpal.ai\/tr\/\",\"logo\":{\"@type\":\"ImageObject\",\"inLanguage\":\"tr\",\"@id\":\"https:\/\/talkpal.ai\/tr\/#\/schema\/logo\/image\/\",\"url\":\"https:\/\/talkpal.ai\/wp-content\/uploads\/2024\/03\/Talkpal-Logo-Icon.png\",\"contentUrl\":\"https:\/\/talkpal.ai\/wp-content\/uploads\/2024\/03\/Talkpal-Logo-Icon.png\",\"width\":2880,\"height\":2880,\"caption\":\"Talkpal, Inc.\"},\"image\":{\"@id\":\"https:\/\/talkpal.ai\/tr\/#\/schema\/logo\/image\/\"},\"sameAs\":[\"https:\/\/www.facebook.com\/profile.php?id=100090733639311\",\"https:\/\/x.com\/talkpalai\",\"https:\/\/www.linkedin.com\/company\/talkpal\/\",\"https:\/\/www.youtube.com\/@TalkPal\/\",\"https:\/\/www.tiktok.com\/@talkpal\",\"https:\/\/www.instagram.com\/talkpal_ai\/\",\"https:\/\/www.crunchbase.com\/organization\/talkpal-9cde\",\"https:\/\/www.g2.com\/products\/talkpal-for-business\/\",\"https:\/\/www.trustpilot.com\/review\/talkpal.ai\",\"https:\/\/www.capterra.com\/p\/10006800\/TalkPal\/\"],\"description\":\"Talkpal is a language learning web and mobile education app, powered by the latest AI technologies, that provides engaging experiences to its customers in many different languages to help them improve their language skills. Users can chat about unlimited amount of topics with the app and use other modes to practice their language learning.\",\"email\":\"support@talkpal.ai\",\"legalName\":\"Talkpal, Inc.\",\"foundingDate\":\"2023-04-03\",\"duns\":\"118989042\",\"numberOfEmployees\":{\"@type\":\"QuantitativeValue\",\"minValue\":\"11\",\"maxValue\":\"50\"},\"publishingPrinciples\":\"https:\/\/talkpal.ai\/publishing-principles\/\",\"actionableFeedbackPolicy\":\"https:\/\/talkpal.ai\/actionable-feedback-policy\/\",\"correctionsPolicy\":\"https:\/\/talkpal.ai\/corrections-policy\/\",\"ethicsPolicy\":\"https:\/\/talkpal.ai\/ethics-policy\/\",\"diversityPolicy\":\"https:\/\/talkpal.ai\/diversity-policy\/\",\"diversityStaffingReport\":\"https:\/\/talkpal.ai\/diversity-policy\/\"}]}<\/script>\n<!-- \/ Yoast SEO Premium plugin. -->","yoast_head_json":{"title":"Danca Dilbilgisi - Talkpal","description":"Danca dilbilgisinin inceliklerini ke\u015ffedin ve kendine \u00f6zg\u00fc kurallar\u0131n\u0131 ve \u00f6zelliklerini ke\u015ffedin. Dilde zahmetsizce gezinmeyi \u00f6\u011frenin.","robots":{"index":"index","follow":"follow","max-snippet":"max-snippet:-1","max-image-preview":"max-image-preview:large","max-video-preview":"max-video-preview:-1"},"canonical":"https:\/\/talkpal.ai\/tr\/danca-dilbilgisi\/","og_locale":"tr_TR","og_type":"article","og_title":"Danca Dilbilgisi","og_description":"Danca Dilbilgisinin Derinliklerine Girmek: Kendine Has \u00d6zelliklerini ve \u00c7ekicili\u011fini \u00c7\u00f6zmek \u0130ngilizce gramer \u00f6\u011frenmenin \u00e7ok say\u0131da kural, istisna ve","og_url":"https:\/\/talkpal.ai\/tr\/danca-dilbilgisi\/","og_site_name":"Talkpal","article_publisher":"https:\/\/www.facebook.com\/profile.php?id=100090733639311","article_modified_time":"2025-12-13T15:24:47+00:00","og_image":[{"width":512,"height":512,"url":"https:\/\/talkpal.ai\/wp-content\/uploads\/2023\/05\/denmark.png","type":"image\/png"}],"twitter_card":"summary_large_image","twitter_site":"@talkpalai","twitter_misc":{"Tahmini okuma s\u00fcresi":"3 dakika"},"schema":{"@context":"https:\/\/schema.org","@graph":[{"@type":"WebPage","@id":"https:\/\/talkpal.ai\/tr\/danca-dilbilgisi\/","url":"https:\/\/talkpal.ai\/tr\/danca-dilbilgisi\/","name":"Danca Dilbilgisi - Talkpal","isPartOf":{"@id":"https:\/\/talkpal.ai\/tr\/#website"},"primaryImageOfPage":{"@id":"https:\/\/talkpal.ai\/tr\/danca-dilbilgisi\/#primaryimage"},"image":{"@id":"https:\/\/talkpal.ai\/tr\/danca-dilbilgisi\/#primaryimage"},"thumbnailUrl":"https:\/\/talkpal.ai\/wp-content\/uploads\/2023\/05\/denmark.png","datePublished":"2023-05-14T14:03:23+00:00","dateModified":"2025-12-13T15:24:47+00:00","description":"Danca dilbilgisinin inceliklerini ke\u015ffedin ve kendine \u00f6zg\u00fc kurallar\u0131n\u0131 ve \u00f6zelliklerini ke\u015ffedin. Dilde zahmetsizce gezinmeyi \u00f6\u011frenin.","breadcrumb":{"@id":"https:\/\/talkpal.ai\/tr\/danca-dilbilgisi\/#breadcrumb"},"inLanguage":"tr","potentialAction":[{"@type":"ReadAction","target":["https:\/\/talkpal.ai\/tr\/danca-dilbilgisi\/"]}]},{"@type":"ImageObject","inLanguage":"tr","@id":"https:\/\/talkpal.ai\/tr\/danca-dilbilgisi\/#primaryimage","url":"https:\/\/talkpal.ai\/wp-content\/uploads\/2023\/05\/denmark.png","contentUrl":"https:\/\/talkpal.ai\/wp-content\/uploads\/2023\/05\/denmark.png","width":512,"height":512},{"@type":"BreadcrumbList","@id":"https:\/\/talkpal.ai\/tr\/danca-dilbilgisi\/#breadcrumb","itemListElement":[{"@type":"ListItem","position":1,"name":"Homepage","item":"https:\/\/talkpal.ai\/tr\/"},{"@type":"ListItem","position":2,"name":"Danca Dilbilgisi"}]},{"@type":"WebSite","@id":"https:\/\/talkpal.ai\/tr\/#website","url":"https:\/\/talkpal.ai\/tr\/","name":"Talkpal","description":"AI Language Learning","publisher":{"@id":"https:\/\/talkpal.ai\/tr\/#organization"},"alternateName":"Talkpal AI","potentialAction":[{"@type":"SearchAction","target":{"@type":"EntryPoint","urlTemplate":"https:\/\/talkpal.ai\/tr\/?s={search_term_string}"},"query-input":{"@type":"PropertyValueSpecification","valueRequired":true,"valueName":"search_term_string"}}],"inLanguage":"tr"},{"@type":"Organization","@id":"https:\/\/talkpal.ai\/tr\/#organization","name":"Talkpal, Inc.","alternateName":"Talkpal AI","url":"https:\/\/talkpal.ai\/tr\/","logo":{"@type":"ImageObject","inLanguage":"tr","@id":"https:\/\/talkpal.ai\/tr\/#\/schema\/logo\/image\/","url":"https:\/\/talkpal.ai\/wp-content\/uploads\/2024\/03\/Talkpal-Logo-Icon.png","contentUrl":"https:\/\/talkpal.ai\/wp-content\/uploads\/2024\/03\/Talkpal-Logo-Icon.png","width":2880,"height":2880,"caption":"Talkpal, Inc."},"image":{"@id":"https:\/\/talkpal.ai\/tr\/#\/schema\/logo\/image\/"},"sameAs":["https:\/\/www.facebook.com\/profile.php?id=100090733639311","https:\/\/x.com\/talkpalai","https:\/\/www.linkedin.com\/company\/talkpal\/","https:\/\/www.youtube.com\/@TalkPal\/","https:\/\/www.tiktok.com\/@talkpal","https:\/\/www.instagram.com\/talkpal_ai\/","https:\/\/www.crunchbase.com\/organization\/talkpal-9cde","https:\/\/www.g2.com\/products\/talkpal-for-business\/","https:\/\/www.trustpilot.com\/review\/talkpal.ai","https:\/\/www.capterra.com\/p\/10006800\/TalkPal\/"],"description":"Talkpal is a language learning web and mobile education app, powered by the latest AI technologies, that provides engaging experiences to its customers in many different languages to help them improve their language skills. Users can chat about unlimited amount of topics with the app and use other modes to practice their language learning.","email":"support@talkpal.ai","legalName":"Talkpal, Inc.","foundingDate":"2023-04-03","duns":"118989042","numberOfEmployees":{"@type":"QuantitativeValue","minValue":"11","maxValue":"50"},"publishingPrinciples":"https:\/\/talkpal.ai\/publishing-principles\/","actionableFeedbackPolicy":"https:\/\/talkpal.ai\/actionable-feedback-policy\/","correctionsPolicy":"https:\/\/talkpal.ai\/corrections-policy\/","ethicsPolicy":"https:\/\/talkpal.ai\/ethics-policy\/","diversityPolicy":"https:\/\/talkpal.ai\/diversity-policy\/","diversityStaffingReport":"https:\/\/talkpal.ai\/diversity-policy\/"}]}},"_links":{"self":[{"href":"https:\/\/talkpal.ai\/tr\/wp-json\/wp\/v2\/pages\/143550","targetHints":{"allow":["GET"]}}],"collection":[{"href":"https:\/\/talkpal.ai\/tr\/wp-json\/wp\/v2\/pages"}],"about":[{"href":"https:\/\/talkpal.ai\/tr\/wp-json\/wp\/v2\/types\/page"}],"author":[{"embeddable":true,"href":"https:\/\/talkpal.ai\/tr\/wp-json\/wp\/v2\/users\/1"}],"replies":[{"embeddable":true,"href":"https:\/\/talkpal.ai\/tr\/wp-json\/wp\/v2\/comments?post=143550"}],"version-history":[{"count":0,"href":"https:\/\/talkpal.ai\/tr\/wp-json\/wp\/v2\/pages\/143550\/revisions"}],"wp:featuredmedia":[{"embeddable":true,"href":"https:\/\/talkpal.ai\/tr\/wp-json\/wp\/v2\/media\/111037"}],"wp:attachment":[{"href":"https:\/\/talkpal.ai\/tr\/wp-json\/wp\/v2\/media?parent=143550"}],"curies":[{"name":"wp","href":"https:\/\/api.w.org\/{rel}","templated":true}]}}