{"id":143223,"date":"2023-05-14T14:03:07","date_gmt":"2023-05-14T14:03:07","guid":{"rendered":"http:\/\/talkpal.ai\/cekce-dilbilgisi\/"},"modified":"2025-12-13T15:21:33","modified_gmt":"2025-12-13T15:21:33","slug":"cekce-dilbilgisi","status":"publish","type":"page","link":"https:\/\/talkpal.ai\/tr\/cekce-dilbilgisi\/","title":{"rendered":"\u00c7ek\u00e7e Dilbilgisi"},"content":{"rendered":"\r\n\r\n\r\n<section class=\"languageChallengeSection\">\r\n    <div class=\"languageInfoWrapper\">\r\n        \r\n        <h1>\u00c7ek\u00e7e Dilbilgisi<\/h1>\r\n        <p>\u00c7ek\u00e7e dilbilgisinin inceliklerini ke\u015ffedin ve bu Orta Avrupa dilini anlaman\u0131n kap\u0131s\u0131n\u0131 aralay\u0131n. Temel kurallara ve kal\u0131plara hakim olarak daha etkili ileti\u015fim kuracak ve <a href=\"https:\/\/talkpal.ai\/learn-czech\/\">\u00c7ek<\/a> k\u00fclt\u00fcr\u00fc hakk\u0131nda daha derinlemesine bilgi sahibi olacaks\u0131n\u0131z. <a href=\"https:\/\/talkpal.ai\/czech-grammar\/\">\u00c7ek\u00e7e dilbilgisi<\/a> \u00f6\u011frenmeye bug\u00fcn ba\u015flay\u0131n ve ak\u0131c\u0131 konu\u015fmaya do\u011fru ilk ad\u0131m\u0131n\u0131z\u0131 at\u0131n!<\/p>\r\n\r\n                            <a class=\"getStartedHidden\" href=\"https:\/\/app.talkpal.ai\/tr\/signup?lng=\">Hadi ba\u015fla<\/a>\r\n        \r\n    <\/div>\r\n\r\n    <figure>\r\n    <img decoding=\"async\" width=\"768\" height=\"768\" src=\"https:\/\/talkpal.ai\/wp-content\/uploads\/2023\/06\/Czech-768x768.png\" class=\"languageImage no-lazy\" alt=\"Language learning for intellectual development\" fetchpriority=\"high\" sizes=\"(max-width: 768px) 150px, 768px\" srcset=\"https:\/\/talkpal.ai\/wp-content\/uploads\/2023\/06\/Czech-768x768.png 768w, https:\/\/talkpal.ai\/wp-content\/uploads\/2023\/06\/Czech-300x300.png 300w\" \/>\r\n    \r\n\r\n    <\/figure>\r\n\r\n            <a class=\"getStartedVisible\" href=\"https:\/\/app.talkpal.ai\/tr\/signup?lng=\">Hadi ba\u015fla<\/a>\r\n    \r\n<\/section>\r\n<section class=\"promotionalBanner\">\r\n    <p class=\"promotionalText\">Dil \u00f6\u011frenmenin en etkili yolu<\/p>\r\n    <a class=\"promotionalLink\" href=\"https:\/\/app.talkpal.ai\/tr\/signup?lng=\">Talkpal \u00fccretsiz deneyin<\/a>\r\n<\/section>\n<div class=\"wp-block-group pageContainerStyle\"><div class=\"wp-block-group__inner-container is-layout-constrained wp-block-group-is-layout-constrained\">\n<h2 class=\"wp-block-heading\" id=\"h-czech-grammar-making-sense-of-the-czech-language-s-unique-structure\">\u00c7ek\u00e7e Dilbilgisi: \u00c7ek Dilinin E\u015fsiz Yap\u0131s\u0131n\u0131 Anlamland\u0131rmak<\/h2>\n\n\n\n<p>Daha \u00f6nce \u00c7ek\u00e7e \u00f6\u011frenmeye \u00e7al\u0131\u015ft\u0131ysan\u0131z &#8211; hatta sadece bir \u00c7ek\u00e7e makale veya kitab\u0131 incelediyseniz &#8211; muhtemelen dilbilgisinin olduk\u00e7a zorlay\u0131c\u0131 olabilece\u011fini fark etmi\u015fsinizdir. Yayg\u0131n olarak en karma\u015f\u0131k dil sistemlerinden biri olarak kabul edilen <a href=\"https:\/\/talkpal.ai\/czech-grammar\/\">\u00c7ek\u00e7e dilbilgisi<\/a>, bir\u00e7ok yabanc\u0131 \u00f6\u011frencinin kafas\u0131n\u0131 kar\u0131\u015ft\u0131rd\u0131. <a href=\"https:\/\/talkpal.ai\/locations\/language-courses-in-ama\/\">Ama<\/a> bunun g\u00f6z\u00fcn\u00fcz\u00fc korkutmas\u0131na izin vermeyin! \u00c7ek dilbilgisinin \u00f6zellikleri, onu b\u00fcy\u00fcleyici ve benzersiz k\u0131lan \u015feydir. Bu makalede, \u00c7ek\u00e7e dilbilgisinin birka\u00e7 temel unsurunu konu\u015fmaya dayal\u0131 bir \u015fekilde a\u00e7\u0131klayarak bu g\u00fczel dili daha derinlemesine anlaman\u0131za yard\u0131mc\u0131 olaca\u011f\u0131z.<\/p>\n\n\n\n<h3 class=\"wp-block-heading\" id=\"h-1-nouns-declensions-and-cases-galore\">1. \u0130simler \u2013 \u00c7ekimler ve Vakalar Bolca!<\/h3>\n\n\n\n<p>\u00c7ek dilbilgisi hakk\u0131nda fark edece\u011finiz ilk \u015feylerden biri isim \u00e7ekimleridir. Bir \u00e7ekim, benzer gramer \u00f6zelliklerine sahip bir grup isimdir ve \u00c7ek\u00e7e&#8217;de 14&#8217;e kadar farkl\u0131 \u00e7ekim vard\u0131r. Bu nas\u0131l bir \u00e7e\u015fitlilik? Her \u00e7ekim, tekil ve \u00e7o\u011ful isim formlar\u0131n\u0131 temsil etmek i\u00e7in belirli bir desene sahiptir.<\/p>\n\n\n\n<p>\u00c7ek\u00e7e isimlerin de yedi farkl\u0131 durumu vard\u0131r: nominatif, genitive, dative, accusative, vocative, locative ve instrumental. B\u00f6yle bir say\u0131 \u00fcrk\u00fct\u00fcc\u00fc g\u00f6r\u00fcnse de, bu vakalar hakk\u0131nda bilgi edinmek \u00e7ok \u00f6nemlidir \u00e7\u00fcnk\u00fc anlam aktarmada \u00e7ok \u00f6nemlidirler. \u00d6rne\u011fin, \u00c7ek\u00e7e&#8217;de kelime s\u0131ras\u0131 \u0130ngilizce&#8217;de oldu\u011fu kadar kritik de\u011fildir &#8211; kelimeler aras\u0131ndaki ili\u015fkileri g\u00f6steren durumlard\u0131r.<\/p>\n\n\n\n<h3 class=\"wp-block-heading\" id=\"h-2-adjectives-agreeing-with-nouns\">2. S\u0131fatlar \u2013 \u0130simlerle Anla\u015fmak<\/h3>\n\n\n\n<p>\u00c7ek s\u0131fatlar\u0131n\u0131n \u00f6zel bir g\u00f6revi vard\u0131r: cinsiyet, say\u0131 ve durum bak\u0131m\u0131ndan de\u011fi\u015ftirdikleri isimlerle ayn\u0131 fikirde olmal\u0131d\u0131rlar. Bunu, bir yar\u0131n\u0131n di\u011ferini tamamlamak i\u00e7in zarif bir \u015fekilde ayarland\u0131\u011f\u0131 dinamik bir ikili, gramer tangosu olarak d\u00fc\u015f\u00fcn\u00fcn. Bu anla\u015fma c\u00fcmlelerde uyum yaratmaya yard\u0131mc\u0131 olur ve anla\u015f\u0131l\u0131rl\u0131\u011f\u0131 art\u0131r\u0131r.<\/p>\n\n\n\n<p>\u00d6rne\u011fin, \u00c7ek\u00e7e&#8217;de &#8220;g\u00fczel&#8221; kelimesinin kar\u015f\u0131l\u0131\u011f\u0131 &#8220;kr\u00e1sn\u00fd &#8220;dir. Eril olan g\u00fczel bir evi (d\u016fm) tarif ediyorsan\u0131z, &#8220;kr\u00e1sn\u00fd d\u016fm&#8221; kullan\u0131rs\u0131n\u0131z. Di\u015fil olan g\u00fczel bir k\u0131z (d\u00edvka) i\u00e7in &#8220;kr\u00e1sn\u00e1 d\u00edvka&#8221; olur. Ve n\u00f6tr olan g\u00fczel bir g\u00fcn (den) i\u00e7in &#8220;kr\u00e1sn\u00fd den&#8221; diyeceksiniz. S\u0131fat\u0131n isimle birlikte nas\u0131l dans etti\u011fini g\u00f6rd\u00fcn\u00fcz m\u00fc?<\/p>\n\n\n\n<h3 class=\"wp-block-heading\" id=\"h-3-verbs-the-art-of-conjugation\">3. Fiiller \u2013 Fiil \u00c7ekimi Sanat\u0131<\/h3>\n\n\n\n<p>\u00c7ek\u00e7e&#8217;de fiil \u00e7ekimi sanat\u0131 \u2013 yani fiil bi\u00e7imlerini zaman, ruh hali ve ki\u015fiye g\u00f6re de\u011fi\u015ftirmek \u2013 kendi ba\u015f\u0131na bir hayat s\u00fcrer. \u00c7ek\u00e7e fiiller iki kategoriye ayr\u0131l\u0131r: m\u00fckemmel ve kusurlu. M\u00fckemmel fiiller bir eylemin tamamland\u0131\u011f\u0131n\u0131 g\u00f6sterirken, kusurlu fiiller devam eden veya al\u0131\u015f\u0131lm\u0131\u015f eylemleri g\u00f6sterir.  <\/p>\n\n\n\n<p>\u00c7ek\u00e7e dilbilgisi, fiiller s\u00f6z konusu oldu\u011funda baz\u0131 heyecan verici tuhafl\u0131klara sahiptir. \u00d6rne\u011fin, gelecek zaman kipi yaln\u0131zca kusurlu fiiller i\u00e7in d\u00fczenli olarak olu\u015fturulur. M\u00fckemmel fiiller i\u00e7in, \u015fimdiki zamanla birle\u015fir! Ayr\u0131ca, belirli bir pasif sese sahip olmak yerine, \u00c7ek\u00e7e yard\u0131mc\u0131 fiilleri kullanarak pasif yap\u0131lar i\u00e7erir. \u00c7ek\u00e7e&#8217;nin d\u00f6n\u00fc\u015fl\u00fc fiillerini de unutmayal\u0131m; eylemler \u00f6zneye geri d\u00f6ner ve bu ilgi \u00e7ekici dile ba\u015fka bir n\u00fcans katman\u0131 ekler.<\/p>\n\n\n\n<h3 class=\"wp-block-heading\" id=\"h-4-pronouns-the-mirror-of-linguistic-diversity\">4. Zamirler: Dilsel \u00c7e\u015fitlili\u011fin Aynas\u0131<\/h3>\n\n\n\n<p>\u00c7ek dilbilgisindeki zamirler &#8211; ki\u015fi, iyelik, i\u015faret, soru ve ilgi zamirlerinden bahsediyoruz &#8211; hepsi konu\u015fman\u0131n di\u011fer b\u00f6l\u00fcmleriyle ayn\u0131 \u00e7e\u015fitlili\u011fi g\u00f6sterir. Onlar da de\u011fi\u015ftirdikleri veya at\u0131fta bulunduklar\u0131 isimlerle cinsiyet, say\u0131 ve durum konusunda hemfikir olmal\u0131d\u0131rlar.<\/p>\n\n\n\n<p>\u00d6rne\u011fin, sevdi\u011finiz bir kitaptan bahsediyorsan\u0131z, &#8220;M\u00e1m <a href=\"https:\/\/talkpal.ai\/culture\/how-to-say-i-like-in-slovak-using-mam-rad\/\">r\u00e1d tu<\/a> knihu&#8221; (O kitab\u0131 seviyorum) dersiniz. Burada &#8220;tu&#8221;, &#8220;that&#8221; i\u015faret zamirinin di\u015fil halidir ve yine di\u015fil olan &#8220;kniha&#8221; (kitap) ile uyumludur.<\/p>\n\n\n\n<h3 class=\"wp-block-heading\" id=\"h-5-embracing-the-challenge\">5. Zorlu\u011fu Kucaklamak<\/h3>\n\n\n\n<p>\u00c7ek\u00e7e dilbilgisi kafa kar\u0131\u015ft\u0131r\u0131c\u0131 ve korkutucu olabilir, ancak bu b\u00fcy\u00fcleyici dili \u00f6ne \u00e7\u0131karan da budur. Meydan okumaktan \u00e7ekinmeyin! Unutmay\u0131n, mesele her \u015feyde bir anda ustala\u015fmak de\u011fil, ad\u0131m ad\u0131m ilerlemektir. \u00c7ek dilbilgisinin benzersiz sistemini anlamak i\u00e7in zaman ay\u0131r\u0131n ve bu g\u00fczel, karma\u015f\u0131k dilde ustala\u015fma yolunda ilerleyin. \u00c7ek dilbilgisinin sundu\u011fu keyifli n\u00fcanslar\u0131 kucaklad\u0131\u011f\u0131n\u0131zda, \u015f\u00fcphesiz onun incelikleri i\u00e7in yeni bir takdir ke\u015ffedeceksiniz. Mutlu \u00f6\u011frenme!<\/p>\n<\/div><\/div>\n\r\n<section class=\"learnNavigationSection\">\r\n            \r\n        <a href=\"https:\/\/talkpal.ai\/tr\/cekce-ogren\/\">\r\n            <div class=\"learnNavigationWrapper\">\r\n                <div class=\"learnNavigationContent\">\r\n                    <img decoding=\"async\" src=\"https:\/\/talkpal.ai\/wp-content\/uploads\/2024\/08\/Czech.jpg\" alt=\"Czech Flag\">\r\n                    <div>\r\n                        <h4>\u00c7ek\u00e7e \u00d6\u011frenimi Hakk\u0131nda<\/h4>\r\n                        <p>\u00c7ek\u00e7e dilbilgisi hakk\u0131nda her \u015feyi \u00f6\u011frenin .<\/p>\r\n                    <\/div>\r\n                <\/div>\r\n            <\/div>\r\n        <\/a>\r\n\r\n        \r\n        <a href=\"https:\/\/talkpal.ai\/tr\/cekce-dilbilgisi-alistirmalari\/\">\r\n            <div class=\"learnNavigationWrapper\">\r\n                <div class=\"learnNavigationContent\">\r\n                    <img decoding=\"async\" src=\"https:\/\/talkpal.ai\/wp-content\/uploads\/2024\/08\/Czech.jpg\" alt=\"Czech Flag\">\r\n                    <div>\r\n                        <h4>\u00c7ek\u00e7e Dilbilgisi Al\u0131\u015ft\u0131rmas\u0131<\/h4>\r\n                        <p>\u00c7ek\u00e7e dilbilgisi prati\u011fi yap\u0131n.<\/p>\r\n                    <\/div>\r\n                <\/div>\r\n            <\/div>\r\n        <\/a>\r\n\r\n        \r\n        <a href=\"https:\/\/talkpal.ai\/vocabulary_language\/czech\/\">\r\n            <div class=\"learnNavigationWrapper\">\r\n                <div class=\"learnNavigationContent\">\r\n                    <img decoding=\"async\" src=\"https:\/\/talkpal.ai\/wp-content\/uploads\/2024\/08\/Czech.jpg\" alt=\"Czech Flag\">\r\n                    <div>\r\n                        <h4>\u00c7ek\u00e7e Kelime Bilgisi<\/h4>\r\n                        <p>\u00c7ek\u00e7e kelime da\u011farc\u0131\u011f\u0131n\u0131z\u0131 geni\u015fletin.<\/p>\r\n                    <\/div>\r\n                <\/div>\r\n            <\/div>\r\n        <\/a>\r\n\r\n            <\/section>","protected":false},"excerpt":{"rendered":"<p>\u00c7ek\u00e7e Dilbilgisi: \u00c7ek Dilinin E\u015fsiz Yap\u0131s\u0131n\u0131 Anlamland\u0131rmak Daha \u00f6nce \u00c7ek\u00e7e \u00f6\u011frenmeye \u00e7al\u0131\u015ft\u0131ysan\u0131z &#8211; hatta sadece bir \u00c7ek\u00e7e makale veya kitab\u0131 incelediyseniz &#8211; muhtemelen dilbilgisinin olduk\u00e7a zorlay\u0131c\u0131 olabilece\u011fini fark etmi\u015fsinizdir. Yayg\u0131n olarak en karma\u015f\u0131k dil sistemlerinden biri olarak kabul edilen \u00c7ek\u00e7e dilbilgisi, bir\u00e7ok yabanc\u0131 \u00f6\u011frencinin kafas\u0131n\u0131 kar\u0131\u015ft\u0131rd\u0131. Ama bunun g\u00f6z\u00fcn\u00fcz\u00fc korkutmas\u0131na izin vermeyin! \u00c7ek dilbilgisinin \u00f6zellikleri, [&hellip;]<\/p>\n","protected":false},"author":1,"featured_media":111630,"parent":0,"menu_order":0,"comment_status":"closed","ping_status":"closed","template":"LearningContentPage.php","meta":{"_acf_changed":false,"footnotes":""},"class_list":["post-143223","page","type-page","status-publish","has-post-thumbnail","hentry"],"acf":[],"yoast_head":"<!-- This site is optimized with the Yoast SEO Premium plugin v27.2 (Yoast SEO v27.2) - https:\/\/yoast.com\/product\/yoast-seo-premium-wordpress\/ -->\n<title>\u00c7ek\u00e7e Dilbilgisi - Talkpal<\/title>\n<meta name=\"description\" content=\"\u00c7ek\u00e7e dilbilgisinin s\u0131rlar\u0131n\u0131 \u00e7\u00f6z\u00fcn. E\u015fsiz karma\u015f\u0131kl\u0131\u011f\u0131 ve isim \u00e7ekimlerinde etkili bir \u015fekilde nas\u0131l ustala\u015f\u0131laca\u011f\u0131 hakk\u0131nda bilgi edinin.\" \/>\n<meta name=\"robots\" content=\"index, follow, max-snippet:-1, max-image-preview:large, max-video-preview:-1\" \/>\n<link rel=\"canonical\" href=\"https:\/\/talkpal.ai\/tr\/cekce-dilbilgisi\/\" \/>\n<meta property=\"og:locale\" content=\"tr_TR\" \/>\n<meta property=\"og:type\" content=\"article\" \/>\n<meta property=\"og:title\" content=\"\u00c7ek\u00e7e Dilbilgisi\" \/>\n<meta property=\"og:description\" content=\"\u00c7ek\u00e7e Dilbilgisi: \u00c7ek Dilinin E\u015fsiz Yap\u0131s\u0131n\u0131 Anlamland\u0131rmak Daha \u00f6nce \u00c7ek\u00e7e \u00f6\u011frenmeye \u00e7al\u0131\u015ft\u0131ysan\u0131z - hatta sadece bir \u00c7ek\u00e7e makale veya kitab\u0131\" \/>\n<meta property=\"og:url\" content=\"https:\/\/talkpal.ai\/tr\/cekce-dilbilgisi\/\" \/>\n<meta property=\"og:site_name\" content=\"Talkpal\" \/>\n<meta property=\"article:publisher\" content=\"https:\/\/www.facebook.com\/profile.php?id=100090733639311\" \/>\n<meta property=\"article:modified_time\" content=\"2025-12-13T15:21:33+00:00\" \/>\n<meta property=\"og:image\" content=\"https:\/\/talkpal.ai\/wp-content\/uploads\/2023\/05\/czech-republic.png\" \/>\n\t<meta property=\"og:image:width\" content=\"512\" \/>\n\t<meta property=\"og:image:height\" content=\"512\" \/>\n\t<meta property=\"og:image:type\" content=\"image\/png\" \/>\n<meta name=\"twitter:card\" content=\"summary_large_image\" \/>\n<meta name=\"twitter:site\" content=\"@talkpalai\" \/>\n<meta name=\"twitter:label1\" content=\"Tahmini okuma s\u00fcresi\" \/>\n\t<meta name=\"twitter:data1\" content=\"4 dakika\" \/>\n<script type=\"application\/ld+json\" class=\"yoast-schema-graph\">{\"@context\":\"https:\/\/schema.org\",\"@graph\":[{\"@type\":\"WebPage\",\"@id\":\"https:\/\/talkpal.ai\/tr\/cekce-dilbilgisi\/\",\"url\":\"https:\/\/talkpal.ai\/tr\/cekce-dilbilgisi\/\",\"name\":\"\u00c7ek\u00e7e Dilbilgisi - Talkpal\",\"isPartOf\":{\"@id\":\"https:\/\/talkpal.ai\/tr\/#website\"},\"primaryImageOfPage\":{\"@id\":\"https:\/\/talkpal.ai\/tr\/cekce-dilbilgisi\/#primaryimage\"},\"image\":{\"@id\":\"https:\/\/talkpal.ai\/tr\/cekce-dilbilgisi\/#primaryimage\"},\"thumbnailUrl\":\"https:\/\/talkpal.ai\/wp-content\/uploads\/2023\/05\/czech-republic.png\",\"datePublished\":\"2023-05-14T14:03:07+00:00\",\"dateModified\":\"2025-12-13T15:21:33+00:00\",\"description\":\"\u00c7ek\u00e7e dilbilgisinin s\u0131rlar\u0131n\u0131 \u00e7\u00f6z\u00fcn. E\u015fsiz karma\u015f\u0131kl\u0131\u011f\u0131 ve isim \u00e7ekimlerinde etkili bir \u015fekilde nas\u0131l ustala\u015f\u0131laca\u011f\u0131 hakk\u0131nda bilgi edinin.\",\"breadcrumb\":{\"@id\":\"https:\/\/talkpal.ai\/tr\/cekce-dilbilgisi\/#breadcrumb\"},\"inLanguage\":\"tr\",\"potentialAction\":[{\"@type\":\"ReadAction\",\"target\":[\"https:\/\/talkpal.ai\/tr\/cekce-dilbilgisi\/\"]}]},{\"@type\":\"ImageObject\",\"inLanguage\":\"tr\",\"@id\":\"https:\/\/talkpal.ai\/tr\/cekce-dilbilgisi\/#primaryimage\",\"url\":\"https:\/\/talkpal.ai\/wp-content\/uploads\/2023\/05\/czech-republic.png\",\"contentUrl\":\"https:\/\/talkpal.ai\/wp-content\/uploads\/2023\/05\/czech-republic.png\",\"width\":512,\"height\":512},{\"@type\":\"BreadcrumbList\",\"@id\":\"https:\/\/talkpal.ai\/tr\/cekce-dilbilgisi\/#breadcrumb\",\"itemListElement\":[{\"@type\":\"ListItem\",\"position\":1,\"name\":\"Homepage\",\"item\":\"https:\/\/talkpal.ai\/tr\/\"},{\"@type\":\"ListItem\",\"position\":2,\"name\":\"\u00c7ek\u00e7e Dilbilgisi\"}]},{\"@type\":\"WebSite\",\"@id\":\"https:\/\/talkpal.ai\/tr\/#website\",\"url\":\"https:\/\/talkpal.ai\/tr\/\",\"name\":\"Talkpal\",\"description\":\"AI Language Learning\",\"publisher\":{\"@id\":\"https:\/\/talkpal.ai\/tr\/#organization\"},\"alternateName\":\"Talkpal AI\",\"potentialAction\":[{\"@type\":\"SearchAction\",\"target\":{\"@type\":\"EntryPoint\",\"urlTemplate\":\"https:\/\/talkpal.ai\/tr\/?s={search_term_string}\"},\"query-input\":{\"@type\":\"PropertyValueSpecification\",\"valueRequired\":true,\"valueName\":\"search_term_string\"}}],\"inLanguage\":\"tr\"},{\"@type\":\"Organization\",\"@id\":\"https:\/\/talkpal.ai\/tr\/#organization\",\"name\":\"Talkpal, Inc.\",\"alternateName\":\"Talkpal AI\",\"url\":\"https:\/\/talkpal.ai\/tr\/\",\"logo\":{\"@type\":\"ImageObject\",\"inLanguage\":\"tr\",\"@id\":\"https:\/\/talkpal.ai\/tr\/#\/schema\/logo\/image\/\",\"url\":\"https:\/\/talkpal.ai\/wp-content\/uploads\/2024\/03\/Talkpal-Logo-Icon.png\",\"contentUrl\":\"https:\/\/talkpal.ai\/wp-content\/uploads\/2024\/03\/Talkpal-Logo-Icon.png\",\"width\":2880,\"height\":2880,\"caption\":\"Talkpal, Inc.\"},\"image\":{\"@id\":\"https:\/\/talkpal.ai\/tr\/#\/schema\/logo\/image\/\"},\"sameAs\":[\"https:\/\/www.facebook.com\/profile.php?id=100090733639311\",\"https:\/\/x.com\/talkpalai\",\"https:\/\/www.linkedin.com\/company\/talkpal\/\",\"https:\/\/www.youtube.com\/@TalkPal\/\",\"https:\/\/www.tiktok.com\/@talkpal\",\"https:\/\/www.instagram.com\/talkpal_ai\/\",\"https:\/\/www.crunchbase.com\/organization\/talkpal-9cde\",\"https:\/\/www.g2.com\/products\/talkpal-for-business\/\",\"https:\/\/www.trustpilot.com\/review\/talkpal.ai\",\"https:\/\/www.capterra.com\/p\/10006800\/TalkPal\/\"],\"description\":\"Talkpal is a language learning web and mobile education app, powered by the latest AI technologies, that provides engaging experiences to its customers in many different languages to help them improve their language skills. Users can chat about unlimited amount of topics with the app and use other modes to practice their language learning.\",\"email\":\"support@talkpal.ai\",\"legalName\":\"Talkpal, Inc.\",\"foundingDate\":\"2023-04-03\",\"duns\":\"118989042\",\"numberOfEmployees\":{\"@type\":\"QuantitativeValue\",\"minValue\":\"11\",\"maxValue\":\"50\"},\"publishingPrinciples\":\"https:\/\/talkpal.ai\/publishing-principles\/\",\"actionableFeedbackPolicy\":\"https:\/\/talkpal.ai\/actionable-feedback-policy\/\",\"correctionsPolicy\":\"https:\/\/talkpal.ai\/corrections-policy\/\",\"ethicsPolicy\":\"https:\/\/talkpal.ai\/ethics-policy\/\",\"diversityPolicy\":\"https:\/\/talkpal.ai\/diversity-policy\/\",\"diversityStaffingReport\":\"https:\/\/talkpal.ai\/diversity-policy\/\"}]}<\/script>\n<!-- \/ Yoast SEO Premium plugin. -->","yoast_head_json":{"title":"\u00c7ek\u00e7e Dilbilgisi - Talkpal","description":"\u00c7ek\u00e7e dilbilgisinin s\u0131rlar\u0131n\u0131 \u00e7\u00f6z\u00fcn. E\u015fsiz karma\u015f\u0131kl\u0131\u011f\u0131 ve isim \u00e7ekimlerinde etkili bir \u015fekilde nas\u0131l ustala\u015f\u0131laca\u011f\u0131 hakk\u0131nda bilgi edinin.","robots":{"index":"index","follow":"follow","max-snippet":"max-snippet:-1","max-image-preview":"max-image-preview:large","max-video-preview":"max-video-preview:-1"},"canonical":"https:\/\/talkpal.ai\/tr\/cekce-dilbilgisi\/","og_locale":"tr_TR","og_type":"article","og_title":"\u00c7ek\u00e7e Dilbilgisi","og_description":"\u00c7ek\u00e7e Dilbilgisi: \u00c7ek Dilinin E\u015fsiz Yap\u0131s\u0131n\u0131 Anlamland\u0131rmak Daha \u00f6nce \u00c7ek\u00e7e \u00f6\u011frenmeye \u00e7al\u0131\u015ft\u0131ysan\u0131z - hatta sadece bir \u00c7ek\u00e7e makale veya kitab\u0131","og_url":"https:\/\/talkpal.ai\/tr\/cekce-dilbilgisi\/","og_site_name":"Talkpal","article_publisher":"https:\/\/www.facebook.com\/profile.php?id=100090733639311","article_modified_time":"2025-12-13T15:21:33+00:00","og_image":[{"width":512,"height":512,"url":"https:\/\/talkpal.ai\/wp-content\/uploads\/2023\/05\/czech-republic.png","type":"image\/png"}],"twitter_card":"summary_large_image","twitter_site":"@talkpalai","twitter_misc":{"Tahmini okuma s\u00fcresi":"4 dakika"},"schema":{"@context":"https:\/\/schema.org","@graph":[{"@type":"WebPage","@id":"https:\/\/talkpal.ai\/tr\/cekce-dilbilgisi\/","url":"https:\/\/talkpal.ai\/tr\/cekce-dilbilgisi\/","name":"\u00c7ek\u00e7e Dilbilgisi - Talkpal","isPartOf":{"@id":"https:\/\/talkpal.ai\/tr\/#website"},"primaryImageOfPage":{"@id":"https:\/\/talkpal.ai\/tr\/cekce-dilbilgisi\/#primaryimage"},"image":{"@id":"https:\/\/talkpal.ai\/tr\/cekce-dilbilgisi\/#primaryimage"},"thumbnailUrl":"https:\/\/talkpal.ai\/wp-content\/uploads\/2023\/05\/czech-republic.png","datePublished":"2023-05-14T14:03:07+00:00","dateModified":"2025-12-13T15:21:33+00:00","description":"\u00c7ek\u00e7e dilbilgisinin s\u0131rlar\u0131n\u0131 \u00e7\u00f6z\u00fcn. E\u015fsiz karma\u015f\u0131kl\u0131\u011f\u0131 ve isim \u00e7ekimlerinde etkili bir \u015fekilde nas\u0131l ustala\u015f\u0131laca\u011f\u0131 hakk\u0131nda bilgi edinin.","breadcrumb":{"@id":"https:\/\/talkpal.ai\/tr\/cekce-dilbilgisi\/#breadcrumb"},"inLanguage":"tr","potentialAction":[{"@type":"ReadAction","target":["https:\/\/talkpal.ai\/tr\/cekce-dilbilgisi\/"]}]},{"@type":"ImageObject","inLanguage":"tr","@id":"https:\/\/talkpal.ai\/tr\/cekce-dilbilgisi\/#primaryimage","url":"https:\/\/talkpal.ai\/wp-content\/uploads\/2023\/05\/czech-republic.png","contentUrl":"https:\/\/talkpal.ai\/wp-content\/uploads\/2023\/05\/czech-republic.png","width":512,"height":512},{"@type":"BreadcrumbList","@id":"https:\/\/talkpal.ai\/tr\/cekce-dilbilgisi\/#breadcrumb","itemListElement":[{"@type":"ListItem","position":1,"name":"Homepage","item":"https:\/\/talkpal.ai\/tr\/"},{"@type":"ListItem","position":2,"name":"\u00c7ek\u00e7e Dilbilgisi"}]},{"@type":"WebSite","@id":"https:\/\/talkpal.ai\/tr\/#website","url":"https:\/\/talkpal.ai\/tr\/","name":"Talkpal","description":"AI Language Learning","publisher":{"@id":"https:\/\/talkpal.ai\/tr\/#organization"},"alternateName":"Talkpal AI","potentialAction":[{"@type":"SearchAction","target":{"@type":"EntryPoint","urlTemplate":"https:\/\/talkpal.ai\/tr\/?s={search_term_string}"},"query-input":{"@type":"PropertyValueSpecification","valueRequired":true,"valueName":"search_term_string"}}],"inLanguage":"tr"},{"@type":"Organization","@id":"https:\/\/talkpal.ai\/tr\/#organization","name":"Talkpal, Inc.","alternateName":"Talkpal AI","url":"https:\/\/talkpal.ai\/tr\/","logo":{"@type":"ImageObject","inLanguage":"tr","@id":"https:\/\/talkpal.ai\/tr\/#\/schema\/logo\/image\/","url":"https:\/\/talkpal.ai\/wp-content\/uploads\/2024\/03\/Talkpal-Logo-Icon.png","contentUrl":"https:\/\/talkpal.ai\/wp-content\/uploads\/2024\/03\/Talkpal-Logo-Icon.png","width":2880,"height":2880,"caption":"Talkpal, Inc."},"image":{"@id":"https:\/\/talkpal.ai\/tr\/#\/schema\/logo\/image\/"},"sameAs":["https:\/\/www.facebook.com\/profile.php?id=100090733639311","https:\/\/x.com\/talkpalai","https:\/\/www.linkedin.com\/company\/talkpal\/","https:\/\/www.youtube.com\/@TalkPal\/","https:\/\/www.tiktok.com\/@talkpal","https:\/\/www.instagram.com\/talkpal_ai\/","https:\/\/www.crunchbase.com\/organization\/talkpal-9cde","https:\/\/www.g2.com\/products\/talkpal-for-business\/","https:\/\/www.trustpilot.com\/review\/talkpal.ai","https:\/\/www.capterra.com\/p\/10006800\/TalkPal\/"],"description":"Talkpal is a language learning web and mobile education app, powered by the latest AI technologies, that provides engaging experiences to its customers in many different languages to help them improve their language skills. Users can chat about unlimited amount of topics with the app and use other modes to practice their language learning.","email":"support@talkpal.ai","legalName":"Talkpal, Inc.","foundingDate":"2023-04-03","duns":"118989042","numberOfEmployees":{"@type":"QuantitativeValue","minValue":"11","maxValue":"50"},"publishingPrinciples":"https:\/\/talkpal.ai\/publishing-principles\/","actionableFeedbackPolicy":"https:\/\/talkpal.ai\/actionable-feedback-policy\/","correctionsPolicy":"https:\/\/talkpal.ai\/corrections-policy\/","ethicsPolicy":"https:\/\/talkpal.ai\/ethics-policy\/","diversityPolicy":"https:\/\/talkpal.ai\/diversity-policy\/","diversityStaffingReport":"https:\/\/talkpal.ai\/diversity-policy\/"}]}},"_links":{"self":[{"href":"https:\/\/talkpal.ai\/tr\/wp-json\/wp\/v2\/pages\/143223","targetHints":{"allow":["GET"]}}],"collection":[{"href":"https:\/\/talkpal.ai\/tr\/wp-json\/wp\/v2\/pages"}],"about":[{"href":"https:\/\/talkpal.ai\/tr\/wp-json\/wp\/v2\/types\/page"}],"author":[{"embeddable":true,"href":"https:\/\/talkpal.ai\/tr\/wp-json\/wp\/v2\/users\/1"}],"replies":[{"embeddable":true,"href":"https:\/\/talkpal.ai\/tr\/wp-json\/wp\/v2\/comments?post=143223"}],"version-history":[{"count":0,"href":"https:\/\/talkpal.ai\/tr\/wp-json\/wp\/v2\/pages\/143223\/revisions"}],"wp:featuredmedia":[{"embeddable":true,"href":"https:\/\/talkpal.ai\/tr\/wp-json\/wp\/v2\/media\/111630"}],"wp:attachment":[{"href":"https:\/\/talkpal.ai\/tr\/wp-json\/wp\/v2\/media?parent=143223"}],"curies":[{"name":"wp","href":"https:\/\/api.w.org\/{rel}","templated":true}]}}