{"id":142934,"date":"2023-05-14T14:02:30","date_gmt":"2023-05-14T14:02:30","guid":{"rendered":"http:\/\/talkpal.ai\/yunanca-dilbilgisi\/"},"modified":"2025-12-13T15:33:18","modified_gmt":"2025-12-13T15:33:18","slug":"yunanca-dilbilgisi","status":"publish","type":"page","link":"https:\/\/talkpal.ai\/tr\/yunanca-dilbilgisi\/","title":{"rendered":"Yunanca Dilbilgisi"},"content":{"rendered":"\r\n\r\n\r\n<section class=\"languageChallengeSection\">\r\n    <div class=\"languageInfoWrapper\">\r\n        \r\n        <h1>Yunanca Dilbilgisi<\/h1>\r\n        <p>Yunanca dilbilgisi \u00f6\u011frenin ve insanl\u0131\u011f\u0131n en eski ve en etkili dillerinden birinin d\u00fcnyas\u0131na ad\u0131m at\u0131n. Yunanca size e\u015fsiz alfabesini, etkileyici fiil \u00e7ekimlerini ve anlam\u0131 \u015fekillendiren isim halleri sistemini tan\u0131t\u0131yor. Ke\u015ffettik\u00e7e, bir\u00e7ok \u0130ngilizce kelimenin k\u00f6klerini ortaya \u00e7\u0131karacak ve zengin bir k\u00fclt\u00fcrel mirasla ba\u011flant\u0131 kuracaks\u0131n\u0131z. Dal\u0131\u015f yap\u0131n ve Yunanca dilbilgisi \u00f6\u011frenmenin \u00f6d\u00fcllendirici zorlu\u011funun tad\u0131n\u0131 \u00e7\u0131kar\u0131n!<\/p>\r\n\r\n                            <a class=\"getStartedHidden\" href=\"https:\/\/app.talkpal.ai\/tr\/signup?lng=\">Hadi ba\u015fla<\/a>\r\n        \r\n    <\/div>\r\n\r\n    <figure>\r\n    <img decoding=\"async\" width=\"768\" height=\"768\" src=\"https:\/\/talkpal.ai\/wp-content\/uploads\/2023\/06\/greek-768x768.png\" class=\"languageImage no-lazy\" alt=\"Language learning to boost personal capability\" fetchpriority=\"high\" sizes=\"(max-width: 768px) 150px, 768px\" srcset=\"https:\/\/talkpal.ai\/wp-content\/uploads\/2023\/06\/greek-768x768.png 768w, https:\/\/talkpal.ai\/wp-content\/uploads\/2023\/06\/greek-300x300.png 300w\" \/>\r\n    \r\n\r\n    <\/figure>\r\n\r\n            <a class=\"getStartedVisible\" href=\"https:\/\/app.talkpal.ai\/tr\/signup?lng=\">Hadi ba\u015fla<\/a>\r\n    \r\n<\/section>\r\n<section class=\"promotionalBanner\">\r\n    <p class=\"promotionalText\">Dil \u00f6\u011frenmenin en etkili yolu<\/p>\r\n    <a class=\"promotionalLink\" href=\"https:\/\/app.talkpal.ai\/tr\/signup?lng=\">Talkpal \u00fccretsiz deneyin<\/a>\r\n<\/section>\n<div class=\"wp-block-group pageContainerStyle\"><div class=\"wp-block-group__inner-container is-layout-constrained wp-block-group-is-layout-constrained\">\n<h2 class=\"wp-block-heading\" id=\"h-demystifying-greek-grammar-a-comprehensive-guide\">Yunanca Dilbilgisinin Gizemini \u00c7\u00f6zmek: Kapsaml\u0131 Bir K\u0131lavuz<\/h2>\n\n\n\n<p>Zarif ve eski bir dil olan Yunanca, dil tarihinde \u00f6zel bir yere sahiptir ve g\u00fcn\u00fcm\u00fczde de etkisini s\u00fcrd\u00fcrmektedir. Yunanca dilbilgisinde g\u00fc\u00e7l\u00fc bir temele sahip olarak, \u0130ngilizce kelime da\u011farc\u0131\u011f\u0131nda ba\u015fka bir anlam katman\u0131n\u0131n kilidini a\u00e7arken zengin k\u00fclt\u00fcrel ve tarihi kaynaklara eri\u015fim kazanacaks\u0131n\u0131z. Pop\u00fcler inan\u0131\u015f\u0131n aksine, Yunanca dilbilgisi ba\u015flang\u0131\u00e7ta g\u00f6r\u00fcnd\u00fc\u011f\u00fc kadar korkutucu de\u011fildir. Bu makalede, bu dile g\u00fcven ve \u015fevkle yakla\u015fman\u0131z\u0131 sa\u011flamak i\u00e7in Yunanca dilbilgisinin temel bile\u015fenlerinde gezinmenize yard\u0131mc\u0131 olaca\u011f\u0131z.<\/p>\n\n\n\n<h3 class=\"wp-block-heading\" id=\"h-1-understanding-greek-nouns-cases-and-articles\">1. Yunanca \u0130simleri, Durumlar\u0131 ve Makaleleri Anlamak<\/h3>\n\n\n\n<p>Yunanca isimler \u00fc\u00e7 cinsiyete ayr\u0131l\u0131r: eril, di\u015fil ve n\u00f6tr. Her isim, ismin cinsiyetine, say\u0131s\u0131na (tekil veya \u00e7o\u011ful) ve durumuna g\u00f6re sonunu belirleyen \u00fc\u00e7 \u00e7ekimden birine aittir. Yunan dilinde be\u015f durum vard\u0131r: nominatif, genitive, dative, accusative ve vocative.<\/p>\n\n\n\n<p>Yunanca dilbilgisinin \u00f6nemli bir y\u00f6n\u00fc makale etraf\u0131nda d\u00f6ner. \u0130ngilizcedeki &#8216;the&#8217; gibi, Yunanca kesin artikel de Yunanca metinleri anlamak i\u00e7in \u00e7ok \u00f6nemlidir. Yunanca artikel cinsiyet, say\u0131 ve durum bak\u0131m\u0131ndan isimle ayn\u0131 fikirde olmal\u0131d\u0131r. Yunancada ayr\u0131ca \u0130ngilizcedeki &#8216;a&#8217; veya &#8216;an&#8217; gibi i\u015flev g\u00f6ren belirsiz bir artikel vard\u0131r.<\/p>\n\n\n\n<h3 class=\"wp-block-heading\" id=\"h-2-tackling-greek-verbs-conjugation-and-moods\">2. Yunanca Fiillerle M\u00fccadele: \u00c7ekim ve Ruh Halleri<\/h3>\n\n\n\n<p>Yunanca fiiller zamanlar\u0131, sesleri, ruh halleri, ki\u015fileri ve say\u0131lar\u0131 ile karakterize edilir. Yunanca&#8217;daki fiiller, bir eylemin ne zaman ger\u00e7ekle\u015fti\u011fini g\u00f6steren zamanlar\u0131na g\u00f6re \u00e7ekimlenir. Yunanca bir fiilin, her biri bir zamana kar\u015f\u0131l\u0131k gelen yedi ana b\u00f6l\u00fcm\u00fc vard\u0131r:<\/p>\n\n\n\n<p><strong>&#8211; Mevcut<\/strong><\/p>\n\n\n\n<p><strong>&#8211; Gelecek<\/strong><\/p>\n\n\n\n<p><strong>&#8211; Aorist (basit ge\u00e7mi\u015f)<\/strong><\/p>\n\n\n\n<p><strong>&#8211; M\u00fckemmel<\/strong><\/p>\n\n\n\n<p><strong>&#8211; Gelecek m\u00fckemmel<\/strong><\/p>\n\n\n\n<p><strong>&#8211; Pluperfect<\/strong><\/p>\n\n\n\n<p><strong>&#8211; Aorist pasif<\/strong><\/p>\n\n\n\n<p>Ayr\u0131ca, Yunanca fiillerin konu\u015fmac\u0131n\u0131n eyleme kar\u015f\u0131 tutumunu ifade eden \u00e7e\u015fitli kipleri vard\u0131r. Bu ruh halleri zorunlu, g\u00f6sterge ve s\u00fcbjektiftir.<\/p>\n\n\n\n<h3 class=\"wp-block-heading\" id=\"h-3-crafting-expressive-sentences-with-greek-adjectives-and-adverbs\">3. Yunanca S\u0131fatlar ve Zarflarla Anlaml\u0131 C\u00fcmleler Olu\u015fturma<\/h3>\n\n\n\n<p>Yunanca s\u0131fatlar c\u00fcmlelerinize renk ve a\u00e7\u0131klama katar. \u0130simlere benzer \u015fekilde, Yunanca&#8217;daki s\u0131fatlar da tan\u0131mlad\u0131klar\u0131 isimle cinsiyet, say\u0131 ve durum bak\u0131m\u0131ndan ayn\u0131 fikirde olmal\u0131d\u0131r. Ayr\u0131ca, s\u0131fatlar, sonlar\u0131n\u0131 belirleyen \u00fc\u00e7 \u00e7ekimden birine aittir.<\/p>\n\n\n\n<p>Yunanca zarflar fiilleri, s\u0131fatlar\u0131 veya di\u011fer zarflar\u0131 de\u011fi\u015ftirir. Bir eylemin nas\u0131l, ne zaman, nerede veya ne \u00f6l\u00e7\u00fcde ger\u00e7ekle\u015ftirildi\u011fini ifade ederler. S\u0131fatlar\u0131n aksine, zarflar\u0131n cinsiyet, say\u0131 veya durum bak\u0131m\u0131ndan isimlerle ayn\u0131 fikirde olmas\u0131 gerekmez. \u00c7o\u011fu durumda, zarflar s\u0131fat k\u00f6klerine belirli sonlar eklenerek olu\u015fturulur.<\/p>\n\n\n\n<h3 class=\"wp-block-heading\" id=\"h-4-exploring-greek-pronouns-and-greek-sentence-structure\">4. Yunanca Zamirleri ve Yunanca C\u00fcmle Yap\u0131s\u0131n\u0131 Ke\u015ffetmek<\/h3>\n\n\n\n<p>Zamirler, isimlerin yerini ald\u0131klar\u0131 ve cinsiyet, say\u0131 ve durum a\u00e7\u0131s\u0131ndan temsil ettikleri isimle ayn\u0131 fikirde olmalar\u0131 gerekti\u011fi i\u00e7in Yunanca dilbilgisinde \u00f6nemli bir rol oynar. Yunanca&#8217;da ki\u015fisel, d\u00f6n\u00fc\u015fl\u00fc, g\u00f6sterici, g\u00f6receli, soru ve belgisiz zamirler vard\u0131r.<\/p>\n\n\n\n<p>Yunanca c\u00fcmle yap\u0131s\u0131 \u00f6ncelikle \u00f6zne-fiil-nesne (SVO) s\u0131ras\u0131n\u0131 takip eder. Bununla birlikte, son derece \u00e7ekimli do\u011fas\u0131 nedeniyle, Yunanca, vurgu ve \u015fiirsel ifadeye izin veren kelime s\u0131ralamas\u0131nda daha fazla esneklik sunar. Bu esneklik ilk ba\u015fta zorlay\u0131c\u0131 g\u00f6r\u00fcnebilir, ancak dilin n\u00fcanslar\u0131na a\u015final\u0131k kazand\u0131k\u00e7a daha ula\u015f\u0131labilir hale gelir.<\/p>\n\n\n\n<h3 class=\"wp-block-heading\" id=\"h-conclusion\">Sonu\u00e7<\/h3>\n\n\n\n<p>Yunanca dilbilgisinde ustala\u015fma yolculu\u011funuza \u00e7\u0131karken, pratik ve azmin ba\u015far\u0131 i\u00e7in \u00e7ok \u00f6nemli oldu\u011funu unutmay\u0131n. Yunanca isimlerin, fiillerin, s\u0131fatlar\u0131n, zarflar\u0131n ve c\u00fcmle yap\u0131s\u0131n\u0131n karma\u015f\u0131kl\u0131\u011f\u0131n\u0131 \u00e7\u00f6zmek i\u00e7in zaman ay\u0131r\u0131n. Bu b\u00fcy\u00fcleyici dili daha derinlemesine inceledik\u00e7e, Yunanca dilbilgisinin daha tan\u0131d\u0131k ve daha az korkutucu hale geldi\u011fini g\u00f6receksiniz. \u0130yi \u015fanslar ve \u03ba\u03b1\u03bb\u03ae \u03b5\u03c0\u03b9\u03c4\u03c5\u03c7\u03af\u03b1!<\/p>\n<\/div><\/div>\n\r\n<section class=\"learnNavigationSection\">\r\n            \r\n        <a href=\"https:\/\/talkpal.ai\/tr\/yunanca-ogren\/\">\r\n            <div class=\"learnNavigationWrapper\">\r\n                <div class=\"learnNavigationContent\">\r\n                    <img decoding=\"async\" src=\"https:\/\/talkpal.ai\/wp-content\/uploads\/2024\/08\/Greek.jpg\" alt=\"Greek Flag\">\r\n                    <div>\r\n                        <h4>Yunanca \u00d6\u011frenimi Hakk\u0131nda<\/h4>\r\n                        <p>Yunanca Dilbilgisi hakk\u0131nda her \u015feyi \u00f6\u011frenin.<\/p>\r\n                    <\/div>\r\n                <\/div>\r\n            <\/div>\r\n        <\/a>\r\n\r\n        \r\n        <a href=\"https:\/\/talkpal.ai\/tr\/yunanca-dilbilgisi-alistirmalari\/\">\r\n            <div class=\"learnNavigationWrapper\">\r\n                <div class=\"learnNavigationContent\">\r\n                    <img decoding=\"async\" src=\"https:\/\/talkpal.ai\/wp-content\/uploads\/2024\/08\/Greek.jpg\" alt=\"Greek Flag\">\r\n                    <div>\r\n                        <h4>Yunanca Dilbilgisi Al\u0131\u015ft\u0131rmas\u0131<\/h4>\r\n                        <p>Yunanca dilbilgisi al\u0131\u015ft\u0131rmas\u0131 yap\u0131n .<\/p>\r\n                    <\/div>\r\n                <\/div>\r\n            <\/div>\r\n        <\/a>\r\n\r\n        \r\n        <a href=\"https:\/\/talkpal.ai\/vocabulary_language\/greek\/\">\r\n            <div class=\"learnNavigationWrapper\">\r\n                <div class=\"learnNavigationContent\">\r\n                    <img decoding=\"async\" src=\"https:\/\/talkpal.ai\/wp-content\/uploads\/2024\/08\/Greek.jpg\" alt=\"Greek Flag\">\r\n                    <div>\r\n                        <h4>Yunanca Kelime Bilgisi<\/h4>\r\n                        <p>Yunanca kelime da\u011farc\u0131\u011f\u0131n\u0131z\u0131 geni\u015fletin.<\/p>\r\n                    <\/div>\r\n                <\/div>\r\n            <\/div>\r\n        <\/a>\r\n\r\n            <\/section>","protected":false},"excerpt":{"rendered":"<p>Yunanca Dilbilgisinin Gizemini \u00c7\u00f6zmek: Kapsaml\u0131 Bir K\u0131lavuz Zarif ve eski bir dil olan Yunanca, dil tarihinde \u00f6zel bir yere sahiptir ve g\u00fcn\u00fcm\u00fczde de etkisini s\u00fcrd\u00fcrmektedir. Yunanca dilbilgisinde g\u00fc\u00e7l\u00fc bir temele sahip olarak, \u0130ngilizce kelime da\u011farc\u0131\u011f\u0131nda ba\u015fka bir anlam katman\u0131n\u0131n kilidini a\u00e7arken zengin k\u00fclt\u00fcrel ve tarihi kaynaklara eri\u015fim kazanacaks\u0131n\u0131z. Pop\u00fcler inan\u0131\u015f\u0131n aksine, Yunanca dilbilgisi ba\u015flang\u0131\u00e7ta g\u00f6r\u00fcnd\u00fc\u011f\u00fc [&hellip;]<\/p>\n","protected":false},"author":1,"featured_media":112762,"parent":0,"menu_order":0,"comment_status":"closed","ping_status":"closed","template":"LearningContentPage.php","meta":{"_acf_changed":false,"footnotes":""},"class_list":["post-142934","page","type-page","status-publish","has-post-thumbnail","hentry"],"acf":[],"yoast_head":"<!-- This site is optimized with the Yoast SEO Premium plugin v27.2 (Yoast SEO v27.2) - https:\/\/yoast.com\/product\/yoast-seo-premium-wordpress\/ -->\n<title>Yunanca Dilbilgisi - Talkpal<\/title>\n<meta name=\"description\" content=\"Yunanca dilbilgisine g\u00fcvenle hakim olun - \u00f6nemli kurallar\u0131 \u00f6\u011frenin, c\u00fcmle kurma prati\u011fi yap\u0131n ve becerilerinizi h\u0131zla g\u00fc\u00e7lendirin Talkpal AI.\" \/>\n<meta name=\"robots\" content=\"index, follow, max-snippet:-1, max-image-preview:large, max-video-preview:-1\" \/>\n<link rel=\"canonical\" href=\"https:\/\/talkpal.ai\/tr\/yunanca-dilbilgisi\/\" \/>\n<meta property=\"og:locale\" content=\"tr_TR\" \/>\n<meta property=\"og:type\" content=\"article\" \/>\n<meta property=\"og:title\" content=\"Yunanca Dilbilgisi\" \/>\n<meta property=\"og:description\" content=\"Yunanca Dilbilgisinin Gizemini \u00c7\u00f6zmek: Kapsaml\u0131 Bir K\u0131lavuz Zarif ve eski bir dil olan Yunanca, dil tarihinde \u00f6zel bir yere sahiptir ve g\u00fcn\u00fcm\u00fczde de\" \/>\n<meta property=\"og:url\" content=\"https:\/\/talkpal.ai\/tr\/yunanca-dilbilgisi\/\" \/>\n<meta property=\"og:site_name\" content=\"Talkpal\" \/>\n<meta property=\"article:publisher\" content=\"https:\/\/www.facebook.com\/profile.php?id=100090733639311\" \/>\n<meta property=\"article:modified_time\" content=\"2025-12-13T15:33:18+00:00\" \/>\n<meta property=\"og:image\" content=\"https:\/\/talkpal.ai\/wp-content\/uploads\/2023\/05\/greece.png\" \/>\n\t<meta property=\"og:image:width\" content=\"512\" \/>\n\t<meta property=\"og:image:height\" content=\"512\" \/>\n\t<meta property=\"og:image:type\" content=\"image\/png\" \/>\n<meta name=\"twitter:card\" content=\"summary_large_image\" \/>\n<meta name=\"twitter:site\" content=\"@talkpalai\" \/>\n<meta name=\"twitter:label1\" content=\"Tahmini okuma s\u00fcresi\" \/>\n\t<meta name=\"twitter:data1\" content=\"3 dakika\" \/>\n<script type=\"application\/ld+json\" class=\"yoast-schema-graph\">{\"@context\":\"https:\/\/schema.org\",\"@graph\":[{\"@type\":\"WebPage\",\"@id\":\"https:\/\/talkpal.ai\/tr\/yunanca-dilbilgisi\/\",\"url\":\"https:\/\/talkpal.ai\/tr\/yunanca-dilbilgisi\/\",\"name\":\"Yunanca Dilbilgisi - Talkpal\",\"isPartOf\":{\"@id\":\"https:\/\/talkpal.ai\/tr\/#website\"},\"primaryImageOfPage\":{\"@id\":\"https:\/\/talkpal.ai\/tr\/yunanca-dilbilgisi\/#primaryimage\"},\"image\":{\"@id\":\"https:\/\/talkpal.ai\/tr\/yunanca-dilbilgisi\/#primaryimage\"},\"thumbnailUrl\":\"https:\/\/talkpal.ai\/wp-content\/uploads\/2023\/05\/greece.png\",\"datePublished\":\"2023-05-14T14:02:30+00:00\",\"dateModified\":\"2025-12-13T15:33:18+00:00\",\"description\":\"Yunanca dilbilgisine g\u00fcvenle hakim olun - \u00f6nemli kurallar\u0131 \u00f6\u011frenin, c\u00fcmle kurma prati\u011fi yap\u0131n ve becerilerinizi h\u0131zla g\u00fc\u00e7lendirin Talkpal AI.\",\"breadcrumb\":{\"@id\":\"https:\/\/talkpal.ai\/tr\/yunanca-dilbilgisi\/#breadcrumb\"},\"inLanguage\":\"tr\",\"potentialAction\":[{\"@type\":\"ReadAction\",\"target\":[\"https:\/\/talkpal.ai\/tr\/yunanca-dilbilgisi\/\"]}]},{\"@type\":\"ImageObject\",\"inLanguage\":\"tr\",\"@id\":\"https:\/\/talkpal.ai\/tr\/yunanca-dilbilgisi\/#primaryimage\",\"url\":\"https:\/\/talkpal.ai\/wp-content\/uploads\/2023\/05\/greece.png\",\"contentUrl\":\"https:\/\/talkpal.ai\/wp-content\/uploads\/2023\/05\/greece.png\",\"width\":512,\"height\":512},{\"@type\":\"BreadcrumbList\",\"@id\":\"https:\/\/talkpal.ai\/tr\/yunanca-dilbilgisi\/#breadcrumb\",\"itemListElement\":[{\"@type\":\"ListItem\",\"position\":1,\"name\":\"Homepage\",\"item\":\"https:\/\/talkpal.ai\/tr\/\"},{\"@type\":\"ListItem\",\"position\":2,\"name\":\"Yunanca Dilbilgisi\"}]},{\"@type\":\"WebSite\",\"@id\":\"https:\/\/talkpal.ai\/tr\/#website\",\"url\":\"https:\/\/talkpal.ai\/tr\/\",\"name\":\"Talkpal\",\"description\":\"AI Language Learning\",\"publisher\":{\"@id\":\"https:\/\/talkpal.ai\/tr\/#organization\"},\"alternateName\":\"Talkpal AI\",\"potentialAction\":[{\"@type\":\"SearchAction\",\"target\":{\"@type\":\"EntryPoint\",\"urlTemplate\":\"https:\/\/talkpal.ai\/tr\/?s={search_term_string}\"},\"query-input\":{\"@type\":\"PropertyValueSpecification\",\"valueRequired\":true,\"valueName\":\"search_term_string\"}}],\"inLanguage\":\"tr\"},{\"@type\":\"Organization\",\"@id\":\"https:\/\/talkpal.ai\/tr\/#organization\",\"name\":\"Talkpal, Inc.\",\"alternateName\":\"Talkpal AI\",\"url\":\"https:\/\/talkpal.ai\/tr\/\",\"logo\":{\"@type\":\"ImageObject\",\"inLanguage\":\"tr\",\"@id\":\"https:\/\/talkpal.ai\/tr\/#\/schema\/logo\/image\/\",\"url\":\"https:\/\/talkpal.ai\/wp-content\/uploads\/2024\/03\/Talkpal-Logo-Icon.png\",\"contentUrl\":\"https:\/\/talkpal.ai\/wp-content\/uploads\/2024\/03\/Talkpal-Logo-Icon.png\",\"width\":2880,\"height\":2880,\"caption\":\"Talkpal, Inc.\"},\"image\":{\"@id\":\"https:\/\/talkpal.ai\/tr\/#\/schema\/logo\/image\/\"},\"sameAs\":[\"https:\/\/www.facebook.com\/profile.php?id=100090733639311\",\"https:\/\/x.com\/talkpalai\",\"https:\/\/www.linkedin.com\/company\/talkpal\/\",\"https:\/\/www.youtube.com\/@TalkPal\/\",\"https:\/\/www.tiktok.com\/@talkpal\",\"https:\/\/www.instagram.com\/talkpal_ai\/\",\"https:\/\/www.crunchbase.com\/organization\/talkpal-9cde\",\"https:\/\/www.g2.com\/products\/talkpal-for-business\/\",\"https:\/\/www.trustpilot.com\/review\/talkpal.ai\",\"https:\/\/www.capterra.com\/p\/10006800\/TalkPal\/\"],\"description\":\"Talkpal is a language learning web and mobile education app, powered by the latest AI technologies, that provides engaging experiences to its customers in many different languages to help them improve their language skills. Users can chat about unlimited amount of topics with the app and use other modes to practice their language learning.\",\"email\":\"support@talkpal.ai\",\"legalName\":\"Talkpal, Inc.\",\"foundingDate\":\"2023-04-03\",\"duns\":\"118989042\",\"numberOfEmployees\":{\"@type\":\"QuantitativeValue\",\"minValue\":\"11\",\"maxValue\":\"50\"},\"publishingPrinciples\":\"https:\/\/talkpal.ai\/publishing-principles\/\",\"actionableFeedbackPolicy\":\"https:\/\/talkpal.ai\/actionable-feedback-policy\/\",\"correctionsPolicy\":\"https:\/\/talkpal.ai\/corrections-policy\/\",\"ethicsPolicy\":\"https:\/\/talkpal.ai\/ethics-policy\/\",\"diversityPolicy\":\"https:\/\/talkpal.ai\/diversity-policy\/\",\"diversityStaffingReport\":\"https:\/\/talkpal.ai\/diversity-policy\/\"}]}<\/script>\n<!-- \/ Yoast SEO Premium plugin. -->","yoast_head_json":{"title":"Yunanca Dilbilgisi - Talkpal","description":"Yunanca dilbilgisine g\u00fcvenle hakim olun - \u00f6nemli kurallar\u0131 \u00f6\u011frenin, c\u00fcmle kurma prati\u011fi yap\u0131n ve becerilerinizi h\u0131zla g\u00fc\u00e7lendirin Talkpal AI.","robots":{"index":"index","follow":"follow","max-snippet":"max-snippet:-1","max-image-preview":"max-image-preview:large","max-video-preview":"max-video-preview:-1"},"canonical":"https:\/\/talkpal.ai\/tr\/yunanca-dilbilgisi\/","og_locale":"tr_TR","og_type":"article","og_title":"Yunanca Dilbilgisi","og_description":"Yunanca Dilbilgisinin Gizemini \u00c7\u00f6zmek: Kapsaml\u0131 Bir K\u0131lavuz Zarif ve eski bir dil olan Yunanca, dil tarihinde \u00f6zel bir yere sahiptir ve g\u00fcn\u00fcm\u00fczde de","og_url":"https:\/\/talkpal.ai\/tr\/yunanca-dilbilgisi\/","og_site_name":"Talkpal","article_publisher":"https:\/\/www.facebook.com\/profile.php?id=100090733639311","article_modified_time":"2025-12-13T15:33:18+00:00","og_image":[{"width":512,"height":512,"url":"https:\/\/talkpal.ai\/wp-content\/uploads\/2023\/05\/greece.png","type":"image\/png"}],"twitter_card":"summary_large_image","twitter_site":"@talkpalai","twitter_misc":{"Tahmini okuma s\u00fcresi":"3 dakika"},"schema":{"@context":"https:\/\/schema.org","@graph":[{"@type":"WebPage","@id":"https:\/\/talkpal.ai\/tr\/yunanca-dilbilgisi\/","url":"https:\/\/talkpal.ai\/tr\/yunanca-dilbilgisi\/","name":"Yunanca Dilbilgisi - Talkpal","isPartOf":{"@id":"https:\/\/talkpal.ai\/tr\/#website"},"primaryImageOfPage":{"@id":"https:\/\/talkpal.ai\/tr\/yunanca-dilbilgisi\/#primaryimage"},"image":{"@id":"https:\/\/talkpal.ai\/tr\/yunanca-dilbilgisi\/#primaryimage"},"thumbnailUrl":"https:\/\/talkpal.ai\/wp-content\/uploads\/2023\/05\/greece.png","datePublished":"2023-05-14T14:02:30+00:00","dateModified":"2025-12-13T15:33:18+00:00","description":"Yunanca dilbilgisine g\u00fcvenle hakim olun - \u00f6nemli kurallar\u0131 \u00f6\u011frenin, c\u00fcmle kurma prati\u011fi yap\u0131n ve becerilerinizi h\u0131zla g\u00fc\u00e7lendirin Talkpal AI.","breadcrumb":{"@id":"https:\/\/talkpal.ai\/tr\/yunanca-dilbilgisi\/#breadcrumb"},"inLanguage":"tr","potentialAction":[{"@type":"ReadAction","target":["https:\/\/talkpal.ai\/tr\/yunanca-dilbilgisi\/"]}]},{"@type":"ImageObject","inLanguage":"tr","@id":"https:\/\/talkpal.ai\/tr\/yunanca-dilbilgisi\/#primaryimage","url":"https:\/\/talkpal.ai\/wp-content\/uploads\/2023\/05\/greece.png","contentUrl":"https:\/\/talkpal.ai\/wp-content\/uploads\/2023\/05\/greece.png","width":512,"height":512},{"@type":"BreadcrumbList","@id":"https:\/\/talkpal.ai\/tr\/yunanca-dilbilgisi\/#breadcrumb","itemListElement":[{"@type":"ListItem","position":1,"name":"Homepage","item":"https:\/\/talkpal.ai\/tr\/"},{"@type":"ListItem","position":2,"name":"Yunanca Dilbilgisi"}]},{"@type":"WebSite","@id":"https:\/\/talkpal.ai\/tr\/#website","url":"https:\/\/talkpal.ai\/tr\/","name":"Talkpal","description":"AI Language Learning","publisher":{"@id":"https:\/\/talkpal.ai\/tr\/#organization"},"alternateName":"Talkpal AI","potentialAction":[{"@type":"SearchAction","target":{"@type":"EntryPoint","urlTemplate":"https:\/\/talkpal.ai\/tr\/?s={search_term_string}"},"query-input":{"@type":"PropertyValueSpecification","valueRequired":true,"valueName":"search_term_string"}}],"inLanguage":"tr"},{"@type":"Organization","@id":"https:\/\/talkpal.ai\/tr\/#organization","name":"Talkpal, Inc.","alternateName":"Talkpal AI","url":"https:\/\/talkpal.ai\/tr\/","logo":{"@type":"ImageObject","inLanguage":"tr","@id":"https:\/\/talkpal.ai\/tr\/#\/schema\/logo\/image\/","url":"https:\/\/talkpal.ai\/wp-content\/uploads\/2024\/03\/Talkpal-Logo-Icon.png","contentUrl":"https:\/\/talkpal.ai\/wp-content\/uploads\/2024\/03\/Talkpal-Logo-Icon.png","width":2880,"height":2880,"caption":"Talkpal, Inc."},"image":{"@id":"https:\/\/talkpal.ai\/tr\/#\/schema\/logo\/image\/"},"sameAs":["https:\/\/www.facebook.com\/profile.php?id=100090733639311","https:\/\/x.com\/talkpalai","https:\/\/www.linkedin.com\/company\/talkpal\/","https:\/\/www.youtube.com\/@TalkPal\/","https:\/\/www.tiktok.com\/@talkpal","https:\/\/www.instagram.com\/talkpal_ai\/","https:\/\/www.crunchbase.com\/organization\/talkpal-9cde","https:\/\/www.g2.com\/products\/talkpal-for-business\/","https:\/\/www.trustpilot.com\/review\/talkpal.ai","https:\/\/www.capterra.com\/p\/10006800\/TalkPal\/"],"description":"Talkpal is a language learning web and mobile education app, powered by the latest AI technologies, that provides engaging experiences to its customers in many different languages to help them improve their language skills. Users can chat about unlimited amount of topics with the app and use other modes to practice their language learning.","email":"support@talkpal.ai","legalName":"Talkpal, Inc.","foundingDate":"2023-04-03","duns":"118989042","numberOfEmployees":{"@type":"QuantitativeValue","minValue":"11","maxValue":"50"},"publishingPrinciples":"https:\/\/talkpal.ai\/publishing-principles\/","actionableFeedbackPolicy":"https:\/\/talkpal.ai\/actionable-feedback-policy\/","correctionsPolicy":"https:\/\/talkpal.ai\/corrections-policy\/","ethicsPolicy":"https:\/\/talkpal.ai\/ethics-policy\/","diversityPolicy":"https:\/\/talkpal.ai\/diversity-policy\/","diversityStaffingReport":"https:\/\/talkpal.ai\/diversity-policy\/"}]}},"_links":{"self":[{"href":"https:\/\/talkpal.ai\/tr\/wp-json\/wp\/v2\/pages\/142934","targetHints":{"allow":["GET"]}}],"collection":[{"href":"https:\/\/talkpal.ai\/tr\/wp-json\/wp\/v2\/pages"}],"about":[{"href":"https:\/\/talkpal.ai\/tr\/wp-json\/wp\/v2\/types\/page"}],"author":[{"embeddable":true,"href":"https:\/\/talkpal.ai\/tr\/wp-json\/wp\/v2\/users\/1"}],"replies":[{"embeddable":true,"href":"https:\/\/talkpal.ai\/tr\/wp-json\/wp\/v2\/comments?post=142934"}],"version-history":[{"count":0,"href":"https:\/\/talkpal.ai\/tr\/wp-json\/wp\/v2\/pages\/142934\/revisions"}],"wp:featuredmedia":[{"embeddable":true,"href":"https:\/\/talkpal.ai\/tr\/wp-json\/wp\/v2\/media\/112762"}],"wp:attachment":[{"href":"https:\/\/talkpal.ai\/tr\/wp-json\/wp\/v2\/media?parent=142934"}],"curies":[{"name":"wp","href":"https:\/\/api.w.org\/{rel}","templated":true}]}}