{"id":142593,"date":"2023-05-14T14:01:53","date_gmt":"2023-05-14T14:01:53","guid":{"rendered":"http:\/\/talkpal.ai\/estonca-dilbilgisi\/"},"modified":"2025-12-13T15:19:27","modified_gmt":"2025-12-13T15:19:27","slug":"estonca-dilbilgisi","status":"publish","type":"page","link":"https:\/\/talkpal.ai\/tr\/estonca-dilbilgisi\/","title":{"rendered":"Estonca Dilbilgisi"},"content":{"rendered":"\r\n\r\n\r\n<section class=\"languageChallengeSection\">\r\n    <div class=\"languageInfoWrapper\">\r\n        \r\n        <h1>Estonca Dilbilgisi<\/h1>\r\n        <p><a href=\"https:\/\/talkpal.ai\/learn-estonian\/\">Estonca<\/a> \u00f6\u011frenmeyi mi d\u00fc\u015f\u00fcn\u00fcyorsunuz? Sondan eklemenin, sesli harf uyumunun ve \u00e7ok \u00e7e\u015fitli isim durumlar\u0131n\u0131n ger\u00e7ekten farkl\u0131 bir dil deneyimi yaratt\u0131\u011f\u0131 <a href=\"https:\/\/talkpal.ai\/estonian-grammar\/\">Estonca dilbilgisi<\/a> d\u00fcnyas\u0131na ad\u0131m at\u0131n. Ke\u015ffetmeye bug\u00fcn ba\u015flay\u0131n &#8211; Estonca dilbilgisinde uzmanla\u015fmak sadece ak\u0131c\u0131l\u0131\u011f\u0131n\u0131z\u0131 art\u0131rmakla kalmayacak, ayn\u0131 zamanda sizi Estonya&#039;n\u0131n zengin k\u00fclt\u00fcr\u00fc ve tarihine de ba\u011flayacak!<\/p>\r\n\r\n                            <a class=\"getStartedHidden\" href=\"https:\/\/app.talkpal.ai\/tr\/signup?lng=\">Hadi ba\u015fla<\/a>\r\n        \r\n    <\/div>\r\n\r\n    <figure>\r\n    <img decoding=\"async\" width=\"768\" height=\"768\" src=\"https:\/\/talkpal.ai\/wp-content\/uploads\/2023\/06\/Estonian-768x768.png\" class=\"languageImage no-lazy\" alt=\"Secret tricks of language learning\" fetchpriority=\"high\" sizes=\"(max-width: 768px) 150px, 768px\" srcset=\"https:\/\/talkpal.ai\/wp-content\/uploads\/2023\/06\/Estonian-768x768.png 768w, https:\/\/talkpal.ai\/wp-content\/uploads\/2023\/06\/Estonian-300x300.png 300w\" \/>\r\n    \r\n\r\n    <\/figure>\r\n\r\n            <a class=\"getStartedVisible\" href=\"https:\/\/app.talkpal.ai\/tr\/signup?lng=\">Hadi ba\u015fla<\/a>\r\n    \r\n<\/section>\r\n<section class=\"promotionalBanner\">\r\n    <p class=\"promotionalText\">Dil \u00f6\u011frenmenin en etkili yolu<\/p>\r\n    <a class=\"promotionalLink\" href=\"https:\/\/app.talkpal.ai\/tr\/signup?lng=\">Talkpal \u00fccretsiz deneyin<\/a>\r\n<\/section>\n<div class=\"wp-block-group pageContainerStyle\"><div class=\"wp-block-group__inner-container is-layout-constrained wp-block-group-is-layout-constrained\">\n<h2 class=\"wp-block-heading\" id=\"h-estonian-grammar-the-gateway-to-a-unique-language-journey\">Estonca Dilbilgisi: E\u015fsiz Bir Dil Yolculu\u011funa A\u00e7\u0131lan Kap\u0131<\/h2>\n\n\n\n<p>Estonca&#8217;n\u0131n b\u00fcy\u00fcleyici d\u00fcnyas\u0131na ho\u015f geldiniz! Anadili bir milyondan fazla olan Estonca, dil ufkunuzu geni\u015fletmek ve canl\u0131 bir k\u00fclt\u00fcr\u00fc ke\u015ffetmek i\u00e7in size e\u015fsiz bir f\u0131rsat sunuyor. Estonca dilbilgisinin incelikleri ilk bak\u0131\u015fta \u00fcrk\u00fct\u00fcc\u00fc g\u00f6r\u00fcnse de, bu samimi ba\u015flang\u0131\u00e7 k\u0131lavuzu Estonca dilbilgisinin temellerini basit ve ilgi \u00e7ekici bir \u015fekilde a\u00e7\u0131klamak i\u00e7in burada.<\/p>\n\n\n\n<h3 class=\"wp-block-heading\" id=\"h-1-embracing-the-estonian-alphabet\">1. Estonya Alfabesini Benimsemek<\/h3>\n\n\n\n<p>Estonca&#8217;da ustala\u015fma yolculu\u011fu alfabesiyle ba\u015flar. Estonca, dokuz \u00f6zel karakterle desteklenen Latin alfabesini kullan\u0131r: \u00c4, \u00d6, \u00dc, \u00d5, \u0160, \u017d ve bunlar\u0131n k\u00fc\u00e7\u00fck harfleri. Bu karakterlere a\u015fina olmak, Estonca \u00f6\u011frenme deneyiminiz i\u00e7in g\u00fc\u00e7l\u00fc bir temel olu\u015fturacakt\u0131r.<\/p>\n\n\n\n<h3 class=\"wp-block-heading\" id=\"h-2-getting-a-grip-on-estonian-nouns\">2. Estonca \u0130simleri Kavramak<\/h3>\n\n\n\n<p>Bir\u00e7ok Avrupa dilinin aksine, Estonca eril ve di\u015fil cinsiyetler aras\u0131nda ayr\u0131m yapmaz. \u0130simler bunun yerine tekil veya \u00e7o\u011ful olarak s\u0131n\u0131fland\u0131r\u0131l\u0131r ve her ismin 14 durumu vard\u0131r. Bu \u00e7ok zor g\u00f6r\u00fcnse de, isimlerin morfolojik yap\u0131s\u0131n\u0131n olduk\u00e7a d\u00fczenli oldu\u011funu ve \u00f6\u011frenmeyi kolayla\u015ft\u0131rd\u0131\u011f\u0131n\u0131 anlamak \u00f6nemlidir. Ba\u015flamak i\u00e7in, en yayg\u0131n durumlarda uzmanla\u015fmaya odaklan\u0131n: Nominative, Genitive ve Partitive.<\/p>\n\n\n\n<h3 class=\"wp-block-heading\" id=\"h-3-conquering-estonian-verb-conjugation\">3. Estonca Fiil \u00c7ekimini Fethetmek<\/h3>\n\n\n\n<p>Estonca fiiller zaman, ki\u015fi ve say\u0131ya g\u00f6re \u00e7ekimlenir. Sadece \u00fc\u00e7 zaman vard\u0131r: \u015fimdi, ge\u00e7mi\u015f (ge\u00e7mi\u015f zaman ortac\u0131 taraf\u0131ndan kodlan\u0131r) ve gelecek (fiilin \u015fimdiki zaman bi\u00e7imiyle ifade edilir, gelecek yard\u0131mc\u0131s\u0131 ile birlikte).<\/p>\n\n\n\n<p>\u00d6rne\u011fin, burada &#8220;lugema&#8221; (okumak) fiili i\u00e7in \u00e7ekimler bulunmaktad\u0131r:<\/p>\n\n\n\n<p><strong>&#8211; \u015eimdiki zaman: Ma loen (Okudum)<\/strong><\/p>\n\n\n\n<p><strong>&#8211; Ge\u00e7mi\u015f: Ma lugesin (okudum\/okudum)<\/strong><\/p>\n\n\n\n<p><strong>&#8211; Gelecek: Ma loen raamatuid (Kitap okuyaca\u011f\u0131m)<\/strong><\/p>\n\n\n\n<h3 class=\"wp-block-heading\" id=\"h-4-unraveling-the-mystery-of-estonian-pronouns\">4. Estonca Zamirlerin Gizemini \u00c7\u00f6zmek<\/h3>\n\n\n\n<p>Estonca&#8217;daki zamirler, isimlerin yerini almaya ve konu\u015fmay\u0131 daha p\u00fcr\u00fczs\u00fcz ve daha dinamik hale getirmeye hizmet eder. \u015eah\u0131s ve iyelik zamirlerini \u00f6\u011frenmeye odaklan\u0131n:<\/p>\n\n\n\n<p><strong>&#8211; Ki\u015fi zamirleri: mina (ben), sina (sen, resmi olmayan), tema (o), meie (biz), teie (siz, \u00e7o\u011ful\/resmi), nemad (onlar)<\/strong><\/p>\n\n\n\n<p><strong>&#8211; \u0130yelik zamirleri: minu (benim), sinu (senin, resmi olmayan), tema (onun), meie (bizim), teie (senin, \u00e7o\u011ful\/resmi), nende (onlar\u0131n)<\/strong><\/p>\n\n\n\n<h3 class=\"wp-block-heading\" id=\"h-5-no-articles-no-problem\">5. Makale Yok, Sorun Yok!<\/h3>\n\n\n\n<p>Estonca, belirli veya belirsiz artikeller kullanmaz, rahat bir nefes alman\u0131z\u0131 sa\u011flar. Mesela:<\/p>\n\n\n\n<p><strong>&#8211; Koer &#8211; &#8220;k\u00f6pek&#8221; veya &#8220;bir k\u00f6pek&#8221;<\/strong><\/p>\n\n\n\n<p><strong>&#8211; Maja &#8211; &#8220;ev&#8221; veya &#8220;bir ev&#8221;<\/strong><\/p>\n\n\n\n<p>Estonca dilbilgisine hakim olmak, zengin bir k\u00fclt\u00fcrel deneyime kap\u0131 a\u00e7an heyecan verici ve zenginle\u015ftirici bir s\u00fcre\u00e7tir. Pratik yapman\u0131n anahtar oldu\u011funu unutmay\u0131n, bu nedenle kendinizi Estonca dilbilgisine b\u0131rak\u0131n, anadili \u0130ngilizce olan ki\u015filerle etkile\u015fim kurun ve dil yolculu\u011funuz i\u00e7in g\u00fc\u00e7l\u00fc bir temel olu\u015fturun. Edu! (\u0130yi \u015fanslar!)<\/p>\n<\/div><\/div>\n\r\n<section class=\"learnNavigationSection\">\r\n            \r\n        <a href=\"https:\/\/talkpal.ai\/tr\/estonca-ogren\/\">\r\n            <div class=\"learnNavigationWrapper\">\r\n                <div class=\"learnNavigationContent\">\r\n                    <img decoding=\"async\" src=\"https:\/\/talkpal.ai\/wp-content\/uploads\/2024\/08\/Estonian.jpg\" alt=\"Estonian Flag\">\r\n                    <div>\r\n                        <h4>Estonca \u00d6\u011frenimi Hakk\u0131nda<\/h4>\r\n                        <p>Estonca dilbilgisi hakk\u0131nda her \u015feyi \u00f6\u011frenin .<\/p>\r\n                    <\/div>\r\n                <\/div>\r\n            <\/div>\r\n        <\/a>\r\n\r\n        \r\n        <a href=\"https:\/\/talkpal.ai\/tr\/estonca-gramer-alistirmalari\/\">\r\n            <div class=\"learnNavigationWrapper\">\r\n                <div class=\"learnNavigationContent\">\r\n                    <img decoding=\"async\" src=\"https:\/\/talkpal.ai\/wp-content\/uploads\/2024\/08\/Estonian.jpg\" alt=\"Estonian Flag\">\r\n                    <div>\r\n                        <h4>Estonca Dilbilgisi Al\u0131\u015ft\u0131rmas\u0131<\/h4>\r\n                        <p>Estonca dilbilgisi al\u0131\u015ft\u0131rmas\u0131 yap\u0131n .<\/p>\r\n                    <\/div>\r\n                <\/div>\r\n            <\/div>\r\n        <\/a>\r\n\r\n        \r\n        <a href=\"https:\/\/talkpal.ai\/vocabulary_language\/estonian\/\">\r\n            <div class=\"learnNavigationWrapper\">\r\n                <div class=\"learnNavigationContent\">\r\n                    <img decoding=\"async\" src=\"https:\/\/talkpal.ai\/wp-content\/uploads\/2024\/08\/Estonian.jpg\" alt=\"Estonian Flag\">\r\n                    <div>\r\n                        <h4>Estonca Kelime Bilgisi<\/h4>\r\n                        <p>Estonca kelime da\u011farc\u0131\u011f\u0131n\u0131z\u0131 geni\u015fletin.<\/p>\r\n                    <\/div>\r\n                <\/div>\r\n            <\/div>\r\n        <\/a>\r\n\r\n            <\/section>","protected":false},"excerpt":{"rendered":"<p>Estonca Dilbilgisi: E\u015fsiz Bir Dil Yolculu\u011funa A\u00e7\u0131lan Kap\u0131 Estonca&#8217;n\u0131n b\u00fcy\u00fcleyici d\u00fcnyas\u0131na ho\u015f geldiniz! Anadili bir milyondan fazla olan Estonca, dil ufkunuzu geni\u015fletmek ve canl\u0131 bir k\u00fclt\u00fcr\u00fc ke\u015ffetmek i\u00e7in size e\u015fsiz bir f\u0131rsat sunuyor. Estonca dilbilgisinin incelikleri ilk bak\u0131\u015fta \u00fcrk\u00fct\u00fcc\u00fc g\u00f6r\u00fcnse de, bu samimi ba\u015flang\u0131\u00e7 k\u0131lavuzu Estonca dilbilgisinin temellerini basit ve ilgi \u00e7ekici bir \u015fekilde a\u00e7\u0131klamak [&hellip;]<\/p>\n","protected":false},"author":1,"featured_media":112570,"parent":0,"menu_order":0,"comment_status":"closed","ping_status":"closed","template":"LearningContentPage.php","meta":{"_acf_changed":false,"footnotes":""},"class_list":["post-142593","page","type-page","status-publish","has-post-thumbnail","hentry"],"acf":[],"yoast_head":"<!-- This site is optimized with the Yoast SEO Premium plugin v27.2 (Yoast SEO v27.2) - https:\/\/yoast.com\/product\/yoast-seo-premium-wordpress\/ -->\n<title>Estonca Dilbilgisi - Talkpal<\/title>\n<meta name=\"description\" content=\"Durumlar, fiiller, c\u00fcmle yap\u0131s\u0131, telaffuz ve ipu\u00e7lar\u0131 dahil olmak \u00fczere Estonca dilbilgisinin temel kavramlar\u0131n\u0131 ke\u015ffedin.\" \/>\n<meta name=\"robots\" content=\"index, follow, max-snippet:-1, max-image-preview:large, max-video-preview:-1\" \/>\n<link rel=\"canonical\" href=\"https:\/\/talkpal.ai\/tr\/estonca-dilbilgisi\/\" \/>\n<meta property=\"og:locale\" content=\"tr_TR\" \/>\n<meta property=\"og:type\" content=\"article\" \/>\n<meta property=\"og:title\" content=\"Estonca Dilbilgisi\" \/>\n<meta property=\"og:description\" content=\"Estonca Dilbilgisi: E\u015fsiz Bir Dil Yolculu\u011funa A\u00e7\u0131lan Kap\u0131 Estonca&#039;n\u0131n b\u00fcy\u00fcleyici d\u00fcnyas\u0131na ho\u015f geldiniz! Anadili bir milyondan fazla olan Estonca, dil\" \/>\n<meta property=\"og:url\" content=\"https:\/\/talkpal.ai\/tr\/estonca-dilbilgisi\/\" \/>\n<meta property=\"og:site_name\" content=\"Talkpal\" \/>\n<meta property=\"article:publisher\" content=\"https:\/\/www.facebook.com\/profile.php?id=100090733639311\" \/>\n<meta property=\"article:modified_time\" content=\"2025-12-13T15:19:27+00:00\" \/>\n<meta property=\"og:image\" content=\"https:\/\/talkpal.ai\/wp-content\/uploads\/2023\/05\/estonia.png\" \/>\n\t<meta property=\"og:image:width\" content=\"512\" \/>\n\t<meta property=\"og:image:height\" content=\"512\" \/>\n\t<meta property=\"og:image:type\" content=\"image\/png\" \/>\n<meta name=\"twitter:card\" content=\"summary_large_image\" \/>\n<meta name=\"twitter:site\" content=\"@talkpalai\" \/>\n<meta name=\"twitter:label1\" content=\"Tahmini okuma s\u00fcresi\" \/>\n\t<meta name=\"twitter:data1\" content=\"2 dakika\" \/>\n<script type=\"application\/ld+json\" class=\"yoast-schema-graph\">{\"@context\":\"https:\/\/schema.org\",\"@graph\":[{\"@type\":\"WebPage\",\"@id\":\"https:\/\/talkpal.ai\/tr\/estonca-dilbilgisi\/\",\"url\":\"https:\/\/talkpal.ai\/tr\/estonca-dilbilgisi\/\",\"name\":\"Estonca Dilbilgisi - Talkpal\",\"isPartOf\":{\"@id\":\"https:\/\/talkpal.ai\/tr\/#website\"},\"primaryImageOfPage\":{\"@id\":\"https:\/\/talkpal.ai\/tr\/estonca-dilbilgisi\/#primaryimage\"},\"image\":{\"@id\":\"https:\/\/talkpal.ai\/tr\/estonca-dilbilgisi\/#primaryimage\"},\"thumbnailUrl\":\"https:\/\/talkpal.ai\/wp-content\/uploads\/2023\/05\/estonia.png\",\"datePublished\":\"2023-05-14T14:01:53+00:00\",\"dateModified\":\"2025-12-13T15:19:27+00:00\",\"description\":\"Durumlar, fiiller, c\u00fcmle yap\u0131s\u0131, telaffuz ve ipu\u00e7lar\u0131 dahil olmak \u00fczere Estonca dilbilgisinin temel kavramlar\u0131n\u0131 ke\u015ffedin.\",\"breadcrumb\":{\"@id\":\"https:\/\/talkpal.ai\/tr\/estonca-dilbilgisi\/#breadcrumb\"},\"inLanguage\":\"tr\",\"potentialAction\":[{\"@type\":\"ReadAction\",\"target\":[\"https:\/\/talkpal.ai\/tr\/estonca-dilbilgisi\/\"]}]},{\"@type\":\"ImageObject\",\"inLanguage\":\"tr\",\"@id\":\"https:\/\/talkpal.ai\/tr\/estonca-dilbilgisi\/#primaryimage\",\"url\":\"https:\/\/talkpal.ai\/wp-content\/uploads\/2023\/05\/estonia.png\",\"contentUrl\":\"https:\/\/talkpal.ai\/wp-content\/uploads\/2023\/05\/estonia.png\",\"width\":512,\"height\":512},{\"@type\":\"BreadcrumbList\",\"@id\":\"https:\/\/talkpal.ai\/tr\/estonca-dilbilgisi\/#breadcrumb\",\"itemListElement\":[{\"@type\":\"ListItem\",\"position\":1,\"name\":\"Homepage\",\"item\":\"https:\/\/talkpal.ai\/tr\/\"},{\"@type\":\"ListItem\",\"position\":2,\"name\":\"Estonca Dilbilgisi\"}]},{\"@type\":\"WebSite\",\"@id\":\"https:\/\/talkpal.ai\/tr\/#website\",\"url\":\"https:\/\/talkpal.ai\/tr\/\",\"name\":\"Talkpal\",\"description\":\"AI Language Learning\",\"publisher\":{\"@id\":\"https:\/\/talkpal.ai\/tr\/#organization\"},\"alternateName\":\"Talkpal AI\",\"potentialAction\":[{\"@type\":\"SearchAction\",\"target\":{\"@type\":\"EntryPoint\",\"urlTemplate\":\"https:\/\/talkpal.ai\/tr\/?s={search_term_string}\"},\"query-input\":{\"@type\":\"PropertyValueSpecification\",\"valueRequired\":true,\"valueName\":\"search_term_string\"}}],\"inLanguage\":\"tr\"},{\"@type\":\"Organization\",\"@id\":\"https:\/\/talkpal.ai\/tr\/#organization\",\"name\":\"Talkpal, Inc.\",\"alternateName\":\"Talkpal AI\",\"url\":\"https:\/\/talkpal.ai\/tr\/\",\"logo\":{\"@type\":\"ImageObject\",\"inLanguage\":\"tr\",\"@id\":\"https:\/\/talkpal.ai\/tr\/#\/schema\/logo\/image\/\",\"url\":\"https:\/\/talkpal.ai\/wp-content\/uploads\/2024\/03\/Talkpal-Logo-Icon.png\",\"contentUrl\":\"https:\/\/talkpal.ai\/wp-content\/uploads\/2024\/03\/Talkpal-Logo-Icon.png\",\"width\":2880,\"height\":2880,\"caption\":\"Talkpal, Inc.\"},\"image\":{\"@id\":\"https:\/\/talkpal.ai\/tr\/#\/schema\/logo\/image\/\"},\"sameAs\":[\"https:\/\/www.facebook.com\/profile.php?id=100090733639311\",\"https:\/\/x.com\/talkpalai\",\"https:\/\/www.linkedin.com\/company\/talkpal\/\",\"https:\/\/www.youtube.com\/@TalkPal\/\",\"https:\/\/www.tiktok.com\/@talkpal\",\"https:\/\/www.instagram.com\/talkpal_ai\/\",\"https:\/\/www.crunchbase.com\/organization\/talkpal-9cde\",\"https:\/\/www.g2.com\/products\/talkpal-for-business\/\",\"https:\/\/www.trustpilot.com\/review\/talkpal.ai\",\"https:\/\/www.capterra.com\/p\/10006800\/TalkPal\/\"],\"description\":\"Talkpal is a language learning web and mobile education app, powered by the latest AI technologies, that provides engaging experiences to its customers in many different languages to help them improve their language skills. Users can chat about unlimited amount of topics with the app and use other modes to practice their language learning.\",\"email\":\"support@talkpal.ai\",\"legalName\":\"Talkpal, Inc.\",\"foundingDate\":\"2023-04-03\",\"duns\":\"118989042\",\"numberOfEmployees\":{\"@type\":\"QuantitativeValue\",\"minValue\":\"11\",\"maxValue\":\"50\"},\"publishingPrinciples\":\"https:\/\/talkpal.ai\/publishing-principles\/\",\"actionableFeedbackPolicy\":\"https:\/\/talkpal.ai\/actionable-feedback-policy\/\",\"correctionsPolicy\":\"https:\/\/talkpal.ai\/corrections-policy\/\",\"ethicsPolicy\":\"https:\/\/talkpal.ai\/ethics-policy\/\",\"diversityPolicy\":\"https:\/\/talkpal.ai\/diversity-policy\/\",\"diversityStaffingReport\":\"https:\/\/talkpal.ai\/diversity-policy\/\"}]}<\/script>\n<!-- \/ Yoast SEO Premium plugin. -->","yoast_head_json":{"title":"Estonca Dilbilgisi - Talkpal","description":"Durumlar, fiiller, c\u00fcmle yap\u0131s\u0131, telaffuz ve ipu\u00e7lar\u0131 dahil olmak \u00fczere Estonca dilbilgisinin temel kavramlar\u0131n\u0131 ke\u015ffedin.","robots":{"index":"index","follow":"follow","max-snippet":"max-snippet:-1","max-image-preview":"max-image-preview:large","max-video-preview":"max-video-preview:-1"},"canonical":"https:\/\/talkpal.ai\/tr\/estonca-dilbilgisi\/","og_locale":"tr_TR","og_type":"article","og_title":"Estonca Dilbilgisi","og_description":"Estonca Dilbilgisi: E\u015fsiz Bir Dil Yolculu\u011funa A\u00e7\u0131lan Kap\u0131 Estonca'n\u0131n b\u00fcy\u00fcleyici d\u00fcnyas\u0131na ho\u015f geldiniz! Anadili bir milyondan fazla olan Estonca, dil","og_url":"https:\/\/talkpal.ai\/tr\/estonca-dilbilgisi\/","og_site_name":"Talkpal","article_publisher":"https:\/\/www.facebook.com\/profile.php?id=100090733639311","article_modified_time":"2025-12-13T15:19:27+00:00","og_image":[{"width":512,"height":512,"url":"https:\/\/talkpal.ai\/wp-content\/uploads\/2023\/05\/estonia.png","type":"image\/png"}],"twitter_card":"summary_large_image","twitter_site":"@talkpalai","twitter_misc":{"Tahmini okuma s\u00fcresi":"2 dakika"},"schema":{"@context":"https:\/\/schema.org","@graph":[{"@type":"WebPage","@id":"https:\/\/talkpal.ai\/tr\/estonca-dilbilgisi\/","url":"https:\/\/talkpal.ai\/tr\/estonca-dilbilgisi\/","name":"Estonca Dilbilgisi - Talkpal","isPartOf":{"@id":"https:\/\/talkpal.ai\/tr\/#website"},"primaryImageOfPage":{"@id":"https:\/\/talkpal.ai\/tr\/estonca-dilbilgisi\/#primaryimage"},"image":{"@id":"https:\/\/talkpal.ai\/tr\/estonca-dilbilgisi\/#primaryimage"},"thumbnailUrl":"https:\/\/talkpal.ai\/wp-content\/uploads\/2023\/05\/estonia.png","datePublished":"2023-05-14T14:01:53+00:00","dateModified":"2025-12-13T15:19:27+00:00","description":"Durumlar, fiiller, c\u00fcmle yap\u0131s\u0131, telaffuz ve ipu\u00e7lar\u0131 dahil olmak \u00fczere Estonca dilbilgisinin temel kavramlar\u0131n\u0131 ke\u015ffedin.","breadcrumb":{"@id":"https:\/\/talkpal.ai\/tr\/estonca-dilbilgisi\/#breadcrumb"},"inLanguage":"tr","potentialAction":[{"@type":"ReadAction","target":["https:\/\/talkpal.ai\/tr\/estonca-dilbilgisi\/"]}]},{"@type":"ImageObject","inLanguage":"tr","@id":"https:\/\/talkpal.ai\/tr\/estonca-dilbilgisi\/#primaryimage","url":"https:\/\/talkpal.ai\/wp-content\/uploads\/2023\/05\/estonia.png","contentUrl":"https:\/\/talkpal.ai\/wp-content\/uploads\/2023\/05\/estonia.png","width":512,"height":512},{"@type":"BreadcrumbList","@id":"https:\/\/talkpal.ai\/tr\/estonca-dilbilgisi\/#breadcrumb","itemListElement":[{"@type":"ListItem","position":1,"name":"Homepage","item":"https:\/\/talkpal.ai\/tr\/"},{"@type":"ListItem","position":2,"name":"Estonca Dilbilgisi"}]},{"@type":"WebSite","@id":"https:\/\/talkpal.ai\/tr\/#website","url":"https:\/\/talkpal.ai\/tr\/","name":"Talkpal","description":"AI Language Learning","publisher":{"@id":"https:\/\/talkpal.ai\/tr\/#organization"},"alternateName":"Talkpal AI","potentialAction":[{"@type":"SearchAction","target":{"@type":"EntryPoint","urlTemplate":"https:\/\/talkpal.ai\/tr\/?s={search_term_string}"},"query-input":{"@type":"PropertyValueSpecification","valueRequired":true,"valueName":"search_term_string"}}],"inLanguage":"tr"},{"@type":"Organization","@id":"https:\/\/talkpal.ai\/tr\/#organization","name":"Talkpal, Inc.","alternateName":"Talkpal AI","url":"https:\/\/talkpal.ai\/tr\/","logo":{"@type":"ImageObject","inLanguage":"tr","@id":"https:\/\/talkpal.ai\/tr\/#\/schema\/logo\/image\/","url":"https:\/\/talkpal.ai\/wp-content\/uploads\/2024\/03\/Talkpal-Logo-Icon.png","contentUrl":"https:\/\/talkpal.ai\/wp-content\/uploads\/2024\/03\/Talkpal-Logo-Icon.png","width":2880,"height":2880,"caption":"Talkpal, Inc."},"image":{"@id":"https:\/\/talkpal.ai\/tr\/#\/schema\/logo\/image\/"},"sameAs":["https:\/\/www.facebook.com\/profile.php?id=100090733639311","https:\/\/x.com\/talkpalai","https:\/\/www.linkedin.com\/company\/talkpal\/","https:\/\/www.youtube.com\/@TalkPal\/","https:\/\/www.tiktok.com\/@talkpal","https:\/\/www.instagram.com\/talkpal_ai\/","https:\/\/www.crunchbase.com\/organization\/talkpal-9cde","https:\/\/www.g2.com\/products\/talkpal-for-business\/","https:\/\/www.trustpilot.com\/review\/talkpal.ai","https:\/\/www.capterra.com\/p\/10006800\/TalkPal\/"],"description":"Talkpal is a language learning web and mobile education app, powered by the latest AI technologies, that provides engaging experiences to its customers in many different languages to help them improve their language skills. Users can chat about unlimited amount of topics with the app and use other modes to practice their language learning.","email":"support@talkpal.ai","legalName":"Talkpal, Inc.","foundingDate":"2023-04-03","duns":"118989042","numberOfEmployees":{"@type":"QuantitativeValue","minValue":"11","maxValue":"50"},"publishingPrinciples":"https:\/\/talkpal.ai\/publishing-principles\/","actionableFeedbackPolicy":"https:\/\/talkpal.ai\/actionable-feedback-policy\/","correctionsPolicy":"https:\/\/talkpal.ai\/corrections-policy\/","ethicsPolicy":"https:\/\/talkpal.ai\/ethics-policy\/","diversityPolicy":"https:\/\/talkpal.ai\/diversity-policy\/","diversityStaffingReport":"https:\/\/talkpal.ai\/diversity-policy\/"}]}},"_links":{"self":[{"href":"https:\/\/talkpal.ai\/tr\/wp-json\/wp\/v2\/pages\/142593","targetHints":{"allow":["GET"]}}],"collection":[{"href":"https:\/\/talkpal.ai\/tr\/wp-json\/wp\/v2\/pages"}],"about":[{"href":"https:\/\/talkpal.ai\/tr\/wp-json\/wp\/v2\/types\/page"}],"author":[{"embeddable":true,"href":"https:\/\/talkpal.ai\/tr\/wp-json\/wp\/v2\/users\/1"}],"replies":[{"embeddable":true,"href":"https:\/\/talkpal.ai\/tr\/wp-json\/wp\/v2\/comments?post=142593"}],"version-history":[{"count":0,"href":"https:\/\/talkpal.ai\/tr\/wp-json\/wp\/v2\/pages\/142593\/revisions"}],"wp:featuredmedia":[{"embeddable":true,"href":"https:\/\/talkpal.ai\/tr\/wp-json\/wp\/v2\/media\/112570"}],"wp:attachment":[{"href":"https:\/\/talkpal.ai\/tr\/wp-json\/wp\/v2\/media?parent=142593"}],"curies":[{"name":"wp","href":"https:\/\/api.w.org\/{rel}","templated":true}]}}