{"id":142291,"date":"2023-05-14T14:01:16","date_gmt":"2023-05-14T14:01:16","guid":{"rendered":"http:\/\/talkpal.ai\/hirvatca-dilbilgisi\/"},"modified":"2025-12-11T16:39:22","modified_gmt":"2025-12-11T16:39:22","slug":"hirvatca-dilbilgisi","status":"publish","type":"page","link":"https:\/\/talkpal.ai\/tr\/hirvatca-dilbilgisi\/","title":{"rendered":"H\u0131rvat\u00e7a Dilbilgisi"},"content":{"rendered":"\r\n\r\n\r\n<section class=\"languageChallengeSection\">\r\n    <div class=\"languageInfoWrapper\">\r\n        \r\n        <h1>H\u0131rvat\u00e7a Dilbilgisi<\/h1>\r\n        <p>H\u0131rvat\u00e7an\u0131n temel dilbilgisi kurallar\u0131n\u0131 \u00f6\u011frenerek b\u00fcy\u00fcleyici yap\u0131s\u0131n\u0131 ke\u015ffedin. H\u0131rvat\u00e7a dilbilgisine hakim olmak, ileti\u015fim i\u00e7in yeni f\u0131rsatlar yaratacak ve \u00fclkenin k\u00fclt\u00fcr\u00fcn\u00fc ve miras\u0131n\u0131 daha iyi deneyimlemenize yard\u0131mc\u0131 olacakt\u0131r. <a href=\"https:\/\/talkpal.ai\/uz\/xorvat-tili-grammatikasi\/\">H\u0131rvat\u00e7a dilbilgisi<\/a> \u00f6\u011frenmeye bug\u00fcn ba\u015flay\u0131n ve ak\u0131c\u0131 \u015fekilde konu\u015fmaya do\u011fru ilk ad\u0131m\u0131n\u0131z\u0131 at\u0131n!<\/p>\r\n\r\n                            <a class=\"getStartedHidden\" href=\"https:\/\/app.talkpal.ai\/tr\/signup?lng=\">Hadi ba\u015fla<\/a>\r\n        \r\n    <\/div>\r\n\r\n    <figure>\r\n    <img decoding=\"async\" width=\"768\" height=\"768\" src=\"https:\/\/talkpal.ai\/wp-content\/uploads\/2023\/06\/croatian-768x768.png\" class=\"languageImage no-lazy\" alt=\"Language learning for successful interaction\" fetchpriority=\"high\" sizes=\"(max-width: 768px) 150px, 768px\" srcset=\"https:\/\/talkpal.ai\/wp-content\/uploads\/2023\/06\/croatian-768x768.png 768w, https:\/\/talkpal.ai\/wp-content\/uploads\/2023\/06\/croatian-300x300.png 300w\" \/>\r\n    \r\n\r\n    <\/figure>\r\n\r\n            <a class=\"getStartedVisible\" href=\"https:\/\/app.talkpal.ai\/tr\/signup?lng=\">Hadi ba\u015fla<\/a>\r\n    \r\n<\/section>\r\n<section class=\"promotionalBanner\">\r\n    <p class=\"promotionalText\">Dil \u00f6\u011frenmenin en etkili yolu<\/p>\r\n    <a class=\"promotionalLink\" href=\"https:\/\/app.talkpal.ai\/tr\/signup?lng=\">Talkpal \u00fccretsiz deneyin<\/a>\r\n<\/section>\n<div class=\"wp-block-group pageContainerStyle\"><div class=\"wp-block-group__inner-container is-layout-constrained wp-block-group-is-layout-constrained\">\n<h2 class=\"wp-block-heading\" id=\"h-a-journey-through-croatian-grammar-unraveling-the-complexities-made-easy\">H\u0131rvat\u00e7a Dilbilgisinde Bir Yolculuk: Karma\u015f\u0131kl\u0131klar\u0131 \u00c7\u00f6zmek Art\u0131k Daha Kolay<\/h2>\n\n\n\n<p>H\u0131rvat\u00e7a dilbilgisi: \u00e7ekici ve korkutucu, basit ve karma\u015f\u0131k, gizemli ve b\u00fcy\u00fcleyici. H\u0131rvat\u00e7a \u00f6\u011frenme yolculu\u011funa \u00e7\u0131karken, gramer inceliklerini anlama d\u00fc\u015f\u00fcncesiyle bunalm\u0131\u015f hissedebilirsiniz. <a href=\"https:\/\/talkpal.ai\/locations\/language-courses-in-ama\/\">Ama<\/a> korkma, cesur dilbilimci, \u00e7\u00fcnk\u00fc yolun her ad\u0131m\u0131nda sana rehberlik etmek i\u00e7in buraday\u0131z!<\/p>\n\n\n\n<p>Bu yaz\u0131da, H\u0131rvat\u00e7a dilbilgisi kavramlar\u0131 hakk\u0131nda temel bir anlay\u0131\u015f sa\u011flayaca\u011f\u0131z ve bu g\u00fczel Slav dilinde ustala\u015fmak i\u00e7in ipu\u00e7lar\u0131 ve p\u00fcf noktalar\u0131 sa\u011flayaca\u011f\u0131z. Arkan\u0131za yaslan\u0131n, rahatlay\u0131n ve g\u00f6r\u00fcn\u00fc\u015fte karma\u015f\u0131k olan bu olay\u0131 basitle\u015ftirmemize izin verin!<\/p>\n\n\n\n<h3 class=\"wp-block-heading\" id=\"h-1-heavenly-nouns-declining-in-style\">1. G\u00f6ksel \u0130simler: Tarzda D\u00fc\u015f\u00fc\u015f<\/h3>\n\n\n\n<p>Latince veya Almanca gibi dillere a\u015finaysan\u0131z, isim \u00e7ekimi kavram\u0131 sizin i\u00e7in yeni olmayacakt\u0131r. H\u0131rvat\u00e7a dilbilgisi, toplam yedi vaka ile bir \u00e7ekim temeli \u00fczerine in\u015fa edilmi\u015ftir. Evet, do\u011fru duydunuz! H\u0131rvat\u00e7a&#8217;daki her isim, c\u00fcmledeki rol\u00fcne ba\u011fl\u0131 olarak yedi farkl\u0131 forma sahip olabilir. Ama neden yaygara, soruyorsun? Edatlara olan ihtiyac\u0131 azaltarak dili daha kesin hale getirir.  <\/p>\n\n\n\n<p>\u0130\u015fte vakalar\u0131n k\u0131sa bir \u00f6zeti:<\/p>\n\n\n\n<p><strong>&#8211; Nominatif:<\/strong> Bir c\u00fcmlenin \u00f6znesi<\/p>\n\n\n\n<p><strong>&#8211; Genitif:<\/strong> Sahiplik veya k\u00f6keni belirtir<\/p>\n\n\n\n<p><strong>&#8211; Datif:<\/strong> Dolayl\u0131 nesne veya hedef<\/p>\n\n\n\n<p><strong>&#8211; Su\u00e7lay\u0131c\u0131:<\/strong> Do\u011frudan nesne veya hedef<\/p>\n\n\n\n<p><strong>&#8211; Vokatif:<\/strong> Birine hitap etmek veya \u00e7a\u011f\u0131rmak i\u00e7in kullan\u0131l\u0131r<\/p>\n\n\n\n<p><strong>&#8211; Konum belirleyici:<\/strong> Konumu belirtir<\/p>\n\n\n\n<p><strong>&#8211; Enstr\u00fcmantal:<\/strong> Ara\u00e7lar\u0131, tarz\u0131 veya e\u015flik etmeyi tan\u0131mlar<\/p>\n\n\n\n<p>\u015eimdi, paniklemeye ba\u015flamadan \u00f6nce, uygulaman\u0131n m\u00fckemmelle\u015ftirdi\u011fini unutmay\u0131n. Dilin d\u00fczenli olarak ortaya \u00e7\u0131kmas\u0131 ve kullan\u0131lmas\u0131, bu \u00e7ekimlerde yava\u015f yava\u015f ustala\u015fman\u0131za ve bir H\u0131rvat dilbilgisi dehas\u0131 olman\u0131za yard\u0131mc\u0131 olacakt\u0131r!<\/p>\n\n\n\n<h3 class=\"wp-block-heading\" id=\"h-2-adorable-adjectives-agreements-galore\">2. Sevimli S\u0131fatlar: Bolca Anla\u015fma<\/h3>\n\n\n\n<p>H\u0131rvat\u00e7a dilbilgisi d\u00fcnyas\u0131nda, s\u0131fatlar kabul edilebilir olmay\u0131 sever. De\u011fi\u015ftirdikleri ismin cinsiyetine, say\u0131s\u0131na ve durumuna g\u00f6re de\u011fi\u015firler. Bu, ismin eril, di\u015fil veya n\u00f6tr olmas\u0131n\u0131n yan\u0131 s\u0131ra tekil veya \u00e7o\u011ful olmas\u0131na ba\u011fl\u0131 olarak s\u0131fat\u0131n bi\u00e7imini ayarlaman\u0131z gerekti\u011fi anlam\u0131na gelir.<\/p>\n\n\n\n<p>Anla\u015fma konusunda zorlan\u0131yor musunuz? \u0130\u015fte size k\u00fc\u00e7\u00fck bir ipucu: Bir s\u0131fat\u0131n k\u00f6k\u00fcn\u00fc \u00f6\u011frenmeye odaklan\u0131n, gerisi kendili\u011finden gelecektir. \u00d6rne\u011fin, &#8220;g\u00fczel&#8221; kelimesinin k\u00f6k s\u0131fat\u0131 &#8220;lijep-&#8220;dir ve \u00e7e\u015fitli son ekler kullanarak &#8220;lijepa&#8221; (di\u015fil, yal\u0131n) veya &#8220;lijepim&#8221; (eril \/ n\u00f6tr, ara\u00e7sal) gibi formlar olu\u015fturabilirsiniz.<\/p>\n\n\n\n<h3 class=\"wp-block-heading\" id=\"h-3-vibrant-verbs-conjugating-to-perfection\">3. Canl\u0131 Fiiller: M\u00fckemmelli\u011fe \u00c7ekimleme<\/h3>\n\n\n\n<p>Burada bir model g\u00f6rmeye mi ba\u015flad\u0131n\u0131z? T\u0131pk\u0131 isimler ve s\u0131fatlar gibi, H\u0131rvat\u00e7a fiiller de varyasyonlarla doludur. Bu dilde fiiller zaman, ruh hali, y\u00f6n, ki\u015fi ve say\u0131ya g\u00f6re \u00e7ekime u\u011frar.<\/p>\n\n\n\n<p>H\u0131rvat\u00e7a&#8217;da \u00fc\u00e7 ana zaman vard\u0131r: ge\u00e7mi\u015f, \u015fimdiki zaman ve gelecek. \u015eimdiki zaman\u0131 kavramak nispeten kolay g\u00f6r\u00fcnse de, ge\u00e7mi\u015f ve gelecek zamanlar karma\u015f\u0131k olabilir. Ama endi\u015felenme! Pratik yapmak ve dile maruz kalmak, bu engelleri k\u0131sa s\u00fcrede a\u015fman\u0131za yard\u0131mc\u0131 olacakt\u0131r.<\/p>\n\n\n\n<h3 class=\"wp-block-heading\" id=\"h-4-prepositions-cases-dynamic-duo\">4. Edatlar + Durumlar = Dinamik \u0130kili!<\/h3>\n\n\n\n<p>H\u0131rvat\u00e7a edatlar, isim durumlar\u0131yla yak\u0131ndan ba\u011flant\u0131l\u0131 olduklar\u0131 i\u00e7in biraz yan\u0131lt\u0131c\u0131 olabilir. \u00d6rne\u011fin, &#8220;u&#8221; edat\u0131 (in, into) hareket veya y\u00f6n ifade ediyorsa akuzatif durumla kullan\u0131l\u0131r, ancak konumu tasvir ediyorsa, o zaman lokatif durumla \u00e7al\u0131\u015f\u0131r.<\/p>\n\n\n\n<p>Kar\u0131\u015f\u0131kl\u0131\u011f\u0131 \u00f6nlemek i\u00e7in, bir edat\u0131 gerektirdi\u011fi b\u00fcy\u00fck\/k\u00fc\u00e7\u00fck harfle ili\u015fkilendirin. \u00d6rne\u011fin, &#8220;u + locative = in&#8221; ve &#8220;u + accusative = into&#8221; ifadelerini hat\u0131rlay\u0131n.<\/p>\n\n\n\n<h3 class=\"wp-block-heading\" id=\"h-5-tame-the-complexities-practice-makes-perfect\">5. Karma\u015f\u0131kl\u0131klar\u0131 Evcille\u015ftirin: Pratik M\u00fckemmelle\u015ftirir<\/h3>\n\n\n\n<p>\u0130lk bak\u0131\u015fta, H\u0131rvat\u00e7a dilbilgisi bir labirent gibi g\u00f6r\u00fcnebilir, ancak prati\u011fin ba\u015far\u0131n\u0131n gizli bile\u015feni oldu\u011funu unutmay\u0131n. Okuyarak, yazarak, dinleyerek ve sohbet ederek kendinizi dile b\u0131rak\u0131n. Beyninizin yeni dil ortam\u0131n\u0131 \u00f6z\u00fcmsemesine ve uyum sa\u011flamas\u0131na izin vererek zorluklar\u0131 zafere d\u00f6n\u00fc\u015ft\u00fcr\u00fcn.<\/p>\n\n\n\n<p>H\u0131rvat dilbilgisinin b\u00fcy\u00fcleyici sular\u0131na ayak parmaklar\u0131n\u0131z\u0131 dald\u0131rd\u0131\u011f\u0131n\u0131za g\u00f6re, daha derine dalmaya haz\u0131r m\u0131s\u0131n\u0131z? Karma\u015f\u0131kl\u0131klar\u0131 kucaklay\u0131n, n\u00fcanslar\u0131n tad\u0131n\u0131 \u00e7\u0131kar\u0131n ve sebat ve tutkuyla H\u0131rvat dilinin ger\u00e7ek g\u00fczelli\u011fini ortaya \u00e7\u0131karabilece\u011finizi unutmay\u0131n. Sretno! (\u0130yi \u015fanslar!)<\/p>\n<\/div><\/div>\n\r\n<section class=\"learnNavigationSection\">\r\n            \r\n        <a href=\"https:\/\/talkpal.ai\/tr\/hirvatca-ogren\/\">\r\n            <div class=\"learnNavigationWrapper\">\r\n                <div class=\"learnNavigationContent\">\r\n                    <img decoding=\"async\" src=\"https:\/\/talkpal.ai\/wp-content\/uploads\/2024\/08\/Croatian.jpg\" alt=\"Croatian Flag\">\r\n                    <div>\r\n                        <h4>Croatian Learning Hakk\u0131nda<\/h4>\r\n                        <p>H\u0131rvat\u00e7a dilbilgisi hakk\u0131nda her \u015feyi \u00f6\u011frenin .<\/p>\r\n                    <\/div>\r\n                <\/div>\r\n            <\/div>\r\n        <\/a>\r\n\r\n        \r\n        <a href=\"https:\/\/talkpal.ai\/tr\/hirvatca-dilbilgisi-alistirmalari\/\">\r\n            <div class=\"learnNavigationWrapper\">\r\n                <div class=\"learnNavigationContent\">\r\n                    <img decoding=\"async\" src=\"https:\/\/talkpal.ai\/wp-content\/uploads\/2024\/08\/Croatian.jpg\" alt=\"Croatian Flag\">\r\n                    <div>\r\n                        <h4>H\u0131rvat\u00e7a Dilbilgisi Al\u0131\u015ft\u0131rmas\u0131<\/h4>\r\n                        <p>H\u0131rvat\u00e7a dilbilgisi al\u0131\u015ft\u0131rmas\u0131 yap\u0131n .<\/p>\r\n                    <\/div>\r\n                <\/div>\r\n            <\/div>\r\n        <\/a>\r\n\r\n        \r\n        <a href=\"https:\/\/talkpal.ai\/vocabulary_language\/croatian\/\">\r\n            <div class=\"learnNavigationWrapper\">\r\n                <div class=\"learnNavigationContent\">\r\n                    <img decoding=\"async\" src=\"https:\/\/talkpal.ai\/wp-content\/uploads\/2024\/08\/Croatian.jpg\" alt=\"Croatian Flag\">\r\n                    <div>\r\n                        <h4>H\u0131rvat\u00e7a Kelime Bilgisi<\/h4>\r\n                        <p>H\u0131rvat\u00e7a kelime da\u011farc\u0131\u011f\u0131n\u0131z\u0131 geni\u015fletin.<\/p>\r\n                    <\/div>\r\n                <\/div>\r\n            <\/div>\r\n        <\/a>\r\n\r\n            <\/section>","protected":false},"excerpt":{"rendered":"<p>H\u0131rvat\u00e7a Dilbilgisinde Bir Yolculuk: Karma\u015f\u0131kl\u0131klar\u0131 \u00c7\u00f6zmek Art\u0131k Daha Kolay H\u0131rvat\u00e7a dilbilgisi: \u00e7ekici ve korkutucu, basit ve karma\u015f\u0131k, gizemli ve b\u00fcy\u00fcleyici. H\u0131rvat\u00e7a \u00f6\u011frenme yolculu\u011funa \u00e7\u0131karken, gramer inceliklerini anlama d\u00fc\u015f\u00fcncesiyle bunalm\u0131\u015f hissedebilirsiniz. Ama korkma, cesur dilbilimci, \u00e7\u00fcnk\u00fc yolun her ad\u0131m\u0131nda sana rehberlik etmek i\u00e7in buraday\u0131z! Bu yaz\u0131da, H\u0131rvat\u00e7a dilbilgisi kavramlar\u0131 hakk\u0131nda temel bir anlay\u0131\u015f sa\u011flayaca\u011f\u0131z ve bu [&hellip;]<\/p>\n","protected":false},"author":1,"featured_media":110017,"parent":0,"menu_order":0,"comment_status":"closed","ping_status":"closed","template":"LearningContentPage.php","meta":{"_acf_changed":false,"footnotes":""},"class_list":["post-142291","page","type-page","status-publish","has-post-thumbnail","hentry"],"acf":[],"yoast_head":"<!-- This site is optimized with the Yoast SEO Premium plugin v27.2 (Yoast SEO v27.2) - https:\/\/yoast.com\/product\/yoast-seo-premium-wordpress\/ -->\n<title>H\u0131rvat\u00e7a Dilbilgisi - Talkpal<\/title>\n<meta name=\"description\" content=\"H\u0131rvat\u00e7a dilbilgisini ke\u015ffedin ve temel ipu\u00e7lar\u0131 ve kaynaklarla dil anlay\u0131\u015f\u0131n\u0131z\u0131 geli\u015ftirin.\" \/>\n<meta name=\"robots\" content=\"index, follow, max-snippet:-1, max-image-preview:large, max-video-preview:-1\" \/>\n<link rel=\"canonical\" href=\"https:\/\/talkpal.ai\/tr\/hirvatca-dilbilgisi\/\" \/>\n<meta property=\"og:locale\" content=\"tr_TR\" \/>\n<meta property=\"og:type\" content=\"article\" \/>\n<meta property=\"og:title\" content=\"H\u0131rvat\u00e7a Dilbilgisi\" \/>\n<meta property=\"og:description\" content=\"H\u0131rvat\u00e7a Dilbilgisinde Bir Yolculuk: Karma\u015f\u0131kl\u0131klar\u0131 \u00c7\u00f6zmek Art\u0131k Daha Kolay H\u0131rvat\u00e7a dilbilgisi: \u00e7ekici ve korkutucu, basit ve karma\u015f\u0131k, gizemli ve\" \/>\n<meta property=\"og:url\" content=\"https:\/\/talkpal.ai\/tr\/hirvatca-dilbilgisi\/\" \/>\n<meta property=\"og:site_name\" content=\"Talkpal\" \/>\n<meta property=\"article:publisher\" content=\"https:\/\/www.facebook.com\/profile.php?id=100090733639311\" \/>\n<meta property=\"article:modified_time\" content=\"2025-12-11T16:39:22+00:00\" \/>\n<meta property=\"og:image\" content=\"https:\/\/talkpal.ai\/wp-content\/uploads\/2023\/05\/croatia.png\" \/>\n\t<meta property=\"og:image:width\" content=\"512\" \/>\n\t<meta property=\"og:image:height\" content=\"512\" \/>\n\t<meta property=\"og:image:type\" content=\"image\/png\" \/>\n<meta name=\"twitter:card\" content=\"summary_large_image\" \/>\n<meta name=\"twitter:site\" content=\"@talkpalai\" \/>\n<meta name=\"twitter:label1\" content=\"Tahmini okuma s\u00fcresi\" \/>\n\t<meta name=\"twitter:data1\" content=\"4 dakika\" \/>\n<script type=\"application\/ld+json\" class=\"yoast-schema-graph\">{\"@context\":\"https:\/\/schema.org\",\"@graph\":[{\"@type\":\"WebPage\",\"@id\":\"https:\/\/talkpal.ai\/tr\/hirvatca-dilbilgisi\/\",\"url\":\"https:\/\/talkpal.ai\/tr\/hirvatca-dilbilgisi\/\",\"name\":\"H\u0131rvat\u00e7a Dilbilgisi - Talkpal\",\"isPartOf\":{\"@id\":\"https:\/\/talkpal.ai\/tr\/#website\"},\"primaryImageOfPage\":{\"@id\":\"https:\/\/talkpal.ai\/tr\/hirvatca-dilbilgisi\/#primaryimage\"},\"image\":{\"@id\":\"https:\/\/talkpal.ai\/tr\/hirvatca-dilbilgisi\/#primaryimage\"},\"thumbnailUrl\":\"https:\/\/talkpal.ai\/wp-content\/uploads\/2023\/05\/croatia.png\",\"datePublished\":\"2023-05-14T14:01:16+00:00\",\"dateModified\":\"2025-12-11T16:39:22+00:00\",\"description\":\"H\u0131rvat\u00e7a dilbilgisini ke\u015ffedin ve temel ipu\u00e7lar\u0131 ve kaynaklarla dil anlay\u0131\u015f\u0131n\u0131z\u0131 geli\u015ftirin.\",\"breadcrumb\":{\"@id\":\"https:\/\/talkpal.ai\/tr\/hirvatca-dilbilgisi\/#breadcrumb\"},\"inLanguage\":\"tr\",\"potentialAction\":[{\"@type\":\"ReadAction\",\"target\":[\"https:\/\/talkpal.ai\/tr\/hirvatca-dilbilgisi\/\"]}]},{\"@type\":\"ImageObject\",\"inLanguage\":\"tr\",\"@id\":\"https:\/\/talkpal.ai\/tr\/hirvatca-dilbilgisi\/#primaryimage\",\"url\":\"https:\/\/talkpal.ai\/wp-content\/uploads\/2023\/05\/croatia.png\",\"contentUrl\":\"https:\/\/talkpal.ai\/wp-content\/uploads\/2023\/05\/croatia.png\",\"width\":512,\"height\":512},{\"@type\":\"BreadcrumbList\",\"@id\":\"https:\/\/talkpal.ai\/tr\/hirvatca-dilbilgisi\/#breadcrumb\",\"itemListElement\":[{\"@type\":\"ListItem\",\"position\":1,\"name\":\"Homepage\",\"item\":\"https:\/\/talkpal.ai\/tr\/\"},{\"@type\":\"ListItem\",\"position\":2,\"name\":\"H\u0131rvat\u00e7a Dilbilgisi\"}]},{\"@type\":\"WebSite\",\"@id\":\"https:\/\/talkpal.ai\/tr\/#website\",\"url\":\"https:\/\/talkpal.ai\/tr\/\",\"name\":\"Talkpal\",\"description\":\"AI Language Learning\",\"publisher\":{\"@id\":\"https:\/\/talkpal.ai\/tr\/#organization\"},\"alternateName\":\"Talkpal AI\",\"potentialAction\":[{\"@type\":\"SearchAction\",\"target\":{\"@type\":\"EntryPoint\",\"urlTemplate\":\"https:\/\/talkpal.ai\/tr\/?s={search_term_string}\"},\"query-input\":{\"@type\":\"PropertyValueSpecification\",\"valueRequired\":true,\"valueName\":\"search_term_string\"}}],\"inLanguage\":\"tr\"},{\"@type\":\"Organization\",\"@id\":\"https:\/\/talkpal.ai\/tr\/#organization\",\"name\":\"Talkpal, Inc.\",\"alternateName\":\"Talkpal AI\",\"url\":\"https:\/\/talkpal.ai\/tr\/\",\"logo\":{\"@type\":\"ImageObject\",\"inLanguage\":\"tr\",\"@id\":\"https:\/\/talkpal.ai\/tr\/#\/schema\/logo\/image\/\",\"url\":\"https:\/\/talkpal.ai\/wp-content\/uploads\/2024\/03\/Talkpal-Logo-Icon.png\",\"contentUrl\":\"https:\/\/talkpal.ai\/wp-content\/uploads\/2024\/03\/Talkpal-Logo-Icon.png\",\"width\":2880,\"height\":2880,\"caption\":\"Talkpal, Inc.\"},\"image\":{\"@id\":\"https:\/\/talkpal.ai\/tr\/#\/schema\/logo\/image\/\"},\"sameAs\":[\"https:\/\/www.facebook.com\/profile.php?id=100090733639311\",\"https:\/\/x.com\/talkpalai\",\"https:\/\/www.linkedin.com\/company\/talkpal\/\",\"https:\/\/www.youtube.com\/@TalkPal\/\",\"https:\/\/www.tiktok.com\/@talkpal\",\"https:\/\/www.instagram.com\/talkpal_ai\/\",\"https:\/\/www.crunchbase.com\/organization\/talkpal-9cde\",\"https:\/\/www.g2.com\/products\/talkpal-for-business\/\",\"https:\/\/www.trustpilot.com\/review\/talkpal.ai\",\"https:\/\/www.capterra.com\/p\/10006800\/TalkPal\/\"],\"description\":\"Talkpal is a language learning web and mobile education app, powered by the latest AI technologies, that provides engaging experiences to its customers in many different languages to help them improve their language skills. Users can chat about unlimited amount of topics with the app and use other modes to practice their language learning.\",\"email\":\"support@talkpal.ai\",\"legalName\":\"Talkpal, Inc.\",\"foundingDate\":\"2023-04-03\",\"duns\":\"118989042\",\"numberOfEmployees\":{\"@type\":\"QuantitativeValue\",\"minValue\":\"11\",\"maxValue\":\"50\"},\"publishingPrinciples\":\"https:\/\/talkpal.ai\/publishing-principles\/\",\"actionableFeedbackPolicy\":\"https:\/\/talkpal.ai\/actionable-feedback-policy\/\",\"correctionsPolicy\":\"https:\/\/talkpal.ai\/corrections-policy\/\",\"ethicsPolicy\":\"https:\/\/talkpal.ai\/ethics-policy\/\",\"diversityPolicy\":\"https:\/\/talkpal.ai\/diversity-policy\/\",\"diversityStaffingReport\":\"https:\/\/talkpal.ai\/diversity-policy\/\"}]}<\/script>\n<!-- \/ Yoast SEO Premium plugin. -->","yoast_head_json":{"title":"H\u0131rvat\u00e7a Dilbilgisi - Talkpal","description":"H\u0131rvat\u00e7a dilbilgisini ke\u015ffedin ve temel ipu\u00e7lar\u0131 ve kaynaklarla dil anlay\u0131\u015f\u0131n\u0131z\u0131 geli\u015ftirin.","robots":{"index":"index","follow":"follow","max-snippet":"max-snippet:-1","max-image-preview":"max-image-preview:large","max-video-preview":"max-video-preview:-1"},"canonical":"https:\/\/talkpal.ai\/tr\/hirvatca-dilbilgisi\/","og_locale":"tr_TR","og_type":"article","og_title":"H\u0131rvat\u00e7a Dilbilgisi","og_description":"H\u0131rvat\u00e7a Dilbilgisinde Bir Yolculuk: Karma\u015f\u0131kl\u0131klar\u0131 \u00c7\u00f6zmek Art\u0131k Daha Kolay H\u0131rvat\u00e7a dilbilgisi: \u00e7ekici ve korkutucu, basit ve karma\u015f\u0131k, gizemli ve","og_url":"https:\/\/talkpal.ai\/tr\/hirvatca-dilbilgisi\/","og_site_name":"Talkpal","article_publisher":"https:\/\/www.facebook.com\/profile.php?id=100090733639311","article_modified_time":"2025-12-11T16:39:22+00:00","og_image":[{"width":512,"height":512,"url":"https:\/\/talkpal.ai\/wp-content\/uploads\/2023\/05\/croatia.png","type":"image\/png"}],"twitter_card":"summary_large_image","twitter_site":"@talkpalai","twitter_misc":{"Tahmini okuma s\u00fcresi":"4 dakika"},"schema":{"@context":"https:\/\/schema.org","@graph":[{"@type":"WebPage","@id":"https:\/\/talkpal.ai\/tr\/hirvatca-dilbilgisi\/","url":"https:\/\/talkpal.ai\/tr\/hirvatca-dilbilgisi\/","name":"H\u0131rvat\u00e7a Dilbilgisi - Talkpal","isPartOf":{"@id":"https:\/\/talkpal.ai\/tr\/#website"},"primaryImageOfPage":{"@id":"https:\/\/talkpal.ai\/tr\/hirvatca-dilbilgisi\/#primaryimage"},"image":{"@id":"https:\/\/talkpal.ai\/tr\/hirvatca-dilbilgisi\/#primaryimage"},"thumbnailUrl":"https:\/\/talkpal.ai\/wp-content\/uploads\/2023\/05\/croatia.png","datePublished":"2023-05-14T14:01:16+00:00","dateModified":"2025-12-11T16:39:22+00:00","description":"H\u0131rvat\u00e7a dilbilgisini ke\u015ffedin ve temel ipu\u00e7lar\u0131 ve kaynaklarla dil anlay\u0131\u015f\u0131n\u0131z\u0131 geli\u015ftirin.","breadcrumb":{"@id":"https:\/\/talkpal.ai\/tr\/hirvatca-dilbilgisi\/#breadcrumb"},"inLanguage":"tr","potentialAction":[{"@type":"ReadAction","target":["https:\/\/talkpal.ai\/tr\/hirvatca-dilbilgisi\/"]}]},{"@type":"ImageObject","inLanguage":"tr","@id":"https:\/\/talkpal.ai\/tr\/hirvatca-dilbilgisi\/#primaryimage","url":"https:\/\/talkpal.ai\/wp-content\/uploads\/2023\/05\/croatia.png","contentUrl":"https:\/\/talkpal.ai\/wp-content\/uploads\/2023\/05\/croatia.png","width":512,"height":512},{"@type":"BreadcrumbList","@id":"https:\/\/talkpal.ai\/tr\/hirvatca-dilbilgisi\/#breadcrumb","itemListElement":[{"@type":"ListItem","position":1,"name":"Homepage","item":"https:\/\/talkpal.ai\/tr\/"},{"@type":"ListItem","position":2,"name":"H\u0131rvat\u00e7a Dilbilgisi"}]},{"@type":"WebSite","@id":"https:\/\/talkpal.ai\/tr\/#website","url":"https:\/\/talkpal.ai\/tr\/","name":"Talkpal","description":"AI Language Learning","publisher":{"@id":"https:\/\/talkpal.ai\/tr\/#organization"},"alternateName":"Talkpal AI","potentialAction":[{"@type":"SearchAction","target":{"@type":"EntryPoint","urlTemplate":"https:\/\/talkpal.ai\/tr\/?s={search_term_string}"},"query-input":{"@type":"PropertyValueSpecification","valueRequired":true,"valueName":"search_term_string"}}],"inLanguage":"tr"},{"@type":"Organization","@id":"https:\/\/talkpal.ai\/tr\/#organization","name":"Talkpal, Inc.","alternateName":"Talkpal AI","url":"https:\/\/talkpal.ai\/tr\/","logo":{"@type":"ImageObject","inLanguage":"tr","@id":"https:\/\/talkpal.ai\/tr\/#\/schema\/logo\/image\/","url":"https:\/\/talkpal.ai\/wp-content\/uploads\/2024\/03\/Talkpal-Logo-Icon.png","contentUrl":"https:\/\/talkpal.ai\/wp-content\/uploads\/2024\/03\/Talkpal-Logo-Icon.png","width":2880,"height":2880,"caption":"Talkpal, Inc."},"image":{"@id":"https:\/\/talkpal.ai\/tr\/#\/schema\/logo\/image\/"},"sameAs":["https:\/\/www.facebook.com\/profile.php?id=100090733639311","https:\/\/x.com\/talkpalai","https:\/\/www.linkedin.com\/company\/talkpal\/","https:\/\/www.youtube.com\/@TalkPal\/","https:\/\/www.tiktok.com\/@talkpal","https:\/\/www.instagram.com\/talkpal_ai\/","https:\/\/www.crunchbase.com\/organization\/talkpal-9cde","https:\/\/www.g2.com\/products\/talkpal-for-business\/","https:\/\/www.trustpilot.com\/review\/talkpal.ai","https:\/\/www.capterra.com\/p\/10006800\/TalkPal\/"],"description":"Talkpal is a language learning web and mobile education app, powered by the latest AI technologies, that provides engaging experiences to its customers in many different languages to help them improve their language skills. Users can chat about unlimited amount of topics with the app and use other modes to practice their language learning.","email":"support@talkpal.ai","legalName":"Talkpal, Inc.","foundingDate":"2023-04-03","duns":"118989042","numberOfEmployees":{"@type":"QuantitativeValue","minValue":"11","maxValue":"50"},"publishingPrinciples":"https:\/\/talkpal.ai\/publishing-principles\/","actionableFeedbackPolicy":"https:\/\/talkpal.ai\/actionable-feedback-policy\/","correctionsPolicy":"https:\/\/talkpal.ai\/corrections-policy\/","ethicsPolicy":"https:\/\/talkpal.ai\/ethics-policy\/","diversityPolicy":"https:\/\/talkpal.ai\/diversity-policy\/","diversityStaffingReport":"https:\/\/talkpal.ai\/diversity-policy\/"}]}},"_links":{"self":[{"href":"https:\/\/talkpal.ai\/tr\/wp-json\/wp\/v2\/pages\/142291","targetHints":{"allow":["GET"]}}],"collection":[{"href":"https:\/\/talkpal.ai\/tr\/wp-json\/wp\/v2\/pages"}],"about":[{"href":"https:\/\/talkpal.ai\/tr\/wp-json\/wp\/v2\/types\/page"}],"author":[{"embeddable":true,"href":"https:\/\/talkpal.ai\/tr\/wp-json\/wp\/v2\/users\/1"}],"replies":[{"embeddable":true,"href":"https:\/\/talkpal.ai\/tr\/wp-json\/wp\/v2\/comments?post=142291"}],"version-history":[{"count":0,"href":"https:\/\/talkpal.ai\/tr\/wp-json\/wp\/v2\/pages\/142291\/revisions"}],"wp:featuredmedia":[{"embeddable":true,"href":"https:\/\/talkpal.ai\/tr\/wp-json\/wp\/v2\/media\/110017"}],"wp:attachment":[{"href":"https:\/\/talkpal.ai\/tr\/wp-json\/wp\/v2\/media?parent=142291"}],"curies":[{"name":"wp","href":"https:\/\/api.w.org\/{rel}","templated":true}]}}