{"id":141984,"date":"2023-05-14T14:00:56","date_gmt":"2023-05-14T14:00:56","guid":{"rendered":"http:\/\/talkpal.ai\/katalanca-dilbilgisi\/"},"modified":"2025-05-22T18:35:11","modified_gmt":"2025-05-22T18:35:11","slug":"katalanca-dilbilgisi","status":"publish","type":"page","link":"https:\/\/talkpal.ai\/tr\/katalanca-dilbilgisi\/","title":{"rendered":"Katalanca Dilbilgisi"},"content":{"rendered":"\r\n\r\n\r\n<section class=\"languageChallengeSection\">\r\n    <div class=\"languageInfoWrapper\">\r\n        \r\n        <h1>Katalanca Dilbilgisi<\/h1>\r\n        <p><a href=\"https:\/\/talkpal.ai\/catalan-grammar\/\">Katalanca dilbilgisi<\/a> d\u00fcnyas\u0131na dal\u0131n ve bu canl\u0131 Roman dilinin benzersiz yap\u0131s\u0131n\u0131 ke\u015ffedin. Temel konularda uzmanla\u015fmak, daha etkili ileti\u015fim kurman\u0131za ve Katalan k\u00fclt\u00fcr\u00fcyle daha derin bir d\u00fczeyde ba\u011flant\u0131 kurman\u0131za yard\u0131mc\u0131 olacakt\u0131r. Katalanca dilbilgisi \u00f6\u011frenmeye bug\u00fcn ba\u015flay\u0131n ve ak\u0131c\u0131 konu\u015fmaya do\u011fru ilk ad\u0131m\u0131n\u0131z\u0131 at\u0131n!\n\n<\/p>\r\n\r\n                            <a class=\"getStartedHidden\" href=\"https:\/\/app.talkpal.ai\/tr\/signup?lng=\">Hadi ba\u015fla<\/a>\r\n        \r\n    <\/div>\r\n\r\n    <figure>\r\n    <img decoding=\"async\" width=\"768\" height=\"768\" src=\"https:\/\/talkpal.ai\/wp-content\/uploads\/2023\/06\/catalan-768x768.png\" class=\"languageImage no-lazy\" alt=\"Language learning techniques for fast learning\" fetchpriority=\"high\" sizes=\"(max-width: 768px) 150px, 768px\" srcset=\"https:\/\/talkpal.ai\/wp-content\/uploads\/2023\/06\/catalan-768x768.png 768w, https:\/\/talkpal.ai\/wp-content\/uploads\/2023\/06\/catalan-300x300.png 300w\" \/>\r\n    \r\n\r\n    <\/figure>\r\n\r\n            <a class=\"getStartedVisible\" href=\"https:\/\/app.talkpal.ai\/tr\/signup?lng=\">Hadi ba\u015fla<\/a>\r\n    \r\n<\/section>\r\n<section class=\"promotionalBanner\">\r\n    <p class=\"promotionalText\">Dil \u00f6\u011frenmenin en etkili yolu<\/p>\r\n    <a class=\"promotionalLink\" href=\"https:\/\/app.talkpal.ai\/tr\/signup?lng=\">Talkpal \u00fccretsiz deneyin<\/a>\r\n<\/section>\n<div class=\"wp-block-group pageContainerStyle\"><div class=\"wp-block-group__inner-container is-layout-constrained wp-block-group-is-layout-constrained\">\n<h2 class=\"wp-block-heading\" id=\"h-catalan-grammar-a-quick-guide-for-language-enthusiasts\">Katalanca Dilbilgisi: Dil Merakl\u0131lar\u0131 \u0130\u00e7in H\u0131zl\u0131 Bir K\u0131lavuz<\/h2>\n\n\n\n<p>Katalanca \u00f6\u011frenmeyi mi planl\u0131yorsunuz yoksa sadece bu g\u00fczel Roman dilini mi merak ediyorsunuz? Ba\u015fka yerde arama! Sizi Katalanca dilbilgisinde h\u0131zl\u0131 bir tura \u00e7\u0131karmak ve temel bilgilerle donatmak i\u00e7in buraday\u0131z. Gelin bu b\u00fcy\u00fcleyici dilin i\u00e7ine dalal\u0131m ve gramer d\u00fczeyinde nas\u0131l \u00e7al\u0131\u015ft\u0131\u011f\u0131n\u0131 ke\u015ffedelim.<\/p>\n\n\n\n<p>A\u011f\u0131rl\u0131kl\u0131 olarak Katalonya, Valensiya ve Balear Adalar\u0131&#8217;nda yakla\u015f\u0131k 10 milyon ki\u015fi taraf\u0131ndan konu\u015fulan Katalanca, Latince, \u0130spanyolca ve Frans\u0131zca&#8217;dan gelen etkilerin benzersiz bir kar\u0131\u015f\u0131m\u0131na sahiptir. T\u0131pk\u0131 sizin ve benim gibi, diller de zaman i\u00e7inde birbirlerinden farkl\u0131 n\u00fcanslar \u00f6d\u00fcn\u00e7 alarak kendilerini daha da zenginle\u015ftirirler. Ne kadar heyecan verici!<\/p>\n\n\n\n<p><strong>\u015eimdi, Katalanca dilbilgisinin baz\u0131 temel y\u00f6nlerini \u00f6\u011frenelim:<\/strong><\/p>\n\n\n\n<h3 class=\"wp-block-heading\" id=\"h-1-nouns-and-gender\">1. \u0130simler ve Cinsiyet:<\/h3>\n\n\n\n<p>Benimle birlikte s\u00f6yleyin &#8211; &#8216;Her ismin g\u00fcc\u00fc vard\u0131r! T\u0131pk\u0131 di\u011fer Roman dillerinde oldu\u011fu gibi Katalanca isimler de eril ya da di\u015fildir ve bu &#8216;cinsiyet&#8217; onlar\u0131n artikel ve s\u0131fatlarla nas\u0131l kullan\u0131ld\u0131\u011f\u0131n\u0131 etkiler. Yine de endi\u015felenmeyin! \u00c7o\u011fu zaman, &#8216;-a&#8217; ile biten isimler di\u015fil, &#8216;-o&#8217; (veya di\u011fer \u00fcns\u00fczler) ile bitenler ise erildir. Ancak, istisnalara dikkat edin &#8211; size gizlice yakla\u015fmay\u0131 severler!<\/p>\n\n\n\n<h3 class=\"wp-block-heading\" id=\"h-2-articles\">2. Makaleler:<\/h3>\n\n\n\n<p>Makaleler olmadan hayat s\u0131k\u0131c\u0131 olurdu, de\u011fil mi? Katalanca s\u00f6z konusu oldu\u011funda, belirli \u015feyleri veya ki\u015fileri (\u201ck\u00f6pek\u201d veya \u201ckitap\u201d gibi) i\u015faret etmek i\u00e7in belirli artikellerimiz ve genel referanslar i\u00e7in belirsiz artikellerimiz (\u201cbir k\u00f6pek\u201d veya \u201cbir kitap\u201d gibi) vard\u0131r.  <\/p>\n\n\n\n<p>Katalanca&#8217;da belirli artikeller eril tekil isimler i\u00e7in &#8220;el&#8221;, di\u015fil tekil isimler i\u00e7in &#8220;la&#8221;, eril \u00e7o\u011ful isimler i\u00e7in &#8220;els&#8221; ve di\u015fil \u00e7o\u011ful isimler i\u00e7in &#8220;les&#8221; \u015feklindedir. Belirsiz artikeller ise eril tekil isimler i\u00e7in &#8220;un&#8221; ve di\u015fil tekil isimler i\u00e7in &#8220;una&#8221; \u015feklindedir. \u00c7o\u011ful bi\u00e7imde, belirli belirsiz makaleler yoktur. \u00c7ok kolay, de\u011fil mi?<\/p>\n\n\n\n<h3 class=\"wp-block-heading\" id=\"h-3-adjectives\">3. S\u0131fatlar:<\/h3>\n\n\n\n<p>S\u0131fatlar, isimleri tan\u0131mlayarak c\u00fcmlelerinize lezzet katar ve Katalanca&#8217;da de\u011fi\u015ftirdikleri isimlerle cinsiyet ve say\u0131 olarak anla\u015f\u0131rlar. \u00c7o\u011fu durumda, &#8220;-o&#8221; ile biten s\u0131fatlar eril, &#8220;-a&#8221; ile bitenler ise di\u015fildir. \u00c7o\u011ful olu\u015fturmak i\u00e7in &#8220;-o &#8220;yu &#8220;-os&#8221; (eril) ve &#8220;-a &#8220;y\u0131 &#8220;-es&#8221; (di\u015fil) olarak de\u011fi\u015ftirin. Baz\u0131 s\u0131fatlar\u0131n her iki cinsiyet i\u00e7in de benzersiz bir bi\u00e7ime sahip oldu\u011funu ve yaln\u0131zca \u00e7o\u011ful i\u015faretleyicinin de\u011fi\u015fti\u011fini unutmay\u0131n. Kula\u011fa e\u011flenceli geliyor, de\u011fil mi?<\/p>\n\n\n\n<h3 class=\"wp-block-heading\" id=\"h-4-verbs-and-conjugation\">4. Fiiller ve \u00c7ekimler:<\/h3>\n\n\n\n<p>Her dilin kalbi! Katalancada fiiller mastar sonlar\u0131na g\u00f6re \u00fc\u00e7 gruba ayr\u0131l\u0131r: &#8220;-ar,&#8221; &#8220;-er,&#8221; ve &#8220;-ir&#8221;. Her grubun farkl\u0131 zamanlar, ruh halleri ve zamirler i\u00e7in farkl\u0131 \u00e7ekim kal\u0131b\u0131 vard\u0131r &#8211; t\u0131pk\u0131 farkl\u0131 ritimlerle dans etmek gibi. Katalanca&#8217;da ayr\u0131ca bile\u015fik zamanlar ve edilgen \u00e7at\u0131 olu\u015fturmak i\u00e7in di\u011fer fiillerle birle\u015fen yard\u0131mc\u0131 fiiller (&#8216;to have&#8217; ve &#8216;to be&#8217; gibi) vard\u0131r. \u00d6yleyse dans ayakkab\u0131lar\u0131n\u0131z\u0131 giyin ve Katalanca fiillerin canl\u0131 d\u00fcnyas\u0131n\u0131 ke\u015ffetmeye ba\u015flay\u0131n.<\/p>\n\n\n\n<h3 class=\"wp-block-heading\" id=\"h-5-word-order\">5. Kelime S\u0131ras\u0131:<\/h3>\n\n\n\n<p>Bu kelimeleri do\u011fru s\u0131raya koyal\u0131m! Katalanca tipik olarak, t\u0131pk\u0131 \u0130ngilizce gibi bir \u00f6zne-fiil-nesne (SVO) kelime s\u0131ras\u0131n\u0131 takip eder. Bununla birlikte, vurgu veya \u00fcslup ama\u00e7lar\u0131 i\u00e7in kelime s\u0131ras\u0131na g\u00f6re esnekli\u011fe izin verilir. S\u0131fatlar genellikle tan\u0131mlad\u0131klar\u0131 isimden sonra gelir, ancak \u00f6nemlerini vurgulamak i\u00e7in onlar\u0131 isimden \u00f6nce g\u00f6rebilirsiniz. Unutmay\u0131n, Katalanca&#8217;da kelime s\u0131ras\u0131na hakim olmak s\u00f6z konusu oldu\u011funda pratik yapmak m\u00fckemmelle\u015ftirir.<\/p>\n\n\n\n<h3 class=\"wp-block-heading\" id=\"h-6-pronouns-and-prepositions\">6. Zamirler ve Edatlar:<\/h3>\n\n\n\n<p>Sonuncu ama \u00f6nemli! Katalanca&#8217;n\u0131n \u00f6zne zamirleri (ben, sen, o, o, vb.) ve nesne zamirleri (ben, sen, o, o, vb.) vard\u0131r ve bunlar bir c\u00fcmle i\u00e7indeki i\u015flevlerine ba\u011fl\u0131 olarak farkl\u0131 de\u011fi\u015fikliklere u\u011frayabilir. Ayr\u0131ca, Katalanca edatlar (&#8220;a&#8221;, &#8220;de&#8221;, &#8220;en&#8221;, &#8220;amb&#8221; gibi) kelimeleri ve c\u00fcmleleri birbirine ba\u011flaman\u0131za ve aralar\u0131ndaki ili\u015fkileri g\u00f6stermenize yard\u0131mc\u0131 olur.<\/p>\n\n\n\n<p>Whew! Art\u0131k Katalanca dilbilgisinin temellerini \u00f6\u011frendiniz. Ke\u015ffetmeye, sorular sormaya ve bu g\u00fczel dili uygulamaya devam edin. Unutmay\u0131n, yeni bir dil \u00f6\u011frenmek heyecan verici bir yolculu\u011fa \u00e7\u0131kmak gibidir. \u0130ni\u015fler ve \u00e7\u0131k\u0131\u015flar ya\u015fayacaks\u0131n\u0131z, ancak \u00f6d\u00fcller \u00e7abaya de\u011fer. Afiyet olsun!<\/p>\n<\/div><\/div>\n\r\n<section class=\"learnNavigationSection\">\r\n            \r\n        <a href=\"https:\/\/talkpal.ai\/tr\/katalanca-ogren\/\">\r\n            <div class=\"learnNavigationWrapper\">\r\n                <div class=\"learnNavigationContent\">\r\n                    <img decoding=\"async\" src=\"https:\/\/talkpal.ai\/wp-content\/uploads\/2024\/08\/Catalan.jpg\" alt=\"Catalan Flag\">\r\n                    <div>\r\n                        <h4>Catalan Learning Hakk\u0131nda<\/h4>\r\n                        <p>Katalanca dilbilgisi hakk\u0131nda her \u015feyi \u00f6\u011frenin .<\/p>\r\n                    <\/div>\r\n                <\/div>\r\n            <\/div>\r\n        <\/a>\r\n\r\n        \r\n        <a href=\"https:\/\/talkpal.ai\/tr\/katalanca-dilbilgisi-alistirmalari\/\">\r\n            <div class=\"learnNavigationWrapper\">\r\n                <div class=\"learnNavigationContent\">\r\n                    <img decoding=\"async\" src=\"https:\/\/talkpal.ai\/wp-content\/uploads\/2024\/08\/Catalan.jpg\" alt=\"Catalan Flag\">\r\n                    <div>\r\n                        <h4>Katalanca Dilbilgisi Al\u0131\u015ft\u0131rmas\u0131<\/h4>\r\n                        <p>Katalanca dilbilgisi prati\u011fi yap\u0131n .<\/p>\r\n                    <\/div>\r\n                <\/div>\r\n            <\/div>\r\n        <\/a>\r\n\r\n        \r\n        <a href=\"https:\/\/talkpal.ai\/vocabulary_language\/catalan\/\">\r\n            <div class=\"learnNavigationWrapper\">\r\n                <div class=\"learnNavigationContent\">\r\n                    <img decoding=\"async\" src=\"https:\/\/talkpal.ai\/wp-content\/uploads\/2024\/08\/Catalan.jpg\" alt=\"Catalan Flag\">\r\n                    <div>\r\n                        <h4>Katalanca Kelime Bilgisi<\/h4>\r\n                        <p>Katalanca kelime da\u011farc\u0131\u011f\u0131n\u0131z\u0131 geni\u015fletin.<\/p>\r\n                    <\/div>\r\n                <\/div>\r\n            <\/div>\r\n        <\/a>\r\n\r\n            <\/section>","protected":false},"excerpt":{"rendered":"<p>Katalanca Dilbilgisi: Dil Merakl\u0131lar\u0131 \u0130\u00e7in H\u0131zl\u0131 Bir K\u0131lavuz Katalanca \u00f6\u011frenmeyi mi planl\u0131yorsunuz yoksa sadece bu g\u00fczel Roman dilini mi merak ediyorsunuz? Ba\u015fka yerde arama! Sizi Katalanca dilbilgisinde h\u0131zl\u0131 bir tura \u00e7\u0131karmak ve temel bilgilerle donatmak i\u00e7in buraday\u0131z. Gelin bu b\u00fcy\u00fcleyici dilin i\u00e7ine dalal\u0131m ve gramer d\u00fczeyinde nas\u0131l \u00e7al\u0131\u015ft\u0131\u011f\u0131n\u0131 ke\u015ffedelim. A\u011f\u0131rl\u0131kl\u0131 olarak Katalonya, Valensiya ve Balear [&hellip;]<\/p>\n","protected":false},"author":1,"featured_media":141992,"parent":0,"menu_order":0,"comment_status":"closed","ping_status":"closed","template":"LearningContentPage.php","meta":{"_acf_changed":false,"footnotes":""},"class_list":["post-141984","page","type-page","status-publish","has-post-thumbnail","hentry"],"acf":[],"yoast_head":"<!-- This site is optimized with the Yoast SEO Premium plugin v27.2 (Yoast SEO v27.2) - https:\/\/yoast.com\/product\/yoast-seo-premium-wordpress\/ -->\n<title>Katalanca Dilbilgisi - Talkpal<\/title>\n<meta name=\"description\" content=\"Katalanca dilbilgisinin temellerini ke\u015ffedin ve bu g\u00fczel Roman diline yolculu\u011funuza bug\u00fcn ba\u015flay\u0131n!\" \/>\n<meta name=\"robots\" content=\"index, follow, max-snippet:-1, max-image-preview:large, max-video-preview:-1\" \/>\n<link rel=\"canonical\" href=\"https:\/\/talkpal.ai\/tr\/katalanca-dilbilgisi\/\" \/>\n<meta property=\"og:locale\" content=\"tr_TR\" \/>\n<meta property=\"og:type\" content=\"article\" \/>\n<meta property=\"og:title\" content=\"Katalanca Dilbilgisi\" \/>\n<meta property=\"og:description\" content=\"Katalanca Dilbilgisi: Dil Merakl\u0131lar\u0131 \u0130\u00e7in H\u0131zl\u0131 Bir K\u0131lavuz Katalanca \u00f6\u011frenmeyi mi planl\u0131yorsunuz yoksa sadece bu g\u00fczel Roman dilini mi merak\" \/>\n<meta property=\"og:url\" content=\"https:\/\/talkpal.ai\/tr\/katalanca-dilbilgisi\/\" \/>\n<meta property=\"og:site_name\" content=\"Talkpal\" \/>\n<meta property=\"article:publisher\" content=\"https:\/\/www.facebook.com\/profile.php?id=100090733639311\" \/>\n<meta property=\"article:modified_time\" content=\"2025-05-22T18:35:11+00:00\" \/>\n<meta property=\"og:image\" content=\"https:\/\/talkpal.ai\/wp-content\/uploads\/2023\/08\/Catalan.png\" \/>\n\t<meta property=\"og:image:width\" content=\"479\" \/>\n\t<meta property=\"og:image:height\" content=\"479\" \/>\n\t<meta property=\"og:image:type\" content=\"image\/png\" \/>\n<meta name=\"twitter:card\" content=\"summary_large_image\" \/>\n<meta name=\"twitter:site\" content=\"@talkpalai\" \/>\n<meta name=\"twitter:label1\" content=\"Tahmini okuma s\u00fcresi\" \/>\n\t<meta name=\"twitter:data1\" content=\"4 dakika\" \/>\n<script type=\"application\/ld+json\" class=\"yoast-schema-graph\">{\"@context\":\"https:\/\/schema.org\",\"@graph\":[{\"@type\":\"WebPage\",\"@id\":\"https:\/\/talkpal.ai\/tr\/katalanca-dilbilgisi\/\",\"url\":\"https:\/\/talkpal.ai\/tr\/katalanca-dilbilgisi\/\",\"name\":\"Katalanca Dilbilgisi - Talkpal\",\"isPartOf\":{\"@id\":\"https:\/\/talkpal.ai\/tr\/#website\"},\"primaryImageOfPage\":{\"@id\":\"https:\/\/talkpal.ai\/tr\/katalanca-dilbilgisi\/#primaryimage\"},\"image\":{\"@id\":\"https:\/\/talkpal.ai\/tr\/katalanca-dilbilgisi\/#primaryimage\"},\"thumbnailUrl\":\"https:\/\/talkpal.ai\/wp-content\/uploads\/2023\/08\/Catalan.png\",\"datePublished\":\"2023-05-14T14:00:56+00:00\",\"dateModified\":\"2025-05-22T18:35:11+00:00\",\"description\":\"Katalanca dilbilgisinin temellerini ke\u015ffedin ve bu g\u00fczel Roman diline yolculu\u011funuza bug\u00fcn ba\u015flay\u0131n!\",\"breadcrumb\":{\"@id\":\"https:\/\/talkpal.ai\/tr\/katalanca-dilbilgisi\/#breadcrumb\"},\"inLanguage\":\"tr\",\"potentialAction\":[{\"@type\":\"ReadAction\",\"target\":[\"https:\/\/talkpal.ai\/tr\/katalanca-dilbilgisi\/\"]}]},{\"@type\":\"ImageObject\",\"inLanguage\":\"tr\",\"@id\":\"https:\/\/talkpal.ai\/tr\/katalanca-dilbilgisi\/#primaryimage\",\"url\":\"https:\/\/talkpal.ai\/wp-content\/uploads\/2023\/08\/Catalan.png\",\"contentUrl\":\"https:\/\/talkpal.ai\/wp-content\/uploads\/2023\/08\/Catalan.png\",\"width\":479,\"height\":479},{\"@type\":\"BreadcrumbList\",\"@id\":\"https:\/\/talkpal.ai\/tr\/katalanca-dilbilgisi\/#breadcrumb\",\"itemListElement\":[{\"@type\":\"ListItem\",\"position\":1,\"name\":\"Homepage\",\"item\":\"https:\/\/talkpal.ai\/tr\/\"},{\"@type\":\"ListItem\",\"position\":2,\"name\":\"Katalanca Dilbilgisi\"}]},{\"@type\":\"WebSite\",\"@id\":\"https:\/\/talkpal.ai\/tr\/#website\",\"url\":\"https:\/\/talkpal.ai\/tr\/\",\"name\":\"Talkpal\",\"description\":\"AI Language Learning\",\"publisher\":{\"@id\":\"https:\/\/talkpal.ai\/tr\/#organization\"},\"alternateName\":\"Talkpal AI\",\"potentialAction\":[{\"@type\":\"SearchAction\",\"target\":{\"@type\":\"EntryPoint\",\"urlTemplate\":\"https:\/\/talkpal.ai\/tr\/?s={search_term_string}\"},\"query-input\":{\"@type\":\"PropertyValueSpecification\",\"valueRequired\":true,\"valueName\":\"search_term_string\"}}],\"inLanguage\":\"tr\"},{\"@type\":\"Organization\",\"@id\":\"https:\/\/talkpal.ai\/tr\/#organization\",\"name\":\"Talkpal, Inc.\",\"alternateName\":\"Talkpal AI\",\"url\":\"https:\/\/talkpal.ai\/tr\/\",\"logo\":{\"@type\":\"ImageObject\",\"inLanguage\":\"tr\",\"@id\":\"https:\/\/talkpal.ai\/tr\/#\/schema\/logo\/image\/\",\"url\":\"https:\/\/talkpal.ai\/wp-content\/uploads\/2024\/03\/Talkpal-Logo-Icon.png\",\"contentUrl\":\"https:\/\/talkpal.ai\/wp-content\/uploads\/2024\/03\/Talkpal-Logo-Icon.png\",\"width\":2880,\"height\":2880,\"caption\":\"Talkpal, Inc.\"},\"image\":{\"@id\":\"https:\/\/talkpal.ai\/tr\/#\/schema\/logo\/image\/\"},\"sameAs\":[\"https:\/\/www.facebook.com\/profile.php?id=100090733639311\",\"https:\/\/x.com\/talkpalai\",\"https:\/\/www.linkedin.com\/company\/talkpal\/\",\"https:\/\/www.youtube.com\/@TalkPal\/\",\"https:\/\/www.tiktok.com\/@talkpal\",\"https:\/\/www.instagram.com\/talkpal_ai\/\",\"https:\/\/www.crunchbase.com\/organization\/talkpal-9cde\",\"https:\/\/www.g2.com\/products\/talkpal-for-business\/\",\"https:\/\/www.trustpilot.com\/review\/talkpal.ai\",\"https:\/\/www.capterra.com\/p\/10006800\/TalkPal\/\"],\"description\":\"Talkpal is a language learning web and mobile education app, powered by the latest AI technologies, that provides engaging experiences to its customers in many different languages to help them improve their language skills. Users can chat about unlimited amount of topics with the app and use other modes to practice their language learning.\",\"email\":\"support@talkpal.ai\",\"legalName\":\"Talkpal, Inc.\",\"foundingDate\":\"2023-04-03\",\"duns\":\"118989042\",\"numberOfEmployees\":{\"@type\":\"QuantitativeValue\",\"minValue\":\"11\",\"maxValue\":\"50\"},\"publishingPrinciples\":\"https:\/\/talkpal.ai\/publishing-principles\/\",\"actionableFeedbackPolicy\":\"https:\/\/talkpal.ai\/actionable-feedback-policy\/\",\"correctionsPolicy\":\"https:\/\/talkpal.ai\/corrections-policy\/\",\"ethicsPolicy\":\"https:\/\/talkpal.ai\/ethics-policy\/\",\"diversityPolicy\":\"https:\/\/talkpal.ai\/diversity-policy\/\",\"diversityStaffingReport\":\"https:\/\/talkpal.ai\/diversity-policy\/\"}]}<\/script>\n<!-- \/ Yoast SEO Premium plugin. -->","yoast_head_json":{"title":"Katalanca Dilbilgisi - Talkpal","description":"Katalanca dilbilgisinin temellerini ke\u015ffedin ve bu g\u00fczel Roman diline yolculu\u011funuza bug\u00fcn ba\u015flay\u0131n!","robots":{"index":"index","follow":"follow","max-snippet":"max-snippet:-1","max-image-preview":"max-image-preview:large","max-video-preview":"max-video-preview:-1"},"canonical":"https:\/\/talkpal.ai\/tr\/katalanca-dilbilgisi\/","og_locale":"tr_TR","og_type":"article","og_title":"Katalanca Dilbilgisi","og_description":"Katalanca Dilbilgisi: Dil Merakl\u0131lar\u0131 \u0130\u00e7in H\u0131zl\u0131 Bir K\u0131lavuz Katalanca \u00f6\u011frenmeyi mi planl\u0131yorsunuz yoksa sadece bu g\u00fczel Roman dilini mi merak","og_url":"https:\/\/talkpal.ai\/tr\/katalanca-dilbilgisi\/","og_site_name":"Talkpal","article_publisher":"https:\/\/www.facebook.com\/profile.php?id=100090733639311","article_modified_time":"2025-05-22T18:35:11+00:00","og_image":[{"width":479,"height":479,"url":"https:\/\/talkpal.ai\/wp-content\/uploads\/2023\/08\/Catalan.png","type":"image\/png"}],"twitter_card":"summary_large_image","twitter_site":"@talkpalai","twitter_misc":{"Tahmini okuma s\u00fcresi":"4 dakika"},"schema":{"@context":"https:\/\/schema.org","@graph":[{"@type":"WebPage","@id":"https:\/\/talkpal.ai\/tr\/katalanca-dilbilgisi\/","url":"https:\/\/talkpal.ai\/tr\/katalanca-dilbilgisi\/","name":"Katalanca Dilbilgisi - Talkpal","isPartOf":{"@id":"https:\/\/talkpal.ai\/tr\/#website"},"primaryImageOfPage":{"@id":"https:\/\/talkpal.ai\/tr\/katalanca-dilbilgisi\/#primaryimage"},"image":{"@id":"https:\/\/talkpal.ai\/tr\/katalanca-dilbilgisi\/#primaryimage"},"thumbnailUrl":"https:\/\/talkpal.ai\/wp-content\/uploads\/2023\/08\/Catalan.png","datePublished":"2023-05-14T14:00:56+00:00","dateModified":"2025-05-22T18:35:11+00:00","description":"Katalanca dilbilgisinin temellerini ke\u015ffedin ve bu g\u00fczel Roman diline yolculu\u011funuza bug\u00fcn ba\u015flay\u0131n!","breadcrumb":{"@id":"https:\/\/talkpal.ai\/tr\/katalanca-dilbilgisi\/#breadcrumb"},"inLanguage":"tr","potentialAction":[{"@type":"ReadAction","target":["https:\/\/talkpal.ai\/tr\/katalanca-dilbilgisi\/"]}]},{"@type":"ImageObject","inLanguage":"tr","@id":"https:\/\/talkpal.ai\/tr\/katalanca-dilbilgisi\/#primaryimage","url":"https:\/\/talkpal.ai\/wp-content\/uploads\/2023\/08\/Catalan.png","contentUrl":"https:\/\/talkpal.ai\/wp-content\/uploads\/2023\/08\/Catalan.png","width":479,"height":479},{"@type":"BreadcrumbList","@id":"https:\/\/talkpal.ai\/tr\/katalanca-dilbilgisi\/#breadcrumb","itemListElement":[{"@type":"ListItem","position":1,"name":"Homepage","item":"https:\/\/talkpal.ai\/tr\/"},{"@type":"ListItem","position":2,"name":"Katalanca Dilbilgisi"}]},{"@type":"WebSite","@id":"https:\/\/talkpal.ai\/tr\/#website","url":"https:\/\/talkpal.ai\/tr\/","name":"Talkpal","description":"AI Language Learning","publisher":{"@id":"https:\/\/talkpal.ai\/tr\/#organization"},"alternateName":"Talkpal AI","potentialAction":[{"@type":"SearchAction","target":{"@type":"EntryPoint","urlTemplate":"https:\/\/talkpal.ai\/tr\/?s={search_term_string}"},"query-input":{"@type":"PropertyValueSpecification","valueRequired":true,"valueName":"search_term_string"}}],"inLanguage":"tr"},{"@type":"Organization","@id":"https:\/\/talkpal.ai\/tr\/#organization","name":"Talkpal, Inc.","alternateName":"Talkpal AI","url":"https:\/\/talkpal.ai\/tr\/","logo":{"@type":"ImageObject","inLanguage":"tr","@id":"https:\/\/talkpal.ai\/tr\/#\/schema\/logo\/image\/","url":"https:\/\/talkpal.ai\/wp-content\/uploads\/2024\/03\/Talkpal-Logo-Icon.png","contentUrl":"https:\/\/talkpal.ai\/wp-content\/uploads\/2024\/03\/Talkpal-Logo-Icon.png","width":2880,"height":2880,"caption":"Talkpal, Inc."},"image":{"@id":"https:\/\/talkpal.ai\/tr\/#\/schema\/logo\/image\/"},"sameAs":["https:\/\/www.facebook.com\/profile.php?id=100090733639311","https:\/\/x.com\/talkpalai","https:\/\/www.linkedin.com\/company\/talkpal\/","https:\/\/www.youtube.com\/@TalkPal\/","https:\/\/www.tiktok.com\/@talkpal","https:\/\/www.instagram.com\/talkpal_ai\/","https:\/\/www.crunchbase.com\/organization\/talkpal-9cde","https:\/\/www.g2.com\/products\/talkpal-for-business\/","https:\/\/www.trustpilot.com\/review\/talkpal.ai","https:\/\/www.capterra.com\/p\/10006800\/TalkPal\/"],"description":"Talkpal is a language learning web and mobile education app, powered by the latest AI technologies, that provides engaging experiences to its customers in many different languages to help them improve their language skills. Users can chat about unlimited amount of topics with the app and use other modes to practice their language learning.","email":"support@talkpal.ai","legalName":"Talkpal, Inc.","foundingDate":"2023-04-03","duns":"118989042","numberOfEmployees":{"@type":"QuantitativeValue","minValue":"11","maxValue":"50"},"publishingPrinciples":"https:\/\/talkpal.ai\/publishing-principles\/","actionableFeedbackPolicy":"https:\/\/talkpal.ai\/actionable-feedback-policy\/","correctionsPolicy":"https:\/\/talkpal.ai\/corrections-policy\/","ethicsPolicy":"https:\/\/talkpal.ai\/ethics-policy\/","diversityPolicy":"https:\/\/talkpal.ai\/diversity-policy\/","diversityStaffingReport":"https:\/\/talkpal.ai\/diversity-policy\/"}]}},"_links":{"self":[{"href":"https:\/\/talkpal.ai\/tr\/wp-json\/wp\/v2\/pages\/141984","targetHints":{"allow":["GET"]}}],"collection":[{"href":"https:\/\/talkpal.ai\/tr\/wp-json\/wp\/v2\/pages"}],"about":[{"href":"https:\/\/talkpal.ai\/tr\/wp-json\/wp\/v2\/types\/page"}],"author":[{"embeddable":true,"href":"https:\/\/talkpal.ai\/tr\/wp-json\/wp\/v2\/users\/1"}],"replies":[{"embeddable":true,"href":"https:\/\/talkpal.ai\/tr\/wp-json\/wp\/v2\/comments?post=141984"}],"version-history":[{"count":0,"href":"https:\/\/talkpal.ai\/tr\/wp-json\/wp\/v2\/pages\/141984\/revisions"}],"wp:featuredmedia":[{"embeddable":true,"href":"https:\/\/talkpal.ai\/tr\/wp-json\/wp\/v2\/media\/141992"}],"wp:attachment":[{"href":"https:\/\/talkpal.ai\/tr\/wp-json\/wp\/v2\/media?parent=141984"}],"curies":[{"name":"wp","href":"https:\/\/api.w.org\/{rel}","templated":true}]}}