{"id":141795,"date":"2023-05-14T14:00:39","date_gmt":"2023-05-14T14:00:39","guid":{"rendered":"http:\/\/talkpal.ai\/bulgarca-dilbilgisi\/"},"modified":"2025-05-22T14:37:35","modified_gmt":"2025-05-22T14:37:35","slug":"bulgarca-dilbilgisi","status":"publish","type":"page","link":"https:\/\/talkpal.ai\/tr\/bulgarca-dilbilgisi\/","title":{"rendered":"Bulgarca Dilbilgisi"},"content":{"rendered":"\r\n\r\n\r\n<section class=\"languageChallengeSection\">\r\n    <div class=\"languageInfoWrapper\">\r\n        \r\n        <h1>Bulgarca Dilbilgisi<\/h1>\r\n        <p>Bulgarca dilbilgisinin benzersiz \u00f6zelliklerini ke\u015ffedin ve bu canl\u0131 Slav dilinde kendinizden emin bir \u015fekilde ileti\u015fim kurmak i\u00e7in gerekli ara\u00e7lar\u0131 edinin. Temel kurallar\u0131n\u0131 anlayarak, ana dili \u0130ngilizce olan ki\u015filerle ba\u011flant\u0131 kurma becerinizi geli\u015ftirecek ve Bulgaristan&#039;\u0131n zengin miras\u0131n\u0131 daha derinlemesine inceleyeceksiniz. <a href=\"https:\/\/talkpal.ai\/tr\/kolay-ve-hizli-bulgarca-ogrenmenin-en-etkili-yollari\/\">Bulgarca dilbilgisi<\/a> yolculu\u011funuza bug\u00fcn ba\u015flay\u0131n ve dilde ustala\u015fmak i\u00e7in ilk ad\u0131m\u0131n\u0131z\u0131 at\u0131n!<\/p>\r\n\r\n                            <a class=\"getStartedHidden\" href=\"https:\/\/app.talkpal.ai\/tr\/signup?lng=\">Hadi ba\u015fla<\/a>\r\n        \r\n    <\/div>\r\n\r\n    <figure>\r\n    <img decoding=\"async\" width=\"768\" height=\"768\" src=\"https:\/\/talkpal.ai\/wp-content\/uploads\/2023\/06\/bulgarian-768x768.png\" class=\"languageImage no-lazy\" alt=\"Language learning for deeper cultural understanding\" fetchpriority=\"high\" sizes=\"(max-width: 768px) 150px, 768px\" srcset=\"https:\/\/talkpal.ai\/wp-content\/uploads\/2023\/06\/bulgarian-768x768.png 768w, https:\/\/talkpal.ai\/wp-content\/uploads\/2023\/06\/bulgarian-300x300.png 300w\" \/>\r\n    \r\n\r\n    <\/figure>\r\n\r\n            <a class=\"getStartedVisible\" href=\"https:\/\/app.talkpal.ai\/tr\/signup?lng=\">Hadi ba\u015fla<\/a>\r\n    \r\n<\/section>\r\n<section class=\"promotionalBanner\">\r\n    <p class=\"promotionalText\">Dil \u00f6\u011frenmenin en etkili yolu<\/p>\r\n    <a class=\"promotionalLink\" href=\"https:\/\/app.talkpal.ai\/tr\/signup?lng=\">Talkpal \u00fccretsiz deneyin<\/a>\r\n<\/section>\n<div class=\"wp-block-group pageContainerStyle\"><div class=\"wp-block-group__inner-container is-layout-constrained wp-block-group-is-layout-constrained\">\n<h2 class=\"wp-block-heading\" id=\"h-the-ultimate-guide-to-bulgarian-grammar-navigating-the-intricacies-of-a-rich-language\">Bulgarca Dilbilgisi \u0130\u00e7in En \u0130yi Rehber: Zengin Bir Dilin Karma\u015f\u0131kl\u0131klar\u0131nda Gezinmek<\/h2>\n\n\n\n<p>Bulgarca dilbilgisi, dilin kendisi gibi, sadelik, karma\u015f\u0131kl\u0131k ve zengin k\u00fclt\u00fcrel tarihin b\u00fcy\u00fcleyici bir kar\u0131\u015f\u0131m\u0131d\u0131r. En eski Slav dillerinden biri olan Bulgarca, \u00f6\u011frencilere dilsel heyecanlar sunar ve en yetkin konu\u015fmac\u0131lar\u0131 bile zorlar. Bu k\u0131lavuzda, Bulgarca dilbilgisinin temel ilkelerini ke\u015ffedecek, karma\u015f\u0131kl\u0131klar\u0131n\u0131 a\u00e7\u0131klayacak ve bu g\u00fczel dilde ustala\u015fma yolculu\u011funuzda size yard\u0131mc\u0131 olaca\u011f\u0131z. Hadi dalal\u0131m!<\/p>\n\n\n\n<h2 class=\"wp-block-heading\" id=\"h-the-nuts-and-bolts-bulgarian-sentence-structure\">Somun ve C\u0131vatalar: Bulgarca C\u00fcmle Yap\u0131s\u0131<\/h2>\n\n\n\n<p>\u00d6z\u00fcnde, Bulgarca dilbilgisi olduk\u00e7a basittir. Dil, \u0130ngilizce ve di\u011fer bir\u00e7ok dile benzer \u015fekilde \u00d6zne-Fiil-Nesne (SVO) c\u00fcmle yap\u0131s\u0131n\u0131 takip eder. \u00d6rne\u011fin, &#8220;Bir elma yiyorum&#8221; c\u00fcmlesi &#8220;\u0410\u0437 \u044f\u043c \u044f\u0431\u044a\u043b\u043a\u0430&#8221; (Az yam yabalka) olarak \u00e7evrilir. Basit, de\u011fil mi? Ancak, daha derine indi\u011fimizde, Bulgarca dilbilgisinin s\u00fcrprizlerle ve benzersiz \u00f6zelliklerle dolu oldu\u011funu ke\u015ffedeceksiniz.<\/p>\n\n\n\n<h3 class=\"wp-block-heading\" id=\"h-meet-the-family-bulgarian-nouns-and-their-genders\">Aileyle Tan\u0131\u015f\u0131n: Bulgarca \u0130simler ve Cinsiyetleri<\/h3>\n\n\n\n<p>\u0130ngilizce konu\u015fanlar i\u00e7in Bulgarca dilbilgisinin en kafa kar\u0131\u015ft\u0131r\u0131c\u0131 y\u00f6nlerinden biri dilbilgisel cinsiyet kavram\u0131d\u0131r. Bulgarcada her isim eril, di\u015fil ve n\u00f6tr olmak \u00fczere \u00fc\u00e7 cinsiyetten birine atan\u0131r. S\u0131fatlar\u0131n ve zamirlerin bi\u00e7imini ve ard\u0131ndan gelen fiillerin \u00e7ekimini etkiledi\u011fi i\u00e7in bir ismin cinsiyetini tan\u0131mak \u00e7ok \u00f6nemlidir.<\/p>\n\n\n\n<p>Peki, bir ismin cinsiyetini nas\u0131l belirlersiniz? Genelde her \u015fey sonla ilgilidir:<\/p>\n\n\n\n<p><strong>&#8211; Eril isimler genellikle bir \u00fcns\u00fczle biter.<\/strong><\/p>\n\n\n\n<p><strong>&#8211; Di\u015fil isimler tipik olarak -\u0430 (-a) veya -\u044f (-ya) ile biter.<\/strong><\/p>\n\n\n\n<p><strong>&#8211; N\u00f6tr isimler genellikle -\u043e (-o) veya -\u0435 (-\u0435) ile biter.<\/strong><\/p>\n\n\n\n<p>\u00d6rne\u011fin, &#8220;\u043c\u044a\u0436&#8221; (mazh) &#8220;erkek&#8221; anlam\u0131na gelir ve erildir, &#8220;\u0436\u0435\u043d\u0430&#8221; (zhena) &#8220;kad\u0131n&#8221; anlam\u0131na gelir ve di\u015fildir ve &#8220;\u0434\u0435\u0442\u0435&#8221; (dete) &#8220;\u00e7ocuk&#8221; anlam\u0131na gelir ve n\u00f6trd\u00fcr.<\/p>\n\n\n\n<p>Elbette istisnalar da vard\u0131r, bu y\u00fczden isimleri cinsiyetleriyle birlikte \u00f6\u011frenmek \u00e7ok \u00f6nemlidir.<\/p>\n\n\n\n<h3 class=\"wp-block-heading\" id=\"h-playing-with-numbers-bulgarian-plurals\">Say\u0131larla Oynamak: Bulgarca \u00c7o\u011fullar<\/h3>\n\n\n\n<p>Bulgarca isimlerin cinsiyetini \u00f6\u011frendikten sonra s\u0131ra \u00e7o\u011fullar\u0131yla ilgilenmeye gelir. Genel olarak, ismin cinsiyetine kar\u015f\u0131l\u0131k gelen belirli sonlar ekleyerek \u00e7o\u011fullar\u0131 olu\u015fturursunuz:<\/p>\n\n\n\n<p><strong>&#8211; Eril isimler son \u00fcns\u00fcz\u00fc -\u0438 (-i) olarak de\u011fi\u015ftirir veya -\u043e\u0432\u0435 (-ove) ekler.<\/strong><\/p>\n\n\n\n<p><strong>&#8211; Di\u015fil isimler -\u0430 veya -\u044f yerine -\u0438 veya -\u0435 kullan\u0131r.<\/strong><\/p>\n\n\n\n<p><strong>&#8211; N\u00f6tr isimler -\u043e veya -\u0435 yerine -\u0430 kullan\u0131rlar.<\/strong><\/p>\n\n\n\n<p>\u00d6rne\u011fin, &#8220;\u0443\u0447\u0435\u043d\u0438\u043a&#8221; (uchenik, eril) &#8220;\u0443\u0447\u0435\u043d\u0438\u0446\u0438&#8221; (uchenici, \u00f6\u011frenciler) ve &#8220;\u043a\u043d\u0438\u0433\u0430&#8221; (kniga, di\u015fil) &#8220;\u043a\u043d\u0438\u0433\u0438&#8221; (knigi, kitaplar) olur.<\/p>\n\n\n\n<p>Bu kural\u0131n istisnalar\u0131 vard\u0131r, bu nedenle d\u00fczensiz \u00e7o\u011fullara dikkat edin ve kelime da\u011farc\u0131\u011f\u0131n\u0131z\u0131 buna g\u00f6re geni\u015fletin.<\/p>\n\n\n\n<h3 class=\"wp-block-heading\" id=\"h-the-art-of-conjugation-bulgarian-verbs\">\u00c7ekim Sanat\u0131: Bulgarca Fiiller<\/h3>\n\n\n\n<p>Bulgarca fiiller, \u00e7ok say\u0131da zaman, ruh hali ve \u00e7ekimleri nedeniyle korkutucu olabilir. Bununla birlikte, onlar\u0131 k\u0131rman\u0131n anahtar\u0131, kal\u0131plar\u0131 tan\u0131mak ve d\u00fczenli olarak pratik yapmakt\u0131r.<\/p>\n\n\n\n<p>Bulgarca&#8217;da fiiller mastar sonlar\u0131na g\u00f6re \u00fc\u00e7 gruba ayr\u0131l\u0131r, -\u0430 (-a), -\u0435 (-\u0435) veya -\u0438 (-i). Her grubun kendine \u00f6zg\u00fc \u00e7ekim kurallar\u0131 vard\u0131r. \u00d6rne\u011fin, &#8220;\u043f\u0438\u0448\u0430&#8221; (pisha, &#8220;yazmak&#8221;) fiilini ele alal\u0131m:<\/p>\n\n\n\n<p><strong>\u015eimdiki zaman: \u0410\u0437 \u043f\u0438\u0448\u0430 (Az pisha, &#8220;Yaz\u0131yorum&#8221;)<\/strong><\/p>\n\n\n\n<p><strong>Ge\u00e7mi\u015f zaman: \u0410\u0437 \u043f\u0438\u0441\u0430\u0445 (Az pisah, &#8220;Yazd\u0131m&#8221;)<\/strong><\/p>\n\n\n\n<p><strong>Gelecek zaman: \u0410\u0437 \u0449\u0435 \u043f\u0438\u0448\u0430 (Az shte pisha, &#8220;Yazaca\u011f\u0131m&#8221;)<\/strong><\/p>\n\n\n\n<p>G\u00f6rd\u00fc\u011f\u00fcn\u00fcz gibi, sonlar zamana g\u00f6re de\u011fi\u015fiyor. Ve bu, Bulgarca fiil \u00e7ekimlerinin y\u00fczeyini bile \u00e7izmiyor! Ancak, bunun sizi bunaltmas\u0131na izin vermeyin. Pratik ve sab\u0131rla, kal\u0131plar\u0131 tan\u0131maya ba\u015flayacak ve bu zorlu\u011fun \u00fcstesinden geleceksiniz.<\/p>\n\n\n\n<h3 class=\"wp-block-heading\" id=\"h-the-finishing-touches-bulgarian-adjectives-adverbs-and-more\">Son R\u00f6tu\u015flar: Bulgarca S\u0131fatlar, Zarflar ve Daha Fazlas\u0131<\/h3>\n\n\n\n<p>Bulgarca s\u0131fatlar ve zarflar s\u00f6z konusu oldu\u011funda, konu\u015fman\u0131za derinlik ve karma\u015f\u0131kl\u0131k katmada \u00e7ok \u00f6nemli roller oynarlar. S\u0131fatlar, cinsiyet a\u00e7\u0131s\u0131ndan de\u011fi\u015ftirdikleri isimlerle uyumlu olmal\u0131d\u0131r ve genellikle 3 form bulursunuz &#8211; eril, di\u015fil ve n\u00f6tr.<\/p>\n\n\n\n<p>\u00d6rne\u011fin, &#8220;\u0434\u043e\u0431\u044a\u0440&#8221; (dobur) &#8220;iyi&#8221; anlam\u0131na gelir ve &#8220;\u0434\u043e\u0431\u044a\u0440 \u043c\u044a\u0436&#8221; (dobur mazh, &#8220;iyi adam&#8221;), &#8220;\u0434\u043e\u0431\u0440\u0430 \u0436\u0435\u043d\u0430&#8221; (dobra zhena, &#8220;iyi kad\u0131n&#8221;) ve &#8220;\u0434\u043e\u0431\u0440\u043e \u0434\u0435\u0442\u0435&#8221; (dobro dete, &#8220;iyi \u00e7ocuk&#8221;) olarak g\u00f6r\u00fcn\u00fcr. Zarflar, genellikle s\u0131fatlardan t\u00fcretilen benzer kal\u0131plar\u0131 takip eder.<\/p>\n\n\n\n<p>Sonu\u00e7 olarak, Bulgarca dilbilgisinin incelikleri ve tuhafl\u0131klar\u0131 karma\u015f\u0131k olsa da, dile b\u00fcy\u00fcleyici g\u00fczelli\u011fini ve karakterini verir. Israr, merak ve pratik uygulaman\u0131n bir kombinasyonuyla, k\u0131sa s\u00fcrede Bulgarca dilbilgisinde kolayl\u0131kla ve g\u00fcvenle gezineceksiniz. Mutlu \u00f6\u011frenme!<\/p>\n<\/div><\/div>\n\r\n<section class=\"learnNavigationSection\">\r\n            \r\n        <a href=\"https:\/\/talkpal.ai\/tr\/bulgarca-ogren\/\">\r\n            <div class=\"learnNavigationWrapper\">\r\n                <div class=\"learnNavigationContent\">\r\n                    <img decoding=\"async\" src=\"https:\/\/talkpal.ai\/wp-content\/uploads\/2024\/08\/Bulgarian.jpg\" alt=\"Bulgarian Flag\">\r\n                    <div>\r\n                        <h4>Bulgarca \u00d6\u011frenimi Hakk\u0131nda<\/h4>\r\n                        <p>Bulgarca dilbilgisi hakk\u0131nda her \u015feyi \u00f6\u011frenin .<\/p>\r\n                    <\/div>\r\n                <\/div>\r\n            <\/div>\r\n        <\/a>\r\n\r\n        \r\n        <a href=\"https:\/\/talkpal.ai\/tr\/bulgarca-dilbilgisi-alistirmalari\/\">\r\n            <div class=\"learnNavigationWrapper\">\r\n                <div class=\"learnNavigationContent\">\r\n                    <img decoding=\"async\" src=\"https:\/\/talkpal.ai\/wp-content\/uploads\/2024\/08\/Bulgarian.jpg\" alt=\"Bulgarian Flag\">\r\n                    <div>\r\n                        <h4>Bulgarca Dilbilgisi Al\u0131\u015ft\u0131rmas\u0131<\/h4>\r\n                        <p>Bulgarca dilbilgisi prati\u011fi yap\u0131n .<\/p>\r\n                    <\/div>\r\n                <\/div>\r\n            <\/div>\r\n        <\/a>\r\n\r\n        \r\n        <a href=\"https:\/\/talkpal.ai\/vocabulary_language\/bulgarian\/\">\r\n            <div class=\"learnNavigationWrapper\">\r\n                <div class=\"learnNavigationContent\">\r\n                    <img decoding=\"async\" src=\"https:\/\/talkpal.ai\/wp-content\/uploads\/2024\/08\/Bulgarian.jpg\" alt=\"Bulgarian Flag\">\r\n                    <div>\r\n                        <h4>Bulgarca Kelime Bilgisi<\/h4>\r\n                        <p>Bulgarca kelime da\u011farc\u0131\u011f\u0131n\u0131z\u0131 geni\u015fletin.<\/p>\r\n                    <\/div>\r\n                <\/div>\r\n            <\/div>\r\n        <\/a>\r\n\r\n            <\/section>","protected":false},"excerpt":{"rendered":"<p>Bulgarca Dilbilgisi \u0130\u00e7in En \u0130yi Rehber: Zengin Bir Dilin Karma\u015f\u0131kl\u0131klar\u0131nda Gezinmek Bulgarca dilbilgisi, dilin kendisi gibi, sadelik, karma\u015f\u0131kl\u0131k ve zengin k\u00fclt\u00fcrel tarihin b\u00fcy\u00fcleyici bir kar\u0131\u015f\u0131m\u0131d\u0131r. En eski Slav dillerinden biri olan Bulgarca, \u00f6\u011frencilere dilsel heyecanlar sunar ve en yetkin konu\u015fmac\u0131lar\u0131 bile zorlar. Bu k\u0131lavuzda, Bulgarca dilbilgisinin temel ilkelerini ke\u015ffedecek, karma\u015f\u0131kl\u0131klar\u0131n\u0131 a\u00e7\u0131klayacak ve bu g\u00fczel dilde [&hellip;]<\/p>\n","protected":false},"author":1,"featured_media":111121,"parent":0,"menu_order":0,"comment_status":"closed","ping_status":"closed","template":"LearningContentPage.php","meta":{"_acf_changed":false,"footnotes":""},"class_list":["post-141795","page","type-page","status-publish","has-post-thumbnail","hentry"],"acf":[],"yoast_head":"<!-- This site is optimized with the Yoast SEO Premium plugin v27.2 (Yoast SEO v27.2) - https:\/\/yoast.com\/product\/yoast-seo-premium-wordpress\/ -->\n<title>Bulgarca Dilbilgisi - Talkpal<\/title>\n<meta name=\"description\" content=\"Daha iyi dil anlay\u0131\u015f\u0131 ve ileti\u015fim becerileri i\u00e7in Bulgarca Dilbilgisinin temellerini ke\u015ffedin.\" \/>\n<meta name=\"robots\" content=\"index, follow, max-snippet:-1, max-image-preview:large, max-video-preview:-1\" \/>\n<link rel=\"canonical\" href=\"https:\/\/talkpal.ai\/tr\/bulgarca-dilbilgisi\/\" \/>\n<meta property=\"og:locale\" content=\"tr_TR\" \/>\n<meta property=\"og:type\" content=\"article\" \/>\n<meta property=\"og:title\" content=\"Bulgarca Dilbilgisi\" \/>\n<meta property=\"og:description\" content=\"Bulgarca Dilbilgisi \u0130\u00e7in En \u0130yi Rehber: Zengin Bir Dilin Karma\u015f\u0131kl\u0131klar\u0131nda Gezinmek Bulgarca dilbilgisi, dilin kendisi gibi, sadelik, karma\u015f\u0131kl\u0131k ve\" \/>\n<meta property=\"og:url\" content=\"https:\/\/talkpal.ai\/tr\/bulgarca-dilbilgisi\/\" \/>\n<meta property=\"og:site_name\" content=\"Talkpal\" \/>\n<meta property=\"article:publisher\" content=\"https:\/\/www.facebook.com\/profile.php?id=100090733639311\" \/>\n<meta property=\"article:modified_time\" content=\"2025-05-22T14:37:35+00:00\" \/>\n<meta property=\"og:image\" content=\"https:\/\/talkpal.ai\/wp-content\/uploads\/2023\/05\/bulgaria.png\" \/>\n\t<meta property=\"og:image:width\" content=\"512\" \/>\n\t<meta property=\"og:image:height\" content=\"512\" \/>\n\t<meta property=\"og:image:type\" content=\"image\/png\" \/>\n<meta name=\"twitter:card\" content=\"summary_large_image\" \/>\n<meta name=\"twitter:site\" content=\"@talkpalai\" \/>\n<meta name=\"twitter:label1\" content=\"Tahmini okuma s\u00fcresi\" \/>\n\t<meta name=\"twitter:data1\" content=\"3 dakika\" \/>\n<script type=\"application\/ld+json\" class=\"yoast-schema-graph\">{\"@context\":\"https:\/\/schema.org\",\"@graph\":[{\"@type\":\"WebPage\",\"@id\":\"https:\/\/talkpal.ai\/tr\/bulgarca-dilbilgisi\/\",\"url\":\"https:\/\/talkpal.ai\/tr\/bulgarca-dilbilgisi\/\",\"name\":\"Bulgarca Dilbilgisi - Talkpal\",\"isPartOf\":{\"@id\":\"https:\/\/talkpal.ai\/tr\/#website\"},\"primaryImageOfPage\":{\"@id\":\"https:\/\/talkpal.ai\/tr\/bulgarca-dilbilgisi\/#primaryimage\"},\"image\":{\"@id\":\"https:\/\/talkpal.ai\/tr\/bulgarca-dilbilgisi\/#primaryimage\"},\"thumbnailUrl\":\"https:\/\/talkpal.ai\/wp-content\/uploads\/2023\/05\/bulgaria.png\",\"datePublished\":\"2023-05-14T14:00:39+00:00\",\"dateModified\":\"2025-05-22T14:37:35+00:00\",\"description\":\"Daha iyi dil anlay\u0131\u015f\u0131 ve ileti\u015fim becerileri i\u00e7in Bulgarca Dilbilgisinin temellerini ke\u015ffedin.\",\"breadcrumb\":{\"@id\":\"https:\/\/talkpal.ai\/tr\/bulgarca-dilbilgisi\/#breadcrumb\"},\"inLanguage\":\"tr\",\"potentialAction\":[{\"@type\":\"ReadAction\",\"target\":[\"https:\/\/talkpal.ai\/tr\/bulgarca-dilbilgisi\/\"]}]},{\"@type\":\"ImageObject\",\"inLanguage\":\"tr\",\"@id\":\"https:\/\/talkpal.ai\/tr\/bulgarca-dilbilgisi\/#primaryimage\",\"url\":\"https:\/\/talkpal.ai\/wp-content\/uploads\/2023\/05\/bulgaria.png\",\"contentUrl\":\"https:\/\/talkpal.ai\/wp-content\/uploads\/2023\/05\/bulgaria.png\",\"width\":512,\"height\":512},{\"@type\":\"BreadcrumbList\",\"@id\":\"https:\/\/talkpal.ai\/tr\/bulgarca-dilbilgisi\/#breadcrumb\",\"itemListElement\":[{\"@type\":\"ListItem\",\"position\":1,\"name\":\"Homepage\",\"item\":\"https:\/\/talkpal.ai\/tr\/\"},{\"@type\":\"ListItem\",\"position\":2,\"name\":\"Bulgarca Dilbilgisi\"}]},{\"@type\":\"WebSite\",\"@id\":\"https:\/\/talkpal.ai\/tr\/#website\",\"url\":\"https:\/\/talkpal.ai\/tr\/\",\"name\":\"Talkpal\",\"description\":\"AI Language Learning\",\"publisher\":{\"@id\":\"https:\/\/talkpal.ai\/tr\/#organization\"},\"alternateName\":\"Talkpal AI\",\"potentialAction\":[{\"@type\":\"SearchAction\",\"target\":{\"@type\":\"EntryPoint\",\"urlTemplate\":\"https:\/\/talkpal.ai\/tr\/?s={search_term_string}\"},\"query-input\":{\"@type\":\"PropertyValueSpecification\",\"valueRequired\":true,\"valueName\":\"search_term_string\"}}],\"inLanguage\":\"tr\"},{\"@type\":\"Organization\",\"@id\":\"https:\/\/talkpal.ai\/tr\/#organization\",\"name\":\"Talkpal, Inc.\",\"alternateName\":\"Talkpal AI\",\"url\":\"https:\/\/talkpal.ai\/tr\/\",\"logo\":{\"@type\":\"ImageObject\",\"inLanguage\":\"tr\",\"@id\":\"https:\/\/talkpal.ai\/tr\/#\/schema\/logo\/image\/\",\"url\":\"https:\/\/talkpal.ai\/wp-content\/uploads\/2024\/03\/Talkpal-Logo-Icon.png\",\"contentUrl\":\"https:\/\/talkpal.ai\/wp-content\/uploads\/2024\/03\/Talkpal-Logo-Icon.png\",\"width\":2880,\"height\":2880,\"caption\":\"Talkpal, Inc.\"},\"image\":{\"@id\":\"https:\/\/talkpal.ai\/tr\/#\/schema\/logo\/image\/\"},\"sameAs\":[\"https:\/\/www.facebook.com\/profile.php?id=100090733639311\",\"https:\/\/x.com\/talkpalai\",\"https:\/\/www.linkedin.com\/company\/talkpal\/\",\"https:\/\/www.youtube.com\/@TalkPal\/\",\"https:\/\/www.tiktok.com\/@talkpal\",\"https:\/\/www.instagram.com\/talkpal_ai\/\",\"https:\/\/www.crunchbase.com\/organization\/talkpal-9cde\",\"https:\/\/www.g2.com\/products\/talkpal-for-business\/\",\"https:\/\/www.trustpilot.com\/review\/talkpal.ai\",\"https:\/\/www.capterra.com\/p\/10006800\/TalkPal\/\"],\"description\":\"Talkpal is a language learning web and mobile education app, powered by the latest AI technologies, that provides engaging experiences to its customers in many different languages to help them improve their language skills. Users can chat about unlimited amount of topics with the app and use other modes to practice their language learning.\",\"email\":\"support@talkpal.ai\",\"legalName\":\"Talkpal, Inc.\",\"foundingDate\":\"2023-04-03\",\"duns\":\"118989042\",\"numberOfEmployees\":{\"@type\":\"QuantitativeValue\",\"minValue\":\"11\",\"maxValue\":\"50\"},\"publishingPrinciples\":\"https:\/\/talkpal.ai\/publishing-principles\/\",\"actionableFeedbackPolicy\":\"https:\/\/talkpal.ai\/actionable-feedback-policy\/\",\"correctionsPolicy\":\"https:\/\/talkpal.ai\/corrections-policy\/\",\"ethicsPolicy\":\"https:\/\/talkpal.ai\/ethics-policy\/\",\"diversityPolicy\":\"https:\/\/talkpal.ai\/diversity-policy\/\",\"diversityStaffingReport\":\"https:\/\/talkpal.ai\/diversity-policy\/\"}]}<\/script>\n<!-- \/ Yoast SEO Premium plugin. -->","yoast_head_json":{"title":"Bulgarca Dilbilgisi - Talkpal","description":"Daha iyi dil anlay\u0131\u015f\u0131 ve ileti\u015fim becerileri i\u00e7in Bulgarca Dilbilgisinin temellerini ke\u015ffedin.","robots":{"index":"index","follow":"follow","max-snippet":"max-snippet:-1","max-image-preview":"max-image-preview:large","max-video-preview":"max-video-preview:-1"},"canonical":"https:\/\/talkpal.ai\/tr\/bulgarca-dilbilgisi\/","og_locale":"tr_TR","og_type":"article","og_title":"Bulgarca Dilbilgisi","og_description":"Bulgarca Dilbilgisi \u0130\u00e7in En \u0130yi Rehber: Zengin Bir Dilin Karma\u015f\u0131kl\u0131klar\u0131nda Gezinmek Bulgarca dilbilgisi, dilin kendisi gibi, sadelik, karma\u015f\u0131kl\u0131k ve","og_url":"https:\/\/talkpal.ai\/tr\/bulgarca-dilbilgisi\/","og_site_name":"Talkpal","article_publisher":"https:\/\/www.facebook.com\/profile.php?id=100090733639311","article_modified_time":"2025-05-22T14:37:35+00:00","og_image":[{"width":512,"height":512,"url":"https:\/\/talkpal.ai\/wp-content\/uploads\/2023\/05\/bulgaria.png","type":"image\/png"}],"twitter_card":"summary_large_image","twitter_site":"@talkpalai","twitter_misc":{"Tahmini okuma s\u00fcresi":"3 dakika"},"schema":{"@context":"https:\/\/schema.org","@graph":[{"@type":"WebPage","@id":"https:\/\/talkpal.ai\/tr\/bulgarca-dilbilgisi\/","url":"https:\/\/talkpal.ai\/tr\/bulgarca-dilbilgisi\/","name":"Bulgarca Dilbilgisi - Talkpal","isPartOf":{"@id":"https:\/\/talkpal.ai\/tr\/#website"},"primaryImageOfPage":{"@id":"https:\/\/talkpal.ai\/tr\/bulgarca-dilbilgisi\/#primaryimage"},"image":{"@id":"https:\/\/talkpal.ai\/tr\/bulgarca-dilbilgisi\/#primaryimage"},"thumbnailUrl":"https:\/\/talkpal.ai\/wp-content\/uploads\/2023\/05\/bulgaria.png","datePublished":"2023-05-14T14:00:39+00:00","dateModified":"2025-05-22T14:37:35+00:00","description":"Daha iyi dil anlay\u0131\u015f\u0131 ve ileti\u015fim becerileri i\u00e7in Bulgarca Dilbilgisinin temellerini ke\u015ffedin.","breadcrumb":{"@id":"https:\/\/talkpal.ai\/tr\/bulgarca-dilbilgisi\/#breadcrumb"},"inLanguage":"tr","potentialAction":[{"@type":"ReadAction","target":["https:\/\/talkpal.ai\/tr\/bulgarca-dilbilgisi\/"]}]},{"@type":"ImageObject","inLanguage":"tr","@id":"https:\/\/talkpal.ai\/tr\/bulgarca-dilbilgisi\/#primaryimage","url":"https:\/\/talkpal.ai\/wp-content\/uploads\/2023\/05\/bulgaria.png","contentUrl":"https:\/\/talkpal.ai\/wp-content\/uploads\/2023\/05\/bulgaria.png","width":512,"height":512},{"@type":"BreadcrumbList","@id":"https:\/\/talkpal.ai\/tr\/bulgarca-dilbilgisi\/#breadcrumb","itemListElement":[{"@type":"ListItem","position":1,"name":"Homepage","item":"https:\/\/talkpal.ai\/tr\/"},{"@type":"ListItem","position":2,"name":"Bulgarca Dilbilgisi"}]},{"@type":"WebSite","@id":"https:\/\/talkpal.ai\/tr\/#website","url":"https:\/\/talkpal.ai\/tr\/","name":"Talkpal","description":"AI Language Learning","publisher":{"@id":"https:\/\/talkpal.ai\/tr\/#organization"},"alternateName":"Talkpal AI","potentialAction":[{"@type":"SearchAction","target":{"@type":"EntryPoint","urlTemplate":"https:\/\/talkpal.ai\/tr\/?s={search_term_string}"},"query-input":{"@type":"PropertyValueSpecification","valueRequired":true,"valueName":"search_term_string"}}],"inLanguage":"tr"},{"@type":"Organization","@id":"https:\/\/talkpal.ai\/tr\/#organization","name":"Talkpal, Inc.","alternateName":"Talkpal AI","url":"https:\/\/talkpal.ai\/tr\/","logo":{"@type":"ImageObject","inLanguage":"tr","@id":"https:\/\/talkpal.ai\/tr\/#\/schema\/logo\/image\/","url":"https:\/\/talkpal.ai\/wp-content\/uploads\/2024\/03\/Talkpal-Logo-Icon.png","contentUrl":"https:\/\/talkpal.ai\/wp-content\/uploads\/2024\/03\/Talkpal-Logo-Icon.png","width":2880,"height":2880,"caption":"Talkpal, Inc."},"image":{"@id":"https:\/\/talkpal.ai\/tr\/#\/schema\/logo\/image\/"},"sameAs":["https:\/\/www.facebook.com\/profile.php?id=100090733639311","https:\/\/x.com\/talkpalai","https:\/\/www.linkedin.com\/company\/talkpal\/","https:\/\/www.youtube.com\/@TalkPal\/","https:\/\/www.tiktok.com\/@talkpal","https:\/\/www.instagram.com\/talkpal_ai\/","https:\/\/www.crunchbase.com\/organization\/talkpal-9cde","https:\/\/www.g2.com\/products\/talkpal-for-business\/","https:\/\/www.trustpilot.com\/review\/talkpal.ai","https:\/\/www.capterra.com\/p\/10006800\/TalkPal\/"],"description":"Talkpal is a language learning web and mobile education app, powered by the latest AI technologies, that provides engaging experiences to its customers in many different languages to help them improve their language skills. Users can chat about unlimited amount of topics with the app and use other modes to practice their language learning.","email":"support@talkpal.ai","legalName":"Talkpal, Inc.","foundingDate":"2023-04-03","duns":"118989042","numberOfEmployees":{"@type":"QuantitativeValue","minValue":"11","maxValue":"50"},"publishingPrinciples":"https:\/\/talkpal.ai\/publishing-principles\/","actionableFeedbackPolicy":"https:\/\/talkpal.ai\/actionable-feedback-policy\/","correctionsPolicy":"https:\/\/talkpal.ai\/corrections-policy\/","ethicsPolicy":"https:\/\/talkpal.ai\/ethics-policy\/","diversityPolicy":"https:\/\/talkpal.ai\/diversity-policy\/","diversityStaffingReport":"https:\/\/talkpal.ai\/diversity-policy\/"}]}},"_links":{"self":[{"href":"https:\/\/talkpal.ai\/tr\/wp-json\/wp\/v2\/pages\/141795","targetHints":{"allow":["GET"]}}],"collection":[{"href":"https:\/\/talkpal.ai\/tr\/wp-json\/wp\/v2\/pages"}],"about":[{"href":"https:\/\/talkpal.ai\/tr\/wp-json\/wp\/v2\/types\/page"}],"author":[{"embeddable":true,"href":"https:\/\/talkpal.ai\/tr\/wp-json\/wp\/v2\/users\/1"}],"replies":[{"embeddable":true,"href":"https:\/\/talkpal.ai\/tr\/wp-json\/wp\/v2\/comments?post=141795"}],"version-history":[{"count":0,"href":"https:\/\/talkpal.ai\/tr\/wp-json\/wp\/v2\/pages\/141795\/revisions"}],"wp:featuredmedia":[{"embeddable":true,"href":"https:\/\/talkpal.ai\/tr\/wp-json\/wp\/v2\/media\/111121"}],"wp:attachment":[{"href":"https:\/\/talkpal.ai\/tr\/wp-json\/wp\/v2\/media?parent=141795"}],"curies":[{"name":"wp","href":"https:\/\/api.w.org\/{rel}","templated":true}]}}