{"id":141279,"date":"2023-05-14T14:00:03","date_gmt":"2023-05-14T14:00:03","guid":{"rendered":"http:\/\/talkpal.ai\/bosnakca-dilbilgisi\/"},"modified":"2025-05-22T14:40:21","modified_gmt":"2025-05-22T14:40:21","slug":"bosnakca-dilbilgisi","status":"publish","type":"page","link":"https:\/\/talkpal.ai\/tr\/bosnakca-dilbilgisi\/","title":{"rendered":"Bo\u015fnak\u00e7a Dilbilgisi"},"content":{"rendered":"\r\n\r\n\r\n<section class=\"languageChallengeSection\">\r\n    <div class=\"languageInfoWrapper\">\r\n        \r\n        <h1>Bo\u015fnak\u00e7a Dilbilgisi<\/h1>\r\n        <p>Bo\u015fnak\u00e7an\u0131n temel dilbilgisi kurallar\u0131n\u0131 \u00f6\u011frenerek bu dilin zengin ve etkileyici d\u00fcnyas\u0131n\u0131n kap\u0131lar\u0131n\u0131 aralay\u0131n. Bo\u015fnak\u00e7a dilbilgisini sa\u011flam bir \u015fekilde kavramak, g\u00fcvenle ileti\u015fim kurman\u0131za ve k\u00fclt\u00fcr\u00fc daha derinden takdir etmenize yard\u0131mc\u0131 olacakt\u0131r. <a href=\"https:\/\/talkpal.ai\/bosnian-grammar\/\">Bo\u015fnak\u00e7a dilbilgisi<\/a> \u00f6\u011frenmeye bug\u00fcn ba\u015flay\u0131n ve ak\u0131c\u0131 \u015fekilde konu\u015fmaya do\u011fru ilk ad\u0131m\u0131n\u0131z\u0131 at\u0131n!<\/p>\r\n\r\n                            <a class=\"getStartedHidden\" href=\"https:\/\/app.talkpal.ai\/tr\/signup?lng=\">Hadi ba\u015fla<\/a>\r\n        \r\n    <\/div>\r\n\r\n    <figure>\r\n    <img decoding=\"async\" width=\"768\" height=\"768\" src=\"https:\/\/talkpal.ai\/wp-content\/uploads\/2023\/06\/bosinian-768x768.png\" class=\"languageImage no-lazy\" alt=\"Language learning for increasing employability\" fetchpriority=\"high\" sizes=\"(max-width: 768px) 150px, 768px\" srcset=\"https:\/\/talkpal.ai\/wp-content\/uploads\/2023\/06\/bosinian-768x768.png 768w, https:\/\/talkpal.ai\/wp-content\/uploads\/2023\/06\/bosinian-300x300.png 300w\" \/>\r\n    \r\n\r\n    <\/figure>\r\n\r\n            <a class=\"getStartedVisible\" href=\"https:\/\/app.talkpal.ai\/tr\/signup?lng=\">Hadi ba\u015fla<\/a>\r\n    \r\n<\/section>\r\n<section class=\"promotionalBanner\">\r\n    <p class=\"promotionalText\">Dil \u00f6\u011frenmenin en etkili yolu<\/p>\r\n    <a class=\"promotionalLink\" href=\"https:\/\/app.talkpal.ai\/tr\/signup?lng=\">Talkpal \u00fccretsiz deneyin<\/a>\r\n<\/section>\n<div class=\"wp-block-group pageContainerStyle\"><div class=\"wp-block-group__inner-container is-layout-constrained wp-block-group-is-layout-constrained\">\n<h2 class=\"wp-block-heading\" id=\"h-bosnian-grammar-a-guide-to-understanding-its-unique-features\">Bo\u015fnak\u00e7a Dilbilgisi: Benzersiz \u00d6zelliklerini Anlama K\u0131lavuzu<\/h2>\n\n\n\n<p>Bo\u015fnak\u00e7a \u00f6\u011freniyorsunuz ve kendinizi dilin grameri konusunda \u015fa\u015fk\u0131n m\u0131 buluyorsunuz? Korkmay\u0131n! Bu makalede, Bo\u015fnak\u00e7a dilbilgisinin gizemlerine dalaca\u011f\u0131z ve basit ve ilgi \u00e7ekici tutarken benzersiz \u00f6zelliklerini anlaman\u0131za yard\u0131mc\u0131 olaca\u011f\u0131z. Bu heyecan verici dil yolculu\u011funa \u00e7\u0131kmaya haz\u0131r m\u0131s\u0131n\u0131z? Hadi ba\u015flayal\u0131m!<\/p>\n\n\n\n<h3 class=\"wp-block-heading\" id=\"h-the-fundamentals-nouns-and-pronouns\">Temel Bilgiler: \u0130simler ve Zamirler<\/h3>\n\n\n\n<p>Her \u015feyden \u00f6nce, di\u011fer Slav dilleri gibi Bo\u015fnak\u00e7an\u0131n da \u00fc\u00e7 gramer cinsiyeti oldu\u011funu bilmek \u00f6nemlidir: eril, di\u015fil ve n\u00f6tr. Bir ismin hangi cinsiyete ait oldu\u011funu nas\u0131l anlars\u0131n\u0131z? Bu \u00e7ok kolay! Her \u015fey sonla ilgili. \u0130\u015fte h\u0131zl\u0131 bir rehber:<\/p>\n\n\n\n<p><strong>&#8211; Eril isimler tipik olarak bir \u00fcns\u00fczle biter,<\/strong><\/p>\n\n\n\n<p><strong>&#8211; Di\u015fil isimler genellikle -a ile biter,<\/strong><\/p>\n\n\n\n<p><strong>&#8211; N\u00f6tr isimler \u00e7o\u011funlukla -o veya -e ile biter.<\/strong><\/p>\n\n\n\n<p>Bunlar\u0131n genel kurallar oldu\u011funu ve istisnalar olabilece\u011fini unutmay\u0131n. \u015eimdi zamirler hakk\u0131nda konu\u015fal\u0131m. Bo\u015fnak\u00e7ada \u015fah\u0131s zamirleri ismin cinsiyetine, say\u0131s\u0131na (tekil veya \u00e7o\u011ful) ve durumuna g\u00f6re de\u011fi\u015fir (durumlara daha sonra de\u011finece\u011fiz). Bo\u015fnak\u00e7a&#8217;da yedi \u015fah\u0131s zamiri vard\u0131r: ja (i), ti (sen, tekil\/gayri resmi), on (he), ona (she), ono (it), mi (biz) ve vi (sen, \u00e7o\u011ful\/resmi). Bo\u015fnak\u00e7a&#8217;n\u0131n insanlara hitap etmenin hem gayri resmi hem de resmi bir yolu oldu\u011funu unutmay\u0131n &#8211; bu y\u00fczden biriyle konu\u015furken do\u011fru zamiri kulland\u0131\u011f\u0131n\u0131zdan emin olun!<\/p>\n\n\n\n<h3 class=\"wp-block-heading\" id=\"h-next-up-verb-conjugation\">S\u0131radaki: Fiil \u00c7ekimi<\/h3>\n\n\n\n<p>Fiiller herhangi bir dilin bel kemi\u011fidir ve Bo\u015fnak\u00e7a da farkl\u0131 de\u011fildir. Bo\u015fnak\u00e7a fiillerin iki ana \u00e7ekim kal\u0131b\u0131 vard\u0131r: biri -ti (ilk \u00e7ekim) ile biten fiiller ve di\u011feri -\u0107i (ikinci \u00e7ekim) ile biten fiiller i\u00e7in. Her iki durumda da fiil sonlar\u0131 \u00f6znenin cinsiyetine, say\u0131s\u0131na ve zaman\u0131na g\u00f6re de\u011fi\u015fir.<\/p>\n\n\n\n<p>Zamanlardan bahsetmi\u015fken, Bo\u015fnak\u00e7a&#8217;n\u0131n \u00fc\u00e7 basit zaman\u0131 vard\u0131r: \u015fimdi, ge\u00e7mi\u015f ve gelecek. \u015eimdiki zaman, fiil k\u00f6k\u00fcne belirli sonlar eklenerek olu\u015fturulur. Ge\u00e7mi\u015f zaman ise &#8220;biti&#8221; (olmak) yard\u0131mc\u0131 fiilinin &#8220;bio&#8221; mastar hali ve ge\u00e7mi\u015f zaman ortac\u0131 kullan\u0131larak olu\u015fturulur. Son olarak, gelecek zaman &#8220;htjeti&#8221; (will) yard\u0131mc\u0131 fiili ile ana fiilin mastar halinin birle\u015ftirilmesiyle olu\u015fturulur.<\/p>\n\n\n\n<h3 class=\"wp-block-heading\" id=\"h-the-magic-of-cases\">Vakalar\u0131n B\u00fcy\u00fcs\u00fc<\/h3>\n\n\n\n<p>Bo\u015fnak\u00e7a dilbilgisi bir durum sistemi kullan\u0131r, bu da isimlerin, zamirlerin, s\u0131fatlar\u0131n ve hatta bazen fiillerin bir c\u00fcmledeki i\u015flevlerine g\u00f6re bi\u00e7imlerini de\u011fi\u015ftirdi\u011fi anlam\u0131na gelir. Bo\u015fnak\u00e7a&#8217;da yedi durum vard\u0131r: nominatif, genitive, dative, accusative, vocative, instrumental ve locative.<\/p>\n\n\n\n<p>\u015eimdi, bu terimlerin g\u00f6z\u00fcn\u00fcz\u00fc korkutmas\u0131na izin vermeyin! Bu sadece bir pratik meselesi. Her vaka belirli bir amaca hizmet eder ve belirli sorular\u0131 yan\u0131tlar:<\/p>\n\n\n\n<p><strong>1. Aday:<\/strong> C\u00fcmlenin \u00f6znesi. Eylemi kim veya ne yap\u0131yor?<\/p>\n\n\n\n<p><strong>2. Genitive:<\/strong> Bir \u015feyin sahipli\u011fini, k\u00f6kenini veya bir par\u00e7as\u0131n\u0131 belirtir. Kimin ya da neyin?<\/p>\n\n\n\n<p><strong>3. Datif:<\/strong> Dolayl\u0131 nesne \u2013 bir \u015fey kime veya kime verilir veya yap\u0131l\u0131r?<\/p>\n\n\n\n<p><strong>4. Su\u00e7lay\u0131c\u0131:<\/strong> Do\u011frudan nesne \u2013 eylemi kim veya ne al\u0131yor?<\/p>\n\n\n\n<p><strong>5. Vokatif:<\/strong> Birine veya bir \u015feye do\u011frudan hitap etmek i\u00e7in kullan\u0131l\u0131r \u2013 Hey, sen!<\/p>\n\n\n\n<p><strong>6. Ara\u00e7sal:<\/strong> Eylemin ara\u00e7lar\u0131n\u0131 veya y\u00f6ntemini temsil eder \u2013 neyle veya kim taraf\u0131ndan?<\/p>\n\n\n\n<p><strong>7. Konumsal:<\/strong> Bir \u015feyin konumunu veya konumunu g\u00f6sterir &#8211; nerede veya neyde?<\/p>\n\n\n\n<h3 class=\"wp-block-heading\" id=\"h-loving-the-adjectives\">S\u0131fatlar\u0131 Sevmek<\/h3>\n\n\n\n<p>Bo\u015fnak\u00e7a&#8217;daki s\u0131fatlar, cinsiyet, say\u0131 ve durum a\u00e7\u0131s\u0131ndan de\u011fi\u015ftirdikleri isimle ayn\u0131 fikirdedir. Bu, s\u0131fatlar\u0131n, t\u0131pk\u0131 isimler ve zamirler gibi, tan\u0131mlad\u0131klar\u0131 isme ba\u011fl\u0131 olarak farkl\u0131 bi\u00e7imlere sahip oldu\u011fu anlam\u0131na gelir.<\/p>\n\n\n\n<p>\u00d6rne\u011fin, Bo\u015fnak\u00e7ada &#8220;b\u00fcy\u00fck ev&#8221; demek istiyorsan\u0131z (ki bu di\u015fil bir isimdir), &#8220;velika ku\u0107a&#8221; dersiniz. Ancak, &#8220;b\u00fcy\u00fck bir arabadan&#8221; (eril isim) bahsediyorsan\u0131z, &#8220;veliki auto&#8221; dersiniz.<\/p>\n\n\n\n<h3 class=\"wp-block-heading\" id=\"h-final-thoughts\">Son D\u00fc\u015f\u00fcncelerimiz<\/h3>\n\n\n\n<p>Bo\u015fnak\u00e7a dilbilgisi, cinsiyeti, durumlar\u0131 ve fiil \u00e7ekimi ile ba\u015flang\u0131\u00e7ta karma\u015f\u0131k g\u00f6r\u00fcnebilir, ancak unutmay\u0131n: pratik yapmak m\u00fckemmelle\u015ftirir! Her \u015fey sistemi anlamak ve onu ger\u00e7ek hayattaki durumlarda kullanmakla ilgilidir. Sab\u0131rl\u0131 olun, pratik yapmaya devam edin ve \u00e7ok ge\u00e7meden kendinizi Bosna&#8217;n\u0131n g\u00fczel dilinde ustala\u015fm\u0131\u015f bulacaks\u0131n\u0131z. Sretno! (\u0130yi \u015fanslar!)<\/p>\n<\/div><\/div>\n\r\n<section class=\"learnNavigationSection\">\r\n            \r\n        <a href=\"https:\/\/talkpal.ai\/tr\/bosnakca-ogren\/\">\r\n            <div class=\"learnNavigationWrapper\">\r\n                <div class=\"learnNavigationContent\">\r\n                    <img decoding=\"async\" src=\"https:\/\/talkpal.ai\/wp-content\/uploads\/2024\/08\/Bosnian.jpg\" alt=\"Bosnian Flag\">\r\n                    <div>\r\n                        <h4>Bosnian Learning Hakk\u0131nda<\/h4>\r\n                        <p>Bo\u015fnak\u00e7a dilbilgisi hakk\u0131nda her \u015feyi \u00f6\u011frenin .<\/p>\r\n                    <\/div>\r\n                <\/div>\r\n            <\/div>\r\n        <\/a>\r\n\r\n        \r\n        <a href=\"https:\/\/talkpal.ai\/tr\/bosnakca-dilbilgisi-alistirmalari\/\">\r\n            <div class=\"learnNavigationWrapper\">\r\n                <div class=\"learnNavigationContent\">\r\n                    <img decoding=\"async\" src=\"https:\/\/talkpal.ai\/wp-content\/uploads\/2024\/08\/Bosnian.jpg\" alt=\"Bosnian Flag\">\r\n                    <div>\r\n                        <h4>Bo\u015fnak\u00e7a Dilbilgisi Al\u0131\u015ft\u0131rmas\u0131<\/h4>\r\n                        <p>Bo\u015fnak\u00e7a dilbilgisi al\u0131\u015ft\u0131rmas\u0131 yap\u0131n .<\/p>\r\n                    <\/div>\r\n                <\/div>\r\n            <\/div>\r\n        <\/a>\r\n\r\n        \r\n        <a href=\"https:\/\/talkpal.ai\/vocabulary_language\/bosnian\/\">\r\n            <div class=\"learnNavigationWrapper\">\r\n                <div class=\"learnNavigationContent\">\r\n                    <img decoding=\"async\" src=\"https:\/\/talkpal.ai\/wp-content\/uploads\/2024\/08\/Bosnian.jpg\" alt=\"Bosnian Flag\">\r\n                    <div>\r\n                        <h4>Bo\u015fnak\u00e7a Kelime Bilgisi<\/h4>\r\n                        <p>Bo\u015fnak\u00e7a kelime da\u011farc\u0131\u011f\u0131n\u0131z\u0131 geni\u015fletin.<\/p>\r\n                    <\/div>\r\n                <\/div>\r\n            <\/div>\r\n        <\/a>\r\n\r\n            <\/section>","protected":false},"excerpt":{"rendered":"<p>Bo\u015fnak\u00e7a Dilbilgisi: Benzersiz \u00d6zelliklerini Anlama K\u0131lavuzu Bo\u015fnak\u00e7a \u00f6\u011freniyorsunuz ve kendinizi dilin grameri konusunda \u015fa\u015fk\u0131n m\u0131 buluyorsunuz? Korkmay\u0131n! Bu makalede, Bo\u015fnak\u00e7a dilbilgisinin gizemlerine dalaca\u011f\u0131z ve basit ve ilgi \u00e7ekici tutarken benzersiz \u00f6zelliklerini anlaman\u0131za yard\u0131mc\u0131 olaca\u011f\u0131z. Bu heyecan verici dil yolculu\u011funa \u00e7\u0131kmaya haz\u0131r m\u0131s\u0131n\u0131z? Hadi ba\u015flayal\u0131m! Temel Bilgiler: \u0130simler ve Zamirler Her \u015feyden \u00f6nce, di\u011fer Slav dilleri [&hellip;]<\/p>\n","protected":false},"author":1,"featured_media":111322,"parent":0,"menu_order":0,"comment_status":"closed","ping_status":"closed","template":"LearningContentPage.php","meta":{"_acf_changed":false,"footnotes":""},"class_list":["post-141279","page","type-page","status-publish","has-post-thumbnail","hentry"],"acf":[],"yoast_head":"<!-- This site is optimized with the Yoast SEO Premium plugin v27.2 (Yoast SEO v27.2) - https:\/\/yoast.com\/product\/yoast-seo-premium-wordpress\/ -->\n<title>Bo\u015fnak\u00e7a Dilbilgisi - Talkpal<\/title>\n<meta name=\"description\" content=\"Bo\u015fnak\u00e7a dilbilgisinde zahmetsizce ustala\u015f\u0131n TalkpalYapay zeka destekli dil \u00f6\u011fretmeniniz. Kolay a\u00e7\u0131klamalar\u0131, pratik ipu\u00e7lar\u0131n\u0131 ve interaktif al\u0131\u015ft\u0131rmalar\u0131 ke\u015ffedin!\" \/>\n<meta name=\"robots\" content=\"index, follow, max-snippet:-1, max-image-preview:large, max-video-preview:-1\" \/>\n<link rel=\"canonical\" href=\"https:\/\/talkpal.ai\/tr\/bosnakca-dilbilgisi\/\" \/>\n<meta property=\"og:locale\" content=\"tr_TR\" \/>\n<meta property=\"og:type\" content=\"article\" \/>\n<meta property=\"og:title\" content=\"Bo\u015fnak\u00e7a Dilbilgisi\" \/>\n<meta property=\"og:description\" content=\"Bo\u015fnak\u00e7a Dilbilgisi: Benzersiz \u00d6zelliklerini Anlama K\u0131lavuzu Bo\u015fnak\u00e7a \u00f6\u011freniyorsunuz ve kendinizi dilin grameri konusunda \u015fa\u015fk\u0131n m\u0131 buluyorsunuz?\" \/>\n<meta property=\"og:url\" content=\"https:\/\/talkpal.ai\/tr\/bosnakca-dilbilgisi\/\" \/>\n<meta property=\"og:site_name\" content=\"Talkpal\" \/>\n<meta property=\"article:publisher\" content=\"https:\/\/www.facebook.com\/profile.php?id=100090733639311\" \/>\n<meta property=\"article:modified_time\" content=\"2025-05-22T14:40:21+00:00\" \/>\n<meta property=\"og:image\" content=\"https:\/\/talkpal.ai\/wp-content\/uploads\/2023\/05\/bosnia-and-herzegovina.png\" \/>\n\t<meta property=\"og:image:width\" content=\"512\" \/>\n\t<meta property=\"og:image:height\" content=\"512\" \/>\n\t<meta property=\"og:image:type\" content=\"image\/png\" \/>\n<meta name=\"twitter:card\" content=\"summary_large_image\" \/>\n<meta name=\"twitter:site\" content=\"@talkpalai\" \/>\n<meta name=\"twitter:label1\" content=\"Tahmini okuma s\u00fcresi\" \/>\n\t<meta name=\"twitter:data1\" content=\"4 dakika\" \/>\n<script type=\"application\/ld+json\" class=\"yoast-schema-graph\">{\"@context\":\"https:\/\/schema.org\",\"@graph\":[{\"@type\":\"WebPage\",\"@id\":\"https:\/\/talkpal.ai\/tr\/bosnakca-dilbilgisi\/\",\"url\":\"https:\/\/talkpal.ai\/tr\/bosnakca-dilbilgisi\/\",\"name\":\"Bo\u015fnak\u00e7a Dilbilgisi - Talkpal\",\"isPartOf\":{\"@id\":\"https:\/\/talkpal.ai\/tr\/#website\"},\"primaryImageOfPage\":{\"@id\":\"https:\/\/talkpal.ai\/tr\/bosnakca-dilbilgisi\/#primaryimage\"},\"image\":{\"@id\":\"https:\/\/talkpal.ai\/tr\/bosnakca-dilbilgisi\/#primaryimage\"},\"thumbnailUrl\":\"https:\/\/talkpal.ai\/wp-content\/uploads\/2023\/05\/bosnia-and-herzegovina.png\",\"datePublished\":\"2023-05-14T14:00:03+00:00\",\"dateModified\":\"2025-05-22T14:40:21+00:00\",\"description\":\"Bo\u015fnak\u00e7a dilbilgisinde zahmetsizce ustala\u015f\u0131n TalkpalYapay zeka destekli dil \u00f6\u011fretmeniniz. Kolay a\u00e7\u0131klamalar\u0131, pratik ipu\u00e7lar\u0131n\u0131 ve interaktif al\u0131\u015ft\u0131rmalar\u0131 ke\u015ffedin!\",\"breadcrumb\":{\"@id\":\"https:\/\/talkpal.ai\/tr\/bosnakca-dilbilgisi\/#breadcrumb\"},\"inLanguage\":\"tr\",\"potentialAction\":[{\"@type\":\"ReadAction\",\"target\":[\"https:\/\/talkpal.ai\/tr\/bosnakca-dilbilgisi\/\"]}]},{\"@type\":\"ImageObject\",\"inLanguage\":\"tr\",\"@id\":\"https:\/\/talkpal.ai\/tr\/bosnakca-dilbilgisi\/#primaryimage\",\"url\":\"https:\/\/talkpal.ai\/wp-content\/uploads\/2023\/05\/bosnia-and-herzegovina.png\",\"contentUrl\":\"https:\/\/talkpal.ai\/wp-content\/uploads\/2023\/05\/bosnia-and-herzegovina.png\",\"width\":512,\"height\":512},{\"@type\":\"BreadcrumbList\",\"@id\":\"https:\/\/talkpal.ai\/tr\/bosnakca-dilbilgisi\/#breadcrumb\",\"itemListElement\":[{\"@type\":\"ListItem\",\"position\":1,\"name\":\"Homepage\",\"item\":\"https:\/\/talkpal.ai\/tr\/\"},{\"@type\":\"ListItem\",\"position\":2,\"name\":\"Bo\u015fnak\u00e7a Dilbilgisi\"}]},{\"@type\":\"WebSite\",\"@id\":\"https:\/\/talkpal.ai\/tr\/#website\",\"url\":\"https:\/\/talkpal.ai\/tr\/\",\"name\":\"Talkpal\",\"description\":\"AI Language Learning\",\"publisher\":{\"@id\":\"https:\/\/talkpal.ai\/tr\/#organization\"},\"alternateName\":\"Talkpal AI\",\"potentialAction\":[{\"@type\":\"SearchAction\",\"target\":{\"@type\":\"EntryPoint\",\"urlTemplate\":\"https:\/\/talkpal.ai\/tr\/?s={search_term_string}\"},\"query-input\":{\"@type\":\"PropertyValueSpecification\",\"valueRequired\":true,\"valueName\":\"search_term_string\"}}],\"inLanguage\":\"tr\"},{\"@type\":\"Organization\",\"@id\":\"https:\/\/talkpal.ai\/tr\/#organization\",\"name\":\"Talkpal, Inc.\",\"alternateName\":\"Talkpal AI\",\"url\":\"https:\/\/talkpal.ai\/tr\/\",\"logo\":{\"@type\":\"ImageObject\",\"inLanguage\":\"tr\",\"@id\":\"https:\/\/talkpal.ai\/tr\/#\/schema\/logo\/image\/\",\"url\":\"https:\/\/talkpal.ai\/wp-content\/uploads\/2024\/03\/Talkpal-Logo-Icon.png\",\"contentUrl\":\"https:\/\/talkpal.ai\/wp-content\/uploads\/2024\/03\/Talkpal-Logo-Icon.png\",\"width\":2880,\"height\":2880,\"caption\":\"Talkpal, Inc.\"},\"image\":{\"@id\":\"https:\/\/talkpal.ai\/tr\/#\/schema\/logo\/image\/\"},\"sameAs\":[\"https:\/\/www.facebook.com\/profile.php?id=100090733639311\",\"https:\/\/x.com\/talkpalai\",\"https:\/\/www.linkedin.com\/company\/talkpal\/\",\"https:\/\/www.youtube.com\/@TalkPal\/\",\"https:\/\/www.tiktok.com\/@talkpal\",\"https:\/\/www.instagram.com\/talkpal_ai\/\",\"https:\/\/www.crunchbase.com\/organization\/talkpal-9cde\",\"https:\/\/www.g2.com\/products\/talkpal-for-business\/\",\"https:\/\/www.trustpilot.com\/review\/talkpal.ai\",\"https:\/\/www.capterra.com\/p\/10006800\/TalkPal\/\"],\"description\":\"Talkpal is a language learning web and mobile education app, powered by the latest AI technologies, that provides engaging experiences to its customers in many different languages to help them improve their language skills. Users can chat about unlimited amount of topics with the app and use other modes to practice their language learning.\",\"email\":\"support@talkpal.ai\",\"legalName\":\"Talkpal, Inc.\",\"foundingDate\":\"2023-04-03\",\"duns\":\"118989042\",\"numberOfEmployees\":{\"@type\":\"QuantitativeValue\",\"minValue\":\"11\",\"maxValue\":\"50\"},\"publishingPrinciples\":\"https:\/\/talkpal.ai\/publishing-principles\/\",\"actionableFeedbackPolicy\":\"https:\/\/talkpal.ai\/actionable-feedback-policy\/\",\"correctionsPolicy\":\"https:\/\/talkpal.ai\/corrections-policy\/\",\"ethicsPolicy\":\"https:\/\/talkpal.ai\/ethics-policy\/\",\"diversityPolicy\":\"https:\/\/talkpal.ai\/diversity-policy\/\",\"diversityStaffingReport\":\"https:\/\/talkpal.ai\/diversity-policy\/\"}]}<\/script>\n<!-- \/ Yoast SEO Premium plugin. -->","yoast_head_json":{"title":"Bo\u015fnak\u00e7a Dilbilgisi - Talkpal","description":"Bo\u015fnak\u00e7a dilbilgisinde zahmetsizce ustala\u015f\u0131n TalkpalYapay zeka destekli dil \u00f6\u011fretmeniniz. Kolay a\u00e7\u0131klamalar\u0131, pratik ipu\u00e7lar\u0131n\u0131 ve interaktif al\u0131\u015ft\u0131rmalar\u0131 ke\u015ffedin!","robots":{"index":"index","follow":"follow","max-snippet":"max-snippet:-1","max-image-preview":"max-image-preview:large","max-video-preview":"max-video-preview:-1"},"canonical":"https:\/\/talkpal.ai\/tr\/bosnakca-dilbilgisi\/","og_locale":"tr_TR","og_type":"article","og_title":"Bo\u015fnak\u00e7a Dilbilgisi","og_description":"Bo\u015fnak\u00e7a Dilbilgisi: Benzersiz \u00d6zelliklerini Anlama K\u0131lavuzu Bo\u015fnak\u00e7a \u00f6\u011freniyorsunuz ve kendinizi dilin grameri konusunda \u015fa\u015fk\u0131n m\u0131 buluyorsunuz?","og_url":"https:\/\/talkpal.ai\/tr\/bosnakca-dilbilgisi\/","og_site_name":"Talkpal","article_publisher":"https:\/\/www.facebook.com\/profile.php?id=100090733639311","article_modified_time":"2025-05-22T14:40:21+00:00","og_image":[{"width":512,"height":512,"url":"https:\/\/talkpal.ai\/wp-content\/uploads\/2023\/05\/bosnia-and-herzegovina.png","type":"image\/png"}],"twitter_card":"summary_large_image","twitter_site":"@talkpalai","twitter_misc":{"Tahmini okuma s\u00fcresi":"4 dakika"},"schema":{"@context":"https:\/\/schema.org","@graph":[{"@type":"WebPage","@id":"https:\/\/talkpal.ai\/tr\/bosnakca-dilbilgisi\/","url":"https:\/\/talkpal.ai\/tr\/bosnakca-dilbilgisi\/","name":"Bo\u015fnak\u00e7a Dilbilgisi - Talkpal","isPartOf":{"@id":"https:\/\/talkpal.ai\/tr\/#website"},"primaryImageOfPage":{"@id":"https:\/\/talkpal.ai\/tr\/bosnakca-dilbilgisi\/#primaryimage"},"image":{"@id":"https:\/\/talkpal.ai\/tr\/bosnakca-dilbilgisi\/#primaryimage"},"thumbnailUrl":"https:\/\/talkpal.ai\/wp-content\/uploads\/2023\/05\/bosnia-and-herzegovina.png","datePublished":"2023-05-14T14:00:03+00:00","dateModified":"2025-05-22T14:40:21+00:00","description":"Bo\u015fnak\u00e7a dilbilgisinde zahmetsizce ustala\u015f\u0131n TalkpalYapay zeka destekli dil \u00f6\u011fretmeniniz. Kolay a\u00e7\u0131klamalar\u0131, pratik ipu\u00e7lar\u0131n\u0131 ve interaktif al\u0131\u015ft\u0131rmalar\u0131 ke\u015ffedin!","breadcrumb":{"@id":"https:\/\/talkpal.ai\/tr\/bosnakca-dilbilgisi\/#breadcrumb"},"inLanguage":"tr","potentialAction":[{"@type":"ReadAction","target":["https:\/\/talkpal.ai\/tr\/bosnakca-dilbilgisi\/"]}]},{"@type":"ImageObject","inLanguage":"tr","@id":"https:\/\/talkpal.ai\/tr\/bosnakca-dilbilgisi\/#primaryimage","url":"https:\/\/talkpal.ai\/wp-content\/uploads\/2023\/05\/bosnia-and-herzegovina.png","contentUrl":"https:\/\/talkpal.ai\/wp-content\/uploads\/2023\/05\/bosnia-and-herzegovina.png","width":512,"height":512},{"@type":"BreadcrumbList","@id":"https:\/\/talkpal.ai\/tr\/bosnakca-dilbilgisi\/#breadcrumb","itemListElement":[{"@type":"ListItem","position":1,"name":"Homepage","item":"https:\/\/talkpal.ai\/tr\/"},{"@type":"ListItem","position":2,"name":"Bo\u015fnak\u00e7a Dilbilgisi"}]},{"@type":"WebSite","@id":"https:\/\/talkpal.ai\/tr\/#website","url":"https:\/\/talkpal.ai\/tr\/","name":"Talkpal","description":"AI Language Learning","publisher":{"@id":"https:\/\/talkpal.ai\/tr\/#organization"},"alternateName":"Talkpal AI","potentialAction":[{"@type":"SearchAction","target":{"@type":"EntryPoint","urlTemplate":"https:\/\/talkpal.ai\/tr\/?s={search_term_string}"},"query-input":{"@type":"PropertyValueSpecification","valueRequired":true,"valueName":"search_term_string"}}],"inLanguage":"tr"},{"@type":"Organization","@id":"https:\/\/talkpal.ai\/tr\/#organization","name":"Talkpal, Inc.","alternateName":"Talkpal AI","url":"https:\/\/talkpal.ai\/tr\/","logo":{"@type":"ImageObject","inLanguage":"tr","@id":"https:\/\/talkpal.ai\/tr\/#\/schema\/logo\/image\/","url":"https:\/\/talkpal.ai\/wp-content\/uploads\/2024\/03\/Talkpal-Logo-Icon.png","contentUrl":"https:\/\/talkpal.ai\/wp-content\/uploads\/2024\/03\/Talkpal-Logo-Icon.png","width":2880,"height":2880,"caption":"Talkpal, Inc."},"image":{"@id":"https:\/\/talkpal.ai\/tr\/#\/schema\/logo\/image\/"},"sameAs":["https:\/\/www.facebook.com\/profile.php?id=100090733639311","https:\/\/x.com\/talkpalai","https:\/\/www.linkedin.com\/company\/talkpal\/","https:\/\/www.youtube.com\/@TalkPal\/","https:\/\/www.tiktok.com\/@talkpal","https:\/\/www.instagram.com\/talkpal_ai\/","https:\/\/www.crunchbase.com\/organization\/talkpal-9cde","https:\/\/www.g2.com\/products\/talkpal-for-business\/","https:\/\/www.trustpilot.com\/review\/talkpal.ai","https:\/\/www.capterra.com\/p\/10006800\/TalkPal\/"],"description":"Talkpal is a language learning web and mobile education app, powered by the latest AI technologies, that provides engaging experiences to its customers in many different languages to help them improve their language skills. Users can chat about unlimited amount of topics with the app and use other modes to practice their language learning.","email":"support@talkpal.ai","legalName":"Talkpal, Inc.","foundingDate":"2023-04-03","duns":"118989042","numberOfEmployees":{"@type":"QuantitativeValue","minValue":"11","maxValue":"50"},"publishingPrinciples":"https:\/\/talkpal.ai\/publishing-principles\/","actionableFeedbackPolicy":"https:\/\/talkpal.ai\/actionable-feedback-policy\/","correctionsPolicy":"https:\/\/talkpal.ai\/corrections-policy\/","ethicsPolicy":"https:\/\/talkpal.ai\/ethics-policy\/","diversityPolicy":"https:\/\/talkpal.ai\/diversity-policy\/","diversityStaffingReport":"https:\/\/talkpal.ai\/diversity-policy\/"}]}},"_links":{"self":[{"href":"https:\/\/talkpal.ai\/tr\/wp-json\/wp\/v2\/pages\/141279","targetHints":{"allow":["GET"]}}],"collection":[{"href":"https:\/\/talkpal.ai\/tr\/wp-json\/wp\/v2\/pages"}],"about":[{"href":"https:\/\/talkpal.ai\/tr\/wp-json\/wp\/v2\/types\/page"}],"author":[{"embeddable":true,"href":"https:\/\/talkpal.ai\/tr\/wp-json\/wp\/v2\/users\/1"}],"replies":[{"embeddable":true,"href":"https:\/\/talkpal.ai\/tr\/wp-json\/wp\/v2\/comments?post=141279"}],"version-history":[{"count":0,"href":"https:\/\/talkpal.ai\/tr\/wp-json\/wp\/v2\/pages\/141279\/revisions"}],"wp:featuredmedia":[{"embeddable":true,"href":"https:\/\/talkpal.ai\/tr\/wp-json\/wp\/v2\/media\/111322"}],"wp:attachment":[{"href":"https:\/\/talkpal.ai\/tr\/wp-json\/wp\/v2\/media?parent=141279"}],"curies":[{"name":"wp","href":"https:\/\/api.w.org\/{rel}","templated":true}]}}