{"id":140998,"date":"2023-05-14T13:59:42","date_gmt":"2023-05-14T13:59:42","guid":{"rendered":"http:\/\/talkpal.ai\/beyaz-rusca-dilbilgisi\/"},"modified":"2025-05-22T13:48:43","modified_gmt":"2025-05-22T13:48:43","slug":"beyaz-rusca-dilbilgisi","status":"publish","type":"page","link":"https:\/\/talkpal.ai\/tr\/beyaz-rusca-dilbilgisi\/","title":{"rendered":"Beyaz Rus\u00e7a Dilbilgisi"},"content":{"rendered":"\r\n\r\n\r\n<section class=\"languageChallengeSection\">\r\n    <div class=\"languageInfoWrapper\">\r\n        \r\n        <h1>Beyaz Rus\u00e7a Dilbilgisi<\/h1>\r\n        <p>Belarus\u00e7a dilinin temel gramer kurallar\u0131n\u0131 \u00f6\u011frenerek dilin g\u00fczelli\u011fini ve zenginli\u011fini ke\u015ffedin. <a href=\"https:\/\/talkpal.ai\/belarusian-grammar\/\">Belarus\u00e7a dilbilgisi<\/a> hakk\u0131nda sa\u011flam bir anlay\u0131\u015fa sahip olmak, g\u00fcvenle ileti\u015fim kurman\u0131za ve Belarus k\u00fclt\u00fcr\u00fcyle ba\u011flant\u0131 kurman\u0131za yard\u0131mc\u0131 olacakt\u0131r. \u015eimdi dal\u0131n ve Belarus\u00e7a&#039;da ustala\u015fma yolculu\u011funuza bug\u00fcn ba\u015flay\u0131n!<\/p>\r\n\r\n                            <a class=\"getStartedHidden\" href=\"https:\/\/app.talkpal.ai\/tr\/signup?lng=\">Hadi ba\u015fla<\/a>\r\n        \r\n    <\/div>\r\n\r\n    <figure>\r\n    <img decoding=\"async\" width=\"768\" height=\"768\" src=\"https:\/\/talkpal.ai\/wp-content\/uploads\/2023\/06\/belarusian-768x768.png\" class=\"languageImage no-lazy\" alt=\"Language learning for academic excellence\" fetchpriority=\"high\" sizes=\"(max-width: 768px) 150px, 768px\" srcset=\"https:\/\/talkpal.ai\/wp-content\/uploads\/2023\/06\/belarusian-768x768.png 768w, https:\/\/talkpal.ai\/wp-content\/uploads\/2023\/06\/belarusian-300x300.png 300w\" \/>\r\n    \r\n\r\n    <\/figure>\r\n\r\n            <a class=\"getStartedVisible\" href=\"https:\/\/app.talkpal.ai\/tr\/signup?lng=\">Hadi ba\u015fla<\/a>\r\n    \r\n<\/section>\r\n<section class=\"promotionalBanner\">\r\n    <p class=\"promotionalText\">Dil \u00f6\u011frenmenin en etkili yolu<\/p>\r\n    <a class=\"promotionalLink\" href=\"https:\/\/app.talkpal.ai\/tr\/signup?lng=\">Talkpal \u00fccretsiz deneyin<\/a>\r\n<\/section>\n<div class=\"wp-block-group pageContainerStyle\"><div class=\"wp-block-group__inner-container is-layout-constrained wp-block-group-is-layout-constrained\">\n<h2 class=\"wp-block-heading\" id=\"h-belarusian-grammar-a-closer-look-at-the-slavic-language-s-intricacies\">Belarus\u00e7a Dilbilgisi: Slav Dilinin \u0130nceliklerine Daha Yak\u0131ndan Bir Bak\u0131\u015f<\/h2>\n\n\n\n<p>Slav dillerine hayranl\u0131k duyan hevesli bir \u00e7ok dilli misiniz? Ya da belki de sadece bu ilgin\u00e7 b\u00f6lgedeki dillerin gramer inceliklerini merak ediyorsunuz? E\u011fer \u00f6yleyse, kemerlerinizi ba\u011flay\u0131n! Bu yaz\u0131da, Slav dil ailesinin az bilinen ancak b\u00fcy\u00fcleyici bir \u00fcyesi olan Belarus\u00e7a dilbilgisinin harika d\u00fcnyas\u0131n\u0131 ke\u015ffedece\u011fiz.<\/p>\n\n\n\n<p>Hadi i\u00e7eri dalal\u0131m, olur mu?<\/p>\n\n\n\n<h3 class=\"wp-block-heading\" id=\"h-first-things-first-what-is-belarusian\">Her \u015feyden \u00f6nce: Belarus\u00e7a nedir?<\/h3>\n\n\n\n<p>Belarus\u00e7a, Do\u011fu Avrupa&#8217;da Rusya, Ukrayna, Polonya, Litvanya ve Letonya aras\u0131nda yer alan karayla \u00e7evrili bir \u00fclke olan Belarus&#8217;un resmi dilidir. Yakla\u015f\u0131k 7,9 milyon konu\u015fmac\u0131 ile Belarus\u00e7a, hem dilbilimciler hem de dil merakl\u0131lar\u0131 i\u00e7in sevimli bir \u00e7ekicili\u011fe sahiptir. Bir Slav dili olarak Belarus\u00e7a, Rus\u00e7a, Ukraynaca ve Leh\u00e7e ile bir\u00e7ok benzerli\u011fe sahiptir; Bununla birlikte, onu karde\u015flerinden ay\u0131ran kendine \u00f6zg\u00fc \u00f6zelliklerini de benimser.<\/p>\n\n\n\n<h3 class=\"wp-block-heading\" id=\"h-the-building-blocks-nouns-pronouns-and-cases\">Yap\u0131 Ta\u015flar\u0131: \u0130simler, Zamirler ve Durumlar<\/h3>\n\n\n\n<p>Di\u011fer Slav dilleri gibi, Belarus\u00e7a dilbilgisi de kelimelerin \u00e7ekimi etraf\u0131nda d\u00f6ner. Bu, kelimelerin sonlar\u0131n\u0131n bir c\u00fcmledeki gramer i\u015flevlerine g\u00f6re de\u011fi\u015fti\u011fi anlam\u0131na gelir. Bu durum en \u00e7ok isimler, zamirler ve s\u0131fatlar farkl\u0131 durumlarda kullan\u0131ld\u0131\u011f\u0131nda ortaya \u00e7\u0131kar. Belarus&#8217;ta a\u015fa\u011f\u0131daki gibi alt\u0131 vaka vard\u0131r:<\/p>\n\n\n\n<p><strong>1. Nominatif &#8211; bir c\u00fcmlenin \u00f6znesini belirtir<\/strong><\/p>\n\n\n\n<p><strong>2. Genitif &#8211; sahiplik veya olumsuzlama nesnesini g\u00f6sterir<\/strong><\/p>\n\n\n\n<p><strong>3. Datif &#8211; bir c\u00fcmlenin dolayl\u0131 nesnesini i\u015faretler<\/strong><\/p>\n\n\n\n<p><strong>4. Su\u00e7lay\u0131c\u0131 &#8211; bir c\u00fcmlenin do\u011frudan nesnesini ifade eder<\/strong><\/p>\n\n\n\n<p><strong>5. Ara\u00e7sal &#8211; bir eylemin ger\u00e7ekle\u015ftirildi\u011fi ara\u00e7 veya y\u00f6ntemi ifade eder<\/strong><\/p>\n\n\n\n<p><strong>6. Edat veya Yer bildiren &#8211; edatlar\u0131n yerini veya nesnesini belirtir<\/strong><\/p>\n\n\n\n<p>Durumlara ek olarak, Belarus\u00e7a isimlerin ayr\u0131ca \u00fc\u00e7 cinsiyeti (eril, di\u015fil ve n\u00f6tr) ve iki say\u0131s\u0131 (tekil ve \u00e7o\u011ful) vard\u0131r. Her cinsiyet ve say\u0131 kombinasyonunun her durumda belirli sonlar\u0131 vard\u0131r, bu da dilbilgisi a\u00e7\u0131s\u0131ndan do\u011fru c\u00fcmleler kurmak i\u00e7in bunlar\u0131 ezberlemeyi \u00e7ok \u00f6nemli hale getirir.<\/p>\n\n\n\n<h3 class=\"wp-block-heading\" id=\"h-let-s-talk-verbs-tenses-aspects-and-moods\">Fiilleri Konu\u015fal\u0131m: Zamanlar, Y\u00f6nler ve Ruh Halleri<\/h3>\n\n\n\n<p>Belarus\u00e7a fiiller harika bir \u015fekilde karma\u015f\u0131kt\u0131r, n\u00fcans ve karma\u015f\u0131kl\u0131kla doludur. \u00dc\u00e7 zaman (ge\u00e7mi\u015f, \u015fimdi ve gelecek), iki y\u00f6n\u00fc (m\u00fckemmel ve kusurlu) ve \u00fc\u00e7 ruh hali (g\u00f6sterge, emir kipi ve ko\u015fullu) vard\u0131r. Belarus\u00e7a fiilleri di\u011fer Slav dillerinden ay\u0131ran \u015fey, geni\u015f bir \u015fekilde kullan\u0131lmalar\u0131d\u0131r.<\/p>\n\n\n\n<p>G\u00f6r\u00fcn\u00fc\u015f, bir eylemin tamamlanm\u0131\u015f (m\u00fckemmel) veya devam eden (kusurlu) olarak g\u00f6r\u00fcl\u00fcp g\u00f6r\u00fclmedi\u011fini ifade eder. Bir\u00e7ok fiil, genellikle benzersiz bir \u00f6nek veya sonek kullanarak farkl\u0131 y\u00f6nleri g\u00f6steren \u00e7iftler halinde gelir. Belarus dilinin inceliklerini kavramak i\u00e7in g\u00f6r\u00fcn\u00fc\u015f ustal\u0131\u011f\u0131 \u015fartt\u0131r.<\/p>\n\n\n\n<h3 class=\"wp-block-heading\" id=\"h-adjectives-adverbs-and-other-delights\">S\u0131fatlar, Zarflar ve Di\u011fer Zevkler<\/h3>\n\n\n\n<p>Belarus\u00e7a s\u0131fatlar, cinsiyet, say\u0131 ve durum a\u00e7\u0131s\u0131ndan de\u011fi\u015ftirdikleri isimlerle hemfikirdir. Ayr\u0131ca, de\u011fi\u015fen derecelerde nitelikleri ifade etmek i\u00e7in kar\u015f\u0131la\u015ft\u0131rmal\u0131 ve \u00fcst\u00fcn formlara sahiptirler. Ek olarak, bir\u00e7ok zarf, eril i\u00e7in &#8216;-\u0430&#8217; ve di\u015fil i\u00e7in &#8216;-\u044b&#8217; son eki eklenerek s\u0131fatlardan t\u00fcretilir.<\/p>\n\n\n\n<p>Belarus dili ayr\u0131ca ayr\u0131nt\u0131l\u0131 ve etkileyici c\u00fcmleler olu\u015fturman\u0131za yard\u0131mc\u0131 olacak b\u00fcy\u00fcleyici bir dizi ba\u011fla\u00e7, edat, say\u0131 ve par\u00e7ac\u0131k i\u00e7erir. Yeterince pratik yaparsan\u0131z, yak\u0131nda kelimelerinizi ger\u00e7ek bir Belaruslu kelime ustas\u0131 gibi bir araya getirebileceksiniz.<\/p>\n\n\n\n<h3 class=\"wp-block-heading\" id=\"h-in-closing-the-magic-of-belarusian-grammar\">Kapan\u0131\u015fta: Belarus\u00e7a Dilbilgisinin B\u00fcy\u00fcs\u00fc<\/h3>\n\n\n\n<p>\u0130lk bak\u0131\u015fta, Belarus\u00e7a dilbilgisi g\u00f6z korkutucu g\u00f6r\u00fcnebilir. Bununla birlikte, zengin olgu, y\u00f6n ve di\u011fer dilbilimsel tuhafl\u0131klar dokusunun derinliklerine indik\u00e7e, derinlik, n\u00fcans ve ifade g\u00fcc\u00fcyle dolu bir dil ke\u015ffedeceksiniz. Belarus\u00e7a dilbilgisinin zorlu\u011funu benimsemek, yaln\u0131zca Slav ailesini daha iyi anlaman\u0131z\u0131 sa\u011flamakla kalmayacak, ayn\u0131 zamanda ke\u015ffinizi bekleyen g\u00fczel ve canl\u0131 bir k\u00fclt\u00fcre eri\u015fmenizi sa\u011flayacakt\u0131r.<\/p>\n\n\n\n<p>\u015eimdi, yeni ke\u015ffedilen Belarus\u00e7a dilbilgisi anlay\u0131\u015f\u0131yla donanm\u0131\u015f olarak, neden bu b\u00fcy\u00fcleyici dilin derinliklerine dalm\u0131yorsunuz? Kim bilir, belki bir g\u00fcn kendinizi Minsk sokaklar\u0131nda dola\u015f\u0131rken, yerel halkla kendi dillerinde zahmetsizce sohbet ederken bulursunuz. Mutlu \u00f6\u011frenme!<\/p>\n<\/div><\/div>\n\r\n<section class=\"learnNavigationSection\">\r\n            \r\n        <a href=\"https:\/\/talkpal.ai\/tr\/beyaz-rusca-ogren\/\">\r\n            <div class=\"learnNavigationWrapper\">\r\n                <div class=\"learnNavigationContent\">\r\n                    <img decoding=\"async\" src=\"https:\/\/talkpal.ai\/wp-content\/uploads\/2024\/08\/Belarusian.jpg\" alt=\"Belarusian Flag\">\r\n                    <div>\r\n                        <h4>Belarus\u00e7a \u00d6\u011frenim Hakk\u0131nda<\/h4>\r\n                        <p>Belarus\u00e7a dilbilgisi hakk\u0131nda her \u015feyi \u00f6\u011frenin .<\/p>\r\n                    <\/div>\r\n                <\/div>\r\n            <\/div>\r\n        <\/a>\r\n\r\n        \r\n        <a href=\"https:\/\/talkpal.ai\/tr\/beyaz-rusca-dilbilgisi-alistirmalari\/\">\r\n            <div class=\"learnNavigationWrapper\">\r\n                <div class=\"learnNavigationContent\">\r\n                    <img decoding=\"async\" src=\"https:\/\/talkpal.ai\/wp-content\/uploads\/2024\/08\/Belarusian.jpg\" alt=\"Belarusian Flag\">\r\n                    <div>\r\n                        <h4>Belarus\u00e7a Dilbilgisi Al\u0131\u015ft\u0131rmas\u0131<\/h4>\r\n                        <p>Belarus\u00e7a dilbilgisi prati\u011fi yap\u0131n .<\/p>\r\n                    <\/div>\r\n                <\/div>\r\n            <\/div>\r\n        <\/a>\r\n\r\n        \r\n        <a href=\"https:\/\/talkpal.ai\/vocabulary_language\/belarusian\/\">\r\n            <div class=\"learnNavigationWrapper\">\r\n                <div class=\"learnNavigationContent\">\r\n                    <img decoding=\"async\" src=\"https:\/\/talkpal.ai\/wp-content\/uploads\/2024\/08\/Belarusian.jpg\" alt=\"Belarusian Flag\">\r\n                    <div>\r\n                        <h4>Belarus\u00e7a Kelime Bilgisi<\/h4>\r\n                        <p>Belarus\u00e7a kelime da\u011farc\u0131\u011f\u0131n\u0131z\u0131 geni\u015fletin.<\/p>\r\n                    <\/div>\r\n                <\/div>\r\n            <\/div>\r\n        <\/a>\r\n\r\n            <\/section>","protected":false},"excerpt":{"rendered":"<p>Belarus\u00e7a Dilbilgisi: Slav Dilinin \u0130nceliklerine Daha Yak\u0131ndan Bir Bak\u0131\u015f Slav dillerine hayranl\u0131k duyan hevesli bir \u00e7ok dilli misiniz? Ya da belki de sadece bu ilgin\u00e7 b\u00f6lgedeki dillerin gramer inceliklerini merak ediyorsunuz? E\u011fer \u00f6yleyse, kemerlerinizi ba\u011flay\u0131n! Bu yaz\u0131da, Slav dil ailesinin az bilinen ancak b\u00fcy\u00fcleyici bir \u00fcyesi olan Belarus\u00e7a dilbilgisinin harika d\u00fcnyas\u0131n\u0131 ke\u015ffedece\u011fiz. Hadi i\u00e7eri dalal\u0131m, [&hellip;]<\/p>\n","protected":false},"author":1,"featured_media":110519,"parent":0,"menu_order":0,"comment_status":"closed","ping_status":"closed","template":"LearningContentPage.php","meta":{"_acf_changed":false,"footnotes":""},"class_list":["post-140998","page","type-page","status-publish","has-post-thumbnail","hentry"],"acf":[],"yoast_head":"<!-- This site is optimized with the Yoast SEO Premium plugin v27.2 (Yoast SEO v27.2) - https:\/\/yoast.com\/product\/yoast-seo-premium-wordpress\/ -->\n<title>Beyaz Rus\u00e7a Dilbilgisi - Talkpal<\/title>\n<meta name=\"description\" content=\"Belarus\u00e7a Dilbilgisi ile zahmetsizce ustala\u015f\u0131n TalkpalYapay zeka destekli dil \u00f6\u011fretmeniniz. Net a\u00e7\u0131klamalar, faydal\u0131 ipu\u00e7lar\u0131 ve interaktif al\u0131\u015ft\u0131rmalar edinin!\" \/>\n<meta name=\"robots\" content=\"index, follow, max-snippet:-1, max-image-preview:large, max-video-preview:-1\" \/>\n<link rel=\"canonical\" href=\"https:\/\/talkpal.ai\/tr\/beyaz-rusca-dilbilgisi\/\" \/>\n<meta property=\"og:locale\" content=\"tr_TR\" \/>\n<meta property=\"og:type\" content=\"article\" \/>\n<meta property=\"og:title\" content=\"Beyaz Rus\u00e7a Dilbilgisi\" \/>\n<meta property=\"og:description\" content=\"Belarus\u00e7a Dilbilgisi: Slav Dilinin \u0130nceliklerine Daha Yak\u0131ndan Bir Bak\u0131\u015f Slav dillerine hayranl\u0131k duyan hevesli bir \u00e7ok dilli misiniz? Ya da belki de\" \/>\n<meta property=\"og:url\" content=\"https:\/\/talkpal.ai\/tr\/beyaz-rusca-dilbilgisi\/\" \/>\n<meta property=\"og:site_name\" content=\"Talkpal\" \/>\n<meta property=\"article:publisher\" content=\"https:\/\/www.facebook.com\/profile.php?id=100090733639311\" \/>\n<meta property=\"article:modified_time\" content=\"2025-05-22T13:48:43+00:00\" \/>\n<meta property=\"og:image\" content=\"https:\/\/talkpal.ai\/wp-content\/uploads\/2023\/05\/belarus.png\" \/>\n\t<meta property=\"og:image:width\" content=\"512\" \/>\n\t<meta property=\"og:image:height\" content=\"512\" \/>\n\t<meta property=\"og:image:type\" content=\"image\/png\" \/>\n<meta name=\"twitter:card\" content=\"summary_large_image\" \/>\n<meta name=\"twitter:site\" content=\"@talkpalai\" \/>\n<meta name=\"twitter:label1\" content=\"Tahmini okuma s\u00fcresi\" \/>\n\t<meta name=\"twitter:data1\" content=\"4 dakika\" \/>\n<script type=\"application\/ld+json\" class=\"yoast-schema-graph\">{\"@context\":\"https:\/\/schema.org\",\"@graph\":[{\"@type\":\"WebPage\",\"@id\":\"https:\/\/talkpal.ai\/tr\/beyaz-rusca-dilbilgisi\/\",\"url\":\"https:\/\/talkpal.ai\/tr\/beyaz-rusca-dilbilgisi\/\",\"name\":\"Beyaz Rus\u00e7a Dilbilgisi - Talkpal\",\"isPartOf\":{\"@id\":\"https:\/\/talkpal.ai\/tr\/#website\"},\"primaryImageOfPage\":{\"@id\":\"https:\/\/talkpal.ai\/tr\/beyaz-rusca-dilbilgisi\/#primaryimage\"},\"image\":{\"@id\":\"https:\/\/talkpal.ai\/tr\/beyaz-rusca-dilbilgisi\/#primaryimage\"},\"thumbnailUrl\":\"https:\/\/talkpal.ai\/wp-content\/uploads\/2023\/05\/belarus.png\",\"datePublished\":\"2023-05-14T13:59:42+00:00\",\"dateModified\":\"2025-05-22T13:48:43+00:00\",\"description\":\"Belarus\u00e7a Dilbilgisi ile zahmetsizce ustala\u015f\u0131n TalkpalYapay zeka destekli dil \u00f6\u011fretmeniniz. Net a\u00e7\u0131klamalar, faydal\u0131 ipu\u00e7lar\u0131 ve interaktif al\u0131\u015ft\u0131rmalar edinin!\",\"breadcrumb\":{\"@id\":\"https:\/\/talkpal.ai\/tr\/beyaz-rusca-dilbilgisi\/#breadcrumb\"},\"inLanguage\":\"tr\",\"potentialAction\":[{\"@type\":\"ReadAction\",\"target\":[\"https:\/\/talkpal.ai\/tr\/beyaz-rusca-dilbilgisi\/\"]}]},{\"@type\":\"ImageObject\",\"inLanguage\":\"tr\",\"@id\":\"https:\/\/talkpal.ai\/tr\/beyaz-rusca-dilbilgisi\/#primaryimage\",\"url\":\"https:\/\/talkpal.ai\/wp-content\/uploads\/2023\/05\/belarus.png\",\"contentUrl\":\"https:\/\/talkpal.ai\/wp-content\/uploads\/2023\/05\/belarus.png\",\"width\":512,\"height\":512},{\"@type\":\"BreadcrumbList\",\"@id\":\"https:\/\/talkpal.ai\/tr\/beyaz-rusca-dilbilgisi\/#breadcrumb\",\"itemListElement\":[{\"@type\":\"ListItem\",\"position\":1,\"name\":\"Homepage\",\"item\":\"https:\/\/talkpal.ai\/tr\/\"},{\"@type\":\"ListItem\",\"position\":2,\"name\":\"Beyaz Rus\u00e7a Dilbilgisi\"}]},{\"@type\":\"WebSite\",\"@id\":\"https:\/\/talkpal.ai\/tr\/#website\",\"url\":\"https:\/\/talkpal.ai\/tr\/\",\"name\":\"Talkpal\",\"description\":\"AI Language Learning\",\"publisher\":{\"@id\":\"https:\/\/talkpal.ai\/tr\/#organization\"},\"alternateName\":\"Talkpal AI\",\"potentialAction\":[{\"@type\":\"SearchAction\",\"target\":{\"@type\":\"EntryPoint\",\"urlTemplate\":\"https:\/\/talkpal.ai\/tr\/?s={search_term_string}\"},\"query-input\":{\"@type\":\"PropertyValueSpecification\",\"valueRequired\":true,\"valueName\":\"search_term_string\"}}],\"inLanguage\":\"tr\"},{\"@type\":\"Organization\",\"@id\":\"https:\/\/talkpal.ai\/tr\/#organization\",\"name\":\"Talkpal, Inc.\",\"alternateName\":\"Talkpal AI\",\"url\":\"https:\/\/talkpal.ai\/tr\/\",\"logo\":{\"@type\":\"ImageObject\",\"inLanguage\":\"tr\",\"@id\":\"https:\/\/talkpal.ai\/tr\/#\/schema\/logo\/image\/\",\"url\":\"https:\/\/talkpal.ai\/wp-content\/uploads\/2024\/03\/Talkpal-Logo-Icon.png\",\"contentUrl\":\"https:\/\/talkpal.ai\/wp-content\/uploads\/2024\/03\/Talkpal-Logo-Icon.png\",\"width\":2880,\"height\":2880,\"caption\":\"Talkpal, Inc.\"},\"image\":{\"@id\":\"https:\/\/talkpal.ai\/tr\/#\/schema\/logo\/image\/\"},\"sameAs\":[\"https:\/\/www.facebook.com\/profile.php?id=100090733639311\",\"https:\/\/x.com\/talkpalai\",\"https:\/\/www.linkedin.com\/company\/talkpal\/\",\"https:\/\/www.youtube.com\/@TalkPal\/\",\"https:\/\/www.tiktok.com\/@talkpal\",\"https:\/\/www.instagram.com\/talkpal_ai\/\",\"https:\/\/www.crunchbase.com\/organization\/talkpal-9cde\",\"https:\/\/www.g2.com\/products\/talkpal-for-business\/\",\"https:\/\/www.trustpilot.com\/review\/talkpal.ai\",\"https:\/\/www.capterra.com\/p\/10006800\/TalkPal\/\"],\"description\":\"Talkpal is a language learning web and mobile education app, powered by the latest AI technologies, that provides engaging experiences to its customers in many different languages to help them improve their language skills. Users can chat about unlimited amount of topics with the app and use other modes to practice their language learning.\",\"email\":\"support@talkpal.ai\",\"legalName\":\"Talkpal, Inc.\",\"foundingDate\":\"2023-04-03\",\"duns\":\"118989042\",\"numberOfEmployees\":{\"@type\":\"QuantitativeValue\",\"minValue\":\"11\",\"maxValue\":\"50\"},\"publishingPrinciples\":\"https:\/\/talkpal.ai\/publishing-principles\/\",\"actionableFeedbackPolicy\":\"https:\/\/talkpal.ai\/actionable-feedback-policy\/\",\"correctionsPolicy\":\"https:\/\/talkpal.ai\/corrections-policy\/\",\"ethicsPolicy\":\"https:\/\/talkpal.ai\/ethics-policy\/\",\"diversityPolicy\":\"https:\/\/talkpal.ai\/diversity-policy\/\",\"diversityStaffingReport\":\"https:\/\/talkpal.ai\/diversity-policy\/\"}]}<\/script>\n<!-- \/ Yoast SEO Premium plugin. -->","yoast_head_json":{"title":"Beyaz Rus\u00e7a Dilbilgisi - Talkpal","description":"Belarus\u00e7a Dilbilgisi ile zahmetsizce ustala\u015f\u0131n TalkpalYapay zeka destekli dil \u00f6\u011fretmeniniz. Net a\u00e7\u0131klamalar, faydal\u0131 ipu\u00e7lar\u0131 ve interaktif al\u0131\u015ft\u0131rmalar edinin!","robots":{"index":"index","follow":"follow","max-snippet":"max-snippet:-1","max-image-preview":"max-image-preview:large","max-video-preview":"max-video-preview:-1"},"canonical":"https:\/\/talkpal.ai\/tr\/beyaz-rusca-dilbilgisi\/","og_locale":"tr_TR","og_type":"article","og_title":"Beyaz Rus\u00e7a Dilbilgisi","og_description":"Belarus\u00e7a Dilbilgisi: Slav Dilinin \u0130nceliklerine Daha Yak\u0131ndan Bir Bak\u0131\u015f Slav dillerine hayranl\u0131k duyan hevesli bir \u00e7ok dilli misiniz? Ya da belki de","og_url":"https:\/\/talkpal.ai\/tr\/beyaz-rusca-dilbilgisi\/","og_site_name":"Talkpal","article_publisher":"https:\/\/www.facebook.com\/profile.php?id=100090733639311","article_modified_time":"2025-05-22T13:48:43+00:00","og_image":[{"width":512,"height":512,"url":"https:\/\/talkpal.ai\/wp-content\/uploads\/2023\/05\/belarus.png","type":"image\/png"}],"twitter_card":"summary_large_image","twitter_site":"@talkpalai","twitter_misc":{"Tahmini okuma s\u00fcresi":"4 dakika"},"schema":{"@context":"https:\/\/schema.org","@graph":[{"@type":"WebPage","@id":"https:\/\/talkpal.ai\/tr\/beyaz-rusca-dilbilgisi\/","url":"https:\/\/talkpal.ai\/tr\/beyaz-rusca-dilbilgisi\/","name":"Beyaz Rus\u00e7a Dilbilgisi - Talkpal","isPartOf":{"@id":"https:\/\/talkpal.ai\/tr\/#website"},"primaryImageOfPage":{"@id":"https:\/\/talkpal.ai\/tr\/beyaz-rusca-dilbilgisi\/#primaryimage"},"image":{"@id":"https:\/\/talkpal.ai\/tr\/beyaz-rusca-dilbilgisi\/#primaryimage"},"thumbnailUrl":"https:\/\/talkpal.ai\/wp-content\/uploads\/2023\/05\/belarus.png","datePublished":"2023-05-14T13:59:42+00:00","dateModified":"2025-05-22T13:48:43+00:00","description":"Belarus\u00e7a Dilbilgisi ile zahmetsizce ustala\u015f\u0131n TalkpalYapay zeka destekli dil \u00f6\u011fretmeniniz. Net a\u00e7\u0131klamalar, faydal\u0131 ipu\u00e7lar\u0131 ve interaktif al\u0131\u015ft\u0131rmalar edinin!","breadcrumb":{"@id":"https:\/\/talkpal.ai\/tr\/beyaz-rusca-dilbilgisi\/#breadcrumb"},"inLanguage":"tr","potentialAction":[{"@type":"ReadAction","target":["https:\/\/talkpal.ai\/tr\/beyaz-rusca-dilbilgisi\/"]}]},{"@type":"ImageObject","inLanguage":"tr","@id":"https:\/\/talkpal.ai\/tr\/beyaz-rusca-dilbilgisi\/#primaryimage","url":"https:\/\/talkpal.ai\/wp-content\/uploads\/2023\/05\/belarus.png","contentUrl":"https:\/\/talkpal.ai\/wp-content\/uploads\/2023\/05\/belarus.png","width":512,"height":512},{"@type":"BreadcrumbList","@id":"https:\/\/talkpal.ai\/tr\/beyaz-rusca-dilbilgisi\/#breadcrumb","itemListElement":[{"@type":"ListItem","position":1,"name":"Homepage","item":"https:\/\/talkpal.ai\/tr\/"},{"@type":"ListItem","position":2,"name":"Beyaz Rus\u00e7a Dilbilgisi"}]},{"@type":"WebSite","@id":"https:\/\/talkpal.ai\/tr\/#website","url":"https:\/\/talkpal.ai\/tr\/","name":"Talkpal","description":"AI Language Learning","publisher":{"@id":"https:\/\/talkpal.ai\/tr\/#organization"},"alternateName":"Talkpal AI","potentialAction":[{"@type":"SearchAction","target":{"@type":"EntryPoint","urlTemplate":"https:\/\/talkpal.ai\/tr\/?s={search_term_string}"},"query-input":{"@type":"PropertyValueSpecification","valueRequired":true,"valueName":"search_term_string"}}],"inLanguage":"tr"},{"@type":"Organization","@id":"https:\/\/talkpal.ai\/tr\/#organization","name":"Talkpal, Inc.","alternateName":"Talkpal AI","url":"https:\/\/talkpal.ai\/tr\/","logo":{"@type":"ImageObject","inLanguage":"tr","@id":"https:\/\/talkpal.ai\/tr\/#\/schema\/logo\/image\/","url":"https:\/\/talkpal.ai\/wp-content\/uploads\/2024\/03\/Talkpal-Logo-Icon.png","contentUrl":"https:\/\/talkpal.ai\/wp-content\/uploads\/2024\/03\/Talkpal-Logo-Icon.png","width":2880,"height":2880,"caption":"Talkpal, Inc."},"image":{"@id":"https:\/\/talkpal.ai\/tr\/#\/schema\/logo\/image\/"},"sameAs":["https:\/\/www.facebook.com\/profile.php?id=100090733639311","https:\/\/x.com\/talkpalai","https:\/\/www.linkedin.com\/company\/talkpal\/","https:\/\/www.youtube.com\/@TalkPal\/","https:\/\/www.tiktok.com\/@talkpal","https:\/\/www.instagram.com\/talkpal_ai\/","https:\/\/www.crunchbase.com\/organization\/talkpal-9cde","https:\/\/www.g2.com\/products\/talkpal-for-business\/","https:\/\/www.trustpilot.com\/review\/talkpal.ai","https:\/\/www.capterra.com\/p\/10006800\/TalkPal\/"],"description":"Talkpal is a language learning web and mobile education app, powered by the latest AI technologies, that provides engaging experiences to its customers in many different languages to help them improve their language skills. Users can chat about unlimited amount of topics with the app and use other modes to practice their language learning.","email":"support@talkpal.ai","legalName":"Talkpal, Inc.","foundingDate":"2023-04-03","duns":"118989042","numberOfEmployees":{"@type":"QuantitativeValue","minValue":"11","maxValue":"50"},"publishingPrinciples":"https:\/\/talkpal.ai\/publishing-principles\/","actionableFeedbackPolicy":"https:\/\/talkpal.ai\/actionable-feedback-policy\/","correctionsPolicy":"https:\/\/talkpal.ai\/corrections-policy\/","ethicsPolicy":"https:\/\/talkpal.ai\/ethics-policy\/","diversityPolicy":"https:\/\/talkpal.ai\/diversity-policy\/","diversityStaffingReport":"https:\/\/talkpal.ai\/diversity-policy\/"}]}},"_links":{"self":[{"href":"https:\/\/talkpal.ai\/tr\/wp-json\/wp\/v2\/pages\/140998","targetHints":{"allow":["GET"]}}],"collection":[{"href":"https:\/\/talkpal.ai\/tr\/wp-json\/wp\/v2\/pages"}],"about":[{"href":"https:\/\/talkpal.ai\/tr\/wp-json\/wp\/v2\/types\/page"}],"author":[{"embeddable":true,"href":"https:\/\/talkpal.ai\/tr\/wp-json\/wp\/v2\/users\/1"}],"replies":[{"embeddable":true,"href":"https:\/\/talkpal.ai\/tr\/wp-json\/wp\/v2\/comments?post=140998"}],"version-history":[{"count":0,"href":"https:\/\/talkpal.ai\/tr\/wp-json\/wp\/v2\/pages\/140998\/revisions"}],"wp:featuredmedia":[{"embeddable":true,"href":"https:\/\/talkpal.ai\/tr\/wp-json\/wp\/v2\/media\/110519"}],"wp:attachment":[{"href":"https:\/\/talkpal.ai\/tr\/wp-json\/wp\/v2\/media?parent=140998"}],"curies":[{"name":"wp","href":"https:\/\/api.w.org\/{rel}","templated":true}]}}