{"id":140689,"date":"2023-05-14T13:59:24","date_gmt":"2023-05-14T13:59:24","guid":{"rendered":"http:\/\/talkpal.ai\/afrikanca-dilbilgisi\/"},"modified":"2025-05-22T19:03:52","modified_gmt":"2025-05-22T19:03:52","slug":"afrikanca-dilbilgisi","status":"publish","type":"page","link":"https:\/\/talkpal.ai\/tr\/afrikanca-dilbilgisi\/","title":{"rendered":"Afrikanca Dilbilgisi"},"content":{"rendered":"\r\n\r\n\r\n<section class=\"languageChallengeSection\">\r\n    <div class=\"languageInfoWrapper\">\r\n        \r\n        <h1>Afrikanca Dilbilgisi<\/h1>\r\n        <p>Temel dilbilgisi kurallar\u0131n\u0131 \u00f6\u011frenerek Afrikanca&#039;n\u0131n yal\u0131n g\u00fczelli\u011fini ke\u015ffedin. Afrikanca dilbilgisinde uzmanla\u015fmak, etkili bir \u015fekilde ileti\u015fim kurman\u0131z\u0131 ve bu dili konu\u015fanlar\u0131n zengin k\u00fclt\u00fcr\u00fcn\u00fcn tad\u0131n\u0131 \u00e7\u0131karman\u0131z\u0131 sa\u011flayacakt\u0131r. Afrikanca dilbilgisi yolculu\u011funuza bug\u00fcn ba\u015flay\u0131n ve ak\u0131c\u0131l\u0131\u011fa do\u011fru ilk ad\u0131m\u0131n\u0131z\u0131 at\u0131n!<\/p>\r\n\r\n                            <a class=\"getStartedHidden\" href=\"https:\/\/app.talkpal.ai\/tr\/signup?lng=\">Hadi ba\u015fla<\/a>\r\n        \r\n    <\/div>\r\n\r\n    <figure>\r\n    <img decoding=\"async\" width=\"768\" height=\"768\" src=\"https:\/\/talkpal.ai\/wp-content\/uploads\/2023\/06\/TalkPal-Afrikaans-768x768.png\" class=\"languageImage no-lazy\" alt=\"Language learning for global awareness\" fetchpriority=\"high\" sizes=\"(max-width: 768px) 150px, 768px\" srcset=\"https:\/\/talkpal.ai\/wp-content\/uploads\/2023\/06\/TalkPal-Afrikaans-768x768.png 768w, https:\/\/talkpal.ai\/wp-content\/uploads\/2023\/06\/TalkPal-Afrikaans-300x300.png 300w\" \/>\r\n    \r\n\r\n    <\/figure>\r\n\r\n            <a class=\"getStartedVisible\" href=\"https:\/\/app.talkpal.ai\/tr\/signup?lng=\">Hadi ba\u015fla<\/a>\r\n    \r\n<\/section>\r\n<section class=\"promotionalBanner\">\r\n    <p class=\"promotionalText\">Dil \u00f6\u011frenmenin en etkili yolu<\/p>\r\n    <a class=\"promotionalLink\" href=\"https:\/\/app.talkpal.ai\/tr\/signup?lng=\">Talkpal \u00fccretsiz deneyin<\/a>\r\n<\/section>\n<div class=\"wp-block-group pageContainerStyle\"><div class=\"wp-block-group__inner-container is-layout-constrained wp-block-group-is-layout-constrained\">\n<h2 class=\"wp-block-heading\" id=\"h-mastering-afrikaans-grammar-your-ultimate-guide\">Afrikanca Dilbilgisinde Ustala\u015fmak: En \u0130yi Rehberiniz<\/h2>\n\n\n\n<p><strong>Goeie dag<\/strong>, dil merakl\u0131lar\u0131! Afrikaans dilbilgisi d\u00fcnyas\u0131na bir yolculu\u011fa \u00e7\u0131kmaya haz\u0131r m\u0131s\u0131n\u0131z? Do\u011fru yere geldiniz. Anla\u015f\u0131lmas\u0131 kolay bilgiler ve konu\u015fma tonuyla dolu bu makale, Afrikaans dilbilgisinin b\u00fcy\u00fcleyici alan\u0131nda size rehberlik edecek. Yak\u0131nda, c\u00fcmleler kurabilecek ve ana dili \u0130ngilizce olan ki\u015filerle anlaml\u0131 konu\u015fmalar yapabileceksiniz. \u00d6yleyse, ba\u015flayal\u0131m!<\/p>\n\n\n\n<p><strong>Ama \u00f6nce, neden Afrikaanca dilbilgisi?<\/strong><\/p>\n\n\n\n<p>Afrikanca \u00f6\u011freniyorsan\u0131z, dilbilgisinde g\u00fc\u00e7l\u00fc bir temel, ak\u0131c\u0131 bir \u015fekilde konu\u015fmak, okumak ve yazmak i\u00e7in \u00e7ok \u00f6nemlidir. Afrikanca dilbilgisi ilk ba\u015fta karma\u015f\u0131k g\u00f6r\u00fcnse de, daha k\u00fc\u00e7\u00fck, daha y\u00f6netilebilir par\u00e7alara ay\u0131rd\u0131\u011f\u0131n\u0131zda nispeten basittir. \u00d6yleyse, Afrikanca dilbilgisinde ustala\u015fmaya do\u011fru yolculu\u011funuza ba\u015flayal\u0131m!<\/p>\n\n\n\n<h3 class=\"wp-block-heading\" id=\"h-1-nouns-gender-and-articles\">1. \u0130simler, cinsiyet ve artikeller<\/h3>\n\n\n\n<p>Di\u011fer bir\u00e7ok dilin aksine, Afrikaanca isimlerin cinsiyeti yoktur, bu da onlar\u0131 \u00f6\u011frenmeyi kolayla\u015ft\u0131r\u0131r. Belirli artikel &#8220;die&#8221; (the) t\u00fcm isimler i\u00e7in kullan\u0131l\u0131rken, belirsiz artikeller &#8221; &#8216;n &#8221; veya &#8220;een&#8221; (a\/an) de cinsiyetten ba\u011f\u0131ms\u0131zd\u0131r.  <\/p>\n\n\n\n<p>Mesela:<\/p>\n\n\n\n<p>&#8211; die hond (k\u00f6pek)<\/p>\n\n\n\n<p>&#8211; &#8216;n hond (bir k\u00f6pek)<\/p>\n\n\n\n<h3 class=\"wp-block-heading\" id=\"h-2-adjectives\">2. S\u0131fatlar<\/h3>\n\n\n\n<p>Afrikaanca&#8217;da s\u0131fatlar tipik olarak de\u011fi\u015ftirdikleri isimden \u00f6nce gelir ve isim ile say\u0131 olarak hemfikirdir. S\u0131fatlar\u0131n cinsiyet anla\u015fmas\u0131 yoktur. Mesela:<\/p>\n\n\n\n<p>&#8211; &#8216;n groot huis (b\u00fcy\u00fck bir ev)<\/p>\n\n\n\n<p>&#8211; twee groot huise (iki b\u00fcy\u00fck ev)<\/p>\n\n\n\n<p>Baz\u0131 s\u0131fatlar \u00e7o\u011ful bir ismi tan\u0131mlarken ek bir &#8220;-e&#8221; gerektirir:<\/p>\n\n\n\n<p>&#8211; &#8216;n ou man (ya\u015fl\u0131 bir adam)<\/p>\n\n\n\n<p>&#8211; twee ou manne (iki ya\u015fl\u0131 adam)<\/p>\n\n\n\n<h3 class=\"wp-block-heading\" id=\"h-3-verbs-and-tense\">3. Fiiller ve zaman<\/h3>\n\n\n\n<p>Afrikanca fiiller, c\u00fcmlenin konusuna g\u00f6re \u00e7ekimlenmedikleri i\u00e7in \u00f6\u011frenilmesi nispeten kolayd\u0131r. Ayr\u0131ca, Afrikaanca&#8217;n\u0131n di\u011fer bir\u00e7ok dilden daha az zaman\u0131 vard\u0131r. Afrikanca fiillerin tad\u0131na bakmak i\u00e7in, \u015fimdiki zamanda d\u00fczenli fiilleri tart\u0131\u015fal\u0131m:<\/p>\n\n\n\n<p>&#8211; Ek leer (\u00d6\u011freniyorum)<\/p>\n\n\n\n<p>&#8211; Jy\/u leer (\u00f6\u011frenirsiniz, gayri resmi\/resmi)<\/p>\n\n\n\n<p>&#8211; Hy\/sy\/dit leer (o\/o \u00f6\u011frenir)<\/p>\n\n\n\n<p>&#8211; Ons\/julle leer (hepimiz\/hepiniz \u00f6\u011freniyoruz)<\/p>\n\n\n\n<p>&#8211; Hulle leer (\u00f6\u011frenirler)<\/p>\n\n\n\n<p>Unutmay\u0131n, bu buzda\u011f\u0131n\u0131n sadece g\u00f6r\u00fcnen k\u0131sm\u0131! \u00c7al\u0131\u015fmalar\u0131n\u0131zda ilerledik\u00e7e, \u00e7e\u015fitli ba\u015fka zamanlar ve baz\u0131 d\u00fczensiz fiillerle kar\u015f\u0131la\u015facaks\u0131n\u0131z.<\/p>\n\n\n\n<h3 class=\"wp-block-heading\" id=\"h-4-pronouns-prepositions-and-more\">4. Zamirler, edatlar ve daha fazlas\u0131!<\/h3>\n\n\n\n<p>Afrikanca dilbilgisi, zamirler (ek, jy, hy, sy, vb.), edatlar (in, op, met, vb.) ve deyimsel ifadeler gibi di\u011fer bile\u015fenleri kapsar. Dili \u00f6\u011frenirken, \u00e7ok y\u00f6nl\u00fc ak\u0131c\u0131l\u0131k i\u00e7in bu unsurlar\u0131n her birinde ustala\u015fman\u0131z gerekecektir.<\/p>\n\n\n\n<p>Sonu\u00e7 olarak, Afrikanca dilbilgisine hakim olmak sebat, pratik ve sab\u0131r gerektirir. Ancak dilin inceliklerini bir kez kavrad\u0131\u011f\u0131n\u0131zda, anadili Afrikaanca olan ki\u015filerle sohbet etme, Afrikaanca konu\u015fulan d\u00fcnyan\u0131n zengin k\u00fclt\u00fcr\u00fcn\u00fc ve tarihini deneyimleme ve dile olan sevginizi derinle\u015ftirme yolunda ilerlemi\u015f olacaks\u0131n\u0131z. Sterkte (iyi \u015fanslar)!<\/p>\n<\/div><\/div>\n\r\n<section class=\"learnNavigationSection\">\r\n            \r\n        <a href=\"https:\/\/talkpal.ai\/tr\/afrikanca-ogren\/\">\r\n            <div class=\"learnNavigationWrapper\">\r\n                <div class=\"learnNavigationContent\">\r\n                    <img decoding=\"async\" src=\"https:\/\/talkpal.ai\/wp-content\/uploads\/2024\/08\/Afrikaans.jpg\" alt=\"South Africa Flag\">\r\n                    <div>\r\n                        <h4>Afrikaans Learning Hakk\u0131nda<\/h4>\r\n                        <p>Afrikanca dilbilgisi hakk\u0131nda her \u015feyi \u00f6\u011frenin .<\/p>\r\n                    <\/div>\r\n                <\/div>\r\n            <\/div>\r\n        <\/a>\r\n\r\n        \r\n        <a href=\"https:\/\/talkpal.ai\/tr\/afrikanca-dilbilgisi-alistirmalari\/\">\r\n            <div class=\"learnNavigationWrapper\">\r\n                <div class=\"learnNavigationContent\">\r\n                    <img decoding=\"async\" src=\"https:\/\/talkpal.ai\/wp-content\/uploads\/2024\/08\/Afrikaans.jpg\" alt=\"South Africa Flag\">\r\n                    <div>\r\n                        <h4>Afrikaans Dilbilgisi Al\u0131\u015ft\u0131rmas\u0131<\/h4>\r\n                        <p>Afrikanca dilbilgisi al\u0131\u015ft\u0131rmas\u0131 yap\u0131n .<\/p>\r\n                    <\/div>\r\n                <\/div>\r\n            <\/div>\r\n        <\/a>\r\n\r\n        \r\n        <a href=\"https:\/\/talkpal.ai\/vocabulary_language\/afrikaans\/\">\r\n            <div class=\"learnNavigationWrapper\">\r\n                <div class=\"learnNavigationContent\">\r\n                    <img decoding=\"async\" src=\"https:\/\/talkpal.ai\/wp-content\/uploads\/2024\/08\/Afrikaans.jpg\" alt=\"South Africa Flag\">\r\n                    <div>\r\n                        <h4>Afrikanca Kelime Bilgisi<\/h4>\r\n                        <p>Afrikanca kelime da\u011farc\u0131\u011f\u0131n\u0131z\u0131 geni\u015fletin.<\/p>\r\n                    <\/div>\r\n                <\/div>\r\n            <\/div>\r\n        <\/a>\r\n\r\n            <\/section>","protected":false},"excerpt":{"rendered":"<p>Afrikanca Dilbilgisinde Ustala\u015fmak: En \u0130yi Rehberiniz Goeie dag, dil merakl\u0131lar\u0131! Afrikaans dilbilgisi d\u00fcnyas\u0131na bir yolculu\u011fa \u00e7\u0131kmaya haz\u0131r m\u0131s\u0131n\u0131z? Do\u011fru yere geldiniz. Anla\u015f\u0131lmas\u0131 kolay bilgiler ve konu\u015fma tonuyla dolu bu makale, Afrikaans dilbilgisinin b\u00fcy\u00fcleyici alan\u0131nda size rehberlik edecek. Yak\u0131nda, c\u00fcmleler kurabilecek ve ana dili \u0130ngilizce olan ki\u015filerle anlaml\u0131 konu\u015fmalar yapabileceksiniz. \u00d6yleyse, ba\u015flayal\u0131m! Ama \u00f6nce, neden Afrikaanca [&hellip;]<\/p>\n","protected":false},"author":1,"featured_media":108848,"parent":0,"menu_order":0,"comment_status":"closed","ping_status":"closed","template":"LearningContentPage.php","meta":{"_acf_changed":false,"footnotes":""},"class_list":["post-140689","page","type-page","status-publish","has-post-thumbnail","hentry"],"acf":[],"yoast_head":"<!-- This site is optimized with the Yoast SEO Premium plugin v27.2 (Yoast SEO v27.2) - https:\/\/yoast.com\/product\/yoast-seo-premium-wordpress\/ -->\n<title>Afrikanca Dilbilgisi - Talkpal<\/title>\n<meta name=\"description\" content=\"Yeni ba\u015flayanlara uygun rehberimizle Afrikaans dilbilgisini ke\u015ffedin. C\u00fcmle kurmada ustala\u015f\u0131n ve konu\u015fma becerilerinizi geli\u015ftirin.\" \/>\n<meta name=\"robots\" content=\"index, follow, max-snippet:-1, max-image-preview:large, max-video-preview:-1\" \/>\n<link rel=\"canonical\" href=\"https:\/\/talkpal.ai\/tr\/afrikanca-dilbilgisi\/\" \/>\n<meta property=\"og:locale\" content=\"tr_TR\" \/>\n<meta property=\"og:type\" content=\"article\" \/>\n<meta property=\"og:title\" content=\"Afrikanca Dilbilgisi\" \/>\n<meta property=\"og:description\" content=\"Afrikanca Dilbilgisinde Ustala\u015fmak: En \u0130yi Rehberiniz Goeie dag, dil merakl\u0131lar\u0131! Afrikaans dilbilgisi d\u00fcnyas\u0131na bir yolculu\u011fa \u00e7\u0131kmaya haz\u0131r m\u0131s\u0131n\u0131z?\" \/>\n<meta property=\"og:url\" content=\"https:\/\/talkpal.ai\/tr\/afrikanca-dilbilgisi\/\" \/>\n<meta property=\"og:site_name\" content=\"Talkpal\" \/>\n<meta property=\"article:publisher\" content=\"https:\/\/www.facebook.com\/profile.php?id=100090733639311\" \/>\n<meta property=\"article:modified_time\" content=\"2025-05-22T19:03:52+00:00\" \/>\n<meta property=\"og:image\" content=\"https:\/\/talkpal.ai\/wp-content\/uploads\/2023\/05\/south-africa.png\" \/>\n\t<meta property=\"og:image:width\" content=\"512\" \/>\n\t<meta property=\"og:image:height\" content=\"512\" \/>\n\t<meta property=\"og:image:type\" content=\"image\/png\" \/>\n<meta name=\"twitter:card\" content=\"summary_large_image\" \/>\n<meta name=\"twitter:site\" content=\"@talkpalai\" \/>\n<meta name=\"twitter:label1\" content=\"Tahmini okuma s\u00fcresi\" \/>\n\t<meta name=\"twitter:data1\" content=\"2 dakika\" \/>\n<script type=\"application\/ld+json\" class=\"yoast-schema-graph\">{\"@context\":\"https:\/\/schema.org\",\"@graph\":[{\"@type\":\"WebPage\",\"@id\":\"https:\/\/talkpal.ai\/tr\/afrikanca-dilbilgisi\/\",\"url\":\"https:\/\/talkpal.ai\/tr\/afrikanca-dilbilgisi\/\",\"name\":\"Afrikanca Dilbilgisi - Talkpal\",\"isPartOf\":{\"@id\":\"https:\/\/talkpal.ai\/tr\/#website\"},\"primaryImageOfPage\":{\"@id\":\"https:\/\/talkpal.ai\/tr\/afrikanca-dilbilgisi\/#primaryimage\"},\"image\":{\"@id\":\"https:\/\/talkpal.ai\/tr\/afrikanca-dilbilgisi\/#primaryimage\"},\"thumbnailUrl\":\"https:\/\/talkpal.ai\/wp-content\/uploads\/2023\/05\/south-africa.png\",\"datePublished\":\"2023-05-14T13:59:24+00:00\",\"dateModified\":\"2025-05-22T19:03:52+00:00\",\"description\":\"Yeni ba\u015flayanlara uygun rehberimizle Afrikaans dilbilgisini ke\u015ffedin. C\u00fcmle kurmada ustala\u015f\u0131n ve konu\u015fma becerilerinizi geli\u015ftirin.\",\"breadcrumb\":{\"@id\":\"https:\/\/talkpal.ai\/tr\/afrikanca-dilbilgisi\/#breadcrumb\"},\"inLanguage\":\"tr\",\"potentialAction\":[{\"@type\":\"ReadAction\",\"target\":[\"https:\/\/talkpal.ai\/tr\/afrikanca-dilbilgisi\/\"]}]},{\"@type\":\"ImageObject\",\"inLanguage\":\"tr\",\"@id\":\"https:\/\/talkpal.ai\/tr\/afrikanca-dilbilgisi\/#primaryimage\",\"url\":\"https:\/\/talkpal.ai\/wp-content\/uploads\/2023\/05\/south-africa.png\",\"contentUrl\":\"https:\/\/talkpal.ai\/wp-content\/uploads\/2023\/05\/south-africa.png\",\"width\":512,\"height\":512},{\"@type\":\"BreadcrumbList\",\"@id\":\"https:\/\/talkpal.ai\/tr\/afrikanca-dilbilgisi\/#breadcrumb\",\"itemListElement\":[{\"@type\":\"ListItem\",\"position\":1,\"name\":\"Homepage\",\"item\":\"https:\/\/talkpal.ai\/tr\/\"},{\"@type\":\"ListItem\",\"position\":2,\"name\":\"Afrikanca Dilbilgisi\"}]},{\"@type\":\"WebSite\",\"@id\":\"https:\/\/talkpal.ai\/tr\/#website\",\"url\":\"https:\/\/talkpal.ai\/tr\/\",\"name\":\"Talkpal\",\"description\":\"AI Language Learning\",\"publisher\":{\"@id\":\"https:\/\/talkpal.ai\/tr\/#organization\"},\"alternateName\":\"Talkpal AI\",\"potentialAction\":[{\"@type\":\"SearchAction\",\"target\":{\"@type\":\"EntryPoint\",\"urlTemplate\":\"https:\/\/talkpal.ai\/tr\/?s={search_term_string}\"},\"query-input\":{\"@type\":\"PropertyValueSpecification\",\"valueRequired\":true,\"valueName\":\"search_term_string\"}}],\"inLanguage\":\"tr\"},{\"@type\":\"Organization\",\"@id\":\"https:\/\/talkpal.ai\/tr\/#organization\",\"name\":\"Talkpal, Inc.\",\"alternateName\":\"Talkpal AI\",\"url\":\"https:\/\/talkpal.ai\/tr\/\",\"logo\":{\"@type\":\"ImageObject\",\"inLanguage\":\"tr\",\"@id\":\"https:\/\/talkpal.ai\/tr\/#\/schema\/logo\/image\/\",\"url\":\"https:\/\/talkpal.ai\/wp-content\/uploads\/2024\/03\/Talkpal-Logo-Icon.png\",\"contentUrl\":\"https:\/\/talkpal.ai\/wp-content\/uploads\/2024\/03\/Talkpal-Logo-Icon.png\",\"width\":2880,\"height\":2880,\"caption\":\"Talkpal, Inc.\"},\"image\":{\"@id\":\"https:\/\/talkpal.ai\/tr\/#\/schema\/logo\/image\/\"},\"sameAs\":[\"https:\/\/www.facebook.com\/profile.php?id=100090733639311\",\"https:\/\/x.com\/talkpalai\",\"https:\/\/www.linkedin.com\/company\/talkpal\/\",\"https:\/\/www.youtube.com\/@TalkPal\/\",\"https:\/\/www.tiktok.com\/@talkpal\",\"https:\/\/www.instagram.com\/talkpal_ai\/\",\"https:\/\/www.crunchbase.com\/organization\/talkpal-9cde\",\"https:\/\/www.g2.com\/products\/talkpal-for-business\/\",\"https:\/\/www.trustpilot.com\/review\/talkpal.ai\",\"https:\/\/www.capterra.com\/p\/10006800\/TalkPal\/\"],\"description\":\"Talkpal is a language learning web and mobile education app, powered by the latest AI technologies, that provides engaging experiences to its customers in many different languages to help them improve their language skills. Users can chat about unlimited amount of topics with the app and use other modes to practice their language learning.\",\"email\":\"support@talkpal.ai\",\"legalName\":\"Talkpal, Inc.\",\"foundingDate\":\"2023-04-03\",\"duns\":\"118989042\",\"numberOfEmployees\":{\"@type\":\"QuantitativeValue\",\"minValue\":\"11\",\"maxValue\":\"50\"},\"publishingPrinciples\":\"https:\/\/talkpal.ai\/publishing-principles\/\",\"actionableFeedbackPolicy\":\"https:\/\/talkpal.ai\/actionable-feedback-policy\/\",\"correctionsPolicy\":\"https:\/\/talkpal.ai\/corrections-policy\/\",\"ethicsPolicy\":\"https:\/\/talkpal.ai\/ethics-policy\/\",\"diversityPolicy\":\"https:\/\/talkpal.ai\/diversity-policy\/\",\"diversityStaffingReport\":\"https:\/\/talkpal.ai\/diversity-policy\/\"}]}<\/script>\n<!-- \/ Yoast SEO Premium plugin. -->","yoast_head_json":{"title":"Afrikanca Dilbilgisi - Talkpal","description":"Yeni ba\u015flayanlara uygun rehberimizle Afrikaans dilbilgisini ke\u015ffedin. C\u00fcmle kurmada ustala\u015f\u0131n ve konu\u015fma becerilerinizi geli\u015ftirin.","robots":{"index":"index","follow":"follow","max-snippet":"max-snippet:-1","max-image-preview":"max-image-preview:large","max-video-preview":"max-video-preview:-1"},"canonical":"https:\/\/talkpal.ai\/tr\/afrikanca-dilbilgisi\/","og_locale":"tr_TR","og_type":"article","og_title":"Afrikanca Dilbilgisi","og_description":"Afrikanca Dilbilgisinde Ustala\u015fmak: En \u0130yi Rehberiniz Goeie dag, dil merakl\u0131lar\u0131! Afrikaans dilbilgisi d\u00fcnyas\u0131na bir yolculu\u011fa \u00e7\u0131kmaya haz\u0131r m\u0131s\u0131n\u0131z?","og_url":"https:\/\/talkpal.ai\/tr\/afrikanca-dilbilgisi\/","og_site_name":"Talkpal","article_publisher":"https:\/\/www.facebook.com\/profile.php?id=100090733639311","article_modified_time":"2025-05-22T19:03:52+00:00","og_image":[{"width":512,"height":512,"url":"https:\/\/talkpal.ai\/wp-content\/uploads\/2023\/05\/south-africa.png","type":"image\/png"}],"twitter_card":"summary_large_image","twitter_site":"@talkpalai","twitter_misc":{"Tahmini okuma s\u00fcresi":"2 dakika"},"schema":{"@context":"https:\/\/schema.org","@graph":[{"@type":"WebPage","@id":"https:\/\/talkpal.ai\/tr\/afrikanca-dilbilgisi\/","url":"https:\/\/talkpal.ai\/tr\/afrikanca-dilbilgisi\/","name":"Afrikanca Dilbilgisi - Talkpal","isPartOf":{"@id":"https:\/\/talkpal.ai\/tr\/#website"},"primaryImageOfPage":{"@id":"https:\/\/talkpal.ai\/tr\/afrikanca-dilbilgisi\/#primaryimage"},"image":{"@id":"https:\/\/talkpal.ai\/tr\/afrikanca-dilbilgisi\/#primaryimage"},"thumbnailUrl":"https:\/\/talkpal.ai\/wp-content\/uploads\/2023\/05\/south-africa.png","datePublished":"2023-05-14T13:59:24+00:00","dateModified":"2025-05-22T19:03:52+00:00","description":"Yeni ba\u015flayanlara uygun rehberimizle Afrikaans dilbilgisini ke\u015ffedin. C\u00fcmle kurmada ustala\u015f\u0131n ve konu\u015fma becerilerinizi geli\u015ftirin.","breadcrumb":{"@id":"https:\/\/talkpal.ai\/tr\/afrikanca-dilbilgisi\/#breadcrumb"},"inLanguage":"tr","potentialAction":[{"@type":"ReadAction","target":["https:\/\/talkpal.ai\/tr\/afrikanca-dilbilgisi\/"]}]},{"@type":"ImageObject","inLanguage":"tr","@id":"https:\/\/talkpal.ai\/tr\/afrikanca-dilbilgisi\/#primaryimage","url":"https:\/\/talkpal.ai\/wp-content\/uploads\/2023\/05\/south-africa.png","contentUrl":"https:\/\/talkpal.ai\/wp-content\/uploads\/2023\/05\/south-africa.png","width":512,"height":512},{"@type":"BreadcrumbList","@id":"https:\/\/talkpal.ai\/tr\/afrikanca-dilbilgisi\/#breadcrumb","itemListElement":[{"@type":"ListItem","position":1,"name":"Homepage","item":"https:\/\/talkpal.ai\/tr\/"},{"@type":"ListItem","position":2,"name":"Afrikanca Dilbilgisi"}]},{"@type":"WebSite","@id":"https:\/\/talkpal.ai\/tr\/#website","url":"https:\/\/talkpal.ai\/tr\/","name":"Talkpal","description":"AI Language Learning","publisher":{"@id":"https:\/\/talkpal.ai\/tr\/#organization"},"alternateName":"Talkpal AI","potentialAction":[{"@type":"SearchAction","target":{"@type":"EntryPoint","urlTemplate":"https:\/\/talkpal.ai\/tr\/?s={search_term_string}"},"query-input":{"@type":"PropertyValueSpecification","valueRequired":true,"valueName":"search_term_string"}}],"inLanguage":"tr"},{"@type":"Organization","@id":"https:\/\/talkpal.ai\/tr\/#organization","name":"Talkpal, Inc.","alternateName":"Talkpal AI","url":"https:\/\/talkpal.ai\/tr\/","logo":{"@type":"ImageObject","inLanguage":"tr","@id":"https:\/\/talkpal.ai\/tr\/#\/schema\/logo\/image\/","url":"https:\/\/talkpal.ai\/wp-content\/uploads\/2024\/03\/Talkpal-Logo-Icon.png","contentUrl":"https:\/\/talkpal.ai\/wp-content\/uploads\/2024\/03\/Talkpal-Logo-Icon.png","width":2880,"height":2880,"caption":"Talkpal, Inc."},"image":{"@id":"https:\/\/talkpal.ai\/tr\/#\/schema\/logo\/image\/"},"sameAs":["https:\/\/www.facebook.com\/profile.php?id=100090733639311","https:\/\/x.com\/talkpalai","https:\/\/www.linkedin.com\/company\/talkpal\/","https:\/\/www.youtube.com\/@TalkPal\/","https:\/\/www.tiktok.com\/@talkpal","https:\/\/www.instagram.com\/talkpal_ai\/","https:\/\/www.crunchbase.com\/organization\/talkpal-9cde","https:\/\/www.g2.com\/products\/talkpal-for-business\/","https:\/\/www.trustpilot.com\/review\/talkpal.ai","https:\/\/www.capterra.com\/p\/10006800\/TalkPal\/"],"description":"Talkpal is a language learning web and mobile education app, powered by the latest AI technologies, that provides engaging experiences to its customers in many different languages to help them improve their language skills. Users can chat about unlimited amount of topics with the app and use other modes to practice their language learning.","email":"support@talkpal.ai","legalName":"Talkpal, Inc.","foundingDate":"2023-04-03","duns":"118989042","numberOfEmployees":{"@type":"QuantitativeValue","minValue":"11","maxValue":"50"},"publishingPrinciples":"https:\/\/talkpal.ai\/publishing-principles\/","actionableFeedbackPolicy":"https:\/\/talkpal.ai\/actionable-feedback-policy\/","correctionsPolicy":"https:\/\/talkpal.ai\/corrections-policy\/","ethicsPolicy":"https:\/\/talkpal.ai\/ethics-policy\/","diversityPolicy":"https:\/\/talkpal.ai\/diversity-policy\/","diversityStaffingReport":"https:\/\/talkpal.ai\/diversity-policy\/"}]}},"_links":{"self":[{"href":"https:\/\/talkpal.ai\/tr\/wp-json\/wp\/v2\/pages\/140689","targetHints":{"allow":["GET"]}}],"collection":[{"href":"https:\/\/talkpal.ai\/tr\/wp-json\/wp\/v2\/pages"}],"about":[{"href":"https:\/\/talkpal.ai\/tr\/wp-json\/wp\/v2\/types\/page"}],"author":[{"embeddable":true,"href":"https:\/\/talkpal.ai\/tr\/wp-json\/wp\/v2\/users\/1"}],"replies":[{"embeddable":true,"href":"https:\/\/talkpal.ai\/tr\/wp-json\/wp\/v2\/comments?post=140689"}],"version-history":[{"count":0,"href":"https:\/\/talkpal.ai\/tr\/wp-json\/wp\/v2\/pages\/140689\/revisions"}],"wp:featuredmedia":[{"embeddable":true,"href":"https:\/\/talkpal.ai\/tr\/wp-json\/wp\/v2\/media\/108848"}],"wp:attachment":[{"href":"https:\/\/talkpal.ai\/tr\/wp-json\/wp\/v2\/media?parent=140689"}],"curies":[{"name":"wp","href":"https:\/\/api.w.org\/{rel}","templated":true}]}}