{"id":140367,"date":"2023-05-14T13:54:14","date_gmt":"2023-05-14T13:54:14","guid":{"rendered":"http:\/\/talkpal.ai\/ermenice-dilbilgisi\/"},"modified":"2025-05-21T10:55:01","modified_gmt":"2025-05-21T10:55:01","slug":"ermenice-dilbilgisi","status":"publish","type":"page","link":"https:\/\/talkpal.ai\/tr\/ermenice-dilbilgisi\/","title":{"rendered":"Ermenice Dilbilgisi"},"content":{"rendered":"\r\n\r\n\r\n<section class=\"languageChallengeSection\">\r\n    <div class=\"languageInfoWrapper\">\r\n        \r\n        <h1>Ermenice Dilbilgisi<\/h1>\r\n        <p>Yeni bir dil ke\u015ffetmeye haz\u0131r m\u0131s\u0131n\u0131z? <a href=\"https:\/\/talkpal.ai\/armenian-grammar\/\">Ermenice dilbilgisi<\/a>, b\u00fcy\u00fcleyici desenler ve e\u015fsiz geleneklerle dolu bir d\u00fcnyaya a\u00e7\u0131lan kap\u0131n\u0131zd\u0131r! Ermenice dilbilgisi \u00f6\u011frenirken, sadece bir dilde ustala\u015fmakla kalmayacak, ayn\u0131 zamanda Ermenistan&#039;\u0131n derin k\u00fclt\u00fcrel miras\u0131yla da ba\u011flant\u0131 kuracaks\u0131n\u0131z. Gelin hep birlikte Ermenice yolculu\u011funun tad\u0131n\u0131 \u00e7\u0131karal\u0131m!<\/p>\r\n\r\n                            <a class=\"getStartedHidden\" href=\"https:\/\/app.talkpal.ai\/tr\/signup?lng=\">Hadi ba\u015fla<\/a>\r\n        \r\n    <\/div>\r\n\r\n    <figure>\r\n    <img decoding=\"async\" width=\"768\" height=\"768\" src=\"https:\/\/talkpal.ai\/wp-content\/uploads\/2023\/06\/armenian-768x768.png\" class=\"languageImage no-lazy\" alt=\"Language learning for higher cognition\" fetchpriority=\"high\" sizes=\"(max-width: 768px) 150px, 768px\" srcset=\"https:\/\/talkpal.ai\/wp-content\/uploads\/2023\/06\/armenian-768x768.png 768w, https:\/\/talkpal.ai\/wp-content\/uploads\/2023\/06\/armenian-300x300.png 300w\" \/>\r\n    \r\n\r\n    <\/figure>\r\n\r\n            <a class=\"getStartedVisible\" href=\"https:\/\/app.talkpal.ai\/tr\/signup?lng=\">Hadi ba\u015fla<\/a>\r\n    \r\n<\/section>\r\n<section class=\"promotionalBanner\">\r\n    <p class=\"promotionalText\">Dil \u00f6\u011frenmenin en etkili yolu<\/p>\r\n    <a class=\"promotionalLink\" href=\"https:\/\/app.talkpal.ai\/tr\/signup?lng=\">Talkpal \u00fccretsiz deneyin<\/a>\r\n<\/section>\n<div class=\"wp-block-group pageContainerStyle\"><div class=\"wp-block-group__inner-container is-layout-constrained wp-block-group-is-layout-constrained\">\n<h2 class=\"wp-block-heading\" id=\"h-discovering-the-richness-of-armenian-grammar\">Ermenice Gramerin Zenginli\u011fini Ke\u015ffetmek<\/h2>\n\n\n\n<p>E\u015fsiz ve b\u00fcy\u00fcleyici bir dil olan Ermenice, Hint-Avrupa ailesinde ayr\u0131 bir yere sahiptir. Ermenice \u00f6\u011frenmek sadece dil da\u011farc\u0131\u011f\u0131n\u0131z\u0131 zenginle\u015ftirmekle kalmaz, ayn\u0131 zamanda Ermenistan&#8217;\u0131n zengin tarihine ve k\u00fclt\u00fcr\u00fcne dalman\u0131z\u0131 sa\u011flar. Ermenice dilbilgisi ilk bak\u0131\u015fta \u00fcrk\u00fct\u00fcc\u00fc g\u00f6r\u00fcnse de, onu temel bile\u015fenlerine ay\u0131rmak s\u00fcreci basitle\u015ftirir. Bu makalede, sizi Ermenice dilbilgisinin b\u00fcy\u00fcleyici d\u00fcnyas\u0131yla tan\u0131\u015ft\u0131racak ve inceliklerinde nas\u0131l ustala\u015faca\u011f\u0131n\u0131za dair ipu\u00e7lar\u0131 verece\u011fiz.<\/p>\n\n\n\n<h3 class=\"wp-block-heading\" id=\"h-1-the-armenian-alphabet\">1. Ermeni Alfabesi<\/h3>\n\n\n\n<p>Ermenice, her biri belirli bir fonemi veya fonemlerin kombinasyonunu temsil eden 39 harften olu\u015fan ayr\u0131 bir alfabeye sahiptir. Ermenice dilbilgisi \u00f6\u011frenmek i\u00e7in, Ermenice metinleri okuma ve yazma prati\u011fi yaparak bu e\u015fsiz yaz\u0131 sistemini tan\u0131mak \u00e7ok \u00f6nemlidir.<\/p>\n\n\n\n<h3 class=\"wp-block-heading\" id=\"h-2-nouns-gender-and-cases\">2. \u0130simler: Cinsiyet ve Durumlar<\/h3>\n\n\n\n<p>Ermenice isimlerin di\u011fer bir\u00e7ok dilde oldu\u011fu gibi dilbilgisel cinsiyeti yoktur. Bununla birlikte, nominatif, su\u00e7lay\u0131c\u0131, dative, genitif, enstr\u00fcmantal, ablatif ve locative dahil olmak \u00fczere \u00e7e\u015fitli vakalar\u0131 vard\u0131r. Bu durumlar\u0131 olu\u015fturma kurallar\u0131n\u0131 \u00f6\u011frenmek, Ermenice c\u00fcmleleri daha iyi anlaman\u0131z\u0131 ve yap\u0131land\u0131rman\u0131z\u0131 sa\u011flayacakt\u0131r.<\/p>\n\n\n\n<h3 class=\"wp-block-heading\" id=\"h-3-verbs-conjugation-and-tense\">3. Fiiller: Fiil \u00c7ekimi ve Zaman<\/h3>\n\n\n\n<p>Ermenice fiiller zamanlar\u0131na, ruh hallerine ve y\u00f6nlerine g\u00f6re \u00e7ekimlenir. Ermenicede \u015fimdiki zaman, kusurlu, m\u00fckemmel, aorist, gelecek, \u00e7o\u011ful ve gelecek m\u00fckemmel olmak \u00fczere yedi temel zaman vard\u0131r. D\u00fczenli fiiller belirli \u00e7ekim kal\u0131plar\u0131n\u0131 takip eder, bu da kurallar\u0131 kavrad\u0131ktan sonra \u00f6\u011frenmelerini nispeten kolayla\u015ft\u0131r\u0131r.<\/p>\n\n\n\n<h3 class=\"wp-block-heading\" id=\"h-4-adjectives-agreement-and-placement\">4. S\u0131fatlar: Anla\u015fma ve Yerle\u015ftirme<\/h3>\n\n\n\n<p>Ermenice dilbilgisinde s\u0131fatlar genellikle de\u011fi\u015ftirdikleri isimden \u00f6nce gelirler ve isimle ayn\u0131 fikirde olmalar\u0131 gerekmez. Bununla birlikte, s\u0131fatlar \u00f6nemli \u00f6l\u00e7\u00fcde (isim olarak) kullan\u0131l\u0131rlarsa veya belirli i\u015faret ve iyelik zamirlerinden \u00f6nce gelirlerse reddedilebilir.<\/p>\n\n\n\n<p><strong>\u00d6rnekler:<\/strong><\/p>\n\n\n\n<p>&#8211; \u057d\u0578\u0582\u0580\u0562 \u057f\u0561\u0573\u0561\u0580 (surb tachar) &#8211; kutsal tap\u0131nak<\/p>\n\n\n\n<p>&#8211; \u0561\u0575\u057d \u0574\u0565\u056e \u057f\u0578\u0582\u0576 (ays metz tun) &#8211; bu b\u00fcy\u00fck ev<\/p>\n\n\n\n<h3 class=\"wp-block-heading\" id=\"h-5-evidentiality-in-verbs\">5. Fiillerde Kan\u0131t<\/h3>\n\n\n\n<p>Ermenice dilbilgisinin benzersiz bir y\u00f6n\u00fc, kan\u0131tlay\u0131c\u0131 fiillerin kullan\u0131lmas\u0131d\u0131r. Bu \u00f6zellik, bir konu\u015fmac\u0131n\u0131n c\u00fcmledeki eylemle ilgili bilgisinin kayna\u011f\u0131n\u0131 (ki\u015fisel deneyim, kulaktan dolma veya \u00e7\u0131kar\u0131m) g\u00f6sterir. Bu n\u00fcanslara dikkat etmek, konu\u015fman\u0131zda ba\u011flam ve netlik sa\u011flaman\u0131za yard\u0131mc\u0131 olabilir.<\/p>\n\n\n\n<h3 class=\"wp-block-heading\" id=\"h-6-engaging-with-the-language\">6. Dil ile \u0130lgi Kurmak<\/h3>\n\n\n\n<p>Ermenice grameri anlaman\u0131n ve i\u00e7selle\u015ftirmenin en etkili yolu, dille d\u00fczenli olarak etkile\u015fim kurmakt\u0131r. <a href=\"https:\/\/talkpal.ai\/learn-armenian\/\">Ermeni<\/a> edebiyat\u0131 okuyarak, film veya dizi izleyerek ve anadili \u0130ngilizce olan ki\u015filerle aktif olarak ileti\u015fim kurarak, dilbilgisi anlay\u0131\u015f\u0131n\u0131z\u0131 peki\u015ftirecek ve ayn\u0131 zamanda kelime da\u011farc\u0131\u011f\u0131n\u0131z\u0131 geni\u015fleteceksiniz.<\/p>\n\n\n\n<h3 class=\"wp-block-heading\" id=\"h-conclusion\">Sonu\u00e7<\/h3>\n\n\n\n<p>Ermenice dilbilgisi karma\u015f\u0131k g\u00f6r\u00fcnse de, ad\u0131m ad\u0131m yakla\u015fmak ve tutarl\u0131 bir \u015fekilde pratik yapmak bu g\u00fczel dilde uzmanla\u015fman\u0131za yard\u0131mc\u0131 olacakt\u0131r. Ermenice dil maceran\u0131za ba\u015flarken meydan okumay\u0131 kucaklay\u0131n ve yak\u0131nda kendinizi artan bir g\u00fcvenle gramerinin n\u00fcanslar\u0131nda gezinirken bulacaks\u0131n\u0131z. Mutlu \u00e7al\u0131\u015fmalar ve Ermenice dilbilgisinin zenginli\u011fini ke\u015ffetmenin tad\u0131n\u0131 \u00e7\u0131kar\u0131n!<\/p>\n<\/div><\/div>\n\r\n<section class=\"learnNavigationSection\">\r\n            \r\n        <a href=\"https:\/\/talkpal.ai\/tr\/ermenice-ogren\/\">\r\n            <div class=\"learnNavigationWrapper\">\r\n                <div class=\"learnNavigationContent\">\r\n                    <img decoding=\"async\" src=\"https:\/\/talkpal.ai\/wp-content\/uploads\/2024\/08\/Armenian.jpg\" alt=\"Armenian Flag\">\r\n                    <div>\r\n                        <h4>Armenian Learning Hakk\u0131nda<\/h4>\r\n                        <p>Ermenice dilbilgisi hakk\u0131nda her \u015feyi \u00f6\u011frenin .<\/p>\r\n                    <\/div>\r\n                <\/div>\r\n            <\/div>\r\n        <\/a>\r\n\r\n        \r\n        <a href=\"https:\/\/talkpal.ai\/tr\/ermenice-dilbilgisi-alistirmalari\/\">\r\n            <div class=\"learnNavigationWrapper\">\r\n                <div class=\"learnNavigationContent\">\r\n                    <img decoding=\"async\" src=\"https:\/\/talkpal.ai\/wp-content\/uploads\/2024\/08\/Armenian.jpg\" alt=\"Armenian Flag\">\r\n                    <div>\r\n                        <h4>Ermenice Dilbilgisi Al\u0131\u015ft\u0131rmas\u0131<\/h4>\r\n                        <p>Ermenice dilbilgisi al\u0131\u015ft\u0131rmas\u0131 yap\u0131n .<\/p>\r\n                    <\/div>\r\n                <\/div>\r\n            <\/div>\r\n        <\/a>\r\n\r\n        \r\n        <a href=\"https:\/\/talkpal.ai\/vocabulary_language\/armenian\/\">\r\n            <div class=\"learnNavigationWrapper\">\r\n                <div class=\"learnNavigationContent\">\r\n                    <img decoding=\"async\" src=\"https:\/\/talkpal.ai\/wp-content\/uploads\/2024\/08\/Armenian.jpg\" alt=\"Armenian Flag\">\r\n                    <div>\r\n                        <h4>Ermenice Kelime Bilgisi<\/h4>\r\n                        <p>Ermenice kelime da\u011farc\u0131\u011f\u0131n\u0131z\u0131 geni\u015fletin.<\/p>\r\n                    <\/div>\r\n                <\/div>\r\n            <\/div>\r\n        <\/a>\r\n\r\n            <\/section>","protected":false},"excerpt":{"rendered":"<p>Ermenice Gramerin Zenginli\u011fini Ke\u015ffetmek E\u015fsiz ve b\u00fcy\u00fcleyici bir dil olan Ermenice, Hint-Avrupa ailesinde ayr\u0131 bir yere sahiptir. Ermenice \u00f6\u011frenmek sadece dil da\u011farc\u0131\u011f\u0131n\u0131z\u0131 zenginle\u015ftirmekle kalmaz, ayn\u0131 zamanda Ermenistan&#8217;\u0131n zengin tarihine ve k\u00fclt\u00fcr\u00fcne dalman\u0131z\u0131 sa\u011flar. Ermenice dilbilgisi ilk bak\u0131\u015fta \u00fcrk\u00fct\u00fcc\u00fc g\u00f6r\u00fcnse de, onu temel bile\u015fenlerine ay\u0131rmak s\u00fcreci basitle\u015ftirir. Bu makalede, sizi Ermenice dilbilgisinin b\u00fcy\u00fcleyici d\u00fcnyas\u0131yla tan\u0131\u015ft\u0131racak ve [&hellip;]<\/p>\n","protected":false},"author":1,"featured_media":109238,"parent":0,"menu_order":0,"comment_status":"closed","ping_status":"closed","template":"LearningContentPage.php","meta":{"_acf_changed":false,"footnotes":""},"class_list":["post-140367","page","type-page","status-publish","has-post-thumbnail","hentry"],"acf":[],"yoast_head":"<!-- This site is optimized with the Yoast SEO Premium plugin v27.2 (Yoast SEO v27.2) - https:\/\/yoast.com\/product\/yoast-seo-premium-wordpress\/ -->\n<title>Ermenice Dilbilgisi - Talkpal<\/title>\n<meta name=\"description\" content=\"Ermenice gramerin s\u0131rlar\u0131n\u0131 \u00e7\u00f6z\u00fcn ve bu b\u00fcy\u00fcleyici dilde ustala\u015f\u0131rken Ermenistan&#039;\u0131n zengin k\u00fclt\u00fcr\u00fcn\u00fc ke\u015ffedin.\" \/>\n<meta name=\"robots\" content=\"index, follow, max-snippet:-1, max-image-preview:large, max-video-preview:-1\" \/>\n<link rel=\"canonical\" href=\"https:\/\/talkpal.ai\/tr\/ermenice-dilbilgisi\/\" \/>\n<meta property=\"og:locale\" content=\"tr_TR\" \/>\n<meta property=\"og:type\" content=\"article\" \/>\n<meta property=\"og:title\" content=\"Ermenice Dilbilgisi\" \/>\n<meta property=\"og:description\" content=\"Ermenice Gramerin Zenginli\u011fini Ke\u015ffetmek E\u015fsiz ve b\u00fcy\u00fcleyici bir dil olan Ermenice, Hint-Avrupa ailesinde ayr\u0131 bir yere sahiptir. Ermenice \u00f6\u011frenmek sadece\" \/>\n<meta property=\"og:url\" content=\"https:\/\/talkpal.ai\/tr\/ermenice-dilbilgisi\/\" \/>\n<meta property=\"og:site_name\" content=\"Talkpal\" \/>\n<meta property=\"article:publisher\" content=\"https:\/\/www.facebook.com\/profile.php?id=100090733639311\" \/>\n<meta property=\"article:modified_time\" content=\"2025-05-21T10:55:01+00:00\" \/>\n<meta property=\"og:image\" content=\"https:\/\/talkpal.ai\/wp-content\/uploads\/2023\/05\/armenia.png\" \/>\n\t<meta property=\"og:image:width\" content=\"512\" \/>\n\t<meta property=\"og:image:height\" content=\"512\" \/>\n\t<meta property=\"og:image:type\" content=\"image\/png\" \/>\n<meta name=\"twitter:card\" content=\"summary_large_image\" \/>\n<meta name=\"twitter:site\" content=\"@talkpalai\" \/>\n<meta name=\"twitter:label1\" content=\"Tahmini okuma s\u00fcresi\" \/>\n\t<meta name=\"twitter:data1\" content=\"3 dakika\" \/>\n<script type=\"application\/ld+json\" class=\"yoast-schema-graph\">{\"@context\":\"https:\/\/schema.org\",\"@graph\":[{\"@type\":\"WebPage\",\"@id\":\"https:\/\/talkpal.ai\/tr\/ermenice-dilbilgisi\/\",\"url\":\"https:\/\/talkpal.ai\/tr\/ermenice-dilbilgisi\/\",\"name\":\"Ermenice Dilbilgisi - Talkpal\",\"isPartOf\":{\"@id\":\"https:\/\/talkpal.ai\/tr\/#website\"},\"primaryImageOfPage\":{\"@id\":\"https:\/\/talkpal.ai\/tr\/ermenice-dilbilgisi\/#primaryimage\"},\"image\":{\"@id\":\"https:\/\/talkpal.ai\/tr\/ermenice-dilbilgisi\/#primaryimage\"},\"thumbnailUrl\":\"https:\/\/talkpal.ai\/wp-content\/uploads\/2023\/05\/armenia.png\",\"datePublished\":\"2023-05-14T13:54:14+00:00\",\"dateModified\":\"2025-05-21T10:55:01+00:00\",\"description\":\"Ermenice gramerin s\u0131rlar\u0131n\u0131 \u00e7\u00f6z\u00fcn ve bu b\u00fcy\u00fcleyici dilde ustala\u015f\u0131rken Ermenistan'\u0131n zengin k\u00fclt\u00fcr\u00fcn\u00fc ke\u015ffedin.\",\"breadcrumb\":{\"@id\":\"https:\/\/talkpal.ai\/tr\/ermenice-dilbilgisi\/#breadcrumb\"},\"inLanguage\":\"tr\",\"potentialAction\":[{\"@type\":\"ReadAction\",\"target\":[\"https:\/\/talkpal.ai\/tr\/ermenice-dilbilgisi\/\"]}]},{\"@type\":\"ImageObject\",\"inLanguage\":\"tr\",\"@id\":\"https:\/\/talkpal.ai\/tr\/ermenice-dilbilgisi\/#primaryimage\",\"url\":\"https:\/\/talkpal.ai\/wp-content\/uploads\/2023\/05\/armenia.png\",\"contentUrl\":\"https:\/\/talkpal.ai\/wp-content\/uploads\/2023\/05\/armenia.png\",\"width\":512,\"height\":512},{\"@type\":\"BreadcrumbList\",\"@id\":\"https:\/\/talkpal.ai\/tr\/ermenice-dilbilgisi\/#breadcrumb\",\"itemListElement\":[{\"@type\":\"ListItem\",\"position\":1,\"name\":\"Homepage\",\"item\":\"https:\/\/talkpal.ai\/tr\/\"},{\"@type\":\"ListItem\",\"position\":2,\"name\":\"Ermenice Dilbilgisi\"}]},{\"@type\":\"WebSite\",\"@id\":\"https:\/\/talkpal.ai\/tr\/#website\",\"url\":\"https:\/\/talkpal.ai\/tr\/\",\"name\":\"Talkpal\",\"description\":\"AI Language Learning\",\"publisher\":{\"@id\":\"https:\/\/talkpal.ai\/tr\/#organization\"},\"alternateName\":\"Talkpal AI\",\"potentialAction\":[{\"@type\":\"SearchAction\",\"target\":{\"@type\":\"EntryPoint\",\"urlTemplate\":\"https:\/\/talkpal.ai\/tr\/?s={search_term_string}\"},\"query-input\":{\"@type\":\"PropertyValueSpecification\",\"valueRequired\":true,\"valueName\":\"search_term_string\"}}],\"inLanguage\":\"tr\"},{\"@type\":\"Organization\",\"@id\":\"https:\/\/talkpal.ai\/tr\/#organization\",\"name\":\"Talkpal, Inc.\",\"alternateName\":\"Talkpal AI\",\"url\":\"https:\/\/talkpal.ai\/tr\/\",\"logo\":{\"@type\":\"ImageObject\",\"inLanguage\":\"tr\",\"@id\":\"https:\/\/talkpal.ai\/tr\/#\/schema\/logo\/image\/\",\"url\":\"https:\/\/talkpal.ai\/wp-content\/uploads\/2024\/03\/Talkpal-Logo-Icon.png\",\"contentUrl\":\"https:\/\/talkpal.ai\/wp-content\/uploads\/2024\/03\/Talkpal-Logo-Icon.png\",\"width\":2880,\"height\":2880,\"caption\":\"Talkpal, Inc.\"},\"image\":{\"@id\":\"https:\/\/talkpal.ai\/tr\/#\/schema\/logo\/image\/\"},\"sameAs\":[\"https:\/\/www.facebook.com\/profile.php?id=100090733639311\",\"https:\/\/x.com\/talkpalai\",\"https:\/\/www.linkedin.com\/company\/talkpal\/\",\"https:\/\/www.youtube.com\/@TalkPal\/\",\"https:\/\/www.tiktok.com\/@talkpal\",\"https:\/\/www.instagram.com\/talkpal_ai\/\",\"https:\/\/www.crunchbase.com\/organization\/talkpal-9cde\",\"https:\/\/www.g2.com\/products\/talkpal-for-business\/\",\"https:\/\/www.trustpilot.com\/review\/talkpal.ai\",\"https:\/\/www.capterra.com\/p\/10006800\/TalkPal\/\"],\"description\":\"Talkpal is a language learning web and mobile education app, powered by the latest AI technologies, that provides engaging experiences to its customers in many different languages to help them improve their language skills. Users can chat about unlimited amount of topics with the app and use other modes to practice their language learning.\",\"email\":\"support@talkpal.ai\",\"legalName\":\"Talkpal, Inc.\",\"foundingDate\":\"2023-04-03\",\"duns\":\"118989042\",\"numberOfEmployees\":{\"@type\":\"QuantitativeValue\",\"minValue\":\"11\",\"maxValue\":\"50\"},\"publishingPrinciples\":\"https:\/\/talkpal.ai\/publishing-principles\/\",\"actionableFeedbackPolicy\":\"https:\/\/talkpal.ai\/actionable-feedback-policy\/\",\"correctionsPolicy\":\"https:\/\/talkpal.ai\/corrections-policy\/\",\"ethicsPolicy\":\"https:\/\/talkpal.ai\/ethics-policy\/\",\"diversityPolicy\":\"https:\/\/talkpal.ai\/diversity-policy\/\",\"diversityStaffingReport\":\"https:\/\/talkpal.ai\/diversity-policy\/\"}]}<\/script>\n<!-- \/ Yoast SEO Premium plugin. -->","yoast_head_json":{"title":"Ermenice Dilbilgisi - Talkpal","description":"Ermenice gramerin s\u0131rlar\u0131n\u0131 \u00e7\u00f6z\u00fcn ve bu b\u00fcy\u00fcleyici dilde ustala\u015f\u0131rken Ermenistan'\u0131n zengin k\u00fclt\u00fcr\u00fcn\u00fc ke\u015ffedin.","robots":{"index":"index","follow":"follow","max-snippet":"max-snippet:-1","max-image-preview":"max-image-preview:large","max-video-preview":"max-video-preview:-1"},"canonical":"https:\/\/talkpal.ai\/tr\/ermenice-dilbilgisi\/","og_locale":"tr_TR","og_type":"article","og_title":"Ermenice Dilbilgisi","og_description":"Ermenice Gramerin Zenginli\u011fini Ke\u015ffetmek E\u015fsiz ve b\u00fcy\u00fcleyici bir dil olan Ermenice, Hint-Avrupa ailesinde ayr\u0131 bir yere sahiptir. Ermenice \u00f6\u011frenmek sadece","og_url":"https:\/\/talkpal.ai\/tr\/ermenice-dilbilgisi\/","og_site_name":"Talkpal","article_publisher":"https:\/\/www.facebook.com\/profile.php?id=100090733639311","article_modified_time":"2025-05-21T10:55:01+00:00","og_image":[{"width":512,"height":512,"url":"https:\/\/talkpal.ai\/wp-content\/uploads\/2023\/05\/armenia.png","type":"image\/png"}],"twitter_card":"summary_large_image","twitter_site":"@talkpalai","twitter_misc":{"Tahmini okuma s\u00fcresi":"3 dakika"},"schema":{"@context":"https:\/\/schema.org","@graph":[{"@type":"WebPage","@id":"https:\/\/talkpal.ai\/tr\/ermenice-dilbilgisi\/","url":"https:\/\/talkpal.ai\/tr\/ermenice-dilbilgisi\/","name":"Ermenice Dilbilgisi - Talkpal","isPartOf":{"@id":"https:\/\/talkpal.ai\/tr\/#website"},"primaryImageOfPage":{"@id":"https:\/\/talkpal.ai\/tr\/ermenice-dilbilgisi\/#primaryimage"},"image":{"@id":"https:\/\/talkpal.ai\/tr\/ermenice-dilbilgisi\/#primaryimage"},"thumbnailUrl":"https:\/\/talkpal.ai\/wp-content\/uploads\/2023\/05\/armenia.png","datePublished":"2023-05-14T13:54:14+00:00","dateModified":"2025-05-21T10:55:01+00:00","description":"Ermenice gramerin s\u0131rlar\u0131n\u0131 \u00e7\u00f6z\u00fcn ve bu b\u00fcy\u00fcleyici dilde ustala\u015f\u0131rken Ermenistan'\u0131n zengin k\u00fclt\u00fcr\u00fcn\u00fc ke\u015ffedin.","breadcrumb":{"@id":"https:\/\/talkpal.ai\/tr\/ermenice-dilbilgisi\/#breadcrumb"},"inLanguage":"tr","potentialAction":[{"@type":"ReadAction","target":["https:\/\/talkpal.ai\/tr\/ermenice-dilbilgisi\/"]}]},{"@type":"ImageObject","inLanguage":"tr","@id":"https:\/\/talkpal.ai\/tr\/ermenice-dilbilgisi\/#primaryimage","url":"https:\/\/talkpal.ai\/wp-content\/uploads\/2023\/05\/armenia.png","contentUrl":"https:\/\/talkpal.ai\/wp-content\/uploads\/2023\/05\/armenia.png","width":512,"height":512},{"@type":"BreadcrumbList","@id":"https:\/\/talkpal.ai\/tr\/ermenice-dilbilgisi\/#breadcrumb","itemListElement":[{"@type":"ListItem","position":1,"name":"Homepage","item":"https:\/\/talkpal.ai\/tr\/"},{"@type":"ListItem","position":2,"name":"Ermenice Dilbilgisi"}]},{"@type":"WebSite","@id":"https:\/\/talkpal.ai\/tr\/#website","url":"https:\/\/talkpal.ai\/tr\/","name":"Talkpal","description":"AI Language Learning","publisher":{"@id":"https:\/\/talkpal.ai\/tr\/#organization"},"alternateName":"Talkpal AI","potentialAction":[{"@type":"SearchAction","target":{"@type":"EntryPoint","urlTemplate":"https:\/\/talkpal.ai\/tr\/?s={search_term_string}"},"query-input":{"@type":"PropertyValueSpecification","valueRequired":true,"valueName":"search_term_string"}}],"inLanguage":"tr"},{"@type":"Organization","@id":"https:\/\/talkpal.ai\/tr\/#organization","name":"Talkpal, Inc.","alternateName":"Talkpal AI","url":"https:\/\/talkpal.ai\/tr\/","logo":{"@type":"ImageObject","inLanguage":"tr","@id":"https:\/\/talkpal.ai\/tr\/#\/schema\/logo\/image\/","url":"https:\/\/talkpal.ai\/wp-content\/uploads\/2024\/03\/Talkpal-Logo-Icon.png","contentUrl":"https:\/\/talkpal.ai\/wp-content\/uploads\/2024\/03\/Talkpal-Logo-Icon.png","width":2880,"height":2880,"caption":"Talkpal, Inc."},"image":{"@id":"https:\/\/talkpal.ai\/tr\/#\/schema\/logo\/image\/"},"sameAs":["https:\/\/www.facebook.com\/profile.php?id=100090733639311","https:\/\/x.com\/talkpalai","https:\/\/www.linkedin.com\/company\/talkpal\/","https:\/\/www.youtube.com\/@TalkPal\/","https:\/\/www.tiktok.com\/@talkpal","https:\/\/www.instagram.com\/talkpal_ai\/","https:\/\/www.crunchbase.com\/organization\/talkpal-9cde","https:\/\/www.g2.com\/products\/talkpal-for-business\/","https:\/\/www.trustpilot.com\/review\/talkpal.ai","https:\/\/www.capterra.com\/p\/10006800\/TalkPal\/"],"description":"Talkpal is a language learning web and mobile education app, powered by the latest AI technologies, that provides engaging experiences to its customers in many different languages to help them improve their language skills. Users can chat about unlimited amount of topics with the app and use other modes to practice their language learning.","email":"support@talkpal.ai","legalName":"Talkpal, Inc.","foundingDate":"2023-04-03","duns":"118989042","numberOfEmployees":{"@type":"QuantitativeValue","minValue":"11","maxValue":"50"},"publishingPrinciples":"https:\/\/talkpal.ai\/publishing-principles\/","actionableFeedbackPolicy":"https:\/\/talkpal.ai\/actionable-feedback-policy\/","correctionsPolicy":"https:\/\/talkpal.ai\/corrections-policy\/","ethicsPolicy":"https:\/\/talkpal.ai\/ethics-policy\/","diversityPolicy":"https:\/\/talkpal.ai\/diversity-policy\/","diversityStaffingReport":"https:\/\/talkpal.ai\/diversity-policy\/"}]}},"_links":{"self":[{"href":"https:\/\/talkpal.ai\/tr\/wp-json\/wp\/v2\/pages\/140367","targetHints":{"allow":["GET"]}}],"collection":[{"href":"https:\/\/talkpal.ai\/tr\/wp-json\/wp\/v2\/pages"}],"about":[{"href":"https:\/\/talkpal.ai\/tr\/wp-json\/wp\/v2\/types\/page"}],"author":[{"embeddable":true,"href":"https:\/\/talkpal.ai\/tr\/wp-json\/wp\/v2\/users\/1"}],"replies":[{"embeddable":true,"href":"https:\/\/talkpal.ai\/tr\/wp-json\/wp\/v2\/comments?post=140367"}],"version-history":[{"count":0,"href":"https:\/\/talkpal.ai\/tr\/wp-json\/wp\/v2\/pages\/140367\/revisions"}],"wp:featuredmedia":[{"embeddable":true,"href":"https:\/\/talkpal.ai\/tr\/wp-json\/wp\/v2\/media\/109238"}],"wp:attachment":[{"href":"https:\/\/talkpal.ai\/tr\/wp-json\/wp\/v2\/media?parent=140367"}],"curies":[{"name":"wp","href":"https:\/\/api.w.org\/{rel}","templated":true}]}}