{"id":140066,"date":"2023-05-14T13:53:48","date_gmt":"2023-05-14T13:53:48","guid":{"rendered":"http:\/\/talkpal.ai\/azerice-dilbilgisi\/"},"modified":"2025-05-22T08:23:35","modified_gmt":"2025-05-22T08:23:35","slug":"azerice-dilbilgisi","status":"publish","type":"page","link":"https:\/\/talkpal.ai\/tr\/azerice-dilbilgisi\/","title":{"rendered":"Azerice Dilbilgisi"},"content":{"rendered":"\r\n\r\n\r\n<section class=\"languageChallengeSection\">\r\n    <div class=\"languageInfoWrapper\">\r\n        \r\n        <h1>Azerice Dilbilgisi<\/h1>\r\n        <p>Azerice dilinin g\u00fczelli\u011fini ke\u015ffetmeye haz\u0131r m\u0131s\u0131n\u0131z? Azerice dilbilgisine dal\u0131n ve \u00fcnl\u00fc uyumundan etkileyici fiil bi\u00e7imlerine kadar benzersiz yap\u0131s\u0131n\u0131 ke\u015ffedin. Bug\u00fcn \u00f6\u011frenmeye ba\u015flay\u0131n ve dilbilgisinde uzmanla\u015fman\u0131n ak\u0131c\u0131 konu\u015fmaya ve Azerbaycan k\u00fclt\u00fcr\u00fcn\u00fc daha iyi anlamaya giden yolu nas\u0131l a\u00e7t\u0131\u011f\u0131n\u0131 deneyimleyin!<\/p>\r\n\r\n                            <a class=\"getStartedHidden\" href=\"https:\/\/app.talkpal.ai\/tr\/signup?lng=\">Hadi ba\u015fla<\/a>\r\n        \r\n    <\/div>\r\n\r\n    <figure>\r\n    <img decoding=\"async\" width=\"768\" height=\"768\" src=\"https:\/\/talkpal.ai\/wp-content\/uploads\/2023\/06\/azerbaijani-768x768.png\" class=\"languageImage no-lazy\" alt=\"Language learning for enhanced cognitive skills\" fetchpriority=\"high\" sizes=\"(max-width: 768px) 150px, 768px\" srcset=\"https:\/\/talkpal.ai\/wp-content\/uploads\/2023\/06\/azerbaijani-768x768.png 768w, https:\/\/talkpal.ai\/wp-content\/uploads\/2023\/06\/azerbaijani-300x300.png 300w\" \/>\r\n    \r\n\r\n    <\/figure>\r\n\r\n            <a class=\"getStartedVisible\" href=\"https:\/\/app.talkpal.ai\/tr\/signup?lng=\">Hadi ba\u015fla<\/a>\r\n    \r\n<\/section>\r\n<section class=\"promotionalBanner\">\r\n    <p class=\"promotionalText\">Dil \u00f6\u011frenmenin en etkili yolu<\/p>\r\n    <a class=\"promotionalLink\" href=\"https:\/\/app.talkpal.ai\/tr\/signup?lng=\">Talkpal \u00fccretsiz deneyin<\/a>\r\n<\/section>\n<div class=\"wp-block-group pageContainerStyle\"><div class=\"wp-block-group__inner-container is-layout-constrained wp-block-group-is-layout-constrained\">\n<h2 class=\"wp-block-heading\" id=\"h-a-comprehensive-guide-to-azerbaijani-grammar\">Azerice Dilbilgisi i\u00e7in Kapsaml\u0131 Bir Rehber<\/h2>\n\n\n\n<p>Azerice \u00f6\u011frenmeyi hi\u00e7 d\u00fc\u015f\u00fcnd\u00fcn\u00fcz m\u00fc? Azerbaycan&#8217;\u0131n resmi dili olan ve Kafkasya b\u00f6lgesinde milyonlarca insan taraf\u0131ndan konu\u015fulan Azerice, e\u015fsiz ve b\u00fcy\u00fcleyici bir dildir. Zengin bir tarihe, farkl\u0131 bir k\u00fclt\u00fcre ve <a href=\"https:\/\/talkpal.ai\/learn-turkish\/\">T\u00fcrk\u00e7e<\/a>, <a href=\"https:\/\/talkpal.ai\/learn-russian\/\">Rus\u00e7a<\/a> ve <a href=\"https:\/\/talkpal.ai\/learn-persian\/\">Fars\u00e7a<\/a> dillerinden gelen etkilerin bir kar\u0131\u015f\u0131m\u0131na sahip olan Azerice, benzersiz bir dil deneyimi sunar. <a href=\"https:\/\/talkpal.ai\/locations\/language-courses-in-ama\/\">Ama<\/a> korkma dostum! Bu yaz\u0131da, Azerice dilbilgisinin harikalar\u0131n\u0131 ortaya \u00e7\u0131karaca\u011f\u0131z, onu eri\u015filebilir hale getirece\u011fiz ve s\u00f6ylemeye c\u00fcret ediyorum, sizin gibi <a href=\"https:\/\/talkpal.ai\/talkpal-discount-for-language-enthusiasts\/\">dil merakl\u0131lar\u0131<\/a> i\u00e7in e\u011flenceli.<\/p>\n\n\n\n<p><strong>Ba\u015flayal\u0131m, olur mu?<\/strong><\/p>\n\n\n\n<h3 class=\"wp-block-heading\" id=\"h-1-the-azerbaijani-alphabet-a-fusion-of-beauty-and-simplicity\">1. Azerbaycan Alfabesi: G\u00fczellik ve Sadeli\u011fin Birle\u015fimi<\/h3>\n\n\n\n<p>Azerbaycan alfabesi, 32 harften olu\u015fan Latin alfabesine dayanmaktad\u0131r. Merak etmeyin, \u0130ngiliz alfabesine \u00e7ok benzedi\u011fi i\u00e7in \u015fifreli karakterleri \u00e7\u00f6zmek zorunda kalmayacaks\u0131n\u0131z. Bununla birlikte, baz\u0131 harfler, belirli Azeri seslerini temsil etmek i\u00e7in benzersiz aksanlara ve aksan i\u015faretlerine sahiptir. Anahtar \u00e7\u0131kar\u0131m nedir? Alfabeye hakim olmak, dili \u00f6\u011frenmenin ilk k\u00fc\u00e7\u00fck ama \u00f6nemli ad\u0131m\u0131d\u0131r.<\/p>\n\n\n\n<h3 class=\"wp-block-heading\" id=\"h-2-word-order-simple-as-s-o-v\">2. Kelime S\u0131ras\u0131: S-O-V kadar basit!<\/h3>\n\n\n\n<p>\u00d6zne-fiil-nesne (SVO) kelime s\u0131ras\u0131n\u0131 takip eden \u0130ngilizce&#8217;nin aksine, Azerice bir SOV dilidir. Bu, \u00f6zneyi genellikle bir c\u00fcmlenin ba\u015f\u0131nda, ard\u0131ndan nesneyi ve fiille biten bulaca\u011f\u0131n\u0131z anlam\u0131na gelir. Bu ilk ba\u015fta biraz garip gelebilir, ama inan\u0131n bana, k\u0131sa s\u00fcrede al\u0131\u015facaks\u0131n\u0131z! \u00d6rne\u011fin \u0130ngilizce&#8217;de &#8220;Azerbaycan&#8217;\u0131 seviyorum&#8221; deriz. Azerice&#8217;de bu c\u00fcmle &#8220;M\u0259n Az\u0259rbaycan\u0131 sevir\u0259m&#8221; (kelimenin tam anlam\u0131yla &#8220;Ben Azerbaycan&#8217;\u0131 seviyorum&#8221;) \u015feklinde olacakt\u0131r. \u00c7ocuk oyunca\u011f\u0131, de\u011fil mi?<\/p>\n\n\n\n<h3 class=\"wp-block-heading\" id=\"h-3-noun-cases-a-colorful-display-of-linguistic-variety\">3. \u0130sim Durumlar\u0131: Dilsel \u00c7e\u015fitlili\u011fin Renkli Bir G\u00f6sterimi<\/h3>\n\n\n\n<p>Azerbaycan gramerinin en dikkat \u00e7ekici \u00f6zelliklerinden biri isim durumlar\u0131d\u0131r. Dil, her biri belirli bir i\u015fleve hizmet eden alt\u0131 farkl\u0131 duruma sahiptir. Bunlar: nominatif, genitive, dative, accusative, locative ve ablative&#8217;dir. \u015eimdi, bu korkutucu gelebilir, ama korkmay\u0131n! T\u0131pk\u0131 bir resmi farkl\u0131 renklerle boyamak gibi, bu durumlar da c\u00fcmlelerinize derinlik ve anlam katar. \u00d6rne\u011fin, &#8220;kitab&#8221; (kitap), sahiplik ifade etmek i\u00e7in &#8220;kitab\u0131n&#8221; (kitab\u0131n) \u015fekline d\u00f6n\u00fc\u015febilir. Bu durumlar\u0131 yava\u015f yava\u015f \u00f6\u011frendik\u00e7e, dildeki \u00f6nemlerini takdir etmeye ba\u015flayacaks\u0131n\u0131z.<\/p>\n\n\n\n<h3 class=\"wp-block-heading\" id=\"h-4-verb-conjugation-express-yourself-with-ease\">4. Fiil \u00c7ekimi: Kendinizi Kolayl\u0131kla \u0130fade Edin<\/h3>\n\n\n\n<p>Azerice fiiller zengin ve etkileyicidir, \u00e7ok \u00e7e\u015fitli eylemleri, duygular\u0131, niyetleri ve daha fazlas\u0131n\u0131 iletmenize olanak tan\u0131r. Azerice fiil \u00e7ekiminde ustala\u015fman\u0131n anahtar\u0131, mastar formunu (fiilin temel, \u00e7ekimsiz formu) ve zaman, ki\u015fi ve say\u0131y\u0131 g\u00f6steren \u00e7e\u015fitli ekleri anlamakta yatmaktad\u0131r. \u00d6rne\u011fin, &#8220;g\u00f6rm\u0259k&#8221; (g\u00f6rmek) mastar\u0131, fiil \u00e7ekiminin sihriyle &#8220;g\u00f6r\u00fcr\u0259m&#8221; (g\u00f6r\u00fcr\u00fcm) veya &#8220;g\u00f6rd\u00fcm&#8221; (g\u00f6rd\u00fcm) haline gelebilir. Pratik yapmak m\u00fckemmelle\u015ftirir, bu y\u00fczden devam edin ve k\u0131sa s\u00fcrede bir fiil \u00e7ekimi ustas\u0131 olacaks\u0131n\u0131z!<\/p>\n\n\n\n<h3 class=\"wp-block-heading\" id=\"h-5-it-s-all-about-the-context-dig-deep-into-the-azerbaijani-mindset\">5. Her \u015eey Ba\u011flamla \u0130lgili: Azerbaycanl\u0131lar\u0131n Zihniyetinin Derinliklerine \u0130nin!<\/h3>\n\n\n\n<p>C\u00fcmleleri bir araya getirmeye ve kendinizi Azerbaycan diline kapt\u0131rmaya ba\u015flad\u0131\u011f\u0131n\u0131zda, ba\u011flam\u0131n \u00e7ok \u00f6nemli oldu\u011funu her zaman unutmay\u0131n. Azerbaycan k\u00fclt\u00fcr\u00fc, tarihi ve d\u00fcnya g\u00f6r\u00fc\u015f\u00fc dilin \u015fekillenmesinde b\u00fcy\u00fck rol oynamaktad\u0131r. Bu nedenle, dedikleri gibi, &#8220;Roma&#8217;dayken Romal\u0131lar\u0131n yapt\u0131\u011f\u0131n\u0131 yap\u0131n.&#8221; Dili ger\u00e7ek anlamda anlamak i\u00e7in Azerbaycan zihniyetine dal\u0131n. Anadili \u0130ngilizce olan ki\u015filerle etkile\u015fim kurun, yerel edebiyat\u0131 ke\u015ffedin ve dilin kendine has \u00f6zelliklerini benimseyin. Bana g\u00fcvenin, sadece dil yeterlili\u011finizi geli\u015ftirmekle kalmayacak, ayn\u0131 zamanda unutulmaz deneyimler ve an\u0131lar da kazanacaks\u0131n\u0131z.<\/p>\n\n\n\n<p>Sonu\u00e7 olarak, <a href=\"https:\/\/talkpal.ai\/tr\/azerice-ogrenmek-hizli-ve-kolay-yontemlerle-baslayin\/\">Azerice dilbilgisi<\/a> ilk ba\u015fta zor g\u00f6r\u00fcnebilir, ancak \u00f6zveri, pratik ve k\u00fclt\u00fcre yo\u011fun bir ilgi ile k\u0131sa s\u00fcrede bir profesyonel olacaks\u0131n\u0131z! \u00d6yleyse neden bekleyelim? Dalmaya ba\u015flay\u0131n ve sizi Azerbaycan dilinin g\u00fczelli\u011fine ve derinli\u011fine hayran b\u0131rakacak bu heyecan verici dil maceras\u0131na at\u0131l\u0131n.<\/p>\n<\/div><\/div>\n\r\n<section class=\"learnNavigationSection\">\r\n            \r\n        <a href=\"https:\/\/talkpal.ai\/tr\/azerice-ogren\/\">\r\n            <div class=\"learnNavigationWrapper\">\r\n                <div class=\"learnNavigationContent\">\r\n                    <img decoding=\"async\" src=\"https:\/\/talkpal.ai\/wp-content\/uploads\/2024\/08\/Azerbaijani.jpg\" alt=\"Azerbaijani Flag\">\r\n                    <div>\r\n                        <h4>Azerbaycan \u00d6\u011frenimi Hakk\u0131nda<\/h4>\r\n                        <p>Azerice dilbilgisi hakk\u0131nda her \u015feyi \u00f6\u011frenin .<\/p>\r\n                    <\/div>\r\n                <\/div>\r\n            <\/div>\r\n        <\/a>\r\n\r\n        \r\n        <a href=\"https:\/\/talkpal.ai\/tr\/azerice-dilbilgisi-alistirmalari\/\">\r\n            <div class=\"learnNavigationWrapper\">\r\n                <div class=\"learnNavigationContent\">\r\n                    <img decoding=\"async\" src=\"https:\/\/talkpal.ai\/wp-content\/uploads\/2024\/08\/Azerbaijani.jpg\" alt=\"Azerbaijani Flag\">\r\n                    <div>\r\n                        <h4>Azerice Dilbilgisi Al\u0131\u015ft\u0131rmas\u0131<\/h4>\r\n                        <p>Azerice dilbilgisi prati\u011fi yap\u0131n .<\/p>\r\n                    <\/div>\r\n                <\/div>\r\n            <\/div>\r\n        <\/a>\r\n\r\n        \r\n        <a href=\"https:\/\/talkpal.ai\/vocabulary_language\/azerbaijani\/\">\r\n            <div class=\"learnNavigationWrapper\">\r\n                <div class=\"learnNavigationContent\">\r\n                    <img decoding=\"async\" src=\"https:\/\/talkpal.ai\/wp-content\/uploads\/2024\/08\/Azerbaijani.jpg\" alt=\"Azerbaijani Flag\">\r\n                    <div>\r\n                        <h4>Azerice Kelime Bilgisi<\/h4>\r\n                        <p>Azerice kelime da\u011farc\u0131\u011f\u0131n\u0131z\u0131 geni\u015fletin.<\/p>\r\n                    <\/div>\r\n                <\/div>\r\n            <\/div>\r\n        <\/a>\r\n\r\n            <\/section>","protected":false},"excerpt":{"rendered":"<p>Azerice Dilbilgisi i\u00e7in Kapsaml\u0131 Bir Rehber Azerice \u00f6\u011frenmeyi hi\u00e7 d\u00fc\u015f\u00fcnd\u00fcn\u00fcz m\u00fc? Azerbaycan&#8217;\u0131n resmi dili olan ve Kafkasya b\u00f6lgesinde milyonlarca insan taraf\u0131ndan konu\u015fulan Azerice, e\u015fsiz ve b\u00fcy\u00fcleyici bir dildir. Zengin bir tarihe, farkl\u0131 bir k\u00fclt\u00fcre ve T\u00fcrk\u00e7e, Rus\u00e7a ve Fars\u00e7a dillerinden gelen etkilerin bir kar\u0131\u015f\u0131m\u0131na sahip olan Azerice, benzersiz bir dil deneyimi sunar. Ama korkma dostum! [&hellip;]<\/p>\n","protected":false},"author":1,"featured_media":109878,"parent":0,"menu_order":0,"comment_status":"closed","ping_status":"closed","template":"LearningContentPage.php","meta":{"_acf_changed":false,"footnotes":""},"class_list":["post-140066","page","type-page","status-publish","has-post-thumbnail","hentry"],"acf":[],"yoast_head":"<!-- This site is optimized with the Yoast SEO Premium plugin v27.2 (Yoast SEO v27.2) - https:\/\/yoast.com\/product\/yoast-seo-premium-wordpress\/ -->\n<title>Azerice Dilbilgisi - Talkpal<\/title>\n<meta name=\"description\" content=\"Azerice Dilbilgisi ile zahmetsizce ustala\u015f\u0131n TalkpalYapay zeka destekli \u00f6\u011fretmeniniz. Kolay a\u00e7\u0131klamalar\u0131, interaktif al\u0131\u015ft\u0131rmalar\u0131 ve pratik ipu\u00e7lar\u0131n\u0131 ke\u015ffedin\" \/>\n<meta name=\"robots\" content=\"index, follow, max-snippet:-1, max-image-preview:large, max-video-preview:-1\" \/>\n<link rel=\"canonical\" href=\"https:\/\/talkpal.ai\/tr\/azerice-dilbilgisi\/\" \/>\n<meta property=\"og:locale\" content=\"tr_TR\" \/>\n<meta property=\"og:type\" content=\"article\" \/>\n<meta property=\"og:title\" content=\"Azerice Dilbilgisi\" \/>\n<meta property=\"og:description\" content=\"Azerice Dilbilgisi i\u00e7in Kapsaml\u0131 Bir Rehber Azerice \u00f6\u011frenmeyi hi\u00e7 d\u00fc\u015f\u00fcnd\u00fcn\u00fcz m\u00fc? Azerbaycan&#039;\u0131n resmi dili olan ve Kafkasya b\u00f6lgesinde milyonlarca insan\" \/>\n<meta property=\"og:url\" content=\"https:\/\/talkpal.ai\/tr\/azerice-dilbilgisi\/\" \/>\n<meta property=\"og:site_name\" content=\"Talkpal\" \/>\n<meta property=\"article:publisher\" content=\"https:\/\/www.facebook.com\/profile.php?id=100090733639311\" \/>\n<meta property=\"article:modified_time\" content=\"2025-05-22T08:23:35+00:00\" \/>\n<meta property=\"og:image\" content=\"https:\/\/talkpal.ai\/wp-content\/uploads\/2023\/05\/azerbaijan.png\" \/>\n\t<meta property=\"og:image:width\" content=\"512\" \/>\n\t<meta property=\"og:image:height\" content=\"512\" \/>\n\t<meta property=\"og:image:type\" content=\"image\/png\" \/>\n<meta name=\"twitter:card\" content=\"summary_large_image\" \/>\n<meta name=\"twitter:site\" content=\"@talkpalai\" \/>\n<meta name=\"twitter:label1\" content=\"Tahmini okuma s\u00fcresi\" \/>\n\t<meta name=\"twitter:data1\" content=\"3 dakika\" \/>\n<script type=\"application\/ld+json\" class=\"yoast-schema-graph\">{\"@context\":\"https:\/\/schema.org\",\"@graph\":[{\"@type\":\"WebPage\",\"@id\":\"https:\/\/talkpal.ai\/tr\/azerice-dilbilgisi\/\",\"url\":\"https:\/\/talkpal.ai\/tr\/azerice-dilbilgisi\/\",\"name\":\"Azerice Dilbilgisi - Talkpal\",\"isPartOf\":{\"@id\":\"https:\/\/talkpal.ai\/tr\/#website\"},\"primaryImageOfPage\":{\"@id\":\"https:\/\/talkpal.ai\/tr\/azerice-dilbilgisi\/#primaryimage\"},\"image\":{\"@id\":\"https:\/\/talkpal.ai\/tr\/azerice-dilbilgisi\/#primaryimage\"},\"thumbnailUrl\":\"https:\/\/talkpal.ai\/wp-content\/uploads\/2023\/05\/azerbaijan.png\",\"datePublished\":\"2023-05-14T13:53:48+00:00\",\"dateModified\":\"2025-05-22T08:23:35+00:00\",\"description\":\"Azerice Dilbilgisi ile zahmetsizce ustala\u015f\u0131n TalkpalYapay zeka destekli \u00f6\u011fretmeniniz. Kolay a\u00e7\u0131klamalar\u0131, interaktif al\u0131\u015ft\u0131rmalar\u0131 ve pratik ipu\u00e7lar\u0131n\u0131 ke\u015ffedin\",\"breadcrumb\":{\"@id\":\"https:\/\/talkpal.ai\/tr\/azerice-dilbilgisi\/#breadcrumb\"},\"inLanguage\":\"tr\",\"potentialAction\":[{\"@type\":\"ReadAction\",\"target\":[\"https:\/\/talkpal.ai\/tr\/azerice-dilbilgisi\/\"]}]},{\"@type\":\"ImageObject\",\"inLanguage\":\"tr\",\"@id\":\"https:\/\/talkpal.ai\/tr\/azerice-dilbilgisi\/#primaryimage\",\"url\":\"https:\/\/talkpal.ai\/wp-content\/uploads\/2023\/05\/azerbaijan.png\",\"contentUrl\":\"https:\/\/talkpal.ai\/wp-content\/uploads\/2023\/05\/azerbaijan.png\",\"width\":512,\"height\":512},{\"@type\":\"BreadcrumbList\",\"@id\":\"https:\/\/talkpal.ai\/tr\/azerice-dilbilgisi\/#breadcrumb\",\"itemListElement\":[{\"@type\":\"ListItem\",\"position\":1,\"name\":\"Homepage\",\"item\":\"https:\/\/talkpal.ai\/tr\/\"},{\"@type\":\"ListItem\",\"position\":2,\"name\":\"Azerice Dilbilgisi\"}]},{\"@type\":\"WebSite\",\"@id\":\"https:\/\/talkpal.ai\/tr\/#website\",\"url\":\"https:\/\/talkpal.ai\/tr\/\",\"name\":\"Talkpal\",\"description\":\"AI Language Learning\",\"publisher\":{\"@id\":\"https:\/\/talkpal.ai\/tr\/#organization\"},\"alternateName\":\"Talkpal AI\",\"potentialAction\":[{\"@type\":\"SearchAction\",\"target\":{\"@type\":\"EntryPoint\",\"urlTemplate\":\"https:\/\/talkpal.ai\/tr\/?s={search_term_string}\"},\"query-input\":{\"@type\":\"PropertyValueSpecification\",\"valueRequired\":true,\"valueName\":\"search_term_string\"}}],\"inLanguage\":\"tr\"},{\"@type\":\"Organization\",\"@id\":\"https:\/\/talkpal.ai\/tr\/#organization\",\"name\":\"Talkpal, Inc.\",\"alternateName\":\"Talkpal AI\",\"url\":\"https:\/\/talkpal.ai\/tr\/\",\"logo\":{\"@type\":\"ImageObject\",\"inLanguage\":\"tr\",\"@id\":\"https:\/\/talkpal.ai\/tr\/#\/schema\/logo\/image\/\",\"url\":\"https:\/\/talkpal.ai\/wp-content\/uploads\/2024\/03\/Talkpal-Logo-Icon.png\",\"contentUrl\":\"https:\/\/talkpal.ai\/wp-content\/uploads\/2024\/03\/Talkpal-Logo-Icon.png\",\"width\":2880,\"height\":2880,\"caption\":\"Talkpal, Inc.\"},\"image\":{\"@id\":\"https:\/\/talkpal.ai\/tr\/#\/schema\/logo\/image\/\"},\"sameAs\":[\"https:\/\/www.facebook.com\/profile.php?id=100090733639311\",\"https:\/\/x.com\/talkpalai\",\"https:\/\/www.linkedin.com\/company\/talkpal\/\",\"https:\/\/www.youtube.com\/@TalkPal\/\",\"https:\/\/www.tiktok.com\/@talkpal\",\"https:\/\/www.instagram.com\/talkpal_ai\/\",\"https:\/\/www.crunchbase.com\/organization\/talkpal-9cde\",\"https:\/\/www.g2.com\/products\/talkpal-for-business\/\",\"https:\/\/www.trustpilot.com\/review\/talkpal.ai\",\"https:\/\/www.capterra.com\/p\/10006800\/TalkPal\/\"],\"description\":\"Talkpal is a language learning web and mobile education app, powered by the latest AI technologies, that provides engaging experiences to its customers in many different languages to help them improve their language skills. Users can chat about unlimited amount of topics with the app and use other modes to practice their language learning.\",\"email\":\"support@talkpal.ai\",\"legalName\":\"Talkpal, Inc.\",\"foundingDate\":\"2023-04-03\",\"duns\":\"118989042\",\"numberOfEmployees\":{\"@type\":\"QuantitativeValue\",\"minValue\":\"11\",\"maxValue\":\"50\"},\"publishingPrinciples\":\"https:\/\/talkpal.ai\/publishing-principles\/\",\"actionableFeedbackPolicy\":\"https:\/\/talkpal.ai\/actionable-feedback-policy\/\",\"correctionsPolicy\":\"https:\/\/talkpal.ai\/corrections-policy\/\",\"ethicsPolicy\":\"https:\/\/talkpal.ai\/ethics-policy\/\",\"diversityPolicy\":\"https:\/\/talkpal.ai\/diversity-policy\/\",\"diversityStaffingReport\":\"https:\/\/talkpal.ai\/diversity-policy\/\"}]}<\/script>\n<!-- \/ Yoast SEO Premium plugin. -->","yoast_head_json":{"title":"Azerice Dilbilgisi - Talkpal","description":"Azerice Dilbilgisi ile zahmetsizce ustala\u015f\u0131n TalkpalYapay zeka destekli \u00f6\u011fretmeniniz. Kolay a\u00e7\u0131klamalar\u0131, interaktif al\u0131\u015ft\u0131rmalar\u0131 ve pratik ipu\u00e7lar\u0131n\u0131 ke\u015ffedin","robots":{"index":"index","follow":"follow","max-snippet":"max-snippet:-1","max-image-preview":"max-image-preview:large","max-video-preview":"max-video-preview:-1"},"canonical":"https:\/\/talkpal.ai\/tr\/azerice-dilbilgisi\/","og_locale":"tr_TR","og_type":"article","og_title":"Azerice Dilbilgisi","og_description":"Azerice Dilbilgisi i\u00e7in Kapsaml\u0131 Bir Rehber Azerice \u00f6\u011frenmeyi hi\u00e7 d\u00fc\u015f\u00fcnd\u00fcn\u00fcz m\u00fc? Azerbaycan'\u0131n resmi dili olan ve Kafkasya b\u00f6lgesinde milyonlarca insan","og_url":"https:\/\/talkpal.ai\/tr\/azerice-dilbilgisi\/","og_site_name":"Talkpal","article_publisher":"https:\/\/www.facebook.com\/profile.php?id=100090733639311","article_modified_time":"2025-05-22T08:23:35+00:00","og_image":[{"width":512,"height":512,"url":"https:\/\/talkpal.ai\/wp-content\/uploads\/2023\/05\/azerbaijan.png","type":"image\/png"}],"twitter_card":"summary_large_image","twitter_site":"@talkpalai","twitter_misc":{"Tahmini okuma s\u00fcresi":"3 dakika"},"schema":{"@context":"https:\/\/schema.org","@graph":[{"@type":"WebPage","@id":"https:\/\/talkpal.ai\/tr\/azerice-dilbilgisi\/","url":"https:\/\/talkpal.ai\/tr\/azerice-dilbilgisi\/","name":"Azerice Dilbilgisi - Talkpal","isPartOf":{"@id":"https:\/\/talkpal.ai\/tr\/#website"},"primaryImageOfPage":{"@id":"https:\/\/talkpal.ai\/tr\/azerice-dilbilgisi\/#primaryimage"},"image":{"@id":"https:\/\/talkpal.ai\/tr\/azerice-dilbilgisi\/#primaryimage"},"thumbnailUrl":"https:\/\/talkpal.ai\/wp-content\/uploads\/2023\/05\/azerbaijan.png","datePublished":"2023-05-14T13:53:48+00:00","dateModified":"2025-05-22T08:23:35+00:00","description":"Azerice Dilbilgisi ile zahmetsizce ustala\u015f\u0131n TalkpalYapay zeka destekli \u00f6\u011fretmeniniz. Kolay a\u00e7\u0131klamalar\u0131, interaktif al\u0131\u015ft\u0131rmalar\u0131 ve pratik ipu\u00e7lar\u0131n\u0131 ke\u015ffedin","breadcrumb":{"@id":"https:\/\/talkpal.ai\/tr\/azerice-dilbilgisi\/#breadcrumb"},"inLanguage":"tr","potentialAction":[{"@type":"ReadAction","target":["https:\/\/talkpal.ai\/tr\/azerice-dilbilgisi\/"]}]},{"@type":"ImageObject","inLanguage":"tr","@id":"https:\/\/talkpal.ai\/tr\/azerice-dilbilgisi\/#primaryimage","url":"https:\/\/talkpal.ai\/wp-content\/uploads\/2023\/05\/azerbaijan.png","contentUrl":"https:\/\/talkpal.ai\/wp-content\/uploads\/2023\/05\/azerbaijan.png","width":512,"height":512},{"@type":"BreadcrumbList","@id":"https:\/\/talkpal.ai\/tr\/azerice-dilbilgisi\/#breadcrumb","itemListElement":[{"@type":"ListItem","position":1,"name":"Homepage","item":"https:\/\/talkpal.ai\/tr\/"},{"@type":"ListItem","position":2,"name":"Azerice Dilbilgisi"}]},{"@type":"WebSite","@id":"https:\/\/talkpal.ai\/tr\/#website","url":"https:\/\/talkpal.ai\/tr\/","name":"Talkpal","description":"AI Language Learning","publisher":{"@id":"https:\/\/talkpal.ai\/tr\/#organization"},"alternateName":"Talkpal AI","potentialAction":[{"@type":"SearchAction","target":{"@type":"EntryPoint","urlTemplate":"https:\/\/talkpal.ai\/tr\/?s={search_term_string}"},"query-input":{"@type":"PropertyValueSpecification","valueRequired":true,"valueName":"search_term_string"}}],"inLanguage":"tr"},{"@type":"Organization","@id":"https:\/\/talkpal.ai\/tr\/#organization","name":"Talkpal, Inc.","alternateName":"Talkpal AI","url":"https:\/\/talkpal.ai\/tr\/","logo":{"@type":"ImageObject","inLanguage":"tr","@id":"https:\/\/talkpal.ai\/tr\/#\/schema\/logo\/image\/","url":"https:\/\/talkpal.ai\/wp-content\/uploads\/2024\/03\/Talkpal-Logo-Icon.png","contentUrl":"https:\/\/talkpal.ai\/wp-content\/uploads\/2024\/03\/Talkpal-Logo-Icon.png","width":2880,"height":2880,"caption":"Talkpal, Inc."},"image":{"@id":"https:\/\/talkpal.ai\/tr\/#\/schema\/logo\/image\/"},"sameAs":["https:\/\/www.facebook.com\/profile.php?id=100090733639311","https:\/\/x.com\/talkpalai","https:\/\/www.linkedin.com\/company\/talkpal\/","https:\/\/www.youtube.com\/@TalkPal\/","https:\/\/www.tiktok.com\/@talkpal","https:\/\/www.instagram.com\/talkpal_ai\/","https:\/\/www.crunchbase.com\/organization\/talkpal-9cde","https:\/\/www.g2.com\/products\/talkpal-for-business\/","https:\/\/www.trustpilot.com\/review\/talkpal.ai","https:\/\/www.capterra.com\/p\/10006800\/TalkPal\/"],"description":"Talkpal is a language learning web and mobile education app, powered by the latest AI technologies, that provides engaging experiences to its customers in many different languages to help them improve their language skills. Users can chat about unlimited amount of topics with the app and use other modes to practice their language learning.","email":"support@talkpal.ai","legalName":"Talkpal, Inc.","foundingDate":"2023-04-03","duns":"118989042","numberOfEmployees":{"@type":"QuantitativeValue","minValue":"11","maxValue":"50"},"publishingPrinciples":"https:\/\/talkpal.ai\/publishing-principles\/","actionableFeedbackPolicy":"https:\/\/talkpal.ai\/actionable-feedback-policy\/","correctionsPolicy":"https:\/\/talkpal.ai\/corrections-policy\/","ethicsPolicy":"https:\/\/talkpal.ai\/ethics-policy\/","diversityPolicy":"https:\/\/talkpal.ai\/diversity-policy\/","diversityStaffingReport":"https:\/\/talkpal.ai\/diversity-policy\/"}]}},"_links":{"self":[{"href":"https:\/\/talkpal.ai\/tr\/wp-json\/wp\/v2\/pages\/140066","targetHints":{"allow":["GET"]}}],"collection":[{"href":"https:\/\/talkpal.ai\/tr\/wp-json\/wp\/v2\/pages"}],"about":[{"href":"https:\/\/talkpal.ai\/tr\/wp-json\/wp\/v2\/types\/page"}],"author":[{"embeddable":true,"href":"https:\/\/talkpal.ai\/tr\/wp-json\/wp\/v2\/users\/1"}],"replies":[{"embeddable":true,"href":"https:\/\/talkpal.ai\/tr\/wp-json\/wp\/v2\/comments?post=140066"}],"version-history":[{"count":0,"href":"https:\/\/talkpal.ai\/tr\/wp-json\/wp\/v2\/pages\/140066\/revisions"}],"wp:featuredmedia":[{"embeddable":true,"href":"https:\/\/talkpal.ai\/tr\/wp-json\/wp\/v2\/media\/109878"}],"wp:attachment":[{"href":"https:\/\/talkpal.ai\/tr\/wp-json\/wp\/v2\/media?parent=140066"}],"curies":[{"name":"wp","href":"https:\/\/api.w.org\/{rel}","templated":true}]}}