{"id":140015,"date":"2023-05-14T13:52:49","date_gmt":"2023-05-14T13:52:49","guid":{"rendered":"http:\/\/talkpal.ai\/rusca-dilbilgisi\/"},"modified":"2025-12-13T15:12:59","modified_gmt":"2025-12-13T15:12:59","slug":"rusca-dilbilgisi","status":"publish","type":"page","link":"https:\/\/talkpal.ai\/tr\/rusca-dilbilgisi\/","title":{"rendered":"Rus\u00e7a Dilbilgisi"},"content":{"rendered":"\r\n\r\n\r\n<section class=\"languageChallengeSection\">\r\n    <div class=\"languageInfoWrapper\">\r\n        \r\n        <h1>Rus\u00e7a Dilbilgisi<\/h1>\r\n        <p>Rus dili maceran\u0131za ba\u015flay\u0131n ve zengin bir k\u00fclt\u00fcr ve tarihin kap\u0131lar\u0131n\u0131 aralay\u0131n. <a href=\"https:\/\/talkpal.ai\/russian-grammar\/\">Rus\u00e7a dilbilgisi<\/a> ve kelime bilgisine hakim olmak seyahat, kariyer ve ileti\u015fim f\u0131rsatlar\u0131n\u0131z\u0131 geli\u015ftirecektir. Bug\u00fcn <a href=\"https:\/\/talkpal.ai\/learn-russian\/\">Rus\u00e7a<\/a> \u00f6\u011frenmeye ba\u015flay\u0131n ve ak\u0131c\u0131l\u0131\u011fa do\u011fru ilk ad\u0131m\u0131 at\u0131n!\n\n<\/p>\r\n\r\n                            <a class=\"getStartedHidden\" href=\"https:\/\/app.talkpal.ai\/tr\/signup?lng=\">Hadi ba\u015fla<\/a>\r\n        \r\n    <\/div>\r\n\r\n    <figure>\r\n    <img decoding=\"async\" width=\"768\" height=\"768\" src=\"https:\/\/talkpal.ai\/wp-content\/uploads\/2023\/06\/russian-768x768.png\" class=\"languageImage no-lazy\" alt=\"Language learning for multicultural understanding\" fetchpriority=\"high\" sizes=\"(max-width: 768px) 150px, 768px\" srcset=\"https:\/\/talkpal.ai\/wp-content\/uploads\/2023\/06\/russian-768x768.png 768w, https:\/\/talkpal.ai\/wp-content\/uploads\/2023\/06\/russian-300x300.png 300w\" \/>\r\n    \r\n\r\n    <\/figure>\r\n\r\n            <a class=\"getStartedVisible\" href=\"https:\/\/app.talkpal.ai\/tr\/signup?lng=\">Hadi ba\u015fla<\/a>\r\n    \r\n<\/section>\r\n<section class=\"promotionalBanner\">\r\n    <p class=\"promotionalText\">Dil \u00f6\u011frenmenin en etkili yolu<\/p>\r\n    <a class=\"promotionalLink\" href=\"https:\/\/app.talkpal.ai\/tr\/signup?lng=\">Talkpal \u00fccretsiz deneyin<\/a>\r\n<\/section>\n<div class=\"wp-block-group pageContainerStyle\"><div class=\"wp-block-group__inner-container is-layout-constrained wp-block-group-is-layout-constrained\">\n<h1 class=\"wp-block-heading\" id=\"h-russian-grammar-unlock-the-secrets-to-mastering-russian\">Rus\u00e7a Dilbilgisi: Rus\u00e7a&#8217;da Ustala\u015fman\u0131n S\u0131rlar\u0131n\u0131 A\u00e7\u0131\u011fa \u00c7\u0131kar\u0131n<\/h1>\n\n\n\n<p>Rus\u00e7a \u00f6\u011frenme yolunda cesur bir ad\u0131m att\u0131\u011f\u0131n\u0131z i\u00e7in tebrikler! D\u00fcnya \u00e7ap\u0131nda 258 milyondan fazla konu\u015fmac\u0131 ile Rus\u00e7a, zengin bir k\u00fclt\u00fcr ve tarih hakk\u0131nda fikir veren b\u00fcy\u00fcleyici ve \u00f6d\u00fcllendirici bir dildir. <a href=\"https:\/\/talkpal.ai\/russian-grammar\/\">Rus\u00e7a dilbilgisi<\/a> s\u00f6z konusu oldu\u011funda, korkutucu g\u00f6r\u00fcnebilir, ancak korkmay\u0131n! Bu samimi, yeni ba\u015flayanlar i\u00e7in rehber, Rus\u00e7a dilbilgisinin temellerini basit ve ilgi \u00e7ekici bir \u015fekilde a\u00e7\u0131klamak i\u00e7in burada.<\/p>\n\n\n\n<h3 class=\"wp-block-heading\" id=\"h-1-the-russian-alphabet-your-starting-point\">1. Rus Alfabesi: Ba\u015flang\u0131\u00e7 Noktan\u0131z<\/h3>\n\n\n\n<p>Rus\u00e7a dilbilgisinde gezinmenin anahtar\u0131 Kiril alfabesine hakim olmakt\u0131r. 33 harf, 10 sesli harf ve 21 \u00fcns\u00fcz ile dili okuman\u0131n, yazman\u0131n ve anlaman\u0131n temelini olu\u015fturur. Alfabeye a\u015fina olmak, Rus\u00e7a <a href=\"https:\/\/talkpal.ai\/grammar\/\">dilbilgisi<\/a> becerilerinizi geli\u015ftirmek i\u00e7in sa\u011flam bir temel olu\u015fturacakt\u0131r.<\/p>\n\n\n\n<h3 class=\"wp-block-heading\" id=\"h-2-nouns-and-cases-the-core-of-russian-grammar\">2. \u0130simler ve Durumlar: Rus\u00e7a Dilbilgisinin \u00d6z\u00fc<\/h3>\n\n\n\n<p>Rus\u00e7a dilbilgisi, anlam ve ba\u011flam\u0131 iletmek i\u00e7in vakalar\u0131n kullan\u0131m\u0131n\u0131 vurgular. Alt\u0131 durumla (Nominatif, Genitive, Dative, Accusative, Instrumental ve Prepositional) Rus\u00e7a isimler, bir c\u00fcmledeki i\u015flevlerini g\u00f6stermek i\u00e7in sonlar\u0131n\u0131 de\u011fi\u015ftirir. Bu nedenle, kelime s\u0131ras\u0131 \u0130ngilizce&#8217;den daha az kritik hale gelir. Mesela:<\/p>\n\n\n\n<p>\u0130ngilizce: Bir arkada\u015f\u0131ma kitap veriyorum.<\/p>\n\n\n\n<p>Rus\u00e7a: \u042f \u0434\u0430\u044e \u0434\u0440\u0443\u0433\u0443 \u043a\u043d\u0438\u0433\u0443 (Ya dayu drugu knigu)<\/p>\n\n\n\n<p>Burada, &#8220;\u0434\u0440\u0443\u0433\u0443&#8221; (bir arkada\u015fa) ve &#8220;\u043a\u043d\u0438\u0433\u0443&#8221; (kitap) s\u0131ras\u0131yla Datif ve Akkusatif durumdad\u0131r.<\/p>\n\n\n\n<h3 class=\"wp-block-heading\" id=\"h-3-mastering-gender-and-plurals\">3. Cinsiyet ve \u00c7o\u011fullara Hakim Olmak<\/h3>\n\n\n\n<p>Rus\u00e7a dilbilgisinde isimlere \u00fc\u00e7 cinsiyetten biri atan\u0131r: eril, di\u015fil veya n\u00f6tr. Bir ismin sonu tipik olarak cinsiyetini g\u00f6sterir:<\/p>\n\n\n\n<p>&#8211; Eril: bir \u00fcns\u00fcz veya &#8220;-\u0439&#8221; ile biter<\/p>\n\n\n\n<p>&#8211; Di\u015fil: &#8220;-\u0430&#8221; veya &#8220;-\u044f&#8221; ile biter<\/p>\n\n\n\n<p>&#8211; N\u00f6tr: &#8220;-\u043e&#8221; veya &#8220;-\u0435&#8221; ile biter<\/p>\n\n\n\n<p>\u00c7o\u011ful olu\u015fturmak i\u00e7in isimlerin sonlar\u0131 cinsiyetlerine ve i\u00e7inde bulunduklar\u0131 duruma g\u00f6re de\u011fi\u015fir.<\/p>\n\n\n\n<h3 class=\"wp-block-heading\" id=\"h-4-conquer-verb-conjugation\">4. Fiil \u00c7ekimini Fethedin<\/h3>\n\n\n\n<p>Bir\u00e7ok dilde oldu\u011fu gibi, Rus\u00e7a fiiller de zaman, ki\u015fi ve say\u0131ya g\u00f6re bi\u00e7im (\u00e7ekim) de\u011fi\u015ftirir. Rus\u00e7a fiiller de iki a\u00e7\u0131dan gelir: m\u00fckemmel ve kusurlu. M\u00fckemmel y\u00f6n, tamamlanm\u0131\u015f bir eyleme i\u015faret ederken, kusurlu y\u00f6n, devam eden veya al\u0131\u015f\u0131lm\u0131\u015f eylemlere at\u0131fta bulunur.<\/p>\n\n\n\n<p>Ba\u015flamak i\u00e7in, kusurlu fiiller i\u00e7in \u015fimdiki zaman \u00e7ekimini ve her iki y\u00f6n i\u00e7in de ge\u00e7mi\u015f zaman\u0131 anlamaya odaklan\u0131n. Mesela:<\/p>\n\n\n\n<p>\u015eimdiki zaman (Imperfective): \u042f \u0447\u0438\u0442\u0430\u044e (Ya chitayu) &#8211; &#8220;Okudum&#8221; veya &#8220;Okuyorum&#8221;<\/p>\n\n\n\n<p>Ge\u00e7mi\u015f zaman (Imperfective): \u042f \u0447\u0438\u0442\u0430\u043b (Ya chital) &#8211; &#8220;Okuyordum&#8221;<\/p>\n\n\n\n<p>Ge\u00e7mi\u015f zaman (Perfective): \u042f \u043f\u0440\u043e\u0447\u0438\u0442\u0430\u043b (Ya prochital) &#8211; &#8220;Okudum&#8221; veya &#8220;Okudum (ve bitirdim)&#8221;<\/p>\n\n\n\n<h3 class=\"wp-block-heading\" id=\"h-5-embrace-russian-pronouns\">5. Rus\u00e7a Zamirleri Kucaklay\u0131n<\/h3>\n\n\n\n<p>Rus\u00e7a dilbilgisindeki zamirler isimlerin yerini al\u0131r ve ak\u0131c\u0131 konu\u015fma i\u00e7in \u00e7ok \u00f6nemlidir. A\u015fa\u011f\u0131dakiler gibi ki\u015fisel ve iyelik zamirlerini \u00f6\u011frenmeye dal\u0131n:<\/p>\n\n\n\n<p>Ki\u015fi zamirleri: \u044f (I), \u0442\u044b (sen, gayri resmi), \u043e\u043d\/\u043e\u043d\u0430\/\u043e\u043d\u043e (o\/o\/o), \u0432\u044b (sen, resmi veya \u00e7o\u011ful), \u043c\u044b (biz), \u043e\u043d\u0438 (onlar)<\/p>\n\n\n\n<p>\u0130yelik zamirleri: \u043c\u043e\u0439\/\u043c\u043e\u044f\/\u043c\u043e\u0451 (benim), \u0442\u0432\u043e\u0439\/\u0442\u0432\u043e\u044f\/\u0442\u0432\u043e\u0451 (sizin, gayri resmi), \u0435\u0433\u043e\/\u0435\u0451\/\u0438\u0445 (onun\/onlar\u0131n), \u0432\u0430\u0448\/\u0432\u0430\u0448\u0430\/\u0432\u0430\u0448\u0435 (sizin, resmi veya \u00e7o\u011ful), \u043d\u0430\u0448\/\u043d\u0430\u0448\u0430\/\u043d\u0430\u0448\u0435 (bizim)<\/p>\n\n\n\n<p>Rus\u00e7a zamirlerin, yerine ge\u00e7tikleri ismin cinsiyeti ve durumuyla uyumlu olmas\u0131 gerekti\u011fini unutmay\u0131n.<\/p>\n\n\n\n<p>Tebrikler! Rus\u00e7a dilbilgisinin inceliklerinde ustala\u015fmak i\u00e7in ilk ad\u0131mlar\u0131 att\u0131n\u0131z. Unutmay\u0131n, pratik yapmak \u00e7ok \u00f6nemlidir, bu nedenle dilin derinliklerine inin, anadili \u0130ngilizce olan ki\u015filerle etkile\u015fim kurun ve \u00f6\u011frenme temelinizi g\u00fc\u00e7lendirin. \u0423\u0434\u0430\u0447\u0438! (\u0130yi \u015fanslar!)<\/p>\n<\/div><\/div>\n\r\n<section class=\"learnNavigationSection\">\r\n            \r\n        <a href=\"https:\/\/talkpal.ai\/tr\/rusca-ogren\/\">\r\n            <div class=\"learnNavigationWrapper\">\r\n                <div class=\"learnNavigationContent\">\r\n                    <img decoding=\"async\" src=\"https:\/\/talkpal.ai\/wp-content\/uploads\/2024\/08\/Russian.jpg\" alt=\"Russian Flag\">\r\n                    <div>\r\n                        <h4>Rus\u00e7a \u00d6\u011frenimi Hakk\u0131nda<\/h4>\r\n                        <p>Rus\u00e7a dilbilgisi hakk\u0131nda her \u015feyi \u00f6\u011frenin .<\/p>\r\n                    <\/div>\r\n                <\/div>\r\n            <\/div>\r\n        <\/a>\r\n\r\n        \r\n        <a href=\"https:\/\/talkpal.ai\/tr\/rusca-gramer-alistirmalari\/\">\r\n            <div class=\"learnNavigationWrapper\">\r\n                <div class=\"learnNavigationContent\">\r\n                    <img decoding=\"async\" src=\"https:\/\/talkpal.ai\/wp-content\/uploads\/2024\/08\/Russian.jpg\" alt=\"Russian Flag\">\r\n                    <div>\r\n                        <h4>Rus\u00e7a Dilbilgisi Al\u0131\u015ft\u0131rmas\u0131<\/h4>\r\n                        <p>Rus\u00e7a dilbilgisi prati\u011fi yap\u0131n .<\/p>\r\n                    <\/div>\r\n                <\/div>\r\n            <\/div>\r\n        <\/a>\r\n\r\n        \r\n        <a href=\"https:\/\/talkpal.ai\/vocabulary_language\/russian\/\">\r\n            <div class=\"learnNavigationWrapper\">\r\n                <div class=\"learnNavigationContent\">\r\n                    <img decoding=\"async\" src=\"https:\/\/talkpal.ai\/wp-content\/uploads\/2024\/08\/Russian.jpg\" alt=\"Russian Flag\">\r\n                    <div>\r\n                        <h4>Rus\u00e7a Kelime Bilgisi<\/h4>\r\n                        <p>Rus\u00e7a kelime da\u011farc\u0131\u011f\u0131n\u0131z\u0131 geni\u015fletin.<\/p>\r\n                    <\/div>\r\n                <\/div>\r\n            <\/div>\r\n        <\/a>\r\n\r\n            <\/section>","protected":false},"excerpt":{"rendered":"<p>Rus\u00e7a Dilbilgisi: Rus\u00e7a&#8217;da Ustala\u015fman\u0131n S\u0131rlar\u0131n\u0131 A\u00e7\u0131\u011fa \u00c7\u0131kar\u0131n Rus\u00e7a \u00f6\u011frenme yolunda cesur bir ad\u0131m att\u0131\u011f\u0131n\u0131z i\u00e7in tebrikler! D\u00fcnya \u00e7ap\u0131nda 258 milyondan fazla konu\u015fmac\u0131 ile Rus\u00e7a, zengin bir k\u00fclt\u00fcr ve tarih hakk\u0131nda fikir veren b\u00fcy\u00fcleyici ve \u00f6d\u00fcllendirici bir dildir. Rus\u00e7a dilbilgisi s\u00f6z konusu oldu\u011funda, korkutucu g\u00f6r\u00fcnebilir, ancak korkmay\u0131n! Bu samimi, yeni ba\u015flayanlar i\u00e7in rehber, Rus\u00e7a dilbilgisinin temellerini [&hellip;]<\/p>\n","protected":false},"author":1,"featured_media":107975,"parent":0,"menu_order":0,"comment_status":"closed","ping_status":"closed","template":"LearningContentPage.php","meta":{"_acf_changed":false,"footnotes":""},"class_list":["post-140015","page","type-page","status-publish","has-post-thumbnail","hentry"],"acf":[],"yoast_head":"<!-- This site is optimized with the Yoast SEO Premium plugin v27.2 (Yoast SEO v27.2) - https:\/\/yoast.com\/product\/yoast-seo-premium-wordpress\/ -->\n<title>Rus\u00e7a Dilbilgisi - Talkpal<\/title>\n<meta name=\"description\" content=\"Ba\u015flang\u0131\u00e7 k\u0131lavuzumuzla Rus\u00e7a Dilbilgisi d\u00fcnyas\u0131n\u0131n kilidini a\u00e7\u0131n. Kiril alfabesinde ustala\u015f\u0131n ve dil becerilerinizi geli\u015ftirin.\" \/>\n<meta name=\"robots\" content=\"index, follow, max-snippet:-1, max-image-preview:large, max-video-preview:-1\" \/>\n<link rel=\"canonical\" href=\"https:\/\/talkpal.ai\/tr\/rusca-dilbilgisi\/\" \/>\n<meta property=\"og:locale\" content=\"tr_TR\" \/>\n<meta property=\"og:type\" content=\"article\" \/>\n<meta property=\"og:title\" content=\"Rus\u00e7a Dilbilgisi\" \/>\n<meta property=\"og:description\" content=\"Rus\u00e7a Dilbilgisi: Rus\u00e7a&#039;da Ustala\u015fman\u0131n S\u0131rlar\u0131n\u0131 A\u00e7\u0131\u011fa \u00c7\u0131kar\u0131n Rus\u00e7a \u00f6\u011frenme yolunda cesur bir ad\u0131m att\u0131\u011f\u0131n\u0131z i\u00e7in tebrikler! D\u00fcnya \u00e7ap\u0131nda 258 milyondan\" \/>\n<meta property=\"og:url\" content=\"https:\/\/talkpal.ai\/tr\/rusca-dilbilgisi\/\" \/>\n<meta property=\"og:site_name\" content=\"Talkpal\" \/>\n<meta property=\"article:publisher\" content=\"https:\/\/www.facebook.com\/profile.php?id=100090733639311\" \/>\n<meta property=\"article:modified_time\" content=\"2025-12-13T15:12:59+00:00\" \/>\n<meta property=\"og:image\" content=\"https:\/\/talkpal.ai\/wp-content\/uploads\/2023\/04\/rusia.png\" \/>\n\t<meta property=\"og:image:width\" content=\"512\" \/>\n\t<meta property=\"og:image:height\" content=\"512\" \/>\n\t<meta property=\"og:image:type\" content=\"image\/png\" \/>\n<meta name=\"twitter:card\" content=\"summary_large_image\" \/>\n<meta name=\"twitter:site\" content=\"@talkpalai\" \/>\n<meta name=\"twitter:label1\" content=\"Tahmini okuma s\u00fcresi\" \/>\n\t<meta name=\"twitter:data1\" content=\"3 dakika\" \/>\n<script type=\"application\/ld+json\" class=\"yoast-schema-graph\">{\"@context\":\"https:\/\/schema.org\",\"@graph\":[{\"@type\":\"WebPage\",\"@id\":\"https:\/\/talkpal.ai\/tr\/rusca-dilbilgisi\/\",\"url\":\"https:\/\/talkpal.ai\/tr\/rusca-dilbilgisi\/\",\"name\":\"Rus\u00e7a Dilbilgisi - Talkpal\",\"isPartOf\":{\"@id\":\"https:\/\/talkpal.ai\/tr\/#website\"},\"primaryImageOfPage\":{\"@id\":\"https:\/\/talkpal.ai\/tr\/rusca-dilbilgisi\/#primaryimage\"},\"image\":{\"@id\":\"https:\/\/talkpal.ai\/tr\/rusca-dilbilgisi\/#primaryimage\"},\"thumbnailUrl\":\"https:\/\/talkpal.ai\/wp-content\/uploads\/2023\/04\/rusia.png\",\"datePublished\":\"2023-05-14T13:52:49+00:00\",\"dateModified\":\"2025-12-13T15:12:59+00:00\",\"description\":\"Ba\u015flang\u0131\u00e7 k\u0131lavuzumuzla Rus\u00e7a Dilbilgisi d\u00fcnyas\u0131n\u0131n kilidini a\u00e7\u0131n. Kiril alfabesinde ustala\u015f\u0131n ve dil becerilerinizi geli\u015ftirin.\",\"breadcrumb\":{\"@id\":\"https:\/\/talkpal.ai\/tr\/rusca-dilbilgisi\/#breadcrumb\"},\"inLanguage\":\"tr\",\"potentialAction\":[{\"@type\":\"ReadAction\",\"target\":[\"https:\/\/talkpal.ai\/tr\/rusca-dilbilgisi\/\"]}]},{\"@type\":\"ImageObject\",\"inLanguage\":\"tr\",\"@id\":\"https:\/\/talkpal.ai\/tr\/rusca-dilbilgisi\/#primaryimage\",\"url\":\"https:\/\/talkpal.ai\/wp-content\/uploads\/2023\/04\/rusia.png\",\"contentUrl\":\"https:\/\/talkpal.ai\/wp-content\/uploads\/2023\/04\/rusia.png\",\"width\":512,\"height\":512},{\"@type\":\"BreadcrumbList\",\"@id\":\"https:\/\/talkpal.ai\/tr\/rusca-dilbilgisi\/#breadcrumb\",\"itemListElement\":[{\"@type\":\"ListItem\",\"position\":1,\"name\":\"Homepage\",\"item\":\"https:\/\/talkpal.ai\/tr\/\"},{\"@type\":\"ListItem\",\"position\":2,\"name\":\"Rus\u00e7a Dilbilgisi\"}]},{\"@type\":\"WebSite\",\"@id\":\"https:\/\/talkpal.ai\/tr\/#website\",\"url\":\"https:\/\/talkpal.ai\/tr\/\",\"name\":\"Talkpal\",\"description\":\"AI Language Learning\",\"publisher\":{\"@id\":\"https:\/\/talkpal.ai\/tr\/#organization\"},\"alternateName\":\"Talkpal AI\",\"potentialAction\":[{\"@type\":\"SearchAction\",\"target\":{\"@type\":\"EntryPoint\",\"urlTemplate\":\"https:\/\/talkpal.ai\/tr\/?s={search_term_string}\"},\"query-input\":{\"@type\":\"PropertyValueSpecification\",\"valueRequired\":true,\"valueName\":\"search_term_string\"}}],\"inLanguage\":\"tr\"},{\"@type\":\"Organization\",\"@id\":\"https:\/\/talkpal.ai\/tr\/#organization\",\"name\":\"Talkpal, Inc.\",\"alternateName\":\"Talkpal AI\",\"url\":\"https:\/\/talkpal.ai\/tr\/\",\"logo\":{\"@type\":\"ImageObject\",\"inLanguage\":\"tr\",\"@id\":\"https:\/\/talkpal.ai\/tr\/#\/schema\/logo\/image\/\",\"url\":\"https:\/\/talkpal.ai\/wp-content\/uploads\/2024\/03\/Talkpal-Logo-Icon.png\",\"contentUrl\":\"https:\/\/talkpal.ai\/wp-content\/uploads\/2024\/03\/Talkpal-Logo-Icon.png\",\"width\":2880,\"height\":2880,\"caption\":\"Talkpal, Inc.\"},\"image\":{\"@id\":\"https:\/\/talkpal.ai\/tr\/#\/schema\/logo\/image\/\"},\"sameAs\":[\"https:\/\/www.facebook.com\/profile.php?id=100090733639311\",\"https:\/\/x.com\/talkpalai\",\"https:\/\/www.linkedin.com\/company\/talkpal\/\",\"https:\/\/www.youtube.com\/@TalkPal\/\",\"https:\/\/www.tiktok.com\/@talkpal\",\"https:\/\/www.instagram.com\/talkpal_ai\/\",\"https:\/\/www.crunchbase.com\/organization\/talkpal-9cde\",\"https:\/\/www.g2.com\/products\/talkpal-for-business\/\",\"https:\/\/www.trustpilot.com\/review\/talkpal.ai\",\"https:\/\/www.capterra.com\/p\/10006800\/TalkPal\/\"],\"description\":\"Talkpal is a language learning web and mobile education app, powered by the latest AI technologies, that provides engaging experiences to its customers in many different languages to help them improve their language skills. Users can chat about unlimited amount of topics with the app and use other modes to practice their language learning.\",\"email\":\"support@talkpal.ai\",\"legalName\":\"Talkpal, Inc.\",\"foundingDate\":\"2023-04-03\",\"duns\":\"118989042\",\"numberOfEmployees\":{\"@type\":\"QuantitativeValue\",\"minValue\":\"11\",\"maxValue\":\"50\"},\"publishingPrinciples\":\"https:\/\/talkpal.ai\/publishing-principles\/\",\"actionableFeedbackPolicy\":\"https:\/\/talkpal.ai\/actionable-feedback-policy\/\",\"correctionsPolicy\":\"https:\/\/talkpal.ai\/corrections-policy\/\",\"ethicsPolicy\":\"https:\/\/talkpal.ai\/ethics-policy\/\",\"diversityPolicy\":\"https:\/\/talkpal.ai\/diversity-policy\/\",\"diversityStaffingReport\":\"https:\/\/talkpal.ai\/diversity-policy\/\"}]}<\/script>\n<!-- \/ Yoast SEO Premium plugin. -->","yoast_head_json":{"title":"Rus\u00e7a Dilbilgisi - Talkpal","description":"Ba\u015flang\u0131\u00e7 k\u0131lavuzumuzla Rus\u00e7a Dilbilgisi d\u00fcnyas\u0131n\u0131n kilidini a\u00e7\u0131n. Kiril alfabesinde ustala\u015f\u0131n ve dil becerilerinizi geli\u015ftirin.","robots":{"index":"index","follow":"follow","max-snippet":"max-snippet:-1","max-image-preview":"max-image-preview:large","max-video-preview":"max-video-preview:-1"},"canonical":"https:\/\/talkpal.ai\/tr\/rusca-dilbilgisi\/","og_locale":"tr_TR","og_type":"article","og_title":"Rus\u00e7a Dilbilgisi","og_description":"Rus\u00e7a Dilbilgisi: Rus\u00e7a'da Ustala\u015fman\u0131n S\u0131rlar\u0131n\u0131 A\u00e7\u0131\u011fa \u00c7\u0131kar\u0131n Rus\u00e7a \u00f6\u011frenme yolunda cesur bir ad\u0131m att\u0131\u011f\u0131n\u0131z i\u00e7in tebrikler! D\u00fcnya \u00e7ap\u0131nda 258 milyondan","og_url":"https:\/\/talkpal.ai\/tr\/rusca-dilbilgisi\/","og_site_name":"Talkpal","article_publisher":"https:\/\/www.facebook.com\/profile.php?id=100090733639311","article_modified_time":"2025-12-13T15:12:59+00:00","og_image":[{"width":512,"height":512,"url":"https:\/\/talkpal.ai\/wp-content\/uploads\/2023\/04\/rusia.png","type":"image\/png"}],"twitter_card":"summary_large_image","twitter_site":"@talkpalai","twitter_misc":{"Tahmini okuma s\u00fcresi":"3 dakika"},"schema":{"@context":"https:\/\/schema.org","@graph":[{"@type":"WebPage","@id":"https:\/\/talkpal.ai\/tr\/rusca-dilbilgisi\/","url":"https:\/\/talkpal.ai\/tr\/rusca-dilbilgisi\/","name":"Rus\u00e7a Dilbilgisi - Talkpal","isPartOf":{"@id":"https:\/\/talkpal.ai\/tr\/#website"},"primaryImageOfPage":{"@id":"https:\/\/talkpal.ai\/tr\/rusca-dilbilgisi\/#primaryimage"},"image":{"@id":"https:\/\/talkpal.ai\/tr\/rusca-dilbilgisi\/#primaryimage"},"thumbnailUrl":"https:\/\/talkpal.ai\/wp-content\/uploads\/2023\/04\/rusia.png","datePublished":"2023-05-14T13:52:49+00:00","dateModified":"2025-12-13T15:12:59+00:00","description":"Ba\u015flang\u0131\u00e7 k\u0131lavuzumuzla Rus\u00e7a Dilbilgisi d\u00fcnyas\u0131n\u0131n kilidini a\u00e7\u0131n. Kiril alfabesinde ustala\u015f\u0131n ve dil becerilerinizi geli\u015ftirin.","breadcrumb":{"@id":"https:\/\/talkpal.ai\/tr\/rusca-dilbilgisi\/#breadcrumb"},"inLanguage":"tr","potentialAction":[{"@type":"ReadAction","target":["https:\/\/talkpal.ai\/tr\/rusca-dilbilgisi\/"]}]},{"@type":"ImageObject","inLanguage":"tr","@id":"https:\/\/talkpal.ai\/tr\/rusca-dilbilgisi\/#primaryimage","url":"https:\/\/talkpal.ai\/wp-content\/uploads\/2023\/04\/rusia.png","contentUrl":"https:\/\/talkpal.ai\/wp-content\/uploads\/2023\/04\/rusia.png","width":512,"height":512},{"@type":"BreadcrumbList","@id":"https:\/\/talkpal.ai\/tr\/rusca-dilbilgisi\/#breadcrumb","itemListElement":[{"@type":"ListItem","position":1,"name":"Homepage","item":"https:\/\/talkpal.ai\/tr\/"},{"@type":"ListItem","position":2,"name":"Rus\u00e7a Dilbilgisi"}]},{"@type":"WebSite","@id":"https:\/\/talkpal.ai\/tr\/#website","url":"https:\/\/talkpal.ai\/tr\/","name":"Talkpal","description":"AI Language Learning","publisher":{"@id":"https:\/\/talkpal.ai\/tr\/#organization"},"alternateName":"Talkpal AI","potentialAction":[{"@type":"SearchAction","target":{"@type":"EntryPoint","urlTemplate":"https:\/\/talkpal.ai\/tr\/?s={search_term_string}"},"query-input":{"@type":"PropertyValueSpecification","valueRequired":true,"valueName":"search_term_string"}}],"inLanguage":"tr"},{"@type":"Organization","@id":"https:\/\/talkpal.ai\/tr\/#organization","name":"Talkpal, Inc.","alternateName":"Talkpal AI","url":"https:\/\/talkpal.ai\/tr\/","logo":{"@type":"ImageObject","inLanguage":"tr","@id":"https:\/\/talkpal.ai\/tr\/#\/schema\/logo\/image\/","url":"https:\/\/talkpal.ai\/wp-content\/uploads\/2024\/03\/Talkpal-Logo-Icon.png","contentUrl":"https:\/\/talkpal.ai\/wp-content\/uploads\/2024\/03\/Talkpal-Logo-Icon.png","width":2880,"height":2880,"caption":"Talkpal, Inc."},"image":{"@id":"https:\/\/talkpal.ai\/tr\/#\/schema\/logo\/image\/"},"sameAs":["https:\/\/www.facebook.com\/profile.php?id=100090733639311","https:\/\/x.com\/talkpalai","https:\/\/www.linkedin.com\/company\/talkpal\/","https:\/\/www.youtube.com\/@TalkPal\/","https:\/\/www.tiktok.com\/@talkpal","https:\/\/www.instagram.com\/talkpal_ai\/","https:\/\/www.crunchbase.com\/organization\/talkpal-9cde","https:\/\/www.g2.com\/products\/talkpal-for-business\/","https:\/\/www.trustpilot.com\/review\/talkpal.ai","https:\/\/www.capterra.com\/p\/10006800\/TalkPal\/"],"description":"Talkpal is a language learning web and mobile education app, powered by the latest AI technologies, that provides engaging experiences to its customers in many different languages to help them improve their language skills. Users can chat about unlimited amount of topics with the app and use other modes to practice their language learning.","email":"support@talkpal.ai","legalName":"Talkpal, Inc.","foundingDate":"2023-04-03","duns":"118989042","numberOfEmployees":{"@type":"QuantitativeValue","minValue":"11","maxValue":"50"},"publishingPrinciples":"https:\/\/talkpal.ai\/publishing-principles\/","actionableFeedbackPolicy":"https:\/\/talkpal.ai\/actionable-feedback-policy\/","correctionsPolicy":"https:\/\/talkpal.ai\/corrections-policy\/","ethicsPolicy":"https:\/\/talkpal.ai\/ethics-policy\/","diversityPolicy":"https:\/\/talkpal.ai\/diversity-policy\/","diversityStaffingReport":"https:\/\/talkpal.ai\/diversity-policy\/"}]}},"_links":{"self":[{"href":"https:\/\/talkpal.ai\/tr\/wp-json\/wp\/v2\/pages\/140015","targetHints":{"allow":["GET"]}}],"collection":[{"href":"https:\/\/talkpal.ai\/tr\/wp-json\/wp\/v2\/pages"}],"about":[{"href":"https:\/\/talkpal.ai\/tr\/wp-json\/wp\/v2\/types\/page"}],"author":[{"embeddable":true,"href":"https:\/\/talkpal.ai\/tr\/wp-json\/wp\/v2\/users\/1"}],"replies":[{"embeddable":true,"href":"https:\/\/talkpal.ai\/tr\/wp-json\/wp\/v2\/comments?post=140015"}],"version-history":[{"count":0,"href":"https:\/\/talkpal.ai\/tr\/wp-json\/wp\/v2\/pages\/140015\/revisions"}],"wp:featuredmedia":[{"embeddable":true,"href":"https:\/\/talkpal.ai\/tr\/wp-json\/wp\/v2\/media\/107975"}],"wp:attachment":[{"href":"https:\/\/talkpal.ai\/tr\/wp-json\/wp\/v2\/media?parent=140015"}],"curies":[{"name":"wp","href":"https:\/\/api.w.org\/{rel}","templated":true}]}}