{"id":136034,"date":"2023-06-16T10:51:16","date_gmt":"2023-06-16T10:51:16","guid":{"rendered":"http:\/\/talkpal.ai\/ukraynaca-dilbilgisi-alistirmalari\/"},"modified":"2025-12-17T16:20:36","modified_gmt":"2025-12-17T16:20:36","slug":"ukraynaca-dilbilgisi-alistirmalari","status":"publish","type":"page","link":"https:\/\/talkpal.ai\/tr\/ukraynaca-dilbilgisi-alistirmalari\/","title":{"rendered":"Ukraynaca Dilbilgisi Al\u0131\u015ft\u0131rmalar\u0131"},"content":{"rendered":"\r\n\r\n\r\n<section class=\"languageChallengeSection\">\r\n    <div class=\"languageInfoWrapper\">\r\n        \r\n        <h1>Ukraynaca Dilbilgisi Al\u0131\u015ft\u0131rmalar\u0131<\/h1>\r\n        <p>Ukraynaca becerilerinizi bir \u00fcst seviyeye ta\u015f\u0131mak ister misiniz? <a href=\"https:\/\/talkpal.ai\/grammar\/\">Dilbilgisi<\/a> al\u0131\u015ft\u0131rmalar\u0131 yapmak, c\u00fcmle yap\u0131s\u0131, fiil formlar\u0131 ve <a href=\"https:\/\/talkpal.ai\/learn-ukrainian\/\">Ukrayna<\/a> dilinin kendine \u00f6zg\u00fc kal\u0131plar\u0131na hakim olman\u0131n \u00f6nemli bir yoludur. Bug\u00fcn <a href=\"https:\/\/talkpal.ai\/ukrainian-grammar\/\">Ukraynaca dilbilgisi<\/a> \u00fczerinde \u00e7al\u0131\u015fmaya ba\u015flay\u0131n ve her al\u0131\u015ft\u0131rmada kendinize olan g\u00fcveninizin ve ak\u0131c\u0131l\u0131\u011f\u0131n\u0131z\u0131n artmas\u0131n\u0131 izleyin!<\/p>\r\n\r\n                            <a class=\"getStartedHidden\" href=\"https:\/\/app.talkpal.ai\/tr\/signup?lng=\">Hadi ba\u015fla<\/a>\r\n        \r\n    <\/div>\r\n\r\n    <figure>\r\n    <img decoding=\"async\" width=\"768\" height=\"768\" src=\"https:\/\/talkpal.ai\/wp-content\/uploads\/2023\/06\/Ukrainian-768x768.png\" class=\"languageImage no-lazy\" alt=\"Language learning - Your doorway to the world\" fetchpriority=\"high\" sizes=\"(max-width: 768px) 150px, 768px\" srcset=\"https:\/\/talkpal.ai\/wp-content\/uploads\/2023\/06\/Ukrainian-768x768.png 768w, https:\/\/talkpal.ai\/wp-content\/uploads\/2023\/06\/Ukrainian-300x300.png 300w\" \/>\r\n    \r\n\r\n    <\/figure>\r\n\r\n            <a class=\"getStartedVisible\" href=\"https:\/\/app.talkpal.ai\/tr\/signup?lng=\">Hadi ba\u015fla<\/a>\r\n    \r\n<\/section>\r\n\r\n\r\n<!-- <section class=\"grammarSection\">\r\n    <div class=\"grammarLinks\">\r\n            <\/div>\r\n<\/section> -->\r\n\r\n\r\n\r\n\r\n<section class=\"promotionalBanner\">\r\n    <p class=\"promotionalText\">Dil \u00f6\u011frenmenin en etkili yolu<\/p>\r\n    <a class=\"promotionalLink\" href=\"https:\/\/app.talkpal.ai\/tr\/signup?lng=\">Talkpal \u00fccretsiz deneyin<\/a>\r\n<\/section>\n<div class=\"wp-block-group pageContainerStyle\"><div class=\"wp-block-group__inner-container is-layout-constrained wp-block-group-is-layout-constrained\">\n<h2 class=\"wp-block-heading\" id=\"h-ukrainian-grammar-topics\">Ukraynaca Dilbilgisi Konular\u0131<\/h2>\n\n\n\n<p>Yeni bir dil \u00f6\u011frenmek heyecan verici <a href=\"https:\/\/talkpal.ai\/locations\/language-courses-in-ama\/\">ama<\/a> zorlu bir \u00e7aba olabilir ve Ukrayna dili de bir istisna de\u011fildir. Bir Do\u011fu Slav dili olan Ukraynaca, Ukrayna&#8217;n\u0131n resmi dilidir ve zengin bir tarihe ve \u00e7e\u015fitli gramer yap\u0131s\u0131na sahiptir. Ukraynaca&#8217;da yetkin olma yolculu\u011funuza \u00e7\u0131karken, zamanlar, fiiller, isimler, artikeller, zamirler, s\u0131fatlar, zarflar, edatlar ve c\u00fcmle yap\u0131s\u0131 dahil olmak \u00fczere ustala\u015fman\u0131z gereken birka\u00e7 temel dilbilgisi konusu vard\u0131r. Bu dilbilgisi kurallar\u0131n\u0131 anlamak ve do\u011fru bir \u015fekilde uygulamak, dildeki ak\u0131c\u0131l\u0131\u011f\u0131n\u0131z\u0131 \u00f6nemli \u00f6l\u00e7\u00fcde art\u0131racakt\u0131r. \u00d6yleyse, her bir konuya dalal\u0131m ve bunlar\u0131 hangi s\u0131rayla \u00f6\u011frenmeniz gerekti\u011fini ke\u015ffedelim.<\/p>\n\n\n\n<h3 class=\"wp-block-heading\" id=\"h-1-nouns\">1. \u0130simler:<\/h3>\n\n\n\n<p>Dilin temeli olduklar\u0131 i\u00e7in Ukraynaca isimleri \u00f6\u011frenerek ba\u015flay\u0131n. Cinsiyetlerini (eril, di\u015fil ve n\u00f6tr) ve \u00e7o\u011ful bi\u00e7imlerini tan\u0131y\u0131n. \u0130sim \u00e7ekimlerini (durumlar\u0131) anlamak, do\u011fru c\u00fcmle olu\u015fumu i\u00e7in \u00e7ok \u00f6nemlidir.<\/p>\n\n\n\n<h3 class=\"wp-block-heading\" id=\"h-2-pronouns\">2. Zamirler:<\/h3>\n\n\n\n<p>Ard\u0131ndan, zamirleri \u00f6\u011frenin \u2013 bir c\u00fcmlede isimlerin yerini alan kelimeler. Ayr\u0131ca cinsiyet ve b\u00fcy\u00fck\/k\u00fc\u00e7\u00fck harf ayr\u0131mlar\u0131 da vard\u0131r, bu nedenle yerine ge\u00e7tikleri isme ba\u011fl\u0131 olarak kullan\u0131lacak uygun formlar\u0131 \u00f6\u011frenmek \u00e7ok \u00f6nemlidir.<\/p>\n\n\n\n<h3 class=\"wp-block-heading\" id=\"h-3-verbs\">3. Fiiller:<\/h3>\n\n\n\n<p>Fiiller, bir c\u00fcmledeki eylem kelimeleridir. Ukraynaca&#8217;da fiillerin zaman, ruh hali ve y\u00f6n\u00fcne g\u00f6re farkl\u0131 bi\u00e7imleri vard\u0131r. Temel c\u00fcmle yap\u0131s\u0131n\u0131 anlaman\u0131za yard\u0131mc\u0131 olacak fiillerin \u015fimdiki zaman g\u00f6sterge bi\u00e7imlerini \u00f6\u011frenerek ba\u015flay\u0131n.<\/p>\n\n\n\n<h3 class=\"wp-block-heading\" id=\"h-4-tenses-indicative\">4. Zaman G\u00f6stergesi:<\/h3>\n\n\n\n<p>\u015eimdiki zamandaki fiillerde rahat oldu\u011funuzda, i\u015faret kipinde ge\u00e7mi\u015f ve gelecek zamanlar\u0131 \u00f6\u011frenmeye ge\u00e7in. Bu, daha \u00f6nce meydana gelen veya gelecekte ger\u00e7ekle\u015fecek olaylar hakk\u0131nda ileti\u015fim kurman\u0131za olanak tan\u0131r.<\/p>\n\n\n\n<h3 class=\"wp-block-heading\" id=\"h-5-tenses-subjunctive\">5. Zamanlar S\u00fcbjektif:<\/h3>\n\n\n\n<p>G\u00f6sterge ruh haline hakim olduktan sonra, varsay\u0131msal durumlar\u0131, istekleri veya \u00f6nerileri ifade eden s\u00fcbjektif ruh halini ke\u015ffedin. S\u00fcbjektif ruh hali esas olarak Ukraynaca&#8217;daki ge\u00e7mi\u015f ve gelecek zamanlarda ortaya \u00e7\u0131kar.<\/p>\n\n\n\n<h3 class=\"wp-block-heading\" id=\"h-6-tense-comparison\">6. Gergin Kar\u015f\u0131la\u015ft\u0131rma:<\/h3>\n\n\n\n<p>Farkl\u0131 kesinlik veya olas\u0131l\u0131k derecelerini ifade etmek i\u00e7in Ukraynaca&#8217;daki zamanlar\u0131 nas\u0131l kar\u015f\u0131la\u015ft\u0131raca\u011f\u0131n\u0131z\u0131 \u00f6\u011frenin. Bu, daha karma\u015f\u0131k c\u00fcmleleri anlaman\u0131za ve olu\u015fturman\u0131za yard\u0131mc\u0131 olacakt\u0131r.<\/p>\n\n\n\n<h3 class=\"wp-block-heading\" id=\"h-7-adjectives\">7. S\u0131fatlar:<\/h3>\n\n\n\n<p>S\u0131fatlar isimlerin niteliklerini tan\u0131mlar. De\u011fi\u015ftirdikleri isimle cinsiyet, say\u0131 ve durum olarak anla\u015f\u0131rlar. S\u0131fatlar\u0131 \u00f6\u011frenmek, c\u00fcmlelerinize daha fazla ayr\u0131nt\u0131 eklemenize yard\u0131mc\u0131 olacakt\u0131r.<\/p>\n\n\n\n<h3 class=\"wp-block-heading\" id=\"h-8-adverbs\">8. Zarflar:<\/h3>\n\n\n\n<p>Zarflar, bir eylemin \u015feklini, yerini veya zaman\u0131n\u0131 tan\u0131mlar. S\u0131fatlar gibi d\u00fc\u015f\u00fc\u015f g\u00f6stermezler, ancak c\u00fcmlelerinizi daha bilgilendirici ve ilgi \u00e7ekici hale getirmede \u00e7ok \u00f6nemli bir rol oynarlar.<\/p>\n\n\n\n<h3 class=\"wp-block-heading\" id=\"h-9-prepositions\">9. Edatlar:<\/h3>\n\n\n\n<p>Edatlar, bir c\u00fcmledeki kelimeler aras\u0131ndaki ili\u015fkiyi g\u00f6sterir (\u00f6rne\u011fin, konum, y\u00f6n veya zaman). Kar\u0131\u015f\u0131kl\u0131\u011f\u0131 \u00f6nlemek ve ama\u00e7lad\u0131\u011f\u0131n\u0131z anlam\u0131 iletmek i\u00e7in edatlar\u0131 nas\u0131l do\u011fru kullanaca\u011f\u0131n\u0131z\u0131 \u00f6\u011frenin.<\/p>\n\n\n\n<h3 class=\"wp-block-heading\" id=\"h-10-sentence-structure\">10. C\u00fcmle Yap\u0131s\u0131:<\/h3>\n\n\n\n<p>Son olarak, Ukraynaca c\u00fcmle yap\u0131s\u0131n\u0131 \u00f6\u011frenin. Bu, \u00f6zne-fiil-nesne (SVO) kelime s\u0131ras\u0131n\u0131 ve a\u00e7\u0131k, tutarl\u0131 c\u00fcmleler olu\u015fturmak i\u00e7in durumlar\u0131n ve di\u011fer gramer \u00f6\u011felerinin nas\u0131l kullan\u0131laca\u011f\u0131n\u0131 anlamay\u0131 i\u00e7erir.<\/p>\n\n\n\n<h3 class=\"wp-block-heading\" id=\"h-11-articles\">11. Makaleler:<\/h3>\n\n\n\n<p>Ukraynaca&#8217;da \u0130ngilizce&#8217;deki &#8220;the&#8221; veya &#8220;a&#8221; gibi artikeller yoktur, ancak genellikle i\u015faret zamirlerinin kullan\u0131m\u0131 veya ba\u011flam yoluyla dilde belirlilik ve belirsizli\u011fin nas\u0131l aktar\u0131ld\u0131\u011f\u0131n\u0131 anlamak \u00f6nemlidir.<\/p>\n\n\n\n<p>Bu dilbilgisi konular\u0131n\u0131 \u00f6nerilen s\u0131rayla \u00f6\u011frenerek, yava\u015f yava\u015f Ukraynaca&#8217;da g\u00fc\u00e7l\u00fc bir temel olu\u015fturacak ve dilde ak\u0131c\u0131l\u0131\u011fa do\u011fru ilerleyeceksiniz.<\/p>\n<\/div><\/div>\n\r\n<section class=\"learnNavigationSection\">\r\n            \r\n        <a href=\"https:\/\/talkpal.ai\/tr\/ukraynaca-ogren\/\">\r\n            <div class=\"learnNavigationWrapper\">\r\n                <div class=\"learnNavigationContent\">\r\n                    <img decoding=\"async\" src=\"https:\/\/talkpal.ai\/wp-content\/uploads\/2024\/08\/Ukrainian.jpg\" alt=\"Ukrainian Flag\">\r\n                    <div>\r\n                        <h4>Ukrayna \u00d6\u011frenimi Hakk\u0131nda<\/h4>\r\n                        <p>Ukraynaca dilbilgisi hakk\u0131nda her \u015feyi \u00f6\u011frenin .<\/p>\r\n                    <\/div>\r\n                <\/div>\r\n            <\/div>\r\n        <\/a>\r\n\r\n        \r\n        <a href=\"https:\/\/talkpal.ai\/tr\/ukraynaca-dilbilgisi\/\">\r\n            <div class=\"learnNavigationWrapper\">\r\n                <div class=\"learnNavigationContent\">\r\n                    <img decoding=\"async\" src=\"https:\/\/talkpal.ai\/wp-content\/uploads\/2024\/08\/Ukrainian.jpg\" alt=\"Ukrainian Flag\">\r\n                    <div>\r\n                        <h4>Ukraynaca Gramer Dersleri<\/h4>\r\n                        <p>Ukraynaca dilbilgisi prati\u011fi yap\u0131n .<\/p>\r\n                    <\/div>\r\n                <\/div>\r\n            <\/div>\r\n        <\/a>\r\n\r\n        \r\n        <a href=\"https:\/\/talkpal.ai\/vocabulary_language\/ukrainian\/\">\r\n            <div class=\"learnNavigationWrapper\">\r\n                <div class=\"learnNavigationContent\">\r\n                    <img decoding=\"async\" src=\"https:\/\/talkpal.ai\/wp-content\/uploads\/2024\/08\/Ukrainian.jpg\" alt=\"Ukrainian Flag\">\r\n                    <div>\r\n                        <h4>Ukraynaca Kelime Bilgisi<\/h4>\r\n                        <p>Ukraynaca kelime da\u011farc\u0131\u011f\u0131n\u0131z\u0131 geni\u015fletin.<\/p>\r\n                    <\/div>\r\n                <\/div>\r\n            <\/div>\r\n        <\/a>\r\n\r\n            <\/section>","protected":false},"excerpt":{"rendered":"<p>Ukraynaca Dilbilgisi Konular\u0131 Yeni bir dil \u00f6\u011frenmek heyecan verici ama zorlu bir \u00e7aba olabilir ve Ukrayna dili de bir istisna de\u011fildir. Bir Do\u011fu Slav dili olan Ukraynaca, Ukrayna&#8217;n\u0131n resmi dilidir ve zengin bir tarihe ve \u00e7e\u015fitli gramer yap\u0131s\u0131na sahiptir. Ukraynaca&#8217;da yetkin olma yolculu\u011funuza \u00e7\u0131karken, zamanlar, fiiller, isimler, artikeller, zamirler, s\u0131fatlar, zarflar, edatlar ve c\u00fcmle yap\u0131s\u0131 [&hellip;]<\/p>\n","protected":false},"author":6,"featured_media":108519,"parent":0,"menu_order":0,"comment_status":"closed","ping_status":"closed","template":"LearningContentPage.php","meta":{"_acf_changed":false,"footnotes":""},"class_list":["post-136034","page","type-page","status-publish","has-post-thumbnail","hentry"],"acf":[],"yoast_head":"<!-- This site is optimized with the Yoast SEO Premium plugin v27.2 (Yoast SEO v27.2) - https:\/\/yoast.com\/product\/yoast-seo-premium-wordpress\/ -->\n<title>Ukraynaca Dilbilgisi Al\u0131\u015ft\u0131rmalar\u0131 - Talkpal<\/title>\n<meta name=\"description\" content=\"Ak\u0131c\u0131l\u0131k i\u00e7in temel dilbilgisi konular\u0131n\u0131 kapsayan ilgi \u00e7ekici Ukraynaca dilbilgisi al\u0131\u015ft\u0131rmalar\u0131yla Ukraynaca becerilerinizi geli\u015ftirin.\" \/>\n<meta name=\"robots\" content=\"index, follow, max-snippet:-1, max-image-preview:large, max-video-preview:-1\" \/>\n<link rel=\"canonical\" href=\"https:\/\/talkpal.ai\/tr\/ukraynaca-dilbilgisi-alistirmalari\/\" \/>\n<meta property=\"og:locale\" content=\"tr_TR\" \/>\n<meta property=\"og:type\" content=\"article\" \/>\n<meta property=\"og:title\" content=\"Ukraynaca Dilbilgisi Al\u0131\u015ft\u0131rmalar\u0131\" \/>\n<meta property=\"og:description\" content=\"Ukraynaca Dilbilgisi Konular\u0131 Yeni bir dil \u00f6\u011frenmek heyecan verici ama zorlu bir \u00e7aba olabilir ve Ukrayna dili de bir istisna de\u011fildir. Bir Do\u011fu Slav dili\" \/>\n<meta property=\"og:url\" content=\"https:\/\/talkpal.ai\/tr\/ukraynaca-dilbilgisi-alistirmalari\/\" \/>\n<meta property=\"og:site_name\" content=\"Talkpal\" \/>\n<meta property=\"article:publisher\" content=\"https:\/\/www.facebook.com\/profile.php?id=100090733639311\" \/>\n<meta property=\"article:modified_time\" content=\"2025-12-17T16:20:36+00:00\" \/>\n<meta property=\"og:image\" content=\"https:\/\/talkpal.ai\/wp-content\/uploads\/2023\/04\/ukraine.png\" \/>\n\t<meta property=\"og:image:width\" content=\"512\" \/>\n\t<meta property=\"og:image:height\" content=\"512\" \/>\n\t<meta property=\"og:image:type\" content=\"image\/png\" \/>\n<meta name=\"twitter:card\" content=\"summary_large_image\" \/>\n<meta name=\"twitter:site\" content=\"@talkpalai\" \/>\n<meta name=\"twitter:label1\" content=\"Tahmini okuma s\u00fcresi\" \/>\n\t<meta name=\"twitter:data1\" content=\"3 dakika\" \/>\n<script type=\"application\/ld+json\" class=\"yoast-schema-graph\">{\"@context\":\"https:\/\/schema.org\",\"@graph\":[{\"@type\":\"WebPage\",\"@id\":\"https:\/\/talkpal.ai\/tr\/ukraynaca-dilbilgisi-alistirmalari\/\",\"url\":\"https:\/\/talkpal.ai\/tr\/ukraynaca-dilbilgisi-alistirmalari\/\",\"name\":\"Ukraynaca Dilbilgisi Al\u0131\u015ft\u0131rmalar\u0131 - Talkpal\",\"isPartOf\":{\"@id\":\"https:\/\/talkpal.ai\/tr\/#website\"},\"primaryImageOfPage\":{\"@id\":\"https:\/\/talkpal.ai\/tr\/ukraynaca-dilbilgisi-alistirmalari\/#primaryimage\"},\"image\":{\"@id\":\"https:\/\/talkpal.ai\/tr\/ukraynaca-dilbilgisi-alistirmalari\/#primaryimage\"},\"thumbnailUrl\":\"https:\/\/talkpal.ai\/wp-content\/uploads\/2023\/04\/ukraine.png\",\"datePublished\":\"2023-06-16T10:51:16+00:00\",\"dateModified\":\"2025-12-17T16:20:36+00:00\",\"description\":\"Ak\u0131c\u0131l\u0131k i\u00e7in temel dilbilgisi konular\u0131n\u0131 kapsayan ilgi \u00e7ekici Ukraynaca dilbilgisi al\u0131\u015ft\u0131rmalar\u0131yla Ukraynaca becerilerinizi geli\u015ftirin.\",\"breadcrumb\":{\"@id\":\"https:\/\/talkpal.ai\/tr\/ukraynaca-dilbilgisi-alistirmalari\/#breadcrumb\"},\"inLanguage\":\"tr\",\"potentialAction\":[{\"@type\":\"ReadAction\",\"target\":[\"https:\/\/talkpal.ai\/tr\/ukraynaca-dilbilgisi-alistirmalari\/\"]}]},{\"@type\":\"ImageObject\",\"inLanguage\":\"tr\",\"@id\":\"https:\/\/talkpal.ai\/tr\/ukraynaca-dilbilgisi-alistirmalari\/#primaryimage\",\"url\":\"https:\/\/talkpal.ai\/wp-content\/uploads\/2023\/04\/ukraine.png\",\"contentUrl\":\"https:\/\/talkpal.ai\/wp-content\/uploads\/2023\/04\/ukraine.png\",\"width\":512,\"height\":512,\"caption\":\"TalkPal Ukrainian Flag\"},{\"@type\":\"BreadcrumbList\",\"@id\":\"https:\/\/talkpal.ai\/tr\/ukraynaca-dilbilgisi-alistirmalari\/#breadcrumb\",\"itemListElement\":[{\"@type\":\"ListItem\",\"position\":1,\"name\":\"Homepage\",\"item\":\"https:\/\/talkpal.ai\/tr\/\"},{\"@type\":\"ListItem\",\"position\":2,\"name\":\"Ukraynaca Dilbilgisi Al\u0131\u015ft\u0131rmalar\u0131\"}]},{\"@type\":\"WebSite\",\"@id\":\"https:\/\/talkpal.ai\/tr\/#website\",\"url\":\"https:\/\/talkpal.ai\/tr\/\",\"name\":\"Talkpal\",\"description\":\"AI Language Learning\",\"publisher\":{\"@id\":\"https:\/\/talkpal.ai\/tr\/#organization\"},\"alternateName\":\"Talkpal AI\",\"potentialAction\":[{\"@type\":\"SearchAction\",\"target\":{\"@type\":\"EntryPoint\",\"urlTemplate\":\"https:\/\/talkpal.ai\/tr\/?s={search_term_string}\"},\"query-input\":{\"@type\":\"PropertyValueSpecification\",\"valueRequired\":true,\"valueName\":\"search_term_string\"}}],\"inLanguage\":\"tr\"},{\"@type\":\"Organization\",\"@id\":\"https:\/\/talkpal.ai\/tr\/#organization\",\"name\":\"Talkpal, Inc.\",\"alternateName\":\"Talkpal AI\",\"url\":\"https:\/\/talkpal.ai\/tr\/\",\"logo\":{\"@type\":\"ImageObject\",\"inLanguage\":\"tr\",\"@id\":\"https:\/\/talkpal.ai\/tr\/#\/schema\/logo\/image\/\",\"url\":\"https:\/\/talkpal.ai\/wp-content\/uploads\/2024\/03\/Talkpal-Logo-Icon.png\",\"contentUrl\":\"https:\/\/talkpal.ai\/wp-content\/uploads\/2024\/03\/Talkpal-Logo-Icon.png\",\"width\":2880,\"height\":2880,\"caption\":\"Talkpal, Inc.\"},\"image\":{\"@id\":\"https:\/\/talkpal.ai\/tr\/#\/schema\/logo\/image\/\"},\"sameAs\":[\"https:\/\/www.facebook.com\/profile.php?id=100090733639311\",\"https:\/\/x.com\/talkpalai\",\"https:\/\/www.linkedin.com\/company\/talkpal\/\",\"https:\/\/www.youtube.com\/@TalkPal\/\",\"https:\/\/www.tiktok.com\/@talkpal\",\"https:\/\/www.instagram.com\/talkpal_ai\/\",\"https:\/\/www.crunchbase.com\/organization\/talkpal-9cde\",\"https:\/\/www.g2.com\/products\/talkpal-for-business\/\",\"https:\/\/www.trustpilot.com\/review\/talkpal.ai\",\"https:\/\/www.capterra.com\/p\/10006800\/TalkPal\/\"],\"description\":\"Talkpal is a language learning web and mobile education app, powered by the latest AI technologies, that provides engaging experiences to its customers in many different languages to help them improve their language skills. Users can chat about unlimited amount of topics with the app and use other modes to practice their language learning.\",\"email\":\"support@talkpal.ai\",\"legalName\":\"Talkpal, Inc.\",\"foundingDate\":\"2023-04-03\",\"duns\":\"118989042\",\"numberOfEmployees\":{\"@type\":\"QuantitativeValue\",\"minValue\":\"11\",\"maxValue\":\"50\"},\"publishingPrinciples\":\"https:\/\/talkpal.ai\/publishing-principles\/\",\"actionableFeedbackPolicy\":\"https:\/\/talkpal.ai\/actionable-feedback-policy\/\",\"correctionsPolicy\":\"https:\/\/talkpal.ai\/corrections-policy\/\",\"ethicsPolicy\":\"https:\/\/talkpal.ai\/ethics-policy\/\",\"diversityPolicy\":\"https:\/\/talkpal.ai\/diversity-policy\/\",\"diversityStaffingReport\":\"https:\/\/talkpal.ai\/diversity-policy\/\"}]}<\/script>\n<!-- \/ Yoast SEO Premium plugin. -->","yoast_head_json":{"title":"Ukraynaca Dilbilgisi Al\u0131\u015ft\u0131rmalar\u0131 - Talkpal","description":"Ak\u0131c\u0131l\u0131k i\u00e7in temel dilbilgisi konular\u0131n\u0131 kapsayan ilgi \u00e7ekici Ukraynaca dilbilgisi al\u0131\u015ft\u0131rmalar\u0131yla Ukraynaca becerilerinizi geli\u015ftirin.","robots":{"index":"index","follow":"follow","max-snippet":"max-snippet:-1","max-image-preview":"max-image-preview:large","max-video-preview":"max-video-preview:-1"},"canonical":"https:\/\/talkpal.ai\/tr\/ukraynaca-dilbilgisi-alistirmalari\/","og_locale":"tr_TR","og_type":"article","og_title":"Ukraynaca Dilbilgisi Al\u0131\u015ft\u0131rmalar\u0131","og_description":"Ukraynaca Dilbilgisi Konular\u0131 Yeni bir dil \u00f6\u011frenmek heyecan verici ama zorlu bir \u00e7aba olabilir ve Ukrayna dili de bir istisna de\u011fildir. Bir Do\u011fu Slav dili","og_url":"https:\/\/talkpal.ai\/tr\/ukraynaca-dilbilgisi-alistirmalari\/","og_site_name":"Talkpal","article_publisher":"https:\/\/www.facebook.com\/profile.php?id=100090733639311","article_modified_time":"2025-12-17T16:20:36+00:00","og_image":[{"width":512,"height":512,"url":"https:\/\/talkpal.ai\/wp-content\/uploads\/2023\/04\/ukraine.png","type":"image\/png"}],"twitter_card":"summary_large_image","twitter_site":"@talkpalai","twitter_misc":{"Tahmini okuma s\u00fcresi":"3 dakika"},"schema":{"@context":"https:\/\/schema.org","@graph":[{"@type":"WebPage","@id":"https:\/\/talkpal.ai\/tr\/ukraynaca-dilbilgisi-alistirmalari\/","url":"https:\/\/talkpal.ai\/tr\/ukraynaca-dilbilgisi-alistirmalari\/","name":"Ukraynaca Dilbilgisi Al\u0131\u015ft\u0131rmalar\u0131 - Talkpal","isPartOf":{"@id":"https:\/\/talkpal.ai\/tr\/#website"},"primaryImageOfPage":{"@id":"https:\/\/talkpal.ai\/tr\/ukraynaca-dilbilgisi-alistirmalari\/#primaryimage"},"image":{"@id":"https:\/\/talkpal.ai\/tr\/ukraynaca-dilbilgisi-alistirmalari\/#primaryimage"},"thumbnailUrl":"https:\/\/talkpal.ai\/wp-content\/uploads\/2023\/04\/ukraine.png","datePublished":"2023-06-16T10:51:16+00:00","dateModified":"2025-12-17T16:20:36+00:00","description":"Ak\u0131c\u0131l\u0131k i\u00e7in temel dilbilgisi konular\u0131n\u0131 kapsayan ilgi \u00e7ekici Ukraynaca dilbilgisi al\u0131\u015ft\u0131rmalar\u0131yla Ukraynaca becerilerinizi geli\u015ftirin.","breadcrumb":{"@id":"https:\/\/talkpal.ai\/tr\/ukraynaca-dilbilgisi-alistirmalari\/#breadcrumb"},"inLanguage":"tr","potentialAction":[{"@type":"ReadAction","target":["https:\/\/talkpal.ai\/tr\/ukraynaca-dilbilgisi-alistirmalari\/"]}]},{"@type":"ImageObject","inLanguage":"tr","@id":"https:\/\/talkpal.ai\/tr\/ukraynaca-dilbilgisi-alistirmalari\/#primaryimage","url":"https:\/\/talkpal.ai\/wp-content\/uploads\/2023\/04\/ukraine.png","contentUrl":"https:\/\/talkpal.ai\/wp-content\/uploads\/2023\/04\/ukraine.png","width":512,"height":512,"caption":"TalkPal Ukrainian Flag"},{"@type":"BreadcrumbList","@id":"https:\/\/talkpal.ai\/tr\/ukraynaca-dilbilgisi-alistirmalari\/#breadcrumb","itemListElement":[{"@type":"ListItem","position":1,"name":"Homepage","item":"https:\/\/talkpal.ai\/tr\/"},{"@type":"ListItem","position":2,"name":"Ukraynaca Dilbilgisi Al\u0131\u015ft\u0131rmalar\u0131"}]},{"@type":"WebSite","@id":"https:\/\/talkpal.ai\/tr\/#website","url":"https:\/\/talkpal.ai\/tr\/","name":"Talkpal","description":"AI Language Learning","publisher":{"@id":"https:\/\/talkpal.ai\/tr\/#organization"},"alternateName":"Talkpal AI","potentialAction":[{"@type":"SearchAction","target":{"@type":"EntryPoint","urlTemplate":"https:\/\/talkpal.ai\/tr\/?s={search_term_string}"},"query-input":{"@type":"PropertyValueSpecification","valueRequired":true,"valueName":"search_term_string"}}],"inLanguage":"tr"},{"@type":"Organization","@id":"https:\/\/talkpal.ai\/tr\/#organization","name":"Talkpal, Inc.","alternateName":"Talkpal AI","url":"https:\/\/talkpal.ai\/tr\/","logo":{"@type":"ImageObject","inLanguage":"tr","@id":"https:\/\/talkpal.ai\/tr\/#\/schema\/logo\/image\/","url":"https:\/\/talkpal.ai\/wp-content\/uploads\/2024\/03\/Talkpal-Logo-Icon.png","contentUrl":"https:\/\/talkpal.ai\/wp-content\/uploads\/2024\/03\/Talkpal-Logo-Icon.png","width":2880,"height":2880,"caption":"Talkpal, Inc."},"image":{"@id":"https:\/\/talkpal.ai\/tr\/#\/schema\/logo\/image\/"},"sameAs":["https:\/\/www.facebook.com\/profile.php?id=100090733639311","https:\/\/x.com\/talkpalai","https:\/\/www.linkedin.com\/company\/talkpal\/","https:\/\/www.youtube.com\/@TalkPal\/","https:\/\/www.tiktok.com\/@talkpal","https:\/\/www.instagram.com\/talkpal_ai\/","https:\/\/www.crunchbase.com\/organization\/talkpal-9cde","https:\/\/www.g2.com\/products\/talkpal-for-business\/","https:\/\/www.trustpilot.com\/review\/talkpal.ai","https:\/\/www.capterra.com\/p\/10006800\/TalkPal\/"],"description":"Talkpal is a language learning web and mobile education app, powered by the latest AI technologies, that provides engaging experiences to its customers in many different languages to help them improve their language skills. Users can chat about unlimited amount of topics with the app and use other modes to practice their language learning.","email":"support@talkpal.ai","legalName":"Talkpal, Inc.","foundingDate":"2023-04-03","duns":"118989042","numberOfEmployees":{"@type":"QuantitativeValue","minValue":"11","maxValue":"50"},"publishingPrinciples":"https:\/\/talkpal.ai\/publishing-principles\/","actionableFeedbackPolicy":"https:\/\/talkpal.ai\/actionable-feedback-policy\/","correctionsPolicy":"https:\/\/talkpal.ai\/corrections-policy\/","ethicsPolicy":"https:\/\/talkpal.ai\/ethics-policy\/","diversityPolicy":"https:\/\/talkpal.ai\/diversity-policy\/","diversityStaffingReport":"https:\/\/talkpal.ai\/diversity-policy\/"}]}},"_links":{"self":[{"href":"https:\/\/talkpal.ai\/tr\/wp-json\/wp\/v2\/pages\/136034","targetHints":{"allow":["GET"]}}],"collection":[{"href":"https:\/\/talkpal.ai\/tr\/wp-json\/wp\/v2\/pages"}],"about":[{"href":"https:\/\/talkpal.ai\/tr\/wp-json\/wp\/v2\/types\/page"}],"author":[{"embeddable":true,"href":"https:\/\/talkpal.ai\/tr\/wp-json\/wp\/v2\/users\/6"}],"replies":[{"embeddable":true,"href":"https:\/\/talkpal.ai\/tr\/wp-json\/wp\/v2\/comments?post=136034"}],"version-history":[{"count":0,"href":"https:\/\/talkpal.ai\/tr\/wp-json\/wp\/v2\/pages\/136034\/revisions"}],"wp:featuredmedia":[{"embeddable":true,"href":"https:\/\/talkpal.ai\/tr\/wp-json\/wp\/v2\/media\/108519"}],"wp:attachment":[{"href":"https:\/\/talkpal.ai\/tr\/wp-json\/wp\/v2\/media?parent=136034"}],"curies":[{"name":"wp","href":"https:\/\/api.w.org\/{rel}","templated":true}]}}