{"id":135027,"date":"2023-06-16T10:27:33","date_gmt":"2023-06-16T10:27:33","guid":{"rendered":"http:\/\/talkpal.ai\/korece-dilbilgisi-alistirmalari\/"},"modified":"2025-12-17T16:48:56","modified_gmt":"2025-12-17T16:48:56","slug":"korece-dilbilgisi-alistirmalari","status":"publish","type":"page","link":"https:\/\/talkpal.ai\/tr\/korece-dilbilgisi-alistirmalari\/","title":{"rendered":"Korece Dilbilgisi Al\u0131\u015ft\u0131rmalar\u0131"},"content":{"rendered":"\r\n\r\n\r\n<section class=\"languageChallengeSection\">\r\n    <div class=\"languageInfoWrapper\">\r\n        \r\n        <h1>Korece Dilbilgisi Al\u0131\u015ft\u0131rmalar\u0131<\/h1>\r\n        <p><a href=\"https:\/\/talkpal.ai\/learn-korean\/\">Korece<\/a> dil becerilerinizi g\u00fc\u00e7lendirmek mi istiyorsunuz? <a href=\"https:\/\/talkpal.ai\/grammar\/\">Dilbilgisi<\/a> al\u0131\u015ft\u0131rmalar\u0131na odaklanmak, c\u00fcmle yap\u0131s\u0131, fiil sonlar\u0131 ve g\u00fcnl\u00fck ifadelerde ustala\u015fmak i\u00e7in harika bir yoldur. Korece dilbilgisine dal\u0131n ve d\u00fczenli olarak pratik yap\u0131n &#8211; her egzersiz sizi do\u011fal, kendinden emin ileti\u015fime yakla\u015ft\u0131r\u0131r. Bug\u00fcn ba\u015flay\u0131n ve Korece becerilerinizin ad\u0131m ad\u0131m geli\u015fmesini izleyin!<\/p>\r\n\r\n                            <a class=\"getStartedHidden\" href=\"https:\/\/app.talkpal.ai\/tr\/signup?lng=\">Hadi ba\u015fla<\/a>\r\n        \r\n    <\/div>\r\n\r\n    <figure>\r\n    <img decoding=\"async\" width=\"768\" height=\"768\" src=\"https:\/\/talkpal.ai\/wp-content\/uploads\/2023\/06\/korean-768x768.png\" class=\"languageImage no-lazy\" alt=\"Line-by-line learning for language acquisition\" fetchpriority=\"high\" sizes=\"(max-width: 768px) 150px, 768px\" srcset=\"https:\/\/talkpal.ai\/wp-content\/uploads\/2023\/06\/korean-768x768.png 768w, https:\/\/talkpal.ai\/wp-content\/uploads\/2023\/06\/korean-300x300.png 300w\" \/>\r\n    \r\n\r\n    <\/figure>\r\n\r\n            <a class=\"getStartedVisible\" href=\"https:\/\/app.talkpal.ai\/tr\/signup?lng=\">Hadi ba\u015fla<\/a>\r\n    \r\n<\/section>\r\n\r\n\r\n<!-- <section class=\"grammarSection\">\r\n    <div class=\"grammarLinks\">\r\n            <\/div>\r\n<\/section> -->\r\n\r\n\r\n\r\n\r\n<section class=\"promotionalBanner\">\r\n    <p class=\"promotionalText\">Dil \u00f6\u011frenmenin en etkili yolu<\/p>\r\n    <a class=\"promotionalLink\" href=\"https:\/\/app.talkpal.ai\/tr\/signup?lng=\">Talkpal \u00fccretsiz deneyin<\/a>\r\n<\/section>\n<div class=\"wp-block-group pageContainerStyle\"><div class=\"wp-block-group__inner-container is-layout-constrained wp-block-group-is-layout-constrained\">\n<h2 class=\"wp-block-heading\" id=\"h-korean-grammar-topics\">Korece Dilbilgisi Konular\u0131<\/h2>\n\n\n\n<p><a href=\"https:\/\/talkpal.ai\/tr\/korece-ogrenmek-hizli-ve-kolay-baslangic-rehberi\/\">Korece \u00f6\u011frenmek<\/a>, yeni k\u00fclt\u00fcrel ve profesyonel f\u0131rsatlar sundu\u011fu i\u00e7in heyecan verici ve \u00f6d\u00fcllendirici bir deneyim olabilir. Kore dili zengin bir tarihe sahiptir ve d\u00fcnya \u00e7ap\u0131nda milyonlarca insan taraf\u0131ndan konu\u015fulmaktad\u0131r. Herhangi bir dili \u00f6\u011frenmenin en \u00f6nemli y\u00f6nlerinden biri gramerini anlamakt\u0131r. Korece s\u00f6z konusu oldu\u011funda, dilbilgisi bir\u00e7ok Bat\u0131 dilinden olduk\u00e7a farkl\u0131d\u0131r, ancak do\u011fru yakla\u015f\u0131mla sistematik olarak kavranabilir. Bu yaz\u0131da zamanlar, fiiller, isimler, artikeller, zamirler, s\u0131fatlar, zarflar, edatlar ve c\u00fcmle yap\u0131s\u0131 dahil olmak \u00fczere \u00e7e\u015fitli <a href=\"https:\/\/talkpal.ai\/tr\/kolay-ve-hizli-korece-ogrenme-rehberi-baslangictan-ileri-seviyeye\/\">Korece dilbilgisi<\/a> konular\u0131n\u0131 inceleyece\u011fiz. Bu kavramlar\u0131 anlayarak ve ustala\u015farak, Korece&#8217;de yetkin olma yolunda ilerleyeceksiniz.<\/p>\n\n\n\n<h3 class=\"wp-block-heading\" id=\"h-1-nouns\">1. \u0130simler:<\/h3>\n\n\n\n<p>Korece&#8217;de isimler c\u00fcmlelerin temel yap\u0131 ta\u015flar\u0131d\u0131r. \u0130nsanlar\u0131, yerleri, \u015feyleri veya fikirleri temsil ederler. Korece isimlerin cinsiyet veya say\u0131 ayr\u0131mlar\u0131 yoktur, bu da onlar\u0131 \u00f6\u011frenmeyi nispeten basit hale getirir. Yayg\u0131n Korece isimlere a\u015fina olmak, g\u00fc\u00e7l\u00fc bir kelime temeli olu\u015fturman\u0131za yard\u0131mc\u0131 olacakt\u0131r.<\/p>\n\n\n\n<h3 class=\"wp-block-heading\" id=\"h-2-verbs\">2. Fiiller:<\/h3>\n\n\n\n<p>Korece fiiller, eylemleri ve varl\u0131k durumlar\u0131n\u0131 iletmek i\u00e7in kritik \u00f6neme sahiptir. Genellikle bir c\u00fcmlenin sonunda gelirler ve zaman ve nezaket d\u00fczeyine ba\u011fl\u0131 olarak \u00e7e\u015fitli bi\u00e7imlere sahiptirler. Korece&#8217;de etkili ileti\u015fim i\u00e7in farkl\u0131 fiil bi\u00e7imleri i\u00e7in \u00e7ekim kurallar\u0131n\u0131 anlamak \u00e7ok \u00f6nemlidir.<\/p>\n\n\n\n<h3 class=\"wp-block-heading\" id=\"h-3-adjectives\">3. S\u0131fatlar:<\/h3>\n\n\n\n<p>Korece&#8217;de s\u0131fatlar isimleri tan\u0131mlamak i\u00e7in kullan\u0131l\u0131r ve fiillere benzer \u00e7ekim kurallar\u0131na sahiptir. Bir isimden \u00f6nce veya sonra kullan\u0131labilirler ve bi\u00e7imleri zaman ve nezaket d\u00fczeyine ba\u011fl\u0131 olarak de\u011fi\u015febilir. Ortak s\u0131fatlar\u0131 ve kullan\u0131mlar\u0131n\u0131 \u00f6\u011frenmek, Korece&#8217;deki tan\u0131mlay\u0131c\u0131 yeteneklerinizi geli\u015ftirecektir.<\/p>\n\n\n\n<h3 class=\"wp-block-heading\" id=\"h-4-adverbs\">4. Zarflar:<\/h3>\n\n\n\n<p>Korece zarflar fiiller, s\u0131fatlar veya di\u011fer zarflar hakk\u0131nda ek bilgi sa\u011flar. Genellikle de\u011fi\u015ftirdikleri kelimeden \u00f6nce gelirler ve belirli \u00e7ekim kurallar\u0131 yoktur. Korece c\u00fcmlelerinize zarflar eklemek, ifadenize derinlik ve n\u00fcans katabilir.<\/p>\n\n\n\n<h3 class=\"wp-block-heading\" id=\"h-5-pronouns\">5. Zamirler:<\/h3>\n\n\n\n<p>Korece zamirler fazlal\u0131\u011f\u0131 \u00f6nlemeye ve c\u00fcmleleri daha \u00f6zl\u00fc hale getirmeye yard\u0131mc\u0131 olur. Daha \u00f6nce bahsedilen veya ba\u011flam i\u00e7inde anla\u015f\u0131lan isimlerin yerini al\u0131rlar. Korece zamirlerin \u00f6znenin sosyal stat\u00fcs\u00fcne ve cinsiyetine g\u00f6re farkl\u0131 bi\u00e7imleri vard\u0131r, bu da onlar\u0131 dilin ustala\u015f\u0131lmas\u0131 gereken \u00f6nemli bir y\u00f6n\u00fc haline getirir.<\/p>\n\n\n\n<h3 class=\"wp-block-heading\" id=\"h-6-prepositions\">6. Edatlar:<\/h3>\n\n\n\n<p>Korece&#8217;de edatlar, bir c\u00fcmledeki isimler aras\u0131ndaki konum, y\u00f6n veya sahiplik gibi ili\u015fkileri ifade etmek i\u00e7in kullan\u0131l\u0131r. \u0130ngilizce&#8217;den farkl\u0131 olarak, Korece edatlar genellikle de\u011fi\u015ftirdikleri isimden sonra gelir ve edat \u00f6be\u011fi ad\u0131 verilen tek bir birim olu\u015fturur. Bu par\u00e7ac\u0131klar\u0131n do\u011fru kullan\u0131m\u0131n\u0131 anlamak, tutarl\u0131 Korece c\u00fcmleler kurmak i\u00e7in \u00e7ok \u00f6nemlidir.<\/p>\n\n\n\n<h3 class=\"wp-block-heading\" id=\"h-7-sentence-structure\">7. C\u00fcmle Yap\u0131s\u0131:<\/h3>\n\n\n\n<p>Korece bir c\u00fcmlenin temel yap\u0131s\u0131 \u00f6zne-nesne-fiildir (SOV). Bu, fiilin tipik olarak bir c\u00fcmlede en son geldi\u011fi anlam\u0131na gelir ve bu, \u0130ngilizce konu\u015fanlar i\u00e7in \u00f6nemli bir de\u011fi\u015fiklik olabilir. Do\u011fru kelime s\u0131ras\u0131n\u0131 ve c\u00fcmle yap\u0131s\u0131n\u0131 \u00f6\u011frenmek, Korece&#8217;de daha etkili ileti\u015fim kurman\u0131z\u0131 sa\u011flayacakt\u0131r.<\/p>\n\n\n\n<h3 class=\"wp-block-heading\" id=\"h-8-tenses-indicative-and-subjunctive\">8. Zaman G\u00f6stergesi ve S\u00fcbjektif:<\/h3>\n\n\n\n<p>Korece&#8217;nin ge\u00e7mi\u015f, \u015fimdiki ve gelecekteki eylemleri veya durumlar\u0131 ifade etmek i\u00e7in farkl\u0131 fiil bi\u00e7imleri vard\u0131r. G\u00f6sterge ruh hali, ger\u00e7ek ifadeler i\u00e7in kullan\u0131l\u0131rken, s\u00fcbjektif ruh hali belirsizlik, olas\u0131l\u0131k veya varsay\u0131msal durumlar\u0131 iletir. Bu fiil formlar\u0131n\u0131 do\u011fru tan\u0131mak ve kullanmak, Korece&#8217;de net ileti\u015fim i\u00e7in \u00e7ok \u00f6nemlidir.<\/p>\n\n\n\n<h3 class=\"wp-block-heading\" id=\"h-9-tense-comparison\">9. Gergin Kar\u015f\u0131la\u015ft\u0131rma:<\/h3>\n\n\n\n<p>Farkl\u0131 zaman dilimlerindeki olaylar\u0131 kar\u015f\u0131la\u015ft\u0131rmak, Korece fiil \u00e7ekiminin n\u00fcanslar\u0131n\u0131 anlamay\u0131 gerektirir. Uygun fiil formlar\u0131n\u0131 kullanarak ge\u00e7mi\u015f, \u015fimdiki ve gelecekteki olaylar\u0131 nas\u0131l kar\u015f\u0131la\u015ft\u0131raca\u011f\u0131n\u0131z\u0131 \u00f6\u011frenerek, Korece&#8217;de karma\u015f\u0131k fikirleri ve ili\u015fkileri aktarabilirsiniz.<\/p>\n\n\n\n<h3 class=\"wp-block-heading\" id=\"h-10-articles\">10. Makaleler:<\/h3>\n\n\n\n<p>\u0130ngilizce&#8217;den farkl\u0131 olarak, Korece&#8217;nin belirli veya belirsiz artikeller yoktur. Bunun yerine dil, bir ismin kesinli\u011fini veya belirsizli\u011fini iletmek i\u00e7in ba\u011flama ve belirli par\u00e7ac\u0131klar\u0131n kullan\u0131m\u0131na dayan\u0131r. Bu par\u00e7ac\u0131klara hakim olmak, kendinizi Korece&#8217;de daha do\u011fru ifade etmenizi sa\u011flayacakt\u0131r.<\/p>\n<\/div><\/div>\n\r\n<section class=\"learnNavigationSection\">\r\n            \r\n        <a href=\"https:\/\/talkpal.ai\/tr\/korece-ogren\/\">\r\n            <div class=\"learnNavigationWrapper\">\r\n                <div class=\"learnNavigationContent\">\r\n                    <img decoding=\"async\" src=\"https:\/\/talkpal.ai\/wp-content\/uploads\/2024\/08\/Korean.jpg\" alt=\"Korean Flag\">\r\n                    <div>\r\n                        <h4>Korece \u00d6\u011frenimi Hakk\u0131nda<\/h4>\r\n                        <p>Korece dilbilgisi hakk\u0131nda her \u015feyi \u00f6\u011frenin.<\/p>\r\n                    <\/div>\r\n                <\/div>\r\n            <\/div>\r\n        <\/a>\r\n\r\n        \r\n        <a href=\"https:\/\/talkpal.ai\/tr\/korece-dilbilgisi\/\">\r\n            <div class=\"learnNavigationWrapper\">\r\n                <div class=\"learnNavigationContent\">\r\n                    <img decoding=\"async\" src=\"https:\/\/talkpal.ai\/wp-content\/uploads\/2024\/08\/Korean.jpg\" alt=\"Korean Flag\">\r\n                    <div>\r\n                        <h4>Korece Dilbilgisi Dersleri<\/h4>\r\n                        <p>Korece dilbilgisi al\u0131\u015ft\u0131rmas\u0131 yap\u0131n.<\/p>\r\n                    <\/div>\r\n                <\/div>\r\n            <\/div>\r\n        <\/a>\r\n\r\n        \r\n        <a href=\"https:\/\/talkpal.ai\/vocabulary_language\/korean\/\">\r\n            <div class=\"learnNavigationWrapper\">\r\n                <div class=\"learnNavigationContent\">\r\n                    <img decoding=\"async\" src=\"https:\/\/talkpal.ai\/wp-content\/uploads\/2024\/08\/Korean.jpg\" alt=\"Korean Flag\">\r\n                    <div>\r\n                        <h4>Korece Kelime Bilgisi<\/h4>\r\n                        <p>Korece kelime da\u011farc\u0131\u011f\u0131n\u0131z\u0131 geni\u015fletin.<\/p>\r\n                    <\/div>\r\n                <\/div>\r\n            <\/div>\r\n        <\/a>\r\n\r\n            <\/section>","protected":false},"excerpt":{"rendered":"<p>Korece Dilbilgisi Konular\u0131 Korece \u00f6\u011frenmek, yeni k\u00fclt\u00fcrel ve profesyonel f\u0131rsatlar sundu\u011fu i\u00e7in heyecan verici ve \u00f6d\u00fcllendirici bir deneyim olabilir. Kore dili zengin bir tarihe sahiptir ve d\u00fcnya \u00e7ap\u0131nda milyonlarca insan taraf\u0131ndan konu\u015fulmaktad\u0131r. Herhangi bir dili \u00f6\u011frenmenin en \u00f6nemli y\u00f6nlerinden biri gramerini anlamakt\u0131r. Korece s\u00f6z konusu oldu\u011funda, dilbilgisi bir\u00e7ok Bat\u0131 dilinden olduk\u00e7a farkl\u0131d\u0131r, ancak do\u011fru yakla\u015f\u0131mla [&hellip;]<\/p>\n","protected":false},"author":6,"featured_media":107508,"parent":0,"menu_order":0,"comment_status":"closed","ping_status":"closed","template":"LearningContentPage.php","meta":{"_acf_changed":false,"footnotes":""},"class_list":["post-135027","page","type-page","status-publish","has-post-thumbnail","hentry"],"acf":[],"yoast_head":"<!-- This site is optimized with the Yoast SEO Premium plugin v27.2 (Yoast SEO v27.2) - https:\/\/yoast.com\/product\/yoast-seo-premium-wordpress\/ -->\n<title>Korece Dilbilgisi Al\u0131\u015ft\u0131rmalar\u0131 - Talkpal<\/title>\n<meta name=\"description\" content=\"Korece dilbilginizi kolayca geli\u015ftirin - etkile\u015fimli al\u0131\u015ft\u0131rmalarla pratik yap\u0131n, dil kal\u0131plar\u0131nda ustala\u015f\u0131n ve g\u00fcven olu\u015fturun\" \/>\n<meta name=\"robots\" content=\"index, follow, max-snippet:-1, max-image-preview:large, max-video-preview:-1\" \/>\n<link rel=\"canonical\" href=\"https:\/\/talkpal.ai\/tr\/korece-dilbilgisi-alistirmalari\/\" \/>\n<meta property=\"og:locale\" content=\"tr_TR\" \/>\n<meta property=\"og:type\" content=\"article\" \/>\n<meta property=\"og:title\" content=\"Korece Dilbilgisi Al\u0131\u015ft\u0131rmalar\u0131\" \/>\n<meta property=\"og:description\" content=\"Korece Dilbilgisi Konular\u0131 Korece \u00f6\u011frenmek, yeni k\u00fclt\u00fcrel ve profesyonel f\u0131rsatlar sundu\u011fu i\u00e7in heyecan verici ve \u00f6d\u00fcllendirici bir deneyim olabilir. Kore\" \/>\n<meta property=\"og:url\" content=\"https:\/\/talkpal.ai\/tr\/korece-dilbilgisi-alistirmalari\/\" \/>\n<meta property=\"og:site_name\" content=\"Talkpal\" \/>\n<meta property=\"article:publisher\" content=\"https:\/\/www.facebook.com\/profile.php?id=100090733639311\" \/>\n<meta property=\"article:modified_time\" content=\"2025-12-17T16:48:56+00:00\" \/>\n<meta property=\"og:image\" content=\"https:\/\/talkpal.ai\/wp-content\/uploads\/2023\/04\/south-korea.png\" \/>\n\t<meta property=\"og:image:width\" content=\"512\" \/>\n\t<meta property=\"og:image:height\" content=\"512\" \/>\n\t<meta property=\"og:image:type\" content=\"image\/png\" \/>\n<meta name=\"twitter:card\" content=\"summary_large_image\" \/>\n<meta name=\"twitter:site\" content=\"@talkpalai\" \/>\n<meta name=\"twitter:label1\" content=\"Tahmini okuma s\u00fcresi\" \/>\n\t<meta name=\"twitter:data1\" content=\"3 dakika\" \/>\n<script type=\"application\/ld+json\" class=\"yoast-schema-graph\">{\"@context\":\"https:\/\/schema.org\",\"@graph\":[{\"@type\":\"WebPage\",\"@id\":\"https:\/\/talkpal.ai\/tr\/korece-dilbilgisi-alistirmalari\/\",\"url\":\"https:\/\/talkpal.ai\/tr\/korece-dilbilgisi-alistirmalari\/\",\"name\":\"Korece Dilbilgisi Al\u0131\u015ft\u0131rmalar\u0131 - Talkpal\",\"isPartOf\":{\"@id\":\"https:\/\/talkpal.ai\/tr\/#website\"},\"primaryImageOfPage\":{\"@id\":\"https:\/\/talkpal.ai\/tr\/korece-dilbilgisi-alistirmalari\/#primaryimage\"},\"image\":{\"@id\":\"https:\/\/talkpal.ai\/tr\/korece-dilbilgisi-alistirmalari\/#primaryimage\"},\"thumbnailUrl\":\"https:\/\/talkpal.ai\/wp-content\/uploads\/2023\/04\/south-korea.png\",\"datePublished\":\"2023-06-16T10:27:33+00:00\",\"dateModified\":\"2025-12-17T16:48:56+00:00\",\"description\":\"Korece dilbilginizi kolayca geli\u015ftirin - etkile\u015fimli al\u0131\u015ft\u0131rmalarla pratik yap\u0131n, dil kal\u0131plar\u0131nda ustala\u015f\u0131n ve g\u00fcven olu\u015fturun\",\"breadcrumb\":{\"@id\":\"https:\/\/talkpal.ai\/tr\/korece-dilbilgisi-alistirmalari\/#breadcrumb\"},\"inLanguage\":\"tr\",\"potentialAction\":[{\"@type\":\"ReadAction\",\"target\":[\"https:\/\/talkpal.ai\/tr\/korece-dilbilgisi-alistirmalari\/\"]}]},{\"@type\":\"ImageObject\",\"inLanguage\":\"tr\",\"@id\":\"https:\/\/talkpal.ai\/tr\/korece-dilbilgisi-alistirmalari\/#primaryimage\",\"url\":\"https:\/\/talkpal.ai\/wp-content\/uploads\/2023\/04\/south-korea.png\",\"contentUrl\":\"https:\/\/talkpal.ai\/wp-content\/uploads\/2023\/04\/south-korea.png\",\"width\":512,\"height\":512},{\"@type\":\"BreadcrumbList\",\"@id\":\"https:\/\/talkpal.ai\/tr\/korece-dilbilgisi-alistirmalari\/#breadcrumb\",\"itemListElement\":[{\"@type\":\"ListItem\",\"position\":1,\"name\":\"Homepage\",\"item\":\"https:\/\/talkpal.ai\/tr\/\"},{\"@type\":\"ListItem\",\"position\":2,\"name\":\"Korece Dilbilgisi Al\u0131\u015ft\u0131rmalar\u0131\"}]},{\"@type\":\"WebSite\",\"@id\":\"https:\/\/talkpal.ai\/tr\/#website\",\"url\":\"https:\/\/talkpal.ai\/tr\/\",\"name\":\"Talkpal\",\"description\":\"AI Language Learning\",\"publisher\":{\"@id\":\"https:\/\/talkpal.ai\/tr\/#organization\"},\"alternateName\":\"Talkpal AI\",\"potentialAction\":[{\"@type\":\"SearchAction\",\"target\":{\"@type\":\"EntryPoint\",\"urlTemplate\":\"https:\/\/talkpal.ai\/tr\/?s={search_term_string}\"},\"query-input\":{\"@type\":\"PropertyValueSpecification\",\"valueRequired\":true,\"valueName\":\"search_term_string\"}}],\"inLanguage\":\"tr\"},{\"@type\":\"Organization\",\"@id\":\"https:\/\/talkpal.ai\/tr\/#organization\",\"name\":\"Talkpal, Inc.\",\"alternateName\":\"Talkpal AI\",\"url\":\"https:\/\/talkpal.ai\/tr\/\",\"logo\":{\"@type\":\"ImageObject\",\"inLanguage\":\"tr\",\"@id\":\"https:\/\/talkpal.ai\/tr\/#\/schema\/logo\/image\/\",\"url\":\"https:\/\/talkpal.ai\/wp-content\/uploads\/2024\/03\/Talkpal-Logo-Icon.png\",\"contentUrl\":\"https:\/\/talkpal.ai\/wp-content\/uploads\/2024\/03\/Talkpal-Logo-Icon.png\",\"width\":2880,\"height\":2880,\"caption\":\"Talkpal, Inc.\"},\"image\":{\"@id\":\"https:\/\/talkpal.ai\/tr\/#\/schema\/logo\/image\/\"},\"sameAs\":[\"https:\/\/www.facebook.com\/profile.php?id=100090733639311\",\"https:\/\/x.com\/talkpalai\",\"https:\/\/www.linkedin.com\/company\/talkpal\/\",\"https:\/\/www.youtube.com\/@TalkPal\/\",\"https:\/\/www.tiktok.com\/@talkpal\",\"https:\/\/www.instagram.com\/talkpal_ai\/\",\"https:\/\/www.crunchbase.com\/organization\/talkpal-9cde\",\"https:\/\/www.g2.com\/products\/talkpal-for-business\/\",\"https:\/\/www.trustpilot.com\/review\/talkpal.ai\",\"https:\/\/www.capterra.com\/p\/10006800\/TalkPal\/\"],\"description\":\"Talkpal is a language learning web and mobile education app, powered by the latest AI technologies, that provides engaging experiences to its customers in many different languages to help them improve their language skills. Users can chat about unlimited amount of topics with the app and use other modes to practice their language learning.\",\"email\":\"support@talkpal.ai\",\"legalName\":\"Talkpal, Inc.\",\"foundingDate\":\"2023-04-03\",\"duns\":\"118989042\",\"numberOfEmployees\":{\"@type\":\"QuantitativeValue\",\"minValue\":\"11\",\"maxValue\":\"50\"},\"publishingPrinciples\":\"https:\/\/talkpal.ai\/publishing-principles\/\",\"actionableFeedbackPolicy\":\"https:\/\/talkpal.ai\/actionable-feedback-policy\/\",\"correctionsPolicy\":\"https:\/\/talkpal.ai\/corrections-policy\/\",\"ethicsPolicy\":\"https:\/\/talkpal.ai\/ethics-policy\/\",\"diversityPolicy\":\"https:\/\/talkpal.ai\/diversity-policy\/\",\"diversityStaffingReport\":\"https:\/\/talkpal.ai\/diversity-policy\/\"}]}<\/script>\n<!-- \/ Yoast SEO Premium plugin. -->","yoast_head_json":{"title":"Korece Dilbilgisi Al\u0131\u015ft\u0131rmalar\u0131 - Talkpal","description":"Korece dilbilginizi kolayca geli\u015ftirin - etkile\u015fimli al\u0131\u015ft\u0131rmalarla pratik yap\u0131n, dil kal\u0131plar\u0131nda ustala\u015f\u0131n ve g\u00fcven olu\u015fturun","robots":{"index":"index","follow":"follow","max-snippet":"max-snippet:-1","max-image-preview":"max-image-preview:large","max-video-preview":"max-video-preview:-1"},"canonical":"https:\/\/talkpal.ai\/tr\/korece-dilbilgisi-alistirmalari\/","og_locale":"tr_TR","og_type":"article","og_title":"Korece Dilbilgisi Al\u0131\u015ft\u0131rmalar\u0131","og_description":"Korece Dilbilgisi Konular\u0131 Korece \u00f6\u011frenmek, yeni k\u00fclt\u00fcrel ve profesyonel f\u0131rsatlar sundu\u011fu i\u00e7in heyecan verici ve \u00f6d\u00fcllendirici bir deneyim olabilir. Kore","og_url":"https:\/\/talkpal.ai\/tr\/korece-dilbilgisi-alistirmalari\/","og_site_name":"Talkpal","article_publisher":"https:\/\/www.facebook.com\/profile.php?id=100090733639311","article_modified_time":"2025-12-17T16:48:56+00:00","og_image":[{"width":512,"height":512,"url":"https:\/\/talkpal.ai\/wp-content\/uploads\/2023\/04\/south-korea.png","type":"image\/png"}],"twitter_card":"summary_large_image","twitter_site":"@talkpalai","twitter_misc":{"Tahmini okuma s\u00fcresi":"3 dakika"},"schema":{"@context":"https:\/\/schema.org","@graph":[{"@type":"WebPage","@id":"https:\/\/talkpal.ai\/tr\/korece-dilbilgisi-alistirmalari\/","url":"https:\/\/talkpal.ai\/tr\/korece-dilbilgisi-alistirmalari\/","name":"Korece Dilbilgisi Al\u0131\u015ft\u0131rmalar\u0131 - Talkpal","isPartOf":{"@id":"https:\/\/talkpal.ai\/tr\/#website"},"primaryImageOfPage":{"@id":"https:\/\/talkpal.ai\/tr\/korece-dilbilgisi-alistirmalari\/#primaryimage"},"image":{"@id":"https:\/\/talkpal.ai\/tr\/korece-dilbilgisi-alistirmalari\/#primaryimage"},"thumbnailUrl":"https:\/\/talkpal.ai\/wp-content\/uploads\/2023\/04\/south-korea.png","datePublished":"2023-06-16T10:27:33+00:00","dateModified":"2025-12-17T16:48:56+00:00","description":"Korece dilbilginizi kolayca geli\u015ftirin - etkile\u015fimli al\u0131\u015ft\u0131rmalarla pratik yap\u0131n, dil kal\u0131plar\u0131nda ustala\u015f\u0131n ve g\u00fcven olu\u015fturun","breadcrumb":{"@id":"https:\/\/talkpal.ai\/tr\/korece-dilbilgisi-alistirmalari\/#breadcrumb"},"inLanguage":"tr","potentialAction":[{"@type":"ReadAction","target":["https:\/\/talkpal.ai\/tr\/korece-dilbilgisi-alistirmalari\/"]}]},{"@type":"ImageObject","inLanguage":"tr","@id":"https:\/\/talkpal.ai\/tr\/korece-dilbilgisi-alistirmalari\/#primaryimage","url":"https:\/\/talkpal.ai\/wp-content\/uploads\/2023\/04\/south-korea.png","contentUrl":"https:\/\/talkpal.ai\/wp-content\/uploads\/2023\/04\/south-korea.png","width":512,"height":512},{"@type":"BreadcrumbList","@id":"https:\/\/talkpal.ai\/tr\/korece-dilbilgisi-alistirmalari\/#breadcrumb","itemListElement":[{"@type":"ListItem","position":1,"name":"Homepage","item":"https:\/\/talkpal.ai\/tr\/"},{"@type":"ListItem","position":2,"name":"Korece Dilbilgisi Al\u0131\u015ft\u0131rmalar\u0131"}]},{"@type":"WebSite","@id":"https:\/\/talkpal.ai\/tr\/#website","url":"https:\/\/talkpal.ai\/tr\/","name":"Talkpal","description":"AI Language Learning","publisher":{"@id":"https:\/\/talkpal.ai\/tr\/#organization"},"alternateName":"Talkpal AI","potentialAction":[{"@type":"SearchAction","target":{"@type":"EntryPoint","urlTemplate":"https:\/\/talkpal.ai\/tr\/?s={search_term_string}"},"query-input":{"@type":"PropertyValueSpecification","valueRequired":true,"valueName":"search_term_string"}}],"inLanguage":"tr"},{"@type":"Organization","@id":"https:\/\/talkpal.ai\/tr\/#organization","name":"Talkpal, Inc.","alternateName":"Talkpal AI","url":"https:\/\/talkpal.ai\/tr\/","logo":{"@type":"ImageObject","inLanguage":"tr","@id":"https:\/\/talkpal.ai\/tr\/#\/schema\/logo\/image\/","url":"https:\/\/talkpal.ai\/wp-content\/uploads\/2024\/03\/Talkpal-Logo-Icon.png","contentUrl":"https:\/\/talkpal.ai\/wp-content\/uploads\/2024\/03\/Talkpal-Logo-Icon.png","width":2880,"height":2880,"caption":"Talkpal, Inc."},"image":{"@id":"https:\/\/talkpal.ai\/tr\/#\/schema\/logo\/image\/"},"sameAs":["https:\/\/www.facebook.com\/profile.php?id=100090733639311","https:\/\/x.com\/talkpalai","https:\/\/www.linkedin.com\/company\/talkpal\/","https:\/\/www.youtube.com\/@TalkPal\/","https:\/\/www.tiktok.com\/@talkpal","https:\/\/www.instagram.com\/talkpal_ai\/","https:\/\/www.crunchbase.com\/organization\/talkpal-9cde","https:\/\/www.g2.com\/products\/talkpal-for-business\/","https:\/\/www.trustpilot.com\/review\/talkpal.ai","https:\/\/www.capterra.com\/p\/10006800\/TalkPal\/"],"description":"Talkpal is a language learning web and mobile education app, powered by the latest AI technologies, that provides engaging experiences to its customers in many different languages to help them improve their language skills. Users can chat about unlimited amount of topics with the app and use other modes to practice their language learning.","email":"support@talkpal.ai","legalName":"Talkpal, Inc.","foundingDate":"2023-04-03","duns":"118989042","numberOfEmployees":{"@type":"QuantitativeValue","minValue":"11","maxValue":"50"},"publishingPrinciples":"https:\/\/talkpal.ai\/publishing-principles\/","actionableFeedbackPolicy":"https:\/\/talkpal.ai\/actionable-feedback-policy\/","correctionsPolicy":"https:\/\/talkpal.ai\/corrections-policy\/","ethicsPolicy":"https:\/\/talkpal.ai\/ethics-policy\/","diversityPolicy":"https:\/\/talkpal.ai\/diversity-policy\/","diversityStaffingReport":"https:\/\/talkpal.ai\/diversity-policy\/"}]}},"_links":{"self":[{"href":"https:\/\/talkpal.ai\/tr\/wp-json\/wp\/v2\/pages\/135027","targetHints":{"allow":["GET"]}}],"collection":[{"href":"https:\/\/talkpal.ai\/tr\/wp-json\/wp\/v2\/pages"}],"about":[{"href":"https:\/\/talkpal.ai\/tr\/wp-json\/wp\/v2\/types\/page"}],"author":[{"embeddable":true,"href":"https:\/\/talkpal.ai\/tr\/wp-json\/wp\/v2\/users\/6"}],"replies":[{"embeddable":true,"href":"https:\/\/talkpal.ai\/tr\/wp-json\/wp\/v2\/comments?post=135027"}],"version-history":[{"count":0,"href":"https:\/\/talkpal.ai\/tr\/wp-json\/wp\/v2\/pages\/135027\/revisions"}],"wp:featuredmedia":[{"embeddable":true,"href":"https:\/\/talkpal.ai\/tr\/wp-json\/wp\/v2\/media\/107508"}],"wp:attachment":[{"href":"https:\/\/talkpal.ai\/tr\/wp-json\/wp\/v2\/media?parent=135027"}],"curies":[{"name":"wp","href":"https:\/\/api.w.org\/{rel}","templated":true}]}}