{"id":134644,"date":"2023-06-16T10:21:59","date_gmt":"2023-06-16T10:21:59","guid":{"rendered":"http:\/\/talkpal.ai\/japonca-gramer-alistirmalari\/"},"modified":"2025-12-17T16:48:13","modified_gmt":"2025-12-17T16:48:13","slug":"japonca-gramer-alistirmalari","status":"publish","type":"page","link":"https:\/\/talkpal.ai\/tr\/japonca-gramer-alistirmalari\/","title":{"rendered":"Japonca Gramer Al\u0131\u015ft\u0131rmalar\u0131"},"content":{"rendered":"\r\n\r\n\r\n<section class=\"languageChallengeSection\">\r\n    <div class=\"languageInfoWrapper\">\r\n        \r\n        <h1>Japonca Gramer Al\u0131\u015ft\u0131rmalar\u0131<\/h1>\r\n        <p>Japoncan\u0131z\u0131 bir \u00fcst seviyeye ta\u015f\u0131maya haz\u0131r m\u0131s\u0131n\u0131z? <a href=\"https:\/\/talkpal.ai\/grammar\/\">Dilbilgisi<\/a> al\u0131\u015ft\u0131rmalar\u0131 yapmak, c\u00fcmle kal\u0131plar\u0131n\u0131 anlamak, par\u00e7ac\u0131klar\u0131 do\u011fru kullanmak ve dilde kendinizi daha rahat hissetmek i\u00e7in harika bir yoldur. Hemen ba\u015flay\u0131n, yeni dilbilgisi noktalar\u0131n\u0131 deneyin ve her al\u0131\u015ft\u0131rman\u0131n sizi ak\u0131c\u0131l\u0131\u011fa nas\u0131l yakla\u015ft\u0131rd\u0131\u011f\u0131n\u0131 g\u00f6r\u00fcn &#8211; <a href=\"https:\/\/talkpal.ai\/master-japonca-ogreniyorum-hizli-ve-kolay-japonca-ogrenme-rehberi\/\">Japonca dilbilgisi<\/a> al\u0131\u015ft\u0131rmalar\u0131na bug\u00fcn ba\u015flay\u0131n!<\/p>\r\n\r\n                            <a class=\"getStartedHidden\" href=\"https:\/\/app.talkpal.ai\/tr\/signup?lng=\">Hadi ba\u015fla<\/a>\r\n        \r\n    <\/div>\r\n\r\n    <figure>\r\n    <img decoding=\"async\" width=\"768\" height=\"768\" src=\"https:\/\/talkpal.ai\/wp-content\/uploads\/2023\/06\/japanese-768x768.png\" class=\"languageImage no-lazy\" alt=\"Language learning for world travelers\" fetchpriority=\"high\" sizes=\"(max-width: 768px) 150px, 768px\" srcset=\"https:\/\/talkpal.ai\/wp-content\/uploads\/2023\/06\/japanese-768x768.png 768w, https:\/\/talkpal.ai\/wp-content\/uploads\/2023\/06\/japanese-300x300.png 300w\" \/>\r\n    \r\n\r\n    <\/figure>\r\n\r\n            <a class=\"getStartedVisible\" href=\"https:\/\/app.talkpal.ai\/tr\/signup?lng=\">Hadi ba\u015fla<\/a>\r\n    \r\n<\/section>\r\n\r\n\r\n<!-- <section class=\"grammarSection\">\r\n    <div class=\"grammarLinks\">\r\n            <\/div>\r\n<\/section> -->\r\n\r\n\r\n\r\n\r\n<section class=\"promotionalBanner\">\r\n    <p class=\"promotionalText\">Dil \u00f6\u011frenmenin en etkili yolu<\/p>\r\n    <a class=\"promotionalLink\" href=\"https:\/\/app.talkpal.ai\/tr\/signup?lng=\">Talkpal \u00fccretsiz deneyin<\/a>\r\n<\/section>\n<div class=\"wp-block-group pageContainerStyle\"><div class=\"wp-block-group__inner-container is-layout-constrained wp-block-group-is-layout-constrained\">\n<h2 class=\"wp-block-heading\" id=\"h-japanese-grammar-topics\">Japonca Dilbilgisi Konular\u0131<\/h2>\n\n\n\n<p><a href=\"https:\/\/talkpal.ai\/tr\/japonca-ogrenmek-istiyorum-hizli-ve-kolay-baslangic-rehberi\/\">Japonca \u00f6\u011frenmek<\/a>, yepyeni bir k\u00fclt\u00fcr, ileti\u015fim ve ki\u015fisel geli\u015fim d\u00fcnyas\u0131n\u0131n kap\u0131lar\u0131n\u0131 a\u00e7t\u0131\u011f\u0131 i\u00e7in heyecan verici ve \u00f6d\u00fcllendirici bir deneyim olabilir. Japon dili, ilk ba\u015fta g\u00f6z korkutucu g\u00f6r\u00fcnebilecek, ancak tutarl\u0131 <a href=\"https:\/\/talkpal.ai\/es\/descargar-la-aplicacion-talkpal-para-android-e-ios\/\">uygulama<\/a> ve iyi organize edilmi\u015f bir \u00f6\u011frenme plan\u0131 ile ustala\u015f\u0131labilecek benzersiz bir yap\u0131ya ve dilbilgisi sistemine sahiptir. <a href=\"https:\/\/talkpal.ai\/learn-japanese\/\">Japonca<\/a> d\u00fcnyas\u0131na yolculu\u011funuzu kolayla\u015ft\u0131rmak i\u00e7in, temel dilbilgisi konular\u0131n\u0131 g\u00fc\u00e7l\u00fc bir temel olu\u015fturman\u0131za ve sorunsuz bir \u015fekilde ilerlemenize yard\u0131mc\u0131 olacak bir s\u0131rayla k\u00fcmeledik. Bu dilbilgisi \u00f6\u011felerine odaklanarak, Japonca&#8217;da yeterlili\u011fe ula\u015fma yolunda ilerleyeceksiniz.<\/p>\n\n\n\n<h3 class=\"wp-block-heading\" id=\"h-1-particles\">1. Par\u00e7ac\u0131klar:<\/h3>\n\n\n\n<p>Par\u00e7ac\u0131klar, bir c\u00fcmledeki kelimeler aras\u0131ndaki ili\u015fkiyi g\u00f6sterdikleri i\u00e7in Japonca&#8217;da \u00f6nemlidir. Di\u011fer dillerdeki edatlar ve edatlar gibi i\u015flev g\u00f6r\u00fcrler. \u306f (wa), \u304c (ga), \u3092 (wo), \u306b (ni), \u3067 (de) ve \u3068 (to) gibi par\u00e7ac\u0131klar\u0131 \u00f6\u011frenmek, temel c\u00fcmleler kurman\u0131za ve her kelimenin i\u015flevini anlaman\u0131za yard\u0131mc\u0131 olacakt\u0131r.<\/p>\n\n\n\n<h3 class=\"wp-block-heading\" id=\"h-2-nouns\">2. \u0130simler:<\/h3>\n\n\n\n<p>Kendinizi yayg\u0131n isimlere al\u0131\u015ft\u0131rmak, kelime da\u011farc\u0131\u011f\u0131n\u0131z\u0131 geli\u015ftirmeye ba\u015flaman\u0131z\u0131 sa\u011flayacakt\u0131r. Japonca isimlerin cinsiyeti, say\u0131s\u0131 veya artikeli yoktur, bu da \u00f6\u011frenme s\u00fcrecini basitle\u015ftirir.<\/p>\n\n\n\n<h3 class=\"wp-block-heading\" id=\"h-3-pronouns\">3. Zamirler:<\/h3>\n\n\n\n<p>Japonca zamirler insanlara ve \u015feylere at\u0131fta bulunmak i\u00e7in kullan\u0131l\u0131r. Baz\u0131 yayg\u0131n zamirler \u015funlard\u0131r: \u79c1 (watashi &#8211; ben), \u3042\u306a\u305f (anata &#8211; sen), \u5f7c (kare &#8211; o), \u5f7c\u5973 (kanojo &#8211; o) ve \u305d\u308c (sore &#8211; o).<\/p>\n\n\n\n<h3 class=\"wp-block-heading\" id=\"h-4-verb-conjugation\">4. Fiil \u00c7ekimi:<\/h3>\n\n\n\n<p>Japonca fiillerin zaman, nezaket ve di\u011fer fakt\u00f6rlere ba\u011fl\u0131 olarak farkl\u0131 \u00e7ekimleri vard\u0131r. S\u00f6zl\u00fck formu, -masu formu ve -te formu gibi temel fiil formlar\u0131n\u0131 \u00f6\u011frenmek, \u00e7e\u015fitli eylemleri ve durumlar\u0131 ifade etmenize yard\u0131mc\u0131 olacakt\u0131r.<\/p>\n\n\n\n<h3 class=\"wp-block-heading\" id=\"h-5-tenses\">5. Zamanlar:<\/h3>\n\n\n\n<p>Japonca&#8217;n\u0131n ge\u00e7mi\u015f ve ge\u00e7mi\u015f olmayan zamanlar\u0131 vard\u0131r, ikincisi \u015fimdiki ve gelecekteki eylemler i\u00e7in kullan\u0131l\u0131r. Bu zamanlardaki fiillerin nas\u0131l \u00e7ekilece\u011fini anlamak, zaman\u0131 do\u011fru bir \u015fekilde ifade etmenize yard\u0131mc\u0131 olacakt\u0131r.<\/p>\n\n\n\n<h3 class=\"wp-block-heading\" id=\"h-6-adjectives\">6. S\u0131fatlar:<\/h3>\n\n\n\n<p>Japonca s\u0131fatlar iki gruba ayr\u0131l\u0131r: i-s\u0131fatlar ve na-s\u0131fatlar. \u00c7ekim kurallar\u0131n\u0131 ve bunlar\u0131 c\u00fcmle i\u00e7inde nas\u0131l kullanaca\u011f\u0131n\u0131z\u0131 \u00f6\u011frenmek, nesneleri, insanlar\u0131 ve durumlar\u0131 tan\u0131mlaman\u0131za yard\u0131mc\u0131 olacakt\u0131r.<\/p>\n\n\n\n<h3 class=\"wp-block-heading\" id=\"h-7-adverbs\">7. Zarflar:<\/h3>\n\n\n\n<p>Zarflar fiilleri, s\u0131fatlar\u0131 ve di\u011fer zarflar\u0131 de\u011fi\u015ftirerek c\u00fcmlelerinize n\u00fcans katar. Yayg\u0131n Japonca zarflar aras\u0131nda \u901f\u304f (hayaku &#8211; h\u0131zl\u0131), \u3086\u3063\u304f\u308a (yukkuri &#8211; yava\u015f) ve \u3068\u3066\u3082 (totemo &#8211; \u00e7ok) bulunur.<\/p>\n\n\n\n<h3 class=\"wp-block-heading\" id=\"h-8-prepositions\">8. Edatlar:<\/h3>\n\n\n\n<p>Japoncada \u0130ngilizcede oldu\u011fu gibi edatlar bulunmasa da baz\u0131 par\u00e7ac\u0131klar benzer \u015fekilde i\u015flev g\u00f6r\u00fcr. Bu par\u00e7ac\u0131klar\u0131 ve kullan\u0131mlar\u0131n\u0131 \u00f6\u011frenmek, uzamsal ve zamansal ili\u015fkileri ifade etmenize yard\u0131mc\u0131 olacakt\u0131r.<\/p>\n\n\n\n<h3 class=\"wp-block-heading\" id=\"h-9-conjunctions\">9. Ba\u011fla\u00e7lar:<\/h3>\n\n\n\n<p>Ba\u011fla\u00e7lar kelimeleri, c\u00fcmleleri ve c\u00fcmleleri birbirine ba\u011flamak i\u00e7in kullan\u0131l\u0131r. Yayg\u0131n Japonca ba\u011fla\u00e7lar aras\u0131nda \u305d\u3057\u3066 (soshite &#8211; ve), \u3057\u304b\u3057 (shikashi &#8211; ancak) ve \u3060\u304b\u3089 (dakara &#8211; bu nedenle) bulunur.<\/p>\n\n\n\n<h3 class=\"wp-block-heading\" id=\"h-10-sentence-structure\">10. C\u00fcmle Yap\u0131s\u0131:<\/h3>\n\n\n\n<p>Japonca bir \u00f6zne-nesne-fiil (SOV) c\u00fcmle yap\u0131s\u0131n\u0131 takip eder. Bu yap\u0131y\u0131 ve di\u011fer c\u00fcmle kal\u0131plar\u0131n\u0131 anlamak, do\u011fru ve karma\u015f\u0131k c\u00fcmleler olu\u015fturman\u0131za yard\u0131mc\u0131 olacakt\u0131r.<\/p>\n\n\n\n<h3 class=\"wp-block-heading\" id=\"h-11-honorifics\">11. Sayg\u0131 ifadeleri:<\/h3>\n\n\n\n<p>Japonca, nezaket ve sayg\u0131y\u0131 ifade eden karma\u015f\u0131k bir sayg\u0131 ifadesi sistemine sahiptir. \u3067\u3059 (desu) ve \u307e\u3059 (masu) kullan\u0131m\u0131 gibi onursal konu\u015fman\u0131n temellerini \u00f6\u011frenmek, sosyal durumlarda gezinmenize yard\u0131mc\u0131 olacakt\u0131r.<\/p>\n\n\n\n<h3 class=\"wp-block-heading\" id=\"h-12-expressions\">12. \u0130fadeler:<\/h3>\n\n\n\n<p>Yayg\u0131n Japonca ifadelere ve deyimlere a\u015fina olmak, konu\u015fmada daha do\u011fal ve ak\u0131c\u0131 konu\u015fman\u0131za yard\u0131mc\u0131 olacakt\u0131r.<\/p>\n\n\n\n<h3 class=\"wp-block-heading\" id=\"h-13-numbers\">13. Say\u0131lar:<\/h3>\n\n\n\n<p>Japonca, \u00e7e\u015fitli nesneler i\u00e7in farkl\u0131 saya\u00e7lara sahip benzersiz bir say\u0131 sistemine sahiptir. Say\u0131lar\u0131 ba\u011flam i\u00e7inde saymay\u0131 ve kullanmay\u0131 \u00f6\u011frenmek, g\u00fcnl\u00fck ileti\u015fim i\u00e7in \u00e7ok \u00f6nemlidir.<\/p>\n\n\n\n<h3 class=\"wp-block-heading\" id=\"h-14-verbs\">14. Fiiller:<\/h3>\n\n\n\n<p>Son olarak, fiil kelime da\u011farc\u0131\u011f\u0131n\u0131z\u0131 geni\u015fletmek, \u00e7ok \u00e7e\u015fitli eylemleri ve durumlar\u0131 ifade etmenize olanak tan\u0131yarak Japonca&#8217;da daha etkili ileti\u015fim kurman\u0131z\u0131 sa\u011flayacakt\u0131r.<\/p>\n<\/div><\/div>\n\r\n<section class=\"learnNavigationSection\">\r\n            \r\n        <a href=\"https:\/\/talkpal.ai\/tr\/japonca-ogren\/\">\r\n            <div class=\"learnNavigationWrapper\">\r\n                <div class=\"learnNavigationContent\">\r\n                    <img decoding=\"async\" src=\"https:\/\/talkpal.ai\/wp-content\/uploads\/2024\/08\/Japanese.jpg\" alt=\"Japanese Flag\">\r\n                    <div>\r\n                        <h4>Japonca \u00d6\u011frenimi Hakk\u0131nda<\/h4>\r\n                        <p>Japonca dilbilgisi hakk\u0131nda her \u015feyi \u00f6\u011frenin.<\/p>\r\n                    <\/div>\r\n                <\/div>\r\n            <\/div>\r\n        <\/a>\r\n\r\n        \r\n        <a href=\"https:\/\/talkpal.ai\/tr\/japonca-dilbilgisi\/\">\r\n            <div class=\"learnNavigationWrapper\">\r\n                <div class=\"learnNavigationContent\">\r\n                    <img decoding=\"async\" src=\"https:\/\/talkpal.ai\/wp-content\/uploads\/2024\/08\/Japanese.jpg\" alt=\"Japanese Flag\">\r\n                    <div>\r\n                        <h4>Japonca Dilbilgisi Dersleri<\/h4>\r\n                        <p>Japonca dilbilgisi prati\u011fi yap\u0131n.<\/p>\r\n                    <\/div>\r\n                <\/div>\r\n            <\/div>\r\n        <\/a>\r\n\r\n        \r\n        <a href=\"https:\/\/talkpal.ai\/vocabulary_language\/japanese\/\">\r\n            <div class=\"learnNavigationWrapper\">\r\n                <div class=\"learnNavigationContent\">\r\n                    <img decoding=\"async\" src=\"https:\/\/talkpal.ai\/wp-content\/uploads\/2024\/08\/Japanese.jpg\" alt=\"Japanese Flag\">\r\n                    <div>\r\n                        <h4>Japonca Kelime Bilgisi<\/h4>\r\n                        <p>Japonca kelime da\u011farc\u0131\u011f\u0131n\u0131z\u0131 geni\u015fletin.<\/p>\r\n                    <\/div>\r\n                <\/div>\r\n            <\/div>\r\n        <\/a>\r\n\r\n            <\/section>","protected":false},"excerpt":{"rendered":"<p>Japonca Dilbilgisi Konular\u0131 Japonca \u00f6\u011frenmek, yepyeni bir k\u00fclt\u00fcr, ileti\u015fim ve ki\u015fisel geli\u015fim d\u00fcnyas\u0131n\u0131n kap\u0131lar\u0131n\u0131 a\u00e7t\u0131\u011f\u0131 i\u00e7in heyecan verici ve \u00f6d\u00fcllendirici bir deneyim olabilir. Japon dili, ilk ba\u015fta g\u00f6z korkutucu g\u00f6r\u00fcnebilecek, ancak tutarl\u0131 uygulama ve iyi organize edilmi\u015f bir \u00f6\u011frenme plan\u0131 ile ustala\u015f\u0131labilecek benzersiz bir yap\u0131ya ve dilbilgisi sistemine sahiptir. Japonca d\u00fcnyas\u0131na yolculu\u011funuzu kolayla\u015ft\u0131rmak i\u00e7in, temel [&hellip;]<\/p>\n","protected":false},"author":6,"featured_media":107193,"parent":0,"menu_order":0,"comment_status":"closed","ping_status":"closed","template":"LearningContentPage.php","meta":{"_acf_changed":false,"footnotes":""},"class_list":["post-134644","page","type-page","status-publish","has-post-thumbnail","hentry"],"acf":[],"yoast_head":"<!-- This site is optimized with the Yoast SEO Premium plugin v27.2 (Yoast SEO v27.2) - https:\/\/yoast.com\/product\/yoast-seo-premium-wordpress\/ -->\n<title>Japonca Gramer Al\u0131\u015ft\u0131rmalar\u0131 - Talkpal<\/title>\n<meta name=\"description\" content=\"Japonca dilbilgisi becerilerinizi geli\u015ftirin - c\u00fcmle yap\u0131lar\u0131nda ustala\u015f\u0131n, interaktif aktiviteleri uygulay\u0131n ve ak\u0131c\u0131l\u0131\u011f\u0131 art\u0131r\u0131n\" \/>\n<meta name=\"robots\" content=\"index, follow, max-snippet:-1, max-image-preview:large, max-video-preview:-1\" \/>\n<link rel=\"canonical\" href=\"https:\/\/talkpal.ai\/tr\/japonca-gramer-alistirmalari\/\" \/>\n<meta property=\"og:locale\" content=\"tr_TR\" \/>\n<meta property=\"og:type\" content=\"article\" \/>\n<meta property=\"og:title\" content=\"Japonca Gramer Al\u0131\u015ft\u0131rmalar\u0131\" \/>\n<meta property=\"og:description\" content=\"Japonca Dilbilgisi Konular\u0131 Japonca \u00f6\u011frenmek, yepyeni bir k\u00fclt\u00fcr, ileti\u015fim ve ki\u015fisel geli\u015fim d\u00fcnyas\u0131n\u0131n kap\u0131lar\u0131n\u0131 a\u00e7t\u0131\u011f\u0131 i\u00e7in heyecan verici ve\" \/>\n<meta property=\"og:url\" content=\"https:\/\/talkpal.ai\/tr\/japonca-gramer-alistirmalari\/\" \/>\n<meta property=\"og:site_name\" content=\"Talkpal\" \/>\n<meta property=\"article:publisher\" content=\"https:\/\/www.facebook.com\/profile.php?id=100090733639311\" \/>\n<meta property=\"article:modified_time\" content=\"2025-12-17T16:48:13+00:00\" \/>\n<meta property=\"og:image\" content=\"https:\/\/talkpal.ai\/wp-content\/uploads\/2023\/04\/japan.png\" \/>\n\t<meta property=\"og:image:width\" content=\"512\" \/>\n\t<meta property=\"og:image:height\" content=\"512\" \/>\n\t<meta property=\"og:image:type\" content=\"image\/png\" \/>\n<meta name=\"twitter:card\" content=\"summary_large_image\" \/>\n<meta name=\"twitter:site\" content=\"@talkpalai\" \/>\n<meta name=\"twitter:label1\" content=\"Tahmini okuma s\u00fcresi\" \/>\n\t<meta name=\"twitter:data1\" content=\"3 dakika\" \/>\n<script type=\"application\/ld+json\" class=\"yoast-schema-graph\">{\"@context\":\"https:\/\/schema.org\",\"@graph\":[{\"@type\":\"WebPage\",\"@id\":\"https:\/\/talkpal.ai\/tr\/japonca-gramer-alistirmalari\/\",\"url\":\"https:\/\/talkpal.ai\/tr\/japonca-gramer-alistirmalari\/\",\"name\":\"Japonca Gramer Al\u0131\u015ft\u0131rmalar\u0131 - Talkpal\",\"isPartOf\":{\"@id\":\"https:\/\/talkpal.ai\/tr\/#website\"},\"primaryImageOfPage\":{\"@id\":\"https:\/\/talkpal.ai\/tr\/japonca-gramer-alistirmalari\/#primaryimage\"},\"image\":{\"@id\":\"https:\/\/talkpal.ai\/tr\/japonca-gramer-alistirmalari\/#primaryimage\"},\"thumbnailUrl\":\"https:\/\/talkpal.ai\/wp-content\/uploads\/2023\/04\/japan.png\",\"datePublished\":\"2023-06-16T10:21:59+00:00\",\"dateModified\":\"2025-12-17T16:48:13+00:00\",\"description\":\"Japonca dilbilgisi becerilerinizi geli\u015ftirin - c\u00fcmle yap\u0131lar\u0131nda ustala\u015f\u0131n, interaktif aktiviteleri uygulay\u0131n ve ak\u0131c\u0131l\u0131\u011f\u0131 art\u0131r\u0131n\",\"breadcrumb\":{\"@id\":\"https:\/\/talkpal.ai\/tr\/japonca-gramer-alistirmalari\/#breadcrumb\"},\"inLanguage\":\"tr\",\"potentialAction\":[{\"@type\":\"ReadAction\",\"target\":[\"https:\/\/talkpal.ai\/tr\/japonca-gramer-alistirmalari\/\"]}]},{\"@type\":\"ImageObject\",\"inLanguage\":\"tr\",\"@id\":\"https:\/\/talkpal.ai\/tr\/japonca-gramer-alistirmalari\/#primaryimage\",\"url\":\"https:\/\/talkpal.ai\/wp-content\/uploads\/2023\/04\/japan.png\",\"contentUrl\":\"https:\/\/talkpal.ai\/wp-content\/uploads\/2023\/04\/japan.png\",\"width\":512,\"height\":512},{\"@type\":\"BreadcrumbList\",\"@id\":\"https:\/\/talkpal.ai\/tr\/japonca-gramer-alistirmalari\/#breadcrumb\",\"itemListElement\":[{\"@type\":\"ListItem\",\"position\":1,\"name\":\"Homepage\",\"item\":\"https:\/\/talkpal.ai\/tr\/\"},{\"@type\":\"ListItem\",\"position\":2,\"name\":\"Japonca Gramer Al\u0131\u015ft\u0131rmalar\u0131\"}]},{\"@type\":\"WebSite\",\"@id\":\"https:\/\/talkpal.ai\/tr\/#website\",\"url\":\"https:\/\/talkpal.ai\/tr\/\",\"name\":\"Talkpal\",\"description\":\"AI Language Learning\",\"publisher\":{\"@id\":\"https:\/\/talkpal.ai\/tr\/#organization\"},\"alternateName\":\"Talkpal AI\",\"potentialAction\":[{\"@type\":\"SearchAction\",\"target\":{\"@type\":\"EntryPoint\",\"urlTemplate\":\"https:\/\/talkpal.ai\/tr\/?s={search_term_string}\"},\"query-input\":{\"@type\":\"PropertyValueSpecification\",\"valueRequired\":true,\"valueName\":\"search_term_string\"}}],\"inLanguage\":\"tr\"},{\"@type\":\"Organization\",\"@id\":\"https:\/\/talkpal.ai\/tr\/#organization\",\"name\":\"Talkpal, Inc.\",\"alternateName\":\"Talkpal AI\",\"url\":\"https:\/\/talkpal.ai\/tr\/\",\"logo\":{\"@type\":\"ImageObject\",\"inLanguage\":\"tr\",\"@id\":\"https:\/\/talkpal.ai\/tr\/#\/schema\/logo\/image\/\",\"url\":\"https:\/\/talkpal.ai\/wp-content\/uploads\/2024\/03\/Talkpal-Logo-Icon.png\",\"contentUrl\":\"https:\/\/talkpal.ai\/wp-content\/uploads\/2024\/03\/Talkpal-Logo-Icon.png\",\"width\":2880,\"height\":2880,\"caption\":\"Talkpal, Inc.\"},\"image\":{\"@id\":\"https:\/\/talkpal.ai\/tr\/#\/schema\/logo\/image\/\"},\"sameAs\":[\"https:\/\/www.facebook.com\/profile.php?id=100090733639311\",\"https:\/\/x.com\/talkpalai\",\"https:\/\/www.linkedin.com\/company\/talkpal\/\",\"https:\/\/www.youtube.com\/@TalkPal\/\",\"https:\/\/www.tiktok.com\/@talkpal\",\"https:\/\/www.instagram.com\/talkpal_ai\/\",\"https:\/\/www.crunchbase.com\/organization\/talkpal-9cde\",\"https:\/\/www.g2.com\/products\/talkpal-for-business\/\",\"https:\/\/www.trustpilot.com\/review\/talkpal.ai\",\"https:\/\/www.capterra.com\/p\/10006800\/TalkPal\/\"],\"description\":\"Talkpal is a language learning web and mobile education app, powered by the latest AI technologies, that provides engaging experiences to its customers in many different languages to help them improve their language skills. Users can chat about unlimited amount of topics with the app and use other modes to practice their language learning.\",\"email\":\"support@talkpal.ai\",\"legalName\":\"Talkpal, Inc.\",\"foundingDate\":\"2023-04-03\",\"duns\":\"118989042\",\"numberOfEmployees\":{\"@type\":\"QuantitativeValue\",\"minValue\":\"11\",\"maxValue\":\"50\"},\"publishingPrinciples\":\"https:\/\/talkpal.ai\/publishing-principles\/\",\"actionableFeedbackPolicy\":\"https:\/\/talkpal.ai\/actionable-feedback-policy\/\",\"correctionsPolicy\":\"https:\/\/talkpal.ai\/corrections-policy\/\",\"ethicsPolicy\":\"https:\/\/talkpal.ai\/ethics-policy\/\",\"diversityPolicy\":\"https:\/\/talkpal.ai\/diversity-policy\/\",\"diversityStaffingReport\":\"https:\/\/talkpal.ai\/diversity-policy\/\"}]}<\/script>\n<!-- \/ Yoast SEO Premium plugin. -->","yoast_head_json":{"title":"Japonca Gramer Al\u0131\u015ft\u0131rmalar\u0131 - Talkpal","description":"Japonca dilbilgisi becerilerinizi geli\u015ftirin - c\u00fcmle yap\u0131lar\u0131nda ustala\u015f\u0131n, interaktif aktiviteleri uygulay\u0131n ve ak\u0131c\u0131l\u0131\u011f\u0131 art\u0131r\u0131n","robots":{"index":"index","follow":"follow","max-snippet":"max-snippet:-1","max-image-preview":"max-image-preview:large","max-video-preview":"max-video-preview:-1"},"canonical":"https:\/\/talkpal.ai\/tr\/japonca-gramer-alistirmalari\/","og_locale":"tr_TR","og_type":"article","og_title":"Japonca Gramer Al\u0131\u015ft\u0131rmalar\u0131","og_description":"Japonca Dilbilgisi Konular\u0131 Japonca \u00f6\u011frenmek, yepyeni bir k\u00fclt\u00fcr, ileti\u015fim ve ki\u015fisel geli\u015fim d\u00fcnyas\u0131n\u0131n kap\u0131lar\u0131n\u0131 a\u00e7t\u0131\u011f\u0131 i\u00e7in heyecan verici ve","og_url":"https:\/\/talkpal.ai\/tr\/japonca-gramer-alistirmalari\/","og_site_name":"Talkpal","article_publisher":"https:\/\/www.facebook.com\/profile.php?id=100090733639311","article_modified_time":"2025-12-17T16:48:13+00:00","og_image":[{"width":512,"height":512,"url":"https:\/\/talkpal.ai\/wp-content\/uploads\/2023\/04\/japan.png","type":"image\/png"}],"twitter_card":"summary_large_image","twitter_site":"@talkpalai","twitter_misc":{"Tahmini okuma s\u00fcresi":"3 dakika"},"schema":{"@context":"https:\/\/schema.org","@graph":[{"@type":"WebPage","@id":"https:\/\/talkpal.ai\/tr\/japonca-gramer-alistirmalari\/","url":"https:\/\/talkpal.ai\/tr\/japonca-gramer-alistirmalari\/","name":"Japonca Gramer Al\u0131\u015ft\u0131rmalar\u0131 - Talkpal","isPartOf":{"@id":"https:\/\/talkpal.ai\/tr\/#website"},"primaryImageOfPage":{"@id":"https:\/\/talkpal.ai\/tr\/japonca-gramer-alistirmalari\/#primaryimage"},"image":{"@id":"https:\/\/talkpal.ai\/tr\/japonca-gramer-alistirmalari\/#primaryimage"},"thumbnailUrl":"https:\/\/talkpal.ai\/wp-content\/uploads\/2023\/04\/japan.png","datePublished":"2023-06-16T10:21:59+00:00","dateModified":"2025-12-17T16:48:13+00:00","description":"Japonca dilbilgisi becerilerinizi geli\u015ftirin - c\u00fcmle yap\u0131lar\u0131nda ustala\u015f\u0131n, interaktif aktiviteleri uygulay\u0131n ve ak\u0131c\u0131l\u0131\u011f\u0131 art\u0131r\u0131n","breadcrumb":{"@id":"https:\/\/talkpal.ai\/tr\/japonca-gramer-alistirmalari\/#breadcrumb"},"inLanguage":"tr","potentialAction":[{"@type":"ReadAction","target":["https:\/\/talkpal.ai\/tr\/japonca-gramer-alistirmalari\/"]}]},{"@type":"ImageObject","inLanguage":"tr","@id":"https:\/\/talkpal.ai\/tr\/japonca-gramer-alistirmalari\/#primaryimage","url":"https:\/\/talkpal.ai\/wp-content\/uploads\/2023\/04\/japan.png","contentUrl":"https:\/\/talkpal.ai\/wp-content\/uploads\/2023\/04\/japan.png","width":512,"height":512},{"@type":"BreadcrumbList","@id":"https:\/\/talkpal.ai\/tr\/japonca-gramer-alistirmalari\/#breadcrumb","itemListElement":[{"@type":"ListItem","position":1,"name":"Homepage","item":"https:\/\/talkpal.ai\/tr\/"},{"@type":"ListItem","position":2,"name":"Japonca Gramer Al\u0131\u015ft\u0131rmalar\u0131"}]},{"@type":"WebSite","@id":"https:\/\/talkpal.ai\/tr\/#website","url":"https:\/\/talkpal.ai\/tr\/","name":"Talkpal","description":"AI Language Learning","publisher":{"@id":"https:\/\/talkpal.ai\/tr\/#organization"},"alternateName":"Talkpal AI","potentialAction":[{"@type":"SearchAction","target":{"@type":"EntryPoint","urlTemplate":"https:\/\/talkpal.ai\/tr\/?s={search_term_string}"},"query-input":{"@type":"PropertyValueSpecification","valueRequired":true,"valueName":"search_term_string"}}],"inLanguage":"tr"},{"@type":"Organization","@id":"https:\/\/talkpal.ai\/tr\/#organization","name":"Talkpal, Inc.","alternateName":"Talkpal AI","url":"https:\/\/talkpal.ai\/tr\/","logo":{"@type":"ImageObject","inLanguage":"tr","@id":"https:\/\/talkpal.ai\/tr\/#\/schema\/logo\/image\/","url":"https:\/\/talkpal.ai\/wp-content\/uploads\/2024\/03\/Talkpal-Logo-Icon.png","contentUrl":"https:\/\/talkpal.ai\/wp-content\/uploads\/2024\/03\/Talkpal-Logo-Icon.png","width":2880,"height":2880,"caption":"Talkpal, Inc."},"image":{"@id":"https:\/\/talkpal.ai\/tr\/#\/schema\/logo\/image\/"},"sameAs":["https:\/\/www.facebook.com\/profile.php?id=100090733639311","https:\/\/x.com\/talkpalai","https:\/\/www.linkedin.com\/company\/talkpal\/","https:\/\/www.youtube.com\/@TalkPal\/","https:\/\/www.tiktok.com\/@talkpal","https:\/\/www.instagram.com\/talkpal_ai\/","https:\/\/www.crunchbase.com\/organization\/talkpal-9cde","https:\/\/www.g2.com\/products\/talkpal-for-business\/","https:\/\/www.trustpilot.com\/review\/talkpal.ai","https:\/\/www.capterra.com\/p\/10006800\/TalkPal\/"],"description":"Talkpal is a language learning web and mobile education app, powered by the latest AI technologies, that provides engaging experiences to its customers in many different languages to help them improve their language skills. Users can chat about unlimited amount of topics with the app and use other modes to practice their language learning.","email":"support@talkpal.ai","legalName":"Talkpal, Inc.","foundingDate":"2023-04-03","duns":"118989042","numberOfEmployees":{"@type":"QuantitativeValue","minValue":"11","maxValue":"50"},"publishingPrinciples":"https:\/\/talkpal.ai\/publishing-principles\/","actionableFeedbackPolicy":"https:\/\/talkpal.ai\/actionable-feedback-policy\/","correctionsPolicy":"https:\/\/talkpal.ai\/corrections-policy\/","ethicsPolicy":"https:\/\/talkpal.ai\/ethics-policy\/","diversityPolicy":"https:\/\/talkpal.ai\/diversity-policy\/","diversityStaffingReport":"https:\/\/talkpal.ai\/diversity-policy\/"}]}},"_links":{"self":[{"href":"https:\/\/talkpal.ai\/tr\/wp-json\/wp\/v2\/pages\/134644","targetHints":{"allow":["GET"]}}],"collection":[{"href":"https:\/\/talkpal.ai\/tr\/wp-json\/wp\/v2\/pages"}],"about":[{"href":"https:\/\/talkpal.ai\/tr\/wp-json\/wp\/v2\/types\/page"}],"author":[{"embeddable":true,"href":"https:\/\/talkpal.ai\/tr\/wp-json\/wp\/v2\/users\/6"}],"replies":[{"embeddable":true,"href":"https:\/\/talkpal.ai\/tr\/wp-json\/wp\/v2\/comments?post=134644"}],"version-history":[{"count":0,"href":"https:\/\/talkpal.ai\/tr\/wp-json\/wp\/v2\/pages\/134644\/revisions"}],"wp:featuredmedia":[{"embeddable":true,"href":"https:\/\/talkpal.ai\/tr\/wp-json\/wp\/v2\/media\/107193"}],"wp:attachment":[{"href":"https:\/\/talkpal.ai\/tr\/wp-json\/wp\/v2\/media?parent=134644"}],"curies":[{"name":"wp","href":"https:\/\/api.w.org\/{rel}","templated":true}]}}