{"id":134302,"date":"2023-06-16T10:15:21","date_gmt":"2023-06-16T10:15:21","guid":{"rendered":"http:\/\/talkpal.ai\/hintce-dilbilgisi-alistirmalari\/"},"modified":"2025-12-17T16:15:33","modified_gmt":"2025-12-17T16:15:33","slug":"hintce-dilbilgisi-alistirmalari","status":"publish","type":"page","link":"https:\/\/talkpal.ai\/tr\/hintce-dilbilgisi-alistirmalari\/","title":{"rendered":"Hint\u00e7e Dilbilgisi Al\u0131\u015ft\u0131rmalar\u0131"},"content":{"rendered":"\r\n\r\n\r\n<section class=\"languageChallengeSection\">\r\n    <div class=\"languageInfoWrapper\">\r\n        \r\n        <h1>Hint\u00e7e Dilbilgisi Al\u0131\u015ft\u0131rmalar\u0131<\/h1>\r\n        <p><a href=\"https:\/\/talkpal.ai\/learn-hindi\/\">Hint\u00e7e<\/a>&#039;de kendinize daha fazla g\u00fcvenmek mi istiyorsunuz? <a href=\"https:\/\/talkpal.ai\/grammar\/\">Dilbilgisi<\/a> al\u0131\u015ft\u0131rmalar\u0131 yapmak, c\u00fcmle yap\u0131s\u0131, fiil formlar\u0131 ve Hint\u00e7e dilinin benzersiz kal\u0131plar\u0131nda ustala\u015fmak i\u00e7in harika bir yoldur. <a href=\"https:\/\/talkpal.ai\/uz\/hind-grammatikasi\/\">Hint\u00e7e dilbilgisi<\/a> \u00fczerinde \u00e7al\u0131\u015fmaya bug\u00fcn ba\u015flay\u0131n ve her al\u0131\u015ft\u0131rmada anlay\u0131\u015f\u0131n\u0131z\u0131n ve ak\u0131c\u0131l\u0131\u011f\u0131n\u0131z\u0131n artt\u0131\u011f\u0131n\u0131 g\u00f6r\u00fcn!\n\n<\/p>\r\n\r\n                            <a class=\"getStartedHidden\" href=\"https:\/\/app.talkpal.ai\/tr\/signup?lng=\">Hadi ba\u015fla<\/a>\r\n        \r\n    <\/div>\r\n\r\n    <figure>\r\n    <img decoding=\"async\" width=\"768\" height=\"768\" src=\"https:\/\/talkpal.ai\/wp-content\/uploads\/2023\/06\/hindi-768x768.png\" class=\"languageImage no-lazy\" alt=\"Language learning for mental agility\" fetchpriority=\"high\" sizes=\"(max-width: 768px) 150px, 768px\" srcset=\"https:\/\/talkpal.ai\/wp-content\/uploads\/2023\/06\/hindi-768x768.png 768w, https:\/\/talkpal.ai\/wp-content\/uploads\/2023\/06\/hindi-300x300.png 300w\" \/>\r\n    \r\n\r\n    <\/figure>\r\n\r\n            <a class=\"getStartedVisible\" href=\"https:\/\/app.talkpal.ai\/tr\/signup?lng=\">Hadi ba\u015fla<\/a>\r\n    \r\n<\/section>\r\n\r\n\r\n<!-- <section class=\"grammarSection\">\r\n    <div class=\"grammarLinks\">\r\n            <\/div>\r\n<\/section> -->\r\n\r\n\r\n\r\n\r\n<section class=\"promotionalBanner\">\r\n    <p class=\"promotionalText\">Dil \u00f6\u011frenmenin en etkili yolu<\/p>\r\n    <a class=\"promotionalLink\" href=\"https:\/\/app.talkpal.ai\/tr\/signup?lng=\">Talkpal \u00fccretsiz deneyin<\/a>\r\n<\/section>\n<div class=\"wp-block-group pageContainerStyle\"><div class=\"wp-block-group__inner-container is-layout-constrained wp-block-group-is-layout-constrained\">\n<h2 class=\"wp-block-heading\" id=\"h-hindi-grammar-topics\">Hint\u00e7e Dilbilgisi Konular\u0131<\/h2>\n\n\n\n<p>Yeni bir dil \u00f6\u011frenmek, \u00f6zellikle gramerini anlamak ve ustala\u015fmak s\u00f6z konusu oldu\u011funda, heyecan verici <a href=\"https:\/\/talkpal.ai\/locations\/language-courses-in-ama\/\">ama<\/a> zorlu bir deneyim olabilir. D\u00fcnyada en \u00e7ok konu\u015fulan dillerden biri olan Hint\u00e7e, benzersiz ve zengin bir dil deneyimi sunar. Hint\u00e7e \u00f6\u011frenme yolculu\u011funuza \u00e7\u0131karken, dil becerileriniz i\u00e7in g\u00fc\u00e7l\u00fc bir temel olu\u015fturacak temel dilbilgisi konular\u0131n\u0131 kavraman\u0131z \u00e7ok \u00f6nemlidir. Bu k\u0131lavuz, \u00f6\u011frenme s\u00fcrecinizi kolayla\u015ft\u0131racak bir s\u0131rayla k\u00fcmelenmi\u015f temel <a href=\"https:\/\/talkpal.ai\/uz\/hind-grammatikasi\/\">Hint\u00e7e dilbilgisi<\/a> konular\u0131n\u0131 size tan\u0131tacakt\u0131r.<\/p>\n\n\n\n<h3 class=\"wp-block-heading\" id=\"h-1-nouns\">1. \u0130simler:<\/h3>\n\n\n\n<p>Hint\u00e7e \u00f6\u011frenme yolculu\u011funuza, herhangi bir dilin yap\u0131 ta\u015flar\u0131 olduklar\u0131 i\u00e7in isimlerle ba\u015flay\u0131n. Hint\u00e7e&#8217;de isimler iki cinsiyete (eril ve di\u015fil) ayr\u0131l\u0131r ve tekil veya \u00e7o\u011ful olabilir. Hint\u00e7e isimlerin temellerini anlamak, basit c\u00fcmleler ve ifadeler olu\u015fturmaya yard\u0131mc\u0131 olacakt\u0131r.<\/p>\n\n\n\n<h3 class=\"wp-block-heading\" id=\"h-2-pronouns\">2. Zamirler:<\/h3>\n\n\n\n<p>Zamirler bir c\u00fcmledeki isimlerin yerini al\u0131r ve tekrardan ka\u00e7\u0131nmaya yard\u0131mc\u0131 olur. Hint\u00e7e zamirler ki\u015fisel, g\u00f6sterici ve sorgulay\u0131c\u0131 olmak \u00fczere \u00fc\u00e7 kategoriye ayr\u0131l\u0131r. \u0130leti\u015fim becerilerinizi geli\u015ftirmek i\u00e7in farkl\u0131 zamir bi\u00e7imlerine a\u015fina olun.<\/p>\n\n\n\n<h3 class=\"wp-block-heading\" id=\"h-3-adjectives\">3. S\u0131fatlar:<\/h3>\n\n\n\n<p>S\u0131fatlar, isimlerin ve zamirlerin niteliklerini tan\u0131mlar. Hint\u00e7e&#8217;de s\u0131fatlar, cinsiyet ve say\u0131 olarak tan\u0131mlad\u0131klar\u0131 isimle ayn\u0131 fikirdedir. S\u0131fatlar\u0131 \u00f6\u011frenmek, d\u00fc\u015f\u00fcncelerinizi ve fikirlerinizi daha canl\u0131 bir \u015fekilde ifade etmenizi sa\u011flayacakt\u0131r.<\/p>\n\n\n\n<h3 class=\"wp-block-heading\" id=\"h-4-verbs\">4. Fiiller:<\/h3>\n\n\n\n<p>Fiiller, eylemleri veya varl\u0131k durumlar\u0131n\u0131 ifade eder. Hint\u00e7e fiillerin ge\u00e7mi\u015f, \u015fimdiki zaman ve gelecek olmak \u00fczere \u00fc\u00e7 ana zaman\u0131 vard\u0131r ve g\u00f6sterge veya dilek olabilir. Hint\u00e7e fiiller ve \u00e7ekimleri hakk\u0131nda sa\u011flam bir anlay\u0131\u015f kazanmak, eylemleri ve olaylar\u0131 do\u011fru bir \u015fekilde ifade etmenizi sa\u011flayacakt\u0131r.<\/p>\n\n\n\n<h3 class=\"wp-block-heading\" id=\"h-5-tenses-indicative\">5. Zaman G\u00f6stergesi:<\/h3>\n\n\n\n<p>Hint\u00e7e&#8217;deki g\u00f6sterge zamanlar\u0131 ger\u00e7ekleri veya kesinli\u011fi ifade eder ve g\u00fcnl\u00fck konu\u015fmalarda kullan\u0131l\u0131r. A\u00e7\u0131k ve verimli bir \u015fekilde ileti\u015fim kurmak i\u00e7in ge\u00e7mi\u015f, \u015fimdiki ve gelecekteki g\u00f6sterge zamanlar\u0131n\u0131n kurallar\u0131n\u0131 ve \u00e7ekimlerini \u00f6\u011frenin.<\/p>\n\n\n\n<h3 class=\"wp-block-heading\" id=\"h-6-tenses-subjunctive\">6. Zamanlar S\u00fcbjektif:<\/h3>\n\n\n\n<p>Hint\u00e7e&#8217;deki s\u00fcbjektif zamanlar, belirsiz, varsay\u0131msal veya ger\u00e7e\u011fe ayk\u0131r\u0131 eylemleri veya olaylar\u0131 temsil eder. S\u00fcbjektif ruh haline hakim olmak, \u015f\u00fcphe, olas\u0131l\u0131k ve istekleri ifade etmenizi sa\u011flayacakt\u0131r.<\/p>\n\n\n\n<h3 class=\"wp-block-heading\" id=\"h-7-tense-comparison\">7. Gergin Kar\u015f\u0131la\u015ft\u0131rma:<\/h3>\n\n\n\n<p>Hint\u00e7e&#8217;deki farkl\u0131 zamanlar\u0131 kar\u015f\u0131la\u015ft\u0131rmak, zaman i\u00e7indeki eylemler ve olaylar aras\u0131ndaki ili\u015fkileri anlaman\u0131za yard\u0131mc\u0131 olur. Zamansal ili\u015fkiler hakk\u0131nda kapsaml\u0131 bir anlay\u0131\u015f geli\u015ftirmek i\u00e7in \u00e7e\u015fitli zamanlar\u0131 kullanarak c\u00fcmle kurma al\u0131\u015ft\u0131rmas\u0131 yap\u0131n.<\/p>\n\n\n\n<h3 class=\"wp-block-heading\" id=\"h-8-adverbs\">8. Zarflar:<\/h3>\n\n\n\n<p>Zarflar fiilleri, s\u0131fatlar\u0131 veya di\u011fer zarflar\u0131 de\u011fi\u015ftirir ve eylemler veya nitelikler hakk\u0131nda ek bilgi sa\u011flar. Tan\u0131mlay\u0131c\u0131 yeteneklerinizi geli\u015ftirmek i\u00e7in yayg\u0131n Hint\u00e7e zarflar\u0131 ve bunlar\u0131n c\u00fcmle i\u00e7indeki yerle\u015fimlerini \u00f6\u011frenin.<\/p>\n\n\n\n<h3 class=\"wp-block-heading\" id=\"h-9-prepositions\">9. Edatlar:<\/h3>\n\n\n\n<p>Hint\u00e7e edatlar, isimleri, zamirleri veya c\u00fcmleleri bir c\u00fcmledeki di\u011fer kelimelere ba\u011flar. Konum, zaman ve y\u00f6n gibi ili\u015fkileri g\u00f6sterirler. Daha karma\u015f\u0131k c\u00fcmleler olu\u015fturmak i\u00e7in Hint\u00e7e edatlar ve kullan\u0131mlar\u0131 hakk\u0131nda bilgi edinin.<\/p>\n\n\n\n<h3 class=\"wp-block-heading\" id=\"h-10-articles\">10. Makaleler:<\/h3>\n\n\n\n<p>Hint\u00e7e&#8217;de \u0130ngilizce (the, a, an) gibi artikeller yoktur, ancak benzer anlamlar\u0131 iletmek i\u00e7in edatlar kullan\u0131r. Hint\u00e7e&#8217;de edatlar\u0131n kullan\u0131m\u0131n\u0131 anlamak, c\u00fcmlelerinizdeki kesinli\u011fi ve belirsizli\u011fi do\u011fru bir \u015fekilde aktarman\u0131za yard\u0131mc\u0131 olacakt\u0131r.<\/p>\n\n\n\n<h3 class=\"wp-block-heading\" id=\"h-11-sentence-structure\">11. C\u00fcmle Yap\u0131s\u0131:<\/h3>\n\n\n\n<p>Son olarak, \u00d6zne-Nesne-Fiil (SOV) kal\u0131b\u0131n\u0131 takip eden Hint\u00e7e temel c\u00fcmle yap\u0131s\u0131n\u0131 \u00f6\u011frenin. Hint\u00e7e c\u00fcmle yap\u0131s\u0131n\u0131 anlamak, etkili ve net bir \u015fekilde ileti\u015fim kurman\u0131z\u0131 sa\u011flayacakt\u0131r.<\/p>\n\n\n\n<p>Bu Hint\u00e7e dilbilgisi konular\u0131 dizisini takip ederek, Hint\u00e7e anlamak, konu\u015fmak ve yazmak i\u00e7in iyi bir donan\u0131ma sahip olacaks\u0131n\u0131z ve kendinizi Hint\u00e7e konu\u015fulan b\u00f6lgelerin zengin k\u00fclt\u00fcr\u00fcne ve geleneklerine tamamen kapt\u0131rman\u0131za olanak tan\u0131yacaks\u0131n\u0131z.<\/p>\n<\/div><\/div>\n\r\n<section class=\"learnNavigationSection\">\r\n            \r\n        <a href=\"https:\/\/talkpal.ai\/tr\/hintce-ogren\/\">\r\n            <div class=\"learnNavigationWrapper\">\r\n                <div class=\"learnNavigationContent\">\r\n                    <img decoding=\"async\" src=\"https:\/\/talkpal.ai\/wp-content\/uploads\/2024\/08\/Hindi.jpg\" alt=\"Indian Flag\">\r\n                    <div>\r\n                        <h4>Hint\u00e7e \u00d6\u011frenimi Hakk\u0131nda<\/h4>\r\n                        <p>Hint\u00e7e dilbilgisi hakk\u0131nda her \u015feyi \u00f6\u011frenin .<\/p>\r\n                    <\/div>\r\n                <\/div>\r\n            <\/div>\r\n        <\/a>\r\n\r\n        \r\n        <a href=\"https:\/\/talkpal.ai\/tr\/hintce-dilbilgisi\/\">\r\n            <div class=\"learnNavigationWrapper\">\r\n                <div class=\"learnNavigationContent\">\r\n                    <img decoding=\"async\" src=\"https:\/\/talkpal.ai\/wp-content\/uploads\/2024\/08\/Hindi.jpg\" alt=\"Indian Flag\">\r\n                    <div>\r\n                        <h4>Hint\u00e7e Dilbilgisi Dersleri<\/h4>\r\n                        <p>Hint\u00e7e dilbilgisi al\u0131\u015ft\u0131rmas\u0131 yap\u0131n .<\/p>\r\n                    <\/div>\r\n                <\/div>\r\n            <\/div>\r\n        <\/a>\r\n\r\n        \r\n        <a href=\"https:\/\/talkpal.ai\/vocabulary_language\/hindi\/\">\r\n            <div class=\"learnNavigationWrapper\">\r\n                <div class=\"learnNavigationContent\">\r\n                    <img decoding=\"async\" src=\"https:\/\/talkpal.ai\/wp-content\/uploads\/2024\/08\/Hindi.jpg\" alt=\"Indian Flag\">\r\n                    <div>\r\n                        <h4>Hint\u00e7e Kelime Bilgisi<\/h4>\r\n                        <p>Hint\u00e7e kelime da\u011farc\u0131\u011f\u0131n\u0131z\u0131 geni\u015fletin.<\/p>\r\n                    <\/div>\r\n                <\/div>\r\n            <\/div>\r\n        <\/a>\r\n\r\n            <\/section>","protected":false},"excerpt":{"rendered":"<p>Hint\u00e7e Dilbilgisi Konular\u0131 Yeni bir dil \u00f6\u011frenmek, \u00f6zellikle gramerini anlamak ve ustala\u015fmak s\u00f6z konusu oldu\u011funda, heyecan verici ama zorlu bir deneyim olabilir. D\u00fcnyada en \u00e7ok konu\u015fulan dillerden biri olan Hint\u00e7e, benzersiz ve zengin bir dil deneyimi sunar. Hint\u00e7e \u00f6\u011frenme yolculu\u011funuza \u00e7\u0131karken, dil becerileriniz i\u00e7in g\u00fc\u00e7l\u00fc bir temel olu\u015fturacak temel dilbilgisi konular\u0131n\u0131 kavraman\u0131z \u00e7ok \u00f6nemlidir. Bu [&hellip;]<\/p>\n","protected":false},"author":6,"featured_media":188236,"parent":0,"menu_order":0,"comment_status":"closed","ping_status":"closed","template":"LearningContentPage.php","meta":{"_acf_changed":false,"footnotes":""},"class_list":["post-134302","page","type-page","status-publish","has-post-thumbnail","hentry"],"acf":[],"yoast_head":"<!-- This site is optimized with the Yoast SEO Premium plugin v27.2 (Yoast SEO v27.2) - https:\/\/yoast.com\/product\/yoast-seo-premium-wordpress\/ -->\n<title>Hint\u00e7e Dilbilgisi Al\u0131\u015ft\u0131rmalar\u0131 - Talkpal<\/title>\n<meta name=\"description\" content=\"Hint\u00e7e dilbilgisini kolayca uygulay\u0131n - becerilerinizi geli\u015ftirmek ve daha h\u0131zl\u0131 \u00f6\u011frenmek i\u00e7in etkile\u015fimli al\u0131\u015ft\u0131rmalar\u0131 deneyin Talkpal AI.\" \/>\n<meta name=\"robots\" content=\"index, follow, max-snippet:-1, max-image-preview:large, max-video-preview:-1\" \/>\n<link rel=\"canonical\" href=\"https:\/\/talkpal.ai\/tr\/hintce-dilbilgisi-alistirmalari\/\" \/>\n<meta property=\"og:locale\" content=\"tr_TR\" \/>\n<meta property=\"og:type\" content=\"article\" \/>\n<meta property=\"og:title\" content=\"Hint\u00e7e Dilbilgisi Al\u0131\u015ft\u0131rmalar\u0131\" \/>\n<meta property=\"og:description\" content=\"Hint\u00e7e Dilbilgisi Konular\u0131 Yeni bir dil \u00f6\u011frenmek, \u00f6zellikle gramerini anlamak ve ustala\u015fmak s\u00f6z konusu oldu\u011funda, heyecan verici ama zorlu bir deneyim\" \/>\n<meta property=\"og:url\" content=\"https:\/\/talkpal.ai\/tr\/hintce-dilbilgisi-alistirmalari\/\" \/>\n<meta property=\"og:site_name\" content=\"Talkpal\" \/>\n<meta property=\"article:publisher\" content=\"https:\/\/www.facebook.com\/profile.php?id=100090733639311\" \/>\n<meta property=\"article:modified_time\" content=\"2025-12-17T16:15:33+00:00\" \/>\n<meta property=\"og:image\" content=\"https:\/\/talkpal.ai\/wp-content\/uploads\/2024\/02\/india.png\" \/>\n\t<meta property=\"og:image:width\" content=\"517\" \/>\n\t<meta property=\"og:image:height\" content=\"517\" \/>\n\t<meta property=\"og:image:type\" content=\"image\/png\" \/>\n<meta name=\"twitter:card\" content=\"summary_large_image\" \/>\n<meta name=\"twitter:site\" content=\"@talkpalai\" \/>\n<meta name=\"twitter:label1\" content=\"Tahmini okuma s\u00fcresi\" \/>\n\t<meta name=\"twitter:data1\" content=\"3 dakika\" \/>\n<script type=\"application\/ld+json\" class=\"yoast-schema-graph\">{\"@context\":\"https:\/\/schema.org\",\"@graph\":[{\"@type\":\"WebPage\",\"@id\":\"https:\/\/talkpal.ai\/tr\/hintce-dilbilgisi-alistirmalari\/\",\"url\":\"https:\/\/talkpal.ai\/tr\/hintce-dilbilgisi-alistirmalari\/\",\"name\":\"Hint\u00e7e Dilbilgisi Al\u0131\u015ft\u0131rmalar\u0131 - Talkpal\",\"isPartOf\":{\"@id\":\"https:\/\/talkpal.ai\/tr\/#website\"},\"primaryImageOfPage\":{\"@id\":\"https:\/\/talkpal.ai\/tr\/hintce-dilbilgisi-alistirmalari\/#primaryimage\"},\"image\":{\"@id\":\"https:\/\/talkpal.ai\/tr\/hintce-dilbilgisi-alistirmalari\/#primaryimage\"},\"thumbnailUrl\":\"https:\/\/talkpal.ai\/wp-content\/uploads\/2024\/02\/india.png\",\"datePublished\":\"2023-06-16T10:15:21+00:00\",\"dateModified\":\"2025-12-17T16:15:33+00:00\",\"description\":\"Hint\u00e7e dilbilgisini kolayca uygulay\u0131n - becerilerinizi geli\u015ftirmek ve daha h\u0131zl\u0131 \u00f6\u011frenmek i\u00e7in etkile\u015fimli al\u0131\u015ft\u0131rmalar\u0131 deneyin Talkpal AI.\",\"breadcrumb\":{\"@id\":\"https:\/\/talkpal.ai\/tr\/hintce-dilbilgisi-alistirmalari\/#breadcrumb\"},\"inLanguage\":\"tr\",\"potentialAction\":[{\"@type\":\"ReadAction\",\"target\":[\"https:\/\/talkpal.ai\/tr\/hintce-dilbilgisi-alistirmalari\/\"]}]},{\"@type\":\"ImageObject\",\"inLanguage\":\"tr\",\"@id\":\"https:\/\/talkpal.ai\/tr\/hintce-dilbilgisi-alistirmalari\/#primaryimage\",\"url\":\"https:\/\/talkpal.ai\/wp-content\/uploads\/2024\/02\/india.png\",\"contentUrl\":\"https:\/\/talkpal.ai\/wp-content\/uploads\/2024\/02\/india.png\",\"width\":517,\"height\":517,\"caption\":\"TalkPal Indian Flag\"},{\"@type\":\"BreadcrumbList\",\"@id\":\"https:\/\/talkpal.ai\/tr\/hintce-dilbilgisi-alistirmalari\/#breadcrumb\",\"itemListElement\":[{\"@type\":\"ListItem\",\"position\":1,\"name\":\"Homepage\",\"item\":\"https:\/\/talkpal.ai\/tr\/\"},{\"@type\":\"ListItem\",\"position\":2,\"name\":\"Hint\u00e7e Dilbilgisi Al\u0131\u015ft\u0131rmalar\u0131\"}]},{\"@type\":\"WebSite\",\"@id\":\"https:\/\/talkpal.ai\/tr\/#website\",\"url\":\"https:\/\/talkpal.ai\/tr\/\",\"name\":\"Talkpal\",\"description\":\"AI Language Learning\",\"publisher\":{\"@id\":\"https:\/\/talkpal.ai\/tr\/#organization\"},\"alternateName\":\"Talkpal AI\",\"potentialAction\":[{\"@type\":\"SearchAction\",\"target\":{\"@type\":\"EntryPoint\",\"urlTemplate\":\"https:\/\/talkpal.ai\/tr\/?s={search_term_string}\"},\"query-input\":{\"@type\":\"PropertyValueSpecification\",\"valueRequired\":true,\"valueName\":\"search_term_string\"}}],\"inLanguage\":\"tr\"},{\"@type\":\"Organization\",\"@id\":\"https:\/\/talkpal.ai\/tr\/#organization\",\"name\":\"Talkpal, Inc.\",\"alternateName\":\"Talkpal AI\",\"url\":\"https:\/\/talkpal.ai\/tr\/\",\"logo\":{\"@type\":\"ImageObject\",\"inLanguage\":\"tr\",\"@id\":\"https:\/\/talkpal.ai\/tr\/#\/schema\/logo\/image\/\",\"url\":\"https:\/\/talkpal.ai\/wp-content\/uploads\/2024\/03\/Talkpal-Logo-Icon.png\",\"contentUrl\":\"https:\/\/talkpal.ai\/wp-content\/uploads\/2024\/03\/Talkpal-Logo-Icon.png\",\"width\":2880,\"height\":2880,\"caption\":\"Talkpal, Inc.\"},\"image\":{\"@id\":\"https:\/\/talkpal.ai\/tr\/#\/schema\/logo\/image\/\"},\"sameAs\":[\"https:\/\/www.facebook.com\/profile.php?id=100090733639311\",\"https:\/\/x.com\/talkpalai\",\"https:\/\/www.linkedin.com\/company\/talkpal\/\",\"https:\/\/www.youtube.com\/@TalkPal\/\",\"https:\/\/www.tiktok.com\/@talkpal\",\"https:\/\/www.instagram.com\/talkpal_ai\/\",\"https:\/\/www.crunchbase.com\/organization\/talkpal-9cde\",\"https:\/\/www.g2.com\/products\/talkpal-for-business\/\",\"https:\/\/www.trustpilot.com\/review\/talkpal.ai\",\"https:\/\/www.capterra.com\/p\/10006800\/TalkPal\/\"],\"description\":\"Talkpal is a language learning web and mobile education app, powered by the latest AI technologies, that provides engaging experiences to its customers in many different languages to help them improve their language skills. Users can chat about unlimited amount of topics with the app and use other modes to practice their language learning.\",\"email\":\"support@talkpal.ai\",\"legalName\":\"Talkpal, Inc.\",\"foundingDate\":\"2023-04-03\",\"duns\":\"118989042\",\"numberOfEmployees\":{\"@type\":\"QuantitativeValue\",\"minValue\":\"11\",\"maxValue\":\"50\"},\"publishingPrinciples\":\"https:\/\/talkpal.ai\/publishing-principles\/\",\"actionableFeedbackPolicy\":\"https:\/\/talkpal.ai\/actionable-feedback-policy\/\",\"correctionsPolicy\":\"https:\/\/talkpal.ai\/corrections-policy\/\",\"ethicsPolicy\":\"https:\/\/talkpal.ai\/ethics-policy\/\",\"diversityPolicy\":\"https:\/\/talkpal.ai\/diversity-policy\/\",\"diversityStaffingReport\":\"https:\/\/talkpal.ai\/diversity-policy\/\"}]}<\/script>\n<!-- \/ Yoast SEO Premium plugin. -->","yoast_head_json":{"title":"Hint\u00e7e Dilbilgisi Al\u0131\u015ft\u0131rmalar\u0131 - Talkpal","description":"Hint\u00e7e dilbilgisini kolayca uygulay\u0131n - becerilerinizi geli\u015ftirmek ve daha h\u0131zl\u0131 \u00f6\u011frenmek i\u00e7in etkile\u015fimli al\u0131\u015ft\u0131rmalar\u0131 deneyin Talkpal AI.","robots":{"index":"index","follow":"follow","max-snippet":"max-snippet:-1","max-image-preview":"max-image-preview:large","max-video-preview":"max-video-preview:-1"},"canonical":"https:\/\/talkpal.ai\/tr\/hintce-dilbilgisi-alistirmalari\/","og_locale":"tr_TR","og_type":"article","og_title":"Hint\u00e7e Dilbilgisi Al\u0131\u015ft\u0131rmalar\u0131","og_description":"Hint\u00e7e Dilbilgisi Konular\u0131 Yeni bir dil \u00f6\u011frenmek, \u00f6zellikle gramerini anlamak ve ustala\u015fmak s\u00f6z konusu oldu\u011funda, heyecan verici ama zorlu bir deneyim","og_url":"https:\/\/talkpal.ai\/tr\/hintce-dilbilgisi-alistirmalari\/","og_site_name":"Talkpal","article_publisher":"https:\/\/www.facebook.com\/profile.php?id=100090733639311","article_modified_time":"2025-12-17T16:15:33+00:00","og_image":[{"width":517,"height":517,"url":"https:\/\/talkpal.ai\/wp-content\/uploads\/2024\/02\/india.png","type":"image\/png"}],"twitter_card":"summary_large_image","twitter_site":"@talkpalai","twitter_misc":{"Tahmini okuma s\u00fcresi":"3 dakika"},"schema":{"@context":"https:\/\/schema.org","@graph":[{"@type":"WebPage","@id":"https:\/\/talkpal.ai\/tr\/hintce-dilbilgisi-alistirmalari\/","url":"https:\/\/talkpal.ai\/tr\/hintce-dilbilgisi-alistirmalari\/","name":"Hint\u00e7e Dilbilgisi Al\u0131\u015ft\u0131rmalar\u0131 - Talkpal","isPartOf":{"@id":"https:\/\/talkpal.ai\/tr\/#website"},"primaryImageOfPage":{"@id":"https:\/\/talkpal.ai\/tr\/hintce-dilbilgisi-alistirmalari\/#primaryimage"},"image":{"@id":"https:\/\/talkpal.ai\/tr\/hintce-dilbilgisi-alistirmalari\/#primaryimage"},"thumbnailUrl":"https:\/\/talkpal.ai\/wp-content\/uploads\/2024\/02\/india.png","datePublished":"2023-06-16T10:15:21+00:00","dateModified":"2025-12-17T16:15:33+00:00","description":"Hint\u00e7e dilbilgisini kolayca uygulay\u0131n - becerilerinizi geli\u015ftirmek ve daha h\u0131zl\u0131 \u00f6\u011frenmek i\u00e7in etkile\u015fimli al\u0131\u015ft\u0131rmalar\u0131 deneyin Talkpal AI.","breadcrumb":{"@id":"https:\/\/talkpal.ai\/tr\/hintce-dilbilgisi-alistirmalari\/#breadcrumb"},"inLanguage":"tr","potentialAction":[{"@type":"ReadAction","target":["https:\/\/talkpal.ai\/tr\/hintce-dilbilgisi-alistirmalari\/"]}]},{"@type":"ImageObject","inLanguage":"tr","@id":"https:\/\/talkpal.ai\/tr\/hintce-dilbilgisi-alistirmalari\/#primaryimage","url":"https:\/\/talkpal.ai\/wp-content\/uploads\/2024\/02\/india.png","contentUrl":"https:\/\/talkpal.ai\/wp-content\/uploads\/2024\/02\/india.png","width":517,"height":517,"caption":"TalkPal Indian Flag"},{"@type":"BreadcrumbList","@id":"https:\/\/talkpal.ai\/tr\/hintce-dilbilgisi-alistirmalari\/#breadcrumb","itemListElement":[{"@type":"ListItem","position":1,"name":"Homepage","item":"https:\/\/talkpal.ai\/tr\/"},{"@type":"ListItem","position":2,"name":"Hint\u00e7e Dilbilgisi Al\u0131\u015ft\u0131rmalar\u0131"}]},{"@type":"WebSite","@id":"https:\/\/talkpal.ai\/tr\/#website","url":"https:\/\/talkpal.ai\/tr\/","name":"Talkpal","description":"AI Language Learning","publisher":{"@id":"https:\/\/talkpal.ai\/tr\/#organization"},"alternateName":"Talkpal AI","potentialAction":[{"@type":"SearchAction","target":{"@type":"EntryPoint","urlTemplate":"https:\/\/talkpal.ai\/tr\/?s={search_term_string}"},"query-input":{"@type":"PropertyValueSpecification","valueRequired":true,"valueName":"search_term_string"}}],"inLanguage":"tr"},{"@type":"Organization","@id":"https:\/\/talkpal.ai\/tr\/#organization","name":"Talkpal, Inc.","alternateName":"Talkpal AI","url":"https:\/\/talkpal.ai\/tr\/","logo":{"@type":"ImageObject","inLanguage":"tr","@id":"https:\/\/talkpal.ai\/tr\/#\/schema\/logo\/image\/","url":"https:\/\/talkpal.ai\/wp-content\/uploads\/2024\/03\/Talkpal-Logo-Icon.png","contentUrl":"https:\/\/talkpal.ai\/wp-content\/uploads\/2024\/03\/Talkpal-Logo-Icon.png","width":2880,"height":2880,"caption":"Talkpal, Inc."},"image":{"@id":"https:\/\/talkpal.ai\/tr\/#\/schema\/logo\/image\/"},"sameAs":["https:\/\/www.facebook.com\/profile.php?id=100090733639311","https:\/\/x.com\/talkpalai","https:\/\/www.linkedin.com\/company\/talkpal\/","https:\/\/www.youtube.com\/@TalkPal\/","https:\/\/www.tiktok.com\/@talkpal","https:\/\/www.instagram.com\/talkpal_ai\/","https:\/\/www.crunchbase.com\/organization\/talkpal-9cde","https:\/\/www.g2.com\/products\/talkpal-for-business\/","https:\/\/www.trustpilot.com\/review\/talkpal.ai","https:\/\/www.capterra.com\/p\/10006800\/TalkPal\/"],"description":"Talkpal is a language learning web and mobile education app, powered by the latest AI technologies, that provides engaging experiences to its customers in many different languages to help them improve their language skills. Users can chat about unlimited amount of topics with the app and use other modes to practice their language learning.","email":"support@talkpal.ai","legalName":"Talkpal, Inc.","foundingDate":"2023-04-03","duns":"118989042","numberOfEmployees":{"@type":"QuantitativeValue","minValue":"11","maxValue":"50"},"publishingPrinciples":"https:\/\/talkpal.ai\/publishing-principles\/","actionableFeedbackPolicy":"https:\/\/talkpal.ai\/actionable-feedback-policy\/","correctionsPolicy":"https:\/\/talkpal.ai\/corrections-policy\/","ethicsPolicy":"https:\/\/talkpal.ai\/ethics-policy\/","diversityPolicy":"https:\/\/talkpal.ai\/diversity-policy\/","diversityStaffingReport":"https:\/\/talkpal.ai\/diversity-policy\/"}]}},"_links":{"self":[{"href":"https:\/\/talkpal.ai\/tr\/wp-json\/wp\/v2\/pages\/134302","targetHints":{"allow":["GET"]}}],"collection":[{"href":"https:\/\/talkpal.ai\/tr\/wp-json\/wp\/v2\/pages"}],"about":[{"href":"https:\/\/talkpal.ai\/tr\/wp-json\/wp\/v2\/types\/page"}],"author":[{"embeddable":true,"href":"https:\/\/talkpal.ai\/tr\/wp-json\/wp\/v2\/users\/6"}],"replies":[{"embeddable":true,"href":"https:\/\/talkpal.ai\/tr\/wp-json\/wp\/v2\/comments?post=134302"}],"version-history":[{"count":0,"href":"https:\/\/talkpal.ai\/tr\/wp-json\/wp\/v2\/pages\/134302\/revisions"}],"wp:featuredmedia":[{"embeddable":true,"href":"https:\/\/talkpal.ai\/tr\/wp-json\/wp\/v2\/media\/188236"}],"wp:attachment":[{"href":"https:\/\/talkpal.ai\/tr\/wp-json\/wp\/v2\/media?parent=134302"}],"curies":[{"name":"wp","href":"https:\/\/api.w.org\/{rel}","templated":true}]}}