{"id":134212,"date":"2023-06-16T10:07:13","date_gmt":"2023-06-16T10:07:13","guid":{"rendered":"http:\/\/talkpal.ai\/fince-dilbilgisi-alistirmalari\/"},"modified":"2025-12-17T15:31:41","modified_gmt":"2025-12-17T15:31:41","slug":"fince-dilbilgisi-alistirmalari","status":"publish","type":"page","link":"https:\/\/talkpal.ai\/tr\/fince-dilbilgisi-alistirmalari\/","title":{"rendered":"Fince Dilbilgisi Al\u0131\u015ft\u0131rmalar\u0131"},"content":{"rendered":"\r\n\r\n\r\n<section class=\"languageChallengeSection\">\r\n    <div class=\"languageInfoWrapper\">\r\n        \r\n        <h1>Fince Dilbilgisi Al\u0131\u015ft\u0131rmalar\u0131<\/h1>\r\n        <p>Fince&#039;nin e\u015fsiz yap\u0131s\u0131yla ba\u015fa \u00e7\u0131kmaya haz\u0131r m\u0131s\u0131n\u0131z? <a href=\"https:\/\/talkpal.ai\/grammar\/\">Dilbilgisi<\/a> al\u0131\u015ft\u0131rmalar\u0131 yapmak, Finceyi \u00f6zel k\u0131lan kelime sonlar\u0131, haller ve c\u00fcmle kal\u0131plar\u0131 konusunda rahat olmak i\u00e7in harika bir yoldur. Bug\u00fcn <a href=\"https:\/\/talkpal.ai\/learn-finnish\/\">Fince<\/a> dilbilgisine dal\u0131n ve her al\u0131\u015ft\u0131rmada becerilerinizin ve \u00f6zg\u00fcveninizin artt\u0131\u011f\u0131n\u0131 g\u00f6r\u00fcn!<\/p>\r\n\r\n                            <a class=\"getStartedHidden\" href=\"https:\/\/app.talkpal.ai\/tr\/signup?lng=\">Hadi ba\u015fla<\/a>\r\n        \r\n    <\/div>\r\n\r\n    <figure>\r\n    <img decoding=\"async\" width=\"768\" height=\"768\" src=\"https:\/\/talkpal.ai\/wp-content\/uploads\/2023\/06\/Finnish-768x768.png\" class=\"languageImage no-lazy\" alt=\"Develop your language aptitude learning\" fetchpriority=\"high\" sizes=\"(max-width: 768px) 150px, 768px\" srcset=\"https:\/\/talkpal.ai\/wp-content\/uploads\/2023\/06\/Finnish-768x768.png 768w, https:\/\/talkpal.ai\/wp-content\/uploads\/2023\/06\/Finnish-300x300.png 300w\" \/>\r\n    \r\n\r\n    <\/figure>\r\n\r\n            <a class=\"getStartedVisible\" href=\"https:\/\/app.talkpal.ai\/tr\/signup?lng=\">Hadi ba\u015fla<\/a>\r\n    \r\n<\/section>\r\n\r\n\r\n<!-- <section class=\"grammarSection\">\r\n    <div class=\"grammarLinks\">\r\n            <\/div>\r\n<\/section> -->\r\n\r\n\r\n\r\n\r\n<section class=\"promotionalBanner\">\r\n    <p class=\"promotionalText\">Dil \u00f6\u011frenmenin en etkili yolu<\/p>\r\n    <a class=\"promotionalLink\" href=\"https:\/\/app.talkpal.ai\/tr\/signup?lng=\">Talkpal \u00fccretsiz deneyin<\/a>\r\n<\/section>\n<div class=\"wp-block-group pageContainerStyle\"><div class=\"wp-block-group__inner-container is-layout-constrained wp-block-group-is-layout-constrained\">\n<h2 class=\"wp-block-heading\" id=\"h-finnish-grammar-topics\">Fince Dilbilgisi Konular\u0131<\/h2>\n\n\n\n<p><a href=\"https:\/\/talkpal.ai\/tr\/fince-ogrenmek-istiyorum-hizli-ve-kolay-baslangic-rehberi\/\">Fince \u00f6\u011frenmek<\/a>, zengin bir k\u00fclt\u00fcrel tarihe sahip e\u015fsiz ve b\u00fcy\u00fcleyici bir dil oldu\u011fu i\u00e7in <a href=\"https:\/\/talkpal.ai\/talkpal-discount-for-language-enthusiasts\/\">dil merakl\u0131lar\u0131<\/a> i\u00e7in \u00f6d\u00fcllendirici bir deneyim olabilir. <a href=\"https:\/\/talkpal.ai\/finnish-grammar\/\">Fince dilbilgisi<\/a> ilk ba\u015fta zor g\u00f6r\u00fcnebilir, ancak sistematik bir yakla\u015f\u0131mla ve temel konulara odaklanarak istikrarl\u0131 bir ilerleme kaydedebilir ve sonunda bu g\u00fczel dilde ak\u0131c\u0131 hale gelebilirsiniz. Bu k\u0131lavuzda, <a href=\"https:\/\/talkpal.ai\/finnish-grammar\/\">Fince dilbilgisi<\/a> konular\u0131n\u0131, dili etkili bir \u015fekilde \u00f6\u011frenmenize yard\u0131mc\u0131 olacak, zamanlar\u0131, fiilleri, isimleri, artikeller, s\u0131fatlar\u0131, zarflar\u0131, edatlar\u0131 ve c\u00fcmle yap\u0131s\u0131n\u0131 kapsayan bir s\u0131rayla tart\u0131\u015faca\u011f\u0131z.<\/p>\n\n\n\n<h3 class=\"wp-block-heading\" id=\"h-1-nouns\">1. \u0130simler:<\/h3>\n\n\n\n<p>C\u00fcmle kurman\u0131n temelini olu\u015fturduklar\u0131 i\u00e7in Fince isimleri \u00f6\u011frenerek ba\u015flay\u0131n. Fince isimlerin, dilin yap\u0131s\u0131n\u0131 anlamak i\u00e7in gerekli olan 15 durumu vard\u0131r. \u00c7e\u015fitli isim durumlar\u0131n\u0131 ve bir c\u00fcmledeki rollerini \u00f6\u011frenin.<\/p>\n\n\n\n<h3 class=\"wp-block-heading\" id=\"h-2-articles\">2. Makaleler:<\/h3>\n\n\n\n<p>Fince&#8217;de \u0130ngilizce&#8217;deki &#8220;the&#8221; ya da &#8220;a&#8221; gibi artikeller yoktur, bu da \u00f6\u011frencilerin i\u015fini kolayla\u015ft\u0131r\u0131r. Bunun yerine, bir ismin anlam\u0131 ba\u011flam ve durum sonlar\u0131 taraf\u0131ndan belirlenir.<\/p>\n\n\n\n<h3 class=\"wp-block-heading\" id=\"h-3-adjectives\">3. S\u0131fatlar:<\/h3>\n\n\n\n<p>S\u0131fatlar isimleri tan\u0131mlar ve durum ve say\u0131 olarak onlarla ayn\u0131 fikirdedir. C\u00fcmlelerinizi daha a\u00e7\u0131klay\u0131c\u0131 ve etkileyici hale getirmek i\u00e7in s\u0131fatlar\u0131 nas\u0131l olu\u015fturaca\u011f\u0131n\u0131z\u0131 ve kullanaca\u011f\u0131n\u0131z\u0131 \u00f6\u011frenin.<\/p>\n\n\n\n<h3 class=\"wp-block-heading\" id=\"h-4-verbs\">4. Fiiller:<\/h3>\n\n\n\n<p>Fince fiiller, eylemleri ve durumlar\u0131 ifade etmek i\u00e7in \u00e7ok \u00f6nemlidir. Temel fiil \u00e7ekim kal\u0131plar\u0131 ve en yayg\u0131n d\u00fczensiz fiiller hakk\u0131nda bilgi edinin.<\/p>\n\n\n\n<h3 class=\"wp-block-heading\" id=\"h-5-tenses-indicative\">5. Zaman G\u00f6stergesi:<\/h3>\n\n\n\n<p>\u0130fadeleri, ger\u00e7ekleri ve g\u00f6r\u00fc\u015fleri ifade etmek i\u00e7in kullan\u0131lan g\u00f6sterge niteli\u011findeki ruh halini anlay\u0131n. Fince&#8217;nin g\u00f6sterge kipinde d\u00f6rt ana zaman vard\u0131r: \u015fimdiki zaman, ge\u00e7mi\u015f (kusurlu), m\u00fckemmel ve \u00e7o\u011ful. Bu zamanlar\u0131 nas\u0131l do\u011fru olu\u015fturaca\u011f\u0131n\u0131z\u0131 ve kullanaca\u011f\u0131n\u0131z\u0131 \u00f6\u011frenin.<\/p>\n\n\n\n<h3 class=\"wp-block-heading\" id=\"h-6-tenses-potential\">6. Zaman Potansiyeli:<\/h3>\n\n\n\n<p>Potansiyel ruh hali, olas\u0131l\u0131\u011f\u0131, olas\u0131l\u0131\u011f\u0131 veya \u015f\u00fcpheyi ifade etmek i\u00e7in kullan\u0131l\u0131r. \u0130ki zaman\u0131 vard\u0131r: \u015fimdiki potansiyel ve ge\u00e7mi\u015f potansiyel. C\u00fcmlelerinize n\u00fcans eklemek i\u00e7in bu zamanlar\u0131 nas\u0131l olu\u015fturaca\u011f\u0131n\u0131z\u0131 ve kullanaca\u011f\u0131n\u0131z\u0131 \u00f6\u011frenin.<\/p>\n\n\n\n<h3 class=\"wp-block-heading\" id=\"h-7-tenses-imperative\">7. Zaman kipi:<\/h3>\n\n\n\n<p>Emir kipi, emir vermek ve istekte bulunmak i\u00e7in kullan\u0131l\u0131r. Fince&#8217;de emir kipinin nas\u0131l olu\u015fturulaca\u011f\u0131n\u0131 ve \u00e7e\u015fitli durumlarda uygun \u015fekilde nas\u0131l kullan\u0131laca\u011f\u0131n\u0131 \u00f6\u011frenin.<\/p>\n\n\n\n<h3 class=\"wp-block-heading\" id=\"h-8-tense-comparison\">8. Gergin Kar\u015f\u0131la\u015ft\u0131rma:<\/h3>\n\n\n\n<p>Fince&#8217;de farkl\u0131 zaman ve ruh hallerinin nas\u0131l kar\u015f\u0131la\u015ft\u0131r\u0131laca\u011f\u0131n\u0131 anlay\u0131n. Bu beceri, olaylar aras\u0131ndaki karma\u015f\u0131k fikirleri ve ili\u015fkileri ifade etmenizi sa\u011flayacakt\u0131r.<\/p>\n\n\n\n<h3 class=\"wp-block-heading\" id=\"h-9-adverbs\">9. Zarflar:<\/h3>\n\n\n\n<p>Zarflar fiilleri, s\u0131fatlar\u0131 veya di\u011fer zarflar\u0131 de\u011fi\u015ftirerek eylemler veya nitelikler hakk\u0131nda ek bilgi sa\u011flar. Farkl\u0131 zarf t\u00fcrlerini ve bunlar\u0131 c\u00fcmlelerinizde nas\u0131l etkili bir \u015fekilde kullanaca\u011f\u0131n\u0131z\u0131 \u00f6\u011frenin.<\/p>\n\n\n\n<h3 class=\"wp-block-heading\" id=\"h-10-postpositions\">10. G\u00f6revler:<\/h3>\n\n\n\n<p>Fince, kelimeler aras\u0131ndaki ili\u015fkileri belirtmek i\u00e7in edatlar yerine edatlar kullan\u0131r. En yayg\u0131n edatlar\u0131 ve bunlar\u0131n bir c\u00fcmle i\u00e7inde nas\u0131l i\u015fledi\u011fini \u00f6\u011frenin.<\/p>\n\n\n\n<h3 class=\"wp-block-heading\" id=\"h-11-sentence-structure\">11. C\u00fcmle Yap\u0131s\u0131:<\/h3>\n\n\n\n<p>Son olarak, \u00f6zne-fiil-nesne (SVO) modelini takip eden Fince&#8217;nin temel c\u00fcmle yap\u0131s\u0131n\u0131 inceleyin. \u00d6\u011frendi\u011finiz dilbilgisi konular\u0131n\u0131 kullanarak basit ve karma\u015f\u0131k c\u00fcmleler kurmay\u0131 \u00f6\u011frenin ve d\u00fc\u015f\u00fcncelerinizi do\u011fru ve ak\u0131c\u0131 bir \u015fekilde ifade etmek i\u00e7in bunlar\u0131 birle\u015ftirerek pratik yap\u0131n.<\/p>\n<\/div><\/div>\n\r\n<section class=\"learnNavigationSection\">\r\n            \r\n        <a href=\"https:\/\/talkpal.ai\/tr\/fince-ogren\/\">\r\n            <div class=\"learnNavigationWrapper\">\r\n                <div class=\"learnNavigationContent\">\r\n                    <img decoding=\"async\" src=\"https:\/\/talkpal.ai\/wp-content\/uploads\/2024\/08\/Finnish.jpg\" alt=\"Finnish Flag\">\r\n                    <div>\r\n                        <h4>Fince \u00d6\u011frenim Hakk\u0131nda<\/h4>\r\n                        <p>Fince dilbilgisi hakk\u0131nda her \u015feyi \u00f6\u011frenin .<\/p>\r\n                    <\/div>\r\n                <\/div>\r\n            <\/div>\r\n        <\/a>\r\n\r\n        \r\n        <a href=\"https:\/\/talkpal.ai\/tr\/fince-dilbilgisi\/\">\r\n            <div class=\"learnNavigationWrapper\">\r\n                <div class=\"learnNavigationContent\">\r\n                    <img decoding=\"async\" src=\"https:\/\/talkpal.ai\/wp-content\/uploads\/2024\/08\/Finnish.jpg\" alt=\"Finnish Flag\">\r\n                    <div>\r\n                        <h4>Fince Dilbilgisi Dersleri<\/h4>\r\n                        <p>Fince dilbilgisi al\u0131\u015ft\u0131rmas\u0131 yap\u0131n .<\/p>\r\n                    <\/div>\r\n                <\/div>\r\n            <\/div>\r\n        <\/a>\r\n\r\n        \r\n        <a href=\"https:\/\/talkpal.ai\/vocabulary_language\/finnish\/\">\r\n            <div class=\"learnNavigationWrapper\">\r\n                <div class=\"learnNavigationContent\">\r\n                    <img decoding=\"async\" src=\"https:\/\/talkpal.ai\/wp-content\/uploads\/2024\/08\/Finnish.jpg\" alt=\"Finnish Flag\">\r\n                    <div>\r\n                        <h4>Fince Kelime Bilgisi<\/h4>\r\n                        <p>Fince kelime da\u011farc\u0131\u011f\u0131n\u0131z\u0131 geni\u015fletin.<\/p>\r\n                    <\/div>\r\n                <\/div>\r\n            <\/div>\r\n        <\/a>\r\n\r\n            <\/section>\n<p><\/p>\n","protected":false},"excerpt":{"rendered":"<p>Fince Dilbilgisi Konular\u0131 Fince \u00f6\u011frenmek, zengin bir k\u00fclt\u00fcrel tarihe sahip e\u015fsiz ve b\u00fcy\u00fcleyici bir dil oldu\u011fu i\u00e7in dil merakl\u0131lar\u0131 i\u00e7in \u00f6d\u00fcllendirici bir deneyim olabilir. Fince dilbilgisi ilk ba\u015fta zor g\u00f6r\u00fcnebilir, ancak sistematik bir yakla\u015f\u0131mla ve temel konulara odaklanarak istikrarl\u0131 bir ilerleme kaydedebilir ve sonunda bu g\u00fczel dilde ak\u0131c\u0131 hale gelebilirsiniz. Bu k\u0131lavuzda, Fince dilbilgisi konular\u0131n\u0131, [&hellip;]<\/p>\n","protected":false},"author":6,"featured_media":106599,"parent":0,"menu_order":0,"comment_status":"closed","ping_status":"closed","template":"LearningContentPage.php","meta":{"_acf_changed":false,"footnotes":""},"class_list":["post-134212","page","type-page","status-publish","has-post-thumbnail","hentry"],"acf":[],"yoast_head":"<!-- This site is optimized with the Yoast SEO Premium plugin v27.2 (Yoast SEO v27.2) - https:\/\/yoast.com\/product\/yoast-seo-premium-wordpress\/ -->\n<title>Fince Dilbilgisi Al\u0131\u015ft\u0131rmalar\u0131 - Talkpal<\/title>\n<meta name=\"description\" content=\"Bu interaktif ve etkili al\u0131\u015ft\u0131rmalarla Fince dilbilgisi becerilerinizi geli\u015ftirin ve pratik yap\u0131n. T\u00fcm \u00f6\u011frenme seviyeleri i\u00e7in uygundur.\" \/>\n<meta name=\"robots\" content=\"index, follow, max-snippet:-1, max-image-preview:large, max-video-preview:-1\" \/>\n<link rel=\"canonical\" href=\"https:\/\/talkpal.ai\/tr\/fince-dilbilgisi-alistirmalari\/\" \/>\n<meta property=\"og:locale\" content=\"tr_TR\" \/>\n<meta property=\"og:type\" content=\"article\" \/>\n<meta property=\"og:title\" content=\"Fince Dilbilgisi Al\u0131\u015ft\u0131rmalar\u0131\" \/>\n<meta property=\"og:description\" content=\"Fince Dilbilgisi Konular\u0131 Fince \u00f6\u011frenmek, zengin bir k\u00fclt\u00fcrel tarihe sahip e\u015fsiz ve b\u00fcy\u00fcleyici bir dil oldu\u011fu i\u00e7in dil merakl\u0131lar\u0131 i\u00e7in \u00f6d\u00fcllendirici bir\" \/>\n<meta property=\"og:url\" content=\"https:\/\/talkpal.ai\/tr\/fince-dilbilgisi-alistirmalari\/\" \/>\n<meta property=\"og:site_name\" content=\"Talkpal\" \/>\n<meta property=\"article:publisher\" content=\"https:\/\/www.facebook.com\/profile.php?id=100090733639311\" \/>\n<meta property=\"article:modified_time\" content=\"2025-12-17T15:31:41+00:00\" \/>\n<meta property=\"og:image\" content=\"https:\/\/talkpal.ai\/wp-content\/uploads\/2023\/04\/finland.png\" \/>\n\t<meta property=\"og:image:width\" content=\"512\" \/>\n\t<meta property=\"og:image:height\" content=\"512\" \/>\n\t<meta property=\"og:image:type\" content=\"image\/png\" \/>\n<meta name=\"twitter:card\" content=\"summary_large_image\" \/>\n<meta name=\"twitter:site\" content=\"@talkpalai\" \/>\n<meta name=\"twitter:label1\" content=\"Tahmini okuma s\u00fcresi\" \/>\n\t<meta name=\"twitter:data1\" content=\"3 dakika\" \/>\n<script type=\"application\/ld+json\" class=\"yoast-schema-graph\">{\"@context\":\"https:\/\/schema.org\",\"@graph\":[{\"@type\":\"WebPage\",\"@id\":\"https:\/\/talkpal.ai\/tr\/fince-dilbilgisi-alistirmalari\/\",\"url\":\"https:\/\/talkpal.ai\/tr\/fince-dilbilgisi-alistirmalari\/\",\"name\":\"Fince Dilbilgisi Al\u0131\u015ft\u0131rmalar\u0131 - Talkpal\",\"isPartOf\":{\"@id\":\"https:\/\/talkpal.ai\/tr\/#website\"},\"primaryImageOfPage\":{\"@id\":\"https:\/\/talkpal.ai\/tr\/fince-dilbilgisi-alistirmalari\/#primaryimage\"},\"image\":{\"@id\":\"https:\/\/talkpal.ai\/tr\/fince-dilbilgisi-alistirmalari\/#primaryimage\"},\"thumbnailUrl\":\"https:\/\/talkpal.ai\/wp-content\/uploads\/2023\/04\/finland.png\",\"datePublished\":\"2023-06-16T10:07:13+00:00\",\"dateModified\":\"2025-12-17T15:31:41+00:00\",\"description\":\"Bu interaktif ve etkili al\u0131\u015ft\u0131rmalarla Fince dilbilgisi becerilerinizi geli\u015ftirin ve pratik yap\u0131n. T\u00fcm \u00f6\u011frenme seviyeleri i\u00e7in uygundur.\",\"breadcrumb\":{\"@id\":\"https:\/\/talkpal.ai\/tr\/fince-dilbilgisi-alistirmalari\/#breadcrumb\"},\"inLanguage\":\"tr\",\"potentialAction\":[{\"@type\":\"ReadAction\",\"target\":[\"https:\/\/talkpal.ai\/tr\/fince-dilbilgisi-alistirmalari\/\"]}]},{\"@type\":\"ImageObject\",\"inLanguage\":\"tr\",\"@id\":\"https:\/\/talkpal.ai\/tr\/fince-dilbilgisi-alistirmalari\/#primaryimage\",\"url\":\"https:\/\/talkpal.ai\/wp-content\/uploads\/2023\/04\/finland.png\",\"contentUrl\":\"https:\/\/talkpal.ai\/wp-content\/uploads\/2023\/04\/finland.png\",\"width\":512,\"height\":512,\"caption\":\"TalkPal finland Flag\"},{\"@type\":\"BreadcrumbList\",\"@id\":\"https:\/\/talkpal.ai\/tr\/fince-dilbilgisi-alistirmalari\/#breadcrumb\",\"itemListElement\":[{\"@type\":\"ListItem\",\"position\":1,\"name\":\"Homepage\",\"item\":\"https:\/\/talkpal.ai\/tr\/\"},{\"@type\":\"ListItem\",\"position\":2,\"name\":\"Fince Dilbilgisi Al\u0131\u015ft\u0131rmalar\u0131\"}]},{\"@type\":\"WebSite\",\"@id\":\"https:\/\/talkpal.ai\/tr\/#website\",\"url\":\"https:\/\/talkpal.ai\/tr\/\",\"name\":\"Talkpal\",\"description\":\"AI Language Learning\",\"publisher\":{\"@id\":\"https:\/\/talkpal.ai\/tr\/#organization\"},\"alternateName\":\"Talkpal AI\",\"potentialAction\":[{\"@type\":\"SearchAction\",\"target\":{\"@type\":\"EntryPoint\",\"urlTemplate\":\"https:\/\/talkpal.ai\/tr\/?s={search_term_string}\"},\"query-input\":{\"@type\":\"PropertyValueSpecification\",\"valueRequired\":true,\"valueName\":\"search_term_string\"}}],\"inLanguage\":\"tr\"},{\"@type\":\"Organization\",\"@id\":\"https:\/\/talkpal.ai\/tr\/#organization\",\"name\":\"Talkpal, Inc.\",\"alternateName\":\"Talkpal AI\",\"url\":\"https:\/\/talkpal.ai\/tr\/\",\"logo\":{\"@type\":\"ImageObject\",\"inLanguage\":\"tr\",\"@id\":\"https:\/\/talkpal.ai\/tr\/#\/schema\/logo\/image\/\",\"url\":\"https:\/\/talkpal.ai\/wp-content\/uploads\/2024\/03\/Talkpal-Logo-Icon.png\",\"contentUrl\":\"https:\/\/talkpal.ai\/wp-content\/uploads\/2024\/03\/Talkpal-Logo-Icon.png\",\"width\":2880,\"height\":2880,\"caption\":\"Talkpal, Inc.\"},\"image\":{\"@id\":\"https:\/\/talkpal.ai\/tr\/#\/schema\/logo\/image\/\"},\"sameAs\":[\"https:\/\/www.facebook.com\/profile.php?id=100090733639311\",\"https:\/\/x.com\/talkpalai\",\"https:\/\/www.linkedin.com\/company\/talkpal\/\",\"https:\/\/www.youtube.com\/@TalkPal\/\",\"https:\/\/www.tiktok.com\/@talkpal\",\"https:\/\/www.instagram.com\/talkpal_ai\/\",\"https:\/\/www.crunchbase.com\/organization\/talkpal-9cde\",\"https:\/\/www.g2.com\/products\/talkpal-for-business\/\",\"https:\/\/www.trustpilot.com\/review\/talkpal.ai\",\"https:\/\/www.capterra.com\/p\/10006800\/TalkPal\/\"],\"description\":\"Talkpal is a language learning web and mobile education app, powered by the latest AI technologies, that provides engaging experiences to its customers in many different languages to help them improve their language skills. Users can chat about unlimited amount of topics with the app and use other modes to practice their language learning.\",\"email\":\"support@talkpal.ai\",\"legalName\":\"Talkpal, Inc.\",\"foundingDate\":\"2023-04-03\",\"duns\":\"118989042\",\"numberOfEmployees\":{\"@type\":\"QuantitativeValue\",\"minValue\":\"11\",\"maxValue\":\"50\"},\"publishingPrinciples\":\"https:\/\/talkpal.ai\/publishing-principles\/\",\"actionableFeedbackPolicy\":\"https:\/\/talkpal.ai\/actionable-feedback-policy\/\",\"correctionsPolicy\":\"https:\/\/talkpal.ai\/corrections-policy\/\",\"ethicsPolicy\":\"https:\/\/talkpal.ai\/ethics-policy\/\",\"diversityPolicy\":\"https:\/\/talkpal.ai\/diversity-policy\/\",\"diversityStaffingReport\":\"https:\/\/talkpal.ai\/diversity-policy\/\"}]}<\/script>\n<!-- \/ Yoast SEO Premium plugin. -->","yoast_head_json":{"title":"Fince Dilbilgisi Al\u0131\u015ft\u0131rmalar\u0131 - Talkpal","description":"Bu interaktif ve etkili al\u0131\u015ft\u0131rmalarla Fince dilbilgisi becerilerinizi geli\u015ftirin ve pratik yap\u0131n. T\u00fcm \u00f6\u011frenme seviyeleri i\u00e7in uygundur.","robots":{"index":"index","follow":"follow","max-snippet":"max-snippet:-1","max-image-preview":"max-image-preview:large","max-video-preview":"max-video-preview:-1"},"canonical":"https:\/\/talkpal.ai\/tr\/fince-dilbilgisi-alistirmalari\/","og_locale":"tr_TR","og_type":"article","og_title":"Fince Dilbilgisi Al\u0131\u015ft\u0131rmalar\u0131","og_description":"Fince Dilbilgisi Konular\u0131 Fince \u00f6\u011frenmek, zengin bir k\u00fclt\u00fcrel tarihe sahip e\u015fsiz ve b\u00fcy\u00fcleyici bir dil oldu\u011fu i\u00e7in dil merakl\u0131lar\u0131 i\u00e7in \u00f6d\u00fcllendirici bir","og_url":"https:\/\/talkpal.ai\/tr\/fince-dilbilgisi-alistirmalari\/","og_site_name":"Talkpal","article_publisher":"https:\/\/www.facebook.com\/profile.php?id=100090733639311","article_modified_time":"2025-12-17T15:31:41+00:00","og_image":[{"width":512,"height":512,"url":"https:\/\/talkpal.ai\/wp-content\/uploads\/2023\/04\/finland.png","type":"image\/png"}],"twitter_card":"summary_large_image","twitter_site":"@talkpalai","twitter_misc":{"Tahmini okuma s\u00fcresi":"3 dakika"},"schema":{"@context":"https:\/\/schema.org","@graph":[{"@type":"WebPage","@id":"https:\/\/talkpal.ai\/tr\/fince-dilbilgisi-alistirmalari\/","url":"https:\/\/talkpal.ai\/tr\/fince-dilbilgisi-alistirmalari\/","name":"Fince Dilbilgisi Al\u0131\u015ft\u0131rmalar\u0131 - Talkpal","isPartOf":{"@id":"https:\/\/talkpal.ai\/tr\/#website"},"primaryImageOfPage":{"@id":"https:\/\/talkpal.ai\/tr\/fince-dilbilgisi-alistirmalari\/#primaryimage"},"image":{"@id":"https:\/\/talkpal.ai\/tr\/fince-dilbilgisi-alistirmalari\/#primaryimage"},"thumbnailUrl":"https:\/\/talkpal.ai\/wp-content\/uploads\/2023\/04\/finland.png","datePublished":"2023-06-16T10:07:13+00:00","dateModified":"2025-12-17T15:31:41+00:00","description":"Bu interaktif ve etkili al\u0131\u015ft\u0131rmalarla Fince dilbilgisi becerilerinizi geli\u015ftirin ve pratik yap\u0131n. T\u00fcm \u00f6\u011frenme seviyeleri i\u00e7in uygundur.","breadcrumb":{"@id":"https:\/\/talkpal.ai\/tr\/fince-dilbilgisi-alistirmalari\/#breadcrumb"},"inLanguage":"tr","potentialAction":[{"@type":"ReadAction","target":["https:\/\/talkpal.ai\/tr\/fince-dilbilgisi-alistirmalari\/"]}]},{"@type":"ImageObject","inLanguage":"tr","@id":"https:\/\/talkpal.ai\/tr\/fince-dilbilgisi-alistirmalari\/#primaryimage","url":"https:\/\/talkpal.ai\/wp-content\/uploads\/2023\/04\/finland.png","contentUrl":"https:\/\/talkpal.ai\/wp-content\/uploads\/2023\/04\/finland.png","width":512,"height":512,"caption":"TalkPal finland Flag"},{"@type":"BreadcrumbList","@id":"https:\/\/talkpal.ai\/tr\/fince-dilbilgisi-alistirmalari\/#breadcrumb","itemListElement":[{"@type":"ListItem","position":1,"name":"Homepage","item":"https:\/\/talkpal.ai\/tr\/"},{"@type":"ListItem","position":2,"name":"Fince Dilbilgisi Al\u0131\u015ft\u0131rmalar\u0131"}]},{"@type":"WebSite","@id":"https:\/\/talkpal.ai\/tr\/#website","url":"https:\/\/talkpal.ai\/tr\/","name":"Talkpal","description":"AI Language Learning","publisher":{"@id":"https:\/\/talkpal.ai\/tr\/#organization"},"alternateName":"Talkpal AI","potentialAction":[{"@type":"SearchAction","target":{"@type":"EntryPoint","urlTemplate":"https:\/\/talkpal.ai\/tr\/?s={search_term_string}"},"query-input":{"@type":"PropertyValueSpecification","valueRequired":true,"valueName":"search_term_string"}}],"inLanguage":"tr"},{"@type":"Organization","@id":"https:\/\/talkpal.ai\/tr\/#organization","name":"Talkpal, Inc.","alternateName":"Talkpal AI","url":"https:\/\/talkpal.ai\/tr\/","logo":{"@type":"ImageObject","inLanguage":"tr","@id":"https:\/\/talkpal.ai\/tr\/#\/schema\/logo\/image\/","url":"https:\/\/talkpal.ai\/wp-content\/uploads\/2024\/03\/Talkpal-Logo-Icon.png","contentUrl":"https:\/\/talkpal.ai\/wp-content\/uploads\/2024\/03\/Talkpal-Logo-Icon.png","width":2880,"height":2880,"caption":"Talkpal, Inc."},"image":{"@id":"https:\/\/talkpal.ai\/tr\/#\/schema\/logo\/image\/"},"sameAs":["https:\/\/www.facebook.com\/profile.php?id=100090733639311","https:\/\/x.com\/talkpalai","https:\/\/www.linkedin.com\/company\/talkpal\/","https:\/\/www.youtube.com\/@TalkPal\/","https:\/\/www.tiktok.com\/@talkpal","https:\/\/www.instagram.com\/talkpal_ai\/","https:\/\/www.crunchbase.com\/organization\/talkpal-9cde","https:\/\/www.g2.com\/products\/talkpal-for-business\/","https:\/\/www.trustpilot.com\/review\/talkpal.ai","https:\/\/www.capterra.com\/p\/10006800\/TalkPal\/"],"description":"Talkpal is a language learning web and mobile education app, powered by the latest AI technologies, that provides engaging experiences to its customers in many different languages to help them improve their language skills. Users can chat about unlimited amount of topics with the app and use other modes to practice their language learning.","email":"support@talkpal.ai","legalName":"Talkpal, Inc.","foundingDate":"2023-04-03","duns":"118989042","numberOfEmployees":{"@type":"QuantitativeValue","minValue":"11","maxValue":"50"},"publishingPrinciples":"https:\/\/talkpal.ai\/publishing-principles\/","actionableFeedbackPolicy":"https:\/\/talkpal.ai\/actionable-feedback-policy\/","correctionsPolicy":"https:\/\/talkpal.ai\/corrections-policy\/","ethicsPolicy":"https:\/\/talkpal.ai\/ethics-policy\/","diversityPolicy":"https:\/\/talkpal.ai\/diversity-policy\/","diversityStaffingReport":"https:\/\/talkpal.ai\/diversity-policy\/"}]}},"_links":{"self":[{"href":"https:\/\/talkpal.ai\/tr\/wp-json\/wp\/v2\/pages\/134212","targetHints":{"allow":["GET"]}}],"collection":[{"href":"https:\/\/talkpal.ai\/tr\/wp-json\/wp\/v2\/pages"}],"about":[{"href":"https:\/\/talkpal.ai\/tr\/wp-json\/wp\/v2\/types\/page"}],"author":[{"embeddable":true,"href":"https:\/\/talkpal.ai\/tr\/wp-json\/wp\/v2\/users\/6"}],"replies":[{"embeddable":true,"href":"https:\/\/talkpal.ai\/tr\/wp-json\/wp\/v2\/comments?post=134212"}],"version-history":[{"count":0,"href":"https:\/\/talkpal.ai\/tr\/wp-json\/wp\/v2\/pages\/134212\/revisions"}],"wp:featuredmedia":[{"embeddable":true,"href":"https:\/\/talkpal.ai\/tr\/wp-json\/wp\/v2\/media\/106599"}],"wp:attachment":[{"href":"https:\/\/talkpal.ai\/tr\/wp-json\/wp\/v2\/media?parent=134212"}],"curies":[{"name":"wp","href":"https:\/\/api.w.org\/{rel}","templated":true}]}}