{"id":133874,"date":"2023-06-16T10:01:38","date_gmt":"2023-06-16T10:01:38","guid":{"rendered":"http:\/\/talkpal.ai\/isvecce-dilbilgisi-alistirmalari\/"},"modified":"2025-12-17T15:29:22","modified_gmt":"2025-12-17T15:29:22","slug":"isvecce-dilbilgisi-alistirmalari","status":"publish","type":"page","link":"https:\/\/talkpal.ai\/tr\/isvecce-dilbilgisi-alistirmalari\/","title":{"rendered":"\u0130sve\u00e7\u00e7e Dilbilgisi Al\u0131\u015ft\u0131rmalar\u0131"},"content":{"rendered":"\r\n\r\n\r\n<section class=\"languageChallengeSection\">\r\n    <div class=\"languageInfoWrapper\">\r\n        \r\n        <h1>\u0130sve\u00e7\u00e7e Dilbilgisi Al\u0131\u015ft\u0131rmalar\u0131<\/h1>\r\n        <p>\u0130sve\u00e7\u00e7enizi geli\u015ftirmeye haz\u0131r m\u0131s\u0131n\u0131z? Dilbilgisi al\u0131\u015ft\u0131rmalar\u0131 yapmak, c\u00fcmle yap\u0131s\u0131, fiil formlar\u0131 ve \u0130sve\u00e7 dilinin kendine \u00f6zg\u00fc kal\u0131plar\u0131 konusunda uzmanla\u015fmak i\u00e7in harika bir yoldur. \u0130sve\u00e7\u00e7e dilbilgisi \u00fczerinde \u00e7al\u0131\u015fmaya bug\u00fcn ba\u015flay\u0131n ve her al\u0131\u015ft\u0131rmada becerilerinizin ve \u00f6zg\u00fcveninizin artmas\u0131n\u0131 izleyin!\n\n<\/p>\r\n\r\n                            <a class=\"getStartedHidden\" href=\"https:\/\/app.talkpal.ai\/tr\/signup?lng=\">Hadi ba\u015fla<\/a>\r\n        \r\n    <\/div>\r\n\r\n    <figure>\r\n    <img decoding=\"async\" width=\"768\" height=\"768\" src=\"https:\/\/talkpal.ai\/wp-content\/uploads\/2023\/06\/swedish-768x768.png\" class=\"languageImage no-lazy\" alt=\"Language learning for improved concentration\" fetchpriority=\"high\" sizes=\"(max-width: 768px) 150px, 768px\" srcset=\"https:\/\/talkpal.ai\/wp-content\/uploads\/2023\/06\/swedish-768x768.png 768w, https:\/\/talkpal.ai\/wp-content\/uploads\/2023\/06\/swedish-300x300.png 300w\" \/>\r\n    \r\n\r\n    <\/figure>\r\n\r\n            <a class=\"getStartedVisible\" href=\"https:\/\/app.talkpal.ai\/tr\/signup?lng=\">Hadi ba\u015fla<\/a>\r\n    \r\n<\/section>\r\n\r\n\r\n<!-- <section class=\"grammarSection\">\r\n    <div class=\"grammarLinks\">\r\n            <\/div>\r\n<\/section> -->\r\n\r\n\r\n\r\n\r\n<section class=\"promotionalBanner\">\r\n    <p class=\"promotionalText\">Dil \u00f6\u011frenmenin en etkili yolu<\/p>\r\n    <a class=\"promotionalLink\" href=\"https:\/\/app.talkpal.ai\/tr\/signup?lng=\">Talkpal \u00fccretsiz deneyin<\/a>\r\n<\/section>\n<div class=\"wp-block-group pageContainerStyle\"><div class=\"wp-block-group__inner-container is-layout-constrained wp-block-group-is-layout-constrained\">\n<h2 class=\"wp-block-heading\" id=\"h-swedish-grammar-topics\">\u0130sve\u00e7\u00e7e Dilbilgisi Konular\u0131<\/h2>\n\n\n\n<p>\u0130sve\u00e7&#8217;in resmi dili ve Finlandiya&#8217;n\u0131n resmi dillerinden biri olan \u0130sve\u00e7\u00e7e \u00f6\u011frenmek \u00f6d\u00fcllendirici bir deneyim olabilir. Sizi sadece zengin bir k\u00fclt\u00fcr ve tarihle tan\u0131\u015ft\u0131rmakla kalmayacak, ayn\u0131 zamanda 10 milyondan fazla anadili \u0130ngilizce olan ki\u015fiyle ileti\u015fim kurman\u0131z\u0131 da kolayla\u015ft\u0131racakt\u0131r. \u0130sve\u00e7\u00e7eyi etkili bir \u015fekilde \u00f6\u011frenmek i\u00e7in, \u00e7e\u015fitli dilbilgisi konular\u0131n\u0131 ve bunlar\u0131n birbirleriyle nas\u0131l ili\u015fkili oldu\u011funu anlamak \u00f6nemlidir. Bu k\u0131lavuz, dil becerilerinizi kademeli ve etkili bir \u015fekilde geli\u015ftirmenize yard\u0131mc\u0131 olacak bir s\u0131rayla d\u00fczenlenmi\u015f temel \u0130sve\u00e7\u00e7e dilbilgisi konular\u0131na genel bir bak\u0131\u015f sa\u011flayacakt\u0131r.<\/p>\n\n\n\n<h3 class=\"wp-block-heading\" id=\"h-1-nouns\">1. \u0130simler:<\/h3>\n\n\n\n<p>\u0130sve\u00e7\u00e7e dil yolculu\u011funuza, herhangi bir dilin yap\u0131 ta\u015flar\u0131 olduklar\u0131 i\u00e7in isimleri tan\u0131yarak ba\u015flay\u0131n. \u0130sve\u00e7\u00e7e&#8217;de isimlerin, onlarla birlikte kullan\u0131lan makaleleri ve s\u0131fatlar\u0131 etkileyen iki cinsiyeti (ortak ve n\u00f6tr) vard\u0131r. Ayr\u0131ca tekil ve \u00e7o\u011ful bi\u00e7imlerinin yan\u0131 s\u0131ra belirli ve belirsiz bi\u00e7imleri de vard\u0131r.<\/p>\n\n\n\n<h3 class=\"wp-block-heading\" id=\"h-2-articles\">2. Makaleler:<\/h3>\n\n\n\n<p>\u0130simleri anlad\u0131ktan sonra, bir ismin cinsiyetini ve say\u0131s\u0131n\u0131 belirlemede gerekli olan makalelere ge\u00e7in. \u0130sve\u00e7\u00e7e, de\u011fi\u015ftirdikleri ismin cinsiyeti ve say\u0131s\u0131 ile ayn\u0131 fikirde olan belirli ve belirsiz artikellere sahiptir.<\/p>\n\n\n\n<h3 class=\"wp-block-heading\" id=\"h-3-adjectives\">3. S\u0131fatlar:<\/h3>\n\n\n\n<p>S\u0131fatlar, isimleri tan\u0131mlamak ve de\u011fi\u015ftirdikleri isimle cinsiyet, say\u0131 ve kesinlik a\u00e7\u0131s\u0131ndan anla\u015fmak i\u00e7in kullan\u0131l\u0131r. S\u0131fatlar\u0131 \u00f6\u011frenmek, \u0130sve\u00e7\u00e7e&#8217;de daha karma\u015f\u0131k fikirleri ve a\u00e7\u0131klamalar\u0131 ifade etmenize yard\u0131mc\u0131 olacakt\u0131r.<\/p>\n\n\n\n<h3 class=\"wp-block-heading\" id=\"h-4-pronouns\">4. Zamirler:<\/h3>\n\n\n\n<p>Zamirler c\u00fcmlelerde isimlerin yerini al\u0131r ve konu\u015fman\u0131z\u0131 daha ak\u0131c\u0131 ve do\u011fal hale getirmek i\u00e7in gereklidir. \u0130sve\u00e7\u00e7e&#8217;de ki\u015fisel, iyelik, d\u00f6n\u00fc\u015fl\u00fc ve ilgi zamirleri vard\u0131r ve her birinin kendi anla\u015fma ve kullan\u0131m kurallar\u0131 vard\u0131r.<\/p>\n\n\n\n<h3 class=\"wp-block-heading\" id=\"h-5-verbs\">5. Fiiller:<\/h3>\n\n\n\n<p>Fiiller eylemleri, olaylar\u0131 veya varl\u0131k durumlar\u0131n\u0131 ifade eder ve herhangi bir dilin \u00e7ok \u00f6nemli bir par\u00e7as\u0131d\u0131r. \u0130sve\u00e7\u00e7e&#8217;de fiiller zaman ve ruh haline g\u00f6re \u00e7ekimlenir. En yayg\u0131n ve kullan\u0131\u015fl\u0131 bi\u00e7im olan \u015fimdiki zaman g\u00f6stergesini \u00f6\u011frenerek ba\u015flay\u0131n.<\/p>\n\n\n\n<h3 class=\"wp-block-heading\" id=\"h-6-tenses-indicative\">6. Zaman G\u00f6stergesi:<\/h3>\n\n\n\n<p>\u015eimdiki zamandan yola \u00e7\u0131karak, g\u00f6sterge modunda ge\u00e7mi\u015f ve gelecek zamanlar\u0131 \u00f6\u011frenin. Bunlar, \u0130sve\u00e7\u00e7e ileti\u015fim kurma yetene\u011finizi geni\u015fleterek, ger\u00e7ekle\u015fmi\u015f veya ger\u00e7ekle\u015fecek olaylar ve eylemler hakk\u0131nda konu\u015fman\u0131za olanak tan\u0131r.<\/p>\n\n\n\n<h3 class=\"wp-block-heading\" id=\"h-7-tenses-subjunctive\">7. Zaman S\u00fcbjektifi:<\/h3>\n\n\n\n<p>G\u00f6stergeden daha az yayg\u0131n olmas\u0131na ra\u011fmen, s\u00fcbjektif ruh hali, varsay\u0131msal veya belirsiz olaylar\u0131 ifade etmek i\u00e7in kullan\u0131l\u0131r. Fiillerin dilek bi\u00e7imlerini \u00f6\u011frenmek, daha incelikli fikirleri ifade etme yetene\u011finizi geli\u015ftirecektir.<\/p>\n\n\n\n<h3 class=\"wp-block-heading\" id=\"h-8-tense-comparison\">8. Gergin Kar\u015f\u0131la\u015ft\u0131rma:<\/h3>\n\n\n\n<p>Farkl\u0131 zamanlar\u0131 nas\u0131l kar\u015f\u0131la\u015ft\u0131raca\u011f\u0131n\u0131z\u0131 anlamak, zaman ve olaylar hakk\u0131nda daha karma\u015f\u0131k fikirler ifade etmenizi sa\u011flayacakt\u0131r. Bu, ge\u00e7mi\u015f ve gelecek zamanlar\u0131n birlikte nas\u0131l kullan\u0131laca\u011f\u0131n\u0131 bilmenin yan\u0131 s\u0131ra farkl\u0131 zamanlar\u0131n karma\u015f\u0131k c\u00fcmlelerde nas\u0131l etkile\u015fime girdi\u011fini anlamay\u0131 da i\u00e7erir.<\/p>\n\n\n\n<h3 class=\"wp-block-heading\" id=\"h-9-adverbs\">9. Zarflar:<\/h3>\n\n\n\n<p>Zarflar fiilleri, s\u0131fatlar\u0131 veya di\u011fer zarflar\u0131 de\u011fi\u015ftirerek eylemler veya nitelikler hakk\u0131nda ek bilgi sa\u011flar. \u0130sve\u00e7\u00e7e zarflar\u0131 \u00f6\u011frenmek, fikirleri daha kesin ve etkili bir \u015fekilde ifade etmenize yard\u0131mc\u0131 olacakt\u0131r.<\/p>\n\n\n\n<h3 class=\"wp-block-heading\" id=\"h-10-prepositions\">10. Edatlar:<\/h3>\n\n\n\n<p>Edatlar, isimleri, zamirleri ve c\u00fcmleleri bir c\u00fcmledeki di\u011fer kelimelere ba\u011flayarak konum, y\u00f6n ve zaman gibi ili\u015fkileri ifade eder. Edatlara hakim olmak, \u0130sve\u00e7\u00e7e&#8217;de a\u00e7\u0131k ve anlaml\u0131 c\u00fcmleler kurmak i\u00e7in esast\u0131r.<\/p>\n\n\n\n<h3 class=\"wp-block-heading\" id=\"h-11-sentence-structure\">11. C\u00fcmle Yap\u0131s\u0131:<\/h3>\n\n\n\n<p>Son olarak, \u0130sve\u00e7\u00e7e c\u00fcmle yap\u0131s\u0131n\u0131n temel kurallar\u0131n\u0131 anlamak, \u00f6nceki t\u00fcm dilbilgisi konular\u0131n\u0131 bir araya getirecek, iyi bi\u00e7imlendirilmi\u015f c\u00fcmleler olu\u015fturman\u0131za ve kendinizi dilde do\u011fru ve etkili bir \u015fekilde ifade etmenize olanak sa\u011flayacakt\u0131r.<\/p>\n<\/div><\/div>\n\r\n<section class=\"learnNavigationSection\">\r\n            \r\n        <a href=\"https:\/\/talkpal.ai\/tr\/isvecce-ogren\/\">\r\n            <div class=\"learnNavigationWrapper\">\r\n                <div class=\"learnNavigationContent\">\r\n                    <img decoding=\"async\" src=\"https:\/\/talkpal.ai\/wp-content\/uploads\/2024\/08\/Swedish.jpg\" alt=\"Swedish Flag\">\r\n                    <div>\r\n                        <h4>Swedish Learning Hakk\u0131nda<\/h4>\r\n                        <p>\u0130sve\u00e7\u00e7e dilbilgisi hakk\u0131nda her \u015feyi \u00f6\u011frenin.<\/p>\r\n                    <\/div>\r\n                <\/div>\r\n            <\/div>\r\n        <\/a>\r\n\r\n        \r\n        <a href=\"https:\/\/talkpal.ai\/tr\/isvecce-dilbilgisi\/\">\r\n            <div class=\"learnNavigationWrapper\">\r\n                <div class=\"learnNavigationContent\">\r\n                    <img decoding=\"async\" src=\"https:\/\/talkpal.ai\/wp-content\/uploads\/2024\/08\/Swedish.jpg\" alt=\"Swedish Flag\">\r\n                    <div>\r\n                        <h4>\u0130sve\u00e7\u00e7e Dilbilgisi Al\u0131\u015ft\u0131rmas\u0131<\/h4>\r\n                        <p>\u0130sve\u00e7\u00e7e dilbilgisi al\u0131\u015ft\u0131rmas\u0131 yap\u0131n .<\/p>\r\n                    <\/div>\r\n                <\/div>\r\n            <\/div>\r\n        <\/a>\r\n\r\n        \r\n        <a href=\"https:\/\/talkpal.ai\/vocabulary_language\/swedish\/\">\r\n            <div class=\"learnNavigationWrapper\">\r\n                <div class=\"learnNavigationContent\">\r\n                    <img decoding=\"async\" src=\"https:\/\/talkpal.ai\/wp-content\/uploads\/2024\/08\/Swedish.jpg\" alt=\"Swedish Flag\">\r\n                    <div>\r\n                        <h4>\u0130sve\u00e7\u00e7e Kelime Bilgisi<\/h4>\r\n                        <p>\u0130sve\u00e7\u00e7e kelime da\u011farc\u0131\u011f\u0131n\u0131z\u0131 geni\u015fletin.<\/p>\r\n                    <\/div>\r\n                <\/div>\r\n            <\/div>\r\n        <\/a>\r\n\r\n            <\/section>","protected":false},"excerpt":{"rendered":"<p>\u0130sve\u00e7\u00e7e Dilbilgisi Konular\u0131 \u0130sve\u00e7&#8217;in resmi dili ve Finlandiya&#8217;n\u0131n resmi dillerinden biri olan \u0130sve\u00e7\u00e7e \u00f6\u011frenmek \u00f6d\u00fcllendirici bir deneyim olabilir. Sizi sadece zengin bir k\u00fclt\u00fcr ve tarihle tan\u0131\u015ft\u0131rmakla kalmayacak, ayn\u0131 zamanda 10 milyondan fazla anadili \u0130ngilizce olan ki\u015fiyle ileti\u015fim kurman\u0131z\u0131 da kolayla\u015ft\u0131racakt\u0131r. \u0130sve\u00e7\u00e7eyi etkili bir \u015fekilde \u00f6\u011frenmek i\u00e7in, \u00e7e\u015fitli dilbilgisi konular\u0131n\u0131 ve bunlar\u0131n birbirleriyle nas\u0131l ili\u015fkili oldu\u011funu [&hellip;]<\/p>\n","protected":false},"author":6,"featured_media":108247,"parent":0,"menu_order":0,"comment_status":"closed","ping_status":"closed","template":"LearningContentPage.php","meta":{"_acf_changed":false,"footnotes":""},"class_list":["post-133874","page","type-page","status-publish","has-post-thumbnail","hentry"],"acf":[],"yoast_head":"<!-- This site is optimized with the Yoast SEO Premium plugin v27.2 (Yoast SEO v27.2) - https:\/\/yoast.com\/product\/yoast-seo-premium-wordpress\/ -->\n<title>\u0130sve\u00e7\u00e7e Dilbilgisi Al\u0131\u015ft\u0131rmalar\u0131 - Talkpal<\/title>\n<meta name=\"description\" content=\"T\u00fcm seviyelerdeki \u00f6\u011frenciler i\u00e7in tasarlanm\u0131\u015f ilgi \u00e7ekici \u0130sve\u00e7\u00e7e Dilbilgisi Al\u0131\u015ft\u0131rmalar\u0131 ile dil becerilerinizi geli\u015ftirin.\" \/>\n<meta name=\"robots\" content=\"index, follow, max-snippet:-1, max-image-preview:large, max-video-preview:-1\" \/>\n<link rel=\"canonical\" href=\"https:\/\/talkpal.ai\/tr\/isvecce-dilbilgisi-alistirmalari\/\" \/>\n<meta property=\"og:locale\" content=\"tr_TR\" \/>\n<meta property=\"og:type\" content=\"article\" \/>\n<meta property=\"og:title\" content=\"\u0130sve\u00e7\u00e7e Dilbilgisi Al\u0131\u015ft\u0131rmalar\u0131\" \/>\n<meta property=\"og:description\" content=\"\u0130sve\u00e7\u00e7e Dilbilgisi Konular\u0131 \u0130sve\u00e7&#039;in resmi dili ve Finlandiya&#039;n\u0131n resmi dillerinden biri olan \u0130sve\u00e7\u00e7e \u00f6\u011frenmek \u00f6d\u00fcllendirici bir deneyim olabilir. Sizi\" \/>\n<meta property=\"og:url\" content=\"https:\/\/talkpal.ai\/tr\/isvecce-dilbilgisi-alistirmalari\/\" \/>\n<meta property=\"og:site_name\" content=\"Talkpal\" \/>\n<meta property=\"article:publisher\" content=\"https:\/\/www.facebook.com\/profile.php?id=100090733639311\" \/>\n<meta property=\"article:modified_time\" content=\"2025-12-17T15:29:22+00:00\" \/>\n<meta property=\"og:image\" content=\"https:\/\/talkpal.ai\/wp-content\/uploads\/2023\/04\/sweden.png\" \/>\n\t<meta property=\"og:image:width\" content=\"512\" \/>\n\t<meta property=\"og:image:height\" content=\"512\" \/>\n\t<meta property=\"og:image:type\" content=\"image\/png\" \/>\n<meta name=\"twitter:card\" content=\"summary_large_image\" \/>\n<meta name=\"twitter:site\" content=\"@talkpalai\" \/>\n<meta name=\"twitter:label1\" content=\"Tahmini okuma s\u00fcresi\" \/>\n\t<meta name=\"twitter:data1\" content=\"3 dakika\" \/>\n<script type=\"application\/ld+json\" class=\"yoast-schema-graph\">{\"@context\":\"https:\/\/schema.org\",\"@graph\":[{\"@type\":\"WebPage\",\"@id\":\"https:\/\/talkpal.ai\/tr\/isvecce-dilbilgisi-alistirmalari\/\",\"url\":\"https:\/\/talkpal.ai\/tr\/isvecce-dilbilgisi-alistirmalari\/\",\"name\":\"\u0130sve\u00e7\u00e7e Dilbilgisi Al\u0131\u015ft\u0131rmalar\u0131 - Talkpal\",\"isPartOf\":{\"@id\":\"https:\/\/talkpal.ai\/tr\/#website\"},\"primaryImageOfPage\":{\"@id\":\"https:\/\/talkpal.ai\/tr\/isvecce-dilbilgisi-alistirmalari\/#primaryimage\"},\"image\":{\"@id\":\"https:\/\/talkpal.ai\/tr\/isvecce-dilbilgisi-alistirmalari\/#primaryimage\"},\"thumbnailUrl\":\"https:\/\/talkpal.ai\/wp-content\/uploads\/2023\/04\/sweden.png\",\"datePublished\":\"2023-06-16T10:01:38+00:00\",\"dateModified\":\"2025-12-17T15:29:22+00:00\",\"description\":\"T\u00fcm seviyelerdeki \u00f6\u011frenciler i\u00e7in tasarlanm\u0131\u015f ilgi \u00e7ekici \u0130sve\u00e7\u00e7e Dilbilgisi Al\u0131\u015ft\u0131rmalar\u0131 ile dil becerilerinizi geli\u015ftirin.\",\"breadcrumb\":{\"@id\":\"https:\/\/talkpal.ai\/tr\/isvecce-dilbilgisi-alistirmalari\/#breadcrumb\"},\"inLanguage\":\"tr\",\"potentialAction\":[{\"@type\":\"ReadAction\",\"target\":[\"https:\/\/talkpal.ai\/tr\/isvecce-dilbilgisi-alistirmalari\/\"]}]},{\"@type\":\"ImageObject\",\"inLanguage\":\"tr\",\"@id\":\"https:\/\/talkpal.ai\/tr\/isvecce-dilbilgisi-alistirmalari\/#primaryimage\",\"url\":\"https:\/\/talkpal.ai\/wp-content\/uploads\/2023\/04\/sweden.png\",\"contentUrl\":\"https:\/\/talkpal.ai\/wp-content\/uploads\/2023\/04\/sweden.png\",\"width\":512,\"height\":512},{\"@type\":\"BreadcrumbList\",\"@id\":\"https:\/\/talkpal.ai\/tr\/isvecce-dilbilgisi-alistirmalari\/#breadcrumb\",\"itemListElement\":[{\"@type\":\"ListItem\",\"position\":1,\"name\":\"Homepage\",\"item\":\"https:\/\/talkpal.ai\/tr\/\"},{\"@type\":\"ListItem\",\"position\":2,\"name\":\"\u0130sve\u00e7\u00e7e Dilbilgisi Al\u0131\u015ft\u0131rmalar\u0131\"}]},{\"@type\":\"WebSite\",\"@id\":\"https:\/\/talkpal.ai\/tr\/#website\",\"url\":\"https:\/\/talkpal.ai\/tr\/\",\"name\":\"Talkpal\",\"description\":\"AI Language Learning\",\"publisher\":{\"@id\":\"https:\/\/talkpal.ai\/tr\/#organization\"},\"alternateName\":\"Talkpal AI\",\"potentialAction\":[{\"@type\":\"SearchAction\",\"target\":{\"@type\":\"EntryPoint\",\"urlTemplate\":\"https:\/\/talkpal.ai\/tr\/?s={search_term_string}\"},\"query-input\":{\"@type\":\"PropertyValueSpecification\",\"valueRequired\":true,\"valueName\":\"search_term_string\"}}],\"inLanguage\":\"tr\"},{\"@type\":\"Organization\",\"@id\":\"https:\/\/talkpal.ai\/tr\/#organization\",\"name\":\"Talkpal, Inc.\",\"alternateName\":\"Talkpal AI\",\"url\":\"https:\/\/talkpal.ai\/tr\/\",\"logo\":{\"@type\":\"ImageObject\",\"inLanguage\":\"tr\",\"@id\":\"https:\/\/talkpal.ai\/tr\/#\/schema\/logo\/image\/\",\"url\":\"https:\/\/talkpal.ai\/wp-content\/uploads\/2024\/03\/Talkpal-Logo-Icon.png\",\"contentUrl\":\"https:\/\/talkpal.ai\/wp-content\/uploads\/2024\/03\/Talkpal-Logo-Icon.png\",\"width\":2880,\"height\":2880,\"caption\":\"Talkpal, Inc.\"},\"image\":{\"@id\":\"https:\/\/talkpal.ai\/tr\/#\/schema\/logo\/image\/\"},\"sameAs\":[\"https:\/\/www.facebook.com\/profile.php?id=100090733639311\",\"https:\/\/x.com\/talkpalai\",\"https:\/\/www.linkedin.com\/company\/talkpal\/\",\"https:\/\/www.youtube.com\/@TalkPal\/\",\"https:\/\/www.tiktok.com\/@talkpal\",\"https:\/\/www.instagram.com\/talkpal_ai\/\",\"https:\/\/www.crunchbase.com\/organization\/talkpal-9cde\",\"https:\/\/www.g2.com\/products\/talkpal-for-business\/\",\"https:\/\/www.trustpilot.com\/review\/talkpal.ai\",\"https:\/\/www.capterra.com\/p\/10006800\/TalkPal\/\"],\"description\":\"Talkpal is a language learning web and mobile education app, powered by the latest AI technologies, that provides engaging experiences to its customers in many different languages to help them improve their language skills. Users can chat about unlimited amount of topics with the app and use other modes to practice their language learning.\",\"email\":\"support@talkpal.ai\",\"legalName\":\"Talkpal, Inc.\",\"foundingDate\":\"2023-04-03\",\"duns\":\"118989042\",\"numberOfEmployees\":{\"@type\":\"QuantitativeValue\",\"minValue\":\"11\",\"maxValue\":\"50\"},\"publishingPrinciples\":\"https:\/\/talkpal.ai\/publishing-principles\/\",\"actionableFeedbackPolicy\":\"https:\/\/talkpal.ai\/actionable-feedback-policy\/\",\"correctionsPolicy\":\"https:\/\/talkpal.ai\/corrections-policy\/\",\"ethicsPolicy\":\"https:\/\/talkpal.ai\/ethics-policy\/\",\"diversityPolicy\":\"https:\/\/talkpal.ai\/diversity-policy\/\",\"diversityStaffingReport\":\"https:\/\/talkpal.ai\/diversity-policy\/\"}]}<\/script>\n<!-- \/ Yoast SEO Premium plugin. -->","yoast_head_json":{"title":"\u0130sve\u00e7\u00e7e Dilbilgisi Al\u0131\u015ft\u0131rmalar\u0131 - Talkpal","description":"T\u00fcm seviyelerdeki \u00f6\u011frenciler i\u00e7in tasarlanm\u0131\u015f ilgi \u00e7ekici \u0130sve\u00e7\u00e7e Dilbilgisi Al\u0131\u015ft\u0131rmalar\u0131 ile dil becerilerinizi geli\u015ftirin.","robots":{"index":"index","follow":"follow","max-snippet":"max-snippet:-1","max-image-preview":"max-image-preview:large","max-video-preview":"max-video-preview:-1"},"canonical":"https:\/\/talkpal.ai\/tr\/isvecce-dilbilgisi-alistirmalari\/","og_locale":"tr_TR","og_type":"article","og_title":"\u0130sve\u00e7\u00e7e Dilbilgisi Al\u0131\u015ft\u0131rmalar\u0131","og_description":"\u0130sve\u00e7\u00e7e Dilbilgisi Konular\u0131 \u0130sve\u00e7'in resmi dili ve Finlandiya'n\u0131n resmi dillerinden biri olan \u0130sve\u00e7\u00e7e \u00f6\u011frenmek \u00f6d\u00fcllendirici bir deneyim olabilir. Sizi","og_url":"https:\/\/talkpal.ai\/tr\/isvecce-dilbilgisi-alistirmalari\/","og_site_name":"Talkpal","article_publisher":"https:\/\/www.facebook.com\/profile.php?id=100090733639311","article_modified_time":"2025-12-17T15:29:22+00:00","og_image":[{"width":512,"height":512,"url":"https:\/\/talkpal.ai\/wp-content\/uploads\/2023\/04\/sweden.png","type":"image\/png"}],"twitter_card":"summary_large_image","twitter_site":"@talkpalai","twitter_misc":{"Tahmini okuma s\u00fcresi":"3 dakika"},"schema":{"@context":"https:\/\/schema.org","@graph":[{"@type":"WebPage","@id":"https:\/\/talkpal.ai\/tr\/isvecce-dilbilgisi-alistirmalari\/","url":"https:\/\/talkpal.ai\/tr\/isvecce-dilbilgisi-alistirmalari\/","name":"\u0130sve\u00e7\u00e7e Dilbilgisi Al\u0131\u015ft\u0131rmalar\u0131 - Talkpal","isPartOf":{"@id":"https:\/\/talkpal.ai\/tr\/#website"},"primaryImageOfPage":{"@id":"https:\/\/talkpal.ai\/tr\/isvecce-dilbilgisi-alistirmalari\/#primaryimage"},"image":{"@id":"https:\/\/talkpal.ai\/tr\/isvecce-dilbilgisi-alistirmalari\/#primaryimage"},"thumbnailUrl":"https:\/\/talkpal.ai\/wp-content\/uploads\/2023\/04\/sweden.png","datePublished":"2023-06-16T10:01:38+00:00","dateModified":"2025-12-17T15:29:22+00:00","description":"T\u00fcm seviyelerdeki \u00f6\u011frenciler i\u00e7in tasarlanm\u0131\u015f ilgi \u00e7ekici \u0130sve\u00e7\u00e7e Dilbilgisi Al\u0131\u015ft\u0131rmalar\u0131 ile dil becerilerinizi geli\u015ftirin.","breadcrumb":{"@id":"https:\/\/talkpal.ai\/tr\/isvecce-dilbilgisi-alistirmalari\/#breadcrumb"},"inLanguage":"tr","potentialAction":[{"@type":"ReadAction","target":["https:\/\/talkpal.ai\/tr\/isvecce-dilbilgisi-alistirmalari\/"]}]},{"@type":"ImageObject","inLanguage":"tr","@id":"https:\/\/talkpal.ai\/tr\/isvecce-dilbilgisi-alistirmalari\/#primaryimage","url":"https:\/\/talkpal.ai\/wp-content\/uploads\/2023\/04\/sweden.png","contentUrl":"https:\/\/talkpal.ai\/wp-content\/uploads\/2023\/04\/sweden.png","width":512,"height":512},{"@type":"BreadcrumbList","@id":"https:\/\/talkpal.ai\/tr\/isvecce-dilbilgisi-alistirmalari\/#breadcrumb","itemListElement":[{"@type":"ListItem","position":1,"name":"Homepage","item":"https:\/\/talkpal.ai\/tr\/"},{"@type":"ListItem","position":2,"name":"\u0130sve\u00e7\u00e7e Dilbilgisi Al\u0131\u015ft\u0131rmalar\u0131"}]},{"@type":"WebSite","@id":"https:\/\/talkpal.ai\/tr\/#website","url":"https:\/\/talkpal.ai\/tr\/","name":"Talkpal","description":"AI Language Learning","publisher":{"@id":"https:\/\/talkpal.ai\/tr\/#organization"},"alternateName":"Talkpal AI","potentialAction":[{"@type":"SearchAction","target":{"@type":"EntryPoint","urlTemplate":"https:\/\/talkpal.ai\/tr\/?s={search_term_string}"},"query-input":{"@type":"PropertyValueSpecification","valueRequired":true,"valueName":"search_term_string"}}],"inLanguage":"tr"},{"@type":"Organization","@id":"https:\/\/talkpal.ai\/tr\/#organization","name":"Talkpal, Inc.","alternateName":"Talkpal AI","url":"https:\/\/talkpal.ai\/tr\/","logo":{"@type":"ImageObject","inLanguage":"tr","@id":"https:\/\/talkpal.ai\/tr\/#\/schema\/logo\/image\/","url":"https:\/\/talkpal.ai\/wp-content\/uploads\/2024\/03\/Talkpal-Logo-Icon.png","contentUrl":"https:\/\/talkpal.ai\/wp-content\/uploads\/2024\/03\/Talkpal-Logo-Icon.png","width":2880,"height":2880,"caption":"Talkpal, Inc."},"image":{"@id":"https:\/\/talkpal.ai\/tr\/#\/schema\/logo\/image\/"},"sameAs":["https:\/\/www.facebook.com\/profile.php?id=100090733639311","https:\/\/x.com\/talkpalai","https:\/\/www.linkedin.com\/company\/talkpal\/","https:\/\/www.youtube.com\/@TalkPal\/","https:\/\/www.tiktok.com\/@talkpal","https:\/\/www.instagram.com\/talkpal_ai\/","https:\/\/www.crunchbase.com\/organization\/talkpal-9cde","https:\/\/www.g2.com\/products\/talkpal-for-business\/","https:\/\/www.trustpilot.com\/review\/talkpal.ai","https:\/\/www.capterra.com\/p\/10006800\/TalkPal\/"],"description":"Talkpal is a language learning web and mobile education app, powered by the latest AI technologies, that provides engaging experiences to its customers in many different languages to help them improve their language skills. Users can chat about unlimited amount of topics with the app and use other modes to practice their language learning.","email":"support@talkpal.ai","legalName":"Talkpal, Inc.","foundingDate":"2023-04-03","duns":"118989042","numberOfEmployees":{"@type":"QuantitativeValue","minValue":"11","maxValue":"50"},"publishingPrinciples":"https:\/\/talkpal.ai\/publishing-principles\/","actionableFeedbackPolicy":"https:\/\/talkpal.ai\/actionable-feedback-policy\/","correctionsPolicy":"https:\/\/talkpal.ai\/corrections-policy\/","ethicsPolicy":"https:\/\/talkpal.ai\/ethics-policy\/","diversityPolicy":"https:\/\/talkpal.ai\/diversity-policy\/","diversityStaffingReport":"https:\/\/talkpal.ai\/diversity-policy\/"}]}},"_links":{"self":[{"href":"https:\/\/talkpal.ai\/tr\/wp-json\/wp\/v2\/pages\/133874","targetHints":{"allow":["GET"]}}],"collection":[{"href":"https:\/\/talkpal.ai\/tr\/wp-json\/wp\/v2\/pages"}],"about":[{"href":"https:\/\/talkpal.ai\/tr\/wp-json\/wp\/v2\/types\/page"}],"author":[{"embeddable":true,"href":"https:\/\/talkpal.ai\/tr\/wp-json\/wp\/v2\/users\/6"}],"replies":[{"embeddable":true,"href":"https:\/\/talkpal.ai\/tr\/wp-json\/wp\/v2\/comments?post=133874"}],"version-history":[{"count":0,"href":"https:\/\/talkpal.ai\/tr\/wp-json\/wp\/v2\/pages\/133874\/revisions"}],"wp:featuredmedia":[{"embeddable":true,"href":"https:\/\/talkpal.ai\/tr\/wp-json\/wp\/v2\/media\/108247"}],"wp:attachment":[{"href":"https:\/\/talkpal.ai\/tr\/wp-json\/wp\/v2\/media?parent=133874"}],"curies":[{"name":"wp","href":"https:\/\/api.w.org\/{rel}","templated":true}]}}