{"id":133353,"date":"2023-06-16T09:41:10","date_gmt":"2023-06-16T09:41:10","guid":{"rendered":"http:\/\/talkpal.ai\/hollandaca-dilbilgisi-alistirmalari\/"},"modified":"2025-12-17T15:27:14","modified_gmt":"2025-12-17T15:27:14","slug":"hollandaca-dilbilgisi-alistirmalari","status":"publish","type":"page","link":"https:\/\/talkpal.ai\/tr\/hollandaca-dilbilgisi-alistirmalari\/","title":{"rendered":"Hollandaca Dilbilgisi Al\u0131\u015ft\u0131rmalar\u0131"},"content":{"rendered":"\r\n\r\n\r\n<section class=\"languageChallengeSection\">\r\n    <div class=\"languageInfoWrapper\">\r\n        \r\n        <h1>Hollandaca Dilbilgisi Al\u0131\u015ft\u0131rmalar\u0131<\/h1>\r\n        <p>Hollandaca&#039;da kendinize daha fazla g\u00fcvenmek ister misiniz? Dilbilgisi al\u0131\u015ft\u0131rmalar\u0131 yapmak, c\u00fcmle yap\u0131s\u0131, fiil \u00e7ekimleri ve Hollandaca dilinin kendine \u00f6zg\u00fc kal\u0131plar\u0131 konusunda uzmanla\u015fmak i\u00e7in harika bir yoldur. <a href=\"https:\/\/talkpal.ai\/dutch-grammar\/\">Hollandaca dilbilgisi<\/a> \u00fczerinde \u00e7al\u0131\u015fmaya bug\u00fcn ba\u015flay\u0131n ve her al\u0131\u015ft\u0131rmada becerilerinizin ve ak\u0131c\u0131l\u0131\u011f\u0131n\u0131z\u0131n artmas\u0131n\u0131 izleyin!\n\n<\/p>\r\n\r\n                            <a class=\"getStartedHidden\" href=\"https:\/\/app.talkpal.ai\/tr\/signup?lng=\">Hadi ba\u015fla<\/a>\r\n        \r\n    <\/div>\r\n\r\n    <figure>\r\n    <img decoding=\"async\" width=\"768\" height=\"768\" src=\"https:\/\/talkpal.ai\/wp-content\/uploads\/2023\/06\/Dutch-768x768.png\" class=\"languageImage no-lazy\" alt=\"Developing skills through language learning\" fetchpriority=\"high\" sizes=\"(max-width: 768px) 150px, 768px\" srcset=\"https:\/\/talkpal.ai\/wp-content\/uploads\/2023\/06\/Dutch-768x768.png 768w, https:\/\/talkpal.ai\/wp-content\/uploads\/2023\/06\/Dutch-300x300.png 300w\" \/>\r\n    \r\n\r\n    <\/figure>\r\n\r\n            <a class=\"getStartedVisible\" href=\"https:\/\/app.talkpal.ai\/tr\/signup?lng=\">Hadi ba\u015fla<\/a>\r\n    \r\n<\/section>\r\n\r\n\r\n<!-- <section class=\"grammarSection\">\r\n    <div class=\"grammarLinks\">\r\n            <\/div>\r\n<\/section> -->\r\n\r\n\r\n\r\n\r\n<section class=\"promotionalBanner\">\r\n    <p class=\"promotionalText\">Dil \u00f6\u011frenmenin en etkili yolu<\/p>\r\n    <a class=\"promotionalLink\" href=\"https:\/\/app.talkpal.ai\/tr\/signup?lng=\">Talkpal \u00fccretsiz deneyin<\/a>\r\n<\/section>\n<div class=\"wp-block-group pageContainerStyle\"><div class=\"wp-block-group__inner-container is-layout-constrained wp-block-group-is-layout-constrained\">\n<h2 class=\"wp-block-heading\" id=\"h-dutch-grammar-topics\">Hollandaca Dilbilgisi Konular\u0131<\/h2>\n\n\n\n<p>Hollandaca \u00f6\u011frenmek, zengin bir k\u00fclt\u00fcre, tarihe ve ki\u015fisel ve profesyonel geli\u015fim f\u0131rsatlar\u0131na kap\u0131 a\u00e7t\u0131\u011f\u0131 i\u00e7in heyecan verici ve \u00f6d\u00fcllendirici bir deneyim olabilir. Hollanda dili, \u0130ngilizce ve Almanca ile yak\u0131ndan ili\u015fkili olsa da, ilk ba\u015fta zor g\u00f6r\u00fcnebilecek kendine \u00f6zg\u00fc dilbilgisi kurallar\u0131na ve yap\u0131s\u0131na sahiptir. Ancak, \u00f6zveri ve do\u011fru yakla\u015f\u0131mla, Hollandaca diline hakim olabilir ve anadili \u0130ngilizce olan ki\u015filerle ak\u0131c\u0131 bir \u015fekilde ileti\u015fim kurabilirsiniz. Bu k\u0131lavuzda, dili sistematik ve verimli bir \u015fekilde \u00f6\u011frenmenize yard\u0131mc\u0131 olacak bir s\u0131rayla k\u00fcmelenmi\u015f baz\u0131 temel Hollandaca dilbilgisi konular\u0131n\u0131 ke\u015ffedece\u011fiz.<\/p>\n\n\n\n<h3 class=\"wp-block-heading\" id=\"h-1-nouns-and-articles\">1. \u0130simler ve Makaleler:<\/h3>\n\n\n\n<p>Hollandaca isimleri ve cinsiyet s\u0131n\u0131fland\u0131rmalar\u0131n\u0131 (ortak ve n\u00f6tr) tan\u0131yarak ba\u015flay\u0131n. Onlara e\u015flik eden belirli ve belirsiz makalelerin yan\u0131 s\u0131ra \u00e7o\u011ful formlar\u0131 ve k\u00fc\u00e7\u00fcltme sonlar\u0131n\u0131 \u00f6\u011frenin.<\/p>\n\n\n\n<h3 class=\"wp-block-heading\" id=\"h-2-adjectives\">2. S\u0131fatlar:<\/h3>\n\n\n\n<p>Daha sonra, cinsiyet, say\u0131 ve belirli makalelerin varl\u0131\u011f\u0131 a\u00e7\u0131s\u0131ndan isimlerle s\u0131fat anla\u015fmas\u0131 kurallar\u0131n\u0131 inceleyin. S\u0131fatlar\u0131n bu fakt\u00f6rlere g\u00f6re nas\u0131l \u00e7ekildi\u011fini ve kar\u015f\u0131la\u015ft\u0131rmal\u0131 ve \u00fcst\u00fcn formlar\u0131n nas\u0131l kullan\u0131laca\u011f\u0131n\u0131 \u00f6\u011frenin.<\/p>\n\n\n\n<h3 class=\"wp-block-heading\" id=\"h-3-pronouns\">3. Zamirler:<\/h3>\n\n\n\n<p>Ki\u015fisel, iyelik, g\u00f6sterici, d\u00f6n\u00fc\u015fl\u00fc ve ilgi zamirleri dahil olmak \u00fczere Hollandaca zamirlerin d\u00fcnyas\u0131na dal\u0131n. \u0130simleri nas\u0131l de\u011fi\u015ftirdiklerini ve cinsiyet ve say\u0131 a\u00e7\u0131s\u0131ndan onlarla nas\u0131l anla\u015ft\u0131klar\u0131n\u0131 anlay\u0131n.<\/p>\n\n\n\n<h3 class=\"wp-block-heading\" id=\"h-4-verbs\">4. Fiiller:<\/h3>\n\n\n\n<p>\u015eimdi, Hollandaca fiillere ve \u015fimdiki zaman, ge\u00e7mi\u015f ve gelecek zamanlardaki \u00e7ekim kal\u0131plar\u0131na odaklan\u0131n. G\u00fc\u00e7l\u00fc, zay\u0131f ve d\u00fczensiz fiiller aras\u0131ndaki fark\u0131 \u00f6\u011frenin ve m\u00fckemmel ve \u00e7o\u011ful zamanlar\u0131 olu\u015fturma kurallar\u0131n\u0131 \u00f6\u011frenin.<\/p>\n\n\n\n<h3 class=\"wp-block-heading\" id=\"h-5-tenses-indicative\">5. Zaman G\u00f6stergesi:<\/h3>\n\n\n\n<p>Olgu ve olas\u0131l\u0131k ifadelerini ifade etmek i\u00e7in kullan\u0131lan Hollandaca&#8217;daki g\u00f6sterge niteli\u011findeki ruh halini inceleyin. Bu ruh halindeki \u015fimdiki zaman, ge\u00e7mi\u015f ve gelecek zamanlardaki fiillerin yan\u0131 s\u0131ra ko\u015fullu ve emir kipli formlar\u0131n nas\u0131l \u00e7ekilece\u011fini \u00f6\u011frenin.<\/p>\n\n\n\n<h3 class=\"wp-block-heading\" id=\"h-6-tenses-subjunctive\">6. Zamanlar S\u00fcbjektif:<\/h3>\n\n\n\n<p>Modern Felemenk\u00e7e&#8217;de daha az yayg\u0131n olmas\u0131na ra\u011fmen, dilek kipi eski metinleri ve resmi dili anlamak i\u00e7in gereklidir. Hollandaca&#8217;da dilek kipinin nas\u0131l olu\u015fturulaca\u011f\u0131n\u0131 ve ne zaman kullan\u0131laca\u011f\u0131n\u0131 \u00f6\u011frenin.<\/p>\n\n\n\n<h3 class=\"wp-block-heading\" id=\"h-7-tense-comparison\">7. Gergin Kar\u015f\u0131la\u015ft\u0131rma:<\/h3>\n\n\n\n<p>\u00c7e\u015fitli zamanlara hakim olduktan sonra, aralar\u0131ndaki farkl\u0131l\u0131klar\u0131 ve benzerlikleri anlamaya odaklan\u0131n. Her bir zaman\u0131 ba\u011flam i\u00e7inde nas\u0131l do\u011fru kullanaca\u011f\u0131n\u0131z\u0131 ve birbirleriyle nas\u0131l etkile\u015fime girdiklerini \u00f6\u011frenin.<\/p>\n\n\n\n<h3 class=\"wp-block-heading\" id=\"h-8-adverbs\">8. Zarflar:<\/h3>\n\n\n\n<p>Hollandaca zarflar\u0131 ve c\u00fcmle i\u00e7indeki \u00e7e\u015fitli i\u015flevlerini inceleyin. S\u0131fatlardan zarflar\u0131n nas\u0131l olu\u015fturulaca\u011f\u0131n\u0131 ve fiilleri, s\u0131fatlar\u0131 ve di\u011fer zarflar\u0131 de\u011fi\u015ftirmek i\u00e7in bunlar\u0131 nas\u0131l kullanaca\u011f\u0131n\u0131z\u0131 \u00f6\u011frenin.<\/p>\n\n\n\n<h3 class=\"wp-block-heading\" id=\"h-9-prepositions\">9. Edatlar:<\/h3>\n\n\n\n<p>Hollandaca edatlar ve bunlar\u0131n isimler, zamirler ve fiillerle kullan\u0131mlar\u0131 hakk\u0131nda g\u00fc\u00e7l\u00fc bir anlay\u0131\u015f geli\u015ftirin. Zaman, mekan ve di\u011fer ba\u011flamlardaki ili\u015fkileri nas\u0131l ifade ettiklerini \u00f6\u011frenin.<\/p>\n\n\n\n<h3 class=\"wp-block-heading\" id=\"h-10-sentence-structure\">10. C\u00fcmle Yap\u0131s\u0131:<\/h3>\n\n\n\n<p>Son olarak, Hollandaca c\u00fcmle yap\u0131s\u0131n\u0131 ve kelime s\u0131ras\u0131n\u0131 inceleyerek hepsini bir araya getirin. Bildirim, soru, emir ve \u00fcnlem c\u00fcmleleri dahil olmak \u00fczere basit ve karma\u015f\u0131k c\u00fcmleler kurma kurallar\u0131n\u0131 \u00f6\u011frenin.<\/p>\n\n\n\n<p>Bu dilbilgisi konular\u0131n\u0131 takip ederek ve pratik yapmak ve g\u00f6zden ge\u00e7irmek i\u00e7in zaman ay\u0131rarak, Hollandaca diline hakim olma yolunda ilerleyeceksiniz. Unutmay\u0131n, tutarl\u0131l\u0131k ve sab\u0131r herhangi bir yeni dil \u00f6\u011frenmenin anahtar\u0131d\u0131r. \u0130yi \u015fanslar ve yolculu\u011fun tad\u0131n\u0131 \u00e7\u0131kar\u0131n!<\/p>\n<\/div><\/div>\n\r\n<section class=\"learnNavigationSection\">\r\n            \r\n        <a href=\"https:\/\/talkpal.ai\/tr\/hollandaca-ogren\/\">\r\n            <div class=\"learnNavigationWrapper\">\r\n                <div class=\"learnNavigationContent\">\r\n                    <img decoding=\"async\" src=\"https:\/\/talkpal.ai\/wp-content\/uploads\/2024\/08\/Dutch.jpg\" alt=\"Netherlands Flag\">\r\n                    <div>\r\n                        <h4>Dutch Learning Hakk\u0131nda<\/h4>\r\n                        <p>Hollandaca dilbilgisi hakk\u0131nda her \u015feyi \u00f6\u011frenin .<\/p>\r\n                    <\/div>\r\n                <\/div>\r\n            <\/div>\r\n        <\/a>\r\n\r\n        \r\n        <a href=\"https:\/\/talkpal.ai\/tr\/hollandaca-dilbilgisi\/\">\r\n            <div class=\"learnNavigationWrapper\">\r\n                <div class=\"learnNavigationContent\">\r\n                    <img decoding=\"async\" src=\"https:\/\/talkpal.ai\/wp-content\/uploads\/2024\/08\/Dutch.jpg\" alt=\"Netherlands Flag\">\r\n                    <div>\r\n                        <h4>Hollandaca Dilbilgisi Dersleri<\/h4>\r\n                        <p>Hollandaca dilbilgisi prati\u011fi yap\u0131n .<\/p>\r\n                    <\/div>\r\n                <\/div>\r\n            <\/div>\r\n        <\/a>\r\n\r\n        \r\n        <a href=\"https:\/\/talkpal.ai\/vocabulary_language\/dutch\/\">\r\n            <div class=\"learnNavigationWrapper\">\r\n                <div class=\"learnNavigationContent\">\r\n                    <img decoding=\"async\" src=\"https:\/\/talkpal.ai\/wp-content\/uploads\/2024\/08\/Dutch.jpg\" alt=\"Netherlands Flag\">\r\n                    <div>\r\n                        <h4>Hollandaca Kelime Bilgisi<\/h4>\r\n                        <p>Hollandaca kelime da\u011farc\u0131\u011f\u0131n\u0131z\u0131 geni\u015fletin.<\/p>\r\n                    <\/div>\r\n                <\/div>\r\n            <\/div>\r\n        <\/a>\r\n\r\n            <\/section>","protected":false},"excerpt":{"rendered":"<p>Hollandaca Dilbilgisi Konular\u0131 Hollandaca \u00f6\u011frenmek, zengin bir k\u00fclt\u00fcre, tarihe ve ki\u015fisel ve profesyonel geli\u015fim f\u0131rsatlar\u0131na kap\u0131 a\u00e7t\u0131\u011f\u0131 i\u00e7in heyecan verici ve \u00f6d\u00fcllendirici bir deneyim olabilir. Hollanda dili, \u0130ngilizce ve Almanca ile yak\u0131ndan ili\u015fkili olsa da, ilk ba\u015fta zor g\u00f6r\u00fcnebilecek kendine \u00f6zg\u00fc dilbilgisi kurallar\u0131na ve yap\u0131s\u0131na sahiptir. Ancak, \u00f6zveri ve do\u011fru yakla\u015f\u0131mla, Hollandaca diline hakim olabilir [&hellip;]<\/p>\n","protected":false},"author":6,"featured_media":106281,"parent":0,"menu_order":0,"comment_status":"closed","ping_status":"closed","template":"LearningContentPage.php","meta":{"_acf_changed":false,"footnotes":""},"class_list":["post-133353","page","type-page","status-publish","has-post-thumbnail","hentry"],"acf":[],"yoast_head":"<!-- This site is optimized with the Yoast SEO Premium plugin v27.2 (Yoast SEO v27.2) - https:\/\/yoast.com\/product\/yoast-seo-premium-wordpress\/ -->\n<title>Hollandaca Dilbilgisi Al\u0131\u015ft\u0131rmalar\u0131 - Talkpal<\/title>\n<meta name=\"description\" content=\"Hollandaca Dilbilgisi Al\u0131\u015ft\u0131rmalar\u0131 ile dil becerilerinizi geli\u015ftirin TalkpalYapay zeka destekli dil \u00f6\u011fretmeniniz.\" \/>\n<meta name=\"robots\" content=\"index, follow, max-snippet:-1, max-image-preview:large, max-video-preview:-1\" \/>\n<link rel=\"canonical\" href=\"https:\/\/talkpal.ai\/tr\/hollandaca-dilbilgisi-alistirmalari\/\" \/>\n<meta property=\"og:locale\" content=\"tr_TR\" \/>\n<meta property=\"og:type\" content=\"article\" \/>\n<meta property=\"og:title\" content=\"Hollandaca Dilbilgisi Al\u0131\u015ft\u0131rmalar\u0131\" \/>\n<meta property=\"og:description\" content=\"Hollandaca Dilbilgisi Konular\u0131 Hollandaca \u00f6\u011frenmek, zengin bir k\u00fclt\u00fcre, tarihe ve ki\u015fisel ve profesyonel geli\u015fim f\u0131rsatlar\u0131na kap\u0131 a\u00e7t\u0131\u011f\u0131 i\u00e7in heyecan\" \/>\n<meta property=\"og:url\" content=\"https:\/\/talkpal.ai\/tr\/hollandaca-dilbilgisi-alistirmalari\/\" \/>\n<meta property=\"og:site_name\" content=\"Talkpal\" \/>\n<meta property=\"article:publisher\" content=\"https:\/\/www.facebook.com\/profile.php?id=100090733639311\" \/>\n<meta property=\"article:modified_time\" content=\"2025-12-17T15:27:14+00:00\" \/>\n<meta property=\"og:image\" content=\"https:\/\/talkpal.ai\/wp-content\/uploads\/2023\/04\/netherlands-dutch.png\" \/>\n\t<meta property=\"og:image:width\" content=\"512\" \/>\n\t<meta property=\"og:image:height\" content=\"512\" \/>\n\t<meta property=\"og:image:type\" content=\"image\/png\" \/>\n<meta name=\"twitter:card\" content=\"summary_large_image\" \/>\n<meta name=\"twitter:site\" content=\"@talkpalai\" \/>\n<meta name=\"twitter:label1\" content=\"Tahmini okuma s\u00fcresi\" \/>\n\t<meta name=\"twitter:data1\" content=\"3 dakika\" \/>\n<script type=\"application\/ld+json\" class=\"yoast-schema-graph\">{\"@context\":\"https:\/\/schema.org\",\"@graph\":[{\"@type\":\"WebPage\",\"@id\":\"https:\/\/talkpal.ai\/tr\/hollandaca-dilbilgisi-alistirmalari\/\",\"url\":\"https:\/\/talkpal.ai\/tr\/hollandaca-dilbilgisi-alistirmalari\/\",\"name\":\"Hollandaca Dilbilgisi Al\u0131\u015ft\u0131rmalar\u0131 - Talkpal\",\"isPartOf\":{\"@id\":\"https:\/\/talkpal.ai\/tr\/#website\"},\"primaryImageOfPage\":{\"@id\":\"https:\/\/talkpal.ai\/tr\/hollandaca-dilbilgisi-alistirmalari\/#primaryimage\"},\"image\":{\"@id\":\"https:\/\/talkpal.ai\/tr\/hollandaca-dilbilgisi-alistirmalari\/#primaryimage\"},\"thumbnailUrl\":\"https:\/\/talkpal.ai\/wp-content\/uploads\/2023\/04\/netherlands-dutch.png\",\"datePublished\":\"2023-06-16T09:41:10+00:00\",\"dateModified\":\"2025-12-17T15:27:14+00:00\",\"description\":\"Hollandaca Dilbilgisi Al\u0131\u015ft\u0131rmalar\u0131 ile dil becerilerinizi geli\u015ftirin TalkpalYapay zeka destekli dil \u00f6\u011fretmeniniz.\",\"breadcrumb\":{\"@id\":\"https:\/\/talkpal.ai\/tr\/hollandaca-dilbilgisi-alistirmalari\/#breadcrumb\"},\"inLanguage\":\"tr\",\"potentialAction\":[{\"@type\":\"ReadAction\",\"target\":[\"https:\/\/talkpal.ai\/tr\/hollandaca-dilbilgisi-alistirmalari\/\"]}]},{\"@type\":\"ImageObject\",\"inLanguage\":\"tr\",\"@id\":\"https:\/\/talkpal.ai\/tr\/hollandaca-dilbilgisi-alistirmalari\/#primaryimage\",\"url\":\"https:\/\/talkpal.ai\/wp-content\/uploads\/2023\/04\/netherlands-dutch.png\",\"contentUrl\":\"https:\/\/talkpal.ai\/wp-content\/uploads\/2023\/04\/netherlands-dutch.png\",\"width\":512,\"height\":512},{\"@type\":\"BreadcrumbList\",\"@id\":\"https:\/\/talkpal.ai\/tr\/hollandaca-dilbilgisi-alistirmalari\/#breadcrumb\",\"itemListElement\":[{\"@type\":\"ListItem\",\"position\":1,\"name\":\"Homepage\",\"item\":\"https:\/\/talkpal.ai\/tr\/\"},{\"@type\":\"ListItem\",\"position\":2,\"name\":\"Hollandaca Dilbilgisi Al\u0131\u015ft\u0131rmalar\u0131\"}]},{\"@type\":\"WebSite\",\"@id\":\"https:\/\/talkpal.ai\/tr\/#website\",\"url\":\"https:\/\/talkpal.ai\/tr\/\",\"name\":\"Talkpal\",\"description\":\"AI Language Learning\",\"publisher\":{\"@id\":\"https:\/\/talkpal.ai\/tr\/#organization\"},\"alternateName\":\"Talkpal AI\",\"potentialAction\":[{\"@type\":\"SearchAction\",\"target\":{\"@type\":\"EntryPoint\",\"urlTemplate\":\"https:\/\/talkpal.ai\/tr\/?s={search_term_string}\"},\"query-input\":{\"@type\":\"PropertyValueSpecification\",\"valueRequired\":true,\"valueName\":\"search_term_string\"}}],\"inLanguage\":\"tr\"},{\"@type\":\"Organization\",\"@id\":\"https:\/\/talkpal.ai\/tr\/#organization\",\"name\":\"Talkpal, Inc.\",\"alternateName\":\"Talkpal AI\",\"url\":\"https:\/\/talkpal.ai\/tr\/\",\"logo\":{\"@type\":\"ImageObject\",\"inLanguage\":\"tr\",\"@id\":\"https:\/\/talkpal.ai\/tr\/#\/schema\/logo\/image\/\",\"url\":\"https:\/\/talkpal.ai\/wp-content\/uploads\/2024\/03\/Talkpal-Logo-Icon.png\",\"contentUrl\":\"https:\/\/talkpal.ai\/wp-content\/uploads\/2024\/03\/Talkpal-Logo-Icon.png\",\"width\":2880,\"height\":2880,\"caption\":\"Talkpal, Inc.\"},\"image\":{\"@id\":\"https:\/\/talkpal.ai\/tr\/#\/schema\/logo\/image\/\"},\"sameAs\":[\"https:\/\/www.facebook.com\/profile.php?id=100090733639311\",\"https:\/\/x.com\/talkpalai\",\"https:\/\/www.linkedin.com\/company\/talkpal\/\",\"https:\/\/www.youtube.com\/@TalkPal\/\",\"https:\/\/www.tiktok.com\/@talkpal\",\"https:\/\/www.instagram.com\/talkpal_ai\/\",\"https:\/\/www.crunchbase.com\/organization\/talkpal-9cde\",\"https:\/\/www.g2.com\/products\/talkpal-for-business\/\",\"https:\/\/www.trustpilot.com\/review\/talkpal.ai\",\"https:\/\/www.capterra.com\/p\/10006800\/TalkPal\/\"],\"description\":\"Talkpal is a language learning web and mobile education app, powered by the latest AI technologies, that provides engaging experiences to its customers in many different languages to help them improve their language skills. Users can chat about unlimited amount of topics with the app and use other modes to practice their language learning.\",\"email\":\"support@talkpal.ai\",\"legalName\":\"Talkpal, Inc.\",\"foundingDate\":\"2023-04-03\",\"duns\":\"118989042\",\"numberOfEmployees\":{\"@type\":\"QuantitativeValue\",\"minValue\":\"11\",\"maxValue\":\"50\"},\"publishingPrinciples\":\"https:\/\/talkpal.ai\/publishing-principles\/\",\"actionableFeedbackPolicy\":\"https:\/\/talkpal.ai\/actionable-feedback-policy\/\",\"correctionsPolicy\":\"https:\/\/talkpal.ai\/corrections-policy\/\",\"ethicsPolicy\":\"https:\/\/talkpal.ai\/ethics-policy\/\",\"diversityPolicy\":\"https:\/\/talkpal.ai\/diversity-policy\/\",\"diversityStaffingReport\":\"https:\/\/talkpal.ai\/diversity-policy\/\"}]}<\/script>\n<!-- \/ Yoast SEO Premium plugin. -->","yoast_head_json":{"title":"Hollandaca Dilbilgisi Al\u0131\u015ft\u0131rmalar\u0131 - Talkpal","description":"Hollandaca Dilbilgisi Al\u0131\u015ft\u0131rmalar\u0131 ile dil becerilerinizi geli\u015ftirin TalkpalYapay zeka destekli dil \u00f6\u011fretmeniniz.","robots":{"index":"index","follow":"follow","max-snippet":"max-snippet:-1","max-image-preview":"max-image-preview:large","max-video-preview":"max-video-preview:-1"},"canonical":"https:\/\/talkpal.ai\/tr\/hollandaca-dilbilgisi-alistirmalari\/","og_locale":"tr_TR","og_type":"article","og_title":"Hollandaca Dilbilgisi Al\u0131\u015ft\u0131rmalar\u0131","og_description":"Hollandaca Dilbilgisi Konular\u0131 Hollandaca \u00f6\u011frenmek, zengin bir k\u00fclt\u00fcre, tarihe ve ki\u015fisel ve profesyonel geli\u015fim f\u0131rsatlar\u0131na kap\u0131 a\u00e7t\u0131\u011f\u0131 i\u00e7in heyecan","og_url":"https:\/\/talkpal.ai\/tr\/hollandaca-dilbilgisi-alistirmalari\/","og_site_name":"Talkpal","article_publisher":"https:\/\/www.facebook.com\/profile.php?id=100090733639311","article_modified_time":"2025-12-17T15:27:14+00:00","og_image":[{"width":512,"height":512,"url":"https:\/\/talkpal.ai\/wp-content\/uploads\/2023\/04\/netherlands-dutch.png","type":"image\/png"}],"twitter_card":"summary_large_image","twitter_site":"@talkpalai","twitter_misc":{"Tahmini okuma s\u00fcresi":"3 dakika"},"schema":{"@context":"https:\/\/schema.org","@graph":[{"@type":"WebPage","@id":"https:\/\/talkpal.ai\/tr\/hollandaca-dilbilgisi-alistirmalari\/","url":"https:\/\/talkpal.ai\/tr\/hollandaca-dilbilgisi-alistirmalari\/","name":"Hollandaca Dilbilgisi Al\u0131\u015ft\u0131rmalar\u0131 - Talkpal","isPartOf":{"@id":"https:\/\/talkpal.ai\/tr\/#website"},"primaryImageOfPage":{"@id":"https:\/\/talkpal.ai\/tr\/hollandaca-dilbilgisi-alistirmalari\/#primaryimage"},"image":{"@id":"https:\/\/talkpal.ai\/tr\/hollandaca-dilbilgisi-alistirmalari\/#primaryimage"},"thumbnailUrl":"https:\/\/talkpal.ai\/wp-content\/uploads\/2023\/04\/netherlands-dutch.png","datePublished":"2023-06-16T09:41:10+00:00","dateModified":"2025-12-17T15:27:14+00:00","description":"Hollandaca Dilbilgisi Al\u0131\u015ft\u0131rmalar\u0131 ile dil becerilerinizi geli\u015ftirin TalkpalYapay zeka destekli dil \u00f6\u011fretmeniniz.","breadcrumb":{"@id":"https:\/\/talkpal.ai\/tr\/hollandaca-dilbilgisi-alistirmalari\/#breadcrumb"},"inLanguage":"tr","potentialAction":[{"@type":"ReadAction","target":["https:\/\/talkpal.ai\/tr\/hollandaca-dilbilgisi-alistirmalari\/"]}]},{"@type":"ImageObject","inLanguage":"tr","@id":"https:\/\/talkpal.ai\/tr\/hollandaca-dilbilgisi-alistirmalari\/#primaryimage","url":"https:\/\/talkpal.ai\/wp-content\/uploads\/2023\/04\/netherlands-dutch.png","contentUrl":"https:\/\/talkpal.ai\/wp-content\/uploads\/2023\/04\/netherlands-dutch.png","width":512,"height":512},{"@type":"BreadcrumbList","@id":"https:\/\/talkpal.ai\/tr\/hollandaca-dilbilgisi-alistirmalari\/#breadcrumb","itemListElement":[{"@type":"ListItem","position":1,"name":"Homepage","item":"https:\/\/talkpal.ai\/tr\/"},{"@type":"ListItem","position":2,"name":"Hollandaca Dilbilgisi Al\u0131\u015ft\u0131rmalar\u0131"}]},{"@type":"WebSite","@id":"https:\/\/talkpal.ai\/tr\/#website","url":"https:\/\/talkpal.ai\/tr\/","name":"Talkpal","description":"AI Language Learning","publisher":{"@id":"https:\/\/talkpal.ai\/tr\/#organization"},"alternateName":"Talkpal AI","potentialAction":[{"@type":"SearchAction","target":{"@type":"EntryPoint","urlTemplate":"https:\/\/talkpal.ai\/tr\/?s={search_term_string}"},"query-input":{"@type":"PropertyValueSpecification","valueRequired":true,"valueName":"search_term_string"}}],"inLanguage":"tr"},{"@type":"Organization","@id":"https:\/\/talkpal.ai\/tr\/#organization","name":"Talkpal, Inc.","alternateName":"Talkpal AI","url":"https:\/\/talkpal.ai\/tr\/","logo":{"@type":"ImageObject","inLanguage":"tr","@id":"https:\/\/talkpal.ai\/tr\/#\/schema\/logo\/image\/","url":"https:\/\/talkpal.ai\/wp-content\/uploads\/2024\/03\/Talkpal-Logo-Icon.png","contentUrl":"https:\/\/talkpal.ai\/wp-content\/uploads\/2024\/03\/Talkpal-Logo-Icon.png","width":2880,"height":2880,"caption":"Talkpal, Inc."},"image":{"@id":"https:\/\/talkpal.ai\/tr\/#\/schema\/logo\/image\/"},"sameAs":["https:\/\/www.facebook.com\/profile.php?id=100090733639311","https:\/\/x.com\/talkpalai","https:\/\/www.linkedin.com\/company\/talkpal\/","https:\/\/www.youtube.com\/@TalkPal\/","https:\/\/www.tiktok.com\/@talkpal","https:\/\/www.instagram.com\/talkpal_ai\/","https:\/\/www.crunchbase.com\/organization\/talkpal-9cde","https:\/\/www.g2.com\/products\/talkpal-for-business\/","https:\/\/www.trustpilot.com\/review\/talkpal.ai","https:\/\/www.capterra.com\/p\/10006800\/TalkPal\/"],"description":"Talkpal is a language learning web and mobile education app, powered by the latest AI technologies, that provides engaging experiences to its customers in many different languages to help them improve their language skills. Users can chat about unlimited amount of topics with the app and use other modes to practice their language learning.","email":"support@talkpal.ai","legalName":"Talkpal, Inc.","foundingDate":"2023-04-03","duns":"118989042","numberOfEmployees":{"@type":"QuantitativeValue","minValue":"11","maxValue":"50"},"publishingPrinciples":"https:\/\/talkpal.ai\/publishing-principles\/","actionableFeedbackPolicy":"https:\/\/talkpal.ai\/actionable-feedback-policy\/","correctionsPolicy":"https:\/\/talkpal.ai\/corrections-policy\/","ethicsPolicy":"https:\/\/talkpal.ai\/ethics-policy\/","diversityPolicy":"https:\/\/talkpal.ai\/diversity-policy\/","diversityStaffingReport":"https:\/\/talkpal.ai\/diversity-policy\/"}]}},"_links":{"self":[{"href":"https:\/\/talkpal.ai\/tr\/wp-json\/wp\/v2\/pages\/133353","targetHints":{"allow":["GET"]}}],"collection":[{"href":"https:\/\/talkpal.ai\/tr\/wp-json\/wp\/v2\/pages"}],"about":[{"href":"https:\/\/talkpal.ai\/tr\/wp-json\/wp\/v2\/types\/page"}],"author":[{"embeddable":true,"href":"https:\/\/talkpal.ai\/tr\/wp-json\/wp\/v2\/users\/6"}],"replies":[{"embeddable":true,"href":"https:\/\/talkpal.ai\/tr\/wp-json\/wp\/v2\/comments?post=133353"}],"version-history":[{"count":0,"href":"https:\/\/talkpal.ai\/tr\/wp-json\/wp\/v2\/pages\/133353\/revisions"}],"wp:featuredmedia":[{"embeddable":true,"href":"https:\/\/talkpal.ai\/tr\/wp-json\/wp\/v2\/media\/106281"}],"wp:attachment":[{"href":"https:\/\/talkpal.ai\/tr\/wp-json\/wp\/v2\/media?parent=133353"}],"curies":[{"name":"wp","href":"https:\/\/api.w.org\/{rel}","templated":true}]}}