{"id":133063,"date":"2023-06-16T09:39:29","date_gmt":"2023-06-16T09:39:29","guid":{"rendered":"http:\/\/talkpal.ai\/cince-dilbilgisi-alistirmalari\/"},"modified":"2025-05-22T21:24:28","modified_gmt":"2025-05-22T21:24:28","slug":"cince-dilbilgisi-alistirmalari","status":"publish","type":"page","link":"https:\/\/talkpal.ai\/tr\/cince-dilbilgisi-alistirmalari\/","title":{"rendered":"\u00c7ince Dilbilgisi Al\u0131\u015ft\u0131rmalar\u0131"},"content":{"rendered":"\r\n\r\n\r\n<section class=\"languageChallengeSection\">\r\n    <div class=\"languageInfoWrapper\">\r\n        \r\n        <h1>\u00c7ince Dilbilgisi Al\u0131\u015ft\u0131rmalar\u0131<\/h1>\r\n        <p><a href=\"https:\/\/talkpal.ai\/learn-chinese\/\">\u00c7ince<\/a> dil becerilerinizi geli\u015ftirmek mi istiyorsunuz? <a href=\"https:\/\/talkpal.ai\/grammar\/\">Dilbilgisi<\/a> al\u0131\u015ft\u0131rmalar\u0131na odaklanmak, c\u00fcmle yap\u0131s\u0131n\u0131 anlaman\u0131za, temel kal\u0131plara hakim olman\u0131za ve g\u00fcnl\u00fck konu\u015fmalarda kendinize g\u00fcvenmenize yard\u0131mc\u0131 olacakt\u0131r. Bug\u00fcn <a href=\"https:\/\/talkpal.ai\/chinese-grammar\/\">\u00c7ince dilbilgisi<\/a> \u00e7al\u0131\u015fmaya ba\u015flay\u0131n ve her al\u0131\u015ft\u0131rmada ak\u0131c\u0131l\u0131\u011fa do\u011fru istikrarl\u0131 ad\u0131mlar at\u0131n!<\/p>\r\n\r\n                            <a class=\"getStartedHidden\" href=\"https:\/\/app.talkpal.ai\/tr\/signup?lng=\">Hadi ba\u015fla<\/a>\r\n        \r\n    <\/div>\r\n\r\n    <figure>\r\n    <img decoding=\"async\" width=\"768\" height=\"768\" src=\"https:\/\/talkpal.ai\/wp-content\/uploads\/2023\/06\/chinese-768x768.png\" class=\"languageImage no-lazy\" alt=\"Language learning for flexible communication\" fetchpriority=\"high\" sizes=\"(max-width: 768px) 150px, 768px\" srcset=\"https:\/\/talkpal.ai\/wp-content\/uploads\/2023\/06\/chinese-768x768.png 768w, https:\/\/talkpal.ai\/wp-content\/uploads\/2023\/06\/chinese-300x300.png 300w\" \/>\r\n    \r\n\r\n    <\/figure>\r\n\r\n            <a class=\"getStartedVisible\" href=\"https:\/\/app.talkpal.ai\/tr\/signup?lng=\">Hadi ba\u015fla<\/a>\r\n    \r\n<\/section>\r\n\r\n\r\n<!-- <section class=\"grammarSection\">\r\n    <div class=\"grammarLinks\">\r\n            <\/div>\r\n<\/section> -->\r\n\r\n\r\n\r\n\r\n<section class=\"promotionalBanner\">\r\n    <p class=\"promotionalText\">Dil \u00f6\u011frenmenin en etkili yolu<\/p>\r\n    <a class=\"promotionalLink\" href=\"https:\/\/app.talkpal.ai\/tr\/signup?lng=\">Talkpal \u00fccretsiz deneyin<\/a>\r\n<\/section>\n<div class=\"wp-block-group pageContainerStyle\"><div class=\"wp-block-group__inner-container is-layout-constrained wp-block-group-is-layout-constrained\">\n<h2 class=\"wp-block-heading\" id=\"h-chinese-grammar-topics\">\u00c7ince Dilbilgisi Konular\u0131<\/h2>\n\n\n\n<p><a href=\"https:\/\/talkpal.ai\/chinese-grammar\/\">\u00c7ince dilbilgisi<\/a> ilk ba\u015fta korkutucu g\u00f6r\u00fcnebilir, ancak dile hakim olmak i\u00e7in \u00e7ok \u00f6nemlidir. E\u015fsiz karakter sistemi ve tonal do\u011fas\u0131 ile \u00c7ince dilbilgisi, \u0130ngilizce gibi dillerden farkl\u0131 bir dizi kural\u0131 takip eder. Bu kurallar\u0131 do\u011fru s\u0131rayla \u00f6\u011frenmek, dil \u00e7al\u0131\u015fmalar\u0131n\u0131zda daha etkili bir \u015fekilde ilerlemenize yard\u0131mc\u0131 olacakt\u0131r. A\u015fa\u011f\u0131daki konular \u00f6nerilen \u00f6\u011frenme s\u0131ras\u0131na g\u00f6re tart\u0131\u015f\u0131lacakt\u0131r: Zamanlar, Fiiller, \u0130simler, Makaleler, Zamirler, S\u0131fatlar, Zarflar, Edatlar ve C\u00fcmle Yap\u0131s\u0131. Bu k\u0131lavuz, \u00c7ince dilindeki i\u015flevlerini daha iyi anlaman\u0131za yard\u0131mc\u0131 olmak i\u00e7in her konunun k\u0131sa a\u00e7\u0131klamalar\u0131n\u0131 sa\u011flayacakt\u0131r.<\/p>\n\n\n\n<h3 class=\"wp-block-heading\" id=\"h-1-tenses\">1. Zamanlar:<\/h3>\n\n\n\n<p>\u0130ngilizce&#8217;den farkl\u0131 olarak, \u00c7ince&#8217;de zaman\u0131 belirtmek i\u00e7in karma\u015f\u0131k fiil \u00e7ekimleri yoktur. Bunun yerine, bir eylemin ne zaman ger\u00e7ekle\u015fti\u011fini g\u00f6stermek i\u00e7in zaman s\u00f6zc\u00fcklerini veya par\u00e7ac\u0131klar\u0131 kullan\u0131r. Ge\u00e7mi\u015f, \u015fimdiki veya gelecekteki eylemleri ifade etmek i\u00e7in \u00f6ncelikle &#8220;d\u00fcn&#8221;, &#8220;bug\u00fcn&#8221; ve &#8220;yar\u0131n&#8221; gibi yayg\u0131n zaman s\u00f6zc\u00fcklerine a\u015fina olmal\u0131s\u0131n\u0131z.<\/p>\n\n\n\n<h3 class=\"wp-block-heading\" id=\"h-2-verbs\">2. Fiiller:<\/h3>\n\n\n\n<p>Zamanlar\u0131 anlad\u0131ktan sonra, \u00c7ince&#8217;deki temel fiilleri \u00f6\u011frenmek \u00e7ok \u00f6nemlidir. Fiiller, eylemleri ve durumlar\u0131 ifade ettikleri i\u00e7in \u00e7ok \u00f6nemlidir ve genellikle farkl\u0131 zamanlarda de\u011fi\u015fmeden kal\u0131rlar. En yayg\u0131n fiilleri ve uygun kullan\u0131mlar\u0131n\u0131 \u00f6\u011frenmeye odaklan\u0131n.<\/p>\n\n\n\n<h3 class=\"wp-block-heading\" id=\"h-3-nouns\">3. \u0130simler:<\/h3>\n\n\n\n<p>\u0130simler, insanlar\u0131, yerleri, \u015feyleri veya fikirleri temsil eden bir dilin yap\u0131 ta\u015flar\u0131d\u0131r. \u00c7ince&#8217;de isimler genellikle basittir ve kelime da\u011farc\u0131\u011f\u0131n\u0131z\u0131 geni\u015fletmek i\u00e7in en yayg\u0131n ve kullan\u0131\u015fl\u0131 olanlar\u0131 \u00f6\u011frenerek ba\u015flayabilirsiniz.<\/p>\n\n\n\n<h3 class=\"wp-block-heading\" id=\"h-4-articles\">4. Makaleler:<\/h3>\n\n\n\n<p>\u00c7incede \u0130ngilizcedeki &#8220;a&#8221; ya da &#8220;the&#8221; gibi artikeller yoktur. Bununla birlikte, miktar\u0131 belirtmek i\u00e7in isimlere e\u015flik eden \u00f6l\u00e7\u00fc kelimeleri vard\u0131r. Bu \u00f6l\u00e7\u00fc kelimeleri, belirli \u00f6\u011felerin miktarlar\u0131n\u0131 veya say\u0131lar\u0131n\u0131 tart\u0131\u015f\u0131rken \u00e7ok \u00f6nemlidir.<\/p>\n\n\n\n<h3 class=\"wp-block-heading\" id=\"h-5-pronouns\">5. Zamirler:<\/h3>\n\n\n\n<p>Zamirler bir c\u00fcmledeki isimlerin yerini almak i\u00e7in kullan\u0131l\u0131r ve tekrardan ka\u00e7\u0131nmak i\u00e7in \u00e7ok \u00f6nemlidir. \u00c7ince&#8217;de zamirler, \u00f6zne, nesne veya iyelik gibi bir c\u00fcmle i\u00e7indeki i\u015flevlerine g\u00f6re de\u011fi\u015fir. C\u00fcmle yap\u0131n\u0131z\u0131 geli\u015ftirmek i\u00e7in \u00e7e\u015fitli zamirleri ve do\u011fru kullan\u0131mlar\u0131n\u0131 \u00f6\u011frenin.<\/p>\n\n\n\n<h3 class=\"wp-block-heading\" id=\"h-6-adjectives\">6. S\u0131fatlar:<\/h3>\n\n\n\n<p>S\u0131fatlar, isimleri tan\u0131mlamak veya de\u011fi\u015ftirmek i\u00e7in kullan\u0131l\u0131r ve c\u00fcmlelerinizi daha etkileyici ve ilgi \u00e7ekici hale getirmede \u00f6nemli bir rol oynarlar. En yayg\u0131n s\u0131fatlar\u0131 ve bir c\u00fcmle i\u00e7indeki isme g\u00f6re yerlerini \u00f6\u011frenin.<\/p>\n\n\n\n<h3 class=\"wp-block-heading\" id=\"h-7-adverbs\">7. Zarflar:<\/h3>\n\n\n\n<p>Zarflar, fiiller, s\u0131fatlar veya di\u011fer zarflar hakk\u0131nda ek bilgi sa\u011flamak i\u00e7in gereklidir. Bir eylemin nas\u0131l, ne zaman veya nerede ger\u00e7ekle\u015fti\u011fini a\u00e7\u0131klayabilirler. Tan\u0131mlay\u0131c\u0131 yeteneklerinizi geli\u015ftirmek i\u00e7in yayg\u0131n zarflar ve kullan\u0131mlar\u0131 hakk\u0131nda bilgi edinin.<\/p>\n\n\n\n<h3 class=\"wp-block-heading\" id=\"h-8-prepositions\">8. Edatlar:<\/h3>\n\n\n\n<p>Edatlar, bir c\u00fcmle i\u00e7indeki isimler veya zamirler aras\u0131ndaki ili\u015fkiyi belirtmek i\u00e7in kullan\u0131l\u0131r. Genellikle &#8220;in&#8221;, &#8220;on&#8221; veya &#8220;at&#8221; gibi uzamsal veya zamansal ili\u015fkileri ifade ederler. En yayg\u0131n edatlar\u0131 ve do\u011fru kullan\u0131mlar\u0131n\u0131 \u00f6\u011frenmek, c\u00fcmle yap\u0131n\u0131z\u0131 b\u00fcy\u00fck \u00f6l\u00e7\u00fcde geli\u015ftirecektir.<\/p>\n\n\n\n<h3 class=\"wp-block-heading\" id=\"h-9-sentence-structure\">9. C\u00fcmle Yap\u0131s\u0131:<\/h3>\n\n\n\n<p>Son olarak, \u00c7ince c\u00fcmle yap\u0131s\u0131n\u0131 anlamak, tutarl\u0131 ve dilbilgisi a\u00e7\u0131s\u0131ndan do\u011fru c\u00fcmleler kurman\u0131n anahtar\u0131d\u0131r. \u00c7ince, \u0130ngilizce&#8217;ye benzer bir \u00f6zne-fiil-nesne (SVO) yap\u0131s\u0131n\u0131 takip eder. Bununla birlikte, kelime s\u0131ralamas\u0131nda ve \u00e7e\u015fitli gramer \u00f6\u011felerinin yerle\u015ftirilmesinde farkl\u0131l\u0131klar vard\u0131r. Temel c\u00fcmle kal\u0131plar\u0131n\u0131 \u00f6\u011frenin ve zamanlar, fiiller, isimler, zamirler, s\u0131fatlar, zarflar ve edatlar gibi \u00f6\u011frendi\u011finiz \u00f6\u011felerle c\u00fcmle kurma al\u0131\u015ft\u0131rmas\u0131 yap\u0131n.<\/p>\n\n\n\n<p>Bu s\u0131ray\u0131 takip ederek ve her konuya odaklanarak, \u00c7ince dilbilgisinde g\u00fc\u00e7l\u00fc bir temel geli\u015ftirecek ve dilde ak\u0131c\u0131l\u0131k yolunda ilerleyeceksiniz.<\/p>\n<\/div><\/div>\n\r\n<section class=\"learnNavigationSection\">\r\n            \r\n        <a href=\"https:\/\/talkpal.ai\/tr\/cince-ogren\/\">\r\n            <div class=\"learnNavigationWrapper\">\r\n                <div class=\"learnNavigationContent\">\r\n                    <img decoding=\"async\" src=\"https:\/\/talkpal.ai\/wp-content\/uploads\/2024\/08\/Chinese.jpg\" alt=\"Chinese Flag\u00a0\">\r\n                    <div>\r\n                        <h4>\u00c7ince \u00d6\u011frenimi Hakk\u0131nda<\/h4>\r\n                        <p>\u00c7ince dilbilgisi hakk\u0131nda her \u015feyi \u00f6\u011frenin.<\/p>\r\n                    <\/div>\r\n                <\/div>\r\n            <\/div>\r\n        <\/a>\r\n\r\n        \r\n        <a href=\"https:\/\/talkpal.ai\/tr\/cince-dilbilgisi\/\">\r\n            <div class=\"learnNavigationWrapper\">\r\n                <div class=\"learnNavigationContent\">\r\n                    <img decoding=\"async\" src=\"https:\/\/talkpal.ai\/wp-content\/uploads\/2024\/08\/Chinese.jpg\" alt=\"Chinese Flag\u00a0\">\r\n                    <div>\r\n                        <h4>\u00c7ince Gramer Dersleri<\/h4>\r\n                        <p>\u00c7ince dilbilgisi al\u0131\u015ft\u0131rmas\u0131 yap\u0131n.<\/p>\r\n                    <\/div>\r\n                <\/div>\r\n            <\/div>\r\n        <\/a>\r\n\r\n        \r\n        <a href=\"https:\/\/talkpal.ai\/vocabulary_language\/chinese\/\">\r\n            <div class=\"learnNavigationWrapper\">\r\n                <div class=\"learnNavigationContent\">\r\n                    <img decoding=\"async\" src=\"https:\/\/talkpal.ai\/wp-content\/uploads\/2024\/08\/Chinese.jpg\" alt=\"Chinese Flag\u00a0\">\r\n                    <div>\r\n                        <h4>\u00c7ince Kelime Bilgisi<\/h4>\r\n                        <p>\u00c7ince kelime da\u011farc\u0131\u011f\u0131n\u0131z\u0131 geni\u015fletin.<\/p>\r\n                    <\/div>\r\n                <\/div>\r\n            <\/div>\r\n        <\/a>\r\n\r\n            <\/section>","protected":false},"excerpt":{"rendered":"<p>\u00c7ince Dilbilgisi Konular\u0131 \u00c7ince dilbilgisi ilk ba\u015fta korkutucu g\u00f6r\u00fcnebilir, ancak dile hakim olmak i\u00e7in \u00e7ok \u00f6nemlidir. E\u015fsiz karakter sistemi ve tonal do\u011fas\u0131 ile \u00c7ince dilbilgisi, \u0130ngilizce gibi dillerden farkl\u0131 bir dizi kural\u0131 takip eder. Bu kurallar\u0131 do\u011fru s\u0131rayla \u00f6\u011frenmek, dil \u00e7al\u0131\u015fmalar\u0131n\u0131zda daha etkili bir \u015fekilde ilerlemenize yard\u0131mc\u0131 olacakt\u0131r. A\u015fa\u011f\u0131daki konular \u00f6nerilen \u00f6\u011frenme s\u0131ras\u0131na g\u00f6re tart\u0131\u015f\u0131lacakt\u0131r: [&hellip;]<\/p>\n","protected":false},"author":6,"featured_media":106213,"parent":0,"menu_order":0,"comment_status":"closed","ping_status":"closed","template":"LearningContentPage.php","meta":{"_acf_changed":false,"footnotes":""},"class_list":["post-133063","page","type-page","status-publish","has-post-thumbnail","hentry"],"acf":[],"yoast_head":"<!-- This site is optimized with the Yoast SEO Premium plugin v27.2 (Yoast SEO v27.2) - https:\/\/yoast.com\/product\/yoast-seo-premium-wordpress\/ -->\n<title>\u00c7ince Dilbilgisi Al\u0131\u015ft\u0131rmalar\u0131 - Talkpal<\/title>\n<meta name=\"description\" content=\"Dil becerilerinizi geli\u015ftirmek i\u00e7in zamanlar\u0131, fiilleri ve daha fazlas\u0131n\u0131 kapsayan kapsaml\u0131 k\u0131lavuzumuzla \u00c7ince dilbilgisinde ustala\u015f\u0131n.\" \/>\n<meta name=\"robots\" content=\"index, follow, max-snippet:-1, max-image-preview:large, max-video-preview:-1\" \/>\n<link rel=\"canonical\" href=\"https:\/\/talkpal.ai\/tr\/cince-dilbilgisi-alistirmalari\/\" \/>\n<meta property=\"og:locale\" content=\"tr_TR\" \/>\n<meta property=\"og:type\" content=\"article\" \/>\n<meta property=\"og:title\" content=\"\u00c7ince Dilbilgisi Al\u0131\u015ft\u0131rmalar\u0131\" \/>\n<meta property=\"og:description\" content=\"\u00c7ince Dilbilgisi Konular\u0131 \u00c7ince dilbilgisi ilk ba\u015fta korkutucu g\u00f6r\u00fcnebilir, ancak dile hakim olmak i\u00e7in \u00e7ok \u00f6nemlidir. E\u015fsiz karakter sistemi ve tonal\" \/>\n<meta property=\"og:url\" content=\"https:\/\/talkpal.ai\/tr\/cince-dilbilgisi-alistirmalari\/\" \/>\n<meta property=\"og:site_name\" content=\"Talkpal\" \/>\n<meta property=\"article:publisher\" content=\"https:\/\/www.facebook.com\/profile.php?id=100090733639311\" \/>\n<meta property=\"article:modified_time\" content=\"2025-05-22T21:24:28+00:00\" \/>\n<meta property=\"og:image\" content=\"https:\/\/talkpal.ai\/wp-content\/uploads\/2023\/04\/china.png\" \/>\n\t<meta property=\"og:image:width\" content=\"512\" \/>\n\t<meta property=\"og:image:height\" content=\"512\" \/>\n\t<meta property=\"og:image:type\" content=\"image\/png\" \/>\n<meta name=\"twitter:card\" content=\"summary_large_image\" \/>\n<meta name=\"twitter:site\" content=\"@talkpalai\" \/>\n<meta name=\"twitter:label1\" content=\"Tahmini okuma s\u00fcresi\" \/>\n\t<meta name=\"twitter:data1\" content=\"3 dakika\" \/>\n<script type=\"application\/ld+json\" class=\"yoast-schema-graph\">{\"@context\":\"https:\/\/schema.org\",\"@graph\":[{\"@type\":\"WebPage\",\"@id\":\"https:\/\/talkpal.ai\/tr\/cince-dilbilgisi-alistirmalari\/\",\"url\":\"https:\/\/talkpal.ai\/tr\/cince-dilbilgisi-alistirmalari\/\",\"name\":\"\u00c7ince Dilbilgisi Al\u0131\u015ft\u0131rmalar\u0131 - Talkpal\",\"isPartOf\":{\"@id\":\"https:\/\/talkpal.ai\/tr\/#website\"},\"primaryImageOfPage\":{\"@id\":\"https:\/\/talkpal.ai\/tr\/cince-dilbilgisi-alistirmalari\/#primaryimage\"},\"image\":{\"@id\":\"https:\/\/talkpal.ai\/tr\/cince-dilbilgisi-alistirmalari\/#primaryimage\"},\"thumbnailUrl\":\"https:\/\/talkpal.ai\/wp-content\/uploads\/2023\/04\/china.png\",\"datePublished\":\"2023-06-16T09:39:29+00:00\",\"dateModified\":\"2025-05-22T21:24:28+00:00\",\"description\":\"Dil becerilerinizi geli\u015ftirmek i\u00e7in zamanlar\u0131, fiilleri ve daha fazlas\u0131n\u0131 kapsayan kapsaml\u0131 k\u0131lavuzumuzla \u00c7ince dilbilgisinde ustala\u015f\u0131n.\",\"breadcrumb\":{\"@id\":\"https:\/\/talkpal.ai\/tr\/cince-dilbilgisi-alistirmalari\/#breadcrumb\"},\"inLanguage\":\"tr\",\"potentialAction\":[{\"@type\":\"ReadAction\",\"target\":[\"https:\/\/talkpal.ai\/tr\/cince-dilbilgisi-alistirmalari\/\"]}]},{\"@type\":\"ImageObject\",\"inLanguage\":\"tr\",\"@id\":\"https:\/\/talkpal.ai\/tr\/cince-dilbilgisi-alistirmalari\/#primaryimage\",\"url\":\"https:\/\/talkpal.ai\/wp-content\/uploads\/2023\/04\/china.png\",\"contentUrl\":\"https:\/\/talkpal.ai\/wp-content\/uploads\/2023\/04\/china.png\",\"width\":512,\"height\":512},{\"@type\":\"BreadcrumbList\",\"@id\":\"https:\/\/talkpal.ai\/tr\/cince-dilbilgisi-alistirmalari\/#breadcrumb\",\"itemListElement\":[{\"@type\":\"ListItem\",\"position\":1,\"name\":\"Homepage\",\"item\":\"https:\/\/talkpal.ai\/tr\/\"},{\"@type\":\"ListItem\",\"position\":2,\"name\":\"\u00c7ince Dilbilgisi Al\u0131\u015ft\u0131rmalar\u0131\"}]},{\"@type\":\"WebSite\",\"@id\":\"https:\/\/talkpal.ai\/tr\/#website\",\"url\":\"https:\/\/talkpal.ai\/tr\/\",\"name\":\"Talkpal\",\"description\":\"AI Language Learning\",\"publisher\":{\"@id\":\"https:\/\/talkpal.ai\/tr\/#organization\"},\"alternateName\":\"Talkpal AI\",\"potentialAction\":[{\"@type\":\"SearchAction\",\"target\":{\"@type\":\"EntryPoint\",\"urlTemplate\":\"https:\/\/talkpal.ai\/tr\/?s={search_term_string}\"},\"query-input\":{\"@type\":\"PropertyValueSpecification\",\"valueRequired\":true,\"valueName\":\"search_term_string\"}}],\"inLanguage\":\"tr\"},{\"@type\":\"Organization\",\"@id\":\"https:\/\/talkpal.ai\/tr\/#organization\",\"name\":\"Talkpal, Inc.\",\"alternateName\":\"Talkpal AI\",\"url\":\"https:\/\/talkpal.ai\/tr\/\",\"logo\":{\"@type\":\"ImageObject\",\"inLanguage\":\"tr\",\"@id\":\"https:\/\/talkpal.ai\/tr\/#\/schema\/logo\/image\/\",\"url\":\"https:\/\/talkpal.ai\/wp-content\/uploads\/2024\/03\/Talkpal-Logo-Icon.png\",\"contentUrl\":\"https:\/\/talkpal.ai\/wp-content\/uploads\/2024\/03\/Talkpal-Logo-Icon.png\",\"width\":2880,\"height\":2880,\"caption\":\"Talkpal, Inc.\"},\"image\":{\"@id\":\"https:\/\/talkpal.ai\/tr\/#\/schema\/logo\/image\/\"},\"sameAs\":[\"https:\/\/www.facebook.com\/profile.php?id=100090733639311\",\"https:\/\/x.com\/talkpalai\",\"https:\/\/www.linkedin.com\/company\/talkpal\/\",\"https:\/\/www.youtube.com\/@TalkPal\/\",\"https:\/\/www.tiktok.com\/@talkpal\",\"https:\/\/www.instagram.com\/talkpal_ai\/\",\"https:\/\/www.crunchbase.com\/organization\/talkpal-9cde\",\"https:\/\/www.g2.com\/products\/talkpal-for-business\/\",\"https:\/\/www.trustpilot.com\/review\/talkpal.ai\",\"https:\/\/www.capterra.com\/p\/10006800\/TalkPal\/\"],\"description\":\"Talkpal is a language learning web and mobile education app, powered by the latest AI technologies, that provides engaging experiences to its customers in many different languages to help them improve their language skills. Users can chat about unlimited amount of topics with the app and use other modes to practice their language learning.\",\"email\":\"support@talkpal.ai\",\"legalName\":\"Talkpal, Inc.\",\"foundingDate\":\"2023-04-03\",\"duns\":\"118989042\",\"numberOfEmployees\":{\"@type\":\"QuantitativeValue\",\"minValue\":\"11\",\"maxValue\":\"50\"},\"publishingPrinciples\":\"https:\/\/talkpal.ai\/publishing-principles\/\",\"actionableFeedbackPolicy\":\"https:\/\/talkpal.ai\/actionable-feedback-policy\/\",\"correctionsPolicy\":\"https:\/\/talkpal.ai\/corrections-policy\/\",\"ethicsPolicy\":\"https:\/\/talkpal.ai\/ethics-policy\/\",\"diversityPolicy\":\"https:\/\/talkpal.ai\/diversity-policy\/\",\"diversityStaffingReport\":\"https:\/\/talkpal.ai\/diversity-policy\/\"}]}<\/script>\n<!-- \/ Yoast SEO Premium plugin. -->","yoast_head_json":{"title":"\u00c7ince Dilbilgisi Al\u0131\u015ft\u0131rmalar\u0131 - Talkpal","description":"Dil becerilerinizi geli\u015ftirmek i\u00e7in zamanlar\u0131, fiilleri ve daha fazlas\u0131n\u0131 kapsayan kapsaml\u0131 k\u0131lavuzumuzla \u00c7ince dilbilgisinde ustala\u015f\u0131n.","robots":{"index":"index","follow":"follow","max-snippet":"max-snippet:-1","max-image-preview":"max-image-preview:large","max-video-preview":"max-video-preview:-1"},"canonical":"https:\/\/talkpal.ai\/tr\/cince-dilbilgisi-alistirmalari\/","og_locale":"tr_TR","og_type":"article","og_title":"\u00c7ince Dilbilgisi Al\u0131\u015ft\u0131rmalar\u0131","og_description":"\u00c7ince Dilbilgisi Konular\u0131 \u00c7ince dilbilgisi ilk ba\u015fta korkutucu g\u00f6r\u00fcnebilir, ancak dile hakim olmak i\u00e7in \u00e7ok \u00f6nemlidir. E\u015fsiz karakter sistemi ve tonal","og_url":"https:\/\/talkpal.ai\/tr\/cince-dilbilgisi-alistirmalari\/","og_site_name":"Talkpal","article_publisher":"https:\/\/www.facebook.com\/profile.php?id=100090733639311","article_modified_time":"2025-05-22T21:24:28+00:00","og_image":[{"width":512,"height":512,"url":"https:\/\/talkpal.ai\/wp-content\/uploads\/2023\/04\/china.png","type":"image\/png"}],"twitter_card":"summary_large_image","twitter_site":"@talkpalai","twitter_misc":{"Tahmini okuma s\u00fcresi":"3 dakika"},"schema":{"@context":"https:\/\/schema.org","@graph":[{"@type":"WebPage","@id":"https:\/\/talkpal.ai\/tr\/cince-dilbilgisi-alistirmalari\/","url":"https:\/\/talkpal.ai\/tr\/cince-dilbilgisi-alistirmalari\/","name":"\u00c7ince Dilbilgisi Al\u0131\u015ft\u0131rmalar\u0131 - Talkpal","isPartOf":{"@id":"https:\/\/talkpal.ai\/tr\/#website"},"primaryImageOfPage":{"@id":"https:\/\/talkpal.ai\/tr\/cince-dilbilgisi-alistirmalari\/#primaryimage"},"image":{"@id":"https:\/\/talkpal.ai\/tr\/cince-dilbilgisi-alistirmalari\/#primaryimage"},"thumbnailUrl":"https:\/\/talkpal.ai\/wp-content\/uploads\/2023\/04\/china.png","datePublished":"2023-06-16T09:39:29+00:00","dateModified":"2025-05-22T21:24:28+00:00","description":"Dil becerilerinizi geli\u015ftirmek i\u00e7in zamanlar\u0131, fiilleri ve daha fazlas\u0131n\u0131 kapsayan kapsaml\u0131 k\u0131lavuzumuzla \u00c7ince dilbilgisinde ustala\u015f\u0131n.","breadcrumb":{"@id":"https:\/\/talkpal.ai\/tr\/cince-dilbilgisi-alistirmalari\/#breadcrumb"},"inLanguage":"tr","potentialAction":[{"@type":"ReadAction","target":["https:\/\/talkpal.ai\/tr\/cince-dilbilgisi-alistirmalari\/"]}]},{"@type":"ImageObject","inLanguage":"tr","@id":"https:\/\/talkpal.ai\/tr\/cince-dilbilgisi-alistirmalari\/#primaryimage","url":"https:\/\/talkpal.ai\/wp-content\/uploads\/2023\/04\/china.png","contentUrl":"https:\/\/talkpal.ai\/wp-content\/uploads\/2023\/04\/china.png","width":512,"height":512},{"@type":"BreadcrumbList","@id":"https:\/\/talkpal.ai\/tr\/cince-dilbilgisi-alistirmalari\/#breadcrumb","itemListElement":[{"@type":"ListItem","position":1,"name":"Homepage","item":"https:\/\/talkpal.ai\/tr\/"},{"@type":"ListItem","position":2,"name":"\u00c7ince Dilbilgisi Al\u0131\u015ft\u0131rmalar\u0131"}]},{"@type":"WebSite","@id":"https:\/\/talkpal.ai\/tr\/#website","url":"https:\/\/talkpal.ai\/tr\/","name":"Talkpal","description":"AI Language Learning","publisher":{"@id":"https:\/\/talkpal.ai\/tr\/#organization"},"alternateName":"Talkpal AI","potentialAction":[{"@type":"SearchAction","target":{"@type":"EntryPoint","urlTemplate":"https:\/\/talkpal.ai\/tr\/?s={search_term_string}"},"query-input":{"@type":"PropertyValueSpecification","valueRequired":true,"valueName":"search_term_string"}}],"inLanguage":"tr"},{"@type":"Organization","@id":"https:\/\/talkpal.ai\/tr\/#organization","name":"Talkpal, Inc.","alternateName":"Talkpal AI","url":"https:\/\/talkpal.ai\/tr\/","logo":{"@type":"ImageObject","inLanguage":"tr","@id":"https:\/\/talkpal.ai\/tr\/#\/schema\/logo\/image\/","url":"https:\/\/talkpal.ai\/wp-content\/uploads\/2024\/03\/Talkpal-Logo-Icon.png","contentUrl":"https:\/\/talkpal.ai\/wp-content\/uploads\/2024\/03\/Talkpal-Logo-Icon.png","width":2880,"height":2880,"caption":"Talkpal, Inc."},"image":{"@id":"https:\/\/talkpal.ai\/tr\/#\/schema\/logo\/image\/"},"sameAs":["https:\/\/www.facebook.com\/profile.php?id=100090733639311","https:\/\/x.com\/talkpalai","https:\/\/www.linkedin.com\/company\/talkpal\/","https:\/\/www.youtube.com\/@TalkPal\/","https:\/\/www.tiktok.com\/@talkpal","https:\/\/www.instagram.com\/talkpal_ai\/","https:\/\/www.crunchbase.com\/organization\/talkpal-9cde","https:\/\/www.g2.com\/products\/talkpal-for-business\/","https:\/\/www.trustpilot.com\/review\/talkpal.ai","https:\/\/www.capterra.com\/p\/10006800\/TalkPal\/"],"description":"Talkpal is a language learning web and mobile education app, powered by the latest AI technologies, that provides engaging experiences to its customers in many different languages to help them improve their language skills. Users can chat about unlimited amount of topics with the app and use other modes to practice their language learning.","email":"support@talkpal.ai","legalName":"Talkpal, Inc.","foundingDate":"2023-04-03","duns":"118989042","numberOfEmployees":{"@type":"QuantitativeValue","minValue":"11","maxValue":"50"},"publishingPrinciples":"https:\/\/talkpal.ai\/publishing-principles\/","actionableFeedbackPolicy":"https:\/\/talkpal.ai\/actionable-feedback-policy\/","correctionsPolicy":"https:\/\/talkpal.ai\/corrections-policy\/","ethicsPolicy":"https:\/\/talkpal.ai\/ethics-policy\/","diversityPolicy":"https:\/\/talkpal.ai\/diversity-policy\/","diversityStaffingReport":"https:\/\/talkpal.ai\/diversity-policy\/"}]}},"_links":{"self":[{"href":"https:\/\/talkpal.ai\/tr\/wp-json\/wp\/v2\/pages\/133063","targetHints":{"allow":["GET"]}}],"collection":[{"href":"https:\/\/talkpal.ai\/tr\/wp-json\/wp\/v2\/pages"}],"about":[{"href":"https:\/\/talkpal.ai\/tr\/wp-json\/wp\/v2\/types\/page"}],"author":[{"embeddable":true,"href":"https:\/\/talkpal.ai\/tr\/wp-json\/wp\/v2\/users\/6"}],"replies":[{"embeddable":true,"href":"https:\/\/talkpal.ai\/tr\/wp-json\/wp\/v2\/comments?post=133063"}],"version-history":[{"count":0,"href":"https:\/\/talkpal.ai\/tr\/wp-json\/wp\/v2\/pages\/133063\/revisions"}],"wp:featuredmedia":[{"embeddable":true,"href":"https:\/\/talkpal.ai\/tr\/wp-json\/wp\/v2\/media\/106213"}],"wp:attachment":[{"href":"https:\/\/talkpal.ai\/tr\/wp-json\/wp\/v2\/media?parent=133063"}],"curies":[{"name":"wp","href":"https:\/\/api.w.org\/{rel}","templated":true}]}}