{"id":132488,"date":"2023-06-16T09:31:38","date_gmt":"2023-06-16T09:31:38","guid":{"rendered":"http:\/\/talkpal.ai\/arapca-gramer-alistirmalari\/"},"modified":"2025-05-22T20:15:24","modified_gmt":"2025-05-22T20:15:24","slug":"arapca-gramer-alistirmalari","status":"publish","type":"page","link":"https:\/\/talkpal.ai\/tr\/arapca-gramer-alistirmalari\/","title":{"rendered":"Arap\u00e7a Gramer Al\u0131\u015ft\u0131rmalar\u0131"},"content":{"rendered":"\r\n\r\n\r\n<section class=\"languageChallengeSection\">\r\n    <div class=\"languageInfoWrapper\">\r\n        \r\n        <h1>Arap\u00e7a Gramer Al\u0131\u015ft\u0131rmalar\u0131<\/h1>\r\n        <p>Arap\u00e7a becerilerinizi geli\u015ftirmeye haz\u0131r m\u0131s\u0131n\u0131z? <a href=\"https:\/\/talkpal.ai\/grammar\/\">Dilbilgisi<\/a> al\u0131\u015ft\u0131rmalar\u0131 yapmak, c\u00fcmle yap\u0131s\u0131, fiil formlar\u0131 ve Arap dilinin kendine \u00f6zg\u00fc kal\u0131plar\u0131na hakim olmak i\u00e7in \u00e7ok \u00f6nemlidir. \u00d6zg\u00fcveninizi art\u0131rmak, kelime da\u011farc\u0131\u011f\u0131n\u0131z\u0131 geni\u015fletmek ve kendinizi Arap\u00e7a ifade etmeyi \u00e7ok daha kolay hale getirmek i\u00e7in bu al\u0131\u015ft\u0131rmalara odaklan\u0131n. Bug\u00fcn pratik yapmaya ba\u015flay\u0131n ve dil becerilerinizin geli\u015fmesini izleyin!<\/p>\r\n\r\n                            <a class=\"getStartedHidden\" href=\"https:\/\/app.talkpal.ai\/tr\/signup?lng=\">Hadi ba\u015fla<\/a>\r\n        \r\n    <\/div>\r\n\r\n    <figure>\r\n    <img decoding=\"async\" width=\"768\" height=\"768\" src=\"https:\/\/talkpal.ai\/wp-content\/uploads\/2023\/06\/arabic-768x768.png\" class=\"languageImage no-lazy\" alt=\"Language learning for linguistic diversity\" fetchpriority=\"high\" sizes=\"(max-width: 768px) 150px, 768px\" srcset=\"https:\/\/talkpal.ai\/wp-content\/uploads\/2023\/06\/arabic-768x768.png 768w, https:\/\/talkpal.ai\/wp-content\/uploads\/2023\/06\/arabic-300x300.png 300w\" \/>\r\n    \r\n\r\n    <\/figure>\r\n\r\n            <a class=\"getStartedVisible\" href=\"https:\/\/app.talkpal.ai\/tr\/signup?lng=\">Hadi ba\u015fla<\/a>\r\n    \r\n<\/section>\r\n\r\n\r\n<!-- <section class=\"grammarSection\">\r\n    <div class=\"grammarLinks\">\r\n            <\/div>\r\n<\/section> -->\r\n\r\n\r\n\r\n\r\n<section class=\"promotionalBanner\">\r\n    <p class=\"promotionalText\">Dil \u00f6\u011frenmenin en etkili yolu<\/p>\r\n    <a class=\"promotionalLink\" href=\"https:\/\/app.talkpal.ai\/tr\/signup?lng=\">Talkpal \u00fccretsiz deneyin<\/a>\r\n<\/section>\n<div class=\"wp-block-group pageContainerStyle\"><div class=\"wp-block-group__inner-container is-layout-constrained wp-block-group-is-layout-constrained\">\n<h2 class=\"wp-block-heading\" id=\"h-arabic-grammar-topics\">Arap\u00e7a Dilbilgisi Konular\u0131<\/h2>\n\n\n\n<p>Zengin tarihi ve k\u00fclt\u00fcrel \u00f6nemi ile Arap dili, dil \u00f6\u011frenenler i\u00e7in b\u00fcy\u00fcleyici ve \u00f6d\u00fcllendirici bir \u00e7abad\u0131r. Birle\u015fmi\u015f Milletler&#8217;in alt\u0131 resmi dilinden biri olan ve d\u00fcnya \u00e7ap\u0131nda 420 milyondan fazla insan taraf\u0131ndan konu\u015fulan Arap\u00e7a \u00f6\u011frenmek, k\u00fcresel ileti\u015fim ve anlay\u0131\u015f i\u00e7in f\u0131rsatlar sunar. Bununla birlikte, dile hakim olmak, benzersiz dilbilgisi kurallar\u0131n\u0131n ve yap\u0131lar\u0131n\u0131n tam olarak anla\u015f\u0131lmas\u0131n\u0131 gerektirir. Bu yaz\u0131da, temel zamanlar ve fiil \u00e7ekimlerinden daha karma\u015f\u0131k nominal ve s\u00f6zl\u00fc c\u00fcmle yap\u0131lar\u0131na kadar dilde g\u00fc\u00e7l\u00fc bir temel olu\u015fturman\u0131za yard\u0131mc\u0131 olacak temel <a href=\"https:\/\/talkpal.ai\/uz\/arab-grammatikasi\/\">Arap\u00e7a dilbilgisi<\/a> konular\u0131n\u0131 inceleyece\u011fiz.<\/p>\n\n\n\n<h3 class=\"wp-block-heading\" id=\"h-1-tenses-indicative\">1. Zaman G\u00f6stergesi:<\/h3>\n\n\n\n<p>G\u00f6sterge zaman\u0131, \u015fimdiki, ge\u00e7mi\u015fteki veya gelecekteki eylemleri veya durumlar\u0131 ifade etmek i\u00e7in kullan\u0131l\u0131r. Arap\u00e7a&#8217;da fiil \u00e7ekimi zamana g\u00f6re de\u011fi\u015fir. D\u00fczenli fiiller i\u00e7in temel \u00e7ekimleri \u00f6\u011frenerek ba\u015flay\u0131n ve \u015fimdiki, ge\u00e7mi\u015f ve gelecek zamanlar i\u00e7in farkl\u0131 kal\u0131plar\u0131 tan\u0131y\u0131n.<\/p>\n\n\n\n<h3 class=\"wp-block-heading\" id=\"h-2-tenses-subjunctive\">2. Zamanlar S\u00fcbjektif:<\/h3>\n\n\n\n<p>Dilek kipi belirsizli\u011fi, \u015f\u00fcpheyi veya arzuyu ifade etmek i\u00e7in kullan\u0131l\u0131r. Belirli fiil \u00e7ekimlerini ve bunlar\u0131n i\u015faret kipinden nas\u0131l farkl\u0131 olduklar\u0131n\u0131 \u00f6\u011frenmek \u00e7ok \u00f6nemlidir. Bu, ileti\u015fiminizde daha incelikli d\u00fc\u015f\u00fcnce ve duygular\u0131 iletmenize yard\u0131mc\u0131 olacakt\u0131r.<\/p>\n\n\n\n<h3 class=\"wp-block-heading\" id=\"h-3-tense-comparison\">3. Gergin Kar\u015f\u0131la\u015ft\u0131rma:<\/h3>\n\n\n\n<p>G\u00f6sterge ve dilek kipleri aras\u0131ndaki farklar\u0131 anlamak hayati \u00f6nem ta\u015f\u0131r. Fiil \u00e7ekimlerinin nas\u0131l de\u011fi\u015ftirildi\u011fine ve her zaman\u0131n kullan\u0131ld\u0131\u011f\u0131 ba\u011flama odaklan\u0131n.<\/p>\n\n\n\n<h3 class=\"wp-block-heading\" id=\"h-4-verbs\">4. Fiiller:<\/h3>\n\n\n\n<p>Arap\u00e7a fiiller, k\u00f6k harflerine ve kal\u0131plar\u0131na g\u00f6re farkl\u0131 bi\u00e7imlerde kategorize edilir. \u00c7e\u015fitli durumlarda fiilleri tan\u0131man\u0131za ve do\u011fru kullanman\u0131za yard\u0131mc\u0131 olacak on temel fiil bi\u00e7imini ve \u00e7ekim kurallar\u0131n\u0131 \u00f6\u011frenin.<\/p>\n\n\n\n<h3 class=\"wp-block-heading\" id=\"h-5-nouns\">5. \u0130simler:<\/h3>\n\n\n\n<p>Arap\u00e7a isimler ya eril ya da di\u015fildir ve sonlar\u0131 bir c\u00fcmledeki gramer rollerine g\u00f6re de\u011fi\u015fir. Farkl\u0131 isim kal\u0131plar\u0131n\u0131 ve bunlar\u0131n b\u00fcy\u00fck\/k\u00fc\u00e7\u00fck harf i\u015faretlerinden ve di\u011fer gramer \u00f6\u011felerinden nas\u0131l etkilendi\u011fini \u00f6\u011frenin.<\/p>\n\n\n\n<h3 class=\"wp-block-heading\" id=\"h-6-articles\">6. Makaleler:<\/h3>\n\n\n\n<p>Arap\u00e7a, isimlerin belirlenmesinde \u00e7ok \u00f6nemli bir rol oynayan belirli ve belirsiz artikellere sahiptir. Arap\u00e7ada &#8220;al-&#8221; belirli artikelinin kurallar\u0131n\u0131 ve kullan\u0131m\u0131n\u0131 ve belirsiz artikelin yoklu\u011funu \u00f6\u011frenin.<\/p>\n\n\n\n<h3 class=\"wp-block-heading\" id=\"h-7-definite-and-indefinite-articles\">7. Belirli ve Belirsiz E\u015fyalar:<\/h3>\n\n\n\n<p>Daha \u00f6nce de belirtildi\u011fi gibi, Arap\u00e7a&#8217;da belirli ve belirsiz artikellerin kullan\u0131m\u0131n\u0131 anlamak esast\u0131r. Kavram\u0131 kavray\u0131\u015f\u0131n\u0131z\u0131 g\u00fc\u00e7lendirmek i\u00e7in bunlar\u0131 farkl\u0131 isimlerle c\u00fcmlelerde kullanma al\u0131\u015ft\u0131rmas\u0131 yap\u0131n.<\/p>\n\n\n\n<h3 class=\"wp-block-heading\" id=\"h-8-pronouns\">8. Zamirler:<\/h3>\n\n\n\n<p>Arap\u00e7a zamirler ki\u015fisel, g\u00f6sterici ve ilgi zamirlerine ayr\u0131l\u0131r. Bi\u00e7imlerini ve kullan\u0131mlar\u0131n\u0131 ve ayr\u0131ca bunlar\u0131 fiillere, isimlere ve edatlara ekleme kurallar\u0131n\u0131 \u00f6\u011frenin.<\/p>\n\n\n\n<h3 class=\"wp-block-heading\" id=\"h-9-adjectives\">9. S\u0131fatlar:<\/h3>\n\n\n\n<p>Arap\u00e7a&#8217;daki s\u0131fatlar, cinsiyet ve say\u0131 olarak de\u011fi\u015ftirdikleri isimlerle uyu\u015furlar. S\u0131fat anla\u015fmas\u0131n\u0131n kurallar\u0131n\u0131 ve s\u0131fatlar\u0131n temel kal\u0131plar\u0131n\u0131 \u00f6\u011frenin.<\/p>\n\n\n\n<h3 class=\"wp-block-heading\" id=\"h-10-adverbs\">10. Zarflar:<\/h3>\n\n\n\n<p>Yayg\u0131n Arap\u00e7a zarflar\u0131 ve bunlar\u0131n c\u00fcmle i\u00e7indeki yerle\u015fimlerini \u00f6\u011frenin. Zarflar\u0131n i\u015flevini anlamak, ileti\u015fiminizde daha detayl\u0131 bilgi aktarman\u0131za yard\u0131mc\u0131 olacakt\u0131r.<\/p>\n\n\n\n<h3 class=\"wp-block-heading\" id=\"h-11-prepositions\">11. Edatlar:<\/h3>\n\n\n\n<p>Arap\u00e7a edatlar, kelimeleri ve c\u00fcmleleri birbirine ba\u011flamak ve aralar\u0131ndaki ili\u015fkileri ifade etmek i\u00e7in gereklidir. \u00c7e\u015fitli edatlar\u0131 ve c\u00fcmle i\u00e7indeki kullan\u0131mlar\u0131n\u0131 \u00f6\u011frenin.<\/p>\n\n\n\n<h3 class=\"wp-block-heading\" id=\"h-12-idaafa-genitive-construction\">12. \u0130daafa (Genel Yap\u0131):<\/h3>\n\n\n\n<p>Idaafa yap\u0131s\u0131, isimler aras\u0131ndaki m\u00fclkiyeti veya ili\u015fkileri ifade etmek i\u00e7in kullan\u0131l\u0131r. Arap\u00e7a dilbilgisinin ayr\u0131lmaz bir par\u00e7as\u0131 olan \u0130daafa yap\u0131lar\u0131n\u0131 olu\u015fturmak i\u00e7in kurallar\u0131 ve kal\u0131plar\u0131 \u00f6\u011frenin.<\/p>\n\n\n\n<h3 class=\"wp-block-heading\" id=\"h-13-sentence-structure\">13. C\u00fcmle Yap\u0131s\u0131:<\/h3>\n\n\n\n<p>Arap\u00e7a c\u00fcmleler nominal veya s\u00f6zl\u00fc olabilir. Her iki c\u00fcmle t\u00fcr\u00fcn\u00fcn de temel yap\u0131s\u0131n\u0131 \u00f6\u011frenin ve farkl\u0131 bile\u015fenlerle c\u00fcmleler kurma al\u0131\u015ft\u0131rmas\u0131 yap\u0131n.<\/p>\n\n\n\n<h3 class=\"wp-block-heading\" id=\"h-14-nominal-and-verbal-sentences\">14. Nominal ve S\u00f6zl\u00fc C\u00fcmleler:<\/h3>\n\n\n\n<p>Nominal ve s\u00f6zl\u00fc c\u00fcmleler aras\u0131ndaki farklar\u0131 daha derinlemesine inceleyin ve bunlar\u0131 \u00e7e\u015fitli ba\u011flamlarda nas\u0131l etkili bir \u015fekilde kullanaca\u011f\u0131n\u0131z\u0131 \u00f6\u011frenin.<\/p>\n\n\n\n<h3 class=\"wp-block-heading\" id=\"h-15-subject-and-predicate-in-arabic\">15. Arap\u00e7ada \u00d6zne ve Y\u00fcklem:<\/h3>\n\n\n\n<p>Arap\u00e7a c\u00fcmlelerde \u00f6zne ve y\u00fcklemin rollerini anlamak, etkili ileti\u015fim i\u00e7in esast\u0131r. Farkl\u0131 c\u00fcmle t\u00fcrlerinde \u00f6zne ve y\u00fcklemleri belirleme ve kullanma kurallar\u0131n\u0131 \u00f6\u011frenin.<\/p>\n<\/div><\/div>\n\r\n<section class=\"learnNavigationSection\">\r\n            \r\n        <a href=\"https:\/\/talkpal.ai\/tr\/arapca-ogren\/\">\r\n            <div class=\"learnNavigationWrapper\">\r\n                <div class=\"learnNavigationContent\">\r\n                    <img decoding=\"async\" src=\"https:\/\/talkpal.ai\/wp-content\/uploads\/2024\/08\/Arabic.jpg\" alt=\"Arabic Flag\">\r\n                    <div>\r\n                        <h4>Arap\u00e7a \u00d6\u011frenimi Hakk\u0131nda<\/h4>\r\n                        <p>Arap\u00e7a dilbilgisi hakk\u0131nda her \u015feyi \u00f6\u011frenin.<\/p>\r\n                    <\/div>\r\n                <\/div>\r\n            <\/div>\r\n        <\/a>\r\n\r\n        \r\n        <a href=\"https:\/\/talkpal.ai\/tr\/arapca-dilbilgisi\/\">\r\n            <div class=\"learnNavigationWrapper\">\r\n                <div class=\"learnNavigationContent\">\r\n                    <img decoding=\"async\" src=\"https:\/\/talkpal.ai\/wp-content\/uploads\/2024\/08\/Arabic.jpg\" alt=\"Arabic Flag\">\r\n                    <div>\r\n                        <h4>Arap\u00e7a Gramer Dersleri<\/h4>\r\n                        <p>Arap\u00e7a dilbilgisi al\u0131\u015ft\u0131rmas\u0131 yap\u0131n.<\/p>\r\n                    <\/div>\r\n                <\/div>\r\n            <\/div>\r\n        <\/a>\r\n\r\n        \r\n        <a href=\"https:\/\/talkpal.ai\/vocabulary_language\/arabic\/\">\r\n            <div class=\"learnNavigationWrapper\">\r\n                <div class=\"learnNavigationContent\">\r\n                    <img decoding=\"async\" src=\"https:\/\/talkpal.ai\/wp-content\/uploads\/2024\/08\/Arabic.jpg\" alt=\"Arabic Flag\">\r\n                    <div>\r\n                        <h4>Arap\u00e7a Kelime Bilgisi<\/h4>\r\n                        <p>Arap\u00e7a kelime da\u011farc\u0131\u011f\u0131n\u0131z\u0131 geni\u015fletin.<\/p>\r\n                    <\/div>\r\n                <\/div>\r\n            <\/div>\r\n        <\/a>\r\n\r\n            <\/section>","protected":false},"excerpt":{"rendered":"<p>Arap\u00e7a Dilbilgisi Konular\u0131 Zengin tarihi ve k\u00fclt\u00fcrel \u00f6nemi ile Arap dili, dil \u00f6\u011frenenler i\u00e7in b\u00fcy\u00fcleyici ve \u00f6d\u00fcllendirici bir \u00e7abad\u0131r. Birle\u015fmi\u015f Milletler&#8217;in alt\u0131 resmi dilinden biri olan ve d\u00fcnya \u00e7ap\u0131nda 420 milyondan fazla insan taraf\u0131ndan konu\u015fulan Arap\u00e7a \u00f6\u011frenmek, k\u00fcresel ileti\u015fim ve anlay\u0131\u015f i\u00e7in f\u0131rsatlar sunar. Bununla birlikte, dile hakim olmak, benzersiz dilbilgisi kurallar\u0131n\u0131n ve yap\u0131lar\u0131n\u0131n tam [&hellip;]<\/p>\n","protected":false},"author":6,"featured_media":105794,"parent":0,"menu_order":0,"comment_status":"closed","ping_status":"closed","template":"LearningContentPage.php","meta":{"_acf_changed":false,"footnotes":""},"class_list":["post-132488","page","type-page","status-publish","has-post-thumbnail","hentry"],"acf":[],"yoast_head":"<!-- This site is optimized with the Yoast SEO Premium plugin v27.2 (Yoast SEO v27.2) - https:\/\/yoast.com\/product\/yoast-seo-premium-wordpress\/ -->\n<title>Arap\u00e7a Gramer Al\u0131\u015ft\u0131rmalar\u0131 - Talkpal<\/title>\n<meta name=\"description\" content=\"Dilde ustala\u015fmak i\u00e7in gerekli kurallar\u0131 ve yap\u0131lar\u0131 kapsayan Arap\u00e7a dilbilgisi al\u0131\u015ft\u0131rmalar\u0131yla anlay\u0131\u015f\u0131n\u0131z\u0131 geli\u015ftirin.\" \/>\n<meta name=\"robots\" content=\"index, follow, max-snippet:-1, max-image-preview:large, max-video-preview:-1\" \/>\n<link rel=\"canonical\" href=\"https:\/\/talkpal.ai\/tr\/arapca-gramer-alistirmalari\/\" \/>\n<meta property=\"og:locale\" content=\"tr_TR\" \/>\n<meta property=\"og:type\" content=\"article\" \/>\n<meta property=\"og:title\" content=\"Arap\u00e7a Gramer Al\u0131\u015ft\u0131rmalar\u0131\" \/>\n<meta property=\"og:description\" content=\"Arap\u00e7a Dilbilgisi Konular\u0131 Zengin tarihi ve k\u00fclt\u00fcrel \u00f6nemi ile Arap dili, dil \u00f6\u011frenenler i\u00e7in b\u00fcy\u00fcleyici ve \u00f6d\u00fcllendirici bir \u00e7abad\u0131r. Birle\u015fmi\u015f\" \/>\n<meta property=\"og:url\" content=\"https:\/\/talkpal.ai\/tr\/arapca-gramer-alistirmalari\/\" \/>\n<meta property=\"og:site_name\" content=\"Talkpal\" \/>\n<meta property=\"article:publisher\" content=\"https:\/\/www.facebook.com\/profile.php?id=100090733639311\" \/>\n<meta property=\"article:modified_time\" content=\"2025-05-22T20:15:24+00:00\" \/>\n<meta property=\"og:image\" content=\"https:\/\/talkpal.ai\/wp-content\/uploads\/2023\/04\/arabic-united-arab-emirates.png\" \/>\n\t<meta property=\"og:image:width\" content=\"512\" \/>\n\t<meta property=\"og:image:height\" content=\"512\" \/>\n\t<meta property=\"og:image:type\" content=\"image\/png\" \/>\n<meta name=\"twitter:card\" content=\"summary_large_image\" \/>\n<meta name=\"twitter:site\" content=\"@talkpalai\" \/>\n<meta name=\"twitter:label1\" content=\"Tahmini okuma s\u00fcresi\" \/>\n\t<meta name=\"twitter:data1\" content=\"4 dakika\" \/>\n<script type=\"application\/ld+json\" class=\"yoast-schema-graph\">{\"@context\":\"https:\/\/schema.org\",\"@graph\":[{\"@type\":\"WebPage\",\"@id\":\"https:\/\/talkpal.ai\/tr\/arapca-gramer-alistirmalari\/\",\"url\":\"https:\/\/talkpal.ai\/tr\/arapca-gramer-alistirmalari\/\",\"name\":\"Arap\u00e7a Gramer Al\u0131\u015ft\u0131rmalar\u0131 - Talkpal\",\"isPartOf\":{\"@id\":\"https:\/\/talkpal.ai\/tr\/#website\"},\"primaryImageOfPage\":{\"@id\":\"https:\/\/talkpal.ai\/tr\/arapca-gramer-alistirmalari\/#primaryimage\"},\"image\":{\"@id\":\"https:\/\/talkpal.ai\/tr\/arapca-gramer-alistirmalari\/#primaryimage\"},\"thumbnailUrl\":\"https:\/\/talkpal.ai\/wp-content\/uploads\/2023\/04\/arabic-united-arab-emirates.png\",\"datePublished\":\"2023-06-16T09:31:38+00:00\",\"dateModified\":\"2025-05-22T20:15:24+00:00\",\"description\":\"Dilde ustala\u015fmak i\u00e7in gerekli kurallar\u0131 ve yap\u0131lar\u0131 kapsayan Arap\u00e7a dilbilgisi al\u0131\u015ft\u0131rmalar\u0131yla anlay\u0131\u015f\u0131n\u0131z\u0131 geli\u015ftirin.\",\"breadcrumb\":{\"@id\":\"https:\/\/talkpal.ai\/tr\/arapca-gramer-alistirmalari\/#breadcrumb\"},\"inLanguage\":\"tr\",\"potentialAction\":[{\"@type\":\"ReadAction\",\"target\":[\"https:\/\/talkpal.ai\/tr\/arapca-gramer-alistirmalari\/\"]}]},{\"@type\":\"ImageObject\",\"inLanguage\":\"tr\",\"@id\":\"https:\/\/talkpal.ai\/tr\/arapca-gramer-alistirmalari\/#primaryimage\",\"url\":\"https:\/\/talkpal.ai\/wp-content\/uploads\/2023\/04\/arabic-united-arab-emirates.png\",\"contentUrl\":\"https:\/\/talkpal.ai\/wp-content\/uploads\/2023\/04\/arabic-united-arab-emirates.png\",\"width\":512,\"height\":512},{\"@type\":\"BreadcrumbList\",\"@id\":\"https:\/\/talkpal.ai\/tr\/arapca-gramer-alistirmalari\/#breadcrumb\",\"itemListElement\":[{\"@type\":\"ListItem\",\"position\":1,\"name\":\"Homepage\",\"item\":\"https:\/\/talkpal.ai\/tr\/\"},{\"@type\":\"ListItem\",\"position\":2,\"name\":\"Arap\u00e7a Gramer Al\u0131\u015ft\u0131rmalar\u0131\"}]},{\"@type\":\"WebSite\",\"@id\":\"https:\/\/talkpal.ai\/tr\/#website\",\"url\":\"https:\/\/talkpal.ai\/tr\/\",\"name\":\"Talkpal\",\"description\":\"AI Language Learning\",\"publisher\":{\"@id\":\"https:\/\/talkpal.ai\/tr\/#organization\"},\"alternateName\":\"Talkpal AI\",\"potentialAction\":[{\"@type\":\"SearchAction\",\"target\":{\"@type\":\"EntryPoint\",\"urlTemplate\":\"https:\/\/talkpal.ai\/tr\/?s={search_term_string}\"},\"query-input\":{\"@type\":\"PropertyValueSpecification\",\"valueRequired\":true,\"valueName\":\"search_term_string\"}}],\"inLanguage\":\"tr\"},{\"@type\":\"Organization\",\"@id\":\"https:\/\/talkpal.ai\/tr\/#organization\",\"name\":\"Talkpal, Inc.\",\"alternateName\":\"Talkpal AI\",\"url\":\"https:\/\/talkpal.ai\/tr\/\",\"logo\":{\"@type\":\"ImageObject\",\"inLanguage\":\"tr\",\"@id\":\"https:\/\/talkpal.ai\/tr\/#\/schema\/logo\/image\/\",\"url\":\"https:\/\/talkpal.ai\/wp-content\/uploads\/2024\/03\/Talkpal-Logo-Icon.png\",\"contentUrl\":\"https:\/\/talkpal.ai\/wp-content\/uploads\/2024\/03\/Talkpal-Logo-Icon.png\",\"width\":2880,\"height\":2880,\"caption\":\"Talkpal, Inc.\"},\"image\":{\"@id\":\"https:\/\/talkpal.ai\/tr\/#\/schema\/logo\/image\/\"},\"sameAs\":[\"https:\/\/www.facebook.com\/profile.php?id=100090733639311\",\"https:\/\/x.com\/talkpalai\",\"https:\/\/www.linkedin.com\/company\/talkpal\/\",\"https:\/\/www.youtube.com\/@TalkPal\/\",\"https:\/\/www.tiktok.com\/@talkpal\",\"https:\/\/www.instagram.com\/talkpal_ai\/\",\"https:\/\/www.crunchbase.com\/organization\/talkpal-9cde\",\"https:\/\/www.g2.com\/products\/talkpal-for-business\/\",\"https:\/\/www.trustpilot.com\/review\/talkpal.ai\",\"https:\/\/www.capterra.com\/p\/10006800\/TalkPal\/\"],\"description\":\"Talkpal is a language learning web and mobile education app, powered by the latest AI technologies, that provides engaging experiences to its customers in many different languages to help them improve their language skills. Users can chat about unlimited amount of topics with the app and use other modes to practice their language learning.\",\"email\":\"support@talkpal.ai\",\"legalName\":\"Talkpal, Inc.\",\"foundingDate\":\"2023-04-03\",\"duns\":\"118989042\",\"numberOfEmployees\":{\"@type\":\"QuantitativeValue\",\"minValue\":\"11\",\"maxValue\":\"50\"},\"publishingPrinciples\":\"https:\/\/talkpal.ai\/publishing-principles\/\",\"actionableFeedbackPolicy\":\"https:\/\/talkpal.ai\/actionable-feedback-policy\/\",\"correctionsPolicy\":\"https:\/\/talkpal.ai\/corrections-policy\/\",\"ethicsPolicy\":\"https:\/\/talkpal.ai\/ethics-policy\/\",\"diversityPolicy\":\"https:\/\/talkpal.ai\/diversity-policy\/\",\"diversityStaffingReport\":\"https:\/\/talkpal.ai\/diversity-policy\/\"}]}<\/script>\n<!-- \/ Yoast SEO Premium plugin. -->","yoast_head_json":{"title":"Arap\u00e7a Gramer Al\u0131\u015ft\u0131rmalar\u0131 - Talkpal","description":"Dilde ustala\u015fmak i\u00e7in gerekli kurallar\u0131 ve yap\u0131lar\u0131 kapsayan Arap\u00e7a dilbilgisi al\u0131\u015ft\u0131rmalar\u0131yla anlay\u0131\u015f\u0131n\u0131z\u0131 geli\u015ftirin.","robots":{"index":"index","follow":"follow","max-snippet":"max-snippet:-1","max-image-preview":"max-image-preview:large","max-video-preview":"max-video-preview:-1"},"canonical":"https:\/\/talkpal.ai\/tr\/arapca-gramer-alistirmalari\/","og_locale":"tr_TR","og_type":"article","og_title":"Arap\u00e7a Gramer Al\u0131\u015ft\u0131rmalar\u0131","og_description":"Arap\u00e7a Dilbilgisi Konular\u0131 Zengin tarihi ve k\u00fclt\u00fcrel \u00f6nemi ile Arap dili, dil \u00f6\u011frenenler i\u00e7in b\u00fcy\u00fcleyici ve \u00f6d\u00fcllendirici bir \u00e7abad\u0131r. Birle\u015fmi\u015f","og_url":"https:\/\/talkpal.ai\/tr\/arapca-gramer-alistirmalari\/","og_site_name":"Talkpal","article_publisher":"https:\/\/www.facebook.com\/profile.php?id=100090733639311","article_modified_time":"2025-05-22T20:15:24+00:00","og_image":[{"width":512,"height":512,"url":"https:\/\/talkpal.ai\/wp-content\/uploads\/2023\/04\/arabic-united-arab-emirates.png","type":"image\/png"}],"twitter_card":"summary_large_image","twitter_site":"@talkpalai","twitter_misc":{"Tahmini okuma s\u00fcresi":"4 dakika"},"schema":{"@context":"https:\/\/schema.org","@graph":[{"@type":"WebPage","@id":"https:\/\/talkpal.ai\/tr\/arapca-gramer-alistirmalari\/","url":"https:\/\/talkpal.ai\/tr\/arapca-gramer-alistirmalari\/","name":"Arap\u00e7a Gramer Al\u0131\u015ft\u0131rmalar\u0131 - Talkpal","isPartOf":{"@id":"https:\/\/talkpal.ai\/tr\/#website"},"primaryImageOfPage":{"@id":"https:\/\/talkpal.ai\/tr\/arapca-gramer-alistirmalari\/#primaryimage"},"image":{"@id":"https:\/\/talkpal.ai\/tr\/arapca-gramer-alistirmalari\/#primaryimage"},"thumbnailUrl":"https:\/\/talkpal.ai\/wp-content\/uploads\/2023\/04\/arabic-united-arab-emirates.png","datePublished":"2023-06-16T09:31:38+00:00","dateModified":"2025-05-22T20:15:24+00:00","description":"Dilde ustala\u015fmak i\u00e7in gerekli kurallar\u0131 ve yap\u0131lar\u0131 kapsayan Arap\u00e7a dilbilgisi al\u0131\u015ft\u0131rmalar\u0131yla anlay\u0131\u015f\u0131n\u0131z\u0131 geli\u015ftirin.","breadcrumb":{"@id":"https:\/\/talkpal.ai\/tr\/arapca-gramer-alistirmalari\/#breadcrumb"},"inLanguage":"tr","potentialAction":[{"@type":"ReadAction","target":["https:\/\/talkpal.ai\/tr\/arapca-gramer-alistirmalari\/"]}]},{"@type":"ImageObject","inLanguage":"tr","@id":"https:\/\/talkpal.ai\/tr\/arapca-gramer-alistirmalari\/#primaryimage","url":"https:\/\/talkpal.ai\/wp-content\/uploads\/2023\/04\/arabic-united-arab-emirates.png","contentUrl":"https:\/\/talkpal.ai\/wp-content\/uploads\/2023\/04\/arabic-united-arab-emirates.png","width":512,"height":512},{"@type":"BreadcrumbList","@id":"https:\/\/talkpal.ai\/tr\/arapca-gramer-alistirmalari\/#breadcrumb","itemListElement":[{"@type":"ListItem","position":1,"name":"Homepage","item":"https:\/\/talkpal.ai\/tr\/"},{"@type":"ListItem","position":2,"name":"Arap\u00e7a Gramer Al\u0131\u015ft\u0131rmalar\u0131"}]},{"@type":"WebSite","@id":"https:\/\/talkpal.ai\/tr\/#website","url":"https:\/\/talkpal.ai\/tr\/","name":"Talkpal","description":"AI Language Learning","publisher":{"@id":"https:\/\/talkpal.ai\/tr\/#organization"},"alternateName":"Talkpal AI","potentialAction":[{"@type":"SearchAction","target":{"@type":"EntryPoint","urlTemplate":"https:\/\/talkpal.ai\/tr\/?s={search_term_string}"},"query-input":{"@type":"PropertyValueSpecification","valueRequired":true,"valueName":"search_term_string"}}],"inLanguage":"tr"},{"@type":"Organization","@id":"https:\/\/talkpal.ai\/tr\/#organization","name":"Talkpal, Inc.","alternateName":"Talkpal AI","url":"https:\/\/talkpal.ai\/tr\/","logo":{"@type":"ImageObject","inLanguage":"tr","@id":"https:\/\/talkpal.ai\/tr\/#\/schema\/logo\/image\/","url":"https:\/\/talkpal.ai\/wp-content\/uploads\/2024\/03\/Talkpal-Logo-Icon.png","contentUrl":"https:\/\/talkpal.ai\/wp-content\/uploads\/2024\/03\/Talkpal-Logo-Icon.png","width":2880,"height":2880,"caption":"Talkpal, Inc."},"image":{"@id":"https:\/\/talkpal.ai\/tr\/#\/schema\/logo\/image\/"},"sameAs":["https:\/\/www.facebook.com\/profile.php?id=100090733639311","https:\/\/x.com\/talkpalai","https:\/\/www.linkedin.com\/company\/talkpal\/","https:\/\/www.youtube.com\/@TalkPal\/","https:\/\/www.tiktok.com\/@talkpal","https:\/\/www.instagram.com\/talkpal_ai\/","https:\/\/www.crunchbase.com\/organization\/talkpal-9cde","https:\/\/www.g2.com\/products\/talkpal-for-business\/","https:\/\/www.trustpilot.com\/review\/talkpal.ai","https:\/\/www.capterra.com\/p\/10006800\/TalkPal\/"],"description":"Talkpal is a language learning web and mobile education app, powered by the latest AI technologies, that provides engaging experiences to its customers in many different languages to help them improve their language skills. Users can chat about unlimited amount of topics with the app and use other modes to practice their language learning.","email":"support@talkpal.ai","legalName":"Talkpal, Inc.","foundingDate":"2023-04-03","duns":"118989042","numberOfEmployees":{"@type":"QuantitativeValue","minValue":"11","maxValue":"50"},"publishingPrinciples":"https:\/\/talkpal.ai\/publishing-principles\/","actionableFeedbackPolicy":"https:\/\/talkpal.ai\/actionable-feedback-policy\/","correctionsPolicy":"https:\/\/talkpal.ai\/corrections-policy\/","ethicsPolicy":"https:\/\/talkpal.ai\/ethics-policy\/","diversityPolicy":"https:\/\/talkpal.ai\/diversity-policy\/","diversityStaffingReport":"https:\/\/talkpal.ai\/diversity-policy\/"}]}},"_links":{"self":[{"href":"https:\/\/talkpal.ai\/tr\/wp-json\/wp\/v2\/pages\/132488","targetHints":{"allow":["GET"]}}],"collection":[{"href":"https:\/\/talkpal.ai\/tr\/wp-json\/wp\/v2\/pages"}],"about":[{"href":"https:\/\/talkpal.ai\/tr\/wp-json\/wp\/v2\/types\/page"}],"author":[{"embeddable":true,"href":"https:\/\/talkpal.ai\/tr\/wp-json\/wp\/v2\/users\/6"}],"replies":[{"embeddable":true,"href":"https:\/\/talkpal.ai\/tr\/wp-json\/wp\/v2\/comments?post=132488"}],"version-history":[{"count":0,"href":"https:\/\/talkpal.ai\/tr\/wp-json\/wp\/v2\/pages\/132488\/revisions"}],"wp:featuredmedia":[{"embeddable":true,"href":"https:\/\/talkpal.ai\/tr\/wp-json\/wp\/v2\/media\/105794"}],"wp:attachment":[{"href":"https:\/\/talkpal.ai\/tr\/wp-json\/wp\/v2\/media?parent=132488"}],"curies":[{"name":"wp","href":"https:\/\/api.w.org\/{rel}","templated":true}]}}