{"id":132233,"date":"2023-06-16T09:22:36","date_gmt":"2023-06-16T09:22:36","guid":{"rendered":"http:\/\/talkpal.ai\/italyanca-gramer-alistirmalari\/"},"modified":"2025-12-17T16:13:12","modified_gmt":"2025-12-17T16:13:12","slug":"italyanca-gramer-alistirmalari","status":"publish","type":"page","link":"https:\/\/talkpal.ai\/tr\/italyanca-gramer-alistirmalari\/","title":{"rendered":"\u0130talyanca Gramer Al\u0131\u015ft\u0131rmalar\u0131"},"content":{"rendered":"\r\n\r\n\r\n<section class=\"languageChallengeSection\">\r\n    <div class=\"languageInfoWrapper\">\r\n        \r\n        <h1>\u0130talyanca Gramer Al\u0131\u015ft\u0131rmalar\u0131<\/h1>\r\n        <p>\u0130talyanca&#039;da \u00f6zg\u00fcveninizi geli\u015ftirmeye haz\u0131r m\u0131s\u0131n\u0131z? Dilbilgisi prati\u011fi yapmak, c\u00fcmle yap\u0131s\u0131na, fiil \u00e7ekimlerine ve \u0130talyan dilinin benzersiz \u00f6zelliklerine hakim olman\u0131n en iyi yoludur. \u0130talyanca grameriniz \u00fczerinde \u00e7al\u0131\u015fmaya bug\u00fcn ba\u015flay\u0131n ve her ad\u0131mda becerilerinizin ve ak\u0131c\u0131l\u0131\u011f\u0131n\u0131z\u0131n geli\u015fti\u011fini g\u00f6r\u00fcn!\n\n<\/p>\r\n\r\n                            <a class=\"getStartedHidden\" href=\"https:\/\/app.talkpal.ai\/tr\/signup?lng=\">Hadi ba\u015fla<\/a>\r\n        \r\n    <\/div>\r\n\r\n    <figure>\r\n    <img decoding=\"async\" width=\"768\" height=\"768\" src=\"https:\/\/talkpal.ai\/wp-content\/uploads\/2023\/06\/italian-768x768.png\" class=\"languageImage no-lazy\" alt=\"Language learning for increased memory capacity\" fetchpriority=\"high\" sizes=\"(max-width: 768px) 150px, 768px\" srcset=\"https:\/\/talkpal.ai\/wp-content\/uploads\/2023\/06\/italian-768x768.png 768w, https:\/\/talkpal.ai\/wp-content\/uploads\/2023\/06\/italian-300x300.png 300w\" \/>\r\n    \r\n\r\n    <\/figure>\r\n\r\n            <a class=\"getStartedVisible\" href=\"https:\/\/app.talkpal.ai\/tr\/signup?lng=\">Hadi ba\u015fla<\/a>\r\n    \r\n<\/section>\r\n\r\n\r\n<!-- <section class=\"grammarSection\">\r\n    <div class=\"grammarLinks\">\r\n        <a href=\"https:\/\/talkpal.ai\/tr\/exercise_language\/cumle-yapisi-italyanca-dilbilgisi\/\">C\u00fcmle Yap\u0131s\u0131 <\/a><a href=\"https:\/\/talkpal.ai\/tr\/exercise_language\/edatlar-italyanca-dilbilgisi\/\">Edatlar <\/a><a href=\"https:\/\/talkpal.ai\/tr\/exercise_language\/fiiller-italyanca-dilbilgisi\/\">Fiiller <\/a><a href=\"https:\/\/talkpal.ai\/tr\/exercise_language\/isimler-italyanca-dilbilgisi\/\">\u0130simler <\/a><a href=\"https:\/\/talkpal.ai\/tr\/exercise_language\/makaleler-italyanca-dilbilgisi\/\">Makaleler <\/a><a href=\"https:\/\/talkpal.ai\/tr\/exercise_language\/sifatlar-italyanca-dilbilgisi\/\">S\u0131fatlar <\/a><a href=\"https:\/\/talkpal.ai\/tr\/exercise_language\/times-subjunctive-italyanca-dilbilgisi\/\">Times: Subjunctive <\/a><a href=\"https:\/\/talkpal.ai\/tr\/exercise_language\/zaman-gostergesi-italyanca-dilbilgisi\/\">Zaman G\u00f6stergesi <\/a><a href=\"https:\/\/talkpal.ai\/tr\/exercise_language\/zaman-karsilastirmasi-italyanca-dilbilgisi\/\">Zaman Kar\u015f\u0131la\u015ft\u0131rmas\u0131 <\/a><a href=\"https:\/\/talkpal.ai\/tr\/exercise_language\/zamirler-italyanca-dilbilgisi\/\">Zamirler <\/a><a href=\"https:\/\/talkpal.ai\/tr\/exercise_language\/zarflar-italyanca-dilbilgisi\/\">Zarflar <\/a>    <\/div>\r\n<\/section> -->\r\n\r\n\r\n\r\n\r\n        <section class=\"grammarSection\">\r\n            <div class=\"grammarLinks\">\r\n                <a href=\"https:\/\/talkpal.ai\/tr\/exercise_language\/cumle-yapisi-italyanca-dilbilgisi\/\">C\u00fcmle Yap\u0131s\u0131 <\/a><a href=\"https:\/\/talkpal.ai\/tr\/exercise_language\/edatlar-italyanca-dilbilgisi\/\">Edatlar <\/a><a href=\"https:\/\/talkpal.ai\/tr\/exercise_language\/fiiller-italyanca-dilbilgisi\/\">Fiiller <\/a><a href=\"https:\/\/talkpal.ai\/tr\/exercise_language\/isimler-italyanca-dilbilgisi\/\">\u0130simler <\/a><a href=\"https:\/\/talkpal.ai\/tr\/exercise_language\/makaleler-italyanca-dilbilgisi\/\">Makaleler <\/a><a href=\"https:\/\/talkpal.ai\/tr\/exercise_language\/sifatlar-italyanca-dilbilgisi\/\">S\u0131fatlar <\/a><a href=\"https:\/\/talkpal.ai\/tr\/exercise_language\/times-subjunctive-italyanca-dilbilgisi\/\">Times: Subjunctive <\/a><a href=\"https:\/\/talkpal.ai\/tr\/exercise_language\/zaman-gostergesi-italyanca-dilbilgisi\/\">Zaman G\u00f6stergesi <\/a><a href=\"https:\/\/talkpal.ai\/tr\/exercise_language\/zaman-karsilastirmasi-italyanca-dilbilgisi\/\">Zaman Kar\u015f\u0131la\u015ft\u0131rmas\u0131 <\/a><a href=\"https:\/\/talkpal.ai\/tr\/exercise_language\/zamirler-italyanca-dilbilgisi\/\">Zamirler <\/a><a href=\"https:\/\/talkpal.ai\/tr\/exercise_language\/zarflar-italyanca-dilbilgisi\/\">Zarflar <\/a>            <\/div>\r\n        <\/section>\r\n<section class=\"promotionalBanner\">\r\n    <p class=\"promotionalText\">Dil \u00f6\u011frenmenin en etkili yolu<\/p>\r\n    <a class=\"promotionalLink\" href=\"https:\/\/app.talkpal.ai\/tr\/signup?lng=\">Talkpal \u00fccretsiz deneyin<\/a>\r\n<\/section>\n<div class=\"wp-block-group pageContainerStyle\"><div class=\"wp-block-group__inner-container is-layout-constrained wp-block-group-is-layout-constrained\">\n<h2 class=\"wp-block-heading\" id=\"h-italian-grammar-topics\">\u0130talyanca Dilbilgisi Konular\u0131<\/h2>\n\n\n\n<p>Yeni bir dil \u00f6\u011frenmek, yeni f\u0131rsatlar ve k\u00fclt\u00fcrel deneyimler sunan heyecan verici bir yolculuktur. En g\u00fczel ve yayg\u0131n olarak konu\u015fulan dillerden biri, m\u00fczikalitesi, etkileyicili\u011fi ve zengin tarihi ile bilinen \u0130talyanca&#8217;d\u0131r. \u0130talyanca&#8217;y\u0131 etkili bir \u015fekilde \u00f6\u011frenmek i\u00e7in, dil becerilerini geli\u015ftirmenin temelini olu\u015fturan dilbilgisini net bir \u015fekilde anlamak \u00e7ok \u00f6nemlidir. Bu, zamanlar, fiiller, isimler, artikeller ve daha fazlas\u0131 gibi \u00e7e\u015fitli y\u00f6nlerde ustala\u015fmay\u0131 i\u00e7erir. Bu k\u0131lavuzda, \u0130talyanca&#8217;y\u0131 d\u00fczenli ve verimli bir \u015fekilde \u00f6\u011frenmenize yard\u0131mc\u0131 olacak bir dizi dilbilgisi konusunu inceleyece\u011fiz.<\/p>\n\n\n\n<h3 class=\"wp-block-heading\" id=\"h-1-nouns-and-articles\">1. \u0130simler ve Makaleler:<\/h3>\n\n\n\n<p>\u0130talyanca \u00f6\u011frenme yolculu\u011funuza, herhangi bir c\u00fcmlenin temel yap\u0131 ta\u015flar\u0131 olan isimler ve artikeller ile ba\u015flay\u0131n. \u0130simler insanlar\u0131, yerleri, \u015feyleri veya fikirleri temsil eden kelimelerdir. \u0130talyanca&#8217;da isimlerin cinsiyetleri (eril ve di\u015fil) ve say\u0131lar\u0131 (tekil ve \u00e7o\u011ful) vard\u0131r. Makaleler isimlere e\u015flik eden kelimelerdir ve ayr\u0131ca cinsiyetleri ve say\u0131lar\u0131 vard\u0131r. Basit ifadeler olu\u015fturmak i\u00e7in kesin (il, la, vb.) ve belirsiz artikeller (un, una, vb.) hakk\u0131nda bilgi edinin.<\/p>\n\n\n\n<h3 class=\"wp-block-heading\" id=\"h-2-adjectives\">2. S\u0131fatlar:<\/h3>\n\n\n\n<p>S\u0131fatlar, renk, boyut veya kalite gibi isimler hakk\u0131nda bilgi sa\u011flar. \u0130talyanca&#8217;da s\u0131fatlar, tan\u0131mlad\u0131klar\u0131 isimle cinsiyet ve say\u0131 olarak hemfikirdir. Tan\u0131mlay\u0131c\u0131 dil becerilerinizi geli\u015ftirmek i\u00e7in s\u0131fat yerle\u015ftirme ve anla\u015fma kurallar\u0131n\u0131 \u00f6\u011frenin.<\/p>\n\n\n\n<h3 class=\"wp-block-heading\" id=\"h-3-pronouns\">3. Zamirler:<\/h3>\n\n\n\n<p>Zamirler, tekrar\u0131 \u00f6nlemek i\u00e7in c\u00fcmlelerdeki isimlerin yerini al\u0131r. Konu\u015fman\u0131za daha fazla \u00e7e\u015fitlilik katmak i\u00e7in \u00f6zne zamirlerini (io, tu, lui, vb.), do\u011frudan ve dolayl\u0131 nesne zamirlerini (lo, la, gli, vb.) ve iyelik zamirlerini (mio, tuo, suo, vb.) inceleyin.<\/p>\n\n\n\n<h3 class=\"wp-block-heading\" id=\"h-4-verbs-and-tenses-indicative\">4. Fiiller ve Zamanlar G\u00f6stergesi:<\/h3>\n\n\n\n<p>Fiiller eylemleri, durumlar\u0131 veya olu\u015fumlar\u0131 ifade eder. \u0130talyanca fiillerin konuya, zamana ve ruh haline g\u00f6re farkl\u0131 \u00e7ekimleri vard\u0131r. Parlare (konu\u015fmak) gibi \u015fimdiki zaman g\u00f6stergesindeki d\u00fczenli fiillerle ba\u015flay\u0131n ve yava\u015f yava\u015f ge\u00e7mi\u015f (passato prossimo) ve gelecek (futuro semplice) gibi di\u011fer zamanlar\u0131 \u00f6\u011frenin.<\/p>\n\n\n\n<h3 class=\"wp-block-heading\" id=\"h-5-tenses-subjunctive\">5. Zamanlar S\u00fcbjektif:<\/h3>\n\n\n\n<p>S\u00fcbjektif ruh hali \u015f\u00fcphe, belirsizlik veya ki\u015fisel g\u00f6r\u00fc\u015fleri ifade eder. D\u00f6rt dilek kipini (\u015fimdiki zaman, ge\u00e7mi\u015f, kusurlu ve ge\u00e7mi\u015f m\u00fckemmel) ve bunlar\u0131n arzular\u0131, istekleri ve varsay\u0131msal durumlar\u0131 ifade etmedeki kullan\u0131mlar\u0131n\u0131 \u00f6\u011frenin.<\/p>\n\n\n\n<h3 class=\"wp-block-heading\" id=\"h-6-tense-comparison\">6. Gergin Kar\u015f\u0131la\u015ft\u0131rma:<\/h3>\n\n\n\n<p>S\u0131fatlar\u0131n ve zarflar\u0131n kar\u015f\u0131la\u015ft\u0131rmal\u0131 ve \u00fcst\u00fcn bi\u00e7imlerini nas\u0131l kullanaca\u011f\u0131n\u0131z\u0131 \u00f6\u011frenerek farkl\u0131 zaman dilimlerindeki eylemleri kar\u015f\u0131la\u015ft\u0131rma yetene\u011finizi geli\u015ftirin. Bu, insanlar, nesneler veya durumlar aras\u0131nda kar\u015f\u0131la\u015ft\u0131rmalar yapman\u0131z\u0131 sa\u011flayacakt\u0131r.<\/p>\n\n\n\n<h3 class=\"wp-block-heading\" id=\"h-7-adverbs\">7. Zarflar:<\/h3>\n\n\n\n<p>Zarflar, zaman, tarz veya derece hakk\u0131nda ek bilgi sa\u011flayarak fiilleri, s\u0131fatlar\u0131 veya di\u011fer zarflar\u0131 de\u011fi\u015ftirir. Ak\u0131c\u0131l\u0131\u011f\u0131n\u0131z\u0131 art\u0131rmak i\u00e7in yayg\u0131n \u0130talyanca zarflar\u0131 ve bunlar\u0131n c\u00fcmle i\u00e7indeki yerle\u015fimlerini \u00f6\u011frenin.<\/p>\n\n\n\n<h3 class=\"wp-block-heading\" id=\"h-8-prepositions\">8. Edatlar:<\/h3>\n\n\n\n<p>Edatlar, kelimeleri ve c\u00fcmleleri birbirine ba\u011flamak, konum, zaman veya neden gibi ili\u015fkileri belirtmek i\u00e7in gereklidir. Yayg\u0131n \u0130talyanca edatlar (di, a, da, vb.) ve bunlar\u0131n \u00e7e\u015fitli ba\u011flamlardaki kullan\u0131mlar\u0131 konusunda bilgi edinin.<\/p>\n\n\n\n<h3 class=\"wp-block-heading\" id=\"h-9-sentence-structure\">9. C\u00fcmle Yap\u0131s\u0131:<\/h3>\n\n\n\n<p>Son olarak, \u0130talyanca c\u00fcmle yap\u0131s\u0131n\u0131 inceleyerek t\u00fcm gramer bile\u015fenlerini bir araya getirin. Do\u011fru ve anlaml\u0131 c\u00fcmleler olu\u015fturmak i\u00e7in \u00f6zne-fiil-nesne s\u0131ras\u0131, olumsuzlama ve soru olu\u015fturma hakk\u0131nda bilgi edinin.<\/p>\n\n\n\n<p>Bu dilbilgisi konular\u0131n\u0131 takip ederek ve pratik yapmak ve g\u00f6zden ge\u00e7irmek i\u00e7in zaman ay\u0131rarak, \u0130talyanca&#8217;da ustala\u015fma ve sundu\u011fu zengin dilsel ve k\u00fclt\u00fcrel deneyimlerin tad\u0131n\u0131 \u00e7\u0131karma yolunda ilerleyeceksiniz.<\/p>\n<\/div><\/div>\n\r\n<section class=\"learnNavigationSection\">\r\n            \r\n        <a href=\"https:\/\/talkpal.ai\/tr\/italyanca-ogrenin\/\">\r\n            <div class=\"learnNavigationWrapper\">\r\n                <div class=\"learnNavigationContent\">\r\n                    <img decoding=\"async\" src=\"https:\/\/talkpal.ai\/wp-content\/uploads\/2024\/08\/Italian.jpg\" alt=\"Italian Flag\">\r\n                    <div>\r\n                        <h4>\u0130talyanca \u00d6\u011frenimi Hakk\u0131nda<\/h4>\r\n                        <p>\u0130talyanca dilbilgisi hakk\u0131nda her \u015feyi \u00f6\u011frenin.<\/p>\r\n                    <\/div>\r\n                <\/div>\r\n            <\/div>\r\n        <\/a>\r\n\r\n        \r\n        <a href=\"https:\/\/talkpal.ai\/tr\/italyanca-dilbilgisi\/\">\r\n            <div class=\"learnNavigationWrapper\">\r\n                <div class=\"learnNavigationContent\">\r\n                    <img decoding=\"async\" src=\"https:\/\/talkpal.ai\/wp-content\/uploads\/2024\/08\/Italian.jpg\" alt=\"Italian Flag\">\r\n                    <div>\r\n                        <h4>\u0130talyanca Gramer Dersleri<\/h4>\r\n                        <p>\u0130talyanca dilbilgisi prati\u011fi yap\u0131n.<\/p>\r\n                    <\/div>\r\n                <\/div>\r\n            <\/div>\r\n        <\/a>\r\n\r\n        \r\n        <a href=\"https:\/\/talkpal.ai\/vocabulary_language\/italian\/\">\r\n            <div class=\"learnNavigationWrapper\">\r\n                <div class=\"learnNavigationContent\">\r\n                    <img decoding=\"async\" src=\"https:\/\/talkpal.ai\/wp-content\/uploads\/2024\/08\/Italian.jpg\" alt=\"Italian Flag\">\r\n                    <div>\r\n                        <h4>\u0130talyanca Kelime Bilgisi<\/h4>\r\n                        <p>\u0130talyanca kelime da\u011farc\u0131\u011f\u0131n\u0131z\u0131 geni\u015fletin.<\/p>\r\n                    <\/div>\r\n                <\/div>\r\n            <\/div>\r\n        <\/a>\r\n\r\n            <\/section>","protected":false},"excerpt":{"rendered":"<p>\u0130talyanca Dilbilgisi Konular\u0131 Yeni bir dil \u00f6\u011frenmek, yeni f\u0131rsatlar ve k\u00fclt\u00fcrel deneyimler sunan heyecan verici bir yolculuktur. En g\u00fczel ve yayg\u0131n olarak konu\u015fulan dillerden biri, m\u00fczikalitesi, etkileyicili\u011fi ve zengin tarihi ile bilinen \u0130talyanca&#8217;d\u0131r. \u0130talyanca&#8217;y\u0131 etkili bir \u015fekilde \u00f6\u011frenmek i\u00e7in, dil becerilerini geli\u015ftirmenin temelini olu\u015fturan dilbilgisini net bir \u015fekilde anlamak \u00e7ok \u00f6nemlidir. Bu, zamanlar, fiiller, isimler, [&hellip;]<\/p>\n","protected":false},"author":6,"featured_media":76118,"parent":0,"menu_order":0,"comment_status":"closed","ping_status":"closed","template":"LearningContentPage.php","meta":{"_acf_changed":false,"footnotes":""},"class_list":["post-132233","page","type-page","status-publish","has-post-thumbnail","hentry"],"acf":[],"yoast_head":"<!-- This site is optimized with the Yoast SEO Premium plugin v27.2 (Yoast SEO v27.2) - https:\/\/yoast.com\/product\/yoast-seo-premium-wordpress\/ -->\n<title>\u0130talyanca Gramer Al\u0131\u015ft\u0131rmalar\u0131 - Talkpal<\/title>\n<meta name=\"description\" content=\"\u0130talyanca dilbilginizi etkili bir \u015fekilde g\u00fc\u00e7lendirin - pratik al\u0131\u015ft\u0131rmalar, interaktif uygulama ve an\u0131nda geri bildirim ile becerilerinizi geli\u015ftirin\" \/>\n<meta name=\"robots\" content=\"index, follow, max-snippet:-1, max-image-preview:large, max-video-preview:-1\" \/>\n<link rel=\"canonical\" href=\"https:\/\/talkpal.ai\/tr\/italyanca-gramer-alistirmalari\/\" \/>\n<meta property=\"og:locale\" content=\"tr_TR\" \/>\n<meta property=\"og:type\" content=\"article\" \/>\n<meta property=\"og:title\" content=\"\u0130talyanca Gramer Al\u0131\u015ft\u0131rmalar\u0131\" \/>\n<meta property=\"og:description\" content=\"\u0130talyanca Dilbilgisi Konular\u0131 Yeni bir dil \u00f6\u011frenmek, yeni f\u0131rsatlar ve k\u00fclt\u00fcrel deneyimler sunan heyecan verici bir yolculuktur. En g\u00fczel ve yayg\u0131n olarak\" \/>\n<meta property=\"og:url\" content=\"https:\/\/talkpal.ai\/tr\/italyanca-gramer-alistirmalari\/\" \/>\n<meta property=\"og:site_name\" content=\"Talkpal\" \/>\n<meta property=\"article:publisher\" content=\"https:\/\/www.facebook.com\/profile.php?id=100090733639311\" \/>\n<meta property=\"article:modified_time\" content=\"2025-12-17T16:13:12+00:00\" \/>\n<meta property=\"og:image\" content=\"https:\/\/talkpal.ai\/wp-content\/uploads\/2023\/03\/italy.png\" \/>\n\t<meta property=\"og:image:width\" content=\"512\" \/>\n\t<meta property=\"og:image:height\" content=\"512\" \/>\n\t<meta property=\"og:image:type\" content=\"image\/png\" \/>\n<meta name=\"twitter:card\" content=\"summary_large_image\" \/>\n<meta name=\"twitter:site\" content=\"@talkpalai\" \/>\n<meta name=\"twitter:label1\" content=\"Tahmini okuma s\u00fcresi\" \/>\n\t<meta name=\"twitter:data1\" content=\"3 dakika\" \/>\n<script type=\"application\/ld+json\" class=\"yoast-schema-graph\">{\"@context\":\"https:\/\/schema.org\",\"@graph\":[{\"@type\":\"WebPage\",\"@id\":\"https:\/\/talkpal.ai\/tr\/italyanca-gramer-alistirmalari\/\",\"url\":\"https:\/\/talkpal.ai\/tr\/italyanca-gramer-alistirmalari\/\",\"name\":\"\u0130talyanca Gramer Al\u0131\u015ft\u0131rmalar\u0131 - Talkpal\",\"isPartOf\":{\"@id\":\"https:\/\/talkpal.ai\/tr\/#website\"},\"primaryImageOfPage\":{\"@id\":\"https:\/\/talkpal.ai\/tr\/italyanca-gramer-alistirmalari\/#primaryimage\"},\"image\":{\"@id\":\"https:\/\/talkpal.ai\/tr\/italyanca-gramer-alistirmalari\/#primaryimage\"},\"thumbnailUrl\":\"https:\/\/talkpal.ai\/wp-content\/uploads\/2023\/03\/italy.png\",\"datePublished\":\"2023-06-16T09:22:36+00:00\",\"dateModified\":\"2025-12-17T16:13:12+00:00\",\"description\":\"\u0130talyanca dilbilginizi etkili bir \u015fekilde g\u00fc\u00e7lendirin - pratik al\u0131\u015ft\u0131rmalar, interaktif uygulama ve an\u0131nda geri bildirim ile becerilerinizi geli\u015ftirin\",\"breadcrumb\":{\"@id\":\"https:\/\/talkpal.ai\/tr\/italyanca-gramer-alistirmalari\/#breadcrumb\"},\"inLanguage\":\"tr\",\"potentialAction\":[{\"@type\":\"ReadAction\",\"target\":[\"https:\/\/talkpal.ai\/tr\/italyanca-gramer-alistirmalari\/\"]}]},{\"@type\":\"ImageObject\",\"inLanguage\":\"tr\",\"@id\":\"https:\/\/talkpal.ai\/tr\/italyanca-gramer-alistirmalari\/#primaryimage\",\"url\":\"https:\/\/talkpal.ai\/wp-content\/uploads\/2023\/03\/italy.png\",\"contentUrl\":\"https:\/\/talkpal.ai\/wp-content\/uploads\/2023\/03\/italy.png\",\"width\":512,\"height\":512,\"caption\":\"TalkPal AI learn Italian\"},{\"@type\":\"BreadcrumbList\",\"@id\":\"https:\/\/talkpal.ai\/tr\/italyanca-gramer-alistirmalari\/#breadcrumb\",\"itemListElement\":[{\"@type\":\"ListItem\",\"position\":1,\"name\":\"Homepage\",\"item\":\"https:\/\/talkpal.ai\/tr\/\"},{\"@type\":\"ListItem\",\"position\":2,\"name\":\"\u0130talyanca Gramer Al\u0131\u015ft\u0131rmalar\u0131\"}]},{\"@type\":\"WebSite\",\"@id\":\"https:\/\/talkpal.ai\/tr\/#website\",\"url\":\"https:\/\/talkpal.ai\/tr\/\",\"name\":\"Talkpal\",\"description\":\"AI Language Learning\",\"publisher\":{\"@id\":\"https:\/\/talkpal.ai\/tr\/#organization\"},\"alternateName\":\"Talkpal AI\",\"potentialAction\":[{\"@type\":\"SearchAction\",\"target\":{\"@type\":\"EntryPoint\",\"urlTemplate\":\"https:\/\/talkpal.ai\/tr\/?s={search_term_string}\"},\"query-input\":{\"@type\":\"PropertyValueSpecification\",\"valueRequired\":true,\"valueName\":\"search_term_string\"}}],\"inLanguage\":\"tr\"},{\"@type\":\"Organization\",\"@id\":\"https:\/\/talkpal.ai\/tr\/#organization\",\"name\":\"Talkpal, Inc.\",\"alternateName\":\"Talkpal AI\",\"url\":\"https:\/\/talkpal.ai\/tr\/\",\"logo\":{\"@type\":\"ImageObject\",\"inLanguage\":\"tr\",\"@id\":\"https:\/\/talkpal.ai\/tr\/#\/schema\/logo\/image\/\",\"url\":\"https:\/\/talkpal.ai\/wp-content\/uploads\/2024\/03\/Talkpal-Logo-Icon.png\",\"contentUrl\":\"https:\/\/talkpal.ai\/wp-content\/uploads\/2024\/03\/Talkpal-Logo-Icon.png\",\"width\":2880,\"height\":2880,\"caption\":\"Talkpal, Inc.\"},\"image\":{\"@id\":\"https:\/\/talkpal.ai\/tr\/#\/schema\/logo\/image\/\"},\"sameAs\":[\"https:\/\/www.facebook.com\/profile.php?id=100090733639311\",\"https:\/\/x.com\/talkpalai\",\"https:\/\/www.linkedin.com\/company\/talkpal\/\",\"https:\/\/www.youtube.com\/@TalkPal\/\",\"https:\/\/www.tiktok.com\/@talkpal\",\"https:\/\/www.instagram.com\/talkpal_ai\/\",\"https:\/\/www.crunchbase.com\/organization\/talkpal-9cde\",\"https:\/\/www.g2.com\/products\/talkpal-for-business\/\",\"https:\/\/www.trustpilot.com\/review\/talkpal.ai\",\"https:\/\/www.capterra.com\/p\/10006800\/TalkPal\/\"],\"description\":\"Talkpal is a language learning web and mobile education app, powered by the latest AI technologies, that provides engaging experiences to its customers in many different languages to help them improve their language skills. Users can chat about unlimited amount of topics with the app and use other modes to practice their language learning.\",\"email\":\"support@talkpal.ai\",\"legalName\":\"Talkpal, Inc.\",\"foundingDate\":\"2023-04-03\",\"duns\":\"118989042\",\"numberOfEmployees\":{\"@type\":\"QuantitativeValue\",\"minValue\":\"11\",\"maxValue\":\"50\"},\"publishingPrinciples\":\"https:\/\/talkpal.ai\/publishing-principles\/\",\"actionableFeedbackPolicy\":\"https:\/\/talkpal.ai\/actionable-feedback-policy\/\",\"correctionsPolicy\":\"https:\/\/talkpal.ai\/corrections-policy\/\",\"ethicsPolicy\":\"https:\/\/talkpal.ai\/ethics-policy\/\",\"diversityPolicy\":\"https:\/\/talkpal.ai\/diversity-policy\/\",\"diversityStaffingReport\":\"https:\/\/talkpal.ai\/diversity-policy\/\"}]}<\/script>\n<!-- \/ Yoast SEO Premium plugin. -->","yoast_head_json":{"title":"\u0130talyanca Gramer Al\u0131\u015ft\u0131rmalar\u0131 - Talkpal","description":"\u0130talyanca dilbilginizi etkili bir \u015fekilde g\u00fc\u00e7lendirin - pratik al\u0131\u015ft\u0131rmalar, interaktif uygulama ve an\u0131nda geri bildirim ile becerilerinizi geli\u015ftirin","robots":{"index":"index","follow":"follow","max-snippet":"max-snippet:-1","max-image-preview":"max-image-preview:large","max-video-preview":"max-video-preview:-1"},"canonical":"https:\/\/talkpal.ai\/tr\/italyanca-gramer-alistirmalari\/","og_locale":"tr_TR","og_type":"article","og_title":"\u0130talyanca Gramer Al\u0131\u015ft\u0131rmalar\u0131","og_description":"\u0130talyanca Dilbilgisi Konular\u0131 Yeni bir dil \u00f6\u011frenmek, yeni f\u0131rsatlar ve k\u00fclt\u00fcrel deneyimler sunan heyecan verici bir yolculuktur. En g\u00fczel ve yayg\u0131n olarak","og_url":"https:\/\/talkpal.ai\/tr\/italyanca-gramer-alistirmalari\/","og_site_name":"Talkpal","article_publisher":"https:\/\/www.facebook.com\/profile.php?id=100090733639311","article_modified_time":"2025-12-17T16:13:12+00:00","og_image":[{"width":512,"height":512,"url":"https:\/\/talkpal.ai\/wp-content\/uploads\/2023\/03\/italy.png","type":"image\/png"}],"twitter_card":"summary_large_image","twitter_site":"@talkpalai","twitter_misc":{"Tahmini okuma s\u00fcresi":"3 dakika"},"schema":{"@context":"https:\/\/schema.org","@graph":[{"@type":"WebPage","@id":"https:\/\/talkpal.ai\/tr\/italyanca-gramer-alistirmalari\/","url":"https:\/\/talkpal.ai\/tr\/italyanca-gramer-alistirmalari\/","name":"\u0130talyanca Gramer Al\u0131\u015ft\u0131rmalar\u0131 - Talkpal","isPartOf":{"@id":"https:\/\/talkpal.ai\/tr\/#website"},"primaryImageOfPage":{"@id":"https:\/\/talkpal.ai\/tr\/italyanca-gramer-alistirmalari\/#primaryimage"},"image":{"@id":"https:\/\/talkpal.ai\/tr\/italyanca-gramer-alistirmalari\/#primaryimage"},"thumbnailUrl":"https:\/\/talkpal.ai\/wp-content\/uploads\/2023\/03\/italy.png","datePublished":"2023-06-16T09:22:36+00:00","dateModified":"2025-12-17T16:13:12+00:00","description":"\u0130talyanca dilbilginizi etkili bir \u015fekilde g\u00fc\u00e7lendirin - pratik al\u0131\u015ft\u0131rmalar, interaktif uygulama ve an\u0131nda geri bildirim ile becerilerinizi geli\u015ftirin","breadcrumb":{"@id":"https:\/\/talkpal.ai\/tr\/italyanca-gramer-alistirmalari\/#breadcrumb"},"inLanguage":"tr","potentialAction":[{"@type":"ReadAction","target":["https:\/\/talkpal.ai\/tr\/italyanca-gramer-alistirmalari\/"]}]},{"@type":"ImageObject","inLanguage":"tr","@id":"https:\/\/talkpal.ai\/tr\/italyanca-gramer-alistirmalari\/#primaryimage","url":"https:\/\/talkpal.ai\/wp-content\/uploads\/2023\/03\/italy.png","contentUrl":"https:\/\/talkpal.ai\/wp-content\/uploads\/2023\/03\/italy.png","width":512,"height":512,"caption":"TalkPal AI learn Italian"},{"@type":"BreadcrumbList","@id":"https:\/\/talkpal.ai\/tr\/italyanca-gramer-alistirmalari\/#breadcrumb","itemListElement":[{"@type":"ListItem","position":1,"name":"Homepage","item":"https:\/\/talkpal.ai\/tr\/"},{"@type":"ListItem","position":2,"name":"\u0130talyanca Gramer Al\u0131\u015ft\u0131rmalar\u0131"}]},{"@type":"WebSite","@id":"https:\/\/talkpal.ai\/tr\/#website","url":"https:\/\/talkpal.ai\/tr\/","name":"Talkpal","description":"AI Language Learning","publisher":{"@id":"https:\/\/talkpal.ai\/tr\/#organization"},"alternateName":"Talkpal AI","potentialAction":[{"@type":"SearchAction","target":{"@type":"EntryPoint","urlTemplate":"https:\/\/talkpal.ai\/tr\/?s={search_term_string}"},"query-input":{"@type":"PropertyValueSpecification","valueRequired":true,"valueName":"search_term_string"}}],"inLanguage":"tr"},{"@type":"Organization","@id":"https:\/\/talkpal.ai\/tr\/#organization","name":"Talkpal, Inc.","alternateName":"Talkpal AI","url":"https:\/\/talkpal.ai\/tr\/","logo":{"@type":"ImageObject","inLanguage":"tr","@id":"https:\/\/talkpal.ai\/tr\/#\/schema\/logo\/image\/","url":"https:\/\/talkpal.ai\/wp-content\/uploads\/2024\/03\/Talkpal-Logo-Icon.png","contentUrl":"https:\/\/talkpal.ai\/wp-content\/uploads\/2024\/03\/Talkpal-Logo-Icon.png","width":2880,"height":2880,"caption":"Talkpal, Inc."},"image":{"@id":"https:\/\/talkpal.ai\/tr\/#\/schema\/logo\/image\/"},"sameAs":["https:\/\/www.facebook.com\/profile.php?id=100090733639311","https:\/\/x.com\/talkpalai","https:\/\/www.linkedin.com\/company\/talkpal\/","https:\/\/www.youtube.com\/@TalkPal\/","https:\/\/www.tiktok.com\/@talkpal","https:\/\/www.instagram.com\/talkpal_ai\/","https:\/\/www.crunchbase.com\/organization\/talkpal-9cde","https:\/\/www.g2.com\/products\/talkpal-for-business\/","https:\/\/www.trustpilot.com\/review\/talkpal.ai","https:\/\/www.capterra.com\/p\/10006800\/TalkPal\/"],"description":"Talkpal is a language learning web and mobile education app, powered by the latest AI technologies, that provides engaging experiences to its customers in many different languages to help them improve their language skills. Users can chat about unlimited amount of topics with the app and use other modes to practice their language learning.","email":"support@talkpal.ai","legalName":"Talkpal, Inc.","foundingDate":"2023-04-03","duns":"118989042","numberOfEmployees":{"@type":"QuantitativeValue","minValue":"11","maxValue":"50"},"publishingPrinciples":"https:\/\/talkpal.ai\/publishing-principles\/","actionableFeedbackPolicy":"https:\/\/talkpal.ai\/actionable-feedback-policy\/","correctionsPolicy":"https:\/\/talkpal.ai\/corrections-policy\/","ethicsPolicy":"https:\/\/talkpal.ai\/ethics-policy\/","diversityPolicy":"https:\/\/talkpal.ai\/diversity-policy\/","diversityStaffingReport":"https:\/\/talkpal.ai\/diversity-policy\/"}]}},"_links":{"self":[{"href":"https:\/\/talkpal.ai\/tr\/wp-json\/wp\/v2\/pages\/132233","targetHints":{"allow":["GET"]}}],"collection":[{"href":"https:\/\/talkpal.ai\/tr\/wp-json\/wp\/v2\/pages"}],"about":[{"href":"https:\/\/talkpal.ai\/tr\/wp-json\/wp\/v2\/types\/page"}],"author":[{"embeddable":true,"href":"https:\/\/talkpal.ai\/tr\/wp-json\/wp\/v2\/users\/6"}],"replies":[{"embeddable":true,"href":"https:\/\/talkpal.ai\/tr\/wp-json\/wp\/v2\/comments?post=132233"}],"version-history":[{"count":0,"href":"https:\/\/talkpal.ai\/tr\/wp-json\/wp\/v2\/pages\/132233\/revisions"}],"wp:featuredmedia":[{"embeddable":true,"href":"https:\/\/talkpal.ai\/tr\/wp-json\/wp\/v2\/media\/76118"}],"wp:attachment":[{"href":"https:\/\/talkpal.ai\/tr\/wp-json\/wp\/v2\/media?parent=132233"}],"curies":[{"name":"wp","href":"https:\/\/api.w.org\/{rel}","templated":true}]}}